{"id":24780,"date":"2025-03-14T09:39:08","date_gmt":"2025-03-14T09:39:08","guid":{"rendered":"https:\/\/kornita.lt\/?post_type=product&#038;p=24780"},"modified":"2025-12-09T09:10:09","modified_gmt":"2025-12-09T09:10:09","slug":"seitano-miltai-500-g","status":"publish","type":"product","link":"https:\/\/kornita.lt\/en\/shop\/augaliniai-baltymai\/seitano-miltai-500-g\/","title":{"rendered":"Seitano miltai, 500 g."},"content":{"rendered":"<p><strong>Sudedamosios dalys<\/strong>: nat\u016bral\u016bs\u00a0<strong>kvie\u010di\u0173<\/strong>\u00a0baltymai<\/p>\n<hr \/>\n<p><strong>Paruo\u0161imas<\/strong>: \u012f kvie\u010di\u0173 glitimo miltus \u012fd\u0117kite norimus prieskonius. Sumai\u0161ykite mitus su vandeniu ar norimu sultiniu lygiomis dalimis. I\u0161 paruo\u0161tos mas\u0117s suminkykite te\u0161l\u0105. Supjaustykite te\u0161l\u0105 norimais gabaliukais. Virkite 30-40 min. vandenyje arba sultinyje. Tokiu b\u016bdu paruo\u0161t\u0105 seitan\u0105 galite kepti, d\u0117ti \u012f tro\u0161kinius, gaminti far\u0161\u0105, gulia\u0161\u0105 ir t.t.<\/p>\n","protected":false},"excerpt":{"rendered":"<p>Seitanas \u2013 tai augalin\u0117s kilm\u0117s m\u0117sos alternatyva, pagaminta i\u0161 kvie\u010di\u0173 baltymo. Tai nat\u016bralus augalin\u0117s kilm\u0117s baltym\u0173 \u0161altinis. I\u0161 seitano galima pagaminti kepsnelius, far\u0161\u0105, \u012fvairius \u012fdarus, gaminti gulia\u0161\u0105, d\u0117ti \u012f tro\u0161kinius.<\/p>\n","protected":false},"featured_media":24781,"comment_status":"open","ping_status":"closed","template":"","meta":[],"product_brand":[],"product_cat":[214,215],"product_tag":[],"class_list":{"0":"post-24780","1":"product","2":"type-product","3":"status-publish","4":"has-post-thumbnail","6":"product_cat-augaliniai-baltymai","7":"product_cat-miltai-miltu-misiniai","8":"product_shipping_class-pristatymas","10":"first","11":"instock","12":"taxable","13":"shipping-taxable","14":"purchasable","15":"product-type-simple"},"aioseo_notices":[],"aioseo_head":"\n\t\t<!-- All in One SEO Pro 4.9.5.2 - aioseo.com -->\n\t<meta name=\"description\" content=\"Seitanas \u2013 tai augalin\u0117s kilm\u0117s m\u0117sos alternatyva, pagaminta i\u0161 kvie\u010di\u0173 baltymo. Tai nat\u016bralus augalin\u0117s kilm\u0117s baltym\u0173 \u0161altinis. I\u0161 seitano galima pagaminti kepsnelius, far\u0161\u0105, \u012fvairius \u012fdarus, gaminti gulia\u0161\u0105, d\u0117ti \u012f tro\u0161kinius.\" \/>\n\t<meta name=\"robots\" content=\"max-image-preview:large\" \/>\n\t<link rel=\"canonical\" href=\"https:\/\/kornita.lt\/en\/shop\/augaliniai-baltymai\/seitano-miltai-500-g\/\" \/>\n\t<meta name=\"generator\" content=\"All in One SEO Pro (AIOSEO) 4.9.5.2\" \/>\n\t\t<meta property=\"og:locale\" content=\"en_US\" \/>\n\t\t<meta property=\"og:site_name\" content=\"kornita -\" \/>\n\t\t<meta property=\"og:type\" content=\"article\" \/>\n\t\t<meta property=\"og:title\" content=\"Seitano miltai, 500 g. - kornita\" \/>\n\t\t<meta property=\"og:description\" content=\"Seitanas \u2013 tai augalin\u0117s kilm\u0117s m\u0117sos alternatyva, pagaminta i\u0161 kvie\u010di\u0173 baltymo. Tai nat\u016bralus augalin\u0117s kilm\u0117s baltym\u0173 \u0161altinis. I\u0161 seitano galima pagaminti kepsnelius, far\u0161\u0105, \u012fvairius \u012fdarus, gaminti gulia\u0161\u0105, d\u0117ti \u012f tro\u0161kinius.\" \/>\n\t\t<meta property=\"og:url\" content=\"https:\/\/kornita.lt\/en\/shop\/augaliniai-baltymai\/seitano-miltai-500-g\/\" \/>\n\t\t<meta property=\"og:image\" content=\"https:\/\/kornita.webfactory.lt\/wp-content\/uploads\/2023\/04\/korni-el-prekyba.png\" \/>\n\t\t<meta property=\"og:image:secure_url\" content=\"https:\/\/kornita.webfactory.lt\/wp-content\/uploads\/2023\/04\/korni-el-prekyba.png\" \/>\n\t\t<meta property=\"article:published_time\" content=\"2025-03-14T09:39:08+00:00\" \/>\n\t\t<meta property=\"article:modified_time\" content=\"2025-12-09T09:10:09+00:00\" \/>\n\t\t<meta property=\"article:publisher\" content=\"https:\/\/www.facebook.com\/kornita.lt\" \/>\n\t\t<meta name=\"twitter:card\" content=\"summary_large_image\" \/>\n\t\t<meta name=\"twitter:title\" content=\"Seitano miltai, 500 g. - kornita\" \/>\n\t\t<meta name=\"twitter:description\" content=\"Seitanas \u2013 tai augalin\u0117s kilm\u0117s m\u0117sos alternatyva, pagaminta i\u0161 kvie\u010di\u0173 baltymo. Tai nat\u016bralus augalin\u0117s kilm\u0117s baltym\u0173 \u0161altinis. I\u0161 seitano galima pagaminti kepsnelius, far\u0161\u0105, \u012fvairius \u012fdarus, gaminti gulia\u0161\u0105, d\u0117ti \u012f tro\u0161kinius.\" \/>\n\t\t<meta name=\"twitter:image\" content=\"http:\/\/kornita.webfactory.lt\/wp-content\/uploads\/2023\/04\/korni-el-prekyba.png\" \/>\n\t\t<script type=\"application\/ld+json\" class=\"aioseo-schema\">\n\t\t\t{\"@context\":\"https:\\\/\\\/schema.org\",\"@graph\":[{\"@type\":\"BreadcrumbList\",\"@id\":\"https:\\\/\\\/kornita.lt\\\/en\\\/shop\\\/augaliniai-baltymai\\\/seitano-miltai-500-g\\\/#breadcrumblist\",\"itemListElement\":[{\"@type\":\"ListItem\",\"@id\":\"https:\\\/\\\/kornita.lt\\\/en\\\/#listItem\",\"position\":1,\"name\":\"Home\",\"item\":\"https:\\\/\\\/kornita.lt\\\/en\\\/\",\"nextItem\":{\"@type\":\"ListItem\",\"@id\":\"https:\\\/\\\/kornita.lt\\\/en\\\/shop-2\\\/#listItem\",\"name\":\"Shop\"}},{\"@type\":\"ListItem\",\"@id\":\"https:\\\/\\\/kornita.lt\\\/en\\\/shop-2\\\/#listItem\",\"position\":2,\"name\":\"Shop\",\"item\":\"https:\\\/\\\/kornita.lt\\\/en\\\/shop-2\\\/\",\"nextItem\":{\"@type\":\"ListItem\",\"@id\":\"https:\\\/\\\/kornita.lt\\\/en\\\/product-category\\\/augaliniai-baltymai\\\/#listItem\",\"name\":\"Augaliniai m\\u0117sos pakaitalai\"},\"previousItem\":{\"@type\":\"ListItem\",\"@id\":\"https:\\\/\\\/kornita.lt\\\/en\\\/#listItem\",\"name\":\"Home\"}},{\"@type\":\"ListItem\",\"@id\":\"https:\\\/\\\/kornita.lt\\\/en\\\/product-category\\\/augaliniai-baltymai\\\/#listItem\",\"position\":3,\"name\":\"Augaliniai m\\u0117sos pakaitalai\",\"item\":\"https:\\\/\\\/kornita.lt\\\/en\\\/product-category\\\/augaliniai-baltymai\\\/\",\"nextItem\":{\"@type\":\"ListItem\",\"@id\":\"https:\\\/\\\/kornita.lt\\\/en\\\/shop\\\/augaliniai-baltymai\\\/seitano-miltai-500-g\\\/#listItem\",\"name\":\"Seitano miltai, 500 g.\"},\"previousItem\":{\"@type\":\"ListItem\",\"@id\":\"https:\\\/\\\/kornita.lt\\\/en\\\/shop-2\\\/#listItem\",\"name\":\"Shop\"}},{\"@type\":\"ListItem\",\"@id\":\"https:\\\/\\\/kornita.lt\\\/en\\\/shop\\\/augaliniai-baltymai\\\/seitano-miltai-500-g\\\/#listItem\",\"position\":4,\"name\":\"Seitano miltai, 500 g.\",\"previousItem\":{\"@type\":\"ListItem\",\"@id\":\"https:\\\/\\\/kornita.lt\\\/en\\\/product-category\\\/augaliniai-baltymai\\\/#listItem\",\"name\":\"Augaliniai m\\u0117sos pakaitalai\"}}]},{\"@type\":\"Organization\",\"@id\":\"https:\\\/\\\/kornita.lt\\\/en\\\/#organization\",\"name\":\"kornita\",\"url\":\"https:\\\/\\\/kornita.lt\\\/en\\\/\",\"telephone\":\"+37068581463\",\"logo\":{\"@type\":\"ImageObject\",\"url\":\"http:\\\/\\\/kornita.webfactory.lt\\\/wp-content\\\/uploads\\\/2023\\\/04\\\/korni-el-prekyba.png\",\"@id\":\"https:\\\/\\\/kornita.lt\\\/en\\\/shop\\\/augaliniai-baltymai\\\/seitano-miltai-500-g\\\/#organizationLogo\"},\"image\":{\"@id\":\"https:\\\/\\\/kornita.lt\\\/en\\\/shop\\\/augaliniai-baltymai\\\/seitano-miltai-500-g\\\/#organizationLogo\"},\"sameAs\":[\"https:\\\/\\\/www.facebook.com\\\/kornita.lt\"]},{\"@type\":\"Product\",\"@id\":\"https:\\\/\\\/kornita.lt\\\/en\\\/shop\\\/augaliniai-baltymai\\\/seitano-miltai-500-g\\\/#wooCommerceProduct\",\"name\":\"Seitano miltai, 500 g.\",\"description\":\"Seitanas \\u2013 tai augalin\\u0117s kilm\\u0117s m\\u0117sos alternatyva, pagaminta i\\u0161 kvie\\u010di\\u0173 baltymo. Tai nat\\u016bralus augalin\\u0117s kilm\\u0117s baltym\\u0173 \\u0161altinis. I\\u0161 seitano galima pagaminti kepsnelius, far\\u0161\\u0105, \\u012fvairius \\u012fdarus, gaminti gulia\\u0161\\u0105, d\\u0117ti \\u012f tro\\u0161kinius.\",\"url\":\"https:\\\/\\\/kornita.lt\\\/en\\\/shop\\\/augaliniai-baltymai\\\/seitano-miltai-500-g\\\/\",\"image\":{\"@type\":\"ImageObject\",\"url\":\"https:\\\/\\\/kornita.lt\\\/wp-content\\\/uploads\\\/2025\\\/03\\\/u1115294677_Seitan_flour_-profile_a1uyqtr_-v_61_c460c483-67ea-4b95-8377-662155fde1ad_3.png\",\"@id\":\"https:\\\/\\\/kornita.lt\\\/en\\\/shop\\\/augaliniai-baltymai\\\/seitano-miltai-500-g\\\/#productImage\",\"width\":1024,\"height\":1024},\"offers\":{\"@type\":\"Offer\",\"url\":\"https:\\\/\\\/kornita.lt\\\/en\\\/shop\\\/augaliniai-baltymai\\\/seitano-miltai-500-g\\\/#wooCommerceOffer\",\"price\":3.49,\"priceCurrency\":\"EUR\",\"category\":\"Augaliniai m\\u0117sos pakaitalai\",\"availability\":\"https:\\\/\\\/schema.org\\\/InStock\",\"priceSpecification\":{\"@type\":\"PriceSpecification\",\"price\":3.49,\"priceCurrency\":\"EUR\",\"valueAddedTaxIncluded\":\"true\"},\"seller\":{\"@type\":\"Organization\",\"@id\":\"https:\\\/\\\/kornita.lt\\\/en\\\/#organization\"}},\"aggregateRating\":{\"@type\":\"AggregateRating\",\"@id\":\"https:\\\/\\\/kornita.lt\\\/en\\\/shop\\\/augaliniai-baltymai\\\/seitano-miltai-500-g\\\/#aggregrateRating\",\"worstRating\":1,\"bestRating\":5,\"ratingValue\":5,\"reviewCount\":2}},{\"@type\":\"WebPage\",\"@id\":\"https:\\\/\\\/kornita.lt\\\/en\\\/shop\\\/augaliniai-baltymai\\\/seitano-miltai-500-g\\\/#webpage\",\"url\":\"https:\\\/\\\/kornita.lt\\\/en\\\/shop\\\/augaliniai-baltymai\\\/seitano-miltai-500-g\\\/\",\"name\":\"Seitano miltai, 500 g. - kornita\",\"description\":\"Seitanas \\u2013 tai augalin\\u0117s kilm\\u0117s m\\u0117sos alternatyva, pagaminta i\\u0161 kvie\\u010di\\u0173 baltymo. Tai nat\\u016bralus augalin\\u0117s kilm\\u0117s baltym\\u0173 \\u0161altinis. I\\u0161 seitano galima pagaminti kepsnelius, far\\u0161\\u0105, \\u012fvairius \\u012fdarus, gaminti gulia\\u0161\\u0105, d\\u0117ti \\u012f tro\\u0161kinius.\",\"inLanguage\":\"en-US\",\"isPartOf\":{\"@id\":\"https:\\\/\\\/kornita.lt\\\/en\\\/#website\"},\"breadcrumb\":{\"@id\":\"https:\\\/\\\/kornita.lt\\\/en\\\/shop\\\/augaliniai-baltymai\\\/seitano-miltai-500-g\\\/#breadcrumblist\"},\"image\":{\"@type\":\"ImageObject\",\"url\":\"https:\\\/\\\/kornita.lt\\\/wp-content\\\/uploads\\\/2025\\\/03\\\/u1115294677_Seitan_flour_-profile_a1uyqtr_-v_61_c460c483-67ea-4b95-8377-662155fde1ad_3.png\",\"@id\":\"https:\\\/\\\/kornita.lt\\\/en\\\/shop\\\/augaliniai-baltymai\\\/seitano-miltai-500-g\\\/#mainImage\",\"width\":1024,\"height\":1024},\"primaryImageOfPage\":{\"@id\":\"https:\\\/\\\/kornita.lt\\\/en\\\/shop\\\/augaliniai-baltymai\\\/seitano-miltai-500-g\\\/#mainImage\"},\"datePublished\":\"2025-03-14T09:39:08+00:00\",\"dateModified\":\"2025-12-09T09:10:09+00:00\"},{\"@type\":\"WebSite\",\"@id\":\"https:\\\/\\\/kornita.lt\\\/en\\\/#website\",\"url\":\"https:\\\/\\\/kornita.lt\\\/en\\\/\",\"name\":\"kornita\",\"inLanguage\":\"en-US\",\"publisher\":{\"@id\":\"https:\\\/\\\/kornita.lt\\\/en\\\/#organization\"}}]}\n\t\t<\/script>\n\t\t<!-- All in One SEO Pro -->\r\n\t\t<title>Seitano miltai, 500 g. - kornita<\/title>\n\n","aioseo_head_json":{"title":"Seitano miltai, 500 g. - kornita","description":"Seitanas \u2013 tai augalin\u0117s kilm\u0117s m\u0117sos alternatyva, pagaminta i\u0161 kvie\u010di\u0173 baltymo. Tai nat\u016bralus augalin\u0117s kilm\u0117s baltym\u0173 \u0161altinis. I\u0161 seitano galima pagaminti kepsnelius, far\u0161\u0105, \u012fvairius \u012fdarus, gaminti gulia\u0161\u0105, d\u0117ti \u012f tro\u0161kinius.","canonical_url":"https:\/\/kornita.lt\/en\/shop\/augaliniai-baltymai\/seitano-miltai-500-g\/","robots":"max-image-preview:large","keywords":"","webmasterTools":{"miscellaneous":""},"schema":{"@context":"https:\/\/schema.org","@graph":[{"@type":"BreadcrumbList","@id":"https:\/\/kornita.lt\/en\/shop\/augaliniai-baltymai\/seitano-miltai-500-g\/#breadcrumblist","itemListElement":[{"@type":"ListItem","@id":"https:\/\/kornita.lt\/en\/#listItem","position":1,"name":"Home","item":"https:\/\/kornita.lt\/en\/","nextItem":{"@type":"ListItem","@id":"https:\/\/kornita.lt\/en\/shop-2\/#listItem","name":"Shop"}},{"@type":"ListItem","@id":"https:\/\/kornita.lt\/en\/shop-2\/#listItem","position":2,"name":"Shop","item":"https:\/\/kornita.lt\/en\/shop-2\/","nextItem":{"@type":"ListItem","@id":"https:\/\/kornita.lt\/en\/product-category\/augaliniai-baltymai\/#listItem","name":"Augaliniai m\u0117sos pakaitalai"},"previousItem":{"@type":"ListItem","@id":"https:\/\/kornita.lt\/en\/#listItem","name":"Home"}},{"@type":"ListItem","@id":"https:\/\/kornita.lt\/en\/product-category\/augaliniai-baltymai\/#listItem","position":3,"name":"Augaliniai m\u0117sos pakaitalai","item":"https:\/\/kornita.lt\/en\/product-category\/augaliniai-baltymai\/","nextItem":{"@type":"ListItem","@id":"https:\/\/kornita.lt\/en\/shop\/augaliniai-baltymai\/seitano-miltai-500-g\/#listItem","name":"Seitano miltai, 500 g."},"previousItem":{"@type":"ListItem","@id":"https:\/\/kornita.lt\/en\/shop-2\/#listItem","name":"Shop"}},{"@type":"ListItem","@id":"https:\/\/kornita.lt\/en\/shop\/augaliniai-baltymai\/seitano-miltai-500-g\/#listItem","position":4,"name":"Seitano miltai, 500 g.","previousItem":{"@type":"ListItem","@id":"https:\/\/kornita.lt\/en\/product-category\/augaliniai-baltymai\/#listItem","name":"Augaliniai m\u0117sos pakaitalai"}}]},{"@type":"Organization","@id":"https:\/\/kornita.lt\/en\/#organization","name":"kornita","url":"https:\/\/kornita.lt\/en\/","telephone":"+37068581463","logo":{"@type":"ImageObject","url":"http:\/\/kornita.webfactory.lt\/wp-content\/uploads\/2023\/04\/korni-el-prekyba.png","@id":"https:\/\/kornita.lt\/en\/shop\/augaliniai-baltymai\/seitano-miltai-500-g\/#organizationLogo"},"image":{"@id":"https:\/\/kornita.lt\/en\/shop\/augaliniai-baltymai\/seitano-miltai-500-g\/#organizationLogo"},"sameAs":["https:\/\/www.facebook.com\/kornita.lt"]},{"@type":"Product","@id":"https:\/\/kornita.lt\/en\/shop\/augaliniai-baltymai\/seitano-miltai-500-g\/#wooCommerceProduct","name":"Seitano miltai, 500 g.","description":"Seitanas \u2013 tai augalin\u0117s kilm\u0117s m\u0117sos alternatyva, pagaminta i\u0161 kvie\u010di\u0173 baltymo. Tai nat\u016bralus augalin\u0117s kilm\u0117s baltym\u0173 \u0161altinis. I\u0161 seitano galima pagaminti kepsnelius, far\u0161\u0105, \u012fvairius \u012fdarus, gaminti gulia\u0161\u0105, d\u0117ti \u012f tro\u0161kinius.","url":"https:\/\/kornita.lt\/en\/shop\/augaliniai-baltymai\/seitano-miltai-500-g\/","image":{"@type":"ImageObject","url":"https:\/\/kornita.lt\/wp-content\/uploads\/2025\/03\/u1115294677_Seitan_flour_-profile_a1uyqtr_-v_61_c460c483-67ea-4b95-8377-662155fde1ad_3.png","@id":"https:\/\/kornita.lt\/en\/shop\/augaliniai-baltymai\/seitano-miltai-500-g\/#productImage","width":1024,"height":1024},"offers":{"@type":"Offer","url":"https:\/\/kornita.lt\/en\/shop\/augaliniai-baltymai\/seitano-miltai-500-g\/#wooCommerceOffer","price":3.49,"priceCurrency":"EUR","category":"Augaliniai m\u0117sos pakaitalai","availability":"https:\/\/schema.org\/InStock","priceSpecification":{"@type":"PriceSpecification","price":3.49,"priceCurrency":"EUR","valueAddedTaxIncluded":"true"},"seller":{"@type":"Organization","@id":"https:\/\/kornita.lt\/en\/#organization"}},"aggregateRating":{"@type":"AggregateRating","@id":"https:\/\/kornita.lt\/en\/shop\/augaliniai-baltymai\/seitano-miltai-500-g\/#aggregrateRating","worstRating":1,"bestRating":5,"ratingValue":5,"reviewCount":2}},{"@type":"WebPage","@id":"https:\/\/kornita.lt\/en\/shop\/augaliniai-baltymai\/seitano-miltai-500-g\/#webpage","url":"https:\/\/kornita.lt\/en\/shop\/augaliniai-baltymai\/seitano-miltai-500-g\/","name":"Seitano miltai, 500 g. - kornita","description":"Seitanas \u2013 tai augalin\u0117s kilm\u0117s m\u0117sos alternatyva, pagaminta i\u0161 kvie\u010di\u0173 baltymo. Tai nat\u016bralus augalin\u0117s kilm\u0117s baltym\u0173 \u0161altinis. I\u0161 seitano galima pagaminti kepsnelius, far\u0161\u0105, \u012fvairius \u012fdarus, gaminti gulia\u0161\u0105, d\u0117ti \u012f tro\u0161kinius.","inLanguage":"en-US","isPartOf":{"@id":"https:\/\/kornita.lt\/en\/#website"},"breadcrumb":{"@id":"https:\/\/kornita.lt\/en\/shop\/augaliniai-baltymai\/seitano-miltai-500-g\/#breadcrumblist"},"image":{"@type":"ImageObject","url":"https:\/\/kornita.lt\/wp-content\/uploads\/2025\/03\/u1115294677_Seitan_flour_-profile_a1uyqtr_-v_61_c460c483-67ea-4b95-8377-662155fde1ad_3.png","@id":"https:\/\/kornita.lt\/en\/shop\/augaliniai-baltymai\/seitano-miltai-500-g\/#mainImage","width":1024,"height":1024},"primaryImageOfPage":{"@id":"https:\/\/kornita.lt\/en\/shop\/augaliniai-baltymai\/seitano-miltai-500-g\/#mainImage"},"datePublished":"2025-03-14T09:39:08+00:00","dateModified":"2025-12-09T09:10:09+00:00"},{"@type":"WebSite","@id":"https:\/\/kornita.lt\/en\/#website","url":"https:\/\/kornita.lt\/en\/","name":"kornita","inLanguage":"en-US","publisher":{"@id":"https:\/\/kornita.lt\/en\/#organization"}}]},"og:locale":"en_US","og:site_name":"kornita -","og:type":"article","og:title":"Seitano miltai, 500 g. - kornita","og:description":"Seitanas \u2013 tai augalin\u0117s kilm\u0117s m\u0117sos alternatyva, pagaminta i\u0161 kvie\u010di\u0173 baltymo. Tai nat\u016bralus augalin\u0117s kilm\u0117s baltym\u0173 \u0161altinis. I\u0161 seitano galima pagaminti kepsnelius, far\u0161\u0105, \u012fvairius \u012fdarus, gaminti gulia\u0161\u0105, d\u0117ti \u012f tro\u0161kinius.","og:url":"https:\/\/kornita.lt\/en\/shop\/augaliniai-baltymai\/seitano-miltai-500-g\/","og:image":"https:\/\/kornita.webfactory.lt\/wp-content\/uploads\/2023\/04\/korni-el-prekyba.png","og:image:secure_url":"https:\/\/kornita.webfactory.lt\/wp-content\/uploads\/2023\/04\/korni-el-prekyba.png","article:published_time":"2025-03-14T09:39:08+00:00","article:modified_time":"2025-12-09T09:10:09+00:00","article:publisher":"https:\/\/www.facebook.com\/kornita.lt","twitter:card":"summary_large_image","twitter:title":"Seitano miltai, 500 g. - kornita","twitter:description":"Seitanas \u2013 tai augalin\u0117s kilm\u0117s m\u0117sos alternatyva, pagaminta i\u0161 kvie\u010di\u0173 baltymo. Tai nat\u016bralus augalin\u0117s kilm\u0117s baltym\u0173 \u0161altinis. I\u0161 seitano galima pagaminti kepsnelius, far\u0161\u0105, \u012fvairius \u012fdarus, gaminti gulia\u0161\u0105, d\u0117ti \u012f tro\u0161kinius.","twitter:image":"http:\/\/kornita.webfactory.lt\/wp-content\/uploads\/2023\/04\/korni-el-prekyba.png"},"aioseo_meta_data":{"post_id":"24780","title":null,"description":null,"keywords":null,"keyphrases":{"focus":{"keyphrase":"","score":0,"analysis":{"keyphraseInTitle":{"score":0,"maxScore":9,"error":1}}},"additional":[]},"primary_term":null,"canonical_url":null,"og_title":null,"og_description":null,"og_object_type":"default","og_image_type":"default","og_image_url":null,"og_image_width":null,"og_image_height":null,"og_image_custom_url":null,"og_image_custom_fields":null,"og_video":"","og_custom_url":null,"og_article_section":null,"og_article_tags":null,"twitter_use_og":false,"twitter_card":"default","twitter_image_type":"default","twitter_image_url":null,"twitter_image_custom_url":null,"twitter_image_custom_fields":null,"twitter_title":null,"twitter_description":null,"schema":{"blockGraphs":[],"customGraphs":[],"default":{"data":{"Article":[],"Course":[],"Dataset":[],"FAQPage":[],"Movie":[],"Person":[],"Product":[],"ProductReview":[],"Car":[],"Recipe":[],"Service":[],"SoftwareApplication":[],"WebPage":[]},"graphName":"ItemPage","isEnabled":true},"graphs":[]},"schema_type":"default","schema_type_options":null,"pillar_content":false,"robots_default":true,"robots_noindex":false,"robots_noarchive":false,"robots_nosnippet":false,"robots_nofollow":false,"robots_noimageindex":false,"robots_noodp":false,"robots_notranslate":false,"robots_max_snippet":"-1","robots_max_videopreview":"-1","robots_max_imagepreview":"large","priority":null,"frequency":"default","local_seo":null,"seo_analyzer_scan_date":"2025-10-09 00:19:43","breadcrumb_settings":null,"limit_modified_date":false,"open_ai":"{\"title\":{\"suggestions\":[],\"usage\":0},\"description\":{\"suggestions\":[],\"usage\":0}}","ai":null,"created":"2025-03-14 09:39:08","updated":"2025-12-09 09:16:30"},"aioseo_breadcrumb":"<div class=\"aioseo-breadcrumbs\"><span class=\"aioseo-breadcrumb\">\n\t<a href=\"https:\/\/kornita.lt\/en\/\" title=\"Home\">Home<\/a>\n<\/span><span class=\"aioseo-breadcrumb-separator\">&raquo;<\/span><span class=\"aioseo-breadcrumb\">\n\t<a href=\"https:\/\/kornita.lt\/en\/shop-2\/\" title=\"Shop\">Shop<\/a>\n<\/span><span class=\"aioseo-breadcrumb-separator\">&raquo;<\/span><span class=\"aioseo-breadcrumb\">\n\t<a href=\"https:\/\/kornita.lt\/en\/product-category\/augaliniai-baltymai\/\" title=\"Augaliniai m\u0117sos pakaitalai\">Augaliniai m\u0117sos pakaitalai<\/a>\n<\/span><span class=\"aioseo-breadcrumb-separator\">&raquo;<\/span><span class=\"aioseo-breadcrumb\">\n\tSeitano miltai, 500 g.\n<\/span><\/div>","aioseo_breadcrumb_json":[{"label":"Home","link":"https:\/\/kornita.lt\/en\/"},{"label":"Shop","link":"https:\/\/kornita.lt\/en\/shop-2\/"},{"label":"Augaliniai m\u0117sos pakaitalai","link":"https:\/\/kornita.lt\/en\/product-category\/augaliniai-baltymai\/"},{"label":"Seitano miltai, 500 g.","link":"https:\/\/kornita.lt\/en\/shop\/augaliniai-baltymai\/seitano-miltai-500-g\/"}],"_links":{"self":[{"href":"https:\/\/kornita.lt\/en\/wp-json\/wp\/v2\/product\/24780","targetHints":{"allow":["GET"]}}],"collection":[{"href":"https:\/\/kornita.lt\/en\/wp-json\/wp\/v2\/product"}],"about":[{"href":"https:\/\/kornita.lt\/en\/wp-json\/wp\/v2\/types\/product"}],"replies":[{"embeddable":true,"href":"https:\/\/kornita.lt\/en\/wp-json\/wp\/v2\/comments?post=24780"}],"version-history":[{"count":1,"href":"https:\/\/kornita.lt\/en\/wp-json\/wp\/v2\/product\/24780\/revisions"}],"predecessor-version":[{"id":24783,"href":"https:\/\/kornita.lt\/en\/wp-json\/wp\/v2\/product\/24780\/revisions\/24783"}],"wp:featuredmedia":[{"embeddable":true,"href":"https:\/\/kornita.lt\/en\/wp-json\/wp\/v2\/media\/24781"}],"wp:attachment":[{"href":"https:\/\/kornita.lt\/en\/wp-json\/wp\/v2\/media?parent=24780"}],"wp:term":[{"taxonomy":"product_brand","embeddable":true,"href":"https:\/\/kornita.lt\/en\/wp-json\/wp\/v2\/product_brand?post=24780"},{"taxonomy":"product_cat","embeddable":true,"href":"https:\/\/kornita.lt\/en\/wp-json\/wp\/v2\/product_cat?post=24780"},{"taxonomy":"product_tag","embeddable":true,"href":"https:\/\/kornita.lt\/en\/wp-json\/wp\/v2\/product_tag?post=24780"}],"curies":[{"name":"wp","href":"https:\/\/api.w.org\/{rel}","templated":true}]}}