{"id":24776,"date":"2025-03-14T09:27:00","date_gmt":"2025-03-14T09:27:00","guid":{"rendered":"https:\/\/kornita.lt\/?post_type=product&#038;p=24776"},"modified":"2025-05-19T08:51:53","modified_gmt":"2025-05-19T08:51:53","slug":"augaliniu-baltymu-is-zirniu-ir-pupu-kubeliai-250-g","status":"publish","type":"product","link":"https:\/\/kornita.lt\/en\/shop\/augaliniai-baltymai\/augaliniu-baltymu-is-zirniu-ir-pupu-kubeliai-250-g\/","title":{"rendered":"Augalini\u0173 baltym\u0173 i\u0161 \u017eirni\u0173 ir pup\u0173 kubeliai 250 g."},"content":{"rendered":"<p>M\u0117sos pakaitalas i\u0161 \u017eirni\u0173 ir pup\u0173 baltym\u0173 koncentrato (tekst\u016bruoti \u017eirni\u0173 ir pup\u0173 baltymai). Be glitimo, be soj\u0173, tinka alergi\u0161kiems \u017emon\u0117ms. Turi daug baltym\u0173 ir skaidulini\u0173 med\u017eiag\u0173. Tinka kepti, gaminti tro\u0161kinius, gulia\u0161us, plov\u0105 ir pan.<\/p>\n<p>Pagamintas produktas turi mink\u0161t\u0105, maloni\u0105 tekst\u016br\u0105, yra ma\u017eiau \u201cguminis\u201d palyginti su soj\u0173 produktais. Gaminimo laikas yra trumpesnis, nereikia virti.<\/p>\n","protected":false},"excerpt":{"rendered":"<p>M\u0117sos pakaitalas i\u0161 \u017eirni\u0173 ir pup\u0173 baltym\u0173 koncentrato (tekst\u016bruoti \u017eirni\u0173 ir pup\u0173 baltymai). Be glitimo, be soj\u0173, tinka alergi\u0161kiems \u017emon\u0117ms.<\/p>\n","protected":false},"featured_media":24777,"comment_status":"open","ping_status":"closed","template":"","meta":[],"product_brand":[],"product_cat":[214],"product_tag":[],"class_list":{"0":"post-24776","1":"product","2":"type-product","3":"status-publish","4":"has-post-thumbnail","6":"product_cat-augaliniai-baltymai","7":"product_shipping_class-pristatymas","9":"first","10":"instock","11":"taxable","12":"shipping-taxable","13":"purchasable","14":"product-type-simple"},"aioseo_notices":[],"aioseo_head":"\n\t\t<!-- All in One SEO Pro 4.9.5.2 - aioseo.com -->\n\t<meta name=\"description\" content=\"M\u0117sos pakaitalas i\u0161 \u017eirni\u0173 ir pup\u0173 baltym\u0173 koncentrato (tekst\u016bruoti \u017eirni\u0173 ir pup\u0173 baltymai). Be glitimo, be soj\u0173, tinka alergi\u0161kiems \u017emon\u0117ms. Turi daug baltym\u0173 ir skaidulini\u0173 med\u017eiag\u0173. Tinka kepti, gaminti tro\u0161kinius, gulia\u0161us, plov\u0105 ir pan. Pagamintas produktas turi mink\u0161t\u0105, maloni\u0105 tekst\u016br\u0105, yra ma\u017eiau \u201cguminis\u201d palyginti su soj\u0173 produktais. Gaminimo laikas yra trumpesnis, nereikia virti.\" \/>\n\t<meta name=\"robots\" content=\"max-image-preview:large\" \/>\n\t<link rel=\"canonical\" href=\"https:\/\/kornita.lt\/en\/shop\/augaliniai-baltymai\/augaliniu-baltymu-is-zirniu-ir-pupu-kubeliai-250-g\/\" \/>\n\t<meta name=\"generator\" content=\"All in One SEO Pro (AIOSEO) 4.9.5.2\" \/>\n\t\t<meta property=\"og:locale\" content=\"en_US\" \/>\n\t\t<meta property=\"og:site_name\" content=\"kornita -\" \/>\n\t\t<meta property=\"og:type\" content=\"article\" \/>\n\t\t<meta property=\"og:title\" content=\"Augalini\u0173 baltym\u0173 i\u0161 \u017eirni\u0173 ir pup\u0173 kubeliai 250 g. - kornita\" \/>\n\t\t<meta property=\"og:description\" content=\"M\u0117sos pakaitalas i\u0161 \u017eirni\u0173 ir pup\u0173 baltym\u0173 koncentrato (tekst\u016bruoti \u017eirni\u0173 ir pup\u0173 baltymai). Be glitimo, be soj\u0173, tinka alergi\u0161kiems \u017emon\u0117ms. Turi daug baltym\u0173 ir skaidulini\u0173 med\u017eiag\u0173. Tinka kepti, gaminti tro\u0161kinius, gulia\u0161us, plov\u0105 ir pan. Pagamintas produktas turi mink\u0161t\u0105, maloni\u0105 tekst\u016br\u0105, yra ma\u017eiau \u201cguminis\u201d palyginti su soj\u0173 produktais. Gaminimo laikas yra trumpesnis, nereikia virti.\" \/>\n\t\t<meta property=\"og:url\" content=\"https:\/\/kornita.lt\/en\/shop\/augaliniai-baltymai\/augaliniu-baltymu-is-zirniu-ir-pupu-kubeliai-250-g\/\" \/>\n\t\t<meta property=\"og:image\" content=\"https:\/\/kornita.webfactory.lt\/wp-content\/uploads\/2023\/04\/korni-el-prekyba.png\" \/>\n\t\t<meta property=\"og:image:secure_url\" content=\"https:\/\/kornita.webfactory.lt\/wp-content\/uploads\/2023\/04\/korni-el-prekyba.png\" \/>\n\t\t<meta property=\"article:published_time\" content=\"2025-03-14T09:27:00+00:00\" \/>\n\t\t<meta property=\"article:modified_time\" content=\"2025-05-19T08:51:53+00:00\" \/>\n\t\t<meta property=\"article:publisher\" content=\"https:\/\/www.facebook.com\/kornita.lt\" \/>\n\t\t<meta name=\"twitter:card\" content=\"summary_large_image\" \/>\n\t\t<meta name=\"twitter:title\" content=\"Augalini\u0173 baltym\u0173 i\u0161 \u017eirni\u0173 ir pup\u0173 kubeliai 250 g. - kornita\" \/>\n\t\t<meta name=\"twitter:description\" content=\"M\u0117sos pakaitalas i\u0161 \u017eirni\u0173 ir pup\u0173 baltym\u0173 koncentrato (tekst\u016bruoti \u017eirni\u0173 ir pup\u0173 baltymai). Be glitimo, be soj\u0173, tinka alergi\u0161kiems \u017emon\u0117ms. Turi daug baltym\u0173 ir skaidulini\u0173 med\u017eiag\u0173. Tinka kepti, gaminti tro\u0161kinius, gulia\u0161us, plov\u0105 ir pan. Pagamintas produktas turi mink\u0161t\u0105, maloni\u0105 tekst\u016br\u0105, yra ma\u017eiau \u201cguminis\u201d palyginti su soj\u0173 produktais. Gaminimo laikas yra trumpesnis, nereikia virti.\" \/>\n\t\t<meta name=\"twitter:image\" content=\"http:\/\/kornita.webfactory.lt\/wp-content\/uploads\/2023\/04\/korni-el-prekyba.png\" \/>\n\t\t<script type=\"application\/ld+json\" class=\"aioseo-schema\">\n\t\t\t{\"@context\":\"https:\\\/\\\/schema.org\",\"@graph\":[{\"@type\":\"BreadcrumbList\",\"@id\":\"https:\\\/\\\/kornita.lt\\\/en\\\/shop\\\/augaliniai-baltymai\\\/augaliniu-baltymu-is-zirniu-ir-pupu-kubeliai-250-g\\\/#breadcrumblist\",\"itemListElement\":[{\"@type\":\"ListItem\",\"@id\":\"https:\\\/\\\/kornita.lt\\\/en\\\/#listItem\",\"position\":1,\"name\":\"Home\",\"item\":\"https:\\\/\\\/kornita.lt\\\/en\\\/\",\"nextItem\":{\"@type\":\"ListItem\",\"@id\":\"https:\\\/\\\/kornita.lt\\\/en\\\/shop-2\\\/#listItem\",\"name\":\"Shop\"}},{\"@type\":\"ListItem\",\"@id\":\"https:\\\/\\\/kornita.lt\\\/en\\\/shop-2\\\/#listItem\",\"position\":2,\"name\":\"Shop\",\"item\":\"https:\\\/\\\/kornita.lt\\\/en\\\/shop-2\\\/\",\"nextItem\":{\"@type\":\"ListItem\",\"@id\":\"https:\\\/\\\/kornita.lt\\\/en\\\/product-category\\\/augaliniai-baltymai\\\/#listItem\",\"name\":\"Augaliniai m\\u0117sos pakaitalai\"},\"previousItem\":{\"@type\":\"ListItem\",\"@id\":\"https:\\\/\\\/kornita.lt\\\/en\\\/#listItem\",\"name\":\"Home\"}},{\"@type\":\"ListItem\",\"@id\":\"https:\\\/\\\/kornita.lt\\\/en\\\/product-category\\\/augaliniai-baltymai\\\/#listItem\",\"position\":3,\"name\":\"Augaliniai m\\u0117sos pakaitalai\",\"item\":\"https:\\\/\\\/kornita.lt\\\/en\\\/product-category\\\/augaliniai-baltymai\\\/\",\"nextItem\":{\"@type\":\"ListItem\",\"@id\":\"https:\\\/\\\/kornita.lt\\\/en\\\/shop\\\/augaliniai-baltymai\\\/augaliniu-baltymu-is-zirniu-ir-pupu-kubeliai-250-g\\\/#listItem\",\"name\":\"Augalini\\u0173 baltym\\u0173 i\\u0161 \\u017eirni\\u0173 ir pup\\u0173 kubeliai 250 g.\"},\"previousItem\":{\"@type\":\"ListItem\",\"@id\":\"https:\\\/\\\/kornita.lt\\\/en\\\/shop-2\\\/#listItem\",\"name\":\"Shop\"}},{\"@type\":\"ListItem\",\"@id\":\"https:\\\/\\\/kornita.lt\\\/en\\\/shop\\\/augaliniai-baltymai\\\/augaliniu-baltymu-is-zirniu-ir-pupu-kubeliai-250-g\\\/#listItem\",\"position\":4,\"name\":\"Augalini\\u0173 baltym\\u0173 i\\u0161 \\u017eirni\\u0173 ir pup\\u0173 kubeliai 250 g.\",\"previousItem\":{\"@type\":\"ListItem\",\"@id\":\"https:\\\/\\\/kornita.lt\\\/en\\\/product-category\\\/augaliniai-baltymai\\\/#listItem\",\"name\":\"Augaliniai m\\u0117sos pakaitalai\"}}]},{\"@type\":\"Organization\",\"@id\":\"https:\\\/\\\/kornita.lt\\\/en\\\/#organization\",\"name\":\"kornita\",\"url\":\"https:\\\/\\\/kornita.lt\\\/en\\\/\",\"telephone\":\"+37068581463\",\"logo\":{\"@type\":\"ImageObject\",\"url\":\"http:\\\/\\\/kornita.webfactory.lt\\\/wp-content\\\/uploads\\\/2023\\\/04\\\/korni-el-prekyba.png\",\"@id\":\"https:\\\/\\\/kornita.lt\\\/en\\\/shop\\\/augaliniai-baltymai\\\/augaliniu-baltymu-is-zirniu-ir-pupu-kubeliai-250-g\\\/#organizationLogo\"},\"image\":{\"@id\":\"https:\\\/\\\/kornita.lt\\\/en\\\/shop\\\/augaliniai-baltymai\\\/augaliniu-baltymu-is-zirniu-ir-pupu-kubeliai-250-g\\\/#organizationLogo\"},\"sameAs\":[\"https:\\\/\\\/www.facebook.com\\\/kornita.lt\"]},{\"@type\":\"Product\",\"@id\":\"https:\\\/\\\/kornita.lt\\\/en\\\/shop\\\/augaliniai-baltymai\\\/augaliniu-baltymu-is-zirniu-ir-pupu-kubeliai-250-g\\\/#wooCommerceProduct\",\"name\":\"Augalini\\u0173 baltym\\u0173 i\\u0161 \\u017eirni\\u0173 ir pup\\u0173 kubeliai 250 g.\",\"url\":\"https:\\\/\\\/kornita.lt\\\/en\\\/shop\\\/augaliniai-baltymai\\\/augaliniu-baltymu-is-zirniu-ir-pupu-kubeliai-250-g\\\/\",\"image\":{\"@type\":\"ImageObject\",\"url\":\"https:\\\/\\\/kornita.lt\\\/wp-content\\\/uploads\\\/2025\\\/03\\\/Bites-m-cm-maal-600x600-1.jpg\",\"@id\":\"https:\\\/\\\/kornita.lt\\\/en\\\/shop\\\/augaliniai-baltymai\\\/augaliniu-baltymu-is-zirniu-ir-pupu-kubeliai-250-g\\\/#productImage\",\"width\":600,\"height\":509},\"offers\":{\"@type\":\"Offer\",\"url\":\"https:\\\/\\\/kornita.lt\\\/en\\\/shop\\\/augaliniai-baltymai\\\/augaliniu-baltymu-is-zirniu-ir-pupu-kubeliai-250-g\\\/#wooCommerceOffer\",\"price\":4.49,\"priceCurrency\":\"EUR\",\"category\":\"Augaliniai m\\u0117sos pakaitalai\",\"availability\":\"https:\\\/\\\/schema.org\\\/InStock\",\"priceSpecification\":{\"@type\":\"PriceSpecification\",\"price\":4.49,\"priceCurrency\":\"EUR\",\"valueAddedTaxIncluded\":\"true\"},\"seller\":{\"@type\":\"Organization\",\"@id\":\"https:\\\/\\\/kornita.lt\\\/en\\\/#organization\"}}},{\"@type\":\"WebPage\",\"@id\":\"https:\\\/\\\/kornita.lt\\\/en\\\/shop\\\/augaliniai-baltymai\\\/augaliniu-baltymu-is-zirniu-ir-pupu-kubeliai-250-g\\\/#webpage\",\"url\":\"https:\\\/\\\/kornita.lt\\\/en\\\/shop\\\/augaliniai-baltymai\\\/augaliniu-baltymu-is-zirniu-ir-pupu-kubeliai-250-g\\\/\",\"name\":\"Augalini\\u0173 baltym\\u0173 i\\u0161 \\u017eirni\\u0173 ir pup\\u0173 kubeliai 250 g. - kornita\",\"description\":\"M\\u0117sos pakaitalas i\\u0161 \\u017eirni\\u0173 ir pup\\u0173 baltym\\u0173 koncentrato (tekst\\u016bruoti \\u017eirni\\u0173 ir pup\\u0173 baltymai). Be glitimo, be soj\\u0173, tinka alergi\\u0161kiems \\u017emon\\u0117ms. Turi daug baltym\\u0173 ir skaidulini\\u0173 med\\u017eiag\\u0173. Tinka kepti, gaminti tro\\u0161kinius, gulia\\u0161us, plov\\u0105 ir pan. Pagamintas produktas turi mink\\u0161t\\u0105, maloni\\u0105 tekst\\u016br\\u0105, yra ma\\u017eiau \\u201cguminis\\u201d palyginti su soj\\u0173 produktais. Gaminimo laikas yra trumpesnis, nereikia virti.\",\"inLanguage\":\"en-US\",\"isPartOf\":{\"@id\":\"https:\\\/\\\/kornita.lt\\\/en\\\/#website\"},\"breadcrumb\":{\"@id\":\"https:\\\/\\\/kornita.lt\\\/en\\\/shop\\\/augaliniai-baltymai\\\/augaliniu-baltymu-is-zirniu-ir-pupu-kubeliai-250-g\\\/#breadcrumblist\"},\"image\":{\"@type\":\"ImageObject\",\"url\":\"https:\\\/\\\/kornita.lt\\\/wp-content\\\/uploads\\\/2025\\\/03\\\/Bites-m-cm-maal-600x600-1.jpg\",\"@id\":\"https:\\\/\\\/kornita.lt\\\/en\\\/shop\\\/augaliniai-baltymai\\\/augaliniu-baltymu-is-zirniu-ir-pupu-kubeliai-250-g\\\/#mainImage\",\"width\":600,\"height\":509},\"primaryImageOfPage\":{\"@id\":\"https:\\\/\\\/kornita.lt\\\/en\\\/shop\\\/augaliniai-baltymai\\\/augaliniu-baltymu-is-zirniu-ir-pupu-kubeliai-250-g\\\/#mainImage\"},\"datePublished\":\"2025-03-14T09:27:00+00:00\",\"dateModified\":\"2025-05-19T08:51:53+00:00\"},{\"@type\":\"WebSite\",\"@id\":\"https:\\\/\\\/kornita.lt\\\/en\\\/#website\",\"url\":\"https:\\\/\\\/kornita.lt\\\/en\\\/\",\"name\":\"kornita\",\"inLanguage\":\"en-US\",\"publisher\":{\"@id\":\"https:\\\/\\\/kornita.lt\\\/en\\\/#organization\"}}]}\n\t\t<\/script>\n\t\t<!-- All in One SEO Pro -->\r\n\t\t<title>Augalini\u0173 baltym\u0173 i\u0161 \u017eirni\u0173 ir pup\u0173 kubeliai 250 g. - kornita<\/title>\n\n","aioseo_head_json":{"title":"Augalini\u0173 baltym\u0173 i\u0161 \u017eirni\u0173 ir pup\u0173 kubeliai 250 g. - kornita","description":"M\u0117sos pakaitalas i\u0161 \u017eirni\u0173 ir pup\u0173 baltym\u0173 koncentrato (tekst\u016bruoti \u017eirni\u0173 ir pup\u0173 baltymai). Be glitimo, be soj\u0173, tinka alergi\u0161kiems \u017emon\u0117ms. Turi daug baltym\u0173 ir skaidulini\u0173 med\u017eiag\u0173. Tinka kepti, gaminti tro\u0161kinius, gulia\u0161us, plov\u0105 ir pan. Pagamintas produktas turi mink\u0161t\u0105, maloni\u0105 tekst\u016br\u0105, yra ma\u017eiau \u201cguminis\u201d palyginti su soj\u0173 produktais. Gaminimo laikas yra trumpesnis, nereikia virti.","canonical_url":"https:\/\/kornita.lt\/en\/shop\/augaliniai-baltymai\/augaliniu-baltymu-is-zirniu-ir-pupu-kubeliai-250-g\/","robots":"max-image-preview:large","keywords":"","webmasterTools":{"miscellaneous":""},"schema":{"@context":"https:\/\/schema.org","@graph":[{"@type":"BreadcrumbList","@id":"https:\/\/kornita.lt\/en\/shop\/augaliniai-baltymai\/augaliniu-baltymu-is-zirniu-ir-pupu-kubeliai-250-g\/#breadcrumblist","itemListElement":[{"@type":"ListItem","@id":"https:\/\/kornita.lt\/en\/#listItem","position":1,"name":"Home","item":"https:\/\/kornita.lt\/en\/","nextItem":{"@type":"ListItem","@id":"https:\/\/kornita.lt\/en\/shop-2\/#listItem","name":"Shop"}},{"@type":"ListItem","@id":"https:\/\/kornita.lt\/en\/shop-2\/#listItem","position":2,"name":"Shop","item":"https:\/\/kornita.lt\/en\/shop-2\/","nextItem":{"@type":"ListItem","@id":"https:\/\/kornita.lt\/en\/product-category\/augaliniai-baltymai\/#listItem","name":"Augaliniai m\u0117sos pakaitalai"},"previousItem":{"@type":"ListItem","@id":"https:\/\/kornita.lt\/en\/#listItem","name":"Home"}},{"@type":"ListItem","@id":"https:\/\/kornita.lt\/en\/product-category\/augaliniai-baltymai\/#listItem","position":3,"name":"Augaliniai m\u0117sos pakaitalai","item":"https:\/\/kornita.lt\/en\/product-category\/augaliniai-baltymai\/","nextItem":{"@type":"ListItem","@id":"https:\/\/kornita.lt\/en\/shop\/augaliniai-baltymai\/augaliniu-baltymu-is-zirniu-ir-pupu-kubeliai-250-g\/#listItem","name":"Augalini\u0173 baltym\u0173 i\u0161 \u017eirni\u0173 ir pup\u0173 kubeliai 250 g."},"previousItem":{"@type":"ListItem","@id":"https:\/\/kornita.lt\/en\/shop-2\/#listItem","name":"Shop"}},{"@type":"ListItem","@id":"https:\/\/kornita.lt\/en\/shop\/augaliniai-baltymai\/augaliniu-baltymu-is-zirniu-ir-pupu-kubeliai-250-g\/#listItem","position":4,"name":"Augalini\u0173 baltym\u0173 i\u0161 \u017eirni\u0173 ir pup\u0173 kubeliai 250 g.","previousItem":{"@type":"ListItem","@id":"https:\/\/kornita.lt\/en\/product-category\/augaliniai-baltymai\/#listItem","name":"Augaliniai m\u0117sos pakaitalai"}}]},{"@type":"Organization","@id":"https:\/\/kornita.lt\/en\/#organization","name":"kornita","url":"https:\/\/kornita.lt\/en\/","telephone":"+37068581463","logo":{"@type":"ImageObject","url":"http:\/\/kornita.webfactory.lt\/wp-content\/uploads\/2023\/04\/korni-el-prekyba.png","@id":"https:\/\/kornita.lt\/en\/shop\/augaliniai-baltymai\/augaliniu-baltymu-is-zirniu-ir-pupu-kubeliai-250-g\/#organizationLogo"},"image":{"@id":"https:\/\/kornita.lt\/en\/shop\/augaliniai-baltymai\/augaliniu-baltymu-is-zirniu-ir-pupu-kubeliai-250-g\/#organizationLogo"},"sameAs":["https:\/\/www.facebook.com\/kornita.lt"]},{"@type":"Product","@id":"https:\/\/kornita.lt\/en\/shop\/augaliniai-baltymai\/augaliniu-baltymu-is-zirniu-ir-pupu-kubeliai-250-g\/#wooCommerceProduct","name":"Augalini\u0173 baltym\u0173 i\u0161 \u017eirni\u0173 ir pup\u0173 kubeliai 250 g.","url":"https:\/\/kornita.lt\/en\/shop\/augaliniai-baltymai\/augaliniu-baltymu-is-zirniu-ir-pupu-kubeliai-250-g\/","image":{"@type":"ImageObject","url":"https:\/\/kornita.lt\/wp-content\/uploads\/2025\/03\/Bites-m-cm-maal-600x600-1.jpg","@id":"https:\/\/kornita.lt\/en\/shop\/augaliniai-baltymai\/augaliniu-baltymu-is-zirniu-ir-pupu-kubeliai-250-g\/#productImage","width":600,"height":509},"offers":{"@type":"Offer","url":"https:\/\/kornita.lt\/en\/shop\/augaliniai-baltymai\/augaliniu-baltymu-is-zirniu-ir-pupu-kubeliai-250-g\/#wooCommerceOffer","price":4.49,"priceCurrency":"EUR","category":"Augaliniai m\u0117sos pakaitalai","availability":"https:\/\/schema.org\/InStock","priceSpecification":{"@type":"PriceSpecification","price":4.49,"priceCurrency":"EUR","valueAddedTaxIncluded":"true"},"seller":{"@type":"Organization","@id":"https:\/\/kornita.lt\/en\/#organization"}}},{"@type":"WebPage","@id":"https:\/\/kornita.lt\/en\/shop\/augaliniai-baltymai\/augaliniu-baltymu-is-zirniu-ir-pupu-kubeliai-250-g\/#webpage","url":"https:\/\/kornita.lt\/en\/shop\/augaliniai-baltymai\/augaliniu-baltymu-is-zirniu-ir-pupu-kubeliai-250-g\/","name":"Augalini\u0173 baltym\u0173 i\u0161 \u017eirni\u0173 ir pup\u0173 kubeliai 250 g. - kornita","description":"M\u0117sos pakaitalas i\u0161 \u017eirni\u0173 ir pup\u0173 baltym\u0173 koncentrato (tekst\u016bruoti \u017eirni\u0173 ir pup\u0173 baltymai). Be glitimo, be soj\u0173, tinka alergi\u0161kiems \u017emon\u0117ms. Turi daug baltym\u0173 ir skaidulini\u0173 med\u017eiag\u0173. Tinka kepti, gaminti tro\u0161kinius, gulia\u0161us, plov\u0105 ir pan. Pagamintas produktas turi mink\u0161t\u0105, maloni\u0105 tekst\u016br\u0105, yra ma\u017eiau \u201cguminis\u201d palyginti su soj\u0173 produktais. Gaminimo laikas yra trumpesnis, nereikia virti.","inLanguage":"en-US","isPartOf":{"@id":"https:\/\/kornita.lt\/en\/#website"},"breadcrumb":{"@id":"https:\/\/kornita.lt\/en\/shop\/augaliniai-baltymai\/augaliniu-baltymu-is-zirniu-ir-pupu-kubeliai-250-g\/#breadcrumblist"},"image":{"@type":"ImageObject","url":"https:\/\/kornita.lt\/wp-content\/uploads\/2025\/03\/Bites-m-cm-maal-600x600-1.jpg","@id":"https:\/\/kornita.lt\/en\/shop\/augaliniai-baltymai\/augaliniu-baltymu-is-zirniu-ir-pupu-kubeliai-250-g\/#mainImage","width":600,"height":509},"primaryImageOfPage":{"@id":"https:\/\/kornita.lt\/en\/shop\/augaliniai-baltymai\/augaliniu-baltymu-is-zirniu-ir-pupu-kubeliai-250-g\/#mainImage"},"datePublished":"2025-03-14T09:27:00+00:00","dateModified":"2025-05-19T08:51:53+00:00"},{"@type":"WebSite","@id":"https:\/\/kornita.lt\/en\/#website","url":"https:\/\/kornita.lt\/en\/","name":"kornita","inLanguage":"en-US","publisher":{"@id":"https:\/\/kornita.lt\/en\/#organization"}}]},"og:locale":"en_US","og:site_name":"kornita -","og:type":"article","og:title":"Augalini\u0173 baltym\u0173 i\u0161 \u017eirni\u0173 ir pup\u0173 kubeliai 250 g. - kornita","og:description":"M\u0117sos pakaitalas i\u0161 \u017eirni\u0173 ir pup\u0173 baltym\u0173 koncentrato (tekst\u016bruoti \u017eirni\u0173 ir pup\u0173 baltymai). Be glitimo, be soj\u0173, tinka alergi\u0161kiems \u017emon\u0117ms. Turi daug baltym\u0173 ir skaidulini\u0173 med\u017eiag\u0173. Tinka kepti, gaminti tro\u0161kinius, gulia\u0161us, plov\u0105 ir pan. Pagamintas produktas turi mink\u0161t\u0105, maloni\u0105 tekst\u016br\u0105, yra ma\u017eiau \u201cguminis\u201d palyginti su soj\u0173 produktais. Gaminimo laikas yra trumpesnis, nereikia virti.","og:url":"https:\/\/kornita.lt\/en\/shop\/augaliniai-baltymai\/augaliniu-baltymu-is-zirniu-ir-pupu-kubeliai-250-g\/","og:image":"https:\/\/kornita.webfactory.lt\/wp-content\/uploads\/2023\/04\/korni-el-prekyba.png","og:image:secure_url":"https:\/\/kornita.webfactory.lt\/wp-content\/uploads\/2023\/04\/korni-el-prekyba.png","article:published_time":"2025-03-14T09:27:00+00:00","article:modified_time":"2025-05-19T08:51:53+00:00","article:publisher":"https:\/\/www.facebook.com\/kornita.lt","twitter:card":"summary_large_image","twitter:title":"Augalini\u0173 baltym\u0173 i\u0161 \u017eirni\u0173 ir pup\u0173 kubeliai 250 g. - kornita","twitter:description":"M\u0117sos pakaitalas i\u0161 \u017eirni\u0173 ir pup\u0173 baltym\u0173 koncentrato (tekst\u016bruoti \u017eirni\u0173 ir pup\u0173 baltymai). Be glitimo, be soj\u0173, tinka alergi\u0161kiems \u017emon\u0117ms. Turi daug baltym\u0173 ir skaidulini\u0173 med\u017eiag\u0173. Tinka kepti, gaminti tro\u0161kinius, gulia\u0161us, plov\u0105 ir pan. Pagamintas produktas turi mink\u0161t\u0105, maloni\u0105 tekst\u016br\u0105, yra ma\u017eiau \u201cguminis\u201d palyginti su soj\u0173 produktais. Gaminimo laikas yra trumpesnis, nereikia virti.","twitter:image":"http:\/\/kornita.webfactory.lt\/wp-content\/uploads\/2023\/04\/korni-el-prekyba.png"},"aioseo_meta_data":{"post_id":"24776","title":null,"description":null,"keywords":null,"keyphrases":{"focus":{"keyphrase":"","score":0,"analysis":{"keyphraseInTitle":{"score":0,"maxScore":9,"error":1}}},"additional":[]},"primary_term":null,"canonical_url":null,"og_title":null,"og_description":null,"og_object_type":"default","og_image_type":"default","og_image_url":null,"og_image_width":null,"og_image_height":null,"og_image_custom_url":null,"og_image_custom_fields":null,"og_video":"","og_custom_url":null,"og_article_section":null,"og_article_tags":null,"twitter_use_og":false,"twitter_card":"default","twitter_image_type":"default","twitter_image_url":null,"twitter_image_custom_url":null,"twitter_image_custom_fields":null,"twitter_title":null,"twitter_description":null,"schema":{"blockGraphs":[],"customGraphs":[],"default":{"data":{"Article":[],"Course":[],"Dataset":[],"FAQPage":[],"Movie":[],"Person":[],"Product":[],"ProductReview":[],"Car":[],"Recipe":[],"Service":[],"SoftwareApplication":[],"WebPage":[]},"graphName":"ItemPage","isEnabled":true},"graphs":[]},"schema_type":"default","schema_type_options":null,"pillar_content":false,"robots_default":true,"robots_noindex":false,"robots_noarchive":false,"robots_nosnippet":false,"robots_nofollow":false,"robots_noimageindex":false,"robots_noodp":false,"robots_notranslate":false,"robots_max_snippet":"-1","robots_max_videopreview":"-1","robots_max_imagepreview":"large","priority":null,"frequency":"default","local_seo":null,"seo_analyzer_scan_date":"2025-10-09 00:19:40","breadcrumb_settings":null,"limit_modified_date":false,"open_ai":"{\"title\":{\"suggestions\":[],\"usage\":0},\"description\":{\"suggestions\":[],\"usage\":0}}","ai":null,"created":"2025-03-14 09:27:00","updated":"2025-11-26 23:43:25"},"aioseo_breadcrumb":"<div class=\"aioseo-breadcrumbs\"><span class=\"aioseo-breadcrumb\">\n\t<a href=\"https:\/\/kornita.lt\/en\/\" title=\"Home\">Home<\/a>\n<\/span><span class=\"aioseo-breadcrumb-separator\">&raquo;<\/span><span class=\"aioseo-breadcrumb\">\n\t<a href=\"https:\/\/kornita.lt\/en\/shop-2\/\" title=\"Shop\">Shop<\/a>\n<\/span><span class=\"aioseo-breadcrumb-separator\">&raquo;<\/span><span class=\"aioseo-breadcrumb\">\n\t<a href=\"https:\/\/kornita.lt\/en\/product-category\/augaliniai-baltymai\/\" title=\"Augaliniai m\u0117sos pakaitalai\">Augaliniai m\u0117sos pakaitalai<\/a>\n<\/span><span class=\"aioseo-breadcrumb-separator\">&raquo;<\/span><span class=\"aioseo-breadcrumb\">\n\tAugalini\u0173 baltym\u0173 i\u0161 \u017eirni\u0173 ir pup\u0173 kubeliai 250 g.\n<\/span><\/div>","aioseo_breadcrumb_json":[{"label":"Home","link":"https:\/\/kornita.lt\/en\/"},{"label":"Shop","link":"https:\/\/kornita.lt\/en\/shop-2\/"},{"label":"Augaliniai m\u0117sos pakaitalai","link":"https:\/\/kornita.lt\/en\/product-category\/augaliniai-baltymai\/"},{"label":"Augalini\u0173 baltym\u0173 i\u0161 \u017eirni\u0173 ir pup\u0173 kubeliai 250 g.","link":"https:\/\/kornita.lt\/en\/shop\/augaliniai-baltymai\/augaliniu-baltymu-is-zirniu-ir-pupu-kubeliai-250-g\/"}],"_links":{"self":[{"href":"https:\/\/kornita.lt\/en\/wp-json\/wp\/v2\/product\/24776","targetHints":{"allow":["GET"]}}],"collection":[{"href":"https:\/\/kornita.lt\/en\/wp-json\/wp\/v2\/product"}],"about":[{"href":"https:\/\/kornita.lt\/en\/wp-json\/wp\/v2\/types\/product"}],"replies":[{"embeddable":true,"href":"https:\/\/kornita.lt\/en\/wp-json\/wp\/v2\/comments?post=24776"}],"version-history":[{"count":1,"href":"https:\/\/kornita.lt\/en\/wp-json\/wp\/v2\/product\/24776\/revisions"}],"predecessor-version":[{"id":24779,"href":"https:\/\/kornita.lt\/en\/wp-json\/wp\/v2\/product\/24776\/revisions\/24779"}],"wp:featuredmedia":[{"embeddable":true,"href":"https:\/\/kornita.lt\/en\/wp-json\/wp\/v2\/media\/24777"}],"wp:attachment":[{"href":"https:\/\/kornita.lt\/en\/wp-json\/wp\/v2\/media?parent=24776"}],"wp:term":[{"taxonomy":"product_brand","embeddable":true,"href":"https:\/\/kornita.lt\/en\/wp-json\/wp\/v2\/product_brand?post=24776"},{"taxonomy":"product_cat","embeddable":true,"href":"https:\/\/kornita.lt\/en\/wp-json\/wp\/v2\/product_cat?post=24776"},{"taxonomy":"product_tag","embeddable":true,"href":"https:\/\/kornita.lt\/en\/wp-json\/wp\/v2\/product_tag?post=24776"}],"curies":[{"name":"wp","href":"https:\/\/api.w.org\/{rel}","templated":true}]}}