{"id":24772,"date":"2025-03-14T09:14:48","date_gmt":"2025-03-14T09:14:48","guid":{"rendered":"https:\/\/kornita.lt\/?post_type=product&#038;p=24772"},"modified":"2025-06-19T15:25:20","modified_gmt":"2025-06-19T15:25:20","slug":"augaliniu-baltymu-is-zirniu-ir-pupu-farsas-250-g","status":"publish","type":"product","link":"https:\/\/kornita.lt\/en\/shop\/augaliniai-baltymai\/augaliniu-baltymu-is-zirniu-ir-pupu-farsas-250-g\/","title":{"rendered":"Augalini\u0173 baltym\u0173 i\u0161 \u017eirni\u0173 ir pup\u0173 far\u0161as 250 g."},"content":{"rendered":"<p>M\u0117sos pakaitalas i\u0161 \u017eirni\u0173 ir pup\u0173 baltym\u0173 koncentrato (tekst\u016bruoti \u017eirni\u0173 ir pup\u0173 baltymai). Be glitimo, be soj\u0173, tinka alergi\u0161kiems \u017emon\u0117ms. Turi daug baltym\u0173 ir skaidulini\u0173 med\u017eiag\u0173. Tinka gaminti kotletus, \u012fdarus, pada\u017eus makaronams, d\u0117ti \u012f sriubas ir kt.<\/p>\n<p>Pagamintas produktas turi mink\u0161t\u0105, maloni\u0105 tekst\u016br\u0105, yra ma\u017eiau \u201cguminis\u201d palyginti su soj\u0173 produktais. Gaminimo laikas yra trumpesnis, nereikia virti.<\/p>\n<blockquote class=\"wp-embedded-content\" data-secret=\"EHdAyst7JT\"><p><a href=\"https:\/\/kornita.lt\/sildantis-cili-troskinys-sotus-ir-aromatingas-receptas-saltiems-vakarams\/\">\u0160ildantis \u010dili tro\u0161kinys: sotus ir aromatingas receptas \u0161altiems vakarams<\/a><\/p><\/blockquote>\n<p><iframe loading=\"lazy\" class=\"wp-embedded-content\" sandbox=\"allow-scripts\" security=\"restricted\" style=\"position: absolute; visibility: hidden;\" title=\"&#8220;\u0160ildantis \u010dili tro\u0161kinys: sotus ir aromatingas receptas \u0161altiems vakarams&#8221; &#8212; kornita\" src=\"https:\/\/kornita.lt\/sildantis-cili-troskinys-sotus-ir-aromatingas-receptas-saltiems-vakarams\/embed\/#?secret=mGMBIhZ2ce#?secret=EHdAyst7JT\" data-secret=\"EHdAyst7JT\" width=\"500\" height=\"282\" frameborder=\"0\" marginwidth=\"0\" marginheight=\"0\" scrolling=\"no\"><\/iframe><\/p>\n","protected":false},"excerpt":{"rendered":"<p>M\u0117sos pakaitalas i\u0161 \u017eirni\u0173 ir pup\u0173 baltym\u0173 koncentrato (tekst\u016bruoti \u017eirni\u0173 ir pup\u0173 baltymai). Be glitimo, be soj\u0173, tinka alergi\u0161kiems \u017emon\u0117ms.<\/p>\n","protected":false},"featured_media":24773,"comment_status":"open","ping_status":"closed","template":"","meta":[],"product_brand":[],"product_cat":[214],"product_tag":[],"class_list":{"0":"post-24772","1":"product","2":"type-product","3":"status-publish","4":"has-post-thumbnail","6":"product_cat-augaliniai-baltymai","7":"product_shipping_class-pristatymas","9":"first","10":"instock","11":"taxable","12":"shipping-taxable","13":"purchasable","14":"product-type-simple"},"aioseo_notices":[],"aioseo_head":"\n\t\t<!-- All in One SEO Pro 4.9.5.2 - aioseo.com -->\n\t<meta name=\"description\" content=\"M\u0117sos pakaitalas i\u0161 \u017eirni\u0173 ir pup\u0173 baltym\u0173 koncentrato (tekst\u016bruoti \u017eirni\u0173 ir pup\u0173 baltymai). Be glitimo, be soj\u0173, tinka alergi\u0161kiems \u017emon\u0117ms. Turi daug baltym\u0173 ir skaidulini\u0173 med\u017eiag\u0173. Tinka gaminti kotletus, \u012fdarus, pada\u017eus makaronams, d\u0117ti \u012f sriubas ir kt. Pagamintas produktas turi mink\u0161t\u0105, maloni\u0105 tekst\u016br\u0105, yra ma\u017eiau \u201cguminis\u201d palyginti su soj\u0173 produktais. Gaminimo laikas yra trumpesnis, nereikia\" \/>\n\t<meta name=\"robots\" content=\"max-image-preview:large\" \/>\n\t<link rel=\"canonical\" href=\"https:\/\/kornita.lt\/en\/shop\/augaliniai-baltymai\/augaliniu-baltymu-is-zirniu-ir-pupu-farsas-250-g\/\" \/>\n\t<meta name=\"generator\" content=\"All in One SEO Pro (AIOSEO) 4.9.5.2\" \/>\n\t\t<meta property=\"og:locale\" content=\"en_US\" \/>\n\t\t<meta property=\"og:site_name\" content=\"kornita -\" \/>\n\t\t<meta property=\"og:type\" content=\"article\" \/>\n\t\t<meta property=\"og:title\" content=\"Augalini\u0173 baltym\u0173 i\u0161 \u017eirni\u0173 ir pup\u0173 far\u0161as 250 g. - kornita\" \/>\n\t\t<meta property=\"og:description\" content=\"M\u0117sos pakaitalas i\u0161 \u017eirni\u0173 ir pup\u0173 baltym\u0173 koncentrato (tekst\u016bruoti \u017eirni\u0173 ir pup\u0173 baltymai). Be glitimo, be soj\u0173, tinka alergi\u0161kiems \u017emon\u0117ms. Turi daug baltym\u0173 ir skaidulini\u0173 med\u017eiag\u0173. Tinka gaminti kotletus, \u012fdarus, pada\u017eus makaronams, d\u0117ti \u012f sriubas ir kt. Pagamintas produktas turi mink\u0161t\u0105, maloni\u0105 tekst\u016br\u0105, yra ma\u017eiau \u201cguminis\u201d palyginti su soj\u0173 produktais. Gaminimo laikas yra trumpesnis, nereikia\" \/>\n\t\t<meta property=\"og:url\" content=\"https:\/\/kornita.lt\/en\/shop\/augaliniai-baltymai\/augaliniu-baltymu-is-zirniu-ir-pupu-farsas-250-g\/\" \/>\n\t\t<meta property=\"og:image\" content=\"https:\/\/kornita.webfactory.lt\/wp-content\/uploads\/2023\/04\/korni-el-prekyba.png\" \/>\n\t\t<meta property=\"og:image:secure_url\" content=\"https:\/\/kornita.webfactory.lt\/wp-content\/uploads\/2023\/04\/korni-el-prekyba.png\" \/>\n\t\t<meta property=\"article:published_time\" content=\"2025-03-14T09:14:48+00:00\" \/>\n\t\t<meta property=\"article:modified_time\" content=\"2025-06-19T15:25:20+00:00\" \/>\n\t\t<meta property=\"article:publisher\" content=\"https:\/\/www.facebook.com\/kornita.lt\" \/>\n\t\t<meta name=\"twitter:card\" content=\"summary_large_image\" \/>\n\t\t<meta name=\"twitter:title\" content=\"Augalini\u0173 baltym\u0173 i\u0161 \u017eirni\u0173 ir pup\u0173 far\u0161as 250 g. - kornita\" \/>\n\t\t<meta name=\"twitter:description\" content=\"M\u0117sos pakaitalas i\u0161 \u017eirni\u0173 ir pup\u0173 baltym\u0173 koncentrato (tekst\u016bruoti \u017eirni\u0173 ir pup\u0173 baltymai). Be glitimo, be soj\u0173, tinka alergi\u0161kiems \u017emon\u0117ms. Turi daug baltym\u0173 ir skaidulini\u0173 med\u017eiag\u0173. Tinka gaminti kotletus, \u012fdarus, pada\u017eus makaronams, d\u0117ti \u012f sriubas ir kt. Pagamintas produktas turi mink\u0161t\u0105, maloni\u0105 tekst\u016br\u0105, yra ma\u017eiau \u201cguminis\u201d palyginti su soj\u0173 produktais. Gaminimo laikas yra trumpesnis, nereikia\" \/>\n\t\t<meta name=\"twitter:image\" content=\"http:\/\/kornita.webfactory.lt\/wp-content\/uploads\/2023\/04\/korni-el-prekyba.png\" \/>\n\t\t<script type=\"application\/ld+json\" class=\"aioseo-schema\">\n\t\t\t{\"@context\":\"https:\\\/\\\/schema.org\",\"@graph\":[{\"@type\":\"BreadcrumbList\",\"@id\":\"https:\\\/\\\/kornita.lt\\\/en\\\/shop\\\/augaliniai-baltymai\\\/augaliniu-baltymu-is-zirniu-ir-pupu-farsas-250-g\\\/#breadcrumblist\",\"itemListElement\":[{\"@type\":\"ListItem\",\"@id\":\"https:\\\/\\\/kornita.lt\\\/en\\\/#listItem\",\"position\":1,\"name\":\"Home\",\"item\":\"https:\\\/\\\/kornita.lt\\\/en\\\/\",\"nextItem\":{\"@type\":\"ListItem\",\"@id\":\"https:\\\/\\\/kornita.lt\\\/en\\\/shop-2\\\/#listItem\",\"name\":\"Shop\"}},{\"@type\":\"ListItem\",\"@id\":\"https:\\\/\\\/kornita.lt\\\/en\\\/shop-2\\\/#listItem\",\"position\":2,\"name\":\"Shop\",\"item\":\"https:\\\/\\\/kornita.lt\\\/en\\\/shop-2\\\/\",\"nextItem\":{\"@type\":\"ListItem\",\"@id\":\"https:\\\/\\\/kornita.lt\\\/en\\\/product-category\\\/augaliniai-baltymai\\\/#listItem\",\"name\":\"Augaliniai m\\u0117sos pakaitalai\"},\"previousItem\":{\"@type\":\"ListItem\",\"@id\":\"https:\\\/\\\/kornita.lt\\\/en\\\/#listItem\",\"name\":\"Home\"}},{\"@type\":\"ListItem\",\"@id\":\"https:\\\/\\\/kornita.lt\\\/en\\\/product-category\\\/augaliniai-baltymai\\\/#listItem\",\"position\":3,\"name\":\"Augaliniai m\\u0117sos pakaitalai\",\"item\":\"https:\\\/\\\/kornita.lt\\\/en\\\/product-category\\\/augaliniai-baltymai\\\/\",\"nextItem\":{\"@type\":\"ListItem\",\"@id\":\"https:\\\/\\\/kornita.lt\\\/en\\\/shop\\\/augaliniai-baltymai\\\/augaliniu-baltymu-is-zirniu-ir-pupu-farsas-250-g\\\/#listItem\",\"name\":\"Augalini\\u0173 baltym\\u0173 i\\u0161 \\u017eirni\\u0173 ir pup\\u0173 far\\u0161as 250 g.\"},\"previousItem\":{\"@type\":\"ListItem\",\"@id\":\"https:\\\/\\\/kornita.lt\\\/en\\\/shop-2\\\/#listItem\",\"name\":\"Shop\"}},{\"@type\":\"ListItem\",\"@id\":\"https:\\\/\\\/kornita.lt\\\/en\\\/shop\\\/augaliniai-baltymai\\\/augaliniu-baltymu-is-zirniu-ir-pupu-farsas-250-g\\\/#listItem\",\"position\":4,\"name\":\"Augalini\\u0173 baltym\\u0173 i\\u0161 \\u017eirni\\u0173 ir pup\\u0173 far\\u0161as 250 g.\",\"previousItem\":{\"@type\":\"ListItem\",\"@id\":\"https:\\\/\\\/kornita.lt\\\/en\\\/product-category\\\/augaliniai-baltymai\\\/#listItem\",\"name\":\"Augaliniai m\\u0117sos pakaitalai\"}}]},{\"@type\":\"Organization\",\"@id\":\"https:\\\/\\\/kornita.lt\\\/en\\\/#organization\",\"name\":\"kornita\",\"url\":\"https:\\\/\\\/kornita.lt\\\/en\\\/\",\"telephone\":\"+37068581463\",\"logo\":{\"@type\":\"ImageObject\",\"url\":\"http:\\\/\\\/kornita.webfactory.lt\\\/wp-content\\\/uploads\\\/2023\\\/04\\\/korni-el-prekyba.png\",\"@id\":\"https:\\\/\\\/kornita.lt\\\/en\\\/shop\\\/augaliniai-baltymai\\\/augaliniu-baltymu-is-zirniu-ir-pupu-farsas-250-g\\\/#organizationLogo\"},\"image\":{\"@id\":\"https:\\\/\\\/kornita.lt\\\/en\\\/shop\\\/augaliniai-baltymai\\\/augaliniu-baltymu-is-zirniu-ir-pupu-farsas-250-g\\\/#organizationLogo\"},\"sameAs\":[\"https:\\\/\\\/www.facebook.com\\\/kornita.lt\"]},{\"@type\":\"Product\",\"@id\":\"https:\\\/\\\/kornita.lt\\\/en\\\/shop\\\/augaliniai-baltymai\\\/augaliniu-baltymu-is-zirniu-ir-pupu-farsas-250-g\\\/#wooCommerceProduct\",\"name\":\"Augalini\\u0173 baltym\\u0173 i\\u0161 \\u017eirni\\u0173 ir pup\\u0173 far\\u0161as 250 g.\",\"url\":\"https:\\\/\\\/kornita.lt\\\/en\\\/shop\\\/augaliniai-baltymai\\\/augaliniu-baltymu-is-zirniu-ir-pupu-farsas-250-g\\\/\",\"image\":{\"@type\":\"ImageObject\",\"url\":\"https:\\\/\\\/kornita.lt\\\/wp-content\\\/uploads\\\/2025\\\/03\\\/Granulate-8020-m-cm-maal-1-600x600-1.jpg\",\"@id\":\"https:\\\/\\\/kornita.lt\\\/en\\\/shop\\\/augaliniai-baltymai\\\/augaliniu-baltymu-is-zirniu-ir-pupu-farsas-250-g\\\/#productImage\",\"width\":600,\"height\":501},\"offers\":{\"@type\":\"Offer\",\"url\":\"https:\\\/\\\/kornita.lt\\\/en\\\/shop\\\/augaliniai-baltymai\\\/augaliniu-baltymu-is-zirniu-ir-pupu-farsas-250-g\\\/#wooCommerceOffer\",\"price\":4.49,\"priceCurrency\":\"EUR\",\"category\":\"Augaliniai m\\u0117sos pakaitalai\",\"availability\":\"https:\\\/\\\/schema.org\\\/InStock\",\"priceSpecification\":{\"@type\":\"PriceSpecification\",\"price\":4.49,\"priceCurrency\":\"EUR\",\"valueAddedTaxIncluded\":\"true\"},\"seller\":{\"@type\":\"Organization\",\"@id\":\"https:\\\/\\\/kornita.lt\\\/en\\\/#organization\"}}},{\"@type\":\"WebPage\",\"@id\":\"https:\\\/\\\/kornita.lt\\\/en\\\/shop\\\/augaliniai-baltymai\\\/augaliniu-baltymu-is-zirniu-ir-pupu-farsas-250-g\\\/#webpage\",\"url\":\"https:\\\/\\\/kornita.lt\\\/en\\\/shop\\\/augaliniai-baltymai\\\/augaliniu-baltymu-is-zirniu-ir-pupu-farsas-250-g\\\/\",\"name\":\"Augalini\\u0173 baltym\\u0173 i\\u0161 \\u017eirni\\u0173 ir pup\\u0173 far\\u0161as 250 g. - kornita\",\"description\":\"M\\u0117sos pakaitalas i\\u0161 \\u017eirni\\u0173 ir pup\\u0173 baltym\\u0173 koncentrato (tekst\\u016bruoti \\u017eirni\\u0173 ir pup\\u0173 baltymai). Be glitimo, be soj\\u0173, tinka alergi\\u0161kiems \\u017emon\\u0117ms. Turi daug baltym\\u0173 ir skaidulini\\u0173 med\\u017eiag\\u0173. Tinka gaminti kotletus, \\u012fdarus, pada\\u017eus makaronams, d\\u0117ti \\u012f sriubas ir kt. Pagamintas produktas turi mink\\u0161t\\u0105, maloni\\u0105 tekst\\u016br\\u0105, yra ma\\u017eiau \\u201cguminis\\u201d palyginti su soj\\u0173 produktais. Gaminimo laikas yra trumpesnis, nereikia\",\"inLanguage\":\"en-US\",\"isPartOf\":{\"@id\":\"https:\\\/\\\/kornita.lt\\\/en\\\/#website\"},\"breadcrumb\":{\"@id\":\"https:\\\/\\\/kornita.lt\\\/en\\\/shop\\\/augaliniai-baltymai\\\/augaliniu-baltymu-is-zirniu-ir-pupu-farsas-250-g\\\/#breadcrumblist\"},\"image\":{\"@type\":\"ImageObject\",\"url\":\"https:\\\/\\\/kornita.lt\\\/wp-content\\\/uploads\\\/2025\\\/03\\\/Granulate-8020-m-cm-maal-1-600x600-1.jpg\",\"@id\":\"https:\\\/\\\/kornita.lt\\\/en\\\/shop\\\/augaliniai-baltymai\\\/augaliniu-baltymu-is-zirniu-ir-pupu-farsas-250-g\\\/#mainImage\",\"width\":600,\"height\":501},\"primaryImageOfPage\":{\"@id\":\"https:\\\/\\\/kornita.lt\\\/en\\\/shop\\\/augaliniai-baltymai\\\/augaliniu-baltymu-is-zirniu-ir-pupu-farsas-250-g\\\/#mainImage\"},\"datePublished\":\"2025-03-14T09:14:48+00:00\",\"dateModified\":\"2025-06-19T15:25:20+00:00\"},{\"@type\":\"WebSite\",\"@id\":\"https:\\\/\\\/kornita.lt\\\/en\\\/#website\",\"url\":\"https:\\\/\\\/kornita.lt\\\/en\\\/\",\"name\":\"kornita\",\"inLanguage\":\"en-US\",\"publisher\":{\"@id\":\"https:\\\/\\\/kornita.lt\\\/en\\\/#organization\"}}]}\n\t\t<\/script>\n\t\t<!-- All in One SEO Pro -->\r\n\t\t<title>Augalini\u0173 baltym\u0173 i\u0161 \u017eirni\u0173 ir pup\u0173 far\u0161as 250 g. - kornita<\/title>\n\n","aioseo_head_json":{"title":"Augalini\u0173 baltym\u0173 i\u0161 \u017eirni\u0173 ir pup\u0173 far\u0161as 250 g. - kornita","description":"M\u0117sos pakaitalas i\u0161 \u017eirni\u0173 ir pup\u0173 baltym\u0173 koncentrato (tekst\u016bruoti \u017eirni\u0173 ir pup\u0173 baltymai). Be glitimo, be soj\u0173, tinka alergi\u0161kiems \u017emon\u0117ms. Turi daug baltym\u0173 ir skaidulini\u0173 med\u017eiag\u0173. Tinka gaminti kotletus, \u012fdarus, pada\u017eus makaronams, d\u0117ti \u012f sriubas ir kt. Pagamintas produktas turi mink\u0161t\u0105, maloni\u0105 tekst\u016br\u0105, yra ma\u017eiau \u201cguminis\u201d palyginti su soj\u0173 produktais. Gaminimo laikas yra trumpesnis, nereikia","canonical_url":"https:\/\/kornita.lt\/en\/shop\/augaliniai-baltymai\/augaliniu-baltymu-is-zirniu-ir-pupu-farsas-250-g\/","robots":"max-image-preview:large","keywords":"","webmasterTools":{"miscellaneous":""},"schema":{"@context":"https:\/\/schema.org","@graph":[{"@type":"BreadcrumbList","@id":"https:\/\/kornita.lt\/en\/shop\/augaliniai-baltymai\/augaliniu-baltymu-is-zirniu-ir-pupu-farsas-250-g\/#breadcrumblist","itemListElement":[{"@type":"ListItem","@id":"https:\/\/kornita.lt\/en\/#listItem","position":1,"name":"Home","item":"https:\/\/kornita.lt\/en\/","nextItem":{"@type":"ListItem","@id":"https:\/\/kornita.lt\/en\/shop-2\/#listItem","name":"Shop"}},{"@type":"ListItem","@id":"https:\/\/kornita.lt\/en\/shop-2\/#listItem","position":2,"name":"Shop","item":"https:\/\/kornita.lt\/en\/shop-2\/","nextItem":{"@type":"ListItem","@id":"https:\/\/kornita.lt\/en\/product-category\/augaliniai-baltymai\/#listItem","name":"Augaliniai m\u0117sos pakaitalai"},"previousItem":{"@type":"ListItem","@id":"https:\/\/kornita.lt\/en\/#listItem","name":"Home"}},{"@type":"ListItem","@id":"https:\/\/kornita.lt\/en\/product-category\/augaliniai-baltymai\/#listItem","position":3,"name":"Augaliniai m\u0117sos pakaitalai","item":"https:\/\/kornita.lt\/en\/product-category\/augaliniai-baltymai\/","nextItem":{"@type":"ListItem","@id":"https:\/\/kornita.lt\/en\/shop\/augaliniai-baltymai\/augaliniu-baltymu-is-zirniu-ir-pupu-farsas-250-g\/#listItem","name":"Augalini\u0173 baltym\u0173 i\u0161 \u017eirni\u0173 ir pup\u0173 far\u0161as 250 g."},"previousItem":{"@type":"ListItem","@id":"https:\/\/kornita.lt\/en\/shop-2\/#listItem","name":"Shop"}},{"@type":"ListItem","@id":"https:\/\/kornita.lt\/en\/shop\/augaliniai-baltymai\/augaliniu-baltymu-is-zirniu-ir-pupu-farsas-250-g\/#listItem","position":4,"name":"Augalini\u0173 baltym\u0173 i\u0161 \u017eirni\u0173 ir pup\u0173 far\u0161as 250 g.","previousItem":{"@type":"ListItem","@id":"https:\/\/kornita.lt\/en\/product-category\/augaliniai-baltymai\/#listItem","name":"Augaliniai m\u0117sos pakaitalai"}}]},{"@type":"Organization","@id":"https:\/\/kornita.lt\/en\/#organization","name":"kornita","url":"https:\/\/kornita.lt\/en\/","telephone":"+37068581463","logo":{"@type":"ImageObject","url":"http:\/\/kornita.webfactory.lt\/wp-content\/uploads\/2023\/04\/korni-el-prekyba.png","@id":"https:\/\/kornita.lt\/en\/shop\/augaliniai-baltymai\/augaliniu-baltymu-is-zirniu-ir-pupu-farsas-250-g\/#organizationLogo"},"image":{"@id":"https:\/\/kornita.lt\/en\/shop\/augaliniai-baltymai\/augaliniu-baltymu-is-zirniu-ir-pupu-farsas-250-g\/#organizationLogo"},"sameAs":["https:\/\/www.facebook.com\/kornita.lt"]},{"@type":"Product","@id":"https:\/\/kornita.lt\/en\/shop\/augaliniai-baltymai\/augaliniu-baltymu-is-zirniu-ir-pupu-farsas-250-g\/#wooCommerceProduct","name":"Augalini\u0173 baltym\u0173 i\u0161 \u017eirni\u0173 ir pup\u0173 far\u0161as 250 g.","url":"https:\/\/kornita.lt\/en\/shop\/augaliniai-baltymai\/augaliniu-baltymu-is-zirniu-ir-pupu-farsas-250-g\/","image":{"@type":"ImageObject","url":"https:\/\/kornita.lt\/wp-content\/uploads\/2025\/03\/Granulate-8020-m-cm-maal-1-600x600-1.jpg","@id":"https:\/\/kornita.lt\/en\/shop\/augaliniai-baltymai\/augaliniu-baltymu-is-zirniu-ir-pupu-farsas-250-g\/#productImage","width":600,"height":501},"offers":{"@type":"Offer","url":"https:\/\/kornita.lt\/en\/shop\/augaliniai-baltymai\/augaliniu-baltymu-is-zirniu-ir-pupu-farsas-250-g\/#wooCommerceOffer","price":4.49,"priceCurrency":"EUR","category":"Augaliniai m\u0117sos pakaitalai","availability":"https:\/\/schema.org\/InStock","priceSpecification":{"@type":"PriceSpecification","price":4.49,"priceCurrency":"EUR","valueAddedTaxIncluded":"true"},"seller":{"@type":"Organization","@id":"https:\/\/kornita.lt\/en\/#organization"}}},{"@type":"WebPage","@id":"https:\/\/kornita.lt\/en\/shop\/augaliniai-baltymai\/augaliniu-baltymu-is-zirniu-ir-pupu-farsas-250-g\/#webpage","url":"https:\/\/kornita.lt\/en\/shop\/augaliniai-baltymai\/augaliniu-baltymu-is-zirniu-ir-pupu-farsas-250-g\/","name":"Augalini\u0173 baltym\u0173 i\u0161 \u017eirni\u0173 ir pup\u0173 far\u0161as 250 g. - kornita","description":"M\u0117sos pakaitalas i\u0161 \u017eirni\u0173 ir pup\u0173 baltym\u0173 koncentrato (tekst\u016bruoti \u017eirni\u0173 ir pup\u0173 baltymai). Be glitimo, be soj\u0173, tinka alergi\u0161kiems \u017emon\u0117ms. Turi daug baltym\u0173 ir skaidulini\u0173 med\u017eiag\u0173. Tinka gaminti kotletus, \u012fdarus, pada\u017eus makaronams, d\u0117ti \u012f sriubas ir kt. Pagamintas produktas turi mink\u0161t\u0105, maloni\u0105 tekst\u016br\u0105, yra ma\u017eiau \u201cguminis\u201d palyginti su soj\u0173 produktais. Gaminimo laikas yra trumpesnis, nereikia","inLanguage":"en-US","isPartOf":{"@id":"https:\/\/kornita.lt\/en\/#website"},"breadcrumb":{"@id":"https:\/\/kornita.lt\/en\/shop\/augaliniai-baltymai\/augaliniu-baltymu-is-zirniu-ir-pupu-farsas-250-g\/#breadcrumblist"},"image":{"@type":"ImageObject","url":"https:\/\/kornita.lt\/wp-content\/uploads\/2025\/03\/Granulate-8020-m-cm-maal-1-600x600-1.jpg","@id":"https:\/\/kornita.lt\/en\/shop\/augaliniai-baltymai\/augaliniu-baltymu-is-zirniu-ir-pupu-farsas-250-g\/#mainImage","width":600,"height":501},"primaryImageOfPage":{"@id":"https:\/\/kornita.lt\/en\/shop\/augaliniai-baltymai\/augaliniu-baltymu-is-zirniu-ir-pupu-farsas-250-g\/#mainImage"},"datePublished":"2025-03-14T09:14:48+00:00","dateModified":"2025-06-19T15:25:20+00:00"},{"@type":"WebSite","@id":"https:\/\/kornita.lt\/en\/#website","url":"https:\/\/kornita.lt\/en\/","name":"kornita","inLanguage":"en-US","publisher":{"@id":"https:\/\/kornita.lt\/en\/#organization"}}]},"og:locale":"en_US","og:site_name":"kornita -","og:type":"article","og:title":"Augalini\u0173 baltym\u0173 i\u0161 \u017eirni\u0173 ir pup\u0173 far\u0161as 250 g. - kornita","og:description":"M\u0117sos pakaitalas i\u0161 \u017eirni\u0173 ir pup\u0173 baltym\u0173 koncentrato (tekst\u016bruoti \u017eirni\u0173 ir pup\u0173 baltymai). Be glitimo, be soj\u0173, tinka alergi\u0161kiems \u017emon\u0117ms. Turi daug baltym\u0173 ir skaidulini\u0173 med\u017eiag\u0173. Tinka gaminti kotletus, \u012fdarus, pada\u017eus makaronams, d\u0117ti \u012f sriubas ir kt. Pagamintas produktas turi mink\u0161t\u0105, maloni\u0105 tekst\u016br\u0105, yra ma\u017eiau \u201cguminis\u201d palyginti su soj\u0173 produktais. Gaminimo laikas yra trumpesnis, nereikia","og:url":"https:\/\/kornita.lt\/en\/shop\/augaliniai-baltymai\/augaliniu-baltymu-is-zirniu-ir-pupu-farsas-250-g\/","og:image":"https:\/\/kornita.webfactory.lt\/wp-content\/uploads\/2023\/04\/korni-el-prekyba.png","og:image:secure_url":"https:\/\/kornita.webfactory.lt\/wp-content\/uploads\/2023\/04\/korni-el-prekyba.png","article:published_time":"2025-03-14T09:14:48+00:00","article:modified_time":"2025-06-19T15:25:20+00:00","article:publisher":"https:\/\/www.facebook.com\/kornita.lt","twitter:card":"summary_large_image","twitter:title":"Augalini\u0173 baltym\u0173 i\u0161 \u017eirni\u0173 ir pup\u0173 far\u0161as 250 g. - kornita","twitter:description":"M\u0117sos pakaitalas i\u0161 \u017eirni\u0173 ir pup\u0173 baltym\u0173 koncentrato (tekst\u016bruoti \u017eirni\u0173 ir pup\u0173 baltymai). Be glitimo, be soj\u0173, tinka alergi\u0161kiems \u017emon\u0117ms. Turi daug baltym\u0173 ir skaidulini\u0173 med\u017eiag\u0173. Tinka gaminti kotletus, \u012fdarus, pada\u017eus makaronams, d\u0117ti \u012f sriubas ir kt. Pagamintas produktas turi mink\u0161t\u0105, maloni\u0105 tekst\u016br\u0105, yra ma\u017eiau \u201cguminis\u201d palyginti su soj\u0173 produktais. Gaminimo laikas yra trumpesnis, nereikia","twitter:image":"http:\/\/kornita.webfactory.lt\/wp-content\/uploads\/2023\/04\/korni-el-prekyba.png"},"aioseo_meta_data":{"post_id":"24772","title":null,"description":null,"keywords":null,"keyphrases":{"focus":{"keyphrase":"","score":0,"analysis":{"keyphraseInTitle":{"score":0,"maxScore":9,"error":1}}},"additional":[]},"primary_term":null,"canonical_url":null,"og_title":null,"og_description":null,"og_object_type":"default","og_image_type":"default","og_image_url":null,"og_image_width":null,"og_image_height":null,"og_image_custom_url":null,"og_image_custom_fields":null,"og_video":"","og_custom_url":null,"og_article_section":null,"og_article_tags":null,"twitter_use_og":false,"twitter_card":"default","twitter_image_type":"default","twitter_image_url":null,"twitter_image_custom_url":null,"twitter_image_custom_fields":null,"twitter_title":null,"twitter_description":null,"schema":{"blockGraphs":[],"customGraphs":[],"default":{"data":{"Article":[],"Course":[],"Dataset":[],"FAQPage":[],"Movie":[],"Person":[],"Product":[],"ProductReview":[],"Car":[],"Recipe":[],"Service":[],"SoftwareApplication":[],"WebPage":[]},"graphName":"ItemPage","isEnabled":true},"graphs":[]},"schema_type":"default","schema_type_options":null,"pillar_content":false,"robots_default":true,"robots_noindex":false,"robots_noarchive":false,"robots_nosnippet":false,"robots_nofollow":false,"robots_noimageindex":false,"robots_noodp":false,"robots_notranslate":false,"robots_max_snippet":"-1","robots_max_videopreview":"-1","robots_max_imagepreview":"large","priority":null,"frequency":"default","local_seo":null,"seo_analyzer_scan_date":"2025-10-09 00:19:38","breadcrumb_settings":null,"limit_modified_date":false,"open_ai":"{\"title\":{\"suggestions\":[],\"usage\":0},\"description\":{\"suggestions\":[],\"usage\":0}}","ai":null,"created":"2025-03-14 09:14:48","updated":"2025-10-21 21:40:24"},"aioseo_breadcrumb":"<div class=\"aioseo-breadcrumbs\"><span class=\"aioseo-breadcrumb\">\n\t<a href=\"https:\/\/kornita.lt\/en\/\" title=\"Home\">Home<\/a>\n<\/span><span class=\"aioseo-breadcrumb-separator\">&raquo;<\/span><span class=\"aioseo-breadcrumb\">\n\t<a href=\"https:\/\/kornita.lt\/en\/shop-2\/\" title=\"Shop\">Shop<\/a>\n<\/span><span class=\"aioseo-breadcrumb-separator\">&raquo;<\/span><span class=\"aioseo-breadcrumb\">\n\t<a href=\"https:\/\/kornita.lt\/en\/product-category\/augaliniai-baltymai\/\" title=\"Augaliniai m\u0117sos pakaitalai\">Augaliniai m\u0117sos pakaitalai<\/a>\n<\/span><span class=\"aioseo-breadcrumb-separator\">&raquo;<\/span><span class=\"aioseo-breadcrumb\">\n\tAugalini\u0173 baltym\u0173 i\u0161 \u017eirni\u0173 ir pup\u0173 far\u0161as 250 g.\n<\/span><\/div>","aioseo_breadcrumb_json":[{"label":"Home","link":"https:\/\/kornita.lt\/en\/"},{"label":"Shop","link":"https:\/\/kornita.lt\/en\/shop-2\/"},{"label":"Augaliniai m\u0117sos pakaitalai","link":"https:\/\/kornita.lt\/en\/product-category\/augaliniai-baltymai\/"},{"label":"Augalini\u0173 baltym\u0173 i\u0161 \u017eirni\u0173 ir pup\u0173 far\u0161as 250 g.","link":"https:\/\/kornita.lt\/en\/shop\/augaliniai-baltymai\/augaliniu-baltymu-is-zirniu-ir-pupu-farsas-250-g\/"}],"_links":{"self":[{"href":"https:\/\/kornita.lt\/en\/wp-json\/wp\/v2\/product\/24772","targetHints":{"allow":["GET"]}}],"collection":[{"href":"https:\/\/kornita.lt\/en\/wp-json\/wp\/v2\/product"}],"about":[{"href":"https:\/\/kornita.lt\/en\/wp-json\/wp\/v2\/types\/product"}],"replies":[{"embeddable":true,"href":"https:\/\/kornita.lt\/en\/wp-json\/wp\/v2\/comments?post=24772"}],"version-history":[{"count":2,"href":"https:\/\/kornita.lt\/en\/wp-json\/wp\/v2\/product\/24772\/revisions"}],"predecessor-version":[{"id":25299,"href":"https:\/\/kornita.lt\/en\/wp-json\/wp\/v2\/product\/24772\/revisions\/25299"}],"wp:featuredmedia":[{"embeddable":true,"href":"https:\/\/kornita.lt\/en\/wp-json\/wp\/v2\/media\/24773"}],"wp:attachment":[{"href":"https:\/\/kornita.lt\/en\/wp-json\/wp\/v2\/media?parent=24772"}],"wp:term":[{"taxonomy":"product_brand","embeddable":true,"href":"https:\/\/kornita.lt\/en\/wp-json\/wp\/v2\/product_brand?post=24772"},{"taxonomy":"product_cat","embeddable":true,"href":"https:\/\/kornita.lt\/en\/wp-json\/wp\/v2\/product_cat?post=24772"},{"taxonomy":"product_tag","embeddable":true,"href":"https:\/\/kornita.lt\/en\/wp-json\/wp\/v2\/product_tag?post=24772"}],"curies":[{"name":"wp","href":"https:\/\/api.w.org\/{rel}","templated":true}]}}