{"id":24681,"date":"2025-02-25T13:46:33","date_gmt":"2025-02-25T13:46:33","guid":{"rendered":"https:\/\/kornita.lt\/?post_type=product&#038;p=24681"},"modified":"2025-11-27T13:07:24","modified_gmt":"2025-11-27T13:07:24","slug":"saldziavaisio-pupmedzio-kerobo-milteliai-500-g","status":"publish","type":"product","link":"https:\/\/kornita.lt\/en\/shop\/saldziavaisio-pupmedzio-kerobo-milteliai\/saldziavaisio-pupmedzio-kerobo-milteliai-500-g\/","title":{"rendered":"Sald\u017eiavaisio pupmed\u017eio (kerobo) milteliai 500 g."},"content":{"rendered":"<p><strong>Sald\u017eiavaisio pupmed\u017eio (kerobo) milteliai<\/strong> \u2013 alternatyva kakavai ir \u0161okoladui.\u00a0\u0160ie nat\u016braliai sald\u016bs rie\u0161utinio skonio milteliai yra sausringame Vidur\u017eemio j\u016bros regione augan\u010dio vis\u017ealio med\u017eio, vadinamo ceratonija, be s\u0117kl\u0173 i\u0161d\u017eiovintos ir sumaltos tamsiai rudos spalvos ank\u0161tys.\u00a0Kerobo milteliai naudojami kaip kakavos pakaitalas \u012fvairiuose g\u0117rimuose, kepiniuose, \u012fdaruose ir desertuose. Tai puiki alternatyva \u017emon\u0117ms, nevartojantiems kavos, kakavos ir \u0161okolado, nes produkte n\u0117ra stimuliuojan\u010di\u0173 med\u017eiag\u0173 \u2013 kofeino ir teobromino, ma\u017eai riebal\u0173, bet daug skaidulini\u0173 med\u017eiag\u0173. Kerobas turi ma\u017e\u0105 glikemijos indeks\u0105, tod\u0117l tai yra puiki \u0161okolado alternatyva diabetikams.<\/p>\n<p>&nbsp;<\/p>\n<p><em><strong>Paruo\u0161imo b\u016bdas<\/strong><\/em><em>:\u00a0<\/em>2-3 valgomuosius \u0161auk\u0161tus milteli\u0173 u\u017epilti kar\u0161tu pienu ar vandeniu, i\u0161mai\u0161yti. Gautas g\u0117rimas yra tir\u0161tos suspensijos pavidalo.\u00a0Kerobo miltelius taip pat galima naudoti \u0161altuose desertuose, pagamintuose i\u0161 jogurto, pieno ar jo augalini\u0173 pakaital\u0173.\u00a0Kad produktas b\u016bt\u0173 kuo vienodesn\u0117s konsistencijos, geriausia miltelius suberti \u012f pien\u0105 ar vanden\u012f ir pavirinti apie 10 minu\u010di\u0173.\u00a0\u0160ie milteliai yra saldesni u\u017e kakav\u0105, tod\u0117l reik\u0117t\u0173 gerokai suma\u017einti receptuose nurodyt\u0105 cukraus kiek\u012f.<\/p>\n<p>&nbsp;<\/p>\n<p><strong>100g maistin\u0117 vert\u0117:<\/strong> energin\u0117 vert\u0117: 1263kJ \/ 301kcal; riebal\u0173 \u2013 0,7 g, i\u0161 kuri\u0173 so\u010di\u0173j\u0173 riebal\u0173 r\u016bg\u0161\u010di\u0173 \u2013 0,1 g; angliavandeni\u0173\u2013 49,1 g, i\u0161 kuri\u0173 cukr\u0173 \u2013 41,1 g; skaidulini\u0173 med\u017eiag\u0173 \u2013 40 g; baltym\u0173 \u2013 4,6 g; druskos \u2013 0,09 g.<\/p>\n<p>Laikyti sausoje ir v\u0117sioje vietoje. Kilm\u0117s \u0161alis Al\u017eyras<\/p>\n<blockquote class=\"wp-embedded-content\" data-secret=\"uGbe5SDA0N\"><p><a href=\"https:\/\/kornita.lt\/kerobas-nauda-savybes-ir-panaudojimo-budai\/\">Kerobas: nauda, savyb\u0117s ir panaudojimo b\u016bdai<\/a><\/p><\/blockquote>\n<p><iframe loading=\"lazy\" class=\"wp-embedded-content\" sandbox=\"allow-scripts\" security=\"restricted\" style=\"position: absolute; visibility: hidden;\" title=\"&#8220;Kerobas: nauda, savyb\u0117s ir panaudojimo b\u016bdai&#8221; &#8212; kornita\" src=\"https:\/\/kornita.lt\/kerobas-nauda-savybes-ir-panaudojimo-budai\/embed\/#?secret=twnCv7Eb8q#?secret=uGbe5SDA0N\" data-secret=\"uGbe5SDA0N\" width=\"500\" height=\"282\" frameborder=\"0\" marginwidth=\"0\" marginheight=\"0\" scrolling=\"no\"><\/iframe><\/p>\n","protected":false},"excerpt":{"rendered":"<p><strong>Sald\u017eiavaisio pupmed\u017eio (kerobo) milteliai<\/strong> \u2013 alternatyva kakavai ir \u0161okoladui.<\/p>\n","protected":false},"featured_media":24678,"comment_status":"open","ping_status":"closed","template":"","meta":[],"product_brand":[],"product_cat":[248],"product_tag":[],"class_list":{"0":"post-24681","1":"product","2":"type-product","3":"status-publish","4":"has-post-thumbnail","6":"product_cat-saldziavaisio-pupmedzio-kerobo-milteliai","7":"product_shipping_class-pristatymas","9":"first","10":"instock","11":"taxable","12":"shipping-taxable","13":"purchasable","14":"product-type-simple"},"aioseo_notices":[],"aioseo_head":"\n\t\t<!-- All in One SEO Pro 4.9.5.2 - aioseo.com -->\n\t<meta name=\"description\" content=\"Sald\u017eiavaisio pupmed\u017eio (kerobo) milteliai \u2013 alternatyva kakavai ir \u0161okoladui.\" \/>\n\t<meta name=\"robots\" content=\"max-image-preview:large\" \/>\n\t<link rel=\"canonical\" href=\"https:\/\/kornita.lt\/en\/shop\/saldziavaisio-pupmedzio-kerobo-milteliai\/saldziavaisio-pupmedzio-kerobo-milteliai-500-g\/\" \/>\n\t<meta name=\"generator\" content=\"All in One SEO Pro (AIOSEO) 4.9.5.2\" \/>\n\t\t<meta property=\"og:locale\" content=\"en_US\" \/>\n\t\t<meta property=\"og:site_name\" content=\"kornita -\" \/>\n\t\t<meta property=\"og:type\" content=\"article\" \/>\n\t\t<meta property=\"og:title\" content=\"Sald\u017eiavaisio pupmed\u017eio (kerobo) milteliai 500 g. - kornita\" \/>\n\t\t<meta property=\"og:description\" content=\"Sald\u017eiavaisio pupmed\u017eio (kerobo) milteliai \u2013 alternatyva kakavai ir \u0161okoladui.\" \/>\n\t\t<meta property=\"og:url\" content=\"https:\/\/kornita.lt\/en\/shop\/saldziavaisio-pupmedzio-kerobo-milteliai\/saldziavaisio-pupmedzio-kerobo-milteliai-500-g\/\" \/>\n\t\t<meta property=\"og:image\" content=\"https:\/\/kornita.webfactory.lt\/wp-content\/uploads\/2023\/04\/korni-el-prekyba.png\" \/>\n\t\t<meta property=\"og:image:secure_url\" content=\"https:\/\/kornita.webfactory.lt\/wp-content\/uploads\/2023\/04\/korni-el-prekyba.png\" \/>\n\t\t<meta property=\"article:published_time\" content=\"2025-02-25T13:46:33+00:00\" \/>\n\t\t<meta property=\"article:modified_time\" content=\"2025-11-27T13:07:24+00:00\" \/>\n\t\t<meta property=\"article:publisher\" content=\"https:\/\/www.facebook.com\/kornita.lt\" \/>\n\t\t<meta name=\"twitter:card\" content=\"summary_large_image\" \/>\n\t\t<meta name=\"twitter:title\" content=\"Sald\u017eiavaisio pupmed\u017eio (kerobo) milteliai 500 g. - kornita\" \/>\n\t\t<meta name=\"twitter:description\" content=\"Sald\u017eiavaisio pupmed\u017eio (kerobo) milteliai \u2013 alternatyva kakavai ir \u0161okoladui.\" \/>\n\t\t<meta name=\"twitter:image\" content=\"http:\/\/kornita.webfactory.lt\/wp-content\/uploads\/2023\/04\/korni-el-prekyba.png\" \/>\n\t\t<script type=\"application\/ld+json\" class=\"aioseo-schema\">\n\t\t\t{\"@context\":\"https:\\\/\\\/schema.org\",\"@graph\":[{\"@type\":\"BreadcrumbList\",\"@id\":\"https:\\\/\\\/kornita.lt\\\/en\\\/shop\\\/saldziavaisio-pupmedzio-kerobo-milteliai\\\/saldziavaisio-pupmedzio-kerobo-milteliai-500-g\\\/#breadcrumblist\",\"itemListElement\":[{\"@type\":\"ListItem\",\"@id\":\"https:\\\/\\\/kornita.lt\\\/en\\\/#listItem\",\"position\":1,\"name\":\"Home\",\"item\":\"https:\\\/\\\/kornita.lt\\\/en\\\/\",\"nextItem\":{\"@type\":\"ListItem\",\"@id\":\"https:\\\/\\\/kornita.lt\\\/en\\\/shop-2\\\/#listItem\",\"name\":\"Shop\"}},{\"@type\":\"ListItem\",\"@id\":\"https:\\\/\\\/kornita.lt\\\/en\\\/shop-2\\\/#listItem\",\"position\":2,\"name\":\"Shop\",\"item\":\"https:\\\/\\\/kornita.lt\\\/en\\\/shop-2\\\/\",\"nextItem\":{\"@type\":\"ListItem\",\"@id\":\"https:\\\/\\\/kornita.lt\\\/en\\\/product-category\\\/saldziavaisio-pupmedzio-kerobo-milteliai\\\/#listItem\",\"name\":\"Sald\\u017eiavaisio pupmed\\u017eio (kerobo) milteliai\"},\"previousItem\":{\"@type\":\"ListItem\",\"@id\":\"https:\\\/\\\/kornita.lt\\\/en\\\/#listItem\",\"name\":\"Home\"}},{\"@type\":\"ListItem\",\"@id\":\"https:\\\/\\\/kornita.lt\\\/en\\\/product-category\\\/saldziavaisio-pupmedzio-kerobo-milteliai\\\/#listItem\",\"position\":3,\"name\":\"Sald\\u017eiavaisio pupmed\\u017eio (kerobo) milteliai\",\"item\":\"https:\\\/\\\/kornita.lt\\\/en\\\/product-category\\\/saldziavaisio-pupmedzio-kerobo-milteliai\\\/\",\"nextItem\":{\"@type\":\"ListItem\",\"@id\":\"https:\\\/\\\/kornita.lt\\\/en\\\/shop\\\/saldziavaisio-pupmedzio-kerobo-milteliai\\\/saldziavaisio-pupmedzio-kerobo-milteliai-500-g\\\/#listItem\",\"name\":\"Sald\\u017eiavaisio pupmed\\u017eio (kerobo) milteliai 500 g.\"},\"previousItem\":{\"@type\":\"ListItem\",\"@id\":\"https:\\\/\\\/kornita.lt\\\/en\\\/shop-2\\\/#listItem\",\"name\":\"Shop\"}},{\"@type\":\"ListItem\",\"@id\":\"https:\\\/\\\/kornita.lt\\\/en\\\/shop\\\/saldziavaisio-pupmedzio-kerobo-milteliai\\\/saldziavaisio-pupmedzio-kerobo-milteliai-500-g\\\/#listItem\",\"position\":4,\"name\":\"Sald\\u017eiavaisio pupmed\\u017eio (kerobo) milteliai 500 g.\",\"previousItem\":{\"@type\":\"ListItem\",\"@id\":\"https:\\\/\\\/kornita.lt\\\/en\\\/product-category\\\/saldziavaisio-pupmedzio-kerobo-milteliai\\\/#listItem\",\"name\":\"Sald\\u017eiavaisio pupmed\\u017eio (kerobo) milteliai\"}}]},{\"@type\":\"Organization\",\"@id\":\"https:\\\/\\\/kornita.lt\\\/en\\\/#organization\",\"name\":\"kornita\",\"url\":\"https:\\\/\\\/kornita.lt\\\/en\\\/\",\"telephone\":\"+37068581463\",\"logo\":{\"@type\":\"ImageObject\",\"url\":\"http:\\\/\\\/kornita.webfactory.lt\\\/wp-content\\\/uploads\\\/2023\\\/04\\\/korni-el-prekyba.png\",\"@id\":\"https:\\\/\\\/kornita.lt\\\/en\\\/shop\\\/saldziavaisio-pupmedzio-kerobo-milteliai\\\/saldziavaisio-pupmedzio-kerobo-milteliai-500-g\\\/#organizationLogo\"},\"image\":{\"@id\":\"https:\\\/\\\/kornita.lt\\\/en\\\/shop\\\/saldziavaisio-pupmedzio-kerobo-milteliai\\\/saldziavaisio-pupmedzio-kerobo-milteliai-500-g\\\/#organizationLogo\"},\"sameAs\":[\"https:\\\/\\\/www.facebook.com\\\/kornita.lt\"]},{\"@type\":\"Product\",\"@id\":\"https:\\\/\\\/kornita.lt\\\/en\\\/shop\\\/saldziavaisio-pupmedzio-kerobo-milteliai\\\/saldziavaisio-pupmedzio-kerobo-milteliai-500-g\\\/#wooCommerceProduct\",\"name\":\"Sald\\u017eiavaisio pupmed\\u017eio (kerobo) milteliai 500 g.\",\"description\":\"Sald\\u017eiavaisio pupmed\\u017eio (kerobo) milteliai \\u2013 alternatyva kakavai ir \\u0161okoladui.\",\"url\":\"https:\\\/\\\/kornita.lt\\\/en\\\/shop\\\/saldziavaisio-pupmedzio-kerobo-milteliai\\\/saldziavaisio-pupmedzio-kerobo-milteliai-500-g\\\/\",\"image\":{\"@type\":\"ImageObject\",\"url\":\"https:\\\/\\\/kornita.lt\\\/wp-content\\\/uploads\\\/2025\\\/02\\\/u1115294677_carob_powder_-profile_a1uyqtr_-v_61_85d6c731-d1a3-4abb-be82-0fddf446cb9d_0.png\",\"@id\":\"https:\\\/\\\/kornita.lt\\\/en\\\/shop\\\/saldziavaisio-pupmedzio-kerobo-milteliai\\\/saldziavaisio-pupmedzio-kerobo-milteliai-500-g\\\/#productImage\",\"width\":1024,\"height\":1024},\"offers\":{\"@type\":\"Offer\",\"url\":\"https:\\\/\\\/kornita.lt\\\/en\\\/shop\\\/saldziavaisio-pupmedzio-kerobo-milteliai\\\/saldziavaisio-pupmedzio-kerobo-milteliai-500-g\\\/#wooCommerceOffer\",\"price\":3.99,\"priceCurrency\":\"EUR\",\"category\":\"Sald\\u017eiavaisio pupmed\\u017eio (kerobo) milteliai\",\"availability\":\"https:\\\/\\\/schema.org\\\/InStock\",\"priceSpecification\":{\"@type\":\"PriceSpecification\",\"price\":3.99,\"priceCurrency\":\"EUR\",\"valueAddedTaxIncluded\":\"true\"},\"seller\":{\"@type\":\"Organization\",\"@id\":\"https:\\\/\\\/kornita.lt\\\/en\\\/#organization\"}},\"aggregateRating\":{\"@type\":\"AggregateRating\",\"@id\":\"https:\\\/\\\/kornita.lt\\\/en\\\/shop\\\/saldziavaisio-pupmedzio-kerobo-milteliai\\\/saldziavaisio-pupmedzio-kerobo-milteliai-500-g\\\/#aggregrateRating\",\"worstRating\":1,\"bestRating\":5,\"ratingValue\":5,\"reviewCount\":1}},{\"@type\":\"WebPage\",\"@id\":\"https:\\\/\\\/kornita.lt\\\/en\\\/shop\\\/saldziavaisio-pupmedzio-kerobo-milteliai\\\/saldziavaisio-pupmedzio-kerobo-milteliai-500-g\\\/#webpage\",\"url\":\"https:\\\/\\\/kornita.lt\\\/en\\\/shop\\\/saldziavaisio-pupmedzio-kerobo-milteliai\\\/saldziavaisio-pupmedzio-kerobo-milteliai-500-g\\\/\",\"name\":\"Sald\\u017eiavaisio pupmed\\u017eio (kerobo) milteliai 500 g. - kornita\",\"description\":\"Sald\\u017eiavaisio pupmed\\u017eio (kerobo) milteliai \\u2013 alternatyva kakavai ir \\u0161okoladui.\",\"inLanguage\":\"en-US\",\"isPartOf\":{\"@id\":\"https:\\\/\\\/kornita.lt\\\/en\\\/#website\"},\"breadcrumb\":{\"@id\":\"https:\\\/\\\/kornita.lt\\\/en\\\/shop\\\/saldziavaisio-pupmedzio-kerobo-milteliai\\\/saldziavaisio-pupmedzio-kerobo-milteliai-500-g\\\/#breadcrumblist\"},\"image\":{\"@type\":\"ImageObject\",\"url\":\"https:\\\/\\\/kornita.lt\\\/wp-content\\\/uploads\\\/2025\\\/02\\\/u1115294677_carob_powder_-profile_a1uyqtr_-v_61_85d6c731-d1a3-4abb-be82-0fddf446cb9d_0.png\",\"@id\":\"https:\\\/\\\/kornita.lt\\\/en\\\/shop\\\/saldziavaisio-pupmedzio-kerobo-milteliai\\\/saldziavaisio-pupmedzio-kerobo-milteliai-500-g\\\/#mainImage\",\"width\":1024,\"height\":1024},\"primaryImageOfPage\":{\"@id\":\"https:\\\/\\\/kornita.lt\\\/en\\\/shop\\\/saldziavaisio-pupmedzio-kerobo-milteliai\\\/saldziavaisio-pupmedzio-kerobo-milteliai-500-g\\\/#mainImage\"},\"datePublished\":\"2025-02-25T13:46:33+00:00\",\"dateModified\":\"2025-11-27T13:07:24+00:00\"},{\"@type\":\"WebSite\",\"@id\":\"https:\\\/\\\/kornita.lt\\\/en\\\/#website\",\"url\":\"https:\\\/\\\/kornita.lt\\\/en\\\/\",\"name\":\"kornita\",\"inLanguage\":\"en-US\",\"publisher\":{\"@id\":\"https:\\\/\\\/kornita.lt\\\/en\\\/#organization\"}}]}\n\t\t<\/script>\n\t\t<!-- All in One SEO Pro -->\r\n\t\t<title>Sald\u017eiavaisio pupmed\u017eio (kerobo) milteliai 500 g. - kornita<\/title>\n\n","aioseo_head_json":{"title":"Sald\u017eiavaisio pupmed\u017eio (kerobo) milteliai 500 g. - kornita","description":"Sald\u017eiavaisio pupmed\u017eio (kerobo) milteliai \u2013 alternatyva kakavai ir \u0161okoladui.","canonical_url":"https:\/\/kornita.lt\/en\/shop\/saldziavaisio-pupmedzio-kerobo-milteliai\/saldziavaisio-pupmedzio-kerobo-milteliai-500-g\/","robots":"max-image-preview:large","keywords":"","webmasterTools":{"miscellaneous":""},"schema":{"@context":"https:\/\/schema.org","@graph":[{"@type":"BreadcrumbList","@id":"https:\/\/kornita.lt\/en\/shop\/saldziavaisio-pupmedzio-kerobo-milteliai\/saldziavaisio-pupmedzio-kerobo-milteliai-500-g\/#breadcrumblist","itemListElement":[{"@type":"ListItem","@id":"https:\/\/kornita.lt\/en\/#listItem","position":1,"name":"Home","item":"https:\/\/kornita.lt\/en\/","nextItem":{"@type":"ListItem","@id":"https:\/\/kornita.lt\/en\/shop-2\/#listItem","name":"Shop"}},{"@type":"ListItem","@id":"https:\/\/kornita.lt\/en\/shop-2\/#listItem","position":2,"name":"Shop","item":"https:\/\/kornita.lt\/en\/shop-2\/","nextItem":{"@type":"ListItem","@id":"https:\/\/kornita.lt\/en\/product-category\/saldziavaisio-pupmedzio-kerobo-milteliai\/#listItem","name":"Sald\u017eiavaisio pupmed\u017eio (kerobo) milteliai"},"previousItem":{"@type":"ListItem","@id":"https:\/\/kornita.lt\/en\/#listItem","name":"Home"}},{"@type":"ListItem","@id":"https:\/\/kornita.lt\/en\/product-category\/saldziavaisio-pupmedzio-kerobo-milteliai\/#listItem","position":3,"name":"Sald\u017eiavaisio pupmed\u017eio (kerobo) milteliai","item":"https:\/\/kornita.lt\/en\/product-category\/saldziavaisio-pupmedzio-kerobo-milteliai\/","nextItem":{"@type":"ListItem","@id":"https:\/\/kornita.lt\/en\/shop\/saldziavaisio-pupmedzio-kerobo-milteliai\/saldziavaisio-pupmedzio-kerobo-milteliai-500-g\/#listItem","name":"Sald\u017eiavaisio pupmed\u017eio (kerobo) milteliai 500 g."},"previousItem":{"@type":"ListItem","@id":"https:\/\/kornita.lt\/en\/shop-2\/#listItem","name":"Shop"}},{"@type":"ListItem","@id":"https:\/\/kornita.lt\/en\/shop\/saldziavaisio-pupmedzio-kerobo-milteliai\/saldziavaisio-pupmedzio-kerobo-milteliai-500-g\/#listItem","position":4,"name":"Sald\u017eiavaisio pupmed\u017eio (kerobo) milteliai 500 g.","previousItem":{"@type":"ListItem","@id":"https:\/\/kornita.lt\/en\/product-category\/saldziavaisio-pupmedzio-kerobo-milteliai\/#listItem","name":"Sald\u017eiavaisio pupmed\u017eio (kerobo) milteliai"}}]},{"@type":"Organization","@id":"https:\/\/kornita.lt\/en\/#organization","name":"kornita","url":"https:\/\/kornita.lt\/en\/","telephone":"+37068581463","logo":{"@type":"ImageObject","url":"http:\/\/kornita.webfactory.lt\/wp-content\/uploads\/2023\/04\/korni-el-prekyba.png","@id":"https:\/\/kornita.lt\/en\/shop\/saldziavaisio-pupmedzio-kerobo-milteliai\/saldziavaisio-pupmedzio-kerobo-milteliai-500-g\/#organizationLogo"},"image":{"@id":"https:\/\/kornita.lt\/en\/shop\/saldziavaisio-pupmedzio-kerobo-milteliai\/saldziavaisio-pupmedzio-kerobo-milteliai-500-g\/#organizationLogo"},"sameAs":["https:\/\/www.facebook.com\/kornita.lt"]},{"@type":"Product","@id":"https:\/\/kornita.lt\/en\/shop\/saldziavaisio-pupmedzio-kerobo-milteliai\/saldziavaisio-pupmedzio-kerobo-milteliai-500-g\/#wooCommerceProduct","name":"Sald\u017eiavaisio pupmed\u017eio (kerobo) milteliai 500 g.","description":"Sald\u017eiavaisio pupmed\u017eio (kerobo) milteliai \u2013 alternatyva kakavai ir \u0161okoladui.","url":"https:\/\/kornita.lt\/en\/shop\/saldziavaisio-pupmedzio-kerobo-milteliai\/saldziavaisio-pupmedzio-kerobo-milteliai-500-g\/","image":{"@type":"ImageObject","url":"https:\/\/kornita.lt\/wp-content\/uploads\/2025\/02\/u1115294677_carob_powder_-profile_a1uyqtr_-v_61_85d6c731-d1a3-4abb-be82-0fddf446cb9d_0.png","@id":"https:\/\/kornita.lt\/en\/shop\/saldziavaisio-pupmedzio-kerobo-milteliai\/saldziavaisio-pupmedzio-kerobo-milteliai-500-g\/#productImage","width":1024,"height":1024},"offers":{"@type":"Offer","url":"https:\/\/kornita.lt\/en\/shop\/saldziavaisio-pupmedzio-kerobo-milteliai\/saldziavaisio-pupmedzio-kerobo-milteliai-500-g\/#wooCommerceOffer","price":3.99,"priceCurrency":"EUR","category":"Sald\u017eiavaisio pupmed\u017eio (kerobo) milteliai","availability":"https:\/\/schema.org\/InStock","priceSpecification":{"@type":"PriceSpecification","price":3.99,"priceCurrency":"EUR","valueAddedTaxIncluded":"true"},"seller":{"@type":"Organization","@id":"https:\/\/kornita.lt\/en\/#organization"}},"aggregateRating":{"@type":"AggregateRating","@id":"https:\/\/kornita.lt\/en\/shop\/saldziavaisio-pupmedzio-kerobo-milteliai\/saldziavaisio-pupmedzio-kerobo-milteliai-500-g\/#aggregrateRating","worstRating":1,"bestRating":5,"ratingValue":5,"reviewCount":1}},{"@type":"WebPage","@id":"https:\/\/kornita.lt\/en\/shop\/saldziavaisio-pupmedzio-kerobo-milteliai\/saldziavaisio-pupmedzio-kerobo-milteliai-500-g\/#webpage","url":"https:\/\/kornita.lt\/en\/shop\/saldziavaisio-pupmedzio-kerobo-milteliai\/saldziavaisio-pupmedzio-kerobo-milteliai-500-g\/","name":"Sald\u017eiavaisio pupmed\u017eio (kerobo) milteliai 500 g. - kornita","description":"Sald\u017eiavaisio pupmed\u017eio (kerobo) milteliai \u2013 alternatyva kakavai ir \u0161okoladui.","inLanguage":"en-US","isPartOf":{"@id":"https:\/\/kornita.lt\/en\/#website"},"breadcrumb":{"@id":"https:\/\/kornita.lt\/en\/shop\/saldziavaisio-pupmedzio-kerobo-milteliai\/saldziavaisio-pupmedzio-kerobo-milteliai-500-g\/#breadcrumblist"},"image":{"@type":"ImageObject","url":"https:\/\/kornita.lt\/wp-content\/uploads\/2025\/02\/u1115294677_carob_powder_-profile_a1uyqtr_-v_61_85d6c731-d1a3-4abb-be82-0fddf446cb9d_0.png","@id":"https:\/\/kornita.lt\/en\/shop\/saldziavaisio-pupmedzio-kerobo-milteliai\/saldziavaisio-pupmedzio-kerobo-milteliai-500-g\/#mainImage","width":1024,"height":1024},"primaryImageOfPage":{"@id":"https:\/\/kornita.lt\/en\/shop\/saldziavaisio-pupmedzio-kerobo-milteliai\/saldziavaisio-pupmedzio-kerobo-milteliai-500-g\/#mainImage"},"datePublished":"2025-02-25T13:46:33+00:00","dateModified":"2025-11-27T13:07:24+00:00"},{"@type":"WebSite","@id":"https:\/\/kornita.lt\/en\/#website","url":"https:\/\/kornita.lt\/en\/","name":"kornita","inLanguage":"en-US","publisher":{"@id":"https:\/\/kornita.lt\/en\/#organization"}}]},"og:locale":"en_US","og:site_name":"kornita -","og:type":"article","og:title":"Sald\u017eiavaisio pupmed\u017eio (kerobo) milteliai 500 g. - kornita","og:description":"Sald\u017eiavaisio pupmed\u017eio (kerobo) milteliai \u2013 alternatyva kakavai ir \u0161okoladui.","og:url":"https:\/\/kornita.lt\/en\/shop\/saldziavaisio-pupmedzio-kerobo-milteliai\/saldziavaisio-pupmedzio-kerobo-milteliai-500-g\/","og:image":"https:\/\/kornita.webfactory.lt\/wp-content\/uploads\/2023\/04\/korni-el-prekyba.png","og:image:secure_url":"https:\/\/kornita.webfactory.lt\/wp-content\/uploads\/2023\/04\/korni-el-prekyba.png","article:published_time":"2025-02-25T13:46:33+00:00","article:modified_time":"2025-11-27T13:07:24+00:00","article:publisher":"https:\/\/www.facebook.com\/kornita.lt","twitter:card":"summary_large_image","twitter:title":"Sald\u017eiavaisio pupmed\u017eio (kerobo) milteliai 500 g. - kornita","twitter:description":"Sald\u017eiavaisio pupmed\u017eio (kerobo) milteliai \u2013 alternatyva kakavai ir \u0161okoladui.","twitter:image":"http:\/\/kornita.webfactory.lt\/wp-content\/uploads\/2023\/04\/korni-el-prekyba.png"},"aioseo_meta_data":{"post_id":"24681","title":null,"description":null,"keywords":null,"keyphrases":{"focus":{"keyphrase":"","score":0,"analysis":{"keyphraseInTitle":{"score":0,"maxScore":9,"error":1}}},"additional":[]},"primary_term":null,"canonical_url":null,"og_title":null,"og_description":null,"og_object_type":"default","og_image_type":"default","og_image_url":null,"og_image_width":null,"og_image_height":null,"og_image_custom_url":null,"og_image_custom_fields":null,"og_video":"","og_custom_url":null,"og_article_section":null,"og_article_tags":null,"twitter_use_og":false,"twitter_card":"default","twitter_image_type":"default","twitter_image_url":null,"twitter_image_custom_url":null,"twitter_image_custom_fields":null,"twitter_title":null,"twitter_description":null,"schema":{"blockGraphs":[],"customGraphs":[],"default":{"data":{"Article":[],"Course":[],"Dataset":[],"FAQPage":[],"Movie":[],"Person":[],"Product":[],"ProductReview":[],"Car":[],"Recipe":[],"Service":[],"SoftwareApplication":[],"WebPage":[]},"graphName":"ItemPage","isEnabled":true},"graphs":[]},"schema_type":"default","schema_type_options":null,"pillar_content":false,"robots_default":true,"robots_noindex":false,"robots_noarchive":false,"robots_nosnippet":false,"robots_nofollow":false,"robots_noimageindex":false,"robots_noodp":false,"robots_notranslate":false,"robots_max_snippet":"-1","robots_max_videopreview":"-1","robots_max_imagepreview":"large","priority":null,"frequency":"default","local_seo":null,"seo_analyzer_scan_date":"2025-10-09 00:19:35","breadcrumb_settings":null,"limit_modified_date":false,"open_ai":"{\"title\":{\"suggestions\":[],\"usage\":0},\"description\":{\"suggestions\":[],\"usage\":0}}","ai":null,"created":"2025-02-25 13:46:33","updated":"2025-11-27 13:21:17"},"aioseo_breadcrumb":"<div class=\"aioseo-breadcrumbs\"><span class=\"aioseo-breadcrumb\">\n\t<a href=\"https:\/\/kornita.lt\/en\/\" title=\"Home\">Home<\/a>\n<\/span><span class=\"aioseo-breadcrumb-separator\">&raquo;<\/span><span class=\"aioseo-breadcrumb\">\n\t<a href=\"https:\/\/kornita.lt\/en\/shop-2\/\" title=\"Shop\">Shop<\/a>\n<\/span><span class=\"aioseo-breadcrumb-separator\">&raquo;<\/span><span class=\"aioseo-breadcrumb\">\n\t<a href=\"https:\/\/kornita.lt\/en\/product-category\/saldziavaisio-pupmedzio-kerobo-milteliai\/\" title=\"Sald\u017eiavaisio pupmed\u017eio (kerobo) milteliai\">Sald\u017eiavaisio pupmed\u017eio (kerobo) milteliai<\/a>\n<\/span><span class=\"aioseo-breadcrumb-separator\">&raquo;<\/span><span class=\"aioseo-breadcrumb\">\n\tSald\u017eiavaisio pupmed\u017eio (kerobo) milteliai 500 g.\n<\/span><\/div>","aioseo_breadcrumb_json":[{"label":"Home","link":"https:\/\/kornita.lt\/en\/"},{"label":"Shop","link":"https:\/\/kornita.lt\/en\/shop-2\/"},{"label":"Sald\u017eiavaisio pupmed\u017eio (kerobo) milteliai","link":"https:\/\/kornita.lt\/en\/product-category\/saldziavaisio-pupmedzio-kerobo-milteliai\/"},{"label":"Sald\u017eiavaisio pupmed\u017eio (kerobo) milteliai 500 g.","link":"https:\/\/kornita.lt\/en\/shop\/saldziavaisio-pupmedzio-kerobo-milteliai\/saldziavaisio-pupmedzio-kerobo-milteliai-500-g\/"}],"_links":{"self":[{"href":"https:\/\/kornita.lt\/en\/wp-json\/wp\/v2\/product\/24681","targetHints":{"allow":["GET"]}}],"collection":[{"href":"https:\/\/kornita.lt\/en\/wp-json\/wp\/v2\/product"}],"about":[{"href":"https:\/\/kornita.lt\/en\/wp-json\/wp\/v2\/types\/product"}],"replies":[{"embeddable":true,"href":"https:\/\/kornita.lt\/en\/wp-json\/wp\/v2\/comments?post=24681"}],"version-history":[{"count":4,"href":"https:\/\/kornita.lt\/en\/wp-json\/wp\/v2\/product\/24681\/revisions"}],"predecessor-version":[{"id":24880,"href":"https:\/\/kornita.lt\/en\/wp-json\/wp\/v2\/product\/24681\/revisions\/24880"}],"wp:featuredmedia":[{"embeddable":true,"href":"https:\/\/kornita.lt\/en\/wp-json\/wp\/v2\/media\/24678"}],"wp:attachment":[{"href":"https:\/\/kornita.lt\/en\/wp-json\/wp\/v2\/media?parent=24681"}],"wp:term":[{"taxonomy":"product_brand","embeddable":true,"href":"https:\/\/kornita.lt\/en\/wp-json\/wp\/v2\/product_brand?post=24681"},{"taxonomy":"product_cat","embeddable":true,"href":"https:\/\/kornita.lt\/en\/wp-json\/wp\/v2\/product_cat?post=24681"},{"taxonomy":"product_tag","embeddable":true,"href":"https:\/\/kornita.lt\/en\/wp-json\/wp\/v2\/product_tag?post=24681"}],"curies":[{"name":"wp","href":"https:\/\/api.w.org\/{rel}","templated":true}]}}