{"id":24537,"date":"2025-01-24T12:51:31","date_gmt":"2025-01-24T12:51:31","guid":{"rendered":"https:\/\/kornita.lt\/?post_type=product&#038;p=24537"},"modified":"2025-05-19T08:57:04","modified_gmt":"2025-05-19T08:57:04","slug":"himalaju-druskos-laizalas-gyvuliams-10-kg","status":"publish","type":"product","link":"https:\/\/kornita.lt\/en\/shop\/himalaju-druskos-gaminiai\/himalaju-druskos-laizalas-gyvuliams-10-kg\/","title":{"rendered":"Himalaj\u0173 druskos lai\u017ealas gyvuliams 10 kg."},"content":{"rendered":"<p>Presuotos Himalaj\u0173 druskos blokas buvo strategi\u0161kai suprojektuotas taip, kad jo kra\u0161tai b\u016bt\u0173 lenkti, o pavir\u0161ius lygus, kad b\u016bt\u0173 patrauklesnis lai\u017eant, nes jis puikiai reaguoja \u012f \u0161iurk\u0161\u010di\u0105 gyv\u016bno lie\u017euvio tekst\u016br\u0105 ir gali laisvai lai\u017eyti blok\u0105, nebijodamas \u0161iurk\u0161\u010di\u0173 nubrozdinim\u0173. Blokas taip pat turi skyl\u0119, kuri padeda blokui i\u0161likti. J\u012f galima u\u017ed\u0117ti ant lazdel\u0117s ar stulpo, kad laikyt\u0173si vietoje, o tai u\u017etikrins, kad bloko pad\u0117tis neb\u016bt\u0173 sutrikdyta net kai vienu metu lai\u017eo keli gyv\u016bnai.<\/p>\n","protected":false},"excerpt":{"rendered":"<p>Presuotos Himalaj\u0173 druskos blokas buvo strategi\u0161kai suprojektuotas taip, kad jo kra\u0161tai b\u016bt\u0173 lenkti, o pavir\u0161ius lygus, kad b\u016bt\u0173 patrauklesnis lai\u017eant,<\/p>\n","protected":false},"featured_media":24529,"comment_status":"open","ping_status":"closed","template":"","meta":[],"product_brand":[],"product_cat":[200],"product_tag":[],"class_list":{"0":"post-24537","1":"product","2":"type-product","3":"status-publish","4":"has-post-thumbnail","6":"product_cat-himalaju-druskos-gaminiai","7":"product_shipping_class-netelpa-i-pastomata","9":"first","10":"instock","11":"taxable","12":"shipping-taxable","13":"purchasable","14":"product-type-simple"},"aioseo_notices":[],"aioseo_head":"\n\t\t<!-- All in One SEO Pro 4.9.5.2 - aioseo.com -->\n\t<meta name=\"description\" content=\"Presuotos Himalaj\u0173 druskos blokas buvo strategi\u0161kai suprojektuotas taip, kad jo kra\u0161tai b\u016bt\u0173 lenkti, o pavir\u0161ius lygus, kad b\u016bt\u0173 patrauklesnis lai\u017eant, nes jis puikiai reaguoja \u012f \u0161iurk\u0161\u010di\u0105 gyv\u016bno lie\u017euvio tekst\u016br\u0105 ir gali laisvai lai\u017eyti blok\u0105, nebijodamas \u0161iurk\u0161\u010di\u0173 nubrozdinim\u0173. Blokas taip pat turi skyl\u0119, kuri padeda blokui i\u0161likti. J\u012f galima u\u017ed\u0117ti ant lazdel\u0117s ar stulpo, kad laikyt\u0173si\" \/>\n\t<meta name=\"robots\" content=\"max-image-preview:large\" \/>\n\t<link rel=\"canonical\" href=\"https:\/\/kornita.lt\/en\/shop\/himalaju-druskos-gaminiai\/himalaju-druskos-laizalas-gyvuliams-10-kg\/\" \/>\n\t<meta name=\"generator\" content=\"All in One SEO Pro (AIOSEO) 4.9.5.2\" \/>\n\t\t<meta property=\"og:locale\" content=\"en_US\" \/>\n\t\t<meta property=\"og:site_name\" content=\"kornita -\" \/>\n\t\t<meta property=\"og:type\" content=\"article\" \/>\n\t\t<meta property=\"og:title\" content=\"Himalaj\u0173 druskos lai\u017ealas gyvuliams 10 kg. - kornita\" \/>\n\t\t<meta property=\"og:description\" content=\"Presuotos Himalaj\u0173 druskos blokas buvo strategi\u0161kai suprojektuotas taip, kad jo kra\u0161tai b\u016bt\u0173 lenkti, o pavir\u0161ius lygus, kad b\u016bt\u0173 patrauklesnis lai\u017eant, nes jis puikiai reaguoja \u012f \u0161iurk\u0161\u010di\u0105 gyv\u016bno lie\u017euvio tekst\u016br\u0105 ir gali laisvai lai\u017eyti blok\u0105, nebijodamas \u0161iurk\u0161\u010di\u0173 nubrozdinim\u0173. Blokas taip pat turi skyl\u0119, kuri padeda blokui i\u0161likti. J\u012f galima u\u017ed\u0117ti ant lazdel\u0117s ar stulpo, kad laikyt\u0173si\" \/>\n\t\t<meta property=\"og:url\" content=\"https:\/\/kornita.lt\/en\/shop\/himalaju-druskos-gaminiai\/himalaju-druskos-laizalas-gyvuliams-10-kg\/\" \/>\n\t\t<meta property=\"og:image\" content=\"https:\/\/kornita.webfactory.lt\/wp-content\/uploads\/2023\/04\/korni-el-prekyba.png\" \/>\n\t\t<meta property=\"og:image:secure_url\" content=\"https:\/\/kornita.webfactory.lt\/wp-content\/uploads\/2023\/04\/korni-el-prekyba.png\" \/>\n\t\t<meta property=\"article:published_time\" content=\"2025-01-24T12:51:31+00:00\" \/>\n\t\t<meta property=\"article:modified_time\" content=\"2025-05-19T08:57:04+00:00\" \/>\n\t\t<meta property=\"article:publisher\" content=\"https:\/\/www.facebook.com\/kornita.lt\" \/>\n\t\t<meta name=\"twitter:card\" content=\"summary_large_image\" \/>\n\t\t<meta name=\"twitter:title\" content=\"Himalaj\u0173 druskos lai\u017ealas gyvuliams 10 kg. - kornita\" \/>\n\t\t<meta name=\"twitter:description\" content=\"Presuotos Himalaj\u0173 druskos blokas buvo strategi\u0161kai suprojektuotas taip, kad jo kra\u0161tai b\u016bt\u0173 lenkti, o pavir\u0161ius lygus, kad b\u016bt\u0173 patrauklesnis lai\u017eant, nes jis puikiai reaguoja \u012f \u0161iurk\u0161\u010di\u0105 gyv\u016bno lie\u017euvio tekst\u016br\u0105 ir gali laisvai lai\u017eyti blok\u0105, nebijodamas \u0161iurk\u0161\u010di\u0173 nubrozdinim\u0173. Blokas taip pat turi skyl\u0119, kuri padeda blokui i\u0161likti. J\u012f galima u\u017ed\u0117ti ant lazdel\u0117s ar stulpo, kad laikyt\u0173si\" \/>\n\t\t<meta name=\"twitter:image\" content=\"http:\/\/kornita.webfactory.lt\/wp-content\/uploads\/2023\/04\/korni-el-prekyba.png\" \/>\n\t\t<script type=\"application\/ld+json\" class=\"aioseo-schema\">\n\t\t\t{\"@context\":\"https:\\\/\\\/schema.org\",\"@graph\":[{\"@type\":\"BreadcrumbList\",\"@id\":\"https:\\\/\\\/kornita.lt\\\/en\\\/shop\\\/himalaju-druskos-gaminiai\\\/himalaju-druskos-laizalas-gyvuliams-10-kg\\\/#breadcrumblist\",\"itemListElement\":[{\"@type\":\"ListItem\",\"@id\":\"https:\\\/\\\/kornita.lt\\\/en\\\/#listItem\",\"position\":1,\"name\":\"Home\",\"item\":\"https:\\\/\\\/kornita.lt\\\/en\\\/\",\"nextItem\":{\"@type\":\"ListItem\",\"@id\":\"https:\\\/\\\/kornita.lt\\\/en\\\/shop-2\\\/#listItem\",\"name\":\"Shop\"}},{\"@type\":\"ListItem\",\"@id\":\"https:\\\/\\\/kornita.lt\\\/en\\\/shop-2\\\/#listItem\",\"position\":2,\"name\":\"Shop\",\"item\":\"https:\\\/\\\/kornita.lt\\\/en\\\/shop-2\\\/\",\"nextItem\":{\"@type\":\"ListItem\",\"@id\":\"https:\\\/\\\/kornita.lt\\\/en\\\/product-category\\\/himalaju-druskos-gaminiai\\\/#listItem\",\"name\":\"Himalaj\\u0173 druskos gaminiai\"},\"previousItem\":{\"@type\":\"ListItem\",\"@id\":\"https:\\\/\\\/kornita.lt\\\/en\\\/#listItem\",\"name\":\"Home\"}},{\"@type\":\"ListItem\",\"@id\":\"https:\\\/\\\/kornita.lt\\\/en\\\/product-category\\\/himalaju-druskos-gaminiai\\\/#listItem\",\"position\":3,\"name\":\"Himalaj\\u0173 druskos gaminiai\",\"item\":\"https:\\\/\\\/kornita.lt\\\/en\\\/product-category\\\/himalaju-druskos-gaminiai\\\/\",\"nextItem\":{\"@type\":\"ListItem\",\"@id\":\"https:\\\/\\\/kornita.lt\\\/en\\\/shop\\\/himalaju-druskos-gaminiai\\\/himalaju-druskos-laizalas-gyvuliams-10-kg\\\/#listItem\",\"name\":\"Himalaj\\u0173 druskos lai\\u017ealas gyvuliams 10 kg.\"},\"previousItem\":{\"@type\":\"ListItem\",\"@id\":\"https:\\\/\\\/kornita.lt\\\/en\\\/shop-2\\\/#listItem\",\"name\":\"Shop\"}},{\"@type\":\"ListItem\",\"@id\":\"https:\\\/\\\/kornita.lt\\\/en\\\/shop\\\/himalaju-druskos-gaminiai\\\/himalaju-druskos-laizalas-gyvuliams-10-kg\\\/#listItem\",\"position\":4,\"name\":\"Himalaj\\u0173 druskos lai\\u017ealas gyvuliams 10 kg.\",\"previousItem\":{\"@type\":\"ListItem\",\"@id\":\"https:\\\/\\\/kornita.lt\\\/en\\\/product-category\\\/himalaju-druskos-gaminiai\\\/#listItem\",\"name\":\"Himalaj\\u0173 druskos gaminiai\"}}]},{\"@type\":\"Organization\",\"@id\":\"https:\\\/\\\/kornita.lt\\\/en\\\/#organization\",\"name\":\"kornita\",\"url\":\"https:\\\/\\\/kornita.lt\\\/en\\\/\",\"telephone\":\"+37068581463\",\"logo\":{\"@type\":\"ImageObject\",\"url\":\"http:\\\/\\\/kornita.webfactory.lt\\\/wp-content\\\/uploads\\\/2023\\\/04\\\/korni-el-prekyba.png\",\"@id\":\"https:\\\/\\\/kornita.lt\\\/en\\\/shop\\\/himalaju-druskos-gaminiai\\\/himalaju-druskos-laizalas-gyvuliams-10-kg\\\/#organizationLogo\"},\"image\":{\"@id\":\"https:\\\/\\\/kornita.lt\\\/en\\\/shop\\\/himalaju-druskos-gaminiai\\\/himalaju-druskos-laizalas-gyvuliams-10-kg\\\/#organizationLogo\"},\"sameAs\":[\"https:\\\/\\\/www.facebook.com\\\/kornita.lt\"]},{\"@type\":\"Product\",\"@id\":\"https:\\\/\\\/kornita.lt\\\/en\\\/shop\\\/himalaju-druskos-gaminiai\\\/himalaju-druskos-laizalas-gyvuliams-10-kg\\\/#wooCommerceProduct\",\"name\":\"Himalaj\\u0173 druskos lai\\u017ealas gyvuliams 10 kg.\",\"url\":\"https:\\\/\\\/kornita.lt\\\/en\\\/shop\\\/himalaju-druskos-gaminiai\\\/himalaju-druskos-laizalas-gyvuliams-10-kg\\\/\",\"image\":{\"@type\":\"ImageObject\",\"url\":\"https:\\\/\\\/kornita.lt\\\/wp-content\\\/uploads\\\/2025\\\/01\\\/IMG_6244-scaled.jpg\",\"@id\":\"https:\\\/\\\/kornita.lt\\\/en\\\/shop\\\/himalaju-druskos-gaminiai\\\/himalaju-druskos-laizalas-gyvuliams-10-kg\\\/#productImage\",\"width\":1920,\"height\":2560},\"offers\":{\"@type\":\"Offer\",\"url\":\"https:\\\/\\\/kornita.lt\\\/en\\\/shop\\\/himalaju-druskos-gaminiai\\\/himalaju-druskos-laizalas-gyvuliams-10-kg\\\/#wooCommerceOffer\",\"price\":7.45,\"priceCurrency\":\"EUR\",\"category\":\"Himalaj\\u0173 druskos gaminiai\",\"availability\":\"https:\\\/\\\/schema.org\\\/InStock\",\"priceSpecification\":{\"@type\":\"PriceSpecification\",\"price\":7.45,\"priceCurrency\":\"EUR\",\"valueAddedTaxIncluded\":\"true\"},\"seller\":{\"@type\":\"Organization\",\"@id\":\"https:\\\/\\\/kornita.lt\\\/en\\\/#organization\"}}},{\"@type\":\"WebPage\",\"@id\":\"https:\\\/\\\/kornita.lt\\\/en\\\/shop\\\/himalaju-druskos-gaminiai\\\/himalaju-druskos-laizalas-gyvuliams-10-kg\\\/#webpage\",\"url\":\"https:\\\/\\\/kornita.lt\\\/en\\\/shop\\\/himalaju-druskos-gaminiai\\\/himalaju-druskos-laizalas-gyvuliams-10-kg\\\/\",\"name\":\"Himalaj\\u0173 druskos lai\\u017ealas gyvuliams 10 kg. - kornita\",\"description\":\"Presuotos Himalaj\\u0173 druskos blokas buvo strategi\\u0161kai suprojektuotas taip, kad jo kra\\u0161tai b\\u016bt\\u0173 lenkti, o pavir\\u0161ius lygus, kad b\\u016bt\\u0173 patrauklesnis lai\\u017eant, nes jis puikiai reaguoja \\u012f \\u0161iurk\\u0161\\u010di\\u0105 gyv\\u016bno lie\\u017euvio tekst\\u016br\\u0105 ir gali laisvai lai\\u017eyti blok\\u0105, nebijodamas \\u0161iurk\\u0161\\u010di\\u0173 nubrozdinim\\u0173. Blokas taip pat turi skyl\\u0119, kuri padeda blokui i\\u0161likti. J\\u012f galima u\\u017ed\\u0117ti ant lazdel\\u0117s ar stulpo, kad laikyt\\u0173si\",\"inLanguage\":\"en-US\",\"isPartOf\":{\"@id\":\"https:\\\/\\\/kornita.lt\\\/en\\\/#website\"},\"breadcrumb\":{\"@id\":\"https:\\\/\\\/kornita.lt\\\/en\\\/shop\\\/himalaju-druskos-gaminiai\\\/himalaju-druskos-laizalas-gyvuliams-10-kg\\\/#breadcrumblist\"},\"image\":{\"@type\":\"ImageObject\",\"url\":\"https:\\\/\\\/kornita.lt\\\/wp-content\\\/uploads\\\/2025\\\/01\\\/IMG_6244-scaled.jpg\",\"@id\":\"https:\\\/\\\/kornita.lt\\\/en\\\/shop\\\/himalaju-druskos-gaminiai\\\/himalaju-druskos-laizalas-gyvuliams-10-kg\\\/#mainImage\",\"width\":1920,\"height\":2560},\"primaryImageOfPage\":{\"@id\":\"https:\\\/\\\/kornita.lt\\\/en\\\/shop\\\/himalaju-druskos-gaminiai\\\/himalaju-druskos-laizalas-gyvuliams-10-kg\\\/#mainImage\"},\"datePublished\":\"2025-01-24T12:51:31+00:00\",\"dateModified\":\"2025-05-19T08:57:04+00:00\"},{\"@type\":\"WebSite\",\"@id\":\"https:\\\/\\\/kornita.lt\\\/en\\\/#website\",\"url\":\"https:\\\/\\\/kornita.lt\\\/en\\\/\",\"name\":\"kornita\",\"inLanguage\":\"en-US\",\"publisher\":{\"@id\":\"https:\\\/\\\/kornita.lt\\\/en\\\/#organization\"}}]}\n\t\t<\/script>\n\t\t<!-- All in One SEO Pro -->\r\n\t\t<title>Himalaj\u0173 druskos lai\u017ealas gyvuliams 10 kg. - kornita<\/title>\n\n","aioseo_head_json":{"title":"Himalaj\u0173 druskos lai\u017ealas gyvuliams 10 kg. - kornita","description":"Presuotos Himalaj\u0173 druskos blokas buvo strategi\u0161kai suprojektuotas taip, kad jo kra\u0161tai b\u016bt\u0173 lenkti, o pavir\u0161ius lygus, kad b\u016bt\u0173 patrauklesnis lai\u017eant, nes jis puikiai reaguoja \u012f \u0161iurk\u0161\u010di\u0105 gyv\u016bno lie\u017euvio tekst\u016br\u0105 ir gali laisvai lai\u017eyti blok\u0105, nebijodamas \u0161iurk\u0161\u010di\u0173 nubrozdinim\u0173. Blokas taip pat turi skyl\u0119, kuri padeda blokui i\u0161likti. J\u012f galima u\u017ed\u0117ti ant lazdel\u0117s ar stulpo, kad laikyt\u0173si","canonical_url":"https:\/\/kornita.lt\/en\/shop\/himalaju-druskos-gaminiai\/himalaju-druskos-laizalas-gyvuliams-10-kg\/","robots":"max-image-preview:large","keywords":"","webmasterTools":{"miscellaneous":""},"schema":{"@context":"https:\/\/schema.org","@graph":[{"@type":"BreadcrumbList","@id":"https:\/\/kornita.lt\/en\/shop\/himalaju-druskos-gaminiai\/himalaju-druskos-laizalas-gyvuliams-10-kg\/#breadcrumblist","itemListElement":[{"@type":"ListItem","@id":"https:\/\/kornita.lt\/en\/#listItem","position":1,"name":"Home","item":"https:\/\/kornita.lt\/en\/","nextItem":{"@type":"ListItem","@id":"https:\/\/kornita.lt\/en\/shop-2\/#listItem","name":"Shop"}},{"@type":"ListItem","@id":"https:\/\/kornita.lt\/en\/shop-2\/#listItem","position":2,"name":"Shop","item":"https:\/\/kornita.lt\/en\/shop-2\/","nextItem":{"@type":"ListItem","@id":"https:\/\/kornita.lt\/en\/product-category\/himalaju-druskos-gaminiai\/#listItem","name":"Himalaj\u0173 druskos gaminiai"},"previousItem":{"@type":"ListItem","@id":"https:\/\/kornita.lt\/en\/#listItem","name":"Home"}},{"@type":"ListItem","@id":"https:\/\/kornita.lt\/en\/product-category\/himalaju-druskos-gaminiai\/#listItem","position":3,"name":"Himalaj\u0173 druskos gaminiai","item":"https:\/\/kornita.lt\/en\/product-category\/himalaju-druskos-gaminiai\/","nextItem":{"@type":"ListItem","@id":"https:\/\/kornita.lt\/en\/shop\/himalaju-druskos-gaminiai\/himalaju-druskos-laizalas-gyvuliams-10-kg\/#listItem","name":"Himalaj\u0173 druskos lai\u017ealas gyvuliams 10 kg."},"previousItem":{"@type":"ListItem","@id":"https:\/\/kornita.lt\/en\/shop-2\/#listItem","name":"Shop"}},{"@type":"ListItem","@id":"https:\/\/kornita.lt\/en\/shop\/himalaju-druskos-gaminiai\/himalaju-druskos-laizalas-gyvuliams-10-kg\/#listItem","position":4,"name":"Himalaj\u0173 druskos lai\u017ealas gyvuliams 10 kg.","previousItem":{"@type":"ListItem","@id":"https:\/\/kornita.lt\/en\/product-category\/himalaju-druskos-gaminiai\/#listItem","name":"Himalaj\u0173 druskos gaminiai"}}]},{"@type":"Organization","@id":"https:\/\/kornita.lt\/en\/#organization","name":"kornita","url":"https:\/\/kornita.lt\/en\/","telephone":"+37068581463","logo":{"@type":"ImageObject","url":"http:\/\/kornita.webfactory.lt\/wp-content\/uploads\/2023\/04\/korni-el-prekyba.png","@id":"https:\/\/kornita.lt\/en\/shop\/himalaju-druskos-gaminiai\/himalaju-druskos-laizalas-gyvuliams-10-kg\/#organizationLogo"},"image":{"@id":"https:\/\/kornita.lt\/en\/shop\/himalaju-druskos-gaminiai\/himalaju-druskos-laizalas-gyvuliams-10-kg\/#organizationLogo"},"sameAs":["https:\/\/www.facebook.com\/kornita.lt"]},{"@type":"Product","@id":"https:\/\/kornita.lt\/en\/shop\/himalaju-druskos-gaminiai\/himalaju-druskos-laizalas-gyvuliams-10-kg\/#wooCommerceProduct","name":"Himalaj\u0173 druskos lai\u017ealas gyvuliams 10 kg.","url":"https:\/\/kornita.lt\/en\/shop\/himalaju-druskos-gaminiai\/himalaju-druskos-laizalas-gyvuliams-10-kg\/","image":{"@type":"ImageObject","url":"https:\/\/kornita.lt\/wp-content\/uploads\/2025\/01\/IMG_6244-scaled.jpg","@id":"https:\/\/kornita.lt\/en\/shop\/himalaju-druskos-gaminiai\/himalaju-druskos-laizalas-gyvuliams-10-kg\/#productImage","width":1920,"height":2560},"offers":{"@type":"Offer","url":"https:\/\/kornita.lt\/en\/shop\/himalaju-druskos-gaminiai\/himalaju-druskos-laizalas-gyvuliams-10-kg\/#wooCommerceOffer","price":7.45,"priceCurrency":"EUR","category":"Himalaj\u0173 druskos gaminiai","availability":"https:\/\/schema.org\/InStock","priceSpecification":{"@type":"PriceSpecification","price":7.45,"priceCurrency":"EUR","valueAddedTaxIncluded":"true"},"seller":{"@type":"Organization","@id":"https:\/\/kornita.lt\/en\/#organization"}}},{"@type":"WebPage","@id":"https:\/\/kornita.lt\/en\/shop\/himalaju-druskos-gaminiai\/himalaju-druskos-laizalas-gyvuliams-10-kg\/#webpage","url":"https:\/\/kornita.lt\/en\/shop\/himalaju-druskos-gaminiai\/himalaju-druskos-laizalas-gyvuliams-10-kg\/","name":"Himalaj\u0173 druskos lai\u017ealas gyvuliams 10 kg. - kornita","description":"Presuotos Himalaj\u0173 druskos blokas buvo strategi\u0161kai suprojektuotas taip, kad jo kra\u0161tai b\u016bt\u0173 lenkti, o pavir\u0161ius lygus, kad b\u016bt\u0173 patrauklesnis lai\u017eant, nes jis puikiai reaguoja \u012f \u0161iurk\u0161\u010di\u0105 gyv\u016bno lie\u017euvio tekst\u016br\u0105 ir gali laisvai lai\u017eyti blok\u0105, nebijodamas \u0161iurk\u0161\u010di\u0173 nubrozdinim\u0173. Blokas taip pat turi skyl\u0119, kuri padeda blokui i\u0161likti. J\u012f galima u\u017ed\u0117ti ant lazdel\u0117s ar stulpo, kad laikyt\u0173si","inLanguage":"en-US","isPartOf":{"@id":"https:\/\/kornita.lt\/en\/#website"},"breadcrumb":{"@id":"https:\/\/kornita.lt\/en\/shop\/himalaju-druskos-gaminiai\/himalaju-druskos-laizalas-gyvuliams-10-kg\/#breadcrumblist"},"image":{"@type":"ImageObject","url":"https:\/\/kornita.lt\/wp-content\/uploads\/2025\/01\/IMG_6244-scaled.jpg","@id":"https:\/\/kornita.lt\/en\/shop\/himalaju-druskos-gaminiai\/himalaju-druskos-laizalas-gyvuliams-10-kg\/#mainImage","width":1920,"height":2560},"primaryImageOfPage":{"@id":"https:\/\/kornita.lt\/en\/shop\/himalaju-druskos-gaminiai\/himalaju-druskos-laizalas-gyvuliams-10-kg\/#mainImage"},"datePublished":"2025-01-24T12:51:31+00:00","dateModified":"2025-05-19T08:57:04+00:00"},{"@type":"WebSite","@id":"https:\/\/kornita.lt\/en\/#website","url":"https:\/\/kornita.lt\/en\/","name":"kornita","inLanguage":"en-US","publisher":{"@id":"https:\/\/kornita.lt\/en\/#organization"}}]},"og:locale":"en_US","og:site_name":"kornita -","og:type":"article","og:title":"Himalaj\u0173 druskos lai\u017ealas gyvuliams 10 kg. - kornita","og:description":"Presuotos Himalaj\u0173 druskos blokas buvo strategi\u0161kai suprojektuotas taip, kad jo kra\u0161tai b\u016bt\u0173 lenkti, o pavir\u0161ius lygus, kad b\u016bt\u0173 patrauklesnis lai\u017eant, nes jis puikiai reaguoja \u012f \u0161iurk\u0161\u010di\u0105 gyv\u016bno lie\u017euvio tekst\u016br\u0105 ir gali laisvai lai\u017eyti blok\u0105, nebijodamas \u0161iurk\u0161\u010di\u0173 nubrozdinim\u0173. Blokas taip pat turi skyl\u0119, kuri padeda blokui i\u0161likti. J\u012f galima u\u017ed\u0117ti ant lazdel\u0117s ar stulpo, kad laikyt\u0173si","og:url":"https:\/\/kornita.lt\/en\/shop\/himalaju-druskos-gaminiai\/himalaju-druskos-laizalas-gyvuliams-10-kg\/","og:image":"https:\/\/kornita.webfactory.lt\/wp-content\/uploads\/2023\/04\/korni-el-prekyba.png","og:image:secure_url":"https:\/\/kornita.webfactory.lt\/wp-content\/uploads\/2023\/04\/korni-el-prekyba.png","article:published_time":"2025-01-24T12:51:31+00:00","article:modified_time":"2025-05-19T08:57:04+00:00","article:publisher":"https:\/\/www.facebook.com\/kornita.lt","twitter:card":"summary_large_image","twitter:title":"Himalaj\u0173 druskos lai\u017ealas gyvuliams 10 kg. - kornita","twitter:description":"Presuotos Himalaj\u0173 druskos blokas buvo strategi\u0161kai suprojektuotas taip, kad jo kra\u0161tai b\u016bt\u0173 lenkti, o pavir\u0161ius lygus, kad b\u016bt\u0173 patrauklesnis lai\u017eant, nes jis puikiai reaguoja \u012f \u0161iurk\u0161\u010di\u0105 gyv\u016bno lie\u017euvio tekst\u016br\u0105 ir gali laisvai lai\u017eyti blok\u0105, nebijodamas \u0161iurk\u0161\u010di\u0173 nubrozdinim\u0173. Blokas taip pat turi skyl\u0119, kuri padeda blokui i\u0161likti. J\u012f galima u\u017ed\u0117ti ant lazdel\u0117s ar stulpo, kad laikyt\u0173si","twitter:image":"http:\/\/kornita.webfactory.lt\/wp-content\/uploads\/2023\/04\/korni-el-prekyba.png"},"aioseo_meta_data":{"post_id":"24537","title":null,"description":null,"keywords":null,"keyphrases":{"focus":{"keyphrase":"","score":0,"analysis":{"keyphraseInTitle":{"score":0,"maxScore":9,"error":1}}},"additional":[]},"primary_term":null,"canonical_url":null,"og_title":null,"og_description":null,"og_object_type":"default","og_image_type":"default","og_image_url":null,"og_image_width":null,"og_image_height":null,"og_image_custom_url":null,"og_image_custom_fields":null,"og_video":"","og_custom_url":null,"og_article_section":null,"og_article_tags":null,"twitter_use_og":false,"twitter_card":"default","twitter_image_type":"default","twitter_image_url":null,"twitter_image_custom_url":null,"twitter_image_custom_fields":null,"twitter_title":null,"twitter_description":null,"schema":{"blockGraphs":[],"customGraphs":[],"default":{"data":{"Article":[],"Course":[],"Dataset":[],"FAQPage":[],"Movie":[],"Person":[],"Product":[],"ProductReview":[],"Car":[],"Recipe":[],"Service":[],"SoftwareApplication":[],"WebPage":[]},"graphName":"ItemPage","isEnabled":true},"graphs":[]},"schema_type":"default","schema_type_options":null,"pillar_content":false,"robots_default":true,"robots_noindex":false,"robots_noarchive":false,"robots_nosnippet":false,"robots_nofollow":false,"robots_noimageindex":false,"robots_noodp":false,"robots_notranslate":false,"robots_max_snippet":"-1","robots_max_videopreview":"-1","robots_max_imagepreview":"large","priority":null,"frequency":"default","local_seo":null,"seo_analyzer_scan_date":"2025-10-09 00:17:22","breadcrumb_settings":null,"limit_modified_date":false,"open_ai":"{\"title\":{\"suggestions\":[],\"usage\":0},\"description\":{\"suggestions\":[],\"usage\":0}}","ai":null,"created":"2025-01-24 12:51:31","updated":"2025-10-21 21:40:24"},"aioseo_breadcrumb":"<div class=\"aioseo-breadcrumbs\"><span class=\"aioseo-breadcrumb\">\n\t<a href=\"https:\/\/kornita.lt\/en\/\" title=\"Home\">Home<\/a>\n<\/span><span class=\"aioseo-breadcrumb-separator\">&raquo;<\/span><span class=\"aioseo-breadcrumb\">\n\t<a href=\"https:\/\/kornita.lt\/en\/shop-2\/\" title=\"Shop\">Shop<\/a>\n<\/span><span class=\"aioseo-breadcrumb-separator\">&raquo;<\/span><span class=\"aioseo-breadcrumb\">\n\t<a href=\"https:\/\/kornita.lt\/en\/product-category\/himalaju-druskos-gaminiai\/\" title=\"Himalaj\u0173 druskos gaminiai\">Himalaj\u0173 druskos gaminiai<\/a>\n<\/span><span class=\"aioseo-breadcrumb-separator\">&raquo;<\/span><span class=\"aioseo-breadcrumb\">\n\tHimalaj\u0173 druskos lai\u017ealas gyvuliams 10 kg.\n<\/span><\/div>","aioseo_breadcrumb_json":[{"label":"Home","link":"https:\/\/kornita.lt\/en\/"},{"label":"Shop","link":"https:\/\/kornita.lt\/en\/shop-2\/"},{"label":"Himalaj\u0173 druskos gaminiai","link":"https:\/\/kornita.lt\/en\/product-category\/himalaju-druskos-gaminiai\/"},{"label":"Himalaj\u0173 druskos lai\u017ealas gyvuliams 10 kg.","link":"https:\/\/kornita.lt\/en\/shop\/himalaju-druskos-gaminiai\/himalaju-druskos-laizalas-gyvuliams-10-kg\/"}],"_links":{"self":[{"href":"https:\/\/kornita.lt\/en\/wp-json\/wp\/v2\/product\/24537","targetHints":{"allow":["GET"]}}],"collection":[{"href":"https:\/\/kornita.lt\/en\/wp-json\/wp\/v2\/product"}],"about":[{"href":"https:\/\/kornita.lt\/en\/wp-json\/wp\/v2\/types\/product"}],"replies":[{"embeddable":true,"href":"https:\/\/kornita.lt\/en\/wp-json\/wp\/v2\/comments?post=24537"}],"version-history":[{"count":1,"href":"https:\/\/kornita.lt\/en\/wp-json\/wp\/v2\/product\/24537\/revisions"}],"predecessor-version":[{"id":24538,"href":"https:\/\/kornita.lt\/en\/wp-json\/wp\/v2\/product\/24537\/revisions\/24538"}],"wp:featuredmedia":[{"embeddable":true,"href":"https:\/\/kornita.lt\/en\/wp-json\/wp\/v2\/media\/24529"}],"wp:attachment":[{"href":"https:\/\/kornita.lt\/en\/wp-json\/wp\/v2\/media?parent=24537"}],"wp:term":[{"taxonomy":"product_brand","embeddable":true,"href":"https:\/\/kornita.lt\/en\/wp-json\/wp\/v2\/product_brand?post=24537"},{"taxonomy":"product_cat","embeddable":true,"href":"https:\/\/kornita.lt\/en\/wp-json\/wp\/v2\/product_cat?post=24537"},{"taxonomy":"product_tag","embeddable":true,"href":"https:\/\/kornita.lt\/en\/wp-json\/wp\/v2\/product_tag?post=24537"}],"curies":[{"name":"wp","href":"https:\/\/api.w.org\/{rel}","templated":true}]}}