{"id":23594,"date":"2024-08-09T06:58:08","date_gmt":"2024-08-09T06:58:08","guid":{"rendered":"https:\/\/kornita.lt\/?post_type=product&#038;p=23594"},"modified":"2025-06-19T15:32:50","modified_gmt":"2025-06-19T15:32:50","slug":"soju-farsas-15-kg-maisas","status":"publish","type":"product","link":"https:\/\/kornita.lt\/en\/shop\/augaliniai-baltymai\/soju-farsas-15-kg-maisas\/","title":{"rendered":"Soj\u0173 far\u0161as 15 kg. mai\u0161as"},"content":{"rendered":"<p>Sudedamosios dalys: nuriebalinti soj\u0173 miltai.<\/p>\n<p>Sud\u0117tyje gali b\u016bti \u017eem\u0117s ir lazdyno rie\u0161ut\u0173, pieno, glitimo p\u0117dsak\u0173.<\/p>\n<p>Paruo\u0161imas: soj\u0173 far\u0161\u0105 virti 10-15 min. pas\u016bdytame vandenyje ar sultinyje arba u\u017eplikyti kar\u0161tu vandeniu ir palaikyti u\u017edengus. Prie\u0161 tolimesn\u012f naudojim\u0105 nusunkti.<\/p>\n<blockquote class=\"wp-embedded-content\" data-secret=\"hSgdbUc48Y\"><p><a href=\"https:\/\/kornita.lt\/soja-valgyti-ar-ne-mitai-ir-faktai\/\">Soja: mitai ir faktai. Valgyti ar ne?<\/a><\/p><\/blockquote>\n<p><iframe loading=\"lazy\" class=\"wp-embedded-content\" sandbox=\"allow-scripts\" security=\"restricted\" style=\"position: absolute; visibility: hidden;\" title=\"&#8220;Soja: mitai ir faktai. Valgyti ar ne?&#8221; &#8212; kornita\" src=\"https:\/\/kornita.lt\/soja-valgyti-ar-ne-mitai-ir-faktai\/embed\/#?secret=KFxFeEs94Y#?secret=hSgdbUc48Y\" data-secret=\"hSgdbUc48Y\" width=\"500\" height=\"282\" frameborder=\"0\" marginwidth=\"0\" marginheight=\"0\" scrolling=\"no\"><\/iframe><\/p>\n","protected":false},"excerpt":{"rendered":"<p>1 kg. kaina 4,39 Eur. Soj\u0173 far\u0161as pagamintas i\u0161 auk\u0161tos kokyb\u0117s geneti\u0161kai nemodifikuot\u0173 soj\u0173 pupeli\u0173. Tai puiki m\u0117sos alternatyva ir augalin\u0117s kilm\u0117s baltym\u0173 \u0161altinis. Tinka gaminti kotletus, \u012fdarus, d\u0117ti \u012f makaronus ir sriubas.<\/p>\n","protected":false},"featured_media":15837,"comment_status":"open","ping_status":"closed","template":"","meta":[],"product_brand":[],"product_cat":[214],"product_tag":[],"class_list":{"0":"post-23594","1":"product","2":"type-product","3":"status-publish","4":"has-post-thumbnail","6":"product_cat-augaliniai-baltymai","7":"product_shipping_class-netelpa-i-pastomata","9":"first","10":"instock","11":"taxable","12":"shipping-taxable","13":"purchasable","14":"product-type-simple"},"aioseo_notices":[],"aioseo_head":"\n\t\t<!-- All in One SEO Pro 4.9.6.2 - aioseo.com -->\n\t<meta name=\"description\" content=\"1 kg. kaina 4,39 Eur. Soj\u0173 far\u0161as pagamintas i\u0161 auk\u0161tos kokyb\u0117s geneti\u0161kai nemodifikuot\u0173 soj\u0173 pupeli\u0173. Tai puiki m\u0117sos alternatyva ir augalin\u0117s kilm\u0117s baltym\u0173 \u0161altinis. Tinka gaminti kotletus, \u012fdarus, d\u0117ti \u012f makaronus ir sriubas.\" \/>\n\t<meta name=\"robots\" content=\"max-image-preview:large\" \/>\n\t<link rel=\"canonical\" href=\"https:\/\/kornita.lt\/en\/shop\/augaliniai-baltymai\/soju-farsas-15-kg-maisas\/\" \/>\n\t<meta name=\"generator\" content=\"All in One SEO Pro (AIOSEO) 4.9.6.2\" \/>\n\t\t<meta property=\"og:locale\" content=\"en_US\" \/>\n\t\t<meta property=\"og:site_name\" content=\"kornita -\" \/>\n\t\t<meta property=\"og:type\" content=\"article\" \/>\n\t\t<meta property=\"og:title\" content=\"Soj\u0173 far\u0161as 15 kg. mai\u0161as - kornita\" \/>\n\t\t<meta property=\"og:description\" content=\"1 kg. kaina 4,39 Eur. Soj\u0173 far\u0161as pagamintas i\u0161 auk\u0161tos kokyb\u0117s geneti\u0161kai nemodifikuot\u0173 soj\u0173 pupeli\u0173. Tai puiki m\u0117sos alternatyva ir augalin\u0117s kilm\u0117s baltym\u0173 \u0161altinis. Tinka gaminti kotletus, \u012fdarus, d\u0117ti \u012f makaronus ir sriubas.\" \/>\n\t\t<meta property=\"og:url\" content=\"https:\/\/kornita.lt\/en\/shop\/augaliniai-baltymai\/soju-farsas-15-kg-maisas\/\" \/>\n\t\t<meta property=\"og:image\" content=\"https:\/\/kornita.webfactory.lt\/wp-content\/uploads\/2023\/04\/korni-el-prekyba.png\" \/>\n\t\t<meta property=\"og:image:secure_url\" content=\"https:\/\/kornita.webfactory.lt\/wp-content\/uploads\/2023\/04\/korni-el-prekyba.png\" \/>\n\t\t<meta property=\"article:published_time\" content=\"2024-08-09T06:58:08+00:00\" \/>\n\t\t<meta property=\"article:modified_time\" content=\"2025-06-19T15:32:50+00:00\" \/>\n\t\t<meta property=\"article:publisher\" content=\"https:\/\/www.facebook.com\/kornita.lt\" \/>\n\t\t<meta name=\"twitter:card\" content=\"summary_large_image\" \/>\n\t\t<meta name=\"twitter:title\" content=\"Soj\u0173 far\u0161as 15 kg. mai\u0161as - kornita\" \/>\n\t\t<meta name=\"twitter:description\" content=\"1 kg. kaina 4,39 Eur. Soj\u0173 far\u0161as pagamintas i\u0161 auk\u0161tos kokyb\u0117s geneti\u0161kai nemodifikuot\u0173 soj\u0173 pupeli\u0173. Tai puiki m\u0117sos alternatyva ir augalin\u0117s kilm\u0117s baltym\u0173 \u0161altinis. Tinka gaminti kotletus, \u012fdarus, d\u0117ti \u012f makaronus ir sriubas.\" \/>\n\t\t<meta name=\"twitter:image\" content=\"http:\/\/kornita.webfactory.lt\/wp-content\/uploads\/2023\/04\/korni-el-prekyba.png\" \/>\n\t\t<script type=\"application\/ld+json\" class=\"aioseo-schema\">\n\t\t\t{\"@context\":\"https:\\\/\\\/schema.org\",\"@graph\":[{\"@type\":\"BreadcrumbList\",\"@id\":\"https:\\\/\\\/kornita.lt\\\/en\\\/shop\\\/augaliniai-baltymai\\\/soju-farsas-15-kg-maisas\\\/#breadcrumblist\",\"itemListElement\":[{\"@type\":\"ListItem\",\"@id\":\"https:\\\/\\\/kornita.lt\\\/en\\\/#listItem\",\"position\":1,\"name\":\"Home\",\"item\":\"https:\\\/\\\/kornita.lt\\\/en\\\/\",\"nextItem\":{\"@type\":\"ListItem\",\"@id\":\"https:\\\/\\\/kornita.lt\\\/en\\\/shop-2\\\/#listItem\",\"name\":\"Shop\"}},{\"@type\":\"ListItem\",\"@id\":\"https:\\\/\\\/kornita.lt\\\/en\\\/shop-2\\\/#listItem\",\"position\":2,\"name\":\"Shop\",\"item\":\"https:\\\/\\\/kornita.lt\\\/en\\\/shop-2\\\/\",\"nextItem\":{\"@type\":\"ListItem\",\"@id\":\"https:\\\/\\\/kornita.lt\\\/en\\\/product-category\\\/augaliniai-baltymai\\\/#listItem\",\"name\":\"Augaliniai m\\u0117sos pakaitalai\"},\"previousItem\":{\"@type\":\"ListItem\",\"@id\":\"https:\\\/\\\/kornita.lt\\\/en\\\/#listItem\",\"name\":\"Home\"}},{\"@type\":\"ListItem\",\"@id\":\"https:\\\/\\\/kornita.lt\\\/en\\\/product-category\\\/augaliniai-baltymai\\\/#listItem\",\"position\":3,\"name\":\"Augaliniai m\\u0117sos pakaitalai\",\"item\":\"https:\\\/\\\/kornita.lt\\\/en\\\/product-category\\\/augaliniai-baltymai\\\/\",\"nextItem\":{\"@type\":\"ListItem\",\"@id\":\"https:\\\/\\\/kornita.lt\\\/en\\\/shop\\\/augaliniai-baltymai\\\/soju-farsas-15-kg-maisas\\\/#listItem\",\"name\":\"Soj\\u0173 far\\u0161as 15 kg. mai\\u0161as\"},\"previousItem\":{\"@type\":\"ListItem\",\"@id\":\"https:\\\/\\\/kornita.lt\\\/en\\\/shop-2\\\/#listItem\",\"name\":\"Shop\"}},{\"@type\":\"ListItem\",\"@id\":\"https:\\\/\\\/kornita.lt\\\/en\\\/shop\\\/augaliniai-baltymai\\\/soju-farsas-15-kg-maisas\\\/#listItem\",\"position\":4,\"name\":\"Soj\\u0173 far\\u0161as 15 kg. mai\\u0161as\",\"previousItem\":{\"@type\":\"ListItem\",\"@id\":\"https:\\\/\\\/kornita.lt\\\/en\\\/product-category\\\/augaliniai-baltymai\\\/#listItem\",\"name\":\"Augaliniai m\\u0117sos pakaitalai\"}}]},{\"@type\":\"Organization\",\"@id\":\"https:\\\/\\\/kornita.lt\\\/en\\\/#organization\",\"name\":\"kornita\",\"url\":\"https:\\\/\\\/kornita.lt\\\/en\\\/\",\"telephone\":\"+37068581463\",\"logo\":{\"@type\":\"ImageObject\",\"url\":\"http:\\\/\\\/kornita.webfactory.lt\\\/wp-content\\\/uploads\\\/2023\\\/04\\\/korni-el-prekyba.png\",\"@id\":\"https:\\\/\\\/kornita.lt\\\/en\\\/shop\\\/augaliniai-baltymai\\\/soju-farsas-15-kg-maisas\\\/#organizationLogo\"},\"image\":{\"@id\":\"https:\\\/\\\/kornita.lt\\\/en\\\/shop\\\/augaliniai-baltymai\\\/soju-farsas-15-kg-maisas\\\/#organizationLogo\"},\"sameAs\":[\"https:\\\/\\\/www.facebook.com\\\/kornita.lt\"]},{\"@type\":\"Product\",\"@id\":\"https:\\\/\\\/kornita.lt\\\/en\\\/shop\\\/augaliniai-baltymai\\\/soju-farsas-15-kg-maisas\\\/#wooCommerceProduct\",\"name\":\"Soj\\u0173 far\\u0161as 15 kg. mai\\u0161as\",\"description\":\"1 kg. kaina 4,39 Eur. Soj\\u0173 far\\u0161as pagamintas i\\u0161 auk\\u0161tos kokyb\\u0117s geneti\\u0161kai nemodifikuot\\u0173 soj\\u0173 pupeli\\u0173. Tai puiki m\\u0117sos alternatyva ir augalin\\u0117s kilm\\u0117s baltym\\u0173 \\u0161altinis. Tinka gaminti kotletus, \\u012fdarus, d\\u0117ti \\u012f makaronus ir sriubas.\",\"url\":\"https:\\\/\\\/kornita.lt\\\/en\\\/shop\\\/augaliniai-baltymai\\\/soju-farsas-15-kg-maisas\\\/\",\"image\":{\"@type\":\"ImageObject\",\"url\":\"https:\\\/\\\/kornita.lt\\\/wp-content\\\/uploads\\\/2023\\\/09\\\/soju-farsas-sveriamas.jpg\",\"@id\":\"https:\\\/\\\/kornita.lt\\\/en\\\/shop\\\/augaliniai-baltymai\\\/soju-farsas-15-kg-maisas\\\/#productImage\",\"width\":500,\"height\":500},\"offers\":{\"@type\":\"Offer\",\"url\":\"https:\\\/\\\/kornita.lt\\\/en\\\/shop\\\/augaliniai-baltymai\\\/soju-farsas-15-kg-maisas\\\/#wooCommerceOffer\",\"price\":65.85,\"priceCurrency\":\"EUR\",\"category\":\"Augaliniai m\\u0117sos pakaitalai\",\"availability\":\"https:\\\/\\\/schema.org\\\/InStock\",\"priceSpecification\":{\"@type\":\"PriceSpecification\",\"price\":65.85,\"priceCurrency\":\"EUR\",\"valueAddedTaxIncluded\":\"true\"},\"seller\":{\"@type\":\"Organization\",\"@id\":\"https:\\\/\\\/kornita.lt\\\/en\\\/#organization\"}}},{\"@type\":\"WebPage\",\"@id\":\"https:\\\/\\\/kornita.lt\\\/en\\\/shop\\\/augaliniai-baltymai\\\/soju-farsas-15-kg-maisas\\\/#webpage\",\"url\":\"https:\\\/\\\/kornita.lt\\\/en\\\/shop\\\/augaliniai-baltymai\\\/soju-farsas-15-kg-maisas\\\/\",\"name\":\"Soj\\u0173 far\\u0161as 15 kg. mai\\u0161as - kornita\",\"description\":\"1 kg. kaina 4,39 Eur. Soj\\u0173 far\\u0161as pagamintas i\\u0161 auk\\u0161tos kokyb\\u0117s geneti\\u0161kai nemodifikuot\\u0173 soj\\u0173 pupeli\\u0173. Tai puiki m\\u0117sos alternatyva ir augalin\\u0117s kilm\\u0117s baltym\\u0173 \\u0161altinis. Tinka gaminti kotletus, \\u012fdarus, d\\u0117ti \\u012f makaronus ir sriubas.\",\"inLanguage\":\"en-US\",\"isPartOf\":{\"@id\":\"https:\\\/\\\/kornita.lt\\\/en\\\/#website\"},\"breadcrumb\":{\"@id\":\"https:\\\/\\\/kornita.lt\\\/en\\\/shop\\\/augaliniai-baltymai\\\/soju-farsas-15-kg-maisas\\\/#breadcrumblist\"},\"image\":{\"@type\":\"ImageObject\",\"url\":\"https:\\\/\\\/kornita.lt\\\/wp-content\\\/uploads\\\/2023\\\/09\\\/soju-farsas-sveriamas.jpg\",\"@id\":\"https:\\\/\\\/kornita.lt\\\/en\\\/shop\\\/augaliniai-baltymai\\\/soju-farsas-15-kg-maisas\\\/#mainImage\",\"width\":500,\"height\":500},\"primaryImageOfPage\":{\"@id\":\"https:\\\/\\\/kornita.lt\\\/en\\\/shop\\\/augaliniai-baltymai\\\/soju-farsas-15-kg-maisas\\\/#mainImage\"},\"datePublished\":\"2024-08-09T06:58:08+00:00\",\"dateModified\":\"2025-06-19T15:32:50+00:00\"},{\"@type\":\"WebSite\",\"@id\":\"https:\\\/\\\/kornita.lt\\\/en\\\/#website\",\"url\":\"https:\\\/\\\/kornita.lt\\\/en\\\/\",\"name\":\"kornita\",\"inLanguage\":\"en-US\",\"publisher\":{\"@id\":\"https:\\\/\\\/kornita.lt\\\/en\\\/#organization\"}}]}\n\t\t<\/script>\n\t\t<!-- All in One SEO Pro -->\r\n\t\t<title>Soj\u0173 far\u0161as 15 kg. mai\u0161as - kornita<\/title>\n\n","aioseo_head_json":{"title":"Soj\u0173 far\u0161as 15 kg. mai\u0161as - kornita","description":"1 kg. kaina 4,39 Eur. Soj\u0173 far\u0161as pagamintas i\u0161 auk\u0161tos kokyb\u0117s geneti\u0161kai nemodifikuot\u0173 soj\u0173 pupeli\u0173. Tai puiki m\u0117sos alternatyva ir augalin\u0117s kilm\u0117s baltym\u0173 \u0161altinis. Tinka gaminti kotletus, \u012fdarus, d\u0117ti \u012f makaronus ir sriubas.","canonical_url":"https:\/\/kornita.lt\/en\/shop\/augaliniai-baltymai\/soju-farsas-15-kg-maisas\/","robots":"max-image-preview:large","keywords":"","webmasterTools":{"miscellaneous":""},"schema":{"@context":"https:\/\/schema.org","@graph":[{"@type":"BreadcrumbList","@id":"https:\/\/kornita.lt\/en\/shop\/augaliniai-baltymai\/soju-farsas-15-kg-maisas\/#breadcrumblist","itemListElement":[{"@type":"ListItem","@id":"https:\/\/kornita.lt\/en\/#listItem","position":1,"name":"Home","item":"https:\/\/kornita.lt\/en\/","nextItem":{"@type":"ListItem","@id":"https:\/\/kornita.lt\/en\/shop-2\/#listItem","name":"Shop"}},{"@type":"ListItem","@id":"https:\/\/kornita.lt\/en\/shop-2\/#listItem","position":2,"name":"Shop","item":"https:\/\/kornita.lt\/en\/shop-2\/","nextItem":{"@type":"ListItem","@id":"https:\/\/kornita.lt\/en\/product-category\/augaliniai-baltymai\/#listItem","name":"Augaliniai m\u0117sos pakaitalai"},"previousItem":{"@type":"ListItem","@id":"https:\/\/kornita.lt\/en\/#listItem","name":"Home"}},{"@type":"ListItem","@id":"https:\/\/kornita.lt\/en\/product-category\/augaliniai-baltymai\/#listItem","position":3,"name":"Augaliniai m\u0117sos pakaitalai","item":"https:\/\/kornita.lt\/en\/product-category\/augaliniai-baltymai\/","nextItem":{"@type":"ListItem","@id":"https:\/\/kornita.lt\/en\/shop\/augaliniai-baltymai\/soju-farsas-15-kg-maisas\/#listItem","name":"Soj\u0173 far\u0161as 15 kg. mai\u0161as"},"previousItem":{"@type":"ListItem","@id":"https:\/\/kornita.lt\/en\/shop-2\/#listItem","name":"Shop"}},{"@type":"ListItem","@id":"https:\/\/kornita.lt\/en\/shop\/augaliniai-baltymai\/soju-farsas-15-kg-maisas\/#listItem","position":4,"name":"Soj\u0173 far\u0161as 15 kg. mai\u0161as","previousItem":{"@type":"ListItem","@id":"https:\/\/kornita.lt\/en\/product-category\/augaliniai-baltymai\/#listItem","name":"Augaliniai m\u0117sos pakaitalai"}}]},{"@type":"Organization","@id":"https:\/\/kornita.lt\/en\/#organization","name":"kornita","url":"https:\/\/kornita.lt\/en\/","telephone":"+37068581463","logo":{"@type":"ImageObject","url":"http:\/\/kornita.webfactory.lt\/wp-content\/uploads\/2023\/04\/korni-el-prekyba.png","@id":"https:\/\/kornita.lt\/en\/shop\/augaliniai-baltymai\/soju-farsas-15-kg-maisas\/#organizationLogo"},"image":{"@id":"https:\/\/kornita.lt\/en\/shop\/augaliniai-baltymai\/soju-farsas-15-kg-maisas\/#organizationLogo"},"sameAs":["https:\/\/www.facebook.com\/kornita.lt"]},{"@type":"Product","@id":"https:\/\/kornita.lt\/en\/shop\/augaliniai-baltymai\/soju-farsas-15-kg-maisas\/#wooCommerceProduct","name":"Soj\u0173 far\u0161as 15 kg. mai\u0161as","description":"1 kg. kaina 4,39 Eur. Soj\u0173 far\u0161as pagamintas i\u0161 auk\u0161tos kokyb\u0117s geneti\u0161kai nemodifikuot\u0173 soj\u0173 pupeli\u0173. Tai puiki m\u0117sos alternatyva ir augalin\u0117s kilm\u0117s baltym\u0173 \u0161altinis. Tinka gaminti kotletus, \u012fdarus, d\u0117ti \u012f makaronus ir sriubas.","url":"https:\/\/kornita.lt\/en\/shop\/augaliniai-baltymai\/soju-farsas-15-kg-maisas\/","image":{"@type":"ImageObject","url":"https:\/\/kornita.lt\/wp-content\/uploads\/2023\/09\/soju-farsas-sveriamas.jpg","@id":"https:\/\/kornita.lt\/en\/shop\/augaliniai-baltymai\/soju-farsas-15-kg-maisas\/#productImage","width":500,"height":500},"offers":{"@type":"Offer","url":"https:\/\/kornita.lt\/en\/shop\/augaliniai-baltymai\/soju-farsas-15-kg-maisas\/#wooCommerceOffer","price":65.85,"priceCurrency":"EUR","category":"Augaliniai m\u0117sos pakaitalai","availability":"https:\/\/schema.org\/InStock","priceSpecification":{"@type":"PriceSpecification","price":65.85,"priceCurrency":"EUR","valueAddedTaxIncluded":"true"},"seller":{"@type":"Organization","@id":"https:\/\/kornita.lt\/en\/#organization"}}},{"@type":"WebPage","@id":"https:\/\/kornita.lt\/en\/shop\/augaliniai-baltymai\/soju-farsas-15-kg-maisas\/#webpage","url":"https:\/\/kornita.lt\/en\/shop\/augaliniai-baltymai\/soju-farsas-15-kg-maisas\/","name":"Soj\u0173 far\u0161as 15 kg. mai\u0161as - kornita","description":"1 kg. kaina 4,39 Eur. Soj\u0173 far\u0161as pagamintas i\u0161 auk\u0161tos kokyb\u0117s geneti\u0161kai nemodifikuot\u0173 soj\u0173 pupeli\u0173. Tai puiki m\u0117sos alternatyva ir augalin\u0117s kilm\u0117s baltym\u0173 \u0161altinis. Tinka gaminti kotletus, \u012fdarus, d\u0117ti \u012f makaronus ir sriubas.","inLanguage":"en-US","isPartOf":{"@id":"https:\/\/kornita.lt\/en\/#website"},"breadcrumb":{"@id":"https:\/\/kornita.lt\/en\/shop\/augaliniai-baltymai\/soju-farsas-15-kg-maisas\/#breadcrumblist"},"image":{"@type":"ImageObject","url":"https:\/\/kornita.lt\/wp-content\/uploads\/2023\/09\/soju-farsas-sveriamas.jpg","@id":"https:\/\/kornita.lt\/en\/shop\/augaliniai-baltymai\/soju-farsas-15-kg-maisas\/#mainImage","width":500,"height":500},"primaryImageOfPage":{"@id":"https:\/\/kornita.lt\/en\/shop\/augaliniai-baltymai\/soju-farsas-15-kg-maisas\/#mainImage"},"datePublished":"2024-08-09T06:58:08+00:00","dateModified":"2025-06-19T15:32:50+00:00"},{"@type":"WebSite","@id":"https:\/\/kornita.lt\/en\/#website","url":"https:\/\/kornita.lt\/en\/","name":"kornita","inLanguage":"en-US","publisher":{"@id":"https:\/\/kornita.lt\/en\/#organization"}}]},"og:locale":"en_US","og:site_name":"kornita -","og:type":"article","og:title":"Soj\u0173 far\u0161as 15 kg. mai\u0161as - kornita","og:description":"1 kg. kaina 4,39 Eur. Soj\u0173 far\u0161as pagamintas i\u0161 auk\u0161tos kokyb\u0117s geneti\u0161kai nemodifikuot\u0173 soj\u0173 pupeli\u0173. Tai puiki m\u0117sos alternatyva ir augalin\u0117s kilm\u0117s baltym\u0173 \u0161altinis. Tinka gaminti kotletus, \u012fdarus, d\u0117ti \u012f makaronus ir sriubas.","og:url":"https:\/\/kornita.lt\/en\/shop\/augaliniai-baltymai\/soju-farsas-15-kg-maisas\/","og:image":"https:\/\/kornita.webfactory.lt\/wp-content\/uploads\/2023\/04\/korni-el-prekyba.png","og:image:secure_url":"https:\/\/kornita.webfactory.lt\/wp-content\/uploads\/2023\/04\/korni-el-prekyba.png","article:published_time":"2024-08-09T06:58:08+00:00","article:modified_time":"2025-06-19T15:32:50+00:00","article:publisher":"https:\/\/www.facebook.com\/kornita.lt","twitter:card":"summary_large_image","twitter:title":"Soj\u0173 far\u0161as 15 kg. mai\u0161as - kornita","twitter:description":"1 kg. kaina 4,39 Eur. Soj\u0173 far\u0161as pagamintas i\u0161 auk\u0161tos kokyb\u0117s geneti\u0161kai nemodifikuot\u0173 soj\u0173 pupeli\u0173. Tai puiki m\u0117sos alternatyva ir augalin\u0117s kilm\u0117s baltym\u0173 \u0161altinis. Tinka gaminti kotletus, \u012fdarus, d\u0117ti \u012f makaronus ir sriubas.","twitter:image":"http:\/\/kornita.webfactory.lt\/wp-content\/uploads\/2023\/04\/korni-el-prekyba.png"},"aioseo_meta_data":{"post_id":"23594","title":null,"description":null,"keywords":null,"keyphrases":{"focus":{"keyphrase":"","score":0,"analysis":{"keyphraseInTitle":{"score":0,"maxScore":9,"error":1}}},"additional":[]},"primary_term":null,"canonical_url":null,"og_title":null,"og_description":null,"og_object_type":"default","og_image_type":"default","og_image_url":null,"og_image_width":null,"og_image_height":null,"og_image_custom_url":null,"og_image_custom_fields":null,"og_video":"","og_custom_url":null,"og_article_section":null,"og_article_tags":null,"twitter_use_og":false,"twitter_card":"default","twitter_image_type":"default","twitter_image_url":null,"twitter_image_custom_url":null,"twitter_image_custom_fields":null,"twitter_title":null,"twitter_description":null,"schema":{"blockGraphs":[],"customGraphs":[],"default":{"data":{"Article":[],"Course":[],"Dataset":[],"FAQPage":[],"Movie":[],"Person":[],"Product":[],"ProductReview":[],"Car":[],"Recipe":[],"Service":[],"SoftwareApplication":[],"WebPage":[]},"graphName":"ItemPage","isEnabled":true},"graphs":[]},"schema_type":"default","schema_type_options":null,"pillar_content":false,"robots_default":true,"robots_noindex":false,"robots_noarchive":false,"robots_nosnippet":false,"robots_nofollow":false,"robots_noimageindex":false,"robots_noodp":false,"robots_notranslate":false,"robots_max_snippet":"-1","robots_max_videopreview":"-1","robots_max_imagepreview":"large","priority":null,"frequency":"default","local_seo":null,"seo_analyzer_scan_date":"2025-10-09 00:13:18","breadcrumb_settings":null,"limit_modified_date":false,"open_ai":"{\"title\":{\"suggestions\":[],\"usage\":0},\"description\":{\"suggestions\":[],\"usage\":0}}","ai":null,"created":"2024-08-09 06:58:09","updated":"2025-10-21 23:09:05"},"aioseo_breadcrumb":"<div class=\"aioseo-breadcrumbs\"><span class=\"aioseo-breadcrumb\">\n\t<a href=\"https:\/\/kornita.lt\/en\/\" title=\"Home\">Home<\/a>\n<\/span><span class=\"aioseo-breadcrumb-separator\">&raquo;<\/span><span class=\"aioseo-breadcrumb\">\n\t<a href=\"https:\/\/kornita.lt\/en\/shop-2\/\" title=\"Shop\">Shop<\/a>\n<\/span><span class=\"aioseo-breadcrumb-separator\">&raquo;<\/span><span class=\"aioseo-breadcrumb\">\n\t<a href=\"https:\/\/kornita.lt\/en\/product-category\/augaliniai-baltymai\/\" title=\"Augaliniai m\u0117sos pakaitalai\">Augaliniai m\u0117sos pakaitalai<\/a>\n<\/span><span class=\"aioseo-breadcrumb-separator\">&raquo;<\/span><span class=\"aioseo-breadcrumb\">\n\tSoj\u0173 far\u0161as 15 kg. mai\u0161as\n<\/span><\/div>","aioseo_breadcrumb_json":[{"label":"Home","link":"https:\/\/kornita.lt\/en\/"},{"label":"Shop","link":"https:\/\/kornita.lt\/en\/shop-2\/"},{"label":"Augaliniai m\u0117sos pakaitalai","link":"https:\/\/kornita.lt\/en\/product-category\/augaliniai-baltymai\/"},{"label":"Soj\u0173 far\u0161as 15 kg. mai\u0161as","link":"https:\/\/kornita.lt\/en\/shop\/augaliniai-baltymai\/soju-farsas-15-kg-maisas\/"}],"_links":{"self":[{"href":"https:\/\/kornita.lt\/en\/wp-json\/wp\/v2\/product\/23594","targetHints":{"allow":["GET"]}}],"collection":[{"href":"https:\/\/kornita.lt\/en\/wp-json\/wp\/v2\/product"}],"about":[{"href":"https:\/\/kornita.lt\/en\/wp-json\/wp\/v2\/types\/product"}],"replies":[{"embeddable":true,"href":"https:\/\/kornita.lt\/en\/wp-json\/wp\/v2\/comments?post=23594"}],"version-history":[{"count":2,"href":"https:\/\/kornita.lt\/en\/wp-json\/wp\/v2\/product\/23594\/revisions"}],"predecessor-version":[{"id":25303,"href":"https:\/\/kornita.lt\/en\/wp-json\/wp\/v2\/product\/23594\/revisions\/25303"}],"wp:featuredmedia":[{"embeddable":true,"href":"https:\/\/kornita.lt\/en\/wp-json\/wp\/v2\/media\/15837"}],"wp:attachment":[{"href":"https:\/\/kornita.lt\/en\/wp-json\/wp\/v2\/media?parent=23594"}],"wp:term":[{"taxonomy":"product_brand","embeddable":true,"href":"https:\/\/kornita.lt\/en\/wp-json\/wp\/v2\/product_brand?post=23594"},{"taxonomy":"product_cat","embeddable":true,"href":"https:\/\/kornita.lt\/en\/wp-json\/wp\/v2\/product_cat?post=23594"},{"taxonomy":"product_tag","embeddable":true,"href":"https:\/\/kornita.lt\/en\/wp-json\/wp\/v2\/product_tag?post=23594"}],"curies":[{"name":"wp","href":"https:\/\/api.w.org\/{rel}","templated":true}]}}