{"id":23425,"date":"2024-06-07T08:17:16","date_gmt":"2024-06-07T08:17:16","guid":{"rendered":"https:\/\/kornita.lt\/?post_type=product&#038;p=23425"},"modified":"2025-06-17T08:31:30","modified_gmt":"2025-06-17T08:31:30","slug":"traskus-viso-grudo-rageliai-140-g","status":"publish","type":"product","link":"https:\/\/kornita.lt\/en\/shop\/traskus-skrebuciai\/traskus-viso-grudo-rageliai-140-g\/","title":{"rendered":"Tra\u0161k\u016bs viso gr\u016bdo rageliai 140 g."},"content":{"rendered":"<p>Tra\u0161k\u016bs viso gr\u016bdo dali\u0173 milt\u0173 rageliai. <\/p>\n","protected":false},"excerpt":{"rendered":"<p>Sudedamosios dalys:<br \/>\nViso gr\u016bdo dali\u0173 kvietiniai miltai 55%, kvietiniai miltai, cukrus, miel\u0117s, saul\u0117gr\u0105\u017e\u0173 aliejus, joduota druska (druska, kalio jodatas), antioksidantas: askorbo r\u016bg\u0161tis, kmynai.<\/p>\n","protected":false},"featured_media":23426,"comment_status":"open","ping_status":"closed","template":"","meta":[],"product_brand":[],"product_cat":[219],"product_tag":[],"class_list":{"0":"post-23425","1":"product","2":"type-product","3":"status-publish","4":"has-post-thumbnail","6":"product_cat-traskus-skrebuciai","7":"product_shipping_class-pristatymas","9":"first","10":"outofstock","11":"taxable","12":"shipping-taxable","13":"purchasable","14":"product-type-simple"},"aioseo_notices":[],"aioseo_head":"\n\t\t<!-- All in One SEO Pro 4.9.5.2 - aioseo.com -->\n\t<meta name=\"description\" content=\"Sudedamosios dalys: Viso gr\u016bdo dali\u0173 kvietiniai miltai 55%, kvietiniai miltai, cukrus, miel\u0117s, saul\u0117gr\u0105\u017e\u0173 aliejus, joduota druska (druska, kalio jodatas), antioksidantas: askorbo r\u016bg\u0161tis, kmynai.\" \/>\n\t<meta name=\"robots\" content=\"max-image-preview:large\" \/>\n\t<link rel=\"canonical\" href=\"https:\/\/kornita.lt\/en\/shop\/traskus-skrebuciai\/traskus-viso-grudo-rageliai-140-g\/\" \/>\n\t<meta name=\"generator\" content=\"All in One SEO Pro (AIOSEO) 4.9.5.2\" \/>\n\t\t<meta property=\"og:locale\" content=\"en_US\" \/>\n\t\t<meta property=\"og:site_name\" content=\"kornita -\" \/>\n\t\t<meta property=\"og:type\" content=\"article\" \/>\n\t\t<meta property=\"og:title\" content=\"Tra\u0161k\u016bs viso gr\u016bdo rageliai 140 g. - kornita\" \/>\n\t\t<meta property=\"og:description\" content=\"Sudedamosios dalys: Viso gr\u016bdo dali\u0173 kvietiniai miltai 55%, kvietiniai miltai, cukrus, miel\u0117s, saul\u0117gr\u0105\u017e\u0173 aliejus, joduota druska (druska, kalio jodatas), antioksidantas: askorbo r\u016bg\u0161tis, kmynai.\" \/>\n\t\t<meta property=\"og:url\" content=\"https:\/\/kornita.lt\/en\/shop\/traskus-skrebuciai\/traskus-viso-grudo-rageliai-140-g\/\" \/>\n\t\t<meta property=\"og:image\" content=\"https:\/\/kornita.webfactory.lt\/wp-content\/uploads\/2023\/04\/korni-el-prekyba.png\" \/>\n\t\t<meta property=\"og:image:secure_url\" content=\"https:\/\/kornita.webfactory.lt\/wp-content\/uploads\/2023\/04\/korni-el-prekyba.png\" \/>\n\t\t<meta property=\"article:published_time\" content=\"2024-06-07T08:17:16+00:00\" \/>\n\t\t<meta property=\"article:modified_time\" content=\"2025-06-17T08:31:30+00:00\" \/>\n\t\t<meta property=\"article:publisher\" content=\"https:\/\/www.facebook.com\/kornita.lt\" \/>\n\t\t<meta name=\"twitter:card\" content=\"summary_large_image\" \/>\n\t\t<meta name=\"twitter:title\" content=\"Tra\u0161k\u016bs viso gr\u016bdo rageliai 140 g. - kornita\" \/>\n\t\t<meta name=\"twitter:description\" content=\"Sudedamosios dalys: Viso gr\u016bdo dali\u0173 kvietiniai miltai 55%, kvietiniai miltai, cukrus, miel\u0117s, saul\u0117gr\u0105\u017e\u0173 aliejus, joduota druska (druska, kalio jodatas), antioksidantas: askorbo r\u016bg\u0161tis, kmynai.\" \/>\n\t\t<meta name=\"twitter:image\" content=\"http:\/\/kornita.webfactory.lt\/wp-content\/uploads\/2023\/04\/korni-el-prekyba.png\" \/>\n\t\t<script type=\"application\/ld+json\" class=\"aioseo-schema\">\n\t\t\t{\"@context\":\"https:\\\/\\\/schema.org\",\"@graph\":[{\"@type\":\"BreadcrumbList\",\"@id\":\"https:\\\/\\\/kornita.lt\\\/en\\\/shop\\\/traskus-skrebuciai\\\/traskus-viso-grudo-rageliai-140-g\\\/#breadcrumblist\",\"itemListElement\":[{\"@type\":\"ListItem\",\"@id\":\"https:\\\/\\\/kornita.lt\\\/en\\\/#listItem\",\"position\":1,\"name\":\"Home\",\"item\":\"https:\\\/\\\/kornita.lt\\\/en\\\/\",\"nextItem\":{\"@type\":\"ListItem\",\"@id\":\"https:\\\/\\\/kornita.lt\\\/en\\\/shop-2\\\/#listItem\",\"name\":\"Shop\"}},{\"@type\":\"ListItem\",\"@id\":\"https:\\\/\\\/kornita.lt\\\/en\\\/shop-2\\\/#listItem\",\"position\":2,\"name\":\"Shop\",\"item\":\"https:\\\/\\\/kornita.lt\\\/en\\\/shop-2\\\/\",\"nextItem\":{\"@type\":\"ListItem\",\"@id\":\"https:\\\/\\\/kornita.lt\\\/en\\\/product-category\\\/traskus-skrebuciai\\\/#listItem\",\"name\":\"Tra\\u0161k\\u016bs skrebu\\u010diai\"},\"previousItem\":{\"@type\":\"ListItem\",\"@id\":\"https:\\\/\\\/kornita.lt\\\/en\\\/#listItem\",\"name\":\"Home\"}},{\"@type\":\"ListItem\",\"@id\":\"https:\\\/\\\/kornita.lt\\\/en\\\/product-category\\\/traskus-skrebuciai\\\/#listItem\",\"position\":3,\"name\":\"Tra\\u0161k\\u016bs skrebu\\u010diai\",\"item\":\"https:\\\/\\\/kornita.lt\\\/en\\\/product-category\\\/traskus-skrebuciai\\\/\",\"nextItem\":{\"@type\":\"ListItem\",\"@id\":\"https:\\\/\\\/kornita.lt\\\/en\\\/shop\\\/traskus-skrebuciai\\\/traskus-viso-grudo-rageliai-140-g\\\/#listItem\",\"name\":\"Tra\\u0161k\\u016bs viso gr\\u016bdo rageliai 140 g.\"},\"previousItem\":{\"@type\":\"ListItem\",\"@id\":\"https:\\\/\\\/kornita.lt\\\/en\\\/shop-2\\\/#listItem\",\"name\":\"Shop\"}},{\"@type\":\"ListItem\",\"@id\":\"https:\\\/\\\/kornita.lt\\\/en\\\/shop\\\/traskus-skrebuciai\\\/traskus-viso-grudo-rageliai-140-g\\\/#listItem\",\"position\":4,\"name\":\"Tra\\u0161k\\u016bs viso gr\\u016bdo rageliai 140 g.\",\"previousItem\":{\"@type\":\"ListItem\",\"@id\":\"https:\\\/\\\/kornita.lt\\\/en\\\/product-category\\\/traskus-skrebuciai\\\/#listItem\",\"name\":\"Tra\\u0161k\\u016bs skrebu\\u010diai\"}}]},{\"@type\":\"Organization\",\"@id\":\"https:\\\/\\\/kornita.lt\\\/en\\\/#organization\",\"name\":\"kornita\",\"url\":\"https:\\\/\\\/kornita.lt\\\/en\\\/\",\"telephone\":\"+37068581463\",\"logo\":{\"@type\":\"ImageObject\",\"url\":\"http:\\\/\\\/kornita.webfactory.lt\\\/wp-content\\\/uploads\\\/2023\\\/04\\\/korni-el-prekyba.png\",\"@id\":\"https:\\\/\\\/kornita.lt\\\/en\\\/shop\\\/traskus-skrebuciai\\\/traskus-viso-grudo-rageliai-140-g\\\/#organizationLogo\"},\"image\":{\"@id\":\"https:\\\/\\\/kornita.lt\\\/en\\\/shop\\\/traskus-skrebuciai\\\/traskus-viso-grudo-rageliai-140-g\\\/#organizationLogo\"},\"sameAs\":[\"https:\\\/\\\/www.facebook.com\\\/kornita.lt\"]},{\"@type\":\"Product\",\"@id\":\"https:\\\/\\\/kornita.lt\\\/en\\\/shop\\\/traskus-skrebuciai\\\/traskus-viso-grudo-rageliai-140-g\\\/#wooCommerceProduct\",\"name\":\"Tra\\u0161k\\u016bs viso gr\\u016bdo rageliai 140 g.\",\"description\":\"Sudedamosios dalys:\\r\\nViso gr\\u016bdo dali\\u0173 kvietiniai miltai 55%, kvietiniai miltai, cukrus, miel\\u0117s, saul\\u0117gr\\u0105\\u017e\\u0173 aliejus, joduota druska (druska, kalio jodatas), antioksidantas: askorbo r\\u016bg\\u0161tis, kmynai.\",\"url\":\"https:\\\/\\\/kornita.lt\\\/en\\\/shop\\\/traskus-skrebuciai\\\/traskus-viso-grudo-rageliai-140-g\\\/\",\"image\":{\"@type\":\"ImageObject\",\"url\":\"https:\\\/\\\/kornita.lt\\\/wp-content\\\/uploads\\\/2024\\\/06\\\/b7021_Active-Crisp-Rolls_wholegrain_140g_mail.jpg\",\"@id\":\"https:\\\/\\\/kornita.lt\\\/en\\\/shop\\\/traskus-skrebuciai\\\/traskus-viso-grudo-rageliai-140-g\\\/#productImage\",\"width\":1125,\"height\":1536},\"offers\":{\"@type\":\"Offer\",\"url\":\"https:\\\/\\\/kornita.lt\\\/en\\\/shop\\\/traskus-skrebuciai\\\/traskus-viso-grudo-rageliai-140-g\\\/#wooCommerceOffer\",\"price\":0.99,\"priceCurrency\":\"EUR\",\"category\":\"Tra\\u0161k\\u016bs skrebu\\u010diai\",\"availability\":\"https:\\\/\\\/schema.org\\\/OutOfStock\",\"priceSpecification\":{\"@type\":\"PriceSpecification\",\"price\":0.99,\"priceCurrency\":\"EUR\",\"valueAddedTaxIncluded\":\"true\"},\"seller\":{\"@type\":\"Organization\",\"@id\":\"https:\\\/\\\/kornita.lt\\\/en\\\/#organization\"}}},{\"@type\":\"WebPage\",\"@id\":\"https:\\\/\\\/kornita.lt\\\/en\\\/shop\\\/traskus-skrebuciai\\\/traskus-viso-grudo-rageliai-140-g\\\/#webpage\",\"url\":\"https:\\\/\\\/kornita.lt\\\/en\\\/shop\\\/traskus-skrebuciai\\\/traskus-viso-grudo-rageliai-140-g\\\/\",\"name\":\"Tra\\u0161k\\u016bs viso gr\\u016bdo rageliai 140 g. - kornita\",\"description\":\"Sudedamosios dalys: Viso gr\\u016bdo dali\\u0173 kvietiniai miltai 55%, kvietiniai miltai, cukrus, miel\\u0117s, saul\\u0117gr\\u0105\\u017e\\u0173 aliejus, joduota druska (druska, kalio jodatas), antioksidantas: askorbo r\\u016bg\\u0161tis, kmynai.\",\"inLanguage\":\"en-US\",\"isPartOf\":{\"@id\":\"https:\\\/\\\/kornita.lt\\\/en\\\/#website\"},\"breadcrumb\":{\"@id\":\"https:\\\/\\\/kornita.lt\\\/en\\\/shop\\\/traskus-skrebuciai\\\/traskus-viso-grudo-rageliai-140-g\\\/#breadcrumblist\"},\"image\":{\"@type\":\"ImageObject\",\"url\":\"https:\\\/\\\/kornita.lt\\\/wp-content\\\/uploads\\\/2024\\\/06\\\/b7021_Active-Crisp-Rolls_wholegrain_140g_mail.jpg\",\"@id\":\"https:\\\/\\\/kornita.lt\\\/en\\\/shop\\\/traskus-skrebuciai\\\/traskus-viso-grudo-rageliai-140-g\\\/#mainImage\",\"width\":1125,\"height\":1536},\"primaryImageOfPage\":{\"@id\":\"https:\\\/\\\/kornita.lt\\\/en\\\/shop\\\/traskus-skrebuciai\\\/traskus-viso-grudo-rageliai-140-g\\\/#mainImage\"},\"datePublished\":\"2024-06-07T08:17:16+00:00\",\"dateModified\":\"2025-06-17T08:31:30+00:00\"},{\"@type\":\"WebSite\",\"@id\":\"https:\\\/\\\/kornita.lt\\\/en\\\/#website\",\"url\":\"https:\\\/\\\/kornita.lt\\\/en\\\/\",\"name\":\"kornita\",\"inLanguage\":\"en-US\",\"publisher\":{\"@id\":\"https:\\\/\\\/kornita.lt\\\/en\\\/#organization\"}}]}\n\t\t<\/script>\n\t\t<!-- All in One SEO Pro -->\r\n\t\t<title>Tra\u0161k\u016bs viso gr\u016bdo rageliai 140 g. - kornita<\/title>\n\n","aioseo_head_json":{"title":"Tra\u0161k\u016bs viso gr\u016bdo rageliai 140 g. - kornita","description":"Sudedamosios dalys: Viso gr\u016bdo dali\u0173 kvietiniai miltai 55%, kvietiniai miltai, cukrus, miel\u0117s, saul\u0117gr\u0105\u017e\u0173 aliejus, joduota druska (druska, kalio jodatas), antioksidantas: askorbo r\u016bg\u0161tis, kmynai.","canonical_url":"https:\/\/kornita.lt\/en\/shop\/traskus-skrebuciai\/traskus-viso-grudo-rageliai-140-g\/","robots":"max-image-preview:large","keywords":"","webmasterTools":{"miscellaneous":""},"schema":{"@context":"https:\/\/schema.org","@graph":[{"@type":"BreadcrumbList","@id":"https:\/\/kornita.lt\/en\/shop\/traskus-skrebuciai\/traskus-viso-grudo-rageliai-140-g\/#breadcrumblist","itemListElement":[{"@type":"ListItem","@id":"https:\/\/kornita.lt\/en\/#listItem","position":1,"name":"Home","item":"https:\/\/kornita.lt\/en\/","nextItem":{"@type":"ListItem","@id":"https:\/\/kornita.lt\/en\/shop-2\/#listItem","name":"Shop"}},{"@type":"ListItem","@id":"https:\/\/kornita.lt\/en\/shop-2\/#listItem","position":2,"name":"Shop","item":"https:\/\/kornita.lt\/en\/shop-2\/","nextItem":{"@type":"ListItem","@id":"https:\/\/kornita.lt\/en\/product-category\/traskus-skrebuciai\/#listItem","name":"Tra\u0161k\u016bs skrebu\u010diai"},"previousItem":{"@type":"ListItem","@id":"https:\/\/kornita.lt\/en\/#listItem","name":"Home"}},{"@type":"ListItem","@id":"https:\/\/kornita.lt\/en\/product-category\/traskus-skrebuciai\/#listItem","position":3,"name":"Tra\u0161k\u016bs skrebu\u010diai","item":"https:\/\/kornita.lt\/en\/product-category\/traskus-skrebuciai\/","nextItem":{"@type":"ListItem","@id":"https:\/\/kornita.lt\/en\/shop\/traskus-skrebuciai\/traskus-viso-grudo-rageliai-140-g\/#listItem","name":"Tra\u0161k\u016bs viso gr\u016bdo rageliai 140 g."},"previousItem":{"@type":"ListItem","@id":"https:\/\/kornita.lt\/en\/shop-2\/#listItem","name":"Shop"}},{"@type":"ListItem","@id":"https:\/\/kornita.lt\/en\/shop\/traskus-skrebuciai\/traskus-viso-grudo-rageliai-140-g\/#listItem","position":4,"name":"Tra\u0161k\u016bs viso gr\u016bdo rageliai 140 g.","previousItem":{"@type":"ListItem","@id":"https:\/\/kornita.lt\/en\/product-category\/traskus-skrebuciai\/#listItem","name":"Tra\u0161k\u016bs skrebu\u010diai"}}]},{"@type":"Organization","@id":"https:\/\/kornita.lt\/en\/#organization","name":"kornita","url":"https:\/\/kornita.lt\/en\/","telephone":"+37068581463","logo":{"@type":"ImageObject","url":"http:\/\/kornita.webfactory.lt\/wp-content\/uploads\/2023\/04\/korni-el-prekyba.png","@id":"https:\/\/kornita.lt\/en\/shop\/traskus-skrebuciai\/traskus-viso-grudo-rageliai-140-g\/#organizationLogo"},"image":{"@id":"https:\/\/kornita.lt\/en\/shop\/traskus-skrebuciai\/traskus-viso-grudo-rageliai-140-g\/#organizationLogo"},"sameAs":["https:\/\/www.facebook.com\/kornita.lt"]},{"@type":"Product","@id":"https:\/\/kornita.lt\/en\/shop\/traskus-skrebuciai\/traskus-viso-grudo-rageliai-140-g\/#wooCommerceProduct","name":"Tra\u0161k\u016bs viso gr\u016bdo rageliai 140 g.","description":"Sudedamosios dalys:\r\nViso gr\u016bdo dali\u0173 kvietiniai miltai 55%, kvietiniai miltai, cukrus, miel\u0117s, saul\u0117gr\u0105\u017e\u0173 aliejus, joduota druska (druska, kalio jodatas), antioksidantas: askorbo r\u016bg\u0161tis, kmynai.","url":"https:\/\/kornita.lt\/en\/shop\/traskus-skrebuciai\/traskus-viso-grudo-rageliai-140-g\/","image":{"@type":"ImageObject","url":"https:\/\/kornita.lt\/wp-content\/uploads\/2024\/06\/b7021_Active-Crisp-Rolls_wholegrain_140g_mail.jpg","@id":"https:\/\/kornita.lt\/en\/shop\/traskus-skrebuciai\/traskus-viso-grudo-rageliai-140-g\/#productImage","width":1125,"height":1536},"offers":{"@type":"Offer","url":"https:\/\/kornita.lt\/en\/shop\/traskus-skrebuciai\/traskus-viso-grudo-rageliai-140-g\/#wooCommerceOffer","price":0.99,"priceCurrency":"EUR","category":"Tra\u0161k\u016bs skrebu\u010diai","availability":"https:\/\/schema.org\/OutOfStock","priceSpecification":{"@type":"PriceSpecification","price":0.99,"priceCurrency":"EUR","valueAddedTaxIncluded":"true"},"seller":{"@type":"Organization","@id":"https:\/\/kornita.lt\/en\/#organization"}}},{"@type":"WebPage","@id":"https:\/\/kornita.lt\/en\/shop\/traskus-skrebuciai\/traskus-viso-grudo-rageliai-140-g\/#webpage","url":"https:\/\/kornita.lt\/en\/shop\/traskus-skrebuciai\/traskus-viso-grudo-rageliai-140-g\/","name":"Tra\u0161k\u016bs viso gr\u016bdo rageliai 140 g. - kornita","description":"Sudedamosios dalys: Viso gr\u016bdo dali\u0173 kvietiniai miltai 55%, kvietiniai miltai, cukrus, miel\u0117s, saul\u0117gr\u0105\u017e\u0173 aliejus, joduota druska (druska, kalio jodatas), antioksidantas: askorbo r\u016bg\u0161tis, kmynai.","inLanguage":"en-US","isPartOf":{"@id":"https:\/\/kornita.lt\/en\/#website"},"breadcrumb":{"@id":"https:\/\/kornita.lt\/en\/shop\/traskus-skrebuciai\/traskus-viso-grudo-rageliai-140-g\/#breadcrumblist"},"image":{"@type":"ImageObject","url":"https:\/\/kornita.lt\/wp-content\/uploads\/2024\/06\/b7021_Active-Crisp-Rolls_wholegrain_140g_mail.jpg","@id":"https:\/\/kornita.lt\/en\/shop\/traskus-skrebuciai\/traskus-viso-grudo-rageliai-140-g\/#mainImage","width":1125,"height":1536},"primaryImageOfPage":{"@id":"https:\/\/kornita.lt\/en\/shop\/traskus-skrebuciai\/traskus-viso-grudo-rageliai-140-g\/#mainImage"},"datePublished":"2024-06-07T08:17:16+00:00","dateModified":"2025-06-17T08:31:30+00:00"},{"@type":"WebSite","@id":"https:\/\/kornita.lt\/en\/#website","url":"https:\/\/kornita.lt\/en\/","name":"kornita","inLanguage":"en-US","publisher":{"@id":"https:\/\/kornita.lt\/en\/#organization"}}]},"og:locale":"en_US","og:site_name":"kornita -","og:type":"article","og:title":"Tra\u0161k\u016bs viso gr\u016bdo rageliai 140 g. - kornita","og:description":"Sudedamosios dalys: Viso gr\u016bdo dali\u0173 kvietiniai miltai 55%, kvietiniai miltai, cukrus, miel\u0117s, saul\u0117gr\u0105\u017e\u0173 aliejus, joduota druska (druska, kalio jodatas), antioksidantas: askorbo r\u016bg\u0161tis, kmynai.","og:url":"https:\/\/kornita.lt\/en\/shop\/traskus-skrebuciai\/traskus-viso-grudo-rageliai-140-g\/","og:image":"https:\/\/kornita.webfactory.lt\/wp-content\/uploads\/2023\/04\/korni-el-prekyba.png","og:image:secure_url":"https:\/\/kornita.webfactory.lt\/wp-content\/uploads\/2023\/04\/korni-el-prekyba.png","article:published_time":"2024-06-07T08:17:16+00:00","article:modified_time":"2025-06-17T08:31:30+00:00","article:publisher":"https:\/\/www.facebook.com\/kornita.lt","twitter:card":"summary_large_image","twitter:title":"Tra\u0161k\u016bs viso gr\u016bdo rageliai 140 g. - kornita","twitter:description":"Sudedamosios dalys: Viso gr\u016bdo dali\u0173 kvietiniai miltai 55%, kvietiniai miltai, cukrus, miel\u0117s, saul\u0117gr\u0105\u017e\u0173 aliejus, joduota druska (druska, kalio jodatas), antioksidantas: askorbo r\u016bg\u0161tis, kmynai.","twitter:image":"http:\/\/kornita.webfactory.lt\/wp-content\/uploads\/2023\/04\/korni-el-prekyba.png"},"aioseo_meta_data":{"post_id":"23425","title":null,"description":null,"keywords":null,"keyphrases":{"focus":{"keyphrase":"","score":0,"analysis":{"keyphraseInTitle":{"score":0,"maxScore":9,"error":1}}},"additional":[]},"primary_term":null,"canonical_url":null,"og_title":null,"og_description":null,"og_object_type":"default","og_image_type":"default","og_image_url":null,"og_image_width":null,"og_image_height":null,"og_image_custom_url":null,"og_image_custom_fields":null,"og_video":"","og_custom_url":null,"og_article_section":null,"og_article_tags":null,"twitter_use_og":false,"twitter_card":"default","twitter_image_type":"default","twitter_image_url":null,"twitter_image_custom_url":null,"twitter_image_custom_fields":null,"twitter_title":null,"twitter_description":null,"schema":{"blockGraphs":[],"customGraphs":[],"default":{"data":{"Article":[],"Course":[],"Dataset":[],"FAQPage":[],"Movie":[],"Person":[],"Product":[],"ProductReview":[],"Car":[],"Recipe":[],"Service":[],"SoftwareApplication":[],"WebPage":[]},"graphName":"ItemPage","isEnabled":true},"graphs":[]},"schema_type":"default","schema_type_options":null,"pillar_content":false,"robots_default":true,"robots_noindex":false,"robots_noarchive":false,"robots_nosnippet":false,"robots_nofollow":false,"robots_noimageindex":false,"robots_noodp":false,"robots_notranslate":false,"robots_max_snippet":"-1","robots_max_videopreview":"-1","robots_max_imagepreview":"large","priority":null,"frequency":"default","local_seo":null,"seo_analyzer_scan_date":"2025-10-09 00:29:50","breadcrumb_settings":null,"limit_modified_date":false,"open_ai":"{\"title\":{\"suggestions\":[],\"usage\":0},\"description\":{\"suggestions\":[],\"usage\":0}}","ai":null,"created":"2024-06-07 08:17:16","updated":"2025-10-21 23:09:04"},"aioseo_breadcrumb":"<div class=\"aioseo-breadcrumbs\"><span class=\"aioseo-breadcrumb\">\n\t<a href=\"https:\/\/kornita.lt\/en\/\" title=\"Home\">Home<\/a>\n<\/span><span class=\"aioseo-breadcrumb-separator\">&raquo;<\/span><span class=\"aioseo-breadcrumb\">\n\t<a href=\"https:\/\/kornita.lt\/en\/shop-2\/\" title=\"Shop\">Shop<\/a>\n<\/span><span class=\"aioseo-breadcrumb-separator\">&raquo;<\/span><span class=\"aioseo-breadcrumb\">\n\t<a href=\"https:\/\/kornita.lt\/en\/product-category\/traskus-skrebuciai\/\" title=\"Tra\u0161k\u016bs skrebu\u010diai\">Tra\u0161k\u016bs skrebu\u010diai<\/a>\n<\/span><span class=\"aioseo-breadcrumb-separator\">&raquo;<\/span><span class=\"aioseo-breadcrumb\">\n\tTra\u0161k\u016bs viso gr\u016bdo rageliai 140 g.\n<\/span><\/div>","aioseo_breadcrumb_json":[{"label":"Home","link":"https:\/\/kornita.lt\/en\/"},{"label":"Shop","link":"https:\/\/kornita.lt\/en\/shop-2\/"},{"label":"Tra\u0161k\u016bs skrebu\u010diai","link":"https:\/\/kornita.lt\/en\/product-category\/traskus-skrebuciai\/"},{"label":"Tra\u0161k\u016bs viso gr\u016bdo rageliai 140 g.","link":"https:\/\/kornita.lt\/en\/shop\/traskus-skrebuciai\/traskus-viso-grudo-rageliai-140-g\/"}],"_links":{"self":[{"href":"https:\/\/kornita.lt\/en\/wp-json\/wp\/v2\/product\/23425","targetHints":{"allow":["GET"]}}],"collection":[{"href":"https:\/\/kornita.lt\/en\/wp-json\/wp\/v2\/product"}],"about":[{"href":"https:\/\/kornita.lt\/en\/wp-json\/wp\/v2\/types\/product"}],"replies":[{"embeddable":true,"href":"https:\/\/kornita.lt\/en\/wp-json\/wp\/v2\/comments?post=23425"}],"version-history":[{"count":1,"href":"https:\/\/kornita.lt\/en\/wp-json\/wp\/v2\/product\/23425\/revisions"}],"predecessor-version":[{"id":25074,"href":"https:\/\/kornita.lt\/en\/wp-json\/wp\/v2\/product\/23425\/revisions\/25074"}],"wp:featuredmedia":[{"embeddable":true,"href":"https:\/\/kornita.lt\/en\/wp-json\/wp\/v2\/media\/23426"}],"wp:attachment":[{"href":"https:\/\/kornita.lt\/en\/wp-json\/wp\/v2\/media?parent=23425"}],"wp:term":[{"taxonomy":"product_brand","embeddable":true,"href":"https:\/\/kornita.lt\/en\/wp-json\/wp\/v2\/product_brand?post=23425"},{"taxonomy":"product_cat","embeddable":true,"href":"https:\/\/kornita.lt\/en\/wp-json\/wp\/v2\/product_cat?post=23425"},{"taxonomy":"product_tag","embeddable":true,"href":"https:\/\/kornita.lt\/en\/wp-json\/wp\/v2\/product_tag?post=23425"}],"curies":[{"name":"wp","href":"https:\/\/api.w.org\/{rel}","templated":true}]}}