{"id":23350,"date":"2024-05-15T12:03:48","date_gmt":"2024-05-15T12:03:48","guid":{"rendered":"https:\/\/kornita.lt\/?post_type=product&#038;p=23350"},"modified":"2025-11-12T09:40:35","modified_gmt":"2025-11-12T09:40:35","slug":"himalaju-druska-smulki-1000g","status":"publish","type":"product","link":"https:\/\/kornita.lt\/en\/shop\/druska-ir-druskos-gaminiai\/himalaju-druska-smulki-1000g\/","title":{"rendered":"Himalaj\u0173 druska smulki, 1000g"},"content":{"rendered":"","protected":false},"excerpt":{"rendered":"<p>Himalaj\u0173 uolienos \u0161imtus milijon\u0173 met\u0173 po savimi i\u0161saugojo \u0161vari\u0105, turting\u0105 mineralin\u0117mis med\u017eiagomis drusk\u0105. \u0160i nat\u016brali druska iki \u0161i\u0173 dien\u0173 i\u0161kasama ir apdorojama tradiciniu b\u016bdu. Himalaj\u0173 druskoje gausu mineral\u0173, ji tinkama ne tik maistui, bet ir gro\u017eio, sveikatinimo proced\u016broms.<\/p>\n","protected":false},"featured_media":23351,"comment_status":"open","ping_status":"closed","template":"","meta":[],"product_brand":[],"product_cat":[54],"product_tag":[],"class_list":{"0":"post-23350","1":"product","2":"type-product","3":"status-publish","4":"has-post-thumbnail","6":"product_cat-druska-ir-druskos-gaminiai","7":"product_shipping_class-pristatymas","9":"first","10":"instock","11":"taxable","12":"shipping-taxable","13":"purchasable","14":"product-type-simple"},"aioseo_notices":[],"aioseo_head":"\n\t\t<!-- All in One SEO Pro 4.9.5.2 - aioseo.com -->\n\t<meta name=\"description\" content=\"Himalaj\u0173 uolienos \u0161imtus milijon\u0173 met\u0173 po savimi i\u0161saugojo \u0161vari\u0105, turting\u0105 mineralin\u0117mis med\u017eiagomis drusk\u0105. \u0160i nat\u016brali druska iki \u0161i\u0173 dien\u0173 i\u0161kasama ir apdorojama tradiciniu b\u016bdu. Himalaj\u0173 druskoje gausu mineral\u0173, ji tinkama ne tik maistui, bet ir gro\u017eio, sveikatinimo proced\u016broms.\" \/>\n\t<meta name=\"robots\" content=\"max-image-preview:large\" \/>\n\t<link rel=\"canonical\" href=\"https:\/\/kornita.lt\/en\/shop\/druska-ir-druskos-gaminiai\/himalaju-druska-smulki-1000g\/\" \/>\n\t<meta name=\"generator\" content=\"All in One SEO Pro (AIOSEO) 4.9.5.2\" \/>\n\t\t<meta property=\"og:locale\" content=\"en_US\" \/>\n\t\t<meta property=\"og:site_name\" content=\"kornita -\" \/>\n\t\t<meta property=\"og:type\" content=\"article\" \/>\n\t\t<meta property=\"og:title\" content=\"Himalaj\u0173 druska smulki, 1000g - kornita\" \/>\n\t\t<meta property=\"og:description\" content=\"Himalaj\u0173 uolienos \u0161imtus milijon\u0173 met\u0173 po savimi i\u0161saugojo \u0161vari\u0105, turting\u0105 mineralin\u0117mis med\u017eiagomis drusk\u0105. \u0160i nat\u016brali druska iki \u0161i\u0173 dien\u0173 i\u0161kasama ir apdorojama tradiciniu b\u016bdu. Himalaj\u0173 druskoje gausu mineral\u0173, ji tinkama ne tik maistui, bet ir gro\u017eio, sveikatinimo proced\u016broms.\" \/>\n\t\t<meta property=\"og:url\" content=\"https:\/\/kornita.lt\/en\/shop\/druska-ir-druskos-gaminiai\/himalaju-druska-smulki-1000g\/\" \/>\n\t\t<meta property=\"og:image\" content=\"https:\/\/kornita.webfactory.lt\/wp-content\/uploads\/2023\/04\/korni-el-prekyba.png\" \/>\n\t\t<meta property=\"og:image:secure_url\" content=\"https:\/\/kornita.webfactory.lt\/wp-content\/uploads\/2023\/04\/korni-el-prekyba.png\" \/>\n\t\t<meta property=\"article:published_time\" content=\"2024-05-15T12:03:48+00:00\" \/>\n\t\t<meta property=\"article:modified_time\" content=\"2025-11-12T09:40:35+00:00\" \/>\n\t\t<meta property=\"article:publisher\" content=\"https:\/\/www.facebook.com\/kornita.lt\" \/>\n\t\t<meta name=\"twitter:card\" content=\"summary_large_image\" \/>\n\t\t<meta name=\"twitter:title\" content=\"Himalaj\u0173 druska smulki, 1000g - kornita\" \/>\n\t\t<meta name=\"twitter:description\" content=\"Himalaj\u0173 uolienos \u0161imtus milijon\u0173 met\u0173 po savimi i\u0161saugojo \u0161vari\u0105, turting\u0105 mineralin\u0117mis med\u017eiagomis drusk\u0105. \u0160i nat\u016brali druska iki \u0161i\u0173 dien\u0173 i\u0161kasama ir apdorojama tradiciniu b\u016bdu. Himalaj\u0173 druskoje gausu mineral\u0173, ji tinkama ne tik maistui, bet ir gro\u017eio, sveikatinimo proced\u016broms.\" \/>\n\t\t<meta name=\"twitter:image\" content=\"http:\/\/kornita.webfactory.lt\/wp-content\/uploads\/2023\/04\/korni-el-prekyba.png\" \/>\n\t\t<script type=\"application\/ld+json\" class=\"aioseo-schema\">\n\t\t\t{\"@context\":\"https:\\\/\\\/schema.org\",\"@graph\":[{\"@type\":\"BreadcrumbList\",\"@id\":\"https:\\\/\\\/kornita.lt\\\/en\\\/shop\\\/druska-ir-druskos-gaminiai\\\/himalaju-druska-smulki-1000g\\\/#breadcrumblist\",\"itemListElement\":[{\"@type\":\"ListItem\",\"@id\":\"https:\\\/\\\/kornita.lt\\\/en\\\/#listItem\",\"position\":1,\"name\":\"Home\",\"item\":\"https:\\\/\\\/kornita.lt\\\/en\\\/\",\"nextItem\":{\"@type\":\"ListItem\",\"@id\":\"https:\\\/\\\/kornita.lt\\\/en\\\/shop-2\\\/#listItem\",\"name\":\"Shop\"}},{\"@type\":\"ListItem\",\"@id\":\"https:\\\/\\\/kornita.lt\\\/en\\\/shop-2\\\/#listItem\",\"position\":2,\"name\":\"Shop\",\"item\":\"https:\\\/\\\/kornita.lt\\\/en\\\/shop-2\\\/\",\"nextItem\":{\"@type\":\"ListItem\",\"@id\":\"https:\\\/\\\/kornita.lt\\\/en\\\/product-category\\\/druska-ir-druskos-gaminiai\\\/#listItem\",\"name\":\"Druska\"},\"previousItem\":{\"@type\":\"ListItem\",\"@id\":\"https:\\\/\\\/kornita.lt\\\/en\\\/#listItem\",\"name\":\"Home\"}},{\"@type\":\"ListItem\",\"@id\":\"https:\\\/\\\/kornita.lt\\\/en\\\/product-category\\\/druska-ir-druskos-gaminiai\\\/#listItem\",\"position\":3,\"name\":\"Druska\",\"item\":\"https:\\\/\\\/kornita.lt\\\/en\\\/product-category\\\/druska-ir-druskos-gaminiai\\\/\",\"nextItem\":{\"@type\":\"ListItem\",\"@id\":\"https:\\\/\\\/kornita.lt\\\/en\\\/shop\\\/druska-ir-druskos-gaminiai\\\/himalaju-druska-smulki-1000g\\\/#listItem\",\"name\":\"Himalaj\\u0173 druska smulki, 1000g\"},\"previousItem\":{\"@type\":\"ListItem\",\"@id\":\"https:\\\/\\\/kornita.lt\\\/en\\\/shop-2\\\/#listItem\",\"name\":\"Shop\"}},{\"@type\":\"ListItem\",\"@id\":\"https:\\\/\\\/kornita.lt\\\/en\\\/shop\\\/druska-ir-druskos-gaminiai\\\/himalaju-druska-smulki-1000g\\\/#listItem\",\"position\":4,\"name\":\"Himalaj\\u0173 druska smulki, 1000g\",\"previousItem\":{\"@type\":\"ListItem\",\"@id\":\"https:\\\/\\\/kornita.lt\\\/en\\\/product-category\\\/druska-ir-druskos-gaminiai\\\/#listItem\",\"name\":\"Druska\"}}]},{\"@type\":\"Organization\",\"@id\":\"https:\\\/\\\/kornita.lt\\\/en\\\/#organization\",\"name\":\"kornita\",\"url\":\"https:\\\/\\\/kornita.lt\\\/en\\\/\",\"telephone\":\"+37068581463\",\"logo\":{\"@type\":\"ImageObject\",\"url\":\"http:\\\/\\\/kornita.webfactory.lt\\\/wp-content\\\/uploads\\\/2023\\\/04\\\/korni-el-prekyba.png\",\"@id\":\"https:\\\/\\\/kornita.lt\\\/en\\\/shop\\\/druska-ir-druskos-gaminiai\\\/himalaju-druska-smulki-1000g\\\/#organizationLogo\"},\"image\":{\"@id\":\"https:\\\/\\\/kornita.lt\\\/en\\\/shop\\\/druska-ir-druskos-gaminiai\\\/himalaju-druska-smulki-1000g\\\/#organizationLogo\"},\"sameAs\":[\"https:\\\/\\\/www.facebook.com\\\/kornita.lt\"]},{\"@type\":\"Product\",\"@id\":\"https:\\\/\\\/kornita.lt\\\/en\\\/shop\\\/druska-ir-druskos-gaminiai\\\/himalaju-druska-smulki-1000g\\\/#wooCommerceProduct\",\"name\":\"Himalaj\\u0173 druska smulki, 1000g\",\"description\":\"Himalaj\\u0173 uolienos \\u0161imtus milijon\\u0173 met\\u0173 po savimi i\\u0161saugojo \\u0161vari\\u0105, turting\\u0105 mineralin\\u0117mis med\\u017eiagomis drusk\\u0105. \\u0160i nat\\u016brali druska iki \\u0161i\\u0173 dien\\u0173 i\\u0161kasama ir apdorojama tradiciniu b\\u016bdu. Himalaj\\u0173 druskoje gausu mineral\\u0173, ji tinkama ne tik maistui, bet ir gro\\u017eio, sveikatinimo proced\\u016broms.\",\"url\":\"https:\\\/\\\/kornita.lt\\\/en\\\/shop\\\/druska-ir-druskos-gaminiai\\\/himalaju-druska-smulki-1000g\\\/\",\"sku\":\"4771506210045-1\",\"image\":{\"@type\":\"ImageObject\",\"url\":\"https:\\\/\\\/kornita.lt\\\/wp-content\\\/uploads\\\/2024\\\/05\\\/Himalaju-druska-1kg-scaled.jpg\",\"@id\":\"https:\\\/\\\/kornita.lt\\\/en\\\/shop\\\/druska-ir-druskos-gaminiai\\\/himalaju-druska-smulki-1000g\\\/#productImage\",\"width\":2069,\"height\":2560},\"offers\":{\"@type\":\"Offer\",\"url\":\"https:\\\/\\\/kornita.lt\\\/en\\\/shop\\\/druska-ir-druskos-gaminiai\\\/himalaju-druska-smulki-1000g\\\/#wooCommerceOffer\",\"price\":1.29,\"priceCurrency\":\"EUR\",\"category\":\"Druska\",\"availability\":\"https:\\\/\\\/schema.org\\\/InStock\",\"priceSpecification\":{\"@type\":\"PriceSpecification\",\"price\":1.29,\"priceCurrency\":\"EUR\",\"valueAddedTaxIncluded\":\"true\"},\"seller\":{\"@type\":\"Organization\",\"@id\":\"https:\\\/\\\/kornita.lt\\\/en\\\/#organization\"}},\"aggregateRating\":{\"@type\":\"AggregateRating\",\"@id\":\"https:\\\/\\\/kornita.lt\\\/en\\\/shop\\\/druska-ir-druskos-gaminiai\\\/himalaju-druska-smulki-1000g\\\/#aggregrateRating\",\"worstRating\":1,\"bestRating\":5,\"ratingValue\":5,\"reviewCount\":1}},{\"@type\":\"WebPage\",\"@id\":\"https:\\\/\\\/kornita.lt\\\/en\\\/shop\\\/druska-ir-druskos-gaminiai\\\/himalaju-druska-smulki-1000g\\\/#webpage\",\"url\":\"https:\\\/\\\/kornita.lt\\\/en\\\/shop\\\/druska-ir-druskos-gaminiai\\\/himalaju-druska-smulki-1000g\\\/\",\"name\":\"Himalaj\\u0173 druska smulki, 1000g - kornita\",\"description\":\"Himalaj\\u0173 uolienos \\u0161imtus milijon\\u0173 met\\u0173 po savimi i\\u0161saugojo \\u0161vari\\u0105, turting\\u0105 mineralin\\u0117mis med\\u017eiagomis drusk\\u0105. \\u0160i nat\\u016brali druska iki \\u0161i\\u0173 dien\\u0173 i\\u0161kasama ir apdorojama tradiciniu b\\u016bdu. Himalaj\\u0173 druskoje gausu mineral\\u0173, ji tinkama ne tik maistui, bet ir gro\\u017eio, sveikatinimo proced\\u016broms.\",\"inLanguage\":\"en-US\",\"isPartOf\":{\"@id\":\"https:\\\/\\\/kornita.lt\\\/en\\\/#website\"},\"breadcrumb\":{\"@id\":\"https:\\\/\\\/kornita.lt\\\/en\\\/shop\\\/druska-ir-druskos-gaminiai\\\/himalaju-druska-smulki-1000g\\\/#breadcrumblist\"},\"image\":{\"@type\":\"ImageObject\",\"url\":\"https:\\\/\\\/kornita.lt\\\/wp-content\\\/uploads\\\/2024\\\/05\\\/Himalaju-druska-1kg-scaled.jpg\",\"@id\":\"https:\\\/\\\/kornita.lt\\\/en\\\/shop\\\/druska-ir-druskos-gaminiai\\\/himalaju-druska-smulki-1000g\\\/#mainImage\",\"width\":2069,\"height\":2560},\"primaryImageOfPage\":{\"@id\":\"https:\\\/\\\/kornita.lt\\\/en\\\/shop\\\/druska-ir-druskos-gaminiai\\\/himalaju-druska-smulki-1000g\\\/#mainImage\"},\"datePublished\":\"2024-05-15T12:03:48+00:00\",\"dateModified\":\"2025-11-12T09:40:35+00:00\"},{\"@type\":\"WebSite\",\"@id\":\"https:\\\/\\\/kornita.lt\\\/en\\\/#website\",\"url\":\"https:\\\/\\\/kornita.lt\\\/en\\\/\",\"name\":\"kornita\",\"inLanguage\":\"en-US\",\"publisher\":{\"@id\":\"https:\\\/\\\/kornita.lt\\\/en\\\/#organization\"}}]}\n\t\t<\/script>\n\t\t<!-- All in One SEO Pro -->\r\n\t\t<title>Himalaj\u0173 druska smulki, 1000g - kornita<\/title>\n\n","aioseo_head_json":{"title":"Himalaj\u0173 druska smulki, 1000g - kornita","description":"Himalaj\u0173 uolienos \u0161imtus milijon\u0173 met\u0173 po savimi i\u0161saugojo \u0161vari\u0105, turting\u0105 mineralin\u0117mis med\u017eiagomis drusk\u0105. \u0160i nat\u016brali druska iki \u0161i\u0173 dien\u0173 i\u0161kasama ir apdorojama tradiciniu b\u016bdu. Himalaj\u0173 druskoje gausu mineral\u0173, ji tinkama ne tik maistui, bet ir gro\u017eio, sveikatinimo proced\u016broms.","canonical_url":"https:\/\/kornita.lt\/en\/shop\/druska-ir-druskos-gaminiai\/himalaju-druska-smulki-1000g\/","robots":"max-image-preview:large","keywords":"","webmasterTools":{"miscellaneous":""},"schema":{"@context":"https:\/\/schema.org","@graph":[{"@type":"BreadcrumbList","@id":"https:\/\/kornita.lt\/en\/shop\/druska-ir-druskos-gaminiai\/himalaju-druska-smulki-1000g\/#breadcrumblist","itemListElement":[{"@type":"ListItem","@id":"https:\/\/kornita.lt\/en\/#listItem","position":1,"name":"Home","item":"https:\/\/kornita.lt\/en\/","nextItem":{"@type":"ListItem","@id":"https:\/\/kornita.lt\/en\/shop-2\/#listItem","name":"Shop"}},{"@type":"ListItem","@id":"https:\/\/kornita.lt\/en\/shop-2\/#listItem","position":2,"name":"Shop","item":"https:\/\/kornita.lt\/en\/shop-2\/","nextItem":{"@type":"ListItem","@id":"https:\/\/kornita.lt\/en\/product-category\/druska-ir-druskos-gaminiai\/#listItem","name":"Druska"},"previousItem":{"@type":"ListItem","@id":"https:\/\/kornita.lt\/en\/#listItem","name":"Home"}},{"@type":"ListItem","@id":"https:\/\/kornita.lt\/en\/product-category\/druska-ir-druskos-gaminiai\/#listItem","position":3,"name":"Druska","item":"https:\/\/kornita.lt\/en\/product-category\/druska-ir-druskos-gaminiai\/","nextItem":{"@type":"ListItem","@id":"https:\/\/kornita.lt\/en\/shop\/druska-ir-druskos-gaminiai\/himalaju-druska-smulki-1000g\/#listItem","name":"Himalaj\u0173 druska smulki, 1000g"},"previousItem":{"@type":"ListItem","@id":"https:\/\/kornita.lt\/en\/shop-2\/#listItem","name":"Shop"}},{"@type":"ListItem","@id":"https:\/\/kornita.lt\/en\/shop\/druska-ir-druskos-gaminiai\/himalaju-druska-smulki-1000g\/#listItem","position":4,"name":"Himalaj\u0173 druska smulki, 1000g","previousItem":{"@type":"ListItem","@id":"https:\/\/kornita.lt\/en\/product-category\/druska-ir-druskos-gaminiai\/#listItem","name":"Druska"}}]},{"@type":"Organization","@id":"https:\/\/kornita.lt\/en\/#organization","name":"kornita","url":"https:\/\/kornita.lt\/en\/","telephone":"+37068581463","logo":{"@type":"ImageObject","url":"http:\/\/kornita.webfactory.lt\/wp-content\/uploads\/2023\/04\/korni-el-prekyba.png","@id":"https:\/\/kornita.lt\/en\/shop\/druska-ir-druskos-gaminiai\/himalaju-druska-smulki-1000g\/#organizationLogo"},"image":{"@id":"https:\/\/kornita.lt\/en\/shop\/druska-ir-druskos-gaminiai\/himalaju-druska-smulki-1000g\/#organizationLogo"},"sameAs":["https:\/\/www.facebook.com\/kornita.lt"]},{"@type":"Product","@id":"https:\/\/kornita.lt\/en\/shop\/druska-ir-druskos-gaminiai\/himalaju-druska-smulki-1000g\/#wooCommerceProduct","name":"Himalaj\u0173 druska smulki, 1000g","description":"Himalaj\u0173 uolienos \u0161imtus milijon\u0173 met\u0173 po savimi i\u0161saugojo \u0161vari\u0105, turting\u0105 mineralin\u0117mis med\u017eiagomis drusk\u0105. \u0160i nat\u016brali druska iki \u0161i\u0173 dien\u0173 i\u0161kasama ir apdorojama tradiciniu b\u016bdu. Himalaj\u0173 druskoje gausu mineral\u0173, ji tinkama ne tik maistui, bet ir gro\u017eio, sveikatinimo proced\u016broms.","url":"https:\/\/kornita.lt\/en\/shop\/druska-ir-druskos-gaminiai\/himalaju-druska-smulki-1000g\/","sku":"4771506210045-1","image":{"@type":"ImageObject","url":"https:\/\/kornita.lt\/wp-content\/uploads\/2024\/05\/Himalaju-druska-1kg-scaled.jpg","@id":"https:\/\/kornita.lt\/en\/shop\/druska-ir-druskos-gaminiai\/himalaju-druska-smulki-1000g\/#productImage","width":2069,"height":2560},"offers":{"@type":"Offer","url":"https:\/\/kornita.lt\/en\/shop\/druska-ir-druskos-gaminiai\/himalaju-druska-smulki-1000g\/#wooCommerceOffer","price":1.29,"priceCurrency":"EUR","category":"Druska","availability":"https:\/\/schema.org\/InStock","priceSpecification":{"@type":"PriceSpecification","price":1.29,"priceCurrency":"EUR","valueAddedTaxIncluded":"true"},"seller":{"@type":"Organization","@id":"https:\/\/kornita.lt\/en\/#organization"}},"aggregateRating":{"@type":"AggregateRating","@id":"https:\/\/kornita.lt\/en\/shop\/druska-ir-druskos-gaminiai\/himalaju-druska-smulki-1000g\/#aggregrateRating","worstRating":1,"bestRating":5,"ratingValue":5,"reviewCount":1}},{"@type":"WebPage","@id":"https:\/\/kornita.lt\/en\/shop\/druska-ir-druskos-gaminiai\/himalaju-druska-smulki-1000g\/#webpage","url":"https:\/\/kornita.lt\/en\/shop\/druska-ir-druskos-gaminiai\/himalaju-druska-smulki-1000g\/","name":"Himalaj\u0173 druska smulki, 1000g - kornita","description":"Himalaj\u0173 uolienos \u0161imtus milijon\u0173 met\u0173 po savimi i\u0161saugojo \u0161vari\u0105, turting\u0105 mineralin\u0117mis med\u017eiagomis drusk\u0105. \u0160i nat\u016brali druska iki \u0161i\u0173 dien\u0173 i\u0161kasama ir apdorojama tradiciniu b\u016bdu. Himalaj\u0173 druskoje gausu mineral\u0173, ji tinkama ne tik maistui, bet ir gro\u017eio, sveikatinimo proced\u016broms.","inLanguage":"en-US","isPartOf":{"@id":"https:\/\/kornita.lt\/en\/#website"},"breadcrumb":{"@id":"https:\/\/kornita.lt\/en\/shop\/druska-ir-druskos-gaminiai\/himalaju-druska-smulki-1000g\/#breadcrumblist"},"image":{"@type":"ImageObject","url":"https:\/\/kornita.lt\/wp-content\/uploads\/2024\/05\/Himalaju-druska-1kg-scaled.jpg","@id":"https:\/\/kornita.lt\/en\/shop\/druska-ir-druskos-gaminiai\/himalaju-druska-smulki-1000g\/#mainImage","width":2069,"height":2560},"primaryImageOfPage":{"@id":"https:\/\/kornita.lt\/en\/shop\/druska-ir-druskos-gaminiai\/himalaju-druska-smulki-1000g\/#mainImage"},"datePublished":"2024-05-15T12:03:48+00:00","dateModified":"2025-11-12T09:40:35+00:00"},{"@type":"WebSite","@id":"https:\/\/kornita.lt\/en\/#website","url":"https:\/\/kornita.lt\/en\/","name":"kornita","inLanguage":"en-US","publisher":{"@id":"https:\/\/kornita.lt\/en\/#organization"}}]},"og:locale":"en_US","og:site_name":"kornita -","og:type":"article","og:title":"Himalaj\u0173 druska smulki, 1000g - kornita","og:description":"Himalaj\u0173 uolienos \u0161imtus milijon\u0173 met\u0173 po savimi i\u0161saugojo \u0161vari\u0105, turting\u0105 mineralin\u0117mis med\u017eiagomis drusk\u0105. \u0160i nat\u016brali druska iki \u0161i\u0173 dien\u0173 i\u0161kasama ir apdorojama tradiciniu b\u016bdu. Himalaj\u0173 druskoje gausu mineral\u0173, ji tinkama ne tik maistui, bet ir gro\u017eio, sveikatinimo proced\u016broms.","og:url":"https:\/\/kornita.lt\/en\/shop\/druska-ir-druskos-gaminiai\/himalaju-druska-smulki-1000g\/","og:image":"https:\/\/kornita.webfactory.lt\/wp-content\/uploads\/2023\/04\/korni-el-prekyba.png","og:image:secure_url":"https:\/\/kornita.webfactory.lt\/wp-content\/uploads\/2023\/04\/korni-el-prekyba.png","article:published_time":"2024-05-15T12:03:48+00:00","article:modified_time":"2025-11-12T09:40:35+00:00","article:publisher":"https:\/\/www.facebook.com\/kornita.lt","twitter:card":"summary_large_image","twitter:title":"Himalaj\u0173 druska smulki, 1000g - kornita","twitter:description":"Himalaj\u0173 uolienos \u0161imtus milijon\u0173 met\u0173 po savimi i\u0161saugojo \u0161vari\u0105, turting\u0105 mineralin\u0117mis med\u017eiagomis drusk\u0105. \u0160i nat\u016brali druska iki \u0161i\u0173 dien\u0173 i\u0161kasama ir apdorojama tradiciniu b\u016bdu. Himalaj\u0173 druskoje gausu mineral\u0173, ji tinkama ne tik maistui, bet ir gro\u017eio, sveikatinimo proced\u016broms.","twitter:image":"http:\/\/kornita.webfactory.lt\/wp-content\/uploads\/2023\/04\/korni-el-prekyba.png"},"aioseo_meta_data":{"post_id":"23350","title":null,"description":null,"keywords":null,"keyphrases":{"focus":{"keyphrase":"","score":0,"analysis":{"keyphraseInTitle":{"score":0,"maxScore":9,"error":1}}},"additional":[]},"primary_term":null,"canonical_url":null,"og_title":null,"og_description":null,"og_object_type":"default","og_image_type":"default","og_image_url":null,"og_image_width":null,"og_image_height":null,"og_image_custom_url":null,"og_image_custom_fields":null,"og_video":"","og_custom_url":null,"og_article_section":null,"og_article_tags":null,"twitter_use_og":false,"twitter_card":"default","twitter_image_type":"default","twitter_image_url":null,"twitter_image_custom_url":null,"twitter_image_custom_fields":null,"twitter_title":null,"twitter_description":null,"schema":{"blockGraphs":[],"customGraphs":[],"default":{"data":{"Article":[],"Course":[],"Dataset":[],"FAQPage":[],"Movie":[],"Person":[],"Product":[],"ProductReview":[],"Car":[],"Recipe":[],"Service":[],"SoftwareApplication":[],"WebPage":[]},"graphName":"Product","isEnabled":true},"graphs":[]},"schema_type":"default","schema_type_options":null,"pillar_content":false,"robots_default":true,"robots_noindex":false,"robots_noarchive":false,"robots_nosnippet":false,"robots_nofollow":false,"robots_noimageindex":false,"robots_noodp":false,"robots_notranslate":false,"robots_max_snippet":"-1","robots_max_videopreview":"-1","robots_max_imagepreview":"large","priority":null,"frequency":"default","local_seo":null,"seo_analyzer_scan_date":"2025-10-09 11:25:12","breadcrumb_settings":null,"limit_modified_date":false,"open_ai":"{\"title\":{\"suggestions\":[],\"usage\":0},\"description\":{\"suggestions\":[],\"usage\":0}}","ai":{"faqs":[],"keyPoints":[],"titles":[],"descriptions":[],"socialPosts":{"email":[],"linkedin":[],"twitter":[],"facebook":[],"instagram":[]}},"created":"2024-05-15 12:03:48","updated":"2025-11-26 23:40:10"},"aioseo_breadcrumb":"<div class=\"aioseo-breadcrumbs\"><span class=\"aioseo-breadcrumb\">\n\t<a href=\"https:\/\/kornita.lt\/en\/\" title=\"Home\">Home<\/a>\n<\/span><span class=\"aioseo-breadcrumb-separator\">&raquo;<\/span><span class=\"aioseo-breadcrumb\">\n\t<a href=\"https:\/\/kornita.lt\/en\/shop-2\/\" title=\"Shop\">Shop<\/a>\n<\/span><span class=\"aioseo-breadcrumb-separator\">&raquo;<\/span><span class=\"aioseo-breadcrumb\">\n\t<a href=\"https:\/\/kornita.lt\/en\/product-category\/druska-ir-druskos-gaminiai\/\" title=\"Druska\">Druska<\/a>\n<\/span><span class=\"aioseo-breadcrumb-separator\">&raquo;<\/span><span class=\"aioseo-breadcrumb\">\n\tHimalaj\u0173 druska smulki, 1000g\n<\/span><\/div>","aioseo_breadcrumb_json":[{"label":"Home","link":"https:\/\/kornita.lt\/en\/"},{"label":"Shop","link":"https:\/\/kornita.lt\/en\/shop-2\/"},{"label":"Druska","link":"https:\/\/kornita.lt\/en\/product-category\/druska-ir-druskos-gaminiai\/"},{"label":"Himalaj\u0173 druska smulki, 1000g","link":"https:\/\/kornita.lt\/en\/shop\/druska-ir-druskos-gaminiai\/himalaju-druska-smulki-1000g\/"}],"_links":{"self":[{"href":"https:\/\/kornita.lt\/en\/wp-json\/wp\/v2\/product\/23350","targetHints":{"allow":["GET"]}}],"collection":[{"href":"https:\/\/kornita.lt\/en\/wp-json\/wp\/v2\/product"}],"about":[{"href":"https:\/\/kornita.lt\/en\/wp-json\/wp\/v2\/types\/product"}],"replies":[{"embeddable":true,"href":"https:\/\/kornita.lt\/en\/wp-json\/wp\/v2\/comments?post=23350"}],"version-history":[{"count":2,"href":"https:\/\/kornita.lt\/en\/wp-json\/wp\/v2\/product\/23350\/revisions"}],"predecessor-version":[{"id":25766,"href":"https:\/\/kornita.lt\/en\/wp-json\/wp\/v2\/product\/23350\/revisions\/25766"}],"wp:featuredmedia":[{"embeddable":true,"href":"https:\/\/kornita.lt\/en\/wp-json\/wp\/v2\/media\/23351"}],"wp:attachment":[{"href":"https:\/\/kornita.lt\/en\/wp-json\/wp\/v2\/media?parent=23350"}],"wp:term":[{"taxonomy":"product_brand","embeddable":true,"href":"https:\/\/kornita.lt\/en\/wp-json\/wp\/v2\/product_brand?post=23350"},{"taxonomy":"product_cat","embeddable":true,"href":"https:\/\/kornita.lt\/en\/wp-json\/wp\/v2\/product_cat?post=23350"},{"taxonomy":"product_tag","embeddable":true,"href":"https:\/\/kornita.lt\/en\/wp-json\/wp\/v2\/product_tag?post=23350"}],"curies":[{"name":"wp","href":"https:\/\/api.w.org\/{rel}","templated":true}]}}