{"id":23005,"date":"2024-03-08T13:34:31","date_gmt":"2024-03-08T13:34:31","guid":{"rendered":"https:\/\/kornita.lt\/?post_type=product&#038;p=23005"},"modified":"2025-07-16T06:51:17","modified_gmt":"2025-07-16T06:51:17","slug":"coco-farm-bio-100-kokosu-cukrus-500g","status":"publish","type":"product","link":"https:\/\/kornita.lt\/en\/shop\/cukraus-pakaitalai\/coco-farm-bio-100-kokosu-cukrus-500g\/","title":{"rendered":"Coco Farm BIO &#8211; 100% kokos\u0173 cukrus 500g"},"content":{"rendered":"<h2>Coco Farm BIO &#8211; 100% kokos\u0173 cukrus 500g<\/h2>\n<p>Ekologi\u0161kas BIO kokos\u0173 cukrus i\u0161 kokoso \u017eied\u0173 nektaro.<br \/>\n100% BIO kokos\u0173 cukrus i\u0161 kokoso \u017eied\u0173 nektaro.<br \/>\nCoco Farm kokos\u0173 cukrus gaminamas i\u0161 kokoso palmi\u0173 \u017eied\u0173 nektaro. \u017dyd\u0117jimo metu saldus nektaras i\u0161siskiria i\u0161 jaun\u0173 \u016bgli\u0173 pj\u016bvi\u0173. Surinktas skystis i\u0161garinamas, kol gaunamas skaidrus sirupas. Tolesnis l\u0117tas kaitinimas sukelia kristalizacij\u0105 ir auksinio cukraus, turin\u010dio ry\u0161k\u0173 karamel\u0117s skon\u012f ir kvap\u0105, susidarym\u0105. \u0160is tradicinis ir daug darbo reikalaujantis procesas leid\u017eia i\u0161saugoti gausyb\u0119 nat\u016brali\u0173 nektaro ingredient\u0173.<br \/>\nRamiojo vandenyno regione \u0161is nektaras vadinamas gyvyb\u0117s simboliu laikomo med\u017eio kokoso palm\u0117s krauju. \u201eCoco Farm\u201c kokos\u0173 cukrus yra vertinga, visi\u0161kai nat\u016brali alternatyva baltajam cukrui ir kitiems bever\u010diams saldikliams. Praturtina mityb\u0105 maistin\u0117mis vert\u0117mis, gautomis i\u0161 ekologi\u0161kos kokoso palm\u0117s \u017eiedyn\u0173.<br \/>\nEkologi\u0161kas kokos\u0173 cukrus i\u0161 kokoso \u017eied\u0173 nektaro: l\u0117tai i\u0161garavo, nerafinuotas, nebalintas\u201c.<\/p>\n<h4>Paruo\u0161imas<\/h4>\n<p>Skan\u0173 karamel\u0117s skon\u012f \u012fgauna kokos\u0173 cukrumi saldinti g\u0117rimai, juo ruo\u0161iami pyragai\u010diai, vafliai, omletai, pyragai ir blynai. D\u0117l lengvos tekst\u016bros ir patrauklios spalvos bei aromato kokos\u0173 cukrus yra puikus dekoratyvinis pabarstukas, praturtinantis desert\u0173, kokteili\u0173, musliuk\u0173, jogurt\u0173 ir salot\u0173 skon\u012f.<\/p>\n","protected":false},"excerpt":{"rendered":"<p>Coco Farm BIO &#8211; 100% kokos\u0173 cukrus 500g Ekologi\u0161kas BIO kokos\u0173 cukrus i\u0161 kokoso \u017eied\u0173 nektaro. 100% BIO kokos\u0173 cukrus<\/p>\n","protected":false},"featured_media":23009,"comment_status":"open","ping_status":"closed","template":"","meta":[],"product_brand":[],"product_cat":[63],"product_tag":[],"class_list":{"0":"post-23005","1":"product","2":"type-product","3":"status-publish","4":"has-post-thumbnail","6":"product_cat-cukraus-pakaitalai","7":"product_shipping_class-pristatymas","9":"first","10":"outofstock","11":"taxable","12":"shipping-taxable","13":"purchasable","14":"product-type-simple"},"aioseo_notices":[],"aioseo_head":"\n\t\t<!-- All in One SEO Pro 4.9.5.2 - aioseo.com -->\n\t<meta name=\"description\" content=\"Coco Farm BIO - 100% kokos\u0173 cukrus 500g Ekologi\u0161kas BIO kokos\u0173 cukrus i\u0161 kokoso \u017eied\u0173 nektaro. 100% BIO kokos\u0173 cukrus i\u0161 kokoso \u017eied\u0173 nektaro. Coco Farm kokos\u0173 cukrus gaminamas i\u0161 kokoso palmi\u0173 \u017eied\u0173 nektaro. \u017dyd\u0117jimo metu saldus nektaras i\u0161siskiria i\u0161 jaun\u0173 \u016bgli\u0173 pj\u016bvi\u0173. Surinktas skystis i\u0161garinamas, kol gaunamas skaidrus sirupas. Tolesnis l\u0117tas kaitinimas sukelia kristalizacij\u0105\" \/>\n\t<meta name=\"robots\" content=\"max-image-preview:large\" \/>\n\t<link rel=\"canonical\" href=\"https:\/\/kornita.lt\/en\/shop\/cukraus-pakaitalai\/coco-farm-bio-100-kokosu-cukrus-500g\/\" \/>\n\t<meta name=\"generator\" content=\"All in One SEO Pro (AIOSEO) 4.9.5.2\" \/>\n\t\t<meta property=\"og:locale\" content=\"en_US\" \/>\n\t\t<meta property=\"og:site_name\" content=\"kornita -\" \/>\n\t\t<meta property=\"og:type\" content=\"article\" \/>\n\t\t<meta property=\"og:title\" content=\"Coco Farm BIO \u2013 100% kokos\u0173 cukrus 500g - kornita\" \/>\n\t\t<meta property=\"og:description\" content=\"Coco Farm BIO - 100% kokos\u0173 cukrus 500g Ekologi\u0161kas BIO kokos\u0173 cukrus i\u0161 kokoso \u017eied\u0173 nektaro. 100% BIO kokos\u0173 cukrus i\u0161 kokoso \u017eied\u0173 nektaro. Coco Farm kokos\u0173 cukrus gaminamas i\u0161 kokoso palmi\u0173 \u017eied\u0173 nektaro. \u017dyd\u0117jimo metu saldus nektaras i\u0161siskiria i\u0161 jaun\u0173 \u016bgli\u0173 pj\u016bvi\u0173. Surinktas skystis i\u0161garinamas, kol gaunamas skaidrus sirupas. Tolesnis l\u0117tas kaitinimas sukelia kristalizacij\u0105\" \/>\n\t\t<meta property=\"og:url\" content=\"https:\/\/kornita.lt\/en\/shop\/cukraus-pakaitalai\/coco-farm-bio-100-kokosu-cukrus-500g\/\" \/>\n\t\t<meta property=\"og:image\" content=\"https:\/\/kornita.webfactory.lt\/wp-content\/uploads\/2023\/04\/korni-el-prekyba.png\" \/>\n\t\t<meta property=\"og:image:secure_url\" content=\"https:\/\/kornita.webfactory.lt\/wp-content\/uploads\/2023\/04\/korni-el-prekyba.png\" \/>\n\t\t<meta property=\"article:published_time\" content=\"2024-03-08T13:34:31+00:00\" \/>\n\t\t<meta property=\"article:modified_time\" content=\"2025-07-16T06:51:17+00:00\" \/>\n\t\t<meta property=\"article:publisher\" content=\"https:\/\/www.facebook.com\/kornita.lt\" \/>\n\t\t<meta name=\"twitter:card\" content=\"summary_large_image\" \/>\n\t\t<meta name=\"twitter:title\" content=\"Coco Farm BIO \u2013 100% kokos\u0173 cukrus 500g - kornita\" \/>\n\t\t<meta name=\"twitter:description\" content=\"Coco Farm BIO - 100% kokos\u0173 cukrus 500g Ekologi\u0161kas BIO kokos\u0173 cukrus i\u0161 kokoso \u017eied\u0173 nektaro. 100% BIO kokos\u0173 cukrus i\u0161 kokoso \u017eied\u0173 nektaro. Coco Farm kokos\u0173 cukrus gaminamas i\u0161 kokoso palmi\u0173 \u017eied\u0173 nektaro. \u017dyd\u0117jimo metu saldus nektaras i\u0161siskiria i\u0161 jaun\u0173 \u016bgli\u0173 pj\u016bvi\u0173. Surinktas skystis i\u0161garinamas, kol gaunamas skaidrus sirupas. Tolesnis l\u0117tas kaitinimas sukelia kristalizacij\u0105\" \/>\n\t\t<meta name=\"twitter:image\" content=\"http:\/\/kornita.webfactory.lt\/wp-content\/uploads\/2023\/04\/korni-el-prekyba.png\" \/>\n\t\t<script type=\"application\/ld+json\" class=\"aioseo-schema\">\n\t\t\t{\"@context\":\"https:\\\/\\\/schema.org\",\"@graph\":[{\"@type\":\"BreadcrumbList\",\"@id\":\"https:\\\/\\\/kornita.lt\\\/en\\\/shop\\\/cukraus-pakaitalai\\\/coco-farm-bio-100-kokosu-cukrus-500g\\\/#breadcrumblist\",\"itemListElement\":[{\"@type\":\"ListItem\",\"@id\":\"https:\\\/\\\/kornita.lt\\\/en\\\/#listItem\",\"position\":1,\"name\":\"Home\",\"item\":\"https:\\\/\\\/kornita.lt\\\/en\\\/\",\"nextItem\":{\"@type\":\"ListItem\",\"@id\":\"https:\\\/\\\/kornita.lt\\\/en\\\/shop-2\\\/#listItem\",\"name\":\"Shop\"}},{\"@type\":\"ListItem\",\"@id\":\"https:\\\/\\\/kornita.lt\\\/en\\\/shop-2\\\/#listItem\",\"position\":2,\"name\":\"Shop\",\"item\":\"https:\\\/\\\/kornita.lt\\\/en\\\/shop-2\\\/\",\"nextItem\":{\"@type\":\"ListItem\",\"@id\":\"https:\\\/\\\/kornita.lt\\\/en\\\/product-category\\\/cukraus-pakaitalai\\\/#listItem\",\"name\":\"Cukraus pakaitalai\"},\"previousItem\":{\"@type\":\"ListItem\",\"@id\":\"https:\\\/\\\/kornita.lt\\\/en\\\/#listItem\",\"name\":\"Home\"}},{\"@type\":\"ListItem\",\"@id\":\"https:\\\/\\\/kornita.lt\\\/en\\\/product-category\\\/cukraus-pakaitalai\\\/#listItem\",\"position\":3,\"name\":\"Cukraus pakaitalai\",\"item\":\"https:\\\/\\\/kornita.lt\\\/en\\\/product-category\\\/cukraus-pakaitalai\\\/\",\"nextItem\":{\"@type\":\"ListItem\",\"@id\":\"https:\\\/\\\/kornita.lt\\\/en\\\/shop\\\/cukraus-pakaitalai\\\/coco-farm-bio-100-kokosu-cukrus-500g\\\/#listItem\",\"name\":\"Coco Farm BIO &#8211; 100% kokos\\u0173 cukrus 500g\"},\"previousItem\":{\"@type\":\"ListItem\",\"@id\":\"https:\\\/\\\/kornita.lt\\\/en\\\/shop-2\\\/#listItem\",\"name\":\"Shop\"}},{\"@type\":\"ListItem\",\"@id\":\"https:\\\/\\\/kornita.lt\\\/en\\\/shop\\\/cukraus-pakaitalai\\\/coco-farm-bio-100-kokosu-cukrus-500g\\\/#listItem\",\"position\":4,\"name\":\"Coco Farm BIO &#8211; 100% kokos\\u0173 cukrus 500g\",\"previousItem\":{\"@type\":\"ListItem\",\"@id\":\"https:\\\/\\\/kornita.lt\\\/en\\\/product-category\\\/cukraus-pakaitalai\\\/#listItem\",\"name\":\"Cukraus pakaitalai\"}}]},{\"@type\":\"Organization\",\"@id\":\"https:\\\/\\\/kornita.lt\\\/en\\\/#organization\",\"name\":\"kornita\",\"url\":\"https:\\\/\\\/kornita.lt\\\/en\\\/\",\"telephone\":\"+37068581463\",\"logo\":{\"@type\":\"ImageObject\",\"url\":\"http:\\\/\\\/kornita.webfactory.lt\\\/wp-content\\\/uploads\\\/2023\\\/04\\\/korni-el-prekyba.png\",\"@id\":\"https:\\\/\\\/kornita.lt\\\/en\\\/shop\\\/cukraus-pakaitalai\\\/coco-farm-bio-100-kokosu-cukrus-500g\\\/#organizationLogo\"},\"image\":{\"@id\":\"https:\\\/\\\/kornita.lt\\\/en\\\/shop\\\/cukraus-pakaitalai\\\/coco-farm-bio-100-kokosu-cukrus-500g\\\/#organizationLogo\"},\"sameAs\":[\"https:\\\/\\\/www.facebook.com\\\/kornita.lt\"]},{\"@type\":\"Product\",\"@id\":\"https:\\\/\\\/kornita.lt\\\/en\\\/shop\\\/cukraus-pakaitalai\\\/coco-farm-bio-100-kokosu-cukrus-500g\\\/#wooCommerceProduct\",\"name\":\"Coco Farm BIO - 100% kokos\\u0173 cukrus 500g\",\"url\":\"https:\\\/\\\/kornita.lt\\\/en\\\/shop\\\/cukraus-pakaitalai\\\/coco-farm-bio-100-kokosu-cukrus-500g\\\/\",\"sku\":\"5903111899714\",\"image\":{\"@type\":\"ImageObject\",\"url\":\"https:\\\/\\\/kornita.lt\\\/wp-content\\\/uploads\\\/2024\\\/02\\\/Coco-Farm-BIO-100-kokosu-cukrus-500g.png\",\"@id\":\"https:\\\/\\\/kornita.lt\\\/en\\\/shop\\\/cukraus-pakaitalai\\\/coco-farm-bio-100-kokosu-cukrus-500g\\\/#productImage\",\"width\":1500,\"height\":1500},\"offers\":{\"@type\":\"Offer\",\"url\":\"https:\\\/\\\/kornita.lt\\\/en\\\/shop\\\/cukraus-pakaitalai\\\/coco-farm-bio-100-kokosu-cukrus-500g\\\/#wooCommerceOffer\",\"price\":7.01,\"priceCurrency\":\"EUR\",\"category\":\"Cukraus pakaitalai\",\"availability\":\"https:\\\/\\\/schema.org\\\/OutOfStock\",\"priceSpecification\":{\"@type\":\"PriceSpecification\",\"price\":7.01,\"priceCurrency\":\"EUR\",\"valueAddedTaxIncluded\":\"true\"},\"seller\":{\"@type\":\"Organization\",\"@id\":\"https:\\\/\\\/kornita.lt\\\/en\\\/#organization\"}}},{\"@type\":\"WebPage\",\"@id\":\"https:\\\/\\\/kornita.lt\\\/en\\\/shop\\\/cukraus-pakaitalai\\\/coco-farm-bio-100-kokosu-cukrus-500g\\\/#webpage\",\"url\":\"https:\\\/\\\/kornita.lt\\\/en\\\/shop\\\/cukraus-pakaitalai\\\/coco-farm-bio-100-kokosu-cukrus-500g\\\/\",\"name\":\"Coco Farm BIO \\u2013 100% kokos\\u0173 cukrus 500g - kornita\",\"description\":\"Coco Farm BIO - 100% kokos\\u0173 cukrus 500g Ekologi\\u0161kas BIO kokos\\u0173 cukrus i\\u0161 kokoso \\u017eied\\u0173 nektaro. 100% BIO kokos\\u0173 cukrus i\\u0161 kokoso \\u017eied\\u0173 nektaro. Coco Farm kokos\\u0173 cukrus gaminamas i\\u0161 kokoso palmi\\u0173 \\u017eied\\u0173 nektaro. \\u017dyd\\u0117jimo metu saldus nektaras i\\u0161siskiria i\\u0161 jaun\\u0173 \\u016bgli\\u0173 pj\\u016bvi\\u0173. Surinktas skystis i\\u0161garinamas, kol gaunamas skaidrus sirupas. Tolesnis l\\u0117tas kaitinimas sukelia kristalizacij\\u0105\",\"inLanguage\":\"en-US\",\"isPartOf\":{\"@id\":\"https:\\\/\\\/kornita.lt\\\/en\\\/#website\"},\"breadcrumb\":{\"@id\":\"https:\\\/\\\/kornita.lt\\\/en\\\/shop\\\/cukraus-pakaitalai\\\/coco-farm-bio-100-kokosu-cukrus-500g\\\/#breadcrumblist\"},\"image\":{\"@type\":\"ImageObject\",\"url\":\"https:\\\/\\\/kornita.lt\\\/wp-content\\\/uploads\\\/2024\\\/02\\\/Coco-Farm-BIO-100-kokosu-cukrus-500g.png\",\"@id\":\"https:\\\/\\\/kornita.lt\\\/en\\\/shop\\\/cukraus-pakaitalai\\\/coco-farm-bio-100-kokosu-cukrus-500g\\\/#mainImage\",\"width\":1500,\"height\":1500},\"primaryImageOfPage\":{\"@id\":\"https:\\\/\\\/kornita.lt\\\/en\\\/shop\\\/cukraus-pakaitalai\\\/coco-farm-bio-100-kokosu-cukrus-500g\\\/#mainImage\"},\"datePublished\":\"2024-03-08T13:34:31+00:00\",\"dateModified\":\"2025-07-16T06:51:17+00:00\"},{\"@type\":\"WebSite\",\"@id\":\"https:\\\/\\\/kornita.lt\\\/en\\\/#website\",\"url\":\"https:\\\/\\\/kornita.lt\\\/en\\\/\",\"name\":\"kornita\",\"inLanguage\":\"en-US\",\"publisher\":{\"@id\":\"https:\\\/\\\/kornita.lt\\\/en\\\/#organization\"}}]}\n\t\t<\/script>\n\t\t<!-- All in One SEO Pro -->\r\n\t\t<title>Coco Farm BIO \u2013 100% kokos\u0173 cukrus 500g - kornita<\/title>\n\n","aioseo_head_json":{"title":"Coco Farm BIO \u2013 100% kokos\u0173 cukrus 500g - kornita","description":"Coco Farm BIO - 100% kokos\u0173 cukrus 500g Ekologi\u0161kas BIO kokos\u0173 cukrus i\u0161 kokoso \u017eied\u0173 nektaro. 100% BIO kokos\u0173 cukrus i\u0161 kokoso \u017eied\u0173 nektaro. Coco Farm kokos\u0173 cukrus gaminamas i\u0161 kokoso palmi\u0173 \u017eied\u0173 nektaro. \u017dyd\u0117jimo metu saldus nektaras i\u0161siskiria i\u0161 jaun\u0173 \u016bgli\u0173 pj\u016bvi\u0173. Surinktas skystis i\u0161garinamas, kol gaunamas skaidrus sirupas. Tolesnis l\u0117tas kaitinimas sukelia kristalizacij\u0105","canonical_url":"https:\/\/kornita.lt\/en\/shop\/cukraus-pakaitalai\/coco-farm-bio-100-kokosu-cukrus-500g\/","robots":"max-image-preview:large","keywords":"","webmasterTools":{"miscellaneous":""},"schema":{"@context":"https:\/\/schema.org","@graph":[{"@type":"BreadcrumbList","@id":"https:\/\/kornita.lt\/en\/shop\/cukraus-pakaitalai\/coco-farm-bio-100-kokosu-cukrus-500g\/#breadcrumblist","itemListElement":[{"@type":"ListItem","@id":"https:\/\/kornita.lt\/en\/#listItem","position":1,"name":"Home","item":"https:\/\/kornita.lt\/en\/","nextItem":{"@type":"ListItem","@id":"https:\/\/kornita.lt\/en\/shop-2\/#listItem","name":"Shop"}},{"@type":"ListItem","@id":"https:\/\/kornita.lt\/en\/shop-2\/#listItem","position":2,"name":"Shop","item":"https:\/\/kornita.lt\/en\/shop-2\/","nextItem":{"@type":"ListItem","@id":"https:\/\/kornita.lt\/en\/product-category\/cukraus-pakaitalai\/#listItem","name":"Cukraus pakaitalai"},"previousItem":{"@type":"ListItem","@id":"https:\/\/kornita.lt\/en\/#listItem","name":"Home"}},{"@type":"ListItem","@id":"https:\/\/kornita.lt\/en\/product-category\/cukraus-pakaitalai\/#listItem","position":3,"name":"Cukraus pakaitalai","item":"https:\/\/kornita.lt\/en\/product-category\/cukraus-pakaitalai\/","nextItem":{"@type":"ListItem","@id":"https:\/\/kornita.lt\/en\/shop\/cukraus-pakaitalai\/coco-farm-bio-100-kokosu-cukrus-500g\/#listItem","name":"Coco Farm BIO &#8211; 100% kokos\u0173 cukrus 500g"},"previousItem":{"@type":"ListItem","@id":"https:\/\/kornita.lt\/en\/shop-2\/#listItem","name":"Shop"}},{"@type":"ListItem","@id":"https:\/\/kornita.lt\/en\/shop\/cukraus-pakaitalai\/coco-farm-bio-100-kokosu-cukrus-500g\/#listItem","position":4,"name":"Coco Farm BIO &#8211; 100% kokos\u0173 cukrus 500g","previousItem":{"@type":"ListItem","@id":"https:\/\/kornita.lt\/en\/product-category\/cukraus-pakaitalai\/#listItem","name":"Cukraus pakaitalai"}}]},{"@type":"Organization","@id":"https:\/\/kornita.lt\/en\/#organization","name":"kornita","url":"https:\/\/kornita.lt\/en\/","telephone":"+37068581463","logo":{"@type":"ImageObject","url":"http:\/\/kornita.webfactory.lt\/wp-content\/uploads\/2023\/04\/korni-el-prekyba.png","@id":"https:\/\/kornita.lt\/en\/shop\/cukraus-pakaitalai\/coco-farm-bio-100-kokosu-cukrus-500g\/#organizationLogo"},"image":{"@id":"https:\/\/kornita.lt\/en\/shop\/cukraus-pakaitalai\/coco-farm-bio-100-kokosu-cukrus-500g\/#organizationLogo"},"sameAs":["https:\/\/www.facebook.com\/kornita.lt"]},{"@type":"Product","@id":"https:\/\/kornita.lt\/en\/shop\/cukraus-pakaitalai\/coco-farm-bio-100-kokosu-cukrus-500g\/#wooCommerceProduct","name":"Coco Farm BIO - 100% kokos\u0173 cukrus 500g","url":"https:\/\/kornita.lt\/en\/shop\/cukraus-pakaitalai\/coco-farm-bio-100-kokosu-cukrus-500g\/","sku":"5903111899714","image":{"@type":"ImageObject","url":"https:\/\/kornita.lt\/wp-content\/uploads\/2024\/02\/Coco-Farm-BIO-100-kokosu-cukrus-500g.png","@id":"https:\/\/kornita.lt\/en\/shop\/cukraus-pakaitalai\/coco-farm-bio-100-kokosu-cukrus-500g\/#productImage","width":1500,"height":1500},"offers":{"@type":"Offer","url":"https:\/\/kornita.lt\/en\/shop\/cukraus-pakaitalai\/coco-farm-bio-100-kokosu-cukrus-500g\/#wooCommerceOffer","price":7.01,"priceCurrency":"EUR","category":"Cukraus pakaitalai","availability":"https:\/\/schema.org\/OutOfStock","priceSpecification":{"@type":"PriceSpecification","price":7.01,"priceCurrency":"EUR","valueAddedTaxIncluded":"true"},"seller":{"@type":"Organization","@id":"https:\/\/kornita.lt\/en\/#organization"}}},{"@type":"WebPage","@id":"https:\/\/kornita.lt\/en\/shop\/cukraus-pakaitalai\/coco-farm-bio-100-kokosu-cukrus-500g\/#webpage","url":"https:\/\/kornita.lt\/en\/shop\/cukraus-pakaitalai\/coco-farm-bio-100-kokosu-cukrus-500g\/","name":"Coco Farm BIO \u2013 100% kokos\u0173 cukrus 500g - kornita","description":"Coco Farm BIO - 100% kokos\u0173 cukrus 500g Ekologi\u0161kas BIO kokos\u0173 cukrus i\u0161 kokoso \u017eied\u0173 nektaro. 100% BIO kokos\u0173 cukrus i\u0161 kokoso \u017eied\u0173 nektaro. Coco Farm kokos\u0173 cukrus gaminamas i\u0161 kokoso palmi\u0173 \u017eied\u0173 nektaro. \u017dyd\u0117jimo metu saldus nektaras i\u0161siskiria i\u0161 jaun\u0173 \u016bgli\u0173 pj\u016bvi\u0173. Surinktas skystis i\u0161garinamas, kol gaunamas skaidrus sirupas. Tolesnis l\u0117tas kaitinimas sukelia kristalizacij\u0105","inLanguage":"en-US","isPartOf":{"@id":"https:\/\/kornita.lt\/en\/#website"},"breadcrumb":{"@id":"https:\/\/kornita.lt\/en\/shop\/cukraus-pakaitalai\/coco-farm-bio-100-kokosu-cukrus-500g\/#breadcrumblist"},"image":{"@type":"ImageObject","url":"https:\/\/kornita.lt\/wp-content\/uploads\/2024\/02\/Coco-Farm-BIO-100-kokosu-cukrus-500g.png","@id":"https:\/\/kornita.lt\/en\/shop\/cukraus-pakaitalai\/coco-farm-bio-100-kokosu-cukrus-500g\/#mainImage","width":1500,"height":1500},"primaryImageOfPage":{"@id":"https:\/\/kornita.lt\/en\/shop\/cukraus-pakaitalai\/coco-farm-bio-100-kokosu-cukrus-500g\/#mainImage"},"datePublished":"2024-03-08T13:34:31+00:00","dateModified":"2025-07-16T06:51:17+00:00"},{"@type":"WebSite","@id":"https:\/\/kornita.lt\/en\/#website","url":"https:\/\/kornita.lt\/en\/","name":"kornita","inLanguage":"en-US","publisher":{"@id":"https:\/\/kornita.lt\/en\/#organization"}}]},"og:locale":"en_US","og:site_name":"kornita -","og:type":"article","og:title":"Coco Farm BIO \u2013 100% kokos\u0173 cukrus 500g - kornita","og:description":"Coco Farm BIO - 100% kokos\u0173 cukrus 500g Ekologi\u0161kas BIO kokos\u0173 cukrus i\u0161 kokoso \u017eied\u0173 nektaro. 100% BIO kokos\u0173 cukrus i\u0161 kokoso \u017eied\u0173 nektaro. Coco Farm kokos\u0173 cukrus gaminamas i\u0161 kokoso palmi\u0173 \u017eied\u0173 nektaro. \u017dyd\u0117jimo metu saldus nektaras i\u0161siskiria i\u0161 jaun\u0173 \u016bgli\u0173 pj\u016bvi\u0173. Surinktas skystis i\u0161garinamas, kol gaunamas skaidrus sirupas. Tolesnis l\u0117tas kaitinimas sukelia kristalizacij\u0105","og:url":"https:\/\/kornita.lt\/en\/shop\/cukraus-pakaitalai\/coco-farm-bio-100-kokosu-cukrus-500g\/","og:image":"https:\/\/kornita.webfactory.lt\/wp-content\/uploads\/2023\/04\/korni-el-prekyba.png","og:image:secure_url":"https:\/\/kornita.webfactory.lt\/wp-content\/uploads\/2023\/04\/korni-el-prekyba.png","article:published_time":"2024-03-08T13:34:31+00:00","article:modified_time":"2025-07-16T06:51:17+00:00","article:publisher":"https:\/\/www.facebook.com\/kornita.lt","twitter:card":"summary_large_image","twitter:title":"Coco Farm BIO \u2013 100% kokos\u0173 cukrus 500g - kornita","twitter:description":"Coco Farm BIO - 100% kokos\u0173 cukrus 500g Ekologi\u0161kas BIO kokos\u0173 cukrus i\u0161 kokoso \u017eied\u0173 nektaro. 100% BIO kokos\u0173 cukrus i\u0161 kokoso \u017eied\u0173 nektaro. Coco Farm kokos\u0173 cukrus gaminamas i\u0161 kokoso palmi\u0173 \u017eied\u0173 nektaro. \u017dyd\u0117jimo metu saldus nektaras i\u0161siskiria i\u0161 jaun\u0173 \u016bgli\u0173 pj\u016bvi\u0173. Surinktas skystis i\u0161garinamas, kol gaunamas skaidrus sirupas. Tolesnis l\u0117tas kaitinimas sukelia kristalizacij\u0105","twitter:image":"http:\/\/kornita.webfactory.lt\/wp-content\/uploads\/2023\/04\/korni-el-prekyba.png"},"aioseo_meta_data":{"post_id":"23005","title":null,"description":null,"keywords":null,"keyphrases":{"focus":{"keyphrase":"","score":0,"analysis":{"keyphraseInTitle":{"score":0,"maxScore":9,"error":1}}},"additional":[]},"primary_term":null,"canonical_url":null,"og_title":null,"og_description":null,"og_object_type":"default","og_image_type":"default","og_image_url":null,"og_image_width":null,"og_image_height":null,"og_image_custom_url":null,"og_image_custom_fields":null,"og_video":"","og_custom_url":null,"og_article_section":null,"og_article_tags":null,"twitter_use_og":false,"twitter_card":"default","twitter_image_type":"default","twitter_image_url":null,"twitter_image_custom_url":null,"twitter_image_custom_fields":null,"twitter_title":null,"twitter_description":null,"schema":{"blockGraphs":[],"customGraphs":[],"default":{"data":{"Article":[],"Course":[],"Dataset":[],"FAQPage":[],"Movie":[],"Person":[],"Product":[],"ProductReview":[],"Car":[],"Recipe":[],"Service":[],"SoftwareApplication":[],"WebPage":[]},"graphName":"ItemPage","isEnabled":true},"graphs":[]},"schema_type":"default","schema_type_options":null,"pillar_content":false,"robots_default":true,"robots_noindex":false,"robots_noarchive":false,"robots_nosnippet":false,"robots_nofollow":false,"robots_noimageindex":false,"robots_noodp":false,"robots_notranslate":false,"robots_max_snippet":"-1","robots_max_videopreview":"-1","robots_max_imagepreview":"large","priority":null,"frequency":"default","local_seo":null,"seo_analyzer_scan_date":"2025-10-09 00:05:23","breadcrumb_settings":null,"limit_modified_date":false,"open_ai":"{\"title\":{\"suggestions\":[],\"usage\":0},\"description\":{\"suggestions\":[],\"usage\":0}}","ai":null,"created":"2024-02-22 13:14:43","updated":"2025-10-21 23:35:35"},"aioseo_breadcrumb":"<div class=\"aioseo-breadcrumbs\"><span class=\"aioseo-breadcrumb\">\n\t<a href=\"https:\/\/kornita.lt\/en\/\" title=\"Home\">Home<\/a>\n<\/span><span class=\"aioseo-breadcrumb-separator\">&raquo;<\/span><span class=\"aioseo-breadcrumb\">\n\t<a href=\"https:\/\/kornita.lt\/en\/shop-2\/\" title=\"Shop\">Shop<\/a>\n<\/span><span class=\"aioseo-breadcrumb-separator\">&raquo;<\/span><span class=\"aioseo-breadcrumb\">\n\t<a href=\"https:\/\/kornita.lt\/en\/product-category\/cukraus-pakaitalai\/\" title=\"Cukraus pakaitalai\">Cukraus pakaitalai<\/a>\n<\/span><span class=\"aioseo-breadcrumb-separator\">&raquo;<\/span><span class=\"aioseo-breadcrumb\">\n\tCoco Farm BIO \u2013 100% kokos\u0173 cukrus 500g\n<\/span><\/div>","aioseo_breadcrumb_json":[{"label":"Home","link":"https:\/\/kornita.lt\/en\/"},{"label":"Shop","link":"https:\/\/kornita.lt\/en\/shop-2\/"},{"label":"Cukraus pakaitalai","link":"https:\/\/kornita.lt\/en\/product-category\/cukraus-pakaitalai\/"},{"label":"Coco Farm BIO &#8211; 100% kokos\u0173 cukrus 500g","link":"https:\/\/kornita.lt\/en\/shop\/cukraus-pakaitalai\/coco-farm-bio-100-kokosu-cukrus-500g\/"}],"_links":{"self":[{"href":"https:\/\/kornita.lt\/en\/wp-json\/wp\/v2\/product\/23005","targetHints":{"allow":["GET"]}}],"collection":[{"href":"https:\/\/kornita.lt\/en\/wp-json\/wp\/v2\/product"}],"about":[{"href":"https:\/\/kornita.lt\/en\/wp-json\/wp\/v2\/types\/product"}],"replies":[{"embeddable":true,"href":"https:\/\/kornita.lt\/en\/wp-json\/wp\/v2\/comments?post=23005"}],"version-history":[{"count":1,"href":"https:\/\/kornita.lt\/en\/wp-json\/wp\/v2\/product\/23005\/revisions"}],"predecessor-version":[{"id":23841,"href":"https:\/\/kornita.lt\/en\/wp-json\/wp\/v2\/product\/23005\/revisions\/23841"}],"wp:featuredmedia":[{"embeddable":true,"href":"https:\/\/kornita.lt\/en\/wp-json\/wp\/v2\/media\/23009"}],"wp:attachment":[{"href":"https:\/\/kornita.lt\/en\/wp-json\/wp\/v2\/media?parent=23005"}],"wp:term":[{"taxonomy":"product_brand","embeddable":true,"href":"https:\/\/kornita.lt\/en\/wp-json\/wp\/v2\/product_brand?post=23005"},{"taxonomy":"product_cat","embeddable":true,"href":"https:\/\/kornita.lt\/en\/wp-json\/wp\/v2\/product_cat?post=23005"},{"taxonomy":"product_tag","embeddable":true,"href":"https:\/\/kornita.lt\/en\/wp-json\/wp\/v2\/product_tag?post=23005"}],"curies":[{"name":"wp","href":"https:\/\/api.w.org\/{rel}","templated":true}]}}