{"id":23004,"date":"2024-03-08T13:34:32","date_gmt":"2024-03-08T13:34:32","guid":{"rendered":"https:\/\/kornita.lt\/?post_type=product&#038;p=23004"},"modified":"2025-07-16T06:48:16","modified_gmt":"2025-07-16T06:48:16","slug":"coco-farm-bio-kokosu-miltai-100-organic-virgin-500-g","status":"publish","type":"product","link":"https:\/\/kornita.lt\/en\/shop\/miltai-miltu-misiniai\/coco-farm-bio-kokosu-miltai-100-organic-virgin-500-g\/","title":{"rendered":"Coco Farm BIO &#8211; Kokos\u0173 miltai 100% Organic Virgin 500 g"},"content":{"rendered":"<h2>Coco Farm BIO &#8211; Kokos\u0173 miltai 100% Organic Virgin 500 g<\/h2>\n<p>EKOLOGI\u0160KI KOKOSO MILTAI<br \/>\nintensyvaus kokoso kvapo ir skonio neapdorotas RAW baltym\u0173 \u0161altinis (34% RWS 100 g) didelis maistini\u0173 skaidul\u0173 kiekis (140 % RWS 100 g) i\u0161 \u017ealios, \u0161vie\u017eios kokoso m\u0117sos (niekada i\u0161 dribsni\u0173, \u012fskaitant sier\u0105 arba d\u017eiovint\u0105 m\u0117s\u0105)be glitimo, be joki\u0173 pried\u0173 sertifikuotas BIO<br \/>\nKokios yra kokos\u0173 milt\u0173 maistin\u0117s vert\u0117s?<br \/>\nRAW kokoso miltuose yra daug maistini\u0173 skaidul\u0173 \u2013 35 g 100 g produkto (13 kart\u0173 daugiau nei kvietiniuose miltuose ir 4 kartus daugiau nei avi\u017e\u0173 s\u0117lenose). Skaidulos ne tik padeda pagerinti \u017earnyno veikl\u0105, bet ir ma\u017eina cholesterolio pasisavinim\u0105 bei ma\u017eina gliukoz\u0117s kiek\u012f kraujyje. Be to, Coco Farm kokos\u0173 miltai yra 17 g baltym\u0173 \u0161altinis 100 g produkto. Baltymai ne tik formuoja ir stiprina raumenis, bet ir suteikia reikiamos energijos bei palaiko imunin\u0119 sistem\u0105. Tai nepaprastai svarbi maistin\u0117 med\u017eiaga \u017emon\u0117ms, kurie sportuoja lauke ar mank\u0161tinasi sporto sal\u0117je. Kokos\u0173 miltuose taip pat yra 4 kartus ma\u017eiau angliavandeni\u0173 nei kvietiniuose \u2013 20g 100g produkto.<\/p>\n","protected":false},"excerpt":{"rendered":"<p>Coco Farm BIO &#8211; Kokos\u0173 miltai 100% Organic Virgin 500 g EKOLOGI\u0160KI KOKOSO MILTAI intensyvaus kokoso kvapo ir skonio neapdorotas<\/p>\n","protected":false},"featured_media":23006,"comment_status":"open","ping_status":"closed","template":"","meta":[],"product_brand":[],"product_cat":[215],"product_tag":[],"class_list":{"0":"post-23004","1":"product","2":"type-product","3":"status-publish","4":"has-post-thumbnail","6":"product_cat-miltai-miltu-misiniai","7":"product_shipping_class-pristatymas","9":"first","10":"outofstock","11":"sale","12":"taxable","13":"shipping-taxable","14":"purchasable","15":"product-type-simple"},"aioseo_notices":[],"aioseo_head":"\n\t\t<!-- All in One SEO Pro 4.9.5.2 - aioseo.com -->\n\t<meta name=\"description\" content=\"Coco Farm BIO - Kokos\u0173 miltai 100% Organic Virgin 500 g EKOLOGI\u0160KI KOKOSO MILTAI intensyvaus kokoso kvapo ir skonio neapdorotas RAW baltym\u0173 \u0161altinis (34% RWS 100 g) didelis maistini\u0173 skaidul\u0173 kiekis (140 % RWS 100 g) i\u0161 \u017ealios, \u0161vie\u017eios kokoso m\u0117sos (niekada i\u0161 dribsni\u0173, \u012fskaitant sier\u0105 arba d\u017eiovint\u0105 m\u0117s\u0105)be glitimo, be joki\u0173 pried\u0173 sertifikuotas BIO\" \/>\n\t<meta name=\"robots\" content=\"max-image-preview:large\" \/>\n\t<link rel=\"canonical\" href=\"https:\/\/kornita.lt\/en\/shop\/miltai-miltu-misiniai\/coco-farm-bio-kokosu-miltai-100-organic-virgin-500-g\/\" \/>\n\t<meta name=\"generator\" content=\"All in One SEO Pro (AIOSEO) 4.9.5.2\" \/>\n\t\t<meta property=\"og:locale\" content=\"en_US\" \/>\n\t\t<meta property=\"og:site_name\" content=\"kornita -\" \/>\n\t\t<meta property=\"og:type\" content=\"article\" \/>\n\t\t<meta property=\"og:title\" content=\"Coco Farm BIO \u2013 Kokos\u0173 miltai 100% Organic Virgin 500 g - kornita\" \/>\n\t\t<meta property=\"og:description\" content=\"Coco Farm BIO - Kokos\u0173 miltai 100% Organic Virgin 500 g EKOLOGI\u0160KI KOKOSO MILTAI intensyvaus kokoso kvapo ir skonio neapdorotas RAW baltym\u0173 \u0161altinis (34% RWS 100 g) didelis maistini\u0173 skaidul\u0173 kiekis (140 % RWS 100 g) i\u0161 \u017ealios, \u0161vie\u017eios kokoso m\u0117sos (niekada i\u0161 dribsni\u0173, \u012fskaitant sier\u0105 arba d\u017eiovint\u0105 m\u0117s\u0105)be glitimo, be joki\u0173 pried\u0173 sertifikuotas BIO\" \/>\n\t\t<meta property=\"og:url\" content=\"https:\/\/kornita.lt\/en\/shop\/miltai-miltu-misiniai\/coco-farm-bio-kokosu-miltai-100-organic-virgin-500-g\/\" \/>\n\t\t<meta property=\"og:image\" content=\"https:\/\/kornita.webfactory.lt\/wp-content\/uploads\/2023\/04\/korni-el-prekyba.png\" \/>\n\t\t<meta property=\"og:image:secure_url\" content=\"https:\/\/kornita.webfactory.lt\/wp-content\/uploads\/2023\/04\/korni-el-prekyba.png\" \/>\n\t\t<meta property=\"article:published_time\" content=\"2024-03-08T13:34:32+00:00\" \/>\n\t\t<meta property=\"article:modified_time\" content=\"2025-07-16T06:48:16+00:00\" \/>\n\t\t<meta property=\"article:publisher\" content=\"https:\/\/www.facebook.com\/kornita.lt\" \/>\n\t\t<meta name=\"twitter:card\" content=\"summary_large_image\" \/>\n\t\t<meta name=\"twitter:title\" content=\"Coco Farm BIO \u2013 Kokos\u0173 miltai 100% Organic Virgin 500 g - kornita\" \/>\n\t\t<meta name=\"twitter:description\" content=\"Coco Farm BIO - Kokos\u0173 miltai 100% Organic Virgin 500 g EKOLOGI\u0160KI KOKOSO MILTAI intensyvaus kokoso kvapo ir skonio neapdorotas RAW baltym\u0173 \u0161altinis (34% RWS 100 g) didelis maistini\u0173 skaidul\u0173 kiekis (140 % RWS 100 g) i\u0161 \u017ealios, \u0161vie\u017eios kokoso m\u0117sos (niekada i\u0161 dribsni\u0173, \u012fskaitant sier\u0105 arba d\u017eiovint\u0105 m\u0117s\u0105)be glitimo, be joki\u0173 pried\u0173 sertifikuotas BIO\" \/>\n\t\t<meta name=\"twitter:image\" content=\"http:\/\/kornita.webfactory.lt\/wp-content\/uploads\/2023\/04\/korni-el-prekyba.png\" \/>\n\t\t<script type=\"application\/ld+json\" class=\"aioseo-schema\">\n\t\t\t{\"@context\":\"https:\\\/\\\/schema.org\",\"@graph\":[{\"@type\":\"BreadcrumbList\",\"@id\":\"https:\\\/\\\/kornita.lt\\\/en\\\/shop\\\/miltai-miltu-misiniai\\\/coco-farm-bio-kokosu-miltai-100-organic-virgin-500-g\\\/#breadcrumblist\",\"itemListElement\":[{\"@type\":\"ListItem\",\"@id\":\"https:\\\/\\\/kornita.lt\\\/en\\\/#listItem\",\"position\":1,\"name\":\"Home\",\"item\":\"https:\\\/\\\/kornita.lt\\\/en\\\/\",\"nextItem\":{\"@type\":\"ListItem\",\"@id\":\"https:\\\/\\\/kornita.lt\\\/en\\\/shop-2\\\/#listItem\",\"name\":\"Shop\"}},{\"@type\":\"ListItem\",\"@id\":\"https:\\\/\\\/kornita.lt\\\/en\\\/shop-2\\\/#listItem\",\"position\":2,\"name\":\"Shop\",\"item\":\"https:\\\/\\\/kornita.lt\\\/en\\\/shop-2\\\/\",\"nextItem\":{\"@type\":\"ListItem\",\"@id\":\"https:\\\/\\\/kornita.lt\\\/en\\\/product-category\\\/miltai-miltu-misiniai\\\/#listItem\",\"name\":\"Miltai ir milt\\u0173 mi\\u0161iniai\"},\"previousItem\":{\"@type\":\"ListItem\",\"@id\":\"https:\\\/\\\/kornita.lt\\\/en\\\/#listItem\",\"name\":\"Home\"}},{\"@type\":\"ListItem\",\"@id\":\"https:\\\/\\\/kornita.lt\\\/en\\\/product-category\\\/miltai-miltu-misiniai\\\/#listItem\",\"position\":3,\"name\":\"Miltai ir milt\\u0173 mi\\u0161iniai\",\"item\":\"https:\\\/\\\/kornita.lt\\\/en\\\/product-category\\\/miltai-miltu-misiniai\\\/\",\"nextItem\":{\"@type\":\"ListItem\",\"@id\":\"https:\\\/\\\/kornita.lt\\\/en\\\/shop\\\/miltai-miltu-misiniai\\\/coco-farm-bio-kokosu-miltai-100-organic-virgin-500-g\\\/#listItem\",\"name\":\"Coco Farm BIO &#8211; Kokos\\u0173 miltai 100% Organic Virgin 500 g\"},\"previousItem\":{\"@type\":\"ListItem\",\"@id\":\"https:\\\/\\\/kornita.lt\\\/en\\\/shop-2\\\/#listItem\",\"name\":\"Shop\"}},{\"@type\":\"ListItem\",\"@id\":\"https:\\\/\\\/kornita.lt\\\/en\\\/shop\\\/miltai-miltu-misiniai\\\/coco-farm-bio-kokosu-miltai-100-organic-virgin-500-g\\\/#listItem\",\"position\":4,\"name\":\"Coco Farm BIO &#8211; Kokos\\u0173 miltai 100% Organic Virgin 500 g\",\"previousItem\":{\"@type\":\"ListItem\",\"@id\":\"https:\\\/\\\/kornita.lt\\\/en\\\/product-category\\\/miltai-miltu-misiniai\\\/#listItem\",\"name\":\"Miltai ir milt\\u0173 mi\\u0161iniai\"}}]},{\"@type\":\"Organization\",\"@id\":\"https:\\\/\\\/kornita.lt\\\/en\\\/#organization\",\"name\":\"kornita\",\"url\":\"https:\\\/\\\/kornita.lt\\\/en\\\/\",\"telephone\":\"+37068581463\",\"logo\":{\"@type\":\"ImageObject\",\"url\":\"http:\\\/\\\/kornita.webfactory.lt\\\/wp-content\\\/uploads\\\/2023\\\/04\\\/korni-el-prekyba.png\",\"@id\":\"https:\\\/\\\/kornita.lt\\\/en\\\/shop\\\/miltai-miltu-misiniai\\\/coco-farm-bio-kokosu-miltai-100-organic-virgin-500-g\\\/#organizationLogo\"},\"image\":{\"@id\":\"https:\\\/\\\/kornita.lt\\\/en\\\/shop\\\/miltai-miltu-misiniai\\\/coco-farm-bio-kokosu-miltai-100-organic-virgin-500-g\\\/#organizationLogo\"},\"sameAs\":[\"https:\\\/\\\/www.facebook.com\\\/kornita.lt\"]},{\"@type\":\"Product\",\"@id\":\"https:\\\/\\\/kornita.lt\\\/en\\\/shop\\\/miltai-miltu-misiniai\\\/coco-farm-bio-kokosu-miltai-100-organic-virgin-500-g\\\/#wooCommerceProduct\",\"name\":\"Coco Farm BIO - Kokos\\u0173 miltai 100% Organic Virgin 500 g\",\"url\":\"https:\\\/\\\/kornita.lt\\\/en\\\/shop\\\/miltai-miltu-misiniai\\\/coco-farm-bio-kokosu-miltai-100-organic-virgin-500-g\\\/\",\"sku\":\"5903111899356\",\"image\":{\"@type\":\"ImageObject\",\"url\":\"https:\\\/\\\/kornita.lt\\\/wp-content\\\/uploads\\\/2024\\\/02\\\/Coco-Farm-BIO-Kokosu-miltai-100-Organic-Virgin-500-g.png\",\"@id\":\"https:\\\/\\\/kornita.lt\\\/en\\\/shop\\\/miltai-miltu-misiniai\\\/coco-farm-bio-kokosu-miltai-100-organic-virgin-500-g\\\/#productImage\",\"width\":530,\"height\":750},\"offers\":{\"@type\":\"Offer\",\"url\":\"https:\\\/\\\/kornita.lt\\\/en\\\/shop\\\/miltai-miltu-misiniai\\\/coco-farm-bio-kokosu-miltai-100-organic-virgin-500-g\\\/#wooCommerceOffer\",\"price\":5.03,\"priceCurrency\":\"EUR\",\"category\":\"Miltai ir milt\\u0173 mi\\u0161iniai\",\"availability\":\"https:\\\/\\\/schema.org\\\/OutOfStock\",\"priceSpecification\":{\"@type\":\"PriceSpecification\",\"price\":5.03,\"priceCurrency\":\"EUR\",\"valueAddedTaxIncluded\":\"true\"},\"seller\":{\"@type\":\"Organization\",\"@id\":\"https:\\\/\\\/kornita.lt\\\/en\\\/#organization\"}}},{\"@type\":\"WebPage\",\"@id\":\"https:\\\/\\\/kornita.lt\\\/en\\\/shop\\\/miltai-miltu-misiniai\\\/coco-farm-bio-kokosu-miltai-100-organic-virgin-500-g\\\/#webpage\",\"url\":\"https:\\\/\\\/kornita.lt\\\/en\\\/shop\\\/miltai-miltu-misiniai\\\/coco-farm-bio-kokosu-miltai-100-organic-virgin-500-g\\\/\",\"name\":\"Coco Farm BIO \\u2013 Kokos\\u0173 miltai 100% Organic Virgin 500 g - kornita\",\"description\":\"Coco Farm BIO - Kokos\\u0173 miltai 100% Organic Virgin 500 g EKOLOGI\\u0160KI KOKOSO MILTAI intensyvaus kokoso kvapo ir skonio neapdorotas RAW baltym\\u0173 \\u0161altinis (34% RWS 100 g) didelis maistini\\u0173 skaidul\\u0173 kiekis (140 % RWS 100 g) i\\u0161 \\u017ealios, \\u0161vie\\u017eios kokoso m\\u0117sos (niekada i\\u0161 dribsni\\u0173, \\u012fskaitant sier\\u0105 arba d\\u017eiovint\\u0105 m\\u0117s\\u0105)be glitimo, be joki\\u0173 pried\\u0173 sertifikuotas BIO\",\"inLanguage\":\"en-US\",\"isPartOf\":{\"@id\":\"https:\\\/\\\/kornita.lt\\\/en\\\/#website\"},\"breadcrumb\":{\"@id\":\"https:\\\/\\\/kornita.lt\\\/en\\\/shop\\\/miltai-miltu-misiniai\\\/coco-farm-bio-kokosu-miltai-100-organic-virgin-500-g\\\/#breadcrumblist\"},\"image\":{\"@type\":\"ImageObject\",\"url\":\"https:\\\/\\\/kornita.lt\\\/wp-content\\\/uploads\\\/2024\\\/02\\\/Coco-Farm-BIO-Kokosu-miltai-100-Organic-Virgin-500-g.png\",\"@id\":\"https:\\\/\\\/kornita.lt\\\/en\\\/shop\\\/miltai-miltu-misiniai\\\/coco-farm-bio-kokosu-miltai-100-organic-virgin-500-g\\\/#mainImage\",\"width\":530,\"height\":750},\"primaryImageOfPage\":{\"@id\":\"https:\\\/\\\/kornita.lt\\\/en\\\/shop\\\/miltai-miltu-misiniai\\\/coco-farm-bio-kokosu-miltai-100-organic-virgin-500-g\\\/#mainImage\"},\"datePublished\":\"2024-03-08T13:34:32+00:00\",\"dateModified\":\"2025-07-16T06:48:16+00:00\"},{\"@type\":\"WebSite\",\"@id\":\"https:\\\/\\\/kornita.lt\\\/en\\\/#website\",\"url\":\"https:\\\/\\\/kornita.lt\\\/en\\\/\",\"name\":\"kornita\",\"inLanguage\":\"en-US\",\"publisher\":{\"@id\":\"https:\\\/\\\/kornita.lt\\\/en\\\/#organization\"}}]}\n\t\t<\/script>\n\t\t<!-- All in One SEO Pro -->\r\n\t\t<title>Coco Farm BIO \u2013 Kokos\u0173 miltai 100% Organic Virgin 500 g - kornita<\/title>\n\n","aioseo_head_json":{"title":"Coco Farm BIO \u2013 Kokos\u0173 miltai 100% Organic Virgin 500 g - kornita","description":"Coco Farm BIO - Kokos\u0173 miltai 100% Organic Virgin 500 g EKOLOGI\u0160KI KOKOSO MILTAI intensyvaus kokoso kvapo ir skonio neapdorotas RAW baltym\u0173 \u0161altinis (34% RWS 100 g) didelis maistini\u0173 skaidul\u0173 kiekis (140 % RWS 100 g) i\u0161 \u017ealios, \u0161vie\u017eios kokoso m\u0117sos (niekada i\u0161 dribsni\u0173, \u012fskaitant sier\u0105 arba d\u017eiovint\u0105 m\u0117s\u0105)be glitimo, be joki\u0173 pried\u0173 sertifikuotas BIO","canonical_url":"https:\/\/kornita.lt\/en\/shop\/miltai-miltu-misiniai\/coco-farm-bio-kokosu-miltai-100-organic-virgin-500-g\/","robots":"max-image-preview:large","keywords":"","webmasterTools":{"miscellaneous":""},"schema":{"@context":"https:\/\/schema.org","@graph":[{"@type":"BreadcrumbList","@id":"https:\/\/kornita.lt\/en\/shop\/miltai-miltu-misiniai\/coco-farm-bio-kokosu-miltai-100-organic-virgin-500-g\/#breadcrumblist","itemListElement":[{"@type":"ListItem","@id":"https:\/\/kornita.lt\/en\/#listItem","position":1,"name":"Home","item":"https:\/\/kornita.lt\/en\/","nextItem":{"@type":"ListItem","@id":"https:\/\/kornita.lt\/en\/shop-2\/#listItem","name":"Shop"}},{"@type":"ListItem","@id":"https:\/\/kornita.lt\/en\/shop-2\/#listItem","position":2,"name":"Shop","item":"https:\/\/kornita.lt\/en\/shop-2\/","nextItem":{"@type":"ListItem","@id":"https:\/\/kornita.lt\/en\/product-category\/miltai-miltu-misiniai\/#listItem","name":"Miltai ir milt\u0173 mi\u0161iniai"},"previousItem":{"@type":"ListItem","@id":"https:\/\/kornita.lt\/en\/#listItem","name":"Home"}},{"@type":"ListItem","@id":"https:\/\/kornita.lt\/en\/product-category\/miltai-miltu-misiniai\/#listItem","position":3,"name":"Miltai ir milt\u0173 mi\u0161iniai","item":"https:\/\/kornita.lt\/en\/product-category\/miltai-miltu-misiniai\/","nextItem":{"@type":"ListItem","@id":"https:\/\/kornita.lt\/en\/shop\/miltai-miltu-misiniai\/coco-farm-bio-kokosu-miltai-100-organic-virgin-500-g\/#listItem","name":"Coco Farm BIO &#8211; Kokos\u0173 miltai 100% Organic Virgin 500 g"},"previousItem":{"@type":"ListItem","@id":"https:\/\/kornita.lt\/en\/shop-2\/#listItem","name":"Shop"}},{"@type":"ListItem","@id":"https:\/\/kornita.lt\/en\/shop\/miltai-miltu-misiniai\/coco-farm-bio-kokosu-miltai-100-organic-virgin-500-g\/#listItem","position":4,"name":"Coco Farm BIO &#8211; Kokos\u0173 miltai 100% Organic Virgin 500 g","previousItem":{"@type":"ListItem","@id":"https:\/\/kornita.lt\/en\/product-category\/miltai-miltu-misiniai\/#listItem","name":"Miltai ir milt\u0173 mi\u0161iniai"}}]},{"@type":"Organization","@id":"https:\/\/kornita.lt\/en\/#organization","name":"kornita","url":"https:\/\/kornita.lt\/en\/","telephone":"+37068581463","logo":{"@type":"ImageObject","url":"http:\/\/kornita.webfactory.lt\/wp-content\/uploads\/2023\/04\/korni-el-prekyba.png","@id":"https:\/\/kornita.lt\/en\/shop\/miltai-miltu-misiniai\/coco-farm-bio-kokosu-miltai-100-organic-virgin-500-g\/#organizationLogo"},"image":{"@id":"https:\/\/kornita.lt\/en\/shop\/miltai-miltu-misiniai\/coco-farm-bio-kokosu-miltai-100-organic-virgin-500-g\/#organizationLogo"},"sameAs":["https:\/\/www.facebook.com\/kornita.lt"]},{"@type":"Product","@id":"https:\/\/kornita.lt\/en\/shop\/miltai-miltu-misiniai\/coco-farm-bio-kokosu-miltai-100-organic-virgin-500-g\/#wooCommerceProduct","name":"Coco Farm BIO - Kokos\u0173 miltai 100% Organic Virgin 500 g","url":"https:\/\/kornita.lt\/en\/shop\/miltai-miltu-misiniai\/coco-farm-bio-kokosu-miltai-100-organic-virgin-500-g\/","sku":"5903111899356","image":{"@type":"ImageObject","url":"https:\/\/kornita.lt\/wp-content\/uploads\/2024\/02\/Coco-Farm-BIO-Kokosu-miltai-100-Organic-Virgin-500-g.png","@id":"https:\/\/kornita.lt\/en\/shop\/miltai-miltu-misiniai\/coco-farm-bio-kokosu-miltai-100-organic-virgin-500-g\/#productImage","width":530,"height":750},"offers":{"@type":"Offer","url":"https:\/\/kornita.lt\/en\/shop\/miltai-miltu-misiniai\/coco-farm-bio-kokosu-miltai-100-organic-virgin-500-g\/#wooCommerceOffer","price":5.03,"priceCurrency":"EUR","category":"Miltai ir milt\u0173 mi\u0161iniai","availability":"https:\/\/schema.org\/OutOfStock","priceSpecification":{"@type":"PriceSpecification","price":5.03,"priceCurrency":"EUR","valueAddedTaxIncluded":"true"},"seller":{"@type":"Organization","@id":"https:\/\/kornita.lt\/en\/#organization"}}},{"@type":"WebPage","@id":"https:\/\/kornita.lt\/en\/shop\/miltai-miltu-misiniai\/coco-farm-bio-kokosu-miltai-100-organic-virgin-500-g\/#webpage","url":"https:\/\/kornita.lt\/en\/shop\/miltai-miltu-misiniai\/coco-farm-bio-kokosu-miltai-100-organic-virgin-500-g\/","name":"Coco Farm BIO \u2013 Kokos\u0173 miltai 100% Organic Virgin 500 g - kornita","description":"Coco Farm BIO - Kokos\u0173 miltai 100% Organic Virgin 500 g EKOLOGI\u0160KI KOKOSO MILTAI intensyvaus kokoso kvapo ir skonio neapdorotas RAW baltym\u0173 \u0161altinis (34% RWS 100 g) didelis maistini\u0173 skaidul\u0173 kiekis (140 % RWS 100 g) i\u0161 \u017ealios, \u0161vie\u017eios kokoso m\u0117sos (niekada i\u0161 dribsni\u0173, \u012fskaitant sier\u0105 arba d\u017eiovint\u0105 m\u0117s\u0105)be glitimo, be joki\u0173 pried\u0173 sertifikuotas BIO","inLanguage":"en-US","isPartOf":{"@id":"https:\/\/kornita.lt\/en\/#website"},"breadcrumb":{"@id":"https:\/\/kornita.lt\/en\/shop\/miltai-miltu-misiniai\/coco-farm-bio-kokosu-miltai-100-organic-virgin-500-g\/#breadcrumblist"},"image":{"@type":"ImageObject","url":"https:\/\/kornita.lt\/wp-content\/uploads\/2024\/02\/Coco-Farm-BIO-Kokosu-miltai-100-Organic-Virgin-500-g.png","@id":"https:\/\/kornita.lt\/en\/shop\/miltai-miltu-misiniai\/coco-farm-bio-kokosu-miltai-100-organic-virgin-500-g\/#mainImage","width":530,"height":750},"primaryImageOfPage":{"@id":"https:\/\/kornita.lt\/en\/shop\/miltai-miltu-misiniai\/coco-farm-bio-kokosu-miltai-100-organic-virgin-500-g\/#mainImage"},"datePublished":"2024-03-08T13:34:32+00:00","dateModified":"2025-07-16T06:48:16+00:00"},{"@type":"WebSite","@id":"https:\/\/kornita.lt\/en\/#website","url":"https:\/\/kornita.lt\/en\/","name":"kornita","inLanguage":"en-US","publisher":{"@id":"https:\/\/kornita.lt\/en\/#organization"}}]},"og:locale":"en_US","og:site_name":"kornita -","og:type":"article","og:title":"Coco Farm BIO \u2013 Kokos\u0173 miltai 100% Organic Virgin 500 g - kornita","og:description":"Coco Farm BIO - Kokos\u0173 miltai 100% Organic Virgin 500 g EKOLOGI\u0160KI KOKOSO MILTAI intensyvaus kokoso kvapo ir skonio neapdorotas RAW baltym\u0173 \u0161altinis (34% RWS 100 g) didelis maistini\u0173 skaidul\u0173 kiekis (140 % RWS 100 g) i\u0161 \u017ealios, \u0161vie\u017eios kokoso m\u0117sos (niekada i\u0161 dribsni\u0173, \u012fskaitant sier\u0105 arba d\u017eiovint\u0105 m\u0117s\u0105)be glitimo, be joki\u0173 pried\u0173 sertifikuotas BIO","og:url":"https:\/\/kornita.lt\/en\/shop\/miltai-miltu-misiniai\/coco-farm-bio-kokosu-miltai-100-organic-virgin-500-g\/","og:image":"https:\/\/kornita.webfactory.lt\/wp-content\/uploads\/2023\/04\/korni-el-prekyba.png","og:image:secure_url":"https:\/\/kornita.webfactory.lt\/wp-content\/uploads\/2023\/04\/korni-el-prekyba.png","article:published_time":"2024-03-08T13:34:32+00:00","article:modified_time":"2025-07-16T06:48:16+00:00","article:publisher":"https:\/\/www.facebook.com\/kornita.lt","twitter:card":"summary_large_image","twitter:title":"Coco Farm BIO \u2013 Kokos\u0173 miltai 100% Organic Virgin 500 g - kornita","twitter:description":"Coco Farm BIO - Kokos\u0173 miltai 100% Organic Virgin 500 g EKOLOGI\u0160KI KOKOSO MILTAI intensyvaus kokoso kvapo ir skonio neapdorotas RAW baltym\u0173 \u0161altinis (34% RWS 100 g) didelis maistini\u0173 skaidul\u0173 kiekis (140 % RWS 100 g) i\u0161 \u017ealios, \u0161vie\u017eios kokoso m\u0117sos (niekada i\u0161 dribsni\u0173, \u012fskaitant sier\u0105 arba d\u017eiovint\u0105 m\u0117s\u0105)be glitimo, be joki\u0173 pried\u0173 sertifikuotas BIO","twitter:image":"http:\/\/kornita.webfactory.lt\/wp-content\/uploads\/2023\/04\/korni-el-prekyba.png"},"aioseo_meta_data":{"post_id":"23004","title":null,"description":null,"keywords":null,"keyphrases":{"focus":{"keyphrase":"","score":0,"analysis":{"keyphraseInTitle":{"score":0,"maxScore":9,"error":1}}},"additional":[]},"primary_term":null,"canonical_url":null,"og_title":null,"og_description":null,"og_object_type":"default","og_image_type":"default","og_image_url":null,"og_image_width":null,"og_image_height":null,"og_image_custom_url":null,"og_image_custom_fields":null,"og_video":"","og_custom_url":null,"og_article_section":null,"og_article_tags":null,"twitter_use_og":false,"twitter_card":"default","twitter_image_type":"default","twitter_image_url":null,"twitter_image_custom_url":null,"twitter_image_custom_fields":null,"twitter_title":null,"twitter_description":null,"schema":{"blockGraphs":[],"customGraphs":[],"default":{"data":{"Article":[],"Course":[],"Dataset":[],"FAQPage":[],"Movie":[],"Person":[],"Product":[],"ProductReview":[],"Car":[],"Recipe":[],"Service":[],"SoftwareApplication":[],"WebPage":[]},"graphName":"ItemPage","isEnabled":true},"graphs":[]},"schema_type":"default","schema_type_options":null,"pillar_content":false,"robots_default":true,"robots_noindex":false,"robots_noarchive":false,"robots_nosnippet":false,"robots_nofollow":false,"robots_noimageindex":false,"robots_noodp":false,"robots_notranslate":false,"robots_max_snippet":"-1","robots_max_videopreview":"-1","robots_max_imagepreview":"large","priority":null,"frequency":"default","local_seo":null,"seo_analyzer_scan_date":"2025-10-08 23:57:27","breadcrumb_settings":null,"limit_modified_date":false,"open_ai":"{\"title\":{\"suggestions\":[],\"usage\":0},\"description\":{\"suggestions\":[],\"usage\":0}}","ai":null,"created":"2024-02-22 13:11:31","updated":"2025-10-21 23:35:36"},"aioseo_breadcrumb":"<div class=\"aioseo-breadcrumbs\"><span class=\"aioseo-breadcrumb\">\n\t<a href=\"https:\/\/kornita.lt\/en\/\" title=\"Home\">Home<\/a>\n<\/span><span class=\"aioseo-breadcrumb-separator\">&raquo;<\/span><span class=\"aioseo-breadcrumb\">\n\t<a href=\"https:\/\/kornita.lt\/en\/shop-2\/\" title=\"Shop\">Shop<\/a>\n<\/span><span class=\"aioseo-breadcrumb-separator\">&raquo;<\/span><span class=\"aioseo-breadcrumb\">\n\t<a href=\"https:\/\/kornita.lt\/en\/product-category\/miltai-miltu-misiniai\/\" title=\"Miltai ir milt\u0173 mi\u0161iniai\">Miltai ir milt\u0173 mi\u0161iniai<\/a>\n<\/span><span class=\"aioseo-breadcrumb-separator\">&raquo;<\/span><span class=\"aioseo-breadcrumb\">\n\tCoco Farm BIO \u2013 Kokos\u0173 miltai 100% Organic Virgin 500 g\n<\/span><\/div>","aioseo_breadcrumb_json":[{"label":"Home","link":"https:\/\/kornita.lt\/en\/"},{"label":"Shop","link":"https:\/\/kornita.lt\/en\/shop-2\/"},{"label":"Miltai ir milt\u0173 mi\u0161iniai","link":"https:\/\/kornita.lt\/en\/product-category\/miltai-miltu-misiniai\/"},{"label":"Coco Farm BIO &#8211; Kokos\u0173 miltai 100% Organic Virgin 500 g","link":"https:\/\/kornita.lt\/en\/shop\/miltai-miltu-misiniai\/coco-farm-bio-kokosu-miltai-100-organic-virgin-500-g\/"}],"_links":{"self":[{"href":"https:\/\/kornita.lt\/en\/wp-json\/wp\/v2\/product\/23004","targetHints":{"allow":["GET"]}}],"collection":[{"href":"https:\/\/kornita.lt\/en\/wp-json\/wp\/v2\/product"}],"about":[{"href":"https:\/\/kornita.lt\/en\/wp-json\/wp\/v2\/types\/product"}],"replies":[{"embeddable":true,"href":"https:\/\/kornita.lt\/en\/wp-json\/wp\/v2\/comments?post=23004"}],"version-history":[{"count":1,"href":"https:\/\/kornita.lt\/en\/wp-json\/wp\/v2\/product\/23004\/revisions"}],"predecessor-version":[{"id":25062,"href":"https:\/\/kornita.lt\/en\/wp-json\/wp\/v2\/product\/23004\/revisions\/25062"}],"wp:featuredmedia":[{"embeddable":true,"href":"https:\/\/kornita.lt\/en\/wp-json\/wp\/v2\/media\/23006"}],"wp:attachment":[{"href":"https:\/\/kornita.lt\/en\/wp-json\/wp\/v2\/media?parent=23004"}],"wp:term":[{"taxonomy":"product_brand","embeddable":true,"href":"https:\/\/kornita.lt\/en\/wp-json\/wp\/v2\/product_brand?post=23004"},{"taxonomy":"product_cat","embeddable":true,"href":"https:\/\/kornita.lt\/en\/wp-json\/wp\/v2\/product_cat?post=23004"},{"taxonomy":"product_tag","embeddable":true,"href":"https:\/\/kornita.lt\/en\/wp-json\/wp\/v2\/product_tag?post=23004"}],"curies":[{"name":"wp","href":"https:\/\/api.w.org\/{rel}","templated":true}]}}