{"id":22999,"date":"2024-03-08T13:34:31","date_gmt":"2024-03-08T13:34:31","guid":{"rendered":"https:\/\/kornita.lt\/?post_type=product&#038;p=22999"},"modified":"2025-05-19T08:52:08","modified_gmt":"2025-05-19T08:52:08","slug":"coco-farm-bio-kokosu-vandens-actas-100-bio-250ml","status":"publish","type":"product","link":"https:\/\/kornita.lt\/en\/shop\/padazai\/coco-farm-bio-kokosu-vandens-actas-100-bio-250ml\/","title":{"rendered":"Coco Farm BIO &#8211; Kokos\u0173 vandens actas 100% BIO 250ml"},"content":{"rendered":"<h2>Coco Farm BIO &#8211; Kokos\u0173 vandens actas 100% BIO 250ml<\/h2>\n<p>Ekologi\u0161kas kokoso actas \u201eCoco Farm\u201c gaminamas i\u0161 vandens i\u0161 jauno kokoso rie\u0161uto.<br \/>\nEkologi\u0161ki kokosai auga sertifikuotuose \u016bkiuose, esan\u010diuose Ramiojo vandenyno apsuptose salose, kur jie gauna mineral\u0173 ir vitamin\u0173.<br \/>\n100% BIO kokos\u0173 actas gaminamas ilgalaik\u0117s, nat\u016bralios vandens i\u0161 \u017ealio, \u0161vie\u017eio kokoso fermentacijos rezultatas \u2013 nenaudojant chemikal\u0173 ar proceso greitintuv\u0173, toki\u0173 kaip sulfatai.<br \/>\nPasi\u017eymi savitu aromatu (net su subtiliu karamel\u0117s kvapo atspalviu), gintaro spalva ir intensyviu skoniu.<br \/>\nRekomenduojamas kaip priedas prie u\u017epil\u0173, sriub\u0173 ir pada\u017e\u0173. Jis taip pat gali b\u016bti naudojamas kaip marinatas prie m\u0117sos, dar\u017eovi\u0173 ir gryb\u0173. Kokos\u0173 actas taip pat turi prie\u017ei\u016bros savybi\u0173 ir gali b\u016bti naudojamas kaip nat\u016bralaus, naminio veido toniko ar plauk\u0173 skalavimo ingredientas.<\/p>\n<h4>Paruo\u0161imas<\/h4>\n<p>Rekomenduojamas kaip priedas prie u\u017epil\u0173, sriub\u0173 ir pada\u017e\u0173. Jis taip pat tiks kaip marinatas m\u0117sai ar dar\u017eov\u0117ms ir grybams. Kokos\u0173 actas taip pat gali b\u016bti naudojamas kaip nat\u016bralus ingredientas, nam\u0173 veido tonikas ar plauk\u0173 skalavimas.<\/p>\n","protected":false},"excerpt":{"rendered":"<p>Coco Farm BIO &#8211; Kokos\u0173 vandens actas 100% BIO 250ml Ekologi\u0161kas kokoso actas \u201eCoco Farm\u201c gaminamas i\u0161 vandens i\u0161 jauno<\/p>\n","protected":false},"featured_media":23001,"comment_status":"open","ping_status":"closed","template":"","meta":[],"product_brand":[],"product_cat":[203],"product_tag":[],"class_list":{"0":"post-22999","1":"product","2":"type-product","3":"status-publish","4":"has-post-thumbnail","6":"product_cat-padazai","7":"product_shipping_class-pristatymas","9":"first","10":"outofstock","11":"sale","12":"taxable","13":"shipping-taxable","14":"purchasable","15":"product-type-simple"},"aioseo_notices":[],"aioseo_head":"\n\t\t<!-- All in One SEO Pro 4.9.5.2 - aioseo.com -->\n\t<meta name=\"description\" content=\"Coco Farm BIO - Kokos\u0173 vandens actas 100% BIO 250ml Ekologi\u0161kas kokoso actas \u201eCoco Farm\u201c gaminamas i\u0161 vandens i\u0161 jauno kokoso rie\u0161uto. Ekologi\u0161ki kokosai auga sertifikuotuose \u016bkiuose, esan\u010diuose Ramiojo vandenyno apsuptose salose, kur jie gauna mineral\u0173 ir vitamin\u0173. 100% BIO kokos\u0173 actas gaminamas ilgalaik\u0117s, nat\u016bralios vandens i\u0161 \u017ealio, \u0161vie\u017eio kokoso fermentacijos rezultatas \u2013 nenaudojant chemikal\u0173\" \/>\n\t<meta name=\"robots\" content=\"max-image-preview:large\" \/>\n\t<link rel=\"canonical\" href=\"https:\/\/kornita.lt\/en\/shop\/padazai\/coco-farm-bio-kokosu-vandens-actas-100-bio-250ml\/\" \/>\n\t<meta name=\"generator\" content=\"All in One SEO Pro (AIOSEO) 4.9.5.2\" \/>\n\t\t<meta property=\"og:locale\" content=\"en_US\" \/>\n\t\t<meta property=\"og:site_name\" content=\"kornita -\" \/>\n\t\t<meta property=\"og:type\" content=\"article\" \/>\n\t\t<meta property=\"og:title\" content=\"Coco Farm BIO \u2013 Kokos\u0173 vandens actas 100% BIO 250ml - kornita\" \/>\n\t\t<meta property=\"og:description\" content=\"Coco Farm BIO - Kokos\u0173 vandens actas 100% BIO 250ml Ekologi\u0161kas kokoso actas \u201eCoco Farm\u201c gaminamas i\u0161 vandens i\u0161 jauno kokoso rie\u0161uto. Ekologi\u0161ki kokosai auga sertifikuotuose \u016bkiuose, esan\u010diuose Ramiojo vandenyno apsuptose salose, kur jie gauna mineral\u0173 ir vitamin\u0173. 100% BIO kokos\u0173 actas gaminamas ilgalaik\u0117s, nat\u016bralios vandens i\u0161 \u017ealio, \u0161vie\u017eio kokoso fermentacijos rezultatas \u2013 nenaudojant chemikal\u0173\" \/>\n\t\t<meta property=\"og:url\" content=\"https:\/\/kornita.lt\/en\/shop\/padazai\/coco-farm-bio-kokosu-vandens-actas-100-bio-250ml\/\" \/>\n\t\t<meta property=\"og:image\" content=\"https:\/\/kornita.webfactory.lt\/wp-content\/uploads\/2023\/04\/korni-el-prekyba.png\" \/>\n\t\t<meta property=\"og:image:secure_url\" content=\"https:\/\/kornita.webfactory.lt\/wp-content\/uploads\/2023\/04\/korni-el-prekyba.png\" \/>\n\t\t<meta property=\"article:published_time\" content=\"2024-03-08T13:34:31+00:00\" \/>\n\t\t<meta property=\"article:modified_time\" content=\"2025-05-19T08:52:08+00:00\" \/>\n\t\t<meta property=\"article:publisher\" content=\"https:\/\/www.facebook.com\/kornita.lt\" \/>\n\t\t<meta name=\"twitter:card\" content=\"summary_large_image\" \/>\n\t\t<meta name=\"twitter:title\" content=\"Coco Farm BIO \u2013 Kokos\u0173 vandens actas 100% BIO 250ml - kornita\" \/>\n\t\t<meta name=\"twitter:description\" content=\"Coco Farm BIO - Kokos\u0173 vandens actas 100% BIO 250ml Ekologi\u0161kas kokoso actas \u201eCoco Farm\u201c gaminamas i\u0161 vandens i\u0161 jauno kokoso rie\u0161uto. Ekologi\u0161ki kokosai auga sertifikuotuose \u016bkiuose, esan\u010diuose Ramiojo vandenyno apsuptose salose, kur jie gauna mineral\u0173 ir vitamin\u0173. 100% BIO kokos\u0173 actas gaminamas ilgalaik\u0117s, nat\u016bralios vandens i\u0161 \u017ealio, \u0161vie\u017eio kokoso fermentacijos rezultatas \u2013 nenaudojant chemikal\u0173\" \/>\n\t\t<meta name=\"twitter:image\" content=\"http:\/\/kornita.webfactory.lt\/wp-content\/uploads\/2023\/04\/korni-el-prekyba.png\" \/>\n\t\t<script type=\"application\/ld+json\" class=\"aioseo-schema\">\n\t\t\t{\"@context\":\"https:\\\/\\\/schema.org\",\"@graph\":[{\"@type\":\"BreadcrumbList\",\"@id\":\"https:\\\/\\\/kornita.lt\\\/en\\\/shop\\\/padazai\\\/coco-farm-bio-kokosu-vandens-actas-100-bio-250ml\\\/#breadcrumblist\",\"itemListElement\":[{\"@type\":\"ListItem\",\"@id\":\"https:\\\/\\\/kornita.lt\\\/en\\\/#listItem\",\"position\":1,\"name\":\"Home\",\"item\":\"https:\\\/\\\/kornita.lt\\\/en\\\/\",\"nextItem\":{\"@type\":\"ListItem\",\"@id\":\"https:\\\/\\\/kornita.lt\\\/en\\\/shop-2\\\/#listItem\",\"name\":\"Shop\"}},{\"@type\":\"ListItem\",\"@id\":\"https:\\\/\\\/kornita.lt\\\/en\\\/shop-2\\\/#listItem\",\"position\":2,\"name\":\"Shop\",\"item\":\"https:\\\/\\\/kornita.lt\\\/en\\\/shop-2\\\/\",\"nextItem\":{\"@type\":\"ListItem\",\"@id\":\"https:\\\/\\\/kornita.lt\\\/en\\\/product-category\\\/padazai\\\/#listItem\",\"name\":\"Pada\\u017eai\"},\"previousItem\":{\"@type\":\"ListItem\",\"@id\":\"https:\\\/\\\/kornita.lt\\\/en\\\/#listItem\",\"name\":\"Home\"}},{\"@type\":\"ListItem\",\"@id\":\"https:\\\/\\\/kornita.lt\\\/en\\\/product-category\\\/padazai\\\/#listItem\",\"position\":3,\"name\":\"Pada\\u017eai\",\"item\":\"https:\\\/\\\/kornita.lt\\\/en\\\/product-category\\\/padazai\\\/\",\"nextItem\":{\"@type\":\"ListItem\",\"@id\":\"https:\\\/\\\/kornita.lt\\\/en\\\/shop\\\/padazai\\\/coco-farm-bio-kokosu-vandens-actas-100-bio-250ml\\\/#listItem\",\"name\":\"Coco Farm BIO &#8211; Kokos\\u0173 vandens actas 100% BIO 250ml\"},\"previousItem\":{\"@type\":\"ListItem\",\"@id\":\"https:\\\/\\\/kornita.lt\\\/en\\\/shop-2\\\/#listItem\",\"name\":\"Shop\"}},{\"@type\":\"ListItem\",\"@id\":\"https:\\\/\\\/kornita.lt\\\/en\\\/shop\\\/padazai\\\/coco-farm-bio-kokosu-vandens-actas-100-bio-250ml\\\/#listItem\",\"position\":4,\"name\":\"Coco Farm BIO &#8211; Kokos\\u0173 vandens actas 100% BIO 250ml\",\"previousItem\":{\"@type\":\"ListItem\",\"@id\":\"https:\\\/\\\/kornita.lt\\\/en\\\/product-category\\\/padazai\\\/#listItem\",\"name\":\"Pada\\u017eai\"}}]},{\"@type\":\"Organization\",\"@id\":\"https:\\\/\\\/kornita.lt\\\/en\\\/#organization\",\"name\":\"kornita\",\"url\":\"https:\\\/\\\/kornita.lt\\\/en\\\/\",\"telephone\":\"+37068581463\",\"logo\":{\"@type\":\"ImageObject\",\"url\":\"http:\\\/\\\/kornita.webfactory.lt\\\/wp-content\\\/uploads\\\/2023\\\/04\\\/korni-el-prekyba.png\",\"@id\":\"https:\\\/\\\/kornita.lt\\\/en\\\/shop\\\/padazai\\\/coco-farm-bio-kokosu-vandens-actas-100-bio-250ml\\\/#organizationLogo\"},\"image\":{\"@id\":\"https:\\\/\\\/kornita.lt\\\/en\\\/shop\\\/padazai\\\/coco-farm-bio-kokosu-vandens-actas-100-bio-250ml\\\/#organizationLogo\"},\"sameAs\":[\"https:\\\/\\\/www.facebook.com\\\/kornita.lt\"]},{\"@type\":\"Product\",\"@id\":\"https:\\\/\\\/kornita.lt\\\/en\\\/shop\\\/padazai\\\/coco-farm-bio-kokosu-vandens-actas-100-bio-250ml\\\/#wooCommerceProduct\",\"name\":\"Coco Farm BIO - Kokos\\u0173 vandens actas 100% BIO 250ml\",\"url\":\"https:\\\/\\\/kornita.lt\\\/en\\\/shop\\\/padazai\\\/coco-farm-bio-kokosu-vandens-actas-100-bio-250ml\\\/\",\"sku\":\"5903111899677\",\"image\":{\"@type\":\"ImageObject\",\"url\":\"https:\\\/\\\/kornita.lt\\\/wp-content\\\/uploads\\\/2024\\\/02\\\/Coco-Farm-BIO-Kokosu-vandens-actas-100-BIO-250ml.jpg\",\"@id\":\"https:\\\/\\\/kornita.lt\\\/en\\\/shop\\\/padazai\\\/coco-farm-bio-kokosu-vandens-actas-100-bio-250ml\\\/#productImage\",\"width\":515,\"height\":1923},\"offers\":{\"@type\":\"Offer\",\"url\":\"https:\\\/\\\/kornita.lt\\\/en\\\/shop\\\/padazai\\\/coco-farm-bio-kokosu-vandens-actas-100-bio-250ml\\\/#wooCommerceOffer\",\"price\":3.15,\"priceCurrency\":\"EUR\",\"category\":\"Pada\\u017eai\",\"availability\":\"https:\\\/\\\/schema.org\\\/OutOfStock\",\"priceSpecification\":{\"@type\":\"PriceSpecification\",\"price\":3.15,\"priceCurrency\":\"EUR\",\"valueAddedTaxIncluded\":\"true\"},\"seller\":{\"@type\":\"Organization\",\"@id\":\"https:\\\/\\\/kornita.lt\\\/en\\\/#organization\"}}},{\"@type\":\"WebPage\",\"@id\":\"https:\\\/\\\/kornita.lt\\\/en\\\/shop\\\/padazai\\\/coco-farm-bio-kokosu-vandens-actas-100-bio-250ml\\\/#webpage\",\"url\":\"https:\\\/\\\/kornita.lt\\\/en\\\/shop\\\/padazai\\\/coco-farm-bio-kokosu-vandens-actas-100-bio-250ml\\\/\",\"name\":\"Coco Farm BIO \\u2013 Kokos\\u0173 vandens actas 100% BIO 250ml - kornita\",\"description\":\"Coco Farm BIO - Kokos\\u0173 vandens actas 100% BIO 250ml Ekologi\\u0161kas kokoso actas \\u201eCoco Farm\\u201c gaminamas i\\u0161 vandens i\\u0161 jauno kokoso rie\\u0161uto. Ekologi\\u0161ki kokosai auga sertifikuotuose \\u016bkiuose, esan\\u010diuose Ramiojo vandenyno apsuptose salose, kur jie gauna mineral\\u0173 ir vitamin\\u0173. 100% BIO kokos\\u0173 actas gaminamas ilgalaik\\u0117s, nat\\u016bralios vandens i\\u0161 \\u017ealio, \\u0161vie\\u017eio kokoso fermentacijos rezultatas \\u2013 nenaudojant chemikal\\u0173\",\"inLanguage\":\"en-US\",\"isPartOf\":{\"@id\":\"https:\\\/\\\/kornita.lt\\\/en\\\/#website\"},\"breadcrumb\":{\"@id\":\"https:\\\/\\\/kornita.lt\\\/en\\\/shop\\\/padazai\\\/coco-farm-bio-kokosu-vandens-actas-100-bio-250ml\\\/#breadcrumblist\"},\"image\":{\"@type\":\"ImageObject\",\"url\":\"https:\\\/\\\/kornita.lt\\\/wp-content\\\/uploads\\\/2024\\\/02\\\/Coco-Farm-BIO-Kokosu-vandens-actas-100-BIO-250ml.jpg\",\"@id\":\"https:\\\/\\\/kornita.lt\\\/en\\\/shop\\\/padazai\\\/coco-farm-bio-kokosu-vandens-actas-100-bio-250ml\\\/#mainImage\",\"width\":515,\"height\":1923},\"primaryImageOfPage\":{\"@id\":\"https:\\\/\\\/kornita.lt\\\/en\\\/shop\\\/padazai\\\/coco-farm-bio-kokosu-vandens-actas-100-bio-250ml\\\/#mainImage\"},\"datePublished\":\"2024-03-08T13:34:31+00:00\",\"dateModified\":\"2025-05-19T08:52:08+00:00\"},{\"@type\":\"WebSite\",\"@id\":\"https:\\\/\\\/kornita.lt\\\/en\\\/#website\",\"url\":\"https:\\\/\\\/kornita.lt\\\/en\\\/\",\"name\":\"kornita\",\"inLanguage\":\"en-US\",\"publisher\":{\"@id\":\"https:\\\/\\\/kornita.lt\\\/en\\\/#organization\"}}]}\n\t\t<\/script>\n\t\t<!-- All in One SEO Pro -->\r\n\t\t<title>Coco Farm BIO \u2013 Kokos\u0173 vandens actas 100% BIO 250ml - kornita<\/title>\n\n","aioseo_head_json":{"title":"Coco Farm BIO \u2013 Kokos\u0173 vandens actas 100% BIO 250ml - kornita","description":"Coco Farm BIO - Kokos\u0173 vandens actas 100% BIO 250ml Ekologi\u0161kas kokoso actas \u201eCoco Farm\u201c gaminamas i\u0161 vandens i\u0161 jauno kokoso rie\u0161uto. Ekologi\u0161ki kokosai auga sertifikuotuose \u016bkiuose, esan\u010diuose Ramiojo vandenyno apsuptose salose, kur jie gauna mineral\u0173 ir vitamin\u0173. 100% BIO kokos\u0173 actas gaminamas ilgalaik\u0117s, nat\u016bralios vandens i\u0161 \u017ealio, \u0161vie\u017eio kokoso fermentacijos rezultatas \u2013 nenaudojant chemikal\u0173","canonical_url":"https:\/\/kornita.lt\/en\/shop\/padazai\/coco-farm-bio-kokosu-vandens-actas-100-bio-250ml\/","robots":"max-image-preview:large","keywords":"","webmasterTools":{"miscellaneous":""},"schema":{"@context":"https:\/\/schema.org","@graph":[{"@type":"BreadcrumbList","@id":"https:\/\/kornita.lt\/en\/shop\/padazai\/coco-farm-bio-kokosu-vandens-actas-100-bio-250ml\/#breadcrumblist","itemListElement":[{"@type":"ListItem","@id":"https:\/\/kornita.lt\/en\/#listItem","position":1,"name":"Home","item":"https:\/\/kornita.lt\/en\/","nextItem":{"@type":"ListItem","@id":"https:\/\/kornita.lt\/en\/shop-2\/#listItem","name":"Shop"}},{"@type":"ListItem","@id":"https:\/\/kornita.lt\/en\/shop-2\/#listItem","position":2,"name":"Shop","item":"https:\/\/kornita.lt\/en\/shop-2\/","nextItem":{"@type":"ListItem","@id":"https:\/\/kornita.lt\/en\/product-category\/padazai\/#listItem","name":"Pada\u017eai"},"previousItem":{"@type":"ListItem","@id":"https:\/\/kornita.lt\/en\/#listItem","name":"Home"}},{"@type":"ListItem","@id":"https:\/\/kornita.lt\/en\/product-category\/padazai\/#listItem","position":3,"name":"Pada\u017eai","item":"https:\/\/kornita.lt\/en\/product-category\/padazai\/","nextItem":{"@type":"ListItem","@id":"https:\/\/kornita.lt\/en\/shop\/padazai\/coco-farm-bio-kokosu-vandens-actas-100-bio-250ml\/#listItem","name":"Coco Farm BIO &#8211; Kokos\u0173 vandens actas 100% BIO 250ml"},"previousItem":{"@type":"ListItem","@id":"https:\/\/kornita.lt\/en\/shop-2\/#listItem","name":"Shop"}},{"@type":"ListItem","@id":"https:\/\/kornita.lt\/en\/shop\/padazai\/coco-farm-bio-kokosu-vandens-actas-100-bio-250ml\/#listItem","position":4,"name":"Coco Farm BIO &#8211; Kokos\u0173 vandens actas 100% BIO 250ml","previousItem":{"@type":"ListItem","@id":"https:\/\/kornita.lt\/en\/product-category\/padazai\/#listItem","name":"Pada\u017eai"}}]},{"@type":"Organization","@id":"https:\/\/kornita.lt\/en\/#organization","name":"kornita","url":"https:\/\/kornita.lt\/en\/","telephone":"+37068581463","logo":{"@type":"ImageObject","url":"http:\/\/kornita.webfactory.lt\/wp-content\/uploads\/2023\/04\/korni-el-prekyba.png","@id":"https:\/\/kornita.lt\/en\/shop\/padazai\/coco-farm-bio-kokosu-vandens-actas-100-bio-250ml\/#organizationLogo"},"image":{"@id":"https:\/\/kornita.lt\/en\/shop\/padazai\/coco-farm-bio-kokosu-vandens-actas-100-bio-250ml\/#organizationLogo"},"sameAs":["https:\/\/www.facebook.com\/kornita.lt"]},{"@type":"Product","@id":"https:\/\/kornita.lt\/en\/shop\/padazai\/coco-farm-bio-kokosu-vandens-actas-100-bio-250ml\/#wooCommerceProduct","name":"Coco Farm BIO - Kokos\u0173 vandens actas 100% BIO 250ml","url":"https:\/\/kornita.lt\/en\/shop\/padazai\/coco-farm-bio-kokosu-vandens-actas-100-bio-250ml\/","sku":"5903111899677","image":{"@type":"ImageObject","url":"https:\/\/kornita.lt\/wp-content\/uploads\/2024\/02\/Coco-Farm-BIO-Kokosu-vandens-actas-100-BIO-250ml.jpg","@id":"https:\/\/kornita.lt\/en\/shop\/padazai\/coco-farm-bio-kokosu-vandens-actas-100-bio-250ml\/#productImage","width":515,"height":1923},"offers":{"@type":"Offer","url":"https:\/\/kornita.lt\/en\/shop\/padazai\/coco-farm-bio-kokosu-vandens-actas-100-bio-250ml\/#wooCommerceOffer","price":3.15,"priceCurrency":"EUR","category":"Pada\u017eai","availability":"https:\/\/schema.org\/OutOfStock","priceSpecification":{"@type":"PriceSpecification","price":3.15,"priceCurrency":"EUR","valueAddedTaxIncluded":"true"},"seller":{"@type":"Organization","@id":"https:\/\/kornita.lt\/en\/#organization"}}},{"@type":"WebPage","@id":"https:\/\/kornita.lt\/en\/shop\/padazai\/coco-farm-bio-kokosu-vandens-actas-100-bio-250ml\/#webpage","url":"https:\/\/kornita.lt\/en\/shop\/padazai\/coco-farm-bio-kokosu-vandens-actas-100-bio-250ml\/","name":"Coco Farm BIO \u2013 Kokos\u0173 vandens actas 100% BIO 250ml - kornita","description":"Coco Farm BIO - Kokos\u0173 vandens actas 100% BIO 250ml Ekologi\u0161kas kokoso actas \u201eCoco Farm\u201c gaminamas i\u0161 vandens i\u0161 jauno kokoso rie\u0161uto. Ekologi\u0161ki kokosai auga sertifikuotuose \u016bkiuose, esan\u010diuose Ramiojo vandenyno apsuptose salose, kur jie gauna mineral\u0173 ir vitamin\u0173. 100% BIO kokos\u0173 actas gaminamas ilgalaik\u0117s, nat\u016bralios vandens i\u0161 \u017ealio, \u0161vie\u017eio kokoso fermentacijos rezultatas \u2013 nenaudojant chemikal\u0173","inLanguage":"en-US","isPartOf":{"@id":"https:\/\/kornita.lt\/en\/#website"},"breadcrumb":{"@id":"https:\/\/kornita.lt\/en\/shop\/padazai\/coco-farm-bio-kokosu-vandens-actas-100-bio-250ml\/#breadcrumblist"},"image":{"@type":"ImageObject","url":"https:\/\/kornita.lt\/wp-content\/uploads\/2024\/02\/Coco-Farm-BIO-Kokosu-vandens-actas-100-BIO-250ml.jpg","@id":"https:\/\/kornita.lt\/en\/shop\/padazai\/coco-farm-bio-kokosu-vandens-actas-100-bio-250ml\/#mainImage","width":515,"height":1923},"primaryImageOfPage":{"@id":"https:\/\/kornita.lt\/en\/shop\/padazai\/coco-farm-bio-kokosu-vandens-actas-100-bio-250ml\/#mainImage"},"datePublished":"2024-03-08T13:34:31+00:00","dateModified":"2025-05-19T08:52:08+00:00"},{"@type":"WebSite","@id":"https:\/\/kornita.lt\/en\/#website","url":"https:\/\/kornita.lt\/en\/","name":"kornita","inLanguage":"en-US","publisher":{"@id":"https:\/\/kornita.lt\/en\/#organization"}}]},"og:locale":"en_US","og:site_name":"kornita -","og:type":"article","og:title":"Coco Farm BIO \u2013 Kokos\u0173 vandens actas 100% BIO 250ml - kornita","og:description":"Coco Farm BIO - Kokos\u0173 vandens actas 100% BIO 250ml Ekologi\u0161kas kokoso actas \u201eCoco Farm\u201c gaminamas i\u0161 vandens i\u0161 jauno kokoso rie\u0161uto. Ekologi\u0161ki kokosai auga sertifikuotuose \u016bkiuose, esan\u010diuose Ramiojo vandenyno apsuptose salose, kur jie gauna mineral\u0173 ir vitamin\u0173. 100% BIO kokos\u0173 actas gaminamas ilgalaik\u0117s, nat\u016bralios vandens i\u0161 \u017ealio, \u0161vie\u017eio kokoso fermentacijos rezultatas \u2013 nenaudojant chemikal\u0173","og:url":"https:\/\/kornita.lt\/en\/shop\/padazai\/coco-farm-bio-kokosu-vandens-actas-100-bio-250ml\/","og:image":"https:\/\/kornita.webfactory.lt\/wp-content\/uploads\/2023\/04\/korni-el-prekyba.png","og:image:secure_url":"https:\/\/kornita.webfactory.lt\/wp-content\/uploads\/2023\/04\/korni-el-prekyba.png","article:published_time":"2024-03-08T13:34:31+00:00","article:modified_time":"2025-05-19T08:52:08+00:00","article:publisher":"https:\/\/www.facebook.com\/kornita.lt","twitter:card":"summary_large_image","twitter:title":"Coco Farm BIO \u2013 Kokos\u0173 vandens actas 100% BIO 250ml - kornita","twitter:description":"Coco Farm BIO - Kokos\u0173 vandens actas 100% BIO 250ml Ekologi\u0161kas kokoso actas \u201eCoco Farm\u201c gaminamas i\u0161 vandens i\u0161 jauno kokoso rie\u0161uto. Ekologi\u0161ki kokosai auga sertifikuotuose \u016bkiuose, esan\u010diuose Ramiojo vandenyno apsuptose salose, kur jie gauna mineral\u0173 ir vitamin\u0173. 100% BIO kokos\u0173 actas gaminamas ilgalaik\u0117s, nat\u016bralios vandens i\u0161 \u017ealio, \u0161vie\u017eio kokoso fermentacijos rezultatas \u2013 nenaudojant chemikal\u0173","twitter:image":"http:\/\/kornita.webfactory.lt\/wp-content\/uploads\/2023\/04\/korni-el-prekyba.png"},"aioseo_meta_data":{"post_id":"22999","title":null,"description":null,"keywords":null,"keyphrases":{"focus":{"keyphrase":"","score":0,"analysis":{"keyphraseInTitle":{"score":0,"maxScore":9,"error":1}}},"additional":[]},"primary_term":null,"canonical_url":null,"og_title":null,"og_description":null,"og_object_type":"default","og_image_type":"default","og_image_url":null,"og_image_width":null,"og_image_height":null,"og_image_custom_url":null,"og_image_custom_fields":null,"og_video":"","og_custom_url":null,"og_article_section":null,"og_article_tags":null,"twitter_use_og":false,"twitter_card":"default","twitter_image_type":"default","twitter_image_url":null,"twitter_image_custom_url":null,"twitter_image_custom_fields":null,"twitter_title":null,"twitter_description":null,"schema":{"blockGraphs":[],"customGraphs":[],"default":{"data":{"Article":[],"Course":[],"Dataset":[],"FAQPage":[],"Movie":[],"Person":[],"Product":[],"ProductReview":[],"Car":[],"Recipe":[],"Service":[],"SoftwareApplication":[],"WebPage":[]},"graphName":"ItemPage","isEnabled":true},"graphs":[]},"schema_type":"default","schema_type_options":null,"pillar_content":false,"robots_default":true,"robots_noindex":false,"robots_noarchive":false,"robots_nosnippet":false,"robots_nofollow":false,"robots_noimageindex":false,"robots_noodp":false,"robots_notranslate":false,"robots_max_snippet":"-1","robots_max_videopreview":"-1","robots_max_imagepreview":"large","priority":null,"frequency":"default","local_seo":null,"seo_analyzer_scan_date":"2025-10-09 00:05:20","breadcrumb_settings":null,"limit_modified_date":false,"open_ai":"{\"title\":{\"suggestions\":[],\"usage\":0},\"description\":{\"suggestions\":[],\"usage\":0}}","ai":null,"created":"2024-02-22 13:08:34","updated":"2025-11-26 23:36:06"},"aioseo_breadcrumb":"<div class=\"aioseo-breadcrumbs\"><span class=\"aioseo-breadcrumb\">\n\t<a href=\"https:\/\/kornita.lt\/en\/\" title=\"Home\">Home<\/a>\n<\/span><span class=\"aioseo-breadcrumb-separator\">&raquo;<\/span><span class=\"aioseo-breadcrumb\">\n\t<a href=\"https:\/\/kornita.lt\/en\/shop-2\/\" title=\"Shop\">Shop<\/a>\n<\/span><span class=\"aioseo-breadcrumb-separator\">&raquo;<\/span><span class=\"aioseo-breadcrumb\">\n\t<a href=\"https:\/\/kornita.lt\/en\/product-category\/padazai\/\" title=\"Pada\u017eai\">Pada\u017eai<\/a>\n<\/span><span class=\"aioseo-breadcrumb-separator\">&raquo;<\/span><span class=\"aioseo-breadcrumb\">\n\tCoco Farm BIO \u2013 Kokos\u0173 vandens actas 100% BIO 250ml\n<\/span><\/div>","aioseo_breadcrumb_json":[{"label":"Home","link":"https:\/\/kornita.lt\/en\/"},{"label":"Shop","link":"https:\/\/kornita.lt\/en\/shop-2\/"},{"label":"Pada\u017eai","link":"https:\/\/kornita.lt\/en\/product-category\/padazai\/"},{"label":"Coco Farm BIO &#8211; Kokos\u0173 vandens actas 100% BIO 250ml","link":"https:\/\/kornita.lt\/en\/shop\/padazai\/coco-farm-bio-kokosu-vandens-actas-100-bio-250ml\/"}],"_links":{"self":[{"href":"https:\/\/kornita.lt\/en\/wp-json\/wp\/v2\/product\/22999","targetHints":{"allow":["GET"]}}],"collection":[{"href":"https:\/\/kornita.lt\/en\/wp-json\/wp\/v2\/product"}],"about":[{"href":"https:\/\/kornita.lt\/en\/wp-json\/wp\/v2\/types\/product"}],"replies":[{"embeddable":true,"href":"https:\/\/kornita.lt\/en\/wp-json\/wp\/v2\/comments?post=22999"}],"version-history":[{"count":1,"href":"https:\/\/kornita.lt\/en\/wp-json\/wp\/v2\/product\/22999\/revisions"}],"predecessor-version":[{"id":23842,"href":"https:\/\/kornita.lt\/en\/wp-json\/wp\/v2\/product\/22999\/revisions\/23842"}],"wp:featuredmedia":[{"embeddable":true,"href":"https:\/\/kornita.lt\/en\/wp-json\/wp\/v2\/media\/23001"}],"wp:attachment":[{"href":"https:\/\/kornita.lt\/en\/wp-json\/wp\/v2\/media?parent=22999"}],"wp:term":[{"taxonomy":"product_brand","embeddable":true,"href":"https:\/\/kornita.lt\/en\/wp-json\/wp\/v2\/product_brand?post=22999"},{"taxonomy":"product_cat","embeddable":true,"href":"https:\/\/kornita.lt\/en\/wp-json\/wp\/v2\/product_cat?post=22999"},{"taxonomy":"product_tag","embeddable":true,"href":"https:\/\/kornita.lt\/en\/wp-json\/wp\/v2\/product_tag?post=22999"}],"curies":[{"name":"wp","href":"https:\/\/api.w.org\/{rel}","templated":true}]}}