{"id":22987,"date":"2024-03-08T13:34:31","date_gmt":"2024-03-08T13:34:31","guid":{"rendered":"https:\/\/kornita.lt\/?post_type=product&#038;p=22987"},"modified":"2025-05-19T08:52:08","modified_gmt":"2025-05-19T08:52:08","slug":"coco-farm-bio-100-bio-kokoso-minkstimas-280g","status":"publish","type":"product","link":"https:\/\/kornita.lt\/en\/shop\/akcijos\/coco-farm-bio-100-bio-kokoso-minkstimas-280g\/","title":{"rendered":"Coco Farm BIO 100% BIO kokoso mink\u0161timas 280g"},"content":{"rendered":"<h2>Coco Farm BIO 100% BIO kokoso mink\u0161timas 280g<\/h2>\n<p>GALIOJIMO LAIKAS IKI 2025-03<\/p>\n<p>Coco Farm kokoso mink\u0161timas gaunamas i\u0161 ekologinio \u016bkininkavimo Filipin\u0173 salyne \u2013 \u010dia, pasak specialist\u0173, auga geriausi pasaulio kokosai. Ekologi\u0161ki kokos\u0173 put\u0117siai gaminami sumalant \u0161vie\u017ei\u0173, ekologi\u0161k\u0173, sertifikuot\u0173 BIO kokos\u0173 mink\u0161tim\u0105. Kokos\u0173 kremas NIEKADA n\u0117ra gaminamas malant kokoso dro\u017eles, kurios buvo apdorotos \u012fvairiais etapais termi\u0161kai ir (arba) cheminiu b\u016bdu.Jis savo subtil\u0173 saldum\u0105, \u017eaving\u0105 aromat\u0105 ir skon\u012f slypi i\u0161skirtinai d\u0117l nat\u016brali\u0173 kokoso savybi\u0173 \u2013 be prid\u0117tinio cukraus.<br \/>\nKokos\u0173 kremo naudojimas dietoje:<br \/>\nKokoso mink\u0161timas yra daugiafunkcinis b\u016btinas dalykas ne tik \u017emon\u0117ms, kurie laikosi sporto ir sveikos mitybos, bet ir augalin\u0117s dietos. Ypa\u010d rekomenduojama laikantis KETOGENIN\u0116S, LCHF, PALEO, LOW CARB, VEGAN arba BE GLITIMO diet\u0173.<br \/>\nJame yra MCT r\u016bg\u0161\u010di\u0173 i\u0161 kokos\u0173 aliejaus, kurias organizmas paver\u010dia \u0161varia energija, ir lauro r\u016bg\u0161ties, pasi\u017eymin\u010dios baktericidin\u0117mis ir virucidin\u0117mis savyb\u0117mis. Jame taip pat yra visaver\u010di\u0173 baltym\u0173 (12,2% RWS) ir daug skaidul\u0173 (iki 50% RWS).<br \/>\nCoco Farm 100% BIO kokoso mink\u0161timas puikiai tinka:<br \/>\nPagrindas savaranki\u0161kam kokos\u0173 pieno, grietin\u0117l\u0117s ir kokos\u0173 kremo ruo\u0161imui. Pienas, grietin\u0117l\u0117 ir grietin\u0117l\u0117 gaunami mink\u0161tim\u0105 paskirstant \u0161iltame vandenyje, pagal proporcijas, nurodytas ant pakuot\u0117s. Svarbiausia, kad tokiu b\u016bdu gautame piene n\u0117ra joki\u0173 chemikal\u0173 ar dirbtini\u0173 ingredient\u0173 \u2013 jis yra 100% nat\u016bralus.<br \/>\nSkanus ir sveikas nat\u016bralus skan\u0117stas \u2013 efektyviai \u0161alina potrauk\u012f saldumynams ir ma\u017eina alkio jausm\u0105, yra tik nat\u016braliai susidaran\u010di\u0173 cukr\u0173.<br \/>\nU\u017etep\u0117l\u0117 duonai, blynams ir pyragams. Po \u0161velnaus kaitinimo ekologi\u0161ki kokoso put\u0117siai pakei\u010dia savo konsistencij\u0105 \u012f skystesn\u0119 ir gali b\u016bti fantasti\u0161kas priedas su unikaliu kokoso aromatu ir skoniu.<\/p>\n<h4>Paruo\u0161imas<\/h4>\n<p>Pagrindas pieno, grietin\u0117l\u0117s ar kokos\u0173 kremo ruo\u0161imui.<\/p>\n","protected":false},"excerpt":{"rendered":"<p>Coco Farm BIO 100% BIO kokoso mink\u0161timas 280g GALIOJIMO LAIKAS IKI 2025-03 Coco Farm kokoso mink\u0161timas gaunamas i\u0161 ekologinio \u016bkininkavimo<\/p>\n","protected":false},"featured_media":22991,"comment_status":"open","ping_status":"closed","template":"","meta":[],"product_brand":[],"product_cat":[62,217],"product_tag":[],"class_list":{"0":"post-22987","1":"product","2":"type-product","3":"status-publish","4":"has-post-thumbnail","6":"product_cat-akcijos","7":"product_cat-uztepeles","8":"product_shipping_class-pristatymas","10":"first","11":"outofstock","12":"sale","13":"taxable","14":"shipping-taxable","15":"purchasable","16":"product-type-simple"},"aioseo_notices":[],"aioseo_head":"\n\t\t<!-- All in One SEO Pro 4.9.5.2 - aioseo.com -->\n\t<meta name=\"description\" content=\"Coco Farm BIO 100% BIO kokoso mink\u0161timas 280g GALIOJIMO LAIKAS IKI 2025-03 Coco Farm kokoso mink\u0161timas gaunamas i\u0161 ekologinio \u016bkininkavimo Filipin\u0173 salyne \u2013 \u010dia, pasak specialist\u0173, auga geriausi pasaulio kokosai. Ekologi\u0161ki kokos\u0173 put\u0117siai gaminami sumalant \u0161vie\u017ei\u0173, ekologi\u0161k\u0173, sertifikuot\u0173 BIO kokos\u0173 mink\u0161tim\u0105. Kokos\u0173 kremas NIEKADA n\u0117ra gaminamas malant kokoso dro\u017eles, kurios buvo apdorotos \u012fvairiais etapais termi\u0161kai\" \/>\n\t<meta name=\"robots\" content=\"max-image-preview:large\" \/>\n\t<link rel=\"canonical\" href=\"https:\/\/kornita.lt\/en\/shop\/akcijos\/coco-farm-bio-100-bio-kokoso-minkstimas-280g\/\" \/>\n\t<meta name=\"generator\" content=\"All in One SEO Pro (AIOSEO) 4.9.5.2\" \/>\n\t\t<meta property=\"og:locale\" content=\"en_US\" \/>\n\t\t<meta property=\"og:site_name\" content=\"kornita -\" \/>\n\t\t<meta property=\"og:type\" content=\"article\" \/>\n\t\t<meta property=\"og:title\" content=\"Coco Farm BIO 100% BIO kokoso mink\u0161timas 280g - kornita\" \/>\n\t\t<meta property=\"og:description\" content=\"Coco Farm BIO 100% BIO kokoso mink\u0161timas 280g GALIOJIMO LAIKAS IKI 2025-03 Coco Farm kokoso mink\u0161timas gaunamas i\u0161 ekologinio \u016bkininkavimo Filipin\u0173 salyne \u2013 \u010dia, pasak specialist\u0173, auga geriausi pasaulio kokosai. Ekologi\u0161ki kokos\u0173 put\u0117siai gaminami sumalant \u0161vie\u017ei\u0173, ekologi\u0161k\u0173, sertifikuot\u0173 BIO kokos\u0173 mink\u0161tim\u0105. Kokos\u0173 kremas NIEKADA n\u0117ra gaminamas malant kokoso dro\u017eles, kurios buvo apdorotos \u012fvairiais etapais termi\u0161kai\" \/>\n\t\t<meta property=\"og:url\" content=\"https:\/\/kornita.lt\/en\/shop\/akcijos\/coco-farm-bio-100-bio-kokoso-minkstimas-280g\/\" \/>\n\t\t<meta property=\"og:image\" content=\"https:\/\/kornita.webfactory.lt\/wp-content\/uploads\/2023\/04\/korni-el-prekyba.png\" \/>\n\t\t<meta property=\"og:image:secure_url\" content=\"https:\/\/kornita.webfactory.lt\/wp-content\/uploads\/2023\/04\/korni-el-prekyba.png\" \/>\n\t\t<meta property=\"article:published_time\" content=\"2024-03-08T13:34:31+00:00\" \/>\n\t\t<meta property=\"article:modified_time\" content=\"2025-05-19T08:52:08+00:00\" \/>\n\t\t<meta property=\"article:publisher\" content=\"https:\/\/www.facebook.com\/kornita.lt\" \/>\n\t\t<meta name=\"twitter:card\" content=\"summary_large_image\" \/>\n\t\t<meta name=\"twitter:title\" content=\"Coco Farm BIO 100% BIO kokoso mink\u0161timas 280g - kornita\" \/>\n\t\t<meta name=\"twitter:description\" content=\"Coco Farm BIO 100% BIO kokoso mink\u0161timas 280g GALIOJIMO LAIKAS IKI 2025-03 Coco Farm kokoso mink\u0161timas gaunamas i\u0161 ekologinio \u016bkininkavimo Filipin\u0173 salyne \u2013 \u010dia, pasak specialist\u0173, auga geriausi pasaulio kokosai. Ekologi\u0161ki kokos\u0173 put\u0117siai gaminami sumalant \u0161vie\u017ei\u0173, ekologi\u0161k\u0173, sertifikuot\u0173 BIO kokos\u0173 mink\u0161tim\u0105. Kokos\u0173 kremas NIEKADA n\u0117ra gaminamas malant kokoso dro\u017eles, kurios buvo apdorotos \u012fvairiais etapais termi\u0161kai\" \/>\n\t\t<meta name=\"twitter:image\" content=\"http:\/\/kornita.webfactory.lt\/wp-content\/uploads\/2023\/04\/korni-el-prekyba.png\" \/>\n\t\t<script type=\"application\/ld+json\" class=\"aioseo-schema\">\n\t\t\t{\"@context\":\"https:\\\/\\\/schema.org\",\"@graph\":[{\"@type\":\"BreadcrumbList\",\"@id\":\"https:\\\/\\\/kornita.lt\\\/en\\\/shop\\\/akcijos\\\/coco-farm-bio-100-bio-kokoso-minkstimas-280g\\\/#breadcrumblist\",\"itemListElement\":[{\"@type\":\"ListItem\",\"@id\":\"https:\\\/\\\/kornita.lt\\\/en\\\/#listItem\",\"position\":1,\"name\":\"Home\",\"item\":\"https:\\\/\\\/kornita.lt\\\/en\\\/\",\"nextItem\":{\"@type\":\"ListItem\",\"@id\":\"https:\\\/\\\/kornita.lt\\\/en\\\/shop-2\\\/#listItem\",\"name\":\"Shop\"}},{\"@type\":\"ListItem\",\"@id\":\"https:\\\/\\\/kornita.lt\\\/en\\\/shop-2\\\/#listItem\",\"position\":2,\"name\":\"Shop\",\"item\":\"https:\\\/\\\/kornita.lt\\\/en\\\/shop-2\\\/\",\"nextItem\":{\"@type\":\"ListItem\",\"@id\":\"https:\\\/\\\/kornita.lt\\\/en\\\/product-category\\\/akcijos\\\/#listItem\",\"name\":\"AKCIJOS\"},\"previousItem\":{\"@type\":\"ListItem\",\"@id\":\"https:\\\/\\\/kornita.lt\\\/en\\\/#listItem\",\"name\":\"Home\"}},{\"@type\":\"ListItem\",\"@id\":\"https:\\\/\\\/kornita.lt\\\/en\\\/product-category\\\/akcijos\\\/#listItem\",\"position\":3,\"name\":\"AKCIJOS\",\"item\":\"https:\\\/\\\/kornita.lt\\\/en\\\/product-category\\\/akcijos\\\/\",\"nextItem\":{\"@type\":\"ListItem\",\"@id\":\"https:\\\/\\\/kornita.lt\\\/en\\\/shop\\\/akcijos\\\/coco-farm-bio-100-bio-kokoso-minkstimas-280g\\\/#listItem\",\"name\":\"Coco Farm BIO 100% BIO kokoso mink\\u0161timas 280g\"},\"previousItem\":{\"@type\":\"ListItem\",\"@id\":\"https:\\\/\\\/kornita.lt\\\/en\\\/shop-2\\\/#listItem\",\"name\":\"Shop\"}},{\"@type\":\"ListItem\",\"@id\":\"https:\\\/\\\/kornita.lt\\\/en\\\/shop\\\/akcijos\\\/coco-farm-bio-100-bio-kokoso-minkstimas-280g\\\/#listItem\",\"position\":4,\"name\":\"Coco Farm BIO 100% BIO kokoso mink\\u0161timas 280g\",\"previousItem\":{\"@type\":\"ListItem\",\"@id\":\"https:\\\/\\\/kornita.lt\\\/en\\\/product-category\\\/akcijos\\\/#listItem\",\"name\":\"AKCIJOS\"}}]},{\"@type\":\"Organization\",\"@id\":\"https:\\\/\\\/kornita.lt\\\/en\\\/#organization\",\"name\":\"kornita\",\"url\":\"https:\\\/\\\/kornita.lt\\\/en\\\/\",\"telephone\":\"+37068581463\",\"logo\":{\"@type\":\"ImageObject\",\"url\":\"http:\\\/\\\/kornita.webfactory.lt\\\/wp-content\\\/uploads\\\/2023\\\/04\\\/korni-el-prekyba.png\",\"@id\":\"https:\\\/\\\/kornita.lt\\\/en\\\/shop\\\/akcijos\\\/coco-farm-bio-100-bio-kokoso-minkstimas-280g\\\/#organizationLogo\"},\"image\":{\"@id\":\"https:\\\/\\\/kornita.lt\\\/en\\\/shop\\\/akcijos\\\/coco-farm-bio-100-bio-kokoso-minkstimas-280g\\\/#organizationLogo\"},\"sameAs\":[\"https:\\\/\\\/www.facebook.com\\\/kornita.lt\"]},{\"@type\":\"Product\",\"@id\":\"https:\\\/\\\/kornita.lt\\\/en\\\/shop\\\/akcijos\\\/coco-farm-bio-100-bio-kokoso-minkstimas-280g\\\/#wooCommerceProduct\",\"name\":\"Coco Farm BIO 100% BIO kokoso mink\\u0161timas 280g\",\"url\":\"https:\\\/\\\/kornita.lt\\\/en\\\/shop\\\/akcijos\\\/coco-farm-bio-100-bio-kokoso-minkstimas-280g\\\/\",\"sku\":\"5903111899561\",\"image\":{\"@type\":\"ImageObject\",\"url\":\"https:\\\/\\\/kornita.lt\\\/wp-content\\\/uploads\\\/2024\\\/02\\\/Coco-Farm-BIO-100-BIO-kokoso-minkstimas-280g.jpg\",\"@id\":\"https:\\\/\\\/kornita.lt\\\/en\\\/shop\\\/akcijos\\\/coco-farm-bio-100-bio-kokoso-minkstimas-280g\\\/#productImage\",\"width\":1500,\"height\":1500},\"offers\":{\"@type\":\"Offer\",\"url\":\"https:\\\/\\\/kornita.lt\\\/en\\\/shop\\\/akcijos\\\/coco-farm-bio-100-bio-kokoso-minkstimas-280g\\\/#wooCommerceOffer\",\"price\":2.32,\"priceCurrency\":\"EUR\",\"category\":\"AKCIJOS\",\"availability\":\"https:\\\/\\\/schema.org\\\/OutOfStock\",\"priceSpecification\":{\"@type\":\"PriceSpecification\",\"price\":2.32,\"priceCurrency\":\"EUR\",\"valueAddedTaxIncluded\":\"true\"},\"seller\":{\"@type\":\"Organization\",\"@id\":\"https:\\\/\\\/kornita.lt\\\/en\\\/#organization\"}}},{\"@type\":\"WebPage\",\"@id\":\"https:\\\/\\\/kornita.lt\\\/en\\\/shop\\\/akcijos\\\/coco-farm-bio-100-bio-kokoso-minkstimas-280g\\\/#webpage\",\"url\":\"https:\\\/\\\/kornita.lt\\\/en\\\/shop\\\/akcijos\\\/coco-farm-bio-100-bio-kokoso-minkstimas-280g\\\/\",\"name\":\"Coco Farm BIO 100% BIO kokoso mink\\u0161timas 280g - kornita\",\"description\":\"Coco Farm BIO 100% BIO kokoso mink\\u0161timas 280g GALIOJIMO LAIKAS IKI 2025-03 Coco Farm kokoso mink\\u0161timas gaunamas i\\u0161 ekologinio \\u016bkininkavimo Filipin\\u0173 salyne \\u2013 \\u010dia, pasak specialist\\u0173, auga geriausi pasaulio kokosai. Ekologi\\u0161ki kokos\\u0173 put\\u0117siai gaminami sumalant \\u0161vie\\u017ei\\u0173, ekologi\\u0161k\\u0173, sertifikuot\\u0173 BIO kokos\\u0173 mink\\u0161tim\\u0105. Kokos\\u0173 kremas NIEKADA n\\u0117ra gaminamas malant kokoso dro\\u017eles, kurios buvo apdorotos \\u012fvairiais etapais termi\\u0161kai\",\"inLanguage\":\"en-US\",\"isPartOf\":{\"@id\":\"https:\\\/\\\/kornita.lt\\\/en\\\/#website\"},\"breadcrumb\":{\"@id\":\"https:\\\/\\\/kornita.lt\\\/en\\\/shop\\\/akcijos\\\/coco-farm-bio-100-bio-kokoso-minkstimas-280g\\\/#breadcrumblist\"},\"image\":{\"@type\":\"ImageObject\",\"url\":\"https:\\\/\\\/kornita.lt\\\/wp-content\\\/uploads\\\/2024\\\/02\\\/Coco-Farm-BIO-100-BIO-kokoso-minkstimas-280g.jpg\",\"@id\":\"https:\\\/\\\/kornita.lt\\\/en\\\/shop\\\/akcijos\\\/coco-farm-bio-100-bio-kokoso-minkstimas-280g\\\/#mainImage\",\"width\":1500,\"height\":1500},\"primaryImageOfPage\":{\"@id\":\"https:\\\/\\\/kornita.lt\\\/en\\\/shop\\\/akcijos\\\/coco-farm-bio-100-bio-kokoso-minkstimas-280g\\\/#mainImage\"},\"datePublished\":\"2024-03-08T13:34:31+00:00\",\"dateModified\":\"2025-05-19T08:52:08+00:00\"},{\"@type\":\"WebSite\",\"@id\":\"https:\\\/\\\/kornita.lt\\\/en\\\/#website\",\"url\":\"https:\\\/\\\/kornita.lt\\\/en\\\/\",\"name\":\"kornita\",\"inLanguage\":\"en-US\",\"publisher\":{\"@id\":\"https:\\\/\\\/kornita.lt\\\/en\\\/#organization\"}}]}\n\t\t<\/script>\n\t\t<!-- All in One SEO Pro -->\r\n\t\t<title>Coco Farm BIO 100% BIO kokoso mink\u0161timas 280g - kornita<\/title>\n\n","aioseo_head_json":{"title":"Coco Farm BIO 100% BIO kokoso mink\u0161timas 280g - kornita","description":"Coco Farm BIO 100% BIO kokoso mink\u0161timas 280g GALIOJIMO LAIKAS IKI 2025-03 Coco Farm kokoso mink\u0161timas gaunamas i\u0161 ekologinio \u016bkininkavimo Filipin\u0173 salyne \u2013 \u010dia, pasak specialist\u0173, auga geriausi pasaulio kokosai. Ekologi\u0161ki kokos\u0173 put\u0117siai gaminami sumalant \u0161vie\u017ei\u0173, ekologi\u0161k\u0173, sertifikuot\u0173 BIO kokos\u0173 mink\u0161tim\u0105. Kokos\u0173 kremas NIEKADA n\u0117ra gaminamas malant kokoso dro\u017eles, kurios buvo apdorotos \u012fvairiais etapais termi\u0161kai","canonical_url":"https:\/\/kornita.lt\/en\/shop\/akcijos\/coco-farm-bio-100-bio-kokoso-minkstimas-280g\/","robots":"max-image-preview:large","keywords":"","webmasterTools":{"miscellaneous":""},"schema":{"@context":"https:\/\/schema.org","@graph":[{"@type":"BreadcrumbList","@id":"https:\/\/kornita.lt\/en\/shop\/akcijos\/coco-farm-bio-100-bio-kokoso-minkstimas-280g\/#breadcrumblist","itemListElement":[{"@type":"ListItem","@id":"https:\/\/kornita.lt\/en\/#listItem","position":1,"name":"Home","item":"https:\/\/kornita.lt\/en\/","nextItem":{"@type":"ListItem","@id":"https:\/\/kornita.lt\/en\/shop-2\/#listItem","name":"Shop"}},{"@type":"ListItem","@id":"https:\/\/kornita.lt\/en\/shop-2\/#listItem","position":2,"name":"Shop","item":"https:\/\/kornita.lt\/en\/shop-2\/","nextItem":{"@type":"ListItem","@id":"https:\/\/kornita.lt\/en\/product-category\/akcijos\/#listItem","name":"AKCIJOS"},"previousItem":{"@type":"ListItem","@id":"https:\/\/kornita.lt\/en\/#listItem","name":"Home"}},{"@type":"ListItem","@id":"https:\/\/kornita.lt\/en\/product-category\/akcijos\/#listItem","position":3,"name":"AKCIJOS","item":"https:\/\/kornita.lt\/en\/product-category\/akcijos\/","nextItem":{"@type":"ListItem","@id":"https:\/\/kornita.lt\/en\/shop\/akcijos\/coco-farm-bio-100-bio-kokoso-minkstimas-280g\/#listItem","name":"Coco Farm BIO 100% BIO kokoso mink\u0161timas 280g"},"previousItem":{"@type":"ListItem","@id":"https:\/\/kornita.lt\/en\/shop-2\/#listItem","name":"Shop"}},{"@type":"ListItem","@id":"https:\/\/kornita.lt\/en\/shop\/akcijos\/coco-farm-bio-100-bio-kokoso-minkstimas-280g\/#listItem","position":4,"name":"Coco Farm BIO 100% BIO kokoso mink\u0161timas 280g","previousItem":{"@type":"ListItem","@id":"https:\/\/kornita.lt\/en\/product-category\/akcijos\/#listItem","name":"AKCIJOS"}}]},{"@type":"Organization","@id":"https:\/\/kornita.lt\/en\/#organization","name":"kornita","url":"https:\/\/kornita.lt\/en\/","telephone":"+37068581463","logo":{"@type":"ImageObject","url":"http:\/\/kornita.webfactory.lt\/wp-content\/uploads\/2023\/04\/korni-el-prekyba.png","@id":"https:\/\/kornita.lt\/en\/shop\/akcijos\/coco-farm-bio-100-bio-kokoso-minkstimas-280g\/#organizationLogo"},"image":{"@id":"https:\/\/kornita.lt\/en\/shop\/akcijos\/coco-farm-bio-100-bio-kokoso-minkstimas-280g\/#organizationLogo"},"sameAs":["https:\/\/www.facebook.com\/kornita.lt"]},{"@type":"Product","@id":"https:\/\/kornita.lt\/en\/shop\/akcijos\/coco-farm-bio-100-bio-kokoso-minkstimas-280g\/#wooCommerceProduct","name":"Coco Farm BIO 100% BIO kokoso mink\u0161timas 280g","url":"https:\/\/kornita.lt\/en\/shop\/akcijos\/coco-farm-bio-100-bio-kokoso-minkstimas-280g\/","sku":"5903111899561","image":{"@type":"ImageObject","url":"https:\/\/kornita.lt\/wp-content\/uploads\/2024\/02\/Coco-Farm-BIO-100-BIO-kokoso-minkstimas-280g.jpg","@id":"https:\/\/kornita.lt\/en\/shop\/akcijos\/coco-farm-bio-100-bio-kokoso-minkstimas-280g\/#productImage","width":1500,"height":1500},"offers":{"@type":"Offer","url":"https:\/\/kornita.lt\/en\/shop\/akcijos\/coco-farm-bio-100-bio-kokoso-minkstimas-280g\/#wooCommerceOffer","price":2.32,"priceCurrency":"EUR","category":"AKCIJOS","availability":"https:\/\/schema.org\/OutOfStock","priceSpecification":{"@type":"PriceSpecification","price":2.32,"priceCurrency":"EUR","valueAddedTaxIncluded":"true"},"seller":{"@type":"Organization","@id":"https:\/\/kornita.lt\/en\/#organization"}}},{"@type":"WebPage","@id":"https:\/\/kornita.lt\/en\/shop\/akcijos\/coco-farm-bio-100-bio-kokoso-minkstimas-280g\/#webpage","url":"https:\/\/kornita.lt\/en\/shop\/akcijos\/coco-farm-bio-100-bio-kokoso-minkstimas-280g\/","name":"Coco Farm BIO 100% BIO kokoso mink\u0161timas 280g - kornita","description":"Coco Farm BIO 100% BIO kokoso mink\u0161timas 280g GALIOJIMO LAIKAS IKI 2025-03 Coco Farm kokoso mink\u0161timas gaunamas i\u0161 ekologinio \u016bkininkavimo Filipin\u0173 salyne \u2013 \u010dia, pasak specialist\u0173, auga geriausi pasaulio kokosai. Ekologi\u0161ki kokos\u0173 put\u0117siai gaminami sumalant \u0161vie\u017ei\u0173, ekologi\u0161k\u0173, sertifikuot\u0173 BIO kokos\u0173 mink\u0161tim\u0105. Kokos\u0173 kremas NIEKADA n\u0117ra gaminamas malant kokoso dro\u017eles, kurios buvo apdorotos \u012fvairiais etapais termi\u0161kai","inLanguage":"en-US","isPartOf":{"@id":"https:\/\/kornita.lt\/en\/#website"},"breadcrumb":{"@id":"https:\/\/kornita.lt\/en\/shop\/akcijos\/coco-farm-bio-100-bio-kokoso-minkstimas-280g\/#breadcrumblist"},"image":{"@type":"ImageObject","url":"https:\/\/kornita.lt\/wp-content\/uploads\/2024\/02\/Coco-Farm-BIO-100-BIO-kokoso-minkstimas-280g.jpg","@id":"https:\/\/kornita.lt\/en\/shop\/akcijos\/coco-farm-bio-100-bio-kokoso-minkstimas-280g\/#mainImage","width":1500,"height":1500},"primaryImageOfPage":{"@id":"https:\/\/kornita.lt\/en\/shop\/akcijos\/coco-farm-bio-100-bio-kokoso-minkstimas-280g\/#mainImage"},"datePublished":"2024-03-08T13:34:31+00:00","dateModified":"2025-05-19T08:52:08+00:00"},{"@type":"WebSite","@id":"https:\/\/kornita.lt\/en\/#website","url":"https:\/\/kornita.lt\/en\/","name":"kornita","inLanguage":"en-US","publisher":{"@id":"https:\/\/kornita.lt\/en\/#organization"}}]},"og:locale":"en_US","og:site_name":"kornita -","og:type":"article","og:title":"Coco Farm BIO 100% BIO kokoso mink\u0161timas 280g - kornita","og:description":"Coco Farm BIO 100% BIO kokoso mink\u0161timas 280g GALIOJIMO LAIKAS IKI 2025-03 Coco Farm kokoso mink\u0161timas gaunamas i\u0161 ekologinio \u016bkininkavimo Filipin\u0173 salyne \u2013 \u010dia, pasak specialist\u0173, auga geriausi pasaulio kokosai. Ekologi\u0161ki kokos\u0173 put\u0117siai gaminami sumalant \u0161vie\u017ei\u0173, ekologi\u0161k\u0173, sertifikuot\u0173 BIO kokos\u0173 mink\u0161tim\u0105. Kokos\u0173 kremas NIEKADA n\u0117ra gaminamas malant kokoso dro\u017eles, kurios buvo apdorotos \u012fvairiais etapais termi\u0161kai","og:url":"https:\/\/kornita.lt\/en\/shop\/akcijos\/coco-farm-bio-100-bio-kokoso-minkstimas-280g\/","og:image":"https:\/\/kornita.webfactory.lt\/wp-content\/uploads\/2023\/04\/korni-el-prekyba.png","og:image:secure_url":"https:\/\/kornita.webfactory.lt\/wp-content\/uploads\/2023\/04\/korni-el-prekyba.png","article:published_time":"2024-03-08T13:34:31+00:00","article:modified_time":"2025-05-19T08:52:08+00:00","article:publisher":"https:\/\/www.facebook.com\/kornita.lt","twitter:card":"summary_large_image","twitter:title":"Coco Farm BIO 100% BIO kokoso mink\u0161timas 280g - kornita","twitter:description":"Coco Farm BIO 100% BIO kokoso mink\u0161timas 280g GALIOJIMO LAIKAS IKI 2025-03 Coco Farm kokoso mink\u0161timas gaunamas i\u0161 ekologinio \u016bkininkavimo Filipin\u0173 salyne \u2013 \u010dia, pasak specialist\u0173, auga geriausi pasaulio kokosai. Ekologi\u0161ki kokos\u0173 put\u0117siai gaminami sumalant \u0161vie\u017ei\u0173, ekologi\u0161k\u0173, sertifikuot\u0173 BIO kokos\u0173 mink\u0161tim\u0105. Kokos\u0173 kremas NIEKADA n\u0117ra gaminamas malant kokoso dro\u017eles, kurios buvo apdorotos \u012fvairiais etapais termi\u0161kai","twitter:image":"http:\/\/kornita.webfactory.lt\/wp-content\/uploads\/2023\/04\/korni-el-prekyba.png"},"aioseo_meta_data":{"post_id":"22987","title":null,"description":null,"keywords":null,"keyphrases":{"focus":{"keyphrase":"","score":0,"analysis":{"keyphraseInTitle":{"score":0,"maxScore":9,"error":1}}},"additional":[]},"primary_term":null,"canonical_url":null,"og_title":null,"og_description":null,"og_object_type":"default","og_image_type":"default","og_image_url":null,"og_image_width":null,"og_image_height":null,"og_image_custom_url":null,"og_image_custom_fields":null,"og_video":"","og_custom_url":null,"og_article_section":null,"og_article_tags":null,"twitter_use_og":false,"twitter_card":"default","twitter_image_type":"default","twitter_image_url":null,"twitter_image_custom_url":null,"twitter_image_custom_fields":null,"twitter_title":null,"twitter_description":null,"schema":{"blockGraphs":[],"customGraphs":[],"default":{"data":{"Article":[],"Course":[],"Dataset":[],"FAQPage":[],"Movie":[],"Person":[],"Product":[],"ProductReview":[],"Car":[],"Recipe":[],"Service":[],"SoftwareApplication":[],"WebPage":[]},"graphName":"ItemPage","isEnabled":true},"graphs":[]},"schema_type":"default","schema_type_options":null,"pillar_content":false,"robots_default":true,"robots_noindex":false,"robots_noarchive":false,"robots_nosnippet":false,"robots_nofollow":false,"robots_noimageindex":false,"robots_noodp":false,"robots_notranslate":false,"robots_max_snippet":"-1","robots_max_videopreview":"-1","robots_max_imagepreview":"large","priority":null,"frequency":"default","local_seo":null,"seo_analyzer_scan_date":"2025-10-09 00:05:15","breadcrumb_settings":null,"limit_modified_date":false,"open_ai":"{\"title\":{\"suggestions\":[],\"usage\":0},\"description\":{\"suggestions\":[],\"usage\":0}}","ai":null,"created":"2024-02-22 13:03:35","updated":"2025-11-26 23:36:06"},"aioseo_breadcrumb":"<div class=\"aioseo-breadcrumbs\"><span class=\"aioseo-breadcrumb\">\n\t<a href=\"https:\/\/kornita.lt\/en\/\" title=\"Home\">Home<\/a>\n<\/span><span class=\"aioseo-breadcrumb-separator\">&raquo;<\/span><span class=\"aioseo-breadcrumb\">\n\t<a href=\"https:\/\/kornita.lt\/en\/shop-2\/\" title=\"Shop\">Shop<\/a>\n<\/span><span class=\"aioseo-breadcrumb-separator\">&raquo;<\/span><span class=\"aioseo-breadcrumb\">\n\t<a href=\"https:\/\/kornita.lt\/en\/product-category\/akcijos\/\" title=\"AKCIJOS\">AKCIJOS<\/a>\n<\/span><span class=\"aioseo-breadcrumb-separator\">&raquo;<\/span><span class=\"aioseo-breadcrumb\">\n\tCoco Farm BIO 100% BIO kokoso mink\u0161timas 280g\n<\/span><\/div>","aioseo_breadcrumb_json":[{"label":"Home","link":"https:\/\/kornita.lt\/en\/"},{"label":"Shop","link":"https:\/\/kornita.lt\/en\/shop-2\/"},{"label":"AKCIJOS","link":"https:\/\/kornita.lt\/en\/product-category\/akcijos\/"},{"label":"Coco Farm BIO 100% BIO kokoso mink\u0161timas 280g","link":"https:\/\/kornita.lt\/en\/shop\/akcijos\/coco-farm-bio-100-bio-kokoso-minkstimas-280g\/"}],"_links":{"self":[{"href":"https:\/\/kornita.lt\/en\/wp-json\/wp\/v2\/product\/22987","targetHints":{"allow":["GET"]}}],"collection":[{"href":"https:\/\/kornita.lt\/en\/wp-json\/wp\/v2\/product"}],"about":[{"href":"https:\/\/kornita.lt\/en\/wp-json\/wp\/v2\/types\/product"}],"replies":[{"embeddable":true,"href":"https:\/\/kornita.lt\/en\/wp-json\/wp\/v2\/comments?post=22987"}],"version-history":[{"count":3,"href":"https:\/\/kornita.lt\/en\/wp-json\/wp\/v2\/product\/22987\/revisions"}],"predecessor-version":[{"id":24601,"href":"https:\/\/kornita.lt\/en\/wp-json\/wp\/v2\/product\/22987\/revisions\/24601"}],"wp:featuredmedia":[{"embeddable":true,"href":"https:\/\/kornita.lt\/en\/wp-json\/wp\/v2\/media\/22991"}],"wp:attachment":[{"href":"https:\/\/kornita.lt\/en\/wp-json\/wp\/v2\/media?parent=22987"}],"wp:term":[{"taxonomy":"product_brand","embeddable":true,"href":"https:\/\/kornita.lt\/en\/wp-json\/wp\/v2\/product_brand?post=22987"},{"taxonomy":"product_cat","embeddable":true,"href":"https:\/\/kornita.lt\/en\/wp-json\/wp\/v2\/product_cat?post=22987"},{"taxonomy":"product_tag","embeddable":true,"href":"https:\/\/kornita.lt\/en\/wp-json\/wp\/v2\/product_tag?post=22987"}],"curies":[{"name":"wp","href":"https:\/\/api.w.org\/{rel}","templated":true}]}}