{"id":22986,"date":"2024-03-08T13:34:31","date_gmt":"2024-03-08T13:34:31","guid":{"rendered":"https:\/\/kornita.lt\/?post_type=product&#038;p=22986"},"modified":"2025-07-16T06:47:14","modified_gmt":"2025-07-16T06:47:14","slug":"coco-farm-kokosu-aliejus-100-grynas-260-ml-240-g","status":"publish","type":"product","link":"https:\/\/kornita.lt\/en\/shop\/aliejai\/coco-farm-kokosu-aliejus-100-grynas-260-ml-240-g\/","title":{"rendered":"Coco Farm &#8211; kokos\u0173 aliejus 100 % grynas 260 ml (240 g)"},"content":{"rendered":"<h2>Coco Farm &#8211; kokos\u0173 aliejus 100 % grynas 260 ml (240 g)<\/h2>\n<p>100% grynas kokos\u0173 aliejus, \u0161velniai rafinuotas be chemikal\u0173, bekvapis.<br \/>\nCoco Farm bekvapis kokos\u0173 aliejus spaud\u017eiamas i\u0161 \u0161velniai saul\u0117je d\u017eiovinto kokoso mink\u0161timo. Tai seniausias ir tradici\u0161kiausias d\u017eiovinimo b\u016bdas, i\u0161saugantis turting\u0105 \u0161vie\u017eio kokoso maistin\u0119 vert\u0119. I\u0161d\u017eiovintas kokosas NIEKADA nenaudojamas 100 % gryno aliejaus gamybai, nes tai jau perdirbta \u017ealiava. Gamyklos, kuriose spaud\u017eiami filipinie\u010di\u0173 aliejai, yra \u0161alia plantacij\u0173, tod\u0117l transportavimo metu \u017ealiav\u0173 tvirtinti nereikia. Coco Farm kokos\u0173 aliejus spaud\u017eiamas i\u0161 \u0161iek tiek d\u017eiovintos mink\u0161timo ir patenka \u012f mechaninius presus, kur po spaudimo teka per diatomit\u0105, kad pa\u0161alint\u0173 kokoso pluo\u0161to liku\u010dius. Norint gauti bekvap\u012f kokos\u0173 aliej\u0173, sauso garo procese nusodinamas papildomas skonis ir kvapas. Tokiu b\u016bdu gauname fizi\u0161kai rafinuot\u0105 kokos\u0173 aliej\u0173, t.y. rafinuot\u0105 nenaudojant chemini\u0173 ekstrahavim\u0105 stiprinan\u010di\u0173 med\u017eiag\u0173. Mes gauname nat\u016bral\u0173 mechani\u0161kai spaust\u0105 aliej\u0173, kuriame yra nuostabi\u0173 kokos\u0173 savybi\u0173, toki\u0173 kaip MCT r\u016bg\u0161tys ir lauro r\u016bg\u0161tis.<\/p>\n","protected":false},"excerpt":{"rendered":"<p>Coco Farm &#8211; kokos\u0173 aliejus 100 % grynas 260 ml (240 g) 100% grynas kokos\u0173 aliejus, \u0161velniai rafinuotas be chemikal\u0173,<\/p>\n","protected":false},"featured_media":22988,"comment_status":"open","ping_status":"closed","template":"","meta":[],"product_brand":[],"product_cat":[216],"product_tag":[],"class_list":{"0":"post-22986","1":"product","2":"type-product","3":"status-publish","4":"has-post-thumbnail","6":"product_cat-aliejai","7":"product_shipping_class-pristatymas","9":"first","10":"outofstock","11":"taxable","12":"shipping-taxable","13":"purchasable","14":"product-type-simple"},"aioseo_notices":[],"aioseo_head":"\n\t\t<!-- All in One SEO Pro 4.9.5.2 - aioseo.com -->\n\t<meta name=\"description\" content=\"Coco Farm - kokos\u0173 aliejus 100 % grynas 260 ml (240 g) 100% grynas kokos\u0173 aliejus, \u0161velniai rafinuotas be chemikal\u0173, bekvapis. Coco Farm bekvapis kokos\u0173 aliejus spaud\u017eiamas i\u0161 \u0161velniai saul\u0117je d\u017eiovinto kokoso mink\u0161timo. Tai seniausias ir tradici\u0161kiausias d\u017eiovinimo b\u016bdas, i\u0161saugantis turting\u0105 \u0161vie\u017eio kokoso maistin\u0119 vert\u0119. I\u0161d\u017eiovintas kokosas NIEKADA nenaudojamas 100 % gryno aliejaus gamybai, nes\" \/>\n\t<meta name=\"robots\" content=\"max-image-preview:large\" \/>\n\t<link rel=\"canonical\" href=\"https:\/\/kornita.lt\/en\/shop\/aliejai\/coco-farm-kokosu-aliejus-100-grynas-260-ml-240-g\/\" \/>\n\t<meta name=\"generator\" content=\"All in One SEO Pro (AIOSEO) 4.9.5.2\" \/>\n\t\t<meta property=\"og:locale\" content=\"en_US\" \/>\n\t\t<meta property=\"og:site_name\" content=\"kornita -\" \/>\n\t\t<meta property=\"og:type\" content=\"article\" \/>\n\t\t<meta property=\"og:title\" content=\"Coco Farm \u2013 kokos\u0173 aliejus 100 % grynas 260 ml (240 g) - kornita\" \/>\n\t\t<meta property=\"og:description\" content=\"Coco Farm - kokos\u0173 aliejus 100 % grynas 260 ml (240 g) 100% grynas kokos\u0173 aliejus, \u0161velniai rafinuotas be chemikal\u0173, bekvapis. Coco Farm bekvapis kokos\u0173 aliejus spaud\u017eiamas i\u0161 \u0161velniai saul\u0117je d\u017eiovinto kokoso mink\u0161timo. Tai seniausias ir tradici\u0161kiausias d\u017eiovinimo b\u016bdas, i\u0161saugantis turting\u0105 \u0161vie\u017eio kokoso maistin\u0119 vert\u0119. I\u0161d\u017eiovintas kokosas NIEKADA nenaudojamas 100 % gryno aliejaus gamybai, nes\" \/>\n\t\t<meta property=\"og:url\" content=\"https:\/\/kornita.lt\/en\/shop\/aliejai\/coco-farm-kokosu-aliejus-100-grynas-260-ml-240-g\/\" \/>\n\t\t<meta property=\"og:image\" content=\"https:\/\/kornita.webfactory.lt\/wp-content\/uploads\/2023\/04\/korni-el-prekyba.png\" \/>\n\t\t<meta property=\"og:image:secure_url\" content=\"https:\/\/kornita.webfactory.lt\/wp-content\/uploads\/2023\/04\/korni-el-prekyba.png\" \/>\n\t\t<meta property=\"article:published_time\" content=\"2024-03-08T13:34:31+00:00\" \/>\n\t\t<meta property=\"article:modified_time\" content=\"2025-07-16T06:47:14+00:00\" \/>\n\t\t<meta property=\"article:publisher\" content=\"https:\/\/www.facebook.com\/kornita.lt\" \/>\n\t\t<meta name=\"twitter:card\" content=\"summary_large_image\" \/>\n\t\t<meta name=\"twitter:title\" content=\"Coco Farm \u2013 kokos\u0173 aliejus 100 % grynas 260 ml (240 g) - kornita\" \/>\n\t\t<meta name=\"twitter:description\" content=\"Coco Farm - kokos\u0173 aliejus 100 % grynas 260 ml (240 g) 100% grynas kokos\u0173 aliejus, \u0161velniai rafinuotas be chemikal\u0173, bekvapis. Coco Farm bekvapis kokos\u0173 aliejus spaud\u017eiamas i\u0161 \u0161velniai saul\u0117je d\u017eiovinto kokoso mink\u0161timo. Tai seniausias ir tradici\u0161kiausias d\u017eiovinimo b\u016bdas, i\u0161saugantis turting\u0105 \u0161vie\u017eio kokoso maistin\u0119 vert\u0119. I\u0161d\u017eiovintas kokosas NIEKADA nenaudojamas 100 % gryno aliejaus gamybai, nes\" \/>\n\t\t<meta name=\"twitter:image\" content=\"http:\/\/kornita.webfactory.lt\/wp-content\/uploads\/2023\/04\/korni-el-prekyba.png\" \/>\n\t\t<script type=\"application\/ld+json\" class=\"aioseo-schema\">\n\t\t\t{\"@context\":\"https:\\\/\\\/schema.org\",\"@graph\":[{\"@type\":\"BreadcrumbList\",\"@id\":\"https:\\\/\\\/kornita.lt\\\/en\\\/shop\\\/aliejai\\\/coco-farm-kokosu-aliejus-100-grynas-260-ml-240-g\\\/#breadcrumblist\",\"itemListElement\":[{\"@type\":\"ListItem\",\"@id\":\"https:\\\/\\\/kornita.lt\\\/en\\\/#listItem\",\"position\":1,\"name\":\"Home\",\"item\":\"https:\\\/\\\/kornita.lt\\\/en\\\/\",\"nextItem\":{\"@type\":\"ListItem\",\"@id\":\"https:\\\/\\\/kornita.lt\\\/en\\\/shop-2\\\/#listItem\",\"name\":\"Shop\"}},{\"@type\":\"ListItem\",\"@id\":\"https:\\\/\\\/kornita.lt\\\/en\\\/shop-2\\\/#listItem\",\"position\":2,\"name\":\"Shop\",\"item\":\"https:\\\/\\\/kornita.lt\\\/en\\\/shop-2\\\/\",\"nextItem\":{\"@type\":\"ListItem\",\"@id\":\"https:\\\/\\\/kornita.lt\\\/en\\\/product-category\\\/aliejai\\\/#listItem\",\"name\":\"Aliejai\"},\"previousItem\":{\"@type\":\"ListItem\",\"@id\":\"https:\\\/\\\/kornita.lt\\\/en\\\/#listItem\",\"name\":\"Home\"}},{\"@type\":\"ListItem\",\"@id\":\"https:\\\/\\\/kornita.lt\\\/en\\\/product-category\\\/aliejai\\\/#listItem\",\"position\":3,\"name\":\"Aliejai\",\"item\":\"https:\\\/\\\/kornita.lt\\\/en\\\/product-category\\\/aliejai\\\/\",\"nextItem\":{\"@type\":\"ListItem\",\"@id\":\"https:\\\/\\\/kornita.lt\\\/en\\\/shop\\\/aliejai\\\/coco-farm-kokosu-aliejus-100-grynas-260-ml-240-g\\\/#listItem\",\"name\":\"Coco Farm &#8211; kokos\\u0173 aliejus 100 % grynas 260 ml (240 g)\"},\"previousItem\":{\"@type\":\"ListItem\",\"@id\":\"https:\\\/\\\/kornita.lt\\\/en\\\/shop-2\\\/#listItem\",\"name\":\"Shop\"}},{\"@type\":\"ListItem\",\"@id\":\"https:\\\/\\\/kornita.lt\\\/en\\\/shop\\\/aliejai\\\/coco-farm-kokosu-aliejus-100-grynas-260-ml-240-g\\\/#listItem\",\"position\":4,\"name\":\"Coco Farm &#8211; kokos\\u0173 aliejus 100 % grynas 260 ml (240 g)\",\"previousItem\":{\"@type\":\"ListItem\",\"@id\":\"https:\\\/\\\/kornita.lt\\\/en\\\/product-category\\\/aliejai\\\/#listItem\",\"name\":\"Aliejai\"}}]},{\"@type\":\"Organization\",\"@id\":\"https:\\\/\\\/kornita.lt\\\/en\\\/#organization\",\"name\":\"kornita\",\"url\":\"https:\\\/\\\/kornita.lt\\\/en\\\/\",\"telephone\":\"+37068581463\",\"logo\":{\"@type\":\"ImageObject\",\"url\":\"http:\\\/\\\/kornita.webfactory.lt\\\/wp-content\\\/uploads\\\/2023\\\/04\\\/korni-el-prekyba.png\",\"@id\":\"https:\\\/\\\/kornita.lt\\\/en\\\/shop\\\/aliejai\\\/coco-farm-kokosu-aliejus-100-grynas-260-ml-240-g\\\/#organizationLogo\"},\"image\":{\"@id\":\"https:\\\/\\\/kornita.lt\\\/en\\\/shop\\\/aliejai\\\/coco-farm-kokosu-aliejus-100-grynas-260-ml-240-g\\\/#organizationLogo\"},\"sameAs\":[\"https:\\\/\\\/www.facebook.com\\\/kornita.lt\"]},{\"@type\":\"Product\",\"@id\":\"https:\\\/\\\/kornita.lt\\\/en\\\/shop\\\/aliejai\\\/coco-farm-kokosu-aliejus-100-grynas-260-ml-240-g\\\/#wooCommerceProduct\",\"name\":\"Coco Farm - kokos\\u0173 aliejus 100 % grynas 260 ml (240 g)\",\"url\":\"https:\\\/\\\/kornita.lt\\\/en\\\/shop\\\/aliejai\\\/coco-farm-kokosu-aliejus-100-grynas-260-ml-240-g\\\/\",\"sku\":\"5903111899219\",\"image\":{\"@type\":\"ImageObject\",\"url\":\"https:\\\/\\\/kornita.lt\\\/wp-content\\\/uploads\\\/2024\\\/02\\\/Coco-Farm-kokosu-aliejus-100-grynas-260-ml-240-g.jpg\",\"@id\":\"https:\\\/\\\/kornita.lt\\\/en\\\/shop\\\/aliejai\\\/coco-farm-kokosu-aliejus-100-grynas-260-ml-240-g\\\/#productImage\",\"width\":1500,\"height\":1500},\"offers\":{\"@type\":\"Offer\",\"url\":\"https:\\\/\\\/kornita.lt\\\/en\\\/shop\\\/aliejai\\\/coco-farm-kokosu-aliejus-100-grynas-260-ml-240-g\\\/#wooCommerceOffer\",\"price\":4.46,\"priceCurrency\":\"EUR\",\"category\":\"Aliejai\",\"availability\":\"https:\\\/\\\/schema.org\\\/OutOfStock\",\"priceSpecification\":{\"@type\":\"PriceSpecification\",\"price\":4.46,\"priceCurrency\":\"EUR\",\"valueAddedTaxIncluded\":\"true\"},\"seller\":{\"@type\":\"Organization\",\"@id\":\"https:\\\/\\\/kornita.lt\\\/en\\\/#organization\"}}},{\"@type\":\"WebPage\",\"@id\":\"https:\\\/\\\/kornita.lt\\\/en\\\/shop\\\/aliejai\\\/coco-farm-kokosu-aliejus-100-grynas-260-ml-240-g\\\/#webpage\",\"url\":\"https:\\\/\\\/kornita.lt\\\/en\\\/shop\\\/aliejai\\\/coco-farm-kokosu-aliejus-100-grynas-260-ml-240-g\\\/\",\"name\":\"Coco Farm \\u2013 kokos\\u0173 aliejus 100 % grynas 260 ml (240 g) - kornita\",\"description\":\"Coco Farm - kokos\\u0173 aliejus 100 % grynas 260 ml (240 g) 100% grynas kokos\\u0173 aliejus, \\u0161velniai rafinuotas be chemikal\\u0173, bekvapis. Coco Farm bekvapis kokos\\u0173 aliejus spaud\\u017eiamas i\\u0161 \\u0161velniai saul\\u0117je d\\u017eiovinto kokoso mink\\u0161timo. Tai seniausias ir tradici\\u0161kiausias d\\u017eiovinimo b\\u016bdas, i\\u0161saugantis turting\\u0105 \\u0161vie\\u017eio kokoso maistin\\u0119 vert\\u0119. I\\u0161d\\u017eiovintas kokosas NIEKADA nenaudojamas 100 % gryno aliejaus gamybai, nes\",\"inLanguage\":\"en-US\",\"isPartOf\":{\"@id\":\"https:\\\/\\\/kornita.lt\\\/en\\\/#website\"},\"breadcrumb\":{\"@id\":\"https:\\\/\\\/kornita.lt\\\/en\\\/shop\\\/aliejai\\\/coco-farm-kokosu-aliejus-100-grynas-260-ml-240-g\\\/#breadcrumblist\"},\"image\":{\"@type\":\"ImageObject\",\"url\":\"https:\\\/\\\/kornita.lt\\\/wp-content\\\/uploads\\\/2024\\\/02\\\/Coco-Farm-kokosu-aliejus-100-grynas-260-ml-240-g.jpg\",\"@id\":\"https:\\\/\\\/kornita.lt\\\/en\\\/shop\\\/aliejai\\\/coco-farm-kokosu-aliejus-100-grynas-260-ml-240-g\\\/#mainImage\",\"width\":1500,\"height\":1500},\"primaryImageOfPage\":{\"@id\":\"https:\\\/\\\/kornita.lt\\\/en\\\/shop\\\/aliejai\\\/coco-farm-kokosu-aliejus-100-grynas-260-ml-240-g\\\/#mainImage\"},\"datePublished\":\"2024-03-08T13:34:31+00:00\",\"dateModified\":\"2025-07-16T06:47:14+00:00\"},{\"@type\":\"WebSite\",\"@id\":\"https:\\\/\\\/kornita.lt\\\/en\\\/#website\",\"url\":\"https:\\\/\\\/kornita.lt\\\/en\\\/\",\"name\":\"kornita\",\"inLanguage\":\"en-US\",\"publisher\":{\"@id\":\"https:\\\/\\\/kornita.lt\\\/en\\\/#organization\"}}]}\n\t\t<\/script>\n\t\t<!-- All in One SEO Pro -->\r\n\t\t<title>Coco Farm \u2013 kokos\u0173 aliejus 100 % grynas 260 ml (240 g) - kornita<\/title>\n\n","aioseo_head_json":{"title":"Coco Farm \u2013 kokos\u0173 aliejus 100 % grynas 260 ml (240 g) - kornita","description":"Coco Farm - kokos\u0173 aliejus 100 % grynas 260 ml (240 g) 100% grynas kokos\u0173 aliejus, \u0161velniai rafinuotas be chemikal\u0173, bekvapis. Coco Farm bekvapis kokos\u0173 aliejus spaud\u017eiamas i\u0161 \u0161velniai saul\u0117je d\u017eiovinto kokoso mink\u0161timo. Tai seniausias ir tradici\u0161kiausias d\u017eiovinimo b\u016bdas, i\u0161saugantis turting\u0105 \u0161vie\u017eio kokoso maistin\u0119 vert\u0119. I\u0161d\u017eiovintas kokosas NIEKADA nenaudojamas 100 % gryno aliejaus gamybai, nes","canonical_url":"https:\/\/kornita.lt\/en\/shop\/aliejai\/coco-farm-kokosu-aliejus-100-grynas-260-ml-240-g\/","robots":"max-image-preview:large","keywords":"","webmasterTools":{"miscellaneous":""},"schema":{"@context":"https:\/\/schema.org","@graph":[{"@type":"BreadcrumbList","@id":"https:\/\/kornita.lt\/en\/shop\/aliejai\/coco-farm-kokosu-aliejus-100-grynas-260-ml-240-g\/#breadcrumblist","itemListElement":[{"@type":"ListItem","@id":"https:\/\/kornita.lt\/en\/#listItem","position":1,"name":"Home","item":"https:\/\/kornita.lt\/en\/","nextItem":{"@type":"ListItem","@id":"https:\/\/kornita.lt\/en\/shop-2\/#listItem","name":"Shop"}},{"@type":"ListItem","@id":"https:\/\/kornita.lt\/en\/shop-2\/#listItem","position":2,"name":"Shop","item":"https:\/\/kornita.lt\/en\/shop-2\/","nextItem":{"@type":"ListItem","@id":"https:\/\/kornita.lt\/en\/product-category\/aliejai\/#listItem","name":"Aliejai"},"previousItem":{"@type":"ListItem","@id":"https:\/\/kornita.lt\/en\/#listItem","name":"Home"}},{"@type":"ListItem","@id":"https:\/\/kornita.lt\/en\/product-category\/aliejai\/#listItem","position":3,"name":"Aliejai","item":"https:\/\/kornita.lt\/en\/product-category\/aliejai\/","nextItem":{"@type":"ListItem","@id":"https:\/\/kornita.lt\/en\/shop\/aliejai\/coco-farm-kokosu-aliejus-100-grynas-260-ml-240-g\/#listItem","name":"Coco Farm &#8211; kokos\u0173 aliejus 100 % grynas 260 ml (240 g)"},"previousItem":{"@type":"ListItem","@id":"https:\/\/kornita.lt\/en\/shop-2\/#listItem","name":"Shop"}},{"@type":"ListItem","@id":"https:\/\/kornita.lt\/en\/shop\/aliejai\/coco-farm-kokosu-aliejus-100-grynas-260-ml-240-g\/#listItem","position":4,"name":"Coco Farm &#8211; kokos\u0173 aliejus 100 % grynas 260 ml (240 g)","previousItem":{"@type":"ListItem","@id":"https:\/\/kornita.lt\/en\/product-category\/aliejai\/#listItem","name":"Aliejai"}}]},{"@type":"Organization","@id":"https:\/\/kornita.lt\/en\/#organization","name":"kornita","url":"https:\/\/kornita.lt\/en\/","telephone":"+37068581463","logo":{"@type":"ImageObject","url":"http:\/\/kornita.webfactory.lt\/wp-content\/uploads\/2023\/04\/korni-el-prekyba.png","@id":"https:\/\/kornita.lt\/en\/shop\/aliejai\/coco-farm-kokosu-aliejus-100-grynas-260-ml-240-g\/#organizationLogo"},"image":{"@id":"https:\/\/kornita.lt\/en\/shop\/aliejai\/coco-farm-kokosu-aliejus-100-grynas-260-ml-240-g\/#organizationLogo"},"sameAs":["https:\/\/www.facebook.com\/kornita.lt"]},{"@type":"Product","@id":"https:\/\/kornita.lt\/en\/shop\/aliejai\/coco-farm-kokosu-aliejus-100-grynas-260-ml-240-g\/#wooCommerceProduct","name":"Coco Farm - kokos\u0173 aliejus 100 % grynas 260 ml (240 g)","url":"https:\/\/kornita.lt\/en\/shop\/aliejai\/coco-farm-kokosu-aliejus-100-grynas-260-ml-240-g\/","sku":"5903111899219","image":{"@type":"ImageObject","url":"https:\/\/kornita.lt\/wp-content\/uploads\/2024\/02\/Coco-Farm-kokosu-aliejus-100-grynas-260-ml-240-g.jpg","@id":"https:\/\/kornita.lt\/en\/shop\/aliejai\/coco-farm-kokosu-aliejus-100-grynas-260-ml-240-g\/#productImage","width":1500,"height":1500},"offers":{"@type":"Offer","url":"https:\/\/kornita.lt\/en\/shop\/aliejai\/coco-farm-kokosu-aliejus-100-grynas-260-ml-240-g\/#wooCommerceOffer","price":4.46,"priceCurrency":"EUR","category":"Aliejai","availability":"https:\/\/schema.org\/OutOfStock","priceSpecification":{"@type":"PriceSpecification","price":4.46,"priceCurrency":"EUR","valueAddedTaxIncluded":"true"},"seller":{"@type":"Organization","@id":"https:\/\/kornita.lt\/en\/#organization"}}},{"@type":"WebPage","@id":"https:\/\/kornita.lt\/en\/shop\/aliejai\/coco-farm-kokosu-aliejus-100-grynas-260-ml-240-g\/#webpage","url":"https:\/\/kornita.lt\/en\/shop\/aliejai\/coco-farm-kokosu-aliejus-100-grynas-260-ml-240-g\/","name":"Coco Farm \u2013 kokos\u0173 aliejus 100 % grynas 260 ml (240 g) - kornita","description":"Coco Farm - kokos\u0173 aliejus 100 % grynas 260 ml (240 g) 100% grynas kokos\u0173 aliejus, \u0161velniai rafinuotas be chemikal\u0173, bekvapis. Coco Farm bekvapis kokos\u0173 aliejus spaud\u017eiamas i\u0161 \u0161velniai saul\u0117je d\u017eiovinto kokoso mink\u0161timo. Tai seniausias ir tradici\u0161kiausias d\u017eiovinimo b\u016bdas, i\u0161saugantis turting\u0105 \u0161vie\u017eio kokoso maistin\u0119 vert\u0119. I\u0161d\u017eiovintas kokosas NIEKADA nenaudojamas 100 % gryno aliejaus gamybai, nes","inLanguage":"en-US","isPartOf":{"@id":"https:\/\/kornita.lt\/en\/#website"},"breadcrumb":{"@id":"https:\/\/kornita.lt\/en\/shop\/aliejai\/coco-farm-kokosu-aliejus-100-grynas-260-ml-240-g\/#breadcrumblist"},"image":{"@type":"ImageObject","url":"https:\/\/kornita.lt\/wp-content\/uploads\/2024\/02\/Coco-Farm-kokosu-aliejus-100-grynas-260-ml-240-g.jpg","@id":"https:\/\/kornita.lt\/en\/shop\/aliejai\/coco-farm-kokosu-aliejus-100-grynas-260-ml-240-g\/#mainImage","width":1500,"height":1500},"primaryImageOfPage":{"@id":"https:\/\/kornita.lt\/en\/shop\/aliejai\/coco-farm-kokosu-aliejus-100-grynas-260-ml-240-g\/#mainImage"},"datePublished":"2024-03-08T13:34:31+00:00","dateModified":"2025-07-16T06:47:14+00:00"},{"@type":"WebSite","@id":"https:\/\/kornita.lt\/en\/#website","url":"https:\/\/kornita.lt\/en\/","name":"kornita","inLanguage":"en-US","publisher":{"@id":"https:\/\/kornita.lt\/en\/#organization"}}]},"og:locale":"en_US","og:site_name":"kornita -","og:type":"article","og:title":"Coco Farm \u2013 kokos\u0173 aliejus 100 % grynas 260 ml (240 g) - kornita","og:description":"Coco Farm - kokos\u0173 aliejus 100 % grynas 260 ml (240 g) 100% grynas kokos\u0173 aliejus, \u0161velniai rafinuotas be chemikal\u0173, bekvapis. Coco Farm bekvapis kokos\u0173 aliejus spaud\u017eiamas i\u0161 \u0161velniai saul\u0117je d\u017eiovinto kokoso mink\u0161timo. Tai seniausias ir tradici\u0161kiausias d\u017eiovinimo b\u016bdas, i\u0161saugantis turting\u0105 \u0161vie\u017eio kokoso maistin\u0119 vert\u0119. I\u0161d\u017eiovintas kokosas NIEKADA nenaudojamas 100 % gryno aliejaus gamybai, nes","og:url":"https:\/\/kornita.lt\/en\/shop\/aliejai\/coco-farm-kokosu-aliejus-100-grynas-260-ml-240-g\/","og:image":"https:\/\/kornita.webfactory.lt\/wp-content\/uploads\/2023\/04\/korni-el-prekyba.png","og:image:secure_url":"https:\/\/kornita.webfactory.lt\/wp-content\/uploads\/2023\/04\/korni-el-prekyba.png","article:published_time":"2024-03-08T13:34:31+00:00","article:modified_time":"2025-07-16T06:47:14+00:00","article:publisher":"https:\/\/www.facebook.com\/kornita.lt","twitter:card":"summary_large_image","twitter:title":"Coco Farm \u2013 kokos\u0173 aliejus 100 % grynas 260 ml (240 g) - kornita","twitter:description":"Coco Farm - kokos\u0173 aliejus 100 % grynas 260 ml (240 g) 100% grynas kokos\u0173 aliejus, \u0161velniai rafinuotas be chemikal\u0173, bekvapis. Coco Farm bekvapis kokos\u0173 aliejus spaud\u017eiamas i\u0161 \u0161velniai saul\u0117je d\u017eiovinto kokoso mink\u0161timo. Tai seniausias ir tradici\u0161kiausias d\u017eiovinimo b\u016bdas, i\u0161saugantis turting\u0105 \u0161vie\u017eio kokoso maistin\u0119 vert\u0119. I\u0161d\u017eiovintas kokosas NIEKADA nenaudojamas 100 % gryno aliejaus gamybai, nes","twitter:image":"http:\/\/kornita.webfactory.lt\/wp-content\/uploads\/2023\/04\/korni-el-prekyba.png"},"aioseo_meta_data":{"post_id":"22986","title":null,"description":null,"keywords":null,"keyphrases":{"focus":{"keyphrase":"","score":0,"analysis":{"keyphraseInTitle":{"score":0,"maxScore":9,"error":1}}},"additional":[]},"primary_term":null,"canonical_url":null,"og_title":null,"og_description":null,"og_object_type":"default","og_image_type":"default","og_image_url":null,"og_image_width":null,"og_image_height":null,"og_image_custom_url":null,"og_image_custom_fields":null,"og_video":"","og_custom_url":null,"og_article_section":null,"og_article_tags":null,"twitter_use_og":false,"twitter_card":"default","twitter_image_type":"default","twitter_image_url":null,"twitter_image_custom_url":null,"twitter_image_custom_fields":null,"twitter_title":null,"twitter_description":null,"schema":{"blockGraphs":[],"customGraphs":[],"default":{"data":{"Article":[],"Course":[],"Dataset":[],"FAQPage":[],"Movie":[],"Person":[],"Product":[],"ProductReview":[],"Car":[],"Recipe":[],"Service":[],"SoftwareApplication":[],"WebPage":[]},"graphName":"ItemPage","isEnabled":true},"graphs":[]},"schema_type":"default","schema_type_options":null,"pillar_content":false,"robots_default":true,"robots_noindex":false,"robots_noarchive":false,"robots_nosnippet":false,"robots_nofollow":false,"robots_noimageindex":false,"robots_noodp":false,"robots_notranslate":false,"robots_max_snippet":"-1","robots_max_videopreview":"-1","robots_max_imagepreview":"large","priority":null,"frequency":"default","local_seo":null,"seo_analyzer_scan_date":"2025-10-09 00:01:34","breadcrumb_settings":null,"limit_modified_date":false,"open_ai":"{\"title\":{\"suggestions\":[],\"usage\":0},\"description\":{\"suggestions\":[],\"usage\":0}}","ai":null,"created":"2024-02-22 13:00:02","updated":"2025-10-21 23:35:35"},"aioseo_breadcrumb":"<div class=\"aioseo-breadcrumbs\"><span class=\"aioseo-breadcrumb\">\n\t<a href=\"https:\/\/kornita.lt\/en\/\" title=\"Home\">Home<\/a>\n<\/span><span class=\"aioseo-breadcrumb-separator\">&raquo;<\/span><span class=\"aioseo-breadcrumb\">\n\t<a href=\"https:\/\/kornita.lt\/en\/shop-2\/\" title=\"Shop\">Shop<\/a>\n<\/span><span class=\"aioseo-breadcrumb-separator\">&raquo;<\/span><span class=\"aioseo-breadcrumb\">\n\t<a href=\"https:\/\/kornita.lt\/en\/product-category\/aliejai\/\" title=\"Aliejai\">Aliejai<\/a>\n<\/span><span class=\"aioseo-breadcrumb-separator\">&raquo;<\/span><span class=\"aioseo-breadcrumb\">\n\tCoco Farm \u2013 kokos\u0173 aliejus 100 % grynas 260 ml (240 g)\n<\/span><\/div>","aioseo_breadcrumb_json":[{"label":"Home","link":"https:\/\/kornita.lt\/en\/"},{"label":"Shop","link":"https:\/\/kornita.lt\/en\/shop-2\/"},{"label":"Aliejai","link":"https:\/\/kornita.lt\/en\/product-category\/aliejai\/"},{"label":"Coco Farm &#8211; kokos\u0173 aliejus 100 % grynas 260 ml (240 g)","link":"https:\/\/kornita.lt\/en\/shop\/aliejai\/coco-farm-kokosu-aliejus-100-grynas-260-ml-240-g\/"}],"_links":{"self":[{"href":"https:\/\/kornita.lt\/en\/wp-json\/wp\/v2\/product\/22986","targetHints":{"allow":["GET"]}}],"collection":[{"href":"https:\/\/kornita.lt\/en\/wp-json\/wp\/v2\/product"}],"about":[{"href":"https:\/\/kornita.lt\/en\/wp-json\/wp\/v2\/types\/product"}],"replies":[{"embeddable":true,"href":"https:\/\/kornita.lt\/en\/wp-json\/wp\/v2\/comments?post=22986"}],"version-history":[{"count":1,"href":"https:\/\/kornita.lt\/en\/wp-json\/wp\/v2\/product\/22986\/revisions"}],"predecessor-version":[{"id":25090,"href":"https:\/\/kornita.lt\/en\/wp-json\/wp\/v2\/product\/22986\/revisions\/25090"}],"wp:featuredmedia":[{"embeddable":true,"href":"https:\/\/kornita.lt\/en\/wp-json\/wp\/v2\/media\/22988"}],"wp:attachment":[{"href":"https:\/\/kornita.lt\/en\/wp-json\/wp\/v2\/media?parent=22986"}],"wp:term":[{"taxonomy":"product_brand","embeddable":true,"href":"https:\/\/kornita.lt\/en\/wp-json\/wp\/v2\/product_brand?post=22986"},{"taxonomy":"product_cat","embeddable":true,"href":"https:\/\/kornita.lt\/en\/wp-json\/wp\/v2\/product_cat?post=22986"},{"taxonomy":"product_tag","embeddable":true,"href":"https:\/\/kornita.lt\/en\/wp-json\/wp\/v2\/product_tag?post=22986"}],"curies":[{"name":"wp","href":"https:\/\/api.w.org\/{rel}","templated":true}]}}