{"id":22982,"date":"2024-03-08T13:34:31","date_gmt":"2024-03-08T13:34:31","guid":{"rendered":"https:\/\/kornita.lt\/?post_type=product&#038;p=22982"},"modified":"2025-09-08T11:31:54","modified_gmt":"2025-09-08T11:31:54","slug":"coco-farm-bio-kokosu-aliejus-100-organic-pure-260ml-240g","status":"publish","type":"product","link":"https:\/\/kornita.lt\/en\/shop\/aliejai\/coco-farm-bio-kokosu-aliejus-100-organic-pure-260ml-240g\/","title":{"rendered":"Coco Farm BIO &#8211; kokos\u0173 aliejus 100% Organic Pure 260ml (240g)"},"content":{"rendered":"<h2>Coco Farm BIO &#8211; kokos\u0173 aliejus 100% Organic Pure 260ml (240g)<\/h2>\n<p>Ekologi\u0161kas Pure Bio kokos\u0173 aliejus i\u0161 Filipin\u0173, ekologi\u0161kai sertifikuotas, \u0161alto spaudimo, \u0161velniai rafinuotas be chemikal\u0173, bekvapis.<br \/>\nEkologi\u0161kas kokos\u0173 aliejus, bekvapis, \u0161velniai rafinuotas nenaudojant chemikal\u0173, idealiai tinka kepti. Coco Farm aliejus gaunamas i\u0161 \u0161vie\u017ei\u0173, ekologi\u0161k\u0173 kokos\u0173. Tiksliau, i\u0161 neapdorotos kokoso mas\u0117s, apdorotos per 24 val. nuo i\u0161siskyrimo.<br \/>\nJis NIEKADA n\u0117ra pagamintas i\u0161 d\u017eiovintos mink\u0161timo arba kokoso dro\u017eli\u0173, t. y. \u017ealiav\u0173, kurios buvo termi\u0161kai ir (arba) cheminiu b\u016bdu apdorotos keliais etapais. Tai svarbu, nes ne Filipinuose spaud\u017eiami aliejai da\u017enai gaminami i\u0161 dro\u017eli\u0173, kurios gaminamos ne tik i\u0161 d\u017eiovintos \u017ealiavos, bet ir konservuojamos su siera.<br \/>\n\u0160iek tiek i\u0161d\u017eiovinta mink\u0161timas presuojamas perdirbimo \u012fmon\u0117se, esan\u010diose \u0161alia kokos\u0173 ferm\u0173. D\u0117l u\u017edar\u0173 viet\u0173, transportavimo metu nereikia tvirtinti \u017ealiavos. Tai, kas yra unikalu vis\u0173 rafinuot\u0173 aliej\u0173 at\u017evilgiu, kaip ir gryno aliejaus atveju, yra \u0161alto spaudimo. Presavimo procesas vyksta tradiciniuose presuose ir steriliomis s\u0105lygomis. Taip gautas aliejus fizi\u0161kai rafinuojamas. Coco Farm aliejus filtruojamas per diatomit\u0105 ir apdorojamas sausais garais. \u0160iais procesais siekiama pa\u0161alinti kokoso kvap\u0105 ir skon\u012f, kad b\u016bt\u0173 gautas bekvapis kokos\u0173 aliejus. \u201eCoco Farm\u201c kokos\u0173 aliejus, skirtingai nei dauguma rafinuot\u0173 aliej\u0173, netaikomas tolesniems rafinavimo etapams, ypa\u010d cheminiam. Tai rei\u0161kia, kad jokiame Coco Farm aliejaus gamybos etape n\u0117ra joki\u0173 chemini\u0173 med\u017eiag\u0173. D\u0117l \u0161ios prie\u017easties nat\u016bralus kokoso turtingumas i\u0161saugomas maksimaliai.<\/p>\n","protected":false},"excerpt":{"rendered":"<p>Coco Farm BIO &#8211; kokos\u0173 aliejus 100% Organic Pure 260ml (240g) Ekologi\u0161kas Pure Bio kokos\u0173 aliejus i\u0161 Filipin\u0173, ekologi\u0161kai sertifikuotas,<\/p>\n","protected":false},"featured_media":22983,"comment_status":"open","ping_status":"closed","template":"","meta":[],"product_brand":[],"product_cat":[216],"product_tag":[],"class_list":{"0":"post-22982","1":"product","2":"type-product","3":"status-publish","4":"has-post-thumbnail","6":"product_cat-aliejai","7":"product_shipping_class-pristatymas","9":"first","10":"outofstock","11":"taxable","12":"shipping-taxable","13":"purchasable","14":"product-type-simple"},"aioseo_notices":[],"aioseo_head":"\n\t\t<!-- All in One SEO Pro 4.9.5.2 - aioseo.com -->\n\t<meta name=\"description\" content=\"Coco Farm BIO - kokos\u0173 aliejus 100% Organic Pure 260ml (240g) Ekologi\u0161kas Pure Bio kokos\u0173 aliejus i\u0161 Filipin\u0173, ekologi\u0161kai sertifikuotas, \u0161alto spaudimo, \u0161velniai rafinuotas be chemikal\u0173, bekvapis. Ekologi\u0161kas kokos\u0173 aliejus, bekvapis, \u0161velniai rafinuotas nenaudojant chemikal\u0173, idealiai tinka kepti. Coco Farm aliejus gaunamas i\u0161 \u0161vie\u017ei\u0173, ekologi\u0161k\u0173 kokos\u0173. Tiksliau, i\u0161 neapdorotos kokoso mas\u0117s, apdorotos per 24 val.\" \/>\n\t<meta name=\"robots\" content=\"max-image-preview:large\" \/>\n\t<link rel=\"canonical\" href=\"https:\/\/kornita.lt\/en\/shop\/aliejai\/coco-farm-bio-kokosu-aliejus-100-organic-pure-260ml-240g\/\" \/>\n\t<meta name=\"generator\" content=\"All in One SEO Pro (AIOSEO) 4.9.5.2\" \/>\n\t\t<meta property=\"og:locale\" content=\"en_US\" \/>\n\t\t<meta property=\"og:site_name\" content=\"kornita -\" \/>\n\t\t<meta property=\"og:type\" content=\"article\" \/>\n\t\t<meta property=\"og:title\" content=\"Coco Farm BIO \u2013 kokos\u0173 aliejus 100% Organic Pure 260ml (240g) - kornita\" \/>\n\t\t<meta property=\"og:description\" content=\"Coco Farm BIO - kokos\u0173 aliejus 100% Organic Pure 260ml (240g) Ekologi\u0161kas Pure Bio kokos\u0173 aliejus i\u0161 Filipin\u0173, ekologi\u0161kai sertifikuotas, \u0161alto spaudimo, \u0161velniai rafinuotas be chemikal\u0173, bekvapis. Ekologi\u0161kas kokos\u0173 aliejus, bekvapis, \u0161velniai rafinuotas nenaudojant chemikal\u0173, idealiai tinka kepti. Coco Farm aliejus gaunamas i\u0161 \u0161vie\u017ei\u0173, ekologi\u0161k\u0173 kokos\u0173. Tiksliau, i\u0161 neapdorotos kokoso mas\u0117s, apdorotos per 24 val.\" \/>\n\t\t<meta property=\"og:url\" content=\"https:\/\/kornita.lt\/en\/shop\/aliejai\/coco-farm-bio-kokosu-aliejus-100-organic-pure-260ml-240g\/\" \/>\n\t\t<meta property=\"og:image\" content=\"https:\/\/kornita.webfactory.lt\/wp-content\/uploads\/2023\/04\/korni-el-prekyba.png\" \/>\n\t\t<meta property=\"og:image:secure_url\" content=\"https:\/\/kornita.webfactory.lt\/wp-content\/uploads\/2023\/04\/korni-el-prekyba.png\" \/>\n\t\t<meta property=\"article:published_time\" content=\"2024-03-08T13:34:31+00:00\" \/>\n\t\t<meta property=\"article:modified_time\" content=\"2025-09-08T11:31:54+00:00\" \/>\n\t\t<meta property=\"article:publisher\" content=\"https:\/\/www.facebook.com\/kornita.lt\" \/>\n\t\t<meta name=\"twitter:card\" content=\"summary_large_image\" \/>\n\t\t<meta name=\"twitter:title\" content=\"Coco Farm BIO \u2013 kokos\u0173 aliejus 100% Organic Pure 260ml (240g) - kornita\" \/>\n\t\t<meta name=\"twitter:description\" content=\"Coco Farm BIO - kokos\u0173 aliejus 100% Organic Pure 260ml (240g) Ekologi\u0161kas Pure Bio kokos\u0173 aliejus i\u0161 Filipin\u0173, ekologi\u0161kai sertifikuotas, \u0161alto spaudimo, \u0161velniai rafinuotas be chemikal\u0173, bekvapis. Ekologi\u0161kas kokos\u0173 aliejus, bekvapis, \u0161velniai rafinuotas nenaudojant chemikal\u0173, idealiai tinka kepti. Coco Farm aliejus gaunamas i\u0161 \u0161vie\u017ei\u0173, ekologi\u0161k\u0173 kokos\u0173. Tiksliau, i\u0161 neapdorotos kokoso mas\u0117s, apdorotos per 24 val.\" \/>\n\t\t<meta name=\"twitter:image\" content=\"http:\/\/kornita.webfactory.lt\/wp-content\/uploads\/2023\/04\/korni-el-prekyba.png\" \/>\n\t\t<script type=\"application\/ld+json\" class=\"aioseo-schema\">\n\t\t\t{\"@context\":\"https:\\\/\\\/schema.org\",\"@graph\":[{\"@type\":\"BreadcrumbList\",\"@id\":\"https:\\\/\\\/kornita.lt\\\/en\\\/shop\\\/aliejai\\\/coco-farm-bio-kokosu-aliejus-100-organic-pure-260ml-240g\\\/#breadcrumblist\",\"itemListElement\":[{\"@type\":\"ListItem\",\"@id\":\"https:\\\/\\\/kornita.lt\\\/en\\\/#listItem\",\"position\":1,\"name\":\"Home\",\"item\":\"https:\\\/\\\/kornita.lt\\\/en\\\/\",\"nextItem\":{\"@type\":\"ListItem\",\"@id\":\"https:\\\/\\\/kornita.lt\\\/en\\\/shop-2\\\/#listItem\",\"name\":\"Shop\"}},{\"@type\":\"ListItem\",\"@id\":\"https:\\\/\\\/kornita.lt\\\/en\\\/shop-2\\\/#listItem\",\"position\":2,\"name\":\"Shop\",\"item\":\"https:\\\/\\\/kornita.lt\\\/en\\\/shop-2\\\/\",\"nextItem\":{\"@type\":\"ListItem\",\"@id\":\"https:\\\/\\\/kornita.lt\\\/en\\\/product-category\\\/aliejai\\\/#listItem\",\"name\":\"Aliejai\"},\"previousItem\":{\"@type\":\"ListItem\",\"@id\":\"https:\\\/\\\/kornita.lt\\\/en\\\/#listItem\",\"name\":\"Home\"}},{\"@type\":\"ListItem\",\"@id\":\"https:\\\/\\\/kornita.lt\\\/en\\\/product-category\\\/aliejai\\\/#listItem\",\"position\":3,\"name\":\"Aliejai\",\"item\":\"https:\\\/\\\/kornita.lt\\\/en\\\/product-category\\\/aliejai\\\/\",\"nextItem\":{\"@type\":\"ListItem\",\"@id\":\"https:\\\/\\\/kornita.lt\\\/en\\\/shop\\\/aliejai\\\/coco-farm-bio-kokosu-aliejus-100-organic-pure-260ml-240g\\\/#listItem\",\"name\":\"Coco Farm BIO &#8211; kokos\\u0173 aliejus 100% Organic Pure 260ml (240g)\"},\"previousItem\":{\"@type\":\"ListItem\",\"@id\":\"https:\\\/\\\/kornita.lt\\\/en\\\/shop-2\\\/#listItem\",\"name\":\"Shop\"}},{\"@type\":\"ListItem\",\"@id\":\"https:\\\/\\\/kornita.lt\\\/en\\\/shop\\\/aliejai\\\/coco-farm-bio-kokosu-aliejus-100-organic-pure-260ml-240g\\\/#listItem\",\"position\":4,\"name\":\"Coco Farm BIO &#8211; kokos\\u0173 aliejus 100% Organic Pure 260ml (240g)\",\"previousItem\":{\"@type\":\"ListItem\",\"@id\":\"https:\\\/\\\/kornita.lt\\\/en\\\/product-category\\\/aliejai\\\/#listItem\",\"name\":\"Aliejai\"}}]},{\"@type\":\"Organization\",\"@id\":\"https:\\\/\\\/kornita.lt\\\/en\\\/#organization\",\"name\":\"kornita\",\"url\":\"https:\\\/\\\/kornita.lt\\\/en\\\/\",\"telephone\":\"+37068581463\",\"logo\":{\"@type\":\"ImageObject\",\"url\":\"http:\\\/\\\/kornita.webfactory.lt\\\/wp-content\\\/uploads\\\/2023\\\/04\\\/korni-el-prekyba.png\",\"@id\":\"https:\\\/\\\/kornita.lt\\\/en\\\/shop\\\/aliejai\\\/coco-farm-bio-kokosu-aliejus-100-organic-pure-260ml-240g\\\/#organizationLogo\"},\"image\":{\"@id\":\"https:\\\/\\\/kornita.lt\\\/en\\\/shop\\\/aliejai\\\/coco-farm-bio-kokosu-aliejus-100-organic-pure-260ml-240g\\\/#organizationLogo\"},\"sameAs\":[\"https:\\\/\\\/www.facebook.com\\\/kornita.lt\"]},{\"@type\":\"Product\",\"@id\":\"https:\\\/\\\/kornita.lt\\\/en\\\/shop\\\/aliejai\\\/coco-farm-bio-kokosu-aliejus-100-organic-pure-260ml-240g\\\/#wooCommerceProduct\",\"name\":\"Coco Farm BIO - kokos\\u0173 aliejus 100% Organic Pure 260ml (240g)\",\"url\":\"https:\\\/\\\/kornita.lt\\\/en\\\/shop\\\/aliejai\\\/coco-farm-bio-kokosu-aliejus-100-organic-pure-260ml-240g\\\/\",\"sku\":\"5903111899363\",\"image\":{\"@type\":\"ImageObject\",\"url\":\"https:\\\/\\\/kornita.lt\\\/wp-content\\\/uploads\\\/2024\\\/02\\\/Coco-Farm-BIO-kokosu-aliejus-100-Organic-Pure-260ml-240g.jpg\",\"@id\":\"https:\\\/\\\/kornita.lt\\\/en\\\/shop\\\/aliejai\\\/coco-farm-bio-kokosu-aliejus-100-organic-pure-260ml-240g\\\/#productImage\",\"width\":1500,\"height\":1500},\"offers\":{\"@type\":\"Offer\",\"url\":\"https:\\\/\\\/kornita.lt\\\/en\\\/shop\\\/aliejai\\\/coco-farm-bio-kokosu-aliejus-100-organic-pure-260ml-240g\\\/#wooCommerceOffer\",\"price\":6.35,\"priceCurrency\":\"EUR\",\"category\":\"Aliejai\",\"availability\":\"https:\\\/\\\/schema.org\\\/OutOfStock\",\"priceSpecification\":{\"@type\":\"PriceSpecification\",\"price\":6.35,\"priceCurrency\":\"EUR\",\"valueAddedTaxIncluded\":\"true\"},\"seller\":{\"@type\":\"Organization\",\"@id\":\"https:\\\/\\\/kornita.lt\\\/en\\\/#organization\"}}},{\"@type\":\"WebPage\",\"@id\":\"https:\\\/\\\/kornita.lt\\\/en\\\/shop\\\/aliejai\\\/coco-farm-bio-kokosu-aliejus-100-organic-pure-260ml-240g\\\/#webpage\",\"url\":\"https:\\\/\\\/kornita.lt\\\/en\\\/shop\\\/aliejai\\\/coco-farm-bio-kokosu-aliejus-100-organic-pure-260ml-240g\\\/\",\"name\":\"Coco Farm BIO \\u2013 kokos\\u0173 aliejus 100% Organic Pure 260ml (240g) - kornita\",\"description\":\"Coco Farm BIO - kokos\\u0173 aliejus 100% Organic Pure 260ml (240g) Ekologi\\u0161kas Pure Bio kokos\\u0173 aliejus i\\u0161 Filipin\\u0173, ekologi\\u0161kai sertifikuotas, \\u0161alto spaudimo, \\u0161velniai rafinuotas be chemikal\\u0173, bekvapis. Ekologi\\u0161kas kokos\\u0173 aliejus, bekvapis, \\u0161velniai rafinuotas nenaudojant chemikal\\u0173, idealiai tinka kepti. Coco Farm aliejus gaunamas i\\u0161 \\u0161vie\\u017ei\\u0173, ekologi\\u0161k\\u0173 kokos\\u0173. Tiksliau, i\\u0161 neapdorotos kokoso mas\\u0117s, apdorotos per 24 val.\",\"inLanguage\":\"en-US\",\"isPartOf\":{\"@id\":\"https:\\\/\\\/kornita.lt\\\/en\\\/#website\"},\"breadcrumb\":{\"@id\":\"https:\\\/\\\/kornita.lt\\\/en\\\/shop\\\/aliejai\\\/coco-farm-bio-kokosu-aliejus-100-organic-pure-260ml-240g\\\/#breadcrumblist\"},\"image\":{\"@type\":\"ImageObject\",\"url\":\"https:\\\/\\\/kornita.lt\\\/wp-content\\\/uploads\\\/2024\\\/02\\\/Coco-Farm-BIO-kokosu-aliejus-100-Organic-Pure-260ml-240g.jpg\",\"@id\":\"https:\\\/\\\/kornita.lt\\\/en\\\/shop\\\/aliejai\\\/coco-farm-bio-kokosu-aliejus-100-organic-pure-260ml-240g\\\/#mainImage\",\"width\":1500,\"height\":1500},\"primaryImageOfPage\":{\"@id\":\"https:\\\/\\\/kornita.lt\\\/en\\\/shop\\\/aliejai\\\/coco-farm-bio-kokosu-aliejus-100-organic-pure-260ml-240g\\\/#mainImage\"},\"datePublished\":\"2024-03-08T13:34:31+00:00\",\"dateModified\":\"2025-09-08T11:31:54+00:00\"},{\"@type\":\"WebSite\",\"@id\":\"https:\\\/\\\/kornita.lt\\\/en\\\/#website\",\"url\":\"https:\\\/\\\/kornita.lt\\\/en\\\/\",\"name\":\"kornita\",\"inLanguage\":\"en-US\",\"publisher\":{\"@id\":\"https:\\\/\\\/kornita.lt\\\/en\\\/#organization\"}}]}\n\t\t<\/script>\n\t\t<!-- All in One SEO Pro -->\r\n\t\t<title>Coco Farm BIO \u2013 kokos\u0173 aliejus 100% Organic Pure 260ml (240g) - kornita<\/title>\n\n","aioseo_head_json":{"title":"Coco Farm BIO \u2013 kokos\u0173 aliejus 100% Organic Pure 260ml (240g) - kornita","description":"Coco Farm BIO - kokos\u0173 aliejus 100% Organic Pure 260ml (240g) Ekologi\u0161kas Pure Bio kokos\u0173 aliejus i\u0161 Filipin\u0173, ekologi\u0161kai sertifikuotas, \u0161alto spaudimo, \u0161velniai rafinuotas be chemikal\u0173, bekvapis. Ekologi\u0161kas kokos\u0173 aliejus, bekvapis, \u0161velniai rafinuotas nenaudojant chemikal\u0173, idealiai tinka kepti. Coco Farm aliejus gaunamas i\u0161 \u0161vie\u017ei\u0173, ekologi\u0161k\u0173 kokos\u0173. Tiksliau, i\u0161 neapdorotos kokoso mas\u0117s, apdorotos per 24 val.","canonical_url":"https:\/\/kornita.lt\/en\/shop\/aliejai\/coco-farm-bio-kokosu-aliejus-100-organic-pure-260ml-240g\/","robots":"max-image-preview:large","keywords":"","webmasterTools":{"miscellaneous":""},"schema":{"@context":"https:\/\/schema.org","@graph":[{"@type":"BreadcrumbList","@id":"https:\/\/kornita.lt\/en\/shop\/aliejai\/coco-farm-bio-kokosu-aliejus-100-organic-pure-260ml-240g\/#breadcrumblist","itemListElement":[{"@type":"ListItem","@id":"https:\/\/kornita.lt\/en\/#listItem","position":1,"name":"Home","item":"https:\/\/kornita.lt\/en\/","nextItem":{"@type":"ListItem","@id":"https:\/\/kornita.lt\/en\/shop-2\/#listItem","name":"Shop"}},{"@type":"ListItem","@id":"https:\/\/kornita.lt\/en\/shop-2\/#listItem","position":2,"name":"Shop","item":"https:\/\/kornita.lt\/en\/shop-2\/","nextItem":{"@type":"ListItem","@id":"https:\/\/kornita.lt\/en\/product-category\/aliejai\/#listItem","name":"Aliejai"},"previousItem":{"@type":"ListItem","@id":"https:\/\/kornita.lt\/en\/#listItem","name":"Home"}},{"@type":"ListItem","@id":"https:\/\/kornita.lt\/en\/product-category\/aliejai\/#listItem","position":3,"name":"Aliejai","item":"https:\/\/kornita.lt\/en\/product-category\/aliejai\/","nextItem":{"@type":"ListItem","@id":"https:\/\/kornita.lt\/en\/shop\/aliejai\/coco-farm-bio-kokosu-aliejus-100-organic-pure-260ml-240g\/#listItem","name":"Coco Farm BIO &#8211; kokos\u0173 aliejus 100% Organic Pure 260ml (240g)"},"previousItem":{"@type":"ListItem","@id":"https:\/\/kornita.lt\/en\/shop-2\/#listItem","name":"Shop"}},{"@type":"ListItem","@id":"https:\/\/kornita.lt\/en\/shop\/aliejai\/coco-farm-bio-kokosu-aliejus-100-organic-pure-260ml-240g\/#listItem","position":4,"name":"Coco Farm BIO &#8211; kokos\u0173 aliejus 100% Organic Pure 260ml (240g)","previousItem":{"@type":"ListItem","@id":"https:\/\/kornita.lt\/en\/product-category\/aliejai\/#listItem","name":"Aliejai"}}]},{"@type":"Organization","@id":"https:\/\/kornita.lt\/en\/#organization","name":"kornita","url":"https:\/\/kornita.lt\/en\/","telephone":"+37068581463","logo":{"@type":"ImageObject","url":"http:\/\/kornita.webfactory.lt\/wp-content\/uploads\/2023\/04\/korni-el-prekyba.png","@id":"https:\/\/kornita.lt\/en\/shop\/aliejai\/coco-farm-bio-kokosu-aliejus-100-organic-pure-260ml-240g\/#organizationLogo"},"image":{"@id":"https:\/\/kornita.lt\/en\/shop\/aliejai\/coco-farm-bio-kokosu-aliejus-100-organic-pure-260ml-240g\/#organizationLogo"},"sameAs":["https:\/\/www.facebook.com\/kornita.lt"]},{"@type":"Product","@id":"https:\/\/kornita.lt\/en\/shop\/aliejai\/coco-farm-bio-kokosu-aliejus-100-organic-pure-260ml-240g\/#wooCommerceProduct","name":"Coco Farm BIO - kokos\u0173 aliejus 100% Organic Pure 260ml (240g)","url":"https:\/\/kornita.lt\/en\/shop\/aliejai\/coco-farm-bio-kokosu-aliejus-100-organic-pure-260ml-240g\/","sku":"5903111899363","image":{"@type":"ImageObject","url":"https:\/\/kornita.lt\/wp-content\/uploads\/2024\/02\/Coco-Farm-BIO-kokosu-aliejus-100-Organic-Pure-260ml-240g.jpg","@id":"https:\/\/kornita.lt\/en\/shop\/aliejai\/coco-farm-bio-kokosu-aliejus-100-organic-pure-260ml-240g\/#productImage","width":1500,"height":1500},"offers":{"@type":"Offer","url":"https:\/\/kornita.lt\/en\/shop\/aliejai\/coco-farm-bio-kokosu-aliejus-100-organic-pure-260ml-240g\/#wooCommerceOffer","price":6.35,"priceCurrency":"EUR","category":"Aliejai","availability":"https:\/\/schema.org\/OutOfStock","priceSpecification":{"@type":"PriceSpecification","price":6.35,"priceCurrency":"EUR","valueAddedTaxIncluded":"true"},"seller":{"@type":"Organization","@id":"https:\/\/kornita.lt\/en\/#organization"}}},{"@type":"WebPage","@id":"https:\/\/kornita.lt\/en\/shop\/aliejai\/coco-farm-bio-kokosu-aliejus-100-organic-pure-260ml-240g\/#webpage","url":"https:\/\/kornita.lt\/en\/shop\/aliejai\/coco-farm-bio-kokosu-aliejus-100-organic-pure-260ml-240g\/","name":"Coco Farm BIO \u2013 kokos\u0173 aliejus 100% Organic Pure 260ml (240g) - kornita","description":"Coco Farm BIO - kokos\u0173 aliejus 100% Organic Pure 260ml (240g) Ekologi\u0161kas Pure Bio kokos\u0173 aliejus i\u0161 Filipin\u0173, ekologi\u0161kai sertifikuotas, \u0161alto spaudimo, \u0161velniai rafinuotas be chemikal\u0173, bekvapis. Ekologi\u0161kas kokos\u0173 aliejus, bekvapis, \u0161velniai rafinuotas nenaudojant chemikal\u0173, idealiai tinka kepti. Coco Farm aliejus gaunamas i\u0161 \u0161vie\u017ei\u0173, ekologi\u0161k\u0173 kokos\u0173. Tiksliau, i\u0161 neapdorotos kokoso mas\u0117s, apdorotos per 24 val.","inLanguage":"en-US","isPartOf":{"@id":"https:\/\/kornita.lt\/en\/#website"},"breadcrumb":{"@id":"https:\/\/kornita.lt\/en\/shop\/aliejai\/coco-farm-bio-kokosu-aliejus-100-organic-pure-260ml-240g\/#breadcrumblist"},"image":{"@type":"ImageObject","url":"https:\/\/kornita.lt\/wp-content\/uploads\/2024\/02\/Coco-Farm-BIO-kokosu-aliejus-100-Organic-Pure-260ml-240g.jpg","@id":"https:\/\/kornita.lt\/en\/shop\/aliejai\/coco-farm-bio-kokosu-aliejus-100-organic-pure-260ml-240g\/#mainImage","width":1500,"height":1500},"primaryImageOfPage":{"@id":"https:\/\/kornita.lt\/en\/shop\/aliejai\/coco-farm-bio-kokosu-aliejus-100-organic-pure-260ml-240g\/#mainImage"},"datePublished":"2024-03-08T13:34:31+00:00","dateModified":"2025-09-08T11:31:54+00:00"},{"@type":"WebSite","@id":"https:\/\/kornita.lt\/en\/#website","url":"https:\/\/kornita.lt\/en\/","name":"kornita","inLanguage":"en-US","publisher":{"@id":"https:\/\/kornita.lt\/en\/#organization"}}]},"og:locale":"en_US","og:site_name":"kornita -","og:type":"article","og:title":"Coco Farm BIO \u2013 kokos\u0173 aliejus 100% Organic Pure 260ml (240g) - kornita","og:description":"Coco Farm BIO - kokos\u0173 aliejus 100% Organic Pure 260ml (240g) Ekologi\u0161kas Pure Bio kokos\u0173 aliejus i\u0161 Filipin\u0173, ekologi\u0161kai sertifikuotas, \u0161alto spaudimo, \u0161velniai rafinuotas be chemikal\u0173, bekvapis. Ekologi\u0161kas kokos\u0173 aliejus, bekvapis, \u0161velniai rafinuotas nenaudojant chemikal\u0173, idealiai tinka kepti. Coco Farm aliejus gaunamas i\u0161 \u0161vie\u017ei\u0173, ekologi\u0161k\u0173 kokos\u0173. Tiksliau, i\u0161 neapdorotos kokoso mas\u0117s, apdorotos per 24 val.","og:url":"https:\/\/kornita.lt\/en\/shop\/aliejai\/coco-farm-bio-kokosu-aliejus-100-organic-pure-260ml-240g\/","og:image":"https:\/\/kornita.webfactory.lt\/wp-content\/uploads\/2023\/04\/korni-el-prekyba.png","og:image:secure_url":"https:\/\/kornita.webfactory.lt\/wp-content\/uploads\/2023\/04\/korni-el-prekyba.png","article:published_time":"2024-03-08T13:34:31+00:00","article:modified_time":"2025-09-08T11:31:54+00:00","article:publisher":"https:\/\/www.facebook.com\/kornita.lt","twitter:card":"summary_large_image","twitter:title":"Coco Farm BIO \u2013 kokos\u0173 aliejus 100% Organic Pure 260ml (240g) - kornita","twitter:description":"Coco Farm BIO - kokos\u0173 aliejus 100% Organic Pure 260ml (240g) Ekologi\u0161kas Pure Bio kokos\u0173 aliejus i\u0161 Filipin\u0173, ekologi\u0161kai sertifikuotas, \u0161alto spaudimo, \u0161velniai rafinuotas be chemikal\u0173, bekvapis. Ekologi\u0161kas kokos\u0173 aliejus, bekvapis, \u0161velniai rafinuotas nenaudojant chemikal\u0173, idealiai tinka kepti. Coco Farm aliejus gaunamas i\u0161 \u0161vie\u017ei\u0173, ekologi\u0161k\u0173 kokos\u0173. Tiksliau, i\u0161 neapdorotos kokoso mas\u0117s, apdorotos per 24 val.","twitter:image":"http:\/\/kornita.webfactory.lt\/wp-content\/uploads\/2023\/04\/korni-el-prekyba.png"},"aioseo_meta_data":{"post_id":"22982","title":"#post_title #separator_sa #site_title","description":"#post_excerpt","keywords":[],"keyphrases":{"focus":{"keyphrase":"","score":0,"analysis":{"keyphraseInTitle":{"score":0,"maxScore":9,"error":1}}},"additional":[]},"primary_term":null,"canonical_url":null,"og_title":null,"og_description":null,"og_object_type":"default","og_image_type":"default","og_image_url":null,"og_image_width":null,"og_image_height":null,"og_image_custom_url":null,"og_image_custom_fields":null,"og_video":"","og_custom_url":null,"og_article_section":null,"og_article_tags":[],"twitter_use_og":false,"twitter_card":"default","twitter_image_type":"default","twitter_image_url":null,"twitter_image_custom_url":null,"twitter_image_custom_fields":null,"twitter_title":null,"twitter_description":null,"schema":{"blockGraphs":[],"customGraphs":[],"default":{"data":{"Article":[],"Course":[],"Dataset":[],"FAQPage":[],"Movie":[],"Person":[],"Product":[],"ProductReview":[],"Car":[],"Recipe":[],"Service":[],"SoftwareApplication":[],"WebPage":[]},"graphName":"ItemPage","isEnabled":true},"graphs":[]},"schema_type":"default","schema_type_options":null,"pillar_content":false,"robots_default":true,"robots_noindex":false,"robots_noarchive":false,"robots_nosnippet":false,"robots_nofollow":false,"robots_noimageindex":false,"robots_noodp":false,"robots_notranslate":false,"robots_max_snippet":"-1","robots_max_videopreview":"-1","robots_max_imagepreview":"large","priority":null,"frequency":"default","local_seo":null,"seo_analyzer_scan_date":"2025-10-09 00:01:32","breadcrumb_settings":null,"limit_modified_date":false,"open_ai":"{\"title\":{\"suggestions\":[],\"usage\":0},\"description\":{\"suggestions\":[],\"usage\":0}}","ai":null,"created":"2024-02-22 12:40:09","updated":"2025-10-21 23:35:35"},"aioseo_breadcrumb":"<div class=\"aioseo-breadcrumbs\"><span class=\"aioseo-breadcrumb\">\n\t<a href=\"https:\/\/kornita.lt\/en\/\" title=\"Home\">Home<\/a>\n<\/span><span class=\"aioseo-breadcrumb-separator\">&raquo;<\/span><span class=\"aioseo-breadcrumb\">\n\t<a href=\"https:\/\/kornita.lt\/en\/shop-2\/\" title=\"Shop\">Shop<\/a>\n<\/span><span class=\"aioseo-breadcrumb-separator\">&raquo;<\/span><span class=\"aioseo-breadcrumb\">\n\t<a href=\"https:\/\/kornita.lt\/en\/product-category\/aliejai\/\" title=\"Aliejai\">Aliejai<\/a>\n<\/span><span class=\"aioseo-breadcrumb-separator\">&raquo;<\/span><span class=\"aioseo-breadcrumb\">\n\tCoco Farm BIO \u2013 kokos\u0173 aliejus 100% Organic Pure 260ml (240g)\n<\/span><\/div>","aioseo_breadcrumb_json":[{"label":"Home","link":"https:\/\/kornita.lt\/en\/"},{"label":"Shop","link":"https:\/\/kornita.lt\/en\/shop-2\/"},{"label":"Aliejai","link":"https:\/\/kornita.lt\/en\/product-category\/aliejai\/"},{"label":"Coco Farm BIO &#8211; kokos\u0173 aliejus 100% Organic Pure 260ml (240g)","link":"https:\/\/kornita.lt\/en\/shop\/aliejai\/coco-farm-bio-kokosu-aliejus-100-organic-pure-260ml-240g\/"}],"_links":{"self":[{"href":"https:\/\/kornita.lt\/en\/wp-json\/wp\/v2\/product\/22982","targetHints":{"allow":["GET"]}}],"collection":[{"href":"https:\/\/kornita.lt\/en\/wp-json\/wp\/v2\/product"}],"about":[{"href":"https:\/\/kornita.lt\/en\/wp-json\/wp\/v2\/types\/product"}],"replies":[{"embeddable":true,"href":"https:\/\/kornita.lt\/en\/wp-json\/wp\/v2\/comments?post=22982"}],"version-history":[{"count":1,"href":"https:\/\/kornita.lt\/en\/wp-json\/wp\/v2\/product\/22982\/revisions"}],"predecessor-version":[{"id":25089,"href":"https:\/\/kornita.lt\/en\/wp-json\/wp\/v2\/product\/22982\/revisions\/25089"}],"wp:featuredmedia":[{"embeddable":true,"href":"https:\/\/kornita.lt\/en\/wp-json\/wp\/v2\/media\/22983"}],"wp:attachment":[{"href":"https:\/\/kornita.lt\/en\/wp-json\/wp\/v2\/media?parent=22982"}],"wp:term":[{"taxonomy":"product_brand","embeddable":true,"href":"https:\/\/kornita.lt\/en\/wp-json\/wp\/v2\/product_brand?post=22982"},{"taxonomy":"product_cat","embeddable":true,"href":"https:\/\/kornita.lt\/en\/wp-json\/wp\/v2\/product_cat?post=22982"},{"taxonomy":"product_tag","embeddable":true,"href":"https:\/\/kornita.lt\/en\/wp-json\/wp\/v2\/product_tag?post=22982"}],"curies":[{"name":"wp","href":"https:\/\/api.w.org\/{rel}","templated":true}]}}