{"id":22977,"date":"2024-03-08T13:34:33","date_gmt":"2024-03-08T13:34:33","guid":{"rendered":"https:\/\/kornita.lt\/?post_type=product&#038;p=22977"},"modified":"2025-05-19T08:52:08","modified_gmt":"2025-05-19T08:52:08","slug":"coco-farm-bio-kokosu-aliejus-100-organic-virgin-260-ml-240-g","status":"publish","type":"product","link":"https:\/\/kornita.lt\/en\/shop\/aliejai\/coco-farm-bio-kokosu-aliejus-100-organic-virgin-260-ml-240-g\/","title":{"rendered":"Kokos\u0173 aliejus 100% Organic Virgin 260 ml (240 g)"},"content":{"rendered":"<h2>Kokos\u0173 aliejus 100% Organic Virgin 260 ml (240 g)<\/h2>\n<p>Ekologi\u0161kas Virgin kokos\u0173 aliejus i\u0161 Filipin\u0173, ekologi\u0161kai sertifikuotas, nerafinuotas, pirmojo spaudimo, spaustas i\u0161 \u0161vie\u017eios kokoso mink\u0161timo.<br \/>\n100% ORGANIC VIRGIN grynas kokos\u0173 aliejus puikiai tinka kepti ir kepti, tiek saldus, tiek s\u016brus. Ketogenin\u0117je dietoje tai yra pagrindinis neper\u0161aunamos kavos ingredientas.<br \/>\nVerta atkreipti d\u0117mes\u012f \u012f tai, kad kokos\u0173 aliejus yra \u017ealias ir nerafinuotas, tod\u0117l juo ruo\u0161iami patiekalai \u012fgaus subtil\u0173 kokoso skon\u012f ir kvap\u0105. Kokos\u0173 aliejus nedega ir nei\u0161skiria kenksming\u0173 med\u017eiag\u0173. Neso\u010di\u0173j\u0173 r\u016bg\u0161\u010di\u0173 skilimo n\u0117ra (kaip nutinka daugelyje augalini\u0173 aliej\u0173). Kokos\u0173 aliejus turi auk\u0161t\u0105 d\u016bm\u0173 ta\u0161k\u0105, tod\u0117l galite juos kaitinti iki auk\u0161tos temperat\u016bros.<br \/>\nNat\u016bralus kokos\u0173 aliejus taip pat turi nepakei\u010diamas prie\u017ei\u016bros vertybes, j\u012f galite naudoti kaip plauk\u0173 aliej\u0173 ar k\u016bno balzam\u0105. 9 riebal\u0173 r\u016bg\u0161\u010di\u0173 derinys prasiskverbia ir maitina od\u0105. Kokos\u0173 aliejus greitai absorbuojamas ir patenka \u012f audini\u0173 vid\u0173. Jis yra lengvas ir hipoalergi\u0161kas. Taip pat galite naudoti j\u012f tiesiai ant k\u016bno arba kaip puik\u0173 \u201epasidaryk pats\u201c kosmetikos pagrind\u0105.<\/p>\n","protected":false},"excerpt":{"rendered":"<p>GAliojimas iki 2025-03-10<\/p>\n","protected":false},"featured_media":22979,"comment_status":"open","ping_status":"closed","template":"","meta":[],"product_brand":[],"product_cat":[216],"product_tag":[],"class_list":{"0":"post-22977","1":"product","2":"type-product","3":"status-publish","4":"has-post-thumbnail","6":"product_cat-aliejai","7":"product_shipping_class-pristatymas","9":"first","10":"outofstock","11":"sale","12":"taxable","13":"shipping-taxable","14":"purchasable","15":"product-type-simple"},"aioseo_notices":[],"aioseo_head":"\n\t\t<!-- All in One SEO Pro 4.9.6.2 - aioseo.com -->\n\t<meta name=\"description\" content=\"GAliojimas iki 2025-03-10\" \/>\n\t<meta name=\"robots\" content=\"max-image-preview:large\" \/>\n\t<link rel=\"canonical\" href=\"https:\/\/kornita.lt\/en\/shop\/aliejai\/coco-farm-bio-kokosu-aliejus-100-organic-virgin-260-ml-240-g\/\" \/>\n\t<meta name=\"generator\" content=\"All in One SEO Pro (AIOSEO) 4.9.6.2\" \/>\n\t\t<meta property=\"og:locale\" content=\"en_US\" \/>\n\t\t<meta property=\"og:site_name\" content=\"kornita -\" \/>\n\t\t<meta property=\"og:type\" content=\"article\" \/>\n\t\t<meta property=\"og:title\" content=\"Kokos\u0173 aliejus 100% Organic Virgin 260 ml (240 g) - kornita\" \/>\n\t\t<meta property=\"og:description\" content=\"GAliojimas iki 2025-03-10\" \/>\n\t\t<meta property=\"og:url\" content=\"https:\/\/kornita.lt\/en\/shop\/aliejai\/coco-farm-bio-kokosu-aliejus-100-organic-virgin-260-ml-240-g\/\" \/>\n\t\t<meta property=\"og:image\" content=\"https:\/\/kornita.webfactory.lt\/wp-content\/uploads\/2023\/04\/korni-el-prekyba.png\" \/>\n\t\t<meta property=\"og:image:secure_url\" content=\"https:\/\/kornita.webfactory.lt\/wp-content\/uploads\/2023\/04\/korni-el-prekyba.png\" \/>\n\t\t<meta property=\"article:published_time\" content=\"2024-03-08T13:34:33+00:00\" \/>\n\t\t<meta property=\"article:modified_time\" content=\"2025-05-19T08:52:08+00:00\" \/>\n\t\t<meta property=\"article:publisher\" content=\"https:\/\/www.facebook.com\/kornita.lt\" \/>\n\t\t<meta name=\"twitter:card\" content=\"summary_large_image\" \/>\n\t\t<meta name=\"twitter:title\" content=\"Kokos\u0173 aliejus 100% Organic Virgin 260 ml (240 g) - kornita\" \/>\n\t\t<meta name=\"twitter:description\" content=\"GAliojimas iki 2025-03-10\" \/>\n\t\t<meta name=\"twitter:image\" content=\"http:\/\/kornita.webfactory.lt\/wp-content\/uploads\/2023\/04\/korni-el-prekyba.png\" \/>\n\t\t<script type=\"application\/ld+json\" class=\"aioseo-schema\">\n\t\t\t{\"@context\":\"https:\\\/\\\/schema.org\",\"@graph\":[{\"@type\":\"BreadcrumbList\",\"@id\":\"https:\\\/\\\/kornita.lt\\\/en\\\/shop\\\/aliejai\\\/coco-farm-bio-kokosu-aliejus-100-organic-virgin-260-ml-240-g\\\/#breadcrumblist\",\"itemListElement\":[{\"@type\":\"ListItem\",\"@id\":\"https:\\\/\\\/kornita.lt\\\/en\\\/#listItem\",\"position\":1,\"name\":\"Home\",\"item\":\"https:\\\/\\\/kornita.lt\\\/en\\\/\",\"nextItem\":{\"@type\":\"ListItem\",\"@id\":\"https:\\\/\\\/kornita.lt\\\/en\\\/shop-2\\\/#listItem\",\"name\":\"Shop\"}},{\"@type\":\"ListItem\",\"@id\":\"https:\\\/\\\/kornita.lt\\\/en\\\/shop-2\\\/#listItem\",\"position\":2,\"name\":\"Shop\",\"item\":\"https:\\\/\\\/kornita.lt\\\/en\\\/shop-2\\\/\",\"nextItem\":{\"@type\":\"ListItem\",\"@id\":\"https:\\\/\\\/kornita.lt\\\/en\\\/product-category\\\/aliejai\\\/#listItem\",\"name\":\"Aliejai\"},\"previousItem\":{\"@type\":\"ListItem\",\"@id\":\"https:\\\/\\\/kornita.lt\\\/en\\\/#listItem\",\"name\":\"Home\"}},{\"@type\":\"ListItem\",\"@id\":\"https:\\\/\\\/kornita.lt\\\/en\\\/product-category\\\/aliejai\\\/#listItem\",\"position\":3,\"name\":\"Aliejai\",\"item\":\"https:\\\/\\\/kornita.lt\\\/en\\\/product-category\\\/aliejai\\\/\",\"nextItem\":{\"@type\":\"ListItem\",\"@id\":\"https:\\\/\\\/kornita.lt\\\/en\\\/shop\\\/aliejai\\\/coco-farm-bio-kokosu-aliejus-100-organic-virgin-260-ml-240-g\\\/#listItem\",\"name\":\"Kokos\\u0173 aliejus 100% Organic Virgin 260 ml (240 g)\"},\"previousItem\":{\"@type\":\"ListItem\",\"@id\":\"https:\\\/\\\/kornita.lt\\\/en\\\/shop-2\\\/#listItem\",\"name\":\"Shop\"}},{\"@type\":\"ListItem\",\"@id\":\"https:\\\/\\\/kornita.lt\\\/en\\\/shop\\\/aliejai\\\/coco-farm-bio-kokosu-aliejus-100-organic-virgin-260-ml-240-g\\\/#listItem\",\"position\":4,\"name\":\"Kokos\\u0173 aliejus 100% Organic Virgin 260 ml (240 g)\",\"previousItem\":{\"@type\":\"ListItem\",\"@id\":\"https:\\\/\\\/kornita.lt\\\/en\\\/product-category\\\/aliejai\\\/#listItem\",\"name\":\"Aliejai\"}}]},{\"@type\":\"Organization\",\"@id\":\"https:\\\/\\\/kornita.lt\\\/en\\\/#organization\",\"name\":\"kornita\",\"url\":\"https:\\\/\\\/kornita.lt\\\/en\\\/\",\"telephone\":\"+37068581463\",\"logo\":{\"@type\":\"ImageObject\",\"url\":\"http:\\\/\\\/kornita.webfactory.lt\\\/wp-content\\\/uploads\\\/2023\\\/04\\\/korni-el-prekyba.png\",\"@id\":\"https:\\\/\\\/kornita.lt\\\/en\\\/shop\\\/aliejai\\\/coco-farm-bio-kokosu-aliejus-100-organic-virgin-260-ml-240-g\\\/#organizationLogo\"},\"image\":{\"@id\":\"https:\\\/\\\/kornita.lt\\\/en\\\/shop\\\/aliejai\\\/coco-farm-bio-kokosu-aliejus-100-organic-virgin-260-ml-240-g\\\/#organizationLogo\"},\"sameAs\":[\"https:\\\/\\\/www.facebook.com\\\/kornita.lt\"]},{\"@type\":\"Product\",\"@id\":\"https:\\\/\\\/kornita.lt\\\/en\\\/shop\\\/aliejai\\\/coco-farm-bio-kokosu-aliejus-100-organic-virgin-260-ml-240-g\\\/#wooCommerceProduct\",\"name\":\"Kokos\\u0173 aliejus 100% Organic Virgin 260 ml (240 g)\",\"description\":\"GAliojimas iki 2025-03-10\",\"url\":\"https:\\\/\\\/kornita.lt\\\/en\\\/shop\\\/aliejai\\\/coco-farm-bio-kokosu-aliejus-100-organic-virgin-260-ml-240-g\\\/\",\"sku\":\"5903111899257\",\"image\":{\"@type\":\"ImageObject\",\"url\":\"https:\\\/\\\/kornita.lt\\\/wp-content\\\/uploads\\\/2024\\\/02\\\/Coco-Farm-BIO-kokosu-aliejus-100-Organic-Virgin-260-ml-240-g.jpg\",\"@id\":\"https:\\\/\\\/kornita.lt\\\/en\\\/shop\\\/aliejai\\\/coco-farm-bio-kokosu-aliejus-100-organic-virgin-260-ml-240-g\\\/#productImage\",\"width\":1500,\"height\":1500},\"offers\":{\"@type\":\"Offer\",\"url\":\"https:\\\/\\\/kornita.lt\\\/en\\\/shop\\\/aliejai\\\/coco-farm-bio-kokosu-aliejus-100-organic-virgin-260-ml-240-g\\\/#wooCommerceOffer\",\"price\":2.11,\"priceCurrency\":\"EUR\",\"category\":\"Aliejai\",\"availability\":\"https:\\\/\\\/schema.org\\\/OutOfStock\",\"priceSpecification\":{\"@type\":\"PriceSpecification\",\"price\":2.11,\"priceCurrency\":\"EUR\",\"valueAddedTaxIncluded\":\"true\"},\"seller\":{\"@type\":\"Organization\",\"@id\":\"https:\\\/\\\/kornita.lt\\\/en\\\/#organization\"}}},{\"@type\":\"WebPage\",\"@id\":\"https:\\\/\\\/kornita.lt\\\/en\\\/shop\\\/aliejai\\\/coco-farm-bio-kokosu-aliejus-100-organic-virgin-260-ml-240-g\\\/#webpage\",\"url\":\"https:\\\/\\\/kornita.lt\\\/en\\\/shop\\\/aliejai\\\/coco-farm-bio-kokosu-aliejus-100-organic-virgin-260-ml-240-g\\\/\",\"name\":\"Kokos\\u0173 aliejus 100% Organic Virgin 260 ml (240 g) - kornita\",\"description\":\"GAliojimas iki 2025-03-10\",\"inLanguage\":\"en-US\",\"isPartOf\":{\"@id\":\"https:\\\/\\\/kornita.lt\\\/en\\\/#website\"},\"breadcrumb\":{\"@id\":\"https:\\\/\\\/kornita.lt\\\/en\\\/shop\\\/aliejai\\\/coco-farm-bio-kokosu-aliejus-100-organic-virgin-260-ml-240-g\\\/#breadcrumblist\"},\"image\":{\"@type\":\"ImageObject\",\"url\":\"https:\\\/\\\/kornita.lt\\\/wp-content\\\/uploads\\\/2024\\\/02\\\/Coco-Farm-BIO-kokosu-aliejus-100-Organic-Virgin-260-ml-240-g.jpg\",\"@id\":\"https:\\\/\\\/kornita.lt\\\/en\\\/shop\\\/aliejai\\\/coco-farm-bio-kokosu-aliejus-100-organic-virgin-260-ml-240-g\\\/#mainImage\",\"width\":1500,\"height\":1500},\"primaryImageOfPage\":{\"@id\":\"https:\\\/\\\/kornita.lt\\\/en\\\/shop\\\/aliejai\\\/coco-farm-bio-kokosu-aliejus-100-organic-virgin-260-ml-240-g\\\/#mainImage\"},\"datePublished\":\"2024-03-08T13:34:33+00:00\",\"dateModified\":\"2025-05-19T08:52:08+00:00\"},{\"@type\":\"WebSite\",\"@id\":\"https:\\\/\\\/kornita.lt\\\/en\\\/#website\",\"url\":\"https:\\\/\\\/kornita.lt\\\/en\\\/\",\"name\":\"kornita\",\"inLanguage\":\"en-US\",\"publisher\":{\"@id\":\"https:\\\/\\\/kornita.lt\\\/en\\\/#organization\"}}]}\n\t\t<\/script>\n\t\t<!-- All in One SEO Pro -->\r\n\t\t<title>Kokos\u0173 aliejus 100% Organic Virgin 260 ml (240 g) - kornita<\/title>\n\n","aioseo_head_json":{"title":"Kokos\u0173 aliejus 100% Organic Virgin 260 ml (240 g) - kornita","description":"GAliojimas iki 2025-03-10","canonical_url":"https:\/\/kornita.lt\/en\/shop\/aliejai\/coco-farm-bio-kokosu-aliejus-100-organic-virgin-260-ml-240-g\/","robots":"max-image-preview:large","keywords":"","webmasterTools":{"miscellaneous":""},"schema":{"@context":"https:\/\/schema.org","@graph":[{"@type":"BreadcrumbList","@id":"https:\/\/kornita.lt\/en\/shop\/aliejai\/coco-farm-bio-kokosu-aliejus-100-organic-virgin-260-ml-240-g\/#breadcrumblist","itemListElement":[{"@type":"ListItem","@id":"https:\/\/kornita.lt\/en\/#listItem","position":1,"name":"Home","item":"https:\/\/kornita.lt\/en\/","nextItem":{"@type":"ListItem","@id":"https:\/\/kornita.lt\/en\/shop-2\/#listItem","name":"Shop"}},{"@type":"ListItem","@id":"https:\/\/kornita.lt\/en\/shop-2\/#listItem","position":2,"name":"Shop","item":"https:\/\/kornita.lt\/en\/shop-2\/","nextItem":{"@type":"ListItem","@id":"https:\/\/kornita.lt\/en\/product-category\/aliejai\/#listItem","name":"Aliejai"},"previousItem":{"@type":"ListItem","@id":"https:\/\/kornita.lt\/en\/#listItem","name":"Home"}},{"@type":"ListItem","@id":"https:\/\/kornita.lt\/en\/product-category\/aliejai\/#listItem","position":3,"name":"Aliejai","item":"https:\/\/kornita.lt\/en\/product-category\/aliejai\/","nextItem":{"@type":"ListItem","@id":"https:\/\/kornita.lt\/en\/shop\/aliejai\/coco-farm-bio-kokosu-aliejus-100-organic-virgin-260-ml-240-g\/#listItem","name":"Kokos\u0173 aliejus 100% Organic Virgin 260 ml (240 g)"},"previousItem":{"@type":"ListItem","@id":"https:\/\/kornita.lt\/en\/shop-2\/#listItem","name":"Shop"}},{"@type":"ListItem","@id":"https:\/\/kornita.lt\/en\/shop\/aliejai\/coco-farm-bio-kokosu-aliejus-100-organic-virgin-260-ml-240-g\/#listItem","position":4,"name":"Kokos\u0173 aliejus 100% Organic Virgin 260 ml (240 g)","previousItem":{"@type":"ListItem","@id":"https:\/\/kornita.lt\/en\/product-category\/aliejai\/#listItem","name":"Aliejai"}}]},{"@type":"Organization","@id":"https:\/\/kornita.lt\/en\/#organization","name":"kornita","url":"https:\/\/kornita.lt\/en\/","telephone":"+37068581463","logo":{"@type":"ImageObject","url":"http:\/\/kornita.webfactory.lt\/wp-content\/uploads\/2023\/04\/korni-el-prekyba.png","@id":"https:\/\/kornita.lt\/en\/shop\/aliejai\/coco-farm-bio-kokosu-aliejus-100-organic-virgin-260-ml-240-g\/#organizationLogo"},"image":{"@id":"https:\/\/kornita.lt\/en\/shop\/aliejai\/coco-farm-bio-kokosu-aliejus-100-organic-virgin-260-ml-240-g\/#organizationLogo"},"sameAs":["https:\/\/www.facebook.com\/kornita.lt"]},{"@type":"Product","@id":"https:\/\/kornita.lt\/en\/shop\/aliejai\/coco-farm-bio-kokosu-aliejus-100-organic-virgin-260-ml-240-g\/#wooCommerceProduct","name":"Kokos\u0173 aliejus 100% Organic Virgin 260 ml (240 g)","description":"GAliojimas iki 2025-03-10","url":"https:\/\/kornita.lt\/en\/shop\/aliejai\/coco-farm-bio-kokosu-aliejus-100-organic-virgin-260-ml-240-g\/","sku":"5903111899257","image":{"@type":"ImageObject","url":"https:\/\/kornita.lt\/wp-content\/uploads\/2024\/02\/Coco-Farm-BIO-kokosu-aliejus-100-Organic-Virgin-260-ml-240-g.jpg","@id":"https:\/\/kornita.lt\/en\/shop\/aliejai\/coco-farm-bio-kokosu-aliejus-100-organic-virgin-260-ml-240-g\/#productImage","width":1500,"height":1500},"offers":{"@type":"Offer","url":"https:\/\/kornita.lt\/en\/shop\/aliejai\/coco-farm-bio-kokosu-aliejus-100-organic-virgin-260-ml-240-g\/#wooCommerceOffer","price":2.11,"priceCurrency":"EUR","category":"Aliejai","availability":"https:\/\/schema.org\/OutOfStock","priceSpecification":{"@type":"PriceSpecification","price":2.11,"priceCurrency":"EUR","valueAddedTaxIncluded":"true"},"seller":{"@type":"Organization","@id":"https:\/\/kornita.lt\/en\/#organization"}}},{"@type":"WebPage","@id":"https:\/\/kornita.lt\/en\/shop\/aliejai\/coco-farm-bio-kokosu-aliejus-100-organic-virgin-260-ml-240-g\/#webpage","url":"https:\/\/kornita.lt\/en\/shop\/aliejai\/coco-farm-bio-kokosu-aliejus-100-organic-virgin-260-ml-240-g\/","name":"Kokos\u0173 aliejus 100% Organic Virgin 260 ml (240 g) - kornita","description":"GAliojimas iki 2025-03-10","inLanguage":"en-US","isPartOf":{"@id":"https:\/\/kornita.lt\/en\/#website"},"breadcrumb":{"@id":"https:\/\/kornita.lt\/en\/shop\/aliejai\/coco-farm-bio-kokosu-aliejus-100-organic-virgin-260-ml-240-g\/#breadcrumblist"},"image":{"@type":"ImageObject","url":"https:\/\/kornita.lt\/wp-content\/uploads\/2024\/02\/Coco-Farm-BIO-kokosu-aliejus-100-Organic-Virgin-260-ml-240-g.jpg","@id":"https:\/\/kornita.lt\/en\/shop\/aliejai\/coco-farm-bio-kokosu-aliejus-100-organic-virgin-260-ml-240-g\/#mainImage","width":1500,"height":1500},"primaryImageOfPage":{"@id":"https:\/\/kornita.lt\/en\/shop\/aliejai\/coco-farm-bio-kokosu-aliejus-100-organic-virgin-260-ml-240-g\/#mainImage"},"datePublished":"2024-03-08T13:34:33+00:00","dateModified":"2025-05-19T08:52:08+00:00"},{"@type":"WebSite","@id":"https:\/\/kornita.lt\/en\/#website","url":"https:\/\/kornita.lt\/en\/","name":"kornita","inLanguage":"en-US","publisher":{"@id":"https:\/\/kornita.lt\/en\/#organization"}}]},"og:locale":"en_US","og:site_name":"kornita -","og:type":"article","og:title":"Kokos\u0173 aliejus 100% Organic Virgin 260 ml (240 g) - kornita","og:description":"GAliojimas iki 2025-03-10","og:url":"https:\/\/kornita.lt\/en\/shop\/aliejai\/coco-farm-bio-kokosu-aliejus-100-organic-virgin-260-ml-240-g\/","og:image":"https:\/\/kornita.webfactory.lt\/wp-content\/uploads\/2023\/04\/korni-el-prekyba.png","og:image:secure_url":"https:\/\/kornita.webfactory.lt\/wp-content\/uploads\/2023\/04\/korni-el-prekyba.png","article:published_time":"2024-03-08T13:34:33+00:00","article:modified_time":"2025-05-19T08:52:08+00:00","article:publisher":"https:\/\/www.facebook.com\/kornita.lt","twitter:card":"summary_large_image","twitter:title":"Kokos\u0173 aliejus 100% Organic Virgin 260 ml (240 g) - kornita","twitter:description":"GAliojimas iki 2025-03-10","twitter:image":"http:\/\/kornita.webfactory.lt\/wp-content\/uploads\/2023\/04\/korni-el-prekyba.png"},"aioseo_meta_data":{"post_id":"22977","title":null,"description":null,"keywords":null,"keyphrases":{"focus":{"keyphrase":"","score":0,"analysis":{"keyphraseInTitle":{"score":0,"maxScore":9,"error":1}}},"additional":[]},"primary_term":null,"canonical_url":null,"og_title":null,"og_description":null,"og_object_type":"default","og_image_type":"default","og_image_url":null,"og_image_width":null,"og_image_height":null,"og_image_custom_url":null,"og_image_custom_fields":null,"og_video":"","og_custom_url":null,"og_article_section":null,"og_article_tags":null,"twitter_use_og":false,"twitter_card":"default","twitter_image_type":"default","twitter_image_url":null,"twitter_image_custom_url":null,"twitter_image_custom_fields":null,"twitter_title":null,"twitter_description":null,"schema":{"blockGraphs":[],"customGraphs":[],"default":{"data":{"Article":[],"Course":[],"Dataset":[],"FAQPage":[],"Movie":[],"Person":[],"Product":[],"ProductReview":[],"Car":[],"Recipe":[],"Service":[],"SoftwareApplication":[],"WebPage":[]},"graphName":"ItemPage","isEnabled":true},"graphs":[]},"schema_type":"default","schema_type_options":null,"pillar_content":false,"robots_default":true,"robots_noindex":false,"robots_noarchive":false,"robots_nosnippet":false,"robots_nofollow":false,"robots_noimageindex":false,"robots_noodp":false,"robots_notranslate":false,"robots_max_snippet":"-1","robots_max_videopreview":"-1","robots_max_imagepreview":"large","priority":null,"frequency":"default","local_seo":null,"seo_analyzer_scan_date":"2025-10-08 23:47:33","breadcrumb_settings":null,"limit_modified_date":false,"open_ai":"{\"title\":{\"suggestions\":[],\"usage\":0},\"description\":{\"suggestions\":[],\"usage\":0}}","ai":null,"created":"2024-02-22 12:37:08","updated":"2025-11-26 23:36:06"},"aioseo_breadcrumb":"<div class=\"aioseo-breadcrumbs\"><span class=\"aioseo-breadcrumb\">\n\t<a href=\"https:\/\/kornita.lt\/en\/\" title=\"Home\">Home<\/a>\n<\/span><span class=\"aioseo-breadcrumb-separator\">&raquo;<\/span><span class=\"aioseo-breadcrumb\">\n\t<a href=\"https:\/\/kornita.lt\/en\/shop-2\/\" title=\"Shop\">Shop<\/a>\n<\/span><span class=\"aioseo-breadcrumb-separator\">&raquo;<\/span><span class=\"aioseo-breadcrumb\">\n\t<a href=\"https:\/\/kornita.lt\/en\/product-category\/aliejai\/\" title=\"Aliejai\">Aliejai<\/a>\n<\/span><span class=\"aioseo-breadcrumb-separator\">&raquo;<\/span><span class=\"aioseo-breadcrumb\">\n\tKokos\u0173 aliejus 100% Organic Virgin 260 ml (240 g)\n<\/span><\/div>","aioseo_breadcrumb_json":[{"label":"Home","link":"https:\/\/kornita.lt\/en\/"},{"label":"Shop","link":"https:\/\/kornita.lt\/en\/shop-2\/"},{"label":"Aliejai","link":"https:\/\/kornita.lt\/en\/product-category\/aliejai\/"},{"label":"Kokos\u0173 aliejus 100% Organic Virgin 260 ml (240 g)","link":"https:\/\/kornita.lt\/en\/shop\/aliejai\/coco-farm-bio-kokosu-aliejus-100-organic-virgin-260-ml-240-g\/"}],"_links":{"self":[{"href":"https:\/\/kornita.lt\/en\/wp-json\/wp\/v2\/product\/22977","targetHints":{"allow":["GET"]}}],"collection":[{"href":"https:\/\/kornita.lt\/en\/wp-json\/wp\/v2\/product"}],"about":[{"href":"https:\/\/kornita.lt\/en\/wp-json\/wp\/v2\/types\/product"}],"replies":[{"embeddable":true,"href":"https:\/\/kornita.lt\/en\/wp-json\/wp\/v2\/comments?post=22977"}],"version-history":[{"count":2,"href":"https:\/\/kornita.lt\/en\/wp-json\/wp\/v2\/product\/22977\/revisions"}],"predecessor-version":[{"id":24671,"href":"https:\/\/kornita.lt\/en\/wp-json\/wp\/v2\/product\/22977\/revisions\/24671"}],"wp:featuredmedia":[{"embeddable":true,"href":"https:\/\/kornita.lt\/en\/wp-json\/wp\/v2\/media\/22979"}],"wp:attachment":[{"href":"https:\/\/kornita.lt\/en\/wp-json\/wp\/v2\/media?parent=22977"}],"wp:term":[{"taxonomy":"product_brand","embeddable":true,"href":"https:\/\/kornita.lt\/en\/wp-json\/wp\/v2\/product_brand?post=22977"},{"taxonomy":"product_cat","embeddable":true,"href":"https:\/\/kornita.lt\/en\/wp-json\/wp\/v2\/product_cat?post=22977"},{"taxonomy":"product_tag","embeddable":true,"href":"https:\/\/kornita.lt\/en\/wp-json\/wp\/v2\/product_tag?post=22977"}],"curies":[{"name":"wp","href":"https:\/\/api.w.org\/{rel}","templated":true}]}}