{"id":22974,"date":"2024-03-08T13:34:33","date_gmt":"2024-03-08T13:34:33","guid":{"rendered":"https:\/\/kornita.lt\/?post_type=product&#038;p=22974"},"modified":"2025-09-16T11:05:40","modified_gmt":"2025-09-16T11:05:40","slug":"coco-farm-maca-saknu-milteliai-is-tradicines-peru-medicinos-nervu-sistemos-apsaugai-250g","status":"publish","type":"product","link":"https:\/\/kornita.lt\/en\/shop\/akcijos\/coco-farm-maca-saknu-milteliai-is-tradicines-peru-medicinos-nervu-sistemos-apsaugai-250g\/","title":{"rendered":"Coco Farm Maca \u0161akn\u0173 milteliai i\u0161 tradicin\u0117s Peru medicinos, nerv\u0173 sistemos apsaugai 250g"},"content":{"rendered":"<h2>Coco Farm Maca \u0161akn\u0173 milteliai i\u0161 tradicin\u0117s Peru medicinos, nerv\u0173 sistemos apsaugai 250g<\/h2>\n<p>\u0160is Peru supermaistas turi daugyb\u0119 panaudojimo b\u016bd\u0173, o naudodami j\u012f galime rasti \u012fdomi\u0173 recept\u0173. \u012epilkite \u0161akn\u0173 milteli\u0173 \u012f savo g\u0117rim\u0105, m\u0117gstam\u0105 kokteil\u012f, desert\u0105 ar rytin\u0119 avi\u017e\u0173 ko\u0161\u0119. Taip pat rekomenduojame maca \u0161akn\u012f kaip pried\u0105 prie kavos. M\u016bs\u0173 tinklara\u0161tyje rasite datos Power Balls su Maca receptas Kasdien rekomenduojama suvartoti ne daugiau kaip 5 g milteli\u0173, tad vienos pakuot\u0117s u\u017eteks ilgam.<br \/>\nMaca \u0161aknis i\u0161 supermaisto pasaulio, savyb\u0117s:<br \/>\nMaka \u0161akn\u0173 milteliai rekomenduojami esant stresui ir l\u0117tiniam nuovargiui. Maca turi savyb\u0119 neutralizuoti laisvuosius radikalus, susidaran\u010dius organizme l\u0117tinio streso ar u\u017edegimo metu. Remiantis tyrimais, maca (patikrinkite m\u016bs\u0173 tinklara\u0161t\u012f), be kita ko, palaiko: depresijos gydym\u0105. Maca augal\u0105 \u012fvertins fizi\u0161kai aktyv\u016bs \u017emon\u0117s, nes jis suteikia puiki\u0105 energijos u\u017etais\u0105. Be to, \u0161aknis padeda stiprinti atmint\u012f ir koncentracij\u0105.<br \/>\nMaca ir naudojimas kosmetikoje:<br \/>\nMakos \u0161aknis yra nat\u016bralios odos ir plauk\u0173 prie\u017ei\u016bros kosmetikos sudedamoji dalis. D\u0117l \u0161aknyje esan\u010di\u0173 mineral\u0173 gausos jis naudojamas sausiems ir pa\u017eeistiems plaukams skirtoje kosmetikoje bei veido kremuose, kur turi stiprinam\u0105j\u012f ir atstatant\u012f poveik\u012f. Med\u017eiagos, esan\u010dios \u017eem\u0117s \u0161aknyje, veikia kolageno sintez\u0119, kuri pagerina odos stangrum\u0105.\u201c<\/p>\n","protected":false},"excerpt":{"rendered":"<p>Galiojimo laikas iki 2025-08-31<\/p>\n","protected":false},"featured_media":22975,"comment_status":"open","ping_status":"closed","template":"","meta":[],"product_brand":[],"product_cat":[62,215],"product_tag":[],"class_list":{"0":"post-22974","1":"product","2":"type-product","3":"status-publish","4":"has-post-thumbnail","6":"product_cat-akcijos","7":"product_cat-miltai-miltu-misiniai","8":"product_shipping_class-pristatymas","10":"first","11":"outofstock","12":"sale","13":"taxable","14":"shipping-taxable","15":"purchasable","16":"product-type-simple"},"aioseo_notices":[],"aioseo_head":"\n\t\t<!-- All in One SEO Pro 4.9.5.2 - aioseo.com -->\n\t<meta name=\"description\" content=\"Galiojimo laikas iki 2025-08-31\" \/>\n\t<meta name=\"robots\" content=\"max-image-preview:large\" \/>\n\t<link rel=\"canonical\" href=\"https:\/\/kornita.lt\/en\/shop\/akcijos\/coco-farm-maca-saknu-milteliai-is-tradicines-peru-medicinos-nervu-sistemos-apsaugai-250g\/\" \/>\n\t<meta name=\"generator\" content=\"All in One SEO Pro (AIOSEO) 4.9.5.2\" \/>\n\t\t<meta property=\"og:locale\" content=\"en_US\" \/>\n\t\t<meta property=\"og:site_name\" content=\"kornita -\" \/>\n\t\t<meta property=\"og:type\" content=\"article\" \/>\n\t\t<meta property=\"og:title\" content=\"Coco Farm Maca \u0161akn\u0173 milteliai i\u0161 tradicin\u0117s Peru medicinos, nerv\u0173 sistemos apsaugai 250g - kornita\" \/>\n\t\t<meta property=\"og:description\" content=\"Galiojimo laikas iki 2025-08-31\" \/>\n\t\t<meta property=\"og:url\" content=\"https:\/\/kornita.lt\/en\/shop\/akcijos\/coco-farm-maca-saknu-milteliai-is-tradicines-peru-medicinos-nervu-sistemos-apsaugai-250g\/\" \/>\n\t\t<meta property=\"og:image\" content=\"https:\/\/kornita.webfactory.lt\/wp-content\/uploads\/2023\/04\/korni-el-prekyba.png\" \/>\n\t\t<meta property=\"og:image:secure_url\" content=\"https:\/\/kornita.webfactory.lt\/wp-content\/uploads\/2023\/04\/korni-el-prekyba.png\" \/>\n\t\t<meta property=\"article:published_time\" content=\"2024-03-08T13:34:33+00:00\" \/>\n\t\t<meta property=\"article:modified_time\" content=\"2025-09-16T11:05:40+00:00\" \/>\n\t\t<meta property=\"article:publisher\" content=\"https:\/\/www.facebook.com\/kornita.lt\" \/>\n\t\t<meta name=\"twitter:card\" content=\"summary_large_image\" \/>\n\t\t<meta name=\"twitter:title\" content=\"Coco Farm Maca \u0161akn\u0173 milteliai i\u0161 tradicin\u0117s Peru medicinos, nerv\u0173 sistemos apsaugai 250g - kornita\" \/>\n\t\t<meta name=\"twitter:description\" content=\"Galiojimo laikas iki 2025-08-31\" \/>\n\t\t<meta name=\"twitter:image\" content=\"http:\/\/kornita.webfactory.lt\/wp-content\/uploads\/2023\/04\/korni-el-prekyba.png\" \/>\n\t\t<script type=\"application\/ld+json\" class=\"aioseo-schema\">\n\t\t\t{\"@context\":\"https:\\\/\\\/schema.org\",\"@graph\":[{\"@type\":\"BreadcrumbList\",\"@id\":\"https:\\\/\\\/kornita.lt\\\/en\\\/shop\\\/akcijos\\\/coco-farm-maca-saknu-milteliai-is-tradicines-peru-medicinos-nervu-sistemos-apsaugai-250g\\\/#breadcrumblist\",\"itemListElement\":[{\"@type\":\"ListItem\",\"@id\":\"https:\\\/\\\/kornita.lt\\\/en\\\/#listItem\",\"position\":1,\"name\":\"Home\",\"item\":\"https:\\\/\\\/kornita.lt\\\/en\\\/\",\"nextItem\":{\"@type\":\"ListItem\",\"@id\":\"https:\\\/\\\/kornita.lt\\\/en\\\/shop-2\\\/#listItem\",\"name\":\"Shop\"}},{\"@type\":\"ListItem\",\"@id\":\"https:\\\/\\\/kornita.lt\\\/en\\\/shop-2\\\/#listItem\",\"position\":2,\"name\":\"Shop\",\"item\":\"https:\\\/\\\/kornita.lt\\\/en\\\/shop-2\\\/\",\"nextItem\":{\"@type\":\"ListItem\",\"@id\":\"https:\\\/\\\/kornita.lt\\\/en\\\/product-category\\\/akcijos\\\/#listItem\",\"name\":\"AKCIJOS\"},\"previousItem\":{\"@type\":\"ListItem\",\"@id\":\"https:\\\/\\\/kornita.lt\\\/en\\\/#listItem\",\"name\":\"Home\"}},{\"@type\":\"ListItem\",\"@id\":\"https:\\\/\\\/kornita.lt\\\/en\\\/product-category\\\/akcijos\\\/#listItem\",\"position\":3,\"name\":\"AKCIJOS\",\"item\":\"https:\\\/\\\/kornita.lt\\\/en\\\/product-category\\\/akcijos\\\/\",\"nextItem\":{\"@type\":\"ListItem\",\"@id\":\"https:\\\/\\\/kornita.lt\\\/en\\\/shop\\\/akcijos\\\/coco-farm-maca-saknu-milteliai-is-tradicines-peru-medicinos-nervu-sistemos-apsaugai-250g\\\/#listItem\",\"name\":\"Coco Farm Maca \\u0161akn\\u0173 milteliai i\\u0161 tradicin\\u0117s Peru medicinos, nerv\\u0173 sistemos apsaugai 250g\"},\"previousItem\":{\"@type\":\"ListItem\",\"@id\":\"https:\\\/\\\/kornita.lt\\\/en\\\/shop-2\\\/#listItem\",\"name\":\"Shop\"}},{\"@type\":\"ListItem\",\"@id\":\"https:\\\/\\\/kornita.lt\\\/en\\\/shop\\\/akcijos\\\/coco-farm-maca-saknu-milteliai-is-tradicines-peru-medicinos-nervu-sistemos-apsaugai-250g\\\/#listItem\",\"position\":4,\"name\":\"Coco Farm Maca \\u0161akn\\u0173 milteliai i\\u0161 tradicin\\u0117s Peru medicinos, nerv\\u0173 sistemos apsaugai 250g\",\"previousItem\":{\"@type\":\"ListItem\",\"@id\":\"https:\\\/\\\/kornita.lt\\\/en\\\/product-category\\\/akcijos\\\/#listItem\",\"name\":\"AKCIJOS\"}}]},{\"@type\":\"Organization\",\"@id\":\"https:\\\/\\\/kornita.lt\\\/en\\\/#organization\",\"name\":\"kornita\",\"url\":\"https:\\\/\\\/kornita.lt\\\/en\\\/\",\"telephone\":\"+37068581463\",\"logo\":{\"@type\":\"ImageObject\",\"url\":\"http:\\\/\\\/kornita.webfactory.lt\\\/wp-content\\\/uploads\\\/2023\\\/04\\\/korni-el-prekyba.png\",\"@id\":\"https:\\\/\\\/kornita.lt\\\/en\\\/shop\\\/akcijos\\\/coco-farm-maca-saknu-milteliai-is-tradicines-peru-medicinos-nervu-sistemos-apsaugai-250g\\\/#organizationLogo\"},\"image\":{\"@id\":\"https:\\\/\\\/kornita.lt\\\/en\\\/shop\\\/akcijos\\\/coco-farm-maca-saknu-milteliai-is-tradicines-peru-medicinos-nervu-sistemos-apsaugai-250g\\\/#organizationLogo\"},\"sameAs\":[\"https:\\\/\\\/www.facebook.com\\\/kornita.lt\"]},{\"@type\":\"Product\",\"@id\":\"https:\\\/\\\/kornita.lt\\\/en\\\/shop\\\/akcijos\\\/coco-farm-maca-saknu-milteliai-is-tradicines-peru-medicinos-nervu-sistemos-apsaugai-250g\\\/#wooCommerceProduct\",\"name\":\"Coco Farm Maca \\u0161akn\\u0173 milteliai i\\u0161 tradicin\\u0117s Peru medicinos, nerv\\u0173 sistemos apsaugai 250g\",\"description\":\"Galiojimo laikas iki 2025-08-31\",\"url\":\"https:\\\/\\\/kornita.lt\\\/en\\\/shop\\\/akcijos\\\/coco-farm-maca-saknu-milteliai-is-tradicines-peru-medicinos-nervu-sistemos-apsaugai-250g\\\/\",\"sku\":\"5904161870166\",\"image\":{\"@type\":\"ImageObject\",\"url\":\"https:\\\/\\\/kornita.lt\\\/wp-content\\\/uploads\\\/2024\\\/02\\\/Coco-Farm-Maca-saknu-milteliai-is-tradicines-Peru-medicinos-nervu-sistemos-apsaugai-250g.jpg\",\"@id\":\"https:\\\/\\\/kornita.lt\\\/en\\\/shop\\\/akcijos\\\/coco-farm-maca-saknu-milteliai-is-tradicines-peru-medicinos-nervu-sistemos-apsaugai-250g\\\/#productImage\",\"width\":1486,\"height\":1989},\"offers\":{\"@type\":\"Offer\",\"url\":\"https:\\\/\\\/kornita.lt\\\/en\\\/shop\\\/akcijos\\\/coco-farm-maca-saknu-milteliai-is-tradicines-peru-medicinos-nervu-sistemos-apsaugai-250g\\\/#wooCommerceOffer\",\"price\":4.63,\"priceCurrency\":\"EUR\",\"category\":\"AKCIJOS\",\"availability\":\"https:\\\/\\\/schema.org\\\/OutOfStock\",\"priceSpecification\":{\"@type\":\"PriceSpecification\",\"price\":4.63,\"priceCurrency\":\"EUR\",\"valueAddedTaxIncluded\":\"true\"},\"seller\":{\"@type\":\"Organization\",\"@id\":\"https:\\\/\\\/kornita.lt\\\/en\\\/#organization\"}}},{\"@type\":\"WebPage\",\"@id\":\"https:\\\/\\\/kornita.lt\\\/en\\\/shop\\\/akcijos\\\/coco-farm-maca-saknu-milteliai-is-tradicines-peru-medicinos-nervu-sistemos-apsaugai-250g\\\/#webpage\",\"url\":\"https:\\\/\\\/kornita.lt\\\/en\\\/shop\\\/akcijos\\\/coco-farm-maca-saknu-milteliai-is-tradicines-peru-medicinos-nervu-sistemos-apsaugai-250g\\\/\",\"name\":\"Coco Farm Maca \\u0161akn\\u0173 milteliai i\\u0161 tradicin\\u0117s Peru medicinos, nerv\\u0173 sistemos apsaugai 250g - kornita\",\"description\":\"Galiojimo laikas iki 2025-08-31\",\"inLanguage\":\"en-US\",\"isPartOf\":{\"@id\":\"https:\\\/\\\/kornita.lt\\\/en\\\/#website\"},\"breadcrumb\":{\"@id\":\"https:\\\/\\\/kornita.lt\\\/en\\\/shop\\\/akcijos\\\/coco-farm-maca-saknu-milteliai-is-tradicines-peru-medicinos-nervu-sistemos-apsaugai-250g\\\/#breadcrumblist\"},\"image\":{\"@type\":\"ImageObject\",\"url\":\"https:\\\/\\\/kornita.lt\\\/wp-content\\\/uploads\\\/2024\\\/02\\\/Coco-Farm-Maca-saknu-milteliai-is-tradicines-Peru-medicinos-nervu-sistemos-apsaugai-250g.jpg\",\"@id\":\"https:\\\/\\\/kornita.lt\\\/en\\\/shop\\\/akcijos\\\/coco-farm-maca-saknu-milteliai-is-tradicines-peru-medicinos-nervu-sistemos-apsaugai-250g\\\/#mainImage\",\"width\":1486,\"height\":1989},\"primaryImageOfPage\":{\"@id\":\"https:\\\/\\\/kornita.lt\\\/en\\\/shop\\\/akcijos\\\/coco-farm-maca-saknu-milteliai-is-tradicines-peru-medicinos-nervu-sistemos-apsaugai-250g\\\/#mainImage\"},\"datePublished\":\"2024-03-08T13:34:33+00:00\",\"dateModified\":\"2025-09-16T11:05:40+00:00\"},{\"@type\":\"WebSite\",\"@id\":\"https:\\\/\\\/kornita.lt\\\/en\\\/#website\",\"url\":\"https:\\\/\\\/kornita.lt\\\/en\\\/\",\"name\":\"kornita\",\"inLanguage\":\"en-US\",\"publisher\":{\"@id\":\"https:\\\/\\\/kornita.lt\\\/en\\\/#organization\"}}]}\n\t\t<\/script>\n\t\t<!-- All in One SEO Pro -->\r\n\t\t<title>Coco Farm Maca \u0161akn\u0173 milteliai i\u0161 tradicin\u0117s Peru medicinos, nerv\u0173 sistemos apsaugai 250g - kornita<\/title>\n\n","aioseo_head_json":{"title":"Coco Farm Maca \u0161akn\u0173 milteliai i\u0161 tradicin\u0117s Peru medicinos, nerv\u0173 sistemos apsaugai 250g - kornita","description":"Galiojimo laikas iki 2025-08-31","canonical_url":"https:\/\/kornita.lt\/en\/shop\/akcijos\/coco-farm-maca-saknu-milteliai-is-tradicines-peru-medicinos-nervu-sistemos-apsaugai-250g\/","robots":"max-image-preview:large","keywords":"","webmasterTools":{"miscellaneous":""},"schema":{"@context":"https:\/\/schema.org","@graph":[{"@type":"BreadcrumbList","@id":"https:\/\/kornita.lt\/en\/shop\/akcijos\/coco-farm-maca-saknu-milteliai-is-tradicines-peru-medicinos-nervu-sistemos-apsaugai-250g\/#breadcrumblist","itemListElement":[{"@type":"ListItem","@id":"https:\/\/kornita.lt\/en\/#listItem","position":1,"name":"Home","item":"https:\/\/kornita.lt\/en\/","nextItem":{"@type":"ListItem","@id":"https:\/\/kornita.lt\/en\/shop-2\/#listItem","name":"Shop"}},{"@type":"ListItem","@id":"https:\/\/kornita.lt\/en\/shop-2\/#listItem","position":2,"name":"Shop","item":"https:\/\/kornita.lt\/en\/shop-2\/","nextItem":{"@type":"ListItem","@id":"https:\/\/kornita.lt\/en\/product-category\/akcijos\/#listItem","name":"AKCIJOS"},"previousItem":{"@type":"ListItem","@id":"https:\/\/kornita.lt\/en\/#listItem","name":"Home"}},{"@type":"ListItem","@id":"https:\/\/kornita.lt\/en\/product-category\/akcijos\/#listItem","position":3,"name":"AKCIJOS","item":"https:\/\/kornita.lt\/en\/product-category\/akcijos\/","nextItem":{"@type":"ListItem","@id":"https:\/\/kornita.lt\/en\/shop\/akcijos\/coco-farm-maca-saknu-milteliai-is-tradicines-peru-medicinos-nervu-sistemos-apsaugai-250g\/#listItem","name":"Coco Farm Maca \u0161akn\u0173 milteliai i\u0161 tradicin\u0117s Peru medicinos, nerv\u0173 sistemos apsaugai 250g"},"previousItem":{"@type":"ListItem","@id":"https:\/\/kornita.lt\/en\/shop-2\/#listItem","name":"Shop"}},{"@type":"ListItem","@id":"https:\/\/kornita.lt\/en\/shop\/akcijos\/coco-farm-maca-saknu-milteliai-is-tradicines-peru-medicinos-nervu-sistemos-apsaugai-250g\/#listItem","position":4,"name":"Coco Farm Maca \u0161akn\u0173 milteliai i\u0161 tradicin\u0117s Peru medicinos, nerv\u0173 sistemos apsaugai 250g","previousItem":{"@type":"ListItem","@id":"https:\/\/kornita.lt\/en\/product-category\/akcijos\/#listItem","name":"AKCIJOS"}}]},{"@type":"Organization","@id":"https:\/\/kornita.lt\/en\/#organization","name":"kornita","url":"https:\/\/kornita.lt\/en\/","telephone":"+37068581463","logo":{"@type":"ImageObject","url":"http:\/\/kornita.webfactory.lt\/wp-content\/uploads\/2023\/04\/korni-el-prekyba.png","@id":"https:\/\/kornita.lt\/en\/shop\/akcijos\/coco-farm-maca-saknu-milteliai-is-tradicines-peru-medicinos-nervu-sistemos-apsaugai-250g\/#organizationLogo"},"image":{"@id":"https:\/\/kornita.lt\/en\/shop\/akcijos\/coco-farm-maca-saknu-milteliai-is-tradicines-peru-medicinos-nervu-sistemos-apsaugai-250g\/#organizationLogo"},"sameAs":["https:\/\/www.facebook.com\/kornita.lt"]},{"@type":"Product","@id":"https:\/\/kornita.lt\/en\/shop\/akcijos\/coco-farm-maca-saknu-milteliai-is-tradicines-peru-medicinos-nervu-sistemos-apsaugai-250g\/#wooCommerceProduct","name":"Coco Farm Maca \u0161akn\u0173 milteliai i\u0161 tradicin\u0117s Peru medicinos, nerv\u0173 sistemos apsaugai 250g","description":"Galiojimo laikas iki 2025-08-31","url":"https:\/\/kornita.lt\/en\/shop\/akcijos\/coco-farm-maca-saknu-milteliai-is-tradicines-peru-medicinos-nervu-sistemos-apsaugai-250g\/","sku":"5904161870166","image":{"@type":"ImageObject","url":"https:\/\/kornita.lt\/wp-content\/uploads\/2024\/02\/Coco-Farm-Maca-saknu-milteliai-is-tradicines-Peru-medicinos-nervu-sistemos-apsaugai-250g.jpg","@id":"https:\/\/kornita.lt\/en\/shop\/akcijos\/coco-farm-maca-saknu-milteliai-is-tradicines-peru-medicinos-nervu-sistemos-apsaugai-250g\/#productImage","width":1486,"height":1989},"offers":{"@type":"Offer","url":"https:\/\/kornita.lt\/en\/shop\/akcijos\/coco-farm-maca-saknu-milteliai-is-tradicines-peru-medicinos-nervu-sistemos-apsaugai-250g\/#wooCommerceOffer","price":4.63,"priceCurrency":"EUR","category":"AKCIJOS","availability":"https:\/\/schema.org\/OutOfStock","priceSpecification":{"@type":"PriceSpecification","price":4.63,"priceCurrency":"EUR","valueAddedTaxIncluded":"true"},"seller":{"@type":"Organization","@id":"https:\/\/kornita.lt\/en\/#organization"}}},{"@type":"WebPage","@id":"https:\/\/kornita.lt\/en\/shop\/akcijos\/coco-farm-maca-saknu-milteliai-is-tradicines-peru-medicinos-nervu-sistemos-apsaugai-250g\/#webpage","url":"https:\/\/kornita.lt\/en\/shop\/akcijos\/coco-farm-maca-saknu-milteliai-is-tradicines-peru-medicinos-nervu-sistemos-apsaugai-250g\/","name":"Coco Farm Maca \u0161akn\u0173 milteliai i\u0161 tradicin\u0117s Peru medicinos, nerv\u0173 sistemos apsaugai 250g - kornita","description":"Galiojimo laikas iki 2025-08-31","inLanguage":"en-US","isPartOf":{"@id":"https:\/\/kornita.lt\/en\/#website"},"breadcrumb":{"@id":"https:\/\/kornita.lt\/en\/shop\/akcijos\/coco-farm-maca-saknu-milteliai-is-tradicines-peru-medicinos-nervu-sistemos-apsaugai-250g\/#breadcrumblist"},"image":{"@type":"ImageObject","url":"https:\/\/kornita.lt\/wp-content\/uploads\/2024\/02\/Coco-Farm-Maca-saknu-milteliai-is-tradicines-Peru-medicinos-nervu-sistemos-apsaugai-250g.jpg","@id":"https:\/\/kornita.lt\/en\/shop\/akcijos\/coco-farm-maca-saknu-milteliai-is-tradicines-peru-medicinos-nervu-sistemos-apsaugai-250g\/#mainImage","width":1486,"height":1989},"primaryImageOfPage":{"@id":"https:\/\/kornita.lt\/en\/shop\/akcijos\/coco-farm-maca-saknu-milteliai-is-tradicines-peru-medicinos-nervu-sistemos-apsaugai-250g\/#mainImage"},"datePublished":"2024-03-08T13:34:33+00:00","dateModified":"2025-09-16T11:05:40+00:00"},{"@type":"WebSite","@id":"https:\/\/kornita.lt\/en\/#website","url":"https:\/\/kornita.lt\/en\/","name":"kornita","inLanguage":"en-US","publisher":{"@id":"https:\/\/kornita.lt\/en\/#organization"}}]},"og:locale":"en_US","og:site_name":"kornita -","og:type":"article","og:title":"Coco Farm Maca \u0161akn\u0173 milteliai i\u0161 tradicin\u0117s Peru medicinos, nerv\u0173 sistemos apsaugai 250g - kornita","og:description":"Galiojimo laikas iki 2025-08-31","og:url":"https:\/\/kornita.lt\/en\/shop\/akcijos\/coco-farm-maca-saknu-milteliai-is-tradicines-peru-medicinos-nervu-sistemos-apsaugai-250g\/","og:image":"https:\/\/kornita.webfactory.lt\/wp-content\/uploads\/2023\/04\/korni-el-prekyba.png","og:image:secure_url":"https:\/\/kornita.webfactory.lt\/wp-content\/uploads\/2023\/04\/korni-el-prekyba.png","article:published_time":"2024-03-08T13:34:33+00:00","article:modified_time":"2025-09-16T11:05:40+00:00","article:publisher":"https:\/\/www.facebook.com\/kornita.lt","twitter:card":"summary_large_image","twitter:title":"Coco Farm Maca \u0161akn\u0173 milteliai i\u0161 tradicin\u0117s Peru medicinos, nerv\u0173 sistemos apsaugai 250g - kornita","twitter:description":"Galiojimo laikas iki 2025-08-31","twitter:image":"http:\/\/kornita.webfactory.lt\/wp-content\/uploads\/2023\/04\/korni-el-prekyba.png"},"aioseo_meta_data":{"post_id":"22974","title":null,"description":null,"keywords":null,"keyphrases":{"focus":{"keyphrase":"","score":0,"analysis":{"keyphraseInTitle":{"score":0,"maxScore":9,"error":1}}},"additional":[]},"primary_term":null,"canonical_url":null,"og_title":null,"og_description":null,"og_object_type":"default","og_image_type":"default","og_image_url":null,"og_image_width":null,"og_image_height":null,"og_image_custom_url":null,"og_image_custom_fields":null,"og_video":"","og_custom_url":null,"og_article_section":null,"og_article_tags":null,"twitter_use_og":false,"twitter_card":"default","twitter_image_type":"default","twitter_image_url":null,"twitter_image_custom_url":null,"twitter_image_custom_fields":null,"twitter_title":null,"twitter_description":null,"schema":{"blockGraphs":[],"customGraphs":[],"default":{"data":{"Article":[],"Course":[],"Dataset":[],"FAQPage":[],"Movie":[],"Person":[],"Product":[],"ProductReview":[],"Car":[],"Recipe":[],"Service":[],"SoftwareApplication":[],"WebPage":[]},"graphName":"Product","isEnabled":true},"graphs":[]},"schema_type":"default","schema_type_options":null,"pillar_content":false,"robots_default":true,"robots_noindex":false,"robots_noarchive":false,"robots_nosnippet":false,"robots_nofollow":false,"robots_noimageindex":false,"robots_noodp":false,"robots_notranslate":false,"robots_max_snippet":"-1","robots_max_videopreview":"-1","robots_max_imagepreview":"large","priority":null,"frequency":"default","local_seo":null,"seo_analyzer_scan_date":"2025-10-08 23:47:36","breadcrumb_settings":null,"limit_modified_date":false,"open_ai":"{\"title\":{\"suggestions\":[],\"usage\":0},\"description\":{\"suggestions\":[],\"usage\":0}}","ai":{"faqs":[],"keyPoints":[],"titles":[],"descriptions":[],"socialPosts":{"email":[],"linkedin":[],"twitter":[],"facebook":[],"instagram":[]}},"created":"2024-02-22 12:33:57","updated":"2025-10-21 23:35:36"},"aioseo_breadcrumb":"<div class=\"aioseo-breadcrumbs\"><span class=\"aioseo-breadcrumb\">\n\t<a href=\"https:\/\/kornita.lt\/en\/\" title=\"Home\">Home<\/a>\n<\/span><span class=\"aioseo-breadcrumb-separator\">&raquo;<\/span><span class=\"aioseo-breadcrumb\">\n\t<a href=\"https:\/\/kornita.lt\/en\/shop-2\/\" title=\"Shop\">Shop<\/a>\n<\/span><span class=\"aioseo-breadcrumb-separator\">&raquo;<\/span><span class=\"aioseo-breadcrumb\">\n\t<a href=\"https:\/\/kornita.lt\/en\/product-category\/akcijos\/\" title=\"AKCIJOS\">AKCIJOS<\/a>\n<\/span><span class=\"aioseo-breadcrumb-separator\">&raquo;<\/span><span class=\"aioseo-breadcrumb\">\n\tCoco Farm Maca \u0161akn\u0173 milteliai i\u0161 tradicin\u0117s Peru medicinos, nerv\u0173 sistemos apsaugai 250g\n<\/span><\/div>","aioseo_breadcrumb_json":[{"label":"Home","link":"https:\/\/kornita.lt\/en\/"},{"label":"Shop","link":"https:\/\/kornita.lt\/en\/shop-2\/"},{"label":"AKCIJOS","link":"https:\/\/kornita.lt\/en\/product-category\/akcijos\/"},{"label":"Coco Farm Maca \u0161akn\u0173 milteliai i\u0161 tradicin\u0117s Peru medicinos, nerv\u0173 sistemos apsaugai 250g","link":"https:\/\/kornita.lt\/en\/shop\/akcijos\/coco-farm-maca-saknu-milteliai-is-tradicines-peru-medicinos-nervu-sistemos-apsaugai-250g\/"}],"_links":{"self":[{"href":"https:\/\/kornita.lt\/en\/wp-json\/wp\/v2\/product\/22974","targetHints":{"allow":["GET"]}}],"collection":[{"href":"https:\/\/kornita.lt\/en\/wp-json\/wp\/v2\/product"}],"about":[{"href":"https:\/\/kornita.lt\/en\/wp-json\/wp\/v2\/types\/product"}],"replies":[{"embeddable":true,"href":"https:\/\/kornita.lt\/en\/wp-json\/wp\/v2\/comments?post=22974"}],"version-history":[{"count":3,"href":"https:\/\/kornita.lt\/en\/wp-json\/wp\/v2\/product\/22974\/revisions"}],"predecessor-version":[{"id":25669,"href":"https:\/\/kornita.lt\/en\/wp-json\/wp\/v2\/product\/22974\/revisions\/25669"}],"wp:featuredmedia":[{"embeddable":true,"href":"https:\/\/kornita.lt\/en\/wp-json\/wp\/v2\/media\/22975"}],"wp:attachment":[{"href":"https:\/\/kornita.lt\/en\/wp-json\/wp\/v2\/media?parent=22974"}],"wp:term":[{"taxonomy":"product_brand","embeddable":true,"href":"https:\/\/kornita.lt\/en\/wp-json\/wp\/v2\/product_brand?post=22974"},{"taxonomy":"product_cat","embeddable":true,"href":"https:\/\/kornita.lt\/en\/wp-json\/wp\/v2\/product_cat?post=22974"},{"taxonomy":"product_tag","embeddable":true,"href":"https:\/\/kornita.lt\/en\/wp-json\/wp\/v2\/product_tag?post=22974"}],"curies":[{"name":"wp","href":"https:\/\/api.w.org\/{rel}","templated":true}]}}