{"id":22967,"date":"2024-03-08T13:34:33","date_gmt":"2024-03-08T13:34:33","guid":{"rendered":"https:\/\/kornita.lt\/?post_type=product&#038;p=22967"},"modified":"2025-11-18T12:45:49","modified_gmt":"2025-11-18T12:45:49","slug":"coco-farm-lucuma-vaisiu-milteliai-vitamininis-cukraus-pakaitalas-vertingas-inku-auksas-250g","status":"publish","type":"product","link":"https:\/\/kornita.lt\/en\/shop\/akcijos\/coco-farm-lucuma-vaisiu-milteliai-vitamininis-cukraus-pakaitalas-vertingas-inku-auksas-250g\/","title":{"rendered":"Coco Farm lucuma vaisi\u0173 milteliai, vitamininis cukraus pakaitalas, vertingas &#8220;ink\u0173 auksas&#8221; 250g"},"content":{"rendered":"<h2>Lucuma vaisi\u0173 milteliai, vitamininis cukraus pakaitalas, vertingas &#8220;ink\u0173 auksas&#8221; 250g<\/h2>\n<p>Galiojimo laikas iki 2025-11-10<\/p>\n<p>\u201eLucuma BIO vaisi\u0173 milteliai, vitamininis cukraus pakaitalas, vertingas \u201eink\u0173 auksas\u201c.<\/p>\n<p>Lucuma milteliai gaminami d\u017eiovinant ir sumalant Piet\u0173 Amerikoje aptinkamo Pouteria lucuma med\u017eio vaisius. Procesas vyksta \u017eemoje temperat\u016broje, kad b\u016bt\u0173 i\u0161saugoti \u0161vie\u017ei\u0173 vaisi\u0173 vitaminai ir maistin\u0117 vert\u0117. Lucuma d\u0117l savo sveikat\u0105 stiprinan\u010di\u0173 savybi\u0173 vadinama \u201eInk\u0173 auksu\u201c. Tai Peru supermaistas, galintis pakeisti cukr\u0173.<br \/>\nLucuma galime naudoti kaip baltojo cukraus ar saldikli\u0173 vitamin\u0173 pakaital\u0105. Jis yra saldaus skonio, o milteli\u0173 pavidalo d\u0117ka j\u012f s\u0117kmingai galima d\u0117ti \u012f kepinius, pyragus, blynus, taip pat \u012f g\u0117rimus, pvz. kokteiliai, kava ar arbata.<br \/>\nLucuma yra nat\u016bralus, sveikas cukraus pakaitalas. J\u012f tikrai \u012fvertins fizi\u0161kai aktyv\u016bs, liekn\u0117jan\u010di\u0173 diet\u0173 besilaikantys ir baltojo cukraus vengiantys \u017emon\u0117s. Lukuma yra nat\u016bralus saldiklis ir verting\u0173 mikro ir makro ingredient\u0173, daugiausia polifenoli\u0173, vitamino C ir kalio, \u0161altinis.<\/p>\n","protected":false},"excerpt":{"rendered":"<p>Lucuma vaisi\u0173 milteliai, vitamininis cukraus pakaitalas, vertingas &#8220;ink\u0173 auksas&#8221; 250g Galiojimo laikas iki 2025-11-10 \u201eLucuma BIO vaisi\u0173 milteliai, vitamininis cukraus<\/p>\n","protected":false},"featured_media":22971,"comment_status":"open","ping_status":"closed","template":"","meta":[],"product_brand":[],"product_cat":[62,63,215],"product_tag":[],"class_list":{"0":"post-22967","1":"product","2":"type-product","3":"status-publish","4":"has-post-thumbnail","6":"product_cat-akcijos","7":"product_cat-cukraus-pakaitalai","8":"product_cat-miltai-miltu-misiniai","9":"product_shipping_class-pristatymas","11":"first","12":"outofstock","13":"sale","14":"taxable","15":"shipping-taxable","16":"purchasable","17":"product-type-simple"},"aioseo_notices":[],"aioseo_head":"\n\t\t<!-- All in One SEO Pro 4.9.5.2 - aioseo.com -->\n\t<meta name=\"description\" content=\"Lucuma vaisi\u0173 milteliai, vitamininis cukraus pakaitalas, vertingas &quot;ink\u0173 auksas&quot; 250g Galiojimo laikas iki 2025-11-10 \u201eLucuma BIO vaisi\u0173 milteliai, vitamininis cukraus pakaitalas, vertingas \u201eink\u0173 auksas\u201c. Lucuma milteliai gaminami d\u017eiovinant ir sumalant Piet\u0173 Amerikoje aptinkamo Pouteria lucuma med\u017eio vaisius. Procesas vyksta \u017eemoje temperat\u016broje, kad b\u016bt\u0173 i\u0161saugoti \u0161vie\u017ei\u0173 vaisi\u0173 vitaminai ir maistin\u0117 vert\u0117. Lucuma d\u0117l savo sveikat\u0105 stiprinan\u010di\u0173\" \/>\n\t<meta name=\"robots\" content=\"max-image-preview:large\" \/>\n\t<link rel=\"canonical\" href=\"https:\/\/kornita.lt\/en\/shop\/akcijos\/coco-farm-lucuma-vaisiu-milteliai-vitamininis-cukraus-pakaitalas-vertingas-inku-auksas-250g\/\" \/>\n\t<meta name=\"generator\" content=\"All in One SEO Pro (AIOSEO) 4.9.5.2\" \/>\n\t\t<meta property=\"og:locale\" content=\"en_US\" \/>\n\t\t<meta property=\"og:site_name\" content=\"kornita -\" \/>\n\t\t<meta property=\"og:type\" content=\"article\" \/>\n\t\t<meta property=\"og:title\" content=\"Coco Farm lucuma vaisi\u0173 milteliai, vitamininis cukraus pakaitalas, vertingas \u201cink\u0173 auksas\u201d 250g - kornita\" \/>\n\t\t<meta property=\"og:description\" content=\"Lucuma vaisi\u0173 milteliai, vitamininis cukraus pakaitalas, vertingas &quot;ink\u0173 auksas&quot; 250g Galiojimo laikas iki 2025-11-10 \u201eLucuma BIO vaisi\u0173 milteliai, vitamininis cukraus pakaitalas, vertingas \u201eink\u0173 auksas\u201c. Lucuma milteliai gaminami d\u017eiovinant ir sumalant Piet\u0173 Amerikoje aptinkamo Pouteria lucuma med\u017eio vaisius. Procesas vyksta \u017eemoje temperat\u016broje, kad b\u016bt\u0173 i\u0161saugoti \u0161vie\u017ei\u0173 vaisi\u0173 vitaminai ir maistin\u0117 vert\u0117. Lucuma d\u0117l savo sveikat\u0105 stiprinan\u010di\u0173\" \/>\n\t\t<meta property=\"og:url\" content=\"https:\/\/kornita.lt\/en\/shop\/akcijos\/coco-farm-lucuma-vaisiu-milteliai-vitamininis-cukraus-pakaitalas-vertingas-inku-auksas-250g\/\" \/>\n\t\t<meta property=\"og:image\" content=\"https:\/\/kornita.webfactory.lt\/wp-content\/uploads\/2023\/04\/korni-el-prekyba.png\" \/>\n\t\t<meta property=\"og:image:secure_url\" content=\"https:\/\/kornita.webfactory.lt\/wp-content\/uploads\/2023\/04\/korni-el-prekyba.png\" \/>\n\t\t<meta property=\"article:published_time\" content=\"2024-03-08T13:34:33+00:00\" \/>\n\t\t<meta property=\"article:modified_time\" content=\"2025-11-18T12:45:49+00:00\" \/>\n\t\t<meta property=\"article:publisher\" content=\"https:\/\/www.facebook.com\/kornita.lt\" \/>\n\t\t<meta name=\"twitter:card\" content=\"summary_large_image\" \/>\n\t\t<meta name=\"twitter:title\" content=\"Coco Farm lucuma vaisi\u0173 milteliai, vitamininis cukraus pakaitalas, vertingas \u201cink\u0173 auksas\u201d 250g - kornita\" \/>\n\t\t<meta name=\"twitter:description\" content=\"Lucuma vaisi\u0173 milteliai, vitamininis cukraus pakaitalas, vertingas &quot;ink\u0173 auksas&quot; 250g Galiojimo laikas iki 2025-11-10 \u201eLucuma BIO vaisi\u0173 milteliai, vitamininis cukraus pakaitalas, vertingas \u201eink\u0173 auksas\u201c. Lucuma milteliai gaminami d\u017eiovinant ir sumalant Piet\u0173 Amerikoje aptinkamo Pouteria lucuma med\u017eio vaisius. Procesas vyksta \u017eemoje temperat\u016broje, kad b\u016bt\u0173 i\u0161saugoti \u0161vie\u017ei\u0173 vaisi\u0173 vitaminai ir maistin\u0117 vert\u0117. Lucuma d\u0117l savo sveikat\u0105 stiprinan\u010di\u0173\" \/>\n\t\t<meta name=\"twitter:image\" content=\"http:\/\/kornita.webfactory.lt\/wp-content\/uploads\/2023\/04\/korni-el-prekyba.png\" \/>\n\t\t<script type=\"application\/ld+json\" class=\"aioseo-schema\">\n\t\t\t{\"@context\":\"https:\\\/\\\/schema.org\",\"@graph\":[{\"@type\":\"BreadcrumbList\",\"@id\":\"https:\\\/\\\/kornita.lt\\\/en\\\/shop\\\/akcijos\\\/coco-farm-lucuma-vaisiu-milteliai-vitamininis-cukraus-pakaitalas-vertingas-inku-auksas-250g\\\/#breadcrumblist\",\"itemListElement\":[{\"@type\":\"ListItem\",\"@id\":\"https:\\\/\\\/kornita.lt\\\/en\\\/#listItem\",\"position\":1,\"name\":\"Home\",\"item\":\"https:\\\/\\\/kornita.lt\\\/en\\\/\",\"nextItem\":{\"@type\":\"ListItem\",\"@id\":\"https:\\\/\\\/kornita.lt\\\/en\\\/shop-2\\\/#listItem\",\"name\":\"Shop\"}},{\"@type\":\"ListItem\",\"@id\":\"https:\\\/\\\/kornita.lt\\\/en\\\/shop-2\\\/#listItem\",\"position\":2,\"name\":\"Shop\",\"item\":\"https:\\\/\\\/kornita.lt\\\/en\\\/shop-2\\\/\",\"nextItem\":{\"@type\":\"ListItem\",\"@id\":\"https:\\\/\\\/kornita.lt\\\/en\\\/product-category\\\/akcijos\\\/#listItem\",\"name\":\"AKCIJOS\"},\"previousItem\":{\"@type\":\"ListItem\",\"@id\":\"https:\\\/\\\/kornita.lt\\\/en\\\/#listItem\",\"name\":\"Home\"}},{\"@type\":\"ListItem\",\"@id\":\"https:\\\/\\\/kornita.lt\\\/en\\\/product-category\\\/akcijos\\\/#listItem\",\"position\":3,\"name\":\"AKCIJOS\",\"item\":\"https:\\\/\\\/kornita.lt\\\/en\\\/product-category\\\/akcijos\\\/\",\"nextItem\":{\"@type\":\"ListItem\",\"@id\":\"https:\\\/\\\/kornita.lt\\\/en\\\/shop\\\/akcijos\\\/coco-farm-lucuma-vaisiu-milteliai-vitamininis-cukraus-pakaitalas-vertingas-inku-auksas-250g\\\/#listItem\",\"name\":\"Coco Farm lucuma vaisi\\u0173 milteliai, vitamininis cukraus pakaitalas, vertingas &#8220;ink\\u0173 auksas&#8221; 250g\"},\"previousItem\":{\"@type\":\"ListItem\",\"@id\":\"https:\\\/\\\/kornita.lt\\\/en\\\/shop-2\\\/#listItem\",\"name\":\"Shop\"}},{\"@type\":\"ListItem\",\"@id\":\"https:\\\/\\\/kornita.lt\\\/en\\\/shop\\\/akcijos\\\/coco-farm-lucuma-vaisiu-milteliai-vitamininis-cukraus-pakaitalas-vertingas-inku-auksas-250g\\\/#listItem\",\"position\":4,\"name\":\"Coco Farm lucuma vaisi\\u0173 milteliai, vitamininis cukraus pakaitalas, vertingas &#8220;ink\\u0173 auksas&#8221; 250g\",\"previousItem\":{\"@type\":\"ListItem\",\"@id\":\"https:\\\/\\\/kornita.lt\\\/en\\\/product-category\\\/akcijos\\\/#listItem\",\"name\":\"AKCIJOS\"}}]},{\"@type\":\"Organization\",\"@id\":\"https:\\\/\\\/kornita.lt\\\/en\\\/#organization\",\"name\":\"kornita\",\"url\":\"https:\\\/\\\/kornita.lt\\\/en\\\/\",\"telephone\":\"+37068581463\",\"logo\":{\"@type\":\"ImageObject\",\"url\":\"http:\\\/\\\/kornita.webfactory.lt\\\/wp-content\\\/uploads\\\/2023\\\/04\\\/korni-el-prekyba.png\",\"@id\":\"https:\\\/\\\/kornita.lt\\\/en\\\/shop\\\/akcijos\\\/coco-farm-lucuma-vaisiu-milteliai-vitamininis-cukraus-pakaitalas-vertingas-inku-auksas-250g\\\/#organizationLogo\"},\"image\":{\"@id\":\"https:\\\/\\\/kornita.lt\\\/en\\\/shop\\\/akcijos\\\/coco-farm-lucuma-vaisiu-milteliai-vitamininis-cukraus-pakaitalas-vertingas-inku-auksas-250g\\\/#organizationLogo\"},\"sameAs\":[\"https:\\\/\\\/www.facebook.com\\\/kornita.lt\"]},{\"@type\":\"Product\",\"@id\":\"https:\\\/\\\/kornita.lt\\\/en\\\/shop\\\/akcijos\\\/coco-farm-lucuma-vaisiu-milteliai-vitamininis-cukraus-pakaitalas-vertingas-inku-auksas-250g\\\/#wooCommerceProduct\",\"name\":\"Coco Farm lucuma vaisi\\u0173 milteliai, vitamininis cukraus pakaitalas, vertingas \\\"ink\\u0173 auksas\\\" 250g\",\"url\":\"https:\\\/\\\/kornita.lt\\\/en\\\/shop\\\/akcijos\\\/coco-farm-lucuma-vaisiu-milteliai-vitamininis-cukraus-pakaitalas-vertingas-inku-auksas-250g\\\/\",\"sku\":\"5904161870159\",\"image\":{\"@type\":\"ImageObject\",\"url\":\"https:\\\/\\\/kornita.lt\\\/wp-content\\\/uploads\\\/2024\\\/02\\\/Coco-Farm-lucuma-vaisiu-milteliai-vitamininis-cukraus-pakaitalas-vertingas-inku-auksas-250g.jpg\",\"@id\":\"https:\\\/\\\/kornita.lt\\\/en\\\/shop\\\/akcijos\\\/coco-farm-lucuma-vaisiu-milteliai-vitamininis-cukraus-pakaitalas-vertingas-inku-auksas-250g\\\/#productImage\",\"width\":1486,\"height\":1989},\"offers\":{\"@type\":\"Offer\",\"url\":\"https:\\\/\\\/kornita.lt\\\/en\\\/shop\\\/akcijos\\\/coco-farm-lucuma-vaisiu-milteliai-vitamininis-cukraus-pakaitalas-vertingas-inku-auksas-250g\\\/#wooCommerceOffer\",\"price\":4.17,\"priceCurrency\":\"EUR\",\"category\":\"AKCIJOS\",\"availability\":\"https:\\\/\\\/schema.org\\\/OutOfStock\",\"priceSpecification\":{\"@type\":\"PriceSpecification\",\"price\":4.17,\"priceCurrency\":\"EUR\",\"valueAddedTaxIncluded\":\"true\"},\"seller\":{\"@type\":\"Organization\",\"@id\":\"https:\\\/\\\/kornita.lt\\\/en\\\/#organization\"}}},{\"@type\":\"WebPage\",\"@id\":\"https:\\\/\\\/kornita.lt\\\/en\\\/shop\\\/akcijos\\\/coco-farm-lucuma-vaisiu-milteliai-vitamininis-cukraus-pakaitalas-vertingas-inku-auksas-250g\\\/#webpage\",\"url\":\"https:\\\/\\\/kornita.lt\\\/en\\\/shop\\\/akcijos\\\/coco-farm-lucuma-vaisiu-milteliai-vitamininis-cukraus-pakaitalas-vertingas-inku-auksas-250g\\\/\",\"name\":\"Coco Farm lucuma vaisi\\u0173 milteliai, vitamininis cukraus pakaitalas, vertingas \\u201cink\\u0173 auksas\\u201d 250g - kornita\",\"description\":\"Lucuma vaisi\\u0173 milteliai, vitamininis cukraus pakaitalas, vertingas \\\"ink\\u0173 auksas\\\" 250g Galiojimo laikas iki 2025-11-10 \\u201eLucuma BIO vaisi\\u0173 milteliai, vitamininis cukraus pakaitalas, vertingas \\u201eink\\u0173 auksas\\u201c. Lucuma milteliai gaminami d\\u017eiovinant ir sumalant Piet\\u0173 Amerikoje aptinkamo Pouteria lucuma med\\u017eio vaisius. Procesas vyksta \\u017eemoje temperat\\u016broje, kad b\\u016bt\\u0173 i\\u0161saugoti \\u0161vie\\u017ei\\u0173 vaisi\\u0173 vitaminai ir maistin\\u0117 vert\\u0117. Lucuma d\\u0117l savo sveikat\\u0105 stiprinan\\u010di\\u0173\",\"inLanguage\":\"en-US\",\"isPartOf\":{\"@id\":\"https:\\\/\\\/kornita.lt\\\/en\\\/#website\"},\"breadcrumb\":{\"@id\":\"https:\\\/\\\/kornita.lt\\\/en\\\/shop\\\/akcijos\\\/coco-farm-lucuma-vaisiu-milteliai-vitamininis-cukraus-pakaitalas-vertingas-inku-auksas-250g\\\/#breadcrumblist\"},\"image\":{\"@type\":\"ImageObject\",\"url\":\"https:\\\/\\\/kornita.lt\\\/wp-content\\\/uploads\\\/2024\\\/02\\\/Coco-Farm-lucuma-vaisiu-milteliai-vitamininis-cukraus-pakaitalas-vertingas-inku-auksas-250g.jpg\",\"@id\":\"https:\\\/\\\/kornita.lt\\\/en\\\/shop\\\/akcijos\\\/coco-farm-lucuma-vaisiu-milteliai-vitamininis-cukraus-pakaitalas-vertingas-inku-auksas-250g\\\/#mainImage\",\"width\":1486,\"height\":1989},\"primaryImageOfPage\":{\"@id\":\"https:\\\/\\\/kornita.lt\\\/en\\\/shop\\\/akcijos\\\/coco-farm-lucuma-vaisiu-milteliai-vitamininis-cukraus-pakaitalas-vertingas-inku-auksas-250g\\\/#mainImage\"},\"datePublished\":\"2024-03-08T13:34:33+00:00\",\"dateModified\":\"2025-11-18T12:45:49+00:00\"},{\"@type\":\"WebSite\",\"@id\":\"https:\\\/\\\/kornita.lt\\\/en\\\/#website\",\"url\":\"https:\\\/\\\/kornita.lt\\\/en\\\/\",\"name\":\"kornita\",\"inLanguage\":\"en-US\",\"publisher\":{\"@id\":\"https:\\\/\\\/kornita.lt\\\/en\\\/#organization\"}}]}\n\t\t<\/script>\n\t\t<!-- All in One SEO Pro -->\r\n\t\t<title>Coco Farm lucuma vaisi\u0173 milteliai, vitamininis cukraus pakaitalas, vertingas \u201cink\u0173 auksas\u201d 250g - kornita<\/title>\n\n","aioseo_head_json":{"title":"Coco Farm lucuma vaisi\u0173 milteliai, vitamininis cukraus pakaitalas, vertingas \u201cink\u0173 auksas\u201d 250g - kornita","description":"Lucuma vaisi\u0173 milteliai, vitamininis cukraus pakaitalas, vertingas \"ink\u0173 auksas\" 250g Galiojimo laikas iki 2025-11-10 \u201eLucuma BIO vaisi\u0173 milteliai, vitamininis cukraus pakaitalas, vertingas \u201eink\u0173 auksas\u201c. Lucuma milteliai gaminami d\u017eiovinant ir sumalant Piet\u0173 Amerikoje aptinkamo Pouteria lucuma med\u017eio vaisius. Procesas vyksta \u017eemoje temperat\u016broje, kad b\u016bt\u0173 i\u0161saugoti \u0161vie\u017ei\u0173 vaisi\u0173 vitaminai ir maistin\u0117 vert\u0117. Lucuma d\u0117l savo sveikat\u0105 stiprinan\u010di\u0173","canonical_url":"https:\/\/kornita.lt\/en\/shop\/akcijos\/coco-farm-lucuma-vaisiu-milteliai-vitamininis-cukraus-pakaitalas-vertingas-inku-auksas-250g\/","robots":"max-image-preview:large","keywords":"","webmasterTools":{"miscellaneous":""},"schema":{"@context":"https:\/\/schema.org","@graph":[{"@type":"BreadcrumbList","@id":"https:\/\/kornita.lt\/en\/shop\/akcijos\/coco-farm-lucuma-vaisiu-milteliai-vitamininis-cukraus-pakaitalas-vertingas-inku-auksas-250g\/#breadcrumblist","itemListElement":[{"@type":"ListItem","@id":"https:\/\/kornita.lt\/en\/#listItem","position":1,"name":"Home","item":"https:\/\/kornita.lt\/en\/","nextItem":{"@type":"ListItem","@id":"https:\/\/kornita.lt\/en\/shop-2\/#listItem","name":"Shop"}},{"@type":"ListItem","@id":"https:\/\/kornita.lt\/en\/shop-2\/#listItem","position":2,"name":"Shop","item":"https:\/\/kornita.lt\/en\/shop-2\/","nextItem":{"@type":"ListItem","@id":"https:\/\/kornita.lt\/en\/product-category\/akcijos\/#listItem","name":"AKCIJOS"},"previousItem":{"@type":"ListItem","@id":"https:\/\/kornita.lt\/en\/#listItem","name":"Home"}},{"@type":"ListItem","@id":"https:\/\/kornita.lt\/en\/product-category\/akcijos\/#listItem","position":3,"name":"AKCIJOS","item":"https:\/\/kornita.lt\/en\/product-category\/akcijos\/","nextItem":{"@type":"ListItem","@id":"https:\/\/kornita.lt\/en\/shop\/akcijos\/coco-farm-lucuma-vaisiu-milteliai-vitamininis-cukraus-pakaitalas-vertingas-inku-auksas-250g\/#listItem","name":"Coco Farm lucuma vaisi\u0173 milteliai, vitamininis cukraus pakaitalas, vertingas &#8220;ink\u0173 auksas&#8221; 250g"},"previousItem":{"@type":"ListItem","@id":"https:\/\/kornita.lt\/en\/shop-2\/#listItem","name":"Shop"}},{"@type":"ListItem","@id":"https:\/\/kornita.lt\/en\/shop\/akcijos\/coco-farm-lucuma-vaisiu-milteliai-vitamininis-cukraus-pakaitalas-vertingas-inku-auksas-250g\/#listItem","position":4,"name":"Coco Farm lucuma vaisi\u0173 milteliai, vitamininis cukraus pakaitalas, vertingas &#8220;ink\u0173 auksas&#8221; 250g","previousItem":{"@type":"ListItem","@id":"https:\/\/kornita.lt\/en\/product-category\/akcijos\/#listItem","name":"AKCIJOS"}}]},{"@type":"Organization","@id":"https:\/\/kornita.lt\/en\/#organization","name":"kornita","url":"https:\/\/kornita.lt\/en\/","telephone":"+37068581463","logo":{"@type":"ImageObject","url":"http:\/\/kornita.webfactory.lt\/wp-content\/uploads\/2023\/04\/korni-el-prekyba.png","@id":"https:\/\/kornita.lt\/en\/shop\/akcijos\/coco-farm-lucuma-vaisiu-milteliai-vitamininis-cukraus-pakaitalas-vertingas-inku-auksas-250g\/#organizationLogo"},"image":{"@id":"https:\/\/kornita.lt\/en\/shop\/akcijos\/coco-farm-lucuma-vaisiu-milteliai-vitamininis-cukraus-pakaitalas-vertingas-inku-auksas-250g\/#organizationLogo"},"sameAs":["https:\/\/www.facebook.com\/kornita.lt"]},{"@type":"Product","@id":"https:\/\/kornita.lt\/en\/shop\/akcijos\/coco-farm-lucuma-vaisiu-milteliai-vitamininis-cukraus-pakaitalas-vertingas-inku-auksas-250g\/#wooCommerceProduct","name":"Coco Farm lucuma vaisi\u0173 milteliai, vitamininis cukraus pakaitalas, vertingas \"ink\u0173 auksas\" 250g","url":"https:\/\/kornita.lt\/en\/shop\/akcijos\/coco-farm-lucuma-vaisiu-milteliai-vitamininis-cukraus-pakaitalas-vertingas-inku-auksas-250g\/","sku":"5904161870159","image":{"@type":"ImageObject","url":"https:\/\/kornita.lt\/wp-content\/uploads\/2024\/02\/Coco-Farm-lucuma-vaisiu-milteliai-vitamininis-cukraus-pakaitalas-vertingas-inku-auksas-250g.jpg","@id":"https:\/\/kornita.lt\/en\/shop\/akcijos\/coco-farm-lucuma-vaisiu-milteliai-vitamininis-cukraus-pakaitalas-vertingas-inku-auksas-250g\/#productImage","width":1486,"height":1989},"offers":{"@type":"Offer","url":"https:\/\/kornita.lt\/en\/shop\/akcijos\/coco-farm-lucuma-vaisiu-milteliai-vitamininis-cukraus-pakaitalas-vertingas-inku-auksas-250g\/#wooCommerceOffer","price":4.17,"priceCurrency":"EUR","category":"AKCIJOS","availability":"https:\/\/schema.org\/OutOfStock","priceSpecification":{"@type":"PriceSpecification","price":4.17,"priceCurrency":"EUR","valueAddedTaxIncluded":"true"},"seller":{"@type":"Organization","@id":"https:\/\/kornita.lt\/en\/#organization"}}},{"@type":"WebPage","@id":"https:\/\/kornita.lt\/en\/shop\/akcijos\/coco-farm-lucuma-vaisiu-milteliai-vitamininis-cukraus-pakaitalas-vertingas-inku-auksas-250g\/#webpage","url":"https:\/\/kornita.lt\/en\/shop\/akcijos\/coco-farm-lucuma-vaisiu-milteliai-vitamininis-cukraus-pakaitalas-vertingas-inku-auksas-250g\/","name":"Coco Farm lucuma vaisi\u0173 milteliai, vitamininis cukraus pakaitalas, vertingas \u201cink\u0173 auksas\u201d 250g - kornita","description":"Lucuma vaisi\u0173 milteliai, vitamininis cukraus pakaitalas, vertingas \"ink\u0173 auksas\" 250g Galiojimo laikas iki 2025-11-10 \u201eLucuma BIO vaisi\u0173 milteliai, vitamininis cukraus pakaitalas, vertingas \u201eink\u0173 auksas\u201c. Lucuma milteliai gaminami d\u017eiovinant ir sumalant Piet\u0173 Amerikoje aptinkamo Pouteria lucuma med\u017eio vaisius. Procesas vyksta \u017eemoje temperat\u016broje, kad b\u016bt\u0173 i\u0161saugoti \u0161vie\u017ei\u0173 vaisi\u0173 vitaminai ir maistin\u0117 vert\u0117. Lucuma d\u0117l savo sveikat\u0105 stiprinan\u010di\u0173","inLanguage":"en-US","isPartOf":{"@id":"https:\/\/kornita.lt\/en\/#website"},"breadcrumb":{"@id":"https:\/\/kornita.lt\/en\/shop\/akcijos\/coco-farm-lucuma-vaisiu-milteliai-vitamininis-cukraus-pakaitalas-vertingas-inku-auksas-250g\/#breadcrumblist"},"image":{"@type":"ImageObject","url":"https:\/\/kornita.lt\/wp-content\/uploads\/2024\/02\/Coco-Farm-lucuma-vaisiu-milteliai-vitamininis-cukraus-pakaitalas-vertingas-inku-auksas-250g.jpg","@id":"https:\/\/kornita.lt\/en\/shop\/akcijos\/coco-farm-lucuma-vaisiu-milteliai-vitamininis-cukraus-pakaitalas-vertingas-inku-auksas-250g\/#mainImage","width":1486,"height":1989},"primaryImageOfPage":{"@id":"https:\/\/kornita.lt\/en\/shop\/akcijos\/coco-farm-lucuma-vaisiu-milteliai-vitamininis-cukraus-pakaitalas-vertingas-inku-auksas-250g\/#mainImage"},"datePublished":"2024-03-08T13:34:33+00:00","dateModified":"2025-11-18T12:45:49+00:00"},{"@type":"WebSite","@id":"https:\/\/kornita.lt\/en\/#website","url":"https:\/\/kornita.lt\/en\/","name":"kornita","inLanguage":"en-US","publisher":{"@id":"https:\/\/kornita.lt\/en\/#organization"}}]},"og:locale":"en_US","og:site_name":"kornita -","og:type":"article","og:title":"Coco Farm lucuma vaisi\u0173 milteliai, vitamininis cukraus pakaitalas, vertingas \u201cink\u0173 auksas\u201d 250g - kornita","og:description":"Lucuma vaisi\u0173 milteliai, vitamininis cukraus pakaitalas, vertingas &quot;ink\u0173 auksas&quot; 250g Galiojimo laikas iki 2025-11-10 \u201eLucuma BIO vaisi\u0173 milteliai, vitamininis cukraus pakaitalas, vertingas \u201eink\u0173 auksas\u201c. Lucuma milteliai gaminami d\u017eiovinant ir sumalant Piet\u0173 Amerikoje aptinkamo Pouteria lucuma med\u017eio vaisius. Procesas vyksta \u017eemoje temperat\u016broje, kad b\u016bt\u0173 i\u0161saugoti \u0161vie\u017ei\u0173 vaisi\u0173 vitaminai ir maistin\u0117 vert\u0117. Lucuma d\u0117l savo sveikat\u0105 stiprinan\u010di\u0173","og:url":"https:\/\/kornita.lt\/en\/shop\/akcijos\/coco-farm-lucuma-vaisiu-milteliai-vitamininis-cukraus-pakaitalas-vertingas-inku-auksas-250g\/","og:image":"https:\/\/kornita.webfactory.lt\/wp-content\/uploads\/2023\/04\/korni-el-prekyba.png","og:image:secure_url":"https:\/\/kornita.webfactory.lt\/wp-content\/uploads\/2023\/04\/korni-el-prekyba.png","article:published_time":"2024-03-08T13:34:33+00:00","article:modified_time":"2025-11-18T12:45:49+00:00","article:publisher":"https:\/\/www.facebook.com\/kornita.lt","twitter:card":"summary_large_image","twitter:title":"Coco Farm lucuma vaisi\u0173 milteliai, vitamininis cukraus pakaitalas, vertingas \u201cink\u0173 auksas\u201d 250g - kornita","twitter:description":"Lucuma vaisi\u0173 milteliai, vitamininis cukraus pakaitalas, vertingas &quot;ink\u0173 auksas&quot; 250g Galiojimo laikas iki 2025-11-10 \u201eLucuma BIO vaisi\u0173 milteliai, vitamininis cukraus pakaitalas, vertingas \u201eink\u0173 auksas\u201c. Lucuma milteliai gaminami d\u017eiovinant ir sumalant Piet\u0173 Amerikoje aptinkamo Pouteria lucuma med\u017eio vaisius. Procesas vyksta \u017eemoje temperat\u016broje, kad b\u016bt\u0173 i\u0161saugoti \u0161vie\u017ei\u0173 vaisi\u0173 vitaminai ir maistin\u0117 vert\u0117. Lucuma d\u0117l savo sveikat\u0105 stiprinan\u010di\u0173","twitter:image":"http:\/\/kornita.webfactory.lt\/wp-content\/uploads\/2023\/04\/korni-el-prekyba.png"},"aioseo_meta_data":{"post_id":"22967","title":"#post_title #separator_sa #site_title","description":"#post_excerpt","keywords":null,"keyphrases":{"focus":{"keyphrase":"","score":0,"analysis":{"keyphraseInTitle":{"score":0,"maxScore":9,"error":1}}},"additional":[]},"primary_term":null,"canonical_url":null,"og_title":null,"og_description":null,"og_object_type":"default","og_image_type":"default","og_image_url":null,"og_image_width":null,"og_image_height":null,"og_image_custom_url":null,"og_image_custom_fields":null,"og_video":"","og_custom_url":null,"og_article_section":null,"og_article_tags":null,"twitter_use_og":false,"twitter_card":"default","twitter_image_type":"default","twitter_image_url":null,"twitter_image_custom_url":null,"twitter_image_custom_fields":null,"twitter_title":null,"twitter_description":null,"schema":{"blockGraphs":[],"customGraphs":[],"default":{"data":{"Article":[],"Course":[],"Dataset":[],"FAQPage":[],"Movie":[],"Person":[],"Product":[],"ProductReview":[],"Car":[],"Recipe":[],"Service":[],"SoftwareApplication":[],"WebPage":[]},"graphName":"Product","isEnabled":true},"graphs":[]},"schema_type":"default","schema_type_options":null,"pillar_content":false,"robots_default":true,"robots_noindex":false,"robots_noarchive":false,"robots_nosnippet":false,"robots_nofollow":false,"robots_noimageindex":false,"robots_noodp":false,"robots_notranslate":false,"robots_max_snippet":"-1","robots_max_videopreview":"-1","robots_max_imagepreview":"large","priority":null,"frequency":"default","local_seo":null,"seo_analyzer_scan_date":"2025-11-18 12:59:15","breadcrumb_settings":null,"limit_modified_date":false,"open_ai":"{\"title\":{\"suggestions\":[],\"usage\":0},\"description\":{\"suggestions\":[],\"usage\":0}}","ai":{"faqs":[],"keyPoints":[],"titles":[],"descriptions":[],"socialPosts":{"email":[],"linkedin":[],"twitter":[],"facebook":[],"instagram":[]}},"created":"2024-02-22 12:31:00","updated":"2025-11-18 12:59:15"},"aioseo_breadcrumb":"<div class=\"aioseo-breadcrumbs\"><span class=\"aioseo-breadcrumb\">\n\t<a href=\"https:\/\/kornita.lt\/en\/\" title=\"Home\">Home<\/a>\n<\/span><span class=\"aioseo-breadcrumb-separator\">&raquo;<\/span><span class=\"aioseo-breadcrumb\">\n\t<a href=\"https:\/\/kornita.lt\/en\/shop-2\/\" title=\"Shop\">Shop<\/a>\n<\/span><span class=\"aioseo-breadcrumb-separator\">&raquo;<\/span><span class=\"aioseo-breadcrumb\">\n\t<a href=\"https:\/\/kornita.lt\/en\/product-category\/akcijos\/\" title=\"AKCIJOS\">AKCIJOS<\/a>\n<\/span><span class=\"aioseo-breadcrumb-separator\">&raquo;<\/span><span class=\"aioseo-breadcrumb\">\n\tCoco Farm lucuma vaisi\u0173 milteliai, vitamininis cukraus pakaitalas, vertingas \u201cink\u0173 auksas\u201d 250g\n<\/span><\/div>","aioseo_breadcrumb_json":[{"label":"Home","link":"https:\/\/kornita.lt\/en\/"},{"label":"Shop","link":"https:\/\/kornita.lt\/en\/shop-2\/"},{"label":"AKCIJOS","link":"https:\/\/kornita.lt\/en\/product-category\/akcijos\/"},{"label":"Coco Farm lucuma vaisi\u0173 milteliai, vitamininis cukraus pakaitalas, vertingas &#8220;ink\u0173 auksas&#8221; 250g","link":"https:\/\/kornita.lt\/en\/shop\/akcijos\/coco-farm-lucuma-vaisiu-milteliai-vitamininis-cukraus-pakaitalas-vertingas-inku-auksas-250g\/"}],"_links":{"self":[{"href":"https:\/\/kornita.lt\/en\/wp-json\/wp\/v2\/product\/22967","targetHints":{"allow":["GET"]}}],"collection":[{"href":"https:\/\/kornita.lt\/en\/wp-json\/wp\/v2\/product"}],"about":[{"href":"https:\/\/kornita.lt\/en\/wp-json\/wp\/v2\/types\/product"}],"replies":[{"embeddable":true,"href":"https:\/\/kornita.lt\/en\/wp-json\/wp\/v2\/comments?post=22967"}],"version-history":[{"count":3,"href":"https:\/\/kornita.lt\/en\/wp-json\/wp\/v2\/product\/22967\/revisions"}],"predecessor-version":[{"id":25759,"href":"https:\/\/kornita.lt\/en\/wp-json\/wp\/v2\/product\/22967\/revisions\/25759"}],"wp:featuredmedia":[{"embeddable":true,"href":"https:\/\/kornita.lt\/en\/wp-json\/wp\/v2\/media\/22971"}],"wp:attachment":[{"href":"https:\/\/kornita.lt\/en\/wp-json\/wp\/v2\/media?parent=22967"}],"wp:term":[{"taxonomy":"product_brand","embeddable":true,"href":"https:\/\/kornita.lt\/en\/wp-json\/wp\/v2\/product_brand?post=22967"},{"taxonomy":"product_cat","embeddable":true,"href":"https:\/\/kornita.lt\/en\/wp-json\/wp\/v2\/product_cat?post=22967"},{"taxonomy":"product_tag","embeddable":true,"href":"https:\/\/kornita.lt\/en\/wp-json\/wp\/v2\/product_tag?post=22967"}],"curies":[{"name":"wp","href":"https:\/\/api.w.org\/{rel}","templated":true}]}}