{"id":22963,"date":"2024-03-08T13:34:33","date_gmt":"2024-03-08T13:34:33","guid":{"rendered":"https:\/\/kornita.lt\/?post_type=product&#038;p=22963"},"modified":"2025-11-18T12:48:42","modified_gmt":"2025-11-18T12:48:42","slug":"coco-farm-inulino-cikorijos-skaidulu-svelnus-cukraus-pakaitalas-300g","status":"publish","type":"product","link":"https:\/\/kornita.lt\/en\/shop\/cukraus-pakaitalai\/coco-farm-inulino-cikorijos-skaidulu-svelnus-cukraus-pakaitalas-300g\/","title":{"rendered":"Coco Farm Inulino cikorijos skaidul\u0173 \u0161velnus cukraus pakaitalas 300g"},"content":{"rendered":"<h2>Coco Farm Inulino cikorijos skaidul\u0173 \u0161velnus cukraus pakaitalas 300g<\/h2>\n<p>Cikorijos inulinas pasi\u017eymi stabilizuojamomis, ri\u0161amosiomis ir tir\u0161tinimo savyb\u0117mis, tod\u0117l j\u012f galima naudoti, pavyzd\u017eiui, sriuboms, pada\u017eams tir\u0161tinti. Cikorijos skaidul\u0173 galima d\u0117ti ir \u012f duon\u0105 ar blynus, taip pat \u012f pyragus ir sausainius \u2013 yra saldaus skonio. , tod\u0117l gali pakeisti ir saldiklius ar cukr\u0173.Pakei\u010dia riebalus maiste.<br \/>\nInulinas \u2013 naudoti mityboje<br \/>\nCikorijos inulinas yra nat\u016bralus polisacharidas, kuris veikia kaip maistin\u0117s skaidulos. Jis priskiriamas prie funkcinio maisto \u2013 supermaisto. Inulinas yra nat\u016bralus prebiotikas, t.y. med\u017eiaga, kuri palaiko naudingos \u017earnyno mikrofloros dauginim\u0105si. D\u0117l to padaug\u0117ja bifidobakterij\u0173, kurios laikomos vienu i\u0161 svarbiausi\u0173 m\u016bs\u0173 organizme gyvenan\u010di\u0173 mikroorganizm\u0173. Tinkamas bifidobakterij\u0173 kiekis leid\u017eia reguliuoti cholesterolio kiek\u012f ir svarbi\u0173 mineral\u0173 \u012fsisavinim\u0105.<br \/>\nCikorijos pluo\u0161to maistin\u0117 vert\u0117 daugiausia yra skaidulos, kurios palaiko vir\u0161kinimo sistemos veikl\u0105. Inulinas puikiai tinka liekn\u0117jimo dietos besilaikantiems \u017emon\u0117ms. Jis padeda slopinti apetit\u0105 didindamas sotumo jausm\u0105 ir reguliuoja \u017earnyno veikl\u0105. Cikorijos skaidulas verta vartoti ir \u017emoni\u0173, kuriems reikia steb\u0117ti cukraus kiek\u012f kraujyje bei diabetikams, mityboje, nes jos teigiamai veikia angliavandeni\u0173 apykaitos reguliavim\u0105, o d\u0117l skaidul\u0173 savybi\u0173 l\u0117tina cukraus susidarymo proces\u0105. absorbcija \u012f krauj\u0105\u201c.<\/p>\n","protected":false},"excerpt":{"rendered":"<p>Coco Farm Inulino cikorijos skaidul\u0173 \u0161velnus cukraus pakaitalas 300g Cikorijos inulinas pasi\u017eymi stabilizuojamomis, ri\u0161amosiomis ir tir\u0161tinimo savyb\u0117mis, tod\u0117l j\u012f galima<\/p>\n","protected":false},"featured_media":22968,"comment_status":"open","ping_status":"closed","template":"","meta":[],"product_brand":[],"product_cat":[63],"product_tag":[],"class_list":{"0":"post-22963","1":"product","2":"type-product","3":"status-publish","4":"has-post-thumbnail","6":"product_cat-cukraus-pakaitalai","7":"product_shipping_class-pristatymas","9":"first","10":"outofstock","11":"taxable","12":"shipping-taxable","13":"purchasable","14":"product-type-simple"},"aioseo_notices":[],"aioseo_head":"\n\t\t<!-- All in One SEO Pro 4.9.5.2 - aioseo.com -->\n\t<meta name=\"description\" content=\"Coco Farm Inulino cikorijos skaidul\u0173 \u0161velnus cukraus pakaitalas 300g Cikorijos inulinas pasi\u017eymi stabilizuojamomis, ri\u0161amosiomis ir tir\u0161tinimo savyb\u0117mis, tod\u0117l j\u012f galima naudoti, pavyzd\u017eiui, sriuboms, pada\u017eams tir\u0161tinti. Cikorijos skaidul\u0173 galima d\u0117ti ir \u012f duon\u0105 ar blynus, taip pat \u012f pyragus ir sausainius \u2013 yra saldaus skonio. , tod\u0117l gali pakeisti ir saldiklius ar cukr\u0173.Pakei\u010dia riebalus maiste. Inulinas\" \/>\n\t<meta name=\"robots\" content=\"max-image-preview:large\" \/>\n\t<link rel=\"canonical\" href=\"https:\/\/kornita.lt\/en\/shop\/cukraus-pakaitalai\/coco-farm-inulino-cikorijos-skaidulu-svelnus-cukraus-pakaitalas-300g\/\" \/>\n\t<meta name=\"generator\" content=\"All in One SEO Pro (AIOSEO) 4.9.5.2\" \/>\n\t\t<meta property=\"og:locale\" content=\"en_US\" \/>\n\t\t<meta property=\"og:site_name\" content=\"kornita -\" \/>\n\t\t<meta property=\"og:type\" content=\"article\" \/>\n\t\t<meta property=\"og:title\" content=\"Coco Farm Inulino cikorijos skaidul\u0173 \u0161velnus cukraus pakaitalas 300g - kornita\" \/>\n\t\t<meta property=\"og:description\" content=\"Coco Farm Inulino cikorijos skaidul\u0173 \u0161velnus cukraus pakaitalas 300g Cikorijos inulinas pasi\u017eymi stabilizuojamomis, ri\u0161amosiomis ir tir\u0161tinimo savyb\u0117mis, tod\u0117l j\u012f galima naudoti, pavyzd\u017eiui, sriuboms, pada\u017eams tir\u0161tinti. Cikorijos skaidul\u0173 galima d\u0117ti ir \u012f duon\u0105 ar blynus, taip pat \u012f pyragus ir sausainius \u2013 yra saldaus skonio. , tod\u0117l gali pakeisti ir saldiklius ar cukr\u0173.Pakei\u010dia riebalus maiste. Inulinas\" \/>\n\t\t<meta property=\"og:url\" content=\"https:\/\/kornita.lt\/en\/shop\/cukraus-pakaitalai\/coco-farm-inulino-cikorijos-skaidulu-svelnus-cukraus-pakaitalas-300g\/\" \/>\n\t\t<meta property=\"og:image\" content=\"https:\/\/kornita.webfactory.lt\/wp-content\/uploads\/2023\/04\/korni-el-prekyba.png\" \/>\n\t\t<meta property=\"og:image:secure_url\" content=\"https:\/\/kornita.webfactory.lt\/wp-content\/uploads\/2023\/04\/korni-el-prekyba.png\" \/>\n\t\t<meta property=\"article:published_time\" content=\"2024-03-08T13:34:33+00:00\" \/>\n\t\t<meta property=\"article:modified_time\" content=\"2025-11-18T12:48:42+00:00\" \/>\n\t\t<meta property=\"article:publisher\" content=\"https:\/\/www.facebook.com\/kornita.lt\" \/>\n\t\t<meta name=\"twitter:card\" content=\"summary_large_image\" \/>\n\t\t<meta name=\"twitter:title\" content=\"Coco Farm Inulino cikorijos skaidul\u0173 \u0161velnus cukraus pakaitalas 300g - kornita\" \/>\n\t\t<meta name=\"twitter:description\" content=\"Coco Farm Inulino cikorijos skaidul\u0173 \u0161velnus cukraus pakaitalas 300g Cikorijos inulinas pasi\u017eymi stabilizuojamomis, ri\u0161amosiomis ir tir\u0161tinimo savyb\u0117mis, tod\u0117l j\u012f galima naudoti, pavyzd\u017eiui, sriuboms, pada\u017eams tir\u0161tinti. Cikorijos skaidul\u0173 galima d\u0117ti ir \u012f duon\u0105 ar blynus, taip pat \u012f pyragus ir sausainius \u2013 yra saldaus skonio. , tod\u0117l gali pakeisti ir saldiklius ar cukr\u0173.Pakei\u010dia riebalus maiste. Inulinas\" \/>\n\t\t<meta name=\"twitter:image\" content=\"http:\/\/kornita.webfactory.lt\/wp-content\/uploads\/2023\/04\/korni-el-prekyba.png\" \/>\n\t\t<script type=\"application\/ld+json\" class=\"aioseo-schema\">\n\t\t\t{\"@context\":\"https:\\\/\\\/schema.org\",\"@graph\":[{\"@type\":\"BreadcrumbList\",\"@id\":\"https:\\\/\\\/kornita.lt\\\/en\\\/shop\\\/cukraus-pakaitalai\\\/coco-farm-inulino-cikorijos-skaidulu-svelnus-cukraus-pakaitalas-300g\\\/#breadcrumblist\",\"itemListElement\":[{\"@type\":\"ListItem\",\"@id\":\"https:\\\/\\\/kornita.lt\\\/en\\\/#listItem\",\"position\":1,\"name\":\"Home\",\"item\":\"https:\\\/\\\/kornita.lt\\\/en\\\/\",\"nextItem\":{\"@type\":\"ListItem\",\"@id\":\"https:\\\/\\\/kornita.lt\\\/en\\\/shop-2\\\/#listItem\",\"name\":\"Shop\"}},{\"@type\":\"ListItem\",\"@id\":\"https:\\\/\\\/kornita.lt\\\/en\\\/shop-2\\\/#listItem\",\"position\":2,\"name\":\"Shop\",\"item\":\"https:\\\/\\\/kornita.lt\\\/en\\\/shop-2\\\/\",\"nextItem\":{\"@type\":\"ListItem\",\"@id\":\"https:\\\/\\\/kornita.lt\\\/en\\\/product-category\\\/cukraus-pakaitalai\\\/#listItem\",\"name\":\"Cukraus pakaitalai\"},\"previousItem\":{\"@type\":\"ListItem\",\"@id\":\"https:\\\/\\\/kornita.lt\\\/en\\\/#listItem\",\"name\":\"Home\"}},{\"@type\":\"ListItem\",\"@id\":\"https:\\\/\\\/kornita.lt\\\/en\\\/product-category\\\/cukraus-pakaitalai\\\/#listItem\",\"position\":3,\"name\":\"Cukraus pakaitalai\",\"item\":\"https:\\\/\\\/kornita.lt\\\/en\\\/product-category\\\/cukraus-pakaitalai\\\/\",\"nextItem\":{\"@type\":\"ListItem\",\"@id\":\"https:\\\/\\\/kornita.lt\\\/en\\\/shop\\\/cukraus-pakaitalai\\\/coco-farm-inulino-cikorijos-skaidulu-svelnus-cukraus-pakaitalas-300g\\\/#listItem\",\"name\":\"Coco Farm Inulino cikorijos skaidul\\u0173 \\u0161velnus cukraus pakaitalas 300g\"},\"previousItem\":{\"@type\":\"ListItem\",\"@id\":\"https:\\\/\\\/kornita.lt\\\/en\\\/shop-2\\\/#listItem\",\"name\":\"Shop\"}},{\"@type\":\"ListItem\",\"@id\":\"https:\\\/\\\/kornita.lt\\\/en\\\/shop\\\/cukraus-pakaitalai\\\/coco-farm-inulino-cikorijos-skaidulu-svelnus-cukraus-pakaitalas-300g\\\/#listItem\",\"position\":4,\"name\":\"Coco Farm Inulino cikorijos skaidul\\u0173 \\u0161velnus cukraus pakaitalas 300g\",\"previousItem\":{\"@type\":\"ListItem\",\"@id\":\"https:\\\/\\\/kornita.lt\\\/en\\\/product-category\\\/cukraus-pakaitalai\\\/#listItem\",\"name\":\"Cukraus pakaitalai\"}}]},{\"@type\":\"Organization\",\"@id\":\"https:\\\/\\\/kornita.lt\\\/en\\\/#organization\",\"name\":\"kornita\",\"url\":\"https:\\\/\\\/kornita.lt\\\/en\\\/\",\"telephone\":\"+37068581463\",\"logo\":{\"@type\":\"ImageObject\",\"url\":\"http:\\\/\\\/kornita.webfactory.lt\\\/wp-content\\\/uploads\\\/2023\\\/04\\\/korni-el-prekyba.png\",\"@id\":\"https:\\\/\\\/kornita.lt\\\/en\\\/shop\\\/cukraus-pakaitalai\\\/coco-farm-inulino-cikorijos-skaidulu-svelnus-cukraus-pakaitalas-300g\\\/#organizationLogo\"},\"image\":{\"@id\":\"https:\\\/\\\/kornita.lt\\\/en\\\/shop\\\/cukraus-pakaitalai\\\/coco-farm-inulino-cikorijos-skaidulu-svelnus-cukraus-pakaitalas-300g\\\/#organizationLogo\"},\"sameAs\":[\"https:\\\/\\\/www.facebook.com\\\/kornita.lt\"]},{\"@type\":\"Product\",\"@id\":\"https:\\\/\\\/kornita.lt\\\/en\\\/shop\\\/cukraus-pakaitalai\\\/coco-farm-inulino-cikorijos-skaidulu-svelnus-cukraus-pakaitalas-300g\\\/#wooCommerceProduct\",\"name\":\"Coco Farm Inulino cikorijos skaidul\\u0173 \\u0161velnus cukraus pakaitalas 300g\",\"url\":\"https:\\\/\\\/kornita.lt\\\/en\\\/shop\\\/cukraus-pakaitalai\\\/coco-farm-inulino-cikorijos-skaidulu-svelnus-cukraus-pakaitalas-300g\\\/\",\"sku\":\"5904161870111\",\"image\":{\"@type\":\"ImageObject\",\"url\":\"https:\\\/\\\/kornita.lt\\\/wp-content\\\/uploads\\\/2024\\\/02\\\/Coco-Farm-Inulino-cikorijos-skaidulu-svelnus-cukraus-pakaitalas-300g.jpg\",\"@id\":\"https:\\\/\\\/kornita.lt\\\/en\\\/shop\\\/cukraus-pakaitalai\\\/coco-farm-inulino-cikorijos-skaidulu-svelnus-cukraus-pakaitalas-300g\\\/#productImage\",\"width\":1486,\"height\":1989},\"offers\":{\"@type\":\"Offer\",\"url\":\"https:\\\/\\\/kornita.lt\\\/en\\\/shop\\\/cukraus-pakaitalai\\\/coco-farm-inulino-cikorijos-skaidulu-svelnus-cukraus-pakaitalas-300g\\\/#wooCommerceOffer\",\"price\":5.92,\"priceCurrency\":\"EUR\",\"category\":\"Cukraus pakaitalai\",\"availability\":\"https:\\\/\\\/schema.org\\\/OutOfStock\",\"priceSpecification\":{\"@type\":\"PriceSpecification\",\"price\":5.92,\"priceCurrency\":\"EUR\",\"valueAddedTaxIncluded\":\"true\"},\"seller\":{\"@type\":\"Organization\",\"@id\":\"https:\\\/\\\/kornita.lt\\\/en\\\/#organization\"}}},{\"@type\":\"WebPage\",\"@id\":\"https:\\\/\\\/kornita.lt\\\/en\\\/shop\\\/cukraus-pakaitalai\\\/coco-farm-inulino-cikorijos-skaidulu-svelnus-cukraus-pakaitalas-300g\\\/#webpage\",\"url\":\"https:\\\/\\\/kornita.lt\\\/en\\\/shop\\\/cukraus-pakaitalai\\\/coco-farm-inulino-cikorijos-skaidulu-svelnus-cukraus-pakaitalas-300g\\\/\",\"name\":\"Coco Farm Inulino cikorijos skaidul\\u0173 \\u0161velnus cukraus pakaitalas 300g - kornita\",\"description\":\"Coco Farm Inulino cikorijos skaidul\\u0173 \\u0161velnus cukraus pakaitalas 300g Cikorijos inulinas pasi\\u017eymi stabilizuojamomis, ri\\u0161amosiomis ir tir\\u0161tinimo savyb\\u0117mis, tod\\u0117l j\\u012f galima naudoti, pavyzd\\u017eiui, sriuboms, pada\\u017eams tir\\u0161tinti. Cikorijos skaidul\\u0173 galima d\\u0117ti ir \\u012f duon\\u0105 ar blynus, taip pat \\u012f pyragus ir sausainius \\u2013 yra saldaus skonio. , tod\\u0117l gali pakeisti ir saldiklius ar cukr\\u0173.Pakei\\u010dia riebalus maiste. Inulinas\",\"inLanguage\":\"en-US\",\"isPartOf\":{\"@id\":\"https:\\\/\\\/kornita.lt\\\/en\\\/#website\"},\"breadcrumb\":{\"@id\":\"https:\\\/\\\/kornita.lt\\\/en\\\/shop\\\/cukraus-pakaitalai\\\/coco-farm-inulino-cikorijos-skaidulu-svelnus-cukraus-pakaitalas-300g\\\/#breadcrumblist\"},\"image\":{\"@type\":\"ImageObject\",\"url\":\"https:\\\/\\\/kornita.lt\\\/wp-content\\\/uploads\\\/2024\\\/02\\\/Coco-Farm-Inulino-cikorijos-skaidulu-svelnus-cukraus-pakaitalas-300g.jpg\",\"@id\":\"https:\\\/\\\/kornita.lt\\\/en\\\/shop\\\/cukraus-pakaitalai\\\/coco-farm-inulino-cikorijos-skaidulu-svelnus-cukraus-pakaitalas-300g\\\/#mainImage\",\"width\":1486,\"height\":1989},\"primaryImageOfPage\":{\"@id\":\"https:\\\/\\\/kornita.lt\\\/en\\\/shop\\\/cukraus-pakaitalai\\\/coco-farm-inulino-cikorijos-skaidulu-svelnus-cukraus-pakaitalas-300g\\\/#mainImage\"},\"datePublished\":\"2024-03-08T13:34:33+00:00\",\"dateModified\":\"2025-11-18T12:48:42+00:00\"},{\"@type\":\"WebSite\",\"@id\":\"https:\\\/\\\/kornita.lt\\\/en\\\/#website\",\"url\":\"https:\\\/\\\/kornita.lt\\\/en\\\/\",\"name\":\"kornita\",\"inLanguage\":\"en-US\",\"publisher\":{\"@id\":\"https:\\\/\\\/kornita.lt\\\/en\\\/#organization\"}}]}\n\t\t<\/script>\n\t\t<!-- All in One SEO Pro -->\r\n\t\t<title>Coco Farm Inulino cikorijos skaidul\u0173 \u0161velnus cukraus pakaitalas 300g - kornita<\/title>\n\n","aioseo_head_json":{"title":"Coco Farm Inulino cikorijos skaidul\u0173 \u0161velnus cukraus pakaitalas 300g - kornita","description":"Coco Farm Inulino cikorijos skaidul\u0173 \u0161velnus cukraus pakaitalas 300g Cikorijos inulinas pasi\u017eymi stabilizuojamomis, ri\u0161amosiomis ir tir\u0161tinimo savyb\u0117mis, tod\u0117l j\u012f galima naudoti, pavyzd\u017eiui, sriuboms, pada\u017eams tir\u0161tinti. Cikorijos skaidul\u0173 galima d\u0117ti ir \u012f duon\u0105 ar blynus, taip pat \u012f pyragus ir sausainius \u2013 yra saldaus skonio. , tod\u0117l gali pakeisti ir saldiklius ar cukr\u0173.Pakei\u010dia riebalus maiste. Inulinas","canonical_url":"https:\/\/kornita.lt\/en\/shop\/cukraus-pakaitalai\/coco-farm-inulino-cikorijos-skaidulu-svelnus-cukraus-pakaitalas-300g\/","robots":"max-image-preview:large","keywords":"","webmasterTools":{"miscellaneous":""},"schema":{"@context":"https:\/\/schema.org","@graph":[{"@type":"BreadcrumbList","@id":"https:\/\/kornita.lt\/en\/shop\/cukraus-pakaitalai\/coco-farm-inulino-cikorijos-skaidulu-svelnus-cukraus-pakaitalas-300g\/#breadcrumblist","itemListElement":[{"@type":"ListItem","@id":"https:\/\/kornita.lt\/en\/#listItem","position":1,"name":"Home","item":"https:\/\/kornita.lt\/en\/","nextItem":{"@type":"ListItem","@id":"https:\/\/kornita.lt\/en\/shop-2\/#listItem","name":"Shop"}},{"@type":"ListItem","@id":"https:\/\/kornita.lt\/en\/shop-2\/#listItem","position":2,"name":"Shop","item":"https:\/\/kornita.lt\/en\/shop-2\/","nextItem":{"@type":"ListItem","@id":"https:\/\/kornita.lt\/en\/product-category\/cukraus-pakaitalai\/#listItem","name":"Cukraus pakaitalai"},"previousItem":{"@type":"ListItem","@id":"https:\/\/kornita.lt\/en\/#listItem","name":"Home"}},{"@type":"ListItem","@id":"https:\/\/kornita.lt\/en\/product-category\/cukraus-pakaitalai\/#listItem","position":3,"name":"Cukraus pakaitalai","item":"https:\/\/kornita.lt\/en\/product-category\/cukraus-pakaitalai\/","nextItem":{"@type":"ListItem","@id":"https:\/\/kornita.lt\/en\/shop\/cukraus-pakaitalai\/coco-farm-inulino-cikorijos-skaidulu-svelnus-cukraus-pakaitalas-300g\/#listItem","name":"Coco Farm Inulino cikorijos skaidul\u0173 \u0161velnus cukraus pakaitalas 300g"},"previousItem":{"@type":"ListItem","@id":"https:\/\/kornita.lt\/en\/shop-2\/#listItem","name":"Shop"}},{"@type":"ListItem","@id":"https:\/\/kornita.lt\/en\/shop\/cukraus-pakaitalai\/coco-farm-inulino-cikorijos-skaidulu-svelnus-cukraus-pakaitalas-300g\/#listItem","position":4,"name":"Coco Farm Inulino cikorijos skaidul\u0173 \u0161velnus cukraus pakaitalas 300g","previousItem":{"@type":"ListItem","@id":"https:\/\/kornita.lt\/en\/product-category\/cukraus-pakaitalai\/#listItem","name":"Cukraus pakaitalai"}}]},{"@type":"Organization","@id":"https:\/\/kornita.lt\/en\/#organization","name":"kornita","url":"https:\/\/kornita.lt\/en\/","telephone":"+37068581463","logo":{"@type":"ImageObject","url":"http:\/\/kornita.webfactory.lt\/wp-content\/uploads\/2023\/04\/korni-el-prekyba.png","@id":"https:\/\/kornita.lt\/en\/shop\/cukraus-pakaitalai\/coco-farm-inulino-cikorijos-skaidulu-svelnus-cukraus-pakaitalas-300g\/#organizationLogo"},"image":{"@id":"https:\/\/kornita.lt\/en\/shop\/cukraus-pakaitalai\/coco-farm-inulino-cikorijos-skaidulu-svelnus-cukraus-pakaitalas-300g\/#organizationLogo"},"sameAs":["https:\/\/www.facebook.com\/kornita.lt"]},{"@type":"Product","@id":"https:\/\/kornita.lt\/en\/shop\/cukraus-pakaitalai\/coco-farm-inulino-cikorijos-skaidulu-svelnus-cukraus-pakaitalas-300g\/#wooCommerceProduct","name":"Coco Farm Inulino cikorijos skaidul\u0173 \u0161velnus cukraus pakaitalas 300g","url":"https:\/\/kornita.lt\/en\/shop\/cukraus-pakaitalai\/coco-farm-inulino-cikorijos-skaidulu-svelnus-cukraus-pakaitalas-300g\/","sku":"5904161870111","image":{"@type":"ImageObject","url":"https:\/\/kornita.lt\/wp-content\/uploads\/2024\/02\/Coco-Farm-Inulino-cikorijos-skaidulu-svelnus-cukraus-pakaitalas-300g.jpg","@id":"https:\/\/kornita.lt\/en\/shop\/cukraus-pakaitalai\/coco-farm-inulino-cikorijos-skaidulu-svelnus-cukraus-pakaitalas-300g\/#productImage","width":1486,"height":1989},"offers":{"@type":"Offer","url":"https:\/\/kornita.lt\/en\/shop\/cukraus-pakaitalai\/coco-farm-inulino-cikorijos-skaidulu-svelnus-cukraus-pakaitalas-300g\/#wooCommerceOffer","price":5.92,"priceCurrency":"EUR","category":"Cukraus pakaitalai","availability":"https:\/\/schema.org\/OutOfStock","priceSpecification":{"@type":"PriceSpecification","price":5.92,"priceCurrency":"EUR","valueAddedTaxIncluded":"true"},"seller":{"@type":"Organization","@id":"https:\/\/kornita.lt\/en\/#organization"}}},{"@type":"WebPage","@id":"https:\/\/kornita.lt\/en\/shop\/cukraus-pakaitalai\/coco-farm-inulino-cikorijos-skaidulu-svelnus-cukraus-pakaitalas-300g\/#webpage","url":"https:\/\/kornita.lt\/en\/shop\/cukraus-pakaitalai\/coco-farm-inulino-cikorijos-skaidulu-svelnus-cukraus-pakaitalas-300g\/","name":"Coco Farm Inulino cikorijos skaidul\u0173 \u0161velnus cukraus pakaitalas 300g - kornita","description":"Coco Farm Inulino cikorijos skaidul\u0173 \u0161velnus cukraus pakaitalas 300g Cikorijos inulinas pasi\u017eymi stabilizuojamomis, ri\u0161amosiomis ir tir\u0161tinimo savyb\u0117mis, tod\u0117l j\u012f galima naudoti, pavyzd\u017eiui, sriuboms, pada\u017eams tir\u0161tinti. Cikorijos skaidul\u0173 galima d\u0117ti ir \u012f duon\u0105 ar blynus, taip pat \u012f pyragus ir sausainius \u2013 yra saldaus skonio. , tod\u0117l gali pakeisti ir saldiklius ar cukr\u0173.Pakei\u010dia riebalus maiste. Inulinas","inLanguage":"en-US","isPartOf":{"@id":"https:\/\/kornita.lt\/en\/#website"},"breadcrumb":{"@id":"https:\/\/kornita.lt\/en\/shop\/cukraus-pakaitalai\/coco-farm-inulino-cikorijos-skaidulu-svelnus-cukraus-pakaitalas-300g\/#breadcrumblist"},"image":{"@type":"ImageObject","url":"https:\/\/kornita.lt\/wp-content\/uploads\/2024\/02\/Coco-Farm-Inulino-cikorijos-skaidulu-svelnus-cukraus-pakaitalas-300g.jpg","@id":"https:\/\/kornita.lt\/en\/shop\/cukraus-pakaitalai\/coco-farm-inulino-cikorijos-skaidulu-svelnus-cukraus-pakaitalas-300g\/#mainImage","width":1486,"height":1989},"primaryImageOfPage":{"@id":"https:\/\/kornita.lt\/en\/shop\/cukraus-pakaitalai\/coco-farm-inulino-cikorijos-skaidulu-svelnus-cukraus-pakaitalas-300g\/#mainImage"},"datePublished":"2024-03-08T13:34:33+00:00","dateModified":"2025-11-18T12:48:42+00:00"},{"@type":"WebSite","@id":"https:\/\/kornita.lt\/en\/#website","url":"https:\/\/kornita.lt\/en\/","name":"kornita","inLanguage":"en-US","publisher":{"@id":"https:\/\/kornita.lt\/en\/#organization"}}]},"og:locale":"en_US","og:site_name":"kornita -","og:type":"article","og:title":"Coco Farm Inulino cikorijos skaidul\u0173 \u0161velnus cukraus pakaitalas 300g - kornita","og:description":"Coco Farm Inulino cikorijos skaidul\u0173 \u0161velnus cukraus pakaitalas 300g Cikorijos inulinas pasi\u017eymi stabilizuojamomis, ri\u0161amosiomis ir tir\u0161tinimo savyb\u0117mis, tod\u0117l j\u012f galima naudoti, pavyzd\u017eiui, sriuboms, pada\u017eams tir\u0161tinti. Cikorijos skaidul\u0173 galima d\u0117ti ir \u012f duon\u0105 ar blynus, taip pat \u012f pyragus ir sausainius \u2013 yra saldaus skonio. , tod\u0117l gali pakeisti ir saldiklius ar cukr\u0173.Pakei\u010dia riebalus maiste. Inulinas","og:url":"https:\/\/kornita.lt\/en\/shop\/cukraus-pakaitalai\/coco-farm-inulino-cikorijos-skaidulu-svelnus-cukraus-pakaitalas-300g\/","og:image":"https:\/\/kornita.webfactory.lt\/wp-content\/uploads\/2023\/04\/korni-el-prekyba.png","og:image:secure_url":"https:\/\/kornita.webfactory.lt\/wp-content\/uploads\/2023\/04\/korni-el-prekyba.png","article:published_time":"2024-03-08T13:34:33+00:00","article:modified_time":"2025-11-18T12:48:42+00:00","article:publisher":"https:\/\/www.facebook.com\/kornita.lt","twitter:card":"summary_large_image","twitter:title":"Coco Farm Inulino cikorijos skaidul\u0173 \u0161velnus cukraus pakaitalas 300g - kornita","twitter:description":"Coco Farm Inulino cikorijos skaidul\u0173 \u0161velnus cukraus pakaitalas 300g Cikorijos inulinas pasi\u017eymi stabilizuojamomis, ri\u0161amosiomis ir tir\u0161tinimo savyb\u0117mis, tod\u0117l j\u012f galima naudoti, pavyzd\u017eiui, sriuboms, pada\u017eams tir\u0161tinti. Cikorijos skaidul\u0173 galima d\u0117ti ir \u012f duon\u0105 ar blynus, taip pat \u012f pyragus ir sausainius \u2013 yra saldaus skonio. , tod\u0117l gali pakeisti ir saldiklius ar cukr\u0173.Pakei\u010dia riebalus maiste. Inulinas","twitter:image":"http:\/\/kornita.webfactory.lt\/wp-content\/uploads\/2023\/04\/korni-el-prekyba.png"},"aioseo_meta_data":{"post_id":"22963","title":"#post_title #separator_sa #site_title","description":"#post_excerpt","keywords":null,"keyphrases":{"focus":{"keyphrase":"","score":0,"analysis":{"keyphraseInTitle":{"score":0,"maxScore":9,"error":1}}},"additional":[]},"primary_term":null,"canonical_url":null,"og_title":null,"og_description":null,"og_object_type":"default","og_image_type":"default","og_image_url":null,"og_image_width":null,"og_image_height":null,"og_image_custom_url":null,"og_image_custom_fields":null,"og_video":"","og_custom_url":null,"og_article_section":null,"og_article_tags":null,"twitter_use_og":false,"twitter_card":"default","twitter_image_type":"default","twitter_image_url":null,"twitter_image_custom_url":null,"twitter_image_custom_fields":null,"twitter_title":null,"twitter_description":null,"schema":{"blockGraphs":[],"customGraphs":[],"default":{"data":{"Article":[],"Course":[],"Dataset":[],"FAQPage":[],"Movie":[],"Person":[],"Product":[],"ProductReview":[],"Car":[],"Recipe":[],"Service":[],"SoftwareApplication":[],"WebPage":[]},"graphName":"ItemPage","isEnabled":true},"graphs":[]},"schema_type":"default","schema_type_options":null,"pillar_content":false,"robots_default":true,"robots_noindex":false,"robots_noarchive":false,"robots_nosnippet":false,"robots_nofollow":false,"robots_noimageindex":false,"robots_noodp":false,"robots_notranslate":false,"robots_max_snippet":"-1","robots_max_videopreview":"-1","robots_max_imagepreview":"large","priority":null,"frequency":"default","local_seo":null,"seo_analyzer_scan_date":"2025-11-18 12:59:18","breadcrumb_settings":null,"limit_modified_date":false,"open_ai":"{\"title\":{\"suggestions\":[],\"usage\":0},\"description\":{\"suggestions\":[],\"usage\":0}}","ai":null,"created":"2024-02-22 12:29:04","updated":"2025-11-18 13:02:00"},"aioseo_breadcrumb":"<div class=\"aioseo-breadcrumbs\"><span class=\"aioseo-breadcrumb\">\n\t<a href=\"https:\/\/kornita.lt\/en\/\" title=\"Home\">Home<\/a>\n<\/span><span class=\"aioseo-breadcrumb-separator\">&raquo;<\/span><span class=\"aioseo-breadcrumb\">\n\t<a href=\"https:\/\/kornita.lt\/en\/shop-2\/\" title=\"Shop\">Shop<\/a>\n<\/span><span class=\"aioseo-breadcrumb-separator\">&raquo;<\/span><span class=\"aioseo-breadcrumb\">\n\t<a href=\"https:\/\/kornita.lt\/en\/product-category\/cukraus-pakaitalai\/\" title=\"Cukraus pakaitalai\">Cukraus pakaitalai<\/a>\n<\/span><span class=\"aioseo-breadcrumb-separator\">&raquo;<\/span><span class=\"aioseo-breadcrumb\">\n\tCoco Farm Inulino cikorijos skaidul\u0173 \u0161velnus cukraus pakaitalas 300g\n<\/span><\/div>","aioseo_breadcrumb_json":[{"label":"Home","link":"https:\/\/kornita.lt\/en\/"},{"label":"Shop","link":"https:\/\/kornita.lt\/en\/shop-2\/"},{"label":"Cukraus pakaitalai","link":"https:\/\/kornita.lt\/en\/product-category\/cukraus-pakaitalai\/"},{"label":"Coco Farm Inulino cikorijos skaidul\u0173 \u0161velnus cukraus pakaitalas 300g","link":"https:\/\/kornita.lt\/en\/shop\/cukraus-pakaitalai\/coco-farm-inulino-cikorijos-skaidulu-svelnus-cukraus-pakaitalas-300g\/"}],"_links":{"self":[{"href":"https:\/\/kornita.lt\/en\/wp-json\/wp\/v2\/product\/22963","targetHints":{"allow":["GET"]}}],"collection":[{"href":"https:\/\/kornita.lt\/en\/wp-json\/wp\/v2\/product"}],"about":[{"href":"https:\/\/kornita.lt\/en\/wp-json\/wp\/v2\/types\/product"}],"replies":[{"embeddable":true,"href":"https:\/\/kornita.lt\/en\/wp-json\/wp\/v2\/comments?post=22963"}],"version-history":[{"count":1,"href":"https:\/\/kornita.lt\/en\/wp-json\/wp\/v2\/product\/22963\/revisions"}],"predecessor-version":[{"id":23846,"href":"https:\/\/kornita.lt\/en\/wp-json\/wp\/v2\/product\/22963\/revisions\/23846"}],"wp:featuredmedia":[{"embeddable":true,"href":"https:\/\/kornita.lt\/en\/wp-json\/wp\/v2\/media\/22968"}],"wp:attachment":[{"href":"https:\/\/kornita.lt\/en\/wp-json\/wp\/v2\/media?parent=22963"}],"wp:term":[{"taxonomy":"product_brand","embeddable":true,"href":"https:\/\/kornita.lt\/en\/wp-json\/wp\/v2\/product_brand?post=22963"},{"taxonomy":"product_cat","embeddable":true,"href":"https:\/\/kornita.lt\/en\/wp-json\/wp\/v2\/product_cat?post=22963"},{"taxonomy":"product_tag","embeddable":true,"href":"https:\/\/kornita.lt\/en\/wp-json\/wp\/v2\/product_tag?post=22963"}],"curies":[{"name":"wp","href":"https:\/\/api.w.org\/{rel}","templated":true}]}}