{"id":22954,"date":"2024-03-08T13:34:32","date_gmt":"2024-03-08T13:34:32","guid":{"rendered":"https:\/\/kornita.lt\/?post_type=product&#038;p=22954"},"modified":"2025-05-19T08:52:08","modified_gmt":"2025-05-19T08:52:08","slug":"coco-farm-atsparus-krakmolas-bulviu-skaidulos-250g","status":"publish","type":"product","link":"https:\/\/kornita.lt\/en\/shop\/miltai-miltu-misiniai\/coco-farm-atsparus-krakmolas-bulviu-skaidulos-250g\/","title":{"rendered":"Atsparus krakmolas, bulvi\u0173 skaidulos 250g"},"content":{"rendered":"<h2>Atsparus krakmolas, bulvi\u0173 skaidulos 250g<\/h2>\n<p>Atsparus krakmolas, dar vadinamas bulvi\u0173 skaidulomis, yra vienas i\u0161 maistini\u0173 skaidul\u0173 komponent\u0173.<br \/>\nBulvi\u0173 pluo\u0161to naudojimas kulinarijoje<br \/>\nD\u0117l puiki\u0173 suri\u0161imo ir tir\u0161tinimo savybi\u0173 bulvi\u0173 pluo\u0161tas puikiai tinka ma\u017eai angliavandeni\u0173 turintiems kepiniams. Prid\u0117jus atsparaus krakmolo, galite paruo\u0161ti, pavyzd\u017eiui, keto duon\u0105, duon\u0105 ar bandeles. Bulvi\u0173 pluo\u0161tas labai gerai sugeria vanden\u012f ir yra neutralus, t.y. neturi skonio ir kvapo. Taip pat galite \u0161iek tiek \u012fd\u0117ti \u012f jausl\u012f, jogurt\u0105 ar kokteil\u012f. Be to, jis nuostabiai sutir\u0161tina pada\u017eus ir u\u017epilus.<br \/>\nNepainiokite bulvi\u0173 pluo\u0161to (atsparaus krakmolo) su bulvi\u0173 krakmolu, tai n\u0117ra tas pats produktas. Vis\u0173 pirma, jie skiriasi savo savyb\u0117mis ir maistin\u0117mis vert\u0117mis. Nors bulvi\u0173 krakmolo sud\u0117tyje yra tik angliavandeni\u0173, bulvi\u0173 skaidulose j\u0173 yra nedaug. Be to, atsparus krakmolas neturi \u012ftakos patiekal\u0173 skoniui ir kvapui. Be to, skaidulos gali b\u016bti \u012ftrauktos \u012f daugel\u012f specializuot\u0173 diet\u0173.<br \/>\nAtsparus krakmolas, bulvi\u0173 skaidulos dietoje<br \/>\nD\u0117l ma\u017eo angliavandeni\u0173 kiekio bulvi\u0173 skaidulos pla\u010diai naudojamos ketogenin\u0117se ir ma\u017eai angliavandeni\u0173 turin\u010diose dietose. Ne be reikalo jis rekomenduojamas ir sergan\u010di\u0173j\u0173 diabetu bei sergan\u010di\u0173j\u0173 2 tipo cukriniu diabetu ar atsparumu insulinui mityboje\u201c.<\/p>\n","protected":false},"excerpt":{"rendered":"<p>Atsparus krakmolas, bulvi\u0173 skaidulos 250g Atsparus krakmolas, dar vadinamas bulvi\u0173 skaidulomis, yra vienas i\u0161 maistini\u0173 skaidul\u0173 komponent\u0173. Bulvi\u0173 pluo\u0161to naudojimas<\/p>\n","protected":false},"featured_media":22960,"comment_status":"open","ping_status":"closed","template":"","meta":[],"product_brand":[],"product_cat":[215],"product_tag":[],"class_list":{"0":"post-22954","1":"product","2":"type-product","3":"status-publish","4":"has-post-thumbnail","6":"product_cat-miltai-miltu-misiniai","7":"product_shipping_class-pristatymas","9":"first","10":"outofstock","11":"sale","12":"taxable","13":"shipping-taxable","14":"purchasable","15":"product-type-simple"},"aioseo_notices":[],"aioseo_head":"\n\t\t<!-- All in One SEO Pro 4.9.5.2 - aioseo.com -->\n\t<meta name=\"description\" content=\"Atsparus krakmolas, bulvi\u0173 skaidulos 250g Atsparus krakmolas, dar vadinamas bulvi\u0173 skaidulomis, yra vienas i\u0161 maistini\u0173 skaidul\u0173 komponent\u0173. Bulvi\u0173 pluo\u0161to naudojimas kulinarijoje D\u0117l puiki\u0173 suri\u0161imo ir tir\u0161tinimo savybi\u0173 bulvi\u0173 pluo\u0161tas puikiai tinka ma\u017eai angliavandeni\u0173 turintiems kepiniams. Prid\u0117jus atsparaus krakmolo, galite paruo\u0161ti, pavyzd\u017eiui, keto duon\u0105, duon\u0105 ar bandeles. Bulvi\u0173 pluo\u0161tas labai gerai sugeria vanden\u012f ir yra neutralus,\" \/>\n\t<meta name=\"robots\" content=\"max-image-preview:large\" \/>\n\t<link rel=\"canonical\" href=\"https:\/\/kornita.lt\/en\/shop\/miltai-miltu-misiniai\/coco-farm-atsparus-krakmolas-bulviu-skaidulos-250g\/\" \/>\n\t<meta name=\"generator\" content=\"All in One SEO Pro (AIOSEO) 4.9.5.2\" \/>\n\t\t<meta property=\"og:locale\" content=\"en_US\" \/>\n\t\t<meta property=\"og:site_name\" content=\"kornita -\" \/>\n\t\t<meta property=\"og:type\" content=\"article\" \/>\n\t\t<meta property=\"og:title\" content=\"Atsparus krakmolas, bulvi\u0173 skaidulos 250g - kornita\" \/>\n\t\t<meta property=\"og:description\" content=\"Atsparus krakmolas, bulvi\u0173 skaidulos 250g Atsparus krakmolas, dar vadinamas bulvi\u0173 skaidulomis, yra vienas i\u0161 maistini\u0173 skaidul\u0173 komponent\u0173. Bulvi\u0173 pluo\u0161to naudojimas kulinarijoje D\u0117l puiki\u0173 suri\u0161imo ir tir\u0161tinimo savybi\u0173 bulvi\u0173 pluo\u0161tas puikiai tinka ma\u017eai angliavandeni\u0173 turintiems kepiniams. Prid\u0117jus atsparaus krakmolo, galite paruo\u0161ti, pavyzd\u017eiui, keto duon\u0105, duon\u0105 ar bandeles. Bulvi\u0173 pluo\u0161tas labai gerai sugeria vanden\u012f ir yra neutralus,\" \/>\n\t\t<meta property=\"og:url\" content=\"https:\/\/kornita.lt\/en\/shop\/miltai-miltu-misiniai\/coco-farm-atsparus-krakmolas-bulviu-skaidulos-250g\/\" \/>\n\t\t<meta property=\"og:image\" content=\"https:\/\/kornita.webfactory.lt\/wp-content\/uploads\/2023\/04\/korni-el-prekyba.png\" \/>\n\t\t<meta property=\"og:image:secure_url\" content=\"https:\/\/kornita.webfactory.lt\/wp-content\/uploads\/2023\/04\/korni-el-prekyba.png\" \/>\n\t\t<meta property=\"article:published_time\" content=\"2024-03-08T13:34:32+00:00\" \/>\n\t\t<meta property=\"article:modified_time\" content=\"2025-05-19T08:52:08+00:00\" \/>\n\t\t<meta property=\"article:publisher\" content=\"https:\/\/www.facebook.com\/kornita.lt\" \/>\n\t\t<meta name=\"twitter:card\" content=\"summary_large_image\" \/>\n\t\t<meta name=\"twitter:title\" content=\"Atsparus krakmolas, bulvi\u0173 skaidulos 250g - kornita\" \/>\n\t\t<meta name=\"twitter:description\" content=\"Atsparus krakmolas, bulvi\u0173 skaidulos 250g Atsparus krakmolas, dar vadinamas bulvi\u0173 skaidulomis, yra vienas i\u0161 maistini\u0173 skaidul\u0173 komponent\u0173. Bulvi\u0173 pluo\u0161to naudojimas kulinarijoje D\u0117l puiki\u0173 suri\u0161imo ir tir\u0161tinimo savybi\u0173 bulvi\u0173 pluo\u0161tas puikiai tinka ma\u017eai angliavandeni\u0173 turintiems kepiniams. Prid\u0117jus atsparaus krakmolo, galite paruo\u0161ti, pavyzd\u017eiui, keto duon\u0105, duon\u0105 ar bandeles. Bulvi\u0173 pluo\u0161tas labai gerai sugeria vanden\u012f ir yra neutralus,\" \/>\n\t\t<meta name=\"twitter:image\" content=\"http:\/\/kornita.webfactory.lt\/wp-content\/uploads\/2023\/04\/korni-el-prekyba.png\" \/>\n\t\t<script type=\"application\/ld+json\" class=\"aioseo-schema\">\n\t\t\t{\"@context\":\"https:\\\/\\\/schema.org\",\"@graph\":[{\"@type\":\"BreadcrumbList\",\"@id\":\"https:\\\/\\\/kornita.lt\\\/en\\\/shop\\\/miltai-miltu-misiniai\\\/coco-farm-atsparus-krakmolas-bulviu-skaidulos-250g\\\/#breadcrumblist\",\"itemListElement\":[{\"@type\":\"ListItem\",\"@id\":\"https:\\\/\\\/kornita.lt\\\/en\\\/#listItem\",\"position\":1,\"name\":\"Home\",\"item\":\"https:\\\/\\\/kornita.lt\\\/en\\\/\",\"nextItem\":{\"@type\":\"ListItem\",\"@id\":\"https:\\\/\\\/kornita.lt\\\/en\\\/shop-2\\\/#listItem\",\"name\":\"Shop\"}},{\"@type\":\"ListItem\",\"@id\":\"https:\\\/\\\/kornita.lt\\\/en\\\/shop-2\\\/#listItem\",\"position\":2,\"name\":\"Shop\",\"item\":\"https:\\\/\\\/kornita.lt\\\/en\\\/shop-2\\\/\",\"nextItem\":{\"@type\":\"ListItem\",\"@id\":\"https:\\\/\\\/kornita.lt\\\/en\\\/product-category\\\/miltai-miltu-misiniai\\\/#listItem\",\"name\":\"Miltai ir milt\\u0173 mi\\u0161iniai\"},\"previousItem\":{\"@type\":\"ListItem\",\"@id\":\"https:\\\/\\\/kornita.lt\\\/en\\\/#listItem\",\"name\":\"Home\"}},{\"@type\":\"ListItem\",\"@id\":\"https:\\\/\\\/kornita.lt\\\/en\\\/product-category\\\/miltai-miltu-misiniai\\\/#listItem\",\"position\":3,\"name\":\"Miltai ir milt\\u0173 mi\\u0161iniai\",\"item\":\"https:\\\/\\\/kornita.lt\\\/en\\\/product-category\\\/miltai-miltu-misiniai\\\/\",\"nextItem\":{\"@type\":\"ListItem\",\"@id\":\"https:\\\/\\\/kornita.lt\\\/en\\\/shop\\\/miltai-miltu-misiniai\\\/coco-farm-atsparus-krakmolas-bulviu-skaidulos-250g\\\/#listItem\",\"name\":\"Atsparus krakmolas, bulvi\\u0173 skaidulos 250g\"},\"previousItem\":{\"@type\":\"ListItem\",\"@id\":\"https:\\\/\\\/kornita.lt\\\/en\\\/shop-2\\\/#listItem\",\"name\":\"Shop\"}},{\"@type\":\"ListItem\",\"@id\":\"https:\\\/\\\/kornita.lt\\\/en\\\/shop\\\/miltai-miltu-misiniai\\\/coco-farm-atsparus-krakmolas-bulviu-skaidulos-250g\\\/#listItem\",\"position\":4,\"name\":\"Atsparus krakmolas, bulvi\\u0173 skaidulos 250g\",\"previousItem\":{\"@type\":\"ListItem\",\"@id\":\"https:\\\/\\\/kornita.lt\\\/en\\\/product-category\\\/miltai-miltu-misiniai\\\/#listItem\",\"name\":\"Miltai ir milt\\u0173 mi\\u0161iniai\"}}]},{\"@type\":\"Organization\",\"@id\":\"https:\\\/\\\/kornita.lt\\\/en\\\/#organization\",\"name\":\"kornita\",\"url\":\"https:\\\/\\\/kornita.lt\\\/en\\\/\",\"telephone\":\"+37068581463\",\"logo\":{\"@type\":\"ImageObject\",\"url\":\"http:\\\/\\\/kornita.webfactory.lt\\\/wp-content\\\/uploads\\\/2023\\\/04\\\/korni-el-prekyba.png\",\"@id\":\"https:\\\/\\\/kornita.lt\\\/en\\\/shop\\\/miltai-miltu-misiniai\\\/coco-farm-atsparus-krakmolas-bulviu-skaidulos-250g\\\/#organizationLogo\"},\"image\":{\"@id\":\"https:\\\/\\\/kornita.lt\\\/en\\\/shop\\\/miltai-miltu-misiniai\\\/coco-farm-atsparus-krakmolas-bulviu-skaidulos-250g\\\/#organizationLogo\"},\"sameAs\":[\"https:\\\/\\\/www.facebook.com\\\/kornita.lt\"]},{\"@type\":\"Product\",\"@id\":\"https:\\\/\\\/kornita.lt\\\/en\\\/shop\\\/miltai-miltu-misiniai\\\/coco-farm-atsparus-krakmolas-bulviu-skaidulos-250g\\\/#wooCommerceProduct\",\"name\":\"Atsparus krakmolas, bulvi\\u0173 skaidulos 250g\",\"url\":\"https:\\\/\\\/kornita.lt\\\/en\\\/shop\\\/miltai-miltu-misiniai\\\/coco-farm-atsparus-krakmolas-bulviu-skaidulos-250g\\\/\",\"sku\":\"5904161870456\",\"image\":{\"@type\":\"ImageObject\",\"url\":\"https:\\\/\\\/kornita.lt\\\/wp-content\\\/uploads\\\/2024\\\/02\\\/Coco-Farm-atsparus-krakmolas-bulviu-skaidulos-250g.jpg\",\"@id\":\"https:\\\/\\\/kornita.lt\\\/en\\\/shop\\\/miltai-miltu-misiniai\\\/coco-farm-atsparus-krakmolas-bulviu-skaidulos-250g\\\/#productImage\",\"width\":1486,\"height\":1989},\"offers\":{\"@type\":\"Offer\",\"url\":\"https:\\\/\\\/kornita.lt\\\/en\\\/shop\\\/miltai-miltu-misiniai\\\/coco-farm-atsparus-krakmolas-bulviu-skaidulos-250g\\\/#wooCommerceOffer\",\"price\":1.78,\"priceCurrency\":\"EUR\",\"category\":\"Miltai ir milt\\u0173 mi\\u0161iniai\",\"availability\":\"https:\\\/\\\/schema.org\\\/OutOfStock\",\"priceSpecification\":{\"@type\":\"PriceSpecification\",\"price\":1.78,\"priceCurrency\":\"EUR\",\"valueAddedTaxIncluded\":\"true\"},\"seller\":{\"@type\":\"Organization\",\"@id\":\"https:\\\/\\\/kornita.lt\\\/en\\\/#organization\"}}},{\"@type\":\"WebPage\",\"@id\":\"https:\\\/\\\/kornita.lt\\\/en\\\/shop\\\/miltai-miltu-misiniai\\\/coco-farm-atsparus-krakmolas-bulviu-skaidulos-250g\\\/#webpage\",\"url\":\"https:\\\/\\\/kornita.lt\\\/en\\\/shop\\\/miltai-miltu-misiniai\\\/coco-farm-atsparus-krakmolas-bulviu-skaidulos-250g\\\/\",\"name\":\"Atsparus krakmolas, bulvi\\u0173 skaidulos 250g - kornita\",\"description\":\"Atsparus krakmolas, bulvi\\u0173 skaidulos 250g Atsparus krakmolas, dar vadinamas bulvi\\u0173 skaidulomis, yra vienas i\\u0161 maistini\\u0173 skaidul\\u0173 komponent\\u0173. Bulvi\\u0173 pluo\\u0161to naudojimas kulinarijoje D\\u0117l puiki\\u0173 suri\\u0161imo ir tir\\u0161tinimo savybi\\u0173 bulvi\\u0173 pluo\\u0161tas puikiai tinka ma\\u017eai angliavandeni\\u0173 turintiems kepiniams. Prid\\u0117jus atsparaus krakmolo, galite paruo\\u0161ti, pavyzd\\u017eiui, keto duon\\u0105, duon\\u0105 ar bandeles. Bulvi\\u0173 pluo\\u0161tas labai gerai sugeria vanden\\u012f ir yra neutralus,\",\"inLanguage\":\"en-US\",\"isPartOf\":{\"@id\":\"https:\\\/\\\/kornita.lt\\\/en\\\/#website\"},\"breadcrumb\":{\"@id\":\"https:\\\/\\\/kornita.lt\\\/en\\\/shop\\\/miltai-miltu-misiniai\\\/coco-farm-atsparus-krakmolas-bulviu-skaidulos-250g\\\/#breadcrumblist\"},\"image\":{\"@type\":\"ImageObject\",\"url\":\"https:\\\/\\\/kornita.lt\\\/wp-content\\\/uploads\\\/2024\\\/02\\\/Coco-Farm-atsparus-krakmolas-bulviu-skaidulos-250g.jpg\",\"@id\":\"https:\\\/\\\/kornita.lt\\\/en\\\/shop\\\/miltai-miltu-misiniai\\\/coco-farm-atsparus-krakmolas-bulviu-skaidulos-250g\\\/#mainImage\",\"width\":1486,\"height\":1989},\"primaryImageOfPage\":{\"@id\":\"https:\\\/\\\/kornita.lt\\\/en\\\/shop\\\/miltai-miltu-misiniai\\\/coco-farm-atsparus-krakmolas-bulviu-skaidulos-250g\\\/#mainImage\"},\"datePublished\":\"2024-03-08T13:34:32+00:00\",\"dateModified\":\"2025-05-19T08:52:08+00:00\"},{\"@type\":\"WebSite\",\"@id\":\"https:\\\/\\\/kornita.lt\\\/en\\\/#website\",\"url\":\"https:\\\/\\\/kornita.lt\\\/en\\\/\",\"name\":\"kornita\",\"inLanguage\":\"en-US\",\"publisher\":{\"@id\":\"https:\\\/\\\/kornita.lt\\\/en\\\/#organization\"}}]}\n\t\t<\/script>\n\t\t<!-- All in One SEO Pro -->\r\n\t\t<title>Atsparus krakmolas, bulvi\u0173 skaidulos 250g - kornita<\/title>\n\n","aioseo_head_json":{"title":"Atsparus krakmolas, bulvi\u0173 skaidulos 250g - kornita","description":"Atsparus krakmolas, bulvi\u0173 skaidulos 250g Atsparus krakmolas, dar vadinamas bulvi\u0173 skaidulomis, yra vienas i\u0161 maistini\u0173 skaidul\u0173 komponent\u0173. Bulvi\u0173 pluo\u0161to naudojimas kulinarijoje D\u0117l puiki\u0173 suri\u0161imo ir tir\u0161tinimo savybi\u0173 bulvi\u0173 pluo\u0161tas puikiai tinka ma\u017eai angliavandeni\u0173 turintiems kepiniams. Prid\u0117jus atsparaus krakmolo, galite paruo\u0161ti, pavyzd\u017eiui, keto duon\u0105, duon\u0105 ar bandeles. Bulvi\u0173 pluo\u0161tas labai gerai sugeria vanden\u012f ir yra neutralus,","canonical_url":"https:\/\/kornita.lt\/en\/shop\/miltai-miltu-misiniai\/coco-farm-atsparus-krakmolas-bulviu-skaidulos-250g\/","robots":"max-image-preview:large","keywords":"","webmasterTools":{"miscellaneous":""},"schema":{"@context":"https:\/\/schema.org","@graph":[{"@type":"BreadcrumbList","@id":"https:\/\/kornita.lt\/en\/shop\/miltai-miltu-misiniai\/coco-farm-atsparus-krakmolas-bulviu-skaidulos-250g\/#breadcrumblist","itemListElement":[{"@type":"ListItem","@id":"https:\/\/kornita.lt\/en\/#listItem","position":1,"name":"Home","item":"https:\/\/kornita.lt\/en\/","nextItem":{"@type":"ListItem","@id":"https:\/\/kornita.lt\/en\/shop-2\/#listItem","name":"Shop"}},{"@type":"ListItem","@id":"https:\/\/kornita.lt\/en\/shop-2\/#listItem","position":2,"name":"Shop","item":"https:\/\/kornita.lt\/en\/shop-2\/","nextItem":{"@type":"ListItem","@id":"https:\/\/kornita.lt\/en\/product-category\/miltai-miltu-misiniai\/#listItem","name":"Miltai ir milt\u0173 mi\u0161iniai"},"previousItem":{"@type":"ListItem","@id":"https:\/\/kornita.lt\/en\/#listItem","name":"Home"}},{"@type":"ListItem","@id":"https:\/\/kornita.lt\/en\/product-category\/miltai-miltu-misiniai\/#listItem","position":3,"name":"Miltai ir milt\u0173 mi\u0161iniai","item":"https:\/\/kornita.lt\/en\/product-category\/miltai-miltu-misiniai\/","nextItem":{"@type":"ListItem","@id":"https:\/\/kornita.lt\/en\/shop\/miltai-miltu-misiniai\/coco-farm-atsparus-krakmolas-bulviu-skaidulos-250g\/#listItem","name":"Atsparus krakmolas, bulvi\u0173 skaidulos 250g"},"previousItem":{"@type":"ListItem","@id":"https:\/\/kornita.lt\/en\/shop-2\/#listItem","name":"Shop"}},{"@type":"ListItem","@id":"https:\/\/kornita.lt\/en\/shop\/miltai-miltu-misiniai\/coco-farm-atsparus-krakmolas-bulviu-skaidulos-250g\/#listItem","position":4,"name":"Atsparus krakmolas, bulvi\u0173 skaidulos 250g","previousItem":{"@type":"ListItem","@id":"https:\/\/kornita.lt\/en\/product-category\/miltai-miltu-misiniai\/#listItem","name":"Miltai ir milt\u0173 mi\u0161iniai"}}]},{"@type":"Organization","@id":"https:\/\/kornita.lt\/en\/#organization","name":"kornita","url":"https:\/\/kornita.lt\/en\/","telephone":"+37068581463","logo":{"@type":"ImageObject","url":"http:\/\/kornita.webfactory.lt\/wp-content\/uploads\/2023\/04\/korni-el-prekyba.png","@id":"https:\/\/kornita.lt\/en\/shop\/miltai-miltu-misiniai\/coco-farm-atsparus-krakmolas-bulviu-skaidulos-250g\/#organizationLogo"},"image":{"@id":"https:\/\/kornita.lt\/en\/shop\/miltai-miltu-misiniai\/coco-farm-atsparus-krakmolas-bulviu-skaidulos-250g\/#organizationLogo"},"sameAs":["https:\/\/www.facebook.com\/kornita.lt"]},{"@type":"Product","@id":"https:\/\/kornita.lt\/en\/shop\/miltai-miltu-misiniai\/coco-farm-atsparus-krakmolas-bulviu-skaidulos-250g\/#wooCommerceProduct","name":"Atsparus krakmolas, bulvi\u0173 skaidulos 250g","url":"https:\/\/kornita.lt\/en\/shop\/miltai-miltu-misiniai\/coco-farm-atsparus-krakmolas-bulviu-skaidulos-250g\/","sku":"5904161870456","image":{"@type":"ImageObject","url":"https:\/\/kornita.lt\/wp-content\/uploads\/2024\/02\/Coco-Farm-atsparus-krakmolas-bulviu-skaidulos-250g.jpg","@id":"https:\/\/kornita.lt\/en\/shop\/miltai-miltu-misiniai\/coco-farm-atsparus-krakmolas-bulviu-skaidulos-250g\/#productImage","width":1486,"height":1989},"offers":{"@type":"Offer","url":"https:\/\/kornita.lt\/en\/shop\/miltai-miltu-misiniai\/coco-farm-atsparus-krakmolas-bulviu-skaidulos-250g\/#wooCommerceOffer","price":1.78,"priceCurrency":"EUR","category":"Miltai ir milt\u0173 mi\u0161iniai","availability":"https:\/\/schema.org\/OutOfStock","priceSpecification":{"@type":"PriceSpecification","price":1.78,"priceCurrency":"EUR","valueAddedTaxIncluded":"true"},"seller":{"@type":"Organization","@id":"https:\/\/kornita.lt\/en\/#organization"}}},{"@type":"WebPage","@id":"https:\/\/kornita.lt\/en\/shop\/miltai-miltu-misiniai\/coco-farm-atsparus-krakmolas-bulviu-skaidulos-250g\/#webpage","url":"https:\/\/kornita.lt\/en\/shop\/miltai-miltu-misiniai\/coco-farm-atsparus-krakmolas-bulviu-skaidulos-250g\/","name":"Atsparus krakmolas, bulvi\u0173 skaidulos 250g - kornita","description":"Atsparus krakmolas, bulvi\u0173 skaidulos 250g Atsparus krakmolas, dar vadinamas bulvi\u0173 skaidulomis, yra vienas i\u0161 maistini\u0173 skaidul\u0173 komponent\u0173. Bulvi\u0173 pluo\u0161to naudojimas kulinarijoje D\u0117l puiki\u0173 suri\u0161imo ir tir\u0161tinimo savybi\u0173 bulvi\u0173 pluo\u0161tas puikiai tinka ma\u017eai angliavandeni\u0173 turintiems kepiniams. Prid\u0117jus atsparaus krakmolo, galite paruo\u0161ti, pavyzd\u017eiui, keto duon\u0105, duon\u0105 ar bandeles. Bulvi\u0173 pluo\u0161tas labai gerai sugeria vanden\u012f ir yra neutralus,","inLanguage":"en-US","isPartOf":{"@id":"https:\/\/kornita.lt\/en\/#website"},"breadcrumb":{"@id":"https:\/\/kornita.lt\/en\/shop\/miltai-miltu-misiniai\/coco-farm-atsparus-krakmolas-bulviu-skaidulos-250g\/#breadcrumblist"},"image":{"@type":"ImageObject","url":"https:\/\/kornita.lt\/wp-content\/uploads\/2024\/02\/Coco-Farm-atsparus-krakmolas-bulviu-skaidulos-250g.jpg","@id":"https:\/\/kornita.lt\/en\/shop\/miltai-miltu-misiniai\/coco-farm-atsparus-krakmolas-bulviu-skaidulos-250g\/#mainImage","width":1486,"height":1989},"primaryImageOfPage":{"@id":"https:\/\/kornita.lt\/en\/shop\/miltai-miltu-misiniai\/coco-farm-atsparus-krakmolas-bulviu-skaidulos-250g\/#mainImage"},"datePublished":"2024-03-08T13:34:32+00:00","dateModified":"2025-05-19T08:52:08+00:00"},{"@type":"WebSite","@id":"https:\/\/kornita.lt\/en\/#website","url":"https:\/\/kornita.lt\/en\/","name":"kornita","inLanguage":"en-US","publisher":{"@id":"https:\/\/kornita.lt\/en\/#organization"}}]},"og:locale":"en_US","og:site_name":"kornita -","og:type":"article","og:title":"Atsparus krakmolas, bulvi\u0173 skaidulos 250g - kornita","og:description":"Atsparus krakmolas, bulvi\u0173 skaidulos 250g Atsparus krakmolas, dar vadinamas bulvi\u0173 skaidulomis, yra vienas i\u0161 maistini\u0173 skaidul\u0173 komponent\u0173. Bulvi\u0173 pluo\u0161to naudojimas kulinarijoje D\u0117l puiki\u0173 suri\u0161imo ir tir\u0161tinimo savybi\u0173 bulvi\u0173 pluo\u0161tas puikiai tinka ma\u017eai angliavandeni\u0173 turintiems kepiniams. Prid\u0117jus atsparaus krakmolo, galite paruo\u0161ti, pavyzd\u017eiui, keto duon\u0105, duon\u0105 ar bandeles. Bulvi\u0173 pluo\u0161tas labai gerai sugeria vanden\u012f ir yra neutralus,","og:url":"https:\/\/kornita.lt\/en\/shop\/miltai-miltu-misiniai\/coco-farm-atsparus-krakmolas-bulviu-skaidulos-250g\/","og:image":"https:\/\/kornita.webfactory.lt\/wp-content\/uploads\/2023\/04\/korni-el-prekyba.png","og:image:secure_url":"https:\/\/kornita.webfactory.lt\/wp-content\/uploads\/2023\/04\/korni-el-prekyba.png","article:published_time":"2024-03-08T13:34:32+00:00","article:modified_time":"2025-05-19T08:52:08+00:00","article:publisher":"https:\/\/www.facebook.com\/kornita.lt","twitter:card":"summary_large_image","twitter:title":"Atsparus krakmolas, bulvi\u0173 skaidulos 250g - kornita","twitter:description":"Atsparus krakmolas, bulvi\u0173 skaidulos 250g Atsparus krakmolas, dar vadinamas bulvi\u0173 skaidulomis, yra vienas i\u0161 maistini\u0173 skaidul\u0173 komponent\u0173. Bulvi\u0173 pluo\u0161to naudojimas kulinarijoje D\u0117l puiki\u0173 suri\u0161imo ir tir\u0161tinimo savybi\u0173 bulvi\u0173 pluo\u0161tas puikiai tinka ma\u017eai angliavandeni\u0173 turintiems kepiniams. Prid\u0117jus atsparaus krakmolo, galite paruo\u0161ti, pavyzd\u017eiui, keto duon\u0105, duon\u0105 ar bandeles. Bulvi\u0173 pluo\u0161tas labai gerai sugeria vanden\u012f ir yra neutralus,","twitter:image":"http:\/\/kornita.webfactory.lt\/wp-content\/uploads\/2023\/04\/korni-el-prekyba.png"},"aioseo_meta_data":{"post_id":"22954","title":null,"description":null,"keywords":null,"keyphrases":{"focus":{"keyphrase":"","score":0,"analysis":{"keyphraseInTitle":{"score":0,"maxScore":9,"error":1}}},"additional":[]},"primary_term":null,"canonical_url":null,"og_title":null,"og_description":null,"og_object_type":"default","og_image_type":"default","og_image_url":null,"og_image_width":null,"og_image_height":null,"og_image_custom_url":null,"og_image_custom_fields":null,"og_video":"","og_custom_url":null,"og_article_section":null,"og_article_tags":null,"twitter_use_og":false,"twitter_card":"default","twitter_image_type":"default","twitter_image_url":null,"twitter_image_custom_url":null,"twitter_image_custom_fields":null,"twitter_title":null,"twitter_description":null,"schema":{"blockGraphs":[],"customGraphs":[],"default":{"data":{"Article":[],"Course":[],"Dataset":[],"FAQPage":[],"Movie":[],"Person":[],"Product":[],"ProductReview":[],"Car":[],"Recipe":[],"Service":[],"SoftwareApplication":[],"WebPage":[]},"graphName":"ItemPage","isEnabled":true},"graphs":[]},"schema_type":"default","schema_type_options":null,"pillar_content":false,"robots_default":true,"robots_noindex":false,"robots_noarchive":false,"robots_nosnippet":false,"robots_nofollow":false,"robots_noimageindex":false,"robots_noodp":false,"robots_notranslate":false,"robots_max_snippet":"-1","robots_max_videopreview":"-1","robots_max_imagepreview":"large","priority":null,"frequency":"default","local_seo":null,"seo_analyzer_scan_date":"2025-10-09 00:10:02","breadcrumb_settings":null,"limit_modified_date":false,"open_ai":"{\"title\":{\"suggestions\":[],\"usage\":0},\"description\":{\"suggestions\":[],\"usage\":0}}","ai":null,"created":"2024-02-22 12:19:26","updated":"2025-11-26 23:36:06"},"aioseo_breadcrumb":"<div class=\"aioseo-breadcrumbs\"><span class=\"aioseo-breadcrumb\">\n\t<a href=\"https:\/\/kornita.lt\/en\/\" title=\"Home\">Home<\/a>\n<\/span><span class=\"aioseo-breadcrumb-separator\">&raquo;<\/span><span class=\"aioseo-breadcrumb\">\n\t<a href=\"https:\/\/kornita.lt\/en\/shop-2\/\" title=\"Shop\">Shop<\/a>\n<\/span><span class=\"aioseo-breadcrumb-separator\">&raquo;<\/span><span class=\"aioseo-breadcrumb\">\n\t<a href=\"https:\/\/kornita.lt\/en\/product-category\/miltai-miltu-misiniai\/\" title=\"Miltai ir milt\u0173 mi\u0161iniai\">Miltai ir milt\u0173 mi\u0161iniai<\/a>\n<\/span><span class=\"aioseo-breadcrumb-separator\">&raquo;<\/span><span class=\"aioseo-breadcrumb\">\n\tAtsparus krakmolas, bulvi\u0173 skaidulos 250g\n<\/span><\/div>","aioseo_breadcrumb_json":[{"label":"Home","link":"https:\/\/kornita.lt\/en\/"},{"label":"Shop","link":"https:\/\/kornita.lt\/en\/shop-2\/"},{"label":"Miltai ir milt\u0173 mi\u0161iniai","link":"https:\/\/kornita.lt\/en\/product-category\/miltai-miltu-misiniai\/"},{"label":"Atsparus krakmolas, bulvi\u0173 skaidulos 250g","link":"https:\/\/kornita.lt\/en\/shop\/miltai-miltu-misiniai\/coco-farm-atsparus-krakmolas-bulviu-skaidulos-250g\/"}],"_links":{"self":[{"href":"https:\/\/kornita.lt\/en\/wp-json\/wp\/v2\/product\/22954","targetHints":{"allow":["GET"]}}],"collection":[{"href":"https:\/\/kornita.lt\/en\/wp-json\/wp\/v2\/product"}],"about":[{"href":"https:\/\/kornita.lt\/en\/wp-json\/wp\/v2\/types\/product"}],"replies":[{"embeddable":true,"href":"https:\/\/kornita.lt\/en\/wp-json\/wp\/v2\/comments?post=22954"}],"version-history":[{"count":2,"href":"https:\/\/kornita.lt\/en\/wp-json\/wp\/v2\/product\/22954\/revisions"}],"predecessor-version":[{"id":24672,"href":"https:\/\/kornita.lt\/en\/wp-json\/wp\/v2\/product\/22954\/revisions\/24672"}],"wp:featuredmedia":[{"embeddable":true,"href":"https:\/\/kornita.lt\/en\/wp-json\/wp\/v2\/media\/22960"}],"wp:attachment":[{"href":"https:\/\/kornita.lt\/en\/wp-json\/wp\/v2\/media?parent=22954"}],"wp:term":[{"taxonomy":"product_brand","embeddable":true,"href":"https:\/\/kornita.lt\/en\/wp-json\/wp\/v2\/product_brand?post=22954"},{"taxonomy":"product_cat","embeddable":true,"href":"https:\/\/kornita.lt\/en\/wp-json\/wp\/v2\/product_cat?post=22954"},{"taxonomy":"product_tag","embeddable":true,"href":"https:\/\/kornita.lt\/en\/wp-json\/wp\/v2\/product_tag?post=22954"}],"curies":[{"name":"wp","href":"https:\/\/api.w.org\/{rel}","templated":true}]}}