{"id":22953,"date":"2024-03-08T13:34:32","date_gmt":"2024-03-08T13:34:32","guid":{"rendered":"https:\/\/kornita.lt\/?post_type=product&#038;p=22953"},"modified":"2025-10-20T12:33:48","modified_gmt":"2025-10-20T12:33:48","slug":"coco-farm-bio-kokosu-pieno-milteliai-vegan-250g","status":"publish","type":"product","link":"https:\/\/kornita.lt\/en\/shop\/pieno-pakaitalai\/coco-farm-bio-kokosu-pieno-milteliai-vegan-250g\/","title":{"rendered":"BIO Kokos\u0173 pieno milteliai VEGAN 250g"},"content":{"rendered":"<h2>BIO Kokos\u0173 pieno milteliai VEGAN 250g<\/h2>\n<p>Galiojimo laikas iki 2025-11-24<\/p>\n<p>Kokos\u0173 pieno milteliai, pagaminti i\u0161 ekologi\u0161k\u0173 kokos\u0173 vidaus, neturi gyvulin\u0117s kilm\u0117s pieno darini\u0173 ir gali b\u016bti naudojami veganams. Ekologinis sertifikatas patvirtina, kad kokos\u0173 pienui gaminti nebuvo naudojami jokie cheminiai priedai ar augal\u0173 apsaugos produktai. Jei ie\u0161kote augalinis karv\u0117s pieno pakaitalas, pasidom\u0117kite kokos\u0173 pieno milteliais, kurie turi daug \u012fdomi\u0173 pritaikym\u0173 ir savybi\u0173 Kokos\u0173 pienas puikiai tiks prie daugelio patiekal\u0173, raskite savo m\u0117gstam\u0105 recept\u0105.<br \/>\nKokos\u0173 pieno milteliai, skirti naudoti virtuv\u0117je<br \/>\n\u012e ekologi\u0161k\u0105 kokos\u0173 pien\u0105 \u012fpylus vandens, gaunamas standartinis augalinis pienas, kur\u012f galima \u012fpilti \u012f kav\u0105 arba paruo\u0161ti pusry\u010di\u0173 dribsnius su vegani\u0161ku pienu. Savo ruo\u017etu milteliai puikiai tiks kaip priedas prie muslio ar avi\u017eini\u0173 dribsni\u0173. Tai suteiks jiems kremin\u0117s konsistencijos ir praturtins juos subtiliu kokoso skoniu. Ekologi\u0161kus kokos\u0173 pieno miltelius galite naudoti ir kaip namini\u0173, vegani\u0161k\u0173 led\u0173 ingredient\u0105, jie puikiai tiks kartu su, pavyzd\u017eiui, arb\u016bzu. Miltelius s\u0117kmingai galite d\u0117ti \u012f vegani\u0161kus kepinius, kokteilius, g\u0117rimus ar kakav\u0105. Subtilus kokoso skonio kokos\u0173 pienas puikiai dera su rytieti\u0161kais patiekalais. Raskite savo m\u0117gstam\u0105 recept\u0105. Milteli\u0173 galite \u012fd\u0117ti \u012f kar\u012f arba sviestin\u0119 vi\u0161tien\u0105. Kokos\u0173 pienas ne tik suteikia \u012fdomaus skonio, bet ir nuostabiai sutir\u0161tina pada\u017eus ir sriubas.<br \/>\nEkologi\u0161ki kokos\u0173 pieno milteliai \u2013 savyb\u0117s ir naudojimas mityboje<br \/>\nKokos\u0173 pieno milteliai pirmiausia vertinami d\u0117l vidutin\u0117s grandin\u0117s MCT riebal\u0173 r\u016bg\u0161\u010di\u0173 kiekio. Riebal\u0173 r\u016bg\u0161\u010di\u0173 profilis kokos\u0173 piene yra toks pat kaip ir nerafinuotame gryname kokos\u0173 aliejuje. Tai rei\u0161kia, kad jame yra lauro arba kaprilo r\u016bg\u0161ties. MCT r\u016bg\u0161tys ypa\u010d svarbios ketogenin\u0117s dietos besilaikantiems \u017emon\u0117ms kaip greitos energijos \u0161altinis. Ekologi\u0161kas kokos\u0173 pienas taip pat puikus produktas veganams, nes tr\u016bksta gyvulin\u0117s kilm\u0117s pieno darini\u0173. Be to, milteliai tiks \u017emon\u0117ms, netoleruojantiems laktoz\u0117s ar baltym\u0173, kuri\u0173, be kita ko, yra karv\u0117s piene.<\/p>\n","protected":false},"excerpt":{"rendered":"<p>BIO Kokos\u0173 pieno milteliai VEGAN 250g Galiojimo laikas iki 2025-11-24 Kokos\u0173 pieno milteliai, pagaminti i\u0161 ekologi\u0161k\u0173 kokos\u0173 vidaus, neturi gyvulin\u0117s<\/p>\n","protected":false},"featured_media":22956,"comment_status":"open","ping_status":"closed","template":"","meta":[],"product_brand":[],"product_cat":[55],"product_tag":[],"class_list":{"0":"post-22953","1":"product","2":"type-product","3":"status-publish","4":"has-post-thumbnail","6":"product_cat-pieno-pakaitalai","7":"product_shipping_class-pristatymas","9":"first","10":"outofstock","11":"sale","12":"taxable","13":"shipping-taxable","14":"purchasable","15":"product-type-simple"},"aioseo_notices":[],"aioseo_head":"\n\t\t<!-- All in One SEO Pro 4.9.5.2 - aioseo.com -->\n\t<meta name=\"description\" content=\"BIO Kokos\u0173 pieno milteliai VEGAN 250g Galiojimo laikas iki 2025-11-24 Kokos\u0173 pieno milteliai, pagaminti i\u0161 ekologi\u0161k\u0173 kokos\u0173 vidaus, neturi gyvulin\u0117s kilm\u0117s pieno darini\u0173 ir gali b\u016bti naudojami veganams. Ekologinis sertifikatas patvirtina, kad kokos\u0173 pienui gaminti nebuvo naudojami jokie cheminiai priedai ar augal\u0173 apsaugos produktai. Jei ie\u0161kote augalinis karv\u0117s pieno pakaitalas, pasidom\u0117kite kokos\u0173 pieno milteliais, kurie\" \/>\n\t<meta name=\"robots\" content=\"max-image-preview:large\" \/>\n\t<link rel=\"canonical\" href=\"https:\/\/kornita.lt\/en\/shop\/pieno-pakaitalai\/coco-farm-bio-kokosu-pieno-milteliai-vegan-250g\/\" \/>\n\t<meta name=\"generator\" content=\"All in One SEO Pro (AIOSEO) 4.9.5.2\" \/>\n\t\t<meta property=\"og:locale\" content=\"en_US\" \/>\n\t\t<meta property=\"og:site_name\" content=\"kornita -\" \/>\n\t\t<meta property=\"og:type\" content=\"article\" \/>\n\t\t<meta property=\"og:title\" content=\"BIO Kokos\u0173 pieno milteliai VEGAN 250g - kornita\" \/>\n\t\t<meta property=\"og:description\" content=\"BIO Kokos\u0173 pieno milteliai VEGAN 250g Galiojimo laikas iki 2025-11-24 Kokos\u0173 pieno milteliai, pagaminti i\u0161 ekologi\u0161k\u0173 kokos\u0173 vidaus, neturi gyvulin\u0117s kilm\u0117s pieno darini\u0173 ir gali b\u016bti naudojami veganams. Ekologinis sertifikatas patvirtina, kad kokos\u0173 pienui gaminti nebuvo naudojami jokie cheminiai priedai ar augal\u0173 apsaugos produktai. Jei ie\u0161kote augalinis karv\u0117s pieno pakaitalas, pasidom\u0117kite kokos\u0173 pieno milteliais, kurie\" \/>\n\t\t<meta property=\"og:url\" content=\"https:\/\/kornita.lt\/en\/shop\/pieno-pakaitalai\/coco-farm-bio-kokosu-pieno-milteliai-vegan-250g\/\" \/>\n\t\t<meta property=\"og:image\" content=\"https:\/\/kornita.webfactory.lt\/wp-content\/uploads\/2023\/04\/korni-el-prekyba.png\" \/>\n\t\t<meta property=\"og:image:secure_url\" content=\"https:\/\/kornita.webfactory.lt\/wp-content\/uploads\/2023\/04\/korni-el-prekyba.png\" \/>\n\t\t<meta property=\"article:published_time\" content=\"2024-03-08T13:34:32+00:00\" \/>\n\t\t<meta property=\"article:modified_time\" content=\"2025-10-20T12:33:48+00:00\" \/>\n\t\t<meta property=\"article:publisher\" content=\"https:\/\/www.facebook.com\/kornita.lt\" \/>\n\t\t<meta name=\"twitter:card\" content=\"summary_large_image\" \/>\n\t\t<meta name=\"twitter:title\" content=\"BIO Kokos\u0173 pieno milteliai VEGAN 250g - kornita\" \/>\n\t\t<meta name=\"twitter:description\" content=\"BIO Kokos\u0173 pieno milteliai VEGAN 250g Galiojimo laikas iki 2025-11-24 Kokos\u0173 pieno milteliai, pagaminti i\u0161 ekologi\u0161k\u0173 kokos\u0173 vidaus, neturi gyvulin\u0117s kilm\u0117s pieno darini\u0173 ir gali b\u016bti naudojami veganams. Ekologinis sertifikatas patvirtina, kad kokos\u0173 pienui gaminti nebuvo naudojami jokie cheminiai priedai ar augal\u0173 apsaugos produktai. Jei ie\u0161kote augalinis karv\u0117s pieno pakaitalas, pasidom\u0117kite kokos\u0173 pieno milteliais, kurie\" \/>\n\t\t<meta name=\"twitter:image\" content=\"http:\/\/kornita.webfactory.lt\/wp-content\/uploads\/2023\/04\/korni-el-prekyba.png\" \/>\n\t\t<script type=\"application\/ld+json\" class=\"aioseo-schema\">\n\t\t\t{\"@context\":\"https:\\\/\\\/schema.org\",\"@graph\":[{\"@type\":\"BreadcrumbList\",\"@id\":\"https:\\\/\\\/kornita.lt\\\/en\\\/shop\\\/pieno-pakaitalai\\\/coco-farm-bio-kokosu-pieno-milteliai-vegan-250g\\\/#breadcrumblist\",\"itemListElement\":[{\"@type\":\"ListItem\",\"@id\":\"https:\\\/\\\/kornita.lt\\\/en\\\/#listItem\",\"position\":1,\"name\":\"Home\",\"item\":\"https:\\\/\\\/kornita.lt\\\/en\\\/\",\"nextItem\":{\"@type\":\"ListItem\",\"@id\":\"https:\\\/\\\/kornita.lt\\\/en\\\/shop-2\\\/#listItem\",\"name\":\"Shop\"}},{\"@type\":\"ListItem\",\"@id\":\"https:\\\/\\\/kornita.lt\\\/en\\\/shop-2\\\/#listItem\",\"position\":2,\"name\":\"Shop\",\"item\":\"https:\\\/\\\/kornita.lt\\\/en\\\/shop-2\\\/\",\"nextItem\":{\"@type\":\"ListItem\",\"@id\":\"https:\\\/\\\/kornita.lt\\\/en\\\/product-category\\\/pieno-pakaitalai\\\/#listItem\",\"name\":\"Pieno pakaitalai\"},\"previousItem\":{\"@type\":\"ListItem\",\"@id\":\"https:\\\/\\\/kornita.lt\\\/en\\\/#listItem\",\"name\":\"Home\"}},{\"@type\":\"ListItem\",\"@id\":\"https:\\\/\\\/kornita.lt\\\/en\\\/product-category\\\/pieno-pakaitalai\\\/#listItem\",\"position\":3,\"name\":\"Pieno pakaitalai\",\"item\":\"https:\\\/\\\/kornita.lt\\\/en\\\/product-category\\\/pieno-pakaitalai\\\/\",\"nextItem\":{\"@type\":\"ListItem\",\"@id\":\"https:\\\/\\\/kornita.lt\\\/en\\\/shop\\\/pieno-pakaitalai\\\/coco-farm-bio-kokosu-pieno-milteliai-vegan-250g\\\/#listItem\",\"name\":\"BIO Kokos\\u0173 pieno milteliai VEGAN 250g\"},\"previousItem\":{\"@type\":\"ListItem\",\"@id\":\"https:\\\/\\\/kornita.lt\\\/en\\\/shop-2\\\/#listItem\",\"name\":\"Shop\"}},{\"@type\":\"ListItem\",\"@id\":\"https:\\\/\\\/kornita.lt\\\/en\\\/shop\\\/pieno-pakaitalai\\\/coco-farm-bio-kokosu-pieno-milteliai-vegan-250g\\\/#listItem\",\"position\":4,\"name\":\"BIO Kokos\\u0173 pieno milteliai VEGAN 250g\",\"previousItem\":{\"@type\":\"ListItem\",\"@id\":\"https:\\\/\\\/kornita.lt\\\/en\\\/product-category\\\/pieno-pakaitalai\\\/#listItem\",\"name\":\"Pieno pakaitalai\"}}]},{\"@type\":\"Organization\",\"@id\":\"https:\\\/\\\/kornita.lt\\\/en\\\/#organization\",\"name\":\"kornita\",\"url\":\"https:\\\/\\\/kornita.lt\\\/en\\\/\",\"telephone\":\"+37068581463\",\"logo\":{\"@type\":\"ImageObject\",\"url\":\"http:\\\/\\\/kornita.webfactory.lt\\\/wp-content\\\/uploads\\\/2023\\\/04\\\/korni-el-prekyba.png\",\"@id\":\"https:\\\/\\\/kornita.lt\\\/en\\\/shop\\\/pieno-pakaitalai\\\/coco-farm-bio-kokosu-pieno-milteliai-vegan-250g\\\/#organizationLogo\"},\"image\":{\"@id\":\"https:\\\/\\\/kornita.lt\\\/en\\\/shop\\\/pieno-pakaitalai\\\/coco-farm-bio-kokosu-pieno-milteliai-vegan-250g\\\/#organizationLogo\"},\"sameAs\":[\"https:\\\/\\\/www.facebook.com\\\/kornita.lt\"]},{\"@type\":\"Product\",\"@id\":\"https:\\\/\\\/kornita.lt\\\/en\\\/shop\\\/pieno-pakaitalai\\\/coco-farm-bio-kokosu-pieno-milteliai-vegan-250g\\\/#wooCommerceProduct\",\"name\":\"BIO Kokos\\u0173 pieno milteliai VEGAN 250g\",\"url\":\"https:\\\/\\\/kornita.lt\\\/en\\\/shop\\\/pieno-pakaitalai\\\/coco-farm-bio-kokosu-pieno-milteliai-vegan-250g\\\/\",\"sku\":\"5904161870517\",\"image\":{\"@type\":\"ImageObject\",\"url\":\"https:\\\/\\\/kornita.lt\\\/wp-content\\\/uploads\\\/2024\\\/02\\\/Coco-Farm-BIO-Kokosu-pieno-milteliai-VEGAN-250g.jpg\",\"@id\":\"https:\\\/\\\/kornita.lt\\\/en\\\/shop\\\/pieno-pakaitalai\\\/coco-farm-bio-kokosu-pieno-milteliai-vegan-250g\\\/#productImage\",\"width\":1486,\"height\":1989},\"offers\":{\"@type\":\"Offer\",\"url\":\"https:\\\/\\\/kornita.lt\\\/en\\\/shop\\\/pieno-pakaitalai\\\/coco-farm-bio-kokosu-pieno-milteliai-vegan-250g\\\/#wooCommerceOffer\",\"price\":3.03,\"priceCurrency\":\"EUR\",\"category\":\"Pieno pakaitalai\",\"availability\":\"https:\\\/\\\/schema.org\\\/OutOfStock\",\"priceSpecification\":{\"@type\":\"PriceSpecification\",\"price\":3.03,\"priceCurrency\":\"EUR\",\"valueAddedTaxIncluded\":\"true\"},\"seller\":{\"@type\":\"Organization\",\"@id\":\"https:\\\/\\\/kornita.lt\\\/en\\\/#organization\"}}},{\"@type\":\"WebPage\",\"@id\":\"https:\\\/\\\/kornita.lt\\\/en\\\/shop\\\/pieno-pakaitalai\\\/coco-farm-bio-kokosu-pieno-milteliai-vegan-250g\\\/#webpage\",\"url\":\"https:\\\/\\\/kornita.lt\\\/en\\\/shop\\\/pieno-pakaitalai\\\/coco-farm-bio-kokosu-pieno-milteliai-vegan-250g\\\/\",\"name\":\"BIO Kokos\\u0173 pieno milteliai VEGAN 250g - kornita\",\"description\":\"BIO Kokos\\u0173 pieno milteliai VEGAN 250g Galiojimo laikas iki 2025-11-24 Kokos\\u0173 pieno milteliai, pagaminti i\\u0161 ekologi\\u0161k\\u0173 kokos\\u0173 vidaus, neturi gyvulin\\u0117s kilm\\u0117s pieno darini\\u0173 ir gali b\\u016bti naudojami veganams. Ekologinis sertifikatas patvirtina, kad kokos\\u0173 pienui gaminti nebuvo naudojami jokie cheminiai priedai ar augal\\u0173 apsaugos produktai. Jei ie\\u0161kote augalinis karv\\u0117s pieno pakaitalas, pasidom\\u0117kite kokos\\u0173 pieno milteliais, kurie\",\"inLanguage\":\"en-US\",\"isPartOf\":{\"@id\":\"https:\\\/\\\/kornita.lt\\\/en\\\/#website\"},\"breadcrumb\":{\"@id\":\"https:\\\/\\\/kornita.lt\\\/en\\\/shop\\\/pieno-pakaitalai\\\/coco-farm-bio-kokosu-pieno-milteliai-vegan-250g\\\/#breadcrumblist\"},\"image\":{\"@type\":\"ImageObject\",\"url\":\"https:\\\/\\\/kornita.lt\\\/wp-content\\\/uploads\\\/2024\\\/02\\\/Coco-Farm-BIO-Kokosu-pieno-milteliai-VEGAN-250g.jpg\",\"@id\":\"https:\\\/\\\/kornita.lt\\\/en\\\/shop\\\/pieno-pakaitalai\\\/coco-farm-bio-kokosu-pieno-milteliai-vegan-250g\\\/#mainImage\",\"width\":1486,\"height\":1989},\"primaryImageOfPage\":{\"@id\":\"https:\\\/\\\/kornita.lt\\\/en\\\/shop\\\/pieno-pakaitalai\\\/coco-farm-bio-kokosu-pieno-milteliai-vegan-250g\\\/#mainImage\"},\"datePublished\":\"2024-03-08T13:34:32+00:00\",\"dateModified\":\"2025-10-20T12:33:48+00:00\"},{\"@type\":\"WebSite\",\"@id\":\"https:\\\/\\\/kornita.lt\\\/en\\\/#website\",\"url\":\"https:\\\/\\\/kornita.lt\\\/en\\\/\",\"name\":\"kornita\",\"inLanguage\":\"en-US\",\"publisher\":{\"@id\":\"https:\\\/\\\/kornita.lt\\\/en\\\/#organization\"}}]}\n\t\t<\/script>\n\t\t<!-- All in One SEO Pro -->\r\n\t\t<title>BIO Kokos\u0173 pieno milteliai VEGAN 250g - kornita<\/title>\n\n","aioseo_head_json":{"title":"BIO Kokos\u0173 pieno milteliai VEGAN 250g - kornita","description":"BIO Kokos\u0173 pieno milteliai VEGAN 250g Galiojimo laikas iki 2025-11-24 Kokos\u0173 pieno milteliai, pagaminti i\u0161 ekologi\u0161k\u0173 kokos\u0173 vidaus, neturi gyvulin\u0117s kilm\u0117s pieno darini\u0173 ir gali b\u016bti naudojami veganams. Ekologinis sertifikatas patvirtina, kad kokos\u0173 pienui gaminti nebuvo naudojami jokie cheminiai priedai ar augal\u0173 apsaugos produktai. Jei ie\u0161kote augalinis karv\u0117s pieno pakaitalas, pasidom\u0117kite kokos\u0173 pieno milteliais, kurie","canonical_url":"https:\/\/kornita.lt\/en\/shop\/pieno-pakaitalai\/coco-farm-bio-kokosu-pieno-milteliai-vegan-250g\/","robots":"max-image-preview:large","keywords":"","webmasterTools":{"miscellaneous":""},"schema":{"@context":"https:\/\/schema.org","@graph":[{"@type":"BreadcrumbList","@id":"https:\/\/kornita.lt\/en\/shop\/pieno-pakaitalai\/coco-farm-bio-kokosu-pieno-milteliai-vegan-250g\/#breadcrumblist","itemListElement":[{"@type":"ListItem","@id":"https:\/\/kornita.lt\/en\/#listItem","position":1,"name":"Home","item":"https:\/\/kornita.lt\/en\/","nextItem":{"@type":"ListItem","@id":"https:\/\/kornita.lt\/en\/shop-2\/#listItem","name":"Shop"}},{"@type":"ListItem","@id":"https:\/\/kornita.lt\/en\/shop-2\/#listItem","position":2,"name":"Shop","item":"https:\/\/kornita.lt\/en\/shop-2\/","nextItem":{"@type":"ListItem","@id":"https:\/\/kornita.lt\/en\/product-category\/pieno-pakaitalai\/#listItem","name":"Pieno pakaitalai"},"previousItem":{"@type":"ListItem","@id":"https:\/\/kornita.lt\/en\/#listItem","name":"Home"}},{"@type":"ListItem","@id":"https:\/\/kornita.lt\/en\/product-category\/pieno-pakaitalai\/#listItem","position":3,"name":"Pieno pakaitalai","item":"https:\/\/kornita.lt\/en\/product-category\/pieno-pakaitalai\/","nextItem":{"@type":"ListItem","@id":"https:\/\/kornita.lt\/en\/shop\/pieno-pakaitalai\/coco-farm-bio-kokosu-pieno-milteliai-vegan-250g\/#listItem","name":"BIO Kokos\u0173 pieno milteliai VEGAN 250g"},"previousItem":{"@type":"ListItem","@id":"https:\/\/kornita.lt\/en\/shop-2\/#listItem","name":"Shop"}},{"@type":"ListItem","@id":"https:\/\/kornita.lt\/en\/shop\/pieno-pakaitalai\/coco-farm-bio-kokosu-pieno-milteliai-vegan-250g\/#listItem","position":4,"name":"BIO Kokos\u0173 pieno milteliai VEGAN 250g","previousItem":{"@type":"ListItem","@id":"https:\/\/kornita.lt\/en\/product-category\/pieno-pakaitalai\/#listItem","name":"Pieno pakaitalai"}}]},{"@type":"Organization","@id":"https:\/\/kornita.lt\/en\/#organization","name":"kornita","url":"https:\/\/kornita.lt\/en\/","telephone":"+37068581463","logo":{"@type":"ImageObject","url":"http:\/\/kornita.webfactory.lt\/wp-content\/uploads\/2023\/04\/korni-el-prekyba.png","@id":"https:\/\/kornita.lt\/en\/shop\/pieno-pakaitalai\/coco-farm-bio-kokosu-pieno-milteliai-vegan-250g\/#organizationLogo"},"image":{"@id":"https:\/\/kornita.lt\/en\/shop\/pieno-pakaitalai\/coco-farm-bio-kokosu-pieno-milteliai-vegan-250g\/#organizationLogo"},"sameAs":["https:\/\/www.facebook.com\/kornita.lt"]},{"@type":"Product","@id":"https:\/\/kornita.lt\/en\/shop\/pieno-pakaitalai\/coco-farm-bio-kokosu-pieno-milteliai-vegan-250g\/#wooCommerceProduct","name":"BIO Kokos\u0173 pieno milteliai VEGAN 250g","url":"https:\/\/kornita.lt\/en\/shop\/pieno-pakaitalai\/coco-farm-bio-kokosu-pieno-milteliai-vegan-250g\/","sku":"5904161870517","image":{"@type":"ImageObject","url":"https:\/\/kornita.lt\/wp-content\/uploads\/2024\/02\/Coco-Farm-BIO-Kokosu-pieno-milteliai-VEGAN-250g.jpg","@id":"https:\/\/kornita.lt\/en\/shop\/pieno-pakaitalai\/coco-farm-bio-kokosu-pieno-milteliai-vegan-250g\/#productImage","width":1486,"height":1989},"offers":{"@type":"Offer","url":"https:\/\/kornita.lt\/en\/shop\/pieno-pakaitalai\/coco-farm-bio-kokosu-pieno-milteliai-vegan-250g\/#wooCommerceOffer","price":3.03,"priceCurrency":"EUR","category":"Pieno pakaitalai","availability":"https:\/\/schema.org\/OutOfStock","priceSpecification":{"@type":"PriceSpecification","price":3.03,"priceCurrency":"EUR","valueAddedTaxIncluded":"true"},"seller":{"@type":"Organization","@id":"https:\/\/kornita.lt\/en\/#organization"}}},{"@type":"WebPage","@id":"https:\/\/kornita.lt\/en\/shop\/pieno-pakaitalai\/coco-farm-bio-kokosu-pieno-milteliai-vegan-250g\/#webpage","url":"https:\/\/kornita.lt\/en\/shop\/pieno-pakaitalai\/coco-farm-bio-kokosu-pieno-milteliai-vegan-250g\/","name":"BIO Kokos\u0173 pieno milteliai VEGAN 250g - kornita","description":"BIO Kokos\u0173 pieno milteliai VEGAN 250g Galiojimo laikas iki 2025-11-24 Kokos\u0173 pieno milteliai, pagaminti i\u0161 ekologi\u0161k\u0173 kokos\u0173 vidaus, neturi gyvulin\u0117s kilm\u0117s pieno darini\u0173 ir gali b\u016bti naudojami veganams. Ekologinis sertifikatas patvirtina, kad kokos\u0173 pienui gaminti nebuvo naudojami jokie cheminiai priedai ar augal\u0173 apsaugos produktai. Jei ie\u0161kote augalinis karv\u0117s pieno pakaitalas, pasidom\u0117kite kokos\u0173 pieno milteliais, kurie","inLanguage":"en-US","isPartOf":{"@id":"https:\/\/kornita.lt\/en\/#website"},"breadcrumb":{"@id":"https:\/\/kornita.lt\/en\/shop\/pieno-pakaitalai\/coco-farm-bio-kokosu-pieno-milteliai-vegan-250g\/#breadcrumblist"},"image":{"@type":"ImageObject","url":"https:\/\/kornita.lt\/wp-content\/uploads\/2024\/02\/Coco-Farm-BIO-Kokosu-pieno-milteliai-VEGAN-250g.jpg","@id":"https:\/\/kornita.lt\/en\/shop\/pieno-pakaitalai\/coco-farm-bio-kokosu-pieno-milteliai-vegan-250g\/#mainImage","width":1486,"height":1989},"primaryImageOfPage":{"@id":"https:\/\/kornita.lt\/en\/shop\/pieno-pakaitalai\/coco-farm-bio-kokosu-pieno-milteliai-vegan-250g\/#mainImage"},"datePublished":"2024-03-08T13:34:32+00:00","dateModified":"2025-10-20T12:33:48+00:00"},{"@type":"WebSite","@id":"https:\/\/kornita.lt\/en\/#website","url":"https:\/\/kornita.lt\/en\/","name":"kornita","inLanguage":"en-US","publisher":{"@id":"https:\/\/kornita.lt\/en\/#organization"}}]},"og:locale":"en_US","og:site_name":"kornita -","og:type":"article","og:title":"BIO Kokos\u0173 pieno milteliai VEGAN 250g - kornita","og:description":"BIO Kokos\u0173 pieno milteliai VEGAN 250g Galiojimo laikas iki 2025-11-24 Kokos\u0173 pieno milteliai, pagaminti i\u0161 ekologi\u0161k\u0173 kokos\u0173 vidaus, neturi gyvulin\u0117s kilm\u0117s pieno darini\u0173 ir gali b\u016bti naudojami veganams. Ekologinis sertifikatas patvirtina, kad kokos\u0173 pienui gaminti nebuvo naudojami jokie cheminiai priedai ar augal\u0173 apsaugos produktai. Jei ie\u0161kote augalinis karv\u0117s pieno pakaitalas, pasidom\u0117kite kokos\u0173 pieno milteliais, kurie","og:url":"https:\/\/kornita.lt\/en\/shop\/pieno-pakaitalai\/coco-farm-bio-kokosu-pieno-milteliai-vegan-250g\/","og:image":"https:\/\/kornita.webfactory.lt\/wp-content\/uploads\/2023\/04\/korni-el-prekyba.png","og:image:secure_url":"https:\/\/kornita.webfactory.lt\/wp-content\/uploads\/2023\/04\/korni-el-prekyba.png","article:published_time":"2024-03-08T13:34:32+00:00","article:modified_time":"2025-10-20T12:33:48+00:00","article:publisher":"https:\/\/www.facebook.com\/kornita.lt","twitter:card":"summary_large_image","twitter:title":"BIO Kokos\u0173 pieno milteliai VEGAN 250g - kornita","twitter:description":"BIO Kokos\u0173 pieno milteliai VEGAN 250g Galiojimo laikas iki 2025-11-24 Kokos\u0173 pieno milteliai, pagaminti i\u0161 ekologi\u0161k\u0173 kokos\u0173 vidaus, neturi gyvulin\u0117s kilm\u0117s pieno darini\u0173 ir gali b\u016bti naudojami veganams. Ekologinis sertifikatas patvirtina, kad kokos\u0173 pienui gaminti nebuvo naudojami jokie cheminiai priedai ar augal\u0173 apsaugos produktai. Jei ie\u0161kote augalinis karv\u0117s pieno pakaitalas, pasidom\u0117kite kokos\u0173 pieno milteliais, kurie","twitter:image":"http:\/\/kornita.webfactory.lt\/wp-content\/uploads\/2023\/04\/korni-el-prekyba.png"},"aioseo_meta_data":{"post_id":"22953","title":"#post_title #separator_sa #site_title","description":"#post_excerpt","keywords":null,"keyphrases":{"focus":{"keyphrase":"","score":0,"analysis":{"keyphraseInTitle":{"score":0,"maxScore":9,"error":1}}},"additional":[]},"primary_term":null,"canonical_url":null,"og_title":null,"og_description":null,"og_object_type":"default","og_image_type":"default","og_image_url":null,"og_image_width":null,"og_image_height":null,"og_image_custom_url":null,"og_image_custom_fields":null,"og_video":"","og_custom_url":null,"og_article_section":null,"og_article_tags":null,"twitter_use_og":false,"twitter_card":"default","twitter_image_type":"default","twitter_image_url":null,"twitter_image_custom_url":null,"twitter_image_custom_fields":null,"twitter_title":null,"twitter_description":null,"schema":{"blockGraphs":[],"customGraphs":[],"default":{"data":{"Article":[],"Course":[],"Dataset":[],"FAQPage":[],"Movie":[],"Person":[],"Product":[],"ProductReview":[],"Car":[],"Recipe":[],"Service":[],"SoftwareApplication":[],"WebPage":[]},"graphName":"Product","isEnabled":true},"graphs":[]},"schema_type":"default","schema_type_options":null,"pillar_content":false,"robots_default":true,"robots_noindex":false,"robots_noarchive":false,"robots_nosnippet":false,"robots_nofollow":false,"robots_noimageindex":false,"robots_noodp":false,"robots_notranslate":false,"robots_max_snippet":"-1","robots_max_videopreview":"-1","robots_max_imagepreview":"large","priority":null,"frequency":"default","local_seo":null,"seo_analyzer_scan_date":"2025-10-20 12:46:44","breadcrumb_settings":null,"limit_modified_date":false,"open_ai":"{\"title\":{\"suggestions\":[],\"usage\":0},\"description\":{\"suggestions\":[],\"usage\":0}}","ai":{"faqs":[],"keyPoints":[],"titles":[],"descriptions":[],"socialPosts":{"email":[],"linkedin":[],"twitter":[],"facebook":[],"instagram":[]}},"created":"2024-02-22 12:18:05","updated":"2025-10-21 23:35:35"},"aioseo_breadcrumb":"<div class=\"aioseo-breadcrumbs\"><span class=\"aioseo-breadcrumb\">\n\t<a href=\"https:\/\/kornita.lt\/en\/\" title=\"Home\">Home<\/a>\n<\/span><span class=\"aioseo-breadcrumb-separator\">&raquo;<\/span><span class=\"aioseo-breadcrumb\">\n\t<a href=\"https:\/\/kornita.lt\/en\/shop-2\/\" title=\"Shop\">Shop<\/a>\n<\/span><span class=\"aioseo-breadcrumb-separator\">&raquo;<\/span><span class=\"aioseo-breadcrumb\">\n\t<a href=\"https:\/\/kornita.lt\/en\/product-category\/pieno-pakaitalai\/\" title=\"Pieno pakaitalai\">Pieno pakaitalai<\/a>\n<\/span><span class=\"aioseo-breadcrumb-separator\">&raquo;<\/span><span class=\"aioseo-breadcrumb\">\n\tBIO Kokos\u0173 pieno milteliai VEGAN 250g\n<\/span><\/div>","aioseo_breadcrumb_json":[{"label":"Home","link":"https:\/\/kornita.lt\/en\/"},{"label":"Shop","link":"https:\/\/kornita.lt\/en\/shop-2\/"},{"label":"Pieno pakaitalai","link":"https:\/\/kornita.lt\/en\/product-category\/pieno-pakaitalai\/"},{"label":"BIO Kokos\u0173 pieno milteliai VEGAN 250g","link":"https:\/\/kornita.lt\/en\/shop\/pieno-pakaitalai\/coco-farm-bio-kokosu-pieno-milteliai-vegan-250g\/"}],"_links":{"self":[{"href":"https:\/\/kornita.lt\/en\/wp-json\/wp\/v2\/product\/22953","targetHints":{"allow":["GET"]}}],"collection":[{"href":"https:\/\/kornita.lt\/en\/wp-json\/wp\/v2\/product"}],"about":[{"href":"https:\/\/kornita.lt\/en\/wp-json\/wp\/v2\/types\/product"}],"replies":[{"embeddable":true,"href":"https:\/\/kornita.lt\/en\/wp-json\/wp\/v2\/comments?post=22953"}],"version-history":[{"count":3,"href":"https:\/\/kornita.lt\/en\/wp-json\/wp\/v2\/product\/22953\/revisions"}],"predecessor-version":[{"id":25757,"href":"https:\/\/kornita.lt\/en\/wp-json\/wp\/v2\/product\/22953\/revisions\/25757"}],"wp:featuredmedia":[{"embeddable":true,"href":"https:\/\/kornita.lt\/en\/wp-json\/wp\/v2\/media\/22956"}],"wp:attachment":[{"href":"https:\/\/kornita.lt\/en\/wp-json\/wp\/v2\/media?parent=22953"}],"wp:term":[{"taxonomy":"product_brand","embeddable":true,"href":"https:\/\/kornita.lt\/en\/wp-json\/wp\/v2\/product_brand?post=22953"},{"taxonomy":"product_cat","embeddable":true,"href":"https:\/\/kornita.lt\/en\/wp-json\/wp\/v2\/product_cat?post=22953"},{"taxonomy":"product_tag","embeddable":true,"href":"https:\/\/kornita.lt\/en\/wp-json\/wp\/v2\/product_tag?post=22953"}],"curies":[{"name":"wp","href":"https:\/\/api.w.org\/{rel}","templated":true}]}}