{"id":22948,"date":"2024-03-08T13:34:32","date_gmt":"2024-03-08T13:34:32","guid":{"rendered":"https:\/\/kornita.lt\/?post_type=product&#038;p=22948"},"modified":"2026-01-08T09:13:44","modified_gmt":"2026-01-08T09:13:44","slug":"coco-farm-mct-rugstys-c8c10-milteliai-vidutines-grandines-kokosu-rugstys-200-g","status":"publish","type":"product","link":"https:\/\/kornita.lt\/en\/shop\/miltai-miltu-misiniai\/coco-farm-mct-rugstys-c8c10-milteliai-vidutines-grandines-kokosu-rugstys-200-g\/","title":{"rendered":"Coco Farm MCT r\u016bg\u0161tys (C8+C10) milteliai, vidutin\u0117s grandin\u0117s kokos\u0173 r\u016bg\u0161tys 200 g"},"content":{"rendered":"<h2>Coco Farm MCT r\u016bg\u0161tys (C8+C10) milteliai, vidutin\u0117s grandin\u0117s kokos\u0173 r\u016bg\u0161tys 200 g<\/h2>\n<p>Galiojimo laikas iki 15.12.2025<\/p>\n<p>MCT r\u016bg\u0161tys, kas tai yra?<br \/>\nMCT aliejaus milteliai yra vidutin\u0117s grandin\u0117s C8 ir C10 riebal\u0173 r\u016bg\u0161\u010di\u0173 mi\u0161inys. MCT r\u016bg\u0161tys yra vidutin\u0117s grandin\u0117s riebal\u0173 r\u016bg\u0161tys (vidutin\u0117s grandin\u0117s trigliceridai), gaunamos i\u0161 kokoso. Tyrimai parod\u0117, kad tai riebalai, kuriuos m\u016bs\u0173 organizmas teikia pirmenyb\u0119 energijai gaminti. MCT apdorojami beveik i\u0161 karto, tod\u0117l organizmas nekaupia j\u0173 kaip riebal\u0173. M\u016bs\u0173 k\u016bnas MCT r\u016bg\u0161tis paver\u010dia \u0161varia energija. Vidutin\u0117s grandin\u0117s riebal\u0173 r\u016bg\u0161tys yra lengvai vir\u0161kinamos m\u016bs\u0173 organizmo, o kasa nedalyvauja vir\u0161kinimo procese. Reguliariai vartojamos MCT r\u016bg\u0161tys padeda patekti \u012f ketoz\u0117s b\u016bsen\u0105.<\/p>\n<p>MCT r\u016bg\u0161\u010di\u0173 milteli\u0173 galima d\u0117ti \u012f rytin\u0119 kav\u0105, norint paruo\u0161ti energing\u0105 neper\u0161aunam\u0105 kav\u0105, arba \u012f kitus g\u0117rimus, pvz. kokteilius, jogurtus, jauslius ar avi\u017einius dribsnius. Gera id\u0117ja \u2013 \u012f naminius ledus ar skrudintus pyragus \u012fberti milteli\u0173 pavidalo MCT r\u016bg\u0161\u010di\u0173. Taip pat galite naudoti MCT aliejaus miltelius salotoms arba kiau\u0161ini\u0173 pastai.<\/p>\n<p>Paros doz\u0117 yra 1 valgomasis \u0161auk\u0161tas ir neturi vir\u0161yti 10 g.<\/p>\n<h4>Paruo\u0161imas<\/h4>\n<p>Paros doz\u0117 yra 1 valgomasis \u0161auk\u0161tas ir neturi vir\u0161yti 10 g.<\/p>\n","protected":false},"excerpt":{"rendered":"<p>Coco Farm MCT r\u016bg\u0161tys (C8+C10) milteliai, vidutin\u0117s grandin\u0117s kokos\u0173 r\u016bg\u0161tys 200 g Galiojimo laikas iki 15.12.2025 MCT r\u016bg\u0161tys, kas tai<\/p>\n","protected":false},"featured_media":22949,"comment_status":"open","ping_status":"closed","template":"","meta":[],"product_brand":[],"product_cat":[215],"product_tag":[],"class_list":{"0":"post-22948","1":"product","2":"type-product","3":"status-publish","4":"has-post-thumbnail","6":"product_cat-miltai-miltu-misiniai","7":"product_shipping_class-pristatymas","9":"first","10":"outofstock","11":"sale","12":"taxable","13":"shipping-taxable","14":"purchasable","15":"product-type-simple"},"aioseo_notices":[],"aioseo_head":"\n\t\t<!-- All in One SEO Pro 4.9.5.2 - aioseo.com -->\n\t<meta name=\"description\" content=\"Coco Farm MCT r\u016bg\u0161tys (C8+C10) milteliai, vidutin\u0117s grandin\u0117s kokos\u0173 r\u016bg\u0161tys 200 g Galiojimo laikas iki 15.12.2025 MCT r\u016bg\u0161tys, kas tai yra? MCT aliejaus milteliai yra vidutin\u0117s grandin\u0117s C8 ir C10 riebal\u0173 r\u016bg\u0161\u010di\u0173 mi\u0161inys. MCT r\u016bg\u0161tys yra vidutin\u0117s grandin\u0117s riebal\u0173 r\u016bg\u0161tys (vidutin\u0117s grandin\u0117s trigliceridai), gaunamos i\u0161 kokoso. Tyrimai parod\u0117, kad tai riebalai, kuriuos m\u016bs\u0173 organizmas teikia\" \/>\n\t<meta name=\"robots\" content=\"max-image-preview:large\" \/>\n\t<link rel=\"canonical\" href=\"https:\/\/kornita.lt\/en\/shop\/miltai-miltu-misiniai\/coco-farm-mct-rugstys-c8c10-milteliai-vidutines-grandines-kokosu-rugstys-200-g\/\" \/>\n\t<meta name=\"generator\" content=\"All in One SEO Pro (AIOSEO) 4.9.5.2\" \/>\n\t\t<meta property=\"og:locale\" content=\"en_US\" \/>\n\t\t<meta property=\"og:site_name\" content=\"kornita -\" \/>\n\t\t<meta property=\"og:type\" content=\"article\" \/>\n\t\t<meta property=\"og:title\" content=\"Coco Farm MCT r\u016bg\u0161tys (C8+C10) milteliai, vidutin\u0117s grandin\u0117s kokos\u0173 r\u016bg\u0161tys 200 g - kornita\" \/>\n\t\t<meta property=\"og:description\" content=\"Coco Farm MCT r\u016bg\u0161tys (C8+C10) milteliai, vidutin\u0117s grandin\u0117s kokos\u0173 r\u016bg\u0161tys 200 g Galiojimo laikas iki 15.12.2025 MCT r\u016bg\u0161tys, kas tai yra? MCT aliejaus milteliai yra vidutin\u0117s grandin\u0117s C8 ir C10 riebal\u0173 r\u016bg\u0161\u010di\u0173 mi\u0161inys. MCT r\u016bg\u0161tys yra vidutin\u0117s grandin\u0117s riebal\u0173 r\u016bg\u0161tys (vidutin\u0117s grandin\u0117s trigliceridai), gaunamos i\u0161 kokoso. Tyrimai parod\u0117, kad tai riebalai, kuriuos m\u016bs\u0173 organizmas teikia\" \/>\n\t\t<meta property=\"og:url\" content=\"https:\/\/kornita.lt\/en\/shop\/miltai-miltu-misiniai\/coco-farm-mct-rugstys-c8c10-milteliai-vidutines-grandines-kokosu-rugstys-200-g\/\" \/>\n\t\t<meta property=\"og:image\" content=\"https:\/\/kornita.webfactory.lt\/wp-content\/uploads\/2023\/04\/korni-el-prekyba.png\" \/>\n\t\t<meta property=\"og:image:secure_url\" content=\"https:\/\/kornita.webfactory.lt\/wp-content\/uploads\/2023\/04\/korni-el-prekyba.png\" \/>\n\t\t<meta property=\"article:published_time\" content=\"2024-03-08T13:34:32+00:00\" \/>\n\t\t<meta property=\"article:modified_time\" content=\"2026-01-08T09:13:44+00:00\" \/>\n\t\t<meta property=\"article:publisher\" content=\"https:\/\/www.facebook.com\/kornita.lt\" \/>\n\t\t<meta name=\"twitter:card\" content=\"summary_large_image\" \/>\n\t\t<meta name=\"twitter:title\" content=\"Coco Farm MCT r\u016bg\u0161tys (C8+C10) milteliai, vidutin\u0117s grandin\u0117s kokos\u0173 r\u016bg\u0161tys 200 g - kornita\" \/>\n\t\t<meta name=\"twitter:description\" content=\"Coco Farm MCT r\u016bg\u0161tys (C8+C10) milteliai, vidutin\u0117s grandin\u0117s kokos\u0173 r\u016bg\u0161tys 200 g Galiojimo laikas iki 15.12.2025 MCT r\u016bg\u0161tys, kas tai yra? MCT aliejaus milteliai yra vidutin\u0117s grandin\u0117s C8 ir C10 riebal\u0173 r\u016bg\u0161\u010di\u0173 mi\u0161inys. MCT r\u016bg\u0161tys yra vidutin\u0117s grandin\u0117s riebal\u0173 r\u016bg\u0161tys (vidutin\u0117s grandin\u0117s trigliceridai), gaunamos i\u0161 kokoso. Tyrimai parod\u0117, kad tai riebalai, kuriuos m\u016bs\u0173 organizmas teikia\" \/>\n\t\t<meta name=\"twitter:image\" content=\"http:\/\/kornita.webfactory.lt\/wp-content\/uploads\/2023\/04\/korni-el-prekyba.png\" \/>\n\t\t<script type=\"application\/ld+json\" class=\"aioseo-schema\">\n\t\t\t{\"@context\":\"https:\\\/\\\/schema.org\",\"@graph\":[{\"@type\":\"BreadcrumbList\",\"@id\":\"https:\\\/\\\/kornita.lt\\\/en\\\/shop\\\/miltai-miltu-misiniai\\\/coco-farm-mct-rugstys-c8c10-milteliai-vidutines-grandines-kokosu-rugstys-200-g\\\/#breadcrumblist\",\"itemListElement\":[{\"@type\":\"ListItem\",\"@id\":\"https:\\\/\\\/kornita.lt\\\/en\\\/#listItem\",\"position\":1,\"name\":\"Home\",\"item\":\"https:\\\/\\\/kornita.lt\\\/en\\\/\",\"nextItem\":{\"@type\":\"ListItem\",\"@id\":\"https:\\\/\\\/kornita.lt\\\/en\\\/shop-2\\\/#listItem\",\"name\":\"Shop\"}},{\"@type\":\"ListItem\",\"@id\":\"https:\\\/\\\/kornita.lt\\\/en\\\/shop-2\\\/#listItem\",\"position\":2,\"name\":\"Shop\",\"item\":\"https:\\\/\\\/kornita.lt\\\/en\\\/shop-2\\\/\",\"nextItem\":{\"@type\":\"ListItem\",\"@id\":\"https:\\\/\\\/kornita.lt\\\/en\\\/product-category\\\/miltai-miltu-misiniai\\\/#listItem\",\"name\":\"Miltai ir milt\\u0173 mi\\u0161iniai\"},\"previousItem\":{\"@type\":\"ListItem\",\"@id\":\"https:\\\/\\\/kornita.lt\\\/en\\\/#listItem\",\"name\":\"Home\"}},{\"@type\":\"ListItem\",\"@id\":\"https:\\\/\\\/kornita.lt\\\/en\\\/product-category\\\/miltai-miltu-misiniai\\\/#listItem\",\"position\":3,\"name\":\"Miltai ir milt\\u0173 mi\\u0161iniai\",\"item\":\"https:\\\/\\\/kornita.lt\\\/en\\\/product-category\\\/miltai-miltu-misiniai\\\/\",\"nextItem\":{\"@type\":\"ListItem\",\"@id\":\"https:\\\/\\\/kornita.lt\\\/en\\\/shop\\\/miltai-miltu-misiniai\\\/coco-farm-mct-rugstys-c8c10-milteliai-vidutines-grandines-kokosu-rugstys-200-g\\\/#listItem\",\"name\":\"Coco Farm MCT r\\u016bg\\u0161tys (C8+C10) milteliai, vidutin\\u0117s grandin\\u0117s kokos\\u0173 r\\u016bg\\u0161tys 200 g\"},\"previousItem\":{\"@type\":\"ListItem\",\"@id\":\"https:\\\/\\\/kornita.lt\\\/en\\\/shop-2\\\/#listItem\",\"name\":\"Shop\"}},{\"@type\":\"ListItem\",\"@id\":\"https:\\\/\\\/kornita.lt\\\/en\\\/shop\\\/miltai-miltu-misiniai\\\/coco-farm-mct-rugstys-c8c10-milteliai-vidutines-grandines-kokosu-rugstys-200-g\\\/#listItem\",\"position\":4,\"name\":\"Coco Farm MCT r\\u016bg\\u0161tys (C8+C10) milteliai, vidutin\\u0117s grandin\\u0117s kokos\\u0173 r\\u016bg\\u0161tys 200 g\",\"previousItem\":{\"@type\":\"ListItem\",\"@id\":\"https:\\\/\\\/kornita.lt\\\/en\\\/product-category\\\/miltai-miltu-misiniai\\\/#listItem\",\"name\":\"Miltai ir milt\\u0173 mi\\u0161iniai\"}}]},{\"@type\":\"Organization\",\"@id\":\"https:\\\/\\\/kornita.lt\\\/en\\\/#organization\",\"name\":\"kornita\",\"url\":\"https:\\\/\\\/kornita.lt\\\/en\\\/\",\"telephone\":\"+37068581463\",\"logo\":{\"@type\":\"ImageObject\",\"url\":\"http:\\\/\\\/kornita.webfactory.lt\\\/wp-content\\\/uploads\\\/2023\\\/04\\\/korni-el-prekyba.png\",\"@id\":\"https:\\\/\\\/kornita.lt\\\/en\\\/shop\\\/miltai-miltu-misiniai\\\/coco-farm-mct-rugstys-c8c10-milteliai-vidutines-grandines-kokosu-rugstys-200-g\\\/#organizationLogo\"},\"image\":{\"@id\":\"https:\\\/\\\/kornita.lt\\\/en\\\/shop\\\/miltai-miltu-misiniai\\\/coco-farm-mct-rugstys-c8c10-milteliai-vidutines-grandines-kokosu-rugstys-200-g\\\/#organizationLogo\"},\"sameAs\":[\"https:\\\/\\\/www.facebook.com\\\/kornita.lt\"]},{\"@type\":\"Product\",\"@id\":\"https:\\\/\\\/kornita.lt\\\/en\\\/shop\\\/miltai-miltu-misiniai\\\/coco-farm-mct-rugstys-c8c10-milteliai-vidutines-grandines-kokosu-rugstys-200-g\\\/#wooCommerceProduct\",\"name\":\"Coco Farm MCT r\\u016bg\\u0161tys (C8+C10) milteliai, vidutin\\u0117s grandin\\u0117s kokos\\u0173 r\\u016bg\\u0161tys 200 g\",\"url\":\"https:\\\/\\\/kornita.lt\\\/en\\\/shop\\\/miltai-miltu-misiniai\\\/coco-farm-mct-rugstys-c8c10-milteliai-vidutines-grandines-kokosu-rugstys-200-g\\\/\",\"sku\":\"5904161870173\",\"image\":{\"@type\":\"ImageObject\",\"url\":\"https:\\\/\\\/kornita.lt\\\/wp-content\\\/uploads\\\/2024\\\/02\\\/Coco-Farm-MCT-rugstys-C8C10-milteliai-vidutines-grandines-kokosu-rugstys-200-g.jpg\",\"@id\":\"https:\\\/\\\/kornita.lt\\\/en\\\/shop\\\/miltai-miltu-misiniai\\\/coco-farm-mct-rugstys-c8c10-milteliai-vidutines-grandines-kokosu-rugstys-200-g\\\/#productImage\",\"width\":1486,\"height\":1989},\"offers\":{\"@type\":\"Offer\",\"url\":\"https:\\\/\\\/kornita.lt\\\/en\\\/shop\\\/miltai-miltu-misiniai\\\/coco-farm-mct-rugstys-c8c10-milteliai-vidutines-grandines-kokosu-rugstys-200-g\\\/#wooCommerceOffer\",\"price\":6.88,\"priceCurrency\":\"EUR\",\"category\":\"Miltai ir milt\\u0173 mi\\u0161iniai\",\"availability\":\"https:\\\/\\\/schema.org\\\/OutOfStock\",\"priceSpecification\":{\"@type\":\"PriceSpecification\",\"price\":6.88,\"priceCurrency\":\"EUR\",\"valueAddedTaxIncluded\":\"true\"},\"seller\":{\"@type\":\"Organization\",\"@id\":\"https:\\\/\\\/kornita.lt\\\/en\\\/#organization\"}}},{\"@type\":\"WebPage\",\"@id\":\"https:\\\/\\\/kornita.lt\\\/en\\\/shop\\\/miltai-miltu-misiniai\\\/coco-farm-mct-rugstys-c8c10-milteliai-vidutines-grandines-kokosu-rugstys-200-g\\\/#webpage\",\"url\":\"https:\\\/\\\/kornita.lt\\\/en\\\/shop\\\/miltai-miltu-misiniai\\\/coco-farm-mct-rugstys-c8c10-milteliai-vidutines-grandines-kokosu-rugstys-200-g\\\/\",\"name\":\"Coco Farm MCT r\\u016bg\\u0161tys (C8+C10) milteliai, vidutin\\u0117s grandin\\u0117s kokos\\u0173 r\\u016bg\\u0161tys 200 g - kornita\",\"description\":\"Coco Farm MCT r\\u016bg\\u0161tys (C8+C10) milteliai, vidutin\\u0117s grandin\\u0117s kokos\\u0173 r\\u016bg\\u0161tys 200 g Galiojimo laikas iki 15.12.2025 MCT r\\u016bg\\u0161tys, kas tai yra? MCT aliejaus milteliai yra vidutin\\u0117s grandin\\u0117s C8 ir C10 riebal\\u0173 r\\u016bg\\u0161\\u010di\\u0173 mi\\u0161inys. MCT r\\u016bg\\u0161tys yra vidutin\\u0117s grandin\\u0117s riebal\\u0173 r\\u016bg\\u0161tys (vidutin\\u0117s grandin\\u0117s trigliceridai), gaunamos i\\u0161 kokoso. Tyrimai parod\\u0117, kad tai riebalai, kuriuos m\\u016bs\\u0173 organizmas teikia\",\"inLanguage\":\"en-US\",\"isPartOf\":{\"@id\":\"https:\\\/\\\/kornita.lt\\\/en\\\/#website\"},\"breadcrumb\":{\"@id\":\"https:\\\/\\\/kornita.lt\\\/en\\\/shop\\\/miltai-miltu-misiniai\\\/coco-farm-mct-rugstys-c8c10-milteliai-vidutines-grandines-kokosu-rugstys-200-g\\\/#breadcrumblist\"},\"image\":{\"@type\":\"ImageObject\",\"url\":\"https:\\\/\\\/kornita.lt\\\/wp-content\\\/uploads\\\/2024\\\/02\\\/Coco-Farm-MCT-rugstys-C8C10-milteliai-vidutines-grandines-kokosu-rugstys-200-g.jpg\",\"@id\":\"https:\\\/\\\/kornita.lt\\\/en\\\/shop\\\/miltai-miltu-misiniai\\\/coco-farm-mct-rugstys-c8c10-milteliai-vidutines-grandines-kokosu-rugstys-200-g\\\/#mainImage\",\"width\":1486,\"height\":1989},\"primaryImageOfPage\":{\"@id\":\"https:\\\/\\\/kornita.lt\\\/en\\\/shop\\\/miltai-miltu-misiniai\\\/coco-farm-mct-rugstys-c8c10-milteliai-vidutines-grandines-kokosu-rugstys-200-g\\\/#mainImage\"},\"datePublished\":\"2024-03-08T13:34:32+00:00\",\"dateModified\":\"2026-01-08T09:13:44+00:00\"},{\"@type\":\"WebSite\",\"@id\":\"https:\\\/\\\/kornita.lt\\\/en\\\/#website\",\"url\":\"https:\\\/\\\/kornita.lt\\\/en\\\/\",\"name\":\"kornita\",\"inLanguage\":\"en-US\",\"publisher\":{\"@id\":\"https:\\\/\\\/kornita.lt\\\/en\\\/#organization\"}}]}\n\t\t<\/script>\n\t\t<!-- All in One SEO Pro -->\r\n\t\t<title>Coco Farm MCT r\u016bg\u0161tys (C8+C10) milteliai, vidutin\u0117s grandin\u0117s kokos\u0173 r\u016bg\u0161tys 200 g - kornita<\/title>\n\n","aioseo_head_json":{"title":"Coco Farm MCT r\u016bg\u0161tys (C8+C10) milteliai, vidutin\u0117s grandin\u0117s kokos\u0173 r\u016bg\u0161tys 200 g - kornita","description":"Coco Farm MCT r\u016bg\u0161tys (C8+C10) milteliai, vidutin\u0117s grandin\u0117s kokos\u0173 r\u016bg\u0161tys 200 g Galiojimo laikas iki 15.12.2025 MCT r\u016bg\u0161tys, kas tai yra? MCT aliejaus milteliai yra vidutin\u0117s grandin\u0117s C8 ir C10 riebal\u0173 r\u016bg\u0161\u010di\u0173 mi\u0161inys. MCT r\u016bg\u0161tys yra vidutin\u0117s grandin\u0117s riebal\u0173 r\u016bg\u0161tys (vidutin\u0117s grandin\u0117s trigliceridai), gaunamos i\u0161 kokoso. Tyrimai parod\u0117, kad tai riebalai, kuriuos m\u016bs\u0173 organizmas teikia","canonical_url":"https:\/\/kornita.lt\/en\/shop\/miltai-miltu-misiniai\/coco-farm-mct-rugstys-c8c10-milteliai-vidutines-grandines-kokosu-rugstys-200-g\/","robots":"max-image-preview:large","keywords":"","webmasterTools":{"miscellaneous":""},"schema":{"@context":"https:\/\/schema.org","@graph":[{"@type":"BreadcrumbList","@id":"https:\/\/kornita.lt\/en\/shop\/miltai-miltu-misiniai\/coco-farm-mct-rugstys-c8c10-milteliai-vidutines-grandines-kokosu-rugstys-200-g\/#breadcrumblist","itemListElement":[{"@type":"ListItem","@id":"https:\/\/kornita.lt\/en\/#listItem","position":1,"name":"Home","item":"https:\/\/kornita.lt\/en\/","nextItem":{"@type":"ListItem","@id":"https:\/\/kornita.lt\/en\/shop-2\/#listItem","name":"Shop"}},{"@type":"ListItem","@id":"https:\/\/kornita.lt\/en\/shop-2\/#listItem","position":2,"name":"Shop","item":"https:\/\/kornita.lt\/en\/shop-2\/","nextItem":{"@type":"ListItem","@id":"https:\/\/kornita.lt\/en\/product-category\/miltai-miltu-misiniai\/#listItem","name":"Miltai ir milt\u0173 mi\u0161iniai"},"previousItem":{"@type":"ListItem","@id":"https:\/\/kornita.lt\/en\/#listItem","name":"Home"}},{"@type":"ListItem","@id":"https:\/\/kornita.lt\/en\/product-category\/miltai-miltu-misiniai\/#listItem","position":3,"name":"Miltai ir milt\u0173 mi\u0161iniai","item":"https:\/\/kornita.lt\/en\/product-category\/miltai-miltu-misiniai\/","nextItem":{"@type":"ListItem","@id":"https:\/\/kornita.lt\/en\/shop\/miltai-miltu-misiniai\/coco-farm-mct-rugstys-c8c10-milteliai-vidutines-grandines-kokosu-rugstys-200-g\/#listItem","name":"Coco Farm MCT r\u016bg\u0161tys (C8+C10) milteliai, vidutin\u0117s grandin\u0117s kokos\u0173 r\u016bg\u0161tys 200 g"},"previousItem":{"@type":"ListItem","@id":"https:\/\/kornita.lt\/en\/shop-2\/#listItem","name":"Shop"}},{"@type":"ListItem","@id":"https:\/\/kornita.lt\/en\/shop\/miltai-miltu-misiniai\/coco-farm-mct-rugstys-c8c10-milteliai-vidutines-grandines-kokosu-rugstys-200-g\/#listItem","position":4,"name":"Coco Farm MCT r\u016bg\u0161tys (C8+C10) milteliai, vidutin\u0117s grandin\u0117s kokos\u0173 r\u016bg\u0161tys 200 g","previousItem":{"@type":"ListItem","@id":"https:\/\/kornita.lt\/en\/product-category\/miltai-miltu-misiniai\/#listItem","name":"Miltai ir milt\u0173 mi\u0161iniai"}}]},{"@type":"Organization","@id":"https:\/\/kornita.lt\/en\/#organization","name":"kornita","url":"https:\/\/kornita.lt\/en\/","telephone":"+37068581463","logo":{"@type":"ImageObject","url":"http:\/\/kornita.webfactory.lt\/wp-content\/uploads\/2023\/04\/korni-el-prekyba.png","@id":"https:\/\/kornita.lt\/en\/shop\/miltai-miltu-misiniai\/coco-farm-mct-rugstys-c8c10-milteliai-vidutines-grandines-kokosu-rugstys-200-g\/#organizationLogo"},"image":{"@id":"https:\/\/kornita.lt\/en\/shop\/miltai-miltu-misiniai\/coco-farm-mct-rugstys-c8c10-milteliai-vidutines-grandines-kokosu-rugstys-200-g\/#organizationLogo"},"sameAs":["https:\/\/www.facebook.com\/kornita.lt"]},{"@type":"Product","@id":"https:\/\/kornita.lt\/en\/shop\/miltai-miltu-misiniai\/coco-farm-mct-rugstys-c8c10-milteliai-vidutines-grandines-kokosu-rugstys-200-g\/#wooCommerceProduct","name":"Coco Farm MCT r\u016bg\u0161tys (C8+C10) milteliai, vidutin\u0117s grandin\u0117s kokos\u0173 r\u016bg\u0161tys 200 g","url":"https:\/\/kornita.lt\/en\/shop\/miltai-miltu-misiniai\/coco-farm-mct-rugstys-c8c10-milteliai-vidutines-grandines-kokosu-rugstys-200-g\/","sku":"5904161870173","image":{"@type":"ImageObject","url":"https:\/\/kornita.lt\/wp-content\/uploads\/2024\/02\/Coco-Farm-MCT-rugstys-C8C10-milteliai-vidutines-grandines-kokosu-rugstys-200-g.jpg","@id":"https:\/\/kornita.lt\/en\/shop\/miltai-miltu-misiniai\/coco-farm-mct-rugstys-c8c10-milteliai-vidutines-grandines-kokosu-rugstys-200-g\/#productImage","width":1486,"height":1989},"offers":{"@type":"Offer","url":"https:\/\/kornita.lt\/en\/shop\/miltai-miltu-misiniai\/coco-farm-mct-rugstys-c8c10-milteliai-vidutines-grandines-kokosu-rugstys-200-g\/#wooCommerceOffer","price":6.88,"priceCurrency":"EUR","category":"Miltai ir milt\u0173 mi\u0161iniai","availability":"https:\/\/schema.org\/OutOfStock","priceSpecification":{"@type":"PriceSpecification","price":6.88,"priceCurrency":"EUR","valueAddedTaxIncluded":"true"},"seller":{"@type":"Organization","@id":"https:\/\/kornita.lt\/en\/#organization"}}},{"@type":"WebPage","@id":"https:\/\/kornita.lt\/en\/shop\/miltai-miltu-misiniai\/coco-farm-mct-rugstys-c8c10-milteliai-vidutines-grandines-kokosu-rugstys-200-g\/#webpage","url":"https:\/\/kornita.lt\/en\/shop\/miltai-miltu-misiniai\/coco-farm-mct-rugstys-c8c10-milteliai-vidutines-grandines-kokosu-rugstys-200-g\/","name":"Coco Farm MCT r\u016bg\u0161tys (C8+C10) milteliai, vidutin\u0117s grandin\u0117s kokos\u0173 r\u016bg\u0161tys 200 g - kornita","description":"Coco Farm MCT r\u016bg\u0161tys (C8+C10) milteliai, vidutin\u0117s grandin\u0117s kokos\u0173 r\u016bg\u0161tys 200 g Galiojimo laikas iki 15.12.2025 MCT r\u016bg\u0161tys, kas tai yra? MCT aliejaus milteliai yra vidutin\u0117s grandin\u0117s C8 ir C10 riebal\u0173 r\u016bg\u0161\u010di\u0173 mi\u0161inys. MCT r\u016bg\u0161tys yra vidutin\u0117s grandin\u0117s riebal\u0173 r\u016bg\u0161tys (vidutin\u0117s grandin\u0117s trigliceridai), gaunamos i\u0161 kokoso. Tyrimai parod\u0117, kad tai riebalai, kuriuos m\u016bs\u0173 organizmas teikia","inLanguage":"en-US","isPartOf":{"@id":"https:\/\/kornita.lt\/en\/#website"},"breadcrumb":{"@id":"https:\/\/kornita.lt\/en\/shop\/miltai-miltu-misiniai\/coco-farm-mct-rugstys-c8c10-milteliai-vidutines-grandines-kokosu-rugstys-200-g\/#breadcrumblist"},"image":{"@type":"ImageObject","url":"https:\/\/kornita.lt\/wp-content\/uploads\/2024\/02\/Coco-Farm-MCT-rugstys-C8C10-milteliai-vidutines-grandines-kokosu-rugstys-200-g.jpg","@id":"https:\/\/kornita.lt\/en\/shop\/miltai-miltu-misiniai\/coco-farm-mct-rugstys-c8c10-milteliai-vidutines-grandines-kokosu-rugstys-200-g\/#mainImage","width":1486,"height":1989},"primaryImageOfPage":{"@id":"https:\/\/kornita.lt\/en\/shop\/miltai-miltu-misiniai\/coco-farm-mct-rugstys-c8c10-milteliai-vidutines-grandines-kokosu-rugstys-200-g\/#mainImage"},"datePublished":"2024-03-08T13:34:32+00:00","dateModified":"2026-01-08T09:13:44+00:00"},{"@type":"WebSite","@id":"https:\/\/kornita.lt\/en\/#website","url":"https:\/\/kornita.lt\/en\/","name":"kornita","inLanguage":"en-US","publisher":{"@id":"https:\/\/kornita.lt\/en\/#organization"}}]},"og:locale":"en_US","og:site_name":"kornita -","og:type":"article","og:title":"Coco Farm MCT r\u016bg\u0161tys (C8+C10) milteliai, vidutin\u0117s grandin\u0117s kokos\u0173 r\u016bg\u0161tys 200 g - kornita","og:description":"Coco Farm MCT r\u016bg\u0161tys (C8+C10) milteliai, vidutin\u0117s grandin\u0117s kokos\u0173 r\u016bg\u0161tys 200 g Galiojimo laikas iki 15.12.2025 MCT r\u016bg\u0161tys, kas tai yra? MCT aliejaus milteliai yra vidutin\u0117s grandin\u0117s C8 ir C10 riebal\u0173 r\u016bg\u0161\u010di\u0173 mi\u0161inys. MCT r\u016bg\u0161tys yra vidutin\u0117s grandin\u0117s riebal\u0173 r\u016bg\u0161tys (vidutin\u0117s grandin\u0117s trigliceridai), gaunamos i\u0161 kokoso. Tyrimai parod\u0117, kad tai riebalai, kuriuos m\u016bs\u0173 organizmas teikia","og:url":"https:\/\/kornita.lt\/en\/shop\/miltai-miltu-misiniai\/coco-farm-mct-rugstys-c8c10-milteliai-vidutines-grandines-kokosu-rugstys-200-g\/","og:image":"https:\/\/kornita.webfactory.lt\/wp-content\/uploads\/2023\/04\/korni-el-prekyba.png","og:image:secure_url":"https:\/\/kornita.webfactory.lt\/wp-content\/uploads\/2023\/04\/korni-el-prekyba.png","article:published_time":"2024-03-08T13:34:32+00:00","article:modified_time":"2026-01-08T09:13:44+00:00","article:publisher":"https:\/\/www.facebook.com\/kornita.lt","twitter:card":"summary_large_image","twitter:title":"Coco Farm MCT r\u016bg\u0161tys (C8+C10) milteliai, vidutin\u0117s grandin\u0117s kokos\u0173 r\u016bg\u0161tys 200 g - kornita","twitter:description":"Coco Farm MCT r\u016bg\u0161tys (C8+C10) milteliai, vidutin\u0117s grandin\u0117s kokos\u0173 r\u016bg\u0161tys 200 g Galiojimo laikas iki 15.12.2025 MCT r\u016bg\u0161tys, kas tai yra? MCT aliejaus milteliai yra vidutin\u0117s grandin\u0117s C8 ir C10 riebal\u0173 r\u016bg\u0161\u010di\u0173 mi\u0161inys. MCT r\u016bg\u0161tys yra vidutin\u0117s grandin\u0117s riebal\u0173 r\u016bg\u0161tys (vidutin\u0117s grandin\u0117s trigliceridai), gaunamos i\u0161 kokoso. Tyrimai parod\u0117, kad tai riebalai, kuriuos m\u016bs\u0173 organizmas teikia","twitter:image":"http:\/\/kornita.webfactory.lt\/wp-content\/uploads\/2023\/04\/korni-el-prekyba.png"},"aioseo_meta_data":{"post_id":"22948","title":null,"description":null,"keywords":null,"keyphrases":{"focus":{"keyphrase":"","score":0,"analysis":{"keyphraseInTitle":{"score":0,"maxScore":9,"error":1}}},"additional":[]},"primary_term":null,"canonical_url":null,"og_title":null,"og_description":null,"og_object_type":"default","og_image_type":"default","og_image_url":null,"og_image_width":null,"og_image_height":null,"og_image_custom_url":null,"og_image_custom_fields":null,"og_video":"","og_custom_url":null,"og_article_section":null,"og_article_tags":null,"twitter_use_og":false,"twitter_card":"default","twitter_image_type":"default","twitter_image_url":null,"twitter_image_custom_url":null,"twitter_image_custom_fields":null,"twitter_title":null,"twitter_description":null,"schema":{"blockGraphs":[],"customGraphs":[],"default":{"data":{"Article":[],"Course":[],"Dataset":[],"FAQPage":[],"Movie":[],"Person":[],"Product":[],"ProductReview":[],"Car":[],"Recipe":[],"Service":[],"SoftwareApplication":[],"WebPage":[]},"graphName":"Product","isEnabled":true},"graphs":[]},"schema_type":"default","schema_type_options":null,"pillar_content":false,"robots_default":true,"robots_noindex":false,"robots_noarchive":false,"robots_nosnippet":false,"robots_nofollow":false,"robots_noimageindex":false,"robots_noodp":false,"robots_notranslate":false,"robots_max_snippet":"-1","robots_max_videopreview":"-1","robots_max_imagepreview":"large","priority":null,"frequency":"default","local_seo":null,"seo_analyzer_scan_date":"2026-01-08 09:14:54","breadcrumb_settings":null,"limit_modified_date":false,"open_ai":"{\"title\":{\"suggestions\":[],\"usage\":0},\"description\":{\"suggestions\":[],\"usage\":0}}","ai":{"faqs":[],"keyPoints":[],"titles":[],"descriptions":[],"socialPosts":{"email":[],"linkedin":[],"twitter":[],"facebook":[],"instagram":[]}},"created":"2024-02-22 12:13:05","updated":"2026-01-08 09:26:08"},"aioseo_breadcrumb":"<div class=\"aioseo-breadcrumbs\"><span class=\"aioseo-breadcrumb\">\n\t<a href=\"https:\/\/kornita.lt\/en\/\" title=\"Home\">Home<\/a>\n<\/span><span class=\"aioseo-breadcrumb-separator\">&raquo;<\/span><span class=\"aioseo-breadcrumb\">\n\t<a href=\"https:\/\/kornita.lt\/en\/shop-2\/\" title=\"Shop\">Shop<\/a>\n<\/span><span class=\"aioseo-breadcrumb-separator\">&raquo;<\/span><span class=\"aioseo-breadcrumb\">\n\t<a href=\"https:\/\/kornita.lt\/en\/product-category\/miltai-miltu-misiniai\/\" title=\"Miltai ir milt\u0173 mi\u0161iniai\">Miltai ir milt\u0173 mi\u0161iniai<\/a>\n<\/span><span class=\"aioseo-breadcrumb-separator\">&raquo;<\/span><span class=\"aioseo-breadcrumb\">\n\tCoco Farm MCT r\u016bg\u0161tys (C8+C10) milteliai, vidutin\u0117s grandin\u0117s kokos\u0173 r\u016bg\u0161tys 200 g\n<\/span><\/div>","aioseo_breadcrumb_json":[{"label":"Home","link":"https:\/\/kornita.lt\/en\/"},{"label":"Shop","link":"https:\/\/kornita.lt\/en\/shop-2\/"},{"label":"Miltai ir milt\u0173 mi\u0161iniai","link":"https:\/\/kornita.lt\/en\/product-category\/miltai-miltu-misiniai\/"},{"label":"Coco Farm MCT r\u016bg\u0161tys (C8+C10) milteliai, vidutin\u0117s grandin\u0117s kokos\u0173 r\u016bg\u0161tys 200 g","link":"https:\/\/kornita.lt\/en\/shop\/miltai-miltu-misiniai\/coco-farm-mct-rugstys-c8c10-milteliai-vidutines-grandines-kokosu-rugstys-200-g\/"}],"_links":{"self":[{"href":"https:\/\/kornita.lt\/en\/wp-json\/wp\/v2\/product\/22948","targetHints":{"allow":["GET"]}}],"collection":[{"href":"https:\/\/kornita.lt\/en\/wp-json\/wp\/v2\/product"}],"about":[{"href":"https:\/\/kornita.lt\/en\/wp-json\/wp\/v2\/types\/product"}],"replies":[{"embeddable":true,"href":"https:\/\/kornita.lt\/en\/wp-json\/wp\/v2\/comments?post=22948"}],"version-history":[{"count":3,"href":"https:\/\/kornita.lt\/en\/wp-json\/wp\/v2\/product\/22948\/revisions"}],"predecessor-version":[{"id":26090,"href":"https:\/\/kornita.lt\/en\/wp-json\/wp\/v2\/product\/22948\/revisions\/26090"}],"wp:featuredmedia":[{"embeddable":true,"href":"https:\/\/kornita.lt\/en\/wp-json\/wp\/v2\/media\/22949"}],"wp:attachment":[{"href":"https:\/\/kornita.lt\/en\/wp-json\/wp\/v2\/media?parent=22948"}],"wp:term":[{"taxonomy":"product_brand","embeddable":true,"href":"https:\/\/kornita.lt\/en\/wp-json\/wp\/v2\/product_brand?post=22948"},{"taxonomy":"product_cat","embeddable":true,"href":"https:\/\/kornita.lt\/en\/wp-json\/wp\/v2\/product_cat?post=22948"},{"taxonomy":"product_tag","embeddable":true,"href":"https:\/\/kornita.lt\/en\/wp-json\/wp\/v2\/product_tag?post=22948"}],"curies":[{"name":"wp","href":"https:\/\/api.w.org\/{rel}","templated":true}]}}