{"id":22937,"date":"2024-03-08T13:34:35","date_gmt":"2024-03-08T13:34:35","guid":{"rendered":"https:\/\/kornita.lt\/?post_type=product&#038;p=22937"},"modified":"2026-03-15T14:44:38","modified_gmt":"2026-03-15T14:44:38","slug":"coco-farm-blansiruoti-migdolu-miltai-malti-be-odeles-energingi-kepiniai-250g","status":"publish","type":"product","link":"https:\/\/kornita.lt\/en\/shop\/miltai-miltu-misiniai\/coco-farm-blansiruoti-migdolu-miltai-malti-be-odeles-energingi-kepiniai-250g\/","title":{"rendered":"Blan\u0161iruoti migdol\u0173 miltai, 250g."},"content":{"rendered":"<h2>Blan\u0161iruoti migdol\u0173 miltai, 250g<\/h2>\n<p>Migdolai priskiriami supermaistui ir yra vieni sveikiausi\u0173 rie\u0161ut\u0173 pasaulyje. I\u0161 malt\u0173 migdol\u0173 paruo\u0161ti miltai i\u0161laiko nuostabias \u0161io rie\u0161uto maistines vertes. Miltai i\u0161 blan\u0161iruot\u0173 migdol\u0173, vis\u0173 pirma, turi ne\u012ftik\u0117tinai daug vitamino E, taip pat B grup\u0117s vitamin\u0173. Migdol\u0173 miltai sud\u0117tyje yra ir kit\u0173 element\u0173, toki\u0173 kaip magnis ir fosforas.<\/p>\n<p>Migdol\u0173 miltuose taip pat yra kalio ir kalcio, kurie palaiko nerv\u0173 sistem\u0105. Blan\u0161iruotuose migdol\u0173 miltuose gausu baltym\u0173 ir skaidul\u0173.<\/p>\n<p>D\u0117l savo maistini\u0173 ver\u010di\u0173 migdol\u0173 miltai gali b\u016bti naudojami be glitimo, vegan\u0173 ir vegetari\u0161k\u0173 dietose. \u0160ie miltai taip pat puikiai tinka ketogeninei dietai ir LHF d\u0117l ma\u017eo angliavandeni\u0173 kiekio.<\/p>\n","protected":false},"excerpt":{"rendered":"<p>Blan\u0161iruoti migdol\u0173 miltai, 250g Migdolai priskiriami supermaistui ir yra vieni sveikiausi\u0173 rie\u0161ut\u0173 pasaulyje. I\u0161 malt\u0173 migdol\u0173 paruo\u0161ti miltai i\u0161laiko nuostabias<\/p>\n","protected":false},"featured_media":22938,"comment_status":"open","ping_status":"closed","template":"","meta":[],"product_brand":[],"product_cat":[215],"product_tag":[],"class_list":{"0":"post-22937","1":"product","2":"type-product","3":"status-publish","4":"has-post-thumbnail","6":"product_cat-miltai-miltu-misiniai","7":"product_shipping_class-pristatymas","9":"first","10":"instock","11":"taxable","12":"shipping-taxable","13":"purchasable","14":"product-type-simple"},"aioseo_notices":[],"aioseo_head":"\n\t\t<!-- All in One SEO Pro 4.9.5.2 - aioseo.com -->\n\t<meta name=\"description\" content=\"Blan\u0161iruoti migdol\u0173 miltai, 250g Migdolai priskiriami supermaistui ir yra vieni sveikiausi\u0173 rie\u0161ut\u0173 pasaulyje. I\u0161 malt\u0173 migdol\u0173 paruo\u0161ti miltai i\u0161laiko nuostabias \u0161io rie\u0161uto maistines vertes. Miltai i\u0161 blan\u0161iruot\u0173 migdol\u0173, vis\u0173 pirma, turi ne\u012ftik\u0117tinai daug vitamino E, taip pat B grup\u0117s vitamin\u0173. Migdol\u0173 miltai sud\u0117tyje yra ir kit\u0173 element\u0173, toki\u0173 kaip magnis ir fosforas. Migdol\u0173 miltuose taip\" \/>\n\t<meta name=\"robots\" content=\"max-image-preview:large\" \/>\n\t<link rel=\"canonical\" href=\"https:\/\/kornita.lt\/en\/shop\/miltai-miltu-misiniai\/coco-farm-blansiruoti-migdolu-miltai-malti-be-odeles-energingi-kepiniai-250g\/\" \/>\n\t<meta name=\"generator\" content=\"All in One SEO Pro (AIOSEO) 4.9.5.2\" \/>\n\t\t<meta property=\"og:locale\" content=\"en_US\" \/>\n\t\t<meta property=\"og:site_name\" content=\"kornita -\" \/>\n\t\t<meta property=\"og:type\" content=\"article\" \/>\n\t\t<meta property=\"og:title\" content=\"Blan\u0161iruoti migdol\u0173 miltai, 250g. - kornita\" \/>\n\t\t<meta property=\"og:description\" content=\"Blan\u0161iruoti migdol\u0173 miltai, 250g Migdolai priskiriami supermaistui ir yra vieni sveikiausi\u0173 rie\u0161ut\u0173 pasaulyje. I\u0161 malt\u0173 migdol\u0173 paruo\u0161ti miltai i\u0161laiko nuostabias \u0161io rie\u0161uto maistines vertes. Miltai i\u0161 blan\u0161iruot\u0173 migdol\u0173, vis\u0173 pirma, turi ne\u012ftik\u0117tinai daug vitamino E, taip pat B grup\u0117s vitamin\u0173. Migdol\u0173 miltai sud\u0117tyje yra ir kit\u0173 element\u0173, toki\u0173 kaip magnis ir fosforas. Migdol\u0173 miltuose taip\" \/>\n\t\t<meta property=\"og:url\" content=\"https:\/\/kornita.lt\/en\/shop\/miltai-miltu-misiniai\/coco-farm-blansiruoti-migdolu-miltai-malti-be-odeles-energingi-kepiniai-250g\/\" \/>\n\t\t<meta property=\"og:image\" content=\"https:\/\/kornita.webfactory.lt\/wp-content\/uploads\/2023\/04\/korni-el-prekyba.png\" \/>\n\t\t<meta property=\"og:image:secure_url\" content=\"https:\/\/kornita.webfactory.lt\/wp-content\/uploads\/2023\/04\/korni-el-prekyba.png\" \/>\n\t\t<meta property=\"article:published_time\" content=\"2024-03-08T13:34:35+00:00\" \/>\n\t\t<meta property=\"article:modified_time\" content=\"2026-03-15T14:44:38+00:00\" \/>\n\t\t<meta property=\"article:publisher\" content=\"https:\/\/www.facebook.com\/kornita.lt\" \/>\n\t\t<meta name=\"twitter:card\" content=\"summary_large_image\" \/>\n\t\t<meta name=\"twitter:title\" content=\"Blan\u0161iruoti migdol\u0173 miltai, 250g. - kornita\" \/>\n\t\t<meta name=\"twitter:description\" content=\"Blan\u0161iruoti migdol\u0173 miltai, 250g Migdolai priskiriami supermaistui ir yra vieni sveikiausi\u0173 rie\u0161ut\u0173 pasaulyje. I\u0161 malt\u0173 migdol\u0173 paruo\u0161ti miltai i\u0161laiko nuostabias \u0161io rie\u0161uto maistines vertes. Miltai i\u0161 blan\u0161iruot\u0173 migdol\u0173, vis\u0173 pirma, turi ne\u012ftik\u0117tinai daug vitamino E, taip pat B grup\u0117s vitamin\u0173. Migdol\u0173 miltai sud\u0117tyje yra ir kit\u0173 element\u0173, toki\u0173 kaip magnis ir fosforas. Migdol\u0173 miltuose taip\" \/>\n\t\t<meta name=\"twitter:image\" content=\"http:\/\/kornita.webfactory.lt\/wp-content\/uploads\/2023\/04\/korni-el-prekyba.png\" \/>\n\t\t<script type=\"application\/ld+json\" class=\"aioseo-schema\">\n\t\t\t{\"@context\":\"https:\\\/\\\/schema.org\",\"@graph\":[{\"@type\":\"BreadcrumbList\",\"@id\":\"https:\\\/\\\/kornita.lt\\\/en\\\/shop\\\/miltai-miltu-misiniai\\\/coco-farm-blansiruoti-migdolu-miltai-malti-be-odeles-energingi-kepiniai-250g\\\/#breadcrumblist\",\"itemListElement\":[{\"@type\":\"ListItem\",\"@id\":\"https:\\\/\\\/kornita.lt\\\/en\\\/#listItem\",\"position\":1,\"name\":\"Home\",\"item\":\"https:\\\/\\\/kornita.lt\\\/en\\\/\",\"nextItem\":{\"@type\":\"ListItem\",\"@id\":\"https:\\\/\\\/kornita.lt\\\/en\\\/shop-2\\\/#listItem\",\"name\":\"Shop\"}},{\"@type\":\"ListItem\",\"@id\":\"https:\\\/\\\/kornita.lt\\\/en\\\/shop-2\\\/#listItem\",\"position\":2,\"name\":\"Shop\",\"item\":\"https:\\\/\\\/kornita.lt\\\/en\\\/shop-2\\\/\",\"nextItem\":{\"@type\":\"ListItem\",\"@id\":\"https:\\\/\\\/kornita.lt\\\/en\\\/product-category\\\/miltai-miltu-misiniai\\\/#listItem\",\"name\":\"Miltai ir milt\\u0173 mi\\u0161iniai\"},\"previousItem\":{\"@type\":\"ListItem\",\"@id\":\"https:\\\/\\\/kornita.lt\\\/en\\\/#listItem\",\"name\":\"Home\"}},{\"@type\":\"ListItem\",\"@id\":\"https:\\\/\\\/kornita.lt\\\/en\\\/product-category\\\/miltai-miltu-misiniai\\\/#listItem\",\"position\":3,\"name\":\"Miltai ir milt\\u0173 mi\\u0161iniai\",\"item\":\"https:\\\/\\\/kornita.lt\\\/en\\\/product-category\\\/miltai-miltu-misiniai\\\/\",\"nextItem\":{\"@type\":\"ListItem\",\"@id\":\"https:\\\/\\\/kornita.lt\\\/en\\\/shop\\\/miltai-miltu-misiniai\\\/coco-farm-blansiruoti-migdolu-miltai-malti-be-odeles-energingi-kepiniai-250g\\\/#listItem\",\"name\":\"Blan\\u0161iruoti migdol\\u0173 miltai, 250g.\"},\"previousItem\":{\"@type\":\"ListItem\",\"@id\":\"https:\\\/\\\/kornita.lt\\\/en\\\/shop-2\\\/#listItem\",\"name\":\"Shop\"}},{\"@type\":\"ListItem\",\"@id\":\"https:\\\/\\\/kornita.lt\\\/en\\\/shop\\\/miltai-miltu-misiniai\\\/coco-farm-blansiruoti-migdolu-miltai-malti-be-odeles-energingi-kepiniai-250g\\\/#listItem\",\"position\":4,\"name\":\"Blan\\u0161iruoti migdol\\u0173 miltai, 250g.\",\"previousItem\":{\"@type\":\"ListItem\",\"@id\":\"https:\\\/\\\/kornita.lt\\\/en\\\/product-category\\\/miltai-miltu-misiniai\\\/#listItem\",\"name\":\"Miltai ir milt\\u0173 mi\\u0161iniai\"}}]},{\"@type\":\"Organization\",\"@id\":\"https:\\\/\\\/kornita.lt\\\/en\\\/#organization\",\"name\":\"kornita\",\"url\":\"https:\\\/\\\/kornita.lt\\\/en\\\/\",\"telephone\":\"+37068581463\",\"logo\":{\"@type\":\"ImageObject\",\"url\":\"http:\\\/\\\/kornita.webfactory.lt\\\/wp-content\\\/uploads\\\/2023\\\/04\\\/korni-el-prekyba.png\",\"@id\":\"https:\\\/\\\/kornita.lt\\\/en\\\/shop\\\/miltai-miltu-misiniai\\\/coco-farm-blansiruoti-migdolu-miltai-malti-be-odeles-energingi-kepiniai-250g\\\/#organizationLogo\"},\"image\":{\"@id\":\"https:\\\/\\\/kornita.lt\\\/en\\\/shop\\\/miltai-miltu-misiniai\\\/coco-farm-blansiruoti-migdolu-miltai-malti-be-odeles-energingi-kepiniai-250g\\\/#organizationLogo\"},\"sameAs\":[\"https:\\\/\\\/www.facebook.com\\\/kornita.lt\"]},{\"@type\":\"Product\",\"@id\":\"https:\\\/\\\/kornita.lt\\\/en\\\/shop\\\/miltai-miltu-misiniai\\\/coco-farm-blansiruoti-migdolu-miltai-malti-be-odeles-energingi-kepiniai-250g\\\/#wooCommerceProduct\",\"name\":\"Blan\\u0161iruoti migdol\\u0173 miltai, 250g.\",\"url\":\"https:\\\/\\\/kornita.lt\\\/en\\\/shop\\\/miltai-miltu-misiniai\\\/coco-farm-blansiruoti-migdolu-miltai-malti-be-odeles-energingi-kepiniai-250g\\\/\",\"sku\":\"5904161870067\",\"image\":{\"@type\":\"ImageObject\",\"url\":\"https:\\\/\\\/kornita.lt\\\/wp-content\\\/uploads\\\/2024\\\/02\\\/Coco-Farm-blansiruoti-migdolu-miltai-malti-be-odeles-energingi-kepiniai-250g.png\",\"@id\":\"https:\\\/\\\/kornita.lt\\\/en\\\/shop\\\/miltai-miltu-misiniai\\\/coco-farm-blansiruoti-migdolu-miltai-malti-be-odeles-energingi-kepiniai-250g\\\/#productImage\",\"width\":1486,\"height\":1989},\"offers\":{\"@type\":\"Offer\",\"url\":\"https:\\\/\\\/kornita.lt\\\/en\\\/shop\\\/miltai-miltu-misiniai\\\/coco-farm-blansiruoti-migdolu-miltai-malti-be-odeles-energingi-kepiniai-250g\\\/#wooCommerceOffer\",\"price\":5.75,\"priceCurrency\":\"EUR\",\"category\":\"Miltai ir milt\\u0173 mi\\u0161iniai\",\"availability\":\"https:\\\/\\\/schema.org\\\/InStock\",\"priceSpecification\":{\"@type\":\"PriceSpecification\",\"price\":5.75,\"priceCurrency\":\"EUR\",\"valueAddedTaxIncluded\":\"true\"},\"seller\":{\"@type\":\"Organization\",\"@id\":\"https:\\\/\\\/kornita.lt\\\/en\\\/#organization\"}}},{\"@type\":\"WebPage\",\"@id\":\"https:\\\/\\\/kornita.lt\\\/en\\\/shop\\\/miltai-miltu-misiniai\\\/coco-farm-blansiruoti-migdolu-miltai-malti-be-odeles-energingi-kepiniai-250g\\\/#webpage\",\"url\":\"https:\\\/\\\/kornita.lt\\\/en\\\/shop\\\/miltai-miltu-misiniai\\\/coco-farm-blansiruoti-migdolu-miltai-malti-be-odeles-energingi-kepiniai-250g\\\/\",\"name\":\"Blan\\u0161iruoti migdol\\u0173 miltai, 250g. - kornita\",\"description\":\"Blan\\u0161iruoti migdol\\u0173 miltai, 250g Migdolai priskiriami supermaistui ir yra vieni sveikiausi\\u0173 rie\\u0161ut\\u0173 pasaulyje. I\\u0161 malt\\u0173 migdol\\u0173 paruo\\u0161ti miltai i\\u0161laiko nuostabias \\u0161io rie\\u0161uto maistines vertes. Miltai i\\u0161 blan\\u0161iruot\\u0173 migdol\\u0173, vis\\u0173 pirma, turi ne\\u012ftik\\u0117tinai daug vitamino E, taip pat B grup\\u0117s vitamin\\u0173. Migdol\\u0173 miltai sud\\u0117tyje yra ir kit\\u0173 element\\u0173, toki\\u0173 kaip magnis ir fosforas. Migdol\\u0173 miltuose taip\",\"inLanguage\":\"en-US\",\"isPartOf\":{\"@id\":\"https:\\\/\\\/kornita.lt\\\/en\\\/#website\"},\"breadcrumb\":{\"@id\":\"https:\\\/\\\/kornita.lt\\\/en\\\/shop\\\/miltai-miltu-misiniai\\\/coco-farm-blansiruoti-migdolu-miltai-malti-be-odeles-energingi-kepiniai-250g\\\/#breadcrumblist\"},\"image\":{\"@type\":\"ImageObject\",\"url\":\"https:\\\/\\\/kornita.lt\\\/wp-content\\\/uploads\\\/2024\\\/02\\\/Coco-Farm-blansiruoti-migdolu-miltai-malti-be-odeles-energingi-kepiniai-250g.png\",\"@id\":\"https:\\\/\\\/kornita.lt\\\/en\\\/shop\\\/miltai-miltu-misiniai\\\/coco-farm-blansiruoti-migdolu-miltai-malti-be-odeles-energingi-kepiniai-250g\\\/#mainImage\",\"width\":1486,\"height\":1989},\"primaryImageOfPage\":{\"@id\":\"https:\\\/\\\/kornita.lt\\\/en\\\/shop\\\/miltai-miltu-misiniai\\\/coco-farm-blansiruoti-migdolu-miltai-malti-be-odeles-energingi-kepiniai-250g\\\/#mainImage\"},\"datePublished\":\"2024-03-08T13:34:35+00:00\",\"dateModified\":\"2026-03-15T14:44:38+00:00\"},{\"@type\":\"WebSite\",\"@id\":\"https:\\\/\\\/kornita.lt\\\/en\\\/#website\",\"url\":\"https:\\\/\\\/kornita.lt\\\/en\\\/\",\"name\":\"kornita\",\"inLanguage\":\"en-US\",\"publisher\":{\"@id\":\"https:\\\/\\\/kornita.lt\\\/en\\\/#organization\"}}]}\n\t\t<\/script>\n\t\t<!-- All in One SEO Pro -->\r\n\t\t<title>Blan\u0161iruoti migdol\u0173 miltai, 250g. - kornita<\/title>\n\n","aioseo_head_json":{"title":"Blan\u0161iruoti migdol\u0173 miltai, 250g. - kornita","description":"Blan\u0161iruoti migdol\u0173 miltai, 250g Migdolai priskiriami supermaistui ir yra vieni sveikiausi\u0173 rie\u0161ut\u0173 pasaulyje. I\u0161 malt\u0173 migdol\u0173 paruo\u0161ti miltai i\u0161laiko nuostabias \u0161io rie\u0161uto maistines vertes. Miltai i\u0161 blan\u0161iruot\u0173 migdol\u0173, vis\u0173 pirma, turi ne\u012ftik\u0117tinai daug vitamino E, taip pat B grup\u0117s vitamin\u0173. Migdol\u0173 miltai sud\u0117tyje yra ir kit\u0173 element\u0173, toki\u0173 kaip magnis ir fosforas. Migdol\u0173 miltuose taip","canonical_url":"https:\/\/kornita.lt\/en\/shop\/miltai-miltu-misiniai\/coco-farm-blansiruoti-migdolu-miltai-malti-be-odeles-energingi-kepiniai-250g\/","robots":"max-image-preview:large","keywords":"","webmasterTools":{"miscellaneous":""},"schema":{"@context":"https:\/\/schema.org","@graph":[{"@type":"BreadcrumbList","@id":"https:\/\/kornita.lt\/en\/shop\/miltai-miltu-misiniai\/coco-farm-blansiruoti-migdolu-miltai-malti-be-odeles-energingi-kepiniai-250g\/#breadcrumblist","itemListElement":[{"@type":"ListItem","@id":"https:\/\/kornita.lt\/en\/#listItem","position":1,"name":"Home","item":"https:\/\/kornita.lt\/en\/","nextItem":{"@type":"ListItem","@id":"https:\/\/kornita.lt\/en\/shop-2\/#listItem","name":"Shop"}},{"@type":"ListItem","@id":"https:\/\/kornita.lt\/en\/shop-2\/#listItem","position":2,"name":"Shop","item":"https:\/\/kornita.lt\/en\/shop-2\/","nextItem":{"@type":"ListItem","@id":"https:\/\/kornita.lt\/en\/product-category\/miltai-miltu-misiniai\/#listItem","name":"Miltai ir milt\u0173 mi\u0161iniai"},"previousItem":{"@type":"ListItem","@id":"https:\/\/kornita.lt\/en\/#listItem","name":"Home"}},{"@type":"ListItem","@id":"https:\/\/kornita.lt\/en\/product-category\/miltai-miltu-misiniai\/#listItem","position":3,"name":"Miltai ir milt\u0173 mi\u0161iniai","item":"https:\/\/kornita.lt\/en\/product-category\/miltai-miltu-misiniai\/","nextItem":{"@type":"ListItem","@id":"https:\/\/kornita.lt\/en\/shop\/miltai-miltu-misiniai\/coco-farm-blansiruoti-migdolu-miltai-malti-be-odeles-energingi-kepiniai-250g\/#listItem","name":"Blan\u0161iruoti migdol\u0173 miltai, 250g."},"previousItem":{"@type":"ListItem","@id":"https:\/\/kornita.lt\/en\/shop-2\/#listItem","name":"Shop"}},{"@type":"ListItem","@id":"https:\/\/kornita.lt\/en\/shop\/miltai-miltu-misiniai\/coco-farm-blansiruoti-migdolu-miltai-malti-be-odeles-energingi-kepiniai-250g\/#listItem","position":4,"name":"Blan\u0161iruoti migdol\u0173 miltai, 250g.","previousItem":{"@type":"ListItem","@id":"https:\/\/kornita.lt\/en\/product-category\/miltai-miltu-misiniai\/#listItem","name":"Miltai ir milt\u0173 mi\u0161iniai"}}]},{"@type":"Organization","@id":"https:\/\/kornita.lt\/en\/#organization","name":"kornita","url":"https:\/\/kornita.lt\/en\/","telephone":"+37068581463","logo":{"@type":"ImageObject","url":"http:\/\/kornita.webfactory.lt\/wp-content\/uploads\/2023\/04\/korni-el-prekyba.png","@id":"https:\/\/kornita.lt\/en\/shop\/miltai-miltu-misiniai\/coco-farm-blansiruoti-migdolu-miltai-malti-be-odeles-energingi-kepiniai-250g\/#organizationLogo"},"image":{"@id":"https:\/\/kornita.lt\/en\/shop\/miltai-miltu-misiniai\/coco-farm-blansiruoti-migdolu-miltai-malti-be-odeles-energingi-kepiniai-250g\/#organizationLogo"},"sameAs":["https:\/\/www.facebook.com\/kornita.lt"]},{"@type":"Product","@id":"https:\/\/kornita.lt\/en\/shop\/miltai-miltu-misiniai\/coco-farm-blansiruoti-migdolu-miltai-malti-be-odeles-energingi-kepiniai-250g\/#wooCommerceProduct","name":"Blan\u0161iruoti migdol\u0173 miltai, 250g.","url":"https:\/\/kornita.lt\/en\/shop\/miltai-miltu-misiniai\/coco-farm-blansiruoti-migdolu-miltai-malti-be-odeles-energingi-kepiniai-250g\/","sku":"5904161870067","image":{"@type":"ImageObject","url":"https:\/\/kornita.lt\/wp-content\/uploads\/2024\/02\/Coco-Farm-blansiruoti-migdolu-miltai-malti-be-odeles-energingi-kepiniai-250g.png","@id":"https:\/\/kornita.lt\/en\/shop\/miltai-miltu-misiniai\/coco-farm-blansiruoti-migdolu-miltai-malti-be-odeles-energingi-kepiniai-250g\/#productImage","width":1486,"height":1989},"offers":{"@type":"Offer","url":"https:\/\/kornita.lt\/en\/shop\/miltai-miltu-misiniai\/coco-farm-blansiruoti-migdolu-miltai-malti-be-odeles-energingi-kepiniai-250g\/#wooCommerceOffer","price":5.75,"priceCurrency":"EUR","category":"Miltai ir milt\u0173 mi\u0161iniai","availability":"https:\/\/schema.org\/InStock","priceSpecification":{"@type":"PriceSpecification","price":5.75,"priceCurrency":"EUR","valueAddedTaxIncluded":"true"},"seller":{"@type":"Organization","@id":"https:\/\/kornita.lt\/en\/#organization"}}},{"@type":"WebPage","@id":"https:\/\/kornita.lt\/en\/shop\/miltai-miltu-misiniai\/coco-farm-blansiruoti-migdolu-miltai-malti-be-odeles-energingi-kepiniai-250g\/#webpage","url":"https:\/\/kornita.lt\/en\/shop\/miltai-miltu-misiniai\/coco-farm-blansiruoti-migdolu-miltai-malti-be-odeles-energingi-kepiniai-250g\/","name":"Blan\u0161iruoti migdol\u0173 miltai, 250g. - kornita","description":"Blan\u0161iruoti migdol\u0173 miltai, 250g Migdolai priskiriami supermaistui ir yra vieni sveikiausi\u0173 rie\u0161ut\u0173 pasaulyje. I\u0161 malt\u0173 migdol\u0173 paruo\u0161ti miltai i\u0161laiko nuostabias \u0161io rie\u0161uto maistines vertes. Miltai i\u0161 blan\u0161iruot\u0173 migdol\u0173, vis\u0173 pirma, turi ne\u012ftik\u0117tinai daug vitamino E, taip pat B grup\u0117s vitamin\u0173. Migdol\u0173 miltai sud\u0117tyje yra ir kit\u0173 element\u0173, toki\u0173 kaip magnis ir fosforas. Migdol\u0173 miltuose taip","inLanguage":"en-US","isPartOf":{"@id":"https:\/\/kornita.lt\/en\/#website"},"breadcrumb":{"@id":"https:\/\/kornita.lt\/en\/shop\/miltai-miltu-misiniai\/coco-farm-blansiruoti-migdolu-miltai-malti-be-odeles-energingi-kepiniai-250g\/#breadcrumblist"},"image":{"@type":"ImageObject","url":"https:\/\/kornita.lt\/wp-content\/uploads\/2024\/02\/Coco-Farm-blansiruoti-migdolu-miltai-malti-be-odeles-energingi-kepiniai-250g.png","@id":"https:\/\/kornita.lt\/en\/shop\/miltai-miltu-misiniai\/coco-farm-blansiruoti-migdolu-miltai-malti-be-odeles-energingi-kepiniai-250g\/#mainImage","width":1486,"height":1989},"primaryImageOfPage":{"@id":"https:\/\/kornita.lt\/en\/shop\/miltai-miltu-misiniai\/coco-farm-blansiruoti-migdolu-miltai-malti-be-odeles-energingi-kepiniai-250g\/#mainImage"},"datePublished":"2024-03-08T13:34:35+00:00","dateModified":"2026-03-15T14:44:38+00:00"},{"@type":"WebSite","@id":"https:\/\/kornita.lt\/en\/#website","url":"https:\/\/kornita.lt\/en\/","name":"kornita","inLanguage":"en-US","publisher":{"@id":"https:\/\/kornita.lt\/en\/#organization"}}]},"og:locale":"en_US","og:site_name":"kornita -","og:type":"article","og:title":"Blan\u0161iruoti migdol\u0173 miltai, 250g. - kornita","og:description":"Blan\u0161iruoti migdol\u0173 miltai, 250g Migdolai priskiriami supermaistui ir yra vieni sveikiausi\u0173 rie\u0161ut\u0173 pasaulyje. I\u0161 malt\u0173 migdol\u0173 paruo\u0161ti miltai i\u0161laiko nuostabias \u0161io rie\u0161uto maistines vertes. Miltai i\u0161 blan\u0161iruot\u0173 migdol\u0173, vis\u0173 pirma, turi ne\u012ftik\u0117tinai daug vitamino E, taip pat B grup\u0117s vitamin\u0173. Migdol\u0173 miltai sud\u0117tyje yra ir kit\u0173 element\u0173, toki\u0173 kaip magnis ir fosforas. Migdol\u0173 miltuose taip","og:url":"https:\/\/kornita.lt\/en\/shop\/miltai-miltu-misiniai\/coco-farm-blansiruoti-migdolu-miltai-malti-be-odeles-energingi-kepiniai-250g\/","og:image":"https:\/\/kornita.webfactory.lt\/wp-content\/uploads\/2023\/04\/korni-el-prekyba.png","og:image:secure_url":"https:\/\/kornita.webfactory.lt\/wp-content\/uploads\/2023\/04\/korni-el-prekyba.png","article:published_time":"2024-03-08T13:34:35+00:00","article:modified_time":"2026-03-15T14:44:38+00:00","article:publisher":"https:\/\/www.facebook.com\/kornita.lt","twitter:card":"summary_large_image","twitter:title":"Blan\u0161iruoti migdol\u0173 miltai, 250g. - kornita","twitter:description":"Blan\u0161iruoti migdol\u0173 miltai, 250g Migdolai priskiriami supermaistui ir yra vieni sveikiausi\u0173 rie\u0161ut\u0173 pasaulyje. I\u0161 malt\u0173 migdol\u0173 paruo\u0161ti miltai i\u0161laiko nuostabias \u0161io rie\u0161uto maistines vertes. Miltai i\u0161 blan\u0161iruot\u0173 migdol\u0173, vis\u0173 pirma, turi ne\u012ftik\u0117tinai daug vitamino E, taip pat B grup\u0117s vitamin\u0173. Migdol\u0173 miltai sud\u0117tyje yra ir kit\u0173 element\u0173, toki\u0173 kaip magnis ir fosforas. Migdol\u0173 miltuose taip","twitter:image":"http:\/\/kornita.webfactory.lt\/wp-content\/uploads\/2023\/04\/korni-el-prekyba.png"},"aioseo_meta_data":{"post_id":"22937","title":null,"description":null,"keywords":null,"keyphrases":{"focus":{"keyphrase":"","score":0,"analysis":{"keyphraseInTitle":{"score":0,"maxScore":9,"error":1}}},"additional":[]},"primary_term":null,"canonical_url":null,"og_title":null,"og_description":null,"og_object_type":"default","og_image_type":"default","og_image_url":null,"og_image_width":null,"og_image_height":null,"og_image_custom_url":null,"og_image_custom_fields":null,"og_video":"","og_custom_url":null,"og_article_section":null,"og_article_tags":null,"twitter_use_og":false,"twitter_card":"default","twitter_image_type":"default","twitter_image_url":null,"twitter_image_custom_url":null,"twitter_image_custom_fields":null,"twitter_title":null,"twitter_description":null,"schema":{"blockGraphs":[],"customGraphs":[],"default":{"data":{"Article":[],"Course":[],"Dataset":[],"FAQPage":[],"Movie":[],"Person":[],"Product":[],"ProductReview":[],"Car":[],"Recipe":[],"Service":[],"SoftwareApplication":[],"WebPage":[]},"graphName":"Product","isEnabled":true},"graphs":[]},"schema_type":"default","schema_type_options":null,"pillar_content":false,"robots_default":true,"robots_noindex":false,"robots_noarchive":false,"robots_nosnippet":false,"robots_nofollow":false,"robots_noimageindex":false,"robots_noodp":false,"robots_notranslate":false,"robots_max_snippet":"-1","robots_max_videopreview":"-1","robots_max_imagepreview":"large","priority":null,"frequency":"default","local_seo":null,"seo_analyzer_scan_date":"2025-12-10 11:42:45","breadcrumb_settings":null,"limit_modified_date":false,"open_ai":"{\"title\":{\"suggestions\":[],\"usage\":0},\"description\":{\"suggestions\":[],\"usage\":0}}","ai":{"faqs":[],"keyPoints":[],"titles":[],"descriptions":[],"socialPosts":{"email":[],"linkedin":[],"twitter":[],"facebook":[],"instagram":[]}},"created":"2024-02-22 12:04:04","updated":"2026-03-15 15:46:46"},"aioseo_breadcrumb":"<div class=\"aioseo-breadcrumbs\"><span class=\"aioseo-breadcrumb\">\n\t<a href=\"https:\/\/kornita.lt\/en\/\" title=\"Home\">Home<\/a>\n<\/span><span class=\"aioseo-breadcrumb-separator\">&raquo;<\/span><span class=\"aioseo-breadcrumb\">\n\t<a href=\"https:\/\/kornita.lt\/en\/shop-2\/\" title=\"Shop\">Shop<\/a>\n<\/span><span class=\"aioseo-breadcrumb-separator\">&raquo;<\/span><span class=\"aioseo-breadcrumb\">\n\t<a href=\"https:\/\/kornita.lt\/en\/product-category\/miltai-miltu-misiniai\/\" title=\"Miltai ir milt\u0173 mi\u0161iniai\">Miltai ir milt\u0173 mi\u0161iniai<\/a>\n<\/span><span class=\"aioseo-breadcrumb-separator\">&raquo;<\/span><span class=\"aioseo-breadcrumb\">\n\tBlan\u0161iruoti migdol\u0173 miltai, 250g.\n<\/span><\/div>","aioseo_breadcrumb_json":[{"label":"Home","link":"https:\/\/kornita.lt\/en\/"},{"label":"Shop","link":"https:\/\/kornita.lt\/en\/shop-2\/"},{"label":"Miltai ir milt\u0173 mi\u0161iniai","link":"https:\/\/kornita.lt\/en\/product-category\/miltai-miltu-misiniai\/"},{"label":"Blan\u0161iruoti migdol\u0173 miltai, 250g.","link":"https:\/\/kornita.lt\/en\/shop\/miltai-miltu-misiniai\/coco-farm-blansiruoti-migdolu-miltai-malti-be-odeles-energingi-kepiniai-250g\/"}],"_links":{"self":[{"href":"https:\/\/kornita.lt\/en\/wp-json\/wp\/v2\/product\/22937","targetHints":{"allow":["GET"]}}],"collection":[{"href":"https:\/\/kornita.lt\/en\/wp-json\/wp\/v2\/product"}],"about":[{"href":"https:\/\/kornita.lt\/en\/wp-json\/wp\/v2\/types\/product"}],"replies":[{"embeddable":true,"href":"https:\/\/kornita.lt\/en\/wp-json\/wp\/v2\/comments?post=22937"}],"version-history":[{"count":2,"href":"https:\/\/kornita.lt\/en\/wp-json\/wp\/v2\/product\/22937\/revisions"}],"predecessor-version":[{"id":26099,"href":"https:\/\/kornita.lt\/en\/wp-json\/wp\/v2\/product\/22937\/revisions\/26099"}],"wp:featuredmedia":[{"embeddable":true,"href":"https:\/\/kornita.lt\/en\/wp-json\/wp\/v2\/media\/22938"}],"wp:attachment":[{"href":"https:\/\/kornita.lt\/en\/wp-json\/wp\/v2\/media?parent=22937"}],"wp:term":[{"taxonomy":"product_brand","embeddable":true,"href":"https:\/\/kornita.lt\/en\/wp-json\/wp\/v2\/product_brand?post=22937"},{"taxonomy":"product_cat","embeddable":true,"href":"https:\/\/kornita.lt\/en\/wp-json\/wp\/v2\/product_cat?post=22937"},{"taxonomy":"product_tag","embeddable":true,"href":"https:\/\/kornita.lt\/en\/wp-json\/wp\/v2\/product_tag?post=22937"}],"curies":[{"name":"wp","href":"https:\/\/api.w.org\/{rel}","templated":true}]}}