{"id":22931,"date":"2024-03-08T13:34:32","date_gmt":"2024-03-08T13:34:32","guid":{"rendered":"https:\/\/kornita.lt\/?post_type=product&#038;p=22931"},"modified":"2025-06-20T09:54:01","modified_gmt":"2025-06-20T09:54:01","slug":"coco-farm-avinzirniu-miltai-pasaulio-virtuviu-fenomenas-250g","status":"publish","type":"product","link":"https:\/\/kornita.lt\/en\/shop\/miltai-miltu-misiniai\/coco-farm-avinzirniu-miltai-pasaulio-virtuviu-fenomenas-250g\/","title":{"rendered":"Coco Farm avin\u017eirni\u0173 miltai, pasaulio virtuvi\u0173 fenomenas 250g"},"content":{"rendered":"<h2>Coco Farm avin\u017eirni\u0173 miltai, pasaulio virtuvi\u0173 fenomenas 250g<\/h2>\n<p>Avin\u017eirni\u0173 milt\u0173 naudojimas virtuv\u0117je:<br \/>\nAvin\u017eirni\u0173 miltai ant lenk\u0173 stalo atkeliavo tiesiai i\u0161 Indijos virtuv\u0117s, kur jie \u017einomi kaip Besan. Artimuosiuose Rytuose avin\u017eirniai yra labai populiar\u016bs ir \u012fvairiomis formomis valgomi jau daugiau nei dvylika \u0161imtme\u010di\u0173.<\/p>\n<p>Avin\u017eirni\u0173 miltai yra universalus virtuv\u0117s pagrindas. Avin\u017eirni\u0173 miltai yra pla\u010diai naudojami gaminant maist\u0105, pagrindinis j\u0173 bruo\u017eas yra ingredient\u0173 derinys, tod\u0117l tradiciniuose vakarien\u0117s receptuose jie gali s\u0117kmingai pakeisti kvietinius miltus ar d\u017ei\u016bv\u0117s\u0117lius. Kalbant apie kepinius, avin\u017eirni\u0173 miltuose glitimo n\u0117ra, tod\u0117l kepiniai su jo priedu nei\u0161kils tiek, kiek naudojant kvietinius miltus. Avin\u017eirni\u0173 miltai, sumai\u0161yti su vandeniu santykiu 1:1, tampa labai lipn\u016bs, tod\u0117l avin\u017eirni\u0173 miltai yra geras kiau\u0161ini\u0173 pakaitalas, tod\u0117l galime rasti daugyb\u0119 vegani\u0161k\u0173 blyn\u0173, omlet\u0173 ir blyn\u0173 su bezanu recept\u0173. Avin\u017eirni\u0173 miltai puikiai tinka sriub\u0173 ir pada\u017e\u0173 tir\u0161tikliui, tereikia sumai\u0161yti 1 valgom\u0105j\u012f \u0161auk\u0161t\u0105 milt\u0173 ir pus\u0119 stiklin\u0117s vandens, tada supilti \u012f kepimo ind\u0105 ir dar kart\u0105 u\u017evirti, kad nepajust\u0173 \u017eirni\u0173 skonio. Avin\u017eirni\u0173 miltai taip pat yra daugelio gard\u017ei\u0173 rytieti\u0161kos virtuv\u0117s patiekal\u0173 ingredientas Indijoje, jie yra, be kita ko, humuso ir falafelio ingredientas, o Birmoje avin\u017eirni\u0173 miltai naudojami kaip ingredientas, pvz. tofu\u201c.<\/p>\n","protected":false},"excerpt":{"rendered":"<p>Coco Farm avin\u017eirni\u0173 miltai, pasaulio virtuvi\u0173 fenomenas 250g Avin\u017eirni\u0173 milt\u0173 naudojimas virtuv\u0117je: Avin\u017eirni\u0173 miltai ant lenk\u0173 stalo atkeliavo tiesiai i\u0161<\/p>\n","protected":false},"featured_media":22941,"comment_status":"open","ping_status":"closed","template":"","meta":[],"product_brand":[],"product_cat":[215],"product_tag":[],"class_list":{"0":"post-22931","1":"product","2":"type-product","3":"status-publish","4":"has-post-thumbnail","6":"product_cat-miltai-miltu-misiniai","7":"product_shipping_class-pristatymas","9":"first","10":"outofstock","11":"sale","12":"taxable","13":"shipping-taxable","14":"purchasable","15":"product-type-simple"},"aioseo_notices":[],"aioseo_head":"\n\t\t<!-- All in One SEO Pro 4.9.5.2 - aioseo.com -->\n\t<meta name=\"description\" content=\"Coco Farm avin\u017eirni\u0173 miltai, pasaulio virtuvi\u0173 fenomenas 250g Avin\u017eirni\u0173 milt\u0173 naudojimas virtuv\u0117je: Avin\u017eirni\u0173 miltai ant lenk\u0173 stalo atkeliavo tiesiai i\u0161 Indijos virtuv\u0117s, kur jie \u017einomi kaip Besan. Artimuosiuose Rytuose avin\u017eirniai yra labai populiar\u016bs ir \u012fvairiomis formomis valgomi jau daugiau nei dvylika \u0161imtme\u010di\u0173. Avin\u017eirni\u0173 miltai yra universalus virtuv\u0117s pagrindas. Avin\u017eirni\u0173 miltai yra pla\u010diai naudojami gaminant maist\u0105,\" \/>\n\t<meta name=\"robots\" content=\"max-image-preview:large\" \/>\n\t<link rel=\"canonical\" href=\"https:\/\/kornita.lt\/en\/shop\/miltai-miltu-misiniai\/coco-farm-avinzirniu-miltai-pasaulio-virtuviu-fenomenas-250g\/\" \/>\n\t<meta name=\"generator\" content=\"All in One SEO Pro (AIOSEO) 4.9.5.2\" \/>\n\t\t<meta property=\"og:locale\" content=\"en_US\" \/>\n\t\t<meta property=\"og:site_name\" content=\"kornita -\" \/>\n\t\t<meta property=\"og:type\" content=\"article\" \/>\n\t\t<meta property=\"og:title\" content=\"Coco Farm avin\u017eirni\u0173 miltai, pasaulio virtuvi\u0173 fenomenas 250g - kornita\" \/>\n\t\t<meta property=\"og:description\" content=\"Coco Farm avin\u017eirni\u0173 miltai, pasaulio virtuvi\u0173 fenomenas 250g Avin\u017eirni\u0173 milt\u0173 naudojimas virtuv\u0117je: Avin\u017eirni\u0173 miltai ant lenk\u0173 stalo atkeliavo tiesiai i\u0161 Indijos virtuv\u0117s, kur jie \u017einomi kaip Besan. Artimuosiuose Rytuose avin\u017eirniai yra labai populiar\u016bs ir \u012fvairiomis formomis valgomi jau daugiau nei dvylika \u0161imtme\u010di\u0173. Avin\u017eirni\u0173 miltai yra universalus virtuv\u0117s pagrindas. Avin\u017eirni\u0173 miltai yra pla\u010diai naudojami gaminant maist\u0105,\" \/>\n\t\t<meta property=\"og:url\" content=\"https:\/\/kornita.lt\/en\/shop\/miltai-miltu-misiniai\/coco-farm-avinzirniu-miltai-pasaulio-virtuviu-fenomenas-250g\/\" \/>\n\t\t<meta property=\"og:image\" content=\"https:\/\/kornita.webfactory.lt\/wp-content\/uploads\/2023\/04\/korni-el-prekyba.png\" \/>\n\t\t<meta property=\"og:image:secure_url\" content=\"https:\/\/kornita.webfactory.lt\/wp-content\/uploads\/2023\/04\/korni-el-prekyba.png\" \/>\n\t\t<meta property=\"article:published_time\" content=\"2024-03-08T13:34:32+00:00\" \/>\n\t\t<meta property=\"article:modified_time\" content=\"2025-06-20T09:54:01+00:00\" \/>\n\t\t<meta property=\"article:publisher\" content=\"https:\/\/www.facebook.com\/kornita.lt\" \/>\n\t\t<meta name=\"twitter:card\" content=\"summary_large_image\" \/>\n\t\t<meta name=\"twitter:title\" content=\"Coco Farm avin\u017eirni\u0173 miltai, pasaulio virtuvi\u0173 fenomenas 250g - kornita\" \/>\n\t\t<meta name=\"twitter:description\" content=\"Coco Farm avin\u017eirni\u0173 miltai, pasaulio virtuvi\u0173 fenomenas 250g Avin\u017eirni\u0173 milt\u0173 naudojimas virtuv\u0117je: Avin\u017eirni\u0173 miltai ant lenk\u0173 stalo atkeliavo tiesiai i\u0161 Indijos virtuv\u0117s, kur jie \u017einomi kaip Besan. Artimuosiuose Rytuose avin\u017eirniai yra labai populiar\u016bs ir \u012fvairiomis formomis valgomi jau daugiau nei dvylika \u0161imtme\u010di\u0173. Avin\u017eirni\u0173 miltai yra universalus virtuv\u0117s pagrindas. Avin\u017eirni\u0173 miltai yra pla\u010diai naudojami gaminant maist\u0105,\" \/>\n\t\t<meta name=\"twitter:image\" content=\"http:\/\/kornita.webfactory.lt\/wp-content\/uploads\/2023\/04\/korni-el-prekyba.png\" \/>\n\t\t<script type=\"application\/ld+json\" class=\"aioseo-schema\">\n\t\t\t{\"@context\":\"https:\\\/\\\/schema.org\",\"@graph\":[{\"@type\":\"BreadcrumbList\",\"@id\":\"https:\\\/\\\/kornita.lt\\\/en\\\/shop\\\/miltai-miltu-misiniai\\\/coco-farm-avinzirniu-miltai-pasaulio-virtuviu-fenomenas-250g\\\/#breadcrumblist\",\"itemListElement\":[{\"@type\":\"ListItem\",\"@id\":\"https:\\\/\\\/kornita.lt\\\/en\\\/#listItem\",\"position\":1,\"name\":\"Home\",\"item\":\"https:\\\/\\\/kornita.lt\\\/en\\\/\",\"nextItem\":{\"@type\":\"ListItem\",\"@id\":\"https:\\\/\\\/kornita.lt\\\/en\\\/shop-2\\\/#listItem\",\"name\":\"Shop\"}},{\"@type\":\"ListItem\",\"@id\":\"https:\\\/\\\/kornita.lt\\\/en\\\/shop-2\\\/#listItem\",\"position\":2,\"name\":\"Shop\",\"item\":\"https:\\\/\\\/kornita.lt\\\/en\\\/shop-2\\\/\",\"nextItem\":{\"@type\":\"ListItem\",\"@id\":\"https:\\\/\\\/kornita.lt\\\/en\\\/product-category\\\/miltai-miltu-misiniai\\\/#listItem\",\"name\":\"Miltai ir milt\\u0173 mi\\u0161iniai\"},\"previousItem\":{\"@type\":\"ListItem\",\"@id\":\"https:\\\/\\\/kornita.lt\\\/en\\\/#listItem\",\"name\":\"Home\"}},{\"@type\":\"ListItem\",\"@id\":\"https:\\\/\\\/kornita.lt\\\/en\\\/product-category\\\/miltai-miltu-misiniai\\\/#listItem\",\"position\":3,\"name\":\"Miltai ir milt\\u0173 mi\\u0161iniai\",\"item\":\"https:\\\/\\\/kornita.lt\\\/en\\\/product-category\\\/miltai-miltu-misiniai\\\/\",\"nextItem\":{\"@type\":\"ListItem\",\"@id\":\"https:\\\/\\\/kornita.lt\\\/en\\\/shop\\\/miltai-miltu-misiniai\\\/coco-farm-avinzirniu-miltai-pasaulio-virtuviu-fenomenas-250g\\\/#listItem\",\"name\":\"Coco Farm avin\\u017eirni\\u0173 miltai, pasaulio virtuvi\\u0173 fenomenas 250g\"},\"previousItem\":{\"@type\":\"ListItem\",\"@id\":\"https:\\\/\\\/kornita.lt\\\/en\\\/shop-2\\\/#listItem\",\"name\":\"Shop\"}},{\"@type\":\"ListItem\",\"@id\":\"https:\\\/\\\/kornita.lt\\\/en\\\/shop\\\/miltai-miltu-misiniai\\\/coco-farm-avinzirniu-miltai-pasaulio-virtuviu-fenomenas-250g\\\/#listItem\",\"position\":4,\"name\":\"Coco Farm avin\\u017eirni\\u0173 miltai, pasaulio virtuvi\\u0173 fenomenas 250g\",\"previousItem\":{\"@type\":\"ListItem\",\"@id\":\"https:\\\/\\\/kornita.lt\\\/en\\\/product-category\\\/miltai-miltu-misiniai\\\/#listItem\",\"name\":\"Miltai ir milt\\u0173 mi\\u0161iniai\"}}]},{\"@type\":\"Organization\",\"@id\":\"https:\\\/\\\/kornita.lt\\\/en\\\/#organization\",\"name\":\"kornita\",\"url\":\"https:\\\/\\\/kornita.lt\\\/en\\\/\",\"telephone\":\"+37068581463\",\"logo\":{\"@type\":\"ImageObject\",\"url\":\"http:\\\/\\\/kornita.webfactory.lt\\\/wp-content\\\/uploads\\\/2023\\\/04\\\/korni-el-prekyba.png\",\"@id\":\"https:\\\/\\\/kornita.lt\\\/en\\\/shop\\\/miltai-miltu-misiniai\\\/coco-farm-avinzirniu-miltai-pasaulio-virtuviu-fenomenas-250g\\\/#organizationLogo\"},\"image\":{\"@id\":\"https:\\\/\\\/kornita.lt\\\/en\\\/shop\\\/miltai-miltu-misiniai\\\/coco-farm-avinzirniu-miltai-pasaulio-virtuviu-fenomenas-250g\\\/#organizationLogo\"},\"sameAs\":[\"https:\\\/\\\/www.facebook.com\\\/kornita.lt\"]},{\"@type\":\"Product\",\"@id\":\"https:\\\/\\\/kornita.lt\\\/en\\\/shop\\\/miltai-miltu-misiniai\\\/coco-farm-avinzirniu-miltai-pasaulio-virtuviu-fenomenas-250g\\\/#wooCommerceProduct\",\"name\":\"Coco Farm avin\\u017eirni\\u0173 miltai, pasaulio virtuvi\\u0173 fenomenas 250g\",\"url\":\"https:\\\/\\\/kornita.lt\\\/en\\\/shop\\\/miltai-miltu-misiniai\\\/coco-farm-avinzirniu-miltai-pasaulio-virtuviu-fenomenas-250g\\\/\",\"sku\":\"5904161870043\",\"image\":{\"@type\":\"ImageObject\",\"url\":\"https:\\\/\\\/kornita.lt\\\/wp-content\\\/uploads\\\/2024\\\/02\\\/Coco-Farm-avinzirniu-miltai-pasaulio-virtuviu-fenomenas-250g.jpg\",\"@id\":\"https:\\\/\\\/kornita.lt\\\/en\\\/shop\\\/miltai-miltu-misiniai\\\/coco-farm-avinzirniu-miltai-pasaulio-virtuviu-fenomenas-250g\\\/#productImage\",\"width\":1486,\"height\":1989},\"offers\":{\"@type\":\"Offer\",\"url\":\"https:\\\/\\\/kornita.lt\\\/en\\\/shop\\\/miltai-miltu-misiniai\\\/coco-farm-avinzirniu-miltai-pasaulio-virtuviu-fenomenas-250g\\\/#wooCommerceOffer\",\"price\":1.83,\"priceCurrency\":\"EUR\",\"category\":\"Miltai ir milt\\u0173 mi\\u0161iniai\",\"availability\":\"https:\\\/\\\/schema.org\\\/OutOfStock\",\"priceSpecification\":{\"@type\":\"PriceSpecification\",\"price\":1.83,\"priceCurrency\":\"EUR\",\"valueAddedTaxIncluded\":\"true\"},\"seller\":{\"@type\":\"Organization\",\"@id\":\"https:\\\/\\\/kornita.lt\\\/en\\\/#organization\"}}},{\"@type\":\"WebPage\",\"@id\":\"https:\\\/\\\/kornita.lt\\\/en\\\/shop\\\/miltai-miltu-misiniai\\\/coco-farm-avinzirniu-miltai-pasaulio-virtuviu-fenomenas-250g\\\/#webpage\",\"url\":\"https:\\\/\\\/kornita.lt\\\/en\\\/shop\\\/miltai-miltu-misiniai\\\/coco-farm-avinzirniu-miltai-pasaulio-virtuviu-fenomenas-250g\\\/\",\"name\":\"Coco Farm avin\\u017eirni\\u0173 miltai, pasaulio virtuvi\\u0173 fenomenas 250g - kornita\",\"description\":\"Coco Farm avin\\u017eirni\\u0173 miltai, pasaulio virtuvi\\u0173 fenomenas 250g Avin\\u017eirni\\u0173 milt\\u0173 naudojimas virtuv\\u0117je: Avin\\u017eirni\\u0173 miltai ant lenk\\u0173 stalo atkeliavo tiesiai i\\u0161 Indijos virtuv\\u0117s, kur jie \\u017einomi kaip Besan. Artimuosiuose Rytuose avin\\u017eirniai yra labai populiar\\u016bs ir \\u012fvairiomis formomis valgomi jau daugiau nei dvylika \\u0161imtme\\u010di\\u0173. Avin\\u017eirni\\u0173 miltai yra universalus virtuv\\u0117s pagrindas. Avin\\u017eirni\\u0173 miltai yra pla\\u010diai naudojami gaminant maist\\u0105,\",\"inLanguage\":\"en-US\",\"isPartOf\":{\"@id\":\"https:\\\/\\\/kornita.lt\\\/en\\\/#website\"},\"breadcrumb\":{\"@id\":\"https:\\\/\\\/kornita.lt\\\/en\\\/shop\\\/miltai-miltu-misiniai\\\/coco-farm-avinzirniu-miltai-pasaulio-virtuviu-fenomenas-250g\\\/#breadcrumblist\"},\"image\":{\"@type\":\"ImageObject\",\"url\":\"https:\\\/\\\/kornita.lt\\\/wp-content\\\/uploads\\\/2024\\\/02\\\/Coco-Farm-avinzirniu-miltai-pasaulio-virtuviu-fenomenas-250g.jpg\",\"@id\":\"https:\\\/\\\/kornita.lt\\\/en\\\/shop\\\/miltai-miltu-misiniai\\\/coco-farm-avinzirniu-miltai-pasaulio-virtuviu-fenomenas-250g\\\/#mainImage\",\"width\":1486,\"height\":1989},\"primaryImageOfPage\":{\"@id\":\"https:\\\/\\\/kornita.lt\\\/en\\\/shop\\\/miltai-miltu-misiniai\\\/coco-farm-avinzirniu-miltai-pasaulio-virtuviu-fenomenas-250g\\\/#mainImage\"},\"datePublished\":\"2024-03-08T13:34:32+00:00\",\"dateModified\":\"2025-06-20T09:54:01+00:00\"},{\"@type\":\"WebSite\",\"@id\":\"https:\\\/\\\/kornita.lt\\\/en\\\/#website\",\"url\":\"https:\\\/\\\/kornita.lt\\\/en\\\/\",\"name\":\"kornita\",\"inLanguage\":\"en-US\",\"publisher\":{\"@id\":\"https:\\\/\\\/kornita.lt\\\/en\\\/#organization\"}}]}\n\t\t<\/script>\n\t\t<!-- All in One SEO Pro -->\r\n\t\t<title>Coco Farm avin\u017eirni\u0173 miltai, pasaulio virtuvi\u0173 fenomenas 250g - kornita<\/title>\n\n","aioseo_head_json":{"title":"Coco Farm avin\u017eirni\u0173 miltai, pasaulio virtuvi\u0173 fenomenas 250g - kornita","description":"Coco Farm avin\u017eirni\u0173 miltai, pasaulio virtuvi\u0173 fenomenas 250g Avin\u017eirni\u0173 milt\u0173 naudojimas virtuv\u0117je: Avin\u017eirni\u0173 miltai ant lenk\u0173 stalo atkeliavo tiesiai i\u0161 Indijos virtuv\u0117s, kur jie \u017einomi kaip Besan. Artimuosiuose Rytuose avin\u017eirniai yra labai populiar\u016bs ir \u012fvairiomis formomis valgomi jau daugiau nei dvylika \u0161imtme\u010di\u0173. Avin\u017eirni\u0173 miltai yra universalus virtuv\u0117s pagrindas. Avin\u017eirni\u0173 miltai yra pla\u010diai naudojami gaminant maist\u0105,","canonical_url":"https:\/\/kornita.lt\/en\/shop\/miltai-miltu-misiniai\/coco-farm-avinzirniu-miltai-pasaulio-virtuviu-fenomenas-250g\/","robots":"max-image-preview:large","keywords":"","webmasterTools":{"miscellaneous":""},"schema":{"@context":"https:\/\/schema.org","@graph":[{"@type":"BreadcrumbList","@id":"https:\/\/kornita.lt\/en\/shop\/miltai-miltu-misiniai\/coco-farm-avinzirniu-miltai-pasaulio-virtuviu-fenomenas-250g\/#breadcrumblist","itemListElement":[{"@type":"ListItem","@id":"https:\/\/kornita.lt\/en\/#listItem","position":1,"name":"Home","item":"https:\/\/kornita.lt\/en\/","nextItem":{"@type":"ListItem","@id":"https:\/\/kornita.lt\/en\/shop-2\/#listItem","name":"Shop"}},{"@type":"ListItem","@id":"https:\/\/kornita.lt\/en\/shop-2\/#listItem","position":2,"name":"Shop","item":"https:\/\/kornita.lt\/en\/shop-2\/","nextItem":{"@type":"ListItem","@id":"https:\/\/kornita.lt\/en\/product-category\/miltai-miltu-misiniai\/#listItem","name":"Miltai ir milt\u0173 mi\u0161iniai"},"previousItem":{"@type":"ListItem","@id":"https:\/\/kornita.lt\/en\/#listItem","name":"Home"}},{"@type":"ListItem","@id":"https:\/\/kornita.lt\/en\/product-category\/miltai-miltu-misiniai\/#listItem","position":3,"name":"Miltai ir milt\u0173 mi\u0161iniai","item":"https:\/\/kornita.lt\/en\/product-category\/miltai-miltu-misiniai\/","nextItem":{"@type":"ListItem","@id":"https:\/\/kornita.lt\/en\/shop\/miltai-miltu-misiniai\/coco-farm-avinzirniu-miltai-pasaulio-virtuviu-fenomenas-250g\/#listItem","name":"Coco Farm avin\u017eirni\u0173 miltai, pasaulio virtuvi\u0173 fenomenas 250g"},"previousItem":{"@type":"ListItem","@id":"https:\/\/kornita.lt\/en\/shop-2\/#listItem","name":"Shop"}},{"@type":"ListItem","@id":"https:\/\/kornita.lt\/en\/shop\/miltai-miltu-misiniai\/coco-farm-avinzirniu-miltai-pasaulio-virtuviu-fenomenas-250g\/#listItem","position":4,"name":"Coco Farm avin\u017eirni\u0173 miltai, pasaulio virtuvi\u0173 fenomenas 250g","previousItem":{"@type":"ListItem","@id":"https:\/\/kornita.lt\/en\/product-category\/miltai-miltu-misiniai\/#listItem","name":"Miltai ir milt\u0173 mi\u0161iniai"}}]},{"@type":"Organization","@id":"https:\/\/kornita.lt\/en\/#organization","name":"kornita","url":"https:\/\/kornita.lt\/en\/","telephone":"+37068581463","logo":{"@type":"ImageObject","url":"http:\/\/kornita.webfactory.lt\/wp-content\/uploads\/2023\/04\/korni-el-prekyba.png","@id":"https:\/\/kornita.lt\/en\/shop\/miltai-miltu-misiniai\/coco-farm-avinzirniu-miltai-pasaulio-virtuviu-fenomenas-250g\/#organizationLogo"},"image":{"@id":"https:\/\/kornita.lt\/en\/shop\/miltai-miltu-misiniai\/coco-farm-avinzirniu-miltai-pasaulio-virtuviu-fenomenas-250g\/#organizationLogo"},"sameAs":["https:\/\/www.facebook.com\/kornita.lt"]},{"@type":"Product","@id":"https:\/\/kornita.lt\/en\/shop\/miltai-miltu-misiniai\/coco-farm-avinzirniu-miltai-pasaulio-virtuviu-fenomenas-250g\/#wooCommerceProduct","name":"Coco Farm avin\u017eirni\u0173 miltai, pasaulio virtuvi\u0173 fenomenas 250g","url":"https:\/\/kornita.lt\/en\/shop\/miltai-miltu-misiniai\/coco-farm-avinzirniu-miltai-pasaulio-virtuviu-fenomenas-250g\/","sku":"5904161870043","image":{"@type":"ImageObject","url":"https:\/\/kornita.lt\/wp-content\/uploads\/2024\/02\/Coco-Farm-avinzirniu-miltai-pasaulio-virtuviu-fenomenas-250g.jpg","@id":"https:\/\/kornita.lt\/en\/shop\/miltai-miltu-misiniai\/coco-farm-avinzirniu-miltai-pasaulio-virtuviu-fenomenas-250g\/#productImage","width":1486,"height":1989},"offers":{"@type":"Offer","url":"https:\/\/kornita.lt\/en\/shop\/miltai-miltu-misiniai\/coco-farm-avinzirniu-miltai-pasaulio-virtuviu-fenomenas-250g\/#wooCommerceOffer","price":1.83,"priceCurrency":"EUR","category":"Miltai ir milt\u0173 mi\u0161iniai","availability":"https:\/\/schema.org\/OutOfStock","priceSpecification":{"@type":"PriceSpecification","price":1.83,"priceCurrency":"EUR","valueAddedTaxIncluded":"true"},"seller":{"@type":"Organization","@id":"https:\/\/kornita.lt\/en\/#organization"}}},{"@type":"WebPage","@id":"https:\/\/kornita.lt\/en\/shop\/miltai-miltu-misiniai\/coco-farm-avinzirniu-miltai-pasaulio-virtuviu-fenomenas-250g\/#webpage","url":"https:\/\/kornita.lt\/en\/shop\/miltai-miltu-misiniai\/coco-farm-avinzirniu-miltai-pasaulio-virtuviu-fenomenas-250g\/","name":"Coco Farm avin\u017eirni\u0173 miltai, pasaulio virtuvi\u0173 fenomenas 250g - kornita","description":"Coco Farm avin\u017eirni\u0173 miltai, pasaulio virtuvi\u0173 fenomenas 250g Avin\u017eirni\u0173 milt\u0173 naudojimas virtuv\u0117je: Avin\u017eirni\u0173 miltai ant lenk\u0173 stalo atkeliavo tiesiai i\u0161 Indijos virtuv\u0117s, kur jie \u017einomi kaip Besan. Artimuosiuose Rytuose avin\u017eirniai yra labai populiar\u016bs ir \u012fvairiomis formomis valgomi jau daugiau nei dvylika \u0161imtme\u010di\u0173. Avin\u017eirni\u0173 miltai yra universalus virtuv\u0117s pagrindas. Avin\u017eirni\u0173 miltai yra pla\u010diai naudojami gaminant maist\u0105,","inLanguage":"en-US","isPartOf":{"@id":"https:\/\/kornita.lt\/en\/#website"},"breadcrumb":{"@id":"https:\/\/kornita.lt\/en\/shop\/miltai-miltu-misiniai\/coco-farm-avinzirniu-miltai-pasaulio-virtuviu-fenomenas-250g\/#breadcrumblist"},"image":{"@type":"ImageObject","url":"https:\/\/kornita.lt\/wp-content\/uploads\/2024\/02\/Coco-Farm-avinzirniu-miltai-pasaulio-virtuviu-fenomenas-250g.jpg","@id":"https:\/\/kornita.lt\/en\/shop\/miltai-miltu-misiniai\/coco-farm-avinzirniu-miltai-pasaulio-virtuviu-fenomenas-250g\/#mainImage","width":1486,"height":1989},"primaryImageOfPage":{"@id":"https:\/\/kornita.lt\/en\/shop\/miltai-miltu-misiniai\/coco-farm-avinzirniu-miltai-pasaulio-virtuviu-fenomenas-250g\/#mainImage"},"datePublished":"2024-03-08T13:34:32+00:00","dateModified":"2025-06-20T09:54:01+00:00"},{"@type":"WebSite","@id":"https:\/\/kornita.lt\/en\/#website","url":"https:\/\/kornita.lt\/en\/","name":"kornita","inLanguage":"en-US","publisher":{"@id":"https:\/\/kornita.lt\/en\/#organization"}}]},"og:locale":"en_US","og:site_name":"kornita -","og:type":"article","og:title":"Coco Farm avin\u017eirni\u0173 miltai, pasaulio virtuvi\u0173 fenomenas 250g - kornita","og:description":"Coco Farm avin\u017eirni\u0173 miltai, pasaulio virtuvi\u0173 fenomenas 250g Avin\u017eirni\u0173 milt\u0173 naudojimas virtuv\u0117je: Avin\u017eirni\u0173 miltai ant lenk\u0173 stalo atkeliavo tiesiai i\u0161 Indijos virtuv\u0117s, kur jie \u017einomi kaip Besan. Artimuosiuose Rytuose avin\u017eirniai yra labai populiar\u016bs ir \u012fvairiomis formomis valgomi jau daugiau nei dvylika \u0161imtme\u010di\u0173. Avin\u017eirni\u0173 miltai yra universalus virtuv\u0117s pagrindas. Avin\u017eirni\u0173 miltai yra pla\u010diai naudojami gaminant maist\u0105,","og:url":"https:\/\/kornita.lt\/en\/shop\/miltai-miltu-misiniai\/coco-farm-avinzirniu-miltai-pasaulio-virtuviu-fenomenas-250g\/","og:image":"https:\/\/kornita.webfactory.lt\/wp-content\/uploads\/2023\/04\/korni-el-prekyba.png","og:image:secure_url":"https:\/\/kornita.webfactory.lt\/wp-content\/uploads\/2023\/04\/korni-el-prekyba.png","article:published_time":"2024-03-08T13:34:32+00:00","article:modified_time":"2025-06-20T09:54:01+00:00","article:publisher":"https:\/\/www.facebook.com\/kornita.lt","twitter:card":"summary_large_image","twitter:title":"Coco Farm avin\u017eirni\u0173 miltai, pasaulio virtuvi\u0173 fenomenas 250g - kornita","twitter:description":"Coco Farm avin\u017eirni\u0173 miltai, pasaulio virtuvi\u0173 fenomenas 250g Avin\u017eirni\u0173 milt\u0173 naudojimas virtuv\u0117je: Avin\u017eirni\u0173 miltai ant lenk\u0173 stalo atkeliavo tiesiai i\u0161 Indijos virtuv\u0117s, kur jie \u017einomi kaip Besan. Artimuosiuose Rytuose avin\u017eirniai yra labai populiar\u016bs ir \u012fvairiomis formomis valgomi jau daugiau nei dvylika \u0161imtme\u010di\u0173. Avin\u017eirni\u0173 miltai yra universalus virtuv\u0117s pagrindas. Avin\u017eirni\u0173 miltai yra pla\u010diai naudojami gaminant maist\u0105,","twitter:image":"http:\/\/kornita.webfactory.lt\/wp-content\/uploads\/2023\/04\/korni-el-prekyba.png"},"aioseo_meta_data":{"post_id":"22931","title":null,"description":null,"keywords":null,"keyphrases":{"focus":{"keyphrase":"","score":0,"analysis":{"keyphraseInTitle":{"score":0,"maxScore":9,"error":1}}},"additional":[]},"primary_term":null,"canonical_url":null,"og_title":null,"og_description":null,"og_object_type":"default","og_image_type":"default","og_image_url":null,"og_image_width":null,"og_image_height":null,"og_image_custom_url":null,"og_image_custom_fields":null,"og_video":"","og_custom_url":null,"og_article_section":null,"og_article_tags":null,"twitter_use_og":false,"twitter_card":"default","twitter_image_type":"default","twitter_image_url":null,"twitter_image_custom_url":null,"twitter_image_custom_fields":null,"twitter_title":null,"twitter_description":null,"schema":{"blockGraphs":[],"customGraphs":[],"default":{"data":{"Article":[],"Course":[],"Dataset":[],"FAQPage":[],"Movie":[],"Person":[],"Product":[],"ProductReview":[],"Car":[],"Recipe":[],"Service":[],"SoftwareApplication":[],"WebPage":[]},"graphName":"ItemPage","isEnabled":true},"graphs":[]},"schema_type":"default","schema_type_options":null,"pillar_content":false,"robots_default":true,"robots_noindex":false,"robots_noarchive":false,"robots_nosnippet":false,"robots_nofollow":false,"robots_noimageindex":false,"robots_noodp":false,"robots_notranslate":false,"robots_max_snippet":"-1","robots_max_videopreview":"-1","robots_max_imagepreview":"large","priority":null,"frequency":"default","local_seo":null,"seo_analyzer_scan_date":"2025-10-09 00:05:25","breadcrumb_settings":null,"limit_modified_date":false,"open_ai":"{\"title\":{\"suggestions\":[],\"usage\":0},\"description\":{\"suggestions\":[],\"usage\":0}}","ai":null,"created":"2024-02-22 12:07:35","updated":"2025-11-26 23:36:06"},"aioseo_breadcrumb":"<div class=\"aioseo-breadcrumbs\"><span class=\"aioseo-breadcrumb\">\n\t<a href=\"https:\/\/kornita.lt\/en\/\" title=\"Home\">Home<\/a>\n<\/span><span class=\"aioseo-breadcrumb-separator\">&raquo;<\/span><span class=\"aioseo-breadcrumb\">\n\t<a href=\"https:\/\/kornita.lt\/en\/shop-2\/\" title=\"Shop\">Shop<\/a>\n<\/span><span class=\"aioseo-breadcrumb-separator\">&raquo;<\/span><span class=\"aioseo-breadcrumb\">\n\t<a href=\"https:\/\/kornita.lt\/en\/product-category\/miltai-miltu-misiniai\/\" title=\"Miltai ir milt\u0173 mi\u0161iniai\">Miltai ir milt\u0173 mi\u0161iniai<\/a>\n<\/span><span class=\"aioseo-breadcrumb-separator\">&raquo;<\/span><span class=\"aioseo-breadcrumb\">\n\tCoco Farm avin\u017eirni\u0173 miltai, pasaulio virtuvi\u0173 fenomenas 250g\n<\/span><\/div>","aioseo_breadcrumb_json":[{"label":"Home","link":"https:\/\/kornita.lt\/en\/"},{"label":"Shop","link":"https:\/\/kornita.lt\/en\/shop-2\/"},{"label":"Miltai ir milt\u0173 mi\u0161iniai","link":"https:\/\/kornita.lt\/en\/product-category\/miltai-miltu-misiniai\/"},{"label":"Coco Farm avin\u017eirni\u0173 miltai, pasaulio virtuvi\u0173 fenomenas 250g","link":"https:\/\/kornita.lt\/en\/shop\/miltai-miltu-misiniai\/coco-farm-avinzirniu-miltai-pasaulio-virtuviu-fenomenas-250g\/"}],"_links":{"self":[{"href":"https:\/\/kornita.lt\/en\/wp-json\/wp\/v2\/product\/22931","targetHints":{"allow":["GET"]}}],"collection":[{"href":"https:\/\/kornita.lt\/en\/wp-json\/wp\/v2\/product"}],"about":[{"href":"https:\/\/kornita.lt\/en\/wp-json\/wp\/v2\/types\/product"}],"replies":[{"embeddable":true,"href":"https:\/\/kornita.lt\/en\/wp-json\/wp\/v2\/comments?post=22931"}],"version-history":[{"count":1,"href":"https:\/\/kornita.lt\/en\/wp-json\/wp\/v2\/product\/22931\/revisions"}],"predecessor-version":[{"id":25060,"href":"https:\/\/kornita.lt\/en\/wp-json\/wp\/v2\/product\/22931\/revisions\/25060"}],"wp:featuredmedia":[{"embeddable":true,"href":"https:\/\/kornita.lt\/en\/wp-json\/wp\/v2\/media\/22941"}],"wp:attachment":[{"href":"https:\/\/kornita.lt\/en\/wp-json\/wp\/v2\/media?parent=22931"}],"wp:term":[{"taxonomy":"product_brand","embeddable":true,"href":"https:\/\/kornita.lt\/en\/wp-json\/wp\/v2\/product_brand?post=22931"},{"taxonomy":"product_cat","embeddable":true,"href":"https:\/\/kornita.lt\/en\/wp-json\/wp\/v2\/product_cat?post=22931"},{"taxonomy":"product_tag","embeddable":true,"href":"https:\/\/kornita.lt\/en\/wp-json\/wp\/v2\/product_tag?post=22931"}],"curies":[{"name":"wp","href":"https:\/\/api.w.org\/{rel}","templated":true}]}}