{"id":22923,"date":"2024-03-08T13:34:34","date_gmt":"2024-03-08T13:34:34","guid":{"rendered":"https:\/\/kornita.lt\/?post_type=product&#038;p=22923"},"modified":"2025-05-19T08:52:08","modified_gmt":"2025-05-19T08:52:08","slug":"coco-farm-skrudinti-neriebalinti-zemes-riesutu-miltai-energija-is-gamtos-250-g","status":"publish","type":"product","link":"https:\/\/kornita.lt\/en\/shop\/miltai-miltu-misiniai\/coco-farm-skrudinti-neriebalinti-zemes-riesutu-miltai-energija-is-gamtos-250-g\/","title":{"rendered":"Skrudinti neriebalinti \u017eem\u0117s rie\u0161ut\u0173 miltai,  250 g."},"content":{"rendered":"<h2>Skrudinti neriebalinti \u017eem\u0117s rie\u0161ut\u0173 miltai, 250 g<\/h2>\n<p>\u017dem\u0117s rie\u0161ut\u0173\u00a0 miltai gaminami sumalant skrudintus \u017eem\u0117s rie\u0161utus, kurie prie\u0161 malim\u0105 nenuriebalinti. Vertinami pirmiausia d\u0117l saldaus skonio ir i\u0161skirtin\u0117s \u017eem\u0117s rie\u0161ut\u0173 natos. \u017dem\u0117s rie\u0161ut\u0173 miltai yra sunkesni u\u017e daugum\u0105 rinkoje esan\u010di\u0173 milt\u0173, tod\u0117l geriausiai tinka kaip priedas prie kit\u0173 milt\u0173.Kadangi n\u0117ra nugriebtas, tod\u0117l kepiniams suteikia didel\u0119 dr\u0117gm\u0119.\u017dem\u0117s rie\u0161ut\u0173 miltuose nat\u016braliai n\u0117ra glitimo, tod\u0117l juos galima naudoti \u012fdomiuose receptuose be glitimo blynams, vafliams, pyragams ir sausainiams. Taip pat puikiai tiks prie kokteili\u0173, kokteili\u0173, krem\u0173, u\u017etep\u0117li\u0173, sald\u017ei\u0173 ar pikanti\u0161k\u0173 duonos u\u017etep\u0117li\u0173.\u012edomi id\u0117ja \u2013 \u012f salotas \u012fberti \u017eem\u0117s rie\u0161ut\u0173 milt\u0173, kad pagerintum\u0117te maistin\u0119 vert\u0119 ir skon\u012f.<\/p>\n<p>\u017dem\u0117s rie\u0161ut\u0173 miltai \u2013 dietinis naudojimas:<br \/>\n\u017dem\u0117s rie\u0161ut\u0173 miltai turi labai palank\u0173 riebal\u0173 ir angliavandeni\u0173 santyk\u012f, 100 g angliavandeni\u0173 sudaro 8% paros poreikio. \u017dem\u0117s rie\u0161ut\u0173 miltus galima \u012ftraukti \u012f \u017emoni\u0173, kurie ma\u017eina suvartojam\u0173 angliavandeni\u0173 kiek\u012f, laikosi ma\u017eai angliavandeni\u0173 turin\u010dios dietos arba ketogenin\u0117s dietos (ketogenin\u0117 dieta), racion\u0105. \u017dem\u0117s rie\u0161ut\u0173 miltai d\u0117l savo baltym\u0173 kiekio bus vertinami sportinink\u0173 ir fizi\u0161kai aktyvi\u0173 \u017emoni\u0173, taip pat puikiai tiks be glitimo, diabetikams, veganams ir vegetarams.<\/p>\n","protected":false},"excerpt":{"rendered":"<p>Galiojimo laikas iki 2025-05-20<\/p>\n","protected":false},"featured_media":22928,"comment_status":"open","ping_status":"closed","template":"","meta":[],"product_brand":[],"product_cat":[215],"product_tag":[],"class_list":{"0":"post-22923","1":"product","2":"type-product","3":"status-publish","4":"has-post-thumbnail","6":"product_cat-miltai-miltu-misiniai","7":"product_shipping_class-pristatymas","9":"first","10":"outofstock","11":"sale","12":"taxable","13":"shipping-taxable","14":"purchasable","15":"product-type-simple"},"aioseo_notices":[],"aioseo_head":"\n\t\t<!-- All in One SEO Pro 4.9.5.2 - aioseo.com -->\n\t<meta name=\"description\" content=\"Galiojimo laikas iki 2025-05-20\" \/>\n\t<meta name=\"robots\" content=\"max-image-preview:large\" \/>\n\t<link rel=\"canonical\" href=\"https:\/\/kornita.lt\/en\/shop\/miltai-miltu-misiniai\/coco-farm-skrudinti-neriebalinti-zemes-riesutu-miltai-energija-is-gamtos-250-g\/\" \/>\n\t<meta name=\"generator\" content=\"All in One SEO Pro (AIOSEO) 4.9.5.2\" \/>\n\t\t<meta property=\"og:locale\" content=\"en_US\" \/>\n\t\t<meta property=\"og:site_name\" content=\"kornita -\" \/>\n\t\t<meta property=\"og:type\" content=\"article\" \/>\n\t\t<meta property=\"og:title\" content=\"Skrudinti neriebalinti \u017eem\u0117s rie\u0161ut\u0173 miltai, 250 g. - kornita\" \/>\n\t\t<meta property=\"og:description\" content=\"Galiojimo laikas iki 2025-05-20\" \/>\n\t\t<meta property=\"og:url\" content=\"https:\/\/kornita.lt\/en\/shop\/miltai-miltu-misiniai\/coco-farm-skrudinti-neriebalinti-zemes-riesutu-miltai-energija-is-gamtos-250-g\/\" \/>\n\t\t<meta property=\"og:image\" content=\"https:\/\/kornita.webfactory.lt\/wp-content\/uploads\/2023\/04\/korni-el-prekyba.png\" \/>\n\t\t<meta property=\"og:image:secure_url\" content=\"https:\/\/kornita.webfactory.lt\/wp-content\/uploads\/2023\/04\/korni-el-prekyba.png\" \/>\n\t\t<meta property=\"article:published_time\" content=\"2024-03-08T13:34:34+00:00\" \/>\n\t\t<meta property=\"article:modified_time\" content=\"2025-05-19T08:52:08+00:00\" \/>\n\t\t<meta property=\"article:publisher\" content=\"https:\/\/www.facebook.com\/kornita.lt\" \/>\n\t\t<meta name=\"twitter:card\" content=\"summary_large_image\" \/>\n\t\t<meta name=\"twitter:title\" content=\"Skrudinti neriebalinti \u017eem\u0117s rie\u0161ut\u0173 miltai, 250 g. - kornita\" \/>\n\t\t<meta name=\"twitter:description\" content=\"Galiojimo laikas iki 2025-05-20\" \/>\n\t\t<meta name=\"twitter:image\" content=\"http:\/\/kornita.webfactory.lt\/wp-content\/uploads\/2023\/04\/korni-el-prekyba.png\" \/>\n\t\t<script type=\"application\/ld+json\" class=\"aioseo-schema\">\n\t\t\t{\"@context\":\"https:\\\/\\\/schema.org\",\"@graph\":[{\"@type\":\"BreadcrumbList\",\"@id\":\"https:\\\/\\\/kornita.lt\\\/en\\\/shop\\\/miltai-miltu-misiniai\\\/coco-farm-skrudinti-neriebalinti-zemes-riesutu-miltai-energija-is-gamtos-250-g\\\/#breadcrumblist\",\"itemListElement\":[{\"@type\":\"ListItem\",\"@id\":\"https:\\\/\\\/kornita.lt\\\/en\\\/#listItem\",\"position\":1,\"name\":\"Home\",\"item\":\"https:\\\/\\\/kornita.lt\\\/en\\\/\",\"nextItem\":{\"@type\":\"ListItem\",\"@id\":\"https:\\\/\\\/kornita.lt\\\/en\\\/shop-2\\\/#listItem\",\"name\":\"Shop\"}},{\"@type\":\"ListItem\",\"@id\":\"https:\\\/\\\/kornita.lt\\\/en\\\/shop-2\\\/#listItem\",\"position\":2,\"name\":\"Shop\",\"item\":\"https:\\\/\\\/kornita.lt\\\/en\\\/shop-2\\\/\",\"nextItem\":{\"@type\":\"ListItem\",\"@id\":\"https:\\\/\\\/kornita.lt\\\/en\\\/product-category\\\/miltai-miltu-misiniai\\\/#listItem\",\"name\":\"Miltai ir milt\\u0173 mi\\u0161iniai\"},\"previousItem\":{\"@type\":\"ListItem\",\"@id\":\"https:\\\/\\\/kornita.lt\\\/en\\\/#listItem\",\"name\":\"Home\"}},{\"@type\":\"ListItem\",\"@id\":\"https:\\\/\\\/kornita.lt\\\/en\\\/product-category\\\/miltai-miltu-misiniai\\\/#listItem\",\"position\":3,\"name\":\"Miltai ir milt\\u0173 mi\\u0161iniai\",\"item\":\"https:\\\/\\\/kornita.lt\\\/en\\\/product-category\\\/miltai-miltu-misiniai\\\/\",\"nextItem\":{\"@type\":\"ListItem\",\"@id\":\"https:\\\/\\\/kornita.lt\\\/en\\\/shop\\\/miltai-miltu-misiniai\\\/coco-farm-skrudinti-neriebalinti-zemes-riesutu-miltai-energija-is-gamtos-250-g\\\/#listItem\",\"name\":\"Skrudinti neriebalinti \\u017eem\\u0117s rie\\u0161ut\\u0173 miltai,  250 g.\"},\"previousItem\":{\"@type\":\"ListItem\",\"@id\":\"https:\\\/\\\/kornita.lt\\\/en\\\/shop-2\\\/#listItem\",\"name\":\"Shop\"}},{\"@type\":\"ListItem\",\"@id\":\"https:\\\/\\\/kornita.lt\\\/en\\\/shop\\\/miltai-miltu-misiniai\\\/coco-farm-skrudinti-neriebalinti-zemes-riesutu-miltai-energija-is-gamtos-250-g\\\/#listItem\",\"position\":4,\"name\":\"Skrudinti neriebalinti \\u017eem\\u0117s rie\\u0161ut\\u0173 miltai,  250 g.\",\"previousItem\":{\"@type\":\"ListItem\",\"@id\":\"https:\\\/\\\/kornita.lt\\\/en\\\/product-category\\\/miltai-miltu-misiniai\\\/#listItem\",\"name\":\"Miltai ir milt\\u0173 mi\\u0161iniai\"}}]},{\"@type\":\"Organization\",\"@id\":\"https:\\\/\\\/kornita.lt\\\/en\\\/#organization\",\"name\":\"kornita\",\"url\":\"https:\\\/\\\/kornita.lt\\\/en\\\/\",\"telephone\":\"+37068581463\",\"logo\":{\"@type\":\"ImageObject\",\"url\":\"http:\\\/\\\/kornita.webfactory.lt\\\/wp-content\\\/uploads\\\/2023\\\/04\\\/korni-el-prekyba.png\",\"@id\":\"https:\\\/\\\/kornita.lt\\\/en\\\/shop\\\/miltai-miltu-misiniai\\\/coco-farm-skrudinti-neriebalinti-zemes-riesutu-miltai-energija-is-gamtos-250-g\\\/#organizationLogo\"},\"image\":{\"@id\":\"https:\\\/\\\/kornita.lt\\\/en\\\/shop\\\/miltai-miltu-misiniai\\\/coco-farm-skrudinti-neriebalinti-zemes-riesutu-miltai-energija-is-gamtos-250-g\\\/#organizationLogo\"},\"sameAs\":[\"https:\\\/\\\/www.facebook.com\\\/kornita.lt\"]},{\"@type\":\"Product\",\"@id\":\"https:\\\/\\\/kornita.lt\\\/en\\\/shop\\\/miltai-miltu-misiniai\\\/coco-farm-skrudinti-neriebalinti-zemes-riesutu-miltai-energija-is-gamtos-250-g\\\/#wooCommerceProduct\",\"name\":\"Skrudinti neriebalinti \\u017eem\\u0117s rie\\u0161ut\\u0173 miltai,  250 g.\",\"description\":\"Galiojimo laikas iki 2025-05-20\",\"url\":\"https:\\\/\\\/kornita.lt\\\/en\\\/shop\\\/miltai-miltu-misiniai\\\/coco-farm-skrudinti-neriebalinti-zemes-riesutu-miltai-energija-is-gamtos-250-g\\\/\",\"sku\":\"5904161870074\",\"image\":{\"@type\":\"ImageObject\",\"url\":\"https:\\\/\\\/kornita.lt\\\/wp-content\\\/uploads\\\/2024\\\/02\\\/Coco-Farm-skrudinti-neriebalinti-zemes-riesutu-miltai-energija-is-gamtos-250-g.jpg\",\"@id\":\"https:\\\/\\\/kornita.lt\\\/en\\\/shop\\\/miltai-miltu-misiniai\\\/coco-farm-skrudinti-neriebalinti-zemes-riesutu-miltai-energija-is-gamtos-250-g\\\/#productImage\",\"width\":1486,\"height\":1989},\"offers\":{\"@type\":\"Offer\",\"url\":\"https:\\\/\\\/kornita.lt\\\/en\\\/shop\\\/miltai-miltu-misiniai\\\/coco-farm-skrudinti-neriebalinti-zemes-riesutu-miltai-energija-is-gamtos-250-g\\\/#wooCommerceOffer\",\"price\":1.14,\"priceCurrency\":\"EUR\",\"category\":\"Miltai ir milt\\u0173 mi\\u0161iniai\",\"availability\":\"https:\\\/\\\/schema.org\\\/OutOfStock\",\"priceSpecification\":{\"@type\":\"PriceSpecification\",\"price\":1.14,\"priceCurrency\":\"EUR\",\"valueAddedTaxIncluded\":\"true\"},\"seller\":{\"@type\":\"Organization\",\"@id\":\"https:\\\/\\\/kornita.lt\\\/en\\\/#organization\"}}},{\"@type\":\"WebPage\",\"@id\":\"https:\\\/\\\/kornita.lt\\\/en\\\/shop\\\/miltai-miltu-misiniai\\\/coco-farm-skrudinti-neriebalinti-zemes-riesutu-miltai-energija-is-gamtos-250-g\\\/#webpage\",\"url\":\"https:\\\/\\\/kornita.lt\\\/en\\\/shop\\\/miltai-miltu-misiniai\\\/coco-farm-skrudinti-neriebalinti-zemes-riesutu-miltai-energija-is-gamtos-250-g\\\/\",\"name\":\"Skrudinti neriebalinti \\u017eem\\u0117s rie\\u0161ut\\u0173 miltai, 250 g. - kornita\",\"description\":\"Galiojimo laikas iki 2025-05-20\",\"inLanguage\":\"en-US\",\"isPartOf\":{\"@id\":\"https:\\\/\\\/kornita.lt\\\/en\\\/#website\"},\"breadcrumb\":{\"@id\":\"https:\\\/\\\/kornita.lt\\\/en\\\/shop\\\/miltai-miltu-misiniai\\\/coco-farm-skrudinti-neriebalinti-zemes-riesutu-miltai-energija-is-gamtos-250-g\\\/#breadcrumblist\"},\"image\":{\"@type\":\"ImageObject\",\"url\":\"https:\\\/\\\/kornita.lt\\\/wp-content\\\/uploads\\\/2024\\\/02\\\/Coco-Farm-skrudinti-neriebalinti-zemes-riesutu-miltai-energija-is-gamtos-250-g.jpg\",\"@id\":\"https:\\\/\\\/kornita.lt\\\/en\\\/shop\\\/miltai-miltu-misiniai\\\/coco-farm-skrudinti-neriebalinti-zemes-riesutu-miltai-energija-is-gamtos-250-g\\\/#mainImage\",\"width\":1486,\"height\":1989},\"primaryImageOfPage\":{\"@id\":\"https:\\\/\\\/kornita.lt\\\/en\\\/shop\\\/miltai-miltu-misiniai\\\/coco-farm-skrudinti-neriebalinti-zemes-riesutu-miltai-energija-is-gamtos-250-g\\\/#mainImage\"},\"datePublished\":\"2024-03-08T13:34:34+00:00\",\"dateModified\":\"2025-05-19T08:52:08+00:00\"},{\"@type\":\"WebSite\",\"@id\":\"https:\\\/\\\/kornita.lt\\\/en\\\/#website\",\"url\":\"https:\\\/\\\/kornita.lt\\\/en\\\/\",\"name\":\"kornita\",\"inLanguage\":\"en-US\",\"publisher\":{\"@id\":\"https:\\\/\\\/kornita.lt\\\/en\\\/#organization\"}}]}\n\t\t<\/script>\n\t\t<!-- All in One SEO Pro -->\r\n\t\t<title>Skrudinti neriebalinti \u017eem\u0117s rie\u0161ut\u0173 miltai, 250 g. - kornita<\/title>\n\n","aioseo_head_json":{"title":"Skrudinti neriebalinti \u017eem\u0117s rie\u0161ut\u0173 miltai, 250 g. - kornita","description":"Galiojimo laikas iki 2025-05-20","canonical_url":"https:\/\/kornita.lt\/en\/shop\/miltai-miltu-misiniai\/coco-farm-skrudinti-neriebalinti-zemes-riesutu-miltai-energija-is-gamtos-250-g\/","robots":"max-image-preview:large","keywords":"","webmasterTools":{"miscellaneous":""},"schema":{"@context":"https:\/\/schema.org","@graph":[{"@type":"BreadcrumbList","@id":"https:\/\/kornita.lt\/en\/shop\/miltai-miltu-misiniai\/coco-farm-skrudinti-neriebalinti-zemes-riesutu-miltai-energija-is-gamtos-250-g\/#breadcrumblist","itemListElement":[{"@type":"ListItem","@id":"https:\/\/kornita.lt\/en\/#listItem","position":1,"name":"Home","item":"https:\/\/kornita.lt\/en\/","nextItem":{"@type":"ListItem","@id":"https:\/\/kornita.lt\/en\/shop-2\/#listItem","name":"Shop"}},{"@type":"ListItem","@id":"https:\/\/kornita.lt\/en\/shop-2\/#listItem","position":2,"name":"Shop","item":"https:\/\/kornita.lt\/en\/shop-2\/","nextItem":{"@type":"ListItem","@id":"https:\/\/kornita.lt\/en\/product-category\/miltai-miltu-misiniai\/#listItem","name":"Miltai ir milt\u0173 mi\u0161iniai"},"previousItem":{"@type":"ListItem","@id":"https:\/\/kornita.lt\/en\/#listItem","name":"Home"}},{"@type":"ListItem","@id":"https:\/\/kornita.lt\/en\/product-category\/miltai-miltu-misiniai\/#listItem","position":3,"name":"Miltai ir milt\u0173 mi\u0161iniai","item":"https:\/\/kornita.lt\/en\/product-category\/miltai-miltu-misiniai\/","nextItem":{"@type":"ListItem","@id":"https:\/\/kornita.lt\/en\/shop\/miltai-miltu-misiniai\/coco-farm-skrudinti-neriebalinti-zemes-riesutu-miltai-energija-is-gamtos-250-g\/#listItem","name":"Skrudinti neriebalinti \u017eem\u0117s rie\u0161ut\u0173 miltai,  250 g."},"previousItem":{"@type":"ListItem","@id":"https:\/\/kornita.lt\/en\/shop-2\/#listItem","name":"Shop"}},{"@type":"ListItem","@id":"https:\/\/kornita.lt\/en\/shop\/miltai-miltu-misiniai\/coco-farm-skrudinti-neriebalinti-zemes-riesutu-miltai-energija-is-gamtos-250-g\/#listItem","position":4,"name":"Skrudinti neriebalinti \u017eem\u0117s rie\u0161ut\u0173 miltai,  250 g.","previousItem":{"@type":"ListItem","@id":"https:\/\/kornita.lt\/en\/product-category\/miltai-miltu-misiniai\/#listItem","name":"Miltai ir milt\u0173 mi\u0161iniai"}}]},{"@type":"Organization","@id":"https:\/\/kornita.lt\/en\/#organization","name":"kornita","url":"https:\/\/kornita.lt\/en\/","telephone":"+37068581463","logo":{"@type":"ImageObject","url":"http:\/\/kornita.webfactory.lt\/wp-content\/uploads\/2023\/04\/korni-el-prekyba.png","@id":"https:\/\/kornita.lt\/en\/shop\/miltai-miltu-misiniai\/coco-farm-skrudinti-neriebalinti-zemes-riesutu-miltai-energija-is-gamtos-250-g\/#organizationLogo"},"image":{"@id":"https:\/\/kornita.lt\/en\/shop\/miltai-miltu-misiniai\/coco-farm-skrudinti-neriebalinti-zemes-riesutu-miltai-energija-is-gamtos-250-g\/#organizationLogo"},"sameAs":["https:\/\/www.facebook.com\/kornita.lt"]},{"@type":"Product","@id":"https:\/\/kornita.lt\/en\/shop\/miltai-miltu-misiniai\/coco-farm-skrudinti-neriebalinti-zemes-riesutu-miltai-energija-is-gamtos-250-g\/#wooCommerceProduct","name":"Skrudinti neriebalinti \u017eem\u0117s rie\u0161ut\u0173 miltai,  250 g.","description":"Galiojimo laikas iki 2025-05-20","url":"https:\/\/kornita.lt\/en\/shop\/miltai-miltu-misiniai\/coco-farm-skrudinti-neriebalinti-zemes-riesutu-miltai-energija-is-gamtos-250-g\/","sku":"5904161870074","image":{"@type":"ImageObject","url":"https:\/\/kornita.lt\/wp-content\/uploads\/2024\/02\/Coco-Farm-skrudinti-neriebalinti-zemes-riesutu-miltai-energija-is-gamtos-250-g.jpg","@id":"https:\/\/kornita.lt\/en\/shop\/miltai-miltu-misiniai\/coco-farm-skrudinti-neriebalinti-zemes-riesutu-miltai-energija-is-gamtos-250-g\/#productImage","width":1486,"height":1989},"offers":{"@type":"Offer","url":"https:\/\/kornita.lt\/en\/shop\/miltai-miltu-misiniai\/coco-farm-skrudinti-neriebalinti-zemes-riesutu-miltai-energija-is-gamtos-250-g\/#wooCommerceOffer","price":1.14,"priceCurrency":"EUR","category":"Miltai ir milt\u0173 mi\u0161iniai","availability":"https:\/\/schema.org\/OutOfStock","priceSpecification":{"@type":"PriceSpecification","price":1.14,"priceCurrency":"EUR","valueAddedTaxIncluded":"true"},"seller":{"@type":"Organization","@id":"https:\/\/kornita.lt\/en\/#organization"}}},{"@type":"WebPage","@id":"https:\/\/kornita.lt\/en\/shop\/miltai-miltu-misiniai\/coco-farm-skrudinti-neriebalinti-zemes-riesutu-miltai-energija-is-gamtos-250-g\/#webpage","url":"https:\/\/kornita.lt\/en\/shop\/miltai-miltu-misiniai\/coco-farm-skrudinti-neriebalinti-zemes-riesutu-miltai-energija-is-gamtos-250-g\/","name":"Skrudinti neriebalinti \u017eem\u0117s rie\u0161ut\u0173 miltai, 250 g. - kornita","description":"Galiojimo laikas iki 2025-05-20","inLanguage":"en-US","isPartOf":{"@id":"https:\/\/kornita.lt\/en\/#website"},"breadcrumb":{"@id":"https:\/\/kornita.lt\/en\/shop\/miltai-miltu-misiniai\/coco-farm-skrudinti-neriebalinti-zemes-riesutu-miltai-energija-is-gamtos-250-g\/#breadcrumblist"},"image":{"@type":"ImageObject","url":"https:\/\/kornita.lt\/wp-content\/uploads\/2024\/02\/Coco-Farm-skrudinti-neriebalinti-zemes-riesutu-miltai-energija-is-gamtos-250-g.jpg","@id":"https:\/\/kornita.lt\/en\/shop\/miltai-miltu-misiniai\/coco-farm-skrudinti-neriebalinti-zemes-riesutu-miltai-energija-is-gamtos-250-g\/#mainImage","width":1486,"height":1989},"primaryImageOfPage":{"@id":"https:\/\/kornita.lt\/en\/shop\/miltai-miltu-misiniai\/coco-farm-skrudinti-neriebalinti-zemes-riesutu-miltai-energija-is-gamtos-250-g\/#mainImage"},"datePublished":"2024-03-08T13:34:34+00:00","dateModified":"2025-05-19T08:52:08+00:00"},{"@type":"WebSite","@id":"https:\/\/kornita.lt\/en\/#website","url":"https:\/\/kornita.lt\/en\/","name":"kornita","inLanguage":"en-US","publisher":{"@id":"https:\/\/kornita.lt\/en\/#organization"}}]},"og:locale":"en_US","og:site_name":"kornita -","og:type":"article","og:title":"Skrudinti neriebalinti \u017eem\u0117s rie\u0161ut\u0173 miltai, 250 g. - kornita","og:description":"Galiojimo laikas iki 2025-05-20","og:url":"https:\/\/kornita.lt\/en\/shop\/miltai-miltu-misiniai\/coco-farm-skrudinti-neriebalinti-zemes-riesutu-miltai-energija-is-gamtos-250-g\/","og:image":"https:\/\/kornita.webfactory.lt\/wp-content\/uploads\/2023\/04\/korni-el-prekyba.png","og:image:secure_url":"https:\/\/kornita.webfactory.lt\/wp-content\/uploads\/2023\/04\/korni-el-prekyba.png","article:published_time":"2024-03-08T13:34:34+00:00","article:modified_time":"2025-05-19T08:52:08+00:00","article:publisher":"https:\/\/www.facebook.com\/kornita.lt","twitter:card":"summary_large_image","twitter:title":"Skrudinti neriebalinti \u017eem\u0117s rie\u0161ut\u0173 miltai, 250 g. - kornita","twitter:description":"Galiojimo laikas iki 2025-05-20","twitter:image":"http:\/\/kornita.webfactory.lt\/wp-content\/uploads\/2023\/04\/korni-el-prekyba.png"},"aioseo_meta_data":{"post_id":"22923","title":null,"description":null,"keywords":null,"keyphrases":{"focus":{"keyphrase":"","score":0,"analysis":{"keyphraseInTitle":{"score":0,"maxScore":9,"error":1}}},"additional":[]},"primary_term":null,"canonical_url":null,"og_title":null,"og_description":null,"og_object_type":"default","og_image_type":"default","og_image_url":null,"og_image_width":null,"og_image_height":null,"og_image_custom_url":null,"og_image_custom_fields":null,"og_video":"","og_custom_url":null,"og_article_section":null,"og_article_tags":null,"twitter_use_og":false,"twitter_card":"default","twitter_image_type":"default","twitter_image_url":null,"twitter_image_custom_url":null,"twitter_image_custom_fields":null,"twitter_title":null,"twitter_description":null,"schema":{"blockGraphs":[],"customGraphs":[],"default":{"data":{"Article":[],"Course":[],"Dataset":[],"FAQPage":[],"Movie":[],"Person":[],"Product":[],"ProductReview":[],"Car":[],"Recipe":[],"Service":[],"SoftwareApplication":[],"WebPage":[]},"graphName":"ItemPage","isEnabled":true},"graphs":[]},"schema_type":"default","schema_type_options":null,"pillar_content":false,"robots_default":true,"robots_noindex":false,"robots_noarchive":false,"robots_nosnippet":false,"robots_nofollow":false,"robots_noimageindex":false,"robots_noodp":false,"robots_notranslate":false,"robots_max_snippet":"-1","robots_max_videopreview":"-1","robots_max_imagepreview":"large","priority":null,"frequency":"default","local_seo":null,"seo_analyzer_scan_date":"2025-10-08 23:55:58","breadcrumb_settings":null,"limit_modified_date":false,"open_ai":"{\"title\":{\"suggestions\":[],\"usage\":0},\"description\":{\"suggestions\":[],\"usage\":0}}","ai":null,"created":"2024-02-22 11:53:22","updated":"2025-11-26 23:36:06"},"aioseo_breadcrumb":"<div class=\"aioseo-breadcrumbs\"><span class=\"aioseo-breadcrumb\">\n\t<a href=\"https:\/\/kornita.lt\/en\/\" title=\"Home\">Home<\/a>\n<\/span><span class=\"aioseo-breadcrumb-separator\">&raquo;<\/span><span class=\"aioseo-breadcrumb\">\n\t<a href=\"https:\/\/kornita.lt\/en\/shop-2\/\" title=\"Shop\">Shop<\/a>\n<\/span><span class=\"aioseo-breadcrumb-separator\">&raquo;<\/span><span class=\"aioseo-breadcrumb\">\n\t<a href=\"https:\/\/kornita.lt\/en\/product-category\/miltai-miltu-misiniai\/\" title=\"Miltai ir milt\u0173 mi\u0161iniai\">Miltai ir milt\u0173 mi\u0161iniai<\/a>\n<\/span><span class=\"aioseo-breadcrumb-separator\">&raquo;<\/span><span class=\"aioseo-breadcrumb\">\n\tSkrudinti neriebalinti \u017eem\u0117s rie\u0161ut\u0173 miltai,  250 g.\n<\/span><\/div>","aioseo_breadcrumb_json":[{"label":"Home","link":"https:\/\/kornita.lt\/en\/"},{"label":"Shop","link":"https:\/\/kornita.lt\/en\/shop-2\/"},{"label":"Miltai ir milt\u0173 mi\u0161iniai","link":"https:\/\/kornita.lt\/en\/product-category\/miltai-miltu-misiniai\/"},{"label":"Skrudinti neriebalinti \u017eem\u0117s rie\u0161ut\u0173 miltai,  250 g.","link":"https:\/\/kornita.lt\/en\/shop\/miltai-miltu-misiniai\/coco-farm-skrudinti-neriebalinti-zemes-riesutu-miltai-energija-is-gamtos-250-g\/"}],"_links":{"self":[{"href":"https:\/\/kornita.lt\/en\/wp-json\/wp\/v2\/product\/22923","targetHints":{"allow":["GET"]}}],"collection":[{"href":"https:\/\/kornita.lt\/en\/wp-json\/wp\/v2\/product"}],"about":[{"href":"https:\/\/kornita.lt\/en\/wp-json\/wp\/v2\/types\/product"}],"replies":[{"embeddable":true,"href":"https:\/\/kornita.lt\/en\/wp-json\/wp\/v2\/comments?post=22923"}],"version-history":[{"count":2,"href":"https:\/\/kornita.lt\/en\/wp-json\/wp\/v2\/product\/22923\/revisions"}],"predecessor-version":[{"id":25006,"href":"https:\/\/kornita.lt\/en\/wp-json\/wp\/v2\/product\/22923\/revisions\/25006"}],"wp:featuredmedia":[{"embeddable":true,"href":"https:\/\/kornita.lt\/en\/wp-json\/wp\/v2\/media\/22928"}],"wp:attachment":[{"href":"https:\/\/kornita.lt\/en\/wp-json\/wp\/v2\/media?parent=22923"}],"wp:term":[{"taxonomy":"product_brand","embeddable":true,"href":"https:\/\/kornita.lt\/en\/wp-json\/wp\/v2\/product_brand?post=22923"},{"taxonomy":"product_cat","embeddable":true,"href":"https:\/\/kornita.lt\/en\/wp-json\/wp\/v2\/product_cat?post=22923"},{"taxonomy":"product_tag","embeddable":true,"href":"https:\/\/kornita.lt\/en\/wp-json\/wp\/v2\/product_tag?post=22923"}],"curies":[{"name":"wp","href":"https:\/\/api.w.org\/{rel}","templated":true}]}}