{"id":22915,"date":"2024-03-08T13:34:34","date_gmt":"2024-03-08T13:34:34","guid":{"rendered":"https:\/\/kornita.lt\/?post_type=product&#038;p=22915"},"modified":"2026-02-09T14:06:06","modified_gmt":"2026-02-09T14:06:06","slug":"coco-farm-be-glitimo-pilno-grudo-avizu-miltai-gausa-is-siaures-250g","status":"publish","type":"product","link":"https:\/\/kornita.lt\/en\/shop\/miltai-miltu-misiniai\/coco-farm-be-glitimo-pilno-grudo-avizu-miltai-gausa-is-siaures-250g\/","title":{"rendered":"Pilno gr\u016bdo avi\u017e\u0173 miltai be glitimo, 250g."},"content":{"rendered":"<h2>\u00a0Pilno gr\u016bdo avi\u017e\u0173 miltai be glitimo, 250 g.<\/h2>\n<p>Avi\u017e\u0173 miltai be glitimo priskiriami prie funkcini\u0173, t.y., svarbi\u0173 \u017emogaus sveikatai maisto produkt\u0173, kurie vis labiau populiar\u0117ja Lenkijoje, ta\u010diau jau \u0161imtme\u010dius \u017einomi ir vertinami \u0161iaur\u0117s Europoje, Skandinavijoje, Did\u017eiojoje Britanijoje. Avi\u017e\u0173 miltai gaminami sumalant nesmulkintus avi\u017e\u0173 gr\u016bdus kartu su gemalais ir s\u0117lenomis.Taip paruo\u0161tuose miltuose gausu maistini\u0173 vitamin\u0173 ir mineral\u0173.Avi\u017eose glitimo nat\u016braliai n\u0117ra, ta\u010diau da\u017enai juo u\u017eter\u0161iama kontaktuojant su kitu glitimu. laisvi gr\u016bdai.Ta\u010diau jei virtuv\u0117je naudojate tik miltus be glitimo, galite dr\u0105siai naudoti Coco Farm avi\u017e\u0173 miltus, kurie yra visi\u0161kai be glitimo.Viso gamybos proceso metu, pradedant nuo auginimo, n\u0117ra veikiami glitimo tar\u0161os. .<\/p>\n<p>Avi\u017eini\u0173 milt\u0173 naudojimas dietoje:<\/p>\n<p>Avi\u017e\u0173 miltai be glitimo d\u0117l savo maistin\u0117s vert\u0117s yra puikus baltym\u0173 \u0161altinis vegetar\u0173 ir vegan\u0173 mityboje, taip pat aktyviai sportuojantiems \u017emon\u0117ms. Jis taip pat gali b\u016bti naudojamas laikantis dietos be glitimo, ta\u010diau celiakija sergantys \u017emon\u0117s tur\u0117t\u0173 b\u016bti atsarg\u016bs su \u0161ios r\u016b\u0161ies miltais d\u0117l avenino kiekio. Avi\u017e\u0173 miltai be glitimo taip pat gali b\u016bti \u012ftraukti \u012f \u017emoni\u0173, kuriems reikia daug maisting\u0173 med\u017eiag\u0173, racion\u0105. Be to, avi\u017e\u0173 miltai ir pa\u010dios avi\u017eos gali b\u016bti \u012ftraukti \u012f l\u0117tin\u0117mis ligomis sergan\u010di\u0173 \u017emoni\u0173 racion\u0105, nes jie lengvai vir\u0161kinami. Su avi\u017einiais miltais galite paruo\u0161ti daug skani\u0173 ir sveik\u0173 patiekal\u0173 bei u\u017ekand\u017ei\u0173, pvz. avi\u017einiai sausainiai, blynai ar vafliai<\/p>\n","protected":false},"excerpt":{"rendered":"<p>\u00a0Pilno gr\u016bdo avi\u017e\u0173 miltai be glitimo, 250 g. Avi\u017e\u0173 miltai be glitimo priskiriami prie funkcini\u0173, t.y., svarbi\u0173 \u017emogaus sveikatai maisto<\/p>\n","protected":false},"featured_media":22920,"comment_status":"open","ping_status":"closed","template":"","meta":[],"product_brand":[],"product_cat":[215],"product_tag":[],"class_list":{"0":"post-22915","1":"product","2":"type-product","3":"status-publish","4":"has-post-thumbnail","6":"product_cat-miltai-miltu-misiniai","7":"product_shipping_class-pristatymas","9":"first","10":"outofstock","11":"taxable","12":"shipping-taxable","13":"purchasable","14":"product-type-simple"},"aioseo_notices":[],"aioseo_head":"\n\t\t<!-- All in One SEO Pro 4.9.5.2 - aioseo.com -->\n\t<meta name=\"description\" content=\"Pilno gr\u016bdo avi\u017e\u0173 miltai be glitimo, 250 g. Avi\u017e\u0173 miltai be glitimo priskiriami prie funkcini\u0173, t.y., svarbi\u0173 \u017emogaus sveikatai maisto produkt\u0173, kurie vis labiau populiar\u0117ja Lenkijoje, ta\u010diau jau \u0161imtme\u010dius \u017einomi ir vertinami \u0161iaur\u0117s Europoje, Skandinavijoje, Did\u017eiojoje Britanijoje. Avi\u017e\u0173 miltai gaminami sumalant nesmulkintus avi\u017e\u0173 gr\u016bdus kartu su gemalais ir s\u0117lenomis.Taip paruo\u0161tuose miltuose gausu maistini\u0173 vitamin\u0173 ir\" \/>\n\t<meta name=\"robots\" content=\"max-image-preview:large\" \/>\n\t<link rel=\"canonical\" href=\"https:\/\/kornita.lt\/en\/shop\/miltai-miltu-misiniai\/coco-farm-be-glitimo-pilno-grudo-avizu-miltai-gausa-is-siaures-250g\/\" \/>\n\t<meta name=\"generator\" content=\"All in One SEO Pro (AIOSEO) 4.9.5.2\" \/>\n\t\t<meta property=\"og:locale\" content=\"en_US\" \/>\n\t\t<meta property=\"og:site_name\" content=\"kornita -\" \/>\n\t\t<meta property=\"og:type\" content=\"article\" \/>\n\t\t<meta property=\"og:title\" content=\"Pilno gr\u016bdo avi\u017e\u0173 miltai be glitimo, 250g. - kornita\" \/>\n\t\t<meta property=\"og:description\" content=\"Pilno gr\u016bdo avi\u017e\u0173 miltai be glitimo, 250 g. Avi\u017e\u0173 miltai be glitimo priskiriami prie funkcini\u0173, t.y., svarbi\u0173 \u017emogaus sveikatai maisto produkt\u0173, kurie vis labiau populiar\u0117ja Lenkijoje, ta\u010diau jau \u0161imtme\u010dius \u017einomi ir vertinami \u0161iaur\u0117s Europoje, Skandinavijoje, Did\u017eiojoje Britanijoje. Avi\u017e\u0173 miltai gaminami sumalant nesmulkintus avi\u017e\u0173 gr\u016bdus kartu su gemalais ir s\u0117lenomis.Taip paruo\u0161tuose miltuose gausu maistini\u0173 vitamin\u0173 ir\" \/>\n\t\t<meta property=\"og:url\" content=\"https:\/\/kornita.lt\/en\/shop\/miltai-miltu-misiniai\/coco-farm-be-glitimo-pilno-grudo-avizu-miltai-gausa-is-siaures-250g\/\" \/>\n\t\t<meta property=\"og:image\" content=\"https:\/\/kornita.webfactory.lt\/wp-content\/uploads\/2023\/04\/korni-el-prekyba.png\" \/>\n\t\t<meta property=\"og:image:secure_url\" content=\"https:\/\/kornita.webfactory.lt\/wp-content\/uploads\/2023\/04\/korni-el-prekyba.png\" \/>\n\t\t<meta property=\"article:published_time\" content=\"2024-03-08T13:34:34+00:00\" \/>\n\t\t<meta property=\"article:modified_time\" content=\"2026-02-09T14:06:06+00:00\" \/>\n\t\t<meta property=\"article:publisher\" content=\"https:\/\/www.facebook.com\/kornita.lt\" \/>\n\t\t<meta name=\"twitter:card\" content=\"summary_large_image\" \/>\n\t\t<meta name=\"twitter:title\" content=\"Pilno gr\u016bdo avi\u017e\u0173 miltai be glitimo, 250g. - kornita\" \/>\n\t\t<meta name=\"twitter:description\" content=\"Pilno gr\u016bdo avi\u017e\u0173 miltai be glitimo, 250 g. Avi\u017e\u0173 miltai be glitimo priskiriami prie funkcini\u0173, t.y., svarbi\u0173 \u017emogaus sveikatai maisto produkt\u0173, kurie vis labiau populiar\u0117ja Lenkijoje, ta\u010diau jau \u0161imtme\u010dius \u017einomi ir vertinami \u0161iaur\u0117s Europoje, Skandinavijoje, Did\u017eiojoje Britanijoje. Avi\u017e\u0173 miltai gaminami sumalant nesmulkintus avi\u017e\u0173 gr\u016bdus kartu su gemalais ir s\u0117lenomis.Taip paruo\u0161tuose miltuose gausu maistini\u0173 vitamin\u0173 ir\" \/>\n\t\t<meta name=\"twitter:image\" content=\"http:\/\/kornita.webfactory.lt\/wp-content\/uploads\/2023\/04\/korni-el-prekyba.png\" \/>\n\t\t<script type=\"application\/ld+json\" class=\"aioseo-schema\">\n\t\t\t{\"@context\":\"https:\\\/\\\/schema.org\",\"@graph\":[{\"@type\":\"BreadcrumbList\",\"@id\":\"https:\\\/\\\/kornita.lt\\\/en\\\/shop\\\/miltai-miltu-misiniai\\\/coco-farm-be-glitimo-pilno-grudo-avizu-miltai-gausa-is-siaures-250g\\\/#breadcrumblist\",\"itemListElement\":[{\"@type\":\"ListItem\",\"@id\":\"https:\\\/\\\/kornita.lt\\\/en\\\/#listItem\",\"position\":1,\"name\":\"Home\",\"item\":\"https:\\\/\\\/kornita.lt\\\/en\\\/\",\"nextItem\":{\"@type\":\"ListItem\",\"@id\":\"https:\\\/\\\/kornita.lt\\\/en\\\/shop-2\\\/#listItem\",\"name\":\"Shop\"}},{\"@type\":\"ListItem\",\"@id\":\"https:\\\/\\\/kornita.lt\\\/en\\\/shop-2\\\/#listItem\",\"position\":2,\"name\":\"Shop\",\"item\":\"https:\\\/\\\/kornita.lt\\\/en\\\/shop-2\\\/\",\"nextItem\":{\"@type\":\"ListItem\",\"@id\":\"https:\\\/\\\/kornita.lt\\\/en\\\/product-category\\\/miltai-miltu-misiniai\\\/#listItem\",\"name\":\"Miltai ir milt\\u0173 mi\\u0161iniai\"},\"previousItem\":{\"@type\":\"ListItem\",\"@id\":\"https:\\\/\\\/kornita.lt\\\/en\\\/#listItem\",\"name\":\"Home\"}},{\"@type\":\"ListItem\",\"@id\":\"https:\\\/\\\/kornita.lt\\\/en\\\/product-category\\\/miltai-miltu-misiniai\\\/#listItem\",\"position\":3,\"name\":\"Miltai ir milt\\u0173 mi\\u0161iniai\",\"item\":\"https:\\\/\\\/kornita.lt\\\/en\\\/product-category\\\/miltai-miltu-misiniai\\\/\",\"nextItem\":{\"@type\":\"ListItem\",\"@id\":\"https:\\\/\\\/kornita.lt\\\/en\\\/shop\\\/miltai-miltu-misiniai\\\/coco-farm-be-glitimo-pilno-grudo-avizu-miltai-gausa-is-siaures-250g\\\/#listItem\",\"name\":\"Pilno gr\\u016bdo avi\\u017e\\u0173 miltai be glitimo, 250g.\"},\"previousItem\":{\"@type\":\"ListItem\",\"@id\":\"https:\\\/\\\/kornita.lt\\\/en\\\/shop-2\\\/#listItem\",\"name\":\"Shop\"}},{\"@type\":\"ListItem\",\"@id\":\"https:\\\/\\\/kornita.lt\\\/en\\\/shop\\\/miltai-miltu-misiniai\\\/coco-farm-be-glitimo-pilno-grudo-avizu-miltai-gausa-is-siaures-250g\\\/#listItem\",\"position\":4,\"name\":\"Pilno gr\\u016bdo avi\\u017e\\u0173 miltai be glitimo, 250g.\",\"previousItem\":{\"@type\":\"ListItem\",\"@id\":\"https:\\\/\\\/kornita.lt\\\/en\\\/product-category\\\/miltai-miltu-misiniai\\\/#listItem\",\"name\":\"Miltai ir milt\\u0173 mi\\u0161iniai\"}}]},{\"@type\":\"Organization\",\"@id\":\"https:\\\/\\\/kornita.lt\\\/en\\\/#organization\",\"name\":\"kornita\",\"url\":\"https:\\\/\\\/kornita.lt\\\/en\\\/\",\"telephone\":\"+37068581463\",\"logo\":{\"@type\":\"ImageObject\",\"url\":\"http:\\\/\\\/kornita.webfactory.lt\\\/wp-content\\\/uploads\\\/2023\\\/04\\\/korni-el-prekyba.png\",\"@id\":\"https:\\\/\\\/kornita.lt\\\/en\\\/shop\\\/miltai-miltu-misiniai\\\/coco-farm-be-glitimo-pilno-grudo-avizu-miltai-gausa-is-siaures-250g\\\/#organizationLogo\"},\"image\":{\"@id\":\"https:\\\/\\\/kornita.lt\\\/en\\\/shop\\\/miltai-miltu-misiniai\\\/coco-farm-be-glitimo-pilno-grudo-avizu-miltai-gausa-is-siaures-250g\\\/#organizationLogo\"},\"sameAs\":[\"https:\\\/\\\/www.facebook.com\\\/kornita.lt\"]},{\"@type\":\"Product\",\"@id\":\"https:\\\/\\\/kornita.lt\\\/en\\\/shop\\\/miltai-miltu-misiniai\\\/coco-farm-be-glitimo-pilno-grudo-avizu-miltai-gausa-is-siaures-250g\\\/#wooCommerceProduct\",\"name\":\"Pilno gr\\u016bdo avi\\u017e\\u0173 miltai be glitimo, 250g.\",\"url\":\"https:\\\/\\\/kornita.lt\\\/en\\\/shop\\\/miltai-miltu-misiniai\\\/coco-farm-be-glitimo-pilno-grudo-avizu-miltai-gausa-is-siaures-250g\\\/\",\"sku\":\"5904161870081\",\"image\":{\"@type\":\"ImageObject\",\"url\":\"https:\\\/\\\/kornita.lt\\\/wp-content\\\/uploads\\\/2024\\\/02\\\/Coco-Farm-be-glitimo-pilno-grudo-avizu-miltai-gausa-is-siaures-250g.jpg\",\"@id\":\"https:\\\/\\\/kornita.lt\\\/en\\\/shop\\\/miltai-miltu-misiniai\\\/coco-farm-be-glitimo-pilno-grudo-avizu-miltai-gausa-is-siaures-250g\\\/#productImage\",\"width\":1486,\"height\":1989},\"offers\":{\"@type\":\"Offer\",\"url\":\"https:\\\/\\\/kornita.lt\\\/en\\\/shop\\\/miltai-miltu-misiniai\\\/coco-farm-be-glitimo-pilno-grudo-avizu-miltai-gausa-is-siaures-250g\\\/#wooCommerceOffer\",\"price\":2.41,\"priceCurrency\":\"EUR\",\"category\":\"Miltai ir milt\\u0173 mi\\u0161iniai\",\"availability\":\"https:\\\/\\\/schema.org\\\/OutOfStock\",\"priceSpecification\":{\"@type\":\"PriceSpecification\",\"price\":2.41,\"priceCurrency\":\"EUR\",\"valueAddedTaxIncluded\":\"true\"},\"seller\":{\"@type\":\"Organization\",\"@id\":\"https:\\\/\\\/kornita.lt\\\/en\\\/#organization\"}}},{\"@type\":\"WebPage\",\"@id\":\"https:\\\/\\\/kornita.lt\\\/en\\\/shop\\\/miltai-miltu-misiniai\\\/coco-farm-be-glitimo-pilno-grudo-avizu-miltai-gausa-is-siaures-250g\\\/#webpage\",\"url\":\"https:\\\/\\\/kornita.lt\\\/en\\\/shop\\\/miltai-miltu-misiniai\\\/coco-farm-be-glitimo-pilno-grudo-avizu-miltai-gausa-is-siaures-250g\\\/\",\"name\":\"Pilno gr\\u016bdo avi\\u017e\\u0173 miltai be glitimo, 250g. - kornita\",\"description\":\"Pilno gr\\u016bdo avi\\u017e\\u0173 miltai be glitimo, 250 g. Avi\\u017e\\u0173 miltai be glitimo priskiriami prie funkcini\\u0173, t.y., svarbi\\u0173 \\u017emogaus sveikatai maisto produkt\\u0173, kurie vis labiau populiar\\u0117ja Lenkijoje, ta\\u010diau jau \\u0161imtme\\u010dius \\u017einomi ir vertinami \\u0161iaur\\u0117s Europoje, Skandinavijoje, Did\\u017eiojoje Britanijoje. Avi\\u017e\\u0173 miltai gaminami sumalant nesmulkintus avi\\u017e\\u0173 gr\\u016bdus kartu su gemalais ir s\\u0117lenomis.Taip paruo\\u0161tuose miltuose gausu maistini\\u0173 vitamin\\u0173 ir\",\"inLanguage\":\"en-US\",\"isPartOf\":{\"@id\":\"https:\\\/\\\/kornita.lt\\\/en\\\/#website\"},\"breadcrumb\":{\"@id\":\"https:\\\/\\\/kornita.lt\\\/en\\\/shop\\\/miltai-miltu-misiniai\\\/coco-farm-be-glitimo-pilno-grudo-avizu-miltai-gausa-is-siaures-250g\\\/#breadcrumblist\"},\"image\":{\"@type\":\"ImageObject\",\"url\":\"https:\\\/\\\/kornita.lt\\\/wp-content\\\/uploads\\\/2024\\\/02\\\/Coco-Farm-be-glitimo-pilno-grudo-avizu-miltai-gausa-is-siaures-250g.jpg\",\"@id\":\"https:\\\/\\\/kornita.lt\\\/en\\\/shop\\\/miltai-miltu-misiniai\\\/coco-farm-be-glitimo-pilno-grudo-avizu-miltai-gausa-is-siaures-250g\\\/#mainImage\",\"width\":1486,\"height\":1989},\"primaryImageOfPage\":{\"@id\":\"https:\\\/\\\/kornita.lt\\\/en\\\/shop\\\/miltai-miltu-misiniai\\\/coco-farm-be-glitimo-pilno-grudo-avizu-miltai-gausa-is-siaures-250g\\\/#mainImage\"},\"datePublished\":\"2024-03-08T13:34:34+00:00\",\"dateModified\":\"2026-02-09T14:06:06+00:00\"},{\"@type\":\"WebSite\",\"@id\":\"https:\\\/\\\/kornita.lt\\\/en\\\/#website\",\"url\":\"https:\\\/\\\/kornita.lt\\\/en\\\/\",\"name\":\"kornita\",\"inLanguage\":\"en-US\",\"publisher\":{\"@id\":\"https:\\\/\\\/kornita.lt\\\/en\\\/#organization\"}}]}\n\t\t<\/script>\n\t\t<!-- All in One SEO Pro -->\r\n\t\t<title>Pilno gr\u016bdo avi\u017e\u0173 miltai be glitimo, 250g. - kornita<\/title>\n\n","aioseo_head_json":{"title":"Pilno gr\u016bdo avi\u017e\u0173 miltai be glitimo, 250g. - kornita","description":"Pilno gr\u016bdo avi\u017e\u0173 miltai be glitimo, 250 g. Avi\u017e\u0173 miltai be glitimo priskiriami prie funkcini\u0173, t.y., svarbi\u0173 \u017emogaus sveikatai maisto produkt\u0173, kurie vis labiau populiar\u0117ja Lenkijoje, ta\u010diau jau \u0161imtme\u010dius \u017einomi ir vertinami \u0161iaur\u0117s Europoje, Skandinavijoje, Did\u017eiojoje Britanijoje. Avi\u017e\u0173 miltai gaminami sumalant nesmulkintus avi\u017e\u0173 gr\u016bdus kartu su gemalais ir s\u0117lenomis.Taip paruo\u0161tuose miltuose gausu maistini\u0173 vitamin\u0173 ir","canonical_url":"https:\/\/kornita.lt\/en\/shop\/miltai-miltu-misiniai\/coco-farm-be-glitimo-pilno-grudo-avizu-miltai-gausa-is-siaures-250g\/","robots":"max-image-preview:large","keywords":"","webmasterTools":{"miscellaneous":""},"schema":{"@context":"https:\/\/schema.org","@graph":[{"@type":"BreadcrumbList","@id":"https:\/\/kornita.lt\/en\/shop\/miltai-miltu-misiniai\/coco-farm-be-glitimo-pilno-grudo-avizu-miltai-gausa-is-siaures-250g\/#breadcrumblist","itemListElement":[{"@type":"ListItem","@id":"https:\/\/kornita.lt\/en\/#listItem","position":1,"name":"Home","item":"https:\/\/kornita.lt\/en\/","nextItem":{"@type":"ListItem","@id":"https:\/\/kornita.lt\/en\/shop-2\/#listItem","name":"Shop"}},{"@type":"ListItem","@id":"https:\/\/kornita.lt\/en\/shop-2\/#listItem","position":2,"name":"Shop","item":"https:\/\/kornita.lt\/en\/shop-2\/","nextItem":{"@type":"ListItem","@id":"https:\/\/kornita.lt\/en\/product-category\/miltai-miltu-misiniai\/#listItem","name":"Miltai ir milt\u0173 mi\u0161iniai"},"previousItem":{"@type":"ListItem","@id":"https:\/\/kornita.lt\/en\/#listItem","name":"Home"}},{"@type":"ListItem","@id":"https:\/\/kornita.lt\/en\/product-category\/miltai-miltu-misiniai\/#listItem","position":3,"name":"Miltai ir milt\u0173 mi\u0161iniai","item":"https:\/\/kornita.lt\/en\/product-category\/miltai-miltu-misiniai\/","nextItem":{"@type":"ListItem","@id":"https:\/\/kornita.lt\/en\/shop\/miltai-miltu-misiniai\/coco-farm-be-glitimo-pilno-grudo-avizu-miltai-gausa-is-siaures-250g\/#listItem","name":"Pilno gr\u016bdo avi\u017e\u0173 miltai be glitimo, 250g."},"previousItem":{"@type":"ListItem","@id":"https:\/\/kornita.lt\/en\/shop-2\/#listItem","name":"Shop"}},{"@type":"ListItem","@id":"https:\/\/kornita.lt\/en\/shop\/miltai-miltu-misiniai\/coco-farm-be-glitimo-pilno-grudo-avizu-miltai-gausa-is-siaures-250g\/#listItem","position":4,"name":"Pilno gr\u016bdo avi\u017e\u0173 miltai be glitimo, 250g.","previousItem":{"@type":"ListItem","@id":"https:\/\/kornita.lt\/en\/product-category\/miltai-miltu-misiniai\/#listItem","name":"Miltai ir milt\u0173 mi\u0161iniai"}}]},{"@type":"Organization","@id":"https:\/\/kornita.lt\/en\/#organization","name":"kornita","url":"https:\/\/kornita.lt\/en\/","telephone":"+37068581463","logo":{"@type":"ImageObject","url":"http:\/\/kornita.webfactory.lt\/wp-content\/uploads\/2023\/04\/korni-el-prekyba.png","@id":"https:\/\/kornita.lt\/en\/shop\/miltai-miltu-misiniai\/coco-farm-be-glitimo-pilno-grudo-avizu-miltai-gausa-is-siaures-250g\/#organizationLogo"},"image":{"@id":"https:\/\/kornita.lt\/en\/shop\/miltai-miltu-misiniai\/coco-farm-be-glitimo-pilno-grudo-avizu-miltai-gausa-is-siaures-250g\/#organizationLogo"},"sameAs":["https:\/\/www.facebook.com\/kornita.lt"]},{"@type":"Product","@id":"https:\/\/kornita.lt\/en\/shop\/miltai-miltu-misiniai\/coco-farm-be-glitimo-pilno-grudo-avizu-miltai-gausa-is-siaures-250g\/#wooCommerceProduct","name":"Pilno gr\u016bdo avi\u017e\u0173 miltai be glitimo, 250g.","url":"https:\/\/kornita.lt\/en\/shop\/miltai-miltu-misiniai\/coco-farm-be-glitimo-pilno-grudo-avizu-miltai-gausa-is-siaures-250g\/","sku":"5904161870081","image":{"@type":"ImageObject","url":"https:\/\/kornita.lt\/wp-content\/uploads\/2024\/02\/Coco-Farm-be-glitimo-pilno-grudo-avizu-miltai-gausa-is-siaures-250g.jpg","@id":"https:\/\/kornita.lt\/en\/shop\/miltai-miltu-misiniai\/coco-farm-be-glitimo-pilno-grudo-avizu-miltai-gausa-is-siaures-250g\/#productImage","width":1486,"height":1989},"offers":{"@type":"Offer","url":"https:\/\/kornita.lt\/en\/shop\/miltai-miltu-misiniai\/coco-farm-be-glitimo-pilno-grudo-avizu-miltai-gausa-is-siaures-250g\/#wooCommerceOffer","price":2.41,"priceCurrency":"EUR","category":"Miltai ir milt\u0173 mi\u0161iniai","availability":"https:\/\/schema.org\/OutOfStock","priceSpecification":{"@type":"PriceSpecification","price":2.41,"priceCurrency":"EUR","valueAddedTaxIncluded":"true"},"seller":{"@type":"Organization","@id":"https:\/\/kornita.lt\/en\/#organization"}}},{"@type":"WebPage","@id":"https:\/\/kornita.lt\/en\/shop\/miltai-miltu-misiniai\/coco-farm-be-glitimo-pilno-grudo-avizu-miltai-gausa-is-siaures-250g\/#webpage","url":"https:\/\/kornita.lt\/en\/shop\/miltai-miltu-misiniai\/coco-farm-be-glitimo-pilno-grudo-avizu-miltai-gausa-is-siaures-250g\/","name":"Pilno gr\u016bdo avi\u017e\u0173 miltai be glitimo, 250g. - kornita","description":"Pilno gr\u016bdo avi\u017e\u0173 miltai be glitimo, 250 g. Avi\u017e\u0173 miltai be glitimo priskiriami prie funkcini\u0173, t.y., svarbi\u0173 \u017emogaus sveikatai maisto produkt\u0173, kurie vis labiau populiar\u0117ja Lenkijoje, ta\u010diau jau \u0161imtme\u010dius \u017einomi ir vertinami \u0161iaur\u0117s Europoje, Skandinavijoje, Did\u017eiojoje Britanijoje. Avi\u017e\u0173 miltai gaminami sumalant nesmulkintus avi\u017e\u0173 gr\u016bdus kartu su gemalais ir s\u0117lenomis.Taip paruo\u0161tuose miltuose gausu maistini\u0173 vitamin\u0173 ir","inLanguage":"en-US","isPartOf":{"@id":"https:\/\/kornita.lt\/en\/#website"},"breadcrumb":{"@id":"https:\/\/kornita.lt\/en\/shop\/miltai-miltu-misiniai\/coco-farm-be-glitimo-pilno-grudo-avizu-miltai-gausa-is-siaures-250g\/#breadcrumblist"},"image":{"@type":"ImageObject","url":"https:\/\/kornita.lt\/wp-content\/uploads\/2024\/02\/Coco-Farm-be-glitimo-pilno-grudo-avizu-miltai-gausa-is-siaures-250g.jpg","@id":"https:\/\/kornita.lt\/en\/shop\/miltai-miltu-misiniai\/coco-farm-be-glitimo-pilno-grudo-avizu-miltai-gausa-is-siaures-250g\/#mainImage","width":1486,"height":1989},"primaryImageOfPage":{"@id":"https:\/\/kornita.lt\/en\/shop\/miltai-miltu-misiniai\/coco-farm-be-glitimo-pilno-grudo-avizu-miltai-gausa-is-siaures-250g\/#mainImage"},"datePublished":"2024-03-08T13:34:34+00:00","dateModified":"2026-02-09T14:06:06+00:00"},{"@type":"WebSite","@id":"https:\/\/kornita.lt\/en\/#website","url":"https:\/\/kornita.lt\/en\/","name":"kornita","inLanguage":"en-US","publisher":{"@id":"https:\/\/kornita.lt\/en\/#organization"}}]},"og:locale":"en_US","og:site_name":"kornita -","og:type":"article","og:title":"Pilno gr\u016bdo avi\u017e\u0173 miltai be glitimo, 250g. - kornita","og:description":"Pilno gr\u016bdo avi\u017e\u0173 miltai be glitimo, 250 g. Avi\u017e\u0173 miltai be glitimo priskiriami prie funkcini\u0173, t.y., svarbi\u0173 \u017emogaus sveikatai maisto produkt\u0173, kurie vis labiau populiar\u0117ja Lenkijoje, ta\u010diau jau \u0161imtme\u010dius \u017einomi ir vertinami \u0161iaur\u0117s Europoje, Skandinavijoje, Did\u017eiojoje Britanijoje. Avi\u017e\u0173 miltai gaminami sumalant nesmulkintus avi\u017e\u0173 gr\u016bdus kartu su gemalais ir s\u0117lenomis.Taip paruo\u0161tuose miltuose gausu maistini\u0173 vitamin\u0173 ir","og:url":"https:\/\/kornita.lt\/en\/shop\/miltai-miltu-misiniai\/coco-farm-be-glitimo-pilno-grudo-avizu-miltai-gausa-is-siaures-250g\/","og:image":"https:\/\/kornita.webfactory.lt\/wp-content\/uploads\/2023\/04\/korni-el-prekyba.png","og:image:secure_url":"https:\/\/kornita.webfactory.lt\/wp-content\/uploads\/2023\/04\/korni-el-prekyba.png","article:published_time":"2024-03-08T13:34:34+00:00","article:modified_time":"2026-02-09T14:06:06+00:00","article:publisher":"https:\/\/www.facebook.com\/kornita.lt","twitter:card":"summary_large_image","twitter:title":"Pilno gr\u016bdo avi\u017e\u0173 miltai be glitimo, 250g. - kornita","twitter:description":"Pilno gr\u016bdo avi\u017e\u0173 miltai be glitimo, 250 g. Avi\u017e\u0173 miltai be glitimo priskiriami prie funkcini\u0173, t.y., svarbi\u0173 \u017emogaus sveikatai maisto produkt\u0173, kurie vis labiau populiar\u0117ja Lenkijoje, ta\u010diau jau \u0161imtme\u010dius \u017einomi ir vertinami \u0161iaur\u0117s Europoje, Skandinavijoje, Did\u017eiojoje Britanijoje. Avi\u017e\u0173 miltai gaminami sumalant nesmulkintus avi\u017e\u0173 gr\u016bdus kartu su gemalais ir s\u0117lenomis.Taip paruo\u0161tuose miltuose gausu maistini\u0173 vitamin\u0173 ir","twitter:image":"http:\/\/kornita.webfactory.lt\/wp-content\/uploads\/2023\/04\/korni-el-prekyba.png"},"aioseo_meta_data":{"post_id":"22915","title":null,"description":null,"keywords":null,"keyphrases":{"focus":{"keyphrase":"","score":0,"analysis":{"keyphraseInTitle":{"score":0,"maxScore":9,"error":1}}},"additional":[]},"primary_term":null,"canonical_url":null,"og_title":null,"og_description":null,"og_object_type":"default","og_image_type":"default","og_image_url":null,"og_image_width":null,"og_image_height":null,"og_image_custom_url":null,"og_image_custom_fields":null,"og_video":"","og_custom_url":null,"og_article_section":null,"og_article_tags":null,"twitter_use_og":false,"twitter_card":"default","twitter_image_type":"default","twitter_image_url":null,"twitter_image_custom_url":null,"twitter_image_custom_fields":null,"twitter_title":null,"twitter_description":null,"schema":{"blockGraphs":[],"customGraphs":[],"default":{"data":{"Article":[],"Course":[],"Dataset":[],"FAQPage":[],"Movie":[],"Person":[],"Product":[],"ProductReview":[],"Car":[],"Recipe":[],"Service":[],"SoftwareApplication":[],"WebPage":[]},"graphName":"Product","isEnabled":true},"graphs":[]},"schema_type":"default","schema_type_options":null,"pillar_content":false,"robots_default":true,"robots_noindex":false,"robots_noarchive":false,"robots_nosnippet":false,"robots_nofollow":false,"robots_noimageindex":false,"robots_noodp":false,"robots_notranslate":false,"robots_max_snippet":"-1","robots_max_videopreview":"-1","robots_max_imagepreview":"large","priority":null,"frequency":"default","local_seo":null,"seo_analyzer_scan_date":"2025-11-18 13:00:54","breadcrumb_settings":null,"limit_modified_date":false,"open_ai":"{\"title\":{\"suggestions\":[],\"usage\":0},\"description\":{\"suggestions\":[],\"usage\":0}}","ai":{"faqs":[],"keyPoints":[],"titles":[],"descriptions":[],"socialPosts":{"email":[],"linkedin":[],"twitter":[],"facebook":[],"instagram":[]}},"created":"2024-02-22 11:38:20","updated":"2026-02-09 17:01:48"},"aioseo_breadcrumb":"<div class=\"aioseo-breadcrumbs\"><span class=\"aioseo-breadcrumb\">\n\t<a href=\"https:\/\/kornita.lt\/en\/\" title=\"Home\">Home<\/a>\n<\/span><span class=\"aioseo-breadcrumb-separator\">&raquo;<\/span><span class=\"aioseo-breadcrumb\">\n\t<a href=\"https:\/\/kornita.lt\/en\/shop-2\/\" title=\"Shop\">Shop<\/a>\n<\/span><span class=\"aioseo-breadcrumb-separator\">&raquo;<\/span><span class=\"aioseo-breadcrumb\">\n\t<a href=\"https:\/\/kornita.lt\/en\/product-category\/miltai-miltu-misiniai\/\" title=\"Miltai ir milt\u0173 mi\u0161iniai\">Miltai ir milt\u0173 mi\u0161iniai<\/a>\n<\/span><span class=\"aioseo-breadcrumb-separator\">&raquo;<\/span><span class=\"aioseo-breadcrumb\">\n\tPilno gr\u016bdo avi\u017e\u0173 miltai be glitimo, 250g.\n<\/span><\/div>","aioseo_breadcrumb_json":[{"label":"Home","link":"https:\/\/kornita.lt\/en\/"},{"label":"Shop","link":"https:\/\/kornita.lt\/en\/shop-2\/"},{"label":"Miltai ir milt\u0173 mi\u0161iniai","link":"https:\/\/kornita.lt\/en\/product-category\/miltai-miltu-misiniai\/"},{"label":"Pilno gr\u016bdo avi\u017e\u0173 miltai be glitimo, 250g.","link":"https:\/\/kornita.lt\/en\/shop\/miltai-miltu-misiniai\/coco-farm-be-glitimo-pilno-grudo-avizu-miltai-gausa-is-siaures-250g\/"}],"_links":{"self":[{"href":"https:\/\/kornita.lt\/en\/wp-json\/wp\/v2\/product\/22915","targetHints":{"allow":["GET"]}}],"collection":[{"href":"https:\/\/kornita.lt\/en\/wp-json\/wp\/v2\/product"}],"about":[{"href":"https:\/\/kornita.lt\/en\/wp-json\/wp\/v2\/types\/product"}],"replies":[{"embeddable":true,"href":"https:\/\/kornita.lt\/en\/wp-json\/wp\/v2\/comments?post=22915"}],"version-history":[{"count":2,"href":"https:\/\/kornita.lt\/en\/wp-json\/wp\/v2\/product\/22915\/revisions"}],"predecessor-version":[{"id":23854,"href":"https:\/\/kornita.lt\/en\/wp-json\/wp\/v2\/product\/22915\/revisions\/23854"}],"wp:featuredmedia":[{"embeddable":true,"href":"https:\/\/kornita.lt\/en\/wp-json\/wp\/v2\/media\/22920"}],"wp:attachment":[{"href":"https:\/\/kornita.lt\/en\/wp-json\/wp\/v2\/media?parent=22915"}],"wp:term":[{"taxonomy":"product_brand","embeddable":true,"href":"https:\/\/kornita.lt\/en\/wp-json\/wp\/v2\/product_brand?post=22915"},{"taxonomy":"product_cat","embeddable":true,"href":"https:\/\/kornita.lt\/en\/wp-json\/wp\/v2\/product_cat?post=22915"},{"taxonomy":"product_tag","embeddable":true,"href":"https:\/\/kornita.lt\/en\/wp-json\/wp\/v2\/product_tag?post=22915"}],"curies":[{"name":"wp","href":"https:\/\/api.w.org\/{rel}","templated":true}]}}