{"id":22913,"date":"2024-03-08T13:34:34","date_gmt":"2024-03-08T13:34:34","guid":{"rendered":"https:\/\/kornita.lt\/?post_type=product&#038;p=22913"},"modified":"2025-05-19T08:52:08","modified_gmt":"2025-05-19T08:52:08","slug":"coco-farm-sezamo-miltai-is-neskrudintu-seklu","status":"publish","type":"product","link":"https:\/\/kornita.lt\/en\/shop\/miltai-miltu-misiniai\/coco-farm-sezamo-miltai-is-neskrudintu-seklu\/","title":{"rendered":"Sezam\u0173 miltai i\u0161 neskrudint\u0173 s\u0117kl\u0173"},"content":{"rendered":"<h2>Sezam\u0173 miltai i\u0161 neskrudint\u0173 s\u0117kl\u0173<\/h2>\n<p>Galiojimas iki 2025-04-30<\/p>\n<p>Nuriebintos maltos sezamo s\u0117klos. Miltai i\u0161 \u017eali\u0173 balt\u0173j\u0173 sezam\u0173 s\u0117kl\u0173, keto dieta, daug baltym\u0173.<br \/>\n\u017dalios baltos sezamo s\u0117klos, nuriebalintos ir sumaltos \u012f miltus (sezamo miltus), yra idealus pasirinkimas \u017emon\u0117ms, kurie laikosi ma\u017eai angliavandeni\u0173, keto, \u017eemo glikemijos indekso diet\u0173 ir diet\u0173, ribojan\u010di\u0173 glitimo vartojim\u0105. Tai vienas i\u0161 geriausi\u0173 milt\u0173, pakei\u010dian\u010di\u0173 kvietinius miltus, nes padeda kepiniams padaryti lengvus ir purius.<\/p>\n<p>Sezamo milt\u0173 naudojimas dietoje:<br \/>\n\u0160ie sezamo miltai yra ma\u017eai angliavandeni\u0173 turintys miltai, kuriuose gausu baltym\u0173 (54 g) ir skaidul\u0173 (12 g). Sezamo s\u0117klos, likusios po \u0161alto sezamo aliejaus spaudimo, yra sumalamos, vadinasi, i\u0161 j\u0173 gauti miltai yra nuriebalinti &#8211; riebumas 17,6g 100g (pilno riebumo miltuose yra apie 60g 100g). Sezamo s\u0117kl\u0173 miltai d\u0117l lengvos konsistencijos ypa\u010d rekomenduojami kepiniams. Tai gali b\u016bti tiek sald\u017ei\u0173, tiek pikanti\u0161k\u0173 kepini\u0173 ingredientas. Da\u017eniausiai naudojamas duonos kepimui be kvietini\u0173 milt\u0173 ar keto suktinuk\u0173, tai puikus ingredientas ma\u017eai angliavandeni\u0173 turintiems pyragams ar namin\u0117ms sezamo s\u0117kloms.<\/p>\n","protected":false},"excerpt":{"rendered":"<p>Sezam\u0173 miltai i\u0161 neskrudint\u0173 s\u0117kl\u0173 Galiojimas iki 2025-04-30 Nuriebintos maltos sezamo s\u0117klos. Miltai i\u0161 \u017eali\u0173 balt\u0173j\u0173 sezam\u0173 s\u0117kl\u0173, keto dieta,<\/p>\n","protected":false},"featured_media":22916,"comment_status":"open","ping_status":"closed","template":"","meta":[],"product_brand":[],"product_cat":[215],"product_tag":[],"class_list":{"0":"post-22913","1":"product","2":"type-product","3":"status-publish","4":"has-post-thumbnail","6":"product_cat-miltai-miltu-misiniai","7":"product_shipping_class-pristatymas","9":"first","10":"outofstock","11":"sale","12":"taxable","13":"shipping-taxable","14":"purchasable","15":"product-type-simple"},"aioseo_notices":[],"aioseo_head":"\n\t\t<!-- All in One SEO Pro 4.9.5.2 - aioseo.com -->\n\t<meta name=\"description\" content=\"Sezam\u0173 miltai i\u0161 neskrudint\u0173 s\u0117kl\u0173 Galiojimas iki 2025-04-30 Nuriebintos maltos sezamo s\u0117klos. Miltai i\u0161 \u017eali\u0173 balt\u0173j\u0173 sezam\u0173 s\u0117kl\u0173, keto dieta, daug baltym\u0173. \u017dalios baltos sezamo s\u0117klos, nuriebalintos ir sumaltos \u012f miltus (sezamo miltus), yra idealus pasirinkimas \u017emon\u0117ms, kurie laikosi ma\u017eai angliavandeni\u0173, keto, \u017eemo glikemijos indekso diet\u0173 ir diet\u0173, ribojan\u010di\u0173 glitimo vartojim\u0105. Tai vienas i\u0161 geriausi\u0173\" \/>\n\t<meta name=\"robots\" content=\"max-image-preview:large\" \/>\n\t<link rel=\"canonical\" href=\"https:\/\/kornita.lt\/en\/shop\/miltai-miltu-misiniai\/coco-farm-sezamo-miltai-is-neskrudintu-seklu\/\" \/>\n\t<meta name=\"generator\" content=\"All in One SEO Pro (AIOSEO) 4.9.5.2\" \/>\n\t\t<meta property=\"og:locale\" content=\"en_US\" \/>\n\t\t<meta property=\"og:site_name\" content=\"kornita -\" \/>\n\t\t<meta property=\"og:type\" content=\"article\" \/>\n\t\t<meta property=\"og:title\" content=\"Sezam\u0173 miltai i\u0161 neskrudint\u0173 s\u0117kl\u0173 - kornita\" \/>\n\t\t<meta property=\"og:description\" content=\"Sezam\u0173 miltai i\u0161 neskrudint\u0173 s\u0117kl\u0173 Galiojimas iki 2025-04-30 Nuriebintos maltos sezamo s\u0117klos. Miltai i\u0161 \u017eali\u0173 balt\u0173j\u0173 sezam\u0173 s\u0117kl\u0173, keto dieta, daug baltym\u0173. \u017dalios baltos sezamo s\u0117klos, nuriebalintos ir sumaltos \u012f miltus (sezamo miltus), yra idealus pasirinkimas \u017emon\u0117ms, kurie laikosi ma\u017eai angliavandeni\u0173, keto, \u017eemo glikemijos indekso diet\u0173 ir diet\u0173, ribojan\u010di\u0173 glitimo vartojim\u0105. Tai vienas i\u0161 geriausi\u0173\" \/>\n\t\t<meta property=\"og:url\" content=\"https:\/\/kornita.lt\/en\/shop\/miltai-miltu-misiniai\/coco-farm-sezamo-miltai-is-neskrudintu-seklu\/\" \/>\n\t\t<meta property=\"og:image\" content=\"https:\/\/kornita.webfactory.lt\/wp-content\/uploads\/2023\/04\/korni-el-prekyba.png\" \/>\n\t\t<meta property=\"og:image:secure_url\" content=\"https:\/\/kornita.webfactory.lt\/wp-content\/uploads\/2023\/04\/korni-el-prekyba.png\" \/>\n\t\t<meta property=\"article:published_time\" content=\"2024-03-08T13:34:34+00:00\" \/>\n\t\t<meta property=\"article:modified_time\" content=\"2025-05-19T08:52:08+00:00\" \/>\n\t\t<meta property=\"article:publisher\" content=\"https:\/\/www.facebook.com\/kornita.lt\" \/>\n\t\t<meta name=\"twitter:card\" content=\"summary_large_image\" \/>\n\t\t<meta name=\"twitter:title\" content=\"Sezam\u0173 miltai i\u0161 neskrudint\u0173 s\u0117kl\u0173 - kornita\" \/>\n\t\t<meta name=\"twitter:description\" content=\"Sezam\u0173 miltai i\u0161 neskrudint\u0173 s\u0117kl\u0173 Galiojimas iki 2025-04-30 Nuriebintos maltos sezamo s\u0117klos. Miltai i\u0161 \u017eali\u0173 balt\u0173j\u0173 sezam\u0173 s\u0117kl\u0173, keto dieta, daug baltym\u0173. \u017dalios baltos sezamo s\u0117klos, nuriebalintos ir sumaltos \u012f miltus (sezamo miltus), yra idealus pasirinkimas \u017emon\u0117ms, kurie laikosi ma\u017eai angliavandeni\u0173, keto, \u017eemo glikemijos indekso diet\u0173 ir diet\u0173, ribojan\u010di\u0173 glitimo vartojim\u0105. Tai vienas i\u0161 geriausi\u0173\" \/>\n\t\t<meta name=\"twitter:image\" content=\"http:\/\/kornita.webfactory.lt\/wp-content\/uploads\/2023\/04\/korni-el-prekyba.png\" \/>\n\t\t<script type=\"application\/ld+json\" class=\"aioseo-schema\">\n\t\t\t{\"@context\":\"https:\\\/\\\/schema.org\",\"@graph\":[{\"@type\":\"BreadcrumbList\",\"@id\":\"https:\\\/\\\/kornita.lt\\\/en\\\/shop\\\/miltai-miltu-misiniai\\\/coco-farm-sezamo-miltai-is-neskrudintu-seklu\\\/#breadcrumblist\",\"itemListElement\":[{\"@type\":\"ListItem\",\"@id\":\"https:\\\/\\\/kornita.lt\\\/en\\\/#listItem\",\"position\":1,\"name\":\"Home\",\"item\":\"https:\\\/\\\/kornita.lt\\\/en\\\/\",\"nextItem\":{\"@type\":\"ListItem\",\"@id\":\"https:\\\/\\\/kornita.lt\\\/en\\\/shop-2\\\/#listItem\",\"name\":\"Shop\"}},{\"@type\":\"ListItem\",\"@id\":\"https:\\\/\\\/kornita.lt\\\/en\\\/shop-2\\\/#listItem\",\"position\":2,\"name\":\"Shop\",\"item\":\"https:\\\/\\\/kornita.lt\\\/en\\\/shop-2\\\/\",\"nextItem\":{\"@type\":\"ListItem\",\"@id\":\"https:\\\/\\\/kornita.lt\\\/en\\\/product-category\\\/miltai-miltu-misiniai\\\/#listItem\",\"name\":\"Miltai ir milt\\u0173 mi\\u0161iniai\"},\"previousItem\":{\"@type\":\"ListItem\",\"@id\":\"https:\\\/\\\/kornita.lt\\\/en\\\/#listItem\",\"name\":\"Home\"}},{\"@type\":\"ListItem\",\"@id\":\"https:\\\/\\\/kornita.lt\\\/en\\\/product-category\\\/miltai-miltu-misiniai\\\/#listItem\",\"position\":3,\"name\":\"Miltai ir milt\\u0173 mi\\u0161iniai\",\"item\":\"https:\\\/\\\/kornita.lt\\\/en\\\/product-category\\\/miltai-miltu-misiniai\\\/\",\"nextItem\":{\"@type\":\"ListItem\",\"@id\":\"https:\\\/\\\/kornita.lt\\\/en\\\/shop\\\/miltai-miltu-misiniai\\\/coco-farm-sezamo-miltai-is-neskrudintu-seklu\\\/#listItem\",\"name\":\"Sezam\\u0173 miltai i\\u0161 neskrudint\\u0173 s\\u0117kl\\u0173\"},\"previousItem\":{\"@type\":\"ListItem\",\"@id\":\"https:\\\/\\\/kornita.lt\\\/en\\\/shop-2\\\/#listItem\",\"name\":\"Shop\"}},{\"@type\":\"ListItem\",\"@id\":\"https:\\\/\\\/kornita.lt\\\/en\\\/shop\\\/miltai-miltu-misiniai\\\/coco-farm-sezamo-miltai-is-neskrudintu-seklu\\\/#listItem\",\"position\":4,\"name\":\"Sezam\\u0173 miltai i\\u0161 neskrudint\\u0173 s\\u0117kl\\u0173\",\"previousItem\":{\"@type\":\"ListItem\",\"@id\":\"https:\\\/\\\/kornita.lt\\\/en\\\/product-category\\\/miltai-miltu-misiniai\\\/#listItem\",\"name\":\"Miltai ir milt\\u0173 mi\\u0161iniai\"}}]},{\"@type\":\"Organization\",\"@id\":\"https:\\\/\\\/kornita.lt\\\/en\\\/#organization\",\"name\":\"kornita\",\"url\":\"https:\\\/\\\/kornita.lt\\\/en\\\/\",\"telephone\":\"+37068581463\",\"logo\":{\"@type\":\"ImageObject\",\"url\":\"http:\\\/\\\/kornita.webfactory.lt\\\/wp-content\\\/uploads\\\/2023\\\/04\\\/korni-el-prekyba.png\",\"@id\":\"https:\\\/\\\/kornita.lt\\\/en\\\/shop\\\/miltai-miltu-misiniai\\\/coco-farm-sezamo-miltai-is-neskrudintu-seklu\\\/#organizationLogo\"},\"image\":{\"@id\":\"https:\\\/\\\/kornita.lt\\\/en\\\/shop\\\/miltai-miltu-misiniai\\\/coco-farm-sezamo-miltai-is-neskrudintu-seklu\\\/#organizationLogo\"},\"sameAs\":[\"https:\\\/\\\/www.facebook.com\\\/kornita.lt\"]},{\"@type\":\"Product\",\"@id\":\"https:\\\/\\\/kornita.lt\\\/en\\\/shop\\\/miltai-miltu-misiniai\\\/coco-farm-sezamo-miltai-is-neskrudintu-seklu\\\/#wooCommerceProduct\",\"name\":\"Sezam\\u0173 miltai i\\u0161 neskrudint\\u0173 s\\u0117kl\\u0173\",\"url\":\"https:\\\/\\\/kornita.lt\\\/en\\\/shop\\\/miltai-miltu-misiniai\\\/coco-farm-sezamo-miltai-is-neskrudintu-seklu\\\/\",\"sku\":\"5904161870739\",\"image\":{\"@type\":\"ImageObject\",\"url\":\"https:\\\/\\\/kornita.lt\\\/wp-content\\\/uploads\\\/2024\\\/02\\\/Coco-Farm-sezamo-miltai-is-neskrudintu-seklu.jpg\",\"@id\":\"https:\\\/\\\/kornita.lt\\\/en\\\/shop\\\/miltai-miltu-misiniai\\\/coco-farm-sezamo-miltai-is-neskrudintu-seklu\\\/#productImage\",\"width\":1486,\"height\":1989},\"offers\":{\"@type\":\"Offer\",\"url\":\"https:\\\/\\\/kornita.lt\\\/en\\\/shop\\\/miltai-miltu-misiniai\\\/coco-farm-sezamo-miltai-is-neskrudintu-seklu\\\/#wooCommerceOffer\",\"price\":2.93,\"priceCurrency\":\"EUR\",\"category\":\"Miltai ir milt\\u0173 mi\\u0161iniai\",\"availability\":\"https:\\\/\\\/schema.org\\\/OutOfStock\",\"priceSpecification\":{\"@type\":\"PriceSpecification\",\"price\":2.93,\"priceCurrency\":\"EUR\",\"valueAddedTaxIncluded\":\"true\"},\"seller\":{\"@type\":\"Organization\",\"@id\":\"https:\\\/\\\/kornita.lt\\\/en\\\/#organization\"}}},{\"@type\":\"WebPage\",\"@id\":\"https:\\\/\\\/kornita.lt\\\/en\\\/shop\\\/miltai-miltu-misiniai\\\/coco-farm-sezamo-miltai-is-neskrudintu-seklu\\\/#webpage\",\"url\":\"https:\\\/\\\/kornita.lt\\\/en\\\/shop\\\/miltai-miltu-misiniai\\\/coco-farm-sezamo-miltai-is-neskrudintu-seklu\\\/\",\"name\":\"Sezam\\u0173 miltai i\\u0161 neskrudint\\u0173 s\\u0117kl\\u0173 - kornita\",\"description\":\"Sezam\\u0173 miltai i\\u0161 neskrudint\\u0173 s\\u0117kl\\u0173 Galiojimas iki 2025-04-30 Nuriebintos maltos sezamo s\\u0117klos. Miltai i\\u0161 \\u017eali\\u0173 balt\\u0173j\\u0173 sezam\\u0173 s\\u0117kl\\u0173, keto dieta, daug baltym\\u0173. \\u017dalios baltos sezamo s\\u0117klos, nuriebalintos ir sumaltos \\u012f miltus (sezamo miltus), yra idealus pasirinkimas \\u017emon\\u0117ms, kurie laikosi ma\\u017eai angliavandeni\\u0173, keto, \\u017eemo glikemijos indekso diet\\u0173 ir diet\\u0173, ribojan\\u010di\\u0173 glitimo vartojim\\u0105. Tai vienas i\\u0161 geriausi\\u0173\",\"inLanguage\":\"en-US\",\"isPartOf\":{\"@id\":\"https:\\\/\\\/kornita.lt\\\/en\\\/#website\"},\"breadcrumb\":{\"@id\":\"https:\\\/\\\/kornita.lt\\\/en\\\/shop\\\/miltai-miltu-misiniai\\\/coco-farm-sezamo-miltai-is-neskrudintu-seklu\\\/#breadcrumblist\"},\"image\":{\"@type\":\"ImageObject\",\"url\":\"https:\\\/\\\/kornita.lt\\\/wp-content\\\/uploads\\\/2024\\\/02\\\/Coco-Farm-sezamo-miltai-is-neskrudintu-seklu.jpg\",\"@id\":\"https:\\\/\\\/kornita.lt\\\/en\\\/shop\\\/miltai-miltu-misiniai\\\/coco-farm-sezamo-miltai-is-neskrudintu-seklu\\\/#mainImage\",\"width\":1486,\"height\":1989},\"primaryImageOfPage\":{\"@id\":\"https:\\\/\\\/kornita.lt\\\/en\\\/shop\\\/miltai-miltu-misiniai\\\/coco-farm-sezamo-miltai-is-neskrudintu-seklu\\\/#mainImage\"},\"datePublished\":\"2024-03-08T13:34:34+00:00\",\"dateModified\":\"2025-05-19T08:52:08+00:00\"},{\"@type\":\"WebSite\",\"@id\":\"https:\\\/\\\/kornita.lt\\\/en\\\/#website\",\"url\":\"https:\\\/\\\/kornita.lt\\\/en\\\/\",\"name\":\"kornita\",\"inLanguage\":\"en-US\",\"publisher\":{\"@id\":\"https:\\\/\\\/kornita.lt\\\/en\\\/#organization\"}}]}\n\t\t<\/script>\n\t\t<!-- All in One SEO Pro -->\r\n\t\t<title>Sezam\u0173 miltai i\u0161 neskrudint\u0173 s\u0117kl\u0173 - kornita<\/title>\n\n","aioseo_head_json":{"title":"Sezam\u0173 miltai i\u0161 neskrudint\u0173 s\u0117kl\u0173 - kornita","description":"Sezam\u0173 miltai i\u0161 neskrudint\u0173 s\u0117kl\u0173 Galiojimas iki 2025-04-30 Nuriebintos maltos sezamo s\u0117klos. Miltai i\u0161 \u017eali\u0173 balt\u0173j\u0173 sezam\u0173 s\u0117kl\u0173, keto dieta, daug baltym\u0173. \u017dalios baltos sezamo s\u0117klos, nuriebalintos ir sumaltos \u012f miltus (sezamo miltus), yra idealus pasirinkimas \u017emon\u0117ms, kurie laikosi ma\u017eai angliavandeni\u0173, keto, \u017eemo glikemijos indekso diet\u0173 ir diet\u0173, ribojan\u010di\u0173 glitimo vartojim\u0105. Tai vienas i\u0161 geriausi\u0173","canonical_url":"https:\/\/kornita.lt\/en\/shop\/miltai-miltu-misiniai\/coco-farm-sezamo-miltai-is-neskrudintu-seklu\/","robots":"max-image-preview:large","keywords":"","webmasterTools":{"miscellaneous":""},"schema":{"@context":"https:\/\/schema.org","@graph":[{"@type":"BreadcrumbList","@id":"https:\/\/kornita.lt\/en\/shop\/miltai-miltu-misiniai\/coco-farm-sezamo-miltai-is-neskrudintu-seklu\/#breadcrumblist","itemListElement":[{"@type":"ListItem","@id":"https:\/\/kornita.lt\/en\/#listItem","position":1,"name":"Home","item":"https:\/\/kornita.lt\/en\/","nextItem":{"@type":"ListItem","@id":"https:\/\/kornita.lt\/en\/shop-2\/#listItem","name":"Shop"}},{"@type":"ListItem","@id":"https:\/\/kornita.lt\/en\/shop-2\/#listItem","position":2,"name":"Shop","item":"https:\/\/kornita.lt\/en\/shop-2\/","nextItem":{"@type":"ListItem","@id":"https:\/\/kornita.lt\/en\/product-category\/miltai-miltu-misiniai\/#listItem","name":"Miltai ir milt\u0173 mi\u0161iniai"},"previousItem":{"@type":"ListItem","@id":"https:\/\/kornita.lt\/en\/#listItem","name":"Home"}},{"@type":"ListItem","@id":"https:\/\/kornita.lt\/en\/product-category\/miltai-miltu-misiniai\/#listItem","position":3,"name":"Miltai ir milt\u0173 mi\u0161iniai","item":"https:\/\/kornita.lt\/en\/product-category\/miltai-miltu-misiniai\/","nextItem":{"@type":"ListItem","@id":"https:\/\/kornita.lt\/en\/shop\/miltai-miltu-misiniai\/coco-farm-sezamo-miltai-is-neskrudintu-seklu\/#listItem","name":"Sezam\u0173 miltai i\u0161 neskrudint\u0173 s\u0117kl\u0173"},"previousItem":{"@type":"ListItem","@id":"https:\/\/kornita.lt\/en\/shop-2\/#listItem","name":"Shop"}},{"@type":"ListItem","@id":"https:\/\/kornita.lt\/en\/shop\/miltai-miltu-misiniai\/coco-farm-sezamo-miltai-is-neskrudintu-seklu\/#listItem","position":4,"name":"Sezam\u0173 miltai i\u0161 neskrudint\u0173 s\u0117kl\u0173","previousItem":{"@type":"ListItem","@id":"https:\/\/kornita.lt\/en\/product-category\/miltai-miltu-misiniai\/#listItem","name":"Miltai ir milt\u0173 mi\u0161iniai"}}]},{"@type":"Organization","@id":"https:\/\/kornita.lt\/en\/#organization","name":"kornita","url":"https:\/\/kornita.lt\/en\/","telephone":"+37068581463","logo":{"@type":"ImageObject","url":"http:\/\/kornita.webfactory.lt\/wp-content\/uploads\/2023\/04\/korni-el-prekyba.png","@id":"https:\/\/kornita.lt\/en\/shop\/miltai-miltu-misiniai\/coco-farm-sezamo-miltai-is-neskrudintu-seklu\/#organizationLogo"},"image":{"@id":"https:\/\/kornita.lt\/en\/shop\/miltai-miltu-misiniai\/coco-farm-sezamo-miltai-is-neskrudintu-seklu\/#organizationLogo"},"sameAs":["https:\/\/www.facebook.com\/kornita.lt"]},{"@type":"Product","@id":"https:\/\/kornita.lt\/en\/shop\/miltai-miltu-misiniai\/coco-farm-sezamo-miltai-is-neskrudintu-seklu\/#wooCommerceProduct","name":"Sezam\u0173 miltai i\u0161 neskrudint\u0173 s\u0117kl\u0173","url":"https:\/\/kornita.lt\/en\/shop\/miltai-miltu-misiniai\/coco-farm-sezamo-miltai-is-neskrudintu-seklu\/","sku":"5904161870739","image":{"@type":"ImageObject","url":"https:\/\/kornita.lt\/wp-content\/uploads\/2024\/02\/Coco-Farm-sezamo-miltai-is-neskrudintu-seklu.jpg","@id":"https:\/\/kornita.lt\/en\/shop\/miltai-miltu-misiniai\/coco-farm-sezamo-miltai-is-neskrudintu-seklu\/#productImage","width":1486,"height":1989},"offers":{"@type":"Offer","url":"https:\/\/kornita.lt\/en\/shop\/miltai-miltu-misiniai\/coco-farm-sezamo-miltai-is-neskrudintu-seklu\/#wooCommerceOffer","price":2.93,"priceCurrency":"EUR","category":"Miltai ir milt\u0173 mi\u0161iniai","availability":"https:\/\/schema.org\/OutOfStock","priceSpecification":{"@type":"PriceSpecification","price":2.93,"priceCurrency":"EUR","valueAddedTaxIncluded":"true"},"seller":{"@type":"Organization","@id":"https:\/\/kornita.lt\/en\/#organization"}}},{"@type":"WebPage","@id":"https:\/\/kornita.lt\/en\/shop\/miltai-miltu-misiniai\/coco-farm-sezamo-miltai-is-neskrudintu-seklu\/#webpage","url":"https:\/\/kornita.lt\/en\/shop\/miltai-miltu-misiniai\/coco-farm-sezamo-miltai-is-neskrudintu-seklu\/","name":"Sezam\u0173 miltai i\u0161 neskrudint\u0173 s\u0117kl\u0173 - kornita","description":"Sezam\u0173 miltai i\u0161 neskrudint\u0173 s\u0117kl\u0173 Galiojimas iki 2025-04-30 Nuriebintos maltos sezamo s\u0117klos. Miltai i\u0161 \u017eali\u0173 balt\u0173j\u0173 sezam\u0173 s\u0117kl\u0173, keto dieta, daug baltym\u0173. \u017dalios baltos sezamo s\u0117klos, nuriebalintos ir sumaltos \u012f miltus (sezamo miltus), yra idealus pasirinkimas \u017emon\u0117ms, kurie laikosi ma\u017eai angliavandeni\u0173, keto, \u017eemo glikemijos indekso diet\u0173 ir diet\u0173, ribojan\u010di\u0173 glitimo vartojim\u0105. Tai vienas i\u0161 geriausi\u0173","inLanguage":"en-US","isPartOf":{"@id":"https:\/\/kornita.lt\/en\/#website"},"breadcrumb":{"@id":"https:\/\/kornita.lt\/en\/shop\/miltai-miltu-misiniai\/coco-farm-sezamo-miltai-is-neskrudintu-seklu\/#breadcrumblist"},"image":{"@type":"ImageObject","url":"https:\/\/kornita.lt\/wp-content\/uploads\/2024\/02\/Coco-Farm-sezamo-miltai-is-neskrudintu-seklu.jpg","@id":"https:\/\/kornita.lt\/en\/shop\/miltai-miltu-misiniai\/coco-farm-sezamo-miltai-is-neskrudintu-seklu\/#mainImage","width":1486,"height":1989},"primaryImageOfPage":{"@id":"https:\/\/kornita.lt\/en\/shop\/miltai-miltu-misiniai\/coco-farm-sezamo-miltai-is-neskrudintu-seklu\/#mainImage"},"datePublished":"2024-03-08T13:34:34+00:00","dateModified":"2025-05-19T08:52:08+00:00"},{"@type":"WebSite","@id":"https:\/\/kornita.lt\/en\/#website","url":"https:\/\/kornita.lt\/en\/","name":"kornita","inLanguage":"en-US","publisher":{"@id":"https:\/\/kornita.lt\/en\/#organization"}}]},"og:locale":"en_US","og:site_name":"kornita -","og:type":"article","og:title":"Sezam\u0173 miltai i\u0161 neskrudint\u0173 s\u0117kl\u0173 - kornita","og:description":"Sezam\u0173 miltai i\u0161 neskrudint\u0173 s\u0117kl\u0173 Galiojimas iki 2025-04-30 Nuriebintos maltos sezamo s\u0117klos. Miltai i\u0161 \u017eali\u0173 balt\u0173j\u0173 sezam\u0173 s\u0117kl\u0173, keto dieta, daug baltym\u0173. \u017dalios baltos sezamo s\u0117klos, nuriebalintos ir sumaltos \u012f miltus (sezamo miltus), yra idealus pasirinkimas \u017emon\u0117ms, kurie laikosi ma\u017eai angliavandeni\u0173, keto, \u017eemo glikemijos indekso diet\u0173 ir diet\u0173, ribojan\u010di\u0173 glitimo vartojim\u0105. Tai vienas i\u0161 geriausi\u0173","og:url":"https:\/\/kornita.lt\/en\/shop\/miltai-miltu-misiniai\/coco-farm-sezamo-miltai-is-neskrudintu-seklu\/","og:image":"https:\/\/kornita.webfactory.lt\/wp-content\/uploads\/2023\/04\/korni-el-prekyba.png","og:image:secure_url":"https:\/\/kornita.webfactory.lt\/wp-content\/uploads\/2023\/04\/korni-el-prekyba.png","article:published_time":"2024-03-08T13:34:34+00:00","article:modified_time":"2025-05-19T08:52:08+00:00","article:publisher":"https:\/\/www.facebook.com\/kornita.lt","twitter:card":"summary_large_image","twitter:title":"Sezam\u0173 miltai i\u0161 neskrudint\u0173 s\u0117kl\u0173 - kornita","twitter:description":"Sezam\u0173 miltai i\u0161 neskrudint\u0173 s\u0117kl\u0173 Galiojimas iki 2025-04-30 Nuriebintos maltos sezamo s\u0117klos. Miltai i\u0161 \u017eali\u0173 balt\u0173j\u0173 sezam\u0173 s\u0117kl\u0173, keto dieta, daug baltym\u0173. \u017dalios baltos sezamo s\u0117klos, nuriebalintos ir sumaltos \u012f miltus (sezamo miltus), yra idealus pasirinkimas \u017emon\u0117ms, kurie laikosi ma\u017eai angliavandeni\u0173, keto, \u017eemo glikemijos indekso diet\u0173 ir diet\u0173, ribojan\u010di\u0173 glitimo vartojim\u0105. Tai vienas i\u0161 geriausi\u0173","twitter:image":"http:\/\/kornita.webfactory.lt\/wp-content\/uploads\/2023\/04\/korni-el-prekyba.png"},"aioseo_meta_data":{"post_id":"22913","title":null,"description":null,"keywords":null,"keyphrases":{"focus":{"keyphrase":"","score":0,"analysis":{"keyphraseInTitle":{"score":0,"maxScore":9,"error":1}}},"additional":[]},"primary_term":null,"canonical_url":null,"og_title":null,"og_description":null,"og_object_type":"default","og_image_type":"default","og_image_url":null,"og_image_width":null,"og_image_height":null,"og_image_custom_url":null,"og_image_custom_fields":null,"og_video":"","og_custom_url":null,"og_article_section":null,"og_article_tags":null,"twitter_use_og":false,"twitter_card":"default","twitter_image_type":"default","twitter_image_url":null,"twitter_image_custom_url":null,"twitter_image_custom_fields":null,"twitter_title":null,"twitter_description":null,"schema":{"blockGraphs":[],"customGraphs":[],"default":{"data":{"Article":[],"Course":[],"Dataset":[],"FAQPage":[],"Movie":[],"Person":[],"Product":[],"ProductReview":[],"Car":[],"Recipe":[],"Service":[],"SoftwareApplication":[],"WebPage":[]},"graphName":"ItemPage","isEnabled":true},"graphs":[]},"schema_type":"default","schema_type_options":null,"pillar_content":false,"robots_default":true,"robots_noindex":false,"robots_noarchive":false,"robots_nosnippet":false,"robots_nofollow":false,"robots_noimageindex":false,"robots_noodp":false,"robots_notranslate":false,"robots_max_snippet":"-1","robots_max_videopreview":"-1","robots_max_imagepreview":"large","priority":null,"frequency":"default","local_seo":null,"seo_analyzer_scan_date":"2025-10-08 23:54:40","breadcrumb_settings":null,"limit_modified_date":false,"open_ai":"{\"title\":{\"suggestions\":[],\"usage\":0},\"description\":{\"suggestions\":[],\"usage\":0}}","ai":null,"created":"2024-02-22 11:33:19","updated":"2025-11-26 23:36:06"},"aioseo_breadcrumb":"<div class=\"aioseo-breadcrumbs\"><span class=\"aioseo-breadcrumb\">\n\t<a href=\"https:\/\/kornita.lt\/en\/\" title=\"Home\">Home<\/a>\n<\/span><span class=\"aioseo-breadcrumb-separator\">&raquo;<\/span><span class=\"aioseo-breadcrumb\">\n\t<a href=\"https:\/\/kornita.lt\/en\/shop-2\/\" title=\"Shop\">Shop<\/a>\n<\/span><span class=\"aioseo-breadcrumb-separator\">&raquo;<\/span><span class=\"aioseo-breadcrumb\">\n\t<a href=\"https:\/\/kornita.lt\/en\/product-category\/miltai-miltu-misiniai\/\" title=\"Miltai ir milt\u0173 mi\u0161iniai\">Miltai ir milt\u0173 mi\u0161iniai<\/a>\n<\/span><span class=\"aioseo-breadcrumb-separator\">&raquo;<\/span><span class=\"aioseo-breadcrumb\">\n\tSezam\u0173 miltai i\u0161 neskrudint\u0173 s\u0117kl\u0173\n<\/span><\/div>","aioseo_breadcrumb_json":[{"label":"Home","link":"https:\/\/kornita.lt\/en\/"},{"label":"Shop","link":"https:\/\/kornita.lt\/en\/shop-2\/"},{"label":"Miltai ir milt\u0173 mi\u0161iniai","link":"https:\/\/kornita.lt\/en\/product-category\/miltai-miltu-misiniai\/"},{"label":"Sezam\u0173 miltai i\u0161 neskrudint\u0173 s\u0117kl\u0173","link":"https:\/\/kornita.lt\/en\/shop\/miltai-miltu-misiniai\/coco-farm-sezamo-miltai-is-neskrudintu-seklu\/"}],"_links":{"self":[{"href":"https:\/\/kornita.lt\/en\/wp-json\/wp\/v2\/product\/22913","targetHints":{"allow":["GET"]}}],"collection":[{"href":"https:\/\/kornita.lt\/en\/wp-json\/wp\/v2\/product"}],"about":[{"href":"https:\/\/kornita.lt\/en\/wp-json\/wp\/v2\/types\/product"}],"replies":[{"embeddable":true,"href":"https:\/\/kornita.lt\/en\/wp-json\/wp\/v2\/comments?post=22913"}],"version-history":[{"count":2,"href":"https:\/\/kornita.lt\/en\/wp-json\/wp\/v2\/product\/22913\/revisions"}],"predecessor-version":[{"id":24764,"href":"https:\/\/kornita.lt\/en\/wp-json\/wp\/v2\/product\/22913\/revisions\/24764"}],"wp:featuredmedia":[{"embeddable":true,"href":"https:\/\/kornita.lt\/en\/wp-json\/wp\/v2\/media\/22916"}],"wp:attachment":[{"href":"https:\/\/kornita.lt\/en\/wp-json\/wp\/v2\/media?parent=22913"}],"wp:term":[{"taxonomy":"product_brand","embeddable":true,"href":"https:\/\/kornita.lt\/en\/wp-json\/wp\/v2\/product_brand?post=22913"},{"taxonomy":"product_cat","embeddable":true,"href":"https:\/\/kornita.lt\/en\/wp-json\/wp\/v2\/product_cat?post=22913"},{"taxonomy":"product_tag","embeddable":true,"href":"https:\/\/kornita.lt\/en\/wp-json\/wp\/v2\/product_tag?post=22913"}],"curies":[{"name":"wp","href":"https:\/\/api.w.org\/{rel}","templated":true}]}}