{"id":22901,"date":"2024-03-08T13:34:33","date_gmt":"2024-03-08T13:34:33","guid":{"rendered":"https:\/\/kornita.lt\/?post_type=product&#038;p=22901"},"modified":"2025-06-08T06:14:25","modified_gmt":"2025-06-08T06:14:25","slug":"coco-farm-kanapiu-miltai-nuriebalinti-is-neskrudintu-seklu-250g","status":"publish","type":"product","link":"https:\/\/kornita.lt\/en\/shop\/miltai-miltu-misiniai\/coco-farm-kanapiu-miltai-nuriebalinti-is-neskrudintu-seklu-250g\/","title":{"rendered":"Coco Farm kanapi\u0173 miltai, nuriebalinti, i\u0161 neskrudint\u0173 s\u0117kl\u0173 250g"},"content":{"rendered":"<h2>Coco Farm kanapi\u0173 miltai, nuriebalinti, i\u0161 neskrudint\u0173 s\u0117kl\u0173 250g<\/h2>\n<p>Coco Farm kanapi\u0173 miltai gaminami i\u0161 \u017eali\u0173 s\u0117kl\u0173, likusi\u0173 po pirmojo kanapi\u0173 aliejaus spaudimo. \u017dalios s\u0117klos nuriebalinamos, o v\u0117liau sumalamos, kad i\u0161likt\u0173 kuo daugiau vertingos maistin\u0117s vert\u0117s ir mineral\u0173. Nat\u016bralu, kad kanapi\u0173 s\u0117kl\u0173 miltuose glitimo n\u0117ra. Vertinamos pirmiausia d\u0117l gausaus baltym\u0173 ir skaidul\u0173. Kas tur\u0117t\u0173 \u012ftraukti kanapi\u0173 miltus \u012f savo racion\u0105? Kam naudoti kanapi\u0173 s\u0117kl\u0173 miltus?<\/p>\n<p>Kam naudoti kanapi\u0173 miltus<br \/>\nKanapi\u0173 miltai yra \u0161iek tiek rie\u0161ut\u0173 skonio ir tamsiai \u017ealios spalvos. Jis naudojamas kulinarijoje daugiausia d\u0117l savo didel\u0117s maistin\u0117s vert\u0117s. Ta\u010diau jei atid\u017eiau pa\u017evelgtume \u012f j\u0173 savybes, kanapi\u0173 miltus reik\u0117t\u0173 derinti su kit\u0173 r\u016b\u0161i\u0173 miltais, kad gautume patenkinam\u0105 konsistencij\u0105. Sumaltos ir nuriebintos kanapi\u0173 s\u0117klos yra gana sunkios, o kadangi jose n\u0117ra glitimo, kepiniai su jomis nei\u0161kyla taip, kaip su tradiciniais kvietiniais miltais. Ta\u010diau i\u0161 kanapi\u0173 s\u0117kl\u0173 milt\u0173 galite paruo\u0161ti vertingos namin\u0117s duonos, pavyzd\u017eiui, kanapi\u0173 duonos ar bandeli\u0173. Be to, kanapi\u0173 miltai gali b\u016bti naudojami kaip blyn\u0173, blyn\u0173 ir vafli\u0173 sudedamoji dalis. Jei norite praturtinti savo valg\u012f baltymais ar skaidulomis, tiesiog \u012f kokteil\u012f, glotnut\u012f ar salotas \u012fpilkite arbatin\u012f \u0161auk\u0161tel\u012f ar du. Vienas arbatinis \u0161auk\u0161telis patiekalo skonio nepakeis, o savo organizm\u0105 apr\u016bpinsite nuostabiais mineralais. Ie\u0161kodami recept\u0173, kuriuose naudojami kanapi\u0173 s\u0117kl\u0173 miltai, taip pat rasite skani\u0173 pyrag\u0173, sausaini\u0173 ir bandeli\u0173 pasi\u016blym\u0173.<\/p>\n","protected":false},"excerpt":{"rendered":"<p>Coco Farm kanapi\u0173 miltai, nuriebalinti, i\u0161 neskrudint\u0173 s\u0117kl\u0173 250g Coco Farm kanapi\u0173 miltai gaminami i\u0161 \u017eali\u0173 s\u0117kl\u0173, likusi\u0173 po pirmojo<\/p>\n","protected":false},"featured_media":22906,"comment_status":"open","ping_status":"closed","template":"","meta":[],"product_brand":[],"product_cat":[215],"product_tag":[],"class_list":{"0":"post-22901","1":"product","2":"type-product","3":"status-publish","4":"has-post-thumbnail","6":"product_cat-miltai-miltu-misiniai","7":"product_shipping_class-pristatymas","9":"first","10":"outofstock","11":"sale","12":"taxable","13":"shipping-taxable","14":"purchasable","15":"product-type-simple"},"aioseo_notices":[],"aioseo_head":"\n\t\t<!-- All in One SEO Pro 4.9.5.2 - aioseo.com -->\n\t<meta name=\"description\" content=\"Coco Farm kanapi\u0173 miltai, nuriebalinti, i\u0161 neskrudint\u0173 s\u0117kl\u0173 250g Coco Farm kanapi\u0173 miltai gaminami i\u0161 \u017eali\u0173 s\u0117kl\u0173, likusi\u0173 po pirmojo kanapi\u0173 aliejaus spaudimo. \u017dalios s\u0117klos nuriebalinamos, o v\u0117liau sumalamos, kad i\u0161likt\u0173 kuo daugiau vertingos maistin\u0117s vert\u0117s ir mineral\u0173. Nat\u016bralu, kad kanapi\u0173 s\u0117kl\u0173 miltuose glitimo n\u0117ra. Vertinamos pirmiausia d\u0117l gausaus baltym\u0173 ir skaidul\u0173. Kas tur\u0117t\u0173 \u012ftraukti\" \/>\n\t<meta name=\"robots\" content=\"max-image-preview:large\" \/>\n\t<link rel=\"canonical\" href=\"https:\/\/kornita.lt\/en\/shop\/miltai-miltu-misiniai\/coco-farm-kanapiu-miltai-nuriebalinti-is-neskrudintu-seklu-250g\/\" \/>\n\t<meta name=\"generator\" content=\"All in One SEO Pro (AIOSEO) 4.9.5.2\" \/>\n\t\t<meta property=\"og:locale\" content=\"en_US\" \/>\n\t\t<meta property=\"og:site_name\" content=\"kornita -\" \/>\n\t\t<meta property=\"og:type\" content=\"article\" \/>\n\t\t<meta property=\"og:title\" content=\"Coco Farm kanapi\u0173 miltai, nuriebalinti, i\u0161 neskrudint\u0173 s\u0117kl\u0173 250g - kornita\" \/>\n\t\t<meta property=\"og:description\" content=\"Coco Farm kanapi\u0173 miltai, nuriebalinti, i\u0161 neskrudint\u0173 s\u0117kl\u0173 250g Coco Farm kanapi\u0173 miltai gaminami i\u0161 \u017eali\u0173 s\u0117kl\u0173, likusi\u0173 po pirmojo kanapi\u0173 aliejaus spaudimo. \u017dalios s\u0117klos nuriebalinamos, o v\u0117liau sumalamos, kad i\u0161likt\u0173 kuo daugiau vertingos maistin\u0117s vert\u0117s ir mineral\u0173. Nat\u016bralu, kad kanapi\u0173 s\u0117kl\u0173 miltuose glitimo n\u0117ra. Vertinamos pirmiausia d\u0117l gausaus baltym\u0173 ir skaidul\u0173. Kas tur\u0117t\u0173 \u012ftraukti\" \/>\n\t\t<meta property=\"og:url\" content=\"https:\/\/kornita.lt\/en\/shop\/miltai-miltu-misiniai\/coco-farm-kanapiu-miltai-nuriebalinti-is-neskrudintu-seklu-250g\/\" \/>\n\t\t<meta property=\"og:image\" content=\"https:\/\/kornita.webfactory.lt\/wp-content\/uploads\/2023\/04\/korni-el-prekyba.png\" \/>\n\t\t<meta property=\"og:image:secure_url\" content=\"https:\/\/kornita.webfactory.lt\/wp-content\/uploads\/2023\/04\/korni-el-prekyba.png\" \/>\n\t\t<meta property=\"article:published_time\" content=\"2024-03-08T13:34:33+00:00\" \/>\n\t\t<meta property=\"article:modified_time\" content=\"2025-06-08T06:14:25+00:00\" \/>\n\t\t<meta property=\"article:publisher\" content=\"https:\/\/www.facebook.com\/kornita.lt\" \/>\n\t\t<meta name=\"twitter:card\" content=\"summary_large_image\" \/>\n\t\t<meta name=\"twitter:title\" content=\"Coco Farm kanapi\u0173 miltai, nuriebalinti, i\u0161 neskrudint\u0173 s\u0117kl\u0173 250g - kornita\" \/>\n\t\t<meta name=\"twitter:description\" content=\"Coco Farm kanapi\u0173 miltai, nuriebalinti, i\u0161 neskrudint\u0173 s\u0117kl\u0173 250g Coco Farm kanapi\u0173 miltai gaminami i\u0161 \u017eali\u0173 s\u0117kl\u0173, likusi\u0173 po pirmojo kanapi\u0173 aliejaus spaudimo. \u017dalios s\u0117klos nuriebalinamos, o v\u0117liau sumalamos, kad i\u0161likt\u0173 kuo daugiau vertingos maistin\u0117s vert\u0117s ir mineral\u0173. Nat\u016bralu, kad kanapi\u0173 s\u0117kl\u0173 miltuose glitimo n\u0117ra. Vertinamos pirmiausia d\u0117l gausaus baltym\u0173 ir skaidul\u0173. Kas tur\u0117t\u0173 \u012ftraukti\" \/>\n\t\t<meta name=\"twitter:image\" content=\"http:\/\/kornita.webfactory.lt\/wp-content\/uploads\/2023\/04\/korni-el-prekyba.png\" \/>\n\t\t<script type=\"application\/ld+json\" class=\"aioseo-schema\">\n\t\t\t{\"@context\":\"https:\\\/\\\/schema.org\",\"@graph\":[{\"@type\":\"BreadcrumbList\",\"@id\":\"https:\\\/\\\/kornita.lt\\\/en\\\/shop\\\/miltai-miltu-misiniai\\\/coco-farm-kanapiu-miltai-nuriebalinti-is-neskrudintu-seklu-250g\\\/#breadcrumblist\",\"itemListElement\":[{\"@type\":\"ListItem\",\"@id\":\"https:\\\/\\\/kornita.lt\\\/en\\\/#listItem\",\"position\":1,\"name\":\"Home\",\"item\":\"https:\\\/\\\/kornita.lt\\\/en\\\/\",\"nextItem\":{\"@type\":\"ListItem\",\"@id\":\"https:\\\/\\\/kornita.lt\\\/en\\\/shop-2\\\/#listItem\",\"name\":\"Shop\"}},{\"@type\":\"ListItem\",\"@id\":\"https:\\\/\\\/kornita.lt\\\/en\\\/shop-2\\\/#listItem\",\"position\":2,\"name\":\"Shop\",\"item\":\"https:\\\/\\\/kornita.lt\\\/en\\\/shop-2\\\/\",\"nextItem\":{\"@type\":\"ListItem\",\"@id\":\"https:\\\/\\\/kornita.lt\\\/en\\\/product-category\\\/miltai-miltu-misiniai\\\/#listItem\",\"name\":\"Miltai ir milt\\u0173 mi\\u0161iniai\"},\"previousItem\":{\"@type\":\"ListItem\",\"@id\":\"https:\\\/\\\/kornita.lt\\\/en\\\/#listItem\",\"name\":\"Home\"}},{\"@type\":\"ListItem\",\"@id\":\"https:\\\/\\\/kornita.lt\\\/en\\\/product-category\\\/miltai-miltu-misiniai\\\/#listItem\",\"position\":3,\"name\":\"Miltai ir milt\\u0173 mi\\u0161iniai\",\"item\":\"https:\\\/\\\/kornita.lt\\\/en\\\/product-category\\\/miltai-miltu-misiniai\\\/\",\"nextItem\":{\"@type\":\"ListItem\",\"@id\":\"https:\\\/\\\/kornita.lt\\\/en\\\/shop\\\/miltai-miltu-misiniai\\\/coco-farm-kanapiu-miltai-nuriebalinti-is-neskrudintu-seklu-250g\\\/#listItem\",\"name\":\"Coco Farm kanapi\\u0173 miltai, nuriebalinti, i\\u0161 neskrudint\\u0173 s\\u0117kl\\u0173 250g\"},\"previousItem\":{\"@type\":\"ListItem\",\"@id\":\"https:\\\/\\\/kornita.lt\\\/en\\\/shop-2\\\/#listItem\",\"name\":\"Shop\"}},{\"@type\":\"ListItem\",\"@id\":\"https:\\\/\\\/kornita.lt\\\/en\\\/shop\\\/miltai-miltu-misiniai\\\/coco-farm-kanapiu-miltai-nuriebalinti-is-neskrudintu-seklu-250g\\\/#listItem\",\"position\":4,\"name\":\"Coco Farm kanapi\\u0173 miltai, nuriebalinti, i\\u0161 neskrudint\\u0173 s\\u0117kl\\u0173 250g\",\"previousItem\":{\"@type\":\"ListItem\",\"@id\":\"https:\\\/\\\/kornita.lt\\\/en\\\/product-category\\\/miltai-miltu-misiniai\\\/#listItem\",\"name\":\"Miltai ir milt\\u0173 mi\\u0161iniai\"}}]},{\"@type\":\"Organization\",\"@id\":\"https:\\\/\\\/kornita.lt\\\/en\\\/#organization\",\"name\":\"kornita\",\"url\":\"https:\\\/\\\/kornita.lt\\\/en\\\/\",\"telephone\":\"+37068581463\",\"logo\":{\"@type\":\"ImageObject\",\"url\":\"http:\\\/\\\/kornita.webfactory.lt\\\/wp-content\\\/uploads\\\/2023\\\/04\\\/korni-el-prekyba.png\",\"@id\":\"https:\\\/\\\/kornita.lt\\\/en\\\/shop\\\/miltai-miltu-misiniai\\\/coco-farm-kanapiu-miltai-nuriebalinti-is-neskrudintu-seklu-250g\\\/#organizationLogo\"},\"image\":{\"@id\":\"https:\\\/\\\/kornita.lt\\\/en\\\/shop\\\/miltai-miltu-misiniai\\\/coco-farm-kanapiu-miltai-nuriebalinti-is-neskrudintu-seklu-250g\\\/#organizationLogo\"},\"sameAs\":[\"https:\\\/\\\/www.facebook.com\\\/kornita.lt\"]},{\"@type\":\"Product\",\"@id\":\"https:\\\/\\\/kornita.lt\\\/en\\\/shop\\\/miltai-miltu-misiniai\\\/coco-farm-kanapiu-miltai-nuriebalinti-is-neskrudintu-seklu-250g\\\/#wooCommerceProduct\",\"name\":\"Coco Farm kanapi\\u0173 miltai, nuriebalinti, i\\u0161 neskrudint\\u0173 s\\u0117kl\\u0173 250g\",\"url\":\"https:\\\/\\\/kornita.lt\\\/en\\\/shop\\\/miltai-miltu-misiniai\\\/coco-farm-kanapiu-miltai-nuriebalinti-is-neskrudintu-seklu-250g\\\/\",\"sku\":\"5904161870494\",\"image\":{\"@type\":\"ImageObject\",\"url\":\"https:\\\/\\\/kornita.lt\\\/wp-content\\\/uploads\\\/2024\\\/02\\\/Coco-Farm-kanapiu-miltai-nuriebalinti-is-neskrudintu-seklu-250g.jpg\",\"@id\":\"https:\\\/\\\/kornita.lt\\\/en\\\/shop\\\/miltai-miltu-misiniai\\\/coco-farm-kanapiu-miltai-nuriebalinti-is-neskrudintu-seklu-250g\\\/#productImage\",\"width\":1486,\"height\":1989},\"offers\":{\"@type\":\"Offer\",\"url\":\"https:\\\/\\\/kornita.lt\\\/en\\\/shop\\\/miltai-miltu-misiniai\\\/coco-farm-kanapiu-miltai-nuriebalinti-is-neskrudintu-seklu-250g\\\/#wooCommerceOffer\",\"price\":1.83,\"priceCurrency\":\"EUR\",\"category\":\"Miltai ir milt\\u0173 mi\\u0161iniai\",\"availability\":\"https:\\\/\\\/schema.org\\\/OutOfStock\",\"priceSpecification\":{\"@type\":\"PriceSpecification\",\"price\":1.83,\"priceCurrency\":\"EUR\",\"valueAddedTaxIncluded\":\"true\"},\"seller\":{\"@type\":\"Organization\",\"@id\":\"https:\\\/\\\/kornita.lt\\\/en\\\/#organization\"}}},{\"@type\":\"WebPage\",\"@id\":\"https:\\\/\\\/kornita.lt\\\/en\\\/shop\\\/miltai-miltu-misiniai\\\/coco-farm-kanapiu-miltai-nuriebalinti-is-neskrudintu-seklu-250g\\\/#webpage\",\"url\":\"https:\\\/\\\/kornita.lt\\\/en\\\/shop\\\/miltai-miltu-misiniai\\\/coco-farm-kanapiu-miltai-nuriebalinti-is-neskrudintu-seklu-250g\\\/\",\"name\":\"Coco Farm kanapi\\u0173 miltai, nuriebalinti, i\\u0161 neskrudint\\u0173 s\\u0117kl\\u0173 250g - kornita\",\"description\":\"Coco Farm kanapi\\u0173 miltai, nuriebalinti, i\\u0161 neskrudint\\u0173 s\\u0117kl\\u0173 250g Coco Farm kanapi\\u0173 miltai gaminami i\\u0161 \\u017eali\\u0173 s\\u0117kl\\u0173, likusi\\u0173 po pirmojo kanapi\\u0173 aliejaus spaudimo. \\u017dalios s\\u0117klos nuriebalinamos, o v\\u0117liau sumalamos, kad i\\u0161likt\\u0173 kuo daugiau vertingos maistin\\u0117s vert\\u0117s ir mineral\\u0173. Nat\\u016bralu, kad kanapi\\u0173 s\\u0117kl\\u0173 miltuose glitimo n\\u0117ra. Vertinamos pirmiausia d\\u0117l gausaus baltym\\u0173 ir skaidul\\u0173. Kas tur\\u0117t\\u0173 \\u012ftraukti\",\"inLanguage\":\"en-US\",\"isPartOf\":{\"@id\":\"https:\\\/\\\/kornita.lt\\\/en\\\/#website\"},\"breadcrumb\":{\"@id\":\"https:\\\/\\\/kornita.lt\\\/en\\\/shop\\\/miltai-miltu-misiniai\\\/coco-farm-kanapiu-miltai-nuriebalinti-is-neskrudintu-seklu-250g\\\/#breadcrumblist\"},\"image\":{\"@type\":\"ImageObject\",\"url\":\"https:\\\/\\\/kornita.lt\\\/wp-content\\\/uploads\\\/2024\\\/02\\\/Coco-Farm-kanapiu-miltai-nuriebalinti-is-neskrudintu-seklu-250g.jpg\",\"@id\":\"https:\\\/\\\/kornita.lt\\\/en\\\/shop\\\/miltai-miltu-misiniai\\\/coco-farm-kanapiu-miltai-nuriebalinti-is-neskrudintu-seklu-250g\\\/#mainImage\",\"width\":1486,\"height\":1989},\"primaryImageOfPage\":{\"@id\":\"https:\\\/\\\/kornita.lt\\\/en\\\/shop\\\/miltai-miltu-misiniai\\\/coco-farm-kanapiu-miltai-nuriebalinti-is-neskrudintu-seklu-250g\\\/#mainImage\"},\"datePublished\":\"2024-03-08T13:34:33+00:00\",\"dateModified\":\"2025-06-08T06:14:25+00:00\"},{\"@type\":\"WebSite\",\"@id\":\"https:\\\/\\\/kornita.lt\\\/en\\\/#website\",\"url\":\"https:\\\/\\\/kornita.lt\\\/en\\\/\",\"name\":\"kornita\",\"inLanguage\":\"en-US\",\"publisher\":{\"@id\":\"https:\\\/\\\/kornita.lt\\\/en\\\/#organization\"}}]}\n\t\t<\/script>\n\t\t<!-- All in One SEO Pro -->\r\n\t\t<title>Coco Farm kanapi\u0173 miltai, nuriebalinti, i\u0161 neskrudint\u0173 s\u0117kl\u0173 250g - kornita<\/title>\n\n","aioseo_head_json":{"title":"Coco Farm kanapi\u0173 miltai, nuriebalinti, i\u0161 neskrudint\u0173 s\u0117kl\u0173 250g - kornita","description":"Coco Farm kanapi\u0173 miltai, nuriebalinti, i\u0161 neskrudint\u0173 s\u0117kl\u0173 250g Coco Farm kanapi\u0173 miltai gaminami i\u0161 \u017eali\u0173 s\u0117kl\u0173, likusi\u0173 po pirmojo kanapi\u0173 aliejaus spaudimo. \u017dalios s\u0117klos nuriebalinamos, o v\u0117liau sumalamos, kad i\u0161likt\u0173 kuo daugiau vertingos maistin\u0117s vert\u0117s ir mineral\u0173. Nat\u016bralu, kad kanapi\u0173 s\u0117kl\u0173 miltuose glitimo n\u0117ra. Vertinamos pirmiausia d\u0117l gausaus baltym\u0173 ir skaidul\u0173. Kas tur\u0117t\u0173 \u012ftraukti","canonical_url":"https:\/\/kornita.lt\/en\/shop\/miltai-miltu-misiniai\/coco-farm-kanapiu-miltai-nuriebalinti-is-neskrudintu-seklu-250g\/","robots":"max-image-preview:large","keywords":"","webmasterTools":{"miscellaneous":""},"schema":{"@context":"https:\/\/schema.org","@graph":[{"@type":"BreadcrumbList","@id":"https:\/\/kornita.lt\/en\/shop\/miltai-miltu-misiniai\/coco-farm-kanapiu-miltai-nuriebalinti-is-neskrudintu-seklu-250g\/#breadcrumblist","itemListElement":[{"@type":"ListItem","@id":"https:\/\/kornita.lt\/en\/#listItem","position":1,"name":"Home","item":"https:\/\/kornita.lt\/en\/","nextItem":{"@type":"ListItem","@id":"https:\/\/kornita.lt\/en\/shop-2\/#listItem","name":"Shop"}},{"@type":"ListItem","@id":"https:\/\/kornita.lt\/en\/shop-2\/#listItem","position":2,"name":"Shop","item":"https:\/\/kornita.lt\/en\/shop-2\/","nextItem":{"@type":"ListItem","@id":"https:\/\/kornita.lt\/en\/product-category\/miltai-miltu-misiniai\/#listItem","name":"Miltai ir milt\u0173 mi\u0161iniai"},"previousItem":{"@type":"ListItem","@id":"https:\/\/kornita.lt\/en\/#listItem","name":"Home"}},{"@type":"ListItem","@id":"https:\/\/kornita.lt\/en\/product-category\/miltai-miltu-misiniai\/#listItem","position":3,"name":"Miltai ir milt\u0173 mi\u0161iniai","item":"https:\/\/kornita.lt\/en\/product-category\/miltai-miltu-misiniai\/","nextItem":{"@type":"ListItem","@id":"https:\/\/kornita.lt\/en\/shop\/miltai-miltu-misiniai\/coco-farm-kanapiu-miltai-nuriebalinti-is-neskrudintu-seklu-250g\/#listItem","name":"Coco Farm kanapi\u0173 miltai, nuriebalinti, i\u0161 neskrudint\u0173 s\u0117kl\u0173 250g"},"previousItem":{"@type":"ListItem","@id":"https:\/\/kornita.lt\/en\/shop-2\/#listItem","name":"Shop"}},{"@type":"ListItem","@id":"https:\/\/kornita.lt\/en\/shop\/miltai-miltu-misiniai\/coco-farm-kanapiu-miltai-nuriebalinti-is-neskrudintu-seklu-250g\/#listItem","position":4,"name":"Coco Farm kanapi\u0173 miltai, nuriebalinti, i\u0161 neskrudint\u0173 s\u0117kl\u0173 250g","previousItem":{"@type":"ListItem","@id":"https:\/\/kornita.lt\/en\/product-category\/miltai-miltu-misiniai\/#listItem","name":"Miltai ir milt\u0173 mi\u0161iniai"}}]},{"@type":"Organization","@id":"https:\/\/kornita.lt\/en\/#organization","name":"kornita","url":"https:\/\/kornita.lt\/en\/","telephone":"+37068581463","logo":{"@type":"ImageObject","url":"http:\/\/kornita.webfactory.lt\/wp-content\/uploads\/2023\/04\/korni-el-prekyba.png","@id":"https:\/\/kornita.lt\/en\/shop\/miltai-miltu-misiniai\/coco-farm-kanapiu-miltai-nuriebalinti-is-neskrudintu-seklu-250g\/#organizationLogo"},"image":{"@id":"https:\/\/kornita.lt\/en\/shop\/miltai-miltu-misiniai\/coco-farm-kanapiu-miltai-nuriebalinti-is-neskrudintu-seklu-250g\/#organizationLogo"},"sameAs":["https:\/\/www.facebook.com\/kornita.lt"]},{"@type":"Product","@id":"https:\/\/kornita.lt\/en\/shop\/miltai-miltu-misiniai\/coco-farm-kanapiu-miltai-nuriebalinti-is-neskrudintu-seklu-250g\/#wooCommerceProduct","name":"Coco Farm kanapi\u0173 miltai, nuriebalinti, i\u0161 neskrudint\u0173 s\u0117kl\u0173 250g","url":"https:\/\/kornita.lt\/en\/shop\/miltai-miltu-misiniai\/coco-farm-kanapiu-miltai-nuriebalinti-is-neskrudintu-seklu-250g\/","sku":"5904161870494","image":{"@type":"ImageObject","url":"https:\/\/kornita.lt\/wp-content\/uploads\/2024\/02\/Coco-Farm-kanapiu-miltai-nuriebalinti-is-neskrudintu-seklu-250g.jpg","@id":"https:\/\/kornita.lt\/en\/shop\/miltai-miltu-misiniai\/coco-farm-kanapiu-miltai-nuriebalinti-is-neskrudintu-seklu-250g\/#productImage","width":1486,"height":1989},"offers":{"@type":"Offer","url":"https:\/\/kornita.lt\/en\/shop\/miltai-miltu-misiniai\/coco-farm-kanapiu-miltai-nuriebalinti-is-neskrudintu-seklu-250g\/#wooCommerceOffer","price":1.83,"priceCurrency":"EUR","category":"Miltai ir milt\u0173 mi\u0161iniai","availability":"https:\/\/schema.org\/OutOfStock","priceSpecification":{"@type":"PriceSpecification","price":1.83,"priceCurrency":"EUR","valueAddedTaxIncluded":"true"},"seller":{"@type":"Organization","@id":"https:\/\/kornita.lt\/en\/#organization"}}},{"@type":"WebPage","@id":"https:\/\/kornita.lt\/en\/shop\/miltai-miltu-misiniai\/coco-farm-kanapiu-miltai-nuriebalinti-is-neskrudintu-seklu-250g\/#webpage","url":"https:\/\/kornita.lt\/en\/shop\/miltai-miltu-misiniai\/coco-farm-kanapiu-miltai-nuriebalinti-is-neskrudintu-seklu-250g\/","name":"Coco Farm kanapi\u0173 miltai, nuriebalinti, i\u0161 neskrudint\u0173 s\u0117kl\u0173 250g - kornita","description":"Coco Farm kanapi\u0173 miltai, nuriebalinti, i\u0161 neskrudint\u0173 s\u0117kl\u0173 250g Coco Farm kanapi\u0173 miltai gaminami i\u0161 \u017eali\u0173 s\u0117kl\u0173, likusi\u0173 po pirmojo kanapi\u0173 aliejaus spaudimo. \u017dalios s\u0117klos nuriebalinamos, o v\u0117liau sumalamos, kad i\u0161likt\u0173 kuo daugiau vertingos maistin\u0117s vert\u0117s ir mineral\u0173. Nat\u016bralu, kad kanapi\u0173 s\u0117kl\u0173 miltuose glitimo n\u0117ra. Vertinamos pirmiausia d\u0117l gausaus baltym\u0173 ir skaidul\u0173. Kas tur\u0117t\u0173 \u012ftraukti","inLanguage":"en-US","isPartOf":{"@id":"https:\/\/kornita.lt\/en\/#website"},"breadcrumb":{"@id":"https:\/\/kornita.lt\/en\/shop\/miltai-miltu-misiniai\/coco-farm-kanapiu-miltai-nuriebalinti-is-neskrudintu-seklu-250g\/#breadcrumblist"},"image":{"@type":"ImageObject","url":"https:\/\/kornita.lt\/wp-content\/uploads\/2024\/02\/Coco-Farm-kanapiu-miltai-nuriebalinti-is-neskrudintu-seklu-250g.jpg","@id":"https:\/\/kornita.lt\/en\/shop\/miltai-miltu-misiniai\/coco-farm-kanapiu-miltai-nuriebalinti-is-neskrudintu-seklu-250g\/#mainImage","width":1486,"height":1989},"primaryImageOfPage":{"@id":"https:\/\/kornita.lt\/en\/shop\/miltai-miltu-misiniai\/coco-farm-kanapiu-miltai-nuriebalinti-is-neskrudintu-seklu-250g\/#mainImage"},"datePublished":"2024-03-08T13:34:33+00:00","dateModified":"2025-06-08T06:14:25+00:00"},{"@type":"WebSite","@id":"https:\/\/kornita.lt\/en\/#website","url":"https:\/\/kornita.lt\/en\/","name":"kornita","inLanguage":"en-US","publisher":{"@id":"https:\/\/kornita.lt\/en\/#organization"}}]},"og:locale":"en_US","og:site_name":"kornita -","og:type":"article","og:title":"Coco Farm kanapi\u0173 miltai, nuriebalinti, i\u0161 neskrudint\u0173 s\u0117kl\u0173 250g - kornita","og:description":"Coco Farm kanapi\u0173 miltai, nuriebalinti, i\u0161 neskrudint\u0173 s\u0117kl\u0173 250g Coco Farm kanapi\u0173 miltai gaminami i\u0161 \u017eali\u0173 s\u0117kl\u0173, likusi\u0173 po pirmojo kanapi\u0173 aliejaus spaudimo. \u017dalios s\u0117klos nuriebalinamos, o v\u0117liau sumalamos, kad i\u0161likt\u0173 kuo daugiau vertingos maistin\u0117s vert\u0117s ir mineral\u0173. Nat\u016bralu, kad kanapi\u0173 s\u0117kl\u0173 miltuose glitimo n\u0117ra. Vertinamos pirmiausia d\u0117l gausaus baltym\u0173 ir skaidul\u0173. Kas tur\u0117t\u0173 \u012ftraukti","og:url":"https:\/\/kornita.lt\/en\/shop\/miltai-miltu-misiniai\/coco-farm-kanapiu-miltai-nuriebalinti-is-neskrudintu-seklu-250g\/","og:image":"https:\/\/kornita.webfactory.lt\/wp-content\/uploads\/2023\/04\/korni-el-prekyba.png","og:image:secure_url":"https:\/\/kornita.webfactory.lt\/wp-content\/uploads\/2023\/04\/korni-el-prekyba.png","article:published_time":"2024-03-08T13:34:33+00:00","article:modified_time":"2025-06-08T06:14:25+00:00","article:publisher":"https:\/\/www.facebook.com\/kornita.lt","twitter:card":"summary_large_image","twitter:title":"Coco Farm kanapi\u0173 miltai, nuriebalinti, i\u0161 neskrudint\u0173 s\u0117kl\u0173 250g - kornita","twitter:description":"Coco Farm kanapi\u0173 miltai, nuriebalinti, i\u0161 neskrudint\u0173 s\u0117kl\u0173 250g Coco Farm kanapi\u0173 miltai gaminami i\u0161 \u017eali\u0173 s\u0117kl\u0173, likusi\u0173 po pirmojo kanapi\u0173 aliejaus spaudimo. \u017dalios s\u0117klos nuriebalinamos, o v\u0117liau sumalamos, kad i\u0161likt\u0173 kuo daugiau vertingos maistin\u0117s vert\u0117s ir mineral\u0173. Nat\u016bralu, kad kanapi\u0173 s\u0117kl\u0173 miltuose glitimo n\u0117ra. Vertinamos pirmiausia d\u0117l gausaus baltym\u0173 ir skaidul\u0173. Kas tur\u0117t\u0173 \u012ftraukti","twitter:image":"http:\/\/kornita.webfactory.lt\/wp-content\/uploads\/2023\/04\/korni-el-prekyba.png"},"aioseo_meta_data":{"post_id":"22901","title":null,"description":null,"keywords":null,"keyphrases":{"focus":{"keyphrase":"","score":0,"analysis":{"keyphraseInTitle":{"score":0,"maxScore":9,"error":1}}},"additional":[]},"primary_term":null,"canonical_url":null,"og_title":null,"og_description":null,"og_object_type":"default","og_image_type":"default","og_image_url":null,"og_image_width":null,"og_image_height":null,"og_image_custom_url":null,"og_image_custom_fields":null,"og_video":"","og_custom_url":null,"og_article_section":null,"og_article_tags":null,"twitter_use_og":false,"twitter_card":"default","twitter_image_type":"default","twitter_image_url":null,"twitter_image_custom_url":null,"twitter_image_custom_fields":null,"twitter_title":null,"twitter_description":null,"schema":{"blockGraphs":[],"customGraphs":[],"default":{"data":{"Article":[],"Course":[],"Dataset":[],"FAQPage":[],"Movie":[],"Person":[],"Product":[],"ProductReview":[],"Car":[],"Recipe":[],"Service":[],"SoftwareApplication":[],"WebPage":[]},"graphName":"ItemPage","isEnabled":true},"graphs":[]},"schema_type":"default","schema_type_options":null,"pillar_content":false,"robots_default":true,"robots_noindex":false,"robots_noarchive":false,"robots_nosnippet":false,"robots_nofollow":false,"robots_noimageindex":false,"robots_noodp":false,"robots_notranslate":false,"robots_max_snippet":"-1","robots_max_videopreview":"-1","robots_max_imagepreview":"large","priority":null,"frequency":"default","local_seo":null,"seo_analyzer_scan_date":"2025-10-08 23:54:35","breadcrumb_settings":null,"limit_modified_date":false,"open_ai":"{\"title\":{\"suggestions\":[],\"usage\":0},\"description\":{\"suggestions\":[],\"usage\":0}}","ai":null,"created":"2024-02-22 11:26:51","updated":"2025-11-26 23:36:06"},"aioseo_breadcrumb":"<div class=\"aioseo-breadcrumbs\"><span class=\"aioseo-breadcrumb\">\n\t<a href=\"https:\/\/kornita.lt\/en\/\" title=\"Home\">Home<\/a>\n<\/span><span class=\"aioseo-breadcrumb-separator\">&raquo;<\/span><span class=\"aioseo-breadcrumb\">\n\t<a href=\"https:\/\/kornita.lt\/en\/shop-2\/\" title=\"Shop\">Shop<\/a>\n<\/span><span class=\"aioseo-breadcrumb-separator\">&raquo;<\/span><span class=\"aioseo-breadcrumb\">\n\t<a href=\"https:\/\/kornita.lt\/en\/product-category\/miltai-miltu-misiniai\/\" title=\"Miltai ir milt\u0173 mi\u0161iniai\">Miltai ir milt\u0173 mi\u0161iniai<\/a>\n<\/span><span class=\"aioseo-breadcrumb-separator\">&raquo;<\/span><span class=\"aioseo-breadcrumb\">\n\tCoco Farm kanapi\u0173 miltai, nuriebalinti, i\u0161 neskrudint\u0173 s\u0117kl\u0173 250g\n<\/span><\/div>","aioseo_breadcrumb_json":[{"label":"Home","link":"https:\/\/kornita.lt\/en\/"},{"label":"Shop","link":"https:\/\/kornita.lt\/en\/shop-2\/"},{"label":"Miltai ir milt\u0173 mi\u0161iniai","link":"https:\/\/kornita.lt\/en\/product-category\/miltai-miltu-misiniai\/"},{"label":"Coco Farm kanapi\u0173 miltai, nuriebalinti, i\u0161 neskrudint\u0173 s\u0117kl\u0173 250g","link":"https:\/\/kornita.lt\/en\/shop\/miltai-miltu-misiniai\/coco-farm-kanapiu-miltai-nuriebalinti-is-neskrudintu-seklu-250g\/"}],"_links":{"self":[{"href":"https:\/\/kornita.lt\/en\/wp-json\/wp\/v2\/product\/22901","targetHints":{"allow":["GET"]}}],"collection":[{"href":"https:\/\/kornita.lt\/en\/wp-json\/wp\/v2\/product"}],"about":[{"href":"https:\/\/kornita.lt\/en\/wp-json\/wp\/v2\/types\/product"}],"replies":[{"embeddable":true,"href":"https:\/\/kornita.lt\/en\/wp-json\/wp\/v2\/comments?post=22901"}],"version-history":[{"count":1,"href":"https:\/\/kornita.lt\/en\/wp-json\/wp\/v2\/product\/22901\/revisions"}],"predecessor-version":[{"id":25059,"href":"https:\/\/kornita.lt\/en\/wp-json\/wp\/v2\/product\/22901\/revisions\/25059"}],"wp:featuredmedia":[{"embeddable":true,"href":"https:\/\/kornita.lt\/en\/wp-json\/wp\/v2\/media\/22906"}],"wp:attachment":[{"href":"https:\/\/kornita.lt\/en\/wp-json\/wp\/v2\/media?parent=22901"}],"wp:term":[{"taxonomy":"product_brand","embeddable":true,"href":"https:\/\/kornita.lt\/en\/wp-json\/wp\/v2\/product_brand?post=22901"},{"taxonomy":"product_cat","embeddable":true,"href":"https:\/\/kornita.lt\/en\/wp-json\/wp\/v2\/product_cat?post=22901"},{"taxonomy":"product_tag","embeddable":true,"href":"https:\/\/kornita.lt\/en\/wp-json\/wp\/v2\/product_tag?post=22901"}],"curies":[{"name":"wp","href":"https:\/\/api.w.org\/{rel}","templated":true}]}}