{"id":22896,"date":"2024-03-08T13:34:33","date_gmt":"2024-03-08T13:34:33","guid":{"rendered":"https:\/\/kornita.lt\/?post_type=product&#038;p=22896"},"modified":"2025-07-16T06:43:02","modified_gmt":"2025-07-16T06:43:02","slug":"coco-farm-moliugu-miltai-nuriebalinti-is-neskrudintu-seklu-250g","status":"publish","type":"product","link":"https:\/\/kornita.lt\/en\/shop\/miltai-miltu-misiniai\/coco-farm-moliugu-miltai-nuriebalinti-is-neskrudintu-seklu-250g\/","title":{"rendered":"Moli\u016bg\u0173 miltai, nuriebalinti i\u0161 neskrudint\u0173 s\u0117kl\u0173 250g"},"content":{"rendered":"<h2>\u00a0Moli\u016bg\u0173 miltai, nuriebalinti i\u0161 neskrudint\u0173 s\u0117kl\u0173 250g<\/h2>\n<p>Moli\u016bg\u0173 miltai yra vertingas daugelio vegani\u0161k\u0173 ir keto patiekal\u0173 ingredientas. Jis gaminamas i\u0161 \u017eali\u0173 moli\u016bg\u0173 s\u0117kl\u0173, likusi\u0173 po aliejaus spaudimo. Moli\u016bg\u0173 s\u0117kl\u0173 miltai pa\u012fvairins j\u016bs\u0173 virtuv\u0119 ir suteiks puiki\u0173 maistini\u0173 ver\u010di\u0173.<\/p>\n<p>Moli\u016bg\u0173 miltai, naudojimas kulinarijoje, savyb\u0117s<br \/>\nGali nustebinti tai, kad moli\u016bg\u0173 miltai turi \u0161iek tiek rie\u0161ut\u0173 skon\u012f, kur\u012f galima derinti tiek prie sald\u017ei\u0173, tiek prie pikanti\u0161k\u0173 patiekal\u0173. Jis puikiai tinka trapiuose pyraguose, pyraguose ir sausainiuose, taip pat kaip trupini\u0173 ingredientas. Moli\u016bg\u0173 miltus taip pat rekomenduojama naudoti sriuboms tir\u0161tinti arba kaip blyn\u0173 ir blyn\u0173 ingredient\u0105. Taip pat galime d\u0117ti \u012f avi\u017einius dribsnius, musli ar salotas, kad praturtintume savo patiekalo maistin\u0119 vert\u0119. Kotletus ir dar\u017eoves taip pat galime apibarstyti moli\u016bg\u0173 s\u0117kl\u0173 miltais; \u012fdomi id\u0117ja \u2013 kiau\u0161inio ir moli\u016bg\u0173 miltuose aptepti geltonojo s\u016brio gabal\u0117l\u012f ir apkepti keptuv\u0117je.<\/p>\n<p>Moli\u016bg\u0173 miltai ir dieta<br \/>\nD\u0117l savo maistin\u0117s vert\u0117s moli\u016bg\u0173 s\u0117kl\u0173 miltus galima \u012ftraukti \u012f daugel\u012f sporto ir sveikatingumo diet\u0173. Ypa\u010d rekomenduojama ketogeninei dietai, nes joje yra nedidelis angliavandeni\u0173 kiekis. Be to, moli\u016bg\u0173 miltai puikiai tiks fizi\u0161kai aktyvi\u0173 \u017emoni\u0173 ir sportinink\u0173 mityboje ir suteiks daug baltym\u0173. Diabetikai ir \u017emon\u0117s, turintys skydliauk\u0117s sutrikim\u0173, \u012f savo racion\u0105 taip pat gali \u012ftraukti moli\u016bg\u0173 s\u0117kl\u0173 miltus, kuri\u0173 sud\u0117tyje yra daug.<\/p>\n","protected":false},"excerpt":{"rendered":"<p>\u00a0Moli\u016bg\u0173 miltai, nuriebalinti i\u0161 neskrudint\u0173 s\u0117kl\u0173 250g Moli\u016bg\u0173 miltai yra vertingas daugelio vegani\u0161k\u0173 ir keto patiekal\u0173 ingredientas. Jis gaminamas i\u0161<\/p>\n","protected":false},"featured_media":22903,"comment_status":"open","ping_status":"closed","template":"","meta":[],"product_brand":[],"product_cat":[215],"product_tag":[],"class_list":{"0":"post-22896","1":"product","2":"type-product","3":"status-publish","4":"has-post-thumbnail","6":"product_cat-miltai-miltu-misiniai","7":"product_shipping_class-pristatymas","9":"first","10":"outofstock","11":"taxable","12":"shipping-taxable","13":"purchasable","14":"product-type-simple"},"aioseo_notices":[],"aioseo_head":"\n\t\t<!-- All in One SEO Pro 4.9.5.2 - aioseo.com -->\n\t<meta name=\"description\" content=\"Moli\u016bg\u0173 miltai, nuriebalinti i\u0161 neskrudint\u0173 s\u0117kl\u0173 250g Moli\u016bg\u0173 miltai yra vertingas daugelio vegani\u0161k\u0173 ir keto patiekal\u0173 ingredientas. Jis gaminamas i\u0161 \u017eali\u0173 moli\u016bg\u0173 s\u0117kl\u0173, likusi\u0173 po aliejaus spaudimo. Moli\u016bg\u0173 s\u0117kl\u0173 miltai pa\u012fvairins j\u016bs\u0173 virtuv\u0119 ir suteiks puiki\u0173 maistini\u0173 ver\u010di\u0173. Moli\u016bg\u0173 miltai, naudojimas kulinarijoje, savyb\u0117s Gali nustebinti tai, kad moli\u016bg\u0173 miltai turi \u0161iek tiek rie\u0161ut\u0173 skon\u012f, kur\u012f\" \/>\n\t<meta name=\"robots\" content=\"max-image-preview:large\" \/>\n\t<link rel=\"canonical\" href=\"https:\/\/kornita.lt\/en\/shop\/miltai-miltu-misiniai\/coco-farm-moliugu-miltai-nuriebalinti-is-neskrudintu-seklu-250g\/\" \/>\n\t<meta name=\"generator\" content=\"All in One SEO Pro (AIOSEO) 4.9.5.2\" \/>\n\t\t<meta property=\"og:locale\" content=\"en_US\" \/>\n\t\t<meta property=\"og:site_name\" content=\"kornita -\" \/>\n\t\t<meta property=\"og:type\" content=\"article\" \/>\n\t\t<meta property=\"og:title\" content=\"Moli\u016bg\u0173 miltai, nuriebalinti i\u0161 neskrudint\u0173 s\u0117kl\u0173 250g - kornita\" \/>\n\t\t<meta property=\"og:description\" content=\"Moli\u016bg\u0173 miltai, nuriebalinti i\u0161 neskrudint\u0173 s\u0117kl\u0173 250g Moli\u016bg\u0173 miltai yra vertingas daugelio vegani\u0161k\u0173 ir keto patiekal\u0173 ingredientas. Jis gaminamas i\u0161 \u017eali\u0173 moli\u016bg\u0173 s\u0117kl\u0173, likusi\u0173 po aliejaus spaudimo. Moli\u016bg\u0173 s\u0117kl\u0173 miltai pa\u012fvairins j\u016bs\u0173 virtuv\u0119 ir suteiks puiki\u0173 maistini\u0173 ver\u010di\u0173. Moli\u016bg\u0173 miltai, naudojimas kulinarijoje, savyb\u0117s Gali nustebinti tai, kad moli\u016bg\u0173 miltai turi \u0161iek tiek rie\u0161ut\u0173 skon\u012f, kur\u012f\" \/>\n\t\t<meta property=\"og:url\" content=\"https:\/\/kornita.lt\/en\/shop\/miltai-miltu-misiniai\/coco-farm-moliugu-miltai-nuriebalinti-is-neskrudintu-seklu-250g\/\" \/>\n\t\t<meta property=\"og:image\" content=\"https:\/\/kornita.webfactory.lt\/wp-content\/uploads\/2023\/04\/korni-el-prekyba.png\" \/>\n\t\t<meta property=\"og:image:secure_url\" content=\"https:\/\/kornita.webfactory.lt\/wp-content\/uploads\/2023\/04\/korni-el-prekyba.png\" \/>\n\t\t<meta property=\"article:published_time\" content=\"2024-03-08T13:34:33+00:00\" \/>\n\t\t<meta property=\"article:modified_time\" content=\"2025-07-16T06:43:02+00:00\" \/>\n\t\t<meta property=\"article:publisher\" content=\"https:\/\/www.facebook.com\/kornita.lt\" \/>\n\t\t<meta name=\"twitter:card\" content=\"summary_large_image\" \/>\n\t\t<meta name=\"twitter:title\" content=\"Moli\u016bg\u0173 miltai, nuriebalinti i\u0161 neskrudint\u0173 s\u0117kl\u0173 250g - kornita\" \/>\n\t\t<meta name=\"twitter:description\" content=\"Moli\u016bg\u0173 miltai, nuriebalinti i\u0161 neskrudint\u0173 s\u0117kl\u0173 250g Moli\u016bg\u0173 miltai yra vertingas daugelio vegani\u0161k\u0173 ir keto patiekal\u0173 ingredientas. Jis gaminamas i\u0161 \u017eali\u0173 moli\u016bg\u0173 s\u0117kl\u0173, likusi\u0173 po aliejaus spaudimo. Moli\u016bg\u0173 s\u0117kl\u0173 miltai pa\u012fvairins j\u016bs\u0173 virtuv\u0119 ir suteiks puiki\u0173 maistini\u0173 ver\u010di\u0173. Moli\u016bg\u0173 miltai, naudojimas kulinarijoje, savyb\u0117s Gali nustebinti tai, kad moli\u016bg\u0173 miltai turi \u0161iek tiek rie\u0161ut\u0173 skon\u012f, kur\u012f\" \/>\n\t\t<meta name=\"twitter:image\" content=\"http:\/\/kornita.webfactory.lt\/wp-content\/uploads\/2023\/04\/korni-el-prekyba.png\" \/>\n\t\t<script type=\"application\/ld+json\" class=\"aioseo-schema\">\n\t\t\t{\"@context\":\"https:\\\/\\\/schema.org\",\"@graph\":[{\"@type\":\"BreadcrumbList\",\"@id\":\"https:\\\/\\\/kornita.lt\\\/en\\\/shop\\\/miltai-miltu-misiniai\\\/coco-farm-moliugu-miltai-nuriebalinti-is-neskrudintu-seklu-250g\\\/#breadcrumblist\",\"itemListElement\":[{\"@type\":\"ListItem\",\"@id\":\"https:\\\/\\\/kornita.lt\\\/en\\\/#listItem\",\"position\":1,\"name\":\"Home\",\"item\":\"https:\\\/\\\/kornita.lt\\\/en\\\/\",\"nextItem\":{\"@type\":\"ListItem\",\"@id\":\"https:\\\/\\\/kornita.lt\\\/en\\\/shop-2\\\/#listItem\",\"name\":\"Shop\"}},{\"@type\":\"ListItem\",\"@id\":\"https:\\\/\\\/kornita.lt\\\/en\\\/shop-2\\\/#listItem\",\"position\":2,\"name\":\"Shop\",\"item\":\"https:\\\/\\\/kornita.lt\\\/en\\\/shop-2\\\/\",\"nextItem\":{\"@type\":\"ListItem\",\"@id\":\"https:\\\/\\\/kornita.lt\\\/en\\\/product-category\\\/miltai-miltu-misiniai\\\/#listItem\",\"name\":\"Miltai ir milt\\u0173 mi\\u0161iniai\"},\"previousItem\":{\"@type\":\"ListItem\",\"@id\":\"https:\\\/\\\/kornita.lt\\\/en\\\/#listItem\",\"name\":\"Home\"}},{\"@type\":\"ListItem\",\"@id\":\"https:\\\/\\\/kornita.lt\\\/en\\\/product-category\\\/miltai-miltu-misiniai\\\/#listItem\",\"position\":3,\"name\":\"Miltai ir milt\\u0173 mi\\u0161iniai\",\"item\":\"https:\\\/\\\/kornita.lt\\\/en\\\/product-category\\\/miltai-miltu-misiniai\\\/\",\"nextItem\":{\"@type\":\"ListItem\",\"@id\":\"https:\\\/\\\/kornita.lt\\\/en\\\/shop\\\/miltai-miltu-misiniai\\\/coco-farm-moliugu-miltai-nuriebalinti-is-neskrudintu-seklu-250g\\\/#listItem\",\"name\":\"Moli\\u016bg\\u0173 miltai, nuriebalinti i\\u0161 neskrudint\\u0173 s\\u0117kl\\u0173 250g\"},\"previousItem\":{\"@type\":\"ListItem\",\"@id\":\"https:\\\/\\\/kornita.lt\\\/en\\\/shop-2\\\/#listItem\",\"name\":\"Shop\"}},{\"@type\":\"ListItem\",\"@id\":\"https:\\\/\\\/kornita.lt\\\/en\\\/shop\\\/miltai-miltu-misiniai\\\/coco-farm-moliugu-miltai-nuriebalinti-is-neskrudintu-seklu-250g\\\/#listItem\",\"position\":4,\"name\":\"Moli\\u016bg\\u0173 miltai, nuriebalinti i\\u0161 neskrudint\\u0173 s\\u0117kl\\u0173 250g\",\"previousItem\":{\"@type\":\"ListItem\",\"@id\":\"https:\\\/\\\/kornita.lt\\\/en\\\/product-category\\\/miltai-miltu-misiniai\\\/#listItem\",\"name\":\"Miltai ir milt\\u0173 mi\\u0161iniai\"}}]},{\"@type\":\"Organization\",\"@id\":\"https:\\\/\\\/kornita.lt\\\/en\\\/#organization\",\"name\":\"kornita\",\"url\":\"https:\\\/\\\/kornita.lt\\\/en\\\/\",\"telephone\":\"+37068581463\",\"logo\":{\"@type\":\"ImageObject\",\"url\":\"http:\\\/\\\/kornita.webfactory.lt\\\/wp-content\\\/uploads\\\/2023\\\/04\\\/korni-el-prekyba.png\",\"@id\":\"https:\\\/\\\/kornita.lt\\\/en\\\/shop\\\/miltai-miltu-misiniai\\\/coco-farm-moliugu-miltai-nuriebalinti-is-neskrudintu-seklu-250g\\\/#organizationLogo\"},\"image\":{\"@id\":\"https:\\\/\\\/kornita.lt\\\/en\\\/shop\\\/miltai-miltu-misiniai\\\/coco-farm-moliugu-miltai-nuriebalinti-is-neskrudintu-seklu-250g\\\/#organizationLogo\"},\"sameAs\":[\"https:\\\/\\\/www.facebook.com\\\/kornita.lt\"]},{\"@type\":\"Product\",\"@id\":\"https:\\\/\\\/kornita.lt\\\/en\\\/shop\\\/miltai-miltu-misiniai\\\/coco-farm-moliugu-miltai-nuriebalinti-is-neskrudintu-seklu-250g\\\/#wooCommerceProduct\",\"name\":\"Moli\\u016bg\\u0173 miltai, nuriebalinti i\\u0161 neskrudint\\u0173 s\\u0117kl\\u0173 250g\",\"url\":\"https:\\\/\\\/kornita.lt\\\/en\\\/shop\\\/miltai-miltu-misiniai\\\/coco-farm-moliugu-miltai-nuriebalinti-is-neskrudintu-seklu-250g\\\/\",\"sku\":\"5904161870487\",\"image\":{\"@type\":\"ImageObject\",\"url\":\"https:\\\/\\\/kornita.lt\\\/wp-content\\\/uploads\\\/2024\\\/02\\\/Coco-Farm-moliugu-miltai-nuriebalinti-is-neskrudintu-seklu-250g.jpg\",\"@id\":\"https:\\\/\\\/kornita.lt\\\/en\\\/shop\\\/miltai-miltu-misiniai\\\/coco-farm-moliugu-miltai-nuriebalinti-is-neskrudintu-seklu-250g\\\/#productImage\",\"width\":1486,\"height\":1989},\"offers\":{\"@type\":\"Offer\",\"url\":\"https:\\\/\\\/kornita.lt\\\/en\\\/shop\\\/miltai-miltu-misiniai\\\/coco-farm-moliugu-miltai-nuriebalinti-is-neskrudintu-seklu-250g\\\/#wooCommerceOffer\",\"price\":4.17,\"priceCurrency\":\"EUR\",\"category\":\"Miltai ir milt\\u0173 mi\\u0161iniai\",\"availability\":\"https:\\\/\\\/schema.org\\\/OutOfStock\",\"priceSpecification\":{\"@type\":\"PriceSpecification\",\"price\":4.17,\"priceCurrency\":\"EUR\",\"valueAddedTaxIncluded\":\"true\"},\"seller\":{\"@type\":\"Organization\",\"@id\":\"https:\\\/\\\/kornita.lt\\\/en\\\/#organization\"}}},{\"@type\":\"WebPage\",\"@id\":\"https:\\\/\\\/kornita.lt\\\/en\\\/shop\\\/miltai-miltu-misiniai\\\/coco-farm-moliugu-miltai-nuriebalinti-is-neskrudintu-seklu-250g\\\/#webpage\",\"url\":\"https:\\\/\\\/kornita.lt\\\/en\\\/shop\\\/miltai-miltu-misiniai\\\/coco-farm-moliugu-miltai-nuriebalinti-is-neskrudintu-seklu-250g\\\/\",\"name\":\"Moli\\u016bg\\u0173 miltai, nuriebalinti i\\u0161 neskrudint\\u0173 s\\u0117kl\\u0173 250g - kornita\",\"description\":\"Moli\\u016bg\\u0173 miltai, nuriebalinti i\\u0161 neskrudint\\u0173 s\\u0117kl\\u0173 250g Moli\\u016bg\\u0173 miltai yra vertingas daugelio vegani\\u0161k\\u0173 ir keto patiekal\\u0173 ingredientas. Jis gaminamas i\\u0161 \\u017eali\\u0173 moli\\u016bg\\u0173 s\\u0117kl\\u0173, likusi\\u0173 po aliejaus spaudimo. Moli\\u016bg\\u0173 s\\u0117kl\\u0173 miltai pa\\u012fvairins j\\u016bs\\u0173 virtuv\\u0119 ir suteiks puiki\\u0173 maistini\\u0173 ver\\u010di\\u0173. Moli\\u016bg\\u0173 miltai, naudojimas kulinarijoje, savyb\\u0117s Gali nustebinti tai, kad moli\\u016bg\\u0173 miltai turi \\u0161iek tiek rie\\u0161ut\\u0173 skon\\u012f, kur\\u012f\",\"inLanguage\":\"en-US\",\"isPartOf\":{\"@id\":\"https:\\\/\\\/kornita.lt\\\/en\\\/#website\"},\"breadcrumb\":{\"@id\":\"https:\\\/\\\/kornita.lt\\\/en\\\/shop\\\/miltai-miltu-misiniai\\\/coco-farm-moliugu-miltai-nuriebalinti-is-neskrudintu-seklu-250g\\\/#breadcrumblist\"},\"image\":{\"@type\":\"ImageObject\",\"url\":\"https:\\\/\\\/kornita.lt\\\/wp-content\\\/uploads\\\/2024\\\/02\\\/Coco-Farm-moliugu-miltai-nuriebalinti-is-neskrudintu-seklu-250g.jpg\",\"@id\":\"https:\\\/\\\/kornita.lt\\\/en\\\/shop\\\/miltai-miltu-misiniai\\\/coco-farm-moliugu-miltai-nuriebalinti-is-neskrudintu-seklu-250g\\\/#mainImage\",\"width\":1486,\"height\":1989},\"primaryImageOfPage\":{\"@id\":\"https:\\\/\\\/kornita.lt\\\/en\\\/shop\\\/miltai-miltu-misiniai\\\/coco-farm-moliugu-miltai-nuriebalinti-is-neskrudintu-seklu-250g\\\/#mainImage\"},\"datePublished\":\"2024-03-08T13:34:33+00:00\",\"dateModified\":\"2025-07-16T06:43:02+00:00\"},{\"@type\":\"WebSite\",\"@id\":\"https:\\\/\\\/kornita.lt\\\/en\\\/#website\",\"url\":\"https:\\\/\\\/kornita.lt\\\/en\\\/\",\"name\":\"kornita\",\"inLanguage\":\"en-US\",\"publisher\":{\"@id\":\"https:\\\/\\\/kornita.lt\\\/en\\\/#organization\"}}]}\n\t\t<\/script>\n\t\t<!-- All in One SEO Pro -->\r\n\t\t<title>Moli\u016bg\u0173 miltai, nuriebalinti i\u0161 neskrudint\u0173 s\u0117kl\u0173 250g - kornita<\/title>\n\n","aioseo_head_json":{"title":"Moli\u016bg\u0173 miltai, nuriebalinti i\u0161 neskrudint\u0173 s\u0117kl\u0173 250g - kornita","description":"Moli\u016bg\u0173 miltai, nuriebalinti i\u0161 neskrudint\u0173 s\u0117kl\u0173 250g Moli\u016bg\u0173 miltai yra vertingas daugelio vegani\u0161k\u0173 ir keto patiekal\u0173 ingredientas. Jis gaminamas i\u0161 \u017eali\u0173 moli\u016bg\u0173 s\u0117kl\u0173, likusi\u0173 po aliejaus spaudimo. Moli\u016bg\u0173 s\u0117kl\u0173 miltai pa\u012fvairins j\u016bs\u0173 virtuv\u0119 ir suteiks puiki\u0173 maistini\u0173 ver\u010di\u0173. Moli\u016bg\u0173 miltai, naudojimas kulinarijoje, savyb\u0117s Gali nustebinti tai, kad moli\u016bg\u0173 miltai turi \u0161iek tiek rie\u0161ut\u0173 skon\u012f, kur\u012f","canonical_url":"https:\/\/kornita.lt\/en\/shop\/miltai-miltu-misiniai\/coco-farm-moliugu-miltai-nuriebalinti-is-neskrudintu-seklu-250g\/","robots":"max-image-preview:large","keywords":"","webmasterTools":{"miscellaneous":""},"schema":{"@context":"https:\/\/schema.org","@graph":[{"@type":"BreadcrumbList","@id":"https:\/\/kornita.lt\/en\/shop\/miltai-miltu-misiniai\/coco-farm-moliugu-miltai-nuriebalinti-is-neskrudintu-seklu-250g\/#breadcrumblist","itemListElement":[{"@type":"ListItem","@id":"https:\/\/kornita.lt\/en\/#listItem","position":1,"name":"Home","item":"https:\/\/kornita.lt\/en\/","nextItem":{"@type":"ListItem","@id":"https:\/\/kornita.lt\/en\/shop-2\/#listItem","name":"Shop"}},{"@type":"ListItem","@id":"https:\/\/kornita.lt\/en\/shop-2\/#listItem","position":2,"name":"Shop","item":"https:\/\/kornita.lt\/en\/shop-2\/","nextItem":{"@type":"ListItem","@id":"https:\/\/kornita.lt\/en\/product-category\/miltai-miltu-misiniai\/#listItem","name":"Miltai ir milt\u0173 mi\u0161iniai"},"previousItem":{"@type":"ListItem","@id":"https:\/\/kornita.lt\/en\/#listItem","name":"Home"}},{"@type":"ListItem","@id":"https:\/\/kornita.lt\/en\/product-category\/miltai-miltu-misiniai\/#listItem","position":3,"name":"Miltai ir milt\u0173 mi\u0161iniai","item":"https:\/\/kornita.lt\/en\/product-category\/miltai-miltu-misiniai\/","nextItem":{"@type":"ListItem","@id":"https:\/\/kornita.lt\/en\/shop\/miltai-miltu-misiniai\/coco-farm-moliugu-miltai-nuriebalinti-is-neskrudintu-seklu-250g\/#listItem","name":"Moli\u016bg\u0173 miltai, nuriebalinti i\u0161 neskrudint\u0173 s\u0117kl\u0173 250g"},"previousItem":{"@type":"ListItem","@id":"https:\/\/kornita.lt\/en\/shop-2\/#listItem","name":"Shop"}},{"@type":"ListItem","@id":"https:\/\/kornita.lt\/en\/shop\/miltai-miltu-misiniai\/coco-farm-moliugu-miltai-nuriebalinti-is-neskrudintu-seklu-250g\/#listItem","position":4,"name":"Moli\u016bg\u0173 miltai, nuriebalinti i\u0161 neskrudint\u0173 s\u0117kl\u0173 250g","previousItem":{"@type":"ListItem","@id":"https:\/\/kornita.lt\/en\/product-category\/miltai-miltu-misiniai\/#listItem","name":"Miltai ir milt\u0173 mi\u0161iniai"}}]},{"@type":"Organization","@id":"https:\/\/kornita.lt\/en\/#organization","name":"kornita","url":"https:\/\/kornita.lt\/en\/","telephone":"+37068581463","logo":{"@type":"ImageObject","url":"http:\/\/kornita.webfactory.lt\/wp-content\/uploads\/2023\/04\/korni-el-prekyba.png","@id":"https:\/\/kornita.lt\/en\/shop\/miltai-miltu-misiniai\/coco-farm-moliugu-miltai-nuriebalinti-is-neskrudintu-seklu-250g\/#organizationLogo"},"image":{"@id":"https:\/\/kornita.lt\/en\/shop\/miltai-miltu-misiniai\/coco-farm-moliugu-miltai-nuriebalinti-is-neskrudintu-seklu-250g\/#organizationLogo"},"sameAs":["https:\/\/www.facebook.com\/kornita.lt"]},{"@type":"Product","@id":"https:\/\/kornita.lt\/en\/shop\/miltai-miltu-misiniai\/coco-farm-moliugu-miltai-nuriebalinti-is-neskrudintu-seklu-250g\/#wooCommerceProduct","name":"Moli\u016bg\u0173 miltai, nuriebalinti i\u0161 neskrudint\u0173 s\u0117kl\u0173 250g","url":"https:\/\/kornita.lt\/en\/shop\/miltai-miltu-misiniai\/coco-farm-moliugu-miltai-nuriebalinti-is-neskrudintu-seklu-250g\/","sku":"5904161870487","image":{"@type":"ImageObject","url":"https:\/\/kornita.lt\/wp-content\/uploads\/2024\/02\/Coco-Farm-moliugu-miltai-nuriebalinti-is-neskrudintu-seklu-250g.jpg","@id":"https:\/\/kornita.lt\/en\/shop\/miltai-miltu-misiniai\/coco-farm-moliugu-miltai-nuriebalinti-is-neskrudintu-seklu-250g\/#productImage","width":1486,"height":1989},"offers":{"@type":"Offer","url":"https:\/\/kornita.lt\/en\/shop\/miltai-miltu-misiniai\/coco-farm-moliugu-miltai-nuriebalinti-is-neskrudintu-seklu-250g\/#wooCommerceOffer","price":4.17,"priceCurrency":"EUR","category":"Miltai ir milt\u0173 mi\u0161iniai","availability":"https:\/\/schema.org\/OutOfStock","priceSpecification":{"@type":"PriceSpecification","price":4.17,"priceCurrency":"EUR","valueAddedTaxIncluded":"true"},"seller":{"@type":"Organization","@id":"https:\/\/kornita.lt\/en\/#organization"}}},{"@type":"WebPage","@id":"https:\/\/kornita.lt\/en\/shop\/miltai-miltu-misiniai\/coco-farm-moliugu-miltai-nuriebalinti-is-neskrudintu-seklu-250g\/#webpage","url":"https:\/\/kornita.lt\/en\/shop\/miltai-miltu-misiniai\/coco-farm-moliugu-miltai-nuriebalinti-is-neskrudintu-seklu-250g\/","name":"Moli\u016bg\u0173 miltai, nuriebalinti i\u0161 neskrudint\u0173 s\u0117kl\u0173 250g - kornita","description":"Moli\u016bg\u0173 miltai, nuriebalinti i\u0161 neskrudint\u0173 s\u0117kl\u0173 250g Moli\u016bg\u0173 miltai yra vertingas daugelio vegani\u0161k\u0173 ir keto patiekal\u0173 ingredientas. Jis gaminamas i\u0161 \u017eali\u0173 moli\u016bg\u0173 s\u0117kl\u0173, likusi\u0173 po aliejaus spaudimo. Moli\u016bg\u0173 s\u0117kl\u0173 miltai pa\u012fvairins j\u016bs\u0173 virtuv\u0119 ir suteiks puiki\u0173 maistini\u0173 ver\u010di\u0173. Moli\u016bg\u0173 miltai, naudojimas kulinarijoje, savyb\u0117s Gali nustebinti tai, kad moli\u016bg\u0173 miltai turi \u0161iek tiek rie\u0161ut\u0173 skon\u012f, kur\u012f","inLanguage":"en-US","isPartOf":{"@id":"https:\/\/kornita.lt\/en\/#website"},"breadcrumb":{"@id":"https:\/\/kornita.lt\/en\/shop\/miltai-miltu-misiniai\/coco-farm-moliugu-miltai-nuriebalinti-is-neskrudintu-seklu-250g\/#breadcrumblist"},"image":{"@type":"ImageObject","url":"https:\/\/kornita.lt\/wp-content\/uploads\/2024\/02\/Coco-Farm-moliugu-miltai-nuriebalinti-is-neskrudintu-seklu-250g.jpg","@id":"https:\/\/kornita.lt\/en\/shop\/miltai-miltu-misiniai\/coco-farm-moliugu-miltai-nuriebalinti-is-neskrudintu-seklu-250g\/#mainImage","width":1486,"height":1989},"primaryImageOfPage":{"@id":"https:\/\/kornita.lt\/en\/shop\/miltai-miltu-misiniai\/coco-farm-moliugu-miltai-nuriebalinti-is-neskrudintu-seklu-250g\/#mainImage"},"datePublished":"2024-03-08T13:34:33+00:00","dateModified":"2025-07-16T06:43:02+00:00"},{"@type":"WebSite","@id":"https:\/\/kornita.lt\/en\/#website","url":"https:\/\/kornita.lt\/en\/","name":"kornita","inLanguage":"en-US","publisher":{"@id":"https:\/\/kornita.lt\/en\/#organization"}}]},"og:locale":"en_US","og:site_name":"kornita -","og:type":"article","og:title":"Moli\u016bg\u0173 miltai, nuriebalinti i\u0161 neskrudint\u0173 s\u0117kl\u0173 250g - kornita","og:description":"Moli\u016bg\u0173 miltai, nuriebalinti i\u0161 neskrudint\u0173 s\u0117kl\u0173 250g Moli\u016bg\u0173 miltai yra vertingas daugelio vegani\u0161k\u0173 ir keto patiekal\u0173 ingredientas. Jis gaminamas i\u0161 \u017eali\u0173 moli\u016bg\u0173 s\u0117kl\u0173, likusi\u0173 po aliejaus spaudimo. Moli\u016bg\u0173 s\u0117kl\u0173 miltai pa\u012fvairins j\u016bs\u0173 virtuv\u0119 ir suteiks puiki\u0173 maistini\u0173 ver\u010di\u0173. Moli\u016bg\u0173 miltai, naudojimas kulinarijoje, savyb\u0117s Gali nustebinti tai, kad moli\u016bg\u0173 miltai turi \u0161iek tiek rie\u0161ut\u0173 skon\u012f, kur\u012f","og:url":"https:\/\/kornita.lt\/en\/shop\/miltai-miltu-misiniai\/coco-farm-moliugu-miltai-nuriebalinti-is-neskrudintu-seklu-250g\/","og:image":"https:\/\/kornita.webfactory.lt\/wp-content\/uploads\/2023\/04\/korni-el-prekyba.png","og:image:secure_url":"https:\/\/kornita.webfactory.lt\/wp-content\/uploads\/2023\/04\/korni-el-prekyba.png","article:published_time":"2024-03-08T13:34:33+00:00","article:modified_time":"2025-07-16T06:43:02+00:00","article:publisher":"https:\/\/www.facebook.com\/kornita.lt","twitter:card":"summary_large_image","twitter:title":"Moli\u016bg\u0173 miltai, nuriebalinti i\u0161 neskrudint\u0173 s\u0117kl\u0173 250g - kornita","twitter:description":"Moli\u016bg\u0173 miltai, nuriebalinti i\u0161 neskrudint\u0173 s\u0117kl\u0173 250g Moli\u016bg\u0173 miltai yra vertingas daugelio vegani\u0161k\u0173 ir keto patiekal\u0173 ingredientas. Jis gaminamas i\u0161 \u017eali\u0173 moli\u016bg\u0173 s\u0117kl\u0173, likusi\u0173 po aliejaus spaudimo. Moli\u016bg\u0173 s\u0117kl\u0173 miltai pa\u012fvairins j\u016bs\u0173 virtuv\u0119 ir suteiks puiki\u0173 maistini\u0173 ver\u010di\u0173. Moli\u016bg\u0173 miltai, naudojimas kulinarijoje, savyb\u0117s Gali nustebinti tai, kad moli\u016bg\u0173 miltai turi \u0161iek tiek rie\u0161ut\u0173 skon\u012f, kur\u012f","twitter:image":"http:\/\/kornita.webfactory.lt\/wp-content\/uploads\/2023\/04\/korni-el-prekyba.png"},"aioseo_meta_data":{"post_id":"22896","title":null,"description":null,"keywords":null,"keyphrases":{"focus":{"keyphrase":"","score":0,"analysis":{"keyphraseInTitle":{"score":0,"maxScore":9,"error":1}}},"additional":[]},"primary_term":null,"canonical_url":null,"og_title":null,"og_description":null,"og_object_type":"default","og_image_type":"default","og_image_url":null,"og_image_width":null,"og_image_height":null,"og_image_custom_url":null,"og_image_custom_fields":null,"og_video":"","og_custom_url":null,"og_article_section":null,"og_article_tags":null,"twitter_use_og":false,"twitter_card":"default","twitter_image_type":"default","twitter_image_url":null,"twitter_image_custom_url":null,"twitter_image_custom_fields":null,"twitter_title":null,"twitter_description":null,"schema":{"blockGraphs":[],"customGraphs":[],"default":{"data":{"Article":[],"Course":[],"Dataset":[],"FAQPage":[],"Movie":[],"Person":[],"Product":[],"ProductReview":[],"Car":[],"Recipe":[],"Service":[],"SoftwareApplication":[],"WebPage":[]},"graphName":"Product","isEnabled":true},"graphs":[]},"schema_type":"default","schema_type_options":null,"pillar_content":false,"robots_default":true,"robots_noindex":false,"robots_noarchive":false,"robots_nosnippet":false,"robots_nofollow":false,"robots_noimageindex":false,"robots_noodp":false,"robots_notranslate":false,"robots_max_snippet":"-1","robots_max_videopreview":"-1","robots_max_imagepreview":"large","priority":null,"frequency":"default","local_seo":null,"seo_analyzer_scan_date":"2025-10-08 23:57:25","breadcrumb_settings":null,"limit_modified_date":false,"open_ai":"{\"title\":{\"suggestions\":[],\"usage\":0},\"description\":{\"suggestions\":[],\"usage\":0}}","ai":{"faqs":[],"keyPoints":[],"titles":[],"descriptions":[],"socialPosts":{"email":[],"linkedin":[],"twitter":[],"facebook":[],"instagram":[]}},"created":"2024-02-22 11:23:52","updated":"2025-10-21 23:35:36"},"aioseo_breadcrumb":"<div class=\"aioseo-breadcrumbs\"><span class=\"aioseo-breadcrumb\">\n\t<a href=\"https:\/\/kornita.lt\/en\/\" title=\"Home\">Home<\/a>\n<\/span><span class=\"aioseo-breadcrumb-separator\">&raquo;<\/span><span class=\"aioseo-breadcrumb\">\n\t<a href=\"https:\/\/kornita.lt\/en\/shop-2\/\" title=\"Shop\">Shop<\/a>\n<\/span><span class=\"aioseo-breadcrumb-separator\">&raquo;<\/span><span class=\"aioseo-breadcrumb\">\n\t<a href=\"https:\/\/kornita.lt\/en\/product-category\/miltai-miltu-misiniai\/\" title=\"Miltai ir milt\u0173 mi\u0161iniai\">Miltai ir milt\u0173 mi\u0161iniai<\/a>\n<\/span><span class=\"aioseo-breadcrumb-separator\">&raquo;<\/span><span class=\"aioseo-breadcrumb\">\n\tMoli\u016bg\u0173 miltai, nuriebalinti i\u0161 neskrudint\u0173 s\u0117kl\u0173 250g\n<\/span><\/div>","aioseo_breadcrumb_json":[{"label":"Home","link":"https:\/\/kornita.lt\/en\/"},{"label":"Shop","link":"https:\/\/kornita.lt\/en\/shop-2\/"},{"label":"Miltai ir milt\u0173 mi\u0161iniai","link":"https:\/\/kornita.lt\/en\/product-category\/miltai-miltu-misiniai\/"},{"label":"Moli\u016bg\u0173 miltai, nuriebalinti i\u0161 neskrudint\u0173 s\u0117kl\u0173 250g","link":"https:\/\/kornita.lt\/en\/shop\/miltai-miltu-misiniai\/coco-farm-moliugu-miltai-nuriebalinti-is-neskrudintu-seklu-250g\/"}],"_links":{"self":[{"href":"https:\/\/kornita.lt\/en\/wp-json\/wp\/v2\/product\/22896","targetHints":{"allow":["GET"]}}],"collection":[{"href":"https:\/\/kornita.lt\/en\/wp-json\/wp\/v2\/product"}],"about":[{"href":"https:\/\/kornita.lt\/en\/wp-json\/wp\/v2\/types\/product"}],"replies":[{"embeddable":true,"href":"https:\/\/kornita.lt\/en\/wp-json\/wp\/v2\/comments?post=22896"}],"version-history":[{"count":1,"href":"https:\/\/kornita.lt\/en\/wp-json\/wp\/v2\/product\/22896\/revisions"}],"predecessor-version":[{"id":24368,"href":"https:\/\/kornita.lt\/en\/wp-json\/wp\/v2\/product\/22896\/revisions\/24368"}],"wp:featuredmedia":[{"embeddable":true,"href":"https:\/\/kornita.lt\/en\/wp-json\/wp\/v2\/media\/22903"}],"wp:attachment":[{"href":"https:\/\/kornita.lt\/en\/wp-json\/wp\/v2\/media?parent=22896"}],"wp:term":[{"taxonomy":"product_brand","embeddable":true,"href":"https:\/\/kornita.lt\/en\/wp-json\/wp\/v2\/product_brand?post=22896"},{"taxonomy":"product_cat","embeddable":true,"href":"https:\/\/kornita.lt\/en\/wp-json\/wp\/v2\/product_cat?post=22896"},{"taxonomy":"product_tag","embeddable":true,"href":"https:\/\/kornita.lt\/en\/wp-json\/wp\/v2\/product_tag?post=22896"}],"curies":[{"name":"wp","href":"https:\/\/api.w.org\/{rel}","templated":true}]}}