{"id":22889,"date":"2024-03-08T13:34:36","date_gmt":"2024-03-08T13:34:36","guid":{"rendered":"https:\/\/kornita.lt\/?post_type=product&#038;p=22889"},"modified":"2025-05-19T08:52:07","modified_gmt":"2025-05-19T08:52:07","slug":"linu-semenu-kose-su-kokosu-ir-kokosu-pieno-milteliais-50g","status":"publish","type":"product","link":"https:\/\/kornita.lt\/en\/shop\/miltai-miltu-misiniai\/linu-semenu-kose-su-kokosu-ir-kokosu-pieno-milteliais-50g\/","title":{"rendered":"Lin\u0173 s\u0117men\u0173 ko\u0161\u0117 su kokosu ir kokos\u0173 pieno milteliais 50g"},"content":{"rendered":"<h2>Lin\u0173 s\u0117men\u0173 ko\u0161\u0117 su kokosu ir kokos\u0173 pieno milteliais 50g<\/h2>\n<p>S\u0117menys \u2013 \u0161imtme\u010dius \u017einomas augalas, i\u0161 kartos \u012f kart\u0105 naudojamas daugiausia kaip vaistas nuo \u012fvairi\u0173 skrand\u017eio negalavim\u0173. Kas i\u0161 m\u016bs\u0173 ne\u017einot\u0173 populiaraus gr\u016bd\u0173 ir verdan\u010dio vandens mi\u0161inio? Nors \u0161is duetas neabejotinai turi<\/p>\n<p>raminan\u010dios savyb\u0117s ne tik skrand\u012f, bet ir puiki maistin\u0117 vert\u0117, jo skonis ir konsistencija neskatina reguliariai vartoti. Gaila, nes lin\u0173 s\u0117menyse esan\u010dios riebal\u0173 r\u016bg\u0161tys, ypa\u010d m\u016bs\u0173 sveikatai b\u016btinos Omega 3, taip pat vitaminai, mineralai ir gleivin\u0117s med\u017eiagos maitina m\u016bs\u0173 organizm\u0105, gerina odos ir plauk\u0173 b\u016bkl\u0119.<\/p>\n<p>SIEMIANKI \u2013 SKANUS IR SVEIKAS PAVALGIS BE JOKI\u0172 (*)<\/p>\n<p>turtingas Omega 3<br \/>\nsu \u017eemu glikemijos indeksu<br \/>\nbe prid\u0117tinio cukraus<br \/>\nma\u017eas angliavandeni\u0173 kiekis<br \/>\nbe pieno ir laktoz\u0117s (vegani\u0161kas)<br \/>\nyra tiamino (vit. B1) ir vitamino E<br \/>\nsud\u0117tyje yra magnio, vario, fosforo, mangano&#8221;&#8221;&#8221;<\/p>\n","protected":false},"excerpt":{"rendered":"<p>Lin\u0173 s\u0117men\u0173 ko\u0161\u0117 su kokosu ir kokos\u0173 pieno milteliais 50g S\u0117menys \u2013 \u0161imtme\u010dius \u017einomas augalas, i\u0161 kartos \u012f kart\u0105 naudojamas<\/p>\n","protected":false},"featured_media":22890,"comment_status":"open","ping_status":"closed","template":"","meta":[],"product_brand":[],"product_cat":[215],"product_tag":[],"class_list":{"0":"post-22889","1":"product","2":"type-product","3":"status-publish","4":"has-post-thumbnail","6":"product_cat-miltai-miltu-misiniai","7":"product_shipping_class-pristatymas","9":"first","10":"outofstock","11":"taxable","12":"shipping-taxable","13":"purchasable","14":"product-type-simple"},"aioseo_notices":[],"aioseo_head":"\n\t\t<!-- All in One SEO Pro 4.9.5.2 - aioseo.com -->\n\t<meta name=\"description\" content=\"Lin\u0173 s\u0117men\u0173 ko\u0161\u0117 su kokosu ir kokos\u0173 pieno milteliais 50g S\u0117menys \u2013 \u0161imtme\u010dius \u017einomas augalas, i\u0161 kartos \u012f kart\u0105 naudojamas daugiausia kaip vaistas nuo \u012fvairi\u0173 skrand\u017eio negalavim\u0173. Kas i\u0161 m\u016bs\u0173 ne\u017einot\u0173 populiaraus gr\u016bd\u0173 ir verdan\u010dio vandens mi\u0161inio? Nors \u0161is duetas neabejotinai turi raminan\u010dios savyb\u0117s ne tik skrand\u012f, bet ir puiki maistin\u0117 vert\u0117, jo skonis ir\" \/>\n\t<meta name=\"robots\" content=\"max-image-preview:large\" \/>\n\t<link rel=\"canonical\" href=\"https:\/\/kornita.lt\/en\/shop\/miltai-miltu-misiniai\/linu-semenu-kose-su-kokosu-ir-kokosu-pieno-milteliais-50g\/\" \/>\n\t<meta name=\"generator\" content=\"All in One SEO Pro (AIOSEO) 4.9.5.2\" \/>\n\t\t<meta property=\"og:locale\" content=\"en_US\" \/>\n\t\t<meta property=\"og:site_name\" content=\"kornita -\" \/>\n\t\t<meta property=\"og:type\" content=\"article\" \/>\n\t\t<meta property=\"og:title\" content=\"Lin\u0173 s\u0117men\u0173 ko\u0161\u0117 su kokosu ir kokos\u0173 pieno milteliais 50g - kornita\" \/>\n\t\t<meta property=\"og:description\" content=\"Lin\u0173 s\u0117men\u0173 ko\u0161\u0117 su kokosu ir kokos\u0173 pieno milteliais 50g S\u0117menys \u2013 \u0161imtme\u010dius \u017einomas augalas, i\u0161 kartos \u012f kart\u0105 naudojamas daugiausia kaip vaistas nuo \u012fvairi\u0173 skrand\u017eio negalavim\u0173. Kas i\u0161 m\u016bs\u0173 ne\u017einot\u0173 populiaraus gr\u016bd\u0173 ir verdan\u010dio vandens mi\u0161inio? Nors \u0161is duetas neabejotinai turi raminan\u010dios savyb\u0117s ne tik skrand\u012f, bet ir puiki maistin\u0117 vert\u0117, jo skonis ir\" \/>\n\t\t<meta property=\"og:url\" content=\"https:\/\/kornita.lt\/en\/shop\/miltai-miltu-misiniai\/linu-semenu-kose-su-kokosu-ir-kokosu-pieno-milteliais-50g\/\" \/>\n\t\t<meta property=\"og:image\" content=\"https:\/\/kornita.webfactory.lt\/wp-content\/uploads\/2023\/04\/korni-el-prekyba.png\" \/>\n\t\t<meta property=\"og:image:secure_url\" content=\"https:\/\/kornita.webfactory.lt\/wp-content\/uploads\/2023\/04\/korni-el-prekyba.png\" \/>\n\t\t<meta property=\"article:published_time\" content=\"2024-03-08T13:34:36+00:00\" \/>\n\t\t<meta property=\"article:modified_time\" content=\"2025-05-19T08:52:07+00:00\" \/>\n\t\t<meta property=\"article:publisher\" content=\"https:\/\/www.facebook.com\/kornita.lt\" \/>\n\t\t<meta name=\"twitter:card\" content=\"summary_large_image\" \/>\n\t\t<meta name=\"twitter:title\" content=\"Lin\u0173 s\u0117men\u0173 ko\u0161\u0117 su kokosu ir kokos\u0173 pieno milteliais 50g - kornita\" \/>\n\t\t<meta name=\"twitter:description\" content=\"Lin\u0173 s\u0117men\u0173 ko\u0161\u0117 su kokosu ir kokos\u0173 pieno milteliais 50g S\u0117menys \u2013 \u0161imtme\u010dius \u017einomas augalas, i\u0161 kartos \u012f kart\u0105 naudojamas daugiausia kaip vaistas nuo \u012fvairi\u0173 skrand\u017eio negalavim\u0173. Kas i\u0161 m\u016bs\u0173 ne\u017einot\u0173 populiaraus gr\u016bd\u0173 ir verdan\u010dio vandens mi\u0161inio? Nors \u0161is duetas neabejotinai turi raminan\u010dios savyb\u0117s ne tik skrand\u012f, bet ir puiki maistin\u0117 vert\u0117, jo skonis ir\" \/>\n\t\t<meta name=\"twitter:image\" content=\"http:\/\/kornita.webfactory.lt\/wp-content\/uploads\/2023\/04\/korni-el-prekyba.png\" \/>\n\t\t<script type=\"application\/ld+json\" class=\"aioseo-schema\">\n\t\t\t{\"@context\":\"https:\\\/\\\/schema.org\",\"@graph\":[{\"@type\":\"BreadcrumbList\",\"@id\":\"https:\\\/\\\/kornita.lt\\\/en\\\/shop\\\/miltai-miltu-misiniai\\\/linu-semenu-kose-su-kokosu-ir-kokosu-pieno-milteliais-50g\\\/#breadcrumblist\",\"itemListElement\":[{\"@type\":\"ListItem\",\"@id\":\"https:\\\/\\\/kornita.lt\\\/en\\\/#listItem\",\"position\":1,\"name\":\"Home\",\"item\":\"https:\\\/\\\/kornita.lt\\\/en\\\/\",\"nextItem\":{\"@type\":\"ListItem\",\"@id\":\"https:\\\/\\\/kornita.lt\\\/en\\\/shop-2\\\/#listItem\",\"name\":\"Shop\"}},{\"@type\":\"ListItem\",\"@id\":\"https:\\\/\\\/kornita.lt\\\/en\\\/shop-2\\\/#listItem\",\"position\":2,\"name\":\"Shop\",\"item\":\"https:\\\/\\\/kornita.lt\\\/en\\\/shop-2\\\/\",\"nextItem\":{\"@type\":\"ListItem\",\"@id\":\"https:\\\/\\\/kornita.lt\\\/en\\\/product-category\\\/miltai-miltu-misiniai\\\/#listItem\",\"name\":\"Miltai ir milt\\u0173 mi\\u0161iniai\"},\"previousItem\":{\"@type\":\"ListItem\",\"@id\":\"https:\\\/\\\/kornita.lt\\\/en\\\/#listItem\",\"name\":\"Home\"}},{\"@type\":\"ListItem\",\"@id\":\"https:\\\/\\\/kornita.lt\\\/en\\\/product-category\\\/miltai-miltu-misiniai\\\/#listItem\",\"position\":3,\"name\":\"Miltai ir milt\\u0173 mi\\u0161iniai\",\"item\":\"https:\\\/\\\/kornita.lt\\\/en\\\/product-category\\\/miltai-miltu-misiniai\\\/\",\"nextItem\":{\"@type\":\"ListItem\",\"@id\":\"https:\\\/\\\/kornita.lt\\\/en\\\/shop\\\/miltai-miltu-misiniai\\\/linu-semenu-kose-su-kokosu-ir-kokosu-pieno-milteliais-50g\\\/#listItem\",\"name\":\"Lin\\u0173 s\\u0117men\\u0173 ko\\u0161\\u0117 su kokosu ir kokos\\u0173 pieno milteliais 50g\"},\"previousItem\":{\"@type\":\"ListItem\",\"@id\":\"https:\\\/\\\/kornita.lt\\\/en\\\/shop-2\\\/#listItem\",\"name\":\"Shop\"}},{\"@type\":\"ListItem\",\"@id\":\"https:\\\/\\\/kornita.lt\\\/en\\\/shop\\\/miltai-miltu-misiniai\\\/linu-semenu-kose-su-kokosu-ir-kokosu-pieno-milteliais-50g\\\/#listItem\",\"position\":4,\"name\":\"Lin\\u0173 s\\u0117men\\u0173 ko\\u0161\\u0117 su kokosu ir kokos\\u0173 pieno milteliais 50g\",\"previousItem\":{\"@type\":\"ListItem\",\"@id\":\"https:\\\/\\\/kornita.lt\\\/en\\\/product-category\\\/miltai-miltu-misiniai\\\/#listItem\",\"name\":\"Miltai ir milt\\u0173 mi\\u0161iniai\"}}]},{\"@type\":\"Organization\",\"@id\":\"https:\\\/\\\/kornita.lt\\\/en\\\/#organization\",\"name\":\"kornita\",\"url\":\"https:\\\/\\\/kornita.lt\\\/en\\\/\",\"telephone\":\"+37068581463\",\"logo\":{\"@type\":\"ImageObject\",\"url\":\"http:\\\/\\\/kornita.webfactory.lt\\\/wp-content\\\/uploads\\\/2023\\\/04\\\/korni-el-prekyba.png\",\"@id\":\"https:\\\/\\\/kornita.lt\\\/en\\\/shop\\\/miltai-miltu-misiniai\\\/linu-semenu-kose-su-kokosu-ir-kokosu-pieno-milteliais-50g\\\/#organizationLogo\"},\"image\":{\"@id\":\"https:\\\/\\\/kornita.lt\\\/en\\\/shop\\\/miltai-miltu-misiniai\\\/linu-semenu-kose-su-kokosu-ir-kokosu-pieno-milteliais-50g\\\/#organizationLogo\"},\"sameAs\":[\"https:\\\/\\\/www.facebook.com\\\/kornita.lt\"]},{\"@type\":\"Product\",\"@id\":\"https:\\\/\\\/kornita.lt\\\/en\\\/shop\\\/miltai-miltu-misiniai\\\/linu-semenu-kose-su-kokosu-ir-kokosu-pieno-milteliais-50g\\\/#wooCommerceProduct\",\"name\":\"Lin\\u0173 s\\u0117men\\u0173 ko\\u0161\\u0117 su kokosu ir kokos\\u0173 pieno milteliais 50g\",\"url\":\"https:\\\/\\\/kornita.lt\\\/en\\\/shop\\\/miltai-miltu-misiniai\\\/linu-semenu-kose-su-kokosu-ir-kokosu-pieno-milteliais-50g\\\/\",\"sku\":\"5904161870555\",\"image\":{\"@type\":\"ImageObject\",\"url\":\"https:\\\/\\\/kornita.lt\\\/wp-content\\\/uploads\\\/2024\\\/02\\\/Linu-semenu-kose-su-kokosu-ir-kokosu-pieno-milteliais-50g.png\",\"@id\":\"https:\\\/\\\/kornita.lt\\\/en\\\/shop\\\/miltai-miltu-misiniai\\\/linu-semenu-kose-su-kokosu-ir-kokosu-pieno-milteliais-50g\\\/#productImage\",\"width\":1080,\"height\":1080},\"offers\":{\"@type\":\"Offer\",\"url\":\"https:\\\/\\\/kornita.lt\\\/en\\\/shop\\\/miltai-miltu-misiniai\\\/linu-semenu-kose-su-kokosu-ir-kokosu-pieno-milteliais-50g\\\/#wooCommerceOffer\",\"price\":1.8,\"priceCurrency\":\"EUR\",\"category\":\"Miltai ir milt\\u0173 mi\\u0161iniai\",\"availability\":\"https:\\\/\\\/schema.org\\\/OutOfStock\",\"priceSpecification\":{\"@type\":\"PriceSpecification\",\"price\":1.8,\"priceCurrency\":\"EUR\",\"valueAddedTaxIncluded\":\"true\"},\"seller\":{\"@type\":\"Organization\",\"@id\":\"https:\\\/\\\/kornita.lt\\\/en\\\/#organization\"}}},{\"@type\":\"WebPage\",\"@id\":\"https:\\\/\\\/kornita.lt\\\/en\\\/shop\\\/miltai-miltu-misiniai\\\/linu-semenu-kose-su-kokosu-ir-kokosu-pieno-milteliais-50g\\\/#webpage\",\"url\":\"https:\\\/\\\/kornita.lt\\\/en\\\/shop\\\/miltai-miltu-misiniai\\\/linu-semenu-kose-su-kokosu-ir-kokosu-pieno-milteliais-50g\\\/\",\"name\":\"Lin\\u0173 s\\u0117men\\u0173 ko\\u0161\\u0117 su kokosu ir kokos\\u0173 pieno milteliais 50g - kornita\",\"description\":\"Lin\\u0173 s\\u0117men\\u0173 ko\\u0161\\u0117 su kokosu ir kokos\\u0173 pieno milteliais 50g S\\u0117menys \\u2013 \\u0161imtme\\u010dius \\u017einomas augalas, i\\u0161 kartos \\u012f kart\\u0105 naudojamas daugiausia kaip vaistas nuo \\u012fvairi\\u0173 skrand\\u017eio negalavim\\u0173. Kas i\\u0161 m\\u016bs\\u0173 ne\\u017einot\\u0173 populiaraus gr\\u016bd\\u0173 ir verdan\\u010dio vandens mi\\u0161inio? Nors \\u0161is duetas neabejotinai turi raminan\\u010dios savyb\\u0117s ne tik skrand\\u012f, bet ir puiki maistin\\u0117 vert\\u0117, jo skonis ir\",\"inLanguage\":\"en-US\",\"isPartOf\":{\"@id\":\"https:\\\/\\\/kornita.lt\\\/en\\\/#website\"},\"breadcrumb\":{\"@id\":\"https:\\\/\\\/kornita.lt\\\/en\\\/shop\\\/miltai-miltu-misiniai\\\/linu-semenu-kose-su-kokosu-ir-kokosu-pieno-milteliais-50g\\\/#breadcrumblist\"},\"image\":{\"@type\":\"ImageObject\",\"url\":\"https:\\\/\\\/kornita.lt\\\/wp-content\\\/uploads\\\/2024\\\/02\\\/Linu-semenu-kose-su-kokosu-ir-kokosu-pieno-milteliais-50g.png\",\"@id\":\"https:\\\/\\\/kornita.lt\\\/en\\\/shop\\\/miltai-miltu-misiniai\\\/linu-semenu-kose-su-kokosu-ir-kokosu-pieno-milteliais-50g\\\/#mainImage\",\"width\":1080,\"height\":1080},\"primaryImageOfPage\":{\"@id\":\"https:\\\/\\\/kornita.lt\\\/en\\\/shop\\\/miltai-miltu-misiniai\\\/linu-semenu-kose-su-kokosu-ir-kokosu-pieno-milteliais-50g\\\/#mainImage\"},\"datePublished\":\"2024-03-08T13:34:36+00:00\",\"dateModified\":\"2025-05-19T08:52:07+00:00\"},{\"@type\":\"WebSite\",\"@id\":\"https:\\\/\\\/kornita.lt\\\/en\\\/#website\",\"url\":\"https:\\\/\\\/kornita.lt\\\/en\\\/\",\"name\":\"kornita\",\"inLanguage\":\"en-US\",\"publisher\":{\"@id\":\"https:\\\/\\\/kornita.lt\\\/en\\\/#organization\"}}]}\n\t\t<\/script>\n\t\t<!-- All in One SEO Pro -->\r\n\t\t<title>Lin\u0173 s\u0117men\u0173 ko\u0161\u0117 su kokosu ir kokos\u0173 pieno milteliais 50g - kornita<\/title>\n\n","aioseo_head_json":{"title":"Lin\u0173 s\u0117men\u0173 ko\u0161\u0117 su kokosu ir kokos\u0173 pieno milteliais 50g - kornita","description":"Lin\u0173 s\u0117men\u0173 ko\u0161\u0117 su kokosu ir kokos\u0173 pieno milteliais 50g S\u0117menys \u2013 \u0161imtme\u010dius \u017einomas augalas, i\u0161 kartos \u012f kart\u0105 naudojamas daugiausia kaip vaistas nuo \u012fvairi\u0173 skrand\u017eio negalavim\u0173. Kas i\u0161 m\u016bs\u0173 ne\u017einot\u0173 populiaraus gr\u016bd\u0173 ir verdan\u010dio vandens mi\u0161inio? Nors \u0161is duetas neabejotinai turi raminan\u010dios savyb\u0117s ne tik skrand\u012f, bet ir puiki maistin\u0117 vert\u0117, jo skonis ir","canonical_url":"https:\/\/kornita.lt\/en\/shop\/miltai-miltu-misiniai\/linu-semenu-kose-su-kokosu-ir-kokosu-pieno-milteliais-50g\/","robots":"max-image-preview:large","keywords":"","webmasterTools":{"miscellaneous":""},"schema":{"@context":"https:\/\/schema.org","@graph":[{"@type":"BreadcrumbList","@id":"https:\/\/kornita.lt\/en\/shop\/miltai-miltu-misiniai\/linu-semenu-kose-su-kokosu-ir-kokosu-pieno-milteliais-50g\/#breadcrumblist","itemListElement":[{"@type":"ListItem","@id":"https:\/\/kornita.lt\/en\/#listItem","position":1,"name":"Home","item":"https:\/\/kornita.lt\/en\/","nextItem":{"@type":"ListItem","@id":"https:\/\/kornita.lt\/en\/shop-2\/#listItem","name":"Shop"}},{"@type":"ListItem","@id":"https:\/\/kornita.lt\/en\/shop-2\/#listItem","position":2,"name":"Shop","item":"https:\/\/kornita.lt\/en\/shop-2\/","nextItem":{"@type":"ListItem","@id":"https:\/\/kornita.lt\/en\/product-category\/miltai-miltu-misiniai\/#listItem","name":"Miltai ir milt\u0173 mi\u0161iniai"},"previousItem":{"@type":"ListItem","@id":"https:\/\/kornita.lt\/en\/#listItem","name":"Home"}},{"@type":"ListItem","@id":"https:\/\/kornita.lt\/en\/product-category\/miltai-miltu-misiniai\/#listItem","position":3,"name":"Miltai ir milt\u0173 mi\u0161iniai","item":"https:\/\/kornita.lt\/en\/product-category\/miltai-miltu-misiniai\/","nextItem":{"@type":"ListItem","@id":"https:\/\/kornita.lt\/en\/shop\/miltai-miltu-misiniai\/linu-semenu-kose-su-kokosu-ir-kokosu-pieno-milteliais-50g\/#listItem","name":"Lin\u0173 s\u0117men\u0173 ko\u0161\u0117 su kokosu ir kokos\u0173 pieno milteliais 50g"},"previousItem":{"@type":"ListItem","@id":"https:\/\/kornita.lt\/en\/shop-2\/#listItem","name":"Shop"}},{"@type":"ListItem","@id":"https:\/\/kornita.lt\/en\/shop\/miltai-miltu-misiniai\/linu-semenu-kose-su-kokosu-ir-kokosu-pieno-milteliais-50g\/#listItem","position":4,"name":"Lin\u0173 s\u0117men\u0173 ko\u0161\u0117 su kokosu ir kokos\u0173 pieno milteliais 50g","previousItem":{"@type":"ListItem","@id":"https:\/\/kornita.lt\/en\/product-category\/miltai-miltu-misiniai\/#listItem","name":"Miltai ir milt\u0173 mi\u0161iniai"}}]},{"@type":"Organization","@id":"https:\/\/kornita.lt\/en\/#organization","name":"kornita","url":"https:\/\/kornita.lt\/en\/","telephone":"+37068581463","logo":{"@type":"ImageObject","url":"http:\/\/kornita.webfactory.lt\/wp-content\/uploads\/2023\/04\/korni-el-prekyba.png","@id":"https:\/\/kornita.lt\/en\/shop\/miltai-miltu-misiniai\/linu-semenu-kose-su-kokosu-ir-kokosu-pieno-milteliais-50g\/#organizationLogo"},"image":{"@id":"https:\/\/kornita.lt\/en\/shop\/miltai-miltu-misiniai\/linu-semenu-kose-su-kokosu-ir-kokosu-pieno-milteliais-50g\/#organizationLogo"},"sameAs":["https:\/\/www.facebook.com\/kornita.lt"]},{"@type":"Product","@id":"https:\/\/kornita.lt\/en\/shop\/miltai-miltu-misiniai\/linu-semenu-kose-su-kokosu-ir-kokosu-pieno-milteliais-50g\/#wooCommerceProduct","name":"Lin\u0173 s\u0117men\u0173 ko\u0161\u0117 su kokosu ir kokos\u0173 pieno milteliais 50g","url":"https:\/\/kornita.lt\/en\/shop\/miltai-miltu-misiniai\/linu-semenu-kose-su-kokosu-ir-kokosu-pieno-milteliais-50g\/","sku":"5904161870555","image":{"@type":"ImageObject","url":"https:\/\/kornita.lt\/wp-content\/uploads\/2024\/02\/Linu-semenu-kose-su-kokosu-ir-kokosu-pieno-milteliais-50g.png","@id":"https:\/\/kornita.lt\/en\/shop\/miltai-miltu-misiniai\/linu-semenu-kose-su-kokosu-ir-kokosu-pieno-milteliais-50g\/#productImage","width":1080,"height":1080},"offers":{"@type":"Offer","url":"https:\/\/kornita.lt\/en\/shop\/miltai-miltu-misiniai\/linu-semenu-kose-su-kokosu-ir-kokosu-pieno-milteliais-50g\/#wooCommerceOffer","price":1.8,"priceCurrency":"EUR","category":"Miltai ir milt\u0173 mi\u0161iniai","availability":"https:\/\/schema.org\/OutOfStock","priceSpecification":{"@type":"PriceSpecification","price":1.8,"priceCurrency":"EUR","valueAddedTaxIncluded":"true"},"seller":{"@type":"Organization","@id":"https:\/\/kornita.lt\/en\/#organization"}}},{"@type":"WebPage","@id":"https:\/\/kornita.lt\/en\/shop\/miltai-miltu-misiniai\/linu-semenu-kose-su-kokosu-ir-kokosu-pieno-milteliais-50g\/#webpage","url":"https:\/\/kornita.lt\/en\/shop\/miltai-miltu-misiniai\/linu-semenu-kose-su-kokosu-ir-kokosu-pieno-milteliais-50g\/","name":"Lin\u0173 s\u0117men\u0173 ko\u0161\u0117 su kokosu ir kokos\u0173 pieno milteliais 50g - kornita","description":"Lin\u0173 s\u0117men\u0173 ko\u0161\u0117 su kokosu ir kokos\u0173 pieno milteliais 50g S\u0117menys \u2013 \u0161imtme\u010dius \u017einomas augalas, i\u0161 kartos \u012f kart\u0105 naudojamas daugiausia kaip vaistas nuo \u012fvairi\u0173 skrand\u017eio negalavim\u0173. Kas i\u0161 m\u016bs\u0173 ne\u017einot\u0173 populiaraus gr\u016bd\u0173 ir verdan\u010dio vandens mi\u0161inio? Nors \u0161is duetas neabejotinai turi raminan\u010dios savyb\u0117s ne tik skrand\u012f, bet ir puiki maistin\u0117 vert\u0117, jo skonis ir","inLanguage":"en-US","isPartOf":{"@id":"https:\/\/kornita.lt\/en\/#website"},"breadcrumb":{"@id":"https:\/\/kornita.lt\/en\/shop\/miltai-miltu-misiniai\/linu-semenu-kose-su-kokosu-ir-kokosu-pieno-milteliais-50g\/#breadcrumblist"},"image":{"@type":"ImageObject","url":"https:\/\/kornita.lt\/wp-content\/uploads\/2024\/02\/Linu-semenu-kose-su-kokosu-ir-kokosu-pieno-milteliais-50g.png","@id":"https:\/\/kornita.lt\/en\/shop\/miltai-miltu-misiniai\/linu-semenu-kose-su-kokosu-ir-kokosu-pieno-milteliais-50g\/#mainImage","width":1080,"height":1080},"primaryImageOfPage":{"@id":"https:\/\/kornita.lt\/en\/shop\/miltai-miltu-misiniai\/linu-semenu-kose-su-kokosu-ir-kokosu-pieno-milteliais-50g\/#mainImage"},"datePublished":"2024-03-08T13:34:36+00:00","dateModified":"2025-05-19T08:52:07+00:00"},{"@type":"WebSite","@id":"https:\/\/kornita.lt\/en\/#website","url":"https:\/\/kornita.lt\/en\/","name":"kornita","inLanguage":"en-US","publisher":{"@id":"https:\/\/kornita.lt\/en\/#organization"}}]},"og:locale":"en_US","og:site_name":"kornita -","og:type":"article","og:title":"Lin\u0173 s\u0117men\u0173 ko\u0161\u0117 su kokosu ir kokos\u0173 pieno milteliais 50g - kornita","og:description":"Lin\u0173 s\u0117men\u0173 ko\u0161\u0117 su kokosu ir kokos\u0173 pieno milteliais 50g S\u0117menys \u2013 \u0161imtme\u010dius \u017einomas augalas, i\u0161 kartos \u012f kart\u0105 naudojamas daugiausia kaip vaistas nuo \u012fvairi\u0173 skrand\u017eio negalavim\u0173. Kas i\u0161 m\u016bs\u0173 ne\u017einot\u0173 populiaraus gr\u016bd\u0173 ir verdan\u010dio vandens mi\u0161inio? Nors \u0161is duetas neabejotinai turi raminan\u010dios savyb\u0117s ne tik skrand\u012f, bet ir puiki maistin\u0117 vert\u0117, jo skonis ir","og:url":"https:\/\/kornita.lt\/en\/shop\/miltai-miltu-misiniai\/linu-semenu-kose-su-kokosu-ir-kokosu-pieno-milteliais-50g\/","og:image":"https:\/\/kornita.webfactory.lt\/wp-content\/uploads\/2023\/04\/korni-el-prekyba.png","og:image:secure_url":"https:\/\/kornita.webfactory.lt\/wp-content\/uploads\/2023\/04\/korni-el-prekyba.png","article:published_time":"2024-03-08T13:34:36+00:00","article:modified_time":"2025-05-19T08:52:07+00:00","article:publisher":"https:\/\/www.facebook.com\/kornita.lt","twitter:card":"summary_large_image","twitter:title":"Lin\u0173 s\u0117men\u0173 ko\u0161\u0117 su kokosu ir kokos\u0173 pieno milteliais 50g - kornita","twitter:description":"Lin\u0173 s\u0117men\u0173 ko\u0161\u0117 su kokosu ir kokos\u0173 pieno milteliais 50g S\u0117menys \u2013 \u0161imtme\u010dius \u017einomas augalas, i\u0161 kartos \u012f kart\u0105 naudojamas daugiausia kaip vaistas nuo \u012fvairi\u0173 skrand\u017eio negalavim\u0173. Kas i\u0161 m\u016bs\u0173 ne\u017einot\u0173 populiaraus gr\u016bd\u0173 ir verdan\u010dio vandens mi\u0161inio? Nors \u0161is duetas neabejotinai turi raminan\u010dios savyb\u0117s ne tik skrand\u012f, bet ir puiki maistin\u0117 vert\u0117, jo skonis ir","twitter:image":"http:\/\/kornita.webfactory.lt\/wp-content\/uploads\/2023\/04\/korni-el-prekyba.png"},"aioseo_meta_data":{"post_id":"22889","title":null,"description":null,"keywords":null,"keyphrases":{"focus":{"keyphrase":"","score":0,"analysis":{"keyphraseInTitle":{"score":0,"maxScore":9,"error":1}}},"additional":[]},"primary_term":null,"canonical_url":null,"og_title":null,"og_description":null,"og_object_type":"default","og_image_type":"default","og_image_url":null,"og_image_width":null,"og_image_height":null,"og_image_custom_url":null,"og_image_custom_fields":null,"og_video":"","og_custom_url":null,"og_article_section":null,"og_article_tags":null,"twitter_use_og":false,"twitter_card":"default","twitter_image_type":"default","twitter_image_url":null,"twitter_image_custom_url":null,"twitter_image_custom_fields":null,"twitter_title":null,"twitter_description":null,"schema":{"blockGraphs":[],"customGraphs":[],"default":{"data":{"Article":[],"Course":[],"Dataset":[],"FAQPage":[],"Movie":[],"Person":[],"Product":[],"ProductReview":[],"Car":[],"Recipe":[],"Service":[],"SoftwareApplication":[],"WebPage":[]},"graphName":"ItemPage","isEnabled":true},"graphs":[]},"schema_type":"default","schema_type_options":null,"pillar_content":false,"robots_default":true,"robots_noindex":false,"robots_noarchive":false,"robots_nosnippet":false,"robots_nofollow":false,"robots_noimageindex":false,"robots_noodp":false,"robots_notranslate":false,"robots_max_snippet":"-1","robots_max_videopreview":"-1","robots_max_imagepreview":"large","priority":null,"frequency":"default","local_seo":null,"seo_analyzer_scan_date":"2025-10-09 00:28:16","breadcrumb_settings":null,"limit_modified_date":false,"open_ai":"{\"title\":{\"suggestions\":[],\"usage\":0},\"description\":{\"suggestions\":[],\"usage\":0}}","ai":null,"created":"2024-02-22 11:12:14","updated":"2025-11-26 23:40:10"},"aioseo_breadcrumb":"<div class=\"aioseo-breadcrumbs\"><span class=\"aioseo-breadcrumb\">\n\t<a href=\"https:\/\/kornita.lt\/en\/\" title=\"Home\">Home<\/a>\n<\/span><span class=\"aioseo-breadcrumb-separator\">&raquo;<\/span><span class=\"aioseo-breadcrumb\">\n\t<a href=\"https:\/\/kornita.lt\/en\/shop-2\/\" title=\"Shop\">Shop<\/a>\n<\/span><span class=\"aioseo-breadcrumb-separator\">&raquo;<\/span><span class=\"aioseo-breadcrumb\">\n\t<a href=\"https:\/\/kornita.lt\/en\/product-category\/miltai-miltu-misiniai\/\" title=\"Miltai ir milt\u0173 mi\u0161iniai\">Miltai ir milt\u0173 mi\u0161iniai<\/a>\n<\/span><span class=\"aioseo-breadcrumb-separator\">&raquo;<\/span><span class=\"aioseo-breadcrumb\">\n\tLin\u0173 s\u0117men\u0173 ko\u0161\u0117 su kokosu ir kokos\u0173 pieno milteliais 50g\n<\/span><\/div>","aioseo_breadcrumb_json":[{"label":"Home","link":"https:\/\/kornita.lt\/en\/"},{"label":"Shop","link":"https:\/\/kornita.lt\/en\/shop-2\/"},{"label":"Miltai ir milt\u0173 mi\u0161iniai","link":"https:\/\/kornita.lt\/en\/product-category\/miltai-miltu-misiniai\/"},{"label":"Lin\u0173 s\u0117men\u0173 ko\u0161\u0117 su kokosu ir kokos\u0173 pieno milteliais 50g","link":"https:\/\/kornita.lt\/en\/shop\/miltai-miltu-misiniai\/linu-semenu-kose-su-kokosu-ir-kokosu-pieno-milteliais-50g\/"}],"_links":{"self":[{"href":"https:\/\/kornita.lt\/en\/wp-json\/wp\/v2\/product\/22889","targetHints":{"allow":["GET"]}}],"collection":[{"href":"https:\/\/kornita.lt\/en\/wp-json\/wp\/v2\/product"}],"about":[{"href":"https:\/\/kornita.lt\/en\/wp-json\/wp\/v2\/types\/product"}],"replies":[{"embeddable":true,"href":"https:\/\/kornita.lt\/en\/wp-json\/wp\/v2\/comments?post=22889"}],"version-history":[{"count":1,"href":"https:\/\/kornita.lt\/en\/wp-json\/wp\/v2\/product\/22889\/revisions"}],"predecessor-version":[{"id":24259,"href":"https:\/\/kornita.lt\/en\/wp-json\/wp\/v2\/product\/22889\/revisions\/24259"}],"wp:featuredmedia":[{"embeddable":true,"href":"https:\/\/kornita.lt\/en\/wp-json\/wp\/v2\/media\/22890"}],"wp:attachment":[{"href":"https:\/\/kornita.lt\/en\/wp-json\/wp\/v2\/media?parent=22889"}],"wp:term":[{"taxonomy":"product_brand","embeddable":true,"href":"https:\/\/kornita.lt\/en\/wp-json\/wp\/v2\/product_brand?post=22889"},{"taxonomy":"product_cat","embeddable":true,"href":"https:\/\/kornita.lt\/en\/wp-json\/wp\/v2\/product_cat?post=22889"},{"taxonomy":"product_tag","embeddable":true,"href":"https:\/\/kornita.lt\/en\/wp-json\/wp\/v2\/product_tag?post=22889"}],"curies":[{"name":"wp","href":"https:\/\/api.w.org\/{rel}","templated":true}]}}