{"id":22872,"date":"2024-03-08T13:34:36","date_gmt":"2024-03-08T13:34:36","guid":{"rendered":"https:\/\/kornita.lt\/?post_type=product&#038;p=22872"},"modified":"2025-11-27T12:06:35","modified_gmt":"2025-11-27T12:06:35","slug":"coco-farm-veganiska-vidurzemio-juros-skonio-uztepele-260-g","status":"publish","type":"product","link":"https:\/\/kornita.lt\/en\/shop\/uztepeles\/coco-farm-veganiska-vidurzemio-juros-skonio-uztepele-260-g\/","title":{"rendered":"Vegani\u0161ka Vidur\u017eemio j\u016bros skonio u\u017etep\u0117l\u0117 260 g."},"content":{"rendered":"<h2>Vegani\u0161ka Vidur\u017eemio j\u016bros skonio u\u017etep\u0117l\u0117 260 g<\/h2>\n<p>GALIOJIMO LAIKAS IKI 2025-10-17<\/p>\n<p>Vegani\u0161kos u\u017etep\u0117l\u0117s gaminamos i\u0161 Filipin\u0173 salyno pirm\u0173j\u0173 jav\u0173 kokos\u0173 aliejaus. \u010cia, anot ekspert\u0173, auga geriausi pasaulio kokosai.<\/p>\n<p>\u0160ios dar\u017eovi\u0173 u\u017etep\u0117l\u0117s \u2013 tai unikali\u0173 kokos\u0173 aliejaus, alyvuogi\u0173 aliejaus savybi\u0173 ir aromatinio \u017eoleli\u0173, dar\u017eovi\u0173 ir vaisi\u0173 mi\u0161inio derinys.<\/p>\n<p>Idealiai tinka tepti ant m\u0117gstamos duonos ir kaip bulvi\u0173, kruop\u0173, ry\u017ei\u0173 ir ank\u0161tini\u0173 dar\u017eovi\u0173 garnyr\u0105.<br \/>\nVidur\u017eemio j\u016bros skonio vegani\u0161ki taukai \u2013 tai kokos\u0173 aliejaus, alyvuogi\u0173 aliejaus ir aromatingo \u017eoleli\u0173 mi\u0161inio, saul\u0117je d\u017eiovint\u0173 pomidor\u0173 ir sald\u017ei\u0173j\u0173 svog\u016bn\u0173 derinys.<\/p>\n<h4>Paruo\u0161imas<\/h4>\n<p>Patiekalams suteikia unikalaus skonio \u2013 j\u012f galima naudoti tiesiogiai kaip pried\u0105\/garnyr\u0105 prie racione leid\u017eiamo patiekalo pagrindo, pvz., dar\u017eov\u0117ms ir m\u0117sai laikantis ma\u017eai angliavandeni\u0173 turin\u010dios dietos arba ank\u0161tin\u0117ms dar\u017eov\u0117ms, kruopoms, bulv\u0117ms ir duonai kitose dietose. Suteikia savit\u0105 skon\u012f kepant m\u0117s\u0105, dar\u017eoves, makaronus, bulves, gruzdintas bulvytes ir kt. Naudojamas kepimo pabaigoje (atsargiai, kad nepridegt\u0173 \u017eoleli\u0173 ir prieskoni\u0173), pagerins bet kokio pikanti\u0161ko keptuv\u0117s patiekalo skon\u012f, \u012fskaitant ir kiau\u0161inien\u0119. Ypatingas patiekalas gali b\u016bti batonas\/skrudinta duona\/kita duona su taukais \u2013 trumpai kepta auk\u0161toje temperat\u016broje.<\/p>\n","protected":false},"excerpt":{"rendered":"<p>Vegani\u0161ka Vidur\u017eemio j\u016bros skonio u\u017etep\u0117l\u0117 260 g GALIOJIMO LAIKAS IKI 2025-10-17 Vegani\u0161kos u\u017etep\u0117l\u0117s gaminamos i\u0161 Filipin\u0173 salyno pirm\u0173j\u0173 jav\u0173 kokos\u0173<\/p>\n","protected":false},"featured_media":22880,"comment_status":"open","ping_status":"closed","template":"","meta":[],"product_brand":[],"product_cat":[217],"product_tag":[],"class_list":{"0":"post-22872","1":"product","2":"type-product","3":"status-publish","4":"has-post-thumbnail","6":"product_cat-uztepeles","7":"product_shipping_class-pristatymas","9":"first","10":"outofstock","11":"sale","12":"taxable","13":"shipping-taxable","14":"purchasable","15":"product-type-simple"},"aioseo_notices":[],"aioseo_head":"\n\t\t<!-- All in One SEO Pro 4.9.5.2 - aioseo.com -->\n\t<meta name=\"description\" content=\"Vegani\u0161ka Vidur\u017eemio j\u016bros skonio u\u017etep\u0117l\u0117 260 g GALIOJIMO LAIKAS IKI 2025-10-17 Vegani\u0161kos u\u017etep\u0117l\u0117s gaminamos i\u0161 Filipin\u0173 salyno pirm\u0173j\u0173 jav\u0173 kokos\u0173 aliejaus. \u010cia, anot ekspert\u0173, auga geriausi pasaulio kokosai. \u0160ios dar\u017eovi\u0173 u\u017etep\u0117l\u0117s \u2013 tai unikali\u0173 kokos\u0173 aliejaus, alyvuogi\u0173 aliejaus savybi\u0173 ir aromatinio \u017eoleli\u0173, dar\u017eovi\u0173 ir vaisi\u0173 mi\u0161inio derinys. Idealiai tinka tepti ant m\u0117gstamos duonos ir kaip\" \/>\n\t<meta name=\"robots\" content=\"max-image-preview:large\" \/>\n\t<link rel=\"canonical\" href=\"https:\/\/kornita.lt\/en\/shop\/uztepeles\/coco-farm-veganiska-vidurzemio-juros-skonio-uztepele-260-g\/\" \/>\n\t<meta name=\"generator\" content=\"All in One SEO Pro (AIOSEO) 4.9.5.2\" \/>\n\t\t<meta property=\"og:locale\" content=\"en_US\" \/>\n\t\t<meta property=\"og:site_name\" content=\"kornita -\" \/>\n\t\t<meta property=\"og:type\" content=\"article\" \/>\n\t\t<meta property=\"og:title\" content=\"Vegani\u0161ka Vidur\u017eemio j\u016bros skonio u\u017etep\u0117l\u0117 260 g. - kornita\" \/>\n\t\t<meta property=\"og:description\" content=\"Vegani\u0161ka Vidur\u017eemio j\u016bros skonio u\u017etep\u0117l\u0117 260 g GALIOJIMO LAIKAS IKI 2025-10-17 Vegani\u0161kos u\u017etep\u0117l\u0117s gaminamos i\u0161 Filipin\u0173 salyno pirm\u0173j\u0173 jav\u0173 kokos\u0173 aliejaus. \u010cia, anot ekspert\u0173, auga geriausi pasaulio kokosai. \u0160ios dar\u017eovi\u0173 u\u017etep\u0117l\u0117s \u2013 tai unikali\u0173 kokos\u0173 aliejaus, alyvuogi\u0173 aliejaus savybi\u0173 ir aromatinio \u017eoleli\u0173, dar\u017eovi\u0173 ir vaisi\u0173 mi\u0161inio derinys. Idealiai tinka tepti ant m\u0117gstamos duonos ir kaip\" \/>\n\t\t<meta property=\"og:url\" content=\"https:\/\/kornita.lt\/en\/shop\/uztepeles\/coco-farm-veganiska-vidurzemio-juros-skonio-uztepele-260-g\/\" \/>\n\t\t<meta property=\"og:image\" content=\"https:\/\/kornita.webfactory.lt\/wp-content\/uploads\/2023\/04\/korni-el-prekyba.png\" \/>\n\t\t<meta property=\"og:image:secure_url\" content=\"https:\/\/kornita.webfactory.lt\/wp-content\/uploads\/2023\/04\/korni-el-prekyba.png\" \/>\n\t\t<meta property=\"article:published_time\" content=\"2024-03-08T13:34:36+00:00\" \/>\n\t\t<meta property=\"article:modified_time\" content=\"2025-11-27T12:06:35+00:00\" \/>\n\t\t<meta property=\"article:publisher\" content=\"https:\/\/www.facebook.com\/kornita.lt\" \/>\n\t\t<meta name=\"twitter:card\" content=\"summary_large_image\" \/>\n\t\t<meta name=\"twitter:title\" content=\"Vegani\u0161ka Vidur\u017eemio j\u016bros skonio u\u017etep\u0117l\u0117 260 g. - kornita\" \/>\n\t\t<meta name=\"twitter:description\" content=\"Vegani\u0161ka Vidur\u017eemio j\u016bros skonio u\u017etep\u0117l\u0117 260 g GALIOJIMO LAIKAS IKI 2025-10-17 Vegani\u0161kos u\u017etep\u0117l\u0117s gaminamos i\u0161 Filipin\u0173 salyno pirm\u0173j\u0173 jav\u0173 kokos\u0173 aliejaus. \u010cia, anot ekspert\u0173, auga geriausi pasaulio kokosai. \u0160ios dar\u017eovi\u0173 u\u017etep\u0117l\u0117s \u2013 tai unikali\u0173 kokos\u0173 aliejaus, alyvuogi\u0173 aliejaus savybi\u0173 ir aromatinio \u017eoleli\u0173, dar\u017eovi\u0173 ir vaisi\u0173 mi\u0161inio derinys. Idealiai tinka tepti ant m\u0117gstamos duonos ir kaip\" \/>\n\t\t<meta name=\"twitter:image\" content=\"http:\/\/kornita.webfactory.lt\/wp-content\/uploads\/2023\/04\/korni-el-prekyba.png\" \/>\n\t\t<script type=\"application\/ld+json\" class=\"aioseo-schema\">\n\t\t\t{\"@context\":\"https:\\\/\\\/schema.org\",\"@graph\":[{\"@type\":\"BreadcrumbList\",\"@id\":\"https:\\\/\\\/kornita.lt\\\/en\\\/shop\\\/uztepeles\\\/coco-farm-veganiska-vidurzemio-juros-skonio-uztepele-260-g\\\/#breadcrumblist\",\"itemListElement\":[{\"@type\":\"ListItem\",\"@id\":\"https:\\\/\\\/kornita.lt\\\/en\\\/#listItem\",\"position\":1,\"name\":\"Home\",\"item\":\"https:\\\/\\\/kornita.lt\\\/en\\\/\",\"nextItem\":{\"@type\":\"ListItem\",\"@id\":\"https:\\\/\\\/kornita.lt\\\/en\\\/shop-2\\\/#listItem\",\"name\":\"Shop\"}},{\"@type\":\"ListItem\",\"@id\":\"https:\\\/\\\/kornita.lt\\\/en\\\/shop-2\\\/#listItem\",\"position\":2,\"name\":\"Shop\",\"item\":\"https:\\\/\\\/kornita.lt\\\/en\\\/shop-2\\\/\",\"nextItem\":{\"@type\":\"ListItem\",\"@id\":\"https:\\\/\\\/kornita.lt\\\/en\\\/product-category\\\/uztepeles\\\/#listItem\",\"name\":\"U\\u017etep\\u0117l\\u0117s\"},\"previousItem\":{\"@type\":\"ListItem\",\"@id\":\"https:\\\/\\\/kornita.lt\\\/en\\\/#listItem\",\"name\":\"Home\"}},{\"@type\":\"ListItem\",\"@id\":\"https:\\\/\\\/kornita.lt\\\/en\\\/product-category\\\/uztepeles\\\/#listItem\",\"position\":3,\"name\":\"U\\u017etep\\u0117l\\u0117s\",\"item\":\"https:\\\/\\\/kornita.lt\\\/en\\\/product-category\\\/uztepeles\\\/\",\"nextItem\":{\"@type\":\"ListItem\",\"@id\":\"https:\\\/\\\/kornita.lt\\\/en\\\/shop\\\/uztepeles\\\/coco-farm-veganiska-vidurzemio-juros-skonio-uztepele-260-g\\\/#listItem\",\"name\":\"Vegani\\u0161ka Vidur\\u017eemio j\\u016bros skonio u\\u017etep\\u0117l\\u0117 260 g.\"},\"previousItem\":{\"@type\":\"ListItem\",\"@id\":\"https:\\\/\\\/kornita.lt\\\/en\\\/shop-2\\\/#listItem\",\"name\":\"Shop\"}},{\"@type\":\"ListItem\",\"@id\":\"https:\\\/\\\/kornita.lt\\\/en\\\/shop\\\/uztepeles\\\/coco-farm-veganiska-vidurzemio-juros-skonio-uztepele-260-g\\\/#listItem\",\"position\":4,\"name\":\"Vegani\\u0161ka Vidur\\u017eemio j\\u016bros skonio u\\u017etep\\u0117l\\u0117 260 g.\",\"previousItem\":{\"@type\":\"ListItem\",\"@id\":\"https:\\\/\\\/kornita.lt\\\/en\\\/product-category\\\/uztepeles\\\/#listItem\",\"name\":\"U\\u017etep\\u0117l\\u0117s\"}}]},{\"@type\":\"Organization\",\"@id\":\"https:\\\/\\\/kornita.lt\\\/en\\\/#organization\",\"name\":\"kornita\",\"url\":\"https:\\\/\\\/kornita.lt\\\/en\\\/\",\"telephone\":\"+37068581463\",\"logo\":{\"@type\":\"ImageObject\",\"url\":\"http:\\\/\\\/kornita.webfactory.lt\\\/wp-content\\\/uploads\\\/2023\\\/04\\\/korni-el-prekyba.png\",\"@id\":\"https:\\\/\\\/kornita.lt\\\/en\\\/shop\\\/uztepeles\\\/coco-farm-veganiska-vidurzemio-juros-skonio-uztepele-260-g\\\/#organizationLogo\"},\"image\":{\"@id\":\"https:\\\/\\\/kornita.lt\\\/en\\\/shop\\\/uztepeles\\\/coco-farm-veganiska-vidurzemio-juros-skonio-uztepele-260-g\\\/#organizationLogo\"},\"sameAs\":[\"https:\\\/\\\/www.facebook.com\\\/kornita.lt\"]},{\"@type\":\"Product\",\"@id\":\"https:\\\/\\\/kornita.lt\\\/en\\\/shop\\\/uztepeles\\\/coco-farm-veganiska-vidurzemio-juros-skonio-uztepele-260-g\\\/#wooCommerceProduct\",\"name\":\"Vegani\\u0161ka Vidur\\u017eemio j\\u016bros skonio u\\u017etep\\u0117l\\u0117 260 g.\",\"url\":\"https:\\\/\\\/kornita.lt\\\/en\\\/shop\\\/uztepeles\\\/coco-farm-veganiska-vidurzemio-juros-skonio-uztepele-260-g\\\/\",\"sku\":\"5903111899462\",\"image\":{\"@type\":\"ImageObject\",\"url\":\"https:\\\/\\\/kornita.lt\\\/wp-content\\\/uploads\\\/2024\\\/02\\\/Coco-Farm-veganiska-Vidurzemio-juros-skonio-uztepele-260-g.jpg\",\"@id\":\"https:\\\/\\\/kornita.lt\\\/en\\\/shop\\\/uztepeles\\\/coco-farm-veganiska-vidurzemio-juros-skonio-uztepele-260-g\\\/#productImage\",\"width\":1248,\"height\":1486},\"offers\":{\"@type\":\"Offer\",\"url\":\"https:\\\/\\\/kornita.lt\\\/en\\\/shop\\\/uztepeles\\\/coco-farm-veganiska-vidurzemio-juros-skonio-uztepele-260-g\\\/#wooCommerceOffer\",\"price\":1.2,\"priceCurrency\":\"EUR\",\"category\":\"U\\u017etep\\u0117l\\u0117s\",\"availability\":\"https:\\\/\\\/schema.org\\\/OutOfStock\",\"priceSpecification\":{\"@type\":\"PriceSpecification\",\"price\":1.2,\"priceCurrency\":\"EUR\",\"valueAddedTaxIncluded\":\"true\"},\"seller\":{\"@type\":\"Organization\",\"@id\":\"https:\\\/\\\/kornita.lt\\\/en\\\/#organization\"}}},{\"@type\":\"WebPage\",\"@id\":\"https:\\\/\\\/kornita.lt\\\/en\\\/shop\\\/uztepeles\\\/coco-farm-veganiska-vidurzemio-juros-skonio-uztepele-260-g\\\/#webpage\",\"url\":\"https:\\\/\\\/kornita.lt\\\/en\\\/shop\\\/uztepeles\\\/coco-farm-veganiska-vidurzemio-juros-skonio-uztepele-260-g\\\/\",\"name\":\"Vegani\\u0161ka Vidur\\u017eemio j\\u016bros skonio u\\u017etep\\u0117l\\u0117 260 g. - kornita\",\"description\":\"Vegani\\u0161ka Vidur\\u017eemio j\\u016bros skonio u\\u017etep\\u0117l\\u0117 260 g GALIOJIMO LAIKAS IKI 2025-10-17 Vegani\\u0161kos u\\u017etep\\u0117l\\u0117s gaminamos i\\u0161 Filipin\\u0173 salyno pirm\\u0173j\\u0173 jav\\u0173 kokos\\u0173 aliejaus. \\u010cia, anot ekspert\\u0173, auga geriausi pasaulio kokosai. \\u0160ios dar\\u017eovi\\u0173 u\\u017etep\\u0117l\\u0117s \\u2013 tai unikali\\u0173 kokos\\u0173 aliejaus, alyvuogi\\u0173 aliejaus savybi\\u0173 ir aromatinio \\u017eoleli\\u0173, dar\\u017eovi\\u0173 ir vaisi\\u0173 mi\\u0161inio derinys. Idealiai tinka tepti ant m\\u0117gstamos duonos ir kaip\",\"inLanguage\":\"en-US\",\"isPartOf\":{\"@id\":\"https:\\\/\\\/kornita.lt\\\/en\\\/#website\"},\"breadcrumb\":{\"@id\":\"https:\\\/\\\/kornita.lt\\\/en\\\/shop\\\/uztepeles\\\/coco-farm-veganiska-vidurzemio-juros-skonio-uztepele-260-g\\\/#breadcrumblist\"},\"image\":{\"@type\":\"ImageObject\",\"url\":\"https:\\\/\\\/kornita.lt\\\/wp-content\\\/uploads\\\/2024\\\/02\\\/Coco-Farm-veganiska-Vidurzemio-juros-skonio-uztepele-260-g.jpg\",\"@id\":\"https:\\\/\\\/kornita.lt\\\/en\\\/shop\\\/uztepeles\\\/coco-farm-veganiska-vidurzemio-juros-skonio-uztepele-260-g\\\/#mainImage\",\"width\":1248,\"height\":1486},\"primaryImageOfPage\":{\"@id\":\"https:\\\/\\\/kornita.lt\\\/en\\\/shop\\\/uztepeles\\\/coco-farm-veganiska-vidurzemio-juros-skonio-uztepele-260-g\\\/#mainImage\"},\"datePublished\":\"2024-03-08T13:34:36+00:00\",\"dateModified\":\"2025-11-27T12:06:35+00:00\"},{\"@type\":\"WebSite\",\"@id\":\"https:\\\/\\\/kornita.lt\\\/en\\\/#website\",\"url\":\"https:\\\/\\\/kornita.lt\\\/en\\\/\",\"name\":\"kornita\",\"inLanguage\":\"en-US\",\"publisher\":{\"@id\":\"https:\\\/\\\/kornita.lt\\\/en\\\/#organization\"}}]}\n\t\t<\/script>\n\t\t<!-- All in One SEO Pro -->\r\n\t\t<title>Vegani\u0161ka Vidur\u017eemio j\u016bros skonio u\u017etep\u0117l\u0117 260 g. - kornita<\/title>\n\n","aioseo_head_json":{"title":"Vegani\u0161ka Vidur\u017eemio j\u016bros skonio u\u017etep\u0117l\u0117 260 g. - kornita","description":"Vegani\u0161ka Vidur\u017eemio j\u016bros skonio u\u017etep\u0117l\u0117 260 g GALIOJIMO LAIKAS IKI 2025-10-17 Vegani\u0161kos u\u017etep\u0117l\u0117s gaminamos i\u0161 Filipin\u0173 salyno pirm\u0173j\u0173 jav\u0173 kokos\u0173 aliejaus. \u010cia, anot ekspert\u0173, auga geriausi pasaulio kokosai. \u0160ios dar\u017eovi\u0173 u\u017etep\u0117l\u0117s \u2013 tai unikali\u0173 kokos\u0173 aliejaus, alyvuogi\u0173 aliejaus savybi\u0173 ir aromatinio \u017eoleli\u0173, dar\u017eovi\u0173 ir vaisi\u0173 mi\u0161inio derinys. Idealiai tinka tepti ant m\u0117gstamos duonos ir kaip","canonical_url":"https:\/\/kornita.lt\/en\/shop\/uztepeles\/coco-farm-veganiska-vidurzemio-juros-skonio-uztepele-260-g\/","robots":"max-image-preview:large","keywords":"","webmasterTools":{"miscellaneous":""},"schema":{"@context":"https:\/\/schema.org","@graph":[{"@type":"BreadcrumbList","@id":"https:\/\/kornita.lt\/en\/shop\/uztepeles\/coco-farm-veganiska-vidurzemio-juros-skonio-uztepele-260-g\/#breadcrumblist","itemListElement":[{"@type":"ListItem","@id":"https:\/\/kornita.lt\/en\/#listItem","position":1,"name":"Home","item":"https:\/\/kornita.lt\/en\/","nextItem":{"@type":"ListItem","@id":"https:\/\/kornita.lt\/en\/shop-2\/#listItem","name":"Shop"}},{"@type":"ListItem","@id":"https:\/\/kornita.lt\/en\/shop-2\/#listItem","position":2,"name":"Shop","item":"https:\/\/kornita.lt\/en\/shop-2\/","nextItem":{"@type":"ListItem","@id":"https:\/\/kornita.lt\/en\/product-category\/uztepeles\/#listItem","name":"U\u017etep\u0117l\u0117s"},"previousItem":{"@type":"ListItem","@id":"https:\/\/kornita.lt\/en\/#listItem","name":"Home"}},{"@type":"ListItem","@id":"https:\/\/kornita.lt\/en\/product-category\/uztepeles\/#listItem","position":3,"name":"U\u017etep\u0117l\u0117s","item":"https:\/\/kornita.lt\/en\/product-category\/uztepeles\/","nextItem":{"@type":"ListItem","@id":"https:\/\/kornita.lt\/en\/shop\/uztepeles\/coco-farm-veganiska-vidurzemio-juros-skonio-uztepele-260-g\/#listItem","name":"Vegani\u0161ka Vidur\u017eemio j\u016bros skonio u\u017etep\u0117l\u0117 260 g."},"previousItem":{"@type":"ListItem","@id":"https:\/\/kornita.lt\/en\/shop-2\/#listItem","name":"Shop"}},{"@type":"ListItem","@id":"https:\/\/kornita.lt\/en\/shop\/uztepeles\/coco-farm-veganiska-vidurzemio-juros-skonio-uztepele-260-g\/#listItem","position":4,"name":"Vegani\u0161ka Vidur\u017eemio j\u016bros skonio u\u017etep\u0117l\u0117 260 g.","previousItem":{"@type":"ListItem","@id":"https:\/\/kornita.lt\/en\/product-category\/uztepeles\/#listItem","name":"U\u017etep\u0117l\u0117s"}}]},{"@type":"Organization","@id":"https:\/\/kornita.lt\/en\/#organization","name":"kornita","url":"https:\/\/kornita.lt\/en\/","telephone":"+37068581463","logo":{"@type":"ImageObject","url":"http:\/\/kornita.webfactory.lt\/wp-content\/uploads\/2023\/04\/korni-el-prekyba.png","@id":"https:\/\/kornita.lt\/en\/shop\/uztepeles\/coco-farm-veganiska-vidurzemio-juros-skonio-uztepele-260-g\/#organizationLogo"},"image":{"@id":"https:\/\/kornita.lt\/en\/shop\/uztepeles\/coco-farm-veganiska-vidurzemio-juros-skonio-uztepele-260-g\/#organizationLogo"},"sameAs":["https:\/\/www.facebook.com\/kornita.lt"]},{"@type":"Product","@id":"https:\/\/kornita.lt\/en\/shop\/uztepeles\/coco-farm-veganiska-vidurzemio-juros-skonio-uztepele-260-g\/#wooCommerceProduct","name":"Vegani\u0161ka Vidur\u017eemio j\u016bros skonio u\u017etep\u0117l\u0117 260 g.","url":"https:\/\/kornita.lt\/en\/shop\/uztepeles\/coco-farm-veganiska-vidurzemio-juros-skonio-uztepele-260-g\/","sku":"5903111899462","image":{"@type":"ImageObject","url":"https:\/\/kornita.lt\/wp-content\/uploads\/2024\/02\/Coco-Farm-veganiska-Vidurzemio-juros-skonio-uztepele-260-g.jpg","@id":"https:\/\/kornita.lt\/en\/shop\/uztepeles\/coco-farm-veganiska-vidurzemio-juros-skonio-uztepele-260-g\/#productImage","width":1248,"height":1486},"offers":{"@type":"Offer","url":"https:\/\/kornita.lt\/en\/shop\/uztepeles\/coco-farm-veganiska-vidurzemio-juros-skonio-uztepele-260-g\/#wooCommerceOffer","price":1.2,"priceCurrency":"EUR","category":"U\u017etep\u0117l\u0117s","availability":"https:\/\/schema.org\/OutOfStock","priceSpecification":{"@type":"PriceSpecification","price":1.2,"priceCurrency":"EUR","valueAddedTaxIncluded":"true"},"seller":{"@type":"Organization","@id":"https:\/\/kornita.lt\/en\/#organization"}}},{"@type":"WebPage","@id":"https:\/\/kornita.lt\/en\/shop\/uztepeles\/coco-farm-veganiska-vidurzemio-juros-skonio-uztepele-260-g\/#webpage","url":"https:\/\/kornita.lt\/en\/shop\/uztepeles\/coco-farm-veganiska-vidurzemio-juros-skonio-uztepele-260-g\/","name":"Vegani\u0161ka Vidur\u017eemio j\u016bros skonio u\u017etep\u0117l\u0117 260 g. - kornita","description":"Vegani\u0161ka Vidur\u017eemio j\u016bros skonio u\u017etep\u0117l\u0117 260 g GALIOJIMO LAIKAS IKI 2025-10-17 Vegani\u0161kos u\u017etep\u0117l\u0117s gaminamos i\u0161 Filipin\u0173 salyno pirm\u0173j\u0173 jav\u0173 kokos\u0173 aliejaus. \u010cia, anot ekspert\u0173, auga geriausi pasaulio kokosai. \u0160ios dar\u017eovi\u0173 u\u017etep\u0117l\u0117s \u2013 tai unikali\u0173 kokos\u0173 aliejaus, alyvuogi\u0173 aliejaus savybi\u0173 ir aromatinio \u017eoleli\u0173, dar\u017eovi\u0173 ir vaisi\u0173 mi\u0161inio derinys. Idealiai tinka tepti ant m\u0117gstamos duonos ir kaip","inLanguage":"en-US","isPartOf":{"@id":"https:\/\/kornita.lt\/en\/#website"},"breadcrumb":{"@id":"https:\/\/kornita.lt\/en\/shop\/uztepeles\/coco-farm-veganiska-vidurzemio-juros-skonio-uztepele-260-g\/#breadcrumblist"},"image":{"@type":"ImageObject","url":"https:\/\/kornita.lt\/wp-content\/uploads\/2024\/02\/Coco-Farm-veganiska-Vidurzemio-juros-skonio-uztepele-260-g.jpg","@id":"https:\/\/kornita.lt\/en\/shop\/uztepeles\/coco-farm-veganiska-vidurzemio-juros-skonio-uztepele-260-g\/#mainImage","width":1248,"height":1486},"primaryImageOfPage":{"@id":"https:\/\/kornita.lt\/en\/shop\/uztepeles\/coco-farm-veganiska-vidurzemio-juros-skonio-uztepele-260-g\/#mainImage"},"datePublished":"2024-03-08T13:34:36+00:00","dateModified":"2025-11-27T12:06:35+00:00"},{"@type":"WebSite","@id":"https:\/\/kornita.lt\/en\/#website","url":"https:\/\/kornita.lt\/en\/","name":"kornita","inLanguage":"en-US","publisher":{"@id":"https:\/\/kornita.lt\/en\/#organization"}}]},"og:locale":"en_US","og:site_name":"kornita -","og:type":"article","og:title":"Vegani\u0161ka Vidur\u017eemio j\u016bros skonio u\u017etep\u0117l\u0117 260 g. - kornita","og:description":"Vegani\u0161ka Vidur\u017eemio j\u016bros skonio u\u017etep\u0117l\u0117 260 g GALIOJIMO LAIKAS IKI 2025-10-17 Vegani\u0161kos u\u017etep\u0117l\u0117s gaminamos i\u0161 Filipin\u0173 salyno pirm\u0173j\u0173 jav\u0173 kokos\u0173 aliejaus. \u010cia, anot ekspert\u0173, auga geriausi pasaulio kokosai. \u0160ios dar\u017eovi\u0173 u\u017etep\u0117l\u0117s \u2013 tai unikali\u0173 kokos\u0173 aliejaus, alyvuogi\u0173 aliejaus savybi\u0173 ir aromatinio \u017eoleli\u0173, dar\u017eovi\u0173 ir vaisi\u0173 mi\u0161inio derinys. Idealiai tinka tepti ant m\u0117gstamos duonos ir kaip","og:url":"https:\/\/kornita.lt\/en\/shop\/uztepeles\/coco-farm-veganiska-vidurzemio-juros-skonio-uztepele-260-g\/","og:image":"https:\/\/kornita.webfactory.lt\/wp-content\/uploads\/2023\/04\/korni-el-prekyba.png","og:image:secure_url":"https:\/\/kornita.webfactory.lt\/wp-content\/uploads\/2023\/04\/korni-el-prekyba.png","article:published_time":"2024-03-08T13:34:36+00:00","article:modified_time":"2025-11-27T12:06:35+00:00","article:publisher":"https:\/\/www.facebook.com\/kornita.lt","twitter:card":"summary_large_image","twitter:title":"Vegani\u0161ka Vidur\u017eemio j\u016bros skonio u\u017etep\u0117l\u0117 260 g. - kornita","twitter:description":"Vegani\u0161ka Vidur\u017eemio j\u016bros skonio u\u017etep\u0117l\u0117 260 g GALIOJIMO LAIKAS IKI 2025-10-17 Vegani\u0161kos u\u017etep\u0117l\u0117s gaminamos i\u0161 Filipin\u0173 salyno pirm\u0173j\u0173 jav\u0173 kokos\u0173 aliejaus. \u010cia, anot ekspert\u0173, auga geriausi pasaulio kokosai. \u0160ios dar\u017eovi\u0173 u\u017etep\u0117l\u0117s \u2013 tai unikali\u0173 kokos\u0173 aliejaus, alyvuogi\u0173 aliejaus savybi\u0173 ir aromatinio \u017eoleli\u0173, dar\u017eovi\u0173 ir vaisi\u0173 mi\u0161inio derinys. Idealiai tinka tepti ant m\u0117gstamos duonos ir kaip","twitter:image":"http:\/\/kornita.webfactory.lt\/wp-content\/uploads\/2023\/04\/korni-el-prekyba.png"},"aioseo_meta_data":{"post_id":"22872","title":null,"description":null,"keywords":null,"keyphrases":{"focus":{"keyphrase":"","score":0,"analysis":{"keyphraseInTitle":{"score":0,"maxScore":9,"error":1}}},"additional":[]},"primary_term":null,"canonical_url":null,"og_title":null,"og_description":null,"og_object_type":"default","og_image_type":"default","og_image_url":null,"og_image_width":null,"og_image_height":null,"og_image_custom_url":null,"og_image_custom_fields":null,"og_video":"","og_custom_url":null,"og_article_section":null,"og_article_tags":null,"twitter_use_og":false,"twitter_card":"default","twitter_image_type":"default","twitter_image_url":null,"twitter_image_custom_url":null,"twitter_image_custom_fields":null,"twitter_title":null,"twitter_description":null,"schema":{"blockGraphs":[],"customGraphs":[],"default":{"data":{"Article":[],"Course":[],"Dataset":[],"FAQPage":[],"Movie":[],"Person":[],"Product":[],"ProductReview":[],"Car":[],"Recipe":[],"Service":[],"SoftwareApplication":[],"WebPage":[]},"graphName":"Product","isEnabled":true},"graphs":[]},"schema_type":"default","schema_type_options":null,"pillar_content":false,"robots_default":true,"robots_noindex":false,"robots_noarchive":false,"robots_nosnippet":false,"robots_nofollow":false,"robots_noimageindex":false,"robots_noodp":false,"robots_notranslate":false,"robots_max_snippet":"-1","robots_max_videopreview":"-1","robots_max_imagepreview":"large","priority":null,"frequency":"default","local_seo":null,"seo_analyzer_scan_date":"2025-10-09 09:16:51","breadcrumb_settings":null,"limit_modified_date":false,"open_ai":"{\"title\":{\"suggestions\":[],\"usage\":0},\"description\":{\"suggestions\":[],\"usage\":0}}","ai":{"faqs":[],"keyPoints":[],"titles":[],"descriptions":[],"socialPosts":{"email":[],"linkedin":[],"twitter":[],"facebook":[],"instagram":[]}},"created":"2024-02-22 10:46:37","updated":"2025-11-27 12:15:22"},"aioseo_breadcrumb":"<div class=\"aioseo-breadcrumbs\"><span class=\"aioseo-breadcrumb\">\n\t<a href=\"https:\/\/kornita.lt\/en\/\" title=\"Home\">Home<\/a>\n<\/span><span class=\"aioseo-breadcrumb-separator\">&raquo;<\/span><span class=\"aioseo-breadcrumb\">\n\t<a href=\"https:\/\/kornita.lt\/en\/shop-2\/\" title=\"Shop\">Shop<\/a>\n<\/span><span class=\"aioseo-breadcrumb-separator\">&raquo;<\/span><span class=\"aioseo-breadcrumb\">\n\t<a href=\"https:\/\/kornita.lt\/en\/product-category\/uztepeles\/\" title=\"U\u017etep\u0117l\u0117s\">U\u017etep\u0117l\u0117s<\/a>\n<\/span><span class=\"aioseo-breadcrumb-separator\">&raquo;<\/span><span class=\"aioseo-breadcrumb\">\n\tVegani\u0161ka Vidur\u017eemio j\u016bros skonio u\u017etep\u0117l\u0117 260 g.\n<\/span><\/div>","aioseo_breadcrumb_json":[{"label":"Home","link":"https:\/\/kornita.lt\/en\/"},{"label":"Shop","link":"https:\/\/kornita.lt\/en\/shop-2\/"},{"label":"U\u017etep\u0117l\u0117s","link":"https:\/\/kornita.lt\/en\/product-category\/uztepeles\/"},{"label":"Vegani\u0161ka Vidur\u017eemio j\u016bros skonio u\u017etep\u0117l\u0117 260 g.","link":"https:\/\/kornita.lt\/en\/shop\/uztepeles\/coco-farm-veganiska-vidurzemio-juros-skonio-uztepele-260-g\/"}],"_links":{"self":[{"href":"https:\/\/kornita.lt\/en\/wp-json\/wp\/v2\/product\/22872","targetHints":{"allow":["GET"]}}],"collection":[{"href":"https:\/\/kornita.lt\/en\/wp-json\/wp\/v2\/product"}],"about":[{"href":"https:\/\/kornita.lt\/en\/wp-json\/wp\/v2\/types\/product"}],"replies":[{"embeddable":true,"href":"https:\/\/kornita.lt\/en\/wp-json\/wp\/v2\/comments?post=22872"}],"version-history":[{"count":3,"href":"https:\/\/kornita.lt\/en\/wp-json\/wp\/v2\/product\/22872\/revisions"}],"predecessor-version":[{"id":25755,"href":"https:\/\/kornita.lt\/en\/wp-json\/wp\/v2\/product\/22872\/revisions\/25755"}],"wp:featuredmedia":[{"embeddable":true,"href":"https:\/\/kornita.lt\/en\/wp-json\/wp\/v2\/media\/22880"}],"wp:attachment":[{"href":"https:\/\/kornita.lt\/en\/wp-json\/wp\/v2\/media?parent=22872"}],"wp:term":[{"taxonomy":"product_brand","embeddable":true,"href":"https:\/\/kornita.lt\/en\/wp-json\/wp\/v2\/product_brand?post=22872"},{"taxonomy":"product_cat","embeddable":true,"href":"https:\/\/kornita.lt\/en\/wp-json\/wp\/v2\/product_cat?post=22872"},{"taxonomy":"product_tag","embeddable":true,"href":"https:\/\/kornita.lt\/en\/wp-json\/wp\/v2\/product_tag?post=22872"}],"curies":[{"name":"wp","href":"https:\/\/api.w.org\/{rel}","templated":true}]}}