{"id":22859,"date":"2024-03-08T13:34:35","date_gmt":"2024-03-08T13:34:35","guid":{"rendered":"https:\/\/kornita.lt\/?post_type=product&#038;p=22859"},"modified":"2025-12-10T08:57:44","modified_gmt":"2025-12-10T08:57:44","slug":"zemes-riesutu-uztepele-kokosai-ir-traskus-riesutai-280-g","status":"publish","type":"product","link":"https:\/\/kornita.lt\/en\/shop\/uztepeles\/zemes-riesutu-uztepele-kokosai-ir-traskus-riesutai-280-g\/","title":{"rendered":"\u017dem\u0117s rie\u0161ut\u0173 u\u017etep\u0117l\u0117 \/ kokosai ir tra\u0161k\u016bs rie\u0161utai 280 g"},"content":{"rendered":"<h2>\u017dem\u0117s rie\u0161ut\u0173 u\u017etep\u0117l\u0117 \/ kokosai ir tra\u0161k\u016bs rie\u0161utai 280 g<\/h2>\n<p>M\u016bs\u0173 kreme yra ne tik mineral\u0173 i\u0161 rie\u0161ut\u0173 ir kokos\u0173 cukraus, bet ir verting\u0173 vidutin\u0117s grandin\u0117s riebal\u0173 r\u016bg\u0161\u010di\u0173 (MCT). \u0160ios r\u016bg\u0161tys naudojamos nei\u0161ne\u0161iot\u0173 k\u016bdiki\u0173 ir \u017emoni\u0173, turin\u010di\u0173 neurologini\u0173 sutrikim\u0173 (epilepsija, Alzheimerio liga), maitinimui ligonin\u0117je. Jie turi teigiam\u0105 poveik\u012f cholesterolio kiekiui ir imuniteto formavimui (d\u0117l 50% lauro r\u016bg\u0161ties). MCT r\u016bg\u0161tis vertina ir sportininkai. D\u0117l greito \u012fsisavinimo jie \u012fgauna tiesiogin\u012f energijos u\u017etais\u0105, leid\u017eiant\u012f sutaupyti raumen\u0173 glikogeno treniruot\u0117s metu. D\u0117l didelio baltym\u0173 kiekio (25% RWS), palyginti su angliavandeniais (tik 30% RWS), rekomenduojama vartoti ma\u017eai angliavandeni\u0173 turin\u010di\u0173 sportinink\u0173 ir pacient\u0173, ma\u017einan\u010di\u0173 insulino \u0161uolius, taip pat \u017emoni\u0173, kurie r\u016bpinasi savo fig\u016bra ir k\u016bno na\u0161umas. Su grynu \u012fsitikinimu galime pasakyti: \u201epalaimink tave\u201c<\/p>\n<h4>Paruo\u0161imas<\/h4>\n<p>MCT r\u016bg\u0161tis vertina ir sportininkai. D\u0117l greito \u012fsisavinimo jie i\u0161 karto \u012fgauna energijos, tod\u0117l treniruot\u0117s metu gali sutaupyti raumen\u0173 glikogeno. D\u0117l vyraujan\u010dio baltym\u0173 kiekio (25% NRV) vir\u0161 angliavandeni\u0173 (tik 15% NRV), rekomenduojama vartoti ma\u017eai angliavandeni\u0173 turin\u010diose dietose<\/p>\n","protected":false},"excerpt":{"rendered":"<p>Galiojimo laikas iki 2025-12-05<\/p>\n","protected":false},"featured_media":22867,"comment_status":"open","ping_status":"closed","template":"","meta":[],"product_brand":[],"product_cat":[217],"product_tag":[],"class_list":{"0":"post-22859","1":"product","2":"type-product","3":"status-publish","4":"has-post-thumbnail","6":"product_cat-uztepeles","7":"product_shipping_class-pristatymas","9":"first","10":"outofstock","11":"sale","12":"taxable","13":"shipping-taxable","14":"purchasable","15":"product-type-simple"},"aioseo_notices":[],"aioseo_head":"\n\t\t<!-- All in One SEO Pro 4.9.5.2 - aioseo.com -->\n\t<meta name=\"description\" content=\"Galiojimo laikas iki 2025-12-05\" \/>\n\t<meta name=\"robots\" content=\"max-image-preview:large\" \/>\n\t<link rel=\"canonical\" href=\"https:\/\/kornita.lt\/en\/shop\/uztepeles\/zemes-riesutu-uztepele-kokosai-ir-traskus-riesutai-280-g\/\" \/>\n\t<meta name=\"generator\" content=\"All in One SEO Pro (AIOSEO) 4.9.5.2\" \/>\n\t\t<meta property=\"og:locale\" content=\"en_US\" \/>\n\t\t<meta property=\"og:site_name\" content=\"kornita -\" \/>\n\t\t<meta property=\"og:type\" content=\"article\" \/>\n\t\t<meta property=\"og:title\" content=\"\u017dem\u0117s rie\u0161ut\u0173 u\u017etep\u0117l\u0117 \/ kokosai ir tra\u0161k\u016bs rie\u0161utai 280 g - kornita\" \/>\n\t\t<meta property=\"og:description\" content=\"Galiojimo laikas iki 2025-12-05\" \/>\n\t\t<meta property=\"og:url\" content=\"https:\/\/kornita.lt\/en\/shop\/uztepeles\/zemes-riesutu-uztepele-kokosai-ir-traskus-riesutai-280-g\/\" \/>\n\t\t<meta property=\"og:image\" content=\"https:\/\/kornita.webfactory.lt\/wp-content\/uploads\/2023\/04\/korni-el-prekyba.png\" \/>\n\t\t<meta property=\"og:image:secure_url\" content=\"https:\/\/kornita.webfactory.lt\/wp-content\/uploads\/2023\/04\/korni-el-prekyba.png\" \/>\n\t\t<meta property=\"article:published_time\" content=\"2024-03-08T13:34:35+00:00\" \/>\n\t\t<meta property=\"article:modified_time\" content=\"2025-12-10T08:57:44+00:00\" \/>\n\t\t<meta property=\"article:publisher\" content=\"https:\/\/www.facebook.com\/kornita.lt\" \/>\n\t\t<meta name=\"twitter:card\" content=\"summary_large_image\" \/>\n\t\t<meta name=\"twitter:title\" content=\"\u017dem\u0117s rie\u0161ut\u0173 u\u017etep\u0117l\u0117 \/ kokosai ir tra\u0161k\u016bs rie\u0161utai 280 g - kornita\" \/>\n\t\t<meta name=\"twitter:description\" content=\"Galiojimo laikas iki 2025-12-05\" \/>\n\t\t<meta name=\"twitter:image\" content=\"http:\/\/kornita.webfactory.lt\/wp-content\/uploads\/2023\/04\/korni-el-prekyba.png\" \/>\n\t\t<script type=\"application\/ld+json\" class=\"aioseo-schema\">\n\t\t\t{\"@context\":\"https:\\\/\\\/schema.org\",\"@graph\":[{\"@type\":\"BreadcrumbList\",\"@id\":\"https:\\\/\\\/kornita.lt\\\/en\\\/shop\\\/uztepeles\\\/zemes-riesutu-uztepele-kokosai-ir-traskus-riesutai-280-g\\\/#breadcrumblist\",\"itemListElement\":[{\"@type\":\"ListItem\",\"@id\":\"https:\\\/\\\/kornita.lt\\\/en\\\/#listItem\",\"position\":1,\"name\":\"Home\",\"item\":\"https:\\\/\\\/kornita.lt\\\/en\\\/\",\"nextItem\":{\"@type\":\"ListItem\",\"@id\":\"https:\\\/\\\/kornita.lt\\\/en\\\/shop-2\\\/#listItem\",\"name\":\"Shop\"}},{\"@type\":\"ListItem\",\"@id\":\"https:\\\/\\\/kornita.lt\\\/en\\\/shop-2\\\/#listItem\",\"position\":2,\"name\":\"Shop\",\"item\":\"https:\\\/\\\/kornita.lt\\\/en\\\/shop-2\\\/\",\"nextItem\":{\"@type\":\"ListItem\",\"@id\":\"https:\\\/\\\/kornita.lt\\\/en\\\/product-category\\\/uztepeles\\\/#listItem\",\"name\":\"U\\u017etep\\u0117l\\u0117s\"},\"previousItem\":{\"@type\":\"ListItem\",\"@id\":\"https:\\\/\\\/kornita.lt\\\/en\\\/#listItem\",\"name\":\"Home\"}},{\"@type\":\"ListItem\",\"@id\":\"https:\\\/\\\/kornita.lt\\\/en\\\/product-category\\\/uztepeles\\\/#listItem\",\"position\":3,\"name\":\"U\\u017etep\\u0117l\\u0117s\",\"item\":\"https:\\\/\\\/kornita.lt\\\/en\\\/product-category\\\/uztepeles\\\/\",\"nextItem\":{\"@type\":\"ListItem\",\"@id\":\"https:\\\/\\\/kornita.lt\\\/en\\\/shop\\\/uztepeles\\\/zemes-riesutu-uztepele-kokosai-ir-traskus-riesutai-280-g\\\/#listItem\",\"name\":\"\\u017dem\\u0117s rie\\u0161ut\\u0173 u\\u017etep\\u0117l\\u0117 \\\/ kokosai ir tra\\u0161k\\u016bs rie\\u0161utai 280 g\"},\"previousItem\":{\"@type\":\"ListItem\",\"@id\":\"https:\\\/\\\/kornita.lt\\\/en\\\/shop-2\\\/#listItem\",\"name\":\"Shop\"}},{\"@type\":\"ListItem\",\"@id\":\"https:\\\/\\\/kornita.lt\\\/en\\\/shop\\\/uztepeles\\\/zemes-riesutu-uztepele-kokosai-ir-traskus-riesutai-280-g\\\/#listItem\",\"position\":4,\"name\":\"\\u017dem\\u0117s rie\\u0161ut\\u0173 u\\u017etep\\u0117l\\u0117 \\\/ kokosai ir tra\\u0161k\\u016bs rie\\u0161utai 280 g\",\"previousItem\":{\"@type\":\"ListItem\",\"@id\":\"https:\\\/\\\/kornita.lt\\\/en\\\/product-category\\\/uztepeles\\\/#listItem\",\"name\":\"U\\u017etep\\u0117l\\u0117s\"}}]},{\"@type\":\"Organization\",\"@id\":\"https:\\\/\\\/kornita.lt\\\/en\\\/#organization\",\"name\":\"kornita\",\"url\":\"https:\\\/\\\/kornita.lt\\\/en\\\/\",\"telephone\":\"+37068581463\",\"logo\":{\"@type\":\"ImageObject\",\"url\":\"http:\\\/\\\/kornita.webfactory.lt\\\/wp-content\\\/uploads\\\/2023\\\/04\\\/korni-el-prekyba.png\",\"@id\":\"https:\\\/\\\/kornita.lt\\\/en\\\/shop\\\/uztepeles\\\/zemes-riesutu-uztepele-kokosai-ir-traskus-riesutai-280-g\\\/#organizationLogo\"},\"image\":{\"@id\":\"https:\\\/\\\/kornita.lt\\\/en\\\/shop\\\/uztepeles\\\/zemes-riesutu-uztepele-kokosai-ir-traskus-riesutai-280-g\\\/#organizationLogo\"},\"sameAs\":[\"https:\\\/\\\/www.facebook.com\\\/kornita.lt\"]},{\"@type\":\"Product\",\"@id\":\"https:\\\/\\\/kornita.lt\\\/en\\\/shop\\\/uztepeles\\\/zemes-riesutu-uztepele-kokosai-ir-traskus-riesutai-280-g\\\/#wooCommerceProduct\",\"name\":\"\\u017dem\\u0117s rie\\u0161ut\\u0173 u\\u017etep\\u0117l\\u0117 \\\/ kokosai ir tra\\u0161k\\u016bs rie\\u0161utai 280 g\",\"description\":\"Galiojimo laikas iki 2025-12-05\",\"url\":\"https:\\\/\\\/kornita.lt\\\/en\\\/shop\\\/uztepeles\\\/zemes-riesutu-uztepele-kokosai-ir-traskus-riesutai-280-g\\\/\",\"sku\":\"5903111899820\",\"image\":{\"@type\":\"ImageObject\",\"url\":\"https:\\\/\\\/kornita.lt\\\/wp-content\\\/uploads\\\/2024\\\/02\\\/Zemes-riesutu-uztepele-kokosai-ir-traskus-riesutai-280-g.jpg\",\"@id\":\"https:\\\/\\\/kornita.lt\\\/en\\\/shop\\\/uztepeles\\\/zemes-riesutu-uztepele-kokosai-ir-traskus-riesutai-280-g\\\/#productImage\",\"width\":600,\"height\":600},\"offers\":{\"@type\":\"Offer\",\"url\":\"https:\\\/\\\/kornita.lt\\\/en\\\/shop\\\/uztepeles\\\/zemes-riesutu-uztepele-kokosai-ir-traskus-riesutai-280-g\\\/#wooCommerceOffer\",\"price\":3.5,\"priceCurrency\":\"EUR\",\"category\":\"U\\u017etep\\u0117l\\u0117s\",\"availability\":\"https:\\\/\\\/schema.org\\\/OutOfStock\",\"priceSpecification\":{\"@type\":\"PriceSpecification\",\"price\":3.5,\"priceCurrency\":\"EUR\",\"valueAddedTaxIncluded\":\"true\"},\"seller\":{\"@type\":\"Organization\",\"@id\":\"https:\\\/\\\/kornita.lt\\\/en\\\/#organization\"}}},{\"@type\":\"WebPage\",\"@id\":\"https:\\\/\\\/kornita.lt\\\/en\\\/shop\\\/uztepeles\\\/zemes-riesutu-uztepele-kokosai-ir-traskus-riesutai-280-g\\\/#webpage\",\"url\":\"https:\\\/\\\/kornita.lt\\\/en\\\/shop\\\/uztepeles\\\/zemes-riesutu-uztepele-kokosai-ir-traskus-riesutai-280-g\\\/\",\"name\":\"\\u017dem\\u0117s rie\\u0161ut\\u0173 u\\u017etep\\u0117l\\u0117 \\\/ kokosai ir tra\\u0161k\\u016bs rie\\u0161utai 280 g - kornita\",\"description\":\"Galiojimo laikas iki 2025-12-05\",\"inLanguage\":\"en-US\",\"isPartOf\":{\"@id\":\"https:\\\/\\\/kornita.lt\\\/en\\\/#website\"},\"breadcrumb\":{\"@id\":\"https:\\\/\\\/kornita.lt\\\/en\\\/shop\\\/uztepeles\\\/zemes-riesutu-uztepele-kokosai-ir-traskus-riesutai-280-g\\\/#breadcrumblist\"},\"image\":{\"@type\":\"ImageObject\",\"url\":\"https:\\\/\\\/kornita.lt\\\/wp-content\\\/uploads\\\/2024\\\/02\\\/Zemes-riesutu-uztepele-kokosai-ir-traskus-riesutai-280-g.jpg\",\"@id\":\"https:\\\/\\\/kornita.lt\\\/en\\\/shop\\\/uztepeles\\\/zemes-riesutu-uztepele-kokosai-ir-traskus-riesutai-280-g\\\/#mainImage\",\"width\":600,\"height\":600},\"primaryImageOfPage\":{\"@id\":\"https:\\\/\\\/kornita.lt\\\/en\\\/shop\\\/uztepeles\\\/zemes-riesutu-uztepele-kokosai-ir-traskus-riesutai-280-g\\\/#mainImage\"},\"datePublished\":\"2024-03-08T13:34:35+00:00\",\"dateModified\":\"2025-12-10T08:57:44+00:00\"},{\"@type\":\"WebSite\",\"@id\":\"https:\\\/\\\/kornita.lt\\\/en\\\/#website\",\"url\":\"https:\\\/\\\/kornita.lt\\\/en\\\/\",\"name\":\"kornita\",\"inLanguage\":\"en-US\",\"publisher\":{\"@id\":\"https:\\\/\\\/kornita.lt\\\/en\\\/#organization\"}}]}\n\t\t<\/script>\n\t\t<!-- All in One SEO Pro -->\r\n\t\t<title>\u017dem\u0117s rie\u0161ut\u0173 u\u017etep\u0117l\u0117 \/ kokosai ir tra\u0161k\u016bs rie\u0161utai 280 g - kornita<\/title>\n\n","aioseo_head_json":{"title":"\u017dem\u0117s rie\u0161ut\u0173 u\u017etep\u0117l\u0117 \/ kokosai ir tra\u0161k\u016bs rie\u0161utai 280 g - kornita","description":"Galiojimo laikas iki 2025-12-05","canonical_url":"https:\/\/kornita.lt\/en\/shop\/uztepeles\/zemes-riesutu-uztepele-kokosai-ir-traskus-riesutai-280-g\/","robots":"max-image-preview:large","keywords":"","webmasterTools":{"miscellaneous":""},"schema":{"@context":"https:\/\/schema.org","@graph":[{"@type":"BreadcrumbList","@id":"https:\/\/kornita.lt\/en\/shop\/uztepeles\/zemes-riesutu-uztepele-kokosai-ir-traskus-riesutai-280-g\/#breadcrumblist","itemListElement":[{"@type":"ListItem","@id":"https:\/\/kornita.lt\/en\/#listItem","position":1,"name":"Home","item":"https:\/\/kornita.lt\/en\/","nextItem":{"@type":"ListItem","@id":"https:\/\/kornita.lt\/en\/shop-2\/#listItem","name":"Shop"}},{"@type":"ListItem","@id":"https:\/\/kornita.lt\/en\/shop-2\/#listItem","position":2,"name":"Shop","item":"https:\/\/kornita.lt\/en\/shop-2\/","nextItem":{"@type":"ListItem","@id":"https:\/\/kornita.lt\/en\/product-category\/uztepeles\/#listItem","name":"U\u017etep\u0117l\u0117s"},"previousItem":{"@type":"ListItem","@id":"https:\/\/kornita.lt\/en\/#listItem","name":"Home"}},{"@type":"ListItem","@id":"https:\/\/kornita.lt\/en\/product-category\/uztepeles\/#listItem","position":3,"name":"U\u017etep\u0117l\u0117s","item":"https:\/\/kornita.lt\/en\/product-category\/uztepeles\/","nextItem":{"@type":"ListItem","@id":"https:\/\/kornita.lt\/en\/shop\/uztepeles\/zemes-riesutu-uztepele-kokosai-ir-traskus-riesutai-280-g\/#listItem","name":"\u017dem\u0117s rie\u0161ut\u0173 u\u017etep\u0117l\u0117 \/ kokosai ir tra\u0161k\u016bs rie\u0161utai 280 g"},"previousItem":{"@type":"ListItem","@id":"https:\/\/kornita.lt\/en\/shop-2\/#listItem","name":"Shop"}},{"@type":"ListItem","@id":"https:\/\/kornita.lt\/en\/shop\/uztepeles\/zemes-riesutu-uztepele-kokosai-ir-traskus-riesutai-280-g\/#listItem","position":4,"name":"\u017dem\u0117s rie\u0161ut\u0173 u\u017etep\u0117l\u0117 \/ kokosai ir tra\u0161k\u016bs rie\u0161utai 280 g","previousItem":{"@type":"ListItem","@id":"https:\/\/kornita.lt\/en\/product-category\/uztepeles\/#listItem","name":"U\u017etep\u0117l\u0117s"}}]},{"@type":"Organization","@id":"https:\/\/kornita.lt\/en\/#organization","name":"kornita","url":"https:\/\/kornita.lt\/en\/","telephone":"+37068581463","logo":{"@type":"ImageObject","url":"http:\/\/kornita.webfactory.lt\/wp-content\/uploads\/2023\/04\/korni-el-prekyba.png","@id":"https:\/\/kornita.lt\/en\/shop\/uztepeles\/zemes-riesutu-uztepele-kokosai-ir-traskus-riesutai-280-g\/#organizationLogo"},"image":{"@id":"https:\/\/kornita.lt\/en\/shop\/uztepeles\/zemes-riesutu-uztepele-kokosai-ir-traskus-riesutai-280-g\/#organizationLogo"},"sameAs":["https:\/\/www.facebook.com\/kornita.lt"]},{"@type":"Product","@id":"https:\/\/kornita.lt\/en\/shop\/uztepeles\/zemes-riesutu-uztepele-kokosai-ir-traskus-riesutai-280-g\/#wooCommerceProduct","name":"\u017dem\u0117s rie\u0161ut\u0173 u\u017etep\u0117l\u0117 \/ kokosai ir tra\u0161k\u016bs rie\u0161utai 280 g","description":"Galiojimo laikas iki 2025-12-05","url":"https:\/\/kornita.lt\/en\/shop\/uztepeles\/zemes-riesutu-uztepele-kokosai-ir-traskus-riesutai-280-g\/","sku":"5903111899820","image":{"@type":"ImageObject","url":"https:\/\/kornita.lt\/wp-content\/uploads\/2024\/02\/Zemes-riesutu-uztepele-kokosai-ir-traskus-riesutai-280-g.jpg","@id":"https:\/\/kornita.lt\/en\/shop\/uztepeles\/zemes-riesutu-uztepele-kokosai-ir-traskus-riesutai-280-g\/#productImage","width":600,"height":600},"offers":{"@type":"Offer","url":"https:\/\/kornita.lt\/en\/shop\/uztepeles\/zemes-riesutu-uztepele-kokosai-ir-traskus-riesutai-280-g\/#wooCommerceOffer","price":3.5,"priceCurrency":"EUR","category":"U\u017etep\u0117l\u0117s","availability":"https:\/\/schema.org\/OutOfStock","priceSpecification":{"@type":"PriceSpecification","price":3.5,"priceCurrency":"EUR","valueAddedTaxIncluded":"true"},"seller":{"@type":"Organization","@id":"https:\/\/kornita.lt\/en\/#organization"}}},{"@type":"WebPage","@id":"https:\/\/kornita.lt\/en\/shop\/uztepeles\/zemes-riesutu-uztepele-kokosai-ir-traskus-riesutai-280-g\/#webpage","url":"https:\/\/kornita.lt\/en\/shop\/uztepeles\/zemes-riesutu-uztepele-kokosai-ir-traskus-riesutai-280-g\/","name":"\u017dem\u0117s rie\u0161ut\u0173 u\u017etep\u0117l\u0117 \/ kokosai ir tra\u0161k\u016bs rie\u0161utai 280 g - kornita","description":"Galiojimo laikas iki 2025-12-05","inLanguage":"en-US","isPartOf":{"@id":"https:\/\/kornita.lt\/en\/#website"},"breadcrumb":{"@id":"https:\/\/kornita.lt\/en\/shop\/uztepeles\/zemes-riesutu-uztepele-kokosai-ir-traskus-riesutai-280-g\/#breadcrumblist"},"image":{"@type":"ImageObject","url":"https:\/\/kornita.lt\/wp-content\/uploads\/2024\/02\/Zemes-riesutu-uztepele-kokosai-ir-traskus-riesutai-280-g.jpg","@id":"https:\/\/kornita.lt\/en\/shop\/uztepeles\/zemes-riesutu-uztepele-kokosai-ir-traskus-riesutai-280-g\/#mainImage","width":600,"height":600},"primaryImageOfPage":{"@id":"https:\/\/kornita.lt\/en\/shop\/uztepeles\/zemes-riesutu-uztepele-kokosai-ir-traskus-riesutai-280-g\/#mainImage"},"datePublished":"2024-03-08T13:34:35+00:00","dateModified":"2025-12-10T08:57:44+00:00"},{"@type":"WebSite","@id":"https:\/\/kornita.lt\/en\/#website","url":"https:\/\/kornita.lt\/en\/","name":"kornita","inLanguage":"en-US","publisher":{"@id":"https:\/\/kornita.lt\/en\/#organization"}}]},"og:locale":"en_US","og:site_name":"kornita -","og:type":"article","og:title":"\u017dem\u0117s rie\u0161ut\u0173 u\u017etep\u0117l\u0117 \/ kokosai ir tra\u0161k\u016bs rie\u0161utai 280 g - kornita","og:description":"Galiojimo laikas iki 2025-12-05","og:url":"https:\/\/kornita.lt\/en\/shop\/uztepeles\/zemes-riesutu-uztepele-kokosai-ir-traskus-riesutai-280-g\/","og:image":"https:\/\/kornita.webfactory.lt\/wp-content\/uploads\/2023\/04\/korni-el-prekyba.png","og:image:secure_url":"https:\/\/kornita.webfactory.lt\/wp-content\/uploads\/2023\/04\/korni-el-prekyba.png","article:published_time":"2024-03-08T13:34:35+00:00","article:modified_time":"2025-12-10T08:57:44+00:00","article:publisher":"https:\/\/www.facebook.com\/kornita.lt","twitter:card":"summary_large_image","twitter:title":"\u017dem\u0117s rie\u0161ut\u0173 u\u017etep\u0117l\u0117 \/ kokosai ir tra\u0161k\u016bs rie\u0161utai 280 g - kornita","twitter:description":"Galiojimo laikas iki 2025-12-05","twitter:image":"http:\/\/kornita.webfactory.lt\/wp-content\/uploads\/2023\/04\/korni-el-prekyba.png"},"aioseo_meta_data":{"post_id":"22859","title":null,"description":null,"keywords":null,"keyphrases":{"focus":{"keyphrase":"","score":0,"analysis":{"keyphraseInTitle":{"score":0,"maxScore":9,"error":1}}},"additional":[]},"primary_term":null,"canonical_url":null,"og_title":null,"og_description":null,"og_object_type":"default","og_image_type":"default","og_image_url":null,"og_image_width":null,"og_image_height":null,"og_image_custom_url":null,"og_image_custom_fields":null,"og_video":"","og_custom_url":null,"og_article_section":null,"og_article_tags":null,"twitter_use_og":false,"twitter_card":"default","twitter_image_type":"default","twitter_image_url":null,"twitter_image_custom_url":null,"twitter_image_custom_fields":null,"twitter_title":null,"twitter_description":null,"schema":{"blockGraphs":[],"customGraphs":[],"default":{"data":{"Article":[],"Course":[],"Dataset":[],"FAQPage":[],"Movie":[],"Person":[],"Product":[],"ProductReview":[],"Car":[],"Recipe":[],"Service":[],"SoftwareApplication":[],"WebPage":[]},"graphName":"Product","isEnabled":true},"graphs":[]},"schema_type":"default","schema_type_options":null,"pillar_content":false,"robots_default":true,"robots_noindex":false,"robots_noarchive":false,"robots_nosnippet":false,"robots_nofollow":false,"robots_noimageindex":false,"robots_noodp":false,"robots_notranslate":false,"robots_max_snippet":"-1","robots_max_videopreview":"-1","robots_max_imagepreview":"large","priority":null,"frequency":"default","local_seo":null,"seo_analyzer_scan_date":"2025-12-10 09:03:34","breadcrumb_settings":null,"limit_modified_date":false,"open_ai":"{\"title\":{\"suggestions\":[],\"usage\":0},\"description\":{\"suggestions\":[],\"usage\":0}}","ai":{"faqs":[],"keyPoints":[],"titles":[],"descriptions":[],"socialPosts":{"email":[],"linkedin":[],"twitter":[],"facebook":[],"instagram":[]}},"created":"2024-02-22 10:32:23","updated":"2025-12-10 09:03:34"},"aioseo_breadcrumb":"<div class=\"aioseo-breadcrumbs\"><span class=\"aioseo-breadcrumb\">\n\t<a href=\"https:\/\/kornita.lt\/en\/\" title=\"Home\">Home<\/a>\n<\/span><span class=\"aioseo-breadcrumb-separator\">&raquo;<\/span><span class=\"aioseo-breadcrumb\">\n\t<a href=\"https:\/\/kornita.lt\/en\/shop-2\/\" title=\"Shop\">Shop<\/a>\n<\/span><span class=\"aioseo-breadcrumb-separator\">&raquo;<\/span><span class=\"aioseo-breadcrumb\">\n\t<a href=\"https:\/\/kornita.lt\/en\/product-category\/uztepeles\/\" title=\"U\u017etep\u0117l\u0117s\">U\u017etep\u0117l\u0117s<\/a>\n<\/span><span class=\"aioseo-breadcrumb-separator\">&raquo;<\/span><span class=\"aioseo-breadcrumb\">\n\t\u017dem\u0117s rie\u0161ut\u0173 u\u017etep\u0117l\u0117 \/ kokosai ir tra\u0161k\u016bs rie\u0161utai 280 g\n<\/span><\/div>","aioseo_breadcrumb_json":[{"label":"Home","link":"https:\/\/kornita.lt\/en\/"},{"label":"Shop","link":"https:\/\/kornita.lt\/en\/shop-2\/"},{"label":"U\u017etep\u0117l\u0117s","link":"https:\/\/kornita.lt\/en\/product-category\/uztepeles\/"},{"label":"\u017dem\u0117s rie\u0161ut\u0173 u\u017etep\u0117l\u0117 \/ kokosai ir tra\u0161k\u016bs rie\u0161utai 280 g","link":"https:\/\/kornita.lt\/en\/shop\/uztepeles\/zemes-riesutu-uztepele-kokosai-ir-traskus-riesutai-280-g\/"}],"_links":{"self":[{"href":"https:\/\/kornita.lt\/en\/wp-json\/wp\/v2\/product\/22859","targetHints":{"allow":["GET"]}}],"collection":[{"href":"https:\/\/kornita.lt\/en\/wp-json\/wp\/v2\/product"}],"about":[{"href":"https:\/\/kornita.lt\/en\/wp-json\/wp\/v2\/types\/product"}],"replies":[{"embeddable":true,"href":"https:\/\/kornita.lt\/en\/wp-json\/wp\/v2\/comments?post=22859"}],"version-history":[{"count":2,"href":"https:\/\/kornita.lt\/en\/wp-json\/wp\/v2\/product\/22859\/revisions"}],"predecessor-version":[{"id":25966,"href":"https:\/\/kornita.lt\/en\/wp-json\/wp\/v2\/product\/22859\/revisions\/25966"}],"wp:featuredmedia":[{"embeddable":true,"href":"https:\/\/kornita.lt\/en\/wp-json\/wp\/v2\/media\/22867"}],"wp:attachment":[{"href":"https:\/\/kornita.lt\/en\/wp-json\/wp\/v2\/media?parent=22859"}],"wp:term":[{"taxonomy":"product_brand","embeddable":true,"href":"https:\/\/kornita.lt\/en\/wp-json\/wp\/v2\/product_brand?post=22859"},{"taxonomy":"product_cat","embeddable":true,"href":"https:\/\/kornita.lt\/en\/wp-json\/wp\/v2\/product_cat?post=22859"},{"taxonomy":"product_tag","embeddable":true,"href":"https:\/\/kornita.lt\/en\/wp-json\/wp\/v2\/product_tag?post=22859"}],"curies":[{"name":"wp","href":"https:\/\/api.w.org\/{rel}","templated":true}]}}