{"id":22845,"date":"2024-03-08T13:34:37","date_gmt":"2024-03-08T13:34:37","guid":{"rendered":"https:\/\/kornita.lt\/?post_type=product&#038;p=22845"},"modified":"2025-12-10T08:31:06","modified_gmt":"2025-12-10T08:31:06","slug":"coco-farm-power-bread-300g","status":"publish","type":"product","link":"https:\/\/kornita.lt\/en\/shop\/miltai-miltu-misiniai\/coco-farm-power-bread-300g\/","title":{"rendered":"Power Bread duonos mi\u0161inys 300g"},"content":{"rendered":"<h2>Power Bread duonos mi\u0161inys 300 g.<\/h2>\n<p>J\u0117gos duonos formul\u0117 daugiausia sudaryta i\u0161 nuriebalint\u0173 s\u0117men\u0173, saul\u0117gr\u0105\u017e\u0173, moli\u016bg\u0173 s\u0117kl\u0173 ir rie\u0161ut\u0173. Visi ingredientai yra nat\u016braliai be glitimo, o kadangi jie gaminami gamykloje be glitimo, u\u017eter\u0161imo glitimu rizika yra minimali. \u201ePower Bread\u201c formul\u0117je naudojome nuriebalintus s\u0117menis, kad suma\u017eintume laisv\u0173j\u0173 riebal\u0173 r\u016bg\u0161\u010di\u0173 skilimo rizik\u0105. Nor\u0117jome, kad m\u016bs\u0173 klientai gal\u0117t\u0173 nerizikingai naudotis lin\u0173 teikiama nauda su juose esan\u010diais vitaminais ir mineralais, nat\u016braliais augaliniais fitoestrogenais (lignanais) \u2013 antioksidantu ir hormon\u0173 pusiausvyrai svarbiomis med\u017eiagomis.<\/p>\n<h4>Paruo\u0161imas<\/h4>\n<h2 id=\"h-przepis-krok-po-kroku-jak-przygotowac-chleb-mocy\" class=\"wp-block-heading\">\u017dingsnis po \u017eingsnio receptas \u2013 kaip paruo\u0161ti \u201ePower Bread\u201c:<\/h2>\n<ol class=\"wp-block-list\">\n<li><strong>Coco Farm Power Bread mi\u0161in\u012f<\/strong>\u00a0supilkite\u00a0\u012f duben\u012f ir \u012fpilkite 5 \u0161auk\u0161tus\u00a0<strong>aliejaus<\/strong>\u00a0ir 300 ml\u00a0<strong>verdan\u010dio vandens.<\/strong><\/li>\n<li>Sumai\u0161ykite ingredientus naudodami mai\u0161ytuv\u0105 su kabliu arba \u0161auk\u0161tu.<\/li>\n<li>Gaut\u0105 mas\u0119 atid\u0117kite 10 minu\u010di\u0173, kad visi ingredientai gerai susimai\u0161yt\u0173.<\/li>\n<li>Atskirai i\u0161plakite 3\u00a0<strong>kiau\u0161inius<\/strong>\u00a0ir sumai\u0161ykite su mi\u0161iniu. Taip pat galite prid\u0117ti m\u0117gstam\u0173\u00a0<strong>s\u0117kl\u0173<\/strong>\u00a0,\u00a0<strong>rie\u0161ut\u0173<\/strong>\u00a0ar\u00a0<strong>s\u0117kl\u0173<\/strong>\u00a0.<\/li>\n<li>\u012epilkite\u00a0<strong>acto<\/strong>\u00a0arba\u00a0<strong>citrinos sul\u010di\u0173<\/strong>\u00a0.<\/li>\n<li>Minkykite keto Power Bread te\u0161l\u0105, kol susidarys rutulys.<\/li>\n<li>Pabarstykite stalvir\u0161\u012f\u00a0<strong>miltais<\/strong>\u00a0, kad gautum\u0117te kompakti\u0161k\u0105 kepal\u0105, maks. 5 cm. Vir\u0161uje padarykite 4 negilius pj\u016bvius.<\/li>\n<li>D\u0117kite kepal\u0105 ant kepimo skardos, padengtos pergamentiniu popieriumi, ir pa\u0161aukite \u012f \u0161alt\u0105 orkait\u0119.<\/li>\n<li>Kepkite 50 minu\u010di\u0173 180\u00a0<sup>o<\/sup>\u00a0C temperat\u016broje (su kepimo i\u0161 vir\u0161aus-apa\u010dios parinktimi).<\/li>\n<li>Prie\u0161 baigiant kepti \u012fsmeikite medin\u012f pagaliuk\u0105, jei jis aplip\u0119s te\u0161la, kepkite dar 10 min.<\/li>\n<li>Palikite duon\u0105 atviroje orkait\u0117je apie 15 minu\u010di\u0173, tada atid\u0117kite, kad atv\u0117st\u0173.<\/li>\n<li>I\u0161kept\u0105\u00a0<strong>Power Bread<\/strong>\u00a0laikykite folijoje iki 3 dien\u0173 kambario temperat\u016broje arba iki 7 dien\u0173 \u0161aldytuve.<\/li>\n<\/ol>\n","protected":false},"excerpt":{"rendered":"<p>Power Bread duonos mi\u0161inys 300 g. J\u0117gos duonos formul\u0117 daugiausia sudaryta i\u0161 nuriebalint\u0173 s\u0117men\u0173, saul\u0117gr\u0105\u017e\u0173, moli\u016bg\u0173 s\u0117kl\u0173 ir rie\u0161ut\u0173. Visi<\/p>\n","protected":false},"featured_media":22850,"comment_status":"open","ping_status":"closed","template":"","meta":[],"product_brand":[],"product_cat":[215],"product_tag":[],"class_list":{"0":"post-22845","1":"product","2":"type-product","3":"status-publish","4":"has-post-thumbnail","6":"product_cat-miltai-miltu-misiniai","7":"product_shipping_class-pristatymas","9":"first","10":"outofstock","11":"taxable","12":"shipping-taxable","13":"purchasable","14":"product-type-simple"},"aioseo_notices":[],"aioseo_head":"\n\t\t<!-- All in One SEO Pro 4.9.5.2 - aioseo.com -->\n\t<meta name=\"description\" content=\"Power Bread duonos mi\u0161inys 300 g. J\u0117gos duonos formul\u0117 daugiausia sudaryta i\u0161 nuriebalint\u0173 s\u0117men\u0173, saul\u0117gr\u0105\u017e\u0173, moli\u016bg\u0173 s\u0117kl\u0173 ir rie\u0161ut\u0173. Visi ingredientai yra nat\u016braliai be glitimo, o kadangi jie gaminami gamykloje be glitimo, u\u017eter\u0161imo glitimu rizika yra minimali. \u201ePower Bread\u201c formul\u0117je naudojome nuriebalintus s\u0117menis, kad suma\u017eintume laisv\u0173j\u0173 riebal\u0173 r\u016bg\u0161\u010di\u0173 skilimo rizik\u0105. Nor\u0117jome, kad m\u016bs\u0173 klientai gal\u0117t\u0173\" \/>\n\t<meta name=\"robots\" content=\"max-image-preview:large\" \/>\n\t<link rel=\"canonical\" href=\"https:\/\/kornita.lt\/en\/shop\/miltai-miltu-misiniai\/coco-farm-power-bread-300g\/\" \/>\n\t<meta name=\"generator\" content=\"All in One SEO Pro (AIOSEO) 4.9.5.2\" \/>\n\t\t<meta property=\"og:locale\" content=\"en_US\" \/>\n\t\t<meta property=\"og:site_name\" content=\"kornita -\" \/>\n\t\t<meta property=\"og:type\" content=\"article\" \/>\n\t\t<meta property=\"og:title\" content=\"Power Bread duonos mi\u0161inys 300g - kornita\" \/>\n\t\t<meta property=\"og:description\" content=\"Power Bread duonos mi\u0161inys 300 g. J\u0117gos duonos formul\u0117 daugiausia sudaryta i\u0161 nuriebalint\u0173 s\u0117men\u0173, saul\u0117gr\u0105\u017e\u0173, moli\u016bg\u0173 s\u0117kl\u0173 ir rie\u0161ut\u0173. Visi ingredientai yra nat\u016braliai be glitimo, o kadangi jie gaminami gamykloje be glitimo, u\u017eter\u0161imo glitimu rizika yra minimali. \u201ePower Bread\u201c formul\u0117je naudojome nuriebalintus s\u0117menis, kad suma\u017eintume laisv\u0173j\u0173 riebal\u0173 r\u016bg\u0161\u010di\u0173 skilimo rizik\u0105. Nor\u0117jome, kad m\u016bs\u0173 klientai gal\u0117t\u0173\" \/>\n\t\t<meta property=\"og:url\" content=\"https:\/\/kornita.lt\/en\/shop\/miltai-miltu-misiniai\/coco-farm-power-bread-300g\/\" \/>\n\t\t<meta property=\"og:image\" content=\"https:\/\/kornita.webfactory.lt\/wp-content\/uploads\/2023\/04\/korni-el-prekyba.png\" \/>\n\t\t<meta property=\"og:image:secure_url\" content=\"https:\/\/kornita.webfactory.lt\/wp-content\/uploads\/2023\/04\/korni-el-prekyba.png\" \/>\n\t\t<meta property=\"article:published_time\" content=\"2024-03-08T13:34:37+00:00\" \/>\n\t\t<meta property=\"article:modified_time\" content=\"2025-12-10T08:31:06+00:00\" \/>\n\t\t<meta property=\"article:publisher\" content=\"https:\/\/www.facebook.com\/kornita.lt\" \/>\n\t\t<meta name=\"twitter:card\" content=\"summary_large_image\" \/>\n\t\t<meta name=\"twitter:title\" content=\"Power Bread duonos mi\u0161inys 300g - kornita\" \/>\n\t\t<meta name=\"twitter:description\" content=\"Power Bread duonos mi\u0161inys 300 g. J\u0117gos duonos formul\u0117 daugiausia sudaryta i\u0161 nuriebalint\u0173 s\u0117men\u0173, saul\u0117gr\u0105\u017e\u0173, moli\u016bg\u0173 s\u0117kl\u0173 ir rie\u0161ut\u0173. Visi ingredientai yra nat\u016braliai be glitimo, o kadangi jie gaminami gamykloje be glitimo, u\u017eter\u0161imo glitimu rizika yra minimali. \u201ePower Bread\u201c formul\u0117je naudojome nuriebalintus s\u0117menis, kad suma\u017eintume laisv\u0173j\u0173 riebal\u0173 r\u016bg\u0161\u010di\u0173 skilimo rizik\u0105. Nor\u0117jome, kad m\u016bs\u0173 klientai gal\u0117t\u0173\" \/>\n\t\t<meta name=\"twitter:image\" content=\"http:\/\/kornita.webfactory.lt\/wp-content\/uploads\/2023\/04\/korni-el-prekyba.png\" \/>\n\t\t<script type=\"application\/ld+json\" class=\"aioseo-schema\">\n\t\t\t{\"@context\":\"https:\\\/\\\/schema.org\",\"@graph\":[{\"@type\":\"BreadcrumbList\",\"@id\":\"https:\\\/\\\/kornita.lt\\\/en\\\/shop\\\/miltai-miltu-misiniai\\\/coco-farm-power-bread-300g\\\/#breadcrumblist\",\"itemListElement\":[{\"@type\":\"ListItem\",\"@id\":\"https:\\\/\\\/kornita.lt\\\/en\\\/#listItem\",\"position\":1,\"name\":\"Home\",\"item\":\"https:\\\/\\\/kornita.lt\\\/en\\\/\",\"nextItem\":{\"@type\":\"ListItem\",\"@id\":\"https:\\\/\\\/kornita.lt\\\/en\\\/shop-2\\\/#listItem\",\"name\":\"Shop\"}},{\"@type\":\"ListItem\",\"@id\":\"https:\\\/\\\/kornita.lt\\\/en\\\/shop-2\\\/#listItem\",\"position\":2,\"name\":\"Shop\",\"item\":\"https:\\\/\\\/kornita.lt\\\/en\\\/shop-2\\\/\",\"nextItem\":{\"@type\":\"ListItem\",\"@id\":\"https:\\\/\\\/kornita.lt\\\/en\\\/product-category\\\/miltai-miltu-misiniai\\\/#listItem\",\"name\":\"Miltai ir milt\\u0173 mi\\u0161iniai\"},\"previousItem\":{\"@type\":\"ListItem\",\"@id\":\"https:\\\/\\\/kornita.lt\\\/en\\\/#listItem\",\"name\":\"Home\"}},{\"@type\":\"ListItem\",\"@id\":\"https:\\\/\\\/kornita.lt\\\/en\\\/product-category\\\/miltai-miltu-misiniai\\\/#listItem\",\"position\":3,\"name\":\"Miltai ir milt\\u0173 mi\\u0161iniai\",\"item\":\"https:\\\/\\\/kornita.lt\\\/en\\\/product-category\\\/miltai-miltu-misiniai\\\/\",\"nextItem\":{\"@type\":\"ListItem\",\"@id\":\"https:\\\/\\\/kornita.lt\\\/en\\\/shop\\\/miltai-miltu-misiniai\\\/coco-farm-power-bread-300g\\\/#listItem\",\"name\":\"Power Bread duonos mi\\u0161inys 300g\"},\"previousItem\":{\"@type\":\"ListItem\",\"@id\":\"https:\\\/\\\/kornita.lt\\\/en\\\/shop-2\\\/#listItem\",\"name\":\"Shop\"}},{\"@type\":\"ListItem\",\"@id\":\"https:\\\/\\\/kornita.lt\\\/en\\\/shop\\\/miltai-miltu-misiniai\\\/coco-farm-power-bread-300g\\\/#listItem\",\"position\":4,\"name\":\"Power Bread duonos mi\\u0161inys 300g\",\"previousItem\":{\"@type\":\"ListItem\",\"@id\":\"https:\\\/\\\/kornita.lt\\\/en\\\/product-category\\\/miltai-miltu-misiniai\\\/#listItem\",\"name\":\"Miltai ir milt\\u0173 mi\\u0161iniai\"}}]},{\"@type\":\"Organization\",\"@id\":\"https:\\\/\\\/kornita.lt\\\/en\\\/#organization\",\"name\":\"kornita\",\"url\":\"https:\\\/\\\/kornita.lt\\\/en\\\/\",\"telephone\":\"+37068581463\",\"logo\":{\"@type\":\"ImageObject\",\"url\":\"http:\\\/\\\/kornita.webfactory.lt\\\/wp-content\\\/uploads\\\/2023\\\/04\\\/korni-el-prekyba.png\",\"@id\":\"https:\\\/\\\/kornita.lt\\\/en\\\/shop\\\/miltai-miltu-misiniai\\\/coco-farm-power-bread-300g\\\/#organizationLogo\"},\"image\":{\"@id\":\"https:\\\/\\\/kornita.lt\\\/en\\\/shop\\\/miltai-miltu-misiniai\\\/coco-farm-power-bread-300g\\\/#organizationLogo\"},\"sameAs\":[\"https:\\\/\\\/www.facebook.com\\\/kornita.lt\"]},{\"@type\":\"Product\",\"@id\":\"https:\\\/\\\/kornita.lt\\\/en\\\/shop\\\/miltai-miltu-misiniai\\\/coco-farm-power-bread-300g\\\/#wooCommerceProduct\",\"name\":\"Power Bread duonos mi\\u0161inys 300g\",\"url\":\"https:\\\/\\\/kornita.lt\\\/en\\\/shop\\\/miltai-miltu-misiniai\\\/coco-farm-power-bread-300g\\\/\",\"sku\":\"5904161870418\",\"image\":{\"@type\":\"ImageObject\",\"url\":\"https:\\\/\\\/kornita.lt\\\/wp-content\\\/uploads\\\/2024\\\/02\\\/Coco-Farm-Power-Bread-300g.jpg\",\"@id\":\"https:\\\/\\\/kornita.lt\\\/en\\\/shop\\\/miltai-miltu-misiniai\\\/coco-farm-power-bread-300g\\\/#productImage\",\"width\":1486,\"height\":1989},\"offers\":{\"@type\":\"Offer\",\"url\":\"https:\\\/\\\/kornita.lt\\\/en\\\/shop\\\/miltai-miltu-misiniai\\\/coco-farm-power-bread-300g\\\/#wooCommerceOffer\",\"price\":5.26,\"priceCurrency\":\"EUR\",\"category\":\"Miltai ir milt\\u0173 mi\\u0161iniai\",\"availability\":\"https:\\\/\\\/schema.org\\\/OutOfStock\",\"priceSpecification\":{\"@type\":\"PriceSpecification\",\"price\":5.26,\"priceCurrency\":\"EUR\",\"valueAddedTaxIncluded\":\"true\"},\"seller\":{\"@type\":\"Organization\",\"@id\":\"https:\\\/\\\/kornita.lt\\\/en\\\/#organization\"}}},{\"@type\":\"WebPage\",\"@id\":\"https:\\\/\\\/kornita.lt\\\/en\\\/shop\\\/miltai-miltu-misiniai\\\/coco-farm-power-bread-300g\\\/#webpage\",\"url\":\"https:\\\/\\\/kornita.lt\\\/en\\\/shop\\\/miltai-miltu-misiniai\\\/coco-farm-power-bread-300g\\\/\",\"name\":\"Power Bread duonos mi\\u0161inys 300g - kornita\",\"description\":\"Power Bread duonos mi\\u0161inys 300 g. J\\u0117gos duonos formul\\u0117 daugiausia sudaryta i\\u0161 nuriebalint\\u0173 s\\u0117men\\u0173, saul\\u0117gr\\u0105\\u017e\\u0173, moli\\u016bg\\u0173 s\\u0117kl\\u0173 ir rie\\u0161ut\\u0173. Visi ingredientai yra nat\\u016braliai be glitimo, o kadangi jie gaminami gamykloje be glitimo, u\\u017eter\\u0161imo glitimu rizika yra minimali. \\u201ePower Bread\\u201c formul\\u0117je naudojome nuriebalintus s\\u0117menis, kad suma\\u017eintume laisv\\u0173j\\u0173 riebal\\u0173 r\\u016bg\\u0161\\u010di\\u0173 skilimo rizik\\u0105. Nor\\u0117jome, kad m\\u016bs\\u0173 klientai gal\\u0117t\\u0173\",\"inLanguage\":\"en-US\",\"isPartOf\":{\"@id\":\"https:\\\/\\\/kornita.lt\\\/en\\\/#website\"},\"breadcrumb\":{\"@id\":\"https:\\\/\\\/kornita.lt\\\/en\\\/shop\\\/miltai-miltu-misiniai\\\/coco-farm-power-bread-300g\\\/#breadcrumblist\"},\"image\":{\"@type\":\"ImageObject\",\"url\":\"https:\\\/\\\/kornita.lt\\\/wp-content\\\/uploads\\\/2024\\\/02\\\/Coco-Farm-Power-Bread-300g.jpg\",\"@id\":\"https:\\\/\\\/kornita.lt\\\/en\\\/shop\\\/miltai-miltu-misiniai\\\/coco-farm-power-bread-300g\\\/#mainImage\",\"width\":1486,\"height\":1989},\"primaryImageOfPage\":{\"@id\":\"https:\\\/\\\/kornita.lt\\\/en\\\/shop\\\/miltai-miltu-misiniai\\\/coco-farm-power-bread-300g\\\/#mainImage\"},\"datePublished\":\"2024-03-08T13:34:37+00:00\",\"dateModified\":\"2025-12-10T08:31:06+00:00\"},{\"@type\":\"WebSite\",\"@id\":\"https:\\\/\\\/kornita.lt\\\/en\\\/#website\",\"url\":\"https:\\\/\\\/kornita.lt\\\/en\\\/\",\"name\":\"kornita\",\"inLanguage\":\"en-US\",\"publisher\":{\"@id\":\"https:\\\/\\\/kornita.lt\\\/en\\\/#organization\"}}]}\n\t\t<\/script>\n\t\t<!-- All in One SEO Pro -->\r\n\t\t<title>Power Bread duonos mi\u0161inys 300g - kornita<\/title>\n\n","aioseo_head_json":{"title":"Power Bread duonos mi\u0161inys 300g - kornita","description":"Power Bread duonos mi\u0161inys 300 g. J\u0117gos duonos formul\u0117 daugiausia sudaryta i\u0161 nuriebalint\u0173 s\u0117men\u0173, saul\u0117gr\u0105\u017e\u0173, moli\u016bg\u0173 s\u0117kl\u0173 ir rie\u0161ut\u0173. Visi ingredientai yra nat\u016braliai be glitimo, o kadangi jie gaminami gamykloje be glitimo, u\u017eter\u0161imo glitimu rizika yra minimali. \u201ePower Bread\u201c formul\u0117je naudojome nuriebalintus s\u0117menis, kad suma\u017eintume laisv\u0173j\u0173 riebal\u0173 r\u016bg\u0161\u010di\u0173 skilimo rizik\u0105. Nor\u0117jome, kad m\u016bs\u0173 klientai gal\u0117t\u0173","canonical_url":"https:\/\/kornita.lt\/en\/shop\/miltai-miltu-misiniai\/coco-farm-power-bread-300g\/","robots":"max-image-preview:large","keywords":"","webmasterTools":{"miscellaneous":""},"schema":{"@context":"https:\/\/schema.org","@graph":[{"@type":"BreadcrumbList","@id":"https:\/\/kornita.lt\/en\/shop\/miltai-miltu-misiniai\/coco-farm-power-bread-300g\/#breadcrumblist","itemListElement":[{"@type":"ListItem","@id":"https:\/\/kornita.lt\/en\/#listItem","position":1,"name":"Home","item":"https:\/\/kornita.lt\/en\/","nextItem":{"@type":"ListItem","@id":"https:\/\/kornita.lt\/en\/shop-2\/#listItem","name":"Shop"}},{"@type":"ListItem","@id":"https:\/\/kornita.lt\/en\/shop-2\/#listItem","position":2,"name":"Shop","item":"https:\/\/kornita.lt\/en\/shop-2\/","nextItem":{"@type":"ListItem","@id":"https:\/\/kornita.lt\/en\/product-category\/miltai-miltu-misiniai\/#listItem","name":"Miltai ir milt\u0173 mi\u0161iniai"},"previousItem":{"@type":"ListItem","@id":"https:\/\/kornita.lt\/en\/#listItem","name":"Home"}},{"@type":"ListItem","@id":"https:\/\/kornita.lt\/en\/product-category\/miltai-miltu-misiniai\/#listItem","position":3,"name":"Miltai ir milt\u0173 mi\u0161iniai","item":"https:\/\/kornita.lt\/en\/product-category\/miltai-miltu-misiniai\/","nextItem":{"@type":"ListItem","@id":"https:\/\/kornita.lt\/en\/shop\/miltai-miltu-misiniai\/coco-farm-power-bread-300g\/#listItem","name":"Power Bread duonos mi\u0161inys 300g"},"previousItem":{"@type":"ListItem","@id":"https:\/\/kornita.lt\/en\/shop-2\/#listItem","name":"Shop"}},{"@type":"ListItem","@id":"https:\/\/kornita.lt\/en\/shop\/miltai-miltu-misiniai\/coco-farm-power-bread-300g\/#listItem","position":4,"name":"Power Bread duonos mi\u0161inys 300g","previousItem":{"@type":"ListItem","@id":"https:\/\/kornita.lt\/en\/product-category\/miltai-miltu-misiniai\/#listItem","name":"Miltai ir milt\u0173 mi\u0161iniai"}}]},{"@type":"Organization","@id":"https:\/\/kornita.lt\/en\/#organization","name":"kornita","url":"https:\/\/kornita.lt\/en\/","telephone":"+37068581463","logo":{"@type":"ImageObject","url":"http:\/\/kornita.webfactory.lt\/wp-content\/uploads\/2023\/04\/korni-el-prekyba.png","@id":"https:\/\/kornita.lt\/en\/shop\/miltai-miltu-misiniai\/coco-farm-power-bread-300g\/#organizationLogo"},"image":{"@id":"https:\/\/kornita.lt\/en\/shop\/miltai-miltu-misiniai\/coco-farm-power-bread-300g\/#organizationLogo"},"sameAs":["https:\/\/www.facebook.com\/kornita.lt"]},{"@type":"Product","@id":"https:\/\/kornita.lt\/en\/shop\/miltai-miltu-misiniai\/coco-farm-power-bread-300g\/#wooCommerceProduct","name":"Power Bread duonos mi\u0161inys 300g","url":"https:\/\/kornita.lt\/en\/shop\/miltai-miltu-misiniai\/coco-farm-power-bread-300g\/","sku":"5904161870418","image":{"@type":"ImageObject","url":"https:\/\/kornita.lt\/wp-content\/uploads\/2024\/02\/Coco-Farm-Power-Bread-300g.jpg","@id":"https:\/\/kornita.lt\/en\/shop\/miltai-miltu-misiniai\/coco-farm-power-bread-300g\/#productImage","width":1486,"height":1989},"offers":{"@type":"Offer","url":"https:\/\/kornita.lt\/en\/shop\/miltai-miltu-misiniai\/coco-farm-power-bread-300g\/#wooCommerceOffer","price":5.26,"priceCurrency":"EUR","category":"Miltai ir milt\u0173 mi\u0161iniai","availability":"https:\/\/schema.org\/OutOfStock","priceSpecification":{"@type":"PriceSpecification","price":5.26,"priceCurrency":"EUR","valueAddedTaxIncluded":"true"},"seller":{"@type":"Organization","@id":"https:\/\/kornita.lt\/en\/#organization"}}},{"@type":"WebPage","@id":"https:\/\/kornita.lt\/en\/shop\/miltai-miltu-misiniai\/coco-farm-power-bread-300g\/#webpage","url":"https:\/\/kornita.lt\/en\/shop\/miltai-miltu-misiniai\/coco-farm-power-bread-300g\/","name":"Power Bread duonos mi\u0161inys 300g - kornita","description":"Power Bread duonos mi\u0161inys 300 g. J\u0117gos duonos formul\u0117 daugiausia sudaryta i\u0161 nuriebalint\u0173 s\u0117men\u0173, saul\u0117gr\u0105\u017e\u0173, moli\u016bg\u0173 s\u0117kl\u0173 ir rie\u0161ut\u0173. Visi ingredientai yra nat\u016braliai be glitimo, o kadangi jie gaminami gamykloje be glitimo, u\u017eter\u0161imo glitimu rizika yra minimali. \u201ePower Bread\u201c formul\u0117je naudojome nuriebalintus s\u0117menis, kad suma\u017eintume laisv\u0173j\u0173 riebal\u0173 r\u016bg\u0161\u010di\u0173 skilimo rizik\u0105. Nor\u0117jome, kad m\u016bs\u0173 klientai gal\u0117t\u0173","inLanguage":"en-US","isPartOf":{"@id":"https:\/\/kornita.lt\/en\/#website"},"breadcrumb":{"@id":"https:\/\/kornita.lt\/en\/shop\/miltai-miltu-misiniai\/coco-farm-power-bread-300g\/#breadcrumblist"},"image":{"@type":"ImageObject","url":"https:\/\/kornita.lt\/wp-content\/uploads\/2024\/02\/Coco-Farm-Power-Bread-300g.jpg","@id":"https:\/\/kornita.lt\/en\/shop\/miltai-miltu-misiniai\/coco-farm-power-bread-300g\/#mainImage","width":1486,"height":1989},"primaryImageOfPage":{"@id":"https:\/\/kornita.lt\/en\/shop\/miltai-miltu-misiniai\/coco-farm-power-bread-300g\/#mainImage"},"datePublished":"2024-03-08T13:34:37+00:00","dateModified":"2025-12-10T08:31:06+00:00"},{"@type":"WebSite","@id":"https:\/\/kornita.lt\/en\/#website","url":"https:\/\/kornita.lt\/en\/","name":"kornita","inLanguage":"en-US","publisher":{"@id":"https:\/\/kornita.lt\/en\/#organization"}}]},"og:locale":"en_US","og:site_name":"kornita -","og:type":"article","og:title":"Power Bread duonos mi\u0161inys 300g - kornita","og:description":"Power Bread duonos mi\u0161inys 300 g. J\u0117gos duonos formul\u0117 daugiausia sudaryta i\u0161 nuriebalint\u0173 s\u0117men\u0173, saul\u0117gr\u0105\u017e\u0173, moli\u016bg\u0173 s\u0117kl\u0173 ir rie\u0161ut\u0173. Visi ingredientai yra nat\u016braliai be glitimo, o kadangi jie gaminami gamykloje be glitimo, u\u017eter\u0161imo glitimu rizika yra minimali. \u201ePower Bread\u201c formul\u0117je naudojome nuriebalintus s\u0117menis, kad suma\u017eintume laisv\u0173j\u0173 riebal\u0173 r\u016bg\u0161\u010di\u0173 skilimo rizik\u0105. Nor\u0117jome, kad m\u016bs\u0173 klientai gal\u0117t\u0173","og:url":"https:\/\/kornita.lt\/en\/shop\/miltai-miltu-misiniai\/coco-farm-power-bread-300g\/","og:image":"https:\/\/kornita.webfactory.lt\/wp-content\/uploads\/2023\/04\/korni-el-prekyba.png","og:image:secure_url":"https:\/\/kornita.webfactory.lt\/wp-content\/uploads\/2023\/04\/korni-el-prekyba.png","article:published_time":"2024-03-08T13:34:37+00:00","article:modified_time":"2025-12-10T08:31:06+00:00","article:publisher":"https:\/\/www.facebook.com\/kornita.lt","twitter:card":"summary_large_image","twitter:title":"Power Bread duonos mi\u0161inys 300g - kornita","twitter:description":"Power Bread duonos mi\u0161inys 300 g. J\u0117gos duonos formul\u0117 daugiausia sudaryta i\u0161 nuriebalint\u0173 s\u0117men\u0173, saul\u0117gr\u0105\u017e\u0173, moli\u016bg\u0173 s\u0117kl\u0173 ir rie\u0161ut\u0173. Visi ingredientai yra nat\u016braliai be glitimo, o kadangi jie gaminami gamykloje be glitimo, u\u017eter\u0161imo glitimu rizika yra minimali. \u201ePower Bread\u201c formul\u0117je naudojome nuriebalintus s\u0117menis, kad suma\u017eintume laisv\u0173j\u0173 riebal\u0173 r\u016bg\u0161\u010di\u0173 skilimo rizik\u0105. Nor\u0117jome, kad m\u016bs\u0173 klientai gal\u0117t\u0173","twitter:image":"http:\/\/kornita.webfactory.lt\/wp-content\/uploads\/2023\/04\/korni-el-prekyba.png"},"aioseo_meta_data":{"post_id":"22845","title":null,"description":null,"keywords":null,"keyphrases":{"focus":{"keyphrase":"","score":0,"analysis":{"keyphraseInTitle":{"score":0,"maxScore":9,"error":1}}},"additional":[]},"primary_term":null,"canonical_url":null,"og_title":null,"og_description":null,"og_object_type":"default","og_image_type":"default","og_image_url":null,"og_image_width":null,"og_image_height":null,"og_image_custom_url":null,"og_image_custom_fields":null,"og_video":"","og_custom_url":null,"og_article_section":null,"og_article_tags":null,"twitter_use_og":false,"twitter_card":"default","twitter_image_type":"default","twitter_image_url":null,"twitter_image_custom_url":null,"twitter_image_custom_fields":null,"twitter_title":null,"twitter_description":null,"schema":{"blockGraphs":[],"customGraphs":[],"default":{"data":{"Article":[],"Course":[],"Dataset":[],"FAQPage":[],"Movie":[],"Person":[],"Product":[],"ProductReview":[],"Car":[],"Recipe":[],"Service":[],"SoftwareApplication":[],"WebPage":[]},"graphName":"Product","isEnabled":true},"graphs":[]},"schema_type":"default","schema_type_options":null,"pillar_content":false,"robots_default":true,"robots_noindex":false,"robots_noarchive":false,"robots_nosnippet":false,"robots_nofollow":false,"robots_noimageindex":false,"robots_noodp":false,"robots_notranslate":false,"robots_max_snippet":"-1","robots_max_videopreview":"-1","robots_max_imagepreview":"large","priority":null,"frequency":"default","local_seo":null,"seo_analyzer_scan_date":"2025-12-10 08:43:41","breadcrumb_settings":null,"limit_modified_date":false,"open_ai":"{\"title\":{\"suggestions\":[],\"usage\":0},\"description\":{\"suggestions\":[],\"usage\":0}}","ai":{"faqs":[],"keyPoints":[],"titles":[],"descriptions":[],"socialPosts":{"email":[],"linkedin":[],"twitter":[],"facebook":[],"instagram":[]}},"created":"2024-02-22 10:23:57","updated":"2025-12-10 08:43:41"},"aioseo_breadcrumb":"<div class=\"aioseo-breadcrumbs\"><span class=\"aioseo-breadcrumb\">\n\t<a href=\"https:\/\/kornita.lt\/en\/\" title=\"Home\">Home<\/a>\n<\/span><span class=\"aioseo-breadcrumb-separator\">&raquo;<\/span><span class=\"aioseo-breadcrumb\">\n\t<a href=\"https:\/\/kornita.lt\/en\/shop-2\/\" title=\"Shop\">Shop<\/a>\n<\/span><span class=\"aioseo-breadcrumb-separator\">&raquo;<\/span><span class=\"aioseo-breadcrumb\">\n\t<a href=\"https:\/\/kornita.lt\/en\/product-category\/miltai-miltu-misiniai\/\" title=\"Miltai ir milt\u0173 mi\u0161iniai\">Miltai ir milt\u0173 mi\u0161iniai<\/a>\n<\/span><span class=\"aioseo-breadcrumb-separator\">&raquo;<\/span><span class=\"aioseo-breadcrumb\">\n\tPower Bread duonos mi\u0161inys 300g\n<\/span><\/div>","aioseo_breadcrumb_json":[{"label":"Home","link":"https:\/\/kornita.lt\/en\/"},{"label":"Shop","link":"https:\/\/kornita.lt\/en\/shop-2\/"},{"label":"Miltai ir milt\u0173 mi\u0161iniai","link":"https:\/\/kornita.lt\/en\/product-category\/miltai-miltu-misiniai\/"},{"label":"Power Bread duonos mi\u0161inys 300g","link":"https:\/\/kornita.lt\/en\/shop\/miltai-miltu-misiniai\/coco-farm-power-bread-300g\/"}],"_links":{"self":[{"href":"https:\/\/kornita.lt\/en\/wp-json\/wp\/v2\/product\/22845","targetHints":{"allow":["GET"]}}],"collection":[{"href":"https:\/\/kornita.lt\/en\/wp-json\/wp\/v2\/product"}],"about":[{"href":"https:\/\/kornita.lt\/en\/wp-json\/wp\/v2\/types\/product"}],"replies":[{"embeddable":true,"href":"https:\/\/kornita.lt\/en\/wp-json\/wp\/v2\/comments?post=22845"}],"version-history":[{"count":3,"href":"https:\/\/kornita.lt\/en\/wp-json\/wp\/v2\/product\/22845\/revisions"}],"predecessor-version":[{"id":26087,"href":"https:\/\/kornita.lt\/en\/wp-json\/wp\/v2\/product\/22845\/revisions\/26087"}],"wp:featuredmedia":[{"embeddable":true,"href":"https:\/\/kornita.lt\/en\/wp-json\/wp\/v2\/media\/22850"}],"wp:attachment":[{"href":"https:\/\/kornita.lt\/en\/wp-json\/wp\/v2\/media?parent=22845"}],"wp:term":[{"taxonomy":"product_brand","embeddable":true,"href":"https:\/\/kornita.lt\/en\/wp-json\/wp\/v2\/product_brand?post=22845"},{"taxonomy":"product_cat","embeddable":true,"href":"https:\/\/kornita.lt\/en\/wp-json\/wp\/v2\/product_cat?post=22845"},{"taxonomy":"product_tag","embeddable":true,"href":"https:\/\/kornita.lt\/en\/wp-json\/wp\/v2\/product_tag?post=22845"}],"curies":[{"name":"wp","href":"https:\/\/api.w.org\/{rel}","templated":true}]}}