{"id":22841,"date":"2024-03-08T13:34:37","date_gmt":"2024-03-08T13:34:37","guid":{"rendered":"https:\/\/kornita.lt\/?post_type=product&#038;p=22841"},"modified":"2025-07-18T08:57:30","modified_gmt":"2025-07-18T08:57:30","slug":"baltyminiai-blynai-200-g","status":"publish","type":"product","link":"https:\/\/kornita.lt\/en\/shop\/miltai-miltu-misiniai\/baltyminiai-blynai-200-g\/","title":{"rendered":"Baltyminiai blynai be glitimo, 200 g."},"content":{"rendered":"<h2>\u00a0Baltyminiai blynai be glitimo, be prid\u0117tinio cukraus 200 g.<\/h2>\n<p>Mi\u0161inys kokybi\u0161kiems baltyminiams blynams ruo\u0161ti.<\/p>\n<p>&nbsp;<\/p>\n<p>Kas i\u0161 m\u016bs\u0173 nem\u0117gsta blyn\u0173? Tok\u012f \u017emog\u0173 tikrai sunku rasti! Blynai \u2013 tai gard\u016bs pusry\u010diai, vakarien\u0117 ir net piet\u016bs \u012f darb\u0105 ar mokykl\u0105. Jau kur\u012f laik\u0105 populiar\u016bs ir pikanti\u0161ki blynai su dar\u017eovi\u0173 \u012fdaru, o jei tai kroketai su m\u0117sos \u012fdaru.<\/p>\n<p>Deja, ne viskas, kas gera, yra sveika&#8230; bet suradome sprendim\u0105 be kompromis\u0173. Baltyminiai blynai \u2013 tai \u012fvairi\u0173 r\u016b\u0161i\u0173 milt\u0173 mi\u0161inys, kuris yra alternatyva tradiciniams kvietiniams miltams be glitimo. Blyneliuose yra avin\u017eirni\u0173 milt\u0173, bulvi\u0173 milt\u0173 ir ry\u017ei\u0173 milt\u0173, tod\u0117l te\u0161los konsistencija labai pana\u0161i \u012f tradicin\u0119 blyn\u0173 te\u0161l\u0105, o i\u0161kep\u0119 blynai b\u016bna elastingi ir elastingi.<\/p>\n<p>Baltyminiai blynai rekomenduojami sportuojantiems, kuriems padid\u0117j\u0119s baltym\u0173 poreikis. Blyn\u0173 mi\u0161inyje n\u0117ra glitimo, tod\u0117l tinka ir netoleruojantiems glitimo. Baltyminiai blynai taip pat yra puiki, maistinga alternatyva vaikams ir \u017emon\u0117ms, kurie tiesiog nori \u012f savo racion\u0105 \u012ftraukti sveikesni\u0173 produkt\u0173.<\/p>\n<p>Baltyminiams blynams paruo\u0161ti reik\u0117s pieno arba augalinio g\u0117rimo be laktoz\u0117s, vandens (geriausia gazuoto), 2 kiau\u0161ini\u0173, 2 \u0161auk\u0161t\u0173 aliejaus.<\/p>\n<p>Su Protein Blyn\u0173 mi\u0161iniu lengvai ir efektyviai pasigaminsite skan\u0173 ir sveik\u0105 u\u017ekand\u012f.<\/p>\n<p>&nbsp;<\/p>\n<p>Sud\u0117tis: avin\u017eirni\u0173 miltai, bulvi\u0173 miltai, ry\u017ei\u0173 miltai, eritritolis, guaro derva, kildinimo med\u017eiaga (natrio bikarbonatas), rausva Himalaj\u0173 druska.<\/p>\n","protected":false},"excerpt":{"rendered":"<p>\u00a0Baltyminiai blynai be glitimo, be prid\u0117tinio cukraus 200 g. Mi\u0161inys kokybi\u0161kiems baltyminiams blynams ruo\u0161ti. &nbsp; Kas i\u0161 m\u016bs\u0173 nem\u0117gsta blyn\u0173?<\/p>\n","protected":false},"featured_media":22846,"comment_status":"open","ping_status":"closed","template":"","meta":[],"product_brand":[],"product_cat":[215],"product_tag":[],"class_list":{"0":"post-22841","1":"product","2":"type-product","3":"status-publish","4":"has-post-thumbnail","6":"product_cat-miltai-miltu-misiniai","7":"product_shipping_class-pristatymas","9":"first","10":"outofstock","11":"sale","12":"taxable","13":"shipping-taxable","14":"purchasable","15":"product-type-simple"},"aioseo_notices":[],"aioseo_head":"\n\t\t<!-- All in One SEO Pro 4.9.5.2 - aioseo.com -->\n\t<meta name=\"description\" content=\"Baltyminiai blynai be glitimo, be prid\u0117tinio cukraus 200 g. Mi\u0161inys kokybi\u0161kiems baltyminiams blynams ruo\u0161ti. Kas i\u0161 m\u016bs\u0173 nem\u0117gsta blyn\u0173? Tok\u012f \u017emog\u0173 tikrai sunku rasti! Blynai \u2013 tai gard\u016bs pusry\u010diai, vakarien\u0117 ir net piet\u016bs \u012f darb\u0105 ar mokykl\u0105. Jau kur\u012f laik\u0105 populiar\u016bs ir pikanti\u0161ki blynai su dar\u017eovi\u0173 \u012fdaru, o jei tai kroketai su m\u0117sos \u012fdaru.\" \/>\n\t<meta name=\"robots\" content=\"max-image-preview:large\" \/>\n\t<link rel=\"canonical\" href=\"https:\/\/kornita.lt\/en\/shop\/miltai-miltu-misiniai\/baltyminiai-blynai-200-g\/\" \/>\n\t<meta name=\"generator\" content=\"All in One SEO Pro (AIOSEO) 4.9.5.2\" \/>\n\t\t<meta property=\"og:locale\" content=\"en_US\" \/>\n\t\t<meta property=\"og:site_name\" content=\"kornita -\" \/>\n\t\t<meta property=\"og:type\" content=\"article\" \/>\n\t\t<meta property=\"og:title\" content=\"Baltyminiai blynai be glitimo, 200 g. - kornita\" \/>\n\t\t<meta property=\"og:description\" content=\"Baltyminiai blynai be glitimo, be prid\u0117tinio cukraus 200 g. Mi\u0161inys kokybi\u0161kiems baltyminiams blynams ruo\u0161ti. Kas i\u0161 m\u016bs\u0173 nem\u0117gsta blyn\u0173? Tok\u012f \u017emog\u0173 tikrai sunku rasti! Blynai \u2013 tai gard\u016bs pusry\u010diai, vakarien\u0117 ir net piet\u016bs \u012f darb\u0105 ar mokykl\u0105. Jau kur\u012f laik\u0105 populiar\u016bs ir pikanti\u0161ki blynai su dar\u017eovi\u0173 \u012fdaru, o jei tai kroketai su m\u0117sos \u012fdaru.\" \/>\n\t\t<meta property=\"og:url\" content=\"https:\/\/kornita.lt\/en\/shop\/miltai-miltu-misiniai\/baltyminiai-blynai-200-g\/\" \/>\n\t\t<meta property=\"og:image\" content=\"https:\/\/kornita.webfactory.lt\/wp-content\/uploads\/2023\/04\/korni-el-prekyba.png\" \/>\n\t\t<meta property=\"og:image:secure_url\" content=\"https:\/\/kornita.webfactory.lt\/wp-content\/uploads\/2023\/04\/korni-el-prekyba.png\" \/>\n\t\t<meta property=\"article:published_time\" content=\"2024-03-08T13:34:37+00:00\" \/>\n\t\t<meta property=\"article:modified_time\" content=\"2025-07-18T08:57:30+00:00\" \/>\n\t\t<meta property=\"article:publisher\" content=\"https:\/\/www.facebook.com\/kornita.lt\" \/>\n\t\t<meta name=\"twitter:card\" content=\"summary_large_image\" \/>\n\t\t<meta name=\"twitter:title\" content=\"Baltyminiai blynai be glitimo, 200 g. - kornita\" \/>\n\t\t<meta name=\"twitter:description\" content=\"Baltyminiai blynai be glitimo, be prid\u0117tinio cukraus 200 g. Mi\u0161inys kokybi\u0161kiems baltyminiams blynams ruo\u0161ti. Kas i\u0161 m\u016bs\u0173 nem\u0117gsta blyn\u0173? Tok\u012f \u017emog\u0173 tikrai sunku rasti! Blynai \u2013 tai gard\u016bs pusry\u010diai, vakarien\u0117 ir net piet\u016bs \u012f darb\u0105 ar mokykl\u0105. Jau kur\u012f laik\u0105 populiar\u016bs ir pikanti\u0161ki blynai su dar\u017eovi\u0173 \u012fdaru, o jei tai kroketai su m\u0117sos \u012fdaru.\" \/>\n\t\t<meta name=\"twitter:image\" content=\"http:\/\/kornita.webfactory.lt\/wp-content\/uploads\/2023\/04\/korni-el-prekyba.png\" \/>\n\t\t<script type=\"application\/ld+json\" class=\"aioseo-schema\">\n\t\t\t{\"@context\":\"https:\\\/\\\/schema.org\",\"@graph\":[{\"@type\":\"BreadcrumbList\",\"@id\":\"https:\\\/\\\/kornita.lt\\\/en\\\/shop\\\/miltai-miltu-misiniai\\\/baltyminiai-blynai-200-g\\\/#breadcrumblist\",\"itemListElement\":[{\"@type\":\"ListItem\",\"@id\":\"https:\\\/\\\/kornita.lt\\\/en\\\/#listItem\",\"position\":1,\"name\":\"Home\",\"item\":\"https:\\\/\\\/kornita.lt\\\/en\\\/\",\"nextItem\":{\"@type\":\"ListItem\",\"@id\":\"https:\\\/\\\/kornita.lt\\\/en\\\/shop-2\\\/#listItem\",\"name\":\"Shop\"}},{\"@type\":\"ListItem\",\"@id\":\"https:\\\/\\\/kornita.lt\\\/en\\\/shop-2\\\/#listItem\",\"position\":2,\"name\":\"Shop\",\"item\":\"https:\\\/\\\/kornita.lt\\\/en\\\/shop-2\\\/\",\"nextItem\":{\"@type\":\"ListItem\",\"@id\":\"https:\\\/\\\/kornita.lt\\\/en\\\/product-category\\\/miltai-miltu-misiniai\\\/#listItem\",\"name\":\"Miltai ir milt\\u0173 mi\\u0161iniai\"},\"previousItem\":{\"@type\":\"ListItem\",\"@id\":\"https:\\\/\\\/kornita.lt\\\/en\\\/#listItem\",\"name\":\"Home\"}},{\"@type\":\"ListItem\",\"@id\":\"https:\\\/\\\/kornita.lt\\\/en\\\/product-category\\\/miltai-miltu-misiniai\\\/#listItem\",\"position\":3,\"name\":\"Miltai ir milt\\u0173 mi\\u0161iniai\",\"item\":\"https:\\\/\\\/kornita.lt\\\/en\\\/product-category\\\/miltai-miltu-misiniai\\\/\",\"nextItem\":{\"@type\":\"ListItem\",\"@id\":\"https:\\\/\\\/kornita.lt\\\/en\\\/shop\\\/miltai-miltu-misiniai\\\/baltyminiai-blynai-200-g\\\/#listItem\",\"name\":\"Baltyminiai blynai be glitimo, 200 g.\"},\"previousItem\":{\"@type\":\"ListItem\",\"@id\":\"https:\\\/\\\/kornita.lt\\\/en\\\/shop-2\\\/#listItem\",\"name\":\"Shop\"}},{\"@type\":\"ListItem\",\"@id\":\"https:\\\/\\\/kornita.lt\\\/en\\\/shop\\\/miltai-miltu-misiniai\\\/baltyminiai-blynai-200-g\\\/#listItem\",\"position\":4,\"name\":\"Baltyminiai blynai be glitimo, 200 g.\",\"previousItem\":{\"@type\":\"ListItem\",\"@id\":\"https:\\\/\\\/kornita.lt\\\/en\\\/product-category\\\/miltai-miltu-misiniai\\\/#listItem\",\"name\":\"Miltai ir milt\\u0173 mi\\u0161iniai\"}}]},{\"@type\":\"Organization\",\"@id\":\"https:\\\/\\\/kornita.lt\\\/en\\\/#organization\",\"name\":\"kornita\",\"url\":\"https:\\\/\\\/kornita.lt\\\/en\\\/\",\"telephone\":\"+37068581463\",\"logo\":{\"@type\":\"ImageObject\",\"url\":\"http:\\\/\\\/kornita.webfactory.lt\\\/wp-content\\\/uploads\\\/2023\\\/04\\\/korni-el-prekyba.png\",\"@id\":\"https:\\\/\\\/kornita.lt\\\/en\\\/shop\\\/miltai-miltu-misiniai\\\/baltyminiai-blynai-200-g\\\/#organizationLogo\"},\"image\":{\"@id\":\"https:\\\/\\\/kornita.lt\\\/en\\\/shop\\\/miltai-miltu-misiniai\\\/baltyminiai-blynai-200-g\\\/#organizationLogo\"},\"sameAs\":[\"https:\\\/\\\/www.facebook.com\\\/kornita.lt\"]},{\"@type\":\"Product\",\"@id\":\"https:\\\/\\\/kornita.lt\\\/en\\\/shop\\\/miltai-miltu-misiniai\\\/baltyminiai-blynai-200-g\\\/#wooCommerceProduct\",\"name\":\"Baltyminiai blynai be glitimo, 200 g.\",\"url\":\"https:\\\/\\\/kornita.lt\\\/en\\\/shop\\\/miltai-miltu-misiniai\\\/baltyminiai-blynai-200-g\\\/\",\"sku\":\"5904161870401\",\"image\":{\"@type\":\"ImageObject\",\"url\":\"https:\\\/\\\/kornita.lt\\\/wp-content\\\/uploads\\\/2024\\\/02\\\/Coco-Farm-baltyminiai-blynai-200-g.jpg\",\"@id\":\"https:\\\/\\\/kornita.lt\\\/en\\\/shop\\\/miltai-miltu-misiniai\\\/baltyminiai-blynai-200-g\\\/#productImage\",\"width\":1486,\"height\":1989},\"offers\":{\"@type\":\"Offer\",\"url\":\"https:\\\/\\\/kornita.lt\\\/en\\\/shop\\\/miltai-miltu-misiniai\\\/baltyminiai-blynai-200-g\\\/#wooCommerceOffer\",\"price\":3.34,\"priceCurrency\":\"EUR\",\"category\":\"Miltai ir milt\\u0173 mi\\u0161iniai\",\"availability\":\"https:\\\/\\\/schema.org\\\/OutOfStock\",\"priceSpecification\":{\"@type\":\"PriceSpecification\",\"price\":3.34,\"priceCurrency\":\"EUR\",\"valueAddedTaxIncluded\":\"true\"},\"seller\":{\"@type\":\"Organization\",\"@id\":\"https:\\\/\\\/kornita.lt\\\/en\\\/#organization\"}}},{\"@type\":\"WebPage\",\"@id\":\"https:\\\/\\\/kornita.lt\\\/en\\\/shop\\\/miltai-miltu-misiniai\\\/baltyminiai-blynai-200-g\\\/#webpage\",\"url\":\"https:\\\/\\\/kornita.lt\\\/en\\\/shop\\\/miltai-miltu-misiniai\\\/baltyminiai-blynai-200-g\\\/\",\"name\":\"Baltyminiai blynai be glitimo, 200 g. - kornita\",\"description\":\"Baltyminiai blynai be glitimo, be prid\\u0117tinio cukraus 200 g. Mi\\u0161inys kokybi\\u0161kiems baltyminiams blynams ruo\\u0161ti. Kas i\\u0161 m\\u016bs\\u0173 nem\\u0117gsta blyn\\u0173? Tok\\u012f \\u017emog\\u0173 tikrai sunku rasti! Blynai \\u2013 tai gard\\u016bs pusry\\u010diai, vakarien\\u0117 ir net piet\\u016bs \\u012f darb\\u0105 ar mokykl\\u0105. Jau kur\\u012f laik\\u0105 populiar\\u016bs ir pikanti\\u0161ki blynai su dar\\u017eovi\\u0173 \\u012fdaru, o jei tai kroketai su m\\u0117sos \\u012fdaru.\",\"inLanguage\":\"en-US\",\"isPartOf\":{\"@id\":\"https:\\\/\\\/kornita.lt\\\/en\\\/#website\"},\"breadcrumb\":{\"@id\":\"https:\\\/\\\/kornita.lt\\\/en\\\/shop\\\/miltai-miltu-misiniai\\\/baltyminiai-blynai-200-g\\\/#breadcrumblist\"},\"image\":{\"@type\":\"ImageObject\",\"url\":\"https:\\\/\\\/kornita.lt\\\/wp-content\\\/uploads\\\/2024\\\/02\\\/Coco-Farm-baltyminiai-blynai-200-g.jpg\",\"@id\":\"https:\\\/\\\/kornita.lt\\\/en\\\/shop\\\/miltai-miltu-misiniai\\\/baltyminiai-blynai-200-g\\\/#mainImage\",\"width\":1486,\"height\":1989},\"primaryImageOfPage\":{\"@id\":\"https:\\\/\\\/kornita.lt\\\/en\\\/shop\\\/miltai-miltu-misiniai\\\/baltyminiai-blynai-200-g\\\/#mainImage\"},\"datePublished\":\"2024-03-08T13:34:37+00:00\",\"dateModified\":\"2025-07-18T08:57:30+00:00\"},{\"@type\":\"WebSite\",\"@id\":\"https:\\\/\\\/kornita.lt\\\/en\\\/#website\",\"url\":\"https:\\\/\\\/kornita.lt\\\/en\\\/\",\"name\":\"kornita\",\"inLanguage\":\"en-US\",\"publisher\":{\"@id\":\"https:\\\/\\\/kornita.lt\\\/en\\\/#organization\"}}]}\n\t\t<\/script>\n\t\t<!-- All in One SEO Pro -->\r\n\t\t<title>Baltyminiai blynai be glitimo, 200 g. - kornita<\/title>\n\n","aioseo_head_json":{"title":"Baltyminiai blynai be glitimo, 200 g. - kornita","description":"Baltyminiai blynai be glitimo, be prid\u0117tinio cukraus 200 g. Mi\u0161inys kokybi\u0161kiems baltyminiams blynams ruo\u0161ti. Kas i\u0161 m\u016bs\u0173 nem\u0117gsta blyn\u0173? Tok\u012f \u017emog\u0173 tikrai sunku rasti! Blynai \u2013 tai gard\u016bs pusry\u010diai, vakarien\u0117 ir net piet\u016bs \u012f darb\u0105 ar mokykl\u0105. Jau kur\u012f laik\u0105 populiar\u016bs ir pikanti\u0161ki blynai su dar\u017eovi\u0173 \u012fdaru, o jei tai kroketai su m\u0117sos \u012fdaru.","canonical_url":"https:\/\/kornita.lt\/en\/shop\/miltai-miltu-misiniai\/baltyminiai-blynai-200-g\/","robots":"max-image-preview:large","keywords":"","webmasterTools":{"miscellaneous":""},"schema":{"@context":"https:\/\/schema.org","@graph":[{"@type":"BreadcrumbList","@id":"https:\/\/kornita.lt\/en\/shop\/miltai-miltu-misiniai\/baltyminiai-blynai-200-g\/#breadcrumblist","itemListElement":[{"@type":"ListItem","@id":"https:\/\/kornita.lt\/en\/#listItem","position":1,"name":"Home","item":"https:\/\/kornita.lt\/en\/","nextItem":{"@type":"ListItem","@id":"https:\/\/kornita.lt\/en\/shop-2\/#listItem","name":"Shop"}},{"@type":"ListItem","@id":"https:\/\/kornita.lt\/en\/shop-2\/#listItem","position":2,"name":"Shop","item":"https:\/\/kornita.lt\/en\/shop-2\/","nextItem":{"@type":"ListItem","@id":"https:\/\/kornita.lt\/en\/product-category\/miltai-miltu-misiniai\/#listItem","name":"Miltai ir milt\u0173 mi\u0161iniai"},"previousItem":{"@type":"ListItem","@id":"https:\/\/kornita.lt\/en\/#listItem","name":"Home"}},{"@type":"ListItem","@id":"https:\/\/kornita.lt\/en\/product-category\/miltai-miltu-misiniai\/#listItem","position":3,"name":"Miltai ir milt\u0173 mi\u0161iniai","item":"https:\/\/kornita.lt\/en\/product-category\/miltai-miltu-misiniai\/","nextItem":{"@type":"ListItem","@id":"https:\/\/kornita.lt\/en\/shop\/miltai-miltu-misiniai\/baltyminiai-blynai-200-g\/#listItem","name":"Baltyminiai blynai be glitimo, 200 g."},"previousItem":{"@type":"ListItem","@id":"https:\/\/kornita.lt\/en\/shop-2\/#listItem","name":"Shop"}},{"@type":"ListItem","@id":"https:\/\/kornita.lt\/en\/shop\/miltai-miltu-misiniai\/baltyminiai-blynai-200-g\/#listItem","position":4,"name":"Baltyminiai blynai be glitimo, 200 g.","previousItem":{"@type":"ListItem","@id":"https:\/\/kornita.lt\/en\/product-category\/miltai-miltu-misiniai\/#listItem","name":"Miltai ir milt\u0173 mi\u0161iniai"}}]},{"@type":"Organization","@id":"https:\/\/kornita.lt\/en\/#organization","name":"kornita","url":"https:\/\/kornita.lt\/en\/","telephone":"+37068581463","logo":{"@type":"ImageObject","url":"http:\/\/kornita.webfactory.lt\/wp-content\/uploads\/2023\/04\/korni-el-prekyba.png","@id":"https:\/\/kornita.lt\/en\/shop\/miltai-miltu-misiniai\/baltyminiai-blynai-200-g\/#organizationLogo"},"image":{"@id":"https:\/\/kornita.lt\/en\/shop\/miltai-miltu-misiniai\/baltyminiai-blynai-200-g\/#organizationLogo"},"sameAs":["https:\/\/www.facebook.com\/kornita.lt"]},{"@type":"Product","@id":"https:\/\/kornita.lt\/en\/shop\/miltai-miltu-misiniai\/baltyminiai-blynai-200-g\/#wooCommerceProduct","name":"Baltyminiai blynai be glitimo, 200 g.","url":"https:\/\/kornita.lt\/en\/shop\/miltai-miltu-misiniai\/baltyminiai-blynai-200-g\/","sku":"5904161870401","image":{"@type":"ImageObject","url":"https:\/\/kornita.lt\/wp-content\/uploads\/2024\/02\/Coco-Farm-baltyminiai-blynai-200-g.jpg","@id":"https:\/\/kornita.lt\/en\/shop\/miltai-miltu-misiniai\/baltyminiai-blynai-200-g\/#productImage","width":1486,"height":1989},"offers":{"@type":"Offer","url":"https:\/\/kornita.lt\/en\/shop\/miltai-miltu-misiniai\/baltyminiai-blynai-200-g\/#wooCommerceOffer","price":3.34,"priceCurrency":"EUR","category":"Miltai ir milt\u0173 mi\u0161iniai","availability":"https:\/\/schema.org\/OutOfStock","priceSpecification":{"@type":"PriceSpecification","price":3.34,"priceCurrency":"EUR","valueAddedTaxIncluded":"true"},"seller":{"@type":"Organization","@id":"https:\/\/kornita.lt\/en\/#organization"}}},{"@type":"WebPage","@id":"https:\/\/kornita.lt\/en\/shop\/miltai-miltu-misiniai\/baltyminiai-blynai-200-g\/#webpage","url":"https:\/\/kornita.lt\/en\/shop\/miltai-miltu-misiniai\/baltyminiai-blynai-200-g\/","name":"Baltyminiai blynai be glitimo, 200 g. - kornita","description":"Baltyminiai blynai be glitimo, be prid\u0117tinio cukraus 200 g. Mi\u0161inys kokybi\u0161kiems baltyminiams blynams ruo\u0161ti. Kas i\u0161 m\u016bs\u0173 nem\u0117gsta blyn\u0173? Tok\u012f \u017emog\u0173 tikrai sunku rasti! Blynai \u2013 tai gard\u016bs pusry\u010diai, vakarien\u0117 ir net piet\u016bs \u012f darb\u0105 ar mokykl\u0105. Jau kur\u012f laik\u0105 populiar\u016bs ir pikanti\u0161ki blynai su dar\u017eovi\u0173 \u012fdaru, o jei tai kroketai su m\u0117sos \u012fdaru.","inLanguage":"en-US","isPartOf":{"@id":"https:\/\/kornita.lt\/en\/#website"},"breadcrumb":{"@id":"https:\/\/kornita.lt\/en\/shop\/miltai-miltu-misiniai\/baltyminiai-blynai-200-g\/#breadcrumblist"},"image":{"@type":"ImageObject","url":"https:\/\/kornita.lt\/wp-content\/uploads\/2024\/02\/Coco-Farm-baltyminiai-blynai-200-g.jpg","@id":"https:\/\/kornita.lt\/en\/shop\/miltai-miltu-misiniai\/baltyminiai-blynai-200-g\/#mainImage","width":1486,"height":1989},"primaryImageOfPage":{"@id":"https:\/\/kornita.lt\/en\/shop\/miltai-miltu-misiniai\/baltyminiai-blynai-200-g\/#mainImage"},"datePublished":"2024-03-08T13:34:37+00:00","dateModified":"2025-07-18T08:57:30+00:00"},{"@type":"WebSite","@id":"https:\/\/kornita.lt\/en\/#website","url":"https:\/\/kornita.lt\/en\/","name":"kornita","inLanguage":"en-US","publisher":{"@id":"https:\/\/kornita.lt\/en\/#organization"}}]},"og:locale":"en_US","og:site_name":"kornita -","og:type":"article","og:title":"Baltyminiai blynai be glitimo, 200 g. - kornita","og:description":"Baltyminiai blynai be glitimo, be prid\u0117tinio cukraus 200 g. Mi\u0161inys kokybi\u0161kiems baltyminiams blynams ruo\u0161ti. Kas i\u0161 m\u016bs\u0173 nem\u0117gsta blyn\u0173? Tok\u012f \u017emog\u0173 tikrai sunku rasti! Blynai \u2013 tai gard\u016bs pusry\u010diai, vakarien\u0117 ir net piet\u016bs \u012f darb\u0105 ar mokykl\u0105. Jau kur\u012f laik\u0105 populiar\u016bs ir pikanti\u0161ki blynai su dar\u017eovi\u0173 \u012fdaru, o jei tai kroketai su m\u0117sos \u012fdaru.","og:url":"https:\/\/kornita.lt\/en\/shop\/miltai-miltu-misiniai\/baltyminiai-blynai-200-g\/","og:image":"https:\/\/kornita.webfactory.lt\/wp-content\/uploads\/2023\/04\/korni-el-prekyba.png","og:image:secure_url":"https:\/\/kornita.webfactory.lt\/wp-content\/uploads\/2023\/04\/korni-el-prekyba.png","article:published_time":"2024-03-08T13:34:37+00:00","article:modified_time":"2025-07-18T08:57:30+00:00","article:publisher":"https:\/\/www.facebook.com\/kornita.lt","twitter:card":"summary_large_image","twitter:title":"Baltyminiai blynai be glitimo, 200 g. - kornita","twitter:description":"Baltyminiai blynai be glitimo, be prid\u0117tinio cukraus 200 g. Mi\u0161inys kokybi\u0161kiems baltyminiams blynams ruo\u0161ti. Kas i\u0161 m\u016bs\u0173 nem\u0117gsta blyn\u0173? Tok\u012f \u017emog\u0173 tikrai sunku rasti! Blynai \u2013 tai gard\u016bs pusry\u010diai, vakarien\u0117 ir net piet\u016bs \u012f darb\u0105 ar mokykl\u0105. Jau kur\u012f laik\u0105 populiar\u016bs ir pikanti\u0161ki blynai su dar\u017eovi\u0173 \u012fdaru, o jei tai kroketai su m\u0117sos \u012fdaru.","twitter:image":"http:\/\/kornita.webfactory.lt\/wp-content\/uploads\/2023\/04\/korni-el-prekyba.png"},"aioseo_meta_data":{"post_id":"22841","title":null,"description":null,"keywords":null,"keyphrases":{"focus":{"keyphrase":"","score":0,"analysis":{"keyphraseInTitle":{"score":0,"maxScore":9,"error":1}}},"additional":[]},"primary_term":null,"canonical_url":null,"og_title":null,"og_description":null,"og_object_type":"default","og_image_type":"default","og_image_url":null,"og_image_width":null,"og_image_height":null,"og_image_custom_url":null,"og_image_custom_fields":null,"og_video":"","og_custom_url":null,"og_article_section":null,"og_article_tags":null,"twitter_use_og":false,"twitter_card":"default","twitter_image_type":"default","twitter_image_url":null,"twitter_image_custom_url":null,"twitter_image_custom_fields":null,"twitter_title":null,"twitter_description":null,"schema":{"blockGraphs":[],"customGraphs":[],"default":{"data":{"Article":[],"Course":[],"Dataset":[],"FAQPage":[],"Movie":[],"Person":[],"Product":[],"ProductReview":[],"Car":[],"Recipe":[],"Service":[],"SoftwareApplication":[],"WebPage":[]},"graphName":"ItemPage","isEnabled":true},"graphs":[]},"schema_type":"default","schema_type_options":null,"pillar_content":false,"robots_default":true,"robots_noindex":false,"robots_noarchive":false,"robots_nosnippet":false,"robots_nofollow":false,"robots_noimageindex":false,"robots_noodp":false,"robots_notranslate":false,"robots_max_snippet":"-1","robots_max_videopreview":"-1","robots_max_imagepreview":"large","priority":null,"frequency":"default","local_seo":null,"seo_analyzer_scan_date":"2025-10-09 00:28:23","breadcrumb_settings":null,"limit_modified_date":false,"open_ai":"{\"title\":{\"suggestions\":[],\"usage\":0},\"description\":{\"suggestions\":[],\"usage\":0}}","ai":null,"created":"2024-02-22 10:17:00","updated":"2025-11-26 23:40:10"},"aioseo_breadcrumb":"<div class=\"aioseo-breadcrumbs\"><span class=\"aioseo-breadcrumb\">\n\t<a href=\"https:\/\/kornita.lt\/en\/\" title=\"Home\">Home<\/a>\n<\/span><span class=\"aioseo-breadcrumb-separator\">&raquo;<\/span><span class=\"aioseo-breadcrumb\">\n\t<a href=\"https:\/\/kornita.lt\/en\/shop-2\/\" title=\"Shop\">Shop<\/a>\n<\/span><span class=\"aioseo-breadcrumb-separator\">&raquo;<\/span><span class=\"aioseo-breadcrumb\">\n\t<a href=\"https:\/\/kornita.lt\/en\/product-category\/miltai-miltu-misiniai\/\" title=\"Miltai ir milt\u0173 mi\u0161iniai\">Miltai ir milt\u0173 mi\u0161iniai<\/a>\n<\/span><span class=\"aioseo-breadcrumb-separator\">&raquo;<\/span><span class=\"aioseo-breadcrumb\">\n\tBaltyminiai blynai be glitimo, 200 g.\n<\/span><\/div>","aioseo_breadcrumb_json":[{"label":"Home","link":"https:\/\/kornita.lt\/en\/"},{"label":"Shop","link":"https:\/\/kornita.lt\/en\/shop-2\/"},{"label":"Miltai ir milt\u0173 mi\u0161iniai","link":"https:\/\/kornita.lt\/en\/product-category\/miltai-miltu-misiniai\/"},{"label":"Baltyminiai blynai be glitimo, 200 g.","link":"https:\/\/kornita.lt\/en\/shop\/miltai-miltu-misiniai\/baltyminiai-blynai-200-g\/"}],"_links":{"self":[{"href":"https:\/\/kornita.lt\/en\/wp-json\/wp\/v2\/product\/22841","targetHints":{"allow":["GET"]}}],"collection":[{"href":"https:\/\/kornita.lt\/en\/wp-json\/wp\/v2\/product"}],"about":[{"href":"https:\/\/kornita.lt\/en\/wp-json\/wp\/v2\/types\/product"}],"replies":[{"embeddable":true,"href":"https:\/\/kornita.lt\/en\/wp-json\/wp\/v2\/comments?post=22841"}],"version-history":[{"count":2,"href":"https:\/\/kornita.lt\/en\/wp-json\/wp\/v2\/product\/22841\/revisions"}],"predecessor-version":[{"id":25061,"href":"https:\/\/kornita.lt\/en\/wp-json\/wp\/v2\/product\/22841\/revisions\/25061"}],"wp:featuredmedia":[{"embeddable":true,"href":"https:\/\/kornita.lt\/en\/wp-json\/wp\/v2\/media\/22846"}],"wp:attachment":[{"href":"https:\/\/kornita.lt\/en\/wp-json\/wp\/v2\/media?parent=22841"}],"wp:term":[{"taxonomy":"product_brand","embeddable":true,"href":"https:\/\/kornita.lt\/en\/wp-json\/wp\/v2\/product_brand?post=22841"},{"taxonomy":"product_cat","embeddable":true,"href":"https:\/\/kornita.lt\/en\/wp-json\/wp\/v2\/product_cat?post=22841"},{"taxonomy":"product_tag","embeddable":true,"href":"https:\/\/kornita.lt\/en\/wp-json\/wp\/v2\/product_tag?post=22841"}],"curies":[{"name":"wp","href":"https:\/\/api.w.org\/{rel}","templated":true}]}}