{"id":22840,"date":"2024-03-08T13:34:37","date_gmt":"2024-03-08T13:34:37","guid":{"rendered":"https:\/\/kornita.lt\/?post_type=product&#038;p=22840"},"modified":"2025-12-10T08:40:46","modified_gmt":"2025-12-10T08:40:46","slug":"brownie-power-290-g","status":"publish","type":"product","link":"https:\/\/kornita.lt\/en\/shop\/miltai-miltu-misiniai\/brownie-power-290-g\/","title":{"rendered":"Brownie pyrago mi\u0161inys  290 g"},"content":{"rendered":"<p><strong>KAS YRA POWER BROWNIE<\/strong><\/p>\n<p>Tai mi\u0161inys, skirtas kepti savo namin\u012f keto pyrag\u0105. J\u012f sudaro auk\u0161\u010diausios kokyb\u0117s kokoso miltai, migdol\u0173 miltai, eritritolis (eritritolis) ir kakava. \u012e pakuot\u0119, atskirame mai\u0161elyje, \u012fd\u0117jome MCT turting\u0105 aliej\u0173 ir kokoso mink\u0161tim\u0105 (kokoso pasta, kokoso put\u0117siai). Mink\u0161timo ir aliejaus mi\u0161in\u012f sumai\u0161ykite su verdan\u010diu vandeniu ir intensyviai mai\u0161ykite, kol susidarys kokos\u0173 kremas (tir\u0161tokas kokos\u0173 pienas). Tiesiog \u012f grietin\u0117l\u0119 \u012fd\u0117kite bir\u0173 pakuot\u0117s turin\u012f ir 3 kiau\u0161inius. Tada gerai i\u0161mai\u0161ykite, taip pat galite prid\u0117ti m\u0117gstam\u0173 rie\u0161ut\u0173 ir d\u017eiovint\u0173 vaisi\u0173. Po keli\u0173 minu\u010di\u0173 mi\u0161inys yra paruo\u0161tas kepimui. Tiesiog pa\u0161aukite \u012f \u012fkaitint\u0105 orkait\u0119, kepkite 25 minutes ir dietinis pyragas yra paruo\u0161tas.<br \/>\nSud\u0117tis: kokos\u0173 aliejus, eritritolis, kokoso mink\u0161timas, nugriebta kakava, kokos\u0173 miltai, migdol\u0173 miltai, kildinimo med\u017eiaga (natrio bikarbonatas), nat\u016brali vanil\u0117s skonis, Himalaj\u0173 ro\u017ein\u0117 druska.<\/p>\n<p>Bendra daugelio diet\u0173, \u012fskaitant sveikat\u0105, svorio metim\u0105 ir sport\u0105, esm\u0117 yra visi\u0161kas cukraus pa\u0161alinimas. Manome, kad laikot\u0117s grie\u017et\u0173 mitybos rekomendacij\u0173, ta\u010diau, nepaisant j\u016bs\u0173 u\u017esispyrimo, kartais jau\u010diate nevaldom\u0105 potrauk\u012f saldumynams. Suprantame, kaip da\u017enai klaid\u017eiojate po m\u0117gstam\u0105 sveiko maisto parduotuv\u0119, ie\u0161kodami produkt\u0173, kuriuos galite rasti po antra\u0161t\u0117mis: tinkami produktai, sveikas maistas, saldumynai be cukraus, sveiki saldumynai ar ketogenin\u0117 dieta. Galb\u016bt ir j\u016bs nar\u0161ote internete, ie\u0161kodami \u012fkv\u0117pimo, kaip patiems pasigaminti sveik\u0105 pyrag\u0105. Skaitai receptus ir supranti, kad norint paruo\u0161ti pyrag\u0105 be cukraus, be gr\u016bd\u0173 milt\u0173 ir be glitimo, reikia tur\u0117ti kruop\u0161\u010diai atrinktus ingredientus, daug laiko ir \u017eini\u0173, kaip visk\u0105 derinti, kad jis b\u016bt\u0173 valgomas. R\u016bpindamiesi j\u016bs\u0173 laiku, pinigais, bet vis\u0173 pirma cukraus kiekiu, angliavandeniais ir ketoniniais k\u016bnais bei nat\u016braliais papildais, paruo\u0161\u0117me skan\u0173, dr\u0117gn\u0105 pyrag\u0105 su idealiomis makroelement\u0173 proporcijomis (riebalai &#8211; 27 g, grynieji angliavandeniai &#8211; 2 g , baltym\u0173 &#8211; 8 g).<\/p>\n<p>Brownie\u00a0 mi\u0161inys 290 g yra pasi\u016blymas \u017emon\u0117ms, kuriems r\u016bpi auk\u0161ta maistin\u0117 vert\u0117, tobula sud\u0117tis ir svarb\u016bs valgio sveikatos aspektai. Jis taip pat atitinka klient\u0173, kovojan\u010di\u0173 su maisto netoleravimu, sportinink\u0173 ir aktyvi\u0173 \u017emoni\u0173 poreikius, taip pat t\u0173, kurie d\u0117l sveikatos yra priversti i\u0161 savo raciono pa\u0161alinti tam tikrus ingredientus, tokius kaip: cukr\u0173, kvie\u010dius, gr\u016bdus, glitim\u0105, pieno produktus. , laktoz\u0117s, kazeino, da\u017eikli\u0173, konservant\u0173 ar bet koki\u0173 chemini\u0173 med\u017eiag\u0173.<\/p>\n<p>Brownie ypa\u010d vertinamas laikantis ribojan\u010di\u0173 diet\u0173, toki\u0173 kaip: diabetin\u0117 (ma\u017eai arba visi\u0161kai be cukraus), liekn\u0117janti, ketogenin\u0117 su ma\u017eiau reikliomis r\u016b\u0161imis (ma\u017eai angliavandeni\u0173, LCHF, ma\u017eai angliavandeni\u0173 ir kt.), taip pat -energija (100 g pyrago yra 27 g riebal\u0173 ir 2 g gryn\u0173j\u0173 angliavandeni\u0173.) D\u0117l ideali\u0173 riebal\u0173, baltym\u0173 ir angliavandeni\u0173 proporcij\u0173 bei nat\u016bralaus vitamin\u0173 ir mineral\u0173 i\u0161 brangi\u0173 \u017ealiav\u0173, m\u016bs\u0173 pyragas yra maistingas ir ilgai i\u0161liekantis sotus delikatesas \u017emon\u0117ms, turintiems valgymo sutrikim\u0173, sveikstantiems ir \u017emon\u0117ms, kovojantiems su maistini\u0173 med\u017eiag\u0173 tr\u016bkumu. Vienu \u017eod\u017eiu, Power Brownie yra didelis maistinis tankis ir nesuskai\u010diuojama daugyb\u0117 mikro ir makro element\u0173. Tai pateisins ir vegan\u0173 l\u016bkes\u010dius \u2013 ne\u012fd\u0117jus kiau\u0161ini\u0173, i\u0161 mi\u0161inio galima paruo\u0161ti vegani\u0161k\u0105 braun\u012f. Ta\u010diau atminkite, kad te\u0161la ne taip gra\u017eiai i\u0161kils, ji bus kieta ir tir\u0161ta.<\/p>\n<p>Brownie puikiai tinka kaip desertas darbe, per socialinius susib\u016brimus ir kaip pagrindas ruo\u0161iant nuostabius pyragus ir pyragus.<\/p>\n","protected":false},"excerpt":{"rendered":"<p>KAS YRA POWER BROWNIE Tai mi\u0161inys, skirtas kepti savo namin\u012f keto pyrag\u0105. J\u012f sudaro auk\u0161\u010diausios kokyb\u0117s kokoso miltai, migdol\u0173 miltai,<\/p>\n","protected":false},"featured_media":22842,"comment_status":"open","ping_status":"closed","template":"","meta":[],"product_brand":[],"product_cat":[215],"product_tag":[],"class_list":{"0":"post-22840","1":"product","2":"type-product","3":"status-publish","4":"has-post-thumbnail","6":"product_cat-miltai-miltu-misiniai","7":"product_shipping_class-pristatymas","9":"first","10":"outofstock","11":"taxable","12":"shipping-taxable","13":"purchasable","14":"product-type-simple"},"aioseo_notices":[],"aioseo_head":"\n\t\t<!-- All in One SEO Pro 4.9.5.2 - aioseo.com -->\n\t<meta name=\"description\" content=\"KAS YRA POWER BROWNIE Tai mi\u0161inys, skirtas kepti savo namin\u012f keto pyrag\u0105. J\u012f sudaro auk\u0161\u010diausios kokyb\u0117s kokoso miltai, migdol\u0173 miltai, eritritolis (eritritolis) ir kakava. \u012e pakuot\u0119, atskirame mai\u0161elyje, \u012fd\u0117jome MCT turting\u0105 aliej\u0173 ir kokoso mink\u0161tim\u0105 (kokoso pasta, kokoso put\u0117siai). Mink\u0161timo ir aliejaus mi\u0161in\u012f sumai\u0161ykite su verdan\u010diu vandeniu ir intensyviai mai\u0161ykite, kol susidarys kokos\u0173 kremas (tir\u0161tokas\" \/>\n\t<meta name=\"robots\" content=\"max-image-preview:large\" \/>\n\t<link rel=\"canonical\" href=\"https:\/\/kornita.lt\/en\/shop\/miltai-miltu-misiniai\/brownie-power-290-g\/\" \/>\n\t<meta name=\"generator\" content=\"All in One SEO Pro (AIOSEO) 4.9.5.2\" \/>\n\t\t<meta property=\"og:locale\" content=\"en_US\" \/>\n\t\t<meta property=\"og:site_name\" content=\"kornita -\" \/>\n\t\t<meta property=\"og:type\" content=\"article\" \/>\n\t\t<meta property=\"og:title\" content=\"Brownie pyrago mi\u0161inys 290 g - kornita\" \/>\n\t\t<meta property=\"og:description\" content=\"KAS YRA POWER BROWNIE Tai mi\u0161inys, skirtas kepti savo namin\u012f keto pyrag\u0105. J\u012f sudaro auk\u0161\u010diausios kokyb\u0117s kokoso miltai, migdol\u0173 miltai, eritritolis (eritritolis) ir kakava. \u012e pakuot\u0119, atskirame mai\u0161elyje, \u012fd\u0117jome MCT turting\u0105 aliej\u0173 ir kokoso mink\u0161tim\u0105 (kokoso pasta, kokoso put\u0117siai). Mink\u0161timo ir aliejaus mi\u0161in\u012f sumai\u0161ykite su verdan\u010diu vandeniu ir intensyviai mai\u0161ykite, kol susidarys kokos\u0173 kremas (tir\u0161tokas\" \/>\n\t\t<meta property=\"og:url\" content=\"https:\/\/kornita.lt\/en\/shop\/miltai-miltu-misiniai\/brownie-power-290-g\/\" \/>\n\t\t<meta property=\"og:image\" content=\"https:\/\/kornita.webfactory.lt\/wp-content\/uploads\/2023\/04\/korni-el-prekyba.png\" \/>\n\t\t<meta property=\"og:image:secure_url\" content=\"https:\/\/kornita.webfactory.lt\/wp-content\/uploads\/2023\/04\/korni-el-prekyba.png\" \/>\n\t\t<meta property=\"article:published_time\" content=\"2024-03-08T13:34:37+00:00\" \/>\n\t\t<meta property=\"article:modified_time\" content=\"2025-12-10T08:40:46+00:00\" \/>\n\t\t<meta property=\"article:publisher\" content=\"https:\/\/www.facebook.com\/kornita.lt\" \/>\n\t\t<meta name=\"twitter:card\" content=\"summary_large_image\" \/>\n\t\t<meta name=\"twitter:title\" content=\"Brownie pyrago mi\u0161inys 290 g - kornita\" \/>\n\t\t<meta name=\"twitter:description\" content=\"KAS YRA POWER BROWNIE Tai mi\u0161inys, skirtas kepti savo namin\u012f keto pyrag\u0105. J\u012f sudaro auk\u0161\u010diausios kokyb\u0117s kokoso miltai, migdol\u0173 miltai, eritritolis (eritritolis) ir kakava. \u012e pakuot\u0119, atskirame mai\u0161elyje, \u012fd\u0117jome MCT turting\u0105 aliej\u0173 ir kokoso mink\u0161tim\u0105 (kokoso pasta, kokoso put\u0117siai). Mink\u0161timo ir aliejaus mi\u0161in\u012f sumai\u0161ykite su verdan\u010diu vandeniu ir intensyviai mai\u0161ykite, kol susidarys kokos\u0173 kremas (tir\u0161tokas\" \/>\n\t\t<meta name=\"twitter:image\" content=\"http:\/\/kornita.webfactory.lt\/wp-content\/uploads\/2023\/04\/korni-el-prekyba.png\" \/>\n\t\t<script type=\"application\/ld+json\" class=\"aioseo-schema\">\n\t\t\t{\"@context\":\"https:\\\/\\\/schema.org\",\"@graph\":[{\"@type\":\"BreadcrumbList\",\"@id\":\"https:\\\/\\\/kornita.lt\\\/en\\\/shop\\\/miltai-miltu-misiniai\\\/brownie-power-290-g\\\/#breadcrumblist\",\"itemListElement\":[{\"@type\":\"ListItem\",\"@id\":\"https:\\\/\\\/kornita.lt\\\/en\\\/#listItem\",\"position\":1,\"name\":\"Home\",\"item\":\"https:\\\/\\\/kornita.lt\\\/en\\\/\",\"nextItem\":{\"@type\":\"ListItem\",\"@id\":\"https:\\\/\\\/kornita.lt\\\/en\\\/shop-2\\\/#listItem\",\"name\":\"Shop\"}},{\"@type\":\"ListItem\",\"@id\":\"https:\\\/\\\/kornita.lt\\\/en\\\/shop-2\\\/#listItem\",\"position\":2,\"name\":\"Shop\",\"item\":\"https:\\\/\\\/kornita.lt\\\/en\\\/shop-2\\\/\",\"nextItem\":{\"@type\":\"ListItem\",\"@id\":\"https:\\\/\\\/kornita.lt\\\/en\\\/product-category\\\/miltai-miltu-misiniai\\\/#listItem\",\"name\":\"Miltai ir milt\\u0173 mi\\u0161iniai\"},\"previousItem\":{\"@type\":\"ListItem\",\"@id\":\"https:\\\/\\\/kornita.lt\\\/en\\\/#listItem\",\"name\":\"Home\"}},{\"@type\":\"ListItem\",\"@id\":\"https:\\\/\\\/kornita.lt\\\/en\\\/product-category\\\/miltai-miltu-misiniai\\\/#listItem\",\"position\":3,\"name\":\"Miltai ir milt\\u0173 mi\\u0161iniai\",\"item\":\"https:\\\/\\\/kornita.lt\\\/en\\\/product-category\\\/miltai-miltu-misiniai\\\/\",\"nextItem\":{\"@type\":\"ListItem\",\"@id\":\"https:\\\/\\\/kornita.lt\\\/en\\\/shop\\\/miltai-miltu-misiniai\\\/brownie-power-290-g\\\/#listItem\",\"name\":\"Brownie pyrago mi\\u0161inys  290 g\"},\"previousItem\":{\"@type\":\"ListItem\",\"@id\":\"https:\\\/\\\/kornita.lt\\\/en\\\/shop-2\\\/#listItem\",\"name\":\"Shop\"}},{\"@type\":\"ListItem\",\"@id\":\"https:\\\/\\\/kornita.lt\\\/en\\\/shop\\\/miltai-miltu-misiniai\\\/brownie-power-290-g\\\/#listItem\",\"position\":4,\"name\":\"Brownie pyrago mi\\u0161inys  290 g\",\"previousItem\":{\"@type\":\"ListItem\",\"@id\":\"https:\\\/\\\/kornita.lt\\\/en\\\/product-category\\\/miltai-miltu-misiniai\\\/#listItem\",\"name\":\"Miltai ir milt\\u0173 mi\\u0161iniai\"}}]},{\"@type\":\"Organization\",\"@id\":\"https:\\\/\\\/kornita.lt\\\/en\\\/#organization\",\"name\":\"kornita\",\"url\":\"https:\\\/\\\/kornita.lt\\\/en\\\/\",\"telephone\":\"+37068581463\",\"logo\":{\"@type\":\"ImageObject\",\"url\":\"http:\\\/\\\/kornita.webfactory.lt\\\/wp-content\\\/uploads\\\/2023\\\/04\\\/korni-el-prekyba.png\",\"@id\":\"https:\\\/\\\/kornita.lt\\\/en\\\/shop\\\/miltai-miltu-misiniai\\\/brownie-power-290-g\\\/#organizationLogo\"},\"image\":{\"@id\":\"https:\\\/\\\/kornita.lt\\\/en\\\/shop\\\/miltai-miltu-misiniai\\\/brownie-power-290-g\\\/#organizationLogo\"},\"sameAs\":[\"https:\\\/\\\/www.facebook.com\\\/kornita.lt\"]},{\"@type\":\"Product\",\"@id\":\"https:\\\/\\\/kornita.lt\\\/en\\\/shop\\\/miltai-miltu-misiniai\\\/brownie-power-290-g\\\/#wooCommerceProduct\",\"name\":\"Brownie pyrago mi\\u0161inys  290 g\",\"url\":\"https:\\\/\\\/kornita.lt\\\/en\\\/shop\\\/miltai-miltu-misiniai\\\/brownie-power-290-g\\\/\",\"sku\":\"5904161870388\",\"image\":{\"@type\":\"ImageObject\",\"url\":\"https:\\\/\\\/kornita.lt\\\/wp-content\\\/uploads\\\/2024\\\/02\\\/Coco-Farm-Brownie-Power-290-g.jpg\",\"@id\":\"https:\\\/\\\/kornita.lt\\\/en\\\/shop\\\/miltai-miltu-misiniai\\\/brownie-power-290-g\\\/#productImage\",\"width\":1486,\"height\":1989},\"offers\":{\"@type\":\"Offer\",\"url\":\"https:\\\/\\\/kornita.lt\\\/en\\\/shop\\\/miltai-miltu-misiniai\\\/brownie-power-290-g\\\/#wooCommerceOffer\",\"price\":8.46,\"priceCurrency\":\"EUR\",\"category\":\"Miltai ir milt\\u0173 mi\\u0161iniai\",\"availability\":\"https:\\\/\\\/schema.org\\\/OutOfStock\",\"priceSpecification\":{\"@type\":\"PriceSpecification\",\"price\":8.46,\"priceCurrency\":\"EUR\",\"valueAddedTaxIncluded\":\"true\"},\"seller\":{\"@type\":\"Organization\",\"@id\":\"https:\\\/\\\/kornita.lt\\\/en\\\/#organization\"}}},{\"@type\":\"WebPage\",\"@id\":\"https:\\\/\\\/kornita.lt\\\/en\\\/shop\\\/miltai-miltu-misiniai\\\/brownie-power-290-g\\\/#webpage\",\"url\":\"https:\\\/\\\/kornita.lt\\\/en\\\/shop\\\/miltai-miltu-misiniai\\\/brownie-power-290-g\\\/\",\"name\":\"Brownie pyrago mi\\u0161inys 290 g - kornita\",\"description\":\"KAS YRA POWER BROWNIE Tai mi\\u0161inys, skirtas kepti savo namin\\u012f keto pyrag\\u0105. J\\u012f sudaro auk\\u0161\\u010diausios kokyb\\u0117s kokoso miltai, migdol\\u0173 miltai, eritritolis (eritritolis) ir kakava. \\u012e pakuot\\u0119, atskirame mai\\u0161elyje, \\u012fd\\u0117jome MCT turting\\u0105 aliej\\u0173 ir kokoso mink\\u0161tim\\u0105 (kokoso pasta, kokoso put\\u0117siai). Mink\\u0161timo ir aliejaus mi\\u0161in\\u012f sumai\\u0161ykite su verdan\\u010diu vandeniu ir intensyviai mai\\u0161ykite, kol susidarys kokos\\u0173 kremas (tir\\u0161tokas\",\"inLanguage\":\"en-US\",\"isPartOf\":{\"@id\":\"https:\\\/\\\/kornita.lt\\\/en\\\/#website\"},\"breadcrumb\":{\"@id\":\"https:\\\/\\\/kornita.lt\\\/en\\\/shop\\\/miltai-miltu-misiniai\\\/brownie-power-290-g\\\/#breadcrumblist\"},\"image\":{\"@type\":\"ImageObject\",\"url\":\"https:\\\/\\\/kornita.lt\\\/wp-content\\\/uploads\\\/2024\\\/02\\\/Coco-Farm-Brownie-Power-290-g.jpg\",\"@id\":\"https:\\\/\\\/kornita.lt\\\/en\\\/shop\\\/miltai-miltu-misiniai\\\/brownie-power-290-g\\\/#mainImage\",\"width\":1486,\"height\":1989},\"primaryImageOfPage\":{\"@id\":\"https:\\\/\\\/kornita.lt\\\/en\\\/shop\\\/miltai-miltu-misiniai\\\/brownie-power-290-g\\\/#mainImage\"},\"datePublished\":\"2024-03-08T13:34:37+00:00\",\"dateModified\":\"2025-12-10T08:40:46+00:00\"},{\"@type\":\"WebSite\",\"@id\":\"https:\\\/\\\/kornita.lt\\\/en\\\/#website\",\"url\":\"https:\\\/\\\/kornita.lt\\\/en\\\/\",\"name\":\"kornita\",\"inLanguage\":\"en-US\",\"publisher\":{\"@id\":\"https:\\\/\\\/kornita.lt\\\/en\\\/#organization\"}}]}\n\t\t<\/script>\n\t\t<!-- All in One SEO Pro -->\r\n\t\t<title>Brownie pyrago mi\u0161inys 290 g - kornita<\/title>\n\n","aioseo_head_json":{"title":"Brownie pyrago mi\u0161inys 290 g - kornita","description":"KAS YRA POWER BROWNIE Tai mi\u0161inys, skirtas kepti savo namin\u012f keto pyrag\u0105. J\u012f sudaro auk\u0161\u010diausios kokyb\u0117s kokoso miltai, migdol\u0173 miltai, eritritolis (eritritolis) ir kakava. \u012e pakuot\u0119, atskirame mai\u0161elyje, \u012fd\u0117jome MCT turting\u0105 aliej\u0173 ir kokoso mink\u0161tim\u0105 (kokoso pasta, kokoso put\u0117siai). Mink\u0161timo ir aliejaus mi\u0161in\u012f sumai\u0161ykite su verdan\u010diu vandeniu ir intensyviai mai\u0161ykite, kol susidarys kokos\u0173 kremas (tir\u0161tokas","canonical_url":"https:\/\/kornita.lt\/en\/shop\/miltai-miltu-misiniai\/brownie-power-290-g\/","robots":"max-image-preview:large","keywords":"","webmasterTools":{"miscellaneous":""},"schema":{"@context":"https:\/\/schema.org","@graph":[{"@type":"BreadcrumbList","@id":"https:\/\/kornita.lt\/en\/shop\/miltai-miltu-misiniai\/brownie-power-290-g\/#breadcrumblist","itemListElement":[{"@type":"ListItem","@id":"https:\/\/kornita.lt\/en\/#listItem","position":1,"name":"Home","item":"https:\/\/kornita.lt\/en\/","nextItem":{"@type":"ListItem","@id":"https:\/\/kornita.lt\/en\/shop-2\/#listItem","name":"Shop"}},{"@type":"ListItem","@id":"https:\/\/kornita.lt\/en\/shop-2\/#listItem","position":2,"name":"Shop","item":"https:\/\/kornita.lt\/en\/shop-2\/","nextItem":{"@type":"ListItem","@id":"https:\/\/kornita.lt\/en\/product-category\/miltai-miltu-misiniai\/#listItem","name":"Miltai ir milt\u0173 mi\u0161iniai"},"previousItem":{"@type":"ListItem","@id":"https:\/\/kornita.lt\/en\/#listItem","name":"Home"}},{"@type":"ListItem","@id":"https:\/\/kornita.lt\/en\/product-category\/miltai-miltu-misiniai\/#listItem","position":3,"name":"Miltai ir milt\u0173 mi\u0161iniai","item":"https:\/\/kornita.lt\/en\/product-category\/miltai-miltu-misiniai\/","nextItem":{"@type":"ListItem","@id":"https:\/\/kornita.lt\/en\/shop\/miltai-miltu-misiniai\/brownie-power-290-g\/#listItem","name":"Brownie pyrago mi\u0161inys  290 g"},"previousItem":{"@type":"ListItem","@id":"https:\/\/kornita.lt\/en\/shop-2\/#listItem","name":"Shop"}},{"@type":"ListItem","@id":"https:\/\/kornita.lt\/en\/shop\/miltai-miltu-misiniai\/brownie-power-290-g\/#listItem","position":4,"name":"Brownie pyrago mi\u0161inys  290 g","previousItem":{"@type":"ListItem","@id":"https:\/\/kornita.lt\/en\/product-category\/miltai-miltu-misiniai\/#listItem","name":"Miltai ir milt\u0173 mi\u0161iniai"}}]},{"@type":"Organization","@id":"https:\/\/kornita.lt\/en\/#organization","name":"kornita","url":"https:\/\/kornita.lt\/en\/","telephone":"+37068581463","logo":{"@type":"ImageObject","url":"http:\/\/kornita.webfactory.lt\/wp-content\/uploads\/2023\/04\/korni-el-prekyba.png","@id":"https:\/\/kornita.lt\/en\/shop\/miltai-miltu-misiniai\/brownie-power-290-g\/#organizationLogo"},"image":{"@id":"https:\/\/kornita.lt\/en\/shop\/miltai-miltu-misiniai\/brownie-power-290-g\/#organizationLogo"},"sameAs":["https:\/\/www.facebook.com\/kornita.lt"]},{"@type":"Product","@id":"https:\/\/kornita.lt\/en\/shop\/miltai-miltu-misiniai\/brownie-power-290-g\/#wooCommerceProduct","name":"Brownie pyrago mi\u0161inys  290 g","url":"https:\/\/kornita.lt\/en\/shop\/miltai-miltu-misiniai\/brownie-power-290-g\/","sku":"5904161870388","image":{"@type":"ImageObject","url":"https:\/\/kornita.lt\/wp-content\/uploads\/2024\/02\/Coco-Farm-Brownie-Power-290-g.jpg","@id":"https:\/\/kornita.lt\/en\/shop\/miltai-miltu-misiniai\/brownie-power-290-g\/#productImage","width":1486,"height":1989},"offers":{"@type":"Offer","url":"https:\/\/kornita.lt\/en\/shop\/miltai-miltu-misiniai\/brownie-power-290-g\/#wooCommerceOffer","price":8.46,"priceCurrency":"EUR","category":"Miltai ir milt\u0173 mi\u0161iniai","availability":"https:\/\/schema.org\/OutOfStock","priceSpecification":{"@type":"PriceSpecification","price":8.46,"priceCurrency":"EUR","valueAddedTaxIncluded":"true"},"seller":{"@type":"Organization","@id":"https:\/\/kornita.lt\/en\/#organization"}}},{"@type":"WebPage","@id":"https:\/\/kornita.lt\/en\/shop\/miltai-miltu-misiniai\/brownie-power-290-g\/#webpage","url":"https:\/\/kornita.lt\/en\/shop\/miltai-miltu-misiniai\/brownie-power-290-g\/","name":"Brownie pyrago mi\u0161inys 290 g - kornita","description":"KAS YRA POWER BROWNIE Tai mi\u0161inys, skirtas kepti savo namin\u012f keto pyrag\u0105. J\u012f sudaro auk\u0161\u010diausios kokyb\u0117s kokoso miltai, migdol\u0173 miltai, eritritolis (eritritolis) ir kakava. \u012e pakuot\u0119, atskirame mai\u0161elyje, \u012fd\u0117jome MCT turting\u0105 aliej\u0173 ir kokoso mink\u0161tim\u0105 (kokoso pasta, kokoso put\u0117siai). Mink\u0161timo ir aliejaus mi\u0161in\u012f sumai\u0161ykite su verdan\u010diu vandeniu ir intensyviai mai\u0161ykite, kol susidarys kokos\u0173 kremas (tir\u0161tokas","inLanguage":"en-US","isPartOf":{"@id":"https:\/\/kornita.lt\/en\/#website"},"breadcrumb":{"@id":"https:\/\/kornita.lt\/en\/shop\/miltai-miltu-misiniai\/brownie-power-290-g\/#breadcrumblist"},"image":{"@type":"ImageObject","url":"https:\/\/kornita.lt\/wp-content\/uploads\/2024\/02\/Coco-Farm-Brownie-Power-290-g.jpg","@id":"https:\/\/kornita.lt\/en\/shop\/miltai-miltu-misiniai\/brownie-power-290-g\/#mainImage","width":1486,"height":1989},"primaryImageOfPage":{"@id":"https:\/\/kornita.lt\/en\/shop\/miltai-miltu-misiniai\/brownie-power-290-g\/#mainImage"},"datePublished":"2024-03-08T13:34:37+00:00","dateModified":"2025-12-10T08:40:46+00:00"},{"@type":"WebSite","@id":"https:\/\/kornita.lt\/en\/#website","url":"https:\/\/kornita.lt\/en\/","name":"kornita","inLanguage":"en-US","publisher":{"@id":"https:\/\/kornita.lt\/en\/#organization"}}]},"og:locale":"en_US","og:site_name":"kornita -","og:type":"article","og:title":"Brownie pyrago mi\u0161inys 290 g - kornita","og:description":"KAS YRA POWER BROWNIE Tai mi\u0161inys, skirtas kepti savo namin\u012f keto pyrag\u0105. J\u012f sudaro auk\u0161\u010diausios kokyb\u0117s kokoso miltai, migdol\u0173 miltai, eritritolis (eritritolis) ir kakava. \u012e pakuot\u0119, atskirame mai\u0161elyje, \u012fd\u0117jome MCT turting\u0105 aliej\u0173 ir kokoso mink\u0161tim\u0105 (kokoso pasta, kokoso put\u0117siai). Mink\u0161timo ir aliejaus mi\u0161in\u012f sumai\u0161ykite su verdan\u010diu vandeniu ir intensyviai mai\u0161ykite, kol susidarys kokos\u0173 kremas (tir\u0161tokas","og:url":"https:\/\/kornita.lt\/en\/shop\/miltai-miltu-misiniai\/brownie-power-290-g\/","og:image":"https:\/\/kornita.webfactory.lt\/wp-content\/uploads\/2023\/04\/korni-el-prekyba.png","og:image:secure_url":"https:\/\/kornita.webfactory.lt\/wp-content\/uploads\/2023\/04\/korni-el-prekyba.png","article:published_time":"2024-03-08T13:34:37+00:00","article:modified_time":"2025-12-10T08:40:46+00:00","article:publisher":"https:\/\/www.facebook.com\/kornita.lt","twitter:card":"summary_large_image","twitter:title":"Brownie pyrago mi\u0161inys 290 g - kornita","twitter:description":"KAS YRA POWER BROWNIE Tai mi\u0161inys, skirtas kepti savo namin\u012f keto pyrag\u0105. J\u012f sudaro auk\u0161\u010diausios kokyb\u0117s kokoso miltai, migdol\u0173 miltai, eritritolis (eritritolis) ir kakava. \u012e pakuot\u0119, atskirame mai\u0161elyje, \u012fd\u0117jome MCT turting\u0105 aliej\u0173 ir kokoso mink\u0161tim\u0105 (kokoso pasta, kokoso put\u0117siai). Mink\u0161timo ir aliejaus mi\u0161in\u012f sumai\u0161ykite su verdan\u010diu vandeniu ir intensyviai mai\u0161ykite, kol susidarys kokos\u0173 kremas (tir\u0161tokas","twitter:image":"http:\/\/kornita.webfactory.lt\/wp-content\/uploads\/2023\/04\/korni-el-prekyba.png"},"aioseo_meta_data":{"post_id":"22840","title":null,"description":null,"keywords":null,"keyphrases":{"focus":{"keyphrase":"","score":0,"analysis":{"keyphraseInTitle":{"score":0,"maxScore":9,"error":1}}},"additional":[]},"primary_term":null,"canonical_url":null,"og_title":null,"og_description":null,"og_object_type":"default","og_image_type":"default","og_image_url":null,"og_image_width":null,"og_image_height":null,"og_image_custom_url":null,"og_image_custom_fields":null,"og_video":"","og_custom_url":null,"og_article_section":null,"og_article_tags":null,"twitter_use_og":false,"twitter_card":"default","twitter_image_type":"default","twitter_image_url":null,"twitter_image_custom_url":null,"twitter_image_custom_fields":null,"twitter_title":null,"twitter_description":null,"schema":{"blockGraphs":[],"customGraphs":[],"default":{"data":{"Article":[],"Course":[],"Dataset":[],"FAQPage":[],"Movie":[],"Person":[],"Product":[],"ProductReview":[],"Car":[],"Recipe":[],"Service":[],"SoftwareApplication":[],"WebPage":[]},"graphName":"Product","isEnabled":true},"graphs":[]},"schema_type":"default","schema_type_options":null,"pillar_content":false,"robots_default":true,"robots_noindex":false,"robots_noarchive":false,"robots_nosnippet":false,"robots_nofollow":false,"robots_noimageindex":false,"robots_noodp":false,"robots_notranslate":false,"robots_max_snippet":"-1","robots_max_videopreview":"-1","robots_max_imagepreview":"large","priority":null,"frequency":"default","local_seo":null,"seo_analyzer_scan_date":"2025-12-10 08:43:37","breadcrumb_settings":null,"limit_modified_date":false,"open_ai":"{\"title\":{\"suggestions\":[],\"usage\":0},\"description\":{\"suggestions\":[],\"usage\":0}}","ai":{"faqs":[],"keyPoints":[],"titles":[],"descriptions":[],"socialPosts":{"email":[],"linkedin":[],"twitter":[],"facebook":[],"instagram":[]}},"created":"2024-02-22 10:15:58","updated":"2025-12-10 08:43:37"},"aioseo_breadcrumb":"<div class=\"aioseo-breadcrumbs\"><span class=\"aioseo-breadcrumb\">\n\t<a href=\"https:\/\/kornita.lt\/en\/\" title=\"Home\">Home<\/a>\n<\/span><span class=\"aioseo-breadcrumb-separator\">&raquo;<\/span><span class=\"aioseo-breadcrumb\">\n\t<a href=\"https:\/\/kornita.lt\/en\/shop-2\/\" title=\"Shop\">Shop<\/a>\n<\/span><span class=\"aioseo-breadcrumb-separator\">&raquo;<\/span><span class=\"aioseo-breadcrumb\">\n\t<a href=\"https:\/\/kornita.lt\/en\/product-category\/miltai-miltu-misiniai\/\" title=\"Miltai ir milt\u0173 mi\u0161iniai\">Miltai ir milt\u0173 mi\u0161iniai<\/a>\n<\/span><span class=\"aioseo-breadcrumb-separator\">&raquo;<\/span><span class=\"aioseo-breadcrumb\">\n\tBrownie pyrago mi\u0161inys  290 g\n<\/span><\/div>","aioseo_breadcrumb_json":[{"label":"Home","link":"https:\/\/kornita.lt\/en\/"},{"label":"Shop","link":"https:\/\/kornita.lt\/en\/shop-2\/"},{"label":"Miltai ir milt\u0173 mi\u0161iniai","link":"https:\/\/kornita.lt\/en\/product-category\/miltai-miltu-misiniai\/"},{"label":"Brownie pyrago mi\u0161inys  290 g","link":"https:\/\/kornita.lt\/en\/shop\/miltai-miltu-misiniai\/brownie-power-290-g\/"}],"_links":{"self":[{"href":"https:\/\/kornita.lt\/en\/wp-json\/wp\/v2\/product\/22840","targetHints":{"allow":["GET"]}}],"collection":[{"href":"https:\/\/kornita.lt\/en\/wp-json\/wp\/v2\/product"}],"about":[{"href":"https:\/\/kornita.lt\/en\/wp-json\/wp\/v2\/types\/product"}],"replies":[{"embeddable":true,"href":"https:\/\/kornita.lt\/en\/wp-json\/wp\/v2\/comments?post=22840"}],"version-history":[{"count":2,"href":"https:\/\/kornita.lt\/en\/wp-json\/wp\/v2\/product\/22840\/revisions"}],"predecessor-version":[{"id":24355,"href":"https:\/\/kornita.lt\/en\/wp-json\/wp\/v2\/product\/22840\/revisions\/24355"}],"wp:featuredmedia":[{"embeddable":true,"href":"https:\/\/kornita.lt\/en\/wp-json\/wp\/v2\/media\/22842"}],"wp:attachment":[{"href":"https:\/\/kornita.lt\/en\/wp-json\/wp\/v2\/media?parent=22840"}],"wp:term":[{"taxonomy":"product_brand","embeddable":true,"href":"https:\/\/kornita.lt\/en\/wp-json\/wp\/v2\/product_brand?post=22840"},{"taxonomy":"product_cat","embeddable":true,"href":"https:\/\/kornita.lt\/en\/wp-json\/wp\/v2\/product_cat?post=22840"},{"taxonomy":"product_tag","embeddable":true,"href":"https:\/\/kornita.lt\/en\/wp-json\/wp\/v2\/product_tag?post=22840"}],"curies":[{"name":"wp","href":"https:\/\/api.w.org\/{rel}","templated":true}]}}