{"id":22836,"date":"2024-03-08T13:34:37","date_gmt":"2024-03-08T13:34:37","guid":{"rendered":"https:\/\/kornita.lt\/?post_type=product&#038;p=22836"},"modified":"2025-05-19T08:52:07","modified_gmt":"2025-05-19T08:52:07","slug":"gyvenima-keicianti-duona-misinys-veganiskos-baltymines-duonos-ruosimui-345g","status":"publish","type":"product","link":"https:\/\/kornita.lt\/en\/shop\/miltai-miltu-misiniai\/gyvenima-keicianti-duona-misinys-veganiskos-baltymines-duonos-ruosimui-345g\/","title":{"rendered":"Mi\u0161inys vegani\u0161kos baltymin\u0117s duonos ruo\u0161imui 345g."},"content":{"rendered":"<h2>\u00a0Mi\u0161inys vegani\u0161kos baltymin\u0117s duonos ruo\u0161imui 345g<\/h2>\n<div class=\"l-with-sidebar__main\">\n<div id=\"product-description\" class=\"m-product-description-1 js-product-section l-section js-module u-switch-section is-active is-visible\" data-catalog=\"catalog\" data-name=\"product-description-1\" data-script=\"true\" data-style=\"true\">\n<div class=\"l-section__wrapper l-section__wrapper--full-mobile\">\n<div id=\"product-description-wrapper\" class=\"m-product-description-1__wrapper\">\n<div class=\"m-product-description-1__container s-generated-style\">\n<div class=\"esp_column_description\">\n<section class=\"section\">\n<div class=\"item item-12\">\n<section class=\"text-item\">\n<h4><strong>Gyvenim\u0105 kei\u010dianti duona \u2013 tai mi\u0161inys, skirtas sveikos duonos gaminimui patiems. Visavert\u0117 duona be gr\u016bd\u0173 ir glitimo, kiau\u0161ini\u0173, pieno produkt\u0173, cukraus ir GMO bei be joki\u0173 rafinatori\u0173, raugini\u0173 ar konservant\u0173. Sudedamosios dalys, paimtos tiesiai i\u0161 gamtos: saul\u0117gr\u0105\u017eos, moli\u016bgai, linai, kokosai ir migdolai \u2013 n\u0117ra veikiami joki\u0173 invazini\u0173 proces\u0173 \u2013 be to, m\u016bs\u0173 mi\u0161inyje jie yra \u017eali.<\/strong><\/h4>\n<p>Duona, sukurta sveikatingumo, sporto, vegan\u0173, liekn\u0117jimo dietoms ir visoms sveikos ir s\u0105moningos gyvensenos bei mitybos atmainoms.<\/p>\n<p>Ypa\u010d rekomenduojama \u017emon\u0117ms, ken\u010diantiems su netoleravimu (\u012fskaitant laktoz\u0119, glitim\u0105), turintiems hormonini\u0173 sutrikim\u0173 (atsparum\u0105 insulinui, PCOS, Hashimoto), diabetikams ir \u017emon\u0117ms, kovojantiems su ligomis, kuri\u0173 metu nerekomenduojamas labai perdirbtas ir pilnas chemini\u0173 med\u017eiag\u0173, cukraus ir krakmolo maisto.<br \/>\n\u017dmon\u0117ms, besilaikantiems vegani\u0161kos ir vegetari\u0161kos dietos, tai yra auk\u0161tos kokyb\u0117s augalini\u0173 baltym\u0173 \u0161altinis \u2013 daugiau nei 17 % BWT ir 13 % RWS.<br \/>\nPakuot\u0117s viduje rasite visk\u0105, ko reikia duonai paruo\u0161ti: bir\u0173 mi\u0161in\u012f ir kokos\u0173 aliej\u0173. Tereikia \u012fpilti vandens, i\u0161mai\u0161yti ir kepti. J\u016bs\u0173 sveika, gyvenim\u0105 kei\u010dianti duona paruo\u0161ta.<\/p>\n<p>Sud\u0117tis:\u00a0saul\u0117gr\u0105\u017e\u0173 s\u0117klos\u00a0\u00a0, linai, kokos\u0173 aliejus, sezamas, moli\u016bg\u0173 s\u0117klos, sald\u017ei\u0173j\u0173 bazilik\u0173 s\u0117klos, migdolai, kokoso miltai, Himalaj\u0173 ro\u017ein\u0117 druska ir gyslotis.<\/p>\n<p>Angliavandeniai: 5%<br \/>\nBaltymai: 17%<br \/>\nRiebalai:\u00a0\u00a070%<\/p>\n<p><strong>Gyvenim\u0105 kei\u010diantis duonos kepimo mi\u0161inys yra: \u00a0<\/strong><\/p>\n<ul>\n<li>100% vegani\u0161kas ir nat\u016bralus (su kokos\u0173 aliejumi pakuot\u0117je),<\/li>\n<li>be gr\u016bd\u0173 (visi\u0161kai be glitimo)<\/li>\n<li>be laktoz\u0117s, kazeino, kiau\u0161ini\u0173 ir kt.<\/li>\n<li>be cukraus, suma\u017eintas angliavandeni\u0173 kiekis (daugiau kaip 85%)<\/li>\n<li>Be GMO<\/li>\n<li>be konservant\u0173, stiprintuv\u0173 ir da\u017eikli\u0173<\/li>\n<li>i\u0161 gamyklos su gamybos re\u017eimu: be glitimo, pieno ir pieno produkt\u0173, gyv\u016bnin\u0117s kilm\u0117s produkt\u0173 ir GMO bei chemini\u0173 pried\u0173.<\/li>\n<\/ul>\n<h2><strong>Kod\u0117l verta rinktis gyvenim\u0105 kei\u010diant\u012f duonos kepimo mi\u0161in\u012f:<\/strong><\/h2>\n<p>Daugelyje angliavandeni\u0173 turin\u010di\u0173 diet\u0173 did\u017eiulis nepatogumas yra b\u016btinyb\u0117 vengti duonos. \u0160io mi\u0161inio d\u0117ka jums nebereikia atsisakyti duonos valgymo. Venkite nepamir\u0161tamo riekel\u0117s su u\u017etepu skonio ar kepamos duonos kvapo namuose. M\u016bs\u0173 duona ne tik sveika, bet ir labai skani bei vertinga. Jame yra visi maistyboje vertinami ingredientai: s\u0117klos, rie\u0161utai, s\u0117klos. Tai tikra vitamin\u0173 ir mineral\u0173 bomba su puikiu BWT makroelement\u0173 balansu keto ar LCHF dietai (angliavandeniai &#8211; 5%, baltymai &#8211; 17%, riebalai vir\u0161 70%).<\/p>\n<\/section>\n<\/div>\n<\/section>\n<\/div>\n<\/div>\n<\/div>\n<\/div>\n<\/div>\n<\/div>\n<h4>Paruo\u0161imas:<\/h4>\n<ol>\n<li>Pakuot\u0117je esant\u012f kokos\u0173 aliej\u0173 i\u0161tirpinkite, pvz., panardindami \u012f kar\u0161t\u0105 vanden\u012f.<\/li>\n<li>Sausus ingredientus suberkite \u012f duben\u012f, \u012fpilkite aliejaus ir 400 ml verdan\u010dio vandens ir \u0161velniai \u0161auk\u0161tu i\u0161mai\u0161ykite.<\/li>\n<li>Palaukite bent 10 minu\u010di\u0173, kol mi\u0161inys sugers vanden\u012f ir sutir\u0161t\u0117s.<\/li>\n<li>Minkykite te\u0161l\u0105, gerai i\u0161mai\u0161ykite ingredientus, kol mas\u0117 atsitrauks nuo rank\u0173. Tai galite padaryti rankomis, naudodami mentel\u0119 arba robot\u0105 su kabliukais.<\/li>\n<li>Ilg\u0105 nedidel\u0119 kepimo form\u0105 (geriausia 600 ml) i\u0161tepkite kokos\u0173 aliejumi ir pabarstykite miltais.<\/li>\n<li>Te\u0161l\u0105 d\u0117ti sluoksniais, stipriai prispausti ir i\u0161lyginti mas\u0119.<\/li>\n<li>Pa\u0161aukite \u012f iki 170\u00b0C \u012fkaitint\u0105 orkait\u0119 ir kepkite 50 minu\u010di\u0173 naudodami konvekcin\u0119 orkait\u0119.<\/li>\n<li>Patikrinkite, ar duona apskrudo ir atlimpa nuo formos kra\u0161t\u0173, jei taip, apverskite skard\u0105 ir kepkite dar 20 minu\u010di\u0173.<\/li>\n<li>Dar kart\u0105 apverskite skard\u0105 ir \u012fsmeikite pagaliuk\u0105 \u012f duonos centr\u0105, jei te\u0161la prilimpa, kepkite dar 10 minu\u010di\u0173. Kartokite veiksm\u0105, kol lazdel\u0117 i\u0161d\u017eius.<\/li>\n<li>I\u0161kept\u0105 duon\u0105 palikite skardoje bent atv\u0117sti 3 valandos Ilgesnis au\u0161inimas leid\u017eia lengviau i\u0161imti ir supjaustyti duon\u0105.<\/li>\n<\/ol>\n<p>&nbsp;<\/p>\n","protected":false},"excerpt":{"rendered":"<p>Galiojimas iki 2025-01-28<\/p>\n","protected":false},"featured_media":22837,"comment_status":"open","ping_status":"closed","template":"","meta":[],"product_brand":[],"product_cat":[215],"product_tag":[],"class_list":{"0":"post-22836","1":"product","2":"type-product","3":"status-publish","4":"has-post-thumbnail","6":"product_cat-miltai-miltu-misiniai","7":"product_shipping_class-pristatymas","9":"first","10":"outofstock","11":"sale","12":"taxable","13":"shipping-taxable","14":"purchasable","15":"product-type-simple"},"aioseo_notices":[],"aioseo_head":"\n\t\t<!-- All in One SEO Pro 4.9.5.2 - aioseo.com -->\n\t<meta name=\"description\" content=\"Galiojimas iki 2025-01-28\" \/>\n\t<meta name=\"robots\" content=\"max-image-preview:large\" \/>\n\t<link rel=\"canonical\" href=\"https:\/\/kornita.lt\/en\/shop\/miltai-miltu-misiniai\/gyvenima-keicianti-duona-misinys-veganiskos-baltymines-duonos-ruosimui-345g\/\" \/>\n\t<meta name=\"generator\" content=\"All in One SEO Pro (AIOSEO) 4.9.5.2\" \/>\n\t\t<meta property=\"og:locale\" content=\"en_US\" \/>\n\t\t<meta property=\"og:site_name\" content=\"kornita -\" \/>\n\t\t<meta property=\"og:type\" content=\"article\" \/>\n\t\t<meta property=\"og:title\" content=\"Mi\u0161inys vegani\u0161kos baltymin\u0117s duonos ruo\u0161imui 345g. - kornita\" \/>\n\t\t<meta property=\"og:description\" content=\"Galiojimas iki 2025-01-28\" \/>\n\t\t<meta property=\"og:url\" content=\"https:\/\/kornita.lt\/en\/shop\/miltai-miltu-misiniai\/gyvenima-keicianti-duona-misinys-veganiskos-baltymines-duonos-ruosimui-345g\/\" \/>\n\t\t<meta property=\"og:image\" content=\"https:\/\/kornita.webfactory.lt\/wp-content\/uploads\/2023\/04\/korni-el-prekyba.png\" \/>\n\t\t<meta property=\"og:image:secure_url\" content=\"https:\/\/kornita.webfactory.lt\/wp-content\/uploads\/2023\/04\/korni-el-prekyba.png\" \/>\n\t\t<meta property=\"article:published_time\" content=\"2024-03-08T13:34:37+00:00\" \/>\n\t\t<meta property=\"article:modified_time\" content=\"2025-05-19T08:52:07+00:00\" \/>\n\t\t<meta property=\"article:publisher\" content=\"https:\/\/www.facebook.com\/kornita.lt\" \/>\n\t\t<meta name=\"twitter:card\" content=\"summary_large_image\" \/>\n\t\t<meta name=\"twitter:title\" content=\"Mi\u0161inys vegani\u0161kos baltymin\u0117s duonos ruo\u0161imui 345g. - kornita\" \/>\n\t\t<meta name=\"twitter:description\" content=\"Galiojimas iki 2025-01-28\" \/>\n\t\t<meta name=\"twitter:image\" content=\"http:\/\/kornita.webfactory.lt\/wp-content\/uploads\/2023\/04\/korni-el-prekyba.png\" \/>\n\t\t<script type=\"application\/ld+json\" class=\"aioseo-schema\">\n\t\t\t{\"@context\":\"https:\\\/\\\/schema.org\",\"@graph\":[{\"@type\":\"BreadcrumbList\",\"@id\":\"https:\\\/\\\/kornita.lt\\\/en\\\/shop\\\/miltai-miltu-misiniai\\\/gyvenima-keicianti-duona-misinys-veganiskos-baltymines-duonos-ruosimui-345g\\\/#breadcrumblist\",\"itemListElement\":[{\"@type\":\"ListItem\",\"@id\":\"https:\\\/\\\/kornita.lt\\\/en\\\/#listItem\",\"position\":1,\"name\":\"Home\",\"item\":\"https:\\\/\\\/kornita.lt\\\/en\\\/\",\"nextItem\":{\"@type\":\"ListItem\",\"@id\":\"https:\\\/\\\/kornita.lt\\\/en\\\/shop-2\\\/#listItem\",\"name\":\"Shop\"}},{\"@type\":\"ListItem\",\"@id\":\"https:\\\/\\\/kornita.lt\\\/en\\\/shop-2\\\/#listItem\",\"position\":2,\"name\":\"Shop\",\"item\":\"https:\\\/\\\/kornita.lt\\\/en\\\/shop-2\\\/\",\"nextItem\":{\"@type\":\"ListItem\",\"@id\":\"https:\\\/\\\/kornita.lt\\\/en\\\/product-category\\\/miltai-miltu-misiniai\\\/#listItem\",\"name\":\"Miltai ir milt\\u0173 mi\\u0161iniai\"},\"previousItem\":{\"@type\":\"ListItem\",\"@id\":\"https:\\\/\\\/kornita.lt\\\/en\\\/#listItem\",\"name\":\"Home\"}},{\"@type\":\"ListItem\",\"@id\":\"https:\\\/\\\/kornita.lt\\\/en\\\/product-category\\\/miltai-miltu-misiniai\\\/#listItem\",\"position\":3,\"name\":\"Miltai ir milt\\u0173 mi\\u0161iniai\",\"item\":\"https:\\\/\\\/kornita.lt\\\/en\\\/product-category\\\/miltai-miltu-misiniai\\\/\",\"nextItem\":{\"@type\":\"ListItem\",\"@id\":\"https:\\\/\\\/kornita.lt\\\/en\\\/shop\\\/miltai-miltu-misiniai\\\/gyvenima-keicianti-duona-misinys-veganiskos-baltymines-duonos-ruosimui-345g\\\/#listItem\",\"name\":\"Mi\\u0161inys vegani\\u0161kos baltymin\\u0117s duonos ruo\\u0161imui 345g.\"},\"previousItem\":{\"@type\":\"ListItem\",\"@id\":\"https:\\\/\\\/kornita.lt\\\/en\\\/shop-2\\\/#listItem\",\"name\":\"Shop\"}},{\"@type\":\"ListItem\",\"@id\":\"https:\\\/\\\/kornita.lt\\\/en\\\/shop\\\/miltai-miltu-misiniai\\\/gyvenima-keicianti-duona-misinys-veganiskos-baltymines-duonos-ruosimui-345g\\\/#listItem\",\"position\":4,\"name\":\"Mi\\u0161inys vegani\\u0161kos baltymin\\u0117s duonos ruo\\u0161imui 345g.\",\"previousItem\":{\"@type\":\"ListItem\",\"@id\":\"https:\\\/\\\/kornita.lt\\\/en\\\/product-category\\\/miltai-miltu-misiniai\\\/#listItem\",\"name\":\"Miltai ir milt\\u0173 mi\\u0161iniai\"}}]},{\"@type\":\"Organization\",\"@id\":\"https:\\\/\\\/kornita.lt\\\/en\\\/#organization\",\"name\":\"kornita\",\"url\":\"https:\\\/\\\/kornita.lt\\\/en\\\/\",\"telephone\":\"+37068581463\",\"logo\":{\"@type\":\"ImageObject\",\"url\":\"http:\\\/\\\/kornita.webfactory.lt\\\/wp-content\\\/uploads\\\/2023\\\/04\\\/korni-el-prekyba.png\",\"@id\":\"https:\\\/\\\/kornita.lt\\\/en\\\/shop\\\/miltai-miltu-misiniai\\\/gyvenima-keicianti-duona-misinys-veganiskos-baltymines-duonos-ruosimui-345g\\\/#organizationLogo\"},\"image\":{\"@id\":\"https:\\\/\\\/kornita.lt\\\/en\\\/shop\\\/miltai-miltu-misiniai\\\/gyvenima-keicianti-duona-misinys-veganiskos-baltymines-duonos-ruosimui-345g\\\/#organizationLogo\"},\"sameAs\":[\"https:\\\/\\\/www.facebook.com\\\/kornita.lt\"]},{\"@type\":\"Product\",\"@id\":\"https:\\\/\\\/kornita.lt\\\/en\\\/shop\\\/miltai-miltu-misiniai\\\/gyvenima-keicianti-duona-misinys-veganiskos-baltymines-duonos-ruosimui-345g\\\/#wooCommerceProduct\",\"name\":\"Mi\\u0161inys vegani\\u0161kos baltymin\\u0117s duonos ruo\\u0161imui 345g.\",\"description\":\"Galiojimas iki 2025-01-28\",\"url\":\"https:\\\/\\\/kornita.lt\\\/en\\\/shop\\\/miltai-miltu-misiniai\\\/gyvenima-keicianti-duona-misinys-veganiskos-baltymines-duonos-ruosimui-345g\\\/\",\"sku\":\"5903111899059\",\"image\":{\"@type\":\"ImageObject\",\"url\":\"https:\\\/\\\/kornita.lt\\\/wp-content\\\/uploads\\\/2024\\\/02\\\/Gyvenima-keicianti-duona-Misinys-veganiskos-baltymines-duonos-ruosimui-345g.png\",\"@id\":\"https:\\\/\\\/kornita.lt\\\/en\\\/shop\\\/miltai-miltu-misiniai\\\/gyvenima-keicianti-duona-misinys-veganiskos-baltymines-duonos-ruosimui-345g\\\/#productImage\",\"width\":1500,\"height\":1500},\"offers\":{\"@type\":\"Offer\",\"url\":\"https:\\\/\\\/kornita.lt\\\/en\\\/shop\\\/miltai-miltu-misiniai\\\/gyvenima-keicianti-duona-misinys-veganiskos-baltymines-duonos-ruosimui-345g\\\/#wooCommerceOffer\",\"price\":1.54,\"priceCurrency\":\"EUR\",\"category\":\"Miltai ir milt\\u0173 mi\\u0161iniai\",\"availability\":\"https:\\\/\\\/schema.org\\\/OutOfStock\",\"priceSpecification\":{\"@type\":\"PriceSpecification\",\"price\":1.54,\"priceCurrency\":\"EUR\",\"valueAddedTaxIncluded\":\"true\"},\"seller\":{\"@type\":\"Organization\",\"@id\":\"https:\\\/\\\/kornita.lt\\\/en\\\/#organization\"}}},{\"@type\":\"WebPage\",\"@id\":\"https:\\\/\\\/kornita.lt\\\/en\\\/shop\\\/miltai-miltu-misiniai\\\/gyvenima-keicianti-duona-misinys-veganiskos-baltymines-duonos-ruosimui-345g\\\/#webpage\",\"url\":\"https:\\\/\\\/kornita.lt\\\/en\\\/shop\\\/miltai-miltu-misiniai\\\/gyvenima-keicianti-duona-misinys-veganiskos-baltymines-duonos-ruosimui-345g\\\/\",\"name\":\"Mi\\u0161inys vegani\\u0161kos baltymin\\u0117s duonos ruo\\u0161imui 345g. - kornita\",\"description\":\"Galiojimas iki 2025-01-28\",\"inLanguage\":\"en-US\",\"isPartOf\":{\"@id\":\"https:\\\/\\\/kornita.lt\\\/en\\\/#website\"},\"breadcrumb\":{\"@id\":\"https:\\\/\\\/kornita.lt\\\/en\\\/shop\\\/miltai-miltu-misiniai\\\/gyvenima-keicianti-duona-misinys-veganiskos-baltymines-duonos-ruosimui-345g\\\/#breadcrumblist\"},\"image\":{\"@type\":\"ImageObject\",\"url\":\"https:\\\/\\\/kornita.lt\\\/wp-content\\\/uploads\\\/2024\\\/02\\\/Gyvenima-keicianti-duona-Misinys-veganiskos-baltymines-duonos-ruosimui-345g.png\",\"@id\":\"https:\\\/\\\/kornita.lt\\\/en\\\/shop\\\/miltai-miltu-misiniai\\\/gyvenima-keicianti-duona-misinys-veganiskos-baltymines-duonos-ruosimui-345g\\\/#mainImage\",\"width\":1500,\"height\":1500},\"primaryImageOfPage\":{\"@id\":\"https:\\\/\\\/kornita.lt\\\/en\\\/shop\\\/miltai-miltu-misiniai\\\/gyvenima-keicianti-duona-misinys-veganiskos-baltymines-duonos-ruosimui-345g\\\/#mainImage\"},\"datePublished\":\"2024-03-08T13:34:37+00:00\",\"dateModified\":\"2025-05-19T08:52:07+00:00\"},{\"@type\":\"WebSite\",\"@id\":\"https:\\\/\\\/kornita.lt\\\/en\\\/#website\",\"url\":\"https:\\\/\\\/kornita.lt\\\/en\\\/\",\"name\":\"kornita\",\"inLanguage\":\"en-US\",\"publisher\":{\"@id\":\"https:\\\/\\\/kornita.lt\\\/en\\\/#organization\"}}]}\n\t\t<\/script>\n\t\t<!-- All in One SEO Pro -->\r\n\t\t<title>Mi\u0161inys vegani\u0161kos baltymin\u0117s duonos ruo\u0161imui 345g. - kornita<\/title>\n\n","aioseo_head_json":{"title":"Mi\u0161inys vegani\u0161kos baltymin\u0117s duonos ruo\u0161imui 345g. - kornita","description":"Galiojimas iki 2025-01-28","canonical_url":"https:\/\/kornita.lt\/en\/shop\/miltai-miltu-misiniai\/gyvenima-keicianti-duona-misinys-veganiskos-baltymines-duonos-ruosimui-345g\/","robots":"max-image-preview:large","keywords":"","webmasterTools":{"miscellaneous":""},"schema":{"@context":"https:\/\/schema.org","@graph":[{"@type":"BreadcrumbList","@id":"https:\/\/kornita.lt\/en\/shop\/miltai-miltu-misiniai\/gyvenima-keicianti-duona-misinys-veganiskos-baltymines-duonos-ruosimui-345g\/#breadcrumblist","itemListElement":[{"@type":"ListItem","@id":"https:\/\/kornita.lt\/en\/#listItem","position":1,"name":"Home","item":"https:\/\/kornita.lt\/en\/","nextItem":{"@type":"ListItem","@id":"https:\/\/kornita.lt\/en\/shop-2\/#listItem","name":"Shop"}},{"@type":"ListItem","@id":"https:\/\/kornita.lt\/en\/shop-2\/#listItem","position":2,"name":"Shop","item":"https:\/\/kornita.lt\/en\/shop-2\/","nextItem":{"@type":"ListItem","@id":"https:\/\/kornita.lt\/en\/product-category\/miltai-miltu-misiniai\/#listItem","name":"Miltai ir milt\u0173 mi\u0161iniai"},"previousItem":{"@type":"ListItem","@id":"https:\/\/kornita.lt\/en\/#listItem","name":"Home"}},{"@type":"ListItem","@id":"https:\/\/kornita.lt\/en\/product-category\/miltai-miltu-misiniai\/#listItem","position":3,"name":"Miltai ir milt\u0173 mi\u0161iniai","item":"https:\/\/kornita.lt\/en\/product-category\/miltai-miltu-misiniai\/","nextItem":{"@type":"ListItem","@id":"https:\/\/kornita.lt\/en\/shop\/miltai-miltu-misiniai\/gyvenima-keicianti-duona-misinys-veganiskos-baltymines-duonos-ruosimui-345g\/#listItem","name":"Mi\u0161inys vegani\u0161kos baltymin\u0117s duonos ruo\u0161imui 345g."},"previousItem":{"@type":"ListItem","@id":"https:\/\/kornita.lt\/en\/shop-2\/#listItem","name":"Shop"}},{"@type":"ListItem","@id":"https:\/\/kornita.lt\/en\/shop\/miltai-miltu-misiniai\/gyvenima-keicianti-duona-misinys-veganiskos-baltymines-duonos-ruosimui-345g\/#listItem","position":4,"name":"Mi\u0161inys vegani\u0161kos baltymin\u0117s duonos ruo\u0161imui 345g.","previousItem":{"@type":"ListItem","@id":"https:\/\/kornita.lt\/en\/product-category\/miltai-miltu-misiniai\/#listItem","name":"Miltai ir milt\u0173 mi\u0161iniai"}}]},{"@type":"Organization","@id":"https:\/\/kornita.lt\/en\/#organization","name":"kornita","url":"https:\/\/kornita.lt\/en\/","telephone":"+37068581463","logo":{"@type":"ImageObject","url":"http:\/\/kornita.webfactory.lt\/wp-content\/uploads\/2023\/04\/korni-el-prekyba.png","@id":"https:\/\/kornita.lt\/en\/shop\/miltai-miltu-misiniai\/gyvenima-keicianti-duona-misinys-veganiskos-baltymines-duonos-ruosimui-345g\/#organizationLogo"},"image":{"@id":"https:\/\/kornita.lt\/en\/shop\/miltai-miltu-misiniai\/gyvenima-keicianti-duona-misinys-veganiskos-baltymines-duonos-ruosimui-345g\/#organizationLogo"},"sameAs":["https:\/\/www.facebook.com\/kornita.lt"]},{"@type":"Product","@id":"https:\/\/kornita.lt\/en\/shop\/miltai-miltu-misiniai\/gyvenima-keicianti-duona-misinys-veganiskos-baltymines-duonos-ruosimui-345g\/#wooCommerceProduct","name":"Mi\u0161inys vegani\u0161kos baltymin\u0117s duonos ruo\u0161imui 345g.","description":"Galiojimas iki 2025-01-28","url":"https:\/\/kornita.lt\/en\/shop\/miltai-miltu-misiniai\/gyvenima-keicianti-duona-misinys-veganiskos-baltymines-duonos-ruosimui-345g\/","sku":"5903111899059","image":{"@type":"ImageObject","url":"https:\/\/kornita.lt\/wp-content\/uploads\/2024\/02\/Gyvenima-keicianti-duona-Misinys-veganiskos-baltymines-duonos-ruosimui-345g.png","@id":"https:\/\/kornita.lt\/en\/shop\/miltai-miltu-misiniai\/gyvenima-keicianti-duona-misinys-veganiskos-baltymines-duonos-ruosimui-345g\/#productImage","width":1500,"height":1500},"offers":{"@type":"Offer","url":"https:\/\/kornita.lt\/en\/shop\/miltai-miltu-misiniai\/gyvenima-keicianti-duona-misinys-veganiskos-baltymines-duonos-ruosimui-345g\/#wooCommerceOffer","price":1.54,"priceCurrency":"EUR","category":"Miltai ir milt\u0173 mi\u0161iniai","availability":"https:\/\/schema.org\/OutOfStock","priceSpecification":{"@type":"PriceSpecification","price":1.54,"priceCurrency":"EUR","valueAddedTaxIncluded":"true"},"seller":{"@type":"Organization","@id":"https:\/\/kornita.lt\/en\/#organization"}}},{"@type":"WebPage","@id":"https:\/\/kornita.lt\/en\/shop\/miltai-miltu-misiniai\/gyvenima-keicianti-duona-misinys-veganiskos-baltymines-duonos-ruosimui-345g\/#webpage","url":"https:\/\/kornita.lt\/en\/shop\/miltai-miltu-misiniai\/gyvenima-keicianti-duona-misinys-veganiskos-baltymines-duonos-ruosimui-345g\/","name":"Mi\u0161inys vegani\u0161kos baltymin\u0117s duonos ruo\u0161imui 345g. - kornita","description":"Galiojimas iki 2025-01-28","inLanguage":"en-US","isPartOf":{"@id":"https:\/\/kornita.lt\/en\/#website"},"breadcrumb":{"@id":"https:\/\/kornita.lt\/en\/shop\/miltai-miltu-misiniai\/gyvenima-keicianti-duona-misinys-veganiskos-baltymines-duonos-ruosimui-345g\/#breadcrumblist"},"image":{"@type":"ImageObject","url":"https:\/\/kornita.lt\/wp-content\/uploads\/2024\/02\/Gyvenima-keicianti-duona-Misinys-veganiskos-baltymines-duonos-ruosimui-345g.png","@id":"https:\/\/kornita.lt\/en\/shop\/miltai-miltu-misiniai\/gyvenima-keicianti-duona-misinys-veganiskos-baltymines-duonos-ruosimui-345g\/#mainImage","width":1500,"height":1500},"primaryImageOfPage":{"@id":"https:\/\/kornita.lt\/en\/shop\/miltai-miltu-misiniai\/gyvenima-keicianti-duona-misinys-veganiskos-baltymines-duonos-ruosimui-345g\/#mainImage"},"datePublished":"2024-03-08T13:34:37+00:00","dateModified":"2025-05-19T08:52:07+00:00"},{"@type":"WebSite","@id":"https:\/\/kornita.lt\/en\/#website","url":"https:\/\/kornita.lt\/en\/","name":"kornita","inLanguage":"en-US","publisher":{"@id":"https:\/\/kornita.lt\/en\/#organization"}}]},"og:locale":"en_US","og:site_name":"kornita -","og:type":"article","og:title":"Mi\u0161inys vegani\u0161kos baltymin\u0117s duonos ruo\u0161imui 345g. - kornita","og:description":"Galiojimas iki 2025-01-28","og:url":"https:\/\/kornita.lt\/en\/shop\/miltai-miltu-misiniai\/gyvenima-keicianti-duona-misinys-veganiskos-baltymines-duonos-ruosimui-345g\/","og:image":"https:\/\/kornita.webfactory.lt\/wp-content\/uploads\/2023\/04\/korni-el-prekyba.png","og:image:secure_url":"https:\/\/kornita.webfactory.lt\/wp-content\/uploads\/2023\/04\/korni-el-prekyba.png","article:published_time":"2024-03-08T13:34:37+00:00","article:modified_time":"2025-05-19T08:52:07+00:00","article:publisher":"https:\/\/www.facebook.com\/kornita.lt","twitter:card":"summary_large_image","twitter:title":"Mi\u0161inys vegani\u0161kos baltymin\u0117s duonos ruo\u0161imui 345g. - kornita","twitter:description":"Galiojimas iki 2025-01-28","twitter:image":"http:\/\/kornita.webfactory.lt\/wp-content\/uploads\/2023\/04\/korni-el-prekyba.png"},"aioseo_meta_data":{"post_id":"22836","title":null,"description":null,"keywords":null,"keyphrases":{"focus":{"keyphrase":"","score":0,"analysis":{"keyphraseInTitle":{"score":0,"maxScore":9,"error":1}}},"additional":[]},"primary_term":null,"canonical_url":null,"og_title":null,"og_description":null,"og_object_type":"default","og_image_type":"default","og_image_url":null,"og_image_width":null,"og_image_height":null,"og_image_custom_url":null,"og_image_custom_fields":null,"og_video":"","og_custom_url":null,"og_article_section":null,"og_article_tags":null,"twitter_use_og":false,"twitter_card":"default","twitter_image_type":"default","twitter_image_url":null,"twitter_image_custom_url":null,"twitter_image_custom_fields":null,"twitter_title":null,"twitter_description":null,"schema":{"blockGraphs":[],"customGraphs":[],"default":{"data":{"Article":[],"Course":[],"Dataset":[],"FAQPage":[],"Movie":[],"Person":[],"Product":[],"ProductReview":[],"Car":[],"Recipe":[],"Service":[],"SoftwareApplication":[],"WebPage":[]},"graphName":"ItemPage","isEnabled":true},"graphs":[]},"schema_type":"default","schema_type_options":null,"pillar_content":false,"robots_default":true,"robots_noindex":false,"robots_noarchive":false,"robots_nosnippet":false,"robots_nofollow":false,"robots_noimageindex":false,"robots_noodp":false,"robots_notranslate":false,"robots_max_snippet":"-1","robots_max_videopreview":"-1","robots_max_imagepreview":"large","priority":null,"frequency":"default","local_seo":null,"seo_analyzer_scan_date":"2025-10-09 00:28:18","breadcrumb_settings":null,"limit_modified_date":false,"open_ai":"{\"title\":{\"suggestions\":[],\"usage\":0},\"description\":{\"suggestions\":[],\"usage\":0}}","ai":null,"created":"2024-02-22 10:13:06","updated":"2025-11-26 23:40:10"},"aioseo_breadcrumb":"<div class=\"aioseo-breadcrumbs\"><span class=\"aioseo-breadcrumb\">\n\t<a href=\"https:\/\/kornita.lt\/en\/\" title=\"Home\">Home<\/a>\n<\/span><span class=\"aioseo-breadcrumb-separator\">&raquo;<\/span><span class=\"aioseo-breadcrumb\">\n\t<a href=\"https:\/\/kornita.lt\/en\/shop-2\/\" title=\"Shop\">Shop<\/a>\n<\/span><span class=\"aioseo-breadcrumb-separator\">&raquo;<\/span><span class=\"aioseo-breadcrumb\">\n\t<a href=\"https:\/\/kornita.lt\/en\/product-category\/miltai-miltu-misiniai\/\" title=\"Miltai ir milt\u0173 mi\u0161iniai\">Miltai ir milt\u0173 mi\u0161iniai<\/a>\n<\/span><span class=\"aioseo-breadcrumb-separator\">&raquo;<\/span><span class=\"aioseo-breadcrumb\">\n\tMi\u0161inys vegani\u0161kos baltymin\u0117s duonos ruo\u0161imui 345g.\n<\/span><\/div>","aioseo_breadcrumb_json":[{"label":"Home","link":"https:\/\/kornita.lt\/en\/"},{"label":"Shop","link":"https:\/\/kornita.lt\/en\/shop-2\/"},{"label":"Miltai ir milt\u0173 mi\u0161iniai","link":"https:\/\/kornita.lt\/en\/product-category\/miltai-miltu-misiniai\/"},{"label":"Mi\u0161inys vegani\u0161kos baltymin\u0117s duonos ruo\u0161imui 345g.","link":"https:\/\/kornita.lt\/en\/shop\/miltai-miltu-misiniai\/gyvenima-keicianti-duona-misinys-veganiskos-baltymines-duonos-ruosimui-345g\/"}],"_links":{"self":[{"href":"https:\/\/kornita.lt\/en\/wp-json\/wp\/v2\/product\/22836","targetHints":{"allow":["GET"]}}],"collection":[{"href":"https:\/\/kornita.lt\/en\/wp-json\/wp\/v2\/product"}],"about":[{"href":"https:\/\/kornita.lt\/en\/wp-json\/wp\/v2\/types\/product"}],"replies":[{"embeddable":true,"href":"https:\/\/kornita.lt\/en\/wp-json\/wp\/v2\/comments?post=22836"}],"version-history":[{"count":3,"href":"https:\/\/kornita.lt\/en\/wp-json\/wp\/v2\/product\/22836\/revisions"}],"predecessor-version":[{"id":24353,"href":"https:\/\/kornita.lt\/en\/wp-json\/wp\/v2\/product\/22836\/revisions\/24353"}],"wp:featuredmedia":[{"embeddable":true,"href":"https:\/\/kornita.lt\/en\/wp-json\/wp\/v2\/media\/22837"}],"wp:attachment":[{"href":"https:\/\/kornita.lt\/en\/wp-json\/wp\/v2\/media?parent=22836"}],"wp:term":[{"taxonomy":"product_brand","embeddable":true,"href":"https:\/\/kornita.lt\/en\/wp-json\/wp\/v2\/product_brand?post=22836"},{"taxonomy":"product_cat","embeddable":true,"href":"https:\/\/kornita.lt\/en\/wp-json\/wp\/v2\/product_cat?post=22836"},{"taxonomy":"product_tag","embeddable":true,"href":"https:\/\/kornita.lt\/en\/wp-json\/wp\/v2\/product_tag?post=22836"}],"curies":[{"name":"wp","href":"https:\/\/api.w.org\/{rel}","templated":true}]}}