{"id":22832,"date":"2024-03-08T13:34:36","date_gmt":"2024-03-08T13:34:36","guid":{"rendered":"https:\/\/kornita.lt\/?post_type=product&#038;p=22832"},"modified":"2025-06-20T10:14:11","modified_gmt":"2025-06-20T10:14:11","slug":"misinys-veganiskoms-spurgoms-345-g","status":"publish","type":"product","link":"https:\/\/kornita.lt\/en\/shop\/miltai-miltu-misiniai\/misinys-veganiskoms-spurgoms-345-g\/","title":{"rendered":"Mi\u0161inys vegani\u0161koms spurgoms 345 g."},"content":{"rendered":"<h2>Mi\u0161inys vegani\u0161koms spurgoms 345 g<\/h2>\n<p>Vegani\u0161kos spurgos &#8211; Mi\u0161inys, skirtas ruo\u0161ti vegani\u0161kus baltyminius blynus, be glitimo, be prid\u0117tinio cukraus.<br \/>\nProdukte yra suma\u017eintas angliavandeni\u0173 kiekis (daugiau nei 30%). Sud\u0117tyje yra nat\u016braliai susidaran\u010di\u0173 cukr\u0173.<br \/>\n\u0160iose spurgose yra i\u0161skirtinai palankios baltym\u0173 proporcijos (daugiau nei 15,5 % maistin\u0117s vert\u0117s ir 6 % RWS) ir ma\u017eesnis angliavandeni\u0173 kiekis (daugiau nei 30%), palyginti su tradicin\u0117mis bandel\u0117mis. D\u0117l \u0161ios prie\u017easties jie rekomenduojami ne tik laikantis diet\u0173, netoleruojan\u010di\u0173 konkre\u010di\u0173 ingredient\u0173 ar specializuotoms sveikatinimo dietoms (celiakija, diabetas, Hashimoto liga), bet ir sportinink\u0173 dietose bei dietose, susijusiose su svorio ma\u017einimu. \u017dod\u017eiu, visiems \u017emon\u0117ms, kurie tur\u0117t\u0173 skirti ypating\u0105 d\u0117mes\u012f, kad j\u0173 mityba b\u016bt\u0173 papildyta tinkamai organizmo veiklai svarbiais ingredientais.<\/p>\n<h4>Paruo\u0161imas<\/h4>\n<p>Intensyviai mai\u0161ydami i\u0161tirpinkite kokoso mink\u0161tim\u0105 dubenyje su \u0161iltu vandeniu.<br \/>\n\u012e duben\u012f suberkite sausus ingredientus ir i\u0161mai\u0161ykite arba i\u0161mai\u0161ykite iki vientisos mas\u0117s.<br \/>\nPalaukite apie 10 minu\u010di\u0173 \u2013 per t\u0105 laik\u0105 prad\u0117kite kaitinti keptuv\u0119. Priklausomai nuo keptuv\u0117s dyd\u017eio, naudokite 1 arba 2 \u0161auk\u0161tus kokos\u0173 aliejaus. Kepdami \u012fpilkite aliejaus.<br \/>\n\u012e te\u0161l\u0105 \u012fpilkite pus\u0119 arbatinio \u0161auk\u0161telio obuoli\u0173 sidro acto arba citrinos sul\u010di\u0173 ir i\u0161mai\u0161ykite.<br \/>\nPaimkite te\u0161l\u0105 \u0161auk\u0161tu ir d\u0117kite \u012f \u012fkaitintus riebalus, i\u0161lyginkite kra\u0161tus.<br \/>\nKepkite i\u0161 abiej\u0173 pusi\u0173, kol \u012fgaus karamel\u0117s spalv\u0105.<br \/>\nPrie\u0161 kepdami kit\u0105 blyn\u0173 partij\u0105, i\u0161mai\u0161ykite te\u0161l\u0105. Jei sutir\u0161t\u0117jo, \u012fd\u0117kite min. \u0161auk\u0161t\u0105 vandens.<br \/>\nBlynus d\u0117kite vienas \u0161alia kito ir u\u017edenkite, kad nei\u0161d\u017ei\u016bt\u0173.<\/p>\n","protected":false},"excerpt":{"rendered":"<p>Mi\u0161inys vegani\u0161koms spurgoms 345 g Vegani\u0161kos spurgos &#8211; Mi\u0161inys, skirtas ruo\u0161ti vegani\u0161kus baltyminius blynus, be glitimo, be prid\u0117tinio cukraus. Produkte<\/p>\n","protected":false},"featured_media":22833,"comment_status":"open","ping_status":"closed","template":"","meta":[],"product_brand":[],"product_cat":[215],"product_tag":[],"class_list":{"0":"post-22832","1":"product","2":"type-product","3":"status-publish","4":"has-post-thumbnail","6":"product_cat-miltai-miltu-misiniai","7":"product_shipping_class-pristatymas","9":"first","10":"outofstock","11":"taxable","12":"shipping-taxable","13":"purchasable","14":"product-type-simple"},"aioseo_notices":[],"aioseo_head":"\n\t\t<!-- All in One SEO Pro 4.9.5.2 - aioseo.com -->\n\t<meta name=\"description\" content=\"Mi\u0161inys vegani\u0161koms spurgoms 345 g Vegani\u0161kos spurgos - Mi\u0161inys, skirtas ruo\u0161ti vegani\u0161kus baltyminius blynus, be glitimo, be prid\u0117tinio cukraus. Produkte yra suma\u017eintas angliavandeni\u0173 kiekis (daugiau nei 30%). Sud\u0117tyje yra nat\u016braliai susidaran\u010di\u0173 cukr\u0173. \u0160iose spurgose yra i\u0161skirtinai palankios baltym\u0173 proporcijos (daugiau nei 15,5 % maistin\u0117s vert\u0117s ir 6 % RWS) ir ma\u017eesnis angliavandeni\u0173 kiekis (daugiau nei\" \/>\n\t<meta name=\"robots\" content=\"max-image-preview:large\" \/>\n\t<link rel=\"canonical\" href=\"https:\/\/kornita.lt\/en\/shop\/miltai-miltu-misiniai\/misinys-veganiskoms-spurgoms-345-g\/\" \/>\n\t<meta name=\"generator\" content=\"All in One SEO Pro (AIOSEO) 4.9.5.2\" \/>\n\t\t<meta property=\"og:locale\" content=\"en_US\" \/>\n\t\t<meta property=\"og:site_name\" content=\"kornita -\" \/>\n\t\t<meta property=\"og:type\" content=\"article\" \/>\n\t\t<meta property=\"og:title\" content=\"Mi\u0161inys vegani\u0161koms spurgoms 345 g. - kornita\" \/>\n\t\t<meta property=\"og:description\" content=\"Mi\u0161inys vegani\u0161koms spurgoms 345 g Vegani\u0161kos spurgos - Mi\u0161inys, skirtas ruo\u0161ti vegani\u0161kus baltyminius blynus, be glitimo, be prid\u0117tinio cukraus. Produkte yra suma\u017eintas angliavandeni\u0173 kiekis (daugiau nei 30%). Sud\u0117tyje yra nat\u016braliai susidaran\u010di\u0173 cukr\u0173. \u0160iose spurgose yra i\u0161skirtinai palankios baltym\u0173 proporcijos (daugiau nei 15,5 % maistin\u0117s vert\u0117s ir 6 % RWS) ir ma\u017eesnis angliavandeni\u0173 kiekis (daugiau nei\" \/>\n\t\t<meta property=\"og:url\" content=\"https:\/\/kornita.lt\/en\/shop\/miltai-miltu-misiniai\/misinys-veganiskoms-spurgoms-345-g\/\" \/>\n\t\t<meta property=\"og:image\" content=\"https:\/\/kornita.webfactory.lt\/wp-content\/uploads\/2023\/04\/korni-el-prekyba.png\" \/>\n\t\t<meta property=\"og:image:secure_url\" content=\"https:\/\/kornita.webfactory.lt\/wp-content\/uploads\/2023\/04\/korni-el-prekyba.png\" \/>\n\t\t<meta property=\"article:published_time\" content=\"2024-03-08T13:34:36+00:00\" \/>\n\t\t<meta property=\"article:modified_time\" content=\"2025-06-20T10:14:11+00:00\" \/>\n\t\t<meta property=\"article:publisher\" content=\"https:\/\/www.facebook.com\/kornita.lt\" \/>\n\t\t<meta name=\"twitter:card\" content=\"summary_large_image\" \/>\n\t\t<meta name=\"twitter:title\" content=\"Mi\u0161inys vegani\u0161koms spurgoms 345 g. - kornita\" \/>\n\t\t<meta name=\"twitter:description\" content=\"Mi\u0161inys vegani\u0161koms spurgoms 345 g Vegani\u0161kos spurgos - Mi\u0161inys, skirtas ruo\u0161ti vegani\u0161kus baltyminius blynus, be glitimo, be prid\u0117tinio cukraus. Produkte yra suma\u017eintas angliavandeni\u0173 kiekis (daugiau nei 30%). Sud\u0117tyje yra nat\u016braliai susidaran\u010di\u0173 cukr\u0173. \u0160iose spurgose yra i\u0161skirtinai palankios baltym\u0173 proporcijos (daugiau nei 15,5 % maistin\u0117s vert\u0117s ir 6 % RWS) ir ma\u017eesnis angliavandeni\u0173 kiekis (daugiau nei\" \/>\n\t\t<meta name=\"twitter:image\" content=\"http:\/\/kornita.webfactory.lt\/wp-content\/uploads\/2023\/04\/korni-el-prekyba.png\" \/>\n\t\t<script type=\"application\/ld+json\" class=\"aioseo-schema\">\n\t\t\t{\"@context\":\"https:\\\/\\\/schema.org\",\"@graph\":[{\"@type\":\"BreadcrumbList\",\"@id\":\"https:\\\/\\\/kornita.lt\\\/en\\\/shop\\\/miltai-miltu-misiniai\\\/misinys-veganiskoms-spurgoms-345-g\\\/#breadcrumblist\",\"itemListElement\":[{\"@type\":\"ListItem\",\"@id\":\"https:\\\/\\\/kornita.lt\\\/en\\\/#listItem\",\"position\":1,\"name\":\"Home\",\"item\":\"https:\\\/\\\/kornita.lt\\\/en\\\/\",\"nextItem\":{\"@type\":\"ListItem\",\"@id\":\"https:\\\/\\\/kornita.lt\\\/en\\\/shop-2\\\/#listItem\",\"name\":\"Shop\"}},{\"@type\":\"ListItem\",\"@id\":\"https:\\\/\\\/kornita.lt\\\/en\\\/shop-2\\\/#listItem\",\"position\":2,\"name\":\"Shop\",\"item\":\"https:\\\/\\\/kornita.lt\\\/en\\\/shop-2\\\/\",\"nextItem\":{\"@type\":\"ListItem\",\"@id\":\"https:\\\/\\\/kornita.lt\\\/en\\\/product-category\\\/miltai-miltu-misiniai\\\/#listItem\",\"name\":\"Miltai ir milt\\u0173 mi\\u0161iniai\"},\"previousItem\":{\"@type\":\"ListItem\",\"@id\":\"https:\\\/\\\/kornita.lt\\\/en\\\/#listItem\",\"name\":\"Home\"}},{\"@type\":\"ListItem\",\"@id\":\"https:\\\/\\\/kornita.lt\\\/en\\\/product-category\\\/miltai-miltu-misiniai\\\/#listItem\",\"position\":3,\"name\":\"Miltai ir milt\\u0173 mi\\u0161iniai\",\"item\":\"https:\\\/\\\/kornita.lt\\\/en\\\/product-category\\\/miltai-miltu-misiniai\\\/\",\"nextItem\":{\"@type\":\"ListItem\",\"@id\":\"https:\\\/\\\/kornita.lt\\\/en\\\/shop\\\/miltai-miltu-misiniai\\\/misinys-veganiskoms-spurgoms-345-g\\\/#listItem\",\"name\":\"Mi\\u0161inys vegani\\u0161koms spurgoms 345 g.\"},\"previousItem\":{\"@type\":\"ListItem\",\"@id\":\"https:\\\/\\\/kornita.lt\\\/en\\\/shop-2\\\/#listItem\",\"name\":\"Shop\"}},{\"@type\":\"ListItem\",\"@id\":\"https:\\\/\\\/kornita.lt\\\/en\\\/shop\\\/miltai-miltu-misiniai\\\/misinys-veganiskoms-spurgoms-345-g\\\/#listItem\",\"position\":4,\"name\":\"Mi\\u0161inys vegani\\u0161koms spurgoms 345 g.\",\"previousItem\":{\"@type\":\"ListItem\",\"@id\":\"https:\\\/\\\/kornita.lt\\\/en\\\/product-category\\\/miltai-miltu-misiniai\\\/#listItem\",\"name\":\"Miltai ir milt\\u0173 mi\\u0161iniai\"}}]},{\"@type\":\"Organization\",\"@id\":\"https:\\\/\\\/kornita.lt\\\/en\\\/#organization\",\"name\":\"kornita\",\"url\":\"https:\\\/\\\/kornita.lt\\\/en\\\/\",\"telephone\":\"+37068581463\",\"logo\":{\"@type\":\"ImageObject\",\"url\":\"http:\\\/\\\/kornita.webfactory.lt\\\/wp-content\\\/uploads\\\/2023\\\/04\\\/korni-el-prekyba.png\",\"@id\":\"https:\\\/\\\/kornita.lt\\\/en\\\/shop\\\/miltai-miltu-misiniai\\\/misinys-veganiskoms-spurgoms-345-g\\\/#organizationLogo\"},\"image\":{\"@id\":\"https:\\\/\\\/kornita.lt\\\/en\\\/shop\\\/miltai-miltu-misiniai\\\/misinys-veganiskoms-spurgoms-345-g\\\/#organizationLogo\"},\"sameAs\":[\"https:\\\/\\\/www.facebook.com\\\/kornita.lt\"]},{\"@type\":\"Product\",\"@id\":\"https:\\\/\\\/kornita.lt\\\/en\\\/shop\\\/miltai-miltu-misiniai\\\/misinys-veganiskoms-spurgoms-345-g\\\/#wooCommerceProduct\",\"name\":\"Mi\\u0161inys vegani\\u0161koms spurgoms 345 g.\",\"url\":\"https:\\\/\\\/kornita.lt\\\/en\\\/shop\\\/miltai-miltu-misiniai\\\/misinys-veganiskoms-spurgoms-345-g\\\/\",\"sku\":\"5903111899004\",\"image\":{\"@type\":\"ImageObject\",\"url\":\"https:\\\/\\\/kornita.lt\\\/wp-content\\\/uploads\\\/2024\\\/02\\\/Coco-Farm-misinys-veganiskoms-spurgoms-345-g-scaled.png\",\"@id\":\"https:\\\/\\\/kornita.lt\\\/en\\\/shop\\\/miltai-miltu-misiniai\\\/misinys-veganiskoms-spurgoms-345-g\\\/#productImage\",\"width\":2560,\"height\":2560},\"offers\":{\"@type\":\"Offer\",\"url\":\"https:\\\/\\\/kornita.lt\\\/en\\\/shop\\\/miltai-miltu-misiniai\\\/misinys-veganiskoms-spurgoms-345-g\\\/#wooCommerceOffer\",\"price\":4.83,\"priceCurrency\":\"EUR\",\"category\":\"Miltai ir milt\\u0173 mi\\u0161iniai\",\"availability\":\"https:\\\/\\\/schema.org\\\/OutOfStock\",\"priceSpecification\":{\"@type\":\"PriceSpecification\",\"price\":4.83,\"priceCurrency\":\"EUR\",\"valueAddedTaxIncluded\":\"true\"},\"seller\":{\"@type\":\"Organization\",\"@id\":\"https:\\\/\\\/kornita.lt\\\/en\\\/#organization\"}}},{\"@type\":\"WebPage\",\"@id\":\"https:\\\/\\\/kornita.lt\\\/en\\\/shop\\\/miltai-miltu-misiniai\\\/misinys-veganiskoms-spurgoms-345-g\\\/#webpage\",\"url\":\"https:\\\/\\\/kornita.lt\\\/en\\\/shop\\\/miltai-miltu-misiniai\\\/misinys-veganiskoms-spurgoms-345-g\\\/\",\"name\":\"Mi\\u0161inys vegani\\u0161koms spurgoms 345 g. - kornita\",\"description\":\"Mi\\u0161inys vegani\\u0161koms spurgoms 345 g Vegani\\u0161kos spurgos - Mi\\u0161inys, skirtas ruo\\u0161ti vegani\\u0161kus baltyminius blynus, be glitimo, be prid\\u0117tinio cukraus. Produkte yra suma\\u017eintas angliavandeni\\u0173 kiekis (daugiau nei 30%). Sud\\u0117tyje yra nat\\u016braliai susidaran\\u010di\\u0173 cukr\\u0173. \\u0160iose spurgose yra i\\u0161skirtinai palankios baltym\\u0173 proporcijos (daugiau nei 15,5 % maistin\\u0117s vert\\u0117s ir 6 % RWS) ir ma\\u017eesnis angliavandeni\\u0173 kiekis (daugiau nei\",\"inLanguage\":\"en-US\",\"isPartOf\":{\"@id\":\"https:\\\/\\\/kornita.lt\\\/en\\\/#website\"},\"breadcrumb\":{\"@id\":\"https:\\\/\\\/kornita.lt\\\/en\\\/shop\\\/miltai-miltu-misiniai\\\/misinys-veganiskoms-spurgoms-345-g\\\/#breadcrumblist\"},\"image\":{\"@type\":\"ImageObject\",\"url\":\"https:\\\/\\\/kornita.lt\\\/wp-content\\\/uploads\\\/2024\\\/02\\\/Coco-Farm-misinys-veganiskoms-spurgoms-345-g-scaled.png\",\"@id\":\"https:\\\/\\\/kornita.lt\\\/en\\\/shop\\\/miltai-miltu-misiniai\\\/misinys-veganiskoms-spurgoms-345-g\\\/#mainImage\",\"width\":2560,\"height\":2560},\"primaryImageOfPage\":{\"@id\":\"https:\\\/\\\/kornita.lt\\\/en\\\/shop\\\/miltai-miltu-misiniai\\\/misinys-veganiskoms-spurgoms-345-g\\\/#mainImage\"},\"datePublished\":\"2024-03-08T13:34:36+00:00\",\"dateModified\":\"2025-06-20T10:14:11+00:00\"},{\"@type\":\"WebSite\",\"@id\":\"https:\\\/\\\/kornita.lt\\\/en\\\/#website\",\"url\":\"https:\\\/\\\/kornita.lt\\\/en\\\/\",\"name\":\"kornita\",\"inLanguage\":\"en-US\",\"publisher\":{\"@id\":\"https:\\\/\\\/kornita.lt\\\/en\\\/#organization\"}}]}\n\t\t<\/script>\n\t\t<!-- All in One SEO Pro -->\r\n\t\t<title>Mi\u0161inys vegani\u0161koms spurgoms 345 g. - kornita<\/title>\n\n","aioseo_head_json":{"title":"Mi\u0161inys vegani\u0161koms spurgoms 345 g. - kornita","description":"Mi\u0161inys vegani\u0161koms spurgoms 345 g Vegani\u0161kos spurgos - Mi\u0161inys, skirtas ruo\u0161ti vegani\u0161kus baltyminius blynus, be glitimo, be prid\u0117tinio cukraus. Produkte yra suma\u017eintas angliavandeni\u0173 kiekis (daugiau nei 30%). Sud\u0117tyje yra nat\u016braliai susidaran\u010di\u0173 cukr\u0173. \u0160iose spurgose yra i\u0161skirtinai palankios baltym\u0173 proporcijos (daugiau nei 15,5 % maistin\u0117s vert\u0117s ir 6 % RWS) ir ma\u017eesnis angliavandeni\u0173 kiekis (daugiau nei","canonical_url":"https:\/\/kornita.lt\/en\/shop\/miltai-miltu-misiniai\/misinys-veganiskoms-spurgoms-345-g\/","robots":"max-image-preview:large","keywords":"","webmasterTools":{"miscellaneous":""},"schema":{"@context":"https:\/\/schema.org","@graph":[{"@type":"BreadcrumbList","@id":"https:\/\/kornita.lt\/en\/shop\/miltai-miltu-misiniai\/misinys-veganiskoms-spurgoms-345-g\/#breadcrumblist","itemListElement":[{"@type":"ListItem","@id":"https:\/\/kornita.lt\/en\/#listItem","position":1,"name":"Home","item":"https:\/\/kornita.lt\/en\/","nextItem":{"@type":"ListItem","@id":"https:\/\/kornita.lt\/en\/shop-2\/#listItem","name":"Shop"}},{"@type":"ListItem","@id":"https:\/\/kornita.lt\/en\/shop-2\/#listItem","position":2,"name":"Shop","item":"https:\/\/kornita.lt\/en\/shop-2\/","nextItem":{"@type":"ListItem","@id":"https:\/\/kornita.lt\/en\/product-category\/miltai-miltu-misiniai\/#listItem","name":"Miltai ir milt\u0173 mi\u0161iniai"},"previousItem":{"@type":"ListItem","@id":"https:\/\/kornita.lt\/en\/#listItem","name":"Home"}},{"@type":"ListItem","@id":"https:\/\/kornita.lt\/en\/product-category\/miltai-miltu-misiniai\/#listItem","position":3,"name":"Miltai ir milt\u0173 mi\u0161iniai","item":"https:\/\/kornita.lt\/en\/product-category\/miltai-miltu-misiniai\/","nextItem":{"@type":"ListItem","@id":"https:\/\/kornita.lt\/en\/shop\/miltai-miltu-misiniai\/misinys-veganiskoms-spurgoms-345-g\/#listItem","name":"Mi\u0161inys vegani\u0161koms spurgoms 345 g."},"previousItem":{"@type":"ListItem","@id":"https:\/\/kornita.lt\/en\/shop-2\/#listItem","name":"Shop"}},{"@type":"ListItem","@id":"https:\/\/kornita.lt\/en\/shop\/miltai-miltu-misiniai\/misinys-veganiskoms-spurgoms-345-g\/#listItem","position":4,"name":"Mi\u0161inys vegani\u0161koms spurgoms 345 g.","previousItem":{"@type":"ListItem","@id":"https:\/\/kornita.lt\/en\/product-category\/miltai-miltu-misiniai\/#listItem","name":"Miltai ir milt\u0173 mi\u0161iniai"}}]},{"@type":"Organization","@id":"https:\/\/kornita.lt\/en\/#organization","name":"kornita","url":"https:\/\/kornita.lt\/en\/","telephone":"+37068581463","logo":{"@type":"ImageObject","url":"http:\/\/kornita.webfactory.lt\/wp-content\/uploads\/2023\/04\/korni-el-prekyba.png","@id":"https:\/\/kornita.lt\/en\/shop\/miltai-miltu-misiniai\/misinys-veganiskoms-spurgoms-345-g\/#organizationLogo"},"image":{"@id":"https:\/\/kornita.lt\/en\/shop\/miltai-miltu-misiniai\/misinys-veganiskoms-spurgoms-345-g\/#organizationLogo"},"sameAs":["https:\/\/www.facebook.com\/kornita.lt"]},{"@type":"Product","@id":"https:\/\/kornita.lt\/en\/shop\/miltai-miltu-misiniai\/misinys-veganiskoms-spurgoms-345-g\/#wooCommerceProduct","name":"Mi\u0161inys vegani\u0161koms spurgoms 345 g.","url":"https:\/\/kornita.lt\/en\/shop\/miltai-miltu-misiniai\/misinys-veganiskoms-spurgoms-345-g\/","sku":"5903111899004","image":{"@type":"ImageObject","url":"https:\/\/kornita.lt\/wp-content\/uploads\/2024\/02\/Coco-Farm-misinys-veganiskoms-spurgoms-345-g-scaled.png","@id":"https:\/\/kornita.lt\/en\/shop\/miltai-miltu-misiniai\/misinys-veganiskoms-spurgoms-345-g\/#productImage","width":2560,"height":2560},"offers":{"@type":"Offer","url":"https:\/\/kornita.lt\/en\/shop\/miltai-miltu-misiniai\/misinys-veganiskoms-spurgoms-345-g\/#wooCommerceOffer","price":4.83,"priceCurrency":"EUR","category":"Miltai ir milt\u0173 mi\u0161iniai","availability":"https:\/\/schema.org\/OutOfStock","priceSpecification":{"@type":"PriceSpecification","price":4.83,"priceCurrency":"EUR","valueAddedTaxIncluded":"true"},"seller":{"@type":"Organization","@id":"https:\/\/kornita.lt\/en\/#organization"}}},{"@type":"WebPage","@id":"https:\/\/kornita.lt\/en\/shop\/miltai-miltu-misiniai\/misinys-veganiskoms-spurgoms-345-g\/#webpage","url":"https:\/\/kornita.lt\/en\/shop\/miltai-miltu-misiniai\/misinys-veganiskoms-spurgoms-345-g\/","name":"Mi\u0161inys vegani\u0161koms spurgoms 345 g. - kornita","description":"Mi\u0161inys vegani\u0161koms spurgoms 345 g Vegani\u0161kos spurgos - Mi\u0161inys, skirtas ruo\u0161ti vegani\u0161kus baltyminius blynus, be glitimo, be prid\u0117tinio cukraus. Produkte yra suma\u017eintas angliavandeni\u0173 kiekis (daugiau nei 30%). Sud\u0117tyje yra nat\u016braliai susidaran\u010di\u0173 cukr\u0173. \u0160iose spurgose yra i\u0161skirtinai palankios baltym\u0173 proporcijos (daugiau nei 15,5 % maistin\u0117s vert\u0117s ir 6 % RWS) ir ma\u017eesnis angliavandeni\u0173 kiekis (daugiau nei","inLanguage":"en-US","isPartOf":{"@id":"https:\/\/kornita.lt\/en\/#website"},"breadcrumb":{"@id":"https:\/\/kornita.lt\/en\/shop\/miltai-miltu-misiniai\/misinys-veganiskoms-spurgoms-345-g\/#breadcrumblist"},"image":{"@type":"ImageObject","url":"https:\/\/kornita.lt\/wp-content\/uploads\/2024\/02\/Coco-Farm-misinys-veganiskoms-spurgoms-345-g-scaled.png","@id":"https:\/\/kornita.lt\/en\/shop\/miltai-miltu-misiniai\/misinys-veganiskoms-spurgoms-345-g\/#mainImage","width":2560,"height":2560},"primaryImageOfPage":{"@id":"https:\/\/kornita.lt\/en\/shop\/miltai-miltu-misiniai\/misinys-veganiskoms-spurgoms-345-g\/#mainImage"},"datePublished":"2024-03-08T13:34:36+00:00","dateModified":"2025-06-20T10:14:11+00:00"},{"@type":"WebSite","@id":"https:\/\/kornita.lt\/en\/#website","url":"https:\/\/kornita.lt\/en\/","name":"kornita","inLanguage":"en-US","publisher":{"@id":"https:\/\/kornita.lt\/en\/#organization"}}]},"og:locale":"en_US","og:site_name":"kornita -","og:type":"article","og:title":"Mi\u0161inys vegani\u0161koms spurgoms 345 g. - kornita","og:description":"Mi\u0161inys vegani\u0161koms spurgoms 345 g Vegani\u0161kos spurgos - Mi\u0161inys, skirtas ruo\u0161ti vegani\u0161kus baltyminius blynus, be glitimo, be prid\u0117tinio cukraus. Produkte yra suma\u017eintas angliavandeni\u0173 kiekis (daugiau nei 30%). Sud\u0117tyje yra nat\u016braliai susidaran\u010di\u0173 cukr\u0173. \u0160iose spurgose yra i\u0161skirtinai palankios baltym\u0173 proporcijos (daugiau nei 15,5 % maistin\u0117s vert\u0117s ir 6 % RWS) ir ma\u017eesnis angliavandeni\u0173 kiekis (daugiau nei","og:url":"https:\/\/kornita.lt\/en\/shop\/miltai-miltu-misiniai\/misinys-veganiskoms-spurgoms-345-g\/","og:image":"https:\/\/kornita.webfactory.lt\/wp-content\/uploads\/2023\/04\/korni-el-prekyba.png","og:image:secure_url":"https:\/\/kornita.webfactory.lt\/wp-content\/uploads\/2023\/04\/korni-el-prekyba.png","article:published_time":"2024-03-08T13:34:36+00:00","article:modified_time":"2025-06-20T10:14:11+00:00","article:publisher":"https:\/\/www.facebook.com\/kornita.lt","twitter:card":"summary_large_image","twitter:title":"Mi\u0161inys vegani\u0161koms spurgoms 345 g. - kornita","twitter:description":"Mi\u0161inys vegani\u0161koms spurgoms 345 g Vegani\u0161kos spurgos - Mi\u0161inys, skirtas ruo\u0161ti vegani\u0161kus baltyminius blynus, be glitimo, be prid\u0117tinio cukraus. Produkte yra suma\u017eintas angliavandeni\u0173 kiekis (daugiau nei 30%). Sud\u0117tyje yra nat\u016braliai susidaran\u010di\u0173 cukr\u0173. \u0160iose spurgose yra i\u0161skirtinai palankios baltym\u0173 proporcijos (daugiau nei 15,5 % maistin\u0117s vert\u0117s ir 6 % RWS) ir ma\u017eesnis angliavandeni\u0173 kiekis (daugiau nei","twitter:image":"http:\/\/kornita.webfactory.lt\/wp-content\/uploads\/2023\/04\/korni-el-prekyba.png"},"aioseo_meta_data":{"post_id":"22832","title":null,"description":null,"keywords":null,"keyphrases":{"focus":{"keyphrase":"","score":0,"analysis":{"keyphraseInTitle":{"score":0,"maxScore":9,"error":1}}},"additional":[]},"primary_term":null,"canonical_url":null,"og_title":null,"og_description":null,"og_object_type":"default","og_image_type":"default","og_image_url":null,"og_image_width":null,"og_image_height":null,"og_image_custom_url":null,"og_image_custom_fields":null,"og_video":"","og_custom_url":null,"og_article_section":null,"og_article_tags":null,"twitter_use_og":false,"twitter_card":"default","twitter_image_type":"default","twitter_image_url":null,"twitter_image_custom_url":null,"twitter_image_custom_fields":null,"twitter_title":null,"twitter_description":null,"schema":{"blockGraphs":[],"customGraphs":[],"default":{"data":{"Article":[],"Course":[],"Dataset":[],"FAQPage":[],"Movie":[],"Person":[],"Product":[],"ProductReview":[],"Car":[],"Recipe":[],"Service":[],"SoftwareApplication":[],"WebPage":[]},"graphName":"ItemPage","isEnabled":true},"graphs":[]},"schema_type":"default","schema_type_options":null,"pillar_content":false,"robots_default":true,"robots_noindex":false,"robots_noarchive":false,"robots_nosnippet":false,"robots_nofollow":false,"robots_noimageindex":false,"robots_noodp":false,"robots_notranslate":false,"robots_max_snippet":"-1","robots_max_videopreview":"-1","robots_max_imagepreview":"large","priority":null,"frequency":"default","local_seo":null,"seo_analyzer_scan_date":"2025-10-09 00:26:50","breadcrumb_settings":null,"limit_modified_date":false,"open_ai":"{\"title\":{\"suggestions\":[],\"usage\":0},\"description\":{\"suggestions\":[],\"usage\":0}}","ai":null,"created":"2024-02-22 10:09:43","updated":"2025-10-21 23:35:27"},"aioseo_breadcrumb":"<div class=\"aioseo-breadcrumbs\"><span class=\"aioseo-breadcrumb\">\n\t<a href=\"https:\/\/kornita.lt\/en\/\" title=\"Home\">Home<\/a>\n<\/span><span class=\"aioseo-breadcrumb-separator\">&raquo;<\/span><span class=\"aioseo-breadcrumb\">\n\t<a href=\"https:\/\/kornita.lt\/en\/shop-2\/\" title=\"Shop\">Shop<\/a>\n<\/span><span class=\"aioseo-breadcrumb-separator\">&raquo;<\/span><span class=\"aioseo-breadcrumb\">\n\t<a href=\"https:\/\/kornita.lt\/en\/product-category\/miltai-miltu-misiniai\/\" title=\"Miltai ir milt\u0173 mi\u0161iniai\">Miltai ir milt\u0173 mi\u0161iniai<\/a>\n<\/span><span class=\"aioseo-breadcrumb-separator\">&raquo;<\/span><span class=\"aioseo-breadcrumb\">\n\tMi\u0161inys vegani\u0161koms spurgoms 345 g.\n<\/span><\/div>","aioseo_breadcrumb_json":[{"label":"Home","link":"https:\/\/kornita.lt\/en\/"},{"label":"Shop","link":"https:\/\/kornita.lt\/en\/shop-2\/"},{"label":"Miltai ir milt\u0173 mi\u0161iniai","link":"https:\/\/kornita.lt\/en\/product-category\/miltai-miltu-misiniai\/"},{"label":"Mi\u0161inys vegani\u0161koms spurgoms 345 g.","link":"https:\/\/kornita.lt\/en\/shop\/miltai-miltu-misiniai\/misinys-veganiskoms-spurgoms-345-g\/"}],"_links":{"self":[{"href":"https:\/\/kornita.lt\/en\/wp-json\/wp\/v2\/product\/22832","targetHints":{"allow":["GET"]}}],"collection":[{"href":"https:\/\/kornita.lt\/en\/wp-json\/wp\/v2\/product"}],"about":[{"href":"https:\/\/kornita.lt\/en\/wp-json\/wp\/v2\/types\/product"}],"replies":[{"embeddable":true,"href":"https:\/\/kornita.lt\/en\/wp-json\/wp\/v2\/comments?post=22832"}],"version-history":[{"count":2,"href":"https:\/\/kornita.lt\/en\/wp-json\/wp\/v2\/product\/22832\/revisions"}],"predecessor-version":[{"id":24361,"href":"https:\/\/kornita.lt\/en\/wp-json\/wp\/v2\/product\/22832\/revisions\/24361"}],"wp:featuredmedia":[{"embeddable":true,"href":"https:\/\/kornita.lt\/en\/wp-json\/wp\/v2\/media\/22833"}],"wp:attachment":[{"href":"https:\/\/kornita.lt\/en\/wp-json\/wp\/v2\/media?parent=22832"}],"wp:term":[{"taxonomy":"product_brand","embeddable":true,"href":"https:\/\/kornita.lt\/en\/wp-json\/wp\/v2\/product_brand?post=22832"},{"taxonomy":"product_cat","embeddable":true,"href":"https:\/\/kornita.lt\/en\/wp-json\/wp\/v2\/product_cat?post=22832"},{"taxonomy":"product_tag","embeddable":true,"href":"https:\/\/kornita.lt\/en\/wp-json\/wp\/v2\/product_tag?post=22832"}],"curies":[{"name":"wp","href":"https:\/\/api.w.org\/{rel}","templated":true}]}}