{"id":22824,"date":"2024-03-08T13:34:36","date_gmt":"2024-03-08T13:34:36","guid":{"rendered":"https:\/\/kornita.lt\/?post_type=product&#038;p=22824"},"modified":"2025-09-08T11:32:38","modified_gmt":"2025-09-08T11:32:38","slug":"coco-farm-misinys-veganiskiems-vafliams-345-g","status":"publish","type":"product","link":"https:\/\/kornita.lt\/en\/shop\/akcijos\/coco-farm-misinys-veganiskiems-vafliams-345-g\/","title":{"rendered":"Mi\u0161inys  vegani\u0161kiems vafliams  345 g."},"content":{"rendered":"<h2>Mi\u0161inys vegani\u0161kiems vafliams 345 g<\/h2>\n<p>Vegan vafliai &#8211; Mi\u0161inys vegani\u0161k\u0173 baltym\u0173 vafli\u0173 ruo\u0161imui, be glitimo, be cukraus ir be gr\u016bd\u0173.<br \/>\nProdukte yra suma\u017eintas angliavandeni\u0173 kiekis (daugiau nei 60%). Sud\u0117tyje yra nat\u016braliai susidaran\u010di\u0173 cukr\u0173.<br \/>\n\u0160ie vafliai turi i\u0161skirtinai palankias baltym\u0173 proporcijas (daugiau nei 12 % maistin\u0117s vert\u0117s ir 7 % RWS) su ma\u017eesniu angliavandeni\u0173 kiekiu (daugiau nei 60%), palyginti su tradiciniais vafliais. D\u0117l \u0161ios prie\u017easties jie rekomenduojami ne tik laikantis diet\u0173, netoleruojan\u010di\u0173 konkre\u010di\u0173 ingredient\u0173 ar specializuotoms sveikatinimo dietoms (celiakija, cukrinis diabetas, Hashimoto liga), bet ir laikantis sportinink\u0173 diet\u0173 bei diet\u0173, susijusi\u0173 su svorio ma\u017einimu ir angliavandeni\u0173 ribojimu (LOW CARB). \u017dod\u017eiu, visiems \u017emon\u0117ms, kurie tur\u0117t\u0173 skirti ypating\u0105 d\u0117mes\u012f, kad j\u0173 mityba b\u016bt\u0173 papildyta tinkamai organizmo veiklai svarbiais ingredientais.\u201c<\/p>\n<p>&nbsp;<\/p>\n<h4>Paruo\u0161imas<\/h4>\n<p>Dubenyje su verdan\u010diu vandeniu (750 ml) intensyviai mai\u0161ydami i\u0161tirpinkite mink\u0161timo ir kokos\u0173 aliejaus mi\u0161in\u012f.<br \/>\n\u012e duben\u012f suberkite sausus ingredientus ir i\u0161mai\u0161ykite arba i\u0161mai\u0161ykite iki vientisos mas\u0117s.<br \/>\nPalaukite apie 10 minu\u010di\u0173 \u2013 per t\u0105 laik\u0105 l\u0117tai \u012fkaitinkite plonu kokos\u0173 aliejaus sluoksniu i\u0161tept\u0105 vaflin\u0119.<br \/>\n\u012e te\u0161l\u0105 \u012fpilkite pus\u0119 arbatinio \u0161auk\u0161telio obuoli\u0173 sidro acto arba citrinos sul\u010di\u0173 ir i\u0161mai\u0161ykite.<br \/>\nTe\u0161l\u0105 sud\u0117kite ir i\u0161lyginkite vaflin\u0117je.<br \/>\nKepkite iki karamel\u0117s spalvos.<br \/>\nPrie\u0161 kepdami kit\u0105 vafl\u012f, sumai\u0161ykite te\u0161l\u0105. Jei sutir\u0161t\u0117s, \u012fpilkite min. \u0161auk\u0161t\u0105 vandens.<br \/>\nSud\u0117kite vaflius vien\u0105 ant kito ir u\u017edenkite, kad nei\u0161d\u017ei\u016bt\u0173.<\/p>\n","protected":false},"excerpt":{"rendered":"<p>Galiojimo laikas iki 2025-09-06<\/p>\n","protected":false},"featured_media":22826,"comment_status":"open","ping_status":"closed","template":"","meta":[],"product_brand":[],"product_cat":[62,215],"product_tag":[],"class_list":{"0":"post-22824","1":"product","2":"type-product","3":"status-publish","4":"has-post-thumbnail","6":"product_cat-akcijos","7":"product_cat-miltai-miltu-misiniai","8":"product_shipping_class-pristatymas","10":"first","11":"outofstock","12":"sale","13":"taxable","14":"shipping-taxable","15":"purchasable","16":"product-type-simple"},"aioseo_notices":[],"aioseo_head":"\n\t\t<!-- All in One SEO Pro 4.9.5.2 - aioseo.com -->\n\t<meta name=\"description\" content=\"Galiojimo laikas iki 2025-09-06\" \/>\n\t<meta name=\"robots\" content=\"max-image-preview:large\" \/>\n\t<link rel=\"canonical\" href=\"https:\/\/kornita.lt\/en\/shop\/akcijos\/coco-farm-misinys-veganiskiems-vafliams-345-g\/\" \/>\n\t<meta name=\"generator\" content=\"All in One SEO Pro (AIOSEO) 4.9.5.2\" \/>\n\t\t<meta property=\"og:locale\" content=\"en_US\" \/>\n\t\t<meta property=\"og:site_name\" content=\"kornita -\" \/>\n\t\t<meta property=\"og:type\" content=\"article\" \/>\n\t\t<meta property=\"og:title\" content=\"Mi\u0161inys vegani\u0161kiems vafliams 345 g. - kornita\" \/>\n\t\t<meta property=\"og:description\" content=\"Galiojimo laikas iki 2025-09-06\" \/>\n\t\t<meta property=\"og:url\" content=\"https:\/\/kornita.lt\/en\/shop\/akcijos\/coco-farm-misinys-veganiskiems-vafliams-345-g\/\" \/>\n\t\t<meta property=\"og:image\" content=\"https:\/\/kornita.webfactory.lt\/wp-content\/uploads\/2023\/04\/korni-el-prekyba.png\" \/>\n\t\t<meta property=\"og:image:secure_url\" content=\"https:\/\/kornita.webfactory.lt\/wp-content\/uploads\/2023\/04\/korni-el-prekyba.png\" \/>\n\t\t<meta property=\"article:published_time\" content=\"2024-03-08T13:34:36+00:00\" \/>\n\t\t<meta property=\"article:modified_time\" content=\"2025-09-08T11:32:38+00:00\" \/>\n\t\t<meta property=\"article:publisher\" content=\"https:\/\/www.facebook.com\/kornita.lt\" \/>\n\t\t<meta name=\"twitter:card\" content=\"summary_large_image\" \/>\n\t\t<meta name=\"twitter:title\" content=\"Mi\u0161inys vegani\u0161kiems vafliams 345 g. - kornita\" \/>\n\t\t<meta name=\"twitter:description\" content=\"Galiojimo laikas iki 2025-09-06\" \/>\n\t\t<meta name=\"twitter:image\" content=\"http:\/\/kornita.webfactory.lt\/wp-content\/uploads\/2023\/04\/korni-el-prekyba.png\" \/>\n\t\t<script type=\"application\/ld+json\" class=\"aioseo-schema\">\n\t\t\t{\"@context\":\"https:\\\/\\\/schema.org\",\"@graph\":[{\"@type\":\"BreadcrumbList\",\"@id\":\"https:\\\/\\\/kornita.lt\\\/en\\\/shop\\\/akcijos\\\/coco-farm-misinys-veganiskiems-vafliams-345-g\\\/#breadcrumblist\",\"itemListElement\":[{\"@type\":\"ListItem\",\"@id\":\"https:\\\/\\\/kornita.lt\\\/en\\\/#listItem\",\"position\":1,\"name\":\"Home\",\"item\":\"https:\\\/\\\/kornita.lt\\\/en\\\/\",\"nextItem\":{\"@type\":\"ListItem\",\"@id\":\"https:\\\/\\\/kornita.lt\\\/en\\\/shop-2\\\/#listItem\",\"name\":\"Shop\"}},{\"@type\":\"ListItem\",\"@id\":\"https:\\\/\\\/kornita.lt\\\/en\\\/shop-2\\\/#listItem\",\"position\":2,\"name\":\"Shop\",\"item\":\"https:\\\/\\\/kornita.lt\\\/en\\\/shop-2\\\/\",\"nextItem\":{\"@type\":\"ListItem\",\"@id\":\"https:\\\/\\\/kornita.lt\\\/en\\\/product-category\\\/akcijos\\\/#listItem\",\"name\":\"AKCIJOS\"},\"previousItem\":{\"@type\":\"ListItem\",\"@id\":\"https:\\\/\\\/kornita.lt\\\/en\\\/#listItem\",\"name\":\"Home\"}},{\"@type\":\"ListItem\",\"@id\":\"https:\\\/\\\/kornita.lt\\\/en\\\/product-category\\\/akcijos\\\/#listItem\",\"position\":3,\"name\":\"AKCIJOS\",\"item\":\"https:\\\/\\\/kornita.lt\\\/en\\\/product-category\\\/akcijos\\\/\",\"nextItem\":{\"@type\":\"ListItem\",\"@id\":\"https:\\\/\\\/kornita.lt\\\/en\\\/shop\\\/akcijos\\\/coco-farm-misinys-veganiskiems-vafliams-345-g\\\/#listItem\",\"name\":\"Mi\\u0161inys  vegani\\u0161kiems vafliams  345 g.\"},\"previousItem\":{\"@type\":\"ListItem\",\"@id\":\"https:\\\/\\\/kornita.lt\\\/en\\\/shop-2\\\/#listItem\",\"name\":\"Shop\"}},{\"@type\":\"ListItem\",\"@id\":\"https:\\\/\\\/kornita.lt\\\/en\\\/shop\\\/akcijos\\\/coco-farm-misinys-veganiskiems-vafliams-345-g\\\/#listItem\",\"position\":4,\"name\":\"Mi\\u0161inys  vegani\\u0161kiems vafliams  345 g.\",\"previousItem\":{\"@type\":\"ListItem\",\"@id\":\"https:\\\/\\\/kornita.lt\\\/en\\\/product-category\\\/akcijos\\\/#listItem\",\"name\":\"AKCIJOS\"}}]},{\"@type\":\"Organization\",\"@id\":\"https:\\\/\\\/kornita.lt\\\/en\\\/#organization\",\"name\":\"kornita\",\"url\":\"https:\\\/\\\/kornita.lt\\\/en\\\/\",\"telephone\":\"+37068581463\",\"logo\":{\"@type\":\"ImageObject\",\"url\":\"http:\\\/\\\/kornita.webfactory.lt\\\/wp-content\\\/uploads\\\/2023\\\/04\\\/korni-el-prekyba.png\",\"@id\":\"https:\\\/\\\/kornita.lt\\\/en\\\/shop\\\/akcijos\\\/coco-farm-misinys-veganiskiems-vafliams-345-g\\\/#organizationLogo\"},\"image\":{\"@id\":\"https:\\\/\\\/kornita.lt\\\/en\\\/shop\\\/akcijos\\\/coco-farm-misinys-veganiskiems-vafliams-345-g\\\/#organizationLogo\"},\"sameAs\":[\"https:\\\/\\\/www.facebook.com\\\/kornita.lt\"]},{\"@type\":\"Product\",\"@id\":\"https:\\\/\\\/kornita.lt\\\/en\\\/shop\\\/akcijos\\\/coco-farm-misinys-veganiskiems-vafliams-345-g\\\/#wooCommerceProduct\",\"name\":\"Mi\\u0161inys  vegani\\u0161kiems vafliams  345 g.\",\"description\":\"Galiojimo laikas iki 2025-09-06\",\"url\":\"https:\\\/\\\/kornita.lt\\\/en\\\/shop\\\/akcijos\\\/coco-farm-misinys-veganiskiems-vafliams-345-g\\\/\",\"sku\":\"5903111899998\",\"image\":{\"@type\":\"ImageObject\",\"url\":\"https:\\\/\\\/kornita.lt\\\/wp-content\\\/uploads\\\/2024\\\/02\\\/Coco-Farm-misinys-veganiskiems-vafliams-345-g.png\",\"@id\":\"https:\\\/\\\/kornita.lt\\\/en\\\/shop\\\/akcijos\\\/coco-farm-misinys-veganiskiems-vafliams-345-g\\\/#productImage\",\"width\":1080,\"height\":1080},\"offers\":{\"@type\":\"Offer\",\"url\":\"https:\\\/\\\/kornita.lt\\\/en\\\/shop\\\/akcijos\\\/coco-farm-misinys-veganiskiems-vafliams-345-g\\\/#wooCommerceOffer\",\"price\":2.41,\"priceCurrency\":\"EUR\",\"category\":\"AKCIJOS\",\"availability\":\"https:\\\/\\\/schema.org\\\/OutOfStock\",\"priceSpecification\":{\"@type\":\"PriceSpecification\",\"price\":2.41,\"priceCurrency\":\"EUR\",\"valueAddedTaxIncluded\":\"true\"},\"seller\":{\"@type\":\"Organization\",\"@id\":\"https:\\\/\\\/kornita.lt\\\/en\\\/#organization\"}}},{\"@type\":\"WebPage\",\"@id\":\"https:\\\/\\\/kornita.lt\\\/en\\\/shop\\\/akcijos\\\/coco-farm-misinys-veganiskiems-vafliams-345-g\\\/#webpage\",\"url\":\"https:\\\/\\\/kornita.lt\\\/en\\\/shop\\\/akcijos\\\/coco-farm-misinys-veganiskiems-vafliams-345-g\\\/\",\"name\":\"Mi\\u0161inys vegani\\u0161kiems vafliams 345 g. - kornita\",\"description\":\"Galiojimo laikas iki 2025-09-06\",\"inLanguage\":\"en-US\",\"isPartOf\":{\"@id\":\"https:\\\/\\\/kornita.lt\\\/en\\\/#website\"},\"breadcrumb\":{\"@id\":\"https:\\\/\\\/kornita.lt\\\/en\\\/shop\\\/akcijos\\\/coco-farm-misinys-veganiskiems-vafliams-345-g\\\/#breadcrumblist\"},\"image\":{\"@type\":\"ImageObject\",\"url\":\"https:\\\/\\\/kornita.lt\\\/wp-content\\\/uploads\\\/2024\\\/02\\\/Coco-Farm-misinys-veganiskiems-vafliams-345-g.png\",\"@id\":\"https:\\\/\\\/kornita.lt\\\/en\\\/shop\\\/akcijos\\\/coco-farm-misinys-veganiskiems-vafliams-345-g\\\/#mainImage\",\"width\":1080,\"height\":1080},\"primaryImageOfPage\":{\"@id\":\"https:\\\/\\\/kornita.lt\\\/en\\\/shop\\\/akcijos\\\/coco-farm-misinys-veganiskiems-vafliams-345-g\\\/#mainImage\"},\"datePublished\":\"2024-03-08T13:34:36+00:00\",\"dateModified\":\"2025-09-08T11:32:38+00:00\"},{\"@type\":\"WebSite\",\"@id\":\"https:\\\/\\\/kornita.lt\\\/en\\\/#website\",\"url\":\"https:\\\/\\\/kornita.lt\\\/en\\\/\",\"name\":\"kornita\",\"inLanguage\":\"en-US\",\"publisher\":{\"@id\":\"https:\\\/\\\/kornita.lt\\\/en\\\/#organization\"}}]}\n\t\t<\/script>\n\t\t<!-- All in One SEO Pro -->\r\n\t\t<title>Mi\u0161inys vegani\u0161kiems vafliams 345 g. - kornita<\/title>\n\n","aioseo_head_json":{"title":"Mi\u0161inys vegani\u0161kiems vafliams 345 g. - kornita","description":"Galiojimo laikas iki 2025-09-06","canonical_url":"https:\/\/kornita.lt\/en\/shop\/akcijos\/coco-farm-misinys-veganiskiems-vafliams-345-g\/","robots":"max-image-preview:large","keywords":"","webmasterTools":{"miscellaneous":""},"schema":{"@context":"https:\/\/schema.org","@graph":[{"@type":"BreadcrumbList","@id":"https:\/\/kornita.lt\/en\/shop\/akcijos\/coco-farm-misinys-veganiskiems-vafliams-345-g\/#breadcrumblist","itemListElement":[{"@type":"ListItem","@id":"https:\/\/kornita.lt\/en\/#listItem","position":1,"name":"Home","item":"https:\/\/kornita.lt\/en\/","nextItem":{"@type":"ListItem","@id":"https:\/\/kornita.lt\/en\/shop-2\/#listItem","name":"Shop"}},{"@type":"ListItem","@id":"https:\/\/kornita.lt\/en\/shop-2\/#listItem","position":2,"name":"Shop","item":"https:\/\/kornita.lt\/en\/shop-2\/","nextItem":{"@type":"ListItem","@id":"https:\/\/kornita.lt\/en\/product-category\/akcijos\/#listItem","name":"AKCIJOS"},"previousItem":{"@type":"ListItem","@id":"https:\/\/kornita.lt\/en\/#listItem","name":"Home"}},{"@type":"ListItem","@id":"https:\/\/kornita.lt\/en\/product-category\/akcijos\/#listItem","position":3,"name":"AKCIJOS","item":"https:\/\/kornita.lt\/en\/product-category\/akcijos\/","nextItem":{"@type":"ListItem","@id":"https:\/\/kornita.lt\/en\/shop\/akcijos\/coco-farm-misinys-veganiskiems-vafliams-345-g\/#listItem","name":"Mi\u0161inys  vegani\u0161kiems vafliams  345 g."},"previousItem":{"@type":"ListItem","@id":"https:\/\/kornita.lt\/en\/shop-2\/#listItem","name":"Shop"}},{"@type":"ListItem","@id":"https:\/\/kornita.lt\/en\/shop\/akcijos\/coco-farm-misinys-veganiskiems-vafliams-345-g\/#listItem","position":4,"name":"Mi\u0161inys  vegani\u0161kiems vafliams  345 g.","previousItem":{"@type":"ListItem","@id":"https:\/\/kornita.lt\/en\/product-category\/akcijos\/#listItem","name":"AKCIJOS"}}]},{"@type":"Organization","@id":"https:\/\/kornita.lt\/en\/#organization","name":"kornita","url":"https:\/\/kornita.lt\/en\/","telephone":"+37068581463","logo":{"@type":"ImageObject","url":"http:\/\/kornita.webfactory.lt\/wp-content\/uploads\/2023\/04\/korni-el-prekyba.png","@id":"https:\/\/kornita.lt\/en\/shop\/akcijos\/coco-farm-misinys-veganiskiems-vafliams-345-g\/#organizationLogo"},"image":{"@id":"https:\/\/kornita.lt\/en\/shop\/akcijos\/coco-farm-misinys-veganiskiems-vafliams-345-g\/#organizationLogo"},"sameAs":["https:\/\/www.facebook.com\/kornita.lt"]},{"@type":"Product","@id":"https:\/\/kornita.lt\/en\/shop\/akcijos\/coco-farm-misinys-veganiskiems-vafliams-345-g\/#wooCommerceProduct","name":"Mi\u0161inys  vegani\u0161kiems vafliams  345 g.","description":"Galiojimo laikas iki 2025-09-06","url":"https:\/\/kornita.lt\/en\/shop\/akcijos\/coco-farm-misinys-veganiskiems-vafliams-345-g\/","sku":"5903111899998","image":{"@type":"ImageObject","url":"https:\/\/kornita.lt\/wp-content\/uploads\/2024\/02\/Coco-Farm-misinys-veganiskiems-vafliams-345-g.png","@id":"https:\/\/kornita.lt\/en\/shop\/akcijos\/coco-farm-misinys-veganiskiems-vafliams-345-g\/#productImage","width":1080,"height":1080},"offers":{"@type":"Offer","url":"https:\/\/kornita.lt\/en\/shop\/akcijos\/coco-farm-misinys-veganiskiems-vafliams-345-g\/#wooCommerceOffer","price":2.41,"priceCurrency":"EUR","category":"AKCIJOS","availability":"https:\/\/schema.org\/OutOfStock","priceSpecification":{"@type":"PriceSpecification","price":2.41,"priceCurrency":"EUR","valueAddedTaxIncluded":"true"},"seller":{"@type":"Organization","@id":"https:\/\/kornita.lt\/en\/#organization"}}},{"@type":"WebPage","@id":"https:\/\/kornita.lt\/en\/shop\/akcijos\/coco-farm-misinys-veganiskiems-vafliams-345-g\/#webpage","url":"https:\/\/kornita.lt\/en\/shop\/akcijos\/coco-farm-misinys-veganiskiems-vafliams-345-g\/","name":"Mi\u0161inys vegani\u0161kiems vafliams 345 g. - kornita","description":"Galiojimo laikas iki 2025-09-06","inLanguage":"en-US","isPartOf":{"@id":"https:\/\/kornita.lt\/en\/#website"},"breadcrumb":{"@id":"https:\/\/kornita.lt\/en\/shop\/akcijos\/coco-farm-misinys-veganiskiems-vafliams-345-g\/#breadcrumblist"},"image":{"@type":"ImageObject","url":"https:\/\/kornita.lt\/wp-content\/uploads\/2024\/02\/Coco-Farm-misinys-veganiskiems-vafliams-345-g.png","@id":"https:\/\/kornita.lt\/en\/shop\/akcijos\/coco-farm-misinys-veganiskiems-vafliams-345-g\/#mainImage","width":1080,"height":1080},"primaryImageOfPage":{"@id":"https:\/\/kornita.lt\/en\/shop\/akcijos\/coco-farm-misinys-veganiskiems-vafliams-345-g\/#mainImage"},"datePublished":"2024-03-08T13:34:36+00:00","dateModified":"2025-09-08T11:32:38+00:00"},{"@type":"WebSite","@id":"https:\/\/kornita.lt\/en\/#website","url":"https:\/\/kornita.lt\/en\/","name":"kornita","inLanguage":"en-US","publisher":{"@id":"https:\/\/kornita.lt\/en\/#organization"}}]},"og:locale":"en_US","og:site_name":"kornita -","og:type":"article","og:title":"Mi\u0161inys vegani\u0161kiems vafliams 345 g. - kornita","og:description":"Galiojimo laikas iki 2025-09-06","og:url":"https:\/\/kornita.lt\/en\/shop\/akcijos\/coco-farm-misinys-veganiskiems-vafliams-345-g\/","og:image":"https:\/\/kornita.webfactory.lt\/wp-content\/uploads\/2023\/04\/korni-el-prekyba.png","og:image:secure_url":"https:\/\/kornita.webfactory.lt\/wp-content\/uploads\/2023\/04\/korni-el-prekyba.png","article:published_time":"2024-03-08T13:34:36+00:00","article:modified_time":"2025-09-08T11:32:38+00:00","article:publisher":"https:\/\/www.facebook.com\/kornita.lt","twitter:card":"summary_large_image","twitter:title":"Mi\u0161inys vegani\u0161kiems vafliams 345 g. - kornita","twitter:description":"Galiojimo laikas iki 2025-09-06","twitter:image":"http:\/\/kornita.webfactory.lt\/wp-content\/uploads\/2023\/04\/korni-el-prekyba.png"},"aioseo_meta_data":{"post_id":"22824","title":null,"description":null,"keywords":null,"keyphrases":{"focus":{"keyphrase":"","score":0,"analysis":{"keyphraseInTitle":{"score":0,"maxScore":9,"error":1}}},"additional":[]},"primary_term":null,"canonical_url":null,"og_title":null,"og_description":null,"og_object_type":"default","og_image_type":"default","og_image_url":null,"og_image_width":null,"og_image_height":null,"og_image_custom_url":null,"og_image_custom_fields":null,"og_video":"","og_custom_url":null,"og_article_section":null,"og_article_tags":null,"twitter_use_og":false,"twitter_card":"default","twitter_image_type":"default","twitter_image_url":null,"twitter_image_custom_url":null,"twitter_image_custom_fields":null,"twitter_title":null,"twitter_description":null,"schema":{"blockGraphs":[],"customGraphs":[],"default":{"data":{"Article":[],"Course":[],"Dataset":[],"FAQPage":[],"Movie":[],"Person":[],"Product":[],"ProductReview":[],"Car":[],"Recipe":[],"Service":[],"SoftwareApplication":[],"WebPage":[]},"graphName":"Product","isEnabled":true},"graphs":[]},"schema_type":"default","schema_type_options":null,"pillar_content":false,"robots_default":true,"robots_noindex":false,"robots_noarchive":false,"robots_nosnippet":false,"robots_nofollow":false,"robots_noimageindex":false,"robots_noodp":false,"robots_notranslate":false,"robots_max_snippet":"-1","robots_max_videopreview":"-1","robots_max_imagepreview":"large","priority":null,"frequency":"default","local_seo":null,"seo_analyzer_scan_date":"2025-10-09 00:26:46","breadcrumb_settings":null,"limit_modified_date":false,"open_ai":"{\"title\":{\"suggestions\":[],\"usage\":0},\"description\":{\"suggestions\":[],\"usage\":0}}","ai":{"faqs":[],"keyPoints":[],"titles":[],"descriptions":[],"socialPosts":{"email":[],"linkedin":[],"twitter":[],"facebook":[],"instagram":[]}},"created":"2024-02-22 09:46:26","updated":"2025-10-21 23:35:27"},"aioseo_breadcrumb":"<div class=\"aioseo-breadcrumbs\"><span class=\"aioseo-breadcrumb\">\n\t<a href=\"https:\/\/kornita.lt\/en\/\" title=\"Home\">Home<\/a>\n<\/span><span class=\"aioseo-breadcrumb-separator\">&raquo;<\/span><span class=\"aioseo-breadcrumb\">\n\t<a href=\"https:\/\/kornita.lt\/en\/shop-2\/\" title=\"Shop\">Shop<\/a>\n<\/span><span class=\"aioseo-breadcrumb-separator\">&raquo;<\/span><span class=\"aioseo-breadcrumb\">\n\t<a href=\"https:\/\/kornita.lt\/en\/product-category\/akcijos\/\" title=\"AKCIJOS\">AKCIJOS<\/a>\n<\/span><span class=\"aioseo-breadcrumb-separator\">&raquo;<\/span><span class=\"aioseo-breadcrumb\">\n\tMi\u0161inys  vegani\u0161kiems vafliams  345 g.\n<\/span><\/div>","aioseo_breadcrumb_json":[{"label":"Home","link":"https:\/\/kornita.lt\/en\/"},{"label":"Shop","link":"https:\/\/kornita.lt\/en\/shop-2\/"},{"label":"AKCIJOS","link":"https:\/\/kornita.lt\/en\/product-category\/akcijos\/"},{"label":"Mi\u0161inys  vegani\u0161kiems vafliams  345 g.","link":"https:\/\/kornita.lt\/en\/shop\/akcijos\/coco-farm-misinys-veganiskiems-vafliams-345-g\/"}],"_links":{"self":[{"href":"https:\/\/kornita.lt\/en\/wp-json\/wp\/v2\/product\/22824","targetHints":{"allow":["GET"]}}],"collection":[{"href":"https:\/\/kornita.lt\/en\/wp-json\/wp\/v2\/product"}],"about":[{"href":"https:\/\/kornita.lt\/en\/wp-json\/wp\/v2\/types\/product"}],"replies":[{"embeddable":true,"href":"https:\/\/kornita.lt\/en\/wp-json\/wp\/v2\/comments?post=22824"}],"version-history":[{"count":3,"href":"https:\/\/kornita.lt\/en\/wp-json\/wp\/v2\/product\/22824\/revisions"}],"predecessor-version":[{"id":25514,"href":"https:\/\/kornita.lt\/en\/wp-json\/wp\/v2\/product\/22824\/revisions\/25514"}],"wp:featuredmedia":[{"embeddable":true,"href":"https:\/\/kornita.lt\/en\/wp-json\/wp\/v2\/media\/22826"}],"wp:attachment":[{"href":"https:\/\/kornita.lt\/en\/wp-json\/wp\/v2\/media?parent=22824"}],"wp:term":[{"taxonomy":"product_brand","embeddable":true,"href":"https:\/\/kornita.lt\/en\/wp-json\/wp\/v2\/product_brand?post=22824"},{"taxonomy":"product_cat","embeddable":true,"href":"https:\/\/kornita.lt\/en\/wp-json\/wp\/v2\/product_cat?post=22824"},{"taxonomy":"product_tag","embeddable":true,"href":"https:\/\/kornita.lt\/en\/wp-json\/wp\/v2\/product_tag?post=22824"}],"curies":[{"name":"wp","href":"https:\/\/api.w.org\/{rel}","templated":true}]}}