{"id":16822,"date":"2024-02-07T13:23:30","date_gmt":"2024-02-07T13:23:30","guid":{"rendered":"https:\/\/kornita.webfactory.lt\/?post_type=product&#038;p=16822"},"modified":"2025-10-09T11:11:03","modified_gmt":"2025-10-09T11:11:03","slug":"juros-druskos-dribsniai","status":"publish","type":"product","link":"https:\/\/kornita.lt\/en\/shop\/akcijos\/juros-druskos-dribsniai\/","title":{"rendered":"J\u016bros druskos dribsniai"},"content":{"rendered":"<p>J\u016bros druskos dribsniai gaminami i\u0161garinamas j\u016bros vanden\u012f saul\u0117je. Gaunami nat\u016braliai susiformav\u0119 baltos spalvos dribsni\u0173 formos kristalai.<\/p>\n<p>\u0160ie dribsniai turi lengv\u0105 tekst\u016br\u0105 ir \u0161veln\u0173 skon\u012f. Gurmani\u0161ki j\u016bros druskos dribsniai puikiai tinka m\u0117sos, \u017euvies patiekal\u0173 ir dar\u017eovi\u0173 garnyro pagardinimui. Skirtingai nei \u012fprasta valgomoji druska, dribsniai geriau prilimpa prie maisto, tod\u0117l skonis pasiskirsto tolygiau. Gle\u017enus kristalus galima sutrupinti pir\u0161tais, kad susidaryt\u0173 smulkesn\u0117 druska. Gaminimo pabaigoje rekomenduojame apiberti kepam\u0105 m\u0117s\u0105 ar \u017euv\u012f suteikiant \u0161iek tiek tekst\u016bros.<\/p>\n","protected":false},"excerpt":{"rendered":"<p>J\u016bros druskos dribsniai gaminami i\u0161garinamas j\u016bros vanden\u012f saul\u0117je. Gaunami nat\u016braliai susiformav\u0119 baltos spalvos dribsni\u0173 formos kristalai. \u0160ie dribsniai turi lengv\u0105<\/p>\n","protected":false},"featured_media":16043,"comment_status":"open","ping_status":"closed","template":"","meta":[],"product_brand":[],"product_cat":[62,54],"product_tag":[],"class_list":{"0":"post-16822","1":"product","2":"type-product","3":"status-publish","4":"has-post-thumbnail","6":"product_cat-akcijos","7":"product_cat-druska-ir-druskos-gaminiai","8":"product_shipping_class-pristatymas","10":"first","11":"instock","12":"sale","13":"taxable","14":"shipping-taxable","15":"purchasable","16":"product-type-simple"},"aioseo_notices":[],"aioseo_head":"\n\t\t<!-- All in One SEO Pro 4.9.5.2 - aioseo.com -->\n\t<meta name=\"description\" content=\"J\u016bros druskos dribsniai gaminami i\u0161garinamas j\u016bros vanden\u012f saul\u0117je. Gaunami nat\u016braliai susiformav\u0119 baltos spalvos dribsni\u0173 formos kristalai. \u0160ie dribsniai turi lengv\u0105 tekst\u016br\u0105 ir \u0161veln\u0173 skon\u012f. Gurmani\u0161ki j\u016bros druskos dribsniai puikiai tinka m\u0117sos, \u017euvies patiekal\u0173 ir dar\u017eovi\u0173 garnyro pagardinimui. Skirtingai nei \u012fprasta valgomoji druska, dribsniai geriau prilimpa prie maisto, tod\u0117l skonis pasiskirsto tolygiau. Gle\u017enus kristalus galima sutrupinti\" \/>\n\t<meta name=\"robots\" content=\"max-image-preview:large\" \/>\n\t<link rel=\"canonical\" href=\"https:\/\/kornita.lt\/en\/shop\/akcijos\/juros-druskos-dribsniai\/\" \/>\n\t<meta name=\"generator\" content=\"All in One SEO Pro (AIOSEO) 4.9.5.2\" \/>\n\t\t<meta property=\"og:locale\" content=\"en_US\" \/>\n\t\t<meta property=\"og:site_name\" content=\"kornita -\" \/>\n\t\t<meta property=\"og:type\" content=\"article\" \/>\n\t\t<meta property=\"og:title\" content=\"J\u016bros druskos dribsniai - kornita\" \/>\n\t\t<meta property=\"og:description\" content=\"J\u016bros druskos dribsniai gaminami i\u0161garinamas j\u016bros vanden\u012f saul\u0117je. Gaunami nat\u016braliai susiformav\u0119 baltos spalvos dribsni\u0173 formos kristalai. \u0160ie dribsniai turi lengv\u0105 tekst\u016br\u0105 ir \u0161veln\u0173 skon\u012f. Gurmani\u0161ki j\u016bros druskos dribsniai puikiai tinka m\u0117sos, \u017euvies patiekal\u0173 ir dar\u017eovi\u0173 garnyro pagardinimui. Skirtingai nei \u012fprasta valgomoji druska, dribsniai geriau prilimpa prie maisto, tod\u0117l skonis pasiskirsto tolygiau. Gle\u017enus kristalus galima sutrupinti\" \/>\n\t\t<meta property=\"og:url\" content=\"https:\/\/kornita.lt\/en\/shop\/akcijos\/juros-druskos-dribsniai\/\" \/>\n\t\t<meta property=\"og:image\" content=\"https:\/\/kornita.webfactory.lt\/wp-content\/uploads\/2023\/04\/korni-el-prekyba.png\" \/>\n\t\t<meta property=\"og:image:secure_url\" content=\"https:\/\/kornita.webfactory.lt\/wp-content\/uploads\/2023\/04\/korni-el-prekyba.png\" \/>\n\t\t<meta property=\"article:published_time\" content=\"2024-02-07T13:23:30+00:00\" \/>\n\t\t<meta property=\"article:modified_time\" content=\"2025-10-09T11:11:03+00:00\" \/>\n\t\t<meta property=\"article:publisher\" content=\"https:\/\/www.facebook.com\/kornita.lt\" \/>\n\t\t<meta name=\"twitter:card\" content=\"summary_large_image\" \/>\n\t\t<meta name=\"twitter:title\" content=\"J\u016bros druskos dribsniai - kornita\" \/>\n\t\t<meta name=\"twitter:description\" content=\"J\u016bros druskos dribsniai gaminami i\u0161garinamas j\u016bros vanden\u012f saul\u0117je. Gaunami nat\u016braliai susiformav\u0119 baltos spalvos dribsni\u0173 formos kristalai. \u0160ie dribsniai turi lengv\u0105 tekst\u016br\u0105 ir \u0161veln\u0173 skon\u012f. Gurmani\u0161ki j\u016bros druskos dribsniai puikiai tinka m\u0117sos, \u017euvies patiekal\u0173 ir dar\u017eovi\u0173 garnyro pagardinimui. Skirtingai nei \u012fprasta valgomoji druska, dribsniai geriau prilimpa prie maisto, tod\u0117l skonis pasiskirsto tolygiau. Gle\u017enus kristalus galima sutrupinti\" \/>\n\t\t<meta name=\"twitter:image\" content=\"http:\/\/kornita.webfactory.lt\/wp-content\/uploads\/2023\/04\/korni-el-prekyba.png\" \/>\n\t\t<script type=\"application\/ld+json\" class=\"aioseo-schema\">\n\t\t\t{\"@context\":\"https:\\\/\\\/schema.org\",\"@graph\":[{\"@type\":\"BreadcrumbList\",\"@id\":\"https:\\\/\\\/kornita.lt\\\/en\\\/shop\\\/akcijos\\\/juros-druskos-dribsniai\\\/#breadcrumblist\",\"itemListElement\":[{\"@type\":\"ListItem\",\"@id\":\"https:\\\/\\\/kornita.lt\\\/en\\\/#listItem\",\"position\":1,\"name\":\"Home\",\"item\":\"https:\\\/\\\/kornita.lt\\\/en\\\/\",\"nextItem\":{\"@type\":\"ListItem\",\"@id\":\"https:\\\/\\\/kornita.lt\\\/en\\\/shop-2\\\/#listItem\",\"name\":\"Shop\"}},{\"@type\":\"ListItem\",\"@id\":\"https:\\\/\\\/kornita.lt\\\/en\\\/shop-2\\\/#listItem\",\"position\":2,\"name\":\"Shop\",\"item\":\"https:\\\/\\\/kornita.lt\\\/en\\\/shop-2\\\/\",\"nextItem\":{\"@type\":\"ListItem\",\"@id\":\"https:\\\/\\\/kornita.lt\\\/en\\\/product-category\\\/druska-ir-druskos-gaminiai\\\/#listItem\",\"name\":\"Druska\"},\"previousItem\":{\"@type\":\"ListItem\",\"@id\":\"https:\\\/\\\/kornita.lt\\\/en\\\/#listItem\",\"name\":\"Home\"}},{\"@type\":\"ListItem\",\"@id\":\"https:\\\/\\\/kornita.lt\\\/en\\\/product-category\\\/druska-ir-druskos-gaminiai\\\/#listItem\",\"position\":3,\"name\":\"Druska\",\"item\":\"https:\\\/\\\/kornita.lt\\\/en\\\/product-category\\\/druska-ir-druskos-gaminiai\\\/\",\"nextItem\":{\"@type\":\"ListItem\",\"@id\":\"https:\\\/\\\/kornita.lt\\\/en\\\/shop\\\/akcijos\\\/juros-druskos-dribsniai\\\/#listItem\",\"name\":\"J\\u016bros druskos dribsniai\"},\"previousItem\":{\"@type\":\"ListItem\",\"@id\":\"https:\\\/\\\/kornita.lt\\\/en\\\/shop-2\\\/#listItem\",\"name\":\"Shop\"}},{\"@type\":\"ListItem\",\"@id\":\"https:\\\/\\\/kornita.lt\\\/en\\\/shop\\\/akcijos\\\/juros-druskos-dribsniai\\\/#listItem\",\"position\":4,\"name\":\"J\\u016bros druskos dribsniai\",\"previousItem\":{\"@type\":\"ListItem\",\"@id\":\"https:\\\/\\\/kornita.lt\\\/en\\\/product-category\\\/druska-ir-druskos-gaminiai\\\/#listItem\",\"name\":\"Druska\"}}]},{\"@type\":\"Organization\",\"@id\":\"https:\\\/\\\/kornita.lt\\\/en\\\/#organization\",\"name\":\"kornita\",\"url\":\"https:\\\/\\\/kornita.lt\\\/en\\\/\",\"telephone\":\"+37068581463\",\"logo\":{\"@type\":\"ImageObject\",\"url\":\"http:\\\/\\\/kornita.webfactory.lt\\\/wp-content\\\/uploads\\\/2023\\\/04\\\/korni-el-prekyba.png\",\"@id\":\"https:\\\/\\\/kornita.lt\\\/en\\\/shop\\\/akcijos\\\/juros-druskos-dribsniai\\\/#organizationLogo\"},\"image\":{\"@id\":\"https:\\\/\\\/kornita.lt\\\/en\\\/shop\\\/akcijos\\\/juros-druskos-dribsniai\\\/#organizationLogo\"},\"sameAs\":[\"https:\\\/\\\/www.facebook.com\\\/kornita.lt\"]},{\"@type\":\"Product\",\"@id\":\"https:\\\/\\\/kornita.lt\\\/en\\\/shop\\\/akcijos\\\/juros-druskos-dribsniai\\\/#wooCommerceProduct\",\"name\":\"J\\u016bros druskos dribsniai\",\"url\":\"https:\\\/\\\/kornita.lt\\\/en\\\/shop\\\/akcijos\\\/juros-druskos-dribsniai\\\/\",\"image\":{\"@type\":\"ImageObject\",\"url\":\"https:\\\/\\\/kornita.lt\\\/wp-content\\\/uploads\\\/2023\\\/09\\\/Juros-druskos-dribsniai-scaled-1.jpg\",\"@id\":\"https:\\\/\\\/kornita.lt\\\/en\\\/shop\\\/akcijos\\\/juros-druskos-dribsniai\\\/#productImage\",\"width\":2130,\"height\":2560},\"offers\":{\"@type\":\"Offer\",\"url\":\"https:\\\/\\\/kornita.lt\\\/en\\\/shop\\\/akcijos\\\/juros-druskos-dribsniai\\\/#wooCommerceOffer\",\"price\":1.99,\"priceCurrency\":\"EUR\",\"category\":\"AKCIJOS\",\"availability\":\"https:\\\/\\\/schema.org\\\/InStock\",\"priceSpecification\":{\"@type\":\"PriceSpecification\",\"price\":1.99,\"priceCurrency\":\"EUR\",\"valueAddedTaxIncluded\":\"true\"},\"seller\":{\"@type\":\"Organization\",\"@id\":\"https:\\\/\\\/kornita.lt\\\/en\\\/#organization\"}}},{\"@type\":\"WebPage\",\"@id\":\"https:\\\/\\\/kornita.lt\\\/en\\\/shop\\\/akcijos\\\/juros-druskos-dribsniai\\\/#webpage\",\"url\":\"https:\\\/\\\/kornita.lt\\\/en\\\/shop\\\/akcijos\\\/juros-druskos-dribsniai\\\/\",\"name\":\"J\\u016bros druskos dribsniai - kornita\",\"description\":\"J\\u016bros druskos dribsniai gaminami i\\u0161garinamas j\\u016bros vanden\\u012f saul\\u0117je. Gaunami nat\\u016braliai susiformav\\u0119 baltos spalvos dribsni\\u0173 formos kristalai. \\u0160ie dribsniai turi lengv\\u0105 tekst\\u016br\\u0105 ir \\u0161veln\\u0173 skon\\u012f. Gurmani\\u0161ki j\\u016bros druskos dribsniai puikiai tinka m\\u0117sos, \\u017euvies patiekal\\u0173 ir dar\\u017eovi\\u0173 garnyro pagardinimui. Skirtingai nei \\u012fprasta valgomoji druska, dribsniai geriau prilimpa prie maisto, tod\\u0117l skonis pasiskirsto tolygiau. Gle\\u017enus kristalus galima sutrupinti\",\"inLanguage\":\"en-US\",\"isPartOf\":{\"@id\":\"https:\\\/\\\/kornita.lt\\\/en\\\/#website\"},\"breadcrumb\":{\"@id\":\"https:\\\/\\\/kornita.lt\\\/en\\\/shop\\\/akcijos\\\/juros-druskos-dribsniai\\\/#breadcrumblist\"},\"image\":{\"@type\":\"ImageObject\",\"url\":\"https:\\\/\\\/kornita.lt\\\/wp-content\\\/uploads\\\/2023\\\/09\\\/Juros-druskos-dribsniai-scaled-1.jpg\",\"@id\":\"https:\\\/\\\/kornita.lt\\\/en\\\/shop\\\/akcijos\\\/juros-druskos-dribsniai\\\/#mainImage\",\"width\":2130,\"height\":2560},\"primaryImageOfPage\":{\"@id\":\"https:\\\/\\\/kornita.lt\\\/en\\\/shop\\\/akcijos\\\/juros-druskos-dribsniai\\\/#mainImage\"},\"datePublished\":\"2024-02-07T13:23:30+00:00\",\"dateModified\":\"2025-10-09T11:11:03+00:00\"},{\"@type\":\"WebSite\",\"@id\":\"https:\\\/\\\/kornita.lt\\\/en\\\/#website\",\"url\":\"https:\\\/\\\/kornita.lt\\\/en\\\/\",\"name\":\"kornita\",\"inLanguage\":\"en-US\",\"publisher\":{\"@id\":\"https:\\\/\\\/kornita.lt\\\/en\\\/#organization\"}}]}\n\t\t<\/script>\n\t\t<!-- All in One SEO Pro -->\r\n\t\t<title>J\u016bros druskos dribsniai - kornita<\/title>\n\n","aioseo_head_json":{"title":"J\u016bros druskos dribsniai - kornita","description":"J\u016bros druskos dribsniai gaminami i\u0161garinamas j\u016bros vanden\u012f saul\u0117je. Gaunami nat\u016braliai susiformav\u0119 baltos spalvos dribsni\u0173 formos kristalai. \u0160ie dribsniai turi lengv\u0105 tekst\u016br\u0105 ir \u0161veln\u0173 skon\u012f. Gurmani\u0161ki j\u016bros druskos dribsniai puikiai tinka m\u0117sos, \u017euvies patiekal\u0173 ir dar\u017eovi\u0173 garnyro pagardinimui. Skirtingai nei \u012fprasta valgomoji druska, dribsniai geriau prilimpa prie maisto, tod\u0117l skonis pasiskirsto tolygiau. Gle\u017enus kristalus galima sutrupinti","canonical_url":"https:\/\/kornita.lt\/en\/shop\/akcijos\/juros-druskos-dribsniai\/","robots":"max-image-preview:large","keywords":"","webmasterTools":{"miscellaneous":""},"schema":{"@context":"https:\/\/schema.org","@graph":[{"@type":"BreadcrumbList","@id":"https:\/\/kornita.lt\/en\/shop\/akcijos\/juros-druskos-dribsniai\/#breadcrumblist","itemListElement":[{"@type":"ListItem","@id":"https:\/\/kornita.lt\/en\/#listItem","position":1,"name":"Home","item":"https:\/\/kornita.lt\/en\/","nextItem":{"@type":"ListItem","@id":"https:\/\/kornita.lt\/en\/shop-2\/#listItem","name":"Shop"}},{"@type":"ListItem","@id":"https:\/\/kornita.lt\/en\/shop-2\/#listItem","position":2,"name":"Shop","item":"https:\/\/kornita.lt\/en\/shop-2\/","nextItem":{"@type":"ListItem","@id":"https:\/\/kornita.lt\/en\/product-category\/druska-ir-druskos-gaminiai\/#listItem","name":"Druska"},"previousItem":{"@type":"ListItem","@id":"https:\/\/kornita.lt\/en\/#listItem","name":"Home"}},{"@type":"ListItem","@id":"https:\/\/kornita.lt\/en\/product-category\/druska-ir-druskos-gaminiai\/#listItem","position":3,"name":"Druska","item":"https:\/\/kornita.lt\/en\/product-category\/druska-ir-druskos-gaminiai\/","nextItem":{"@type":"ListItem","@id":"https:\/\/kornita.lt\/en\/shop\/akcijos\/juros-druskos-dribsniai\/#listItem","name":"J\u016bros druskos dribsniai"},"previousItem":{"@type":"ListItem","@id":"https:\/\/kornita.lt\/en\/shop-2\/#listItem","name":"Shop"}},{"@type":"ListItem","@id":"https:\/\/kornita.lt\/en\/shop\/akcijos\/juros-druskos-dribsniai\/#listItem","position":4,"name":"J\u016bros druskos dribsniai","previousItem":{"@type":"ListItem","@id":"https:\/\/kornita.lt\/en\/product-category\/druska-ir-druskos-gaminiai\/#listItem","name":"Druska"}}]},{"@type":"Organization","@id":"https:\/\/kornita.lt\/en\/#organization","name":"kornita","url":"https:\/\/kornita.lt\/en\/","telephone":"+37068581463","logo":{"@type":"ImageObject","url":"http:\/\/kornita.webfactory.lt\/wp-content\/uploads\/2023\/04\/korni-el-prekyba.png","@id":"https:\/\/kornita.lt\/en\/shop\/akcijos\/juros-druskos-dribsniai\/#organizationLogo"},"image":{"@id":"https:\/\/kornita.lt\/en\/shop\/akcijos\/juros-druskos-dribsniai\/#organizationLogo"},"sameAs":["https:\/\/www.facebook.com\/kornita.lt"]},{"@type":"Product","@id":"https:\/\/kornita.lt\/en\/shop\/akcijos\/juros-druskos-dribsniai\/#wooCommerceProduct","name":"J\u016bros druskos dribsniai","url":"https:\/\/kornita.lt\/en\/shop\/akcijos\/juros-druskos-dribsniai\/","image":{"@type":"ImageObject","url":"https:\/\/kornita.lt\/wp-content\/uploads\/2023\/09\/Juros-druskos-dribsniai-scaled-1.jpg","@id":"https:\/\/kornita.lt\/en\/shop\/akcijos\/juros-druskos-dribsniai\/#productImage","width":2130,"height":2560},"offers":{"@type":"Offer","url":"https:\/\/kornita.lt\/en\/shop\/akcijos\/juros-druskos-dribsniai\/#wooCommerceOffer","price":1.99,"priceCurrency":"EUR","category":"AKCIJOS","availability":"https:\/\/schema.org\/InStock","priceSpecification":{"@type":"PriceSpecification","price":1.99,"priceCurrency":"EUR","valueAddedTaxIncluded":"true"},"seller":{"@type":"Organization","@id":"https:\/\/kornita.lt\/en\/#organization"}}},{"@type":"WebPage","@id":"https:\/\/kornita.lt\/en\/shop\/akcijos\/juros-druskos-dribsniai\/#webpage","url":"https:\/\/kornita.lt\/en\/shop\/akcijos\/juros-druskos-dribsniai\/","name":"J\u016bros druskos dribsniai - kornita","description":"J\u016bros druskos dribsniai gaminami i\u0161garinamas j\u016bros vanden\u012f saul\u0117je. Gaunami nat\u016braliai susiformav\u0119 baltos spalvos dribsni\u0173 formos kristalai. \u0160ie dribsniai turi lengv\u0105 tekst\u016br\u0105 ir \u0161veln\u0173 skon\u012f. Gurmani\u0161ki j\u016bros druskos dribsniai puikiai tinka m\u0117sos, \u017euvies patiekal\u0173 ir dar\u017eovi\u0173 garnyro pagardinimui. Skirtingai nei \u012fprasta valgomoji druska, dribsniai geriau prilimpa prie maisto, tod\u0117l skonis pasiskirsto tolygiau. Gle\u017enus kristalus galima sutrupinti","inLanguage":"en-US","isPartOf":{"@id":"https:\/\/kornita.lt\/en\/#website"},"breadcrumb":{"@id":"https:\/\/kornita.lt\/en\/shop\/akcijos\/juros-druskos-dribsniai\/#breadcrumblist"},"image":{"@type":"ImageObject","url":"https:\/\/kornita.lt\/wp-content\/uploads\/2023\/09\/Juros-druskos-dribsniai-scaled-1.jpg","@id":"https:\/\/kornita.lt\/en\/shop\/akcijos\/juros-druskos-dribsniai\/#mainImage","width":2130,"height":2560},"primaryImageOfPage":{"@id":"https:\/\/kornita.lt\/en\/shop\/akcijos\/juros-druskos-dribsniai\/#mainImage"},"datePublished":"2024-02-07T13:23:30+00:00","dateModified":"2025-10-09T11:11:03+00:00"},{"@type":"WebSite","@id":"https:\/\/kornita.lt\/en\/#website","url":"https:\/\/kornita.lt\/en\/","name":"kornita","inLanguage":"en-US","publisher":{"@id":"https:\/\/kornita.lt\/en\/#organization"}}]},"og:locale":"en_US","og:site_name":"kornita -","og:type":"article","og:title":"J\u016bros druskos dribsniai - kornita","og:description":"J\u016bros druskos dribsniai gaminami i\u0161garinamas j\u016bros vanden\u012f saul\u0117je. Gaunami nat\u016braliai susiformav\u0119 baltos spalvos dribsni\u0173 formos kristalai. \u0160ie dribsniai turi lengv\u0105 tekst\u016br\u0105 ir \u0161veln\u0173 skon\u012f. Gurmani\u0161ki j\u016bros druskos dribsniai puikiai tinka m\u0117sos, \u017euvies patiekal\u0173 ir dar\u017eovi\u0173 garnyro pagardinimui. Skirtingai nei \u012fprasta valgomoji druska, dribsniai geriau prilimpa prie maisto, tod\u0117l skonis pasiskirsto tolygiau. Gle\u017enus kristalus galima sutrupinti","og:url":"https:\/\/kornita.lt\/en\/shop\/akcijos\/juros-druskos-dribsniai\/","og:image":"https:\/\/kornita.webfactory.lt\/wp-content\/uploads\/2023\/04\/korni-el-prekyba.png","og:image:secure_url":"https:\/\/kornita.webfactory.lt\/wp-content\/uploads\/2023\/04\/korni-el-prekyba.png","article:published_time":"2024-02-07T13:23:30+00:00","article:modified_time":"2025-10-09T11:11:03+00:00","article:publisher":"https:\/\/www.facebook.com\/kornita.lt","twitter:card":"summary_large_image","twitter:title":"J\u016bros druskos dribsniai - kornita","twitter:description":"J\u016bros druskos dribsniai gaminami i\u0161garinamas j\u016bros vanden\u012f saul\u0117je. Gaunami nat\u016braliai susiformav\u0119 baltos spalvos dribsni\u0173 formos kristalai. \u0160ie dribsniai turi lengv\u0105 tekst\u016br\u0105 ir \u0161veln\u0173 skon\u012f. Gurmani\u0161ki j\u016bros druskos dribsniai puikiai tinka m\u0117sos, \u017euvies patiekal\u0173 ir dar\u017eovi\u0173 garnyro pagardinimui. Skirtingai nei \u012fprasta valgomoji druska, dribsniai geriau prilimpa prie maisto, tod\u0117l skonis pasiskirsto tolygiau. Gle\u017enus kristalus galima sutrupinti","twitter:image":"http:\/\/kornita.webfactory.lt\/wp-content\/uploads\/2023\/04\/korni-el-prekyba.png"},"aioseo_meta_data":{"post_id":"16822","title":"#post_title #separator_sa #site_title","description":"#post_excerpt","keywords":null,"keyphrases":{"focus":{"keyphrase":"","score":0,"analysis":{"keyphraseInTitle":{"score":0,"maxScore":9,"error":1}}},"additional":[]},"primary_term":null,"canonical_url":null,"og_title":null,"og_description":null,"og_object_type":"default","og_image_type":"default","og_image_url":null,"og_image_width":null,"og_image_height":null,"og_image_custom_url":null,"og_image_custom_fields":null,"og_video":"","og_custom_url":null,"og_article_section":null,"og_article_tags":null,"twitter_use_og":false,"twitter_card":"default","twitter_image_type":"default","twitter_image_url":null,"twitter_image_custom_url":null,"twitter_image_custom_fields":null,"twitter_title":null,"twitter_description":null,"schema":{"blockGraphs":[],"customGraphs":[],"default":{"data":{"Article":[],"Course":[],"Dataset":[],"FAQPage":[],"Movie":[],"Person":[],"Product":[],"ProductReview":[],"Car":[],"Recipe":[],"Service":[],"SoftwareApplication":[],"WebPage":[]},"graphName":"Product","isEnabled":true},"graphs":[]},"schema_type":"default","schema_type_options":null,"pillar_content":false,"robots_default":true,"robots_noindex":false,"robots_noarchive":false,"robots_nosnippet":false,"robots_nofollow":false,"robots_noimageindex":false,"robots_noodp":false,"robots_notranslate":false,"robots_max_snippet":"-1","robots_max_videopreview":"-1","robots_max_imagepreview":"large","priority":null,"frequency":"default","local_seo":null,"seo_analyzer_scan_date":"2025-10-09 11:25:09","breadcrumb_settings":null,"limit_modified_date":false,"open_ai":"{\"title\":{\"suggestions\":[],\"usage\":0},\"description\":{\"suggestions\":[],\"usage\":0}}","ai":{"faqs":[],"keyPoints":[],"titles":[],"descriptions":[],"socialPosts":{"email":[],"linkedin":[],"twitter":[],"facebook":[],"instagram":[]}},"created":"2024-02-07 13:23:37","updated":"2025-10-21 23:35:35"},"aioseo_breadcrumb":"<div class=\"aioseo-breadcrumbs\"><span class=\"aioseo-breadcrumb\">\n\t<a href=\"https:\/\/kornita.lt\/en\/\" title=\"Home\">Home<\/a>\n<\/span><span class=\"aioseo-breadcrumb-separator\">&raquo;<\/span><span class=\"aioseo-breadcrumb\">\n\t<a href=\"https:\/\/kornita.lt\/en\/shop-2\/\" title=\"Shop\">Shop<\/a>\n<\/span><span class=\"aioseo-breadcrumb-separator\">&raquo;<\/span><span class=\"aioseo-breadcrumb\">\n\t<a href=\"https:\/\/kornita.lt\/en\/product-category\/druska-ir-druskos-gaminiai\/\" title=\"Druska\">Druska<\/a>\n<\/span><span class=\"aioseo-breadcrumb-separator\">&raquo;<\/span><span class=\"aioseo-breadcrumb\">\n\tJ\u016bros druskos dribsniai\n<\/span><\/div>","aioseo_breadcrumb_json":[{"label":"Home","link":"https:\/\/kornita.lt\/en\/"},{"label":"Shop","link":"https:\/\/kornita.lt\/en\/shop-2\/"},{"label":"Druska","link":"https:\/\/kornita.lt\/en\/product-category\/druska-ir-druskos-gaminiai\/"},{"label":"J\u016bros druskos dribsniai","link":"https:\/\/kornita.lt\/en\/shop\/akcijos\/juros-druskos-dribsniai\/"}],"_links":{"self":[{"href":"https:\/\/kornita.lt\/en\/wp-json\/wp\/v2\/product\/16822","targetHints":{"allow":["GET"]}}],"collection":[{"href":"https:\/\/kornita.lt\/en\/wp-json\/wp\/v2\/product"}],"about":[{"href":"https:\/\/kornita.lt\/en\/wp-json\/wp\/v2\/types\/product"}],"replies":[{"embeddable":true,"href":"https:\/\/kornita.lt\/en\/wp-json\/wp\/v2\/comments?post=16822"}],"version-history":[{"count":1,"href":"https:\/\/kornita.lt\/en\/wp-json\/wp\/v2\/product\/16822\/revisions"}],"predecessor-version":[{"id":24769,"href":"https:\/\/kornita.lt\/en\/wp-json\/wp\/v2\/product\/16822\/revisions\/24769"}],"wp:featuredmedia":[{"embeddable":true,"href":"https:\/\/kornita.lt\/en\/wp-json\/wp\/v2\/media\/16043"}],"wp:attachment":[{"href":"https:\/\/kornita.lt\/en\/wp-json\/wp\/v2\/media?parent=16822"}],"wp:term":[{"taxonomy":"product_brand","embeddable":true,"href":"https:\/\/kornita.lt\/en\/wp-json\/wp\/v2\/product_brand?post=16822"},{"taxonomy":"product_cat","embeddable":true,"href":"https:\/\/kornita.lt\/en\/wp-json\/wp\/v2\/product_cat?post=16822"},{"taxonomy":"product_tag","embeddable":true,"href":"https:\/\/kornita.lt\/en\/wp-json\/wp\/v2\/product_tag?post=16822"}],"curies":[{"name":"wp","href":"https:\/\/api.w.org\/{rel}","templated":true}]}}