{"id":16813,"date":"2024-02-07T13:23:29","date_gmt":"2024-02-07T13:23:29","guid":{"rendered":"https:\/\/kornita.webfactory.lt\/?post_type=product&#038;p=16813"},"modified":"2025-05-19T08:51:58","modified_gmt":"2025-05-19T08:51:58","slug":"kepinti-javainiai-su-misko-uogomis-375g","status":"publish","type":"product","link":"https:\/\/kornita.lt\/en\/shop\/sausi-pusryciai\/kepinti-javainiai-su-misko-uogomis-375g\/","title":{"rendered":"Kepinti javainiai su mi\u0161ko uogomis, 375g"},"content":{"rendered":"<p><strong>Sudedamosios dalys:<\/strong> viso gr\u016bdo<strong> avi\u017e\u0173<\/strong> dribsniai 51,1%, cukrus, palmi\u0173 aliejus, viso gr\u016bdo <strong>kvie\u010di\u0173<\/strong> dribsniai, gliukoz\u0117s sirupas, ekstruduoti javai (viso gr\u016bdo <strong>kvie\u010di\u0173 <\/strong>miltai, <strong>kvie\u010di\u0173<\/strong> miltai, kukur\u016bz\u0173 kruopos, cukrus, kukur\u016bz\u0173 krakmolas), liofilizuot\u0173 uog\u0173 mi\u0161inys 2,4% (aviet\u0117s, spanguol\u0117s, m\u0117lyn\u0117s), kvapioji med\u017eiaga,\u00a0 druska, augalinis ekstraktas (paprastasis raudon\u0117lis).<\/p>\n<p>Sud\u0117tyje gali b\u016bti \u017e<strong>em\u0117s rie\u0161ut\u0173, soj\u0173,<\/strong> <strong>pieno<\/strong> ir <strong>pieno<\/strong> <strong>produkt\u0173<\/strong>, <strong>rie\u0161ut\u0173<\/strong> ir <strong>sezam\u0173<\/strong> p\u0117dsak\u0173.<\/p>\n","protected":false},"excerpt":{"rendered":"<p>Sudedamosios dalys: viso gr\u016bdo avi\u017e\u0173 dribsniai 51,1%, cukrus, palmi\u0173 aliejus, viso gr\u016bdo kvie\u010di\u0173 dribsniai, gliukoz\u0117s sirupas, ekstruduoti javai (viso gr\u016bdo<\/p>\n","protected":false},"featured_media":24914,"comment_status":"open","ping_status":"closed","template":"","meta":[],"product_brand":[],"product_cat":[19],"product_tag":[],"class_list":{"0":"post-16813","1":"product","2":"type-product","3":"status-publish","4":"has-post-thumbnail","6":"product_cat-sausi-pusryciai","7":"product_shipping_class-pristatymas","9":"first","10":"instock","11":"taxable","12":"shipping-taxable","13":"purchasable","14":"product-type-simple"},"aioseo_notices":[],"aioseo_head":"\n\t\t<!-- All in One SEO Pro 4.9.5.2 - aioseo.com -->\n\t<meta name=\"description\" content=\"Sudedamosios dalys: viso gr\u016bdo avi\u017e\u0173 dribsniai 51,1%, cukrus, palmi\u0173 aliejus, viso gr\u016bdo kvie\u010di\u0173 dribsniai, gliukoz\u0117s sirupas, ekstruduoti javai (viso gr\u016bdo kvie\u010di\u0173 miltai, kvie\u010di\u0173 miltai, kukur\u016bz\u0173 kruopos, cukrus, kukur\u016bz\u0173 krakmolas), liofilizuot\u0173 uog\u0173 mi\u0161inys 2,4% (aviet\u0117s, spanguol\u0117s, m\u0117lyn\u0117s), kvapioji med\u017eiaga, druska, augalinis ekstraktas (paprastasis raudon\u0117lis). Sud\u0117tyje gali b\u016bti \u017eem\u0117s rie\u0161ut\u0173, soj\u0173, pieno ir pieno produkt\u0173, rie\u0161ut\u0173 ir\" \/>\n\t<meta name=\"robots\" content=\"max-image-preview:large\" \/>\n\t<link rel=\"canonical\" href=\"https:\/\/kornita.lt\/en\/shop\/sausi-pusryciai\/kepinti-javainiai-su-misko-uogomis-375g\/\" \/>\n\t<meta name=\"generator\" content=\"All in One SEO Pro (AIOSEO) 4.9.5.2\" \/>\n\t\t<meta property=\"og:locale\" content=\"en_US\" \/>\n\t\t<meta property=\"og:site_name\" content=\"kornita -\" \/>\n\t\t<meta property=\"og:type\" content=\"article\" \/>\n\t\t<meta property=\"og:title\" content=\"Kepinti javainiai su mi\u0161ko uogomis, 375g - kornita\" \/>\n\t\t<meta property=\"og:description\" content=\"Sudedamosios dalys: viso gr\u016bdo avi\u017e\u0173 dribsniai 51,1%, cukrus, palmi\u0173 aliejus, viso gr\u016bdo kvie\u010di\u0173 dribsniai, gliukoz\u0117s sirupas, ekstruduoti javai (viso gr\u016bdo kvie\u010di\u0173 miltai, kvie\u010di\u0173 miltai, kukur\u016bz\u0173 kruopos, cukrus, kukur\u016bz\u0173 krakmolas), liofilizuot\u0173 uog\u0173 mi\u0161inys 2,4% (aviet\u0117s, spanguol\u0117s, m\u0117lyn\u0117s), kvapioji med\u017eiaga, druska, augalinis ekstraktas (paprastasis raudon\u0117lis). Sud\u0117tyje gali b\u016bti \u017eem\u0117s rie\u0161ut\u0173, soj\u0173, pieno ir pieno produkt\u0173, rie\u0161ut\u0173 ir\" \/>\n\t\t<meta property=\"og:url\" content=\"https:\/\/kornita.lt\/en\/shop\/sausi-pusryciai\/kepinti-javainiai-su-misko-uogomis-375g\/\" \/>\n\t\t<meta property=\"og:image\" content=\"https:\/\/kornita.webfactory.lt\/wp-content\/uploads\/2023\/04\/korni-el-prekyba.png\" \/>\n\t\t<meta property=\"og:image:secure_url\" content=\"https:\/\/kornita.webfactory.lt\/wp-content\/uploads\/2023\/04\/korni-el-prekyba.png\" \/>\n\t\t<meta property=\"article:published_time\" content=\"2024-02-07T13:23:29+00:00\" \/>\n\t\t<meta property=\"article:modified_time\" content=\"2025-05-19T08:51:58+00:00\" \/>\n\t\t<meta property=\"article:publisher\" content=\"https:\/\/www.facebook.com\/kornita.lt\" \/>\n\t\t<meta name=\"twitter:card\" content=\"summary_large_image\" \/>\n\t\t<meta name=\"twitter:title\" content=\"Kepinti javainiai su mi\u0161ko uogomis, 375g - kornita\" \/>\n\t\t<meta name=\"twitter:description\" content=\"Sudedamosios dalys: viso gr\u016bdo avi\u017e\u0173 dribsniai 51,1%, cukrus, palmi\u0173 aliejus, viso gr\u016bdo kvie\u010di\u0173 dribsniai, gliukoz\u0117s sirupas, ekstruduoti javai (viso gr\u016bdo kvie\u010di\u0173 miltai, kvie\u010di\u0173 miltai, kukur\u016bz\u0173 kruopos, cukrus, kukur\u016bz\u0173 krakmolas), liofilizuot\u0173 uog\u0173 mi\u0161inys 2,4% (aviet\u0117s, spanguol\u0117s, m\u0117lyn\u0117s), kvapioji med\u017eiaga, druska, augalinis ekstraktas (paprastasis raudon\u0117lis). Sud\u0117tyje gali b\u016bti \u017eem\u0117s rie\u0161ut\u0173, soj\u0173, pieno ir pieno produkt\u0173, rie\u0161ut\u0173 ir\" \/>\n\t\t<meta name=\"twitter:image\" content=\"http:\/\/kornita.webfactory.lt\/wp-content\/uploads\/2023\/04\/korni-el-prekyba.png\" \/>\n\t\t<script type=\"application\/ld+json\" class=\"aioseo-schema\">\n\t\t\t{\"@context\":\"https:\\\/\\\/schema.org\",\"@graph\":[{\"@type\":\"BreadcrumbList\",\"@id\":\"https:\\\/\\\/kornita.lt\\\/en\\\/shop\\\/sausi-pusryciai\\\/kepinti-javainiai-su-misko-uogomis-375g\\\/#breadcrumblist\",\"itemListElement\":[{\"@type\":\"ListItem\",\"@id\":\"https:\\\/\\\/kornita.lt\\\/en\\\/#listItem\",\"position\":1,\"name\":\"Home\",\"item\":\"https:\\\/\\\/kornita.lt\\\/en\\\/\",\"nextItem\":{\"@type\":\"ListItem\",\"@id\":\"https:\\\/\\\/kornita.lt\\\/en\\\/shop-2\\\/#listItem\",\"name\":\"Shop\"}},{\"@type\":\"ListItem\",\"@id\":\"https:\\\/\\\/kornita.lt\\\/en\\\/shop-2\\\/#listItem\",\"position\":2,\"name\":\"Shop\",\"item\":\"https:\\\/\\\/kornita.lt\\\/en\\\/shop-2\\\/\",\"nextItem\":{\"@type\":\"ListItem\",\"@id\":\"https:\\\/\\\/kornita.lt\\\/en\\\/product-category\\\/sausi-pusryciai\\\/#listItem\",\"name\":\"Sausi pusry\\u010diai\"},\"previousItem\":{\"@type\":\"ListItem\",\"@id\":\"https:\\\/\\\/kornita.lt\\\/en\\\/#listItem\",\"name\":\"Home\"}},{\"@type\":\"ListItem\",\"@id\":\"https:\\\/\\\/kornita.lt\\\/en\\\/product-category\\\/sausi-pusryciai\\\/#listItem\",\"position\":3,\"name\":\"Sausi pusry\\u010diai\",\"item\":\"https:\\\/\\\/kornita.lt\\\/en\\\/product-category\\\/sausi-pusryciai\\\/\",\"nextItem\":{\"@type\":\"ListItem\",\"@id\":\"https:\\\/\\\/kornita.lt\\\/en\\\/shop\\\/sausi-pusryciai\\\/kepinti-javainiai-su-misko-uogomis-375g\\\/#listItem\",\"name\":\"Kepinti javainiai su mi\\u0161ko uogomis, 375g\"},\"previousItem\":{\"@type\":\"ListItem\",\"@id\":\"https:\\\/\\\/kornita.lt\\\/en\\\/shop-2\\\/#listItem\",\"name\":\"Shop\"}},{\"@type\":\"ListItem\",\"@id\":\"https:\\\/\\\/kornita.lt\\\/en\\\/shop\\\/sausi-pusryciai\\\/kepinti-javainiai-su-misko-uogomis-375g\\\/#listItem\",\"position\":4,\"name\":\"Kepinti javainiai su mi\\u0161ko uogomis, 375g\",\"previousItem\":{\"@type\":\"ListItem\",\"@id\":\"https:\\\/\\\/kornita.lt\\\/en\\\/product-category\\\/sausi-pusryciai\\\/#listItem\",\"name\":\"Sausi pusry\\u010diai\"}}]},{\"@type\":\"Organization\",\"@id\":\"https:\\\/\\\/kornita.lt\\\/en\\\/#organization\",\"name\":\"kornita\",\"url\":\"https:\\\/\\\/kornita.lt\\\/en\\\/\",\"telephone\":\"+37068581463\",\"logo\":{\"@type\":\"ImageObject\",\"url\":\"http:\\\/\\\/kornita.webfactory.lt\\\/wp-content\\\/uploads\\\/2023\\\/04\\\/korni-el-prekyba.png\",\"@id\":\"https:\\\/\\\/kornita.lt\\\/en\\\/shop\\\/sausi-pusryciai\\\/kepinti-javainiai-su-misko-uogomis-375g\\\/#organizationLogo\"},\"image\":{\"@id\":\"https:\\\/\\\/kornita.lt\\\/en\\\/shop\\\/sausi-pusryciai\\\/kepinti-javainiai-su-misko-uogomis-375g\\\/#organizationLogo\"},\"sameAs\":[\"https:\\\/\\\/www.facebook.com\\\/kornita.lt\"]},{\"@type\":\"Product\",\"@id\":\"https:\\\/\\\/kornita.lt\\\/en\\\/shop\\\/sausi-pusryciai\\\/kepinti-javainiai-su-misko-uogomis-375g\\\/#wooCommerceProduct\",\"name\":\"Kepinti javainiai su mi\\u0161ko uogomis, 375g\",\"url\":\"https:\\\/\\\/kornita.lt\\\/en\\\/shop\\\/sausi-pusryciai\\\/kepinti-javainiai-su-misko-uogomis-375g\\\/\",\"sku\":\"8595564514947\",\"image\":{\"@type\":\"ImageObject\",\"url\":\"https:\\\/\\\/kornita.lt\\\/wp-content\\\/uploads\\\/2024\\\/02\\\/musli-s-lesnim-ovocem-375g.jpg\",\"@id\":\"https:\\\/\\\/kornita.lt\\\/en\\\/shop\\\/sausi-pusryciai\\\/kepinti-javainiai-su-misko-uogomis-375g\\\/#productImage\",\"width\":1000,\"height\":1000},\"offers\":{\"@type\":\"Offer\",\"url\":\"https:\\\/\\\/kornita.lt\\\/en\\\/shop\\\/sausi-pusryciai\\\/kepinti-javainiai-su-misko-uogomis-375g\\\/#wooCommerceOffer\",\"price\":2.19,\"priceCurrency\":\"EUR\",\"category\":\"Sausi pusry\\u010diai\",\"availability\":\"https:\\\/\\\/schema.org\\\/InStock\",\"priceSpecification\":{\"@type\":\"PriceSpecification\",\"price\":2.19,\"priceCurrency\":\"EUR\",\"valueAddedTaxIncluded\":\"true\"},\"seller\":{\"@type\":\"Organization\",\"@id\":\"https:\\\/\\\/kornita.lt\\\/en\\\/#organization\"}}},{\"@type\":\"WebPage\",\"@id\":\"https:\\\/\\\/kornita.lt\\\/en\\\/shop\\\/sausi-pusryciai\\\/kepinti-javainiai-su-misko-uogomis-375g\\\/#webpage\",\"url\":\"https:\\\/\\\/kornita.lt\\\/en\\\/shop\\\/sausi-pusryciai\\\/kepinti-javainiai-su-misko-uogomis-375g\\\/\",\"name\":\"Kepinti javainiai su mi\\u0161ko uogomis, 375g - kornita\",\"description\":\"Sudedamosios dalys: viso gr\\u016bdo avi\\u017e\\u0173 dribsniai 51,1%, cukrus, palmi\\u0173 aliejus, viso gr\\u016bdo kvie\\u010di\\u0173 dribsniai, gliukoz\\u0117s sirupas, ekstruduoti javai (viso gr\\u016bdo kvie\\u010di\\u0173 miltai, kvie\\u010di\\u0173 miltai, kukur\\u016bz\\u0173 kruopos, cukrus, kukur\\u016bz\\u0173 krakmolas), liofilizuot\\u0173 uog\\u0173 mi\\u0161inys 2,4% (aviet\\u0117s, spanguol\\u0117s, m\\u0117lyn\\u0117s), kvapioji med\\u017eiaga, druska, augalinis ekstraktas (paprastasis raudon\\u0117lis). Sud\\u0117tyje gali b\\u016bti \\u017eem\\u0117s rie\\u0161ut\\u0173, soj\\u0173, pieno ir pieno produkt\\u0173, rie\\u0161ut\\u0173 ir\",\"inLanguage\":\"en-US\",\"isPartOf\":{\"@id\":\"https:\\\/\\\/kornita.lt\\\/en\\\/#website\"},\"breadcrumb\":{\"@id\":\"https:\\\/\\\/kornita.lt\\\/en\\\/shop\\\/sausi-pusryciai\\\/kepinti-javainiai-su-misko-uogomis-375g\\\/#breadcrumblist\"},\"image\":{\"@type\":\"ImageObject\",\"url\":\"https:\\\/\\\/kornita.lt\\\/wp-content\\\/uploads\\\/2024\\\/02\\\/musli-s-lesnim-ovocem-375g.jpg\",\"@id\":\"https:\\\/\\\/kornita.lt\\\/en\\\/shop\\\/sausi-pusryciai\\\/kepinti-javainiai-su-misko-uogomis-375g\\\/#mainImage\",\"width\":1000,\"height\":1000},\"primaryImageOfPage\":{\"@id\":\"https:\\\/\\\/kornita.lt\\\/en\\\/shop\\\/sausi-pusryciai\\\/kepinti-javainiai-su-misko-uogomis-375g\\\/#mainImage\"},\"datePublished\":\"2024-02-07T13:23:29+00:00\",\"dateModified\":\"2025-05-19T08:51:58+00:00\"},{\"@type\":\"WebSite\",\"@id\":\"https:\\\/\\\/kornita.lt\\\/en\\\/#website\",\"url\":\"https:\\\/\\\/kornita.lt\\\/en\\\/\",\"name\":\"kornita\",\"inLanguage\":\"en-US\",\"publisher\":{\"@id\":\"https:\\\/\\\/kornita.lt\\\/en\\\/#organization\"}}]}\n\t\t<\/script>\n\t\t<!-- All in One SEO Pro -->\r\n\t\t<title>Kepinti javainiai su mi\u0161ko uogomis, 375g - kornita<\/title>\n\n","aioseo_head_json":{"title":"Kepinti javainiai su mi\u0161ko uogomis, 375g - kornita","description":"Sudedamosios dalys: viso gr\u016bdo avi\u017e\u0173 dribsniai 51,1%, cukrus, palmi\u0173 aliejus, viso gr\u016bdo kvie\u010di\u0173 dribsniai, gliukoz\u0117s sirupas, ekstruduoti javai (viso gr\u016bdo kvie\u010di\u0173 miltai, kvie\u010di\u0173 miltai, kukur\u016bz\u0173 kruopos, cukrus, kukur\u016bz\u0173 krakmolas), liofilizuot\u0173 uog\u0173 mi\u0161inys 2,4% (aviet\u0117s, spanguol\u0117s, m\u0117lyn\u0117s), kvapioji med\u017eiaga, druska, augalinis ekstraktas (paprastasis raudon\u0117lis). Sud\u0117tyje gali b\u016bti \u017eem\u0117s rie\u0161ut\u0173, soj\u0173, pieno ir pieno produkt\u0173, rie\u0161ut\u0173 ir","canonical_url":"https:\/\/kornita.lt\/en\/shop\/sausi-pusryciai\/kepinti-javainiai-su-misko-uogomis-375g\/","robots":"max-image-preview:large","keywords":"","webmasterTools":{"miscellaneous":""},"schema":{"@context":"https:\/\/schema.org","@graph":[{"@type":"BreadcrumbList","@id":"https:\/\/kornita.lt\/en\/shop\/sausi-pusryciai\/kepinti-javainiai-su-misko-uogomis-375g\/#breadcrumblist","itemListElement":[{"@type":"ListItem","@id":"https:\/\/kornita.lt\/en\/#listItem","position":1,"name":"Home","item":"https:\/\/kornita.lt\/en\/","nextItem":{"@type":"ListItem","@id":"https:\/\/kornita.lt\/en\/shop-2\/#listItem","name":"Shop"}},{"@type":"ListItem","@id":"https:\/\/kornita.lt\/en\/shop-2\/#listItem","position":2,"name":"Shop","item":"https:\/\/kornita.lt\/en\/shop-2\/","nextItem":{"@type":"ListItem","@id":"https:\/\/kornita.lt\/en\/product-category\/sausi-pusryciai\/#listItem","name":"Sausi pusry\u010diai"},"previousItem":{"@type":"ListItem","@id":"https:\/\/kornita.lt\/en\/#listItem","name":"Home"}},{"@type":"ListItem","@id":"https:\/\/kornita.lt\/en\/product-category\/sausi-pusryciai\/#listItem","position":3,"name":"Sausi pusry\u010diai","item":"https:\/\/kornita.lt\/en\/product-category\/sausi-pusryciai\/","nextItem":{"@type":"ListItem","@id":"https:\/\/kornita.lt\/en\/shop\/sausi-pusryciai\/kepinti-javainiai-su-misko-uogomis-375g\/#listItem","name":"Kepinti javainiai su mi\u0161ko uogomis, 375g"},"previousItem":{"@type":"ListItem","@id":"https:\/\/kornita.lt\/en\/shop-2\/#listItem","name":"Shop"}},{"@type":"ListItem","@id":"https:\/\/kornita.lt\/en\/shop\/sausi-pusryciai\/kepinti-javainiai-su-misko-uogomis-375g\/#listItem","position":4,"name":"Kepinti javainiai su mi\u0161ko uogomis, 375g","previousItem":{"@type":"ListItem","@id":"https:\/\/kornita.lt\/en\/product-category\/sausi-pusryciai\/#listItem","name":"Sausi pusry\u010diai"}}]},{"@type":"Organization","@id":"https:\/\/kornita.lt\/en\/#organization","name":"kornita","url":"https:\/\/kornita.lt\/en\/","telephone":"+37068581463","logo":{"@type":"ImageObject","url":"http:\/\/kornita.webfactory.lt\/wp-content\/uploads\/2023\/04\/korni-el-prekyba.png","@id":"https:\/\/kornita.lt\/en\/shop\/sausi-pusryciai\/kepinti-javainiai-su-misko-uogomis-375g\/#organizationLogo"},"image":{"@id":"https:\/\/kornita.lt\/en\/shop\/sausi-pusryciai\/kepinti-javainiai-su-misko-uogomis-375g\/#organizationLogo"},"sameAs":["https:\/\/www.facebook.com\/kornita.lt"]},{"@type":"Product","@id":"https:\/\/kornita.lt\/en\/shop\/sausi-pusryciai\/kepinti-javainiai-su-misko-uogomis-375g\/#wooCommerceProduct","name":"Kepinti javainiai su mi\u0161ko uogomis, 375g","url":"https:\/\/kornita.lt\/en\/shop\/sausi-pusryciai\/kepinti-javainiai-su-misko-uogomis-375g\/","sku":"8595564514947","image":{"@type":"ImageObject","url":"https:\/\/kornita.lt\/wp-content\/uploads\/2024\/02\/musli-s-lesnim-ovocem-375g.jpg","@id":"https:\/\/kornita.lt\/en\/shop\/sausi-pusryciai\/kepinti-javainiai-su-misko-uogomis-375g\/#productImage","width":1000,"height":1000},"offers":{"@type":"Offer","url":"https:\/\/kornita.lt\/en\/shop\/sausi-pusryciai\/kepinti-javainiai-su-misko-uogomis-375g\/#wooCommerceOffer","price":2.19,"priceCurrency":"EUR","category":"Sausi pusry\u010diai","availability":"https:\/\/schema.org\/InStock","priceSpecification":{"@type":"PriceSpecification","price":2.19,"priceCurrency":"EUR","valueAddedTaxIncluded":"true"},"seller":{"@type":"Organization","@id":"https:\/\/kornita.lt\/en\/#organization"}}},{"@type":"WebPage","@id":"https:\/\/kornita.lt\/en\/shop\/sausi-pusryciai\/kepinti-javainiai-su-misko-uogomis-375g\/#webpage","url":"https:\/\/kornita.lt\/en\/shop\/sausi-pusryciai\/kepinti-javainiai-su-misko-uogomis-375g\/","name":"Kepinti javainiai su mi\u0161ko uogomis, 375g - kornita","description":"Sudedamosios dalys: viso gr\u016bdo avi\u017e\u0173 dribsniai 51,1%, cukrus, palmi\u0173 aliejus, viso gr\u016bdo kvie\u010di\u0173 dribsniai, gliukoz\u0117s sirupas, ekstruduoti javai (viso gr\u016bdo kvie\u010di\u0173 miltai, kvie\u010di\u0173 miltai, kukur\u016bz\u0173 kruopos, cukrus, kukur\u016bz\u0173 krakmolas), liofilizuot\u0173 uog\u0173 mi\u0161inys 2,4% (aviet\u0117s, spanguol\u0117s, m\u0117lyn\u0117s), kvapioji med\u017eiaga, druska, augalinis ekstraktas (paprastasis raudon\u0117lis). Sud\u0117tyje gali b\u016bti \u017eem\u0117s rie\u0161ut\u0173, soj\u0173, pieno ir pieno produkt\u0173, rie\u0161ut\u0173 ir","inLanguage":"en-US","isPartOf":{"@id":"https:\/\/kornita.lt\/en\/#website"},"breadcrumb":{"@id":"https:\/\/kornita.lt\/en\/shop\/sausi-pusryciai\/kepinti-javainiai-su-misko-uogomis-375g\/#breadcrumblist"},"image":{"@type":"ImageObject","url":"https:\/\/kornita.lt\/wp-content\/uploads\/2024\/02\/musli-s-lesnim-ovocem-375g.jpg","@id":"https:\/\/kornita.lt\/en\/shop\/sausi-pusryciai\/kepinti-javainiai-su-misko-uogomis-375g\/#mainImage","width":1000,"height":1000},"primaryImageOfPage":{"@id":"https:\/\/kornita.lt\/en\/shop\/sausi-pusryciai\/kepinti-javainiai-su-misko-uogomis-375g\/#mainImage"},"datePublished":"2024-02-07T13:23:29+00:00","dateModified":"2025-05-19T08:51:58+00:00"},{"@type":"WebSite","@id":"https:\/\/kornita.lt\/en\/#website","url":"https:\/\/kornita.lt\/en\/","name":"kornita","inLanguage":"en-US","publisher":{"@id":"https:\/\/kornita.lt\/en\/#organization"}}]},"og:locale":"en_US","og:site_name":"kornita -","og:type":"article","og:title":"Kepinti javainiai su mi\u0161ko uogomis, 375g - kornita","og:description":"Sudedamosios dalys: viso gr\u016bdo avi\u017e\u0173 dribsniai 51,1%, cukrus, palmi\u0173 aliejus, viso gr\u016bdo kvie\u010di\u0173 dribsniai, gliukoz\u0117s sirupas, ekstruduoti javai (viso gr\u016bdo kvie\u010di\u0173 miltai, kvie\u010di\u0173 miltai, kukur\u016bz\u0173 kruopos, cukrus, kukur\u016bz\u0173 krakmolas), liofilizuot\u0173 uog\u0173 mi\u0161inys 2,4% (aviet\u0117s, spanguol\u0117s, m\u0117lyn\u0117s), kvapioji med\u017eiaga, druska, augalinis ekstraktas (paprastasis raudon\u0117lis). Sud\u0117tyje gali b\u016bti \u017eem\u0117s rie\u0161ut\u0173, soj\u0173, pieno ir pieno produkt\u0173, rie\u0161ut\u0173 ir","og:url":"https:\/\/kornita.lt\/en\/shop\/sausi-pusryciai\/kepinti-javainiai-su-misko-uogomis-375g\/","og:image":"https:\/\/kornita.webfactory.lt\/wp-content\/uploads\/2023\/04\/korni-el-prekyba.png","og:image:secure_url":"https:\/\/kornita.webfactory.lt\/wp-content\/uploads\/2023\/04\/korni-el-prekyba.png","article:published_time":"2024-02-07T13:23:29+00:00","article:modified_time":"2025-05-19T08:51:58+00:00","article:publisher":"https:\/\/www.facebook.com\/kornita.lt","twitter:card":"summary_large_image","twitter:title":"Kepinti javainiai su mi\u0161ko uogomis, 375g - kornita","twitter:description":"Sudedamosios dalys: viso gr\u016bdo avi\u017e\u0173 dribsniai 51,1%, cukrus, palmi\u0173 aliejus, viso gr\u016bdo kvie\u010di\u0173 dribsniai, gliukoz\u0117s sirupas, ekstruduoti javai (viso gr\u016bdo kvie\u010di\u0173 miltai, kvie\u010di\u0173 miltai, kukur\u016bz\u0173 kruopos, cukrus, kukur\u016bz\u0173 krakmolas), liofilizuot\u0173 uog\u0173 mi\u0161inys 2,4% (aviet\u0117s, spanguol\u0117s, m\u0117lyn\u0117s), kvapioji med\u017eiaga, druska, augalinis ekstraktas (paprastasis raudon\u0117lis). Sud\u0117tyje gali b\u016bti \u017eem\u0117s rie\u0161ut\u0173, soj\u0173, pieno ir pieno produkt\u0173, rie\u0161ut\u0173 ir","twitter:image":"http:\/\/kornita.webfactory.lt\/wp-content\/uploads\/2023\/04\/korni-el-prekyba.png"},"aioseo_meta_data":{"post_id":"16813","title":null,"description":null,"keywords":null,"keyphrases":{"focus":{"keyphrase":"","score":0,"analysis":{"keyphraseInTitle":{"score":0,"maxScore":9,"error":1}}},"additional":[]},"primary_term":null,"canonical_url":null,"og_title":null,"og_description":null,"og_object_type":"default","og_image_type":"default","og_image_url":null,"og_image_width":null,"og_image_height":null,"og_image_custom_url":null,"og_image_custom_fields":null,"og_video":"","og_custom_url":null,"og_article_section":null,"og_article_tags":null,"twitter_use_og":false,"twitter_card":"default","twitter_image_type":"default","twitter_image_url":null,"twitter_image_custom_url":null,"twitter_image_custom_fields":null,"twitter_title":null,"twitter_description":null,"schema":{"blockGraphs":[],"customGraphs":[],"default":{"data":{"Article":[],"Course":[],"Dataset":[],"FAQPage":[],"Movie":[],"Person":[],"Product":[],"ProductReview":[],"Car":[],"Recipe":[],"Service":[],"SoftwareApplication":[],"WebPage":[]},"graphName":"ItemPage","isEnabled":true},"graphs":[]},"schema_type":"default","schema_type_options":null,"pillar_content":false,"robots_default":true,"robots_noindex":false,"robots_noarchive":false,"robots_nosnippet":false,"robots_nofollow":false,"robots_noimageindex":false,"robots_noodp":false,"robots_notranslate":false,"robots_max_snippet":"-1","robots_max_videopreview":"-1","robots_max_imagepreview":"large","priority":null,"frequency":"default","local_seo":null,"seo_analyzer_scan_date":"2025-10-09 00:13:12","breadcrumb_settings":null,"limit_modified_date":false,"open_ai":"{\"title\":{\"suggestions\":[],\"usage\":0},\"description\":{\"suggestions\":[],\"usage\":0}}","ai":null,"created":"2024-02-07 13:23:35","updated":"2025-11-26 23:36:06"},"aioseo_breadcrumb":"<div class=\"aioseo-breadcrumbs\"><span class=\"aioseo-breadcrumb\">\n\t<a href=\"https:\/\/kornita.lt\/en\/\" title=\"Home\">Home<\/a>\n<\/span><span class=\"aioseo-breadcrumb-separator\">&raquo;<\/span><span class=\"aioseo-breadcrumb\">\n\t<a href=\"https:\/\/kornita.lt\/en\/shop-2\/\" title=\"Shop\">Shop<\/a>\n<\/span><span class=\"aioseo-breadcrumb-separator\">&raquo;<\/span><span class=\"aioseo-breadcrumb\">\n\t<a href=\"https:\/\/kornita.lt\/en\/product-category\/sausi-pusryciai\/\" title=\"Sausi pusry\u010diai\">Sausi pusry\u010diai<\/a>\n<\/span><span class=\"aioseo-breadcrumb-separator\">&raquo;<\/span><span class=\"aioseo-breadcrumb\">\n\tKepinti javainiai su mi\u0161ko uogomis, 375g\n<\/span><\/div>","aioseo_breadcrumb_json":[{"label":"Home","link":"https:\/\/kornita.lt\/en\/"},{"label":"Shop","link":"https:\/\/kornita.lt\/en\/shop-2\/"},{"label":"Sausi pusry\u010diai","link":"https:\/\/kornita.lt\/en\/product-category\/sausi-pusryciai\/"},{"label":"Kepinti javainiai su mi\u0161ko uogomis, 375g","link":"https:\/\/kornita.lt\/en\/shop\/sausi-pusryciai\/kepinti-javainiai-su-misko-uogomis-375g\/"}],"_links":{"self":[{"href":"https:\/\/kornita.lt\/en\/wp-json\/wp\/v2\/product\/16813","targetHints":{"allow":["GET"]}}],"collection":[{"href":"https:\/\/kornita.lt\/en\/wp-json\/wp\/v2\/product"}],"about":[{"href":"https:\/\/kornita.lt\/en\/wp-json\/wp\/v2\/types\/product"}],"replies":[{"embeddable":true,"href":"https:\/\/kornita.lt\/en\/wp-json\/wp\/v2\/comments?post=16813"}],"version-history":[{"count":1,"href":"https:\/\/kornita.lt\/en\/wp-json\/wp\/v2\/product\/16813\/revisions"}],"predecessor-version":[{"id":24916,"href":"https:\/\/kornita.lt\/en\/wp-json\/wp\/v2\/product\/16813\/revisions\/24916"}],"wp:featuredmedia":[{"embeddable":true,"href":"https:\/\/kornita.lt\/en\/wp-json\/wp\/v2\/media\/24914"}],"wp:attachment":[{"href":"https:\/\/kornita.lt\/en\/wp-json\/wp\/v2\/media?parent=16813"}],"wp:term":[{"taxonomy":"product_brand","embeddable":true,"href":"https:\/\/kornita.lt\/en\/wp-json\/wp\/v2\/product_brand?post=16813"},{"taxonomy":"product_cat","embeddable":true,"href":"https:\/\/kornita.lt\/en\/wp-json\/wp\/v2\/product_cat?post=16813"},{"taxonomy":"product_tag","embeddable":true,"href":"https:\/\/kornita.lt\/en\/wp-json\/wp\/v2\/product_tag?post=16813"}],"curies":[{"name":"wp","href":"https:\/\/api.w.org\/{rel}","templated":true}]}}