{"id":16808,"date":"2024-02-07T13:23:28","date_gmt":"2024-02-07T13:23:28","guid":{"rendered":"https:\/\/kornita.webfactory.lt\/?post_type=product&#038;p=16808"},"modified":"2025-06-19T15:22:32","modified_gmt":"2025-06-19T15:22:32","slug":"augaliniu-baltymu-farsas-100g","status":"publish","type":"product","link":"https:\/\/kornita.lt\/en\/shop\/akcijos\/augaliniu-baltymu-farsas-100g\/","title":{"rendered":"Augalini\u0173 baltym\u0173 \u017eirni\u0173 ir pup\u0173 far\u0161as, 100g"},"content":{"rendered":"<p><em>Augalini\u0173 baltym\u0173 far\u0161as<\/em><\/p>\n<p><strong>Sudedamosios dalys<\/strong>: \u017eirni\u0173 baltym\u0173 koncentratas (79,8%), pup\u0173 baltym\u0173 koncentratas (19%), druska.<\/p>\n<p>Be maisto pried\u0173 ir alergen\u0173.<\/p>\n<hr \/>\n<p><strong>Paruo\u0161imo b\u016bdas<\/strong>:<\/p>\n<p>far\u0161\u0105 u\u017emerkti \u0161altame vandenyje 5-10 min. arba kar\u0161tame vandenyje 1-3 min. Prie\u0161 tolimesn\u012f naudojim\u0105 nusunkti.<\/p>\n<hr \/>\n<p>Kilm\u0117s \u0161alis: Danija<\/p>\n<blockquote class=\"wp-embedded-content\" data-secret=\"qIyfchXwIF\"><p><a href=\"https:\/\/kornita.lt\/sildantis-cili-troskinys-sotus-ir-aromatingas-receptas-saltiems-vakarams\/\">\u0160ildantis \u010dili tro\u0161kinys: sotus ir aromatingas receptas \u0161altiems vakarams<\/a><\/p><\/blockquote>\n<p><iframe loading=\"lazy\" class=\"wp-embedded-content\" sandbox=\"allow-scripts\" security=\"restricted\" style=\"position: absolute; visibility: hidden;\" title=\"&#8220;\u0160ildantis \u010dili tro\u0161kinys: sotus ir aromatingas receptas \u0161altiems vakarams&#8221; &#8212; kornita\" src=\"https:\/\/kornita.lt\/sildantis-cili-troskinys-sotus-ir-aromatingas-receptas-saltiems-vakarams\/embed\/#?secret=iewTUTpiF8#?secret=qIyfchXwIF\" data-secret=\"qIyfchXwIF\" width=\"500\" height=\"282\" frameborder=\"0\" marginwidth=\"0\" marginheight=\"0\" scrolling=\"no\"><\/iframe><\/p>\n","protected":false},"excerpt":{"rendered":"<p>M\u0117sos pakaitalas i\u0161 \u017eirni\u0173 ir pup\u0173 baltym\u0173 koncentrato (tekst\u016bruoti \u017eirni\u0173 ir pup\u0173 baltymai). Be glitimo, be soj\u0173, tinka alergi\u0161kiems \u017emon\u0117ms. Turi daug baltym\u0173 ir skaidulini\u0173 med\u017eiag\u0173. Tinka gaminti kotletus, \u012fdarus, pada\u017eus makaronams, d\u0117ti \u012f sriubas ir kt.<\/p>\n<p>Pagamintas produktas turi mink\u0161t\u0105, maloni\u0105 tekst\u016br\u0105, yra ma\u017eiau &#8220;guminis&#8221; palyginti su soj\u0173 produktais. Gaminimo laikas yra trumpesnis, nereikia virti.<\/p>\n","protected":false},"featured_media":16005,"comment_status":"open","ping_status":"closed","template":"","meta":[],"product_brand":[],"product_cat":[62,214],"product_tag":[125,123,124,126],"class_list":{"0":"post-16808","1":"product","2":"type-product","3":"status-publish","4":"has-post-thumbnail","6":"product_cat-akcijos","7":"product_cat-augaliniai-baltymai","8":"product_tag-augaliniu-baltymu-farsas","9":"product_tag-mesos-pakaitalas","10":"product_tag-teksturuoti-zirniu-baltymai","11":"product_tag-teksturuoti-zirniu-ir-pupeliu-baltymai","12":"product_shipping_class-pristatymas","14":"first","15":"instock","16":"sale","17":"taxable","18":"shipping-taxable","19":"purchasable","20":"product-type-simple"},"aioseo_notices":[],"aioseo_head":"\n\t\t<!-- All in One SEO Pro 4.9.5.2 - aioseo.com -->\n\t<meta name=\"description\" content=\"M\u0117sos pakaitalas i\u0161 \u017eirni\u0173 ir pup\u0173 baltym\u0173 koncentrato (tekst\u016bruoti \u017eirni\u0173 ir pup\u0173 baltymai). Be glitimo, be soj\u0173, tinka alergi\u0161kiems \u017emon\u0117ms. Turi daug baltym\u0173 ir skaidulini\u0173 med\u017eiag\u0173. Tinka gaminti kotletus, \u012fdarus, pada\u017eus makaronams, d\u0117ti \u012f sriubas ir kt. Pagamintas produktas turi mink\u0161t\u0105, maloni\u0105 tekst\u016br\u0105, yra ma\u017eiau &quot;guminis&quot; palyginti su soj\u0173 produktais. Gaminimo laikas yra trumpesnis, nereikia virti.\" \/>\n\t<meta name=\"robots\" content=\"max-image-preview:large\" \/>\n\t<link rel=\"canonical\" href=\"https:\/\/kornita.lt\/en\/shop\/akcijos\/augaliniu-baltymu-farsas-100g\/\" \/>\n\t<meta name=\"generator\" content=\"All in One SEO Pro (AIOSEO) 4.9.5.2\" \/>\n\t\t<meta property=\"og:locale\" content=\"en_US\" \/>\n\t\t<meta property=\"og:site_name\" content=\"kornita -\" \/>\n\t\t<meta property=\"og:type\" content=\"article\" \/>\n\t\t<meta property=\"og:title\" content=\"Augalini\u0173 baltym\u0173 \u017eirni\u0173 ir pup\u0173 far\u0161as, 100g - kornita\" \/>\n\t\t<meta property=\"og:description\" content=\"M\u0117sos pakaitalas i\u0161 \u017eirni\u0173 ir pup\u0173 baltym\u0173 koncentrato (tekst\u016bruoti \u017eirni\u0173 ir pup\u0173 baltymai). Be glitimo, be soj\u0173, tinka alergi\u0161kiems \u017emon\u0117ms. Turi daug baltym\u0173 ir skaidulini\u0173 med\u017eiag\u0173. Tinka gaminti kotletus, \u012fdarus, pada\u017eus makaronams, d\u0117ti \u012f sriubas ir kt. Pagamintas produktas turi mink\u0161t\u0105, maloni\u0105 tekst\u016br\u0105, yra ma\u017eiau &quot;guminis&quot; palyginti su soj\u0173 produktais. Gaminimo laikas yra trumpesnis, nereikia virti.\" \/>\n\t\t<meta property=\"og:url\" content=\"https:\/\/kornita.lt\/en\/shop\/akcijos\/augaliniu-baltymu-farsas-100g\/\" \/>\n\t\t<meta property=\"og:image\" content=\"https:\/\/kornita.webfactory.lt\/wp-content\/uploads\/2023\/04\/korni-el-prekyba.png\" \/>\n\t\t<meta property=\"og:image:secure_url\" content=\"https:\/\/kornita.webfactory.lt\/wp-content\/uploads\/2023\/04\/korni-el-prekyba.png\" \/>\n\t\t<meta property=\"article:published_time\" content=\"2024-02-07T13:23:28+00:00\" \/>\n\t\t<meta property=\"article:modified_time\" content=\"2025-06-19T15:22:32+00:00\" \/>\n\t\t<meta property=\"article:publisher\" content=\"https:\/\/www.facebook.com\/kornita.lt\" \/>\n\t\t<meta name=\"twitter:card\" content=\"summary_large_image\" \/>\n\t\t<meta name=\"twitter:title\" content=\"Augalini\u0173 baltym\u0173 \u017eirni\u0173 ir pup\u0173 far\u0161as, 100g - kornita\" \/>\n\t\t<meta name=\"twitter:description\" content=\"M\u0117sos pakaitalas i\u0161 \u017eirni\u0173 ir pup\u0173 baltym\u0173 koncentrato (tekst\u016bruoti \u017eirni\u0173 ir pup\u0173 baltymai). Be glitimo, be soj\u0173, tinka alergi\u0161kiems \u017emon\u0117ms. Turi daug baltym\u0173 ir skaidulini\u0173 med\u017eiag\u0173. Tinka gaminti kotletus, \u012fdarus, pada\u017eus makaronams, d\u0117ti \u012f sriubas ir kt. Pagamintas produktas turi mink\u0161t\u0105, maloni\u0105 tekst\u016br\u0105, yra ma\u017eiau &quot;guminis&quot; palyginti su soj\u0173 produktais. Gaminimo laikas yra trumpesnis, nereikia virti.\" \/>\n\t\t<meta name=\"twitter:image\" content=\"http:\/\/kornita.webfactory.lt\/wp-content\/uploads\/2023\/04\/korni-el-prekyba.png\" \/>\n\t\t<script type=\"application\/ld+json\" class=\"aioseo-schema\">\n\t\t\t{\"@context\":\"https:\\\/\\\/schema.org\",\"@graph\":[{\"@type\":\"BreadcrumbList\",\"@id\":\"https:\\\/\\\/kornita.lt\\\/en\\\/shop\\\/akcijos\\\/augaliniu-baltymu-farsas-100g\\\/#breadcrumblist\",\"itemListElement\":[{\"@type\":\"ListItem\",\"@id\":\"https:\\\/\\\/kornita.lt\\\/en\\\/#listItem\",\"position\":1,\"name\":\"Home\",\"item\":\"https:\\\/\\\/kornita.lt\\\/en\\\/\",\"nextItem\":{\"@type\":\"ListItem\",\"@id\":\"https:\\\/\\\/kornita.lt\\\/en\\\/shop-2\\\/#listItem\",\"name\":\"Shop\"}},{\"@type\":\"ListItem\",\"@id\":\"https:\\\/\\\/kornita.lt\\\/en\\\/shop-2\\\/#listItem\",\"position\":2,\"name\":\"Shop\",\"item\":\"https:\\\/\\\/kornita.lt\\\/en\\\/shop-2\\\/\",\"nextItem\":{\"@type\":\"ListItem\",\"@id\":\"https:\\\/\\\/kornita.lt\\\/en\\\/product-category\\\/akcijos\\\/#listItem\",\"name\":\"AKCIJOS\"},\"previousItem\":{\"@type\":\"ListItem\",\"@id\":\"https:\\\/\\\/kornita.lt\\\/en\\\/#listItem\",\"name\":\"Home\"}},{\"@type\":\"ListItem\",\"@id\":\"https:\\\/\\\/kornita.lt\\\/en\\\/product-category\\\/akcijos\\\/#listItem\",\"position\":3,\"name\":\"AKCIJOS\",\"item\":\"https:\\\/\\\/kornita.lt\\\/en\\\/product-category\\\/akcijos\\\/\",\"nextItem\":{\"@type\":\"ListItem\",\"@id\":\"https:\\\/\\\/kornita.lt\\\/en\\\/shop\\\/akcijos\\\/augaliniu-baltymu-farsas-100g\\\/#listItem\",\"name\":\"Augalini\\u0173 baltym\\u0173 \\u017eirni\\u0173 ir pup\\u0173 far\\u0161as, 100g\"},\"previousItem\":{\"@type\":\"ListItem\",\"@id\":\"https:\\\/\\\/kornita.lt\\\/en\\\/shop-2\\\/#listItem\",\"name\":\"Shop\"}},{\"@type\":\"ListItem\",\"@id\":\"https:\\\/\\\/kornita.lt\\\/en\\\/shop\\\/akcijos\\\/augaliniu-baltymu-farsas-100g\\\/#listItem\",\"position\":4,\"name\":\"Augalini\\u0173 baltym\\u0173 \\u017eirni\\u0173 ir pup\\u0173 far\\u0161as, 100g\",\"previousItem\":{\"@type\":\"ListItem\",\"@id\":\"https:\\\/\\\/kornita.lt\\\/en\\\/product-category\\\/akcijos\\\/#listItem\",\"name\":\"AKCIJOS\"}}]},{\"@type\":\"Organization\",\"@id\":\"https:\\\/\\\/kornita.lt\\\/en\\\/#organization\",\"name\":\"kornita\",\"url\":\"https:\\\/\\\/kornita.lt\\\/en\\\/\",\"telephone\":\"+37068581463\",\"logo\":{\"@type\":\"ImageObject\",\"url\":\"http:\\\/\\\/kornita.webfactory.lt\\\/wp-content\\\/uploads\\\/2023\\\/04\\\/korni-el-prekyba.png\",\"@id\":\"https:\\\/\\\/kornita.lt\\\/en\\\/shop\\\/akcijos\\\/augaliniu-baltymu-farsas-100g\\\/#organizationLogo\"},\"image\":{\"@id\":\"https:\\\/\\\/kornita.lt\\\/en\\\/shop\\\/akcijos\\\/augaliniu-baltymu-farsas-100g\\\/#organizationLogo\"},\"sameAs\":[\"https:\\\/\\\/www.facebook.com\\\/kornita.lt\"]},{\"@type\":\"Product\",\"@id\":\"https:\\\/\\\/kornita.lt\\\/en\\\/shop\\\/akcijos\\\/augaliniu-baltymu-farsas-100g\\\/#wooCommerceProduct\",\"name\":\"Augalini\\u0173 baltym\\u0173 \\u017eirni\\u0173 ir pup\\u0173 far\\u0161as, 100g\",\"description\":\"M\\u0117sos pakaitalas i\\u0161 \\u017eirni\\u0173 ir pup\\u0173 baltym\\u0173 koncentrato (tekst\\u016bruoti \\u017eirni\\u0173 ir pup\\u0173 baltymai). Be glitimo, be soj\\u0173, tinka alergi\\u0161kiems \\u017emon\\u0117ms. Turi daug baltym\\u0173 ir skaidulini\\u0173 med\\u017eiag\\u0173. Tinka gaminti kotletus, \\u012fdarus, pada\\u017eus makaronams, d\\u0117ti \\u012f sriubas ir kt.\\r\\n\\r\\nPagamintas produktas turi mink\\u0161t\\u0105, maloni\\u0105 tekst\\u016br\\u0105, yra ma\\u017eiau \\\"guminis\\\" palyginti su soj\\u0173 produktais. Gaminimo laikas yra trumpesnis, nereikia virti.\",\"url\":\"https:\\\/\\\/kornita.lt\\\/en\\\/shop\\\/akcijos\\\/augaliniu-baltymu-farsas-100g\\\/\",\"sku\":\"4771506000127\",\"image\":{\"@type\":\"ImageObject\",\"url\":\"https:\\\/\\\/kornita.lt\\\/wp-content\\\/uploads\\\/2023\\\/09\\\/20230320_124625-scaled-1.jpg\",\"@id\":\"https:\\\/\\\/kornita.lt\\\/en\\\/shop\\\/akcijos\\\/augaliniu-baltymu-farsas-100g\\\/#productImage\",\"width\":1745,\"height\":2560},\"offers\":{\"@type\":\"Offer\",\"url\":\"https:\\\/\\\/kornita.lt\\\/en\\\/shop\\\/akcijos\\\/augaliniu-baltymu-farsas-100g\\\/#wooCommerceOffer\",\"price\":1.95,\"priceCurrency\":\"EUR\",\"category\":\"AKCIJOS\",\"availability\":\"https:\\\/\\\/schema.org\\\/InStock\",\"priceSpecification\":{\"@type\":\"PriceSpecification\",\"price\":1.95,\"priceCurrency\":\"EUR\",\"valueAddedTaxIncluded\":\"true\"},\"seller\":{\"@type\":\"Organization\",\"@id\":\"https:\\\/\\\/kornita.lt\\\/en\\\/#organization\"}}},{\"@type\":\"WebPage\",\"@id\":\"https:\\\/\\\/kornita.lt\\\/en\\\/shop\\\/akcijos\\\/augaliniu-baltymu-farsas-100g\\\/#webpage\",\"url\":\"https:\\\/\\\/kornita.lt\\\/en\\\/shop\\\/akcijos\\\/augaliniu-baltymu-farsas-100g\\\/\",\"name\":\"Augalini\\u0173 baltym\\u0173 \\u017eirni\\u0173 ir pup\\u0173 far\\u0161as, 100g - kornita\",\"description\":\"M\\u0117sos pakaitalas i\\u0161 \\u017eirni\\u0173 ir pup\\u0173 baltym\\u0173 koncentrato (tekst\\u016bruoti \\u017eirni\\u0173 ir pup\\u0173 baltymai). Be glitimo, be soj\\u0173, tinka alergi\\u0161kiems \\u017emon\\u0117ms. Turi daug baltym\\u0173 ir skaidulini\\u0173 med\\u017eiag\\u0173. Tinka gaminti kotletus, \\u012fdarus, pada\\u017eus makaronams, d\\u0117ti \\u012f sriubas ir kt. Pagamintas produktas turi mink\\u0161t\\u0105, maloni\\u0105 tekst\\u016br\\u0105, yra ma\\u017eiau \\\"guminis\\\" palyginti su soj\\u0173 produktais. Gaminimo laikas yra trumpesnis, nereikia virti.\",\"inLanguage\":\"en-US\",\"isPartOf\":{\"@id\":\"https:\\\/\\\/kornita.lt\\\/en\\\/#website\"},\"breadcrumb\":{\"@id\":\"https:\\\/\\\/kornita.lt\\\/en\\\/shop\\\/akcijos\\\/augaliniu-baltymu-farsas-100g\\\/#breadcrumblist\"},\"image\":{\"@type\":\"ImageObject\",\"url\":\"https:\\\/\\\/kornita.lt\\\/wp-content\\\/uploads\\\/2023\\\/09\\\/20230320_124625-scaled-1.jpg\",\"@id\":\"https:\\\/\\\/kornita.lt\\\/en\\\/shop\\\/akcijos\\\/augaliniu-baltymu-farsas-100g\\\/#mainImage\",\"width\":1745,\"height\":2560},\"primaryImageOfPage\":{\"@id\":\"https:\\\/\\\/kornita.lt\\\/en\\\/shop\\\/akcijos\\\/augaliniu-baltymu-farsas-100g\\\/#mainImage\"},\"datePublished\":\"2024-02-07T13:23:28+00:00\",\"dateModified\":\"2025-06-19T15:22:32+00:00\"},{\"@type\":\"WebSite\",\"@id\":\"https:\\\/\\\/kornita.lt\\\/en\\\/#website\",\"url\":\"https:\\\/\\\/kornita.lt\\\/en\\\/\",\"name\":\"kornita\",\"inLanguage\":\"en-US\",\"publisher\":{\"@id\":\"https:\\\/\\\/kornita.lt\\\/en\\\/#organization\"}}]}\n\t\t<\/script>\n\t\t<!-- All in One SEO Pro -->\r\n\t\t<title>Augalini\u0173 baltym\u0173 \u017eirni\u0173 ir pup\u0173 far\u0161as, 100g - kornita<\/title>\n\n","aioseo_head_json":{"title":"Augalini\u0173 baltym\u0173 \u017eirni\u0173 ir pup\u0173 far\u0161as, 100g - kornita","description":"M\u0117sos pakaitalas i\u0161 \u017eirni\u0173 ir pup\u0173 baltym\u0173 koncentrato (tekst\u016bruoti \u017eirni\u0173 ir pup\u0173 baltymai). Be glitimo, be soj\u0173, tinka alergi\u0161kiems \u017emon\u0117ms. Turi daug baltym\u0173 ir skaidulini\u0173 med\u017eiag\u0173. Tinka gaminti kotletus, \u012fdarus, pada\u017eus makaronams, d\u0117ti \u012f sriubas ir kt. Pagamintas produktas turi mink\u0161t\u0105, maloni\u0105 tekst\u016br\u0105, yra ma\u017eiau \"guminis\" palyginti su soj\u0173 produktais. Gaminimo laikas yra trumpesnis, nereikia virti.","canonical_url":"https:\/\/kornita.lt\/en\/shop\/akcijos\/augaliniu-baltymu-farsas-100g\/","robots":"max-image-preview:large","keywords":"","webmasterTools":{"miscellaneous":""},"schema":{"@context":"https:\/\/schema.org","@graph":[{"@type":"BreadcrumbList","@id":"https:\/\/kornita.lt\/en\/shop\/akcijos\/augaliniu-baltymu-farsas-100g\/#breadcrumblist","itemListElement":[{"@type":"ListItem","@id":"https:\/\/kornita.lt\/en\/#listItem","position":1,"name":"Home","item":"https:\/\/kornita.lt\/en\/","nextItem":{"@type":"ListItem","@id":"https:\/\/kornita.lt\/en\/shop-2\/#listItem","name":"Shop"}},{"@type":"ListItem","@id":"https:\/\/kornita.lt\/en\/shop-2\/#listItem","position":2,"name":"Shop","item":"https:\/\/kornita.lt\/en\/shop-2\/","nextItem":{"@type":"ListItem","@id":"https:\/\/kornita.lt\/en\/product-category\/akcijos\/#listItem","name":"AKCIJOS"},"previousItem":{"@type":"ListItem","@id":"https:\/\/kornita.lt\/en\/#listItem","name":"Home"}},{"@type":"ListItem","@id":"https:\/\/kornita.lt\/en\/product-category\/akcijos\/#listItem","position":3,"name":"AKCIJOS","item":"https:\/\/kornita.lt\/en\/product-category\/akcijos\/","nextItem":{"@type":"ListItem","@id":"https:\/\/kornita.lt\/en\/shop\/akcijos\/augaliniu-baltymu-farsas-100g\/#listItem","name":"Augalini\u0173 baltym\u0173 \u017eirni\u0173 ir pup\u0173 far\u0161as, 100g"},"previousItem":{"@type":"ListItem","@id":"https:\/\/kornita.lt\/en\/shop-2\/#listItem","name":"Shop"}},{"@type":"ListItem","@id":"https:\/\/kornita.lt\/en\/shop\/akcijos\/augaliniu-baltymu-farsas-100g\/#listItem","position":4,"name":"Augalini\u0173 baltym\u0173 \u017eirni\u0173 ir pup\u0173 far\u0161as, 100g","previousItem":{"@type":"ListItem","@id":"https:\/\/kornita.lt\/en\/product-category\/akcijos\/#listItem","name":"AKCIJOS"}}]},{"@type":"Organization","@id":"https:\/\/kornita.lt\/en\/#organization","name":"kornita","url":"https:\/\/kornita.lt\/en\/","telephone":"+37068581463","logo":{"@type":"ImageObject","url":"http:\/\/kornita.webfactory.lt\/wp-content\/uploads\/2023\/04\/korni-el-prekyba.png","@id":"https:\/\/kornita.lt\/en\/shop\/akcijos\/augaliniu-baltymu-farsas-100g\/#organizationLogo"},"image":{"@id":"https:\/\/kornita.lt\/en\/shop\/akcijos\/augaliniu-baltymu-farsas-100g\/#organizationLogo"},"sameAs":["https:\/\/www.facebook.com\/kornita.lt"]},{"@type":"Product","@id":"https:\/\/kornita.lt\/en\/shop\/akcijos\/augaliniu-baltymu-farsas-100g\/#wooCommerceProduct","name":"Augalini\u0173 baltym\u0173 \u017eirni\u0173 ir pup\u0173 far\u0161as, 100g","description":"M\u0117sos pakaitalas i\u0161 \u017eirni\u0173 ir pup\u0173 baltym\u0173 koncentrato (tekst\u016bruoti \u017eirni\u0173 ir pup\u0173 baltymai). Be glitimo, be soj\u0173, tinka alergi\u0161kiems \u017emon\u0117ms. Turi daug baltym\u0173 ir skaidulini\u0173 med\u017eiag\u0173. Tinka gaminti kotletus, \u012fdarus, pada\u017eus makaronams, d\u0117ti \u012f sriubas ir kt.\r\n\r\nPagamintas produktas turi mink\u0161t\u0105, maloni\u0105 tekst\u016br\u0105, yra ma\u017eiau \"guminis\" palyginti su soj\u0173 produktais. Gaminimo laikas yra trumpesnis, nereikia virti.","url":"https:\/\/kornita.lt\/en\/shop\/akcijos\/augaliniu-baltymu-farsas-100g\/","sku":"4771506000127","image":{"@type":"ImageObject","url":"https:\/\/kornita.lt\/wp-content\/uploads\/2023\/09\/20230320_124625-scaled-1.jpg","@id":"https:\/\/kornita.lt\/en\/shop\/akcijos\/augaliniu-baltymu-farsas-100g\/#productImage","width":1745,"height":2560},"offers":{"@type":"Offer","url":"https:\/\/kornita.lt\/en\/shop\/akcijos\/augaliniu-baltymu-farsas-100g\/#wooCommerceOffer","price":1.95,"priceCurrency":"EUR","category":"AKCIJOS","availability":"https:\/\/schema.org\/InStock","priceSpecification":{"@type":"PriceSpecification","price":1.95,"priceCurrency":"EUR","valueAddedTaxIncluded":"true"},"seller":{"@type":"Organization","@id":"https:\/\/kornita.lt\/en\/#organization"}}},{"@type":"WebPage","@id":"https:\/\/kornita.lt\/en\/shop\/akcijos\/augaliniu-baltymu-farsas-100g\/#webpage","url":"https:\/\/kornita.lt\/en\/shop\/akcijos\/augaliniu-baltymu-farsas-100g\/","name":"Augalini\u0173 baltym\u0173 \u017eirni\u0173 ir pup\u0173 far\u0161as, 100g - kornita","description":"M\u0117sos pakaitalas i\u0161 \u017eirni\u0173 ir pup\u0173 baltym\u0173 koncentrato (tekst\u016bruoti \u017eirni\u0173 ir pup\u0173 baltymai). Be glitimo, be soj\u0173, tinka alergi\u0161kiems \u017emon\u0117ms. Turi daug baltym\u0173 ir skaidulini\u0173 med\u017eiag\u0173. Tinka gaminti kotletus, \u012fdarus, pada\u017eus makaronams, d\u0117ti \u012f sriubas ir kt. Pagamintas produktas turi mink\u0161t\u0105, maloni\u0105 tekst\u016br\u0105, yra ma\u017eiau \"guminis\" palyginti su soj\u0173 produktais. Gaminimo laikas yra trumpesnis, nereikia virti.","inLanguage":"en-US","isPartOf":{"@id":"https:\/\/kornita.lt\/en\/#website"},"breadcrumb":{"@id":"https:\/\/kornita.lt\/en\/shop\/akcijos\/augaliniu-baltymu-farsas-100g\/#breadcrumblist"},"image":{"@type":"ImageObject","url":"https:\/\/kornita.lt\/wp-content\/uploads\/2023\/09\/20230320_124625-scaled-1.jpg","@id":"https:\/\/kornita.lt\/en\/shop\/akcijos\/augaliniu-baltymu-farsas-100g\/#mainImage","width":1745,"height":2560},"primaryImageOfPage":{"@id":"https:\/\/kornita.lt\/en\/shop\/akcijos\/augaliniu-baltymu-farsas-100g\/#mainImage"},"datePublished":"2024-02-07T13:23:28+00:00","dateModified":"2025-06-19T15:22:32+00:00"},{"@type":"WebSite","@id":"https:\/\/kornita.lt\/en\/#website","url":"https:\/\/kornita.lt\/en\/","name":"kornita","inLanguage":"en-US","publisher":{"@id":"https:\/\/kornita.lt\/en\/#organization"}}]},"og:locale":"en_US","og:site_name":"kornita -","og:type":"article","og:title":"Augalini\u0173 baltym\u0173 \u017eirni\u0173 ir pup\u0173 far\u0161as, 100g - kornita","og:description":"M\u0117sos pakaitalas i\u0161 \u017eirni\u0173 ir pup\u0173 baltym\u0173 koncentrato (tekst\u016bruoti \u017eirni\u0173 ir pup\u0173 baltymai). Be glitimo, be soj\u0173, tinka alergi\u0161kiems \u017emon\u0117ms. Turi daug baltym\u0173 ir skaidulini\u0173 med\u017eiag\u0173. Tinka gaminti kotletus, \u012fdarus, pada\u017eus makaronams, d\u0117ti \u012f sriubas ir kt. Pagamintas produktas turi mink\u0161t\u0105, maloni\u0105 tekst\u016br\u0105, yra ma\u017eiau &quot;guminis&quot; palyginti su soj\u0173 produktais. Gaminimo laikas yra trumpesnis, nereikia virti.","og:url":"https:\/\/kornita.lt\/en\/shop\/akcijos\/augaliniu-baltymu-farsas-100g\/","og:image":"https:\/\/kornita.webfactory.lt\/wp-content\/uploads\/2023\/04\/korni-el-prekyba.png","og:image:secure_url":"https:\/\/kornita.webfactory.lt\/wp-content\/uploads\/2023\/04\/korni-el-prekyba.png","article:published_time":"2024-02-07T13:23:28+00:00","article:modified_time":"2025-06-19T15:22:32+00:00","article:publisher":"https:\/\/www.facebook.com\/kornita.lt","twitter:card":"summary_large_image","twitter:title":"Augalini\u0173 baltym\u0173 \u017eirni\u0173 ir pup\u0173 far\u0161as, 100g - kornita","twitter:description":"M\u0117sos pakaitalas i\u0161 \u017eirni\u0173 ir pup\u0173 baltym\u0173 koncentrato (tekst\u016bruoti \u017eirni\u0173 ir pup\u0173 baltymai). Be glitimo, be soj\u0173, tinka alergi\u0161kiems \u017emon\u0117ms. Turi daug baltym\u0173 ir skaidulini\u0173 med\u017eiag\u0173. Tinka gaminti kotletus, \u012fdarus, pada\u017eus makaronams, d\u0117ti \u012f sriubas ir kt. Pagamintas produktas turi mink\u0161t\u0105, maloni\u0105 tekst\u016br\u0105, yra ma\u017eiau &quot;guminis&quot; palyginti su soj\u0173 produktais. Gaminimo laikas yra trumpesnis, nereikia virti.","twitter:image":"http:\/\/kornita.webfactory.lt\/wp-content\/uploads\/2023\/04\/korni-el-prekyba.png"},"aioseo_meta_data":{"post_id":"16808","title":null,"description":null,"keywords":null,"keyphrases":{"focus":{"keyphrase":"","score":0,"analysis":{"keyphraseInTitle":{"score":0,"maxScore":9,"error":1}}},"additional":[]},"primary_term":null,"canonical_url":null,"og_title":null,"og_description":null,"og_object_type":"default","og_image_type":"default","og_image_url":null,"og_image_width":null,"og_image_height":null,"og_image_custom_url":null,"og_image_custom_fields":null,"og_video":"","og_custom_url":null,"og_article_section":null,"og_article_tags":null,"twitter_use_og":false,"twitter_card":"default","twitter_image_type":"default","twitter_image_url":null,"twitter_image_custom_url":null,"twitter_image_custom_fields":null,"twitter_title":null,"twitter_description":null,"schema":{"blockGraphs":[],"customGraphs":[],"default":{"data":{"Article":[],"Course":[],"Dataset":[],"FAQPage":[],"Movie":[],"Person":[],"Product":[],"ProductReview":[],"Car":[],"Recipe":[],"Service":[],"SoftwareApplication":[],"WebPage":[]},"graphName":"ItemPage","isEnabled":true},"graphs":[]},"schema_type":"default","schema_type_options":null,"pillar_content":false,"robots_default":true,"robots_noindex":false,"robots_noarchive":false,"robots_nosnippet":false,"robots_nofollow":false,"robots_noimageindex":false,"robots_noodp":false,"robots_notranslate":false,"robots_max_snippet":"-1","robots_max_videopreview":"-1","robots_max_imagepreview":"large","priority":null,"frequency":"default","local_seo":null,"seo_analyzer_scan_date":"2025-10-09 01:04:30","breadcrumb_settings":null,"limit_modified_date":false,"open_ai":"{\"title\":{\"suggestions\":[],\"usage\":0},\"description\":{\"suggestions\":[],\"usage\":0}}","ai":null,"created":"2024-02-07 13:23:33","updated":"2025-10-21 23:35:35"},"aioseo_breadcrumb":"<div class=\"aioseo-breadcrumbs\"><span class=\"aioseo-breadcrumb\">\n\t<a href=\"https:\/\/kornita.lt\/en\/\" title=\"Home\">Home<\/a>\n<\/span><span class=\"aioseo-breadcrumb-separator\">&raquo;<\/span><span class=\"aioseo-breadcrumb\">\n\t<a href=\"https:\/\/kornita.lt\/en\/shop-2\/\" title=\"Shop\">Shop<\/a>\n<\/span><span class=\"aioseo-breadcrumb-separator\">&raquo;<\/span><span class=\"aioseo-breadcrumb\">\n\t<a href=\"https:\/\/kornita.lt\/en\/product-category\/akcijos\/\" title=\"AKCIJOS\">AKCIJOS<\/a>\n<\/span><span class=\"aioseo-breadcrumb-separator\">&raquo;<\/span><span class=\"aioseo-breadcrumb\">\n\tAugalini\u0173 baltym\u0173 \u017eirni\u0173 ir pup\u0173 far\u0161as, 100g\n<\/span><\/div>","aioseo_breadcrumb_json":[{"label":"Home","link":"https:\/\/kornita.lt\/en\/"},{"label":"Shop","link":"https:\/\/kornita.lt\/en\/shop-2\/"},{"label":"AKCIJOS","link":"https:\/\/kornita.lt\/en\/product-category\/akcijos\/"},{"label":"Augalini\u0173 baltym\u0173 \u017eirni\u0173 ir pup\u0173 far\u0161as, 100g","link":"https:\/\/kornita.lt\/en\/shop\/akcijos\/augaliniu-baltymu-farsas-100g\/"}],"_links":{"self":[{"href":"https:\/\/kornita.lt\/en\/wp-json\/wp\/v2\/product\/16808","targetHints":{"allow":["GET"]}}],"collection":[{"href":"https:\/\/kornita.lt\/en\/wp-json\/wp\/v2\/product"}],"about":[{"href":"https:\/\/kornita.lt\/en\/wp-json\/wp\/v2\/types\/product"}],"replies":[{"embeddable":true,"href":"https:\/\/kornita.lt\/en\/wp-json\/wp\/v2\/comments?post=16808"}],"version-history":[{"count":2,"href":"https:\/\/kornita.lt\/en\/wp-json\/wp\/v2\/product\/16808\/revisions"}],"predecessor-version":[{"id":25298,"href":"https:\/\/kornita.lt\/en\/wp-json\/wp\/v2\/product\/16808\/revisions\/25298"}],"wp:featuredmedia":[{"embeddable":true,"href":"https:\/\/kornita.lt\/en\/wp-json\/wp\/v2\/media\/16005"}],"wp:attachment":[{"href":"https:\/\/kornita.lt\/en\/wp-json\/wp\/v2\/media?parent=16808"}],"wp:term":[{"taxonomy":"product_brand","embeddable":true,"href":"https:\/\/kornita.lt\/en\/wp-json\/wp\/v2\/product_brand?post=16808"},{"taxonomy":"product_cat","embeddable":true,"href":"https:\/\/kornita.lt\/en\/wp-json\/wp\/v2\/product_cat?post=16808"},{"taxonomy":"product_tag","embeddable":true,"href":"https:\/\/kornita.lt\/en\/wp-json\/wp\/v2\/product_tag?post=16808"}],"curies":[{"name":"wp","href":"https:\/\/api.w.org\/{rel}","templated":true}]}}