{"id":16762,"date":"2024-02-07T13:23:14","date_gmt":"2024-02-07T13:23:14","guid":{"rendered":"https:\/\/kornita.webfactory.lt\/?post_type=product&#038;p=16762"},"modified":"2026-02-24T12:27:12","modified_gmt":"2026-02-24T12:27:12","slug":"tirpus-grietineles-skonio-soju-produktas-500g","status":"publish","type":"product","link":"https:\/\/kornita.lt\/en\/shop\/pieno-pakaitalai\/tirpus-grietineles-skonio-soju-produktas-500g\/","title":{"rendered":"Tirpus grietin\u0117l\u0117s skonio soj\u0173 produktas, 500g"},"content":{"rendered":"<p><em>Tirpus grietin\u0117l\u0117s skonio soj\u0173 produktas<\/em><\/p>\n<p><strong>Sudedamosios dalys<\/strong>: kukur\u016bz\u0173 sirupas, <strong>soj\u0173<\/strong> aliejus, lecitinas, lecitinas, natrio <strong>kazeinatas<\/strong>, emulsiklis E471, stabilizatorius E340, lipnum\u0105 reguliuojanti med\u017eiaga E551, kvapiosios med\u017eiagos, da\u017eiklis E160a, emulsiklis: <strong>soj\u0173<\/strong> lecitinas, nat\u016bralus identi\u0161kas grietin\u0117lei kvapas.<\/p>\n<hr \/>\n<p>2 a.\u0161. soj\u0173 produkto \u012fd\u0117ti \u012f puodel\u012f kar\u0161tos kavos arba arbatos, i\u0161mai\u0161yti.<\/p>\n","protected":false},"excerpt":{"rendered":"<p>Grietin\u0117l\u0117s skonio soj\u0173 produktas yra pagamintas i\u0161 auk\u0161\u010diausios kokyb\u0117s \u017ealiav\u0173. Juo galima pagardinti kav\u0105, arbat\u0105, sriub\u0105, pada\u017e\u0105 ir pan. Sud\u0117tyje n\u0117ra glitimo ir laktoz\u0117s.<\/p>\n","protected":false},"featured_media":15945,"comment_status":"open","ping_status":"closed","template":"","meta":[],"product_brand":[],"product_cat":[55],"product_tag":[56],"class_list":{"0":"post-16762","1":"product","2":"type-product","3":"status-publish","4":"has-post-thumbnail","6":"product_cat-pieno-pakaitalai","7":"product_tag-soju-gerimas","8":"product_shipping_class-pristatymas","10":"first","11":"instock","12":"taxable","13":"shipping-taxable","14":"purchasable","15":"product-type-simple"},"aioseo_notices":[],"aioseo_head":"\n\t\t<!-- All in One SEO Pro 4.9.5.2 - aioseo.com -->\n\t<meta name=\"description\" content=\"Grietin\u0117l\u0117s skonio soj\u0173 produktas yra pagamintas i\u0161 auk\u0161\u010diausios kokyb\u0117s \u017ealiav\u0173. Juo galima pagardinti kav\u0105, arbat\u0105, sriub\u0105, pada\u017e\u0105 ir pan. Sud\u0117tyje n\u0117ra glitimo ir laktoz\u0117s.\" \/>\n\t<meta name=\"robots\" content=\"max-image-preview:large\" \/>\n\t<link rel=\"canonical\" href=\"https:\/\/kornita.lt\/en\/shop\/pieno-pakaitalai\/tirpus-grietineles-skonio-soju-produktas-500g\/\" \/>\n\t<meta name=\"generator\" content=\"All in One SEO Pro (AIOSEO) 4.9.5.2\" \/>\n\t\t<meta property=\"og:locale\" content=\"en_US\" \/>\n\t\t<meta property=\"og:site_name\" content=\"kornita -\" \/>\n\t\t<meta property=\"og:type\" content=\"article\" \/>\n\t\t<meta property=\"og:title\" content=\"Tirpus grietin\u0117l\u0117s skonio soj\u0173 produktas, 500g - kornita\" \/>\n\t\t<meta property=\"og:description\" content=\"Grietin\u0117l\u0117s skonio soj\u0173 produktas yra pagamintas i\u0161 auk\u0161\u010diausios kokyb\u0117s \u017ealiav\u0173. Juo galima pagardinti kav\u0105, arbat\u0105, sriub\u0105, pada\u017e\u0105 ir pan. Sud\u0117tyje n\u0117ra glitimo ir laktoz\u0117s.\" \/>\n\t\t<meta property=\"og:url\" content=\"https:\/\/kornita.lt\/en\/shop\/pieno-pakaitalai\/tirpus-grietineles-skonio-soju-produktas-500g\/\" \/>\n\t\t<meta property=\"og:image\" content=\"https:\/\/kornita.webfactory.lt\/wp-content\/uploads\/2023\/04\/korni-el-prekyba.png\" \/>\n\t\t<meta property=\"og:image:secure_url\" content=\"https:\/\/kornita.webfactory.lt\/wp-content\/uploads\/2023\/04\/korni-el-prekyba.png\" \/>\n\t\t<meta property=\"article:published_time\" content=\"2024-02-07T13:23:14+00:00\" \/>\n\t\t<meta property=\"article:modified_time\" content=\"2026-02-24T12:27:12+00:00\" \/>\n\t\t<meta property=\"article:publisher\" content=\"https:\/\/www.facebook.com\/kornita.lt\" \/>\n\t\t<meta name=\"twitter:card\" content=\"summary_large_image\" \/>\n\t\t<meta name=\"twitter:title\" content=\"Tirpus grietin\u0117l\u0117s skonio soj\u0173 produktas, 500g - kornita\" \/>\n\t\t<meta name=\"twitter:description\" content=\"Grietin\u0117l\u0117s skonio soj\u0173 produktas yra pagamintas i\u0161 auk\u0161\u010diausios kokyb\u0117s \u017ealiav\u0173. Juo galima pagardinti kav\u0105, arbat\u0105, sriub\u0105, pada\u017e\u0105 ir pan. Sud\u0117tyje n\u0117ra glitimo ir laktoz\u0117s.\" \/>\n\t\t<meta name=\"twitter:image\" content=\"http:\/\/kornita.webfactory.lt\/wp-content\/uploads\/2023\/04\/korni-el-prekyba.png\" \/>\n\t\t<script type=\"application\/ld+json\" class=\"aioseo-schema\">\n\t\t\t{\"@context\":\"https:\\\/\\\/schema.org\",\"@graph\":[{\"@type\":\"BreadcrumbList\",\"@id\":\"https:\\\/\\\/kornita.lt\\\/en\\\/shop\\\/pieno-pakaitalai\\\/tirpus-grietineles-skonio-soju-produktas-500g\\\/#breadcrumblist\",\"itemListElement\":[{\"@type\":\"ListItem\",\"@id\":\"https:\\\/\\\/kornita.lt\\\/en\\\/#listItem\",\"position\":1,\"name\":\"Home\",\"item\":\"https:\\\/\\\/kornita.lt\\\/en\\\/\",\"nextItem\":{\"@type\":\"ListItem\",\"@id\":\"https:\\\/\\\/kornita.lt\\\/en\\\/shop-2\\\/#listItem\",\"name\":\"Shop\"}},{\"@type\":\"ListItem\",\"@id\":\"https:\\\/\\\/kornita.lt\\\/en\\\/shop-2\\\/#listItem\",\"position\":2,\"name\":\"Shop\",\"item\":\"https:\\\/\\\/kornita.lt\\\/en\\\/shop-2\\\/\",\"nextItem\":{\"@type\":\"ListItem\",\"@id\":\"https:\\\/\\\/kornita.lt\\\/en\\\/product-category\\\/pieno-pakaitalai\\\/#listItem\",\"name\":\"Pieno pakaitalai\"},\"previousItem\":{\"@type\":\"ListItem\",\"@id\":\"https:\\\/\\\/kornita.lt\\\/en\\\/#listItem\",\"name\":\"Home\"}},{\"@type\":\"ListItem\",\"@id\":\"https:\\\/\\\/kornita.lt\\\/en\\\/product-category\\\/pieno-pakaitalai\\\/#listItem\",\"position\":3,\"name\":\"Pieno pakaitalai\",\"item\":\"https:\\\/\\\/kornita.lt\\\/en\\\/product-category\\\/pieno-pakaitalai\\\/\",\"nextItem\":{\"@type\":\"ListItem\",\"@id\":\"https:\\\/\\\/kornita.lt\\\/en\\\/shop\\\/pieno-pakaitalai\\\/tirpus-grietineles-skonio-soju-produktas-500g\\\/#listItem\",\"name\":\"Tirpus grietin\\u0117l\\u0117s skonio soj\\u0173 produktas, 500g\"},\"previousItem\":{\"@type\":\"ListItem\",\"@id\":\"https:\\\/\\\/kornita.lt\\\/en\\\/shop-2\\\/#listItem\",\"name\":\"Shop\"}},{\"@type\":\"ListItem\",\"@id\":\"https:\\\/\\\/kornita.lt\\\/en\\\/shop\\\/pieno-pakaitalai\\\/tirpus-grietineles-skonio-soju-produktas-500g\\\/#listItem\",\"position\":4,\"name\":\"Tirpus grietin\\u0117l\\u0117s skonio soj\\u0173 produktas, 500g\",\"previousItem\":{\"@type\":\"ListItem\",\"@id\":\"https:\\\/\\\/kornita.lt\\\/en\\\/product-category\\\/pieno-pakaitalai\\\/#listItem\",\"name\":\"Pieno pakaitalai\"}}]},{\"@type\":\"Organization\",\"@id\":\"https:\\\/\\\/kornita.lt\\\/en\\\/#organization\",\"name\":\"kornita\",\"url\":\"https:\\\/\\\/kornita.lt\\\/en\\\/\",\"telephone\":\"+37068581463\",\"logo\":{\"@type\":\"ImageObject\",\"url\":\"http:\\\/\\\/kornita.webfactory.lt\\\/wp-content\\\/uploads\\\/2023\\\/04\\\/korni-el-prekyba.png\",\"@id\":\"https:\\\/\\\/kornita.lt\\\/en\\\/shop\\\/pieno-pakaitalai\\\/tirpus-grietineles-skonio-soju-produktas-500g\\\/#organizationLogo\"},\"image\":{\"@id\":\"https:\\\/\\\/kornita.lt\\\/en\\\/shop\\\/pieno-pakaitalai\\\/tirpus-grietineles-skonio-soju-produktas-500g\\\/#organizationLogo\"},\"sameAs\":[\"https:\\\/\\\/www.facebook.com\\\/kornita.lt\"]},{\"@type\":\"Product\",\"@id\":\"https:\\\/\\\/kornita.lt\\\/en\\\/shop\\\/pieno-pakaitalai\\\/tirpus-grietineles-skonio-soju-produktas-500g\\\/#wooCommerceProduct\",\"name\":\"Tirpus grietin\\u0117l\\u0117s skonio soj\\u0173 produktas, 500g\",\"description\":\"Grietin\\u0117l\\u0117s skonio soj\\u0173 produktas yra pagamintas i\\u0161 auk\\u0161\\u010diausios kokyb\\u0117s \\u017ealiav\\u0173. Juo galima pagardinti kav\\u0105, arbat\\u0105, sriub\\u0105, pada\\u017e\\u0105 ir pan. Sud\\u0117tyje n\\u0117ra glitimo ir laktoz\\u0117s.\",\"url\":\"https:\\\/\\\/kornita.lt\\\/en\\\/shop\\\/pieno-pakaitalai\\\/tirpus-grietineles-skonio-soju-produktas-500g\\\/\",\"sku\":\"4771506000264\",\"image\":{\"@type\":\"ImageObject\",\"url\":\"https:\\\/\\\/kornita.lt\\\/wp-content\\\/uploads\\\/2023\\\/09\\\/tirpus-grietineles-skonio-soju-produktas-500g.png\",\"@id\":\"https:\\\/\\\/kornita.lt\\\/en\\\/shop\\\/pieno-pakaitalai\\\/tirpus-grietineles-skonio-soju-produktas-500g\\\/#productImage\",\"width\":447,\"height\":500},\"offers\":{\"@type\":\"Offer\",\"url\":\"https:\\\/\\\/kornita.lt\\\/en\\\/shop\\\/pieno-pakaitalai\\\/tirpus-grietineles-skonio-soju-produktas-500g\\\/#wooCommerceOffer\",\"price\":7.09,\"priceCurrency\":\"EUR\",\"category\":\"Pieno pakaitalai\",\"availability\":\"https:\\\/\\\/schema.org\\\/InStock\",\"priceSpecification\":{\"@type\":\"PriceSpecification\",\"price\":7.09,\"priceCurrency\":\"EUR\",\"valueAddedTaxIncluded\":\"true\"},\"seller\":{\"@type\":\"Organization\",\"@id\":\"https:\\\/\\\/kornita.lt\\\/en\\\/#organization\"}}},{\"@type\":\"WebPage\",\"@id\":\"https:\\\/\\\/kornita.lt\\\/en\\\/shop\\\/pieno-pakaitalai\\\/tirpus-grietineles-skonio-soju-produktas-500g\\\/#webpage\",\"url\":\"https:\\\/\\\/kornita.lt\\\/en\\\/shop\\\/pieno-pakaitalai\\\/tirpus-grietineles-skonio-soju-produktas-500g\\\/\",\"name\":\"Tirpus grietin\\u0117l\\u0117s skonio soj\\u0173 produktas, 500g - kornita\",\"description\":\"Grietin\\u0117l\\u0117s skonio soj\\u0173 produktas yra pagamintas i\\u0161 auk\\u0161\\u010diausios kokyb\\u0117s \\u017ealiav\\u0173. Juo galima pagardinti kav\\u0105, arbat\\u0105, sriub\\u0105, pada\\u017e\\u0105 ir pan. Sud\\u0117tyje n\\u0117ra glitimo ir laktoz\\u0117s.\",\"inLanguage\":\"en-US\",\"isPartOf\":{\"@id\":\"https:\\\/\\\/kornita.lt\\\/en\\\/#website\"},\"breadcrumb\":{\"@id\":\"https:\\\/\\\/kornita.lt\\\/en\\\/shop\\\/pieno-pakaitalai\\\/tirpus-grietineles-skonio-soju-produktas-500g\\\/#breadcrumblist\"},\"image\":{\"@type\":\"ImageObject\",\"url\":\"https:\\\/\\\/kornita.lt\\\/wp-content\\\/uploads\\\/2023\\\/09\\\/tirpus-grietineles-skonio-soju-produktas-500g.png\",\"@id\":\"https:\\\/\\\/kornita.lt\\\/en\\\/shop\\\/pieno-pakaitalai\\\/tirpus-grietineles-skonio-soju-produktas-500g\\\/#mainImage\",\"width\":447,\"height\":500},\"primaryImageOfPage\":{\"@id\":\"https:\\\/\\\/kornita.lt\\\/en\\\/shop\\\/pieno-pakaitalai\\\/tirpus-grietineles-skonio-soju-produktas-500g\\\/#mainImage\"},\"datePublished\":\"2024-02-07T13:23:14+00:00\",\"dateModified\":\"2026-02-24T12:27:12+00:00\"},{\"@type\":\"WebSite\",\"@id\":\"https:\\\/\\\/kornita.lt\\\/en\\\/#website\",\"url\":\"https:\\\/\\\/kornita.lt\\\/en\\\/\",\"name\":\"kornita\",\"inLanguage\":\"en-US\",\"publisher\":{\"@id\":\"https:\\\/\\\/kornita.lt\\\/en\\\/#organization\"}}]}\n\t\t<\/script>\n\t\t<!-- All in One SEO Pro -->\r\n\t\t<title>Tirpus grietin\u0117l\u0117s skonio soj\u0173 produktas, 500g - kornita<\/title>\n\n","aioseo_head_json":{"title":"Tirpus grietin\u0117l\u0117s skonio soj\u0173 produktas, 500g - kornita","description":"Grietin\u0117l\u0117s skonio soj\u0173 produktas yra pagamintas i\u0161 auk\u0161\u010diausios kokyb\u0117s \u017ealiav\u0173. Juo galima pagardinti kav\u0105, arbat\u0105, sriub\u0105, pada\u017e\u0105 ir pan. Sud\u0117tyje n\u0117ra glitimo ir laktoz\u0117s.","canonical_url":"https:\/\/kornita.lt\/en\/shop\/pieno-pakaitalai\/tirpus-grietineles-skonio-soju-produktas-500g\/","robots":"max-image-preview:large","keywords":"","webmasterTools":{"miscellaneous":""},"schema":{"@context":"https:\/\/schema.org","@graph":[{"@type":"BreadcrumbList","@id":"https:\/\/kornita.lt\/en\/shop\/pieno-pakaitalai\/tirpus-grietineles-skonio-soju-produktas-500g\/#breadcrumblist","itemListElement":[{"@type":"ListItem","@id":"https:\/\/kornita.lt\/en\/#listItem","position":1,"name":"Home","item":"https:\/\/kornita.lt\/en\/","nextItem":{"@type":"ListItem","@id":"https:\/\/kornita.lt\/en\/shop-2\/#listItem","name":"Shop"}},{"@type":"ListItem","@id":"https:\/\/kornita.lt\/en\/shop-2\/#listItem","position":2,"name":"Shop","item":"https:\/\/kornita.lt\/en\/shop-2\/","nextItem":{"@type":"ListItem","@id":"https:\/\/kornita.lt\/en\/product-category\/pieno-pakaitalai\/#listItem","name":"Pieno pakaitalai"},"previousItem":{"@type":"ListItem","@id":"https:\/\/kornita.lt\/en\/#listItem","name":"Home"}},{"@type":"ListItem","@id":"https:\/\/kornita.lt\/en\/product-category\/pieno-pakaitalai\/#listItem","position":3,"name":"Pieno pakaitalai","item":"https:\/\/kornita.lt\/en\/product-category\/pieno-pakaitalai\/","nextItem":{"@type":"ListItem","@id":"https:\/\/kornita.lt\/en\/shop\/pieno-pakaitalai\/tirpus-grietineles-skonio-soju-produktas-500g\/#listItem","name":"Tirpus grietin\u0117l\u0117s skonio soj\u0173 produktas, 500g"},"previousItem":{"@type":"ListItem","@id":"https:\/\/kornita.lt\/en\/shop-2\/#listItem","name":"Shop"}},{"@type":"ListItem","@id":"https:\/\/kornita.lt\/en\/shop\/pieno-pakaitalai\/tirpus-grietineles-skonio-soju-produktas-500g\/#listItem","position":4,"name":"Tirpus grietin\u0117l\u0117s skonio soj\u0173 produktas, 500g","previousItem":{"@type":"ListItem","@id":"https:\/\/kornita.lt\/en\/product-category\/pieno-pakaitalai\/#listItem","name":"Pieno pakaitalai"}}]},{"@type":"Organization","@id":"https:\/\/kornita.lt\/en\/#organization","name":"kornita","url":"https:\/\/kornita.lt\/en\/","telephone":"+37068581463","logo":{"@type":"ImageObject","url":"http:\/\/kornita.webfactory.lt\/wp-content\/uploads\/2023\/04\/korni-el-prekyba.png","@id":"https:\/\/kornita.lt\/en\/shop\/pieno-pakaitalai\/tirpus-grietineles-skonio-soju-produktas-500g\/#organizationLogo"},"image":{"@id":"https:\/\/kornita.lt\/en\/shop\/pieno-pakaitalai\/tirpus-grietineles-skonio-soju-produktas-500g\/#organizationLogo"},"sameAs":["https:\/\/www.facebook.com\/kornita.lt"]},{"@type":"Product","@id":"https:\/\/kornita.lt\/en\/shop\/pieno-pakaitalai\/tirpus-grietineles-skonio-soju-produktas-500g\/#wooCommerceProduct","name":"Tirpus grietin\u0117l\u0117s skonio soj\u0173 produktas, 500g","description":"Grietin\u0117l\u0117s skonio soj\u0173 produktas yra pagamintas i\u0161 auk\u0161\u010diausios kokyb\u0117s \u017ealiav\u0173. Juo galima pagardinti kav\u0105, arbat\u0105, sriub\u0105, pada\u017e\u0105 ir pan. Sud\u0117tyje n\u0117ra glitimo ir laktoz\u0117s.","url":"https:\/\/kornita.lt\/en\/shop\/pieno-pakaitalai\/tirpus-grietineles-skonio-soju-produktas-500g\/","sku":"4771506000264","image":{"@type":"ImageObject","url":"https:\/\/kornita.lt\/wp-content\/uploads\/2023\/09\/tirpus-grietineles-skonio-soju-produktas-500g.png","@id":"https:\/\/kornita.lt\/en\/shop\/pieno-pakaitalai\/tirpus-grietineles-skonio-soju-produktas-500g\/#productImage","width":447,"height":500},"offers":{"@type":"Offer","url":"https:\/\/kornita.lt\/en\/shop\/pieno-pakaitalai\/tirpus-grietineles-skonio-soju-produktas-500g\/#wooCommerceOffer","price":7.09,"priceCurrency":"EUR","category":"Pieno pakaitalai","availability":"https:\/\/schema.org\/InStock","priceSpecification":{"@type":"PriceSpecification","price":7.09,"priceCurrency":"EUR","valueAddedTaxIncluded":"true"},"seller":{"@type":"Organization","@id":"https:\/\/kornita.lt\/en\/#organization"}}},{"@type":"WebPage","@id":"https:\/\/kornita.lt\/en\/shop\/pieno-pakaitalai\/tirpus-grietineles-skonio-soju-produktas-500g\/#webpage","url":"https:\/\/kornita.lt\/en\/shop\/pieno-pakaitalai\/tirpus-grietineles-skonio-soju-produktas-500g\/","name":"Tirpus grietin\u0117l\u0117s skonio soj\u0173 produktas, 500g - kornita","description":"Grietin\u0117l\u0117s skonio soj\u0173 produktas yra pagamintas i\u0161 auk\u0161\u010diausios kokyb\u0117s \u017ealiav\u0173. Juo galima pagardinti kav\u0105, arbat\u0105, sriub\u0105, pada\u017e\u0105 ir pan. Sud\u0117tyje n\u0117ra glitimo ir laktoz\u0117s.","inLanguage":"en-US","isPartOf":{"@id":"https:\/\/kornita.lt\/en\/#website"},"breadcrumb":{"@id":"https:\/\/kornita.lt\/en\/shop\/pieno-pakaitalai\/tirpus-grietineles-skonio-soju-produktas-500g\/#breadcrumblist"},"image":{"@type":"ImageObject","url":"https:\/\/kornita.lt\/wp-content\/uploads\/2023\/09\/tirpus-grietineles-skonio-soju-produktas-500g.png","@id":"https:\/\/kornita.lt\/en\/shop\/pieno-pakaitalai\/tirpus-grietineles-skonio-soju-produktas-500g\/#mainImage","width":447,"height":500},"primaryImageOfPage":{"@id":"https:\/\/kornita.lt\/en\/shop\/pieno-pakaitalai\/tirpus-grietineles-skonio-soju-produktas-500g\/#mainImage"},"datePublished":"2024-02-07T13:23:14+00:00","dateModified":"2026-02-24T12:27:12+00:00"},{"@type":"WebSite","@id":"https:\/\/kornita.lt\/en\/#website","url":"https:\/\/kornita.lt\/en\/","name":"kornita","inLanguage":"en-US","publisher":{"@id":"https:\/\/kornita.lt\/en\/#organization"}}]},"og:locale":"en_US","og:site_name":"kornita -","og:type":"article","og:title":"Tirpus grietin\u0117l\u0117s skonio soj\u0173 produktas, 500g - kornita","og:description":"Grietin\u0117l\u0117s skonio soj\u0173 produktas yra pagamintas i\u0161 auk\u0161\u010diausios kokyb\u0117s \u017ealiav\u0173. Juo galima pagardinti kav\u0105, arbat\u0105, sriub\u0105, pada\u017e\u0105 ir pan. Sud\u0117tyje n\u0117ra glitimo ir laktoz\u0117s.","og:url":"https:\/\/kornita.lt\/en\/shop\/pieno-pakaitalai\/tirpus-grietineles-skonio-soju-produktas-500g\/","og:image":"https:\/\/kornita.webfactory.lt\/wp-content\/uploads\/2023\/04\/korni-el-prekyba.png","og:image:secure_url":"https:\/\/kornita.webfactory.lt\/wp-content\/uploads\/2023\/04\/korni-el-prekyba.png","article:published_time":"2024-02-07T13:23:14+00:00","article:modified_time":"2026-02-24T12:27:12+00:00","article:publisher":"https:\/\/www.facebook.com\/kornita.lt","twitter:card":"summary_large_image","twitter:title":"Tirpus grietin\u0117l\u0117s skonio soj\u0173 produktas, 500g - kornita","twitter:description":"Grietin\u0117l\u0117s skonio soj\u0173 produktas yra pagamintas i\u0161 auk\u0161\u010diausios kokyb\u0117s \u017ealiav\u0173. Juo galima pagardinti kav\u0105, arbat\u0105, sriub\u0105, pada\u017e\u0105 ir pan. Sud\u0117tyje n\u0117ra glitimo ir laktoz\u0117s.","twitter:image":"http:\/\/kornita.webfactory.lt\/wp-content\/uploads\/2023\/04\/korni-el-prekyba.png"},"aioseo_meta_data":{"post_id":"16762","title":"#post_title #separator_sa #site_title","description":"#post_excerpt","keywords":null,"keyphrases":null,"primary_term":null,"canonical_url":null,"og_title":null,"og_description":null,"og_object_type":"default","og_image_type":"default","og_image_url":null,"og_image_width":null,"og_image_height":null,"og_image_custom_url":null,"og_image_custom_fields":null,"og_video":null,"og_custom_url":null,"og_article_section":null,"og_article_tags":null,"twitter_use_og":false,"twitter_card":"default","twitter_image_type":"default","twitter_image_url":null,"twitter_image_custom_url":null,"twitter_image_custom_fields":null,"twitter_title":null,"twitter_description":null,"schema":{"blockGraphs":[],"customGraphs":[],"default":{"data":{"Article":[],"Course":[],"Dataset":[],"FAQPage":[],"Movie":[],"Person":[],"Product":[],"ProductReview":[],"Car":[],"Recipe":[],"Service":[],"SoftwareApplication":[],"WebPage":[]},"graphName":"","isEnabled":true},"graphs":[]},"schema_type":"default","schema_type_options":null,"pillar_content":false,"robots_default":true,"robots_noindex":false,"robots_noarchive":false,"robots_nosnippet":false,"robots_nofollow":false,"robots_noimageindex":false,"robots_noodp":false,"robots_notranslate":false,"robots_max_snippet":null,"robots_max_videopreview":null,"robots_max_imagepreview":"large","priority":null,"frequency":null,"local_seo":null,"seo_analyzer_scan_date":"2026-02-24 13:54:31","breadcrumb_settings":null,"limit_modified_date":false,"open_ai":null,"ai":null,"created":"2024-02-07 13:23:22","updated":"2026-02-24 13:54:31"},"aioseo_breadcrumb":"<div class=\"aioseo-breadcrumbs\"><span class=\"aioseo-breadcrumb\">\n\t<a href=\"https:\/\/kornita.lt\/en\/\" title=\"Home\">Home<\/a>\n<\/span><span class=\"aioseo-breadcrumb-separator\">&raquo;<\/span><span class=\"aioseo-breadcrumb\">\n\t<a href=\"https:\/\/kornita.lt\/en\/shop-2\/\" title=\"Shop\">Shop<\/a>\n<\/span><span class=\"aioseo-breadcrumb-separator\">&raquo;<\/span><span class=\"aioseo-breadcrumb\">\n\t<a href=\"https:\/\/kornita.lt\/en\/product-category\/pieno-pakaitalai\/\" title=\"Pieno pakaitalai\">Pieno pakaitalai<\/a>\n<\/span><span class=\"aioseo-breadcrumb-separator\">&raquo;<\/span><span class=\"aioseo-breadcrumb\">\n\tTirpus grietin\u0117l\u0117s skonio soj\u0173 produktas, 500g\n<\/span><\/div>","aioseo_breadcrumb_json":[{"label":"Home","link":"https:\/\/kornita.lt\/en\/"},{"label":"Shop","link":"https:\/\/kornita.lt\/en\/shop-2\/"},{"label":"Pieno pakaitalai","link":"https:\/\/kornita.lt\/en\/product-category\/pieno-pakaitalai\/"},{"label":"Tirpus grietin\u0117l\u0117s skonio soj\u0173 produktas, 500g","link":"https:\/\/kornita.lt\/en\/shop\/pieno-pakaitalai\/tirpus-grietineles-skonio-soju-produktas-500g\/"}],"_links":{"self":[{"href":"https:\/\/kornita.lt\/en\/wp-json\/wp\/v2\/product\/16762","targetHints":{"allow":["GET"]}}],"collection":[{"href":"https:\/\/kornita.lt\/en\/wp-json\/wp\/v2\/product"}],"about":[{"href":"https:\/\/kornita.lt\/en\/wp-json\/wp\/v2\/types\/product"}],"replies":[{"embeddable":true,"href":"https:\/\/kornita.lt\/en\/wp-json\/wp\/v2\/comments?post=16762"}],"version-history":[{"count":1,"href":"https:\/\/kornita.lt\/en\/wp-json\/wp\/v2\/product\/16762\/revisions"}],"predecessor-version":[{"id":25093,"href":"https:\/\/kornita.lt\/en\/wp-json\/wp\/v2\/product\/16762\/revisions\/25093"}],"wp:featuredmedia":[{"embeddable":true,"href":"https:\/\/kornita.lt\/en\/wp-json\/wp\/v2\/media\/15945"}],"wp:attachment":[{"href":"https:\/\/kornita.lt\/en\/wp-json\/wp\/v2\/media?parent=16762"}],"wp:term":[{"taxonomy":"product_brand","embeddable":true,"href":"https:\/\/kornita.lt\/en\/wp-json\/wp\/v2\/product_brand?post=16762"},{"taxonomy":"product_cat","embeddable":true,"href":"https:\/\/kornita.lt\/en\/wp-json\/wp\/v2\/product_cat?post=16762"},{"taxonomy":"product_tag","embeddable":true,"href":"https:\/\/kornita.lt\/en\/wp-json\/wp\/v2\/product_tag?post=16762"}],"curies":[{"name":"wp","href":"https:\/\/api.w.org\/{rel}","templated":true}]}}