{"id":16754,"date":"2024-02-07T13:23:13","date_gmt":"2024-02-07T13:23:13","guid":{"rendered":"https:\/\/kornita.webfactory.lt\/?post_type=product&#038;p=16754"},"modified":"2025-05-19T08:51:59","modified_gmt":"2025-05-19T08:51:59","slug":"traskus-javainiai-granola-su-vaisiais-500g","status":"publish","type":"product","link":"https:\/\/kornita.lt\/en\/shop\/sausi-pusryciai\/traskus-javainiai-granola-su-vaisiais-500g\/","title":{"rendered":"Tra\u0161k\u016bs javainiai Granola su vaisiais, 500g"},"content":{"rendered":"<p><strong>Sudedamosios dalys<\/strong>:\u00a0<strong>avi\u017e\u0173<\/strong>\u00a0dribsniai 24,3%, ekstruduoti gr\u016bdai 20,5% (viso gr\u016bdo\u00a0<strong>avi\u017einiai<\/strong>\u00a0miltai,\u00a0<strong>kvietiniai\u00a0<\/strong>miltai, cukrus, kukur\u016bz\u0173 krakmolas, valgomoji druska, kukur\u016bz\u0173 kruopos, ry\u017ei\u0173 miltai,\u00a0<strong>mie\u017ei\u0173\u00a0<\/strong>salyklo ekstraktas), d\u017eiovint\u0173 ir cukruot\u0173 vaisi\u0173 mi\u0161inys 20,5% (razinos, spanguol\u0117s (spanguol\u0117s, cukrus, saul\u0117gr\u0105\u017e\u0173 aliejus), bananai (bananai, cukrus, kokos\u0173 aliejus), dygliuotojo o\u017eer\u0161kio (goji)\u00a0uogos (dygliuotojo o\u017eer\u0161kio uogos, konservantas: <strong>sieros dioksidas<\/strong>), m\u0117lyn\u0117s (m\u0117lyn\u0117s, cukrus, fruktoz\u0117s sirupas, saul\u0117gr\u0105\u017e\u0173 aliejus)), palmi\u0173 aliejus, gliukoz\u0117s-fruktoz\u0117s sirupas, gliukoz\u0117s sirupas, cukrus, kokos\u0173 gabaliukai 3%, <strong>avi\u017e\u0173<\/strong>\u00a0s\u0117lenos, valgomoji druska, kvapioji med\u017eiaga, augalinis ekstraktas (raudon\u0117lis).<\/p>\n<p><strong>Produkto sud<\/strong><strong>\u0117tyje gali b\u016bti \u017eem\u0117s rie\u0161ut\u0173, pieno ir pieno produkt\u0173, rie\u0161ut\u0173 ir sezamo p\u0117dsak\u0173. <\/strong><\/p>\n","protected":false},"excerpt":{"rendered":"<p>Sudedamosios dalys:\u00a0avi\u017e\u0173\u00a0dribsniai 24,3%, ekstruduoti gr\u016bdai 20,5% (viso gr\u016bdo\u00a0avi\u017einiai\u00a0miltai,\u00a0kvietiniai\u00a0miltai, cukrus, kukur\u016bz\u0173 krakmolas, valgomoji druska, kukur\u016bz\u0173 kruopos, ry\u017ei\u0173 miltai,\u00a0mie\u017ei\u0173\u00a0salyklo ekstraktas), d\u017eiovint\u0173 ir<\/p>\n","protected":false},"featured_media":24926,"comment_status":"open","ping_status":"closed","template":"","meta":[],"product_brand":[],"product_cat":[19],"product_tag":[],"class_list":{"0":"post-16754","1":"product","2":"type-product","3":"status-publish","4":"has-post-thumbnail","6":"product_cat-sausi-pusryciai","7":"product_shipping_class-pristatymas","9":"first","10":"instock","11":"taxable","12":"shipping-taxable","13":"purchasable","14":"product-type-simple"},"aioseo_notices":[],"aioseo_head":"\n\t\t<!-- All in One SEO Pro 4.9.5.2 - aioseo.com -->\n\t<meta name=\"description\" content=\"Sudedamosios dalys: avi\u017e\u0173 dribsniai 24,3%, ekstruduoti gr\u016bdai 20,5% (viso gr\u016bdo avi\u017einiai miltai, kvietiniai miltai, cukrus, kukur\u016bz\u0173 krakmolas, valgomoji druska, kukur\u016bz\u0173 kruopos, ry\u017ei\u0173 miltai, mie\u017ei\u0173 salyklo ekstraktas), d\u017eiovint\u0173 ir cukruot\u0173 vaisi\u0173 mi\u0161inys 20,5% (razinos, spanguol\u0117s (spanguol\u0117s, cukrus, saul\u0117gr\u0105\u017e\u0173 aliejus), bananai (bananai, cukrus, kokos\u0173 aliejus), dygliuotojo o\u017eer\u0161kio (goji) uogos (dygliuotojo o\u017eer\u0161kio uogos, konservantas: sieros dioksidas), m\u0117lyn\u0117s (m\u0117lyn\u0117s, cukrus, fruktoz\u0117s sirupas, saul\u0117gr\u0105\u017e\u0173 aliejus)), palmi\u0173 aliejus, gliukoz\u0117s-fruktoz\u0117s sirupas,\" \/>\n\t<meta name=\"robots\" content=\"max-image-preview:large\" \/>\n\t<link rel=\"canonical\" href=\"https:\/\/kornita.lt\/en\/shop\/sausi-pusryciai\/traskus-javainiai-granola-su-vaisiais-500g\/\" \/>\n\t<meta name=\"generator\" content=\"All in One SEO Pro (AIOSEO) 4.9.5.2\" \/>\n\t\t<meta property=\"og:locale\" content=\"en_US\" \/>\n\t\t<meta property=\"og:site_name\" content=\"kornita -\" \/>\n\t\t<meta property=\"og:type\" content=\"article\" \/>\n\t\t<meta property=\"og:title\" content=\"Tra\u0161k\u016bs javainiai Granola su vaisiais, 500g - kornita\" \/>\n\t\t<meta property=\"og:description\" content=\"Sudedamosios dalys: avi\u017e\u0173 dribsniai 24,3%, ekstruduoti gr\u016bdai 20,5% (viso gr\u016bdo avi\u017einiai miltai, kvietiniai miltai, cukrus, kukur\u016bz\u0173 krakmolas, valgomoji druska, kukur\u016bz\u0173 kruopos, ry\u017ei\u0173 miltai, mie\u017ei\u0173 salyklo ekstraktas), d\u017eiovint\u0173 ir cukruot\u0173 vaisi\u0173 mi\u0161inys 20,5% (razinos, spanguol\u0117s (spanguol\u0117s, cukrus, saul\u0117gr\u0105\u017e\u0173 aliejus), bananai (bananai, cukrus, kokos\u0173 aliejus), dygliuotojo o\u017eer\u0161kio (goji) uogos (dygliuotojo o\u017eer\u0161kio uogos, konservantas: sieros dioksidas), m\u0117lyn\u0117s (m\u0117lyn\u0117s, cukrus, fruktoz\u0117s sirupas, saul\u0117gr\u0105\u017e\u0173 aliejus)), palmi\u0173 aliejus, gliukoz\u0117s-fruktoz\u0117s sirupas,\" \/>\n\t\t<meta property=\"og:url\" content=\"https:\/\/kornita.lt\/en\/shop\/sausi-pusryciai\/traskus-javainiai-granola-su-vaisiais-500g\/\" \/>\n\t\t<meta property=\"og:image\" content=\"https:\/\/kornita.webfactory.lt\/wp-content\/uploads\/2023\/04\/korni-el-prekyba.png\" \/>\n\t\t<meta property=\"og:image:secure_url\" content=\"https:\/\/kornita.webfactory.lt\/wp-content\/uploads\/2023\/04\/korni-el-prekyba.png\" \/>\n\t\t<meta property=\"article:published_time\" content=\"2024-02-07T13:23:13+00:00\" \/>\n\t\t<meta property=\"article:modified_time\" content=\"2025-05-19T08:51:59+00:00\" \/>\n\t\t<meta property=\"article:publisher\" content=\"https:\/\/www.facebook.com\/kornita.lt\" \/>\n\t\t<meta name=\"twitter:card\" content=\"summary_large_image\" \/>\n\t\t<meta name=\"twitter:title\" content=\"Tra\u0161k\u016bs javainiai Granola su vaisiais, 500g - kornita\" \/>\n\t\t<meta name=\"twitter:description\" content=\"Sudedamosios dalys: avi\u017e\u0173 dribsniai 24,3%, ekstruduoti gr\u016bdai 20,5% (viso gr\u016bdo avi\u017einiai miltai, kvietiniai miltai, cukrus, kukur\u016bz\u0173 krakmolas, valgomoji druska, kukur\u016bz\u0173 kruopos, ry\u017ei\u0173 miltai, mie\u017ei\u0173 salyklo ekstraktas), d\u017eiovint\u0173 ir cukruot\u0173 vaisi\u0173 mi\u0161inys 20,5% (razinos, spanguol\u0117s (spanguol\u0117s, cukrus, saul\u0117gr\u0105\u017e\u0173 aliejus), bananai (bananai, cukrus, kokos\u0173 aliejus), dygliuotojo o\u017eer\u0161kio (goji) uogos (dygliuotojo o\u017eer\u0161kio uogos, konservantas: sieros dioksidas), m\u0117lyn\u0117s (m\u0117lyn\u0117s, cukrus, fruktoz\u0117s sirupas, saul\u0117gr\u0105\u017e\u0173 aliejus)), palmi\u0173 aliejus, gliukoz\u0117s-fruktoz\u0117s sirupas,\" \/>\n\t\t<meta name=\"twitter:image\" content=\"http:\/\/kornita.webfactory.lt\/wp-content\/uploads\/2023\/04\/korni-el-prekyba.png\" \/>\n\t\t<script type=\"application\/ld+json\" class=\"aioseo-schema\">\n\t\t\t{\"@context\":\"https:\\\/\\\/schema.org\",\"@graph\":[{\"@type\":\"BreadcrumbList\",\"@id\":\"https:\\\/\\\/kornita.lt\\\/en\\\/shop\\\/sausi-pusryciai\\\/traskus-javainiai-granola-su-vaisiais-500g\\\/#breadcrumblist\",\"itemListElement\":[{\"@type\":\"ListItem\",\"@id\":\"https:\\\/\\\/kornita.lt\\\/en\\\/#listItem\",\"position\":1,\"name\":\"Home\",\"item\":\"https:\\\/\\\/kornita.lt\\\/en\\\/\",\"nextItem\":{\"@type\":\"ListItem\",\"@id\":\"https:\\\/\\\/kornita.lt\\\/en\\\/shop-2\\\/#listItem\",\"name\":\"Shop\"}},{\"@type\":\"ListItem\",\"@id\":\"https:\\\/\\\/kornita.lt\\\/en\\\/shop-2\\\/#listItem\",\"position\":2,\"name\":\"Shop\",\"item\":\"https:\\\/\\\/kornita.lt\\\/en\\\/shop-2\\\/\",\"nextItem\":{\"@type\":\"ListItem\",\"@id\":\"https:\\\/\\\/kornita.lt\\\/en\\\/product-category\\\/sausi-pusryciai\\\/#listItem\",\"name\":\"Sausi pusry\\u010diai\"},\"previousItem\":{\"@type\":\"ListItem\",\"@id\":\"https:\\\/\\\/kornita.lt\\\/en\\\/#listItem\",\"name\":\"Home\"}},{\"@type\":\"ListItem\",\"@id\":\"https:\\\/\\\/kornita.lt\\\/en\\\/product-category\\\/sausi-pusryciai\\\/#listItem\",\"position\":3,\"name\":\"Sausi pusry\\u010diai\",\"item\":\"https:\\\/\\\/kornita.lt\\\/en\\\/product-category\\\/sausi-pusryciai\\\/\",\"nextItem\":{\"@type\":\"ListItem\",\"@id\":\"https:\\\/\\\/kornita.lt\\\/en\\\/shop\\\/sausi-pusryciai\\\/traskus-javainiai-granola-su-vaisiais-500g\\\/#listItem\",\"name\":\"Tra\\u0161k\\u016bs javainiai Granola su vaisiais, 500g\"},\"previousItem\":{\"@type\":\"ListItem\",\"@id\":\"https:\\\/\\\/kornita.lt\\\/en\\\/shop-2\\\/#listItem\",\"name\":\"Shop\"}},{\"@type\":\"ListItem\",\"@id\":\"https:\\\/\\\/kornita.lt\\\/en\\\/shop\\\/sausi-pusryciai\\\/traskus-javainiai-granola-su-vaisiais-500g\\\/#listItem\",\"position\":4,\"name\":\"Tra\\u0161k\\u016bs javainiai Granola su vaisiais, 500g\",\"previousItem\":{\"@type\":\"ListItem\",\"@id\":\"https:\\\/\\\/kornita.lt\\\/en\\\/product-category\\\/sausi-pusryciai\\\/#listItem\",\"name\":\"Sausi pusry\\u010diai\"}}]},{\"@type\":\"Organization\",\"@id\":\"https:\\\/\\\/kornita.lt\\\/en\\\/#organization\",\"name\":\"kornita\",\"url\":\"https:\\\/\\\/kornita.lt\\\/en\\\/\",\"telephone\":\"+37068581463\",\"logo\":{\"@type\":\"ImageObject\",\"url\":\"http:\\\/\\\/kornita.webfactory.lt\\\/wp-content\\\/uploads\\\/2023\\\/04\\\/korni-el-prekyba.png\",\"@id\":\"https:\\\/\\\/kornita.lt\\\/en\\\/shop\\\/sausi-pusryciai\\\/traskus-javainiai-granola-su-vaisiais-500g\\\/#organizationLogo\"},\"image\":{\"@id\":\"https:\\\/\\\/kornita.lt\\\/en\\\/shop\\\/sausi-pusryciai\\\/traskus-javainiai-granola-su-vaisiais-500g\\\/#organizationLogo\"},\"sameAs\":[\"https:\\\/\\\/www.facebook.com\\\/kornita.lt\"]},{\"@type\":\"Product\",\"@id\":\"https:\\\/\\\/kornita.lt\\\/en\\\/shop\\\/sausi-pusryciai\\\/traskus-javainiai-granola-su-vaisiais-500g\\\/#wooCommerceProduct\",\"name\":\"Tra\\u0161k\\u016bs javainiai Granola su vaisiais, 500g\",\"url\":\"https:\\\/\\\/kornita.lt\\\/en\\\/shop\\\/sausi-pusryciai\\\/traskus-javainiai-granola-su-vaisiais-500g\\\/\",\"sku\":\"8595564510536\",\"image\":{\"@type\":\"ImageObject\",\"url\":\"https:\\\/\\\/kornita.lt\\\/wp-content\\\/uploads\\\/2024\\\/02\\\/B5492.jpg\",\"@id\":\"https:\\\/\\\/kornita.lt\\\/en\\\/shop\\\/sausi-pusryciai\\\/traskus-javainiai-granola-su-vaisiais-500g\\\/#productImage\",\"width\":400,\"height\":400},\"offers\":{\"@type\":\"Offer\",\"url\":\"https:\\\/\\\/kornita.lt\\\/en\\\/shop\\\/sausi-pusryciai\\\/traskus-javainiai-granola-su-vaisiais-500g\\\/#wooCommerceOffer\",\"price\":3.99,\"priceCurrency\":\"EUR\",\"category\":\"Sausi pusry\\u010diai\",\"availability\":\"https:\\\/\\\/schema.org\\\/InStock\",\"priceSpecification\":{\"@type\":\"PriceSpecification\",\"price\":3.99,\"priceCurrency\":\"EUR\",\"valueAddedTaxIncluded\":\"true\"},\"seller\":{\"@type\":\"Organization\",\"@id\":\"https:\\\/\\\/kornita.lt\\\/en\\\/#organization\"}}},{\"@type\":\"WebPage\",\"@id\":\"https:\\\/\\\/kornita.lt\\\/en\\\/shop\\\/sausi-pusryciai\\\/traskus-javainiai-granola-su-vaisiais-500g\\\/#webpage\",\"url\":\"https:\\\/\\\/kornita.lt\\\/en\\\/shop\\\/sausi-pusryciai\\\/traskus-javainiai-granola-su-vaisiais-500g\\\/\",\"name\":\"Tra\\u0161k\\u016bs javainiai Granola su vaisiais, 500g - kornita\",\"description\":\"Sudedamosios dalys: avi\\u017e\\u0173 dribsniai 24,3%, ekstruduoti gr\\u016bdai 20,5% (viso gr\\u016bdo avi\\u017einiai miltai, kvietiniai miltai, cukrus, kukur\\u016bz\\u0173 krakmolas, valgomoji druska, kukur\\u016bz\\u0173 kruopos, ry\\u017ei\\u0173 miltai, mie\\u017ei\\u0173 salyklo ekstraktas), d\\u017eiovint\\u0173 ir cukruot\\u0173 vaisi\\u0173 mi\\u0161inys 20,5% (razinos, spanguol\\u0117s (spanguol\\u0117s, cukrus, saul\\u0117gr\\u0105\\u017e\\u0173 aliejus), bananai (bananai, cukrus, kokos\\u0173 aliejus), dygliuotojo o\\u017eer\\u0161kio (goji) uogos (dygliuotojo o\\u017eer\\u0161kio uogos, konservantas: sieros dioksidas), m\\u0117lyn\\u0117s (m\\u0117lyn\\u0117s, cukrus, fruktoz\\u0117s sirupas, saul\\u0117gr\\u0105\\u017e\\u0173 aliejus)), palmi\\u0173 aliejus, gliukoz\\u0117s-fruktoz\\u0117s sirupas,\",\"inLanguage\":\"en-US\",\"isPartOf\":{\"@id\":\"https:\\\/\\\/kornita.lt\\\/en\\\/#website\"},\"breadcrumb\":{\"@id\":\"https:\\\/\\\/kornita.lt\\\/en\\\/shop\\\/sausi-pusryciai\\\/traskus-javainiai-granola-su-vaisiais-500g\\\/#breadcrumblist\"},\"image\":{\"@type\":\"ImageObject\",\"url\":\"https:\\\/\\\/kornita.lt\\\/wp-content\\\/uploads\\\/2024\\\/02\\\/B5492.jpg\",\"@id\":\"https:\\\/\\\/kornita.lt\\\/en\\\/shop\\\/sausi-pusryciai\\\/traskus-javainiai-granola-su-vaisiais-500g\\\/#mainImage\",\"width\":400,\"height\":400},\"primaryImageOfPage\":{\"@id\":\"https:\\\/\\\/kornita.lt\\\/en\\\/shop\\\/sausi-pusryciai\\\/traskus-javainiai-granola-su-vaisiais-500g\\\/#mainImage\"},\"datePublished\":\"2024-02-07T13:23:13+00:00\",\"dateModified\":\"2025-05-19T08:51:59+00:00\"},{\"@type\":\"WebSite\",\"@id\":\"https:\\\/\\\/kornita.lt\\\/en\\\/#website\",\"url\":\"https:\\\/\\\/kornita.lt\\\/en\\\/\",\"name\":\"kornita\",\"inLanguage\":\"en-US\",\"publisher\":{\"@id\":\"https:\\\/\\\/kornita.lt\\\/en\\\/#organization\"}}]}\n\t\t<\/script>\n\t\t<!-- All in One SEO Pro -->\r\n\t\t<title>Tra\u0161k\u016bs javainiai Granola su vaisiais, 500g - kornita<\/title>\n\n","aioseo_head_json":{"title":"Tra\u0161k\u016bs javainiai Granola su vaisiais, 500g - kornita","description":"Sudedamosios dalys: avi\u017e\u0173 dribsniai 24,3%, ekstruduoti gr\u016bdai 20,5% (viso gr\u016bdo avi\u017einiai miltai, kvietiniai miltai, cukrus, kukur\u016bz\u0173 krakmolas, valgomoji druska, kukur\u016bz\u0173 kruopos, ry\u017ei\u0173 miltai, mie\u017ei\u0173 salyklo ekstraktas), d\u017eiovint\u0173 ir cukruot\u0173 vaisi\u0173 mi\u0161inys 20,5% (razinos, spanguol\u0117s (spanguol\u0117s, cukrus, saul\u0117gr\u0105\u017e\u0173 aliejus), bananai (bananai, cukrus, kokos\u0173 aliejus), dygliuotojo o\u017eer\u0161kio (goji) uogos (dygliuotojo o\u017eer\u0161kio uogos, konservantas: sieros dioksidas), m\u0117lyn\u0117s (m\u0117lyn\u0117s, cukrus, fruktoz\u0117s sirupas, saul\u0117gr\u0105\u017e\u0173 aliejus)), palmi\u0173 aliejus, gliukoz\u0117s-fruktoz\u0117s sirupas,","canonical_url":"https:\/\/kornita.lt\/en\/shop\/sausi-pusryciai\/traskus-javainiai-granola-su-vaisiais-500g\/","robots":"max-image-preview:large","keywords":"","webmasterTools":{"miscellaneous":""},"schema":{"@context":"https:\/\/schema.org","@graph":[{"@type":"BreadcrumbList","@id":"https:\/\/kornita.lt\/en\/shop\/sausi-pusryciai\/traskus-javainiai-granola-su-vaisiais-500g\/#breadcrumblist","itemListElement":[{"@type":"ListItem","@id":"https:\/\/kornita.lt\/en\/#listItem","position":1,"name":"Home","item":"https:\/\/kornita.lt\/en\/","nextItem":{"@type":"ListItem","@id":"https:\/\/kornita.lt\/en\/shop-2\/#listItem","name":"Shop"}},{"@type":"ListItem","@id":"https:\/\/kornita.lt\/en\/shop-2\/#listItem","position":2,"name":"Shop","item":"https:\/\/kornita.lt\/en\/shop-2\/","nextItem":{"@type":"ListItem","@id":"https:\/\/kornita.lt\/en\/product-category\/sausi-pusryciai\/#listItem","name":"Sausi pusry\u010diai"},"previousItem":{"@type":"ListItem","@id":"https:\/\/kornita.lt\/en\/#listItem","name":"Home"}},{"@type":"ListItem","@id":"https:\/\/kornita.lt\/en\/product-category\/sausi-pusryciai\/#listItem","position":3,"name":"Sausi pusry\u010diai","item":"https:\/\/kornita.lt\/en\/product-category\/sausi-pusryciai\/","nextItem":{"@type":"ListItem","@id":"https:\/\/kornita.lt\/en\/shop\/sausi-pusryciai\/traskus-javainiai-granola-su-vaisiais-500g\/#listItem","name":"Tra\u0161k\u016bs javainiai Granola su vaisiais, 500g"},"previousItem":{"@type":"ListItem","@id":"https:\/\/kornita.lt\/en\/shop-2\/#listItem","name":"Shop"}},{"@type":"ListItem","@id":"https:\/\/kornita.lt\/en\/shop\/sausi-pusryciai\/traskus-javainiai-granola-su-vaisiais-500g\/#listItem","position":4,"name":"Tra\u0161k\u016bs javainiai Granola su vaisiais, 500g","previousItem":{"@type":"ListItem","@id":"https:\/\/kornita.lt\/en\/product-category\/sausi-pusryciai\/#listItem","name":"Sausi pusry\u010diai"}}]},{"@type":"Organization","@id":"https:\/\/kornita.lt\/en\/#organization","name":"kornita","url":"https:\/\/kornita.lt\/en\/","telephone":"+37068581463","logo":{"@type":"ImageObject","url":"http:\/\/kornita.webfactory.lt\/wp-content\/uploads\/2023\/04\/korni-el-prekyba.png","@id":"https:\/\/kornita.lt\/en\/shop\/sausi-pusryciai\/traskus-javainiai-granola-su-vaisiais-500g\/#organizationLogo"},"image":{"@id":"https:\/\/kornita.lt\/en\/shop\/sausi-pusryciai\/traskus-javainiai-granola-su-vaisiais-500g\/#organizationLogo"},"sameAs":["https:\/\/www.facebook.com\/kornita.lt"]},{"@type":"Product","@id":"https:\/\/kornita.lt\/en\/shop\/sausi-pusryciai\/traskus-javainiai-granola-su-vaisiais-500g\/#wooCommerceProduct","name":"Tra\u0161k\u016bs javainiai Granola su vaisiais, 500g","url":"https:\/\/kornita.lt\/en\/shop\/sausi-pusryciai\/traskus-javainiai-granola-su-vaisiais-500g\/","sku":"8595564510536","image":{"@type":"ImageObject","url":"https:\/\/kornita.lt\/wp-content\/uploads\/2024\/02\/B5492.jpg","@id":"https:\/\/kornita.lt\/en\/shop\/sausi-pusryciai\/traskus-javainiai-granola-su-vaisiais-500g\/#productImage","width":400,"height":400},"offers":{"@type":"Offer","url":"https:\/\/kornita.lt\/en\/shop\/sausi-pusryciai\/traskus-javainiai-granola-su-vaisiais-500g\/#wooCommerceOffer","price":3.99,"priceCurrency":"EUR","category":"Sausi pusry\u010diai","availability":"https:\/\/schema.org\/InStock","priceSpecification":{"@type":"PriceSpecification","price":3.99,"priceCurrency":"EUR","valueAddedTaxIncluded":"true"},"seller":{"@type":"Organization","@id":"https:\/\/kornita.lt\/en\/#organization"}}},{"@type":"WebPage","@id":"https:\/\/kornita.lt\/en\/shop\/sausi-pusryciai\/traskus-javainiai-granola-su-vaisiais-500g\/#webpage","url":"https:\/\/kornita.lt\/en\/shop\/sausi-pusryciai\/traskus-javainiai-granola-su-vaisiais-500g\/","name":"Tra\u0161k\u016bs javainiai Granola su vaisiais, 500g - kornita","description":"Sudedamosios dalys: avi\u017e\u0173 dribsniai 24,3%, ekstruduoti gr\u016bdai 20,5% (viso gr\u016bdo avi\u017einiai miltai, kvietiniai miltai, cukrus, kukur\u016bz\u0173 krakmolas, valgomoji druska, kukur\u016bz\u0173 kruopos, ry\u017ei\u0173 miltai, mie\u017ei\u0173 salyklo ekstraktas), d\u017eiovint\u0173 ir cukruot\u0173 vaisi\u0173 mi\u0161inys 20,5% (razinos, spanguol\u0117s (spanguol\u0117s, cukrus, saul\u0117gr\u0105\u017e\u0173 aliejus), bananai (bananai, cukrus, kokos\u0173 aliejus), dygliuotojo o\u017eer\u0161kio (goji) uogos (dygliuotojo o\u017eer\u0161kio uogos, konservantas: sieros dioksidas), m\u0117lyn\u0117s (m\u0117lyn\u0117s, cukrus, fruktoz\u0117s sirupas, saul\u0117gr\u0105\u017e\u0173 aliejus)), palmi\u0173 aliejus, gliukoz\u0117s-fruktoz\u0117s sirupas,","inLanguage":"en-US","isPartOf":{"@id":"https:\/\/kornita.lt\/en\/#website"},"breadcrumb":{"@id":"https:\/\/kornita.lt\/en\/shop\/sausi-pusryciai\/traskus-javainiai-granola-su-vaisiais-500g\/#breadcrumblist"},"image":{"@type":"ImageObject","url":"https:\/\/kornita.lt\/wp-content\/uploads\/2024\/02\/B5492.jpg","@id":"https:\/\/kornita.lt\/en\/shop\/sausi-pusryciai\/traskus-javainiai-granola-su-vaisiais-500g\/#mainImage","width":400,"height":400},"primaryImageOfPage":{"@id":"https:\/\/kornita.lt\/en\/shop\/sausi-pusryciai\/traskus-javainiai-granola-su-vaisiais-500g\/#mainImage"},"datePublished":"2024-02-07T13:23:13+00:00","dateModified":"2025-05-19T08:51:59+00:00"},{"@type":"WebSite","@id":"https:\/\/kornita.lt\/en\/#website","url":"https:\/\/kornita.lt\/en\/","name":"kornita","inLanguage":"en-US","publisher":{"@id":"https:\/\/kornita.lt\/en\/#organization"}}]},"og:locale":"en_US","og:site_name":"kornita -","og:type":"article","og:title":"Tra\u0161k\u016bs javainiai Granola su vaisiais, 500g - kornita","og:description":"Sudedamosios dalys: avi\u017e\u0173 dribsniai 24,3%, ekstruduoti gr\u016bdai 20,5% (viso gr\u016bdo avi\u017einiai miltai, kvietiniai miltai, cukrus, kukur\u016bz\u0173 krakmolas, valgomoji druska, kukur\u016bz\u0173 kruopos, ry\u017ei\u0173 miltai, mie\u017ei\u0173 salyklo ekstraktas), d\u017eiovint\u0173 ir cukruot\u0173 vaisi\u0173 mi\u0161inys 20,5% (razinos, spanguol\u0117s (spanguol\u0117s, cukrus, saul\u0117gr\u0105\u017e\u0173 aliejus), bananai (bananai, cukrus, kokos\u0173 aliejus), dygliuotojo o\u017eer\u0161kio (goji) uogos (dygliuotojo o\u017eer\u0161kio uogos, konservantas: sieros dioksidas), m\u0117lyn\u0117s (m\u0117lyn\u0117s, cukrus, fruktoz\u0117s sirupas, saul\u0117gr\u0105\u017e\u0173 aliejus)), palmi\u0173 aliejus, gliukoz\u0117s-fruktoz\u0117s sirupas,","og:url":"https:\/\/kornita.lt\/en\/shop\/sausi-pusryciai\/traskus-javainiai-granola-su-vaisiais-500g\/","og:image":"https:\/\/kornita.webfactory.lt\/wp-content\/uploads\/2023\/04\/korni-el-prekyba.png","og:image:secure_url":"https:\/\/kornita.webfactory.lt\/wp-content\/uploads\/2023\/04\/korni-el-prekyba.png","article:published_time":"2024-02-07T13:23:13+00:00","article:modified_time":"2025-05-19T08:51:59+00:00","article:publisher":"https:\/\/www.facebook.com\/kornita.lt","twitter:card":"summary_large_image","twitter:title":"Tra\u0161k\u016bs javainiai Granola su vaisiais, 500g - kornita","twitter:description":"Sudedamosios dalys: avi\u017e\u0173 dribsniai 24,3%, ekstruduoti gr\u016bdai 20,5% (viso gr\u016bdo avi\u017einiai miltai, kvietiniai miltai, cukrus, kukur\u016bz\u0173 krakmolas, valgomoji druska, kukur\u016bz\u0173 kruopos, ry\u017ei\u0173 miltai, mie\u017ei\u0173 salyklo ekstraktas), d\u017eiovint\u0173 ir cukruot\u0173 vaisi\u0173 mi\u0161inys 20,5% (razinos, spanguol\u0117s (spanguol\u0117s, cukrus, saul\u0117gr\u0105\u017e\u0173 aliejus), bananai (bananai, cukrus, kokos\u0173 aliejus), dygliuotojo o\u017eer\u0161kio (goji) uogos (dygliuotojo o\u017eer\u0161kio uogos, konservantas: sieros dioksidas), m\u0117lyn\u0117s (m\u0117lyn\u0117s, cukrus, fruktoz\u0117s sirupas, saul\u0117gr\u0105\u017e\u0173 aliejus)), palmi\u0173 aliejus, gliukoz\u0117s-fruktoz\u0117s sirupas,","twitter:image":"http:\/\/kornita.webfactory.lt\/wp-content\/uploads\/2023\/04\/korni-el-prekyba.png"},"aioseo_meta_data":{"post_id":"16754","title":null,"description":null,"keywords":null,"keyphrases":{"focus":{"keyphrase":"","score":0,"analysis":{"keyphraseInTitle":{"score":0,"maxScore":9,"error":1}}},"additional":[]},"primary_term":null,"canonical_url":null,"og_title":null,"og_description":null,"og_object_type":"default","og_image_type":"default","og_image_url":null,"og_image_width":null,"og_image_height":null,"og_image_custom_url":null,"og_image_custom_fields":null,"og_video":"","og_custom_url":null,"og_article_section":null,"og_article_tags":null,"twitter_use_og":false,"twitter_card":"default","twitter_image_type":"default","twitter_image_url":null,"twitter_image_custom_url":null,"twitter_image_custom_fields":null,"twitter_title":null,"twitter_description":null,"schema":{"blockGraphs":[],"customGraphs":[],"default":{"data":{"Article":[],"Course":[],"Dataset":[],"FAQPage":[],"Movie":[],"Person":[],"Product":[],"ProductReview":[],"Car":[],"Recipe":[],"Service":[],"SoftwareApplication":[],"WebPage":[]},"graphName":"ItemPage","isEnabled":true},"graphs":[]},"schema_type":"default","schema_type_options":null,"pillar_content":false,"robots_default":true,"robots_noindex":false,"robots_noarchive":false,"robots_nosnippet":false,"robots_nofollow":false,"robots_noimageindex":false,"robots_noodp":false,"robots_notranslate":false,"robots_max_snippet":"-1","robots_max_videopreview":"-1","robots_max_imagepreview":"large","priority":null,"frequency":"default","local_seo":null,"seo_analyzer_scan_date":"2025-10-09 01:00:46","breadcrumb_settings":null,"limit_modified_date":false,"open_ai":"{\"title\":{\"suggestions\":[],\"usage\":0},\"description\":{\"suggestions\":[],\"usage\":0}}","ai":null,"created":"2024-02-07 13:23:20","updated":"2025-11-26 23:35:08"},"aioseo_breadcrumb":"<div class=\"aioseo-breadcrumbs\"><span class=\"aioseo-breadcrumb\">\n\t<a href=\"https:\/\/kornita.lt\/en\/\" title=\"Home\">Home<\/a>\n<\/span><span class=\"aioseo-breadcrumb-separator\">&raquo;<\/span><span class=\"aioseo-breadcrumb\">\n\t<a href=\"https:\/\/kornita.lt\/en\/shop-2\/\" title=\"Shop\">Shop<\/a>\n<\/span><span class=\"aioseo-breadcrumb-separator\">&raquo;<\/span><span class=\"aioseo-breadcrumb\">\n\t<a href=\"https:\/\/kornita.lt\/en\/product-category\/sausi-pusryciai\/\" title=\"Sausi pusry\u010diai\">Sausi pusry\u010diai<\/a>\n<\/span><span class=\"aioseo-breadcrumb-separator\">&raquo;<\/span><span class=\"aioseo-breadcrumb\">\n\tTra\u0161k\u016bs javainiai Granola su vaisiais, 500g\n<\/span><\/div>","aioseo_breadcrumb_json":[{"label":"Home","link":"https:\/\/kornita.lt\/en\/"},{"label":"Shop","link":"https:\/\/kornita.lt\/en\/shop-2\/"},{"label":"Sausi pusry\u010diai","link":"https:\/\/kornita.lt\/en\/product-category\/sausi-pusryciai\/"},{"label":"Tra\u0161k\u016bs javainiai Granola su vaisiais, 500g","link":"https:\/\/kornita.lt\/en\/shop\/sausi-pusryciai\/traskus-javainiai-granola-su-vaisiais-500g\/"}],"_links":{"self":[{"href":"https:\/\/kornita.lt\/en\/wp-json\/wp\/v2\/product\/16754","targetHints":{"allow":["GET"]}}],"collection":[{"href":"https:\/\/kornita.lt\/en\/wp-json\/wp\/v2\/product"}],"about":[{"href":"https:\/\/kornita.lt\/en\/wp-json\/wp\/v2\/types\/product"}],"replies":[{"embeddable":true,"href":"https:\/\/kornita.lt\/en\/wp-json\/wp\/v2\/comments?post=16754"}],"version-history":[{"count":1,"href":"https:\/\/kornita.lt\/en\/wp-json\/wp\/v2\/product\/16754\/revisions"}],"predecessor-version":[{"id":24928,"href":"https:\/\/kornita.lt\/en\/wp-json\/wp\/v2\/product\/16754\/revisions\/24928"}],"wp:featuredmedia":[{"embeddable":true,"href":"https:\/\/kornita.lt\/en\/wp-json\/wp\/v2\/media\/24926"}],"wp:attachment":[{"href":"https:\/\/kornita.lt\/en\/wp-json\/wp\/v2\/media?parent=16754"}],"wp:term":[{"taxonomy":"product_brand","embeddable":true,"href":"https:\/\/kornita.lt\/en\/wp-json\/wp\/v2\/product_brand?post=16754"},{"taxonomy":"product_cat","embeddable":true,"href":"https:\/\/kornita.lt\/en\/wp-json\/wp\/v2\/product_cat?post=16754"},{"taxonomy":"product_tag","embeddable":true,"href":"https:\/\/kornita.lt\/en\/wp-json\/wp\/v2\/product_tag?post=16754"}],"curies":[{"name":"wp","href":"https:\/\/api.w.org\/{rel}","templated":true}]}}