{"id":16742,"date":"2024-02-07T13:23:11","date_gmt":"2024-02-07T13:23:11","guid":{"rendered":"https:\/\/kornita.webfactory.lt\/?post_type=product&#038;p=16742"},"modified":"2025-05-19T08:57:05","modified_gmt":"2025-05-19T08:57:05","slug":"himalaju-druskos-lempa-3-5kg","status":"publish","type":"product","link":"https:\/\/kornita.lt\/en\/shop\/himalaju-druskos-gaminiai\/himalaju-druskos-lempa-3-5kg\/","title":{"rendered":"Himalaj\u0173 druskos lempa, 3-5kg"},"content":{"rendered":"","protected":false},"excerpt":{"rendered":"<p>Himalaj\u0173 druskos lempa yra ne tik interjero puo\u0161mena. Jos skleid\u017eiami negatyv\u016bs jonai valo patalp\u0173 or\u0105 bei gerina jo kokyb\u0119. \u0160ios lempos naudojimas gali palengvinti alergij\u0173, astmos bei kit\u0173 kv\u0117pavimo tak\u0173 susirgim\u0173 simptomus, pagerinti nuotaik\u0105 bei miego kokyb\u0119.<\/p>\n<p>Himalaj\u0173 druskos lempos skleid\u017eiama mink\u0161ta \u0161viesa ramina, atpalaiduoja, suteikia jaukumo.<\/p>\n<p><strong>D\u0117mesio!<\/strong> <em>Prek\u0117s i\u0161vaizda gali skirtis nuo esan\u010dios nuotraukoje. Kiekviena Himalaj\u0173 druskos lempa turi savo unikali\u0105 form\u0105 bei atspalv\u012f.<\/em><\/p>\n<p>&nbsp;<\/p>\n","protected":false},"featured_media":15862,"comment_status":"open","ping_status":"closed","template":"","meta":[],"product_brand":[],"product_cat":[200],"product_tag":[95,96],"class_list":{"0":"post-16742","1":"product","2":"type-product","3":"status-publish","4":"has-post-thumbnail","6":"product_cat-himalaju-druskos-gaminiai","7":"product_tag-druskos-lempa","8":"product_tag-himalaju-druskos-lempa","9":"product_shipping_class-netelpa-i-pastomata","11":"first","12":"instock","13":"taxable","14":"shipping-taxable","15":"purchasable","16":"product-type-simple"},"aioseo_notices":[],"aioseo_head":"\n\t\t<!-- All in One SEO Pro 4.9.5.2 - aioseo.com -->\n\t<meta name=\"description\" content=\"Himalaj\u0173 druskos lempa yra ne tik interjero puo\u0161mena. Jos skleid\u017eiami negatyv\u016bs jonai valo patalp\u0173 or\u0105 bei gerina jo kokyb\u0119. \u0160ios lempos naudojimas gali palengvinti alergij\u0173, astmos bei kit\u0173 kv\u0117pavimo tak\u0173 susirgim\u0173 simptomus, pagerinti nuotaik\u0105 bei miego kokyb\u0119. Himalaj\u0173 druskos lempos skleid\u017eiama mink\u0161ta \u0161viesa ramina, atpalaiduoja, suteikia jaukumo. D\u0117mesio! Prek\u0117s i\u0161vaizda gali skirtis nuo esan\u010dios nuotraukoje. Kiekviena Himalaj\u0173 druskos lempa turi savo unikali\u0105 form\u0105 bei atspalv\u012f.\" \/>\n\t<meta name=\"robots\" content=\"max-image-preview:large\" \/>\n\t<link rel=\"canonical\" href=\"https:\/\/kornita.lt\/en\/shop\/himalaju-druskos-gaminiai\/himalaju-druskos-lempa-3-5kg\/\" \/>\n\t<meta name=\"generator\" content=\"All in One SEO Pro (AIOSEO) 4.9.5.2\" \/>\n\t\t<meta property=\"og:locale\" content=\"en_US\" \/>\n\t\t<meta property=\"og:site_name\" content=\"kornita -\" \/>\n\t\t<meta property=\"og:type\" content=\"article\" \/>\n\t\t<meta property=\"og:title\" content=\"Himalaj\u0173 druskos lempa, 3-5kg - kornita\" \/>\n\t\t<meta property=\"og:description\" content=\"Himalaj\u0173 druskos lempa yra ne tik interjero puo\u0161mena. Jos skleid\u017eiami negatyv\u016bs jonai valo patalp\u0173 or\u0105 bei gerina jo kokyb\u0119. \u0160ios lempos naudojimas gali palengvinti alergij\u0173, astmos bei kit\u0173 kv\u0117pavimo tak\u0173 susirgim\u0173 simptomus, pagerinti nuotaik\u0105 bei miego kokyb\u0119. Himalaj\u0173 druskos lempos skleid\u017eiama mink\u0161ta \u0161viesa ramina, atpalaiduoja, suteikia jaukumo. D\u0117mesio! Prek\u0117s i\u0161vaizda gali skirtis nuo esan\u010dios nuotraukoje. Kiekviena Himalaj\u0173 druskos lempa turi savo unikali\u0105 form\u0105 bei atspalv\u012f.\" \/>\n\t\t<meta property=\"og:url\" content=\"https:\/\/kornita.lt\/en\/shop\/himalaju-druskos-gaminiai\/himalaju-druskos-lempa-3-5kg\/\" \/>\n\t\t<meta property=\"og:image\" content=\"https:\/\/kornita.webfactory.lt\/wp-content\/uploads\/2023\/04\/korni-el-prekyba.png\" \/>\n\t\t<meta property=\"og:image:secure_url\" content=\"https:\/\/kornita.webfactory.lt\/wp-content\/uploads\/2023\/04\/korni-el-prekyba.png\" \/>\n\t\t<meta property=\"article:published_time\" content=\"2024-02-07T13:23:11+00:00\" \/>\n\t\t<meta property=\"article:modified_time\" content=\"2025-05-19T08:57:05+00:00\" \/>\n\t\t<meta property=\"article:publisher\" content=\"https:\/\/www.facebook.com\/kornita.lt\" \/>\n\t\t<meta name=\"twitter:card\" content=\"summary_large_image\" \/>\n\t\t<meta name=\"twitter:title\" content=\"Himalaj\u0173 druskos lempa, 3-5kg - kornita\" \/>\n\t\t<meta name=\"twitter:description\" content=\"Himalaj\u0173 druskos lempa yra ne tik interjero puo\u0161mena. Jos skleid\u017eiami negatyv\u016bs jonai valo patalp\u0173 or\u0105 bei gerina jo kokyb\u0119. \u0160ios lempos naudojimas gali palengvinti alergij\u0173, astmos bei kit\u0173 kv\u0117pavimo tak\u0173 susirgim\u0173 simptomus, pagerinti nuotaik\u0105 bei miego kokyb\u0119. Himalaj\u0173 druskos lempos skleid\u017eiama mink\u0161ta \u0161viesa ramina, atpalaiduoja, suteikia jaukumo. D\u0117mesio! Prek\u0117s i\u0161vaizda gali skirtis nuo esan\u010dios nuotraukoje. Kiekviena Himalaj\u0173 druskos lempa turi savo unikali\u0105 form\u0105 bei atspalv\u012f.\" \/>\n\t\t<meta name=\"twitter:image\" content=\"http:\/\/kornita.webfactory.lt\/wp-content\/uploads\/2023\/04\/korni-el-prekyba.png\" \/>\n\t\t<script type=\"application\/ld+json\" class=\"aioseo-schema\">\n\t\t\t{\"@context\":\"https:\\\/\\\/schema.org\",\"@graph\":[{\"@type\":\"BreadcrumbList\",\"@id\":\"https:\\\/\\\/kornita.lt\\\/en\\\/shop\\\/himalaju-druskos-gaminiai\\\/himalaju-druskos-lempa-3-5kg\\\/#breadcrumblist\",\"itemListElement\":[{\"@type\":\"ListItem\",\"@id\":\"https:\\\/\\\/kornita.lt\\\/en\\\/#listItem\",\"position\":1,\"name\":\"Home\",\"item\":\"https:\\\/\\\/kornita.lt\\\/en\\\/\",\"nextItem\":{\"@type\":\"ListItem\",\"@id\":\"https:\\\/\\\/kornita.lt\\\/en\\\/shop-2\\\/#listItem\",\"name\":\"Shop\"}},{\"@type\":\"ListItem\",\"@id\":\"https:\\\/\\\/kornita.lt\\\/en\\\/shop-2\\\/#listItem\",\"position\":2,\"name\":\"Shop\",\"item\":\"https:\\\/\\\/kornita.lt\\\/en\\\/shop-2\\\/\",\"nextItem\":{\"@type\":\"ListItem\",\"@id\":\"https:\\\/\\\/kornita.lt\\\/en\\\/product-category\\\/himalaju-druskos-gaminiai\\\/#listItem\",\"name\":\"Himalaj\\u0173 druskos gaminiai\"},\"previousItem\":{\"@type\":\"ListItem\",\"@id\":\"https:\\\/\\\/kornita.lt\\\/en\\\/#listItem\",\"name\":\"Home\"}},{\"@type\":\"ListItem\",\"@id\":\"https:\\\/\\\/kornita.lt\\\/en\\\/product-category\\\/himalaju-druskos-gaminiai\\\/#listItem\",\"position\":3,\"name\":\"Himalaj\\u0173 druskos gaminiai\",\"item\":\"https:\\\/\\\/kornita.lt\\\/en\\\/product-category\\\/himalaju-druskos-gaminiai\\\/\",\"nextItem\":{\"@type\":\"ListItem\",\"@id\":\"https:\\\/\\\/kornita.lt\\\/en\\\/shop\\\/himalaju-druskos-gaminiai\\\/himalaju-druskos-lempa-3-5kg\\\/#listItem\",\"name\":\"Himalaj\\u0173 druskos lempa, 3-5kg\"},\"previousItem\":{\"@type\":\"ListItem\",\"@id\":\"https:\\\/\\\/kornita.lt\\\/en\\\/shop-2\\\/#listItem\",\"name\":\"Shop\"}},{\"@type\":\"ListItem\",\"@id\":\"https:\\\/\\\/kornita.lt\\\/en\\\/shop\\\/himalaju-druskos-gaminiai\\\/himalaju-druskos-lempa-3-5kg\\\/#listItem\",\"position\":4,\"name\":\"Himalaj\\u0173 druskos lempa, 3-5kg\",\"previousItem\":{\"@type\":\"ListItem\",\"@id\":\"https:\\\/\\\/kornita.lt\\\/en\\\/product-category\\\/himalaju-druskos-gaminiai\\\/#listItem\",\"name\":\"Himalaj\\u0173 druskos gaminiai\"}}]},{\"@type\":\"Organization\",\"@id\":\"https:\\\/\\\/kornita.lt\\\/en\\\/#organization\",\"name\":\"kornita\",\"url\":\"https:\\\/\\\/kornita.lt\\\/en\\\/\",\"telephone\":\"+37068581463\",\"logo\":{\"@type\":\"ImageObject\",\"url\":\"http:\\\/\\\/kornita.webfactory.lt\\\/wp-content\\\/uploads\\\/2023\\\/04\\\/korni-el-prekyba.png\",\"@id\":\"https:\\\/\\\/kornita.lt\\\/en\\\/shop\\\/himalaju-druskos-gaminiai\\\/himalaju-druskos-lempa-3-5kg\\\/#organizationLogo\"},\"image\":{\"@id\":\"https:\\\/\\\/kornita.lt\\\/en\\\/shop\\\/himalaju-druskos-gaminiai\\\/himalaju-druskos-lempa-3-5kg\\\/#organizationLogo\"},\"sameAs\":[\"https:\\\/\\\/www.facebook.com\\\/kornita.lt\"]},{\"@type\":\"Product\",\"@id\":\"https:\\\/\\\/kornita.lt\\\/en\\\/shop\\\/himalaju-druskos-gaminiai\\\/himalaju-druskos-lempa-3-5kg\\\/#wooCommerceProduct\",\"name\":\"Himalaj\\u0173 druskos lempa, 3-5kg\",\"description\":\"Himalaj\\u0173 druskos lempa yra ne tik interjero puo\\u0161mena. Jos skleid\\u017eiami negatyv\\u016bs jonai valo patalp\\u0173 or\\u0105 bei gerina jo kokyb\\u0119. \\u0160ios lempos naudojimas gali palengvinti alergij\\u0173, astmos bei kit\\u0173 kv\\u0117pavimo tak\\u0173 susirgim\\u0173 simptomus, pagerinti nuotaik\\u0105 bei miego kokyb\\u0119.\\r\\n\\r\\nHimalaj\\u0173 druskos lempos skleid\\u017eiama mink\\u0161ta \\u0161viesa ramina, atpalaiduoja, suteikia jaukumo.\\r\\n\\r\\nD\\u0117mesio! Prek\\u0117s i\\u0161vaizda gali skirtis nuo esan\\u010dios nuotraukoje. Kiekviena Himalaj\\u0173 druskos lempa turi savo unikali\\u0105 form\\u0105 bei atspalv\\u012f.\\r\\n\\r\\n&nbsp;\",\"url\":\"https:\\\/\\\/kornita.lt\\\/en\\\/shop\\\/himalaju-druskos-gaminiai\\\/himalaju-druskos-lempa-3-5kg\\\/\",\"sku\":\"4771506000363\",\"image\":{\"@type\":\"ImageObject\",\"url\":\"https:\\\/\\\/kornita.lt\\\/wp-content\\\/uploads\\\/2023\\\/09\\\/himalaju-druskos-lempa.png\",\"@id\":\"https:\\\/\\\/kornita.lt\\\/en\\\/shop\\\/himalaju-druskos-gaminiai\\\/himalaju-druskos-lempa-3-5kg\\\/#productImage\",\"width\":500,\"height\":500},\"offers\":{\"@type\":\"Offer\",\"url\":\"https:\\\/\\\/kornita.lt\\\/en\\\/shop\\\/himalaju-druskos-gaminiai\\\/himalaju-druskos-lempa-3-5kg\\\/#wooCommerceOffer\",\"price\":11.99,\"priceCurrency\":\"EUR\",\"category\":\"Himalaj\\u0173 druskos gaminiai\",\"availability\":\"https:\\\/\\\/schema.org\\\/InStock\",\"priceSpecification\":{\"@type\":\"PriceSpecification\",\"price\":11.99,\"priceCurrency\":\"EUR\",\"valueAddedTaxIncluded\":\"true\"},\"seller\":{\"@type\":\"Organization\",\"@id\":\"https:\\\/\\\/kornita.lt\\\/en\\\/#organization\"}}},{\"@type\":\"WebPage\",\"@id\":\"https:\\\/\\\/kornita.lt\\\/en\\\/shop\\\/himalaju-druskos-gaminiai\\\/himalaju-druskos-lempa-3-5kg\\\/#webpage\",\"url\":\"https:\\\/\\\/kornita.lt\\\/en\\\/shop\\\/himalaju-druskos-gaminiai\\\/himalaju-druskos-lempa-3-5kg\\\/\",\"name\":\"Himalaj\\u0173 druskos lempa, 3-5kg - kornita\",\"description\":\"Himalaj\\u0173 druskos lempa yra ne tik interjero puo\\u0161mena. Jos skleid\\u017eiami negatyv\\u016bs jonai valo patalp\\u0173 or\\u0105 bei gerina jo kokyb\\u0119. \\u0160ios lempos naudojimas gali palengvinti alergij\\u0173, astmos bei kit\\u0173 kv\\u0117pavimo tak\\u0173 susirgim\\u0173 simptomus, pagerinti nuotaik\\u0105 bei miego kokyb\\u0119. Himalaj\\u0173 druskos lempos skleid\\u017eiama mink\\u0161ta \\u0161viesa ramina, atpalaiduoja, suteikia jaukumo. D\\u0117mesio! Prek\\u0117s i\\u0161vaizda gali skirtis nuo esan\\u010dios nuotraukoje. Kiekviena Himalaj\\u0173 druskos lempa turi savo unikali\\u0105 form\\u0105 bei atspalv\\u012f.\",\"inLanguage\":\"en-US\",\"isPartOf\":{\"@id\":\"https:\\\/\\\/kornita.lt\\\/en\\\/#website\"},\"breadcrumb\":{\"@id\":\"https:\\\/\\\/kornita.lt\\\/en\\\/shop\\\/himalaju-druskos-gaminiai\\\/himalaju-druskos-lempa-3-5kg\\\/#breadcrumblist\"},\"image\":{\"@type\":\"ImageObject\",\"url\":\"https:\\\/\\\/kornita.lt\\\/wp-content\\\/uploads\\\/2023\\\/09\\\/himalaju-druskos-lempa.png\",\"@id\":\"https:\\\/\\\/kornita.lt\\\/en\\\/shop\\\/himalaju-druskos-gaminiai\\\/himalaju-druskos-lempa-3-5kg\\\/#mainImage\",\"width\":500,\"height\":500},\"primaryImageOfPage\":{\"@id\":\"https:\\\/\\\/kornita.lt\\\/en\\\/shop\\\/himalaju-druskos-gaminiai\\\/himalaju-druskos-lempa-3-5kg\\\/#mainImage\"},\"datePublished\":\"2024-02-07T13:23:11+00:00\",\"dateModified\":\"2025-05-19T08:57:05+00:00\"},{\"@type\":\"WebSite\",\"@id\":\"https:\\\/\\\/kornita.lt\\\/en\\\/#website\",\"url\":\"https:\\\/\\\/kornita.lt\\\/en\\\/\",\"name\":\"kornita\",\"inLanguage\":\"en-US\",\"publisher\":{\"@id\":\"https:\\\/\\\/kornita.lt\\\/en\\\/#organization\"}}]}\n\t\t<\/script>\n\t\t<!-- All in One SEO Pro -->\r\n\t\t<title>Himalaj\u0173 druskos lempa, 3-5kg - kornita<\/title>\n\n","aioseo_head_json":{"title":"Himalaj\u0173 druskos lempa, 3-5kg - kornita","description":"Himalaj\u0173 druskos lempa yra ne tik interjero puo\u0161mena. Jos skleid\u017eiami negatyv\u016bs jonai valo patalp\u0173 or\u0105 bei gerina jo kokyb\u0119. \u0160ios lempos naudojimas gali palengvinti alergij\u0173, astmos bei kit\u0173 kv\u0117pavimo tak\u0173 susirgim\u0173 simptomus, pagerinti nuotaik\u0105 bei miego kokyb\u0119. Himalaj\u0173 druskos lempos skleid\u017eiama mink\u0161ta \u0161viesa ramina, atpalaiduoja, suteikia jaukumo. D\u0117mesio! Prek\u0117s i\u0161vaizda gali skirtis nuo esan\u010dios nuotraukoje. Kiekviena Himalaj\u0173 druskos lempa turi savo unikali\u0105 form\u0105 bei atspalv\u012f.","canonical_url":"https:\/\/kornita.lt\/en\/shop\/himalaju-druskos-gaminiai\/himalaju-druskos-lempa-3-5kg\/","robots":"max-image-preview:large","keywords":"","webmasterTools":{"miscellaneous":""},"schema":{"@context":"https:\/\/schema.org","@graph":[{"@type":"BreadcrumbList","@id":"https:\/\/kornita.lt\/en\/shop\/himalaju-druskos-gaminiai\/himalaju-druskos-lempa-3-5kg\/#breadcrumblist","itemListElement":[{"@type":"ListItem","@id":"https:\/\/kornita.lt\/en\/#listItem","position":1,"name":"Home","item":"https:\/\/kornita.lt\/en\/","nextItem":{"@type":"ListItem","@id":"https:\/\/kornita.lt\/en\/shop-2\/#listItem","name":"Shop"}},{"@type":"ListItem","@id":"https:\/\/kornita.lt\/en\/shop-2\/#listItem","position":2,"name":"Shop","item":"https:\/\/kornita.lt\/en\/shop-2\/","nextItem":{"@type":"ListItem","@id":"https:\/\/kornita.lt\/en\/product-category\/himalaju-druskos-gaminiai\/#listItem","name":"Himalaj\u0173 druskos gaminiai"},"previousItem":{"@type":"ListItem","@id":"https:\/\/kornita.lt\/en\/#listItem","name":"Home"}},{"@type":"ListItem","@id":"https:\/\/kornita.lt\/en\/product-category\/himalaju-druskos-gaminiai\/#listItem","position":3,"name":"Himalaj\u0173 druskos gaminiai","item":"https:\/\/kornita.lt\/en\/product-category\/himalaju-druskos-gaminiai\/","nextItem":{"@type":"ListItem","@id":"https:\/\/kornita.lt\/en\/shop\/himalaju-druskos-gaminiai\/himalaju-druskos-lempa-3-5kg\/#listItem","name":"Himalaj\u0173 druskos lempa, 3-5kg"},"previousItem":{"@type":"ListItem","@id":"https:\/\/kornita.lt\/en\/shop-2\/#listItem","name":"Shop"}},{"@type":"ListItem","@id":"https:\/\/kornita.lt\/en\/shop\/himalaju-druskos-gaminiai\/himalaju-druskos-lempa-3-5kg\/#listItem","position":4,"name":"Himalaj\u0173 druskos lempa, 3-5kg","previousItem":{"@type":"ListItem","@id":"https:\/\/kornita.lt\/en\/product-category\/himalaju-druskos-gaminiai\/#listItem","name":"Himalaj\u0173 druskos gaminiai"}}]},{"@type":"Organization","@id":"https:\/\/kornita.lt\/en\/#organization","name":"kornita","url":"https:\/\/kornita.lt\/en\/","telephone":"+37068581463","logo":{"@type":"ImageObject","url":"http:\/\/kornita.webfactory.lt\/wp-content\/uploads\/2023\/04\/korni-el-prekyba.png","@id":"https:\/\/kornita.lt\/en\/shop\/himalaju-druskos-gaminiai\/himalaju-druskos-lempa-3-5kg\/#organizationLogo"},"image":{"@id":"https:\/\/kornita.lt\/en\/shop\/himalaju-druskos-gaminiai\/himalaju-druskos-lempa-3-5kg\/#organizationLogo"},"sameAs":["https:\/\/www.facebook.com\/kornita.lt"]},{"@type":"Product","@id":"https:\/\/kornita.lt\/en\/shop\/himalaju-druskos-gaminiai\/himalaju-druskos-lempa-3-5kg\/#wooCommerceProduct","name":"Himalaj\u0173 druskos lempa, 3-5kg","description":"Himalaj\u0173 druskos lempa yra ne tik interjero puo\u0161mena. Jos skleid\u017eiami negatyv\u016bs jonai valo patalp\u0173 or\u0105 bei gerina jo kokyb\u0119. \u0160ios lempos naudojimas gali palengvinti alergij\u0173, astmos bei kit\u0173 kv\u0117pavimo tak\u0173 susirgim\u0173 simptomus, pagerinti nuotaik\u0105 bei miego kokyb\u0119.\r\n\r\nHimalaj\u0173 druskos lempos skleid\u017eiama mink\u0161ta \u0161viesa ramina, atpalaiduoja, suteikia jaukumo.\r\n\r\nD\u0117mesio! Prek\u0117s i\u0161vaizda gali skirtis nuo esan\u010dios nuotraukoje. Kiekviena Himalaj\u0173 druskos lempa turi savo unikali\u0105 form\u0105 bei atspalv\u012f.\r\n\r\n&nbsp;","url":"https:\/\/kornita.lt\/en\/shop\/himalaju-druskos-gaminiai\/himalaju-druskos-lempa-3-5kg\/","sku":"4771506000363","image":{"@type":"ImageObject","url":"https:\/\/kornita.lt\/wp-content\/uploads\/2023\/09\/himalaju-druskos-lempa.png","@id":"https:\/\/kornita.lt\/en\/shop\/himalaju-druskos-gaminiai\/himalaju-druskos-lempa-3-5kg\/#productImage","width":500,"height":500},"offers":{"@type":"Offer","url":"https:\/\/kornita.lt\/en\/shop\/himalaju-druskos-gaminiai\/himalaju-druskos-lempa-3-5kg\/#wooCommerceOffer","price":11.99,"priceCurrency":"EUR","category":"Himalaj\u0173 druskos gaminiai","availability":"https:\/\/schema.org\/InStock","priceSpecification":{"@type":"PriceSpecification","price":11.99,"priceCurrency":"EUR","valueAddedTaxIncluded":"true"},"seller":{"@type":"Organization","@id":"https:\/\/kornita.lt\/en\/#organization"}}},{"@type":"WebPage","@id":"https:\/\/kornita.lt\/en\/shop\/himalaju-druskos-gaminiai\/himalaju-druskos-lempa-3-5kg\/#webpage","url":"https:\/\/kornita.lt\/en\/shop\/himalaju-druskos-gaminiai\/himalaju-druskos-lempa-3-5kg\/","name":"Himalaj\u0173 druskos lempa, 3-5kg - kornita","description":"Himalaj\u0173 druskos lempa yra ne tik interjero puo\u0161mena. Jos skleid\u017eiami negatyv\u016bs jonai valo patalp\u0173 or\u0105 bei gerina jo kokyb\u0119. \u0160ios lempos naudojimas gali palengvinti alergij\u0173, astmos bei kit\u0173 kv\u0117pavimo tak\u0173 susirgim\u0173 simptomus, pagerinti nuotaik\u0105 bei miego kokyb\u0119. Himalaj\u0173 druskos lempos skleid\u017eiama mink\u0161ta \u0161viesa ramina, atpalaiduoja, suteikia jaukumo. D\u0117mesio! Prek\u0117s i\u0161vaizda gali skirtis nuo esan\u010dios nuotraukoje. Kiekviena Himalaj\u0173 druskos lempa turi savo unikali\u0105 form\u0105 bei atspalv\u012f.","inLanguage":"en-US","isPartOf":{"@id":"https:\/\/kornita.lt\/en\/#website"},"breadcrumb":{"@id":"https:\/\/kornita.lt\/en\/shop\/himalaju-druskos-gaminiai\/himalaju-druskos-lempa-3-5kg\/#breadcrumblist"},"image":{"@type":"ImageObject","url":"https:\/\/kornita.lt\/wp-content\/uploads\/2023\/09\/himalaju-druskos-lempa.png","@id":"https:\/\/kornita.lt\/en\/shop\/himalaju-druskos-gaminiai\/himalaju-druskos-lempa-3-5kg\/#mainImage","width":500,"height":500},"primaryImageOfPage":{"@id":"https:\/\/kornita.lt\/en\/shop\/himalaju-druskos-gaminiai\/himalaju-druskos-lempa-3-5kg\/#mainImage"},"datePublished":"2024-02-07T13:23:11+00:00","dateModified":"2025-05-19T08:57:05+00:00"},{"@type":"WebSite","@id":"https:\/\/kornita.lt\/en\/#website","url":"https:\/\/kornita.lt\/en\/","name":"kornita","inLanguage":"en-US","publisher":{"@id":"https:\/\/kornita.lt\/en\/#organization"}}]},"og:locale":"en_US","og:site_name":"kornita -","og:type":"article","og:title":"Himalaj\u0173 druskos lempa, 3-5kg - kornita","og:description":"Himalaj\u0173 druskos lempa yra ne tik interjero puo\u0161mena. Jos skleid\u017eiami negatyv\u016bs jonai valo patalp\u0173 or\u0105 bei gerina jo kokyb\u0119. \u0160ios lempos naudojimas gali palengvinti alergij\u0173, astmos bei kit\u0173 kv\u0117pavimo tak\u0173 susirgim\u0173 simptomus, pagerinti nuotaik\u0105 bei miego kokyb\u0119. Himalaj\u0173 druskos lempos skleid\u017eiama mink\u0161ta \u0161viesa ramina, atpalaiduoja, suteikia jaukumo. D\u0117mesio! Prek\u0117s i\u0161vaizda gali skirtis nuo esan\u010dios nuotraukoje. Kiekviena Himalaj\u0173 druskos lempa turi savo unikali\u0105 form\u0105 bei atspalv\u012f.","og:url":"https:\/\/kornita.lt\/en\/shop\/himalaju-druskos-gaminiai\/himalaju-druskos-lempa-3-5kg\/","og:image":"https:\/\/kornita.webfactory.lt\/wp-content\/uploads\/2023\/04\/korni-el-prekyba.png","og:image:secure_url":"https:\/\/kornita.webfactory.lt\/wp-content\/uploads\/2023\/04\/korni-el-prekyba.png","article:published_time":"2024-02-07T13:23:11+00:00","article:modified_time":"2025-05-19T08:57:05+00:00","article:publisher":"https:\/\/www.facebook.com\/kornita.lt","twitter:card":"summary_large_image","twitter:title":"Himalaj\u0173 druskos lempa, 3-5kg - kornita","twitter:description":"Himalaj\u0173 druskos lempa yra ne tik interjero puo\u0161mena. Jos skleid\u017eiami negatyv\u016bs jonai valo patalp\u0173 or\u0105 bei gerina jo kokyb\u0119. \u0160ios lempos naudojimas gali palengvinti alergij\u0173, astmos bei kit\u0173 kv\u0117pavimo tak\u0173 susirgim\u0173 simptomus, pagerinti nuotaik\u0105 bei miego kokyb\u0119. Himalaj\u0173 druskos lempos skleid\u017eiama mink\u0161ta \u0161viesa ramina, atpalaiduoja, suteikia jaukumo. D\u0117mesio! Prek\u0117s i\u0161vaizda gali skirtis nuo esan\u010dios nuotraukoje. Kiekviena Himalaj\u0173 druskos lempa turi savo unikali\u0105 form\u0105 bei atspalv\u012f.","twitter:image":"http:\/\/kornita.webfactory.lt\/wp-content\/uploads\/2023\/04\/korni-el-prekyba.png"},"aioseo_meta_data":{"post_id":"16742","title":null,"description":null,"keywords":null,"keyphrases":{"focus":{"keyphrase":"","score":0,"analysis":{"keyphraseInTitle":{"score":0,"maxScore":9,"error":1}}},"additional":[]},"primary_term":null,"canonical_url":null,"og_title":null,"og_description":null,"og_object_type":"default","og_image_type":"default","og_image_url":null,"og_image_width":null,"og_image_height":null,"og_image_custom_url":null,"og_image_custom_fields":null,"og_video":"","og_custom_url":null,"og_article_section":null,"og_article_tags":null,"twitter_use_og":false,"twitter_card":"default","twitter_image_type":"default","twitter_image_url":null,"twitter_image_custom_url":null,"twitter_image_custom_fields":null,"twitter_title":null,"twitter_description":null,"schema":{"blockGraphs":[],"customGraphs":[],"default":{"data":{"Article":[],"Course":[],"Dataset":[],"FAQPage":[],"Movie":[],"Person":[],"Product":[],"ProductReview":[],"Car":[],"Recipe":[],"Service":[],"SoftwareApplication":[],"WebPage":[]},"graphName":"ItemPage","isEnabled":true},"graphs":[]},"schema_type":"default","schema_type_options":null,"pillar_content":false,"robots_default":true,"robots_noindex":false,"robots_noarchive":false,"robots_nosnippet":false,"robots_nofollow":false,"robots_noimageindex":false,"robots_noodp":false,"robots_notranslate":false,"robots_max_snippet":"-1","robots_max_videopreview":"-1","robots_max_imagepreview":"large","priority":null,"frequency":"default","local_seo":null,"seo_analyzer_scan_date":"2025-10-09 01:07:04","breadcrumb_settings":null,"limit_modified_date":false,"open_ai":"{\"title\":{\"suggestions\":[],\"usage\":0},\"description\":{\"suggestions\":[],\"usage\":0}}","ai":null,"created":"2024-02-07 13:23:17","updated":"2025-11-26 23:35:08"},"aioseo_breadcrumb":"<div class=\"aioseo-breadcrumbs\"><span class=\"aioseo-breadcrumb\">\n\t<a href=\"https:\/\/kornita.lt\/en\/\" title=\"Home\">Home<\/a>\n<\/span><span class=\"aioseo-breadcrumb-separator\">&raquo;<\/span><span class=\"aioseo-breadcrumb\">\n\t<a href=\"https:\/\/kornita.lt\/en\/shop-2\/\" title=\"Shop\">Shop<\/a>\n<\/span><span class=\"aioseo-breadcrumb-separator\">&raquo;<\/span><span class=\"aioseo-breadcrumb\">\n\t<a href=\"https:\/\/kornita.lt\/en\/product-category\/himalaju-druskos-gaminiai\/\" title=\"Himalaj\u0173 druskos gaminiai\">Himalaj\u0173 druskos gaminiai<\/a>\n<\/span><span class=\"aioseo-breadcrumb-separator\">&raquo;<\/span><span class=\"aioseo-breadcrumb\">\n\tHimalaj\u0173 druskos lempa, 3-5kg\n<\/span><\/div>","aioseo_breadcrumb_json":[{"label":"Home","link":"https:\/\/kornita.lt\/en\/"},{"label":"Shop","link":"https:\/\/kornita.lt\/en\/shop-2\/"},{"label":"Himalaj\u0173 druskos gaminiai","link":"https:\/\/kornita.lt\/en\/product-category\/himalaju-druskos-gaminiai\/"},{"label":"Himalaj\u0173 druskos lempa, 3-5kg","link":"https:\/\/kornita.lt\/en\/shop\/himalaju-druskos-gaminiai\/himalaju-druskos-lempa-3-5kg\/"}],"_links":{"self":[{"href":"https:\/\/kornita.lt\/en\/wp-json\/wp\/v2\/product\/16742","targetHints":{"allow":["GET"]}}],"collection":[{"href":"https:\/\/kornita.lt\/en\/wp-json\/wp\/v2\/product"}],"about":[{"href":"https:\/\/kornita.lt\/en\/wp-json\/wp\/v2\/types\/product"}],"replies":[{"embeddable":true,"href":"https:\/\/kornita.lt\/en\/wp-json\/wp\/v2\/comments?post=16742"}],"version-history":[{"count":1,"href":"https:\/\/kornita.lt\/en\/wp-json\/wp\/v2\/product\/16742\/revisions"}],"predecessor-version":[{"id":23835,"href":"https:\/\/kornita.lt\/en\/wp-json\/wp\/v2\/product\/16742\/revisions\/23835"}],"wp:featuredmedia":[{"embeddable":true,"href":"https:\/\/kornita.lt\/en\/wp-json\/wp\/v2\/media\/15862"}],"wp:attachment":[{"href":"https:\/\/kornita.lt\/en\/wp-json\/wp\/v2\/media?parent=16742"}],"wp:term":[{"taxonomy":"product_brand","embeddable":true,"href":"https:\/\/kornita.lt\/en\/wp-json\/wp\/v2\/product_brand?post=16742"},{"taxonomy":"product_cat","embeddable":true,"href":"https:\/\/kornita.lt\/en\/wp-json\/wp\/v2\/product_cat?post=16742"},{"taxonomy":"product_tag","embeddable":true,"href":"https:\/\/kornita.lt\/en\/wp-json\/wp\/v2\/product_tag?post=16742"}],"curies":[{"name":"wp","href":"https:\/\/api.w.org\/{rel}","templated":true}]}}