{"id":16741,"date":"2024-02-07T13:23:11","date_gmt":"2024-02-07T13:23:11","guid":{"rendered":"https:\/\/kornita.webfactory.lt\/?post_type=product&#038;p=16741"},"modified":"2026-03-30T11:23:20","modified_gmt":"2026-03-30T11:23:20","slug":"kefyro-raugas-4x05g","status":"publish","type":"product","link":"https:\/\/kornita.lt\/en\/shop\/jogurto-raugai\/kefyro-raugas-4x05g\/","title":{"rendered":"Kefyro raugas, 4&#215;0,5g"},"content":{"rendered":"<p><strong>Sudedamosios dalys:<\/strong> kefyro mikroflora.<\/p>\n<hr \/>\n<p><strong>Paruo\u0161imas:<\/strong> Pagaminti namin\u012f kefyr\u0105 yra labai paprasta. Jums reik\u0117s pieno pakelio (arba augalinio pieno) ir raugo. Galite rauginti ir puode, jogurtin\u0117je arba daugiafuknciniame puode, ta\u010diau pats papras\u010diausias b\u016bdas rauginti pieno pakuot\u0117je.<\/p>\n<p>Suberkite raug\u0105 \u012f kambario temperat\u016bros pien\u0105, i\u0161mai\u0161ykite. Jeigu naudojate augalin\u012f pien\u0105, atkreipkite d\u0117mes\u012f \u012f jo sud\u0117t\u012f. Joje netur\u0117t\u0173 b\u016bti joki\u0173 pried\u0173 tik gr\u016bdai\/s\u0117klos\/rie\u0161utai ir vanduo (pvz. soj\u0173 pupel\u0117s ir vanduo, migdolai ir vanduo). Vieno pakelio raugo u\u017etenka 1-3l pieno. Labai svarbu pradaryt\u0105 pakel\u012f sunaudoti nedelsiant.<\/p>\n<p>Palikite rauginti 16-24 valandas kambario temperat\u016broje (+22\u2026+25\u00b0C)<\/p>\n<p>Sutir\u0161t\u0117jus suplakite ir atv\u0117sinkite \u0161aldytuve.<\/p>\n<p>Paruo\u0161t\u0105 produkt\u0105 laikykite \u0161aldytuve iki 5 dien\u0173.<\/p>\n<hr \/>\n<p>Kilm\u0117s \u0161alis: <strong>Ukraina\u00a0<\/strong><\/p>\n","protected":false},"excerpt":{"rendered":"<p>Raugas naminio kefyro gaminimui, kurio pagrind\u0105 sudaro kefyro grybai. Naminis kefyras pasi\u017eymi ne tik puikiu skoniu, bet ir puikia sud\u0117timi. Produkte n\u0117ra kenksming\u0173 pried\u0173, j\u016bs patys kontroliuojate gamybos proces\u0105.<br \/>\nVIVO kefyre yra unikaliai nat\u016brali kefyro gryb\u0173 mikrofloros simbioz\u0117, susidedanti i\u0161 \u012fvairi\u0173 bakterij\u0173 r\u016b\u0161i\u0173 ir padermi\u0173. Tuo VIVO Kefyras skiriasi nuo daugelio biokefyro serijos produkt\u0173, kurie neturi nieko bendra su kefyro grybais ir kuri\u0173 sud\u0117tyje yra tik laktobacillus, o kartais ir bifidobakterij\u0173.<\/p>\n<p>Pagaminti gyv\u0105 namin\u012f kefyr\u0105 labai paprasta, kadangi jis sur\u016bgsta kambario temperat\u016broje. Naudojant nerieb\u0173 pien\u0105, pagaminsite ma\u017eai kalorij\u0173 turin\u012f g\u0117rim\u0105.<\/p>\n<p>&nbsp;<\/p>\n","protected":false},"featured_media":24098,"comment_status":"open","ping_status":"closed","template":"","meta":[],"product_brand":[],"product_cat":[71],"product_tag":[93,94],"class_list":{"0":"post-16741","1":"product","2":"type-product","3":"status-publish","4":"has-post-thumbnail","6":"product_cat-jogurto-raugai","7":"product_tag-naminis-kefyras","8":"product_tag-veganiskas-kefyras","9":"product_shipping_class-pristatymas","11":"first","12":"instock","13":"sale","14":"taxable","15":"shipping-taxable","16":"purchasable","17":"product-type-simple"},"aioseo_notices":[],"aioseo_head":"\n\t\t<!-- All in One SEO Pro 4.9.5.2 - aioseo.com -->\n\t<meta name=\"description\" content=\"Raugas naminio kefyro gaminimui, kurio pagrind\u0105 sudaro kefyro grybai. Naminis kefyras pasi\u017eymi ne tik puikiu skoniu, bet ir puikia sud\u0117timi. Produkte n\u0117ra kenksming\u0173 pried\u0173, j\u016bs patys kontroliuojate gamybos proces\u0105. VIVO kefyre yra unikaliai nat\u016brali kefyro gryb\u0173 mikrofloros simbioz\u0117, susidedanti i\u0161 \u012fvairi\u0173 bakterij\u0173 r\u016b\u0161i\u0173 ir padermi\u0173. Tuo VIVO Kefyras skiriasi nuo daugelio biokefyro serijos produkt\u0173, kurie neturi nieko bendra su kefyro grybais ir kuri\u0173 sud\u0117tyje yra tik laktobacillus, o kartais ir bifidobakterij\u0173. Pagaminti gyv\u0105 namin\u012f kefyr\u0105 labai paprasta, kadangi jis sur\u016bgsta kambario temperat\u016broje. Naudojant nerieb\u0173 pien\u0105, pagaminsite ma\u017eai kalorij\u0173 turin\u012f g\u0117rim\u0105.\" \/>\n\t<meta name=\"robots\" content=\"max-image-preview:large\" \/>\n\t<link rel=\"canonical\" href=\"https:\/\/kornita.lt\/en\/shop\/jogurto-raugai\/kefyro-raugas-4x05g\/\" \/>\n\t<meta name=\"generator\" content=\"All in One SEO Pro (AIOSEO) 4.9.5.2\" \/>\n\t\t<meta property=\"og:locale\" content=\"en_US\" \/>\n\t\t<meta property=\"og:site_name\" content=\"kornita -\" \/>\n\t\t<meta property=\"og:type\" content=\"article\" \/>\n\t\t<meta property=\"og:title\" content=\"Kefyro raugas, 4\u00d70,5g - kornita\" \/>\n\t\t<meta property=\"og:description\" content=\"Raugas naminio kefyro gaminimui, kurio pagrind\u0105 sudaro kefyro grybai. Naminis kefyras pasi\u017eymi ne tik puikiu skoniu, bet ir puikia sud\u0117timi. Produkte n\u0117ra kenksming\u0173 pried\u0173, j\u016bs patys kontroliuojate gamybos proces\u0105. VIVO kefyre yra unikaliai nat\u016brali kefyro gryb\u0173 mikrofloros simbioz\u0117, susidedanti i\u0161 \u012fvairi\u0173 bakterij\u0173 r\u016b\u0161i\u0173 ir padermi\u0173. Tuo VIVO Kefyras skiriasi nuo daugelio biokefyro serijos produkt\u0173, kurie neturi nieko bendra su kefyro grybais ir kuri\u0173 sud\u0117tyje yra tik laktobacillus, o kartais ir bifidobakterij\u0173. Pagaminti gyv\u0105 namin\u012f kefyr\u0105 labai paprasta, kadangi jis sur\u016bgsta kambario temperat\u016broje. Naudojant nerieb\u0173 pien\u0105, pagaminsite ma\u017eai kalorij\u0173 turin\u012f g\u0117rim\u0105.\" \/>\n\t\t<meta property=\"og:url\" content=\"https:\/\/kornita.lt\/en\/shop\/jogurto-raugai\/kefyro-raugas-4x05g\/\" \/>\n\t\t<meta property=\"og:image\" content=\"https:\/\/kornita.webfactory.lt\/wp-content\/uploads\/2023\/04\/korni-el-prekyba.png\" \/>\n\t\t<meta property=\"og:image:secure_url\" content=\"https:\/\/kornita.webfactory.lt\/wp-content\/uploads\/2023\/04\/korni-el-prekyba.png\" \/>\n\t\t<meta property=\"article:published_time\" content=\"2024-02-07T13:23:11+00:00\" \/>\n\t\t<meta property=\"article:modified_time\" content=\"2026-03-30T11:23:20+00:00\" \/>\n\t\t<meta property=\"article:publisher\" content=\"https:\/\/www.facebook.com\/kornita.lt\" \/>\n\t\t<meta name=\"twitter:card\" content=\"summary_large_image\" \/>\n\t\t<meta name=\"twitter:title\" content=\"Kefyro raugas, 4\u00d70,5g - kornita\" \/>\n\t\t<meta name=\"twitter:description\" content=\"Raugas naminio kefyro gaminimui, kurio pagrind\u0105 sudaro kefyro grybai. Naminis kefyras pasi\u017eymi ne tik puikiu skoniu, bet ir puikia sud\u0117timi. Produkte n\u0117ra kenksming\u0173 pried\u0173, j\u016bs patys kontroliuojate gamybos proces\u0105. VIVO kefyre yra unikaliai nat\u016brali kefyro gryb\u0173 mikrofloros simbioz\u0117, susidedanti i\u0161 \u012fvairi\u0173 bakterij\u0173 r\u016b\u0161i\u0173 ir padermi\u0173. Tuo VIVO Kefyras skiriasi nuo daugelio biokefyro serijos produkt\u0173, kurie neturi nieko bendra su kefyro grybais ir kuri\u0173 sud\u0117tyje yra tik laktobacillus, o kartais ir bifidobakterij\u0173. Pagaminti gyv\u0105 namin\u012f kefyr\u0105 labai paprasta, kadangi jis sur\u016bgsta kambario temperat\u016broje. Naudojant nerieb\u0173 pien\u0105, pagaminsite ma\u017eai kalorij\u0173 turin\u012f g\u0117rim\u0105.\" \/>\n\t\t<meta name=\"twitter:image\" content=\"http:\/\/kornita.webfactory.lt\/wp-content\/uploads\/2023\/04\/korni-el-prekyba.png\" \/>\n\t\t<script type=\"application\/ld+json\" class=\"aioseo-schema\">\n\t\t\t{\"@context\":\"https:\\\/\\\/schema.org\",\"@graph\":[{\"@type\":\"BreadcrumbList\",\"@id\":\"https:\\\/\\\/kornita.lt\\\/en\\\/shop\\\/jogurto-raugai\\\/kefyro-raugas-4x05g\\\/#breadcrumblist\",\"itemListElement\":[{\"@type\":\"ListItem\",\"@id\":\"https:\\\/\\\/kornita.lt\\\/en\\\/#listItem\",\"position\":1,\"name\":\"Home\",\"item\":\"https:\\\/\\\/kornita.lt\\\/en\\\/\",\"nextItem\":{\"@type\":\"ListItem\",\"@id\":\"https:\\\/\\\/kornita.lt\\\/en\\\/shop-2\\\/#listItem\",\"name\":\"Shop\"}},{\"@type\":\"ListItem\",\"@id\":\"https:\\\/\\\/kornita.lt\\\/en\\\/shop-2\\\/#listItem\",\"position\":2,\"name\":\"Shop\",\"item\":\"https:\\\/\\\/kornita.lt\\\/en\\\/shop-2\\\/\",\"nextItem\":{\"@type\":\"ListItem\",\"@id\":\"https:\\\/\\\/kornita.lt\\\/en\\\/product-category\\\/jogurto-raugai\\\/#listItem\",\"name\":\"Jogurto raugai\"},\"previousItem\":{\"@type\":\"ListItem\",\"@id\":\"https:\\\/\\\/kornita.lt\\\/en\\\/#listItem\",\"name\":\"Home\"}},{\"@type\":\"ListItem\",\"@id\":\"https:\\\/\\\/kornita.lt\\\/en\\\/product-category\\\/jogurto-raugai\\\/#listItem\",\"position\":3,\"name\":\"Jogurto raugai\",\"item\":\"https:\\\/\\\/kornita.lt\\\/en\\\/product-category\\\/jogurto-raugai\\\/\",\"nextItem\":{\"@type\":\"ListItem\",\"@id\":\"https:\\\/\\\/kornita.lt\\\/en\\\/shop\\\/jogurto-raugai\\\/kefyro-raugas-4x05g\\\/#listItem\",\"name\":\"Kefyro raugas, 4&#215;0,5g\"},\"previousItem\":{\"@type\":\"ListItem\",\"@id\":\"https:\\\/\\\/kornita.lt\\\/en\\\/shop-2\\\/#listItem\",\"name\":\"Shop\"}},{\"@type\":\"ListItem\",\"@id\":\"https:\\\/\\\/kornita.lt\\\/en\\\/shop\\\/jogurto-raugai\\\/kefyro-raugas-4x05g\\\/#listItem\",\"position\":4,\"name\":\"Kefyro raugas, 4&#215;0,5g\",\"previousItem\":{\"@type\":\"ListItem\",\"@id\":\"https:\\\/\\\/kornita.lt\\\/en\\\/product-category\\\/jogurto-raugai\\\/#listItem\",\"name\":\"Jogurto raugai\"}}]},{\"@type\":\"Organization\",\"@id\":\"https:\\\/\\\/kornita.lt\\\/en\\\/#organization\",\"name\":\"kornita\",\"url\":\"https:\\\/\\\/kornita.lt\\\/en\\\/\",\"telephone\":\"+37068581463\",\"logo\":{\"@type\":\"ImageObject\",\"url\":\"http:\\\/\\\/kornita.webfactory.lt\\\/wp-content\\\/uploads\\\/2023\\\/04\\\/korni-el-prekyba.png\",\"@id\":\"https:\\\/\\\/kornita.lt\\\/en\\\/shop\\\/jogurto-raugai\\\/kefyro-raugas-4x05g\\\/#organizationLogo\"},\"image\":{\"@id\":\"https:\\\/\\\/kornita.lt\\\/en\\\/shop\\\/jogurto-raugai\\\/kefyro-raugas-4x05g\\\/#organizationLogo\"},\"sameAs\":[\"https:\\\/\\\/www.facebook.com\\\/kornita.lt\"]},{\"@type\":\"Product\",\"@id\":\"https:\\\/\\\/kornita.lt\\\/en\\\/shop\\\/jogurto-raugai\\\/kefyro-raugas-4x05g\\\/#wooCommerceProduct\",\"name\":\"Kefyro raugas, 4x0,5g\",\"description\":\"Raugas naminio kefyro gaminimui, kurio pagrind\\u0105 sudaro kefyro grybai. Naminis kefyras pasi\\u017eymi ne tik puikiu skoniu, bet ir puikia sud\\u0117timi. Produkte n\\u0117ra kenksming\\u0173 pried\\u0173, j\\u016bs patys kontroliuojate gamybos proces\\u0105.\\r\\nVIVO kefyre yra unikaliai nat\\u016brali kefyro gryb\\u0173 mikrofloros simbioz\\u0117, susidedanti i\\u0161 \\u012fvairi\\u0173 bakterij\\u0173 r\\u016b\\u0161i\\u0173 ir padermi\\u0173. Tuo VIVO Kefyras skiriasi nuo daugelio biokefyro serijos produkt\\u0173, kurie neturi nieko bendra su kefyro grybais ir kuri\\u0173 sud\\u0117tyje yra tik laktobacillus, o kartais ir bifidobakterij\\u0173.\\r\\n\\r\\nPagaminti gyv\\u0105 namin\\u012f kefyr\\u0105 labai paprasta, kadangi jis sur\\u016bgsta kambario temperat\\u016broje. Naudojant nerieb\\u0173 pien\\u0105, pagaminsite ma\\u017eai kalorij\\u0173 turin\\u012f g\\u0117rim\\u0105.\\r\\n\\r\\n&nbsp;\",\"url\":\"https:\\\/\\\/kornita.lt\\\/en\\\/shop\\\/jogurto-raugai\\\/kefyro-raugas-4x05g\\\/\",\"sku\":\"4820148055351\",\"image\":{\"@type\":\"ImageObject\",\"url\":\"https:\\\/\\\/kornita.lt\\\/wp-content\\\/uploads\\\/2024\\\/02\\\/2019_kefir_en.jpg\",\"@id\":\"https:\\\/\\\/kornita.lt\\\/en\\\/shop\\\/jogurto-raugai\\\/kefyro-raugas-4x05g\\\/#productImage\",\"width\":590,\"height\":590},\"offers\":{\"@type\":\"Offer\",\"url\":\"https:\\\/\\\/kornita.lt\\\/en\\\/shop\\\/jogurto-raugai\\\/kefyro-raugas-4x05g\\\/#wooCommerceOffer\",\"price\":2.78,\"priceCurrency\":\"EUR\",\"category\":\"Jogurto raugai\",\"availability\":\"https:\\\/\\\/schema.org\\\/InStock\",\"priceSpecification\":{\"@type\":\"PriceSpecification\",\"price\":2.78,\"priceCurrency\":\"EUR\",\"valueAddedTaxIncluded\":\"true\"},\"seller\":{\"@type\":\"Organization\",\"@id\":\"https:\\\/\\\/kornita.lt\\\/en\\\/#organization\"}}},{\"@type\":\"WebPage\",\"@id\":\"https:\\\/\\\/kornita.lt\\\/en\\\/shop\\\/jogurto-raugai\\\/kefyro-raugas-4x05g\\\/#webpage\",\"url\":\"https:\\\/\\\/kornita.lt\\\/en\\\/shop\\\/jogurto-raugai\\\/kefyro-raugas-4x05g\\\/\",\"name\":\"Kefyro raugas, 4\\u00d70,5g - kornita\",\"description\":\"Raugas naminio kefyro gaminimui, kurio pagrind\\u0105 sudaro kefyro grybai. Naminis kefyras pasi\\u017eymi ne tik puikiu skoniu, bet ir puikia sud\\u0117timi. Produkte n\\u0117ra kenksming\\u0173 pried\\u0173, j\\u016bs patys kontroliuojate gamybos proces\\u0105. VIVO kefyre yra unikaliai nat\\u016brali kefyro gryb\\u0173 mikrofloros simbioz\\u0117, susidedanti i\\u0161 \\u012fvairi\\u0173 bakterij\\u0173 r\\u016b\\u0161i\\u0173 ir padermi\\u0173. Tuo VIVO Kefyras skiriasi nuo daugelio biokefyro serijos produkt\\u0173, kurie neturi nieko bendra su kefyro grybais ir kuri\\u0173 sud\\u0117tyje yra tik laktobacillus, o kartais ir bifidobakterij\\u0173. Pagaminti gyv\\u0105 namin\\u012f kefyr\\u0105 labai paprasta, kadangi jis sur\\u016bgsta kambario temperat\\u016broje. Naudojant nerieb\\u0173 pien\\u0105, pagaminsite ma\\u017eai kalorij\\u0173 turin\\u012f g\\u0117rim\\u0105.\",\"inLanguage\":\"en-US\",\"isPartOf\":{\"@id\":\"https:\\\/\\\/kornita.lt\\\/en\\\/#website\"},\"breadcrumb\":{\"@id\":\"https:\\\/\\\/kornita.lt\\\/en\\\/shop\\\/jogurto-raugai\\\/kefyro-raugas-4x05g\\\/#breadcrumblist\"},\"image\":{\"@type\":\"ImageObject\",\"url\":\"https:\\\/\\\/kornita.lt\\\/wp-content\\\/uploads\\\/2024\\\/02\\\/2019_kefir_en.jpg\",\"@id\":\"https:\\\/\\\/kornita.lt\\\/en\\\/shop\\\/jogurto-raugai\\\/kefyro-raugas-4x05g\\\/#mainImage\",\"width\":590,\"height\":590},\"primaryImageOfPage\":{\"@id\":\"https:\\\/\\\/kornita.lt\\\/en\\\/shop\\\/jogurto-raugai\\\/kefyro-raugas-4x05g\\\/#mainImage\"},\"datePublished\":\"2024-02-07T13:23:11+00:00\",\"dateModified\":\"2026-03-30T11:23:20+00:00\"},{\"@type\":\"WebSite\",\"@id\":\"https:\\\/\\\/kornita.lt\\\/en\\\/#website\",\"url\":\"https:\\\/\\\/kornita.lt\\\/en\\\/\",\"name\":\"kornita\",\"inLanguage\":\"en-US\",\"publisher\":{\"@id\":\"https:\\\/\\\/kornita.lt\\\/en\\\/#organization\"}}]}\n\t\t<\/script>\n\t\t<!-- All in One SEO Pro -->\r\n\t\t<title>Kefyro raugas, 4\u00d70,5g - kornita<\/title>\n\n","aioseo_head_json":{"title":"Kefyro raugas, 4\u00d70,5g - kornita","description":"Raugas naminio kefyro gaminimui, kurio pagrind\u0105 sudaro kefyro grybai. Naminis kefyras pasi\u017eymi ne tik puikiu skoniu, bet ir puikia sud\u0117timi. Produkte n\u0117ra kenksming\u0173 pried\u0173, j\u016bs patys kontroliuojate gamybos proces\u0105. VIVO kefyre yra unikaliai nat\u016brali kefyro gryb\u0173 mikrofloros simbioz\u0117, susidedanti i\u0161 \u012fvairi\u0173 bakterij\u0173 r\u016b\u0161i\u0173 ir padermi\u0173. Tuo VIVO Kefyras skiriasi nuo daugelio biokefyro serijos produkt\u0173, kurie neturi nieko bendra su kefyro grybais ir kuri\u0173 sud\u0117tyje yra tik laktobacillus, o kartais ir bifidobakterij\u0173. Pagaminti gyv\u0105 namin\u012f kefyr\u0105 labai paprasta, kadangi jis sur\u016bgsta kambario temperat\u016broje. Naudojant nerieb\u0173 pien\u0105, pagaminsite ma\u017eai kalorij\u0173 turin\u012f g\u0117rim\u0105.","canonical_url":"https:\/\/kornita.lt\/en\/shop\/jogurto-raugai\/kefyro-raugas-4x05g\/","robots":"max-image-preview:large","keywords":"","webmasterTools":{"miscellaneous":""},"schema":{"@context":"https:\/\/schema.org","@graph":[{"@type":"BreadcrumbList","@id":"https:\/\/kornita.lt\/en\/shop\/jogurto-raugai\/kefyro-raugas-4x05g\/#breadcrumblist","itemListElement":[{"@type":"ListItem","@id":"https:\/\/kornita.lt\/en\/#listItem","position":1,"name":"Home","item":"https:\/\/kornita.lt\/en\/","nextItem":{"@type":"ListItem","@id":"https:\/\/kornita.lt\/en\/shop-2\/#listItem","name":"Shop"}},{"@type":"ListItem","@id":"https:\/\/kornita.lt\/en\/shop-2\/#listItem","position":2,"name":"Shop","item":"https:\/\/kornita.lt\/en\/shop-2\/","nextItem":{"@type":"ListItem","@id":"https:\/\/kornita.lt\/en\/product-category\/jogurto-raugai\/#listItem","name":"Jogurto raugai"},"previousItem":{"@type":"ListItem","@id":"https:\/\/kornita.lt\/en\/#listItem","name":"Home"}},{"@type":"ListItem","@id":"https:\/\/kornita.lt\/en\/product-category\/jogurto-raugai\/#listItem","position":3,"name":"Jogurto raugai","item":"https:\/\/kornita.lt\/en\/product-category\/jogurto-raugai\/","nextItem":{"@type":"ListItem","@id":"https:\/\/kornita.lt\/en\/shop\/jogurto-raugai\/kefyro-raugas-4x05g\/#listItem","name":"Kefyro raugas, 4&#215;0,5g"},"previousItem":{"@type":"ListItem","@id":"https:\/\/kornita.lt\/en\/shop-2\/#listItem","name":"Shop"}},{"@type":"ListItem","@id":"https:\/\/kornita.lt\/en\/shop\/jogurto-raugai\/kefyro-raugas-4x05g\/#listItem","position":4,"name":"Kefyro raugas, 4&#215;0,5g","previousItem":{"@type":"ListItem","@id":"https:\/\/kornita.lt\/en\/product-category\/jogurto-raugai\/#listItem","name":"Jogurto raugai"}}]},{"@type":"Organization","@id":"https:\/\/kornita.lt\/en\/#organization","name":"kornita","url":"https:\/\/kornita.lt\/en\/","telephone":"+37068581463","logo":{"@type":"ImageObject","url":"http:\/\/kornita.webfactory.lt\/wp-content\/uploads\/2023\/04\/korni-el-prekyba.png","@id":"https:\/\/kornita.lt\/en\/shop\/jogurto-raugai\/kefyro-raugas-4x05g\/#organizationLogo"},"image":{"@id":"https:\/\/kornita.lt\/en\/shop\/jogurto-raugai\/kefyro-raugas-4x05g\/#organizationLogo"},"sameAs":["https:\/\/www.facebook.com\/kornita.lt"]},{"@type":"Product","@id":"https:\/\/kornita.lt\/en\/shop\/jogurto-raugai\/kefyro-raugas-4x05g\/#wooCommerceProduct","name":"Kefyro raugas, 4x0,5g","description":"Raugas naminio kefyro gaminimui, kurio pagrind\u0105 sudaro kefyro grybai. Naminis kefyras pasi\u017eymi ne tik puikiu skoniu, bet ir puikia sud\u0117timi. Produkte n\u0117ra kenksming\u0173 pried\u0173, j\u016bs patys kontroliuojate gamybos proces\u0105.\r\nVIVO kefyre yra unikaliai nat\u016brali kefyro gryb\u0173 mikrofloros simbioz\u0117, susidedanti i\u0161 \u012fvairi\u0173 bakterij\u0173 r\u016b\u0161i\u0173 ir padermi\u0173. Tuo VIVO Kefyras skiriasi nuo daugelio biokefyro serijos produkt\u0173, kurie neturi nieko bendra su kefyro grybais ir kuri\u0173 sud\u0117tyje yra tik laktobacillus, o kartais ir bifidobakterij\u0173.\r\n\r\nPagaminti gyv\u0105 namin\u012f kefyr\u0105 labai paprasta, kadangi jis sur\u016bgsta kambario temperat\u016broje. Naudojant nerieb\u0173 pien\u0105, pagaminsite ma\u017eai kalorij\u0173 turin\u012f g\u0117rim\u0105.\r\n\r\n&nbsp;","url":"https:\/\/kornita.lt\/en\/shop\/jogurto-raugai\/kefyro-raugas-4x05g\/","sku":"4820148055351","image":{"@type":"ImageObject","url":"https:\/\/kornita.lt\/wp-content\/uploads\/2024\/02\/2019_kefir_en.jpg","@id":"https:\/\/kornita.lt\/en\/shop\/jogurto-raugai\/kefyro-raugas-4x05g\/#productImage","width":590,"height":590},"offers":{"@type":"Offer","url":"https:\/\/kornita.lt\/en\/shop\/jogurto-raugai\/kefyro-raugas-4x05g\/#wooCommerceOffer","price":2.78,"priceCurrency":"EUR","category":"Jogurto raugai","availability":"https:\/\/schema.org\/InStock","priceSpecification":{"@type":"PriceSpecification","price":2.78,"priceCurrency":"EUR","valueAddedTaxIncluded":"true"},"seller":{"@type":"Organization","@id":"https:\/\/kornita.lt\/en\/#organization"}}},{"@type":"WebPage","@id":"https:\/\/kornita.lt\/en\/shop\/jogurto-raugai\/kefyro-raugas-4x05g\/#webpage","url":"https:\/\/kornita.lt\/en\/shop\/jogurto-raugai\/kefyro-raugas-4x05g\/","name":"Kefyro raugas, 4\u00d70,5g - kornita","description":"Raugas naminio kefyro gaminimui, kurio pagrind\u0105 sudaro kefyro grybai. Naminis kefyras pasi\u017eymi ne tik puikiu skoniu, bet ir puikia sud\u0117timi. Produkte n\u0117ra kenksming\u0173 pried\u0173, j\u016bs patys kontroliuojate gamybos proces\u0105. VIVO kefyre yra unikaliai nat\u016brali kefyro gryb\u0173 mikrofloros simbioz\u0117, susidedanti i\u0161 \u012fvairi\u0173 bakterij\u0173 r\u016b\u0161i\u0173 ir padermi\u0173. Tuo VIVO Kefyras skiriasi nuo daugelio biokefyro serijos produkt\u0173, kurie neturi nieko bendra su kefyro grybais ir kuri\u0173 sud\u0117tyje yra tik laktobacillus, o kartais ir bifidobakterij\u0173. Pagaminti gyv\u0105 namin\u012f kefyr\u0105 labai paprasta, kadangi jis sur\u016bgsta kambario temperat\u016broje. Naudojant nerieb\u0173 pien\u0105, pagaminsite ma\u017eai kalorij\u0173 turin\u012f g\u0117rim\u0105.","inLanguage":"en-US","isPartOf":{"@id":"https:\/\/kornita.lt\/en\/#website"},"breadcrumb":{"@id":"https:\/\/kornita.lt\/en\/shop\/jogurto-raugai\/kefyro-raugas-4x05g\/#breadcrumblist"},"image":{"@type":"ImageObject","url":"https:\/\/kornita.lt\/wp-content\/uploads\/2024\/02\/2019_kefir_en.jpg","@id":"https:\/\/kornita.lt\/en\/shop\/jogurto-raugai\/kefyro-raugas-4x05g\/#mainImage","width":590,"height":590},"primaryImageOfPage":{"@id":"https:\/\/kornita.lt\/en\/shop\/jogurto-raugai\/kefyro-raugas-4x05g\/#mainImage"},"datePublished":"2024-02-07T13:23:11+00:00","dateModified":"2026-03-30T11:23:20+00:00"},{"@type":"WebSite","@id":"https:\/\/kornita.lt\/en\/#website","url":"https:\/\/kornita.lt\/en\/","name":"kornita","inLanguage":"en-US","publisher":{"@id":"https:\/\/kornita.lt\/en\/#organization"}}]},"og:locale":"en_US","og:site_name":"kornita -","og:type":"article","og:title":"Kefyro raugas, 4\u00d70,5g - kornita","og:description":"Raugas naminio kefyro gaminimui, kurio pagrind\u0105 sudaro kefyro grybai. Naminis kefyras pasi\u017eymi ne tik puikiu skoniu, bet ir puikia sud\u0117timi. Produkte n\u0117ra kenksming\u0173 pried\u0173, j\u016bs patys kontroliuojate gamybos proces\u0105. VIVO kefyre yra unikaliai nat\u016brali kefyro gryb\u0173 mikrofloros simbioz\u0117, susidedanti i\u0161 \u012fvairi\u0173 bakterij\u0173 r\u016b\u0161i\u0173 ir padermi\u0173. Tuo VIVO Kefyras skiriasi nuo daugelio biokefyro serijos produkt\u0173, kurie neturi nieko bendra su kefyro grybais ir kuri\u0173 sud\u0117tyje yra tik laktobacillus, o kartais ir bifidobakterij\u0173. Pagaminti gyv\u0105 namin\u012f kefyr\u0105 labai paprasta, kadangi jis sur\u016bgsta kambario temperat\u016broje. Naudojant nerieb\u0173 pien\u0105, pagaminsite ma\u017eai kalorij\u0173 turin\u012f g\u0117rim\u0105.","og:url":"https:\/\/kornita.lt\/en\/shop\/jogurto-raugai\/kefyro-raugas-4x05g\/","og:image":"https:\/\/kornita.webfactory.lt\/wp-content\/uploads\/2023\/04\/korni-el-prekyba.png","og:image:secure_url":"https:\/\/kornita.webfactory.lt\/wp-content\/uploads\/2023\/04\/korni-el-prekyba.png","article:published_time":"2024-02-07T13:23:11+00:00","article:modified_time":"2026-03-30T11:23:20+00:00","article:publisher":"https:\/\/www.facebook.com\/kornita.lt","twitter:card":"summary_large_image","twitter:title":"Kefyro raugas, 4\u00d70,5g - kornita","twitter:description":"Raugas naminio kefyro gaminimui, kurio pagrind\u0105 sudaro kefyro grybai. Naminis kefyras pasi\u017eymi ne tik puikiu skoniu, bet ir puikia sud\u0117timi. Produkte n\u0117ra kenksming\u0173 pried\u0173, j\u016bs patys kontroliuojate gamybos proces\u0105. VIVO kefyre yra unikaliai nat\u016brali kefyro gryb\u0173 mikrofloros simbioz\u0117, susidedanti i\u0161 \u012fvairi\u0173 bakterij\u0173 r\u016b\u0161i\u0173 ir padermi\u0173. Tuo VIVO Kefyras skiriasi nuo daugelio biokefyro serijos produkt\u0173, kurie neturi nieko bendra su kefyro grybais ir kuri\u0173 sud\u0117tyje yra tik laktobacillus, o kartais ir bifidobakterij\u0173. Pagaminti gyv\u0105 namin\u012f kefyr\u0105 labai paprasta, kadangi jis sur\u016bgsta kambario temperat\u016broje. Naudojant nerieb\u0173 pien\u0105, pagaminsite ma\u017eai kalorij\u0173 turin\u012f g\u0117rim\u0105.","twitter:image":"http:\/\/kornita.webfactory.lt\/wp-content\/uploads\/2023\/04\/korni-el-prekyba.png"},"aioseo_meta_data":{"post_id":"16741","title":null,"description":null,"keywords":null,"keyphrases":{"focus":{"keyphrase":"","score":0,"analysis":{"keyphraseInTitle":{"score":0,"maxScore":9,"error":1}}},"additional":[]},"primary_term":null,"canonical_url":null,"og_title":null,"og_description":null,"og_object_type":"default","og_image_type":"default","og_image_url":null,"og_image_width":null,"og_image_height":null,"og_image_custom_url":null,"og_image_custom_fields":null,"og_video":"","og_custom_url":null,"og_article_section":null,"og_article_tags":null,"twitter_use_og":false,"twitter_card":"default","twitter_image_type":"default","twitter_image_url":null,"twitter_image_custom_url":null,"twitter_image_custom_fields":null,"twitter_title":null,"twitter_description":null,"schema":{"blockGraphs":[],"customGraphs":[],"default":{"data":{"Article":[],"Course":[],"Dataset":[],"FAQPage":[],"Movie":[],"Person":[],"Product":[],"ProductReview":[],"Car":[],"Recipe":[],"Service":[],"SoftwareApplication":[],"WebPage":[]},"graphName":"Product","isEnabled":true},"graphs":[]},"schema_type":"default","schema_type_options":null,"pillar_content":false,"robots_default":true,"robots_noindex":false,"robots_noarchive":false,"robots_nosnippet":false,"robots_nofollow":false,"robots_noimageindex":false,"robots_noodp":false,"robots_notranslate":false,"robots_max_snippet":"-1","robots_max_videopreview":"-1","robots_max_imagepreview":"large","priority":null,"frequency":"default","local_seo":null,"seo_analyzer_scan_date":"2026-03-30 12:44:35","breadcrumb_settings":null,"limit_modified_date":false,"open_ai":"{\"title\":{\"suggestions\":[],\"usage\":0},\"description\":{\"suggestions\":[],\"usage\":0}}","ai":{"faqs":[],"keyPoints":[],"titles":[],"descriptions":[],"socialPosts":{"email":[],"linkedin":[],"twitter":[],"facebook":[],"instagram":[]}},"created":"2024-02-07 13:23:16","updated":"2026-03-30 12:44:35"},"aioseo_breadcrumb":"<div class=\"aioseo-breadcrumbs\"><span class=\"aioseo-breadcrumb\">\n\t<a href=\"https:\/\/kornita.lt\/en\/\" title=\"Home\">Home<\/a>\n<\/span><span class=\"aioseo-breadcrumb-separator\">&raquo;<\/span><span class=\"aioseo-breadcrumb\">\n\t<a href=\"https:\/\/kornita.lt\/en\/shop-2\/\" title=\"Shop\">Shop<\/a>\n<\/span><span class=\"aioseo-breadcrumb-separator\">&raquo;<\/span><span class=\"aioseo-breadcrumb\">\n\t<a href=\"https:\/\/kornita.lt\/en\/product-category\/jogurto-raugai\/\" title=\"Jogurto raugai\">Jogurto raugai<\/a>\n<\/span><span class=\"aioseo-breadcrumb-separator\">&raquo;<\/span><span class=\"aioseo-breadcrumb\">\n\tKefyro raugas, 4\u00d70,5g\n<\/span><\/div>","aioseo_breadcrumb_json":[{"label":"Home","link":"https:\/\/kornita.lt\/en\/"},{"label":"Shop","link":"https:\/\/kornita.lt\/en\/shop-2\/"},{"label":"Jogurto raugai","link":"https:\/\/kornita.lt\/en\/product-category\/jogurto-raugai\/"},{"label":"Kefyro raugas, 4&#215;0,5g","link":"https:\/\/kornita.lt\/en\/shop\/jogurto-raugai\/kefyro-raugas-4x05g\/"}],"_links":{"self":[{"href":"https:\/\/kornita.lt\/en\/wp-json\/wp\/v2\/product\/16741","targetHints":{"allow":["GET"]}}],"collection":[{"href":"https:\/\/kornita.lt\/en\/wp-json\/wp\/v2\/product"}],"about":[{"href":"https:\/\/kornita.lt\/en\/wp-json\/wp\/v2\/types\/product"}],"replies":[{"embeddable":true,"href":"https:\/\/kornita.lt\/en\/wp-json\/wp\/v2\/comments?post=16741"}],"version-history":[{"count":1,"href":"https:\/\/kornita.lt\/en\/wp-json\/wp\/v2\/product\/16741\/revisions"}],"predecessor-version":[{"id":23669,"href":"https:\/\/kornita.lt\/en\/wp-json\/wp\/v2\/product\/16741\/revisions\/23669"}],"wp:featuredmedia":[{"embeddable":true,"href":"https:\/\/kornita.lt\/en\/wp-json\/wp\/v2\/media\/24098"}],"wp:attachment":[{"href":"https:\/\/kornita.lt\/en\/wp-json\/wp\/v2\/media?parent=16741"}],"wp:term":[{"taxonomy":"product_brand","embeddable":true,"href":"https:\/\/kornita.lt\/en\/wp-json\/wp\/v2\/product_brand?post=16741"},{"taxonomy":"product_cat","embeddable":true,"href":"https:\/\/kornita.lt\/en\/wp-json\/wp\/v2\/product_cat?post=16741"},{"taxonomy":"product_tag","embeddable":true,"href":"https:\/\/kornita.lt\/en\/wp-json\/wp\/v2\/product_tag?post=16741"}],"curies":[{"name":"wp","href":"https:\/\/api.w.org\/{rel}","templated":true}]}}