{"id":16737,"date":"2024-02-07T13:23:10","date_gmt":"2024-02-07T13:23:10","guid":{"rendered":"https:\/\/kornita.webfactory.lt\/?post_type=product&#038;p=16737"},"modified":"2025-05-19T08:47:10","modified_gmt":"2025-05-19T08:47:10","slug":"lietuvos-valstybes-veliava","status":"publish","type":"product","link":"https:\/\/kornita.lt\/en\/shop\/veliavos\/lietuvos-valstybes-veliava\/","title":{"rendered":"Lietuvos valstyb\u0117s v\u0117liava"},"content":{"rendered":"<p><em>NEMOKAMAS V\u0116LIAVOS PRISTATYMAS \u012e PA\u0160TOMATUS!!!<\/em><\/p>\n<p><em>Lietuvos valstyb\u0117s v\u0117liava. 100 proc. auk\u0161tos kokyb\u0117s poliesteris. Svoris 110 g.\/kv.m.<\/em><\/p>\n<p>Kabinama ant koto (su ki\u0161ene ir rai\u0161teliais).<\/p>\n","protected":false},"excerpt":{"rendered":"<p>I\u0161matavimai 170&#215;100 cm. Kabinama ant koto<\/p>\n","protected":false},"featured_media":15844,"comment_status":"open","ping_status":"closed","template":"","meta":[],"product_brand":[],"product_cat":[78],"product_tag":[79,80,81,82,83],"class_list":{"0":"post-16737","1":"product","2":"type-product","3":"status-publish","4":"has-post-thumbnail","6":"product_cat-veliavos","7":"product_tag-lietuvos-valstybes-veliava","8":"product_tag-lietuvos-veliava","9":"product_tag-pigi-veliava","10":"product_tag-veliava-ant-koto","11":"product_tag-veliava-ant-stiebo","13":"first","14":"instock","15":"taxable","16":"shipping-taxable","17":"purchasable","18":"product-type-simple"},"aioseo_notices":[],"aioseo_head":"\n\t\t<!-- All in One SEO Pro 4.9.5.2 - aioseo.com -->\n\t<meta name=\"description\" content=\"I\u0161matavimai 170x100 cm. Kabinama ant koto\" \/>\n\t<meta name=\"robots\" content=\"max-image-preview:large\" \/>\n\t<link rel=\"canonical\" href=\"https:\/\/kornita.lt\/en\/shop\/veliavos\/lietuvos-valstybes-veliava\/\" \/>\n\t<meta name=\"generator\" content=\"All in One SEO Pro (AIOSEO) 4.9.5.2\" \/>\n\t\t<meta property=\"og:locale\" content=\"en_US\" \/>\n\t\t<meta property=\"og:site_name\" content=\"kornita -\" \/>\n\t\t<meta property=\"og:type\" content=\"article\" \/>\n\t\t<meta property=\"og:title\" content=\"Lietuvos valstyb\u0117s v\u0117liava - kornita\" \/>\n\t\t<meta property=\"og:description\" content=\"I\u0161matavimai 170x100 cm. Kabinama ant koto\" \/>\n\t\t<meta property=\"og:url\" content=\"https:\/\/kornita.lt\/en\/shop\/veliavos\/lietuvos-valstybes-veliava\/\" \/>\n\t\t<meta property=\"og:image\" content=\"https:\/\/kornita.webfactory.lt\/wp-content\/uploads\/2023\/04\/korni-el-prekyba.png\" \/>\n\t\t<meta property=\"og:image:secure_url\" content=\"https:\/\/kornita.webfactory.lt\/wp-content\/uploads\/2023\/04\/korni-el-prekyba.png\" \/>\n\t\t<meta property=\"article:published_time\" content=\"2024-02-07T13:23:10+00:00\" \/>\n\t\t<meta property=\"article:modified_time\" content=\"2025-05-19T08:47:10+00:00\" \/>\n\t\t<meta property=\"article:publisher\" content=\"https:\/\/www.facebook.com\/kornita.lt\" \/>\n\t\t<meta name=\"twitter:card\" content=\"summary_large_image\" \/>\n\t\t<meta name=\"twitter:title\" content=\"Lietuvos valstyb\u0117s v\u0117liava - kornita\" \/>\n\t\t<meta name=\"twitter:description\" content=\"I\u0161matavimai 170x100 cm. Kabinama ant koto\" \/>\n\t\t<meta name=\"twitter:image\" content=\"http:\/\/kornita.webfactory.lt\/wp-content\/uploads\/2023\/04\/korni-el-prekyba.png\" \/>\n\t\t<script type=\"application\/ld+json\" class=\"aioseo-schema\">\n\t\t\t{\"@context\":\"https:\\\/\\\/schema.org\",\"@graph\":[{\"@type\":\"BreadcrumbList\",\"@id\":\"https:\\\/\\\/kornita.lt\\\/en\\\/shop\\\/veliavos\\\/lietuvos-valstybes-veliava\\\/#breadcrumblist\",\"itemListElement\":[{\"@type\":\"ListItem\",\"@id\":\"https:\\\/\\\/kornita.lt\\\/en\\\/#listItem\",\"position\":1,\"name\":\"Home\",\"item\":\"https:\\\/\\\/kornita.lt\\\/en\\\/\",\"nextItem\":{\"@type\":\"ListItem\",\"@id\":\"https:\\\/\\\/kornita.lt\\\/en\\\/shop-2\\\/#listItem\",\"name\":\"Shop\"}},{\"@type\":\"ListItem\",\"@id\":\"https:\\\/\\\/kornita.lt\\\/en\\\/shop-2\\\/#listItem\",\"position\":2,\"name\":\"Shop\",\"item\":\"https:\\\/\\\/kornita.lt\\\/en\\\/shop-2\\\/\",\"nextItem\":{\"@type\":\"ListItem\",\"@id\":\"https:\\\/\\\/kornita.lt\\\/en\\\/product-category\\\/veliavos\\\/#listItem\",\"name\":\"V\\u0117liavos\"},\"previousItem\":{\"@type\":\"ListItem\",\"@id\":\"https:\\\/\\\/kornita.lt\\\/en\\\/#listItem\",\"name\":\"Home\"}},{\"@type\":\"ListItem\",\"@id\":\"https:\\\/\\\/kornita.lt\\\/en\\\/product-category\\\/veliavos\\\/#listItem\",\"position\":3,\"name\":\"V\\u0117liavos\",\"item\":\"https:\\\/\\\/kornita.lt\\\/en\\\/product-category\\\/veliavos\\\/\",\"nextItem\":{\"@type\":\"ListItem\",\"@id\":\"https:\\\/\\\/kornita.lt\\\/en\\\/shop\\\/veliavos\\\/lietuvos-valstybes-veliava\\\/#listItem\",\"name\":\"Lietuvos valstyb\\u0117s v\\u0117liava\"},\"previousItem\":{\"@type\":\"ListItem\",\"@id\":\"https:\\\/\\\/kornita.lt\\\/en\\\/shop-2\\\/#listItem\",\"name\":\"Shop\"}},{\"@type\":\"ListItem\",\"@id\":\"https:\\\/\\\/kornita.lt\\\/en\\\/shop\\\/veliavos\\\/lietuvos-valstybes-veliava\\\/#listItem\",\"position\":4,\"name\":\"Lietuvos valstyb\\u0117s v\\u0117liava\",\"previousItem\":{\"@type\":\"ListItem\",\"@id\":\"https:\\\/\\\/kornita.lt\\\/en\\\/product-category\\\/veliavos\\\/#listItem\",\"name\":\"V\\u0117liavos\"}}]},{\"@type\":\"Organization\",\"@id\":\"https:\\\/\\\/kornita.lt\\\/en\\\/#organization\",\"name\":\"kornita\",\"url\":\"https:\\\/\\\/kornita.lt\\\/en\\\/\",\"telephone\":\"+37068581463\",\"logo\":{\"@type\":\"ImageObject\",\"url\":\"http:\\\/\\\/kornita.webfactory.lt\\\/wp-content\\\/uploads\\\/2023\\\/04\\\/korni-el-prekyba.png\",\"@id\":\"https:\\\/\\\/kornita.lt\\\/en\\\/shop\\\/veliavos\\\/lietuvos-valstybes-veliava\\\/#organizationLogo\"},\"image\":{\"@id\":\"https:\\\/\\\/kornita.lt\\\/en\\\/shop\\\/veliavos\\\/lietuvos-valstybes-veliava\\\/#organizationLogo\"},\"sameAs\":[\"https:\\\/\\\/www.facebook.com\\\/kornita.lt\"]},{\"@type\":\"Product\",\"@id\":\"https:\\\/\\\/kornita.lt\\\/en\\\/shop\\\/veliavos\\\/lietuvos-valstybes-veliava\\\/#wooCommerceProduct\",\"name\":\"Lietuvos valstyb\\u0117s v\\u0117liava\",\"description\":\"I\\u0161matavimai 170x100 cm. Kabinama ant koto\",\"url\":\"https:\\\/\\\/kornita.lt\\\/en\\\/shop\\\/veliavos\\\/lietuvos-valstybes-veliava\\\/\",\"sku\":\"4900490011110\",\"image\":{\"@type\":\"ImageObject\",\"url\":\"https:\\\/\\\/kornita.lt\\\/wp-content\\\/uploads\\\/2023\\\/09\\\/lietuvos-valstybes-veliava.jpg\",\"@id\":\"https:\\\/\\\/kornita.lt\\\/en\\\/shop\\\/veliavos\\\/lietuvos-valstybes-veliava\\\/#productImage\",\"width\":424,\"height\":565},\"offers\":{\"@type\":\"Offer\",\"url\":\"https:\\\/\\\/kornita.lt\\\/en\\\/shop\\\/veliavos\\\/lietuvos-valstybes-veliava\\\/#wooCommerceOffer\",\"price\":8.99,\"priceCurrency\":\"EUR\",\"category\":\"V\\u0117liavos\",\"availability\":\"https:\\\/\\\/schema.org\\\/InStock\",\"priceSpecification\":{\"@type\":\"PriceSpecification\",\"price\":8.99,\"priceCurrency\":\"EUR\",\"valueAddedTaxIncluded\":\"true\"},\"seller\":{\"@type\":\"Organization\",\"@id\":\"https:\\\/\\\/kornita.lt\\\/en\\\/#organization\"}}},{\"@type\":\"WebPage\",\"@id\":\"https:\\\/\\\/kornita.lt\\\/en\\\/shop\\\/veliavos\\\/lietuvos-valstybes-veliava\\\/#webpage\",\"url\":\"https:\\\/\\\/kornita.lt\\\/en\\\/shop\\\/veliavos\\\/lietuvos-valstybes-veliava\\\/\",\"name\":\"Lietuvos valstyb\\u0117s v\\u0117liava - kornita\",\"description\":\"I\\u0161matavimai 170x100 cm. Kabinama ant koto\",\"inLanguage\":\"en-US\",\"isPartOf\":{\"@id\":\"https:\\\/\\\/kornita.lt\\\/en\\\/#website\"},\"breadcrumb\":{\"@id\":\"https:\\\/\\\/kornita.lt\\\/en\\\/shop\\\/veliavos\\\/lietuvos-valstybes-veliava\\\/#breadcrumblist\"},\"image\":{\"@type\":\"ImageObject\",\"url\":\"https:\\\/\\\/kornita.lt\\\/wp-content\\\/uploads\\\/2023\\\/09\\\/lietuvos-valstybes-veliava.jpg\",\"@id\":\"https:\\\/\\\/kornita.lt\\\/en\\\/shop\\\/veliavos\\\/lietuvos-valstybes-veliava\\\/#mainImage\",\"width\":424,\"height\":565},\"primaryImageOfPage\":{\"@id\":\"https:\\\/\\\/kornita.lt\\\/en\\\/shop\\\/veliavos\\\/lietuvos-valstybes-veliava\\\/#mainImage\"},\"datePublished\":\"2024-02-07T13:23:10+00:00\",\"dateModified\":\"2025-05-19T08:47:10+00:00\"},{\"@type\":\"WebSite\",\"@id\":\"https:\\\/\\\/kornita.lt\\\/en\\\/#website\",\"url\":\"https:\\\/\\\/kornita.lt\\\/en\\\/\",\"name\":\"kornita\",\"inLanguage\":\"en-US\",\"publisher\":{\"@id\":\"https:\\\/\\\/kornita.lt\\\/en\\\/#organization\"}}]}\n\t\t<\/script>\n\t\t<!-- All in One SEO Pro -->\r\n\t\t<title>Lietuvos valstyb\u0117s v\u0117liava - kornita<\/title>\n\n","aioseo_head_json":{"title":"Lietuvos valstyb\u0117s v\u0117liava - kornita","description":"I\u0161matavimai 170x100 cm. Kabinama ant koto","canonical_url":"https:\/\/kornita.lt\/en\/shop\/veliavos\/lietuvos-valstybes-veliava\/","robots":"max-image-preview:large","keywords":"","webmasterTools":{"miscellaneous":""},"schema":{"@context":"https:\/\/schema.org","@graph":[{"@type":"BreadcrumbList","@id":"https:\/\/kornita.lt\/en\/shop\/veliavos\/lietuvos-valstybes-veliava\/#breadcrumblist","itemListElement":[{"@type":"ListItem","@id":"https:\/\/kornita.lt\/en\/#listItem","position":1,"name":"Home","item":"https:\/\/kornita.lt\/en\/","nextItem":{"@type":"ListItem","@id":"https:\/\/kornita.lt\/en\/shop-2\/#listItem","name":"Shop"}},{"@type":"ListItem","@id":"https:\/\/kornita.lt\/en\/shop-2\/#listItem","position":2,"name":"Shop","item":"https:\/\/kornita.lt\/en\/shop-2\/","nextItem":{"@type":"ListItem","@id":"https:\/\/kornita.lt\/en\/product-category\/veliavos\/#listItem","name":"V\u0117liavos"},"previousItem":{"@type":"ListItem","@id":"https:\/\/kornita.lt\/en\/#listItem","name":"Home"}},{"@type":"ListItem","@id":"https:\/\/kornita.lt\/en\/product-category\/veliavos\/#listItem","position":3,"name":"V\u0117liavos","item":"https:\/\/kornita.lt\/en\/product-category\/veliavos\/","nextItem":{"@type":"ListItem","@id":"https:\/\/kornita.lt\/en\/shop\/veliavos\/lietuvos-valstybes-veliava\/#listItem","name":"Lietuvos valstyb\u0117s v\u0117liava"},"previousItem":{"@type":"ListItem","@id":"https:\/\/kornita.lt\/en\/shop-2\/#listItem","name":"Shop"}},{"@type":"ListItem","@id":"https:\/\/kornita.lt\/en\/shop\/veliavos\/lietuvos-valstybes-veliava\/#listItem","position":4,"name":"Lietuvos valstyb\u0117s v\u0117liava","previousItem":{"@type":"ListItem","@id":"https:\/\/kornita.lt\/en\/product-category\/veliavos\/#listItem","name":"V\u0117liavos"}}]},{"@type":"Organization","@id":"https:\/\/kornita.lt\/en\/#organization","name":"kornita","url":"https:\/\/kornita.lt\/en\/","telephone":"+37068581463","logo":{"@type":"ImageObject","url":"http:\/\/kornita.webfactory.lt\/wp-content\/uploads\/2023\/04\/korni-el-prekyba.png","@id":"https:\/\/kornita.lt\/en\/shop\/veliavos\/lietuvos-valstybes-veliava\/#organizationLogo"},"image":{"@id":"https:\/\/kornita.lt\/en\/shop\/veliavos\/lietuvos-valstybes-veliava\/#organizationLogo"},"sameAs":["https:\/\/www.facebook.com\/kornita.lt"]},{"@type":"Product","@id":"https:\/\/kornita.lt\/en\/shop\/veliavos\/lietuvos-valstybes-veliava\/#wooCommerceProduct","name":"Lietuvos valstyb\u0117s v\u0117liava","description":"I\u0161matavimai 170x100 cm. Kabinama ant koto","url":"https:\/\/kornita.lt\/en\/shop\/veliavos\/lietuvos-valstybes-veliava\/","sku":"4900490011110","image":{"@type":"ImageObject","url":"https:\/\/kornita.lt\/wp-content\/uploads\/2023\/09\/lietuvos-valstybes-veliava.jpg","@id":"https:\/\/kornita.lt\/en\/shop\/veliavos\/lietuvos-valstybes-veliava\/#productImage","width":424,"height":565},"offers":{"@type":"Offer","url":"https:\/\/kornita.lt\/en\/shop\/veliavos\/lietuvos-valstybes-veliava\/#wooCommerceOffer","price":8.99,"priceCurrency":"EUR","category":"V\u0117liavos","availability":"https:\/\/schema.org\/InStock","priceSpecification":{"@type":"PriceSpecification","price":8.99,"priceCurrency":"EUR","valueAddedTaxIncluded":"true"},"seller":{"@type":"Organization","@id":"https:\/\/kornita.lt\/en\/#organization"}}},{"@type":"WebPage","@id":"https:\/\/kornita.lt\/en\/shop\/veliavos\/lietuvos-valstybes-veliava\/#webpage","url":"https:\/\/kornita.lt\/en\/shop\/veliavos\/lietuvos-valstybes-veliava\/","name":"Lietuvos valstyb\u0117s v\u0117liava - kornita","description":"I\u0161matavimai 170x100 cm. Kabinama ant koto","inLanguage":"en-US","isPartOf":{"@id":"https:\/\/kornita.lt\/en\/#website"},"breadcrumb":{"@id":"https:\/\/kornita.lt\/en\/shop\/veliavos\/lietuvos-valstybes-veliava\/#breadcrumblist"},"image":{"@type":"ImageObject","url":"https:\/\/kornita.lt\/wp-content\/uploads\/2023\/09\/lietuvos-valstybes-veliava.jpg","@id":"https:\/\/kornita.lt\/en\/shop\/veliavos\/lietuvos-valstybes-veliava\/#mainImage","width":424,"height":565},"primaryImageOfPage":{"@id":"https:\/\/kornita.lt\/en\/shop\/veliavos\/lietuvos-valstybes-veliava\/#mainImage"},"datePublished":"2024-02-07T13:23:10+00:00","dateModified":"2025-05-19T08:47:10+00:00"},{"@type":"WebSite","@id":"https:\/\/kornita.lt\/en\/#website","url":"https:\/\/kornita.lt\/en\/","name":"kornita","inLanguage":"en-US","publisher":{"@id":"https:\/\/kornita.lt\/en\/#organization"}}]},"og:locale":"en_US","og:site_name":"kornita -","og:type":"article","og:title":"Lietuvos valstyb\u0117s v\u0117liava - kornita","og:description":"I\u0161matavimai 170x100 cm. Kabinama ant koto","og:url":"https:\/\/kornita.lt\/en\/shop\/veliavos\/lietuvos-valstybes-veliava\/","og:image":"https:\/\/kornita.webfactory.lt\/wp-content\/uploads\/2023\/04\/korni-el-prekyba.png","og:image:secure_url":"https:\/\/kornita.webfactory.lt\/wp-content\/uploads\/2023\/04\/korni-el-prekyba.png","article:published_time":"2024-02-07T13:23:10+00:00","article:modified_time":"2025-05-19T08:47:10+00:00","article:publisher":"https:\/\/www.facebook.com\/kornita.lt","twitter:card":"summary_large_image","twitter:title":"Lietuvos valstyb\u0117s v\u0117liava - kornita","twitter:description":"I\u0161matavimai 170x100 cm. Kabinama ant koto","twitter:image":"http:\/\/kornita.webfactory.lt\/wp-content\/uploads\/2023\/04\/korni-el-prekyba.png"},"aioseo_meta_data":{"post_id":"16737","title":null,"description":null,"keywords":null,"keyphrases":{"focus":{"keyphrase":"","score":0,"analysis":{"keyphraseInTitle":{"score":0,"maxScore":9,"error":1}}},"additional":[]},"primary_term":null,"canonical_url":null,"og_title":null,"og_description":null,"og_object_type":"default","og_image_type":"default","og_image_url":null,"og_image_width":null,"og_image_height":null,"og_image_custom_url":null,"og_image_custom_fields":null,"og_video":"","og_custom_url":null,"og_article_section":null,"og_article_tags":null,"twitter_use_og":false,"twitter_card":"default","twitter_image_type":"default","twitter_image_url":null,"twitter_image_custom_url":null,"twitter_image_custom_fields":null,"twitter_title":null,"twitter_description":null,"schema":{"blockGraphs":[],"customGraphs":[],"default":{"data":{"Article":[],"Course":[],"Dataset":[],"FAQPage":[],"Movie":[],"Person":[],"Product":[],"ProductReview":[],"Car":[],"Recipe":[],"Service":[],"SoftwareApplication":[],"WebPage":[]},"graphName":"ItemPage","isEnabled":true},"graphs":[]},"schema_type":"default","schema_type_options":null,"pillar_content":false,"robots_default":true,"robots_noindex":false,"robots_noarchive":false,"robots_nosnippet":false,"robots_nofollow":false,"robots_noimageindex":false,"robots_noodp":false,"robots_notranslate":false,"robots_max_snippet":"-1","robots_max_videopreview":"-1","robots_max_imagepreview":"large","priority":null,"frequency":"default","local_seo":null,"seo_analyzer_scan_date":"2025-10-09 01:15:16","breadcrumb_settings":null,"limit_modified_date":false,"open_ai":"{\"title\":{\"suggestions\":[],\"usage\":0},\"description\":{\"suggestions\":[],\"usage\":0}}","ai":null,"created":"2024-02-07 13:23:15","updated":"2025-10-21 23:35:36"},"aioseo_breadcrumb":"<div class=\"aioseo-breadcrumbs\"><span class=\"aioseo-breadcrumb\">\n\t<a href=\"https:\/\/kornita.lt\/en\/\" title=\"Home\">Home<\/a>\n<\/span><span class=\"aioseo-breadcrumb-separator\">&raquo;<\/span><span class=\"aioseo-breadcrumb\">\n\t<a href=\"https:\/\/kornita.lt\/en\/shop-2\/\" title=\"Shop\">Shop<\/a>\n<\/span><span class=\"aioseo-breadcrumb-separator\">&raquo;<\/span><span class=\"aioseo-breadcrumb\">\n\t<a href=\"https:\/\/kornita.lt\/en\/product-category\/veliavos\/\" title=\"V\u0117liavos\">V\u0117liavos<\/a>\n<\/span><span class=\"aioseo-breadcrumb-separator\">&raquo;<\/span><span class=\"aioseo-breadcrumb\">\n\tLietuvos valstyb\u0117s v\u0117liava\n<\/span><\/div>","aioseo_breadcrumb_json":[{"label":"Home","link":"https:\/\/kornita.lt\/en\/"},{"label":"Shop","link":"https:\/\/kornita.lt\/en\/shop-2\/"},{"label":"V\u0117liavos","link":"https:\/\/kornita.lt\/en\/product-category\/veliavos\/"},{"label":"Lietuvos valstyb\u0117s v\u0117liava","link":"https:\/\/kornita.lt\/en\/shop\/veliavos\/lietuvos-valstybes-veliava\/"}],"_links":{"self":[{"href":"https:\/\/kornita.lt\/en\/wp-json\/wp\/v2\/product\/16737","targetHints":{"allow":["GET"]}}],"collection":[{"href":"https:\/\/kornita.lt\/en\/wp-json\/wp\/v2\/product"}],"about":[{"href":"https:\/\/kornita.lt\/en\/wp-json\/wp\/v2\/types\/product"}],"replies":[{"embeddable":true,"href":"https:\/\/kornita.lt\/en\/wp-json\/wp\/v2\/comments?post=16737"}],"version-history":[{"count":3,"href":"https:\/\/kornita.lt\/en\/wp-json\/wp\/v2\/product\/16737\/revisions"}],"predecessor-version":[{"id":24626,"href":"https:\/\/kornita.lt\/en\/wp-json\/wp\/v2\/product\/16737\/revisions\/24626"}],"wp:featuredmedia":[{"embeddable":true,"href":"https:\/\/kornita.lt\/en\/wp-json\/wp\/v2\/media\/15844"}],"wp:attachment":[{"href":"https:\/\/kornita.lt\/en\/wp-json\/wp\/v2\/media?parent=16737"}],"wp:term":[{"taxonomy":"product_brand","embeddable":true,"href":"https:\/\/kornita.lt\/en\/wp-json\/wp\/v2\/product_brand?post=16737"},{"taxonomy":"product_cat","embeddable":true,"href":"https:\/\/kornita.lt\/en\/wp-json\/wp\/v2\/product_cat?post=16737"},{"taxonomy":"product_tag","embeddable":true,"href":"https:\/\/kornita.lt\/en\/wp-json\/wp\/v2\/product_tag?post=16737"}],"curies":[{"name":"wp","href":"https:\/\/api.w.org\/{rel}","templated":true}]}}