{"id":16704,"date":"2024-02-07T13:22:59","date_gmt":"2024-02-07T13:22:59","guid":{"rendered":"https:\/\/kornita.webfactory.lt\/?post_type=product&#038;p=16704"},"modified":"2025-11-21T07:32:56","modified_gmt":"2025-11-21T07:32:56","slug":"soju-lakstiniai-maiselyje-500g","status":"publish","type":"product","link":"https:\/\/kornita.lt\/en\/shop\/augaliniai-baltymai\/soju-lakstiniai-maiselyje-500g\/","title":{"rendered":"Soj\u0173 lak\u0161tiniai mai\u0161elyje, 500g"},"content":{"rendered":"<p><strong>Sudedamosios dalys<\/strong>: nuriebalinti <strong>soj\u0173<\/strong> miltai.<\/p>\n<p>Sud\u0117tyje gali b\u016bti <strong>\u017eem\u0117s<\/strong> ir <strong>lazdyno<\/strong> <strong>rie\u0161ut\u0173<\/strong>, <strong>pieno<\/strong>, <strong>glitimo<\/strong> p\u0117dsak\u0173.<\/p>\n<hr \/>\n<p><strong>Paruo\u0161imas<\/strong>: soj\u0173 lak\u0161tinius virti 10-15 min pas\u016bdytame vandenyje arba sultinyje. Vandens pilti 6-7 kartus daugiau nei produkto, nes verdant produkto svoris padid\u0117ja 3 kartus. Prie\u0161 tolimesn\u012f gaminim\u0105 nusunkti.<\/p>\n<blockquote class=\"wp-embedded-content\" data-secret=\"HssepNaDr3\"><p><a href=\"https:\/\/kornita.lt\/soja-valgyti-ar-ne-mitai-ir-faktai\/\">Soja: mitai ir faktai. Valgyti ar ne?<\/a><\/p><\/blockquote>\n<p><iframe loading=\"lazy\" class=\"wp-embedded-content\" sandbox=\"allow-scripts\" security=\"restricted\" style=\"position: absolute; visibility: hidden;\" title=\"&#8220;Soja: mitai ir faktai. Valgyti ar ne?&#8221; &#8212; kornita\" src=\"https:\/\/kornita.lt\/soja-valgyti-ar-ne-mitai-ir-faktai\/embed\/#?secret=TOAWSF0nkW#?secret=HssepNaDr3\" data-secret=\"HssepNaDr3\" width=\"500\" height=\"282\" frameborder=\"0\" marginwidth=\"0\" marginheight=\"0\" scrolling=\"no\"><\/iframe><\/p>\n","protected":false},"excerpt":{"rendered":"<p>Soj\u0173 lak\u0161tiniai pagaminti i\u0161 auk\u0161tos kokyb\u0117s nemodifikuot\u0173 soj\u0173 pupeli\u0173. Tai puiki m\u0117sos alternatyva ir augalin\u0117s kilm\u0117s baltym\u0173 \u0161altinis. Tinka gaminti gulia\u0161\u0105, d\u0117ti \u012f mi\u0161raines, tortilij\u0105.<\/p>\n","protected":false},"featured_media":173,"comment_status":"open","ping_status":"closed","template":"","meta":[],"product_brand":[],"product_cat":[214,131],"product_tag":[],"class_list":{"0":"post-16704","1":"product","2":"type-product","3":"status-publish","4":"has-post-thumbnail","6":"product_cat-augaliniai-baltymai","7":"product_cat-be-kategorijos","8":"product_shipping_class-pristatymas","10":"first","11":"instock","12":"taxable","13":"shipping-taxable","14":"purchasable","15":"product-type-simple"},"aioseo_notices":[],"aioseo_head":"\n\t\t<!-- All in One SEO Pro 4.9.5.2 - aioseo.com -->\n\t<meta name=\"description\" content=\"Soj\u0173 lak\u0161tiniai pagaminti i\u0161 auk\u0161tos kokyb\u0117s nemodifikuot\u0173 soj\u0173 pupeli\u0173. Tai puiki m\u0117sos alternatyva ir augalin\u0117s kilm\u0117s baltym\u0173 \u0161altinis. Tinka gaminti gulia\u0161\u0105, d\u0117ti \u012f mi\u0161raines, tortilij\u0105.\" \/>\n\t<meta name=\"robots\" content=\"max-image-preview:large\" \/>\n\t<link rel=\"canonical\" href=\"https:\/\/kornita.lt\/en\/shop\/augaliniai-baltymai\/soju-lakstiniai-maiselyje-500g\/\" \/>\n\t<meta name=\"generator\" content=\"All in One SEO Pro (AIOSEO) 4.9.5.2\" \/>\n\t\t<meta property=\"og:locale\" content=\"en_US\" \/>\n\t\t<meta property=\"og:site_name\" content=\"kornita -\" \/>\n\t\t<meta property=\"og:type\" content=\"article\" \/>\n\t\t<meta property=\"og:title\" content=\"Soj\u0173 lak\u0161tiniai mai\u0161elyje, 500g - kornita\" \/>\n\t\t<meta property=\"og:description\" content=\"Soj\u0173 lak\u0161tiniai pagaminti i\u0161 auk\u0161tos kokyb\u0117s nemodifikuot\u0173 soj\u0173 pupeli\u0173. Tai puiki m\u0117sos alternatyva ir augalin\u0117s kilm\u0117s baltym\u0173 \u0161altinis. Tinka gaminti gulia\u0161\u0105, d\u0117ti \u012f mi\u0161raines, tortilij\u0105.\" \/>\n\t\t<meta property=\"og:url\" content=\"https:\/\/kornita.lt\/en\/shop\/augaliniai-baltymai\/soju-lakstiniai-maiselyje-500g\/\" \/>\n\t\t<meta property=\"og:image\" content=\"https:\/\/kornita.webfactory.lt\/wp-content\/uploads\/2023\/04\/korni-el-prekyba.png\" \/>\n\t\t<meta property=\"og:image:secure_url\" content=\"https:\/\/kornita.webfactory.lt\/wp-content\/uploads\/2023\/04\/korni-el-prekyba.png\" \/>\n\t\t<meta property=\"article:published_time\" content=\"2024-02-07T13:22:59+00:00\" \/>\n\t\t<meta property=\"article:modified_time\" content=\"2025-11-21T07:32:56+00:00\" \/>\n\t\t<meta property=\"article:publisher\" content=\"https:\/\/www.facebook.com\/kornita.lt\" \/>\n\t\t<meta name=\"twitter:card\" content=\"summary_large_image\" \/>\n\t\t<meta name=\"twitter:title\" content=\"Soj\u0173 lak\u0161tiniai mai\u0161elyje, 500g - kornita\" \/>\n\t\t<meta name=\"twitter:description\" content=\"Soj\u0173 lak\u0161tiniai pagaminti i\u0161 auk\u0161tos kokyb\u0117s nemodifikuot\u0173 soj\u0173 pupeli\u0173. Tai puiki m\u0117sos alternatyva ir augalin\u0117s kilm\u0117s baltym\u0173 \u0161altinis. Tinka gaminti gulia\u0161\u0105, d\u0117ti \u012f mi\u0161raines, tortilij\u0105.\" \/>\n\t\t<meta name=\"twitter:image\" content=\"http:\/\/kornita.webfactory.lt\/wp-content\/uploads\/2023\/04\/korni-el-prekyba.png\" \/>\n\t\t<script type=\"application\/ld+json\" class=\"aioseo-schema\">\n\t\t\t{\"@context\":\"https:\\\/\\\/schema.org\",\"@graph\":[{\"@type\":\"BreadcrumbList\",\"@id\":\"https:\\\/\\\/kornita.lt\\\/en\\\/shop\\\/augaliniai-baltymai\\\/soju-lakstiniai-maiselyje-500g\\\/#breadcrumblist\",\"itemListElement\":[{\"@type\":\"ListItem\",\"@id\":\"https:\\\/\\\/kornita.lt\\\/en\\\/#listItem\",\"position\":1,\"name\":\"Home\",\"item\":\"https:\\\/\\\/kornita.lt\\\/en\\\/\",\"nextItem\":{\"@type\":\"ListItem\",\"@id\":\"https:\\\/\\\/kornita.lt\\\/en\\\/shop-2\\\/#listItem\",\"name\":\"Shop\"}},{\"@type\":\"ListItem\",\"@id\":\"https:\\\/\\\/kornita.lt\\\/en\\\/shop-2\\\/#listItem\",\"position\":2,\"name\":\"Shop\",\"item\":\"https:\\\/\\\/kornita.lt\\\/en\\\/shop-2\\\/\",\"nextItem\":{\"@type\":\"ListItem\",\"@id\":\"https:\\\/\\\/kornita.lt\\\/en\\\/product-category\\\/be-kategorijos\\\/#listItem\",\"name\":\"Be kategorijos\"},\"previousItem\":{\"@type\":\"ListItem\",\"@id\":\"https:\\\/\\\/kornita.lt\\\/en\\\/#listItem\",\"name\":\"Home\"}},{\"@type\":\"ListItem\",\"@id\":\"https:\\\/\\\/kornita.lt\\\/en\\\/product-category\\\/be-kategorijos\\\/#listItem\",\"position\":3,\"name\":\"Be kategorijos\",\"item\":\"https:\\\/\\\/kornita.lt\\\/en\\\/product-category\\\/be-kategorijos\\\/\",\"nextItem\":{\"@type\":\"ListItem\",\"@id\":\"https:\\\/\\\/kornita.lt\\\/en\\\/shop\\\/augaliniai-baltymai\\\/soju-lakstiniai-maiselyje-500g\\\/#listItem\",\"name\":\"Soj\\u0173 lak\\u0161tiniai mai\\u0161elyje, 500g\"},\"previousItem\":{\"@type\":\"ListItem\",\"@id\":\"https:\\\/\\\/kornita.lt\\\/en\\\/shop-2\\\/#listItem\",\"name\":\"Shop\"}},{\"@type\":\"ListItem\",\"@id\":\"https:\\\/\\\/kornita.lt\\\/en\\\/shop\\\/augaliniai-baltymai\\\/soju-lakstiniai-maiselyje-500g\\\/#listItem\",\"position\":4,\"name\":\"Soj\\u0173 lak\\u0161tiniai mai\\u0161elyje, 500g\",\"previousItem\":{\"@type\":\"ListItem\",\"@id\":\"https:\\\/\\\/kornita.lt\\\/en\\\/product-category\\\/be-kategorijos\\\/#listItem\",\"name\":\"Be kategorijos\"}}]},{\"@type\":\"Organization\",\"@id\":\"https:\\\/\\\/kornita.lt\\\/en\\\/#organization\",\"name\":\"kornita\",\"url\":\"https:\\\/\\\/kornita.lt\\\/en\\\/\",\"telephone\":\"+37068581463\",\"logo\":{\"@type\":\"ImageObject\",\"url\":\"http:\\\/\\\/kornita.webfactory.lt\\\/wp-content\\\/uploads\\\/2023\\\/04\\\/korni-el-prekyba.png\",\"@id\":\"https:\\\/\\\/kornita.lt\\\/en\\\/shop\\\/augaliniai-baltymai\\\/soju-lakstiniai-maiselyje-500g\\\/#organizationLogo\"},\"image\":{\"@id\":\"https:\\\/\\\/kornita.lt\\\/en\\\/shop\\\/augaliniai-baltymai\\\/soju-lakstiniai-maiselyje-500g\\\/#organizationLogo\"},\"sameAs\":[\"https:\\\/\\\/www.facebook.com\\\/kornita.lt\"]},{\"@type\":\"Product\",\"@id\":\"https:\\\/\\\/kornita.lt\\\/en\\\/shop\\\/augaliniai-baltymai\\\/soju-lakstiniai-maiselyje-500g\\\/#wooCommerceProduct\",\"name\":\"Soj\\u0173 lak\\u0161tiniai mai\\u0161elyje, 500g\",\"description\":\"Soj\\u0173 lak\\u0161tiniai pagaminti i\\u0161 auk\\u0161tos kokyb\\u0117s nemodifikuot\\u0173 soj\\u0173 pupeli\\u0173. Tai puiki m\\u0117sos alternatyva ir augalin\\u0117s kilm\\u0117s baltym\\u0173 \\u0161altinis. Tinka gaminti gulia\\u0161\\u0105, d\\u0117ti \\u012f mi\\u0161raines, tortilij\\u0105.\",\"url\":\"https:\\\/\\\/kornita.lt\\\/en\\\/shop\\\/augaliniai-baltymai\\\/soju-lakstiniai-maiselyje-500g\\\/\",\"sku\":\"4771506000295\",\"image\":{\"@type\":\"ImageObject\",\"url\":\"https:\\\/\\\/kornita.lt\\\/wp-content\\\/uploads\\\/2023\\\/04\\\/soju-lakstiniai-sveriami.png\",\"@id\":\"https:\\\/\\\/kornita.lt\\\/en\\\/shop\\\/augaliniai-baltymai\\\/soju-lakstiniai-maiselyje-500g\\\/#productImage\",\"width\":476,\"height\":500},\"offers\":{\"@type\":\"Offer\",\"url\":\"https:\\\/\\\/kornita.lt\\\/en\\\/shop\\\/augaliniai-baltymai\\\/soju-lakstiniai-maiselyje-500g\\\/#wooCommerceOffer\",\"price\":2.59,\"priceCurrency\":\"EUR\",\"category\":\"Augaliniai m\\u0117sos pakaitalai\",\"availability\":\"https:\\\/\\\/schema.org\\\/InStock\",\"priceSpecification\":{\"@type\":\"PriceSpecification\",\"price\":2.59,\"priceCurrency\":\"EUR\",\"valueAddedTaxIncluded\":\"true\"},\"seller\":{\"@type\":\"Organization\",\"@id\":\"https:\\\/\\\/kornita.lt\\\/en\\\/#organization\"}},\"aggregateRating\":{\"@type\":\"AggregateRating\",\"@id\":\"https:\\\/\\\/kornita.lt\\\/en\\\/shop\\\/augaliniai-baltymai\\\/soju-lakstiniai-maiselyje-500g\\\/#aggregrateRating\",\"worstRating\":1,\"bestRating\":5,\"ratingValue\":5,\"reviewCount\":1}},{\"@type\":\"WebPage\",\"@id\":\"https:\\\/\\\/kornita.lt\\\/en\\\/shop\\\/augaliniai-baltymai\\\/soju-lakstiniai-maiselyje-500g\\\/#webpage\",\"url\":\"https:\\\/\\\/kornita.lt\\\/en\\\/shop\\\/augaliniai-baltymai\\\/soju-lakstiniai-maiselyje-500g\\\/\",\"name\":\"Soj\\u0173 lak\\u0161tiniai mai\\u0161elyje, 500g - kornita\",\"description\":\"Soj\\u0173 lak\\u0161tiniai pagaminti i\\u0161 auk\\u0161tos kokyb\\u0117s nemodifikuot\\u0173 soj\\u0173 pupeli\\u0173. Tai puiki m\\u0117sos alternatyva ir augalin\\u0117s kilm\\u0117s baltym\\u0173 \\u0161altinis. Tinka gaminti gulia\\u0161\\u0105, d\\u0117ti \\u012f mi\\u0161raines, tortilij\\u0105.\",\"inLanguage\":\"en-US\",\"isPartOf\":{\"@id\":\"https:\\\/\\\/kornita.lt\\\/en\\\/#website\"},\"breadcrumb\":{\"@id\":\"https:\\\/\\\/kornita.lt\\\/en\\\/shop\\\/augaliniai-baltymai\\\/soju-lakstiniai-maiselyje-500g\\\/#breadcrumblist\"},\"image\":{\"@type\":\"ImageObject\",\"url\":\"https:\\\/\\\/kornita.lt\\\/wp-content\\\/uploads\\\/2023\\\/04\\\/soju-lakstiniai-sveriami.png\",\"@id\":\"https:\\\/\\\/kornita.lt\\\/en\\\/shop\\\/augaliniai-baltymai\\\/soju-lakstiniai-maiselyje-500g\\\/#mainImage\",\"width\":476,\"height\":500},\"primaryImageOfPage\":{\"@id\":\"https:\\\/\\\/kornita.lt\\\/en\\\/shop\\\/augaliniai-baltymai\\\/soju-lakstiniai-maiselyje-500g\\\/#mainImage\"},\"datePublished\":\"2024-02-07T13:22:59+00:00\",\"dateModified\":\"2025-11-21T07:32:56+00:00\"},{\"@type\":\"WebSite\",\"@id\":\"https:\\\/\\\/kornita.lt\\\/en\\\/#website\",\"url\":\"https:\\\/\\\/kornita.lt\\\/en\\\/\",\"name\":\"kornita\",\"inLanguage\":\"en-US\",\"publisher\":{\"@id\":\"https:\\\/\\\/kornita.lt\\\/en\\\/#organization\"}}]}\n\t\t<\/script>\n\t\t<!-- All in One SEO Pro -->\r\n\t\t<title>Soj\u0173 lak\u0161tiniai mai\u0161elyje, 500g - kornita<\/title>\n\n","aioseo_head_json":{"title":"Soj\u0173 lak\u0161tiniai mai\u0161elyje, 500g - kornita","description":"Soj\u0173 lak\u0161tiniai pagaminti i\u0161 auk\u0161tos kokyb\u0117s nemodifikuot\u0173 soj\u0173 pupeli\u0173. Tai puiki m\u0117sos alternatyva ir augalin\u0117s kilm\u0117s baltym\u0173 \u0161altinis. Tinka gaminti gulia\u0161\u0105, d\u0117ti \u012f mi\u0161raines, tortilij\u0105.","canonical_url":"https:\/\/kornita.lt\/en\/shop\/augaliniai-baltymai\/soju-lakstiniai-maiselyje-500g\/","robots":"max-image-preview:large","keywords":"","webmasterTools":{"miscellaneous":""},"schema":{"@context":"https:\/\/schema.org","@graph":[{"@type":"BreadcrumbList","@id":"https:\/\/kornita.lt\/en\/shop\/augaliniai-baltymai\/soju-lakstiniai-maiselyje-500g\/#breadcrumblist","itemListElement":[{"@type":"ListItem","@id":"https:\/\/kornita.lt\/en\/#listItem","position":1,"name":"Home","item":"https:\/\/kornita.lt\/en\/","nextItem":{"@type":"ListItem","@id":"https:\/\/kornita.lt\/en\/shop-2\/#listItem","name":"Shop"}},{"@type":"ListItem","@id":"https:\/\/kornita.lt\/en\/shop-2\/#listItem","position":2,"name":"Shop","item":"https:\/\/kornita.lt\/en\/shop-2\/","nextItem":{"@type":"ListItem","@id":"https:\/\/kornita.lt\/en\/product-category\/be-kategorijos\/#listItem","name":"Be kategorijos"},"previousItem":{"@type":"ListItem","@id":"https:\/\/kornita.lt\/en\/#listItem","name":"Home"}},{"@type":"ListItem","@id":"https:\/\/kornita.lt\/en\/product-category\/be-kategorijos\/#listItem","position":3,"name":"Be kategorijos","item":"https:\/\/kornita.lt\/en\/product-category\/be-kategorijos\/","nextItem":{"@type":"ListItem","@id":"https:\/\/kornita.lt\/en\/shop\/augaliniai-baltymai\/soju-lakstiniai-maiselyje-500g\/#listItem","name":"Soj\u0173 lak\u0161tiniai mai\u0161elyje, 500g"},"previousItem":{"@type":"ListItem","@id":"https:\/\/kornita.lt\/en\/shop-2\/#listItem","name":"Shop"}},{"@type":"ListItem","@id":"https:\/\/kornita.lt\/en\/shop\/augaliniai-baltymai\/soju-lakstiniai-maiselyje-500g\/#listItem","position":4,"name":"Soj\u0173 lak\u0161tiniai mai\u0161elyje, 500g","previousItem":{"@type":"ListItem","@id":"https:\/\/kornita.lt\/en\/product-category\/be-kategorijos\/#listItem","name":"Be kategorijos"}}]},{"@type":"Organization","@id":"https:\/\/kornita.lt\/en\/#organization","name":"kornita","url":"https:\/\/kornita.lt\/en\/","telephone":"+37068581463","logo":{"@type":"ImageObject","url":"http:\/\/kornita.webfactory.lt\/wp-content\/uploads\/2023\/04\/korni-el-prekyba.png","@id":"https:\/\/kornita.lt\/en\/shop\/augaliniai-baltymai\/soju-lakstiniai-maiselyje-500g\/#organizationLogo"},"image":{"@id":"https:\/\/kornita.lt\/en\/shop\/augaliniai-baltymai\/soju-lakstiniai-maiselyje-500g\/#organizationLogo"},"sameAs":["https:\/\/www.facebook.com\/kornita.lt"]},{"@type":"Product","@id":"https:\/\/kornita.lt\/en\/shop\/augaliniai-baltymai\/soju-lakstiniai-maiselyje-500g\/#wooCommerceProduct","name":"Soj\u0173 lak\u0161tiniai mai\u0161elyje, 500g","description":"Soj\u0173 lak\u0161tiniai pagaminti i\u0161 auk\u0161tos kokyb\u0117s nemodifikuot\u0173 soj\u0173 pupeli\u0173. Tai puiki m\u0117sos alternatyva ir augalin\u0117s kilm\u0117s baltym\u0173 \u0161altinis. Tinka gaminti gulia\u0161\u0105, d\u0117ti \u012f mi\u0161raines, tortilij\u0105.","url":"https:\/\/kornita.lt\/en\/shop\/augaliniai-baltymai\/soju-lakstiniai-maiselyje-500g\/","sku":"4771506000295","image":{"@type":"ImageObject","url":"https:\/\/kornita.lt\/wp-content\/uploads\/2023\/04\/soju-lakstiniai-sveriami.png","@id":"https:\/\/kornita.lt\/en\/shop\/augaliniai-baltymai\/soju-lakstiniai-maiselyje-500g\/#productImage","width":476,"height":500},"offers":{"@type":"Offer","url":"https:\/\/kornita.lt\/en\/shop\/augaliniai-baltymai\/soju-lakstiniai-maiselyje-500g\/#wooCommerceOffer","price":2.59,"priceCurrency":"EUR","category":"Augaliniai m\u0117sos pakaitalai","availability":"https:\/\/schema.org\/InStock","priceSpecification":{"@type":"PriceSpecification","price":2.59,"priceCurrency":"EUR","valueAddedTaxIncluded":"true"},"seller":{"@type":"Organization","@id":"https:\/\/kornita.lt\/en\/#organization"}},"aggregateRating":{"@type":"AggregateRating","@id":"https:\/\/kornita.lt\/en\/shop\/augaliniai-baltymai\/soju-lakstiniai-maiselyje-500g\/#aggregrateRating","worstRating":1,"bestRating":5,"ratingValue":5,"reviewCount":1}},{"@type":"WebPage","@id":"https:\/\/kornita.lt\/en\/shop\/augaliniai-baltymai\/soju-lakstiniai-maiselyje-500g\/#webpage","url":"https:\/\/kornita.lt\/en\/shop\/augaliniai-baltymai\/soju-lakstiniai-maiselyje-500g\/","name":"Soj\u0173 lak\u0161tiniai mai\u0161elyje, 500g - kornita","description":"Soj\u0173 lak\u0161tiniai pagaminti i\u0161 auk\u0161tos kokyb\u0117s nemodifikuot\u0173 soj\u0173 pupeli\u0173. Tai puiki m\u0117sos alternatyva ir augalin\u0117s kilm\u0117s baltym\u0173 \u0161altinis. Tinka gaminti gulia\u0161\u0105, d\u0117ti \u012f mi\u0161raines, tortilij\u0105.","inLanguage":"en-US","isPartOf":{"@id":"https:\/\/kornita.lt\/en\/#website"},"breadcrumb":{"@id":"https:\/\/kornita.lt\/en\/shop\/augaliniai-baltymai\/soju-lakstiniai-maiselyje-500g\/#breadcrumblist"},"image":{"@type":"ImageObject","url":"https:\/\/kornita.lt\/wp-content\/uploads\/2023\/04\/soju-lakstiniai-sveriami.png","@id":"https:\/\/kornita.lt\/en\/shop\/augaliniai-baltymai\/soju-lakstiniai-maiselyje-500g\/#mainImage","width":476,"height":500},"primaryImageOfPage":{"@id":"https:\/\/kornita.lt\/en\/shop\/augaliniai-baltymai\/soju-lakstiniai-maiselyje-500g\/#mainImage"},"datePublished":"2024-02-07T13:22:59+00:00","dateModified":"2025-11-21T07:32:56+00:00"},{"@type":"WebSite","@id":"https:\/\/kornita.lt\/en\/#website","url":"https:\/\/kornita.lt\/en\/","name":"kornita","inLanguage":"en-US","publisher":{"@id":"https:\/\/kornita.lt\/en\/#organization"}}]},"og:locale":"en_US","og:site_name":"kornita -","og:type":"article","og:title":"Soj\u0173 lak\u0161tiniai mai\u0161elyje, 500g - kornita","og:description":"Soj\u0173 lak\u0161tiniai pagaminti i\u0161 auk\u0161tos kokyb\u0117s nemodifikuot\u0173 soj\u0173 pupeli\u0173. Tai puiki m\u0117sos alternatyva ir augalin\u0117s kilm\u0117s baltym\u0173 \u0161altinis. Tinka gaminti gulia\u0161\u0105, d\u0117ti \u012f mi\u0161raines, tortilij\u0105.","og:url":"https:\/\/kornita.lt\/en\/shop\/augaliniai-baltymai\/soju-lakstiniai-maiselyje-500g\/","og:image":"https:\/\/kornita.webfactory.lt\/wp-content\/uploads\/2023\/04\/korni-el-prekyba.png","og:image:secure_url":"https:\/\/kornita.webfactory.lt\/wp-content\/uploads\/2023\/04\/korni-el-prekyba.png","article:published_time":"2024-02-07T13:22:59+00:00","article:modified_time":"2025-11-21T07:32:56+00:00","article:publisher":"https:\/\/www.facebook.com\/kornita.lt","twitter:card":"summary_large_image","twitter:title":"Soj\u0173 lak\u0161tiniai mai\u0161elyje, 500g - kornita","twitter:description":"Soj\u0173 lak\u0161tiniai pagaminti i\u0161 auk\u0161tos kokyb\u0117s nemodifikuot\u0173 soj\u0173 pupeli\u0173. Tai puiki m\u0117sos alternatyva ir augalin\u0117s kilm\u0117s baltym\u0173 \u0161altinis. Tinka gaminti gulia\u0161\u0105, d\u0117ti \u012f mi\u0161raines, tortilij\u0105.","twitter:image":"http:\/\/kornita.webfactory.lt\/wp-content\/uploads\/2023\/04\/korni-el-prekyba.png"},"aioseo_meta_data":{"post_id":"16704","title":null,"description":null,"keywords":null,"keyphrases":{"focus":{"keyphrase":"","score":0,"analysis":{"keyphraseInTitle":{"score":0,"maxScore":9,"error":1}}},"additional":[]},"primary_term":null,"canonical_url":null,"og_title":null,"og_description":null,"og_object_type":"default","og_image_type":"default","og_image_url":null,"og_image_width":null,"og_image_height":null,"og_image_custom_url":null,"og_image_custom_fields":null,"og_video":"","og_custom_url":null,"og_article_section":null,"og_article_tags":null,"twitter_use_og":false,"twitter_card":"default","twitter_image_type":"default","twitter_image_url":null,"twitter_image_custom_url":null,"twitter_image_custom_fields":null,"twitter_title":null,"twitter_description":null,"schema":{"blockGraphs":[],"customGraphs":[],"default":{"data":{"Article":[],"Course":[],"Dataset":[],"FAQPage":[],"Movie":[],"Person":[],"Product":[],"ProductReview":[],"Car":[],"Recipe":[],"Service":[],"SoftwareApplication":[],"WebPage":[]},"graphName":"ItemPage","isEnabled":true},"graphs":[]},"schema_type":"default","schema_type_options":null,"pillar_content":false,"robots_default":true,"robots_noindex":false,"robots_noarchive":false,"robots_nosnippet":false,"robots_nofollow":false,"robots_noimageindex":false,"robots_noodp":false,"robots_notranslate":false,"robots_max_snippet":"-1","robots_max_videopreview":"-1","robots_max_imagepreview":"large","priority":null,"frequency":"default","local_seo":null,"seo_analyzer_scan_date":"2025-10-09 01:18:17","breadcrumb_settings":null,"limit_modified_date":false,"open_ai":"{\"title\":{\"suggestions\":[],\"usage\":0},\"description\":{\"suggestions\":[],\"usage\":0}}","ai":null,"created":"2024-02-07 13:23:07","updated":"2025-11-26 23:35:08"},"aioseo_breadcrumb":"<div class=\"aioseo-breadcrumbs\"><span class=\"aioseo-breadcrumb\">\n\t<a href=\"https:\/\/kornita.lt\/en\/\" title=\"Home\">Home<\/a>\n<\/span><span class=\"aioseo-breadcrumb-separator\">&raquo;<\/span><span class=\"aioseo-breadcrumb\">\n\t<a href=\"https:\/\/kornita.lt\/en\/shop-2\/\" title=\"Shop\">Shop<\/a>\n<\/span><span class=\"aioseo-breadcrumb-separator\">&raquo;<\/span><span class=\"aioseo-breadcrumb\">\n\t<a href=\"https:\/\/kornita.lt\/en\/product-category\/be-kategorijos\/\" title=\"Be kategorijos\">Be kategorijos<\/a>\n<\/span><span class=\"aioseo-breadcrumb-separator\">&raquo;<\/span><span class=\"aioseo-breadcrumb\">\n\tSoj\u0173 lak\u0161tiniai mai\u0161elyje, 500g\n<\/span><\/div>","aioseo_breadcrumb_json":[{"label":"Home","link":"https:\/\/kornita.lt\/en\/"},{"label":"Shop","link":"https:\/\/kornita.lt\/en\/shop-2\/"},{"label":"Be kategorijos","link":"https:\/\/kornita.lt\/en\/product-category\/be-kategorijos\/"},{"label":"Soj\u0173 lak\u0161tiniai mai\u0161elyje, 500g","link":"https:\/\/kornita.lt\/en\/shop\/augaliniai-baltymai\/soju-lakstiniai-maiselyje-500g\/"}],"_links":{"self":[{"href":"https:\/\/kornita.lt\/en\/wp-json\/wp\/v2\/product\/16704","targetHints":{"allow":["GET"]}}],"collection":[{"href":"https:\/\/kornita.lt\/en\/wp-json\/wp\/v2\/product"}],"about":[{"href":"https:\/\/kornita.lt\/en\/wp-json\/wp\/v2\/types\/product"}],"replies":[{"embeddable":true,"href":"https:\/\/kornita.lt\/en\/wp-json\/wp\/v2\/comments?post=16704"}],"version-history":[{"count":2,"href":"https:\/\/kornita.lt\/en\/wp-json\/wp\/v2\/product\/16704\/revisions"}],"predecessor-version":[{"id":25310,"href":"https:\/\/kornita.lt\/en\/wp-json\/wp\/v2\/product\/16704\/revisions\/25310"}],"wp:featuredmedia":[{"embeddable":true,"href":"https:\/\/kornita.lt\/en\/wp-json\/wp\/v2\/media\/173"}],"wp:attachment":[{"href":"https:\/\/kornita.lt\/en\/wp-json\/wp\/v2\/media?parent=16704"}],"wp:term":[{"taxonomy":"product_brand","embeddable":true,"href":"https:\/\/kornita.lt\/en\/wp-json\/wp\/v2\/product_brand?post=16704"},{"taxonomy":"product_cat","embeddable":true,"href":"https:\/\/kornita.lt\/en\/wp-json\/wp\/v2\/product_cat?post=16704"},{"taxonomy":"product_tag","embeddable":true,"href":"https:\/\/kornita.lt\/en\/wp-json\/wp\/v2\/product_tag?post=16704"}],"curies":[{"name":"wp","href":"https:\/\/api.w.org\/{rel}","templated":true}]}}