{"id":16697,"date":"2024-02-07T13:22:58","date_gmt":"2024-02-07T13:22:58","guid":{"rendered":"https:\/\/kornita.webfactory.lt\/?post_type=product&#038;p=16697"},"modified":"2025-10-15T10:03:56","modified_gmt":"2025-10-15T10:03:56","slug":"jogurto-raugas-imuno-4x05g","status":"publish","type":"product","link":"https:\/\/kornita.lt\/en\/shop\/jogurto-raugai\/jogurto-raugas-imuno-4x05g\/","title":{"rendered":"Jogurto raugas IMUNO, 4&#215;0,5g"},"content":{"rendered":"<p><strong>Sudedamosios dalys:<\/strong> Bifidobacterium lactis (2 kamienai), Lactobacillus acidophilus (2 kamienai), Lactobacillus casei, Lactobacillus paracasei, Lactobacillus bulgaricus, Streptococcus thermophilus, Bifidobacterium infantis<\/p>\n<hr \/>\n<p><strong>Paruo\u0161imas:<\/strong> Pagaminti namin\u012f jogurt\u0105 labai paprasta. Jums reik\u0117s pieno (arba augalinio pieno), raugo, puodo ir rank\u0161luos\u010dio. Paruo\u0161imas u\u017etrunka 10-15 minu\u010di\u0173, jogurto rauginimas 8 valandas.<\/p>\n<p>\u012e \u0161ilt\u0105 pien\u0105 (40 \u00b0\u0421 &#8211; \u0161iek tiek \u0161il\u010diau u\u017e k\u016bno temperat\u016br\u0105), suberkite raugo pakel\u012f ir i\u0161mai\u0161ykite. Jeigu naudojate augalin\u012f pien\u0105, atkreipkite d\u0117mes\u012f \u012f jo sud\u0117t\u012f. Joje netur\u0117t\u0173 b\u016bti joki\u0173 pried\u0173 tik gr\u016bdai\/s\u0117klos\/rie\u0161utai ir vanduo (pvz. soj\u0173 pupel\u0117s ir vanduo, migdolai ir vanduo). Vieno pakelio raugo u\u017etenka 1-3l pieno. Labai svarbu pradaryt\u0105 pakel\u012f sunaudoti nedelsiant.<\/p>\n<p>Paruo\u0161t\u0105 pien\u0105 u\u017edenkite ir apvyniokite puod\u0105 dideliu rank\u0161luos\u010diu bei palikite rauginti \u0161iltoje vietoje 6-8 valandoms. Paruo\u0161t\u0105 jogurt\u0105 laikykite \u0161aldytuve.<\/p>\n<p>Jus taip pat galite paruo\u0161ti jogurt\u0105 jogurtin\u0117je arba daugiafunkciniame puode, turin\u010diame re\u017eim\u0105 &#8220;jogurtas&#8221; arba &#8220;40\u00b0\u0421&#8221;.<\/p>\n<p>\u0160\u012f raug\u0105 taip pat galima naudoti ir kaip probiotik\u0105, norint atstatyti \u017earnyno mikroflor\u0105 bei normalizuoti vir\u0161kinim\u0105. Vien\u0105 pakel\u012f i\u0161tirpinkite stiklin\u0117je virinto vandens, atv\u0117sinto iki kambario temperat\u016bros. Vartokite 1 pakel\u012f 1-2 kartus per dien\u0105 po valgio.<\/p>\n<hr \/>\n<p>Kilm\u0117s \u0161alis: <strong>Ukraina\u00a0<\/strong><\/p>\n","protected":false},"excerpt":{"rendered":"<p>Reguliariai naudojant Imuno jogurt\u0105 sustipr\u0117ja imunitetas, suma\u017e\u0117ja per\u0161alimo ir toki\u0173 simptom\u0173 kaip kar\u0161tis, sloga, kosulys da\u017enumas. Pasi\u017eymi \u0161velniu skoniu bei unikalia bakterine sud\u0117timi. Turi 3 bakterij\u0173 kamienus, kuri\u0173 efektyvumas yra klini\u0161kai patvirtintas. \u0160is raugas puikiai tinka ne tik jogurtui gaminti, bet ir vartoti gryn\u0105, kaip probiotik\u0105.<\/p>\n<h3><\/h3>\n<p>&nbsp;<\/p>\n<div class=\"prod_item__icons prod_item__icons_3\">\n<div class=\"prod_item__icon\">\n<div class=\"prod_item__icon_img\"><\/div>\n<\/div>\n<div class=\"prod_item__info_w\">\n<div class=\"prod_item__info_i\">\n<p>&nbsp;<\/p>\n<\/div>\n<\/div>\n<\/div>\n","protected":false},"featured_media":24094,"comment_status":"open","ping_status":"closed","template":"","meta":[],"product_brand":[],"product_cat":[71],"product_tag":[72,73,74,75],"class_list":{"0":"post-16697","1":"product","2":"type-product","3":"status-publish","4":"has-post-thumbnail","6":"product_cat-jogurto-raugai","7":"product_tag-jogurto-raugas","8":"product_tag-naminis-jogurtas","9":"product_tag-veganiskas-jogurtas","10":"product_tag-veganiskas-naminis-jogurtas","11":"product_shipping_class-pristatymas","13":"first","14":"instock","15":"taxable","16":"shipping-taxable","17":"purchasable","18":"product-type-simple"},"aioseo_notices":[],"aioseo_head":"\n\t\t<!-- All in One SEO Pro 4.9.5.2 - aioseo.com -->\n\t<meta name=\"description\" content=\"Reguliariai naudojant Imuno jogurt\u0105 sustipr\u0117ja imunitetas, suma\u017e\u0117ja per\u0161alimo ir toki\u0173 simptom\u0173 kaip kar\u0161tis, sloga, kosulys da\u017enumas. Pasi\u017eymi \u0161velniu skoniu bei unikalia bakterine sud\u0117timi. Turi 3 bakterij\u0173 kamienus, kuri\u0173 efektyvumas yra klini\u0161kai patvirtintas. \u0160is raugas puikiai tinka ne tik jogurtui gaminti, bet ir vartoti gryn\u0105, kaip probiotik\u0105.\" \/>\n\t<meta name=\"robots\" content=\"max-image-preview:large\" \/>\n\t<link rel=\"canonical\" href=\"https:\/\/kornita.lt\/en\/shop\/jogurto-raugai\/jogurto-raugas-imuno-4x05g\/\" \/>\n\t<meta name=\"generator\" content=\"All in One SEO Pro (AIOSEO) 4.9.5.2\" \/>\n\t\t<meta property=\"og:locale\" content=\"en_US\" \/>\n\t\t<meta property=\"og:site_name\" content=\"kornita -\" \/>\n\t\t<meta property=\"og:type\" content=\"article\" \/>\n\t\t<meta property=\"og:title\" content=\"Jogurto raugas IMUNO, 4\u00d70,5g - kornita\" \/>\n\t\t<meta property=\"og:description\" content=\"Reguliariai naudojant Imuno jogurt\u0105 sustipr\u0117ja imunitetas, suma\u017e\u0117ja per\u0161alimo ir toki\u0173 simptom\u0173 kaip kar\u0161tis, sloga, kosulys da\u017enumas. Pasi\u017eymi \u0161velniu skoniu bei unikalia bakterine sud\u0117timi. Turi 3 bakterij\u0173 kamienus, kuri\u0173 efektyvumas yra klini\u0161kai patvirtintas. \u0160is raugas puikiai tinka ne tik jogurtui gaminti, bet ir vartoti gryn\u0105, kaip probiotik\u0105.\" \/>\n\t\t<meta property=\"og:url\" content=\"https:\/\/kornita.lt\/en\/shop\/jogurto-raugai\/jogurto-raugas-imuno-4x05g\/\" \/>\n\t\t<meta property=\"og:image\" content=\"https:\/\/kornita.webfactory.lt\/wp-content\/uploads\/2023\/04\/korni-el-prekyba.png\" \/>\n\t\t<meta property=\"og:image:secure_url\" content=\"https:\/\/kornita.webfactory.lt\/wp-content\/uploads\/2023\/04\/korni-el-prekyba.png\" \/>\n\t\t<meta property=\"article:published_time\" content=\"2024-02-07T13:22:58+00:00\" \/>\n\t\t<meta property=\"article:modified_time\" content=\"2025-10-15T10:03:56+00:00\" \/>\n\t\t<meta property=\"article:publisher\" content=\"https:\/\/www.facebook.com\/kornita.lt\" \/>\n\t\t<meta name=\"twitter:card\" content=\"summary_large_image\" \/>\n\t\t<meta name=\"twitter:title\" content=\"Jogurto raugas IMUNO, 4\u00d70,5g - kornita\" \/>\n\t\t<meta name=\"twitter:description\" content=\"Reguliariai naudojant Imuno jogurt\u0105 sustipr\u0117ja imunitetas, suma\u017e\u0117ja per\u0161alimo ir toki\u0173 simptom\u0173 kaip kar\u0161tis, sloga, kosulys da\u017enumas. Pasi\u017eymi \u0161velniu skoniu bei unikalia bakterine sud\u0117timi. Turi 3 bakterij\u0173 kamienus, kuri\u0173 efektyvumas yra klini\u0161kai patvirtintas. \u0160is raugas puikiai tinka ne tik jogurtui gaminti, bet ir vartoti gryn\u0105, kaip probiotik\u0105.\" \/>\n\t\t<meta name=\"twitter:image\" content=\"http:\/\/kornita.webfactory.lt\/wp-content\/uploads\/2023\/04\/korni-el-prekyba.png\" \/>\n\t\t<script type=\"application\/ld+json\" class=\"aioseo-schema\">\n\t\t\t{\"@context\":\"https:\\\/\\\/schema.org\",\"@graph\":[{\"@type\":\"BreadcrumbList\",\"@id\":\"https:\\\/\\\/kornita.lt\\\/en\\\/shop\\\/jogurto-raugai\\\/jogurto-raugas-imuno-4x05g\\\/#breadcrumblist\",\"itemListElement\":[{\"@type\":\"ListItem\",\"@id\":\"https:\\\/\\\/kornita.lt\\\/en\\\/#listItem\",\"position\":1,\"name\":\"Home\",\"item\":\"https:\\\/\\\/kornita.lt\\\/en\\\/\",\"nextItem\":{\"@type\":\"ListItem\",\"@id\":\"https:\\\/\\\/kornita.lt\\\/en\\\/shop-2\\\/#listItem\",\"name\":\"Shop\"}},{\"@type\":\"ListItem\",\"@id\":\"https:\\\/\\\/kornita.lt\\\/en\\\/shop-2\\\/#listItem\",\"position\":2,\"name\":\"Shop\",\"item\":\"https:\\\/\\\/kornita.lt\\\/en\\\/shop-2\\\/\",\"nextItem\":{\"@type\":\"ListItem\",\"@id\":\"https:\\\/\\\/kornita.lt\\\/en\\\/product-category\\\/jogurto-raugai\\\/#listItem\",\"name\":\"Jogurto raugai\"},\"previousItem\":{\"@type\":\"ListItem\",\"@id\":\"https:\\\/\\\/kornita.lt\\\/en\\\/#listItem\",\"name\":\"Home\"}},{\"@type\":\"ListItem\",\"@id\":\"https:\\\/\\\/kornita.lt\\\/en\\\/product-category\\\/jogurto-raugai\\\/#listItem\",\"position\":3,\"name\":\"Jogurto raugai\",\"item\":\"https:\\\/\\\/kornita.lt\\\/en\\\/product-category\\\/jogurto-raugai\\\/\",\"nextItem\":{\"@type\":\"ListItem\",\"@id\":\"https:\\\/\\\/kornita.lt\\\/en\\\/shop\\\/jogurto-raugai\\\/jogurto-raugas-imuno-4x05g\\\/#listItem\",\"name\":\"Jogurto raugas IMUNO, 4&#215;0,5g\"},\"previousItem\":{\"@type\":\"ListItem\",\"@id\":\"https:\\\/\\\/kornita.lt\\\/en\\\/shop-2\\\/#listItem\",\"name\":\"Shop\"}},{\"@type\":\"ListItem\",\"@id\":\"https:\\\/\\\/kornita.lt\\\/en\\\/shop\\\/jogurto-raugai\\\/jogurto-raugas-imuno-4x05g\\\/#listItem\",\"position\":4,\"name\":\"Jogurto raugas IMUNO, 4&#215;0,5g\",\"previousItem\":{\"@type\":\"ListItem\",\"@id\":\"https:\\\/\\\/kornita.lt\\\/en\\\/product-category\\\/jogurto-raugai\\\/#listItem\",\"name\":\"Jogurto raugai\"}}]},{\"@type\":\"Organization\",\"@id\":\"https:\\\/\\\/kornita.lt\\\/en\\\/#organization\",\"name\":\"kornita\",\"url\":\"https:\\\/\\\/kornita.lt\\\/en\\\/\",\"telephone\":\"+37068581463\",\"logo\":{\"@type\":\"ImageObject\",\"url\":\"http:\\\/\\\/kornita.webfactory.lt\\\/wp-content\\\/uploads\\\/2023\\\/04\\\/korni-el-prekyba.png\",\"@id\":\"https:\\\/\\\/kornita.lt\\\/en\\\/shop\\\/jogurto-raugai\\\/jogurto-raugas-imuno-4x05g\\\/#organizationLogo\"},\"image\":{\"@id\":\"https:\\\/\\\/kornita.lt\\\/en\\\/shop\\\/jogurto-raugai\\\/jogurto-raugas-imuno-4x05g\\\/#organizationLogo\"},\"sameAs\":[\"https:\\\/\\\/www.facebook.com\\\/kornita.lt\"]},{\"@type\":\"Product\",\"@id\":\"https:\\\/\\\/kornita.lt\\\/en\\\/shop\\\/jogurto-raugai\\\/jogurto-raugas-imuno-4x05g\\\/#wooCommerceProduct\",\"name\":\"Jogurto raugas IMUNO, 4x0,5g\",\"description\":\"Reguliariai naudojant Imuno jogurt\\u0105 sustipr\\u0117ja imunitetas, suma\\u017e\\u0117ja per\\u0161alimo ir toki\\u0173 simptom\\u0173 kaip kar\\u0161tis, sloga, kosulys da\\u017enumas. Pasi\\u017eymi \\u0161velniu skoniu bei unikalia bakterine sud\\u0117timi. Turi 3 bakterij\\u0173 kamienus, kuri\\u0173 efektyvumas yra klini\\u0161kai patvirtintas. \\u0160is raugas puikiai tinka ne tik jogurtui gaminti, bet ir vartoti gryn\\u0105, kaip probiotik\\u0105.\\r\\n\\r\\n&nbsp;\\r\\n\\r\\n\\r\\n\\r\\n\\r\\n\\r\\n\\r\\n\\r\\n&nbsp;\",\"url\":\"https:\\\/\\\/kornita.lt\\\/en\\\/shop\\\/jogurto-raugai\\\/jogurto-raugas-imuno-4x05g\\\/\",\"sku\":\"4820148055474\",\"image\":{\"@type\":\"ImageObject\",\"url\":\"https:\\\/\\\/kornita.lt\\\/wp-content\\\/uploads\\\/2024\\\/02\\\/2019_immune_en-1.jpg\",\"@id\":\"https:\\\/\\\/kornita.lt\\\/en\\\/shop\\\/jogurto-raugai\\\/jogurto-raugas-imuno-4x05g\\\/#productImage\",\"width\":590,\"height\":590},\"offers\":{\"@type\":\"Offer\",\"url\":\"https:\\\/\\\/kornita.lt\\\/en\\\/shop\\\/jogurto-raugai\\\/jogurto-raugas-imuno-4x05g\\\/#wooCommerceOffer\",\"price\":3.49,\"priceCurrency\":\"EUR\",\"category\":\"Jogurto raugai\",\"availability\":\"https:\\\/\\\/schema.org\\\/InStock\",\"priceSpecification\":{\"@type\":\"PriceSpecification\",\"price\":3.49,\"priceCurrency\":\"EUR\",\"valueAddedTaxIncluded\":\"true\"},\"seller\":{\"@type\":\"Organization\",\"@id\":\"https:\\\/\\\/kornita.lt\\\/en\\\/#organization\"}}},{\"@type\":\"WebPage\",\"@id\":\"https:\\\/\\\/kornita.lt\\\/en\\\/shop\\\/jogurto-raugai\\\/jogurto-raugas-imuno-4x05g\\\/#webpage\",\"url\":\"https:\\\/\\\/kornita.lt\\\/en\\\/shop\\\/jogurto-raugai\\\/jogurto-raugas-imuno-4x05g\\\/\",\"name\":\"Jogurto raugas IMUNO, 4\\u00d70,5g - kornita\",\"description\":\"Reguliariai naudojant Imuno jogurt\\u0105 sustipr\\u0117ja imunitetas, suma\\u017e\\u0117ja per\\u0161alimo ir toki\\u0173 simptom\\u0173 kaip kar\\u0161tis, sloga, kosulys da\\u017enumas. Pasi\\u017eymi \\u0161velniu skoniu bei unikalia bakterine sud\\u0117timi. Turi 3 bakterij\\u0173 kamienus, kuri\\u0173 efektyvumas yra klini\\u0161kai patvirtintas. \\u0160is raugas puikiai tinka ne tik jogurtui gaminti, bet ir vartoti gryn\\u0105, kaip probiotik\\u0105.\",\"inLanguage\":\"en-US\",\"isPartOf\":{\"@id\":\"https:\\\/\\\/kornita.lt\\\/en\\\/#website\"},\"breadcrumb\":{\"@id\":\"https:\\\/\\\/kornita.lt\\\/en\\\/shop\\\/jogurto-raugai\\\/jogurto-raugas-imuno-4x05g\\\/#breadcrumblist\"},\"image\":{\"@type\":\"ImageObject\",\"url\":\"https:\\\/\\\/kornita.lt\\\/wp-content\\\/uploads\\\/2024\\\/02\\\/2019_immune_en-1.jpg\",\"@id\":\"https:\\\/\\\/kornita.lt\\\/en\\\/shop\\\/jogurto-raugai\\\/jogurto-raugas-imuno-4x05g\\\/#mainImage\",\"width\":590,\"height\":590},\"primaryImageOfPage\":{\"@id\":\"https:\\\/\\\/kornita.lt\\\/en\\\/shop\\\/jogurto-raugai\\\/jogurto-raugas-imuno-4x05g\\\/#mainImage\"},\"datePublished\":\"2024-02-07T13:22:58+00:00\",\"dateModified\":\"2025-10-15T10:03:56+00:00\"},{\"@type\":\"WebSite\",\"@id\":\"https:\\\/\\\/kornita.lt\\\/en\\\/#website\",\"url\":\"https:\\\/\\\/kornita.lt\\\/en\\\/\",\"name\":\"kornita\",\"inLanguage\":\"en-US\",\"publisher\":{\"@id\":\"https:\\\/\\\/kornita.lt\\\/en\\\/#organization\"}}]}\n\t\t<\/script>\n\t\t<!-- All in One SEO Pro -->\r\n\t\t<title>Jogurto raugas IMUNO, 4\u00d70,5g - kornita<\/title>\n\n","aioseo_head_json":{"title":"Jogurto raugas IMUNO, 4\u00d70,5g - kornita","description":"Reguliariai naudojant Imuno jogurt\u0105 sustipr\u0117ja imunitetas, suma\u017e\u0117ja per\u0161alimo ir toki\u0173 simptom\u0173 kaip kar\u0161tis, sloga, kosulys da\u017enumas. Pasi\u017eymi \u0161velniu skoniu bei unikalia bakterine sud\u0117timi. Turi 3 bakterij\u0173 kamienus, kuri\u0173 efektyvumas yra klini\u0161kai patvirtintas. \u0160is raugas puikiai tinka ne tik jogurtui gaminti, bet ir vartoti gryn\u0105, kaip probiotik\u0105.","canonical_url":"https:\/\/kornita.lt\/en\/shop\/jogurto-raugai\/jogurto-raugas-imuno-4x05g\/","robots":"max-image-preview:large","keywords":"","webmasterTools":{"miscellaneous":""},"schema":{"@context":"https:\/\/schema.org","@graph":[{"@type":"BreadcrumbList","@id":"https:\/\/kornita.lt\/en\/shop\/jogurto-raugai\/jogurto-raugas-imuno-4x05g\/#breadcrumblist","itemListElement":[{"@type":"ListItem","@id":"https:\/\/kornita.lt\/en\/#listItem","position":1,"name":"Home","item":"https:\/\/kornita.lt\/en\/","nextItem":{"@type":"ListItem","@id":"https:\/\/kornita.lt\/en\/shop-2\/#listItem","name":"Shop"}},{"@type":"ListItem","@id":"https:\/\/kornita.lt\/en\/shop-2\/#listItem","position":2,"name":"Shop","item":"https:\/\/kornita.lt\/en\/shop-2\/","nextItem":{"@type":"ListItem","@id":"https:\/\/kornita.lt\/en\/product-category\/jogurto-raugai\/#listItem","name":"Jogurto raugai"},"previousItem":{"@type":"ListItem","@id":"https:\/\/kornita.lt\/en\/#listItem","name":"Home"}},{"@type":"ListItem","@id":"https:\/\/kornita.lt\/en\/product-category\/jogurto-raugai\/#listItem","position":3,"name":"Jogurto raugai","item":"https:\/\/kornita.lt\/en\/product-category\/jogurto-raugai\/","nextItem":{"@type":"ListItem","@id":"https:\/\/kornita.lt\/en\/shop\/jogurto-raugai\/jogurto-raugas-imuno-4x05g\/#listItem","name":"Jogurto raugas IMUNO, 4&#215;0,5g"},"previousItem":{"@type":"ListItem","@id":"https:\/\/kornita.lt\/en\/shop-2\/#listItem","name":"Shop"}},{"@type":"ListItem","@id":"https:\/\/kornita.lt\/en\/shop\/jogurto-raugai\/jogurto-raugas-imuno-4x05g\/#listItem","position":4,"name":"Jogurto raugas IMUNO, 4&#215;0,5g","previousItem":{"@type":"ListItem","@id":"https:\/\/kornita.lt\/en\/product-category\/jogurto-raugai\/#listItem","name":"Jogurto raugai"}}]},{"@type":"Organization","@id":"https:\/\/kornita.lt\/en\/#organization","name":"kornita","url":"https:\/\/kornita.lt\/en\/","telephone":"+37068581463","logo":{"@type":"ImageObject","url":"http:\/\/kornita.webfactory.lt\/wp-content\/uploads\/2023\/04\/korni-el-prekyba.png","@id":"https:\/\/kornita.lt\/en\/shop\/jogurto-raugai\/jogurto-raugas-imuno-4x05g\/#organizationLogo"},"image":{"@id":"https:\/\/kornita.lt\/en\/shop\/jogurto-raugai\/jogurto-raugas-imuno-4x05g\/#organizationLogo"},"sameAs":["https:\/\/www.facebook.com\/kornita.lt"]},{"@type":"Product","@id":"https:\/\/kornita.lt\/en\/shop\/jogurto-raugai\/jogurto-raugas-imuno-4x05g\/#wooCommerceProduct","name":"Jogurto raugas IMUNO, 4x0,5g","description":"Reguliariai naudojant Imuno jogurt\u0105 sustipr\u0117ja imunitetas, suma\u017e\u0117ja per\u0161alimo ir toki\u0173 simptom\u0173 kaip kar\u0161tis, sloga, kosulys da\u017enumas. Pasi\u017eymi \u0161velniu skoniu bei unikalia bakterine sud\u0117timi. Turi 3 bakterij\u0173 kamienus, kuri\u0173 efektyvumas yra klini\u0161kai patvirtintas. \u0160is raugas puikiai tinka ne tik jogurtui gaminti, bet ir vartoti gryn\u0105, kaip probiotik\u0105.\r\n\r\n&nbsp;\r\n\r\n\r\n\r\n\r\n\r\n\r\n\r\n&nbsp;","url":"https:\/\/kornita.lt\/en\/shop\/jogurto-raugai\/jogurto-raugas-imuno-4x05g\/","sku":"4820148055474","image":{"@type":"ImageObject","url":"https:\/\/kornita.lt\/wp-content\/uploads\/2024\/02\/2019_immune_en-1.jpg","@id":"https:\/\/kornita.lt\/en\/shop\/jogurto-raugai\/jogurto-raugas-imuno-4x05g\/#productImage","width":590,"height":590},"offers":{"@type":"Offer","url":"https:\/\/kornita.lt\/en\/shop\/jogurto-raugai\/jogurto-raugas-imuno-4x05g\/#wooCommerceOffer","price":3.49,"priceCurrency":"EUR","category":"Jogurto raugai","availability":"https:\/\/schema.org\/InStock","priceSpecification":{"@type":"PriceSpecification","price":3.49,"priceCurrency":"EUR","valueAddedTaxIncluded":"true"},"seller":{"@type":"Organization","@id":"https:\/\/kornita.lt\/en\/#organization"}}},{"@type":"WebPage","@id":"https:\/\/kornita.lt\/en\/shop\/jogurto-raugai\/jogurto-raugas-imuno-4x05g\/#webpage","url":"https:\/\/kornita.lt\/en\/shop\/jogurto-raugai\/jogurto-raugas-imuno-4x05g\/","name":"Jogurto raugas IMUNO, 4\u00d70,5g - kornita","description":"Reguliariai naudojant Imuno jogurt\u0105 sustipr\u0117ja imunitetas, suma\u017e\u0117ja per\u0161alimo ir toki\u0173 simptom\u0173 kaip kar\u0161tis, sloga, kosulys da\u017enumas. Pasi\u017eymi \u0161velniu skoniu bei unikalia bakterine sud\u0117timi. Turi 3 bakterij\u0173 kamienus, kuri\u0173 efektyvumas yra klini\u0161kai patvirtintas. \u0160is raugas puikiai tinka ne tik jogurtui gaminti, bet ir vartoti gryn\u0105, kaip probiotik\u0105.","inLanguage":"en-US","isPartOf":{"@id":"https:\/\/kornita.lt\/en\/#website"},"breadcrumb":{"@id":"https:\/\/kornita.lt\/en\/shop\/jogurto-raugai\/jogurto-raugas-imuno-4x05g\/#breadcrumblist"},"image":{"@type":"ImageObject","url":"https:\/\/kornita.lt\/wp-content\/uploads\/2024\/02\/2019_immune_en-1.jpg","@id":"https:\/\/kornita.lt\/en\/shop\/jogurto-raugai\/jogurto-raugas-imuno-4x05g\/#mainImage","width":590,"height":590},"primaryImageOfPage":{"@id":"https:\/\/kornita.lt\/en\/shop\/jogurto-raugai\/jogurto-raugas-imuno-4x05g\/#mainImage"},"datePublished":"2024-02-07T13:22:58+00:00","dateModified":"2025-10-15T10:03:56+00:00"},{"@type":"WebSite","@id":"https:\/\/kornita.lt\/en\/#website","url":"https:\/\/kornita.lt\/en\/","name":"kornita","inLanguage":"en-US","publisher":{"@id":"https:\/\/kornita.lt\/en\/#organization"}}]},"og:locale":"en_US","og:site_name":"kornita -","og:type":"article","og:title":"Jogurto raugas IMUNO, 4\u00d70,5g - kornita","og:description":"Reguliariai naudojant Imuno jogurt\u0105 sustipr\u0117ja imunitetas, suma\u017e\u0117ja per\u0161alimo ir toki\u0173 simptom\u0173 kaip kar\u0161tis, sloga, kosulys da\u017enumas. Pasi\u017eymi \u0161velniu skoniu bei unikalia bakterine sud\u0117timi. Turi 3 bakterij\u0173 kamienus, kuri\u0173 efektyvumas yra klini\u0161kai patvirtintas. \u0160is raugas puikiai tinka ne tik jogurtui gaminti, bet ir vartoti gryn\u0105, kaip probiotik\u0105.","og:url":"https:\/\/kornita.lt\/en\/shop\/jogurto-raugai\/jogurto-raugas-imuno-4x05g\/","og:image":"https:\/\/kornita.webfactory.lt\/wp-content\/uploads\/2023\/04\/korni-el-prekyba.png","og:image:secure_url":"https:\/\/kornita.webfactory.lt\/wp-content\/uploads\/2023\/04\/korni-el-prekyba.png","article:published_time":"2024-02-07T13:22:58+00:00","article:modified_time":"2025-10-15T10:03:56+00:00","article:publisher":"https:\/\/www.facebook.com\/kornita.lt","twitter:card":"summary_large_image","twitter:title":"Jogurto raugas IMUNO, 4\u00d70,5g - kornita","twitter:description":"Reguliariai naudojant Imuno jogurt\u0105 sustipr\u0117ja imunitetas, suma\u017e\u0117ja per\u0161alimo ir toki\u0173 simptom\u0173 kaip kar\u0161tis, sloga, kosulys da\u017enumas. Pasi\u017eymi \u0161velniu skoniu bei unikalia bakterine sud\u0117timi. Turi 3 bakterij\u0173 kamienus, kuri\u0173 efektyvumas yra klini\u0161kai patvirtintas. \u0160is raugas puikiai tinka ne tik jogurtui gaminti, bet ir vartoti gryn\u0105, kaip probiotik\u0105.","twitter:image":"http:\/\/kornita.webfactory.lt\/wp-content\/uploads\/2023\/04\/korni-el-prekyba.png"},"aioseo_meta_data":{"post_id":"16697","title":"#post_title #separator_sa #site_title","description":"#post_excerpt","keywords":null,"keyphrases":{"focus":{"keyphrase":"","score":0,"analysis":{"keyphraseInTitle":{"score":0,"maxScore":9,"error":1}}},"additional":[]},"primary_term":null,"canonical_url":null,"og_title":null,"og_description":null,"og_object_type":"default","og_image_type":"default","og_image_url":null,"og_image_width":null,"og_image_height":null,"og_image_custom_url":null,"og_image_custom_fields":null,"og_video":"","og_custom_url":null,"og_article_section":null,"og_article_tags":null,"twitter_use_og":false,"twitter_card":"default","twitter_image_type":"default","twitter_image_url":null,"twitter_image_custom_url":null,"twitter_image_custom_fields":null,"twitter_title":null,"twitter_description":null,"schema":{"blockGraphs":[],"customGraphs":[],"default":{"data":{"Article":[],"Course":[],"Dataset":[],"FAQPage":[],"Movie":[],"Person":[],"Product":[],"ProductReview":[],"Car":[],"Recipe":[],"Service":[],"SoftwareApplication":[],"WebPage":[]},"graphName":"ItemPage","isEnabled":true},"graphs":[]},"schema_type":"default","schema_type_options":null,"pillar_content":false,"robots_default":true,"robots_noindex":false,"robots_noarchive":false,"robots_nosnippet":false,"robots_nofollow":false,"robots_noimageindex":false,"robots_noodp":false,"robots_notranslate":false,"robots_max_snippet":"-1","robots_max_videopreview":"-1","robots_max_imagepreview":"large","priority":null,"frequency":"default","local_seo":null,"seo_analyzer_scan_date":"2025-10-15 10:17:36","breadcrumb_settings":null,"limit_modified_date":false,"open_ai":"{\"title\":{\"suggestions\":[],\"usage\":0},\"description\":{\"suggestions\":[],\"usage\":0}}","ai":null,"created":"2024-02-07 13:23:05","updated":"2025-10-21 23:35:36"},"aioseo_breadcrumb":"<div class=\"aioseo-breadcrumbs\"><span class=\"aioseo-breadcrumb\">\n\t<a href=\"https:\/\/kornita.lt\/en\/\" title=\"Home\">Home<\/a>\n<\/span><span class=\"aioseo-breadcrumb-separator\">&raquo;<\/span><span class=\"aioseo-breadcrumb\">\n\t<a href=\"https:\/\/kornita.lt\/en\/shop-2\/\" title=\"Shop\">Shop<\/a>\n<\/span><span class=\"aioseo-breadcrumb-separator\">&raquo;<\/span><span class=\"aioseo-breadcrumb\">\n\t<a href=\"https:\/\/kornita.lt\/en\/product-category\/jogurto-raugai\/\" title=\"Jogurto raugai\">Jogurto raugai<\/a>\n<\/span><span class=\"aioseo-breadcrumb-separator\">&raquo;<\/span><span class=\"aioseo-breadcrumb\">\n\tJogurto raugas IMUNO, 4\u00d70,5g\n<\/span><\/div>","aioseo_breadcrumb_json":[{"label":"Home","link":"https:\/\/kornita.lt\/en\/"},{"label":"Shop","link":"https:\/\/kornita.lt\/en\/shop-2\/"},{"label":"Jogurto raugai","link":"https:\/\/kornita.lt\/en\/product-category\/jogurto-raugai\/"},{"label":"Jogurto raugas IMUNO, 4&#215;0,5g","link":"https:\/\/kornita.lt\/en\/shop\/jogurto-raugai\/jogurto-raugas-imuno-4x05g\/"}],"_links":{"self":[{"href":"https:\/\/kornita.lt\/en\/wp-json\/wp\/v2\/product\/16697","targetHints":{"allow":["GET"]}}],"collection":[{"href":"https:\/\/kornita.lt\/en\/wp-json\/wp\/v2\/product"}],"about":[{"href":"https:\/\/kornita.lt\/en\/wp-json\/wp\/v2\/types\/product"}],"replies":[{"embeddable":true,"href":"https:\/\/kornita.lt\/en\/wp-json\/wp\/v2\/comments?post=16697"}],"version-history":[{"count":1,"href":"https:\/\/kornita.lt\/en\/wp-json\/wp\/v2\/product\/16697\/revisions"}],"predecessor-version":[{"id":23668,"href":"https:\/\/kornita.lt\/en\/wp-json\/wp\/v2\/product\/16697\/revisions\/23668"}],"wp:featuredmedia":[{"embeddable":true,"href":"https:\/\/kornita.lt\/en\/wp-json\/wp\/v2\/media\/24094"}],"wp:attachment":[{"href":"https:\/\/kornita.lt\/en\/wp-json\/wp\/v2\/media?parent=16697"}],"wp:term":[{"taxonomy":"product_brand","embeddable":true,"href":"https:\/\/kornita.lt\/en\/wp-json\/wp\/v2\/product_brand?post=16697"},{"taxonomy":"product_cat","embeddable":true,"href":"https:\/\/kornita.lt\/en\/wp-json\/wp\/v2\/product_cat?post=16697"},{"taxonomy":"product_tag","embeddable":true,"href":"https:\/\/kornita.lt\/en\/wp-json\/wp\/v2\/product_tag?post=16697"}],"curies":[{"name":"wp","href":"https:\/\/api.w.org\/{rel}","templated":true}]}}