{"id":16660,"date":"2024-02-07T13:22:34","date_gmt":"2024-02-07T13:22:34","guid":{"rendered":"https:\/\/kornita.webfactory.lt\/?post_type=product&#038;p=16660"},"modified":"2025-05-19T08:52:02","modified_gmt":"2025-05-19T08:52:02","slug":"traskus-javainiai-granola-su-riesutais-500g","status":"publish","type":"product","link":"https:\/\/kornita.lt\/en\/shop\/sausi-pusryciai\/traskus-javainiai-granola-su-riesutais-500g\/","title":{"rendered":"Tra\u0161k\u016bs javainiai granola su rie\u0161utais, 500g"},"content":{"rendered":"<p><strong>Sudedamosios dalys<\/strong>: <strong>avi\u017e\u0173<\/strong> dribsniai 30%, ekstruduoti gr\u016bdai 25,6% (viso gr\u016bdo <strong>avi\u017einiai<\/strong> miltai, <b>kvietiniai <\/b>miltai, cukrus, kukur\u016bz\u0173 krakmolas, valgomoji druska, kukur\u016bz\u0173 kruopos, ry\u017ei\u0173 miltai, <strong>mie\u017ei\u0173 <\/strong>salyklo ekstraktas), palmi\u0173 aliejus, gliukoz\u0117s sirupas, gliukoz\u0117s-fruktoz\u0117s sirupas, cukrus, rie\u0161utai 5% (<strong>lazdyn\u0173 rie\u0161utai, migdolai<\/strong>), <strong>avi\u017e\u0173<\/strong> s\u0117lenos, valgomoji druska, kvapioji med\u017eiaga, augalinis ekstraktas (raudon\u0117lis).<\/p>\n","protected":false},"excerpt":{"rendered":"<p>Sudedamosios dalys: avi\u017e\u0173 dribsniai 30%, ekstruduoti gr\u016bdai 25,6% (viso gr\u016bdo avi\u017einiai miltai, kvietiniai miltai, cukrus, kukur\u016bz\u0173 krakmolas, valgomoji druska, kukur\u016bz\u0173<\/p>\n","protected":false},"featured_media":24920,"comment_status":"open","ping_status":"closed","template":"","meta":[],"product_brand":[],"product_cat":[19],"product_tag":[],"class_list":{"0":"post-16660","1":"product","2":"type-product","3":"status-publish","4":"has-post-thumbnail","6":"product_cat-sausi-pusryciai","7":"product_shipping_class-pristatymas","9":"first","10":"instock","11":"taxable","12":"shipping-taxable","13":"purchasable","14":"product-type-simple"},"aioseo_notices":[],"aioseo_head":"\n\t\t<!-- All in One SEO Pro 4.9.5.2 - aioseo.com -->\n\t<meta name=\"description\" content=\"Sudedamosios dalys: avi\u017e\u0173 dribsniai 30%, ekstruduoti gr\u016bdai 25,6% (viso gr\u016bdo avi\u017einiai miltai, kvietiniai miltai, cukrus, kukur\u016bz\u0173 krakmolas, valgomoji druska, kukur\u016bz\u0173 kruopos, ry\u017ei\u0173 miltai, mie\u017ei\u0173 salyklo ekstraktas), palmi\u0173 aliejus, gliukoz\u0117s sirupas, gliukoz\u0117s-fruktoz\u0117s sirupas, cukrus, rie\u0161utai 5% (lazdyn\u0173 rie\u0161utai, migdolai), avi\u017e\u0173 s\u0117lenos, valgomoji druska, kvapioji med\u017eiaga, augalinis ekstraktas (raudon\u0117lis).\" \/>\n\t<meta name=\"robots\" content=\"max-image-preview:large\" \/>\n\t<link rel=\"canonical\" href=\"https:\/\/kornita.lt\/en\/shop\/sausi-pusryciai\/traskus-javainiai-granola-su-riesutais-500g\/\" \/>\n\t<meta name=\"generator\" content=\"All in One SEO Pro (AIOSEO) 4.9.5.2\" \/>\n\t\t<meta property=\"og:locale\" content=\"en_US\" \/>\n\t\t<meta property=\"og:site_name\" content=\"kornita -\" \/>\n\t\t<meta property=\"og:type\" content=\"article\" \/>\n\t\t<meta property=\"og:title\" content=\"Tra\u0161k\u016bs javainiai granola su rie\u0161utais, 500g - kornita\" \/>\n\t\t<meta property=\"og:description\" content=\"Sudedamosios dalys: avi\u017e\u0173 dribsniai 30%, ekstruduoti gr\u016bdai 25,6% (viso gr\u016bdo avi\u017einiai miltai, kvietiniai miltai, cukrus, kukur\u016bz\u0173 krakmolas, valgomoji druska, kukur\u016bz\u0173 kruopos, ry\u017ei\u0173 miltai, mie\u017ei\u0173 salyklo ekstraktas), palmi\u0173 aliejus, gliukoz\u0117s sirupas, gliukoz\u0117s-fruktoz\u0117s sirupas, cukrus, rie\u0161utai 5% (lazdyn\u0173 rie\u0161utai, migdolai), avi\u017e\u0173 s\u0117lenos, valgomoji druska, kvapioji med\u017eiaga, augalinis ekstraktas (raudon\u0117lis).\" \/>\n\t\t<meta property=\"og:url\" content=\"https:\/\/kornita.lt\/en\/shop\/sausi-pusryciai\/traskus-javainiai-granola-su-riesutais-500g\/\" \/>\n\t\t<meta property=\"og:image\" content=\"https:\/\/kornita.webfactory.lt\/wp-content\/uploads\/2023\/04\/korni-el-prekyba.png\" \/>\n\t\t<meta property=\"og:image:secure_url\" content=\"https:\/\/kornita.webfactory.lt\/wp-content\/uploads\/2023\/04\/korni-el-prekyba.png\" \/>\n\t\t<meta property=\"article:published_time\" content=\"2024-02-07T13:22:34+00:00\" \/>\n\t\t<meta property=\"article:modified_time\" content=\"2025-05-19T08:52:02+00:00\" \/>\n\t\t<meta property=\"article:publisher\" content=\"https:\/\/www.facebook.com\/kornita.lt\" \/>\n\t\t<meta name=\"twitter:card\" content=\"summary_large_image\" \/>\n\t\t<meta name=\"twitter:title\" content=\"Tra\u0161k\u016bs javainiai granola su rie\u0161utais, 500g - kornita\" \/>\n\t\t<meta name=\"twitter:description\" content=\"Sudedamosios dalys: avi\u017e\u0173 dribsniai 30%, ekstruduoti gr\u016bdai 25,6% (viso gr\u016bdo avi\u017einiai miltai, kvietiniai miltai, cukrus, kukur\u016bz\u0173 krakmolas, valgomoji druska, kukur\u016bz\u0173 kruopos, ry\u017ei\u0173 miltai, mie\u017ei\u0173 salyklo ekstraktas), palmi\u0173 aliejus, gliukoz\u0117s sirupas, gliukoz\u0117s-fruktoz\u0117s sirupas, cukrus, rie\u0161utai 5% (lazdyn\u0173 rie\u0161utai, migdolai), avi\u017e\u0173 s\u0117lenos, valgomoji druska, kvapioji med\u017eiaga, augalinis ekstraktas (raudon\u0117lis).\" \/>\n\t\t<meta name=\"twitter:image\" content=\"http:\/\/kornita.webfactory.lt\/wp-content\/uploads\/2023\/04\/korni-el-prekyba.png\" \/>\n\t\t<script type=\"application\/ld+json\" class=\"aioseo-schema\">\n\t\t\t{\"@context\":\"https:\\\/\\\/schema.org\",\"@graph\":[{\"@type\":\"BreadcrumbList\",\"@id\":\"https:\\\/\\\/kornita.lt\\\/en\\\/shop\\\/sausi-pusryciai\\\/traskus-javainiai-granola-su-riesutais-500g\\\/#breadcrumblist\",\"itemListElement\":[{\"@type\":\"ListItem\",\"@id\":\"https:\\\/\\\/kornita.lt\\\/en\\\/#listItem\",\"position\":1,\"name\":\"Home\",\"item\":\"https:\\\/\\\/kornita.lt\\\/en\\\/\",\"nextItem\":{\"@type\":\"ListItem\",\"@id\":\"https:\\\/\\\/kornita.lt\\\/en\\\/shop-2\\\/#listItem\",\"name\":\"Shop\"}},{\"@type\":\"ListItem\",\"@id\":\"https:\\\/\\\/kornita.lt\\\/en\\\/shop-2\\\/#listItem\",\"position\":2,\"name\":\"Shop\",\"item\":\"https:\\\/\\\/kornita.lt\\\/en\\\/shop-2\\\/\",\"nextItem\":{\"@type\":\"ListItem\",\"@id\":\"https:\\\/\\\/kornita.lt\\\/en\\\/product-category\\\/sausi-pusryciai\\\/#listItem\",\"name\":\"Sausi pusry\\u010diai\"},\"previousItem\":{\"@type\":\"ListItem\",\"@id\":\"https:\\\/\\\/kornita.lt\\\/en\\\/#listItem\",\"name\":\"Home\"}},{\"@type\":\"ListItem\",\"@id\":\"https:\\\/\\\/kornita.lt\\\/en\\\/product-category\\\/sausi-pusryciai\\\/#listItem\",\"position\":3,\"name\":\"Sausi pusry\\u010diai\",\"item\":\"https:\\\/\\\/kornita.lt\\\/en\\\/product-category\\\/sausi-pusryciai\\\/\",\"nextItem\":{\"@type\":\"ListItem\",\"@id\":\"https:\\\/\\\/kornita.lt\\\/en\\\/shop\\\/sausi-pusryciai\\\/traskus-javainiai-granola-su-riesutais-500g\\\/#listItem\",\"name\":\"Tra\\u0161k\\u016bs javainiai granola su rie\\u0161utais, 500g\"},\"previousItem\":{\"@type\":\"ListItem\",\"@id\":\"https:\\\/\\\/kornita.lt\\\/en\\\/shop-2\\\/#listItem\",\"name\":\"Shop\"}},{\"@type\":\"ListItem\",\"@id\":\"https:\\\/\\\/kornita.lt\\\/en\\\/shop\\\/sausi-pusryciai\\\/traskus-javainiai-granola-su-riesutais-500g\\\/#listItem\",\"position\":4,\"name\":\"Tra\\u0161k\\u016bs javainiai granola su rie\\u0161utais, 500g\",\"previousItem\":{\"@type\":\"ListItem\",\"@id\":\"https:\\\/\\\/kornita.lt\\\/en\\\/product-category\\\/sausi-pusryciai\\\/#listItem\",\"name\":\"Sausi pusry\\u010diai\"}}]},{\"@type\":\"Organization\",\"@id\":\"https:\\\/\\\/kornita.lt\\\/en\\\/#organization\",\"name\":\"kornita\",\"url\":\"https:\\\/\\\/kornita.lt\\\/en\\\/\",\"telephone\":\"+37068581463\",\"logo\":{\"@type\":\"ImageObject\",\"url\":\"http:\\\/\\\/kornita.webfactory.lt\\\/wp-content\\\/uploads\\\/2023\\\/04\\\/korni-el-prekyba.png\",\"@id\":\"https:\\\/\\\/kornita.lt\\\/en\\\/shop\\\/sausi-pusryciai\\\/traskus-javainiai-granola-su-riesutais-500g\\\/#organizationLogo\"},\"image\":{\"@id\":\"https:\\\/\\\/kornita.lt\\\/en\\\/shop\\\/sausi-pusryciai\\\/traskus-javainiai-granola-su-riesutais-500g\\\/#organizationLogo\"},\"sameAs\":[\"https:\\\/\\\/www.facebook.com\\\/kornita.lt\"]},{\"@type\":\"Product\",\"@id\":\"https:\\\/\\\/kornita.lt\\\/en\\\/shop\\\/sausi-pusryciai\\\/traskus-javainiai-granola-su-riesutais-500g\\\/#wooCommerceProduct\",\"name\":\"Tra\\u0161k\\u016bs javainiai granola su rie\\u0161utais, 500g\",\"url\":\"https:\\\/\\\/kornita.lt\\\/en\\\/shop\\\/sausi-pusryciai\\\/traskus-javainiai-granola-su-riesutais-500g\\\/\",\"sku\":\"8595564510512\",\"image\":{\"@type\":\"ImageObject\",\"url\":\"https:\\\/\\\/kornita.lt\\\/wp-content\\\/uploads\\\/2024\\\/02\\\/8595564510512.jpg\",\"@id\":\"https:\\\/\\\/kornita.lt\\\/en\\\/shop\\\/sausi-pusryciai\\\/traskus-javainiai-granola-su-riesutais-500g\\\/#productImage\",\"width\":661,\"height\":775},\"offers\":{\"@type\":\"Offer\",\"url\":\"https:\\\/\\\/kornita.lt\\\/en\\\/shop\\\/sausi-pusryciai\\\/traskus-javainiai-granola-su-riesutais-500g\\\/#wooCommerceOffer\",\"price\":3.99,\"priceCurrency\":\"EUR\",\"category\":\"Sausi pusry\\u010diai\",\"availability\":\"https:\\\/\\\/schema.org\\\/InStock\",\"priceSpecification\":{\"@type\":\"PriceSpecification\",\"price\":3.99,\"priceCurrency\":\"EUR\",\"valueAddedTaxIncluded\":\"true\"},\"seller\":{\"@type\":\"Organization\",\"@id\":\"https:\\\/\\\/kornita.lt\\\/en\\\/#organization\"}}},{\"@type\":\"WebPage\",\"@id\":\"https:\\\/\\\/kornita.lt\\\/en\\\/shop\\\/sausi-pusryciai\\\/traskus-javainiai-granola-su-riesutais-500g\\\/#webpage\",\"url\":\"https:\\\/\\\/kornita.lt\\\/en\\\/shop\\\/sausi-pusryciai\\\/traskus-javainiai-granola-su-riesutais-500g\\\/\",\"name\":\"Tra\\u0161k\\u016bs javainiai granola su rie\\u0161utais, 500g - kornita\",\"description\":\"Sudedamosios dalys: avi\\u017e\\u0173 dribsniai 30%, ekstruduoti gr\\u016bdai 25,6% (viso gr\\u016bdo avi\\u017einiai miltai, kvietiniai miltai, cukrus, kukur\\u016bz\\u0173 krakmolas, valgomoji druska, kukur\\u016bz\\u0173 kruopos, ry\\u017ei\\u0173 miltai, mie\\u017ei\\u0173 salyklo ekstraktas), palmi\\u0173 aliejus, gliukoz\\u0117s sirupas, gliukoz\\u0117s-fruktoz\\u0117s sirupas, cukrus, rie\\u0161utai 5% (lazdyn\\u0173 rie\\u0161utai, migdolai), avi\\u017e\\u0173 s\\u0117lenos, valgomoji druska, kvapioji med\\u017eiaga, augalinis ekstraktas (raudon\\u0117lis).\",\"inLanguage\":\"en-US\",\"isPartOf\":{\"@id\":\"https:\\\/\\\/kornita.lt\\\/en\\\/#website\"},\"breadcrumb\":{\"@id\":\"https:\\\/\\\/kornita.lt\\\/en\\\/shop\\\/sausi-pusryciai\\\/traskus-javainiai-granola-su-riesutais-500g\\\/#breadcrumblist\"},\"image\":{\"@type\":\"ImageObject\",\"url\":\"https:\\\/\\\/kornita.lt\\\/wp-content\\\/uploads\\\/2024\\\/02\\\/8595564510512.jpg\",\"@id\":\"https:\\\/\\\/kornita.lt\\\/en\\\/shop\\\/sausi-pusryciai\\\/traskus-javainiai-granola-su-riesutais-500g\\\/#mainImage\",\"width\":661,\"height\":775},\"primaryImageOfPage\":{\"@id\":\"https:\\\/\\\/kornita.lt\\\/en\\\/shop\\\/sausi-pusryciai\\\/traskus-javainiai-granola-su-riesutais-500g\\\/#mainImage\"},\"datePublished\":\"2024-02-07T13:22:34+00:00\",\"dateModified\":\"2025-05-19T08:52:02+00:00\"},{\"@type\":\"WebSite\",\"@id\":\"https:\\\/\\\/kornita.lt\\\/en\\\/#website\",\"url\":\"https:\\\/\\\/kornita.lt\\\/en\\\/\",\"name\":\"kornita\",\"inLanguage\":\"en-US\",\"publisher\":{\"@id\":\"https:\\\/\\\/kornita.lt\\\/en\\\/#organization\"}}]}\n\t\t<\/script>\n\t\t<!-- All in One SEO Pro -->\r\n\t\t<title>Tra\u0161k\u016bs javainiai granola su rie\u0161utais, 500g - kornita<\/title>\n\n","aioseo_head_json":{"title":"Tra\u0161k\u016bs javainiai granola su rie\u0161utais, 500g - kornita","description":"Sudedamosios dalys: avi\u017e\u0173 dribsniai 30%, ekstruduoti gr\u016bdai 25,6% (viso gr\u016bdo avi\u017einiai miltai, kvietiniai miltai, cukrus, kukur\u016bz\u0173 krakmolas, valgomoji druska, kukur\u016bz\u0173 kruopos, ry\u017ei\u0173 miltai, mie\u017ei\u0173 salyklo ekstraktas), palmi\u0173 aliejus, gliukoz\u0117s sirupas, gliukoz\u0117s-fruktoz\u0117s sirupas, cukrus, rie\u0161utai 5% (lazdyn\u0173 rie\u0161utai, migdolai), avi\u017e\u0173 s\u0117lenos, valgomoji druska, kvapioji med\u017eiaga, augalinis ekstraktas (raudon\u0117lis).","canonical_url":"https:\/\/kornita.lt\/en\/shop\/sausi-pusryciai\/traskus-javainiai-granola-su-riesutais-500g\/","robots":"max-image-preview:large","keywords":"","webmasterTools":{"miscellaneous":""},"schema":{"@context":"https:\/\/schema.org","@graph":[{"@type":"BreadcrumbList","@id":"https:\/\/kornita.lt\/en\/shop\/sausi-pusryciai\/traskus-javainiai-granola-su-riesutais-500g\/#breadcrumblist","itemListElement":[{"@type":"ListItem","@id":"https:\/\/kornita.lt\/en\/#listItem","position":1,"name":"Home","item":"https:\/\/kornita.lt\/en\/","nextItem":{"@type":"ListItem","@id":"https:\/\/kornita.lt\/en\/shop-2\/#listItem","name":"Shop"}},{"@type":"ListItem","@id":"https:\/\/kornita.lt\/en\/shop-2\/#listItem","position":2,"name":"Shop","item":"https:\/\/kornita.lt\/en\/shop-2\/","nextItem":{"@type":"ListItem","@id":"https:\/\/kornita.lt\/en\/product-category\/sausi-pusryciai\/#listItem","name":"Sausi pusry\u010diai"},"previousItem":{"@type":"ListItem","@id":"https:\/\/kornita.lt\/en\/#listItem","name":"Home"}},{"@type":"ListItem","@id":"https:\/\/kornita.lt\/en\/product-category\/sausi-pusryciai\/#listItem","position":3,"name":"Sausi pusry\u010diai","item":"https:\/\/kornita.lt\/en\/product-category\/sausi-pusryciai\/","nextItem":{"@type":"ListItem","@id":"https:\/\/kornita.lt\/en\/shop\/sausi-pusryciai\/traskus-javainiai-granola-su-riesutais-500g\/#listItem","name":"Tra\u0161k\u016bs javainiai granola su rie\u0161utais, 500g"},"previousItem":{"@type":"ListItem","@id":"https:\/\/kornita.lt\/en\/shop-2\/#listItem","name":"Shop"}},{"@type":"ListItem","@id":"https:\/\/kornita.lt\/en\/shop\/sausi-pusryciai\/traskus-javainiai-granola-su-riesutais-500g\/#listItem","position":4,"name":"Tra\u0161k\u016bs javainiai granola su rie\u0161utais, 500g","previousItem":{"@type":"ListItem","@id":"https:\/\/kornita.lt\/en\/product-category\/sausi-pusryciai\/#listItem","name":"Sausi pusry\u010diai"}}]},{"@type":"Organization","@id":"https:\/\/kornita.lt\/en\/#organization","name":"kornita","url":"https:\/\/kornita.lt\/en\/","telephone":"+37068581463","logo":{"@type":"ImageObject","url":"http:\/\/kornita.webfactory.lt\/wp-content\/uploads\/2023\/04\/korni-el-prekyba.png","@id":"https:\/\/kornita.lt\/en\/shop\/sausi-pusryciai\/traskus-javainiai-granola-su-riesutais-500g\/#organizationLogo"},"image":{"@id":"https:\/\/kornita.lt\/en\/shop\/sausi-pusryciai\/traskus-javainiai-granola-su-riesutais-500g\/#organizationLogo"},"sameAs":["https:\/\/www.facebook.com\/kornita.lt"]},{"@type":"Product","@id":"https:\/\/kornita.lt\/en\/shop\/sausi-pusryciai\/traskus-javainiai-granola-su-riesutais-500g\/#wooCommerceProduct","name":"Tra\u0161k\u016bs javainiai granola su rie\u0161utais, 500g","url":"https:\/\/kornita.lt\/en\/shop\/sausi-pusryciai\/traskus-javainiai-granola-su-riesutais-500g\/","sku":"8595564510512","image":{"@type":"ImageObject","url":"https:\/\/kornita.lt\/wp-content\/uploads\/2024\/02\/8595564510512.jpg","@id":"https:\/\/kornita.lt\/en\/shop\/sausi-pusryciai\/traskus-javainiai-granola-su-riesutais-500g\/#productImage","width":661,"height":775},"offers":{"@type":"Offer","url":"https:\/\/kornita.lt\/en\/shop\/sausi-pusryciai\/traskus-javainiai-granola-su-riesutais-500g\/#wooCommerceOffer","price":3.99,"priceCurrency":"EUR","category":"Sausi pusry\u010diai","availability":"https:\/\/schema.org\/InStock","priceSpecification":{"@type":"PriceSpecification","price":3.99,"priceCurrency":"EUR","valueAddedTaxIncluded":"true"},"seller":{"@type":"Organization","@id":"https:\/\/kornita.lt\/en\/#organization"}}},{"@type":"WebPage","@id":"https:\/\/kornita.lt\/en\/shop\/sausi-pusryciai\/traskus-javainiai-granola-su-riesutais-500g\/#webpage","url":"https:\/\/kornita.lt\/en\/shop\/sausi-pusryciai\/traskus-javainiai-granola-su-riesutais-500g\/","name":"Tra\u0161k\u016bs javainiai granola su rie\u0161utais, 500g - kornita","description":"Sudedamosios dalys: avi\u017e\u0173 dribsniai 30%, ekstruduoti gr\u016bdai 25,6% (viso gr\u016bdo avi\u017einiai miltai, kvietiniai miltai, cukrus, kukur\u016bz\u0173 krakmolas, valgomoji druska, kukur\u016bz\u0173 kruopos, ry\u017ei\u0173 miltai, mie\u017ei\u0173 salyklo ekstraktas), palmi\u0173 aliejus, gliukoz\u0117s sirupas, gliukoz\u0117s-fruktoz\u0117s sirupas, cukrus, rie\u0161utai 5% (lazdyn\u0173 rie\u0161utai, migdolai), avi\u017e\u0173 s\u0117lenos, valgomoji druska, kvapioji med\u017eiaga, augalinis ekstraktas (raudon\u0117lis).","inLanguage":"en-US","isPartOf":{"@id":"https:\/\/kornita.lt\/en\/#website"},"breadcrumb":{"@id":"https:\/\/kornita.lt\/en\/shop\/sausi-pusryciai\/traskus-javainiai-granola-su-riesutais-500g\/#breadcrumblist"},"image":{"@type":"ImageObject","url":"https:\/\/kornita.lt\/wp-content\/uploads\/2024\/02\/8595564510512.jpg","@id":"https:\/\/kornita.lt\/en\/shop\/sausi-pusryciai\/traskus-javainiai-granola-su-riesutais-500g\/#mainImage","width":661,"height":775},"primaryImageOfPage":{"@id":"https:\/\/kornita.lt\/en\/shop\/sausi-pusryciai\/traskus-javainiai-granola-su-riesutais-500g\/#mainImage"},"datePublished":"2024-02-07T13:22:34+00:00","dateModified":"2025-05-19T08:52:02+00:00"},{"@type":"WebSite","@id":"https:\/\/kornita.lt\/en\/#website","url":"https:\/\/kornita.lt\/en\/","name":"kornita","inLanguage":"en-US","publisher":{"@id":"https:\/\/kornita.lt\/en\/#organization"}}]},"og:locale":"en_US","og:site_name":"kornita -","og:type":"article","og:title":"Tra\u0161k\u016bs javainiai granola su rie\u0161utais, 500g - kornita","og:description":"Sudedamosios dalys: avi\u017e\u0173 dribsniai 30%, ekstruduoti gr\u016bdai 25,6% (viso gr\u016bdo avi\u017einiai miltai, kvietiniai miltai, cukrus, kukur\u016bz\u0173 krakmolas, valgomoji druska, kukur\u016bz\u0173 kruopos, ry\u017ei\u0173 miltai, mie\u017ei\u0173 salyklo ekstraktas), palmi\u0173 aliejus, gliukoz\u0117s sirupas, gliukoz\u0117s-fruktoz\u0117s sirupas, cukrus, rie\u0161utai 5% (lazdyn\u0173 rie\u0161utai, migdolai), avi\u017e\u0173 s\u0117lenos, valgomoji druska, kvapioji med\u017eiaga, augalinis ekstraktas (raudon\u0117lis).","og:url":"https:\/\/kornita.lt\/en\/shop\/sausi-pusryciai\/traskus-javainiai-granola-su-riesutais-500g\/","og:image":"https:\/\/kornita.webfactory.lt\/wp-content\/uploads\/2023\/04\/korni-el-prekyba.png","og:image:secure_url":"https:\/\/kornita.webfactory.lt\/wp-content\/uploads\/2023\/04\/korni-el-prekyba.png","article:published_time":"2024-02-07T13:22:34+00:00","article:modified_time":"2025-05-19T08:52:02+00:00","article:publisher":"https:\/\/www.facebook.com\/kornita.lt","twitter:card":"summary_large_image","twitter:title":"Tra\u0161k\u016bs javainiai granola su rie\u0161utais, 500g - kornita","twitter:description":"Sudedamosios dalys: avi\u017e\u0173 dribsniai 30%, ekstruduoti gr\u016bdai 25,6% (viso gr\u016bdo avi\u017einiai miltai, kvietiniai miltai, cukrus, kukur\u016bz\u0173 krakmolas, valgomoji druska, kukur\u016bz\u0173 kruopos, ry\u017ei\u0173 miltai, mie\u017ei\u0173 salyklo ekstraktas), palmi\u0173 aliejus, gliukoz\u0117s sirupas, gliukoz\u0117s-fruktoz\u0117s sirupas, cukrus, rie\u0161utai 5% (lazdyn\u0173 rie\u0161utai, migdolai), avi\u017e\u0173 s\u0117lenos, valgomoji druska, kvapioji med\u017eiaga, augalinis ekstraktas (raudon\u0117lis).","twitter:image":"http:\/\/kornita.webfactory.lt\/wp-content\/uploads\/2023\/04\/korni-el-prekyba.png"},"aioseo_meta_data":{"post_id":"16660","title":null,"description":null,"keywords":null,"keyphrases":{"focus":{"keyphrase":"","score":0,"analysis":{"keyphraseInTitle":{"score":0,"maxScore":9,"error":1}}},"additional":[]},"primary_term":null,"canonical_url":null,"og_title":null,"og_description":null,"og_object_type":"default","og_image_type":"default","og_image_url":null,"og_image_width":null,"og_image_height":null,"og_image_custom_url":null,"og_image_custom_fields":null,"og_video":"","og_custom_url":null,"og_article_section":null,"og_article_tags":null,"twitter_use_og":false,"twitter_card":"default","twitter_image_type":"default","twitter_image_url":null,"twitter_image_custom_url":null,"twitter_image_custom_fields":null,"twitter_title":null,"twitter_description":null,"schema":{"blockGraphs":[],"customGraphs":[],"default":{"data":{"Article":[],"Course":[],"Dataset":[],"FAQPage":[],"Movie":[],"Person":[],"Product":[],"ProductReview":[],"Car":[],"Recipe":[],"Service":[],"SoftwareApplication":[],"WebPage":[]},"graphName":"ItemPage","isEnabled":true},"graphs":[]},"schema_type":"default","schema_type_options":null,"pillar_content":false,"robots_default":true,"robots_noindex":false,"robots_noarchive":false,"robots_nosnippet":false,"robots_nofollow":false,"robots_noimageindex":false,"robots_noodp":false,"robots_notranslate":false,"robots_max_snippet":"-1","robots_max_videopreview":"-1","robots_max_imagepreview":"large","priority":null,"frequency":"default","local_seo":null,"seo_analyzer_scan_date":"2025-10-09 00:56:35","breadcrumb_settings":null,"limit_modified_date":false,"open_ai":"{\"title\":{\"suggestions\":[],\"usage\":0},\"description\":{\"suggestions\":[],\"usage\":0}}","ai":null,"created":"2024-02-07 13:23:01","updated":"2025-11-26 23:35:06"},"aioseo_breadcrumb":"<div class=\"aioseo-breadcrumbs\"><span class=\"aioseo-breadcrumb\">\n\t<a href=\"https:\/\/kornita.lt\/en\/\" title=\"Home\">Home<\/a>\n<\/span><span class=\"aioseo-breadcrumb-separator\">&raquo;<\/span><span class=\"aioseo-breadcrumb\">\n\t<a href=\"https:\/\/kornita.lt\/en\/shop-2\/\" title=\"Shop\">Shop<\/a>\n<\/span><span class=\"aioseo-breadcrumb-separator\">&raquo;<\/span><span class=\"aioseo-breadcrumb\">\n\t<a href=\"https:\/\/kornita.lt\/en\/product-category\/sausi-pusryciai\/\" title=\"Sausi pusry\u010diai\">Sausi pusry\u010diai<\/a>\n<\/span><span class=\"aioseo-breadcrumb-separator\">&raquo;<\/span><span class=\"aioseo-breadcrumb\">\n\tTra\u0161k\u016bs javainiai granola su rie\u0161utais, 500g\n<\/span><\/div>","aioseo_breadcrumb_json":[{"label":"Home","link":"https:\/\/kornita.lt\/en\/"},{"label":"Shop","link":"https:\/\/kornita.lt\/en\/shop-2\/"},{"label":"Sausi pusry\u010diai","link":"https:\/\/kornita.lt\/en\/product-category\/sausi-pusryciai\/"},{"label":"Tra\u0161k\u016bs javainiai granola su rie\u0161utais, 500g","link":"https:\/\/kornita.lt\/en\/shop\/sausi-pusryciai\/traskus-javainiai-granola-su-riesutais-500g\/"}],"_links":{"self":[{"href":"https:\/\/kornita.lt\/en\/wp-json\/wp\/v2\/product\/16660","targetHints":{"allow":["GET"]}}],"collection":[{"href":"https:\/\/kornita.lt\/en\/wp-json\/wp\/v2\/product"}],"about":[{"href":"https:\/\/kornita.lt\/en\/wp-json\/wp\/v2\/types\/product"}],"replies":[{"embeddable":true,"href":"https:\/\/kornita.lt\/en\/wp-json\/wp\/v2\/comments?post=16660"}],"version-history":[{"count":1,"href":"https:\/\/kornita.lt\/en\/wp-json\/wp\/v2\/product\/16660\/revisions"}],"predecessor-version":[{"id":24922,"href":"https:\/\/kornita.lt\/en\/wp-json\/wp\/v2\/product\/16660\/revisions\/24922"}],"wp:featuredmedia":[{"embeddable":true,"href":"https:\/\/kornita.lt\/en\/wp-json\/wp\/v2\/media\/24920"}],"wp:attachment":[{"href":"https:\/\/kornita.lt\/en\/wp-json\/wp\/v2\/media?parent=16660"}],"wp:term":[{"taxonomy":"product_brand","embeddable":true,"href":"https:\/\/kornita.lt\/en\/wp-json\/wp\/v2\/product_brand?post=16660"},{"taxonomy":"product_cat","embeddable":true,"href":"https:\/\/kornita.lt\/en\/wp-json\/wp\/v2\/product_cat?post=16660"},{"taxonomy":"product_tag","embeddable":true,"href":"https:\/\/kornita.lt\/en\/wp-json\/wp\/v2\/product_tag?post=16660"}],"curies":[{"name":"wp","href":"https:\/\/api.w.org\/{rel}","templated":true}]}}