{"id":16652,"date":"2024-02-07T13:22:33","date_gmt":"2024-02-07T13:22:33","guid":{"rendered":"https:\/\/kornita.webfactory.lt\/?post_type=product&#038;p=16652"},"modified":"2025-11-21T07:33:03","modified_gmt":"2025-11-21T07:33:03","slug":"neutralaus-skonio-stevijos-lasai-50ml","status":"publish","type":"product","link":"https:\/\/kornita.lt\/en\/shop\/cukraus-pakaitalai\/neutralaus-skonio-stevijos-lasai-50ml\/","title":{"rendered":"Neutralaus skonio stevijos la\u0161ai, 50ml"},"content":{"rendered":"<p><em>Neutralaus skonio stevijos la\u0161ai<\/em><\/p>\n<p><strong>Sudedamosios dalys<\/strong>: distiliuotas vanduo, stevijos lap\u0173 ekstraktas, vitaminas C, nat\u016brali kvapioji med\u017eiaga<\/p>\n","protected":false},"excerpt":{"rendered":"<p>Stevijos la\u0161ai yra nat\u016bralus cukraus pakaitalas, pagamintas i\u0161 stevijos lap\u0173 ekstrakto. Tai saldiklis, neturintis cukraus, kalorij\u0173 ir angliavandeni\u0173. Stevia Drops la\u0161us naudokite gamindami limonadus, glotnu\u010dius, galite saldinti kav\u0105, arbat\u0105, var\u0161k\u0119, jogurt\u0105, kepinius ir desertus. Be to, stevija yra 300 kart\u0173 saldesn\u0117 u\u017e cukr\u0173, tad \u0161io buteliuko jums u\u017eteks tikrai ilgam.<\/p>\n","protected":false},"featured_media":24745,"comment_status":"open","ping_status":"closed","template":"","meta":[],"product_brand":[],"product_cat":[63],"product_tag":[64,65,66,67,68],"class_list":{"0":"post-16652","1":"product","2":"type-product","3":"status-publish","4":"has-post-thumbnail","6":"product_cat-cukraus-pakaitalai","7":"product_tag-naturalus-saldiklis","8":"product_tag-skysta-stevija","9":"product_tag-stevija","10":"product_tag-stevijos-lasai","11":"product_tag-stevijos-saldiklis","12":"product_shipping_class-pristatymas","14":"first","15":"instock","16":"taxable","17":"shipping-taxable","18":"purchasable","19":"product-type-simple"},"aioseo_notices":[],"aioseo_head":"\n\t\t<!-- All in One SEO Pro 4.9.5.2 - aioseo.com -->\n\t<meta name=\"description\" content=\"Stevijos la\u0161ai yra nat\u016bralus cukraus pakaitalas, pagamintas i\u0161 stevijos lap\u0173 ekstrakto. Tai saldiklis, neturintis cukraus, kalorij\u0173 ir angliavandeni\u0173.\" \/>\n\t<meta name=\"robots\" content=\"max-image-preview:large\" \/>\n\t<link rel=\"canonical\" href=\"https:\/\/kornita.lt\/en\/shop\/cukraus-pakaitalai\/neutralaus-skonio-stevijos-lasai-50ml\/\" \/>\n\t<meta name=\"generator\" content=\"All in One SEO Pro (AIOSEO) 4.9.5.2\" \/>\n\t\t<meta property=\"og:locale\" content=\"en_US\" \/>\n\t\t<meta property=\"og:site_name\" content=\"kornita -\" \/>\n\t\t<meta property=\"og:type\" content=\"article\" \/>\n\t\t<meta property=\"og:title\" content=\"Neutralaus skonio stevijos la\u0161ai, 50ml - kornita\" \/>\n\t\t<meta property=\"og:description\" content=\"Stevijos la\u0161ai yra nat\u016bralus cukraus pakaitalas, pagamintas i\u0161 stevijos lap\u0173 ekstrakto. Tai saldiklis, neturintis cukraus, kalorij\u0173 ir angliavandeni\u0173.\" \/>\n\t\t<meta property=\"og:url\" content=\"https:\/\/kornita.lt\/en\/shop\/cukraus-pakaitalai\/neutralaus-skonio-stevijos-lasai-50ml\/\" \/>\n\t\t<meta property=\"og:image\" content=\"https:\/\/kornita.webfactory.lt\/wp-content\/uploads\/2023\/04\/korni-el-prekyba.png\" \/>\n\t\t<meta property=\"og:image:secure_url\" content=\"https:\/\/kornita.webfactory.lt\/wp-content\/uploads\/2023\/04\/korni-el-prekyba.png\" \/>\n\t\t<meta property=\"article:published_time\" content=\"2024-02-07T13:22:33+00:00\" \/>\n\t\t<meta property=\"article:modified_time\" content=\"2025-11-21T07:33:03+00:00\" \/>\n\t\t<meta property=\"article:publisher\" content=\"https:\/\/www.facebook.com\/kornita.lt\" \/>\n\t\t<meta name=\"twitter:card\" content=\"summary_large_image\" \/>\n\t\t<meta name=\"twitter:title\" content=\"Neutralaus skonio stevijos la\u0161ai, 50ml - kornita\" \/>\n\t\t<meta name=\"twitter:description\" content=\"Stevijos la\u0161ai yra nat\u016bralus cukraus pakaitalas, pagamintas i\u0161 stevijos lap\u0173 ekstrakto. Tai saldiklis, neturintis cukraus, kalorij\u0173 ir angliavandeni\u0173.\" \/>\n\t\t<meta name=\"twitter:image\" content=\"http:\/\/kornita.webfactory.lt\/wp-content\/uploads\/2023\/04\/korni-el-prekyba.png\" \/>\n\t\t<script type=\"application\/ld+json\" class=\"aioseo-schema\">\n\t\t\t{\"@context\":\"https:\\\/\\\/schema.org\",\"@graph\":[{\"@type\":\"BreadcrumbList\",\"@id\":\"https:\\\/\\\/kornita.lt\\\/en\\\/shop\\\/cukraus-pakaitalai\\\/neutralaus-skonio-stevijos-lasai-50ml\\\/#breadcrumblist\",\"itemListElement\":[{\"@type\":\"ListItem\",\"@id\":\"https:\\\/\\\/kornita.lt\\\/en\\\/#listItem\",\"position\":1,\"name\":\"Home\",\"item\":\"https:\\\/\\\/kornita.lt\\\/en\\\/\",\"nextItem\":{\"@type\":\"ListItem\",\"@id\":\"https:\\\/\\\/kornita.lt\\\/en\\\/shop-2\\\/#listItem\",\"name\":\"Shop\"}},{\"@type\":\"ListItem\",\"@id\":\"https:\\\/\\\/kornita.lt\\\/en\\\/shop-2\\\/#listItem\",\"position\":2,\"name\":\"Shop\",\"item\":\"https:\\\/\\\/kornita.lt\\\/en\\\/shop-2\\\/\",\"nextItem\":{\"@type\":\"ListItem\",\"@id\":\"https:\\\/\\\/kornita.lt\\\/en\\\/product-category\\\/cukraus-pakaitalai\\\/#listItem\",\"name\":\"Cukraus pakaitalai\"},\"previousItem\":{\"@type\":\"ListItem\",\"@id\":\"https:\\\/\\\/kornita.lt\\\/en\\\/#listItem\",\"name\":\"Home\"}},{\"@type\":\"ListItem\",\"@id\":\"https:\\\/\\\/kornita.lt\\\/en\\\/product-category\\\/cukraus-pakaitalai\\\/#listItem\",\"position\":3,\"name\":\"Cukraus pakaitalai\",\"item\":\"https:\\\/\\\/kornita.lt\\\/en\\\/product-category\\\/cukraus-pakaitalai\\\/\",\"nextItem\":{\"@type\":\"ListItem\",\"@id\":\"https:\\\/\\\/kornita.lt\\\/en\\\/shop\\\/cukraus-pakaitalai\\\/neutralaus-skonio-stevijos-lasai-50ml\\\/#listItem\",\"name\":\"Neutralaus skonio stevijos la\\u0161ai, 50ml\"},\"previousItem\":{\"@type\":\"ListItem\",\"@id\":\"https:\\\/\\\/kornita.lt\\\/en\\\/shop-2\\\/#listItem\",\"name\":\"Shop\"}},{\"@type\":\"ListItem\",\"@id\":\"https:\\\/\\\/kornita.lt\\\/en\\\/shop\\\/cukraus-pakaitalai\\\/neutralaus-skonio-stevijos-lasai-50ml\\\/#listItem\",\"position\":4,\"name\":\"Neutralaus skonio stevijos la\\u0161ai, 50ml\",\"previousItem\":{\"@type\":\"ListItem\",\"@id\":\"https:\\\/\\\/kornita.lt\\\/en\\\/product-category\\\/cukraus-pakaitalai\\\/#listItem\",\"name\":\"Cukraus pakaitalai\"}}]},{\"@type\":\"Organization\",\"@id\":\"https:\\\/\\\/kornita.lt\\\/en\\\/#organization\",\"name\":\"kornita\",\"url\":\"https:\\\/\\\/kornita.lt\\\/en\\\/\",\"telephone\":\"+37068581463\",\"logo\":{\"@type\":\"ImageObject\",\"url\":\"http:\\\/\\\/kornita.webfactory.lt\\\/wp-content\\\/uploads\\\/2023\\\/04\\\/korni-el-prekyba.png\",\"@id\":\"https:\\\/\\\/kornita.lt\\\/en\\\/shop\\\/cukraus-pakaitalai\\\/neutralaus-skonio-stevijos-lasai-50ml\\\/#organizationLogo\"},\"image\":{\"@id\":\"https:\\\/\\\/kornita.lt\\\/en\\\/shop\\\/cukraus-pakaitalai\\\/neutralaus-skonio-stevijos-lasai-50ml\\\/#organizationLogo\"},\"sameAs\":[\"https:\\\/\\\/www.facebook.com\\\/kornita.lt\"]},{\"@type\":\"Product\",\"@id\":\"https:\\\/\\\/kornita.lt\\\/en\\\/shop\\\/cukraus-pakaitalai\\\/neutralaus-skonio-stevijos-lasai-50ml\\\/#wooCommerceProduct\",\"name\":\"Neutralaus skonio stevijos la\\u0161ai, 50ml\",\"description\":\"Stevijos la\\u0161ai yra nat\\u016bralus cukraus pakaitalas, pagamintas i\\u0161 stevijos lap\\u0173 ekstrakto. Tai saldiklis, neturintis cukraus, kalorij\\u0173 ir angliavandeni\\u0173. Stevia Drops la\\u0161us naudokite gamindami limonadus, glotnu\\u010dius, galite saldinti kav\\u0105, arbat\\u0105, var\\u0161k\\u0119, jogurt\\u0105, kepinius ir desertus. Be to, stevija yra 300 kart\\u0173 saldesn\\u0117 u\\u017e cukr\\u0173, tad \\u0161io buteliuko jums u\\u017eteks tikrai ilgam.\",\"url\":\"https:\\\/\\\/kornita.lt\\\/en\\\/shop\\\/cukraus-pakaitalai\\\/neutralaus-skonio-stevijos-lasai-50ml\\\/\",\"sku\":\"5712449332202\",\"image\":{\"@type\":\"ImageObject\",\"url\":\"https:\\\/\\\/kornita.lt\\\/wp-content\\\/uploads\\\/2024\\\/02\\\/stevijos-lasai.JPG\",\"@id\":\"https:\\\/\\\/kornita.lt\\\/en\\\/shop\\\/cukraus-pakaitalai\\\/neutralaus-skonio-stevijos-lasai-50ml\\\/#productImage\",\"width\":500,\"height\":488},\"offers\":{\"@type\":\"Offer\",\"url\":\"https:\\\/\\\/kornita.lt\\\/en\\\/shop\\\/cukraus-pakaitalai\\\/neutralaus-skonio-stevijos-lasai-50ml\\\/#wooCommerceOffer\",\"price\":4.44,\"priceCurrency\":\"EUR\",\"category\":\"Cukraus pakaitalai\",\"availability\":\"https:\\\/\\\/schema.org\\\/InStock\",\"priceSpecification\":{\"@type\":\"PriceSpecification\",\"price\":4.44,\"priceCurrency\":\"EUR\",\"valueAddedTaxIncluded\":\"true\"},\"seller\":{\"@type\":\"Organization\",\"@id\":\"https:\\\/\\\/kornita.lt\\\/en\\\/#organization\"}},\"aggregateRating\":{\"@type\":\"AggregateRating\",\"@id\":\"https:\\\/\\\/kornita.lt\\\/en\\\/shop\\\/cukraus-pakaitalai\\\/neutralaus-skonio-stevijos-lasai-50ml\\\/#aggregrateRating\",\"worstRating\":1,\"bestRating\":5,\"ratingValue\":5,\"reviewCount\":1}},{\"@type\":\"WebPage\",\"@id\":\"https:\\\/\\\/kornita.lt\\\/en\\\/shop\\\/cukraus-pakaitalai\\\/neutralaus-skonio-stevijos-lasai-50ml\\\/#webpage\",\"url\":\"https:\\\/\\\/kornita.lt\\\/en\\\/shop\\\/cukraus-pakaitalai\\\/neutralaus-skonio-stevijos-lasai-50ml\\\/\",\"name\":\"Neutralaus skonio stevijos la\\u0161ai, 50ml - kornita\",\"description\":\"Stevijos la\\u0161ai yra nat\\u016bralus cukraus pakaitalas, pagamintas i\\u0161 stevijos lap\\u0173 ekstrakto. Tai saldiklis, neturintis cukraus, kalorij\\u0173 ir angliavandeni\\u0173.\",\"inLanguage\":\"en-US\",\"isPartOf\":{\"@id\":\"https:\\\/\\\/kornita.lt\\\/en\\\/#website\"},\"breadcrumb\":{\"@id\":\"https:\\\/\\\/kornita.lt\\\/en\\\/shop\\\/cukraus-pakaitalai\\\/neutralaus-skonio-stevijos-lasai-50ml\\\/#breadcrumblist\"},\"image\":{\"@type\":\"ImageObject\",\"url\":\"https:\\\/\\\/kornita.lt\\\/wp-content\\\/uploads\\\/2024\\\/02\\\/stevijos-lasai.JPG\",\"@id\":\"https:\\\/\\\/kornita.lt\\\/en\\\/shop\\\/cukraus-pakaitalai\\\/neutralaus-skonio-stevijos-lasai-50ml\\\/#mainImage\",\"width\":500,\"height\":488},\"primaryImageOfPage\":{\"@id\":\"https:\\\/\\\/kornita.lt\\\/en\\\/shop\\\/cukraus-pakaitalai\\\/neutralaus-skonio-stevijos-lasai-50ml\\\/#mainImage\"},\"datePublished\":\"2024-02-07T13:22:33+00:00\",\"dateModified\":\"2025-11-21T07:33:03+00:00\"},{\"@type\":\"WebSite\",\"@id\":\"https:\\\/\\\/kornita.lt\\\/en\\\/#website\",\"url\":\"https:\\\/\\\/kornita.lt\\\/en\\\/\",\"name\":\"kornita\",\"inLanguage\":\"en-US\",\"publisher\":{\"@id\":\"https:\\\/\\\/kornita.lt\\\/en\\\/#organization\"}}]}\n\t\t<\/script>\n\t\t<!-- All in One SEO Pro -->\r\n\t\t<title>Neutralaus skonio stevijos la\u0161ai, 50ml - kornita<\/title>\n\n","aioseo_head_json":{"title":"Neutralaus skonio stevijos la\u0161ai, 50ml - kornita","description":"Stevijos la\u0161ai yra nat\u016bralus cukraus pakaitalas, pagamintas i\u0161 stevijos lap\u0173 ekstrakto. Tai saldiklis, neturintis cukraus, kalorij\u0173 ir angliavandeni\u0173.","canonical_url":"https:\/\/kornita.lt\/en\/shop\/cukraus-pakaitalai\/neutralaus-skonio-stevijos-lasai-50ml\/","robots":"max-image-preview:large","keywords":"","webmasterTools":{"miscellaneous":""},"schema":{"@context":"https:\/\/schema.org","@graph":[{"@type":"BreadcrumbList","@id":"https:\/\/kornita.lt\/en\/shop\/cukraus-pakaitalai\/neutralaus-skonio-stevijos-lasai-50ml\/#breadcrumblist","itemListElement":[{"@type":"ListItem","@id":"https:\/\/kornita.lt\/en\/#listItem","position":1,"name":"Home","item":"https:\/\/kornita.lt\/en\/","nextItem":{"@type":"ListItem","@id":"https:\/\/kornita.lt\/en\/shop-2\/#listItem","name":"Shop"}},{"@type":"ListItem","@id":"https:\/\/kornita.lt\/en\/shop-2\/#listItem","position":2,"name":"Shop","item":"https:\/\/kornita.lt\/en\/shop-2\/","nextItem":{"@type":"ListItem","@id":"https:\/\/kornita.lt\/en\/product-category\/cukraus-pakaitalai\/#listItem","name":"Cukraus pakaitalai"},"previousItem":{"@type":"ListItem","@id":"https:\/\/kornita.lt\/en\/#listItem","name":"Home"}},{"@type":"ListItem","@id":"https:\/\/kornita.lt\/en\/product-category\/cukraus-pakaitalai\/#listItem","position":3,"name":"Cukraus pakaitalai","item":"https:\/\/kornita.lt\/en\/product-category\/cukraus-pakaitalai\/","nextItem":{"@type":"ListItem","@id":"https:\/\/kornita.lt\/en\/shop\/cukraus-pakaitalai\/neutralaus-skonio-stevijos-lasai-50ml\/#listItem","name":"Neutralaus skonio stevijos la\u0161ai, 50ml"},"previousItem":{"@type":"ListItem","@id":"https:\/\/kornita.lt\/en\/shop-2\/#listItem","name":"Shop"}},{"@type":"ListItem","@id":"https:\/\/kornita.lt\/en\/shop\/cukraus-pakaitalai\/neutralaus-skonio-stevijos-lasai-50ml\/#listItem","position":4,"name":"Neutralaus skonio stevijos la\u0161ai, 50ml","previousItem":{"@type":"ListItem","@id":"https:\/\/kornita.lt\/en\/product-category\/cukraus-pakaitalai\/#listItem","name":"Cukraus pakaitalai"}}]},{"@type":"Organization","@id":"https:\/\/kornita.lt\/en\/#organization","name":"kornita","url":"https:\/\/kornita.lt\/en\/","telephone":"+37068581463","logo":{"@type":"ImageObject","url":"http:\/\/kornita.webfactory.lt\/wp-content\/uploads\/2023\/04\/korni-el-prekyba.png","@id":"https:\/\/kornita.lt\/en\/shop\/cukraus-pakaitalai\/neutralaus-skonio-stevijos-lasai-50ml\/#organizationLogo"},"image":{"@id":"https:\/\/kornita.lt\/en\/shop\/cukraus-pakaitalai\/neutralaus-skonio-stevijos-lasai-50ml\/#organizationLogo"},"sameAs":["https:\/\/www.facebook.com\/kornita.lt"]},{"@type":"Product","@id":"https:\/\/kornita.lt\/en\/shop\/cukraus-pakaitalai\/neutralaus-skonio-stevijos-lasai-50ml\/#wooCommerceProduct","name":"Neutralaus skonio stevijos la\u0161ai, 50ml","description":"Stevijos la\u0161ai yra nat\u016bralus cukraus pakaitalas, pagamintas i\u0161 stevijos lap\u0173 ekstrakto. Tai saldiklis, neturintis cukraus, kalorij\u0173 ir angliavandeni\u0173. Stevia Drops la\u0161us naudokite gamindami limonadus, glotnu\u010dius, galite saldinti kav\u0105, arbat\u0105, var\u0161k\u0119, jogurt\u0105, kepinius ir desertus. Be to, stevija yra 300 kart\u0173 saldesn\u0117 u\u017e cukr\u0173, tad \u0161io buteliuko jums u\u017eteks tikrai ilgam.","url":"https:\/\/kornita.lt\/en\/shop\/cukraus-pakaitalai\/neutralaus-skonio-stevijos-lasai-50ml\/","sku":"5712449332202","image":{"@type":"ImageObject","url":"https:\/\/kornita.lt\/wp-content\/uploads\/2024\/02\/stevijos-lasai.JPG","@id":"https:\/\/kornita.lt\/en\/shop\/cukraus-pakaitalai\/neutralaus-skonio-stevijos-lasai-50ml\/#productImage","width":500,"height":488},"offers":{"@type":"Offer","url":"https:\/\/kornita.lt\/en\/shop\/cukraus-pakaitalai\/neutralaus-skonio-stevijos-lasai-50ml\/#wooCommerceOffer","price":4.44,"priceCurrency":"EUR","category":"Cukraus pakaitalai","availability":"https:\/\/schema.org\/InStock","priceSpecification":{"@type":"PriceSpecification","price":4.44,"priceCurrency":"EUR","valueAddedTaxIncluded":"true"},"seller":{"@type":"Organization","@id":"https:\/\/kornita.lt\/en\/#organization"}},"aggregateRating":{"@type":"AggregateRating","@id":"https:\/\/kornita.lt\/en\/shop\/cukraus-pakaitalai\/neutralaus-skonio-stevijos-lasai-50ml\/#aggregrateRating","worstRating":1,"bestRating":5,"ratingValue":5,"reviewCount":1}},{"@type":"WebPage","@id":"https:\/\/kornita.lt\/en\/shop\/cukraus-pakaitalai\/neutralaus-skonio-stevijos-lasai-50ml\/#webpage","url":"https:\/\/kornita.lt\/en\/shop\/cukraus-pakaitalai\/neutralaus-skonio-stevijos-lasai-50ml\/","name":"Neutralaus skonio stevijos la\u0161ai, 50ml - kornita","description":"Stevijos la\u0161ai yra nat\u016bralus cukraus pakaitalas, pagamintas i\u0161 stevijos lap\u0173 ekstrakto. Tai saldiklis, neturintis cukraus, kalorij\u0173 ir angliavandeni\u0173.","inLanguage":"en-US","isPartOf":{"@id":"https:\/\/kornita.lt\/en\/#website"},"breadcrumb":{"@id":"https:\/\/kornita.lt\/en\/shop\/cukraus-pakaitalai\/neutralaus-skonio-stevijos-lasai-50ml\/#breadcrumblist"},"image":{"@type":"ImageObject","url":"https:\/\/kornita.lt\/wp-content\/uploads\/2024\/02\/stevijos-lasai.JPG","@id":"https:\/\/kornita.lt\/en\/shop\/cukraus-pakaitalai\/neutralaus-skonio-stevijos-lasai-50ml\/#mainImage","width":500,"height":488},"primaryImageOfPage":{"@id":"https:\/\/kornita.lt\/en\/shop\/cukraus-pakaitalai\/neutralaus-skonio-stevijos-lasai-50ml\/#mainImage"},"datePublished":"2024-02-07T13:22:33+00:00","dateModified":"2025-11-21T07:33:03+00:00"},{"@type":"WebSite","@id":"https:\/\/kornita.lt\/en\/#website","url":"https:\/\/kornita.lt\/en\/","name":"kornita","inLanguage":"en-US","publisher":{"@id":"https:\/\/kornita.lt\/en\/#organization"}}]},"og:locale":"en_US","og:site_name":"kornita -","og:type":"article","og:title":"Neutralaus skonio stevijos la\u0161ai, 50ml - kornita","og:description":"Stevijos la\u0161ai yra nat\u016bralus cukraus pakaitalas, pagamintas i\u0161 stevijos lap\u0173 ekstrakto. Tai saldiklis, neturintis cukraus, kalorij\u0173 ir angliavandeni\u0173.","og:url":"https:\/\/kornita.lt\/en\/shop\/cukraus-pakaitalai\/neutralaus-skonio-stevijos-lasai-50ml\/","og:image":"https:\/\/kornita.webfactory.lt\/wp-content\/uploads\/2023\/04\/korni-el-prekyba.png","og:image:secure_url":"https:\/\/kornita.webfactory.lt\/wp-content\/uploads\/2023\/04\/korni-el-prekyba.png","article:published_time":"2024-02-07T13:22:33+00:00","article:modified_time":"2025-11-21T07:33:03+00:00","article:publisher":"https:\/\/www.facebook.com\/kornita.lt","twitter:card":"summary_large_image","twitter:title":"Neutralaus skonio stevijos la\u0161ai, 50ml - kornita","twitter:description":"Stevijos la\u0161ai yra nat\u016bralus cukraus pakaitalas, pagamintas i\u0161 stevijos lap\u0173 ekstrakto. Tai saldiklis, neturintis cukraus, kalorij\u0173 ir angliavandeni\u0173.","twitter:image":"http:\/\/kornita.webfactory.lt\/wp-content\/uploads\/2023\/04\/korni-el-prekyba.png"},"aioseo_meta_data":{"post_id":"16652","title":null,"description":"Stevijos la\u0161ai yra nat\u016bralus cukraus pakaitalas, pagamintas i\u0161 stevijos lap\u0173 ekstrakto. Tai saldiklis, neturintis cukraus, kalorij\u0173 ir angliavandeni\u0173.","keywords":null,"keyphrases":{"focus":{"keyphrase":"","score":0,"analysis":{"keyphraseInTitle":{"score":0,"maxScore":9,"error":1}}},"additional":[]},"primary_term":null,"canonical_url":null,"og_title":null,"og_description":null,"og_object_type":"default","og_image_type":"default","og_image_url":null,"og_image_width":null,"og_image_height":null,"og_image_custom_url":null,"og_image_custom_fields":null,"og_video":"","og_custom_url":null,"og_article_section":null,"og_article_tags":null,"twitter_use_og":false,"twitter_card":"default","twitter_image_type":"default","twitter_image_url":null,"twitter_image_custom_url":null,"twitter_image_custom_fields":null,"twitter_title":null,"twitter_description":null,"schema":{"blockGraphs":[],"customGraphs":[],"default":{"data":{"Article":[],"Course":[],"Dataset":[],"FAQPage":[],"Movie":[],"Person":[],"Product":[],"ProductReview":[],"Car":[],"Recipe":[],"Service":[],"SoftwareApplication":[],"WebPage":[]},"graphName":"ItemPage","isEnabled":true},"graphs":[]},"schema_type":"default","schema_type_options":null,"pillar_content":false,"robots_default":true,"robots_noindex":false,"robots_noarchive":false,"robots_nosnippet":false,"robots_nofollow":false,"robots_noimageindex":false,"robots_noodp":false,"robots_notranslate":false,"robots_max_snippet":"-1","robots_max_videopreview":"-1","robots_max_imagepreview":"large","priority":null,"frequency":"default","local_seo":null,"seo_analyzer_scan_date":"2025-10-09 00:43:51","breadcrumb_settings":null,"limit_modified_date":false,"open_ai":"{\"title\":{\"suggestions\":[],\"usage\":0},\"description\":{\"suggestions\":[],\"usage\":0}}","ai":null,"created":"2024-02-07 13:22:53","updated":"2025-11-26 23:34:03"},"aioseo_breadcrumb":"<div class=\"aioseo-breadcrumbs\"><span class=\"aioseo-breadcrumb\">\n\t<a href=\"https:\/\/kornita.lt\/en\/\" title=\"Home\">Home<\/a>\n<\/span><span class=\"aioseo-breadcrumb-separator\">&raquo;<\/span><span class=\"aioseo-breadcrumb\">\n\t<a href=\"https:\/\/kornita.lt\/en\/shop-2\/\" title=\"Shop\">Shop<\/a>\n<\/span><span class=\"aioseo-breadcrumb-separator\">&raquo;<\/span><span class=\"aioseo-breadcrumb\">\n\t<a href=\"https:\/\/kornita.lt\/en\/product-category\/cukraus-pakaitalai\/\" title=\"Cukraus pakaitalai\">Cukraus pakaitalai<\/a>\n<\/span><span class=\"aioseo-breadcrumb-separator\">&raquo;<\/span><span class=\"aioseo-breadcrumb\">\n\tNeutralaus skonio stevijos la\u0161ai, 50ml\n<\/span><\/div>","aioseo_breadcrumb_json":[{"label":"Home","link":"https:\/\/kornita.lt\/en\/"},{"label":"Shop","link":"https:\/\/kornita.lt\/en\/shop-2\/"},{"label":"Cukraus pakaitalai","link":"https:\/\/kornita.lt\/en\/product-category\/cukraus-pakaitalai\/"},{"label":"Neutralaus skonio stevijos la\u0161ai, 50ml","link":"https:\/\/kornita.lt\/en\/shop\/cukraus-pakaitalai\/neutralaus-skonio-stevijos-lasai-50ml\/"}],"_links":{"self":[{"href":"https:\/\/kornita.lt\/en\/wp-json\/wp\/v2\/product\/16652","targetHints":{"allow":["GET"]}}],"collection":[{"href":"https:\/\/kornita.lt\/en\/wp-json\/wp\/v2\/product"}],"about":[{"href":"https:\/\/kornita.lt\/en\/wp-json\/wp\/v2\/types\/product"}],"replies":[{"embeddable":true,"href":"https:\/\/kornita.lt\/en\/wp-json\/wp\/v2\/comments?post=16652"}],"version-history":[{"count":3,"href":"https:\/\/kornita.lt\/en\/wp-json\/wp\/v2\/product\/16652\/revisions"}],"predecessor-version":[{"id":24811,"href":"https:\/\/kornita.lt\/en\/wp-json\/wp\/v2\/product\/16652\/revisions\/24811"}],"wp:featuredmedia":[{"embeddable":true,"href":"https:\/\/kornita.lt\/en\/wp-json\/wp\/v2\/media\/24745"}],"wp:attachment":[{"href":"https:\/\/kornita.lt\/en\/wp-json\/wp\/v2\/media?parent=16652"}],"wp:term":[{"taxonomy":"product_brand","embeddable":true,"href":"https:\/\/kornita.lt\/en\/wp-json\/wp\/v2\/product_brand?post=16652"},{"taxonomy":"product_cat","embeddable":true,"href":"https:\/\/kornita.lt\/en\/wp-json\/wp\/v2\/product_cat?post=16652"},{"taxonomy":"product_tag","embeddable":true,"href":"https:\/\/kornita.lt\/en\/wp-json\/wp\/v2\/product_tag?post=16652"}],"curies":[{"name":"wp","href":"https:\/\/api.w.org\/{rel}","templated":true}]}}