{"id":16647,"date":"2024-02-07T13:22:32","date_gmt":"2024-02-07T13:22:32","guid":{"rendered":"https:\/\/kornita.webfactory.lt\/?post_type=product&#038;p=16647"},"modified":"2025-05-19T08:52:03","modified_gmt":"2025-05-19T08:52:03","slug":"maistine-soda-korni-500g","status":"publish","type":"product","link":"https:\/\/kornita.lt\/en\/shop\/akcijos\/maistine-soda-korni-500g\/","title":{"rendered":"Maistin\u0117 soda KORNI  500 g"},"content":{"rendered":"<p><strong>Sudedamosios dalys<\/strong>: maistin\u0117 soda &#8211; natrio bikarbonatas 100%<\/p>\n<hr \/>\n<p><strong>Panaudojimo b\u016bdai<\/strong>: Maistin\u0117 soda &#8220;Korni&#8221; i\u0161 Vokietijos yra \u0161velni ir pagamintame patiekale jos skonio nesijau\u010dia. Soda gali pakeisti mieles ar kepimo miltelius kepiniuose. \u012ed\u0117jus \u0161iek tiek sodos \u012f blynus, omlet\u0105 ar kotletus, jie bus pur\u016bs ir \u0161veln\u016bs. Soda pa\u0161alina nuo vaisi\u0173 ir dar\u017eovi\u0173 pesticidus, ne\u0161varumus. Su pagamintu Sodos tirpalu galima plauti indus, dezinfekuoti konservavimo stiklainius, pjaustymo lenteles.<\/p>\n","protected":false},"excerpt":{"rendered":"<p>Ruo\u0161iant maist\u0105 da\u017eniausiai soda naudojama kepant konditerinius gaminius, bet j\u0105 galima naudoti ir plaunant bei valant vaisius ir dar\u017eoves nuo ne\u0161varum\u0173 ir pesticid\u0173. Maistin\u0117 Soda &#8220;Korni&#8221; i\u0161 Vokietijos yra \u0161velni ir pagamintame patiekale jos skonio nesijau\u010dia. Su pagamintu sodos tirpalu galima plauti indus, dezinfekuoti konservavimo stiklainius, maisto pjaustymo lenteles ar \u012fvairius pavir\u0161ius.<\/p>\n","protected":false},"featured_media":23570,"comment_status":"open","ping_status":"closed","template":"","meta":[],"product_brand":[],"product_cat":[62,60],"product_tag":[],"class_list":{"0":"post-16647","1":"product","2":"type-product","3":"status-publish","4":"has-post-thumbnail","6":"product_cat-akcijos","7":"product_cat-soda","8":"product_shipping_class-pristatymas","10":"first","11":"instock","12":"sale","13":"taxable","14":"shipping-taxable","15":"purchasable","16":"product-type-simple"},"aioseo_notices":[],"aioseo_head":"\n\t\t<!-- All in One SEO Pro 4.9.5.2 - aioseo.com -->\n\t<meta name=\"description\" content=\"Ruo\u0161iant maist\u0105 da\u017eniausiai soda naudojama kepant konditerinius gaminius, bet j\u0105 galima naudoti ir plaunant bei valant vaisius ir dar\u017eoves nuo ne\u0161varum\u0173 ir pesticid\u0173. Maistin\u0117 Soda &quot;Korni&quot; i\u0161 Vokietijos yra \u0161velni ir pagamintame patiekale jos skonio nesijau\u010dia. Su pagamintu sodos tirpalu galima plauti indus, dezinfekuoti konservavimo stiklainius, maisto pjaustymo lenteles ar \u012fvairius pavir\u0161ius.\" \/>\n\t<meta name=\"robots\" content=\"max-image-preview:large\" \/>\n\t<link rel=\"canonical\" href=\"https:\/\/kornita.lt\/en\/shop\/akcijos\/maistine-soda-korni-500g\/\" \/>\n\t<meta name=\"generator\" content=\"All in One SEO Pro (AIOSEO) 4.9.5.2\" \/>\n\t\t<meta property=\"og:locale\" content=\"en_US\" \/>\n\t\t<meta property=\"og:site_name\" content=\"kornita -\" \/>\n\t\t<meta property=\"og:type\" content=\"article\" \/>\n\t\t<meta property=\"og:title\" content=\"Maistin\u0117 soda KORNI 500 g - kornita\" \/>\n\t\t<meta property=\"og:description\" content=\"Ruo\u0161iant maist\u0105 da\u017eniausiai soda naudojama kepant konditerinius gaminius, bet j\u0105 galima naudoti ir plaunant bei valant vaisius ir dar\u017eoves nuo ne\u0161varum\u0173 ir pesticid\u0173. Maistin\u0117 Soda &quot;Korni&quot; i\u0161 Vokietijos yra \u0161velni ir pagamintame patiekale jos skonio nesijau\u010dia. Su pagamintu sodos tirpalu galima plauti indus, dezinfekuoti konservavimo stiklainius, maisto pjaustymo lenteles ar \u012fvairius pavir\u0161ius.\" \/>\n\t\t<meta property=\"og:url\" content=\"https:\/\/kornita.lt\/en\/shop\/akcijos\/maistine-soda-korni-500g\/\" \/>\n\t\t<meta property=\"og:image\" content=\"https:\/\/kornita.webfactory.lt\/wp-content\/uploads\/2023\/04\/korni-el-prekyba.png\" \/>\n\t\t<meta property=\"og:image:secure_url\" content=\"https:\/\/kornita.webfactory.lt\/wp-content\/uploads\/2023\/04\/korni-el-prekyba.png\" \/>\n\t\t<meta property=\"article:published_time\" content=\"2024-02-07T13:22:32+00:00\" \/>\n\t\t<meta property=\"article:modified_time\" content=\"2025-05-19T08:52:03+00:00\" \/>\n\t\t<meta property=\"article:publisher\" content=\"https:\/\/www.facebook.com\/kornita.lt\" \/>\n\t\t<meta name=\"twitter:card\" content=\"summary_large_image\" \/>\n\t\t<meta name=\"twitter:title\" content=\"Maistin\u0117 soda KORNI 500 g - kornita\" \/>\n\t\t<meta name=\"twitter:description\" content=\"Ruo\u0161iant maist\u0105 da\u017eniausiai soda naudojama kepant konditerinius gaminius, bet j\u0105 galima naudoti ir plaunant bei valant vaisius ir dar\u017eoves nuo ne\u0161varum\u0173 ir pesticid\u0173. Maistin\u0117 Soda &quot;Korni&quot; i\u0161 Vokietijos yra \u0161velni ir pagamintame patiekale jos skonio nesijau\u010dia. Su pagamintu sodos tirpalu galima plauti indus, dezinfekuoti konservavimo stiklainius, maisto pjaustymo lenteles ar \u012fvairius pavir\u0161ius.\" \/>\n\t\t<meta name=\"twitter:image\" content=\"http:\/\/kornita.webfactory.lt\/wp-content\/uploads\/2023\/04\/korni-el-prekyba.png\" \/>\n\t\t<script type=\"application\/ld+json\" class=\"aioseo-schema\">\n\t\t\t{\"@context\":\"https:\\\/\\\/schema.org\",\"@graph\":[{\"@type\":\"BreadcrumbList\",\"@id\":\"https:\\\/\\\/kornita.lt\\\/en\\\/shop\\\/akcijos\\\/maistine-soda-korni-500g\\\/#breadcrumblist\",\"itemListElement\":[{\"@type\":\"ListItem\",\"@id\":\"https:\\\/\\\/kornita.lt\\\/en\\\/#listItem\",\"position\":1,\"name\":\"Home\",\"item\":\"https:\\\/\\\/kornita.lt\\\/en\\\/\",\"nextItem\":{\"@type\":\"ListItem\",\"@id\":\"https:\\\/\\\/kornita.lt\\\/en\\\/shop-2\\\/#listItem\",\"name\":\"Shop\"}},{\"@type\":\"ListItem\",\"@id\":\"https:\\\/\\\/kornita.lt\\\/en\\\/shop-2\\\/#listItem\",\"position\":2,\"name\":\"Shop\",\"item\":\"https:\\\/\\\/kornita.lt\\\/en\\\/shop-2\\\/\",\"nextItem\":{\"@type\":\"ListItem\",\"@id\":\"https:\\\/\\\/kornita.lt\\\/en\\\/product-category\\\/soda\\\/#listItem\",\"name\":\"Soda\"},\"previousItem\":{\"@type\":\"ListItem\",\"@id\":\"https:\\\/\\\/kornita.lt\\\/en\\\/#listItem\",\"name\":\"Home\"}},{\"@type\":\"ListItem\",\"@id\":\"https:\\\/\\\/kornita.lt\\\/en\\\/product-category\\\/soda\\\/#listItem\",\"position\":3,\"name\":\"Soda\",\"item\":\"https:\\\/\\\/kornita.lt\\\/en\\\/product-category\\\/soda\\\/\",\"nextItem\":{\"@type\":\"ListItem\",\"@id\":\"https:\\\/\\\/kornita.lt\\\/en\\\/shop\\\/akcijos\\\/maistine-soda-korni-500g\\\/#listItem\",\"name\":\"Maistin\\u0117 soda KORNI  500 g\"},\"previousItem\":{\"@type\":\"ListItem\",\"@id\":\"https:\\\/\\\/kornita.lt\\\/en\\\/shop-2\\\/#listItem\",\"name\":\"Shop\"}},{\"@type\":\"ListItem\",\"@id\":\"https:\\\/\\\/kornita.lt\\\/en\\\/shop\\\/akcijos\\\/maistine-soda-korni-500g\\\/#listItem\",\"position\":4,\"name\":\"Maistin\\u0117 soda KORNI  500 g\",\"previousItem\":{\"@type\":\"ListItem\",\"@id\":\"https:\\\/\\\/kornita.lt\\\/en\\\/product-category\\\/soda\\\/#listItem\",\"name\":\"Soda\"}}]},{\"@type\":\"Organization\",\"@id\":\"https:\\\/\\\/kornita.lt\\\/en\\\/#organization\",\"name\":\"kornita\",\"url\":\"https:\\\/\\\/kornita.lt\\\/en\\\/\",\"telephone\":\"+37068581463\",\"logo\":{\"@type\":\"ImageObject\",\"url\":\"http:\\\/\\\/kornita.webfactory.lt\\\/wp-content\\\/uploads\\\/2023\\\/04\\\/korni-el-prekyba.png\",\"@id\":\"https:\\\/\\\/kornita.lt\\\/en\\\/shop\\\/akcijos\\\/maistine-soda-korni-500g\\\/#organizationLogo\"},\"image\":{\"@id\":\"https:\\\/\\\/kornita.lt\\\/en\\\/shop\\\/akcijos\\\/maistine-soda-korni-500g\\\/#organizationLogo\"},\"sameAs\":[\"https:\\\/\\\/www.facebook.com\\\/kornita.lt\"]},{\"@type\":\"Product\",\"@id\":\"https:\\\/\\\/kornita.lt\\\/en\\\/shop\\\/akcijos\\\/maistine-soda-korni-500g\\\/#wooCommerceProduct\",\"name\":\"Maistin\\u0117 soda KORNI  500 g\",\"description\":\"Ruo\\u0161iant maist\\u0105 da\\u017eniausiai soda naudojama kepant konditerinius gaminius, bet j\\u0105 galima naudoti ir plaunant bei valant vaisius ir dar\\u017eoves nuo ne\\u0161varum\\u0173 ir pesticid\\u0173. Maistin\\u0117 Soda \\\"Korni\\\" i\\u0161 Vokietijos yra \\u0161velni ir pagamintame patiekale jos skonio nesijau\\u010dia. Su pagamintu sodos tirpalu galima plauti indus, dezinfekuoti konservavimo stiklainius, maisto pjaustymo lenteles ar \\u012fvairius pavir\\u0161ius.\",\"url\":\"https:\\\/\\\/kornita.lt\\\/en\\\/shop\\\/akcijos\\\/maistine-soda-korni-500g\\\/\",\"sku\":\"4779043780106\",\"image\":{\"@type\":\"ImageObject\",\"url\":\"https:\\\/\\\/kornita.lt\\\/wp-content\\\/uploads\\\/2024\\\/02\\\/Soda-500g-4771506000585-1.jpg\",\"@id\":\"https:\\\/\\\/kornita.lt\\\/en\\\/shop\\\/akcijos\\\/maistine-soda-korni-500g\\\/#productImage\",\"width\":1500,\"height\":1500},\"offers\":{\"@type\":\"Offer\",\"url\":\"https:\\\/\\\/kornita.lt\\\/en\\\/shop\\\/akcijos\\\/maistine-soda-korni-500g\\\/#wooCommerceOffer\",\"price\":1.59,\"priceCurrency\":\"EUR\",\"category\":\"AKCIJOS\",\"availability\":\"https:\\\/\\\/schema.org\\\/InStock\",\"priceSpecification\":{\"@type\":\"PriceSpecification\",\"price\":1.59,\"priceCurrency\":\"EUR\",\"valueAddedTaxIncluded\":\"true\"},\"seller\":{\"@type\":\"Organization\",\"@id\":\"https:\\\/\\\/kornita.lt\\\/en\\\/#organization\"}}},{\"@type\":\"WebPage\",\"@id\":\"https:\\\/\\\/kornita.lt\\\/en\\\/shop\\\/akcijos\\\/maistine-soda-korni-500g\\\/#webpage\",\"url\":\"https:\\\/\\\/kornita.lt\\\/en\\\/shop\\\/akcijos\\\/maistine-soda-korni-500g\\\/\",\"name\":\"Maistin\\u0117 soda KORNI 500 g - kornita\",\"description\":\"Ruo\\u0161iant maist\\u0105 da\\u017eniausiai soda naudojama kepant konditerinius gaminius, bet j\\u0105 galima naudoti ir plaunant bei valant vaisius ir dar\\u017eoves nuo ne\\u0161varum\\u0173 ir pesticid\\u0173. Maistin\\u0117 Soda \\\"Korni\\\" i\\u0161 Vokietijos yra \\u0161velni ir pagamintame patiekale jos skonio nesijau\\u010dia. Su pagamintu sodos tirpalu galima plauti indus, dezinfekuoti konservavimo stiklainius, maisto pjaustymo lenteles ar \\u012fvairius pavir\\u0161ius.\",\"inLanguage\":\"en-US\",\"isPartOf\":{\"@id\":\"https:\\\/\\\/kornita.lt\\\/en\\\/#website\"},\"breadcrumb\":{\"@id\":\"https:\\\/\\\/kornita.lt\\\/en\\\/shop\\\/akcijos\\\/maistine-soda-korni-500g\\\/#breadcrumblist\"},\"image\":{\"@type\":\"ImageObject\",\"url\":\"https:\\\/\\\/kornita.lt\\\/wp-content\\\/uploads\\\/2024\\\/02\\\/Soda-500g-4771506000585-1.jpg\",\"@id\":\"https:\\\/\\\/kornita.lt\\\/en\\\/shop\\\/akcijos\\\/maistine-soda-korni-500g\\\/#mainImage\",\"width\":1500,\"height\":1500},\"primaryImageOfPage\":{\"@id\":\"https:\\\/\\\/kornita.lt\\\/en\\\/shop\\\/akcijos\\\/maistine-soda-korni-500g\\\/#mainImage\"},\"datePublished\":\"2024-02-07T13:22:32+00:00\",\"dateModified\":\"2025-05-19T08:52:03+00:00\"},{\"@type\":\"WebSite\",\"@id\":\"https:\\\/\\\/kornita.lt\\\/en\\\/#website\",\"url\":\"https:\\\/\\\/kornita.lt\\\/en\\\/\",\"name\":\"kornita\",\"inLanguage\":\"en-US\",\"publisher\":{\"@id\":\"https:\\\/\\\/kornita.lt\\\/en\\\/#organization\"}}]}\n\t\t<\/script>\n\t\t<!-- All in One SEO Pro -->\r\n\t\t<title>Maistin\u0117 soda KORNI 500 g - kornita<\/title>\n\n","aioseo_head_json":{"title":"Maistin\u0117 soda KORNI 500 g - kornita","description":"Ruo\u0161iant maist\u0105 da\u017eniausiai soda naudojama kepant konditerinius gaminius, bet j\u0105 galima naudoti ir plaunant bei valant vaisius ir dar\u017eoves nuo ne\u0161varum\u0173 ir pesticid\u0173. Maistin\u0117 Soda \"Korni\" i\u0161 Vokietijos yra \u0161velni ir pagamintame patiekale jos skonio nesijau\u010dia. Su pagamintu sodos tirpalu galima plauti indus, dezinfekuoti konservavimo stiklainius, maisto pjaustymo lenteles ar \u012fvairius pavir\u0161ius.","canonical_url":"https:\/\/kornita.lt\/en\/shop\/akcijos\/maistine-soda-korni-500g\/","robots":"max-image-preview:large","keywords":"","webmasterTools":{"miscellaneous":""},"schema":{"@context":"https:\/\/schema.org","@graph":[{"@type":"BreadcrumbList","@id":"https:\/\/kornita.lt\/en\/shop\/akcijos\/maistine-soda-korni-500g\/#breadcrumblist","itemListElement":[{"@type":"ListItem","@id":"https:\/\/kornita.lt\/en\/#listItem","position":1,"name":"Home","item":"https:\/\/kornita.lt\/en\/","nextItem":{"@type":"ListItem","@id":"https:\/\/kornita.lt\/en\/shop-2\/#listItem","name":"Shop"}},{"@type":"ListItem","@id":"https:\/\/kornita.lt\/en\/shop-2\/#listItem","position":2,"name":"Shop","item":"https:\/\/kornita.lt\/en\/shop-2\/","nextItem":{"@type":"ListItem","@id":"https:\/\/kornita.lt\/en\/product-category\/soda\/#listItem","name":"Soda"},"previousItem":{"@type":"ListItem","@id":"https:\/\/kornita.lt\/en\/#listItem","name":"Home"}},{"@type":"ListItem","@id":"https:\/\/kornita.lt\/en\/product-category\/soda\/#listItem","position":3,"name":"Soda","item":"https:\/\/kornita.lt\/en\/product-category\/soda\/","nextItem":{"@type":"ListItem","@id":"https:\/\/kornita.lt\/en\/shop\/akcijos\/maistine-soda-korni-500g\/#listItem","name":"Maistin\u0117 soda KORNI  500 g"},"previousItem":{"@type":"ListItem","@id":"https:\/\/kornita.lt\/en\/shop-2\/#listItem","name":"Shop"}},{"@type":"ListItem","@id":"https:\/\/kornita.lt\/en\/shop\/akcijos\/maistine-soda-korni-500g\/#listItem","position":4,"name":"Maistin\u0117 soda KORNI  500 g","previousItem":{"@type":"ListItem","@id":"https:\/\/kornita.lt\/en\/product-category\/soda\/#listItem","name":"Soda"}}]},{"@type":"Organization","@id":"https:\/\/kornita.lt\/en\/#organization","name":"kornita","url":"https:\/\/kornita.lt\/en\/","telephone":"+37068581463","logo":{"@type":"ImageObject","url":"http:\/\/kornita.webfactory.lt\/wp-content\/uploads\/2023\/04\/korni-el-prekyba.png","@id":"https:\/\/kornita.lt\/en\/shop\/akcijos\/maistine-soda-korni-500g\/#organizationLogo"},"image":{"@id":"https:\/\/kornita.lt\/en\/shop\/akcijos\/maistine-soda-korni-500g\/#organizationLogo"},"sameAs":["https:\/\/www.facebook.com\/kornita.lt"]},{"@type":"Product","@id":"https:\/\/kornita.lt\/en\/shop\/akcijos\/maistine-soda-korni-500g\/#wooCommerceProduct","name":"Maistin\u0117 soda KORNI  500 g","description":"Ruo\u0161iant maist\u0105 da\u017eniausiai soda naudojama kepant konditerinius gaminius, bet j\u0105 galima naudoti ir plaunant bei valant vaisius ir dar\u017eoves nuo ne\u0161varum\u0173 ir pesticid\u0173. Maistin\u0117 Soda \"Korni\" i\u0161 Vokietijos yra \u0161velni ir pagamintame patiekale jos skonio nesijau\u010dia. Su pagamintu sodos tirpalu galima plauti indus, dezinfekuoti konservavimo stiklainius, maisto pjaustymo lenteles ar \u012fvairius pavir\u0161ius.","url":"https:\/\/kornita.lt\/en\/shop\/akcijos\/maistine-soda-korni-500g\/","sku":"4779043780106","image":{"@type":"ImageObject","url":"https:\/\/kornita.lt\/wp-content\/uploads\/2024\/02\/Soda-500g-4771506000585-1.jpg","@id":"https:\/\/kornita.lt\/en\/shop\/akcijos\/maistine-soda-korni-500g\/#productImage","width":1500,"height":1500},"offers":{"@type":"Offer","url":"https:\/\/kornita.lt\/en\/shop\/akcijos\/maistine-soda-korni-500g\/#wooCommerceOffer","price":1.59,"priceCurrency":"EUR","category":"AKCIJOS","availability":"https:\/\/schema.org\/InStock","priceSpecification":{"@type":"PriceSpecification","price":1.59,"priceCurrency":"EUR","valueAddedTaxIncluded":"true"},"seller":{"@type":"Organization","@id":"https:\/\/kornita.lt\/en\/#organization"}}},{"@type":"WebPage","@id":"https:\/\/kornita.lt\/en\/shop\/akcijos\/maistine-soda-korni-500g\/#webpage","url":"https:\/\/kornita.lt\/en\/shop\/akcijos\/maistine-soda-korni-500g\/","name":"Maistin\u0117 soda KORNI 500 g - kornita","description":"Ruo\u0161iant maist\u0105 da\u017eniausiai soda naudojama kepant konditerinius gaminius, bet j\u0105 galima naudoti ir plaunant bei valant vaisius ir dar\u017eoves nuo ne\u0161varum\u0173 ir pesticid\u0173. Maistin\u0117 Soda \"Korni\" i\u0161 Vokietijos yra \u0161velni ir pagamintame patiekale jos skonio nesijau\u010dia. Su pagamintu sodos tirpalu galima plauti indus, dezinfekuoti konservavimo stiklainius, maisto pjaustymo lenteles ar \u012fvairius pavir\u0161ius.","inLanguage":"en-US","isPartOf":{"@id":"https:\/\/kornita.lt\/en\/#website"},"breadcrumb":{"@id":"https:\/\/kornita.lt\/en\/shop\/akcijos\/maistine-soda-korni-500g\/#breadcrumblist"},"image":{"@type":"ImageObject","url":"https:\/\/kornita.lt\/wp-content\/uploads\/2024\/02\/Soda-500g-4771506000585-1.jpg","@id":"https:\/\/kornita.lt\/en\/shop\/akcijos\/maistine-soda-korni-500g\/#mainImage","width":1500,"height":1500},"primaryImageOfPage":{"@id":"https:\/\/kornita.lt\/en\/shop\/akcijos\/maistine-soda-korni-500g\/#mainImage"},"datePublished":"2024-02-07T13:22:32+00:00","dateModified":"2025-05-19T08:52:03+00:00"},{"@type":"WebSite","@id":"https:\/\/kornita.lt\/en\/#website","url":"https:\/\/kornita.lt\/en\/","name":"kornita","inLanguage":"en-US","publisher":{"@id":"https:\/\/kornita.lt\/en\/#organization"}}]},"og:locale":"en_US","og:site_name":"kornita -","og:type":"article","og:title":"Maistin\u0117 soda KORNI 500 g - kornita","og:description":"Ruo\u0161iant maist\u0105 da\u017eniausiai soda naudojama kepant konditerinius gaminius, bet j\u0105 galima naudoti ir plaunant bei valant vaisius ir dar\u017eoves nuo ne\u0161varum\u0173 ir pesticid\u0173. Maistin\u0117 Soda &quot;Korni&quot; i\u0161 Vokietijos yra \u0161velni ir pagamintame patiekale jos skonio nesijau\u010dia. Su pagamintu sodos tirpalu galima plauti indus, dezinfekuoti konservavimo stiklainius, maisto pjaustymo lenteles ar \u012fvairius pavir\u0161ius.","og:url":"https:\/\/kornita.lt\/en\/shop\/akcijos\/maistine-soda-korni-500g\/","og:image":"https:\/\/kornita.webfactory.lt\/wp-content\/uploads\/2023\/04\/korni-el-prekyba.png","og:image:secure_url":"https:\/\/kornita.webfactory.lt\/wp-content\/uploads\/2023\/04\/korni-el-prekyba.png","article:published_time":"2024-02-07T13:22:32+00:00","article:modified_time":"2025-05-19T08:52:03+00:00","article:publisher":"https:\/\/www.facebook.com\/kornita.lt","twitter:card":"summary_large_image","twitter:title":"Maistin\u0117 soda KORNI 500 g - kornita","twitter:description":"Ruo\u0161iant maist\u0105 da\u017eniausiai soda naudojama kepant konditerinius gaminius, bet j\u0105 galima naudoti ir plaunant bei valant vaisius ir dar\u017eoves nuo ne\u0161varum\u0173 ir pesticid\u0173. Maistin\u0117 Soda &quot;Korni&quot; i\u0161 Vokietijos yra \u0161velni ir pagamintame patiekale jos skonio nesijau\u010dia. Su pagamintu sodos tirpalu galima plauti indus, dezinfekuoti konservavimo stiklainius, maisto pjaustymo lenteles ar \u012fvairius pavir\u0161ius.","twitter:image":"http:\/\/kornita.webfactory.lt\/wp-content\/uploads\/2023\/04\/korni-el-prekyba.png"},"aioseo_meta_data":{"post_id":"16647","title":null,"description":null,"keywords":null,"keyphrases":{"focus":{"keyphrase":"","score":0,"analysis":{"keyphraseInTitle":{"score":0,"maxScore":9,"error":1}}},"additional":[]},"primary_term":null,"canonical_url":null,"og_title":null,"og_description":null,"og_object_type":"default","og_image_type":"default","og_image_url":null,"og_image_width":null,"og_image_height":null,"og_image_custom_url":null,"og_image_custom_fields":null,"og_video":"","og_custom_url":null,"og_article_section":null,"og_article_tags":null,"twitter_use_og":false,"twitter_card":"default","twitter_image_type":"default","twitter_image_url":null,"twitter_image_custom_url":null,"twitter_image_custom_fields":null,"twitter_title":null,"twitter_description":null,"schema":{"blockGraphs":[],"customGraphs":[],"default":{"data":{"Article":[],"Course":[],"Dataset":[],"FAQPage":[],"Movie":[],"Person":[],"Product":[],"ProductReview":[],"Car":[],"Recipe":[],"Service":[],"SoftwareApplication":[],"WebPage":[]},"graphName":"ItemPage","isEnabled":true},"graphs":[]},"schema_type":"default","schema_type_options":null,"pillar_content":false,"robots_default":true,"robots_noindex":false,"robots_noarchive":false,"robots_nosnippet":false,"robots_nofollow":false,"robots_noimageindex":false,"robots_noodp":false,"robots_notranslate":false,"robots_max_snippet":"-1","robots_max_videopreview":"-1","robots_max_imagepreview":"large","priority":null,"frequency":"default","local_seo":null,"seo_analyzer_scan_date":"2025-10-09 00:43:48","breadcrumb_settings":null,"limit_modified_date":false,"open_ai":"{\"title\":{\"suggestions\":[],\"usage\":0},\"description\":{\"suggestions\":[],\"usage\":0}}","ai":null,"created":"2024-02-07 13:22:52","updated":"2025-11-26 23:34:03"},"aioseo_breadcrumb":"<div class=\"aioseo-breadcrumbs\"><span class=\"aioseo-breadcrumb\">\n\t<a href=\"https:\/\/kornita.lt\/en\/\" title=\"Home\">Home<\/a>\n<\/span><span class=\"aioseo-breadcrumb-separator\">&raquo;<\/span><span class=\"aioseo-breadcrumb\">\n\t<a href=\"https:\/\/kornita.lt\/en\/shop-2\/\" title=\"Shop\">Shop<\/a>\n<\/span><span class=\"aioseo-breadcrumb-separator\">&raquo;<\/span><span class=\"aioseo-breadcrumb\">\n\t<a href=\"https:\/\/kornita.lt\/en\/product-category\/soda\/\" title=\"Soda\">Soda<\/a>\n<\/span><span class=\"aioseo-breadcrumb-separator\">&raquo;<\/span><span class=\"aioseo-breadcrumb\">\n\tMaistin\u0117 soda KORNI  500 g\n<\/span><\/div>","aioseo_breadcrumb_json":[{"label":"Home","link":"https:\/\/kornita.lt\/en\/"},{"label":"Shop","link":"https:\/\/kornita.lt\/en\/shop-2\/"},{"label":"Soda","link":"https:\/\/kornita.lt\/en\/product-category\/soda\/"},{"label":"Maistin\u0117 soda KORNI  500 g","link":"https:\/\/kornita.lt\/en\/shop\/akcijos\/maistine-soda-korni-500g\/"}],"_links":{"self":[{"href":"https:\/\/kornita.lt\/en\/wp-json\/wp\/v2\/product\/16647","targetHints":{"allow":["GET"]}}],"collection":[{"href":"https:\/\/kornita.lt\/en\/wp-json\/wp\/v2\/product"}],"about":[{"href":"https:\/\/kornita.lt\/en\/wp-json\/wp\/v2\/types\/product"}],"replies":[{"embeddable":true,"href":"https:\/\/kornita.lt\/en\/wp-json\/wp\/v2\/comments?post=16647"}],"version-history":[{"count":1,"href":"https:\/\/kornita.lt\/en\/wp-json\/wp\/v2\/product\/16647\/revisions"}],"predecessor-version":[{"id":24788,"href":"https:\/\/kornita.lt\/en\/wp-json\/wp\/v2\/product\/16647\/revisions\/24788"}],"wp:featuredmedia":[{"embeddable":true,"href":"https:\/\/kornita.lt\/en\/wp-json\/wp\/v2\/media\/23570"}],"wp:attachment":[{"href":"https:\/\/kornita.lt\/en\/wp-json\/wp\/v2\/media?parent=16647"}],"wp:term":[{"taxonomy":"product_brand","embeddable":true,"href":"https:\/\/kornita.lt\/en\/wp-json\/wp\/v2\/product_brand?post=16647"},{"taxonomy":"product_cat","embeddable":true,"href":"https:\/\/kornita.lt\/en\/wp-json\/wp\/v2\/product_cat?post=16647"},{"taxonomy":"product_tag","embeddable":true,"href":"https:\/\/kornita.lt\/en\/wp-json\/wp\/v2\/product_tag?post=16647"}],"curies":[{"name":"wp","href":"https:\/\/api.w.org\/{rel}","templated":true}]}}